{"id":25990,"date":"2020-11-02T02:24:35","date_gmt":"2020-11-26T21:15:38","guid":{"rendered":"https:\/\/landioustravel.com\/?post_type=product&#038;p=25990"},"modified":"2026-01-27T19:13:59","modified_gmt":"2026-01-27T17:13:59","slug":"wycieczka-piramidy-muzeum-egipskie-kair","status":"publish","type":"product","link":"https:\/\/landioustravel.com\/pl\/shop\/wycieczka-piramidy-muzeum-egipskie-kair\/","title":{"rendered":"Wycieczka do piramid i Muzeum Egipskiego w Kairze"},"content":{"rendered":"<p>Cudowna wycieczka do piramid i muzeum egipskiego w Kairze! Wycieczk\u0119 polecamy ze wzgl\u0119du na to, \u017ce pozwala turystom zobaczy\u0107 najbardziej imponuj\u0105ce zabytki zbudowane w czasach staro\u017cytnego Egiptu oraz pozna\u0107 histori\u0119 tego kraju.<\/p>\n<h2>G\u0142\u00f3wne punkty programu wycieczek w Kairze<\/h2>\n<ul>\n<li>Wizyta w Muzeum Egipskim w Kairze<\/li>\n<li>Lunch<\/li>\n<li>Odwied\u017a trzy piramidy w Gizie<\/li>\n<li>Odwied\u017a tak\u017ce Wielkiego Sfinksa w kompleksie piramid<\/li>\n<\/ul>\n<h3>Program wycieczki do piramid i Muzeum Egipskiego w Kairze<\/h3>\n<ul>\n<li>Przedstawiciel Landious Travel odbiera Pa\u0144stwa z hotelu w Kairze oko\u0142o godziny 08:00<\/li>\n<li>Po zabraniu wszystkich ch\u0119tnych minibus kieruje si\u0119 do kompleksu piramid w Gizie<\/li>\n<li>Warto zauwa\u017cy\u0107, \u017ce wycieczka do piramid i Muzeum Egipskiego prowadzi do dw\u00f3ch r\u00f3\u017cnych miast &#8211; Kairu i Gizy<\/li>\n<\/ul>\n<h4>Program w Kairze<\/h4>\n<ul>\n<li>Zaraz po przyje\u017adzie do Kairu pokazujemy Muzeum Egipskie. Tw\u00f3j przewodnik b\u0119dzie mia\u0142 za zadanie pokaza\u0107 wszystkie te \u015bwi\u0105tynie i da\u0107 wolny czas na robienie zdj\u0119\u0107<\/li>\n<li>Po wizycie w Muzeum Egipskim w Kairze rozpoczynasz rejs statkiem po Nilu. To dodatkowy program i mo\u017cna go zam\u00f3wi\u0107 z wyprzedzeniem za naszym po\u015brednictwem! Gdy tylko rejs statkiem po Nilu dobiegnie ko\u0144ca, udasz si\u0119 do innego miasta &#8211; Gizy<\/li>\n<\/ul>\n<h4>Program w Gizie<\/h4>\n<ul>\n<li>Trasa trwa nadal w Gizie. Pierwszy przystanek b\u0119dzie w restauracji. Oferuje bufet<\/li>\n<li>Nast\u0119pnie grupa udaje si\u0119 do kompleksu piramid, gdzie znajduj\u0105 si\u0119 wielkie trzy piramidy i Sfinks. B\u0119dziesz cieszy\u0107 si\u0119 wycieczk\u0105 po piramidzie Cheopsa, Chephrena i Mykerinusa. Ponadto odwiedzisz Valley Temple i Sfinksa.<\/li>\n<li>Nasz autobus odje\u017cd\u017ca po takim programie w cudownych miastach Kairu i Gizie.<\/li>\n<li>Ta \u201ewycieczka do piramid i muzeum egipskiego w Kairze\u201d ko\u0144czy si\u0119 oko\u0142o godziny 22:00<\/li>\n<\/ul>\n<h4>Co jest wliczone w cen\u0119 wycieczki<\/h4>\n<ul>\n<li>Bilety na zwiedzanie \u015bwi\u0105ty\u0144<\/li>\n<li>Lunch<\/li>\n<li>Przewodnik<\/li>\n<li>R\u00f3wnie\u017c transfer do wszystkich miejsc docelowych iz powrotem do hotelu<\/li>\n<\/ul>\n<h5>Co nie jest wliczone w cen\u0119 wycieczki<\/h5>\n<ul>\n<li>Dodatkowe programy wycieczek, je\u015bli nie zosta\u0142y uwzgl\u0119dnione w powy\u017cszym programie<\/li>\n<li>R\u00f3wnie\u017c napoje w restauracji<\/li>\n<\/ul>\n<h6>Co zabra\u0107 ze sob\u0105 na wycieczk\u0119 do Kairu &#8211; Gizy<\/h6>\n<ul>\n<li>Dodatkowa got\u00f3wka<\/li>\n<li>R\u00f3wnie\u017c ubrania na sezon<\/li>\n<\/ul>\n<h6>Dni organizacji wycieczek<\/h6>\n<ul>\n<li>Codziennie w godzinach 08: 00-15: 00<\/li>\n<\/ul>\n","protected":false},"excerpt":{"rendered":"<p>Do\u015bwiadcz cud\u00f3w staro\u017cytnego Egiptu podczas jednodniowej wycieczki do piramid i Muzeum Egipskiego w Kairze. Zobacz Wielkie Piramidy w Gizie, w tym Cheopsa, Chefrena i Mykerinos, a tak\u017ce legendarnego Sfinksa. Po obiedzie odwied\u017a Muzeum Egipskie, kt\u00f3re szczyci si\u0119 niesamowit\u0105 kolekcj\u0105 150 000 przedmiot\u00f3w rozmieszczonych w 100 salach wystawowych. Zako\u0144cz wycieczk\u0119 wycieczk\u0105 na zakupy na bazar Khan Khalili. Odkryj to, co najlepsze w Kairze i Gizie z prywatnym przewodnikiem i pojazdem, zapewniaj\u0105c spersonalizowane wra\u017cenia. Zobacz kultowe zabytki p\u0142askowy\u017cu Gizy, w tym Dolinn\u0105 \u015awi\u0105tyni\u0119, i zjedz egipski lunch przed wizyt\u0105 na placu Tahrir, miejscu Arabskiej Wiosny. Przegl\u0105daj pami\u0105tki i przyprawy na t\u0119tni\u0105cym \u017cyciem bazarze Khan Khalili. Zobacz staro\u017cytne skarby faraon\u00f3w w wiod\u0105cym muzeum w kraju. Nie przegap tej okazji, aby odkry\u0107 bogat\u0105 histori\u0119 i wsp\u00f3\u0142czesne \u017cycie Kairu.<\/p>\n","protected":false},"featured_media":128329,"comment_status":"open","ping_status":"closed","template":"","meta":{"_coblocks_attr":"","_coblocks_dimensions":"","_coblocks_responsive_height":"","_coblocks_accordion_ie_support":"","_uag_custom_page_level_css":"","jetpack_publicize_message":"","jetpack_publicize_feature_enabled":true,"jetpack_social_post_already_shared":true,"jetpack_social_options":{"image_generator_settings":{"template":"highway","default_image_id":0,"font":"","enabled":false},"version":2},"_wpas_customize_per_network":false},"product_brand":[],"product_cat":[9853],"product_tag":[1964,1965,1966,1961,9909],"class_list":{"0":"post-25990","1":"product","2":"type-product","3":"status-publish","4":"has-post-thumbnail","6":"product_cat-wycieczki-kair","7":"product_tag-kair","8":"product_tag-piramidy","9":"product_tag-sfinks","10":"product_tag-wycieczka","11":"product_tag-zwiedzanie","13":"first","14":"instock","15":"sale","16":"taxable","17":"shipping-taxable","18":"purchasable","19":"product-type-variable"},"yoast_head":"<!-- This site is optimized with the Yoast SEO Premium plugin v27.5 (Yoast SEO v27.5) - https:\/\/yoast.com\/product\/yoast-seo-premium-wordpress\/ -->\n<title>Wycieczka do piramid i Muzeum Egipskiego w Kairze<\/title>\n<meta name=\"description\" content=\"Wycieczka do piramid i Muzeum Egipskiego w Kairze zwiedzanie trzech wielkich piramid w Gizie i Wielkiego Sfinksa. Potem zjemy lunch. Po obiedzie odwiedzasz\" \/>\n<meta name=\"robots\" content=\"index, follow, max-snippet:-1, max-image-preview:large, max-video-preview:-1\" \/>\n<link rel=\"canonical\" href=\"https:\/\/landioustravel.com\/pl\/shop\/wycieczka-piramidy-muzeum-egipskie-kair\/\" \/>\n<meta property=\"og:locale\" content=\"pl_PL\" \/>\n<meta property=\"og:type\" content=\"article\" \/>\n<meta property=\"og:title\" content=\"Wycieczka do piramid i Muzeum Egipskiego w Kairze\" \/>\n<meta property=\"og:description\" content=\"Landious Travel\" \/>\n<meta property=\"og:url\" content=\"https:\/\/landioustravel.com\/pl\/shop\/wycieczka-piramidy-muzeum-egipskie-kair\/\" \/>\n<meta property=\"og:site_name\" content=\"Landious Travel\" \/>\n<meta property=\"article:publisher\" content=\"https:\/\/web.facebook.com\/landiousEgypt\" \/>\n<meta property=\"article:modified_time\" content=\"2026-01-27T17:13:59+00:00\" \/>\n<meta property=\"og:image\" content=\"https:\/\/i0.wp.com\/landioustravel.com\/wp-content\/uploads\/2020\/11\/Egyptian-Museum-Pyramids-Trip-Cairo-e1668807624676.jpeg?fit=1200%2C675&ssl=1\" \/>\n\t<meta property=\"og:image:width\" content=\"1200\" \/>\n\t<meta property=\"og:image:height\" content=\"675\" \/>\n\t<meta property=\"og:image:type\" content=\"image\/jpeg\" \/>\n<meta name=\"twitter:card\" content=\"summary_large_image\" \/>\n<meta name=\"twitter:site\" content=\"@LandiousTours\" \/>\n<meta name=\"twitter:label1\" content=\"Szacowany czas czytania\" \/>\n\t<meta name=\"twitter:data1\" content=\"2 minuty\" \/>\n<script type=\"application\/ld+json\" class=\"yoast-schema-graph\">{\"@context\":\"https:\\\/\\\/schema.org\",\"@graph\":[{\"@type\":\"WebPage\",\"@id\":\"https:\\\/\\\/landioustravel.com\\\/pl\\\/shop\\\/wycieczka-piramidy-muzeum-egipskie-kair\\\/\",\"url\":\"https:\\\/\\\/landioustravel.com\\\/pl\\\/shop\\\/wycieczka-piramidy-muzeum-egipskie-kair\\\/\",\"name\":\"Wycieczka do piramid i Muzeum Egipskiego w Kairze\",\"isPartOf\":{\"@id\":\"https:\\\/\\\/landioustravel.com\\\/pl\\\/#website\"},\"primaryImageOfPage\":{\"@id\":\"https:\\\/\\\/landioustravel.com\\\/pl\\\/shop\\\/wycieczka-piramidy-muzeum-egipskie-kair\\\/#primaryimage\"},\"image\":{\"@id\":\"https:\\\/\\\/landioustravel.com\\\/pl\\\/shop\\\/wycieczka-piramidy-muzeum-egipskie-kair\\\/#primaryimage\"},\"thumbnailUrl\":\"https:\\\/\\\/i0.wp.com\\\/landioustravel.com\\\/wp-content\\\/uploads\\\/2020\\\/11\\\/Egyptian-Museum-Pyramids-Trip-Cairo-e1668807624676.jpeg?fit=1200%2C675&ssl=1\",\"datePublished\":\"2020-11-26T21:15:38+00:00\",\"dateModified\":\"2026-01-27T17:13:59+00:00\",\"description\":\"Wycieczka do piramid i Muzeum Egipskiego w Kairze zwiedzanie trzech wielkich piramid w Gizie i Wielkiego Sfinksa. Potem zjemy lunch. Po obiedzie odwiedzasz\",\"breadcrumb\":{\"@id\":\"https:\\\/\\\/landioustravel.com\\\/pl\\\/shop\\\/wycieczka-piramidy-muzeum-egipskie-kair\\\/#breadcrumb\"},\"inLanguage\":\"pl-PL\",\"potentialAction\":[{\"@type\":\"ReadAction\",\"target\":[\"https:\\\/\\\/landioustravel.com\\\/pl\\\/shop\\\/wycieczka-piramidy-muzeum-egipskie-kair\\\/\"]}]},{\"@type\":\"ImageObject\",\"inLanguage\":\"pl-PL\",\"@id\":\"https:\\\/\\\/landioustravel.com\\\/pl\\\/shop\\\/wycieczka-piramidy-muzeum-egipskie-kair\\\/#primaryimage\",\"url\":\"https:\\\/\\\/i0.wp.com\\\/landioustravel.com\\\/wp-content\\\/uploads\\\/2020\\\/11\\\/Egyptian-Museum-Pyramids-Trip-Cairo-e1668807624676.jpeg?fit=1200%2C675&ssl=1\",\"contentUrl\":\"https:\\\/\\\/i0.wp.com\\\/landioustravel.com\\\/wp-content\\\/uploads\\\/2020\\\/11\\\/Egyptian-Museum-Pyramids-Trip-Cairo-e1668807624676.jpeg?fit=1200%2C675&ssl=1\",\"width\":1200,\"height\":675,\"caption\":\"Egyptian Museum Pyramids Trip Cairo\"},{\"@type\":\"BreadcrumbList\",\"@id\":\"https:\\\/\\\/landioustravel.com\\\/pl\\\/shop\\\/wycieczka-piramidy-muzeum-egipskie-kair\\\/#breadcrumb\",\"itemListElement\":[{\"@type\":\"ListItem\",\"position\":1,\"name\":\"Home\",\"item\":\"https:\\\/\\\/landioustravel.com\\\/pl\\\/\"},{\"@type\":\"ListItem\",\"position\":2,\"name\":\"Us\u0142ugi i wycieczki\",\"item\":\"https:\\\/\\\/landioustravel.com\\\/pl\\\/\"},{\"@type\":\"ListItem\",\"position\":3,\"name\":\"Wycieczka do piramid i Muzeum Egipskiego w Kairze\"}]},{\"@type\":\"WebSite\",\"@id\":\"https:\\\/\\\/landioustravel.com\\\/pl\\\/#website\",\"url\":\"https:\\\/\\\/landioustravel.com\\\/pl\\\/\",\"name\":\"Landious Travel\",\"description\":\"Excursions, trips and cruises in Egypt\",\"publisher\":{\"@id\":\"https:\\\/\\\/landioustravel.com\\\/pl\\\/#organization\"},\"potentialAction\":[{\"@type\":\"SearchAction\",\"target\":{\"@type\":\"EntryPoint\",\"urlTemplate\":\"https:\\\/\\\/landioustravel.com\\\/pl\\\/?s={search_term_string}\"},\"query-input\":{\"@type\":\"PropertyValueSpecification\",\"valueRequired\":true,\"valueName\":\"search_term_string\"}}],\"inLanguage\":\"pl-PL\"},{\"@type\":[\"Organization\",\"Place\"],\"@id\":\"https:\\\/\\\/landioustravel.com\\\/pl\\\/#organization\",\"name\":\"Landious Travel\",\"alternateName\":\"Landious Travel\",\"url\":\"https:\\\/\\\/landioustravel.com\\\/pl\\\/\",\"logo\":{\"@id\":\"https:\\\/\\\/landioustravel.com\\\/pl\\\/shop\\\/wycieczka-piramidy-muzeum-egipskie-kair\\\/#local-main-organization-logo\"},\"image\":{\"@id\":\"https:\\\/\\\/landioustravel.com\\\/pl\\\/shop\\\/wycieczka-piramidy-muzeum-egipskie-kair\\\/#local-main-organization-logo\"},\"sameAs\":[\"https:\\\/\\\/web.facebook.com\\\/landiousEgypt\",\"https:\\\/\\\/x.com\\\/LandiousTours\",\"https:\\\/\\\/mastodon.social\\\/@landious\"],\"legalName\":\"Landious Travel\",\"telephone\":[],\"openingHoursSpecification\":[{\"@type\":\"OpeningHoursSpecification\",\"dayOfWeek\":[\"Monday\",\"Tuesday\",\"Wednesday\",\"Thursday\",\"Friday\",\"Saturday\",\"Sunday\"],\"opens\":\"09:00\",\"closes\":\"17:00\"}]},{\"@type\":\"ImageObject\",\"inLanguage\":\"pl-PL\",\"@id\":\"https:\\\/\\\/landioustravel.com\\\/pl\\\/shop\\\/wycieczka-piramidy-muzeum-egipskie-kair\\\/#local-main-organization-logo\",\"url\":\"https:\\\/\\\/i0.wp.com\\\/landioustravel.com\\\/wp-content\\\/uploads\\\/2021\\\/06\\\/Landious-T.png?fit=500%2C500&ssl=1\",\"contentUrl\":\"https:\\\/\\\/i0.wp.com\\\/landioustravel.com\\\/wp-content\\\/uploads\\\/2021\\\/06\\\/Landious-T.png?fit=500%2C500&ssl=1\",\"width\":500,\"height\":500,\"caption\":\"Landious Travel\"}]}<\/script>\n<!-- \/ Yoast SEO Premium plugin. -->","yoast_head_json":{"title":"Wycieczka do piramid i Muzeum Egipskiego w Kairze","description":"Wycieczka do piramid i Muzeum Egipskiego w Kairze zwiedzanie trzech wielkich piramid w Gizie i Wielkiego Sfinksa. Potem zjemy lunch. Po obiedzie odwiedzasz","robots":{"index":"index","follow":"follow","max-snippet":"max-snippet:-1","max-image-preview":"max-image-preview:large","max-video-preview":"max-video-preview:-1"},"canonical":"https:\/\/landioustravel.com\/pl\/shop\/wycieczka-piramidy-muzeum-egipskie-kair\/","og_locale":"pl_PL","og_type":"article","og_title":"Wycieczka do piramid i Muzeum Egipskiego w Kairze","og_description":"Landious Travel","og_url":"https:\/\/landioustravel.com\/pl\/shop\/wycieczka-piramidy-muzeum-egipskie-kair\/","og_site_name":"Landious Travel","article_publisher":"https:\/\/web.facebook.com\/landiousEgypt","article_modified_time":"2026-01-27T17:13:59+00:00","og_image":[{"width":1200,"height":675,"url":"https:\/\/i0.wp.com\/landioustravel.com\/wp-content\/uploads\/2020\/11\/Egyptian-Museum-Pyramids-Trip-Cairo-e1668807624676.jpeg?fit=1200%2C675&ssl=1","type":"image\/jpeg"}],"twitter_card":"summary_large_image","twitter_site":"@LandiousTours","twitter_misc":{"Szacowany czas czytania":"2 minuty"},"schema":{"@context":"https:\/\/schema.org","@graph":[{"@type":"WebPage","@id":"https:\/\/landioustravel.com\/pl\/shop\/wycieczka-piramidy-muzeum-egipskie-kair\/","url":"https:\/\/landioustravel.com\/pl\/shop\/wycieczka-piramidy-muzeum-egipskie-kair\/","name":"Wycieczka do piramid i Muzeum Egipskiego w Kairze","isPartOf":{"@id":"https:\/\/landioustravel.com\/pl\/#website"},"primaryImageOfPage":{"@id":"https:\/\/landioustravel.com\/pl\/shop\/wycieczka-piramidy-muzeum-egipskie-kair\/#primaryimage"},"image":{"@id":"https:\/\/landioustravel.com\/pl\/shop\/wycieczka-piramidy-muzeum-egipskie-kair\/#primaryimage"},"thumbnailUrl":"https:\/\/i0.wp.com\/landioustravel.com\/wp-content\/uploads\/2020\/11\/Egyptian-Museum-Pyramids-Trip-Cairo-e1668807624676.jpeg?fit=1200%2C675&ssl=1","datePublished":"2020-11-26T21:15:38+00:00","dateModified":"2026-01-27T17:13:59+00:00","description":"Wycieczka do piramid i Muzeum Egipskiego w Kairze zwiedzanie trzech wielkich piramid w Gizie i Wielkiego Sfinksa. Potem zjemy lunch. Po obiedzie odwiedzasz","breadcrumb":{"@id":"https:\/\/landioustravel.com\/pl\/shop\/wycieczka-piramidy-muzeum-egipskie-kair\/#breadcrumb"},"inLanguage":"pl-PL","potentialAction":[{"@type":"ReadAction","target":["https:\/\/landioustravel.com\/pl\/shop\/wycieczka-piramidy-muzeum-egipskie-kair\/"]}]},{"@type":"ImageObject","inLanguage":"pl-PL","@id":"https:\/\/landioustravel.com\/pl\/shop\/wycieczka-piramidy-muzeum-egipskie-kair\/#primaryimage","url":"https:\/\/i0.wp.com\/landioustravel.com\/wp-content\/uploads\/2020\/11\/Egyptian-Museum-Pyramids-Trip-Cairo-e1668807624676.jpeg?fit=1200%2C675&ssl=1","contentUrl":"https:\/\/i0.wp.com\/landioustravel.com\/wp-content\/uploads\/2020\/11\/Egyptian-Museum-Pyramids-Trip-Cairo-e1668807624676.jpeg?fit=1200%2C675&ssl=1","width":1200,"height":675,"caption":"Egyptian Museum Pyramids Trip Cairo"},{"@type":"BreadcrumbList","@id":"https:\/\/landioustravel.com\/pl\/shop\/wycieczka-piramidy-muzeum-egipskie-kair\/#breadcrumb","itemListElement":[{"@type":"ListItem","position":1,"name":"Home","item":"https:\/\/landioustravel.com\/pl\/"},{"@type":"ListItem","position":2,"name":"Us\u0142ugi i wycieczki","item":"https:\/\/landioustravel.com\/pl\/"},{"@type":"ListItem","position":3,"name":"Wycieczka do piramid i Muzeum Egipskiego w Kairze"}]},{"@type":"WebSite","@id":"https:\/\/landioustravel.com\/pl\/#website","url":"https:\/\/landioustravel.com\/pl\/","name":"Landious Travel","description":"Excursions, trips and cruises in Egypt","publisher":{"@id":"https:\/\/landioustravel.com\/pl\/#organization"},"potentialAction":[{"@type":"SearchAction","target":{"@type":"EntryPoint","urlTemplate":"https:\/\/landioustravel.com\/pl\/?s={search_term_string}"},"query-input":{"@type":"PropertyValueSpecification","valueRequired":true,"valueName":"search_term_string"}}],"inLanguage":"pl-PL"},{"@type":["Organization","Place"],"@id":"https:\/\/landioustravel.com\/pl\/#organization","name":"Landious Travel","alternateName":"Landious Travel","url":"https:\/\/landioustravel.com\/pl\/","logo":{"@id":"https:\/\/landioustravel.com\/pl\/shop\/wycieczka-piramidy-muzeum-egipskie-kair\/#local-main-organization-logo"},"image":{"@id":"https:\/\/landioustravel.com\/pl\/shop\/wycieczka-piramidy-muzeum-egipskie-kair\/#local-main-organization-logo"},"sameAs":["https:\/\/web.facebook.com\/landiousEgypt","https:\/\/x.com\/LandiousTours","https:\/\/mastodon.social\/@landious"],"legalName":"Landious Travel","telephone":[],"openingHoursSpecification":[{"@type":"OpeningHoursSpecification","dayOfWeek":["Monday","Tuesday","Wednesday","Thursday","Friday","Saturday","Sunday"],"opens":"09:00","closes":"17:00"}]},{"@type":"ImageObject","inLanguage":"pl-PL","@id":"https:\/\/landioustravel.com\/pl\/shop\/wycieczka-piramidy-muzeum-egipskie-kair\/#local-main-organization-logo","url":"https:\/\/i0.wp.com\/landioustravel.com\/wp-content\/uploads\/2021\/06\/Landious-T.png?fit=500%2C500&ssl=1","contentUrl":"https:\/\/i0.wp.com\/landioustravel.com\/wp-content\/uploads\/2021\/06\/Landious-T.png?fit=500%2C500&ssl=1","width":500,"height":500,"caption":"Landious Travel"}]}},"jetpack_publicize_connections":[],"uagb_featured_image_src":{"full":["https:\/\/i0.wp.com\/landioustravel.com\/wp-content\/uploads\/2020\/11\/Egyptian-Museum-Pyramids-Trip-Cairo-e1668807624676.jpeg?fit=1200%2C675&ssl=1",1200,675,false],"thumbnail":["https:\/\/i0.wp.com\/landioustravel.com\/wp-content\/uploads\/2020\/11\/Egyptian-Museum-Pyramids-Trip-Cairo-e1668807624676.jpeg?resize=150%2C150&ssl=1",150,150,true],"medium":["https:\/\/i0.wp.com\/landioustravel.com\/wp-content\/uploads\/2020\/11\/Egyptian-Museum-Pyramids-Trip-Cairo-e1668807624676.jpeg?fit=300%2C169&ssl=1",300,169,true],"medium_large":["https:\/\/i0.wp.com\/landioustravel.com\/wp-content\/uploads\/2020\/11\/Egyptian-Museum-Pyramids-Trip-Cairo-e1668807624676.jpeg?fit=768%2C432&ssl=1",768,432,true],"large":["https:\/\/i0.wp.com\/landioustravel.com\/wp-content\/uploads\/2020\/11\/Egyptian-Museum-Pyramids-Trip-Cairo-e1668807624676.jpeg?fit=980%2C551&ssl=1",980,551,true],"1536x1536":["https:\/\/i0.wp.com\/landioustravel.com\/wp-content\/uploads\/2020\/11\/Egyptian-Museum-Pyramids-Trip-Cairo-e1668807624676.jpeg?fit=1536%2C864&ssl=1",1536,864,true],"2048x2048":["https:\/\/i0.wp.com\/landioustravel.com\/wp-content\/uploads\/2020\/11\/Egyptian-Museum-Pyramids-Trip-Cairo-e1668807624676.jpeg?fit=1200%2C675&ssl=1",1200,675,true],"newspack-article-block-landscape-large":["https:\/\/i0.wp.com\/landioustravel.com\/wp-content\/uploads\/2020\/11\/Egyptian-Museum-Pyramids-Trip-Cairo-e1668807624676.jpeg?resize=1200%2C675&ssl=1",1200,675,true],"newspack-article-block-portrait-large":["https:\/\/i0.wp.com\/landioustravel.com\/wp-content\/uploads\/2020\/11\/Egyptian-Museum-Pyramids-Trip-Cairo-e1668807624676.jpeg?resize=900%2C675&ssl=1",900,675,true],"newspack-article-block-square-large":["https:\/\/i0.wp.com\/landioustravel.com\/wp-content\/uploads\/2020\/11\/Egyptian-Museum-Pyramids-Trip-Cairo-e1668807624676.jpeg?resize=1200%2C675&ssl=1",1200,675,true],"newspack-article-block-landscape-medium":["https:\/\/i0.wp.com\/landioustravel.com\/wp-content\/uploads\/2020\/11\/Egyptian-Museum-Pyramids-Trip-Cairo-e1668807624676.jpeg?resize=800%2C600&ssl=1",800,600,true],"newspack-article-block-portrait-medium":["https:\/\/i0.wp.com\/landioustravel.com\/wp-content\/uploads\/2020\/11\/Egyptian-Museum-Pyramids-Trip-Cairo-e1668807624676.jpeg?resize=600%2C675&ssl=1",600,675,true],"newspack-article-block-square-medium":["https:\/\/i0.wp.com\/landioustravel.com\/wp-content\/uploads\/2020\/11\/Egyptian-Museum-Pyramids-Trip-Cairo-e1668807624676.jpeg?resize=800%2C675&ssl=1",800,675,true],"newspack-article-block-landscape-intermediate":["https:\/\/i0.wp.com\/landioustravel.com\/wp-content\/uploads\/2020\/11\/Egyptian-Museum-Pyramids-Trip-Cairo-e1668807624676.jpeg?resize=600%2C450&ssl=1",600,450,true],"newspack-article-block-portrait-intermediate":["https:\/\/i0.wp.com\/landioustravel.com\/wp-content\/uploads\/2020\/11\/Egyptian-Museum-Pyramids-Trip-Cairo-e1668807624676.jpeg?resize=450%2C600&ssl=1",450,600,true],"newspack-article-block-square-intermediate":["https:\/\/i0.wp.com\/landioustravel.com\/wp-content\/uploads\/2020\/11\/Egyptian-Museum-Pyramids-Trip-Cairo-e1668807624676.jpeg?resize=600%2C600&ssl=1",600,600,true],"newspack-article-block-landscape-small":["https:\/\/i0.wp.com\/landioustravel.com\/wp-content\/uploads\/2020\/11\/Egyptian-Museum-Pyramids-Trip-Cairo-e1668807624676.jpeg?resize=400%2C300&ssl=1",400,300,true],"newspack-article-block-portrait-small":["https:\/\/i0.wp.com\/landioustravel.com\/wp-content\/uploads\/2020\/11\/Egyptian-Museum-Pyramids-Trip-Cairo-e1668807624676.jpeg?resize=300%2C400&ssl=1",300,400,true],"newspack-article-block-square-small":["https:\/\/i0.wp.com\/landioustravel.com\/wp-content\/uploads\/2020\/11\/Egyptian-Museum-Pyramids-Trip-Cairo-e1668807624676.jpeg?resize=400%2C400&ssl=1",400,400,true],"newspack-article-block-landscape-tiny":["https:\/\/i0.wp.com\/landioustravel.com\/wp-content\/uploads\/2020\/11\/Egyptian-Museum-Pyramids-Trip-Cairo-e1668807624676.jpeg?resize=200%2C150&ssl=1",200,150,true],"newspack-article-block-portrait-tiny":["https:\/\/i0.wp.com\/landioustravel.com\/wp-content\/uploads\/2020\/11\/Egyptian-Museum-Pyramids-Trip-Cairo-e1668807624676.jpeg?resize=150%2C200&ssl=1",150,200,true],"newspack-article-block-square-tiny":["https:\/\/i0.wp.com\/landioustravel.com\/wp-content\/uploads\/2020\/11\/Egyptian-Museum-Pyramids-Trip-Cairo-e1668807624676.jpeg?resize=200%2C200&ssl=1",200,200,true],"newspack-article-block-uncropped":["https:\/\/i0.wp.com\/landioustravel.com\/wp-content\/uploads\/2020\/11\/Egyptian-Museum-Pyramids-Trip-Cairo-e1668807624676.jpeg?fit=1200%2C675&ssl=1",1200,675,true],"woocommerce_thumbnail":["https:\/\/i0.wp.com\/landioustravel.com\/wp-content\/uploads\/2020\/11\/Egyptian-Museum-Pyramids-Trip-Cairo-e1668807624676.jpeg?resize=324%2C324&ssl=1",324,324,true],"woocommerce_single":["https:\/\/i0.wp.com\/landioustravel.com\/wp-content\/uploads\/2020\/11\/Egyptian-Museum-Pyramids-Trip-Cairo-e1668807624676.jpeg?fit=416%2C234&ssl=1",416,234,true],"woocommerce_gallery_thumbnail":["https:\/\/i0.wp.com\/landioustravel.com\/wp-content\/uploads\/2020\/11\/Egyptian-Museum-Pyramids-Trip-Cairo-e1668807624676.jpeg?resize=100%2C100&ssl=1",100,100,true]},"uagb_author_info":{"display_name":"Mofreh Landious","author_link":"https:\/\/landioustravel.com\/pl\/author\/"},"uagb_comment_info":1,"uagb_excerpt":"Do\u015bwiadcz cud\u00f3w staro\u017cytnego Egiptu podczas jednodniowej wycieczki do piramid i Muzeum Egipskiego w Kairze. Zobacz Wielkie Piramidy w Gizie, w tym Cheopsa, Chefrena i Mykerinos, a tak\u017ce legendarnego Sfinksa. Po obiedzie odwied\u017a Muzeum Egipskie, kt\u00f3re szczyci si\u0119 niesamowit\u0105 kolekcj\u0105 150 000 przedmiot\u00f3w rozmieszczonych w 100 salach wystawowych. Zako\u0144cz wycieczk\u0119 wycieczk\u0105 na zakupy na bazar Khan&hellip;","jetpack_sharing_enabled":true,"jetpack_likes_enabled":true,"amp_enabled":true,"_links":{"self":[{"href":"https:\/\/landioustravel.com\/pl\/wp-json\/wp\/v2\/product\/25990","targetHints":{"allow":["GET"]}}],"collection":[{"href":"https:\/\/landioustravel.com\/pl\/wp-json\/wp\/v2\/product"}],"about":[{"href":"https:\/\/landioustravel.com\/pl\/wp-json\/wp\/v2\/types\/product"}],"replies":[{"embeddable":true,"href":"https:\/\/landioustravel.com\/pl\/wp-json\/wp\/v2\/comments?post=25990"}],"wp:featuredmedia":[{"embeddable":true,"href":"https:\/\/landioustravel.com\/pl\/wp-json\/wp\/v2\/media\/128329"}],"wp:attachment":[{"href":"https:\/\/landioustravel.com\/pl\/wp-json\/wp\/v2\/media?parent=25990"}],"wp:term":[{"taxonomy":"product_brand","embeddable":true,"href":"https:\/\/landioustravel.com\/pl\/wp-json\/wp\/v2\/product_brand?post=25990"},{"taxonomy":"product_cat","embeddable":true,"href":"https:\/\/landioustravel.com\/pl\/wp-json\/wp\/v2\/product_cat?post=25990"},{"taxonomy":"product_tag","embeddable":true,"href":"https:\/\/landioustravel.com\/pl\/wp-json\/wp\/v2\/product_tag?post=25990"}],"curies":[{"name":"wp","href":"https:\/\/api.w.org\/{rel}","templated":true}]}}