{"id":2601,"date":"2018-11-24T23:26:03","date_gmt":"2018-11-24T21:26:03","guid":{"rendered":"https:\/\/landioustravel.com\/product\/wycieczka-mega-safari-hurghadzie\/"},"modified":"2026-04-21T18:41:15","modified_gmt":"2026-04-21T16:41:15","slug":"wycieczka-mega-safari-hurghadzie","status":"publish","type":"product","link":"https:\/\/landioustravel.com\/pl\/shop\/wycieczka-mega-safari-hurghadzie\/","title":{"rendered":"Wycieczka Mega-Safari w Hurghadzie"},"content":{"rendered":"<p>Najbardziej aktywna wycieczka na pustyni\u0119 Safari w <a href=\"https:\/\/landioustravel.com\/pl\/miasto-hurghada\/\">Hurghadzie<\/a>! Polecamy wycieczk\u0119, poniewa\u017c umo\u017cliwia turystom jazd\u0119 na quadach na odleg\u0142o\u015b\u0107 50 km. Ponadto wycieczka daje mo\u017cliwo\u015b\u0107 zobaczenia pustyni i zapoznania si\u0119 z kultur\u0105 bedui\u0144sk\u0105. Obejmuje ona wizyt\u0119 w wiosce Beduin\u00f3w, dostaniesz wi\u0119cej rozrywek.<\/p>\n<h2>G\u0142\u00f3wne punkty programu wycieczki dla Mega-Safari<\/h2>\n<ul>\n<li>Jazda na quadzie na odleg\u0142o\u015b\u0107 50 km przez pustyni\u0119<\/li>\n<li>Nast\u0119pnie jazda wielb\u0142\u0105dami i buggy<\/li>\n<li>Nast\u0119pnie, ogl\u0105daj\u0105c terrarium<\/li>\n<li>I odwiedzaj\u0105c wiosk\u0119 Beduin\u00f3w<\/li>\n<li>Mimo to b\u0119dziesz mia\u0142 czas na kolacj\u0119 i orientalne ta\u0144ce<\/li>\n<\/ul>\n<h3>Program wycieczek Mega-safari z Hurghady<\/h3>\n<ul>\n<li>Odbierzemy ci\u0119 z hotelu oko\u0142o 13:00<\/li>\n<li>Po zabraniu wszystkich ch\u0119tnych nasz minibus \/ Jeep jedzie na pustyni\u0119, gdzie znajduje si\u0119 baza quad\u00f3w. Droga do bazy trwa oko\u0142o 25 minut<\/li>\n<li>Po pierwsze, musisz przygotowa\u0107 si\u0119 na noszenie okular\u00f3w przeciws\u0142onecznych, zwijanie szalika na g\u0142ow\u0119 i zak\u0142adanie kasku.<\/li>\n<li>Po drugie, istnieje nauczanie i trening na quadach przez kr\u00f3tki czas<\/li>\n<li>Nast\u0119pnie przejed\u017a 25 km przez pustyni\u0119 do wioski Beduin\u00f3w<\/li>\n<li>Zaraz po przyje\u017adzie do bedui\u0144skiej wioski mo\u017cna je\u017adzi\u0107 na wielb\u0142\u0105dach. Mo\u017cesz tak\u017ce robi\u0107 zdj\u0119cia z Beduinami<\/li>\n<li>Nast\u0119pnie je\u017adzisz buggy przez oko\u0142o 10 minut<\/li>\n<li>Nast\u0119pnie odwiedzasz terrarium<\/li>\n<li>Dalej przewodnik towarzyszy Ci w wiosce Beduin\u00f3w. Pokazuje, jak Beduini gotuj\u0105 chleb i jak si\u0119 ubieraj\u0105<\/li>\n<li>W namiocie Beduin\u00f3w b\u0119dziesz musia\u0142 zje\u015b\u0107 obiad. Mimo to ogl\u0105dasz orientalne ta\u0144ce i gwiazdy przez teleskop<\/li>\n<li>Wreszcie, jeste\u015b gotowy, aby odjecha\u0107 25 km do bazy<\/li>\n<\/ul>\n<h4>Co wliczone jest w cen\u0119 podr\u00f3\u017cy<\/h4>\n<ul>\n<li>Obiad<\/li>\n<li>I przejazd na pustyni\u0119 i powr\u00f3t do hotelu<\/li>\n<\/ul>\n<h5>Co nie jest wliczone w cen\u0119 podr\u00f3\u017cy<\/h5>\n<ul>\n<li>DVD wideo<\/li>\n<li>I, zdj\u0119cie CD<\/li>\n<\/ul>\n<h6>CO B\u0118DZIE Z TOB\u0104 DLA WYCIECZKI<\/h6>\n<ul>\n<li>Szalik<\/li>\n<li>I okulary przeciws\u0142oneczne<\/li>\n<\/ul>\n<p>DNI ORGANIZACJI WYCIECZKOWEJ<\/p>\n<ul>\n<li>Codziennie od 13:00 do 19:00<\/li>\n<\/ul>\n","protected":false},"excerpt":{"rendered":"<p>Je\u015bli szukasz ekscytuj\u0105cej przygody, pustynia Hurghady to idealny plac zabaw dla pojazd\u00f3w terenowych. B\u0119dziesz mia\u0142 du\u017co miejsca do przyspieszenia i kopania piasku. Najlepsza cz\u0119\u015b\u0107? Nie b\u0119dziesz musia\u0142 martwi\u0107 si\u0119 o organizacj\u0119 czegokolwiek. Zanurz si\u0119 w kulturze Beduin\u00f3w, podziwiaj\u0105c teren podczas tej eskapady ATV. Po otrzymaniu instrukcji przejd\u017a przez piaski do wioski Beduin\u00f3w, gdzie mo\u017cesz porozmawia\u0107 z przyjaznymi mieszka\u0144cami, poje\u017adzi\u0107 na wielb\u0142\u0105dzie, obejrze\u0107 zach\u00f3d s\u0142o\u0144ca i zje\u015b\u0107 kolacj\u0119. Zanim si\u0119 zorientujesz, wr\u00f3cisz do bazy na w\u0142asnym quadzie. Ta wycieczka z Hurghady to naj\u0142atwiejszy spos\u00f3b na wypr\u00f3bowanie jazdy ATV, poniewa\u017c sprz\u0119t i wskaz\u00f3wki s\u0105 wliczone w cen\u0119. Ciesz si\u0119 wygod\u0105 transportu powrotnego oraz odbioru i dowozu do hotelu.<\/p>\n<p>Po po\u0142udniu odbierzemy Ci\u0119 z hotelu w Hurghadzie i zabierzemy klimatyzowanym pojazdem na pustyni\u0119 w pobli\u017cu kurortu. Zbli\u017caj\u0105c si\u0119 do stacji quad\u00f3w, b\u0119dziesz zahipnotyzowany ja\u0142owymi g\u00f3rami i r\u00f3wninami. Zanim rozpoczniesz ekscytuj\u0105c\u0105 jazd\u0119, wys\u0142uchaj instrukta\u017cu bezpiecze\u0144stwa i poznaj zasady jazdy terenowej od do\u015bwiadczonego instruktora. Gdy b\u0119dziesz gotowy, wsi\u0105d\u017a na sw\u00f3j wytrzyma\u0142y czteroko\u0142owy rower, za\u0142\u00f3\u017c dostarczony kask i uzyskaj instrukcje dotycz\u0105ce obs\u0142ugi element\u00f3w steruj\u0105cych. Gdy pod\u0105\u017casz za swoim przewodnikiem w konwoju przez piaski, twoja pewno\u015b\u0107 siebie wzro\u015bnie, a po drodze przyspieszysz. Podnie\u015b troch\u0119 kurzu i ciesz si\u0119 sceneri\u0105, p\u0119dz\u0105c przez pustynne piaski i skalisty teren w kierunku wioski Beduin\u00f3w. Po pokonaniu oko\u0142o 28 mil (45,06 km) dotrzesz do osady. Mo\u017cna tam napi\u0107 si\u0119 orze\u017awiaj\u0105cej herbaty, zapali\u0107 fajk\u0119 wodn\u0105, poje\u017adzi\u0107 na wielb\u0142\u0105dzie i zje\u015b\u0107 kolacj\u0119 z przyjaznymi mieszka\u0144cami. Na koniec wejd\u017a na jedn\u0105 z tocz\u0105cych si\u0119 wydm, aby zrobi\u0107 zdj\u0119cia pustynnego zachodu s\u0142o\u0144ca, zanim wr\u00f3cisz na quada i pojedziesz z powrotem do bazy. Odwieziemy Ci\u0119 do hotelu, aby zako\u0144czy\u0107 Twoje wra\u017cenia.<\/p>\n<p>Je\u015bli szukasz obszernego safari na Saharze w Hurghadzie, Hurghada Mega-Safari to najlepszy wyb\u00f3r. B\u0119dziesz g\u0142\u00f3wnie je\u017adzi\u0107 na quadach i buggy na wydmach, ale s\u0105 te\u017c inne plany rozrywkowe, takie jak jazda na wielb\u0142\u0105dzie i ogl\u0105danie terrarium. To safari daje r\u00f3wnie\u017c mo\u017cliwo\u015b\u0107 spotkania si\u0119 z Beduinami i poznania ich kultury. B\u0119dziesz cieszy\u0107 si\u0119 kolacj\u0105 i ta\u0144cami folklorystycznymi w namiocie bedui\u0144skim, dzi\u0119ki czemu b\u0119dzie to wszechstronne do\u015bwiadczenie.<\/p>\n","protected":false},"featured_media":3087,"comment_status":"open","ping_status":"closed","template":"","meta":{"_coblocks_attr":"","_coblocks_dimensions":"","_coblocks_responsive_height":"","_coblocks_accordion_ie_support":"","_uag_custom_page_level_css":"","jetpack_publicize_message":"","jetpack_publicize_feature_enabled":true,"jetpack_social_post_already_shared":false,"jetpack_social_options":{"image_generator_settings":{"template":"highway","default_image_id":0,"font":"","enabled":false},"version":2},"_wpas_customize_per_network":false},"product_brand":[],"product_cat":[1469,1463],"product_tag":[1956,1977,2028,1975,1961],"class_list":{"0":"post-2601","1":"product","2":"type-product","3":"status-publish","4":"has-post-thumbnail","6":"product_cat-safari-trips-hurghada","7":"product_cat-excursions-in-hurghada","8":"product_tag-hurghada-pl","9":"product_tag-quad-kolarstwo","10":"product_tag-safari-pl","11":"product_tag-safari-na-pustyni","12":"product_tag-wycieczka","14":"first","15":"instock","16":"sale","17":"purchasable","18":"product-type-variable"},"yoast_head":"<!-- This site is optimized with the Yoast SEO Premium plugin v27.5 (Yoast SEO v27.5) - https:\/\/yoast.com\/product\/yoast-seo-premium-wordpress\/ -->\n<title>Wycieczka Mega-Safari w Hurghadzie<\/title>\n<meta name=\"description\" content=\"Wycieczka Mega-Safari w Hurghadzie jazda quadem, wielb\u0142\u0105dem i buggy, wizyta w terrarium i staro\u017cytna Beduin\u00f3w. Program obejmuje kolacj\u0119 i taniec\" \/>\n<meta name=\"robots\" content=\"index, follow, max-snippet:-1, max-image-preview:large, max-video-preview:-1\" \/>\n<link rel=\"canonical\" href=\"https:\/\/landioustravel.com\/pl\/shop\/wycieczka-mega-safari-hurghadzie\/\" \/>\n<meta property=\"og:locale\" content=\"pl_PL\" \/>\n<meta property=\"og:type\" content=\"article\" \/>\n<meta property=\"og:title\" content=\"Wycieczka Mega-Safari w Hurghadzie\" \/>\n<meta property=\"og:description\" content=\"Landious Travel\" \/>\n<meta property=\"og:url\" content=\"https:\/\/landioustravel.com\/pl\/shop\/wycieczka-mega-safari-hurghadzie\/\" \/>\n<meta property=\"og:site_name\" content=\"Landious Travel\" \/>\n<meta property=\"article:publisher\" content=\"https:\/\/web.facebook.com\/landiousEgypt\" \/>\n<meta property=\"article:modified_time\" content=\"2026-04-21T16:41:15+00:00\" \/>\n<meta property=\"og:image\" content=\"https:\/\/i0.wp.com\/landioustravel.com\/wp-content\/uploads\/2019\/01\/Escursione_Mega-Safari_a_Hurghada-e1552761724379.jpg?fit=1200%2C673&ssl=1\" \/>\n\t<meta property=\"og:image:width\" content=\"1200\" \/>\n\t<meta property=\"og:image:height\" content=\"673\" \/>\n\t<meta property=\"og:image:type\" content=\"image\/jpeg\" \/>\n<meta name=\"twitter:card\" content=\"summary_large_image\" \/>\n<meta name=\"twitter:site\" content=\"@LandiousTours\" \/>\n<meta name=\"twitter:label1\" content=\"Szacowany czas czytania\" \/>\n\t<meta name=\"twitter:data1\" content=\"2 minuty\" \/>\n<script type=\"application\/ld+json\" class=\"yoast-schema-graph\">{\"@context\":\"https:\\\/\\\/schema.org\",\"@graph\":[{\"@type\":\"WebPage\",\"@id\":\"https:\\\/\\\/landioustravel.com\\\/pl\\\/shop\\\/wycieczka-mega-safari-hurghadzie\\\/\",\"url\":\"https:\\\/\\\/landioustravel.com\\\/pl\\\/shop\\\/wycieczka-mega-safari-hurghadzie\\\/\",\"name\":\"Wycieczka Mega-Safari w Hurghadzie\",\"isPartOf\":{\"@id\":\"https:\\\/\\\/landioustravel.com\\\/pl\\\/#website\"},\"primaryImageOfPage\":{\"@id\":\"https:\\\/\\\/landioustravel.com\\\/pl\\\/shop\\\/wycieczka-mega-safari-hurghadzie\\\/#primaryimage\"},\"image\":{\"@id\":\"https:\\\/\\\/landioustravel.com\\\/pl\\\/shop\\\/wycieczka-mega-safari-hurghadzie\\\/#primaryimage\"},\"thumbnailUrl\":\"https:\\\/\\\/i0.wp.com\\\/landioustravel.com\\\/wp-content\\\/uploads\\\/2019\\\/01\\\/Escursione_Mega-Safari_a_Hurghada-e1552761724379.jpg?fit=1200%2C673&ssl=1\",\"datePublished\":\"2018-11-24T21:26:03+00:00\",\"dateModified\":\"2026-04-21T16:41:15+00:00\",\"description\":\"Wycieczka Mega-Safari w Hurghadzie jazda quadem, wielb\u0142\u0105dem i buggy, wizyta w terrarium i staro\u017cytna Beduin\u00f3w. Program obejmuje kolacj\u0119 i taniec\",\"breadcrumb\":{\"@id\":\"https:\\\/\\\/landioustravel.com\\\/pl\\\/shop\\\/wycieczka-mega-safari-hurghadzie\\\/#breadcrumb\"},\"inLanguage\":\"pl-PL\",\"potentialAction\":[{\"@type\":\"ReadAction\",\"target\":[\"https:\\\/\\\/landioustravel.com\\\/pl\\\/shop\\\/wycieczka-mega-safari-hurghadzie\\\/\"]}]},{\"@type\":\"ImageObject\",\"inLanguage\":\"pl-PL\",\"@id\":\"https:\\\/\\\/landioustravel.com\\\/pl\\\/shop\\\/wycieczka-mega-safari-hurghadzie\\\/#primaryimage\",\"url\":\"https:\\\/\\\/i0.wp.com\\\/landioustravel.com\\\/wp-content\\\/uploads\\\/2019\\\/01\\\/Escursione_Mega-Safari_a_Hurghada-e1552761724379.jpg?fit=1200%2C673&ssl=1\",\"contentUrl\":\"https:\\\/\\\/i0.wp.com\\\/landioustravel.com\\\/wp-content\\\/uploads\\\/2019\\\/01\\\/Escursione_Mega-Safari_a_Hurghada-e1552761724379.jpg?fit=1200%2C673&ssl=1\",\"width\":1200,\"height\":673,\"caption\":\"Escursione Mega-Safari a Hurghada\"},{\"@type\":\"BreadcrumbList\",\"@id\":\"https:\\\/\\\/landioustravel.com\\\/pl\\\/shop\\\/wycieczka-mega-safari-hurghadzie\\\/#breadcrumb\",\"itemListElement\":[{\"@type\":\"ListItem\",\"position\":1,\"name\":\"Home\",\"item\":\"https:\\\/\\\/landioustravel.com\\\/pl\\\/\"},{\"@type\":\"ListItem\",\"position\":2,\"name\":\"Us\u0142ugi i wycieczki\",\"item\":\"https:\\\/\\\/landioustravel.com\\\/pl\\\/\"},{\"@type\":\"ListItem\",\"position\":3,\"name\":\"Wycieczka Mega-Safari w Hurghadzie\"}]},{\"@type\":\"WebSite\",\"@id\":\"https:\\\/\\\/landioustravel.com\\\/pl\\\/#website\",\"url\":\"https:\\\/\\\/landioustravel.com\\\/pl\\\/\",\"name\":\"Landious Travel\",\"description\":\"Excursions, trips and cruises in Egypt\",\"publisher\":{\"@id\":\"https:\\\/\\\/landioustravel.com\\\/pl\\\/#organization\"},\"potentialAction\":[{\"@type\":\"SearchAction\",\"target\":{\"@type\":\"EntryPoint\",\"urlTemplate\":\"https:\\\/\\\/landioustravel.com\\\/pl\\\/?s={search_term_string}\"},\"query-input\":{\"@type\":\"PropertyValueSpecification\",\"valueRequired\":true,\"valueName\":\"search_term_string\"}}],\"inLanguage\":\"pl-PL\"},{\"@type\":[\"Organization\",\"Place\"],\"@id\":\"https:\\\/\\\/landioustravel.com\\\/pl\\\/#organization\",\"name\":\"Landious Travel\",\"alternateName\":\"Landious Travel\",\"url\":\"https:\\\/\\\/landioustravel.com\\\/pl\\\/\",\"logo\":{\"@id\":\"https:\\\/\\\/landioustravel.com\\\/pl\\\/shop\\\/wycieczka-mega-safari-hurghadzie\\\/#local-main-organization-logo\"},\"image\":{\"@id\":\"https:\\\/\\\/landioustravel.com\\\/pl\\\/shop\\\/wycieczka-mega-safari-hurghadzie\\\/#local-main-organization-logo\"},\"sameAs\":[\"https:\\\/\\\/web.facebook.com\\\/landiousEgypt\",\"https:\\\/\\\/x.com\\\/LandiousTours\",\"https:\\\/\\\/mastodon.social\\\/@landious\"],\"legalName\":\"Landious Travel\",\"telephone\":[],\"openingHoursSpecification\":[{\"@type\":\"OpeningHoursSpecification\",\"dayOfWeek\":[\"Monday\",\"Tuesday\",\"Wednesday\",\"Thursday\",\"Friday\",\"Saturday\",\"Sunday\"],\"opens\":\"09:00\",\"closes\":\"17:00\"}]},{\"@type\":\"ImageObject\",\"inLanguage\":\"pl-PL\",\"@id\":\"https:\\\/\\\/landioustravel.com\\\/pl\\\/shop\\\/wycieczka-mega-safari-hurghadzie\\\/#local-main-organization-logo\",\"url\":\"https:\\\/\\\/i0.wp.com\\\/landioustravel.com\\\/wp-content\\\/uploads\\\/2021\\\/06\\\/Landious-T.png?fit=500%2C500&ssl=1\",\"contentUrl\":\"https:\\\/\\\/i0.wp.com\\\/landioustravel.com\\\/wp-content\\\/uploads\\\/2021\\\/06\\\/Landious-T.png?fit=500%2C500&ssl=1\",\"width\":500,\"height\":500,\"caption\":\"Landious Travel\"}]}<\/script>\n<!-- \/ Yoast SEO Premium plugin. -->","yoast_head_json":{"title":"Wycieczka Mega-Safari w Hurghadzie","description":"Wycieczka Mega-Safari w Hurghadzie jazda quadem, wielb\u0142\u0105dem i buggy, wizyta w terrarium i staro\u017cytna Beduin\u00f3w. Program obejmuje kolacj\u0119 i taniec","robots":{"index":"index","follow":"follow","max-snippet":"max-snippet:-1","max-image-preview":"max-image-preview:large","max-video-preview":"max-video-preview:-1"},"canonical":"https:\/\/landioustravel.com\/pl\/shop\/wycieczka-mega-safari-hurghadzie\/","og_locale":"pl_PL","og_type":"article","og_title":"Wycieczka Mega-Safari w Hurghadzie","og_description":"Landious Travel","og_url":"https:\/\/landioustravel.com\/pl\/shop\/wycieczka-mega-safari-hurghadzie\/","og_site_name":"Landious Travel","article_publisher":"https:\/\/web.facebook.com\/landiousEgypt","article_modified_time":"2026-04-21T16:41:15+00:00","og_image":[{"width":1200,"height":673,"url":"https:\/\/i0.wp.com\/landioustravel.com\/wp-content\/uploads\/2019\/01\/Escursione_Mega-Safari_a_Hurghada-e1552761724379.jpg?fit=1200%2C673&ssl=1","type":"image\/jpeg"}],"twitter_card":"summary_large_image","twitter_site":"@LandiousTours","twitter_misc":{"Szacowany czas czytania":"2 minuty"},"schema":{"@context":"https:\/\/schema.org","@graph":[{"@type":"WebPage","@id":"https:\/\/landioustravel.com\/pl\/shop\/wycieczka-mega-safari-hurghadzie\/","url":"https:\/\/landioustravel.com\/pl\/shop\/wycieczka-mega-safari-hurghadzie\/","name":"Wycieczka Mega-Safari w Hurghadzie","isPartOf":{"@id":"https:\/\/landioustravel.com\/pl\/#website"},"primaryImageOfPage":{"@id":"https:\/\/landioustravel.com\/pl\/shop\/wycieczka-mega-safari-hurghadzie\/#primaryimage"},"image":{"@id":"https:\/\/landioustravel.com\/pl\/shop\/wycieczka-mega-safari-hurghadzie\/#primaryimage"},"thumbnailUrl":"https:\/\/i0.wp.com\/landioustravel.com\/wp-content\/uploads\/2019\/01\/Escursione_Mega-Safari_a_Hurghada-e1552761724379.jpg?fit=1200%2C673&ssl=1","datePublished":"2018-11-24T21:26:03+00:00","dateModified":"2026-04-21T16:41:15+00:00","description":"Wycieczka Mega-Safari w Hurghadzie jazda quadem, wielb\u0142\u0105dem i buggy, wizyta w terrarium i staro\u017cytna Beduin\u00f3w. Program obejmuje kolacj\u0119 i taniec","breadcrumb":{"@id":"https:\/\/landioustravel.com\/pl\/shop\/wycieczka-mega-safari-hurghadzie\/#breadcrumb"},"inLanguage":"pl-PL","potentialAction":[{"@type":"ReadAction","target":["https:\/\/landioustravel.com\/pl\/shop\/wycieczka-mega-safari-hurghadzie\/"]}]},{"@type":"ImageObject","inLanguage":"pl-PL","@id":"https:\/\/landioustravel.com\/pl\/shop\/wycieczka-mega-safari-hurghadzie\/#primaryimage","url":"https:\/\/i0.wp.com\/landioustravel.com\/wp-content\/uploads\/2019\/01\/Escursione_Mega-Safari_a_Hurghada-e1552761724379.jpg?fit=1200%2C673&ssl=1","contentUrl":"https:\/\/i0.wp.com\/landioustravel.com\/wp-content\/uploads\/2019\/01\/Escursione_Mega-Safari_a_Hurghada-e1552761724379.jpg?fit=1200%2C673&ssl=1","width":1200,"height":673,"caption":"Escursione Mega-Safari a Hurghada"},{"@type":"BreadcrumbList","@id":"https:\/\/landioustravel.com\/pl\/shop\/wycieczka-mega-safari-hurghadzie\/#breadcrumb","itemListElement":[{"@type":"ListItem","position":1,"name":"Home","item":"https:\/\/landioustravel.com\/pl\/"},{"@type":"ListItem","position":2,"name":"Us\u0142ugi i wycieczki","item":"https:\/\/landioustravel.com\/pl\/"},{"@type":"ListItem","position":3,"name":"Wycieczka Mega-Safari w Hurghadzie"}]},{"@type":"WebSite","@id":"https:\/\/landioustravel.com\/pl\/#website","url":"https:\/\/landioustravel.com\/pl\/","name":"Landious Travel","description":"Excursions, trips and cruises in Egypt","publisher":{"@id":"https:\/\/landioustravel.com\/pl\/#organization"},"potentialAction":[{"@type":"SearchAction","target":{"@type":"EntryPoint","urlTemplate":"https:\/\/landioustravel.com\/pl\/?s={search_term_string}"},"query-input":{"@type":"PropertyValueSpecification","valueRequired":true,"valueName":"search_term_string"}}],"inLanguage":"pl-PL"},{"@type":["Organization","Place"],"@id":"https:\/\/landioustravel.com\/pl\/#organization","name":"Landious Travel","alternateName":"Landious Travel","url":"https:\/\/landioustravel.com\/pl\/","logo":{"@id":"https:\/\/landioustravel.com\/pl\/shop\/wycieczka-mega-safari-hurghadzie\/#local-main-organization-logo"},"image":{"@id":"https:\/\/landioustravel.com\/pl\/shop\/wycieczka-mega-safari-hurghadzie\/#local-main-organization-logo"},"sameAs":["https:\/\/web.facebook.com\/landiousEgypt","https:\/\/x.com\/LandiousTours","https:\/\/mastodon.social\/@landious"],"legalName":"Landious Travel","telephone":[],"openingHoursSpecification":[{"@type":"OpeningHoursSpecification","dayOfWeek":["Monday","Tuesday","Wednesday","Thursday","Friday","Saturday","Sunday"],"opens":"09:00","closes":"17:00"}]},{"@type":"ImageObject","inLanguage":"pl-PL","@id":"https:\/\/landioustravel.com\/pl\/shop\/wycieczka-mega-safari-hurghadzie\/#local-main-organization-logo","url":"https:\/\/i0.wp.com\/landioustravel.com\/wp-content\/uploads\/2021\/06\/Landious-T.png?fit=500%2C500&ssl=1","contentUrl":"https:\/\/i0.wp.com\/landioustravel.com\/wp-content\/uploads\/2021\/06\/Landious-T.png?fit=500%2C500&ssl=1","width":500,"height":500,"caption":"Landious Travel"}]}},"jetpack_publicize_connections":[],"uagb_featured_image_src":{"full":["https:\/\/i0.wp.com\/landioustravel.com\/wp-content\/uploads\/2019\/01\/Escursione_Mega-Safari_a_Hurghada-e1552761724379.jpg?fit=1200%2C673&ssl=1",1200,673,false],"thumbnail":["https:\/\/i0.wp.com\/landioustravel.com\/wp-content\/uploads\/2019\/01\/Escursione_Mega-Safari_a_Hurghada-e1552761724379.jpg?resize=150%2C150&ssl=1",150,150,true],"medium":["https:\/\/i0.wp.com\/landioustravel.com\/wp-content\/uploads\/2019\/01\/Escursione_Mega-Safari_a_Hurghada-e1552761724379.jpg?fit=300%2C168&ssl=1",300,168,true],"medium_large":["https:\/\/i0.wp.com\/landioustravel.com\/wp-content\/uploads\/2019\/01\/Escursione_Mega-Safari_a_Hurghada-e1552761724379.jpg?fit=768%2C431&ssl=1",768,431,true],"large":["https:\/\/i0.wp.com\/landioustravel.com\/wp-content\/uploads\/2019\/01\/Escursione_Mega-Safari_a_Hurghada-e1552761724379.jpg?fit=980%2C549&ssl=1",980,549,true],"1536x1536":["https:\/\/i0.wp.com\/landioustravel.com\/wp-content\/uploads\/2019\/01\/Escursione_Mega-Safari_a_Hurghada-e1552761724379.jpg?fit=1200%2C673&ssl=1",1200,673,true],"2048x2048":["https:\/\/i0.wp.com\/landioustravel.com\/wp-content\/uploads\/2019\/01\/Escursione_Mega-Safari_a_Hurghada-e1552761724379.jpg?fit=1200%2C673&ssl=1",1200,673,true],"newspack-article-block-landscape-large":["https:\/\/i0.wp.com\/landioustravel.com\/wp-content\/uploads\/2019\/01\/Escursione_Mega-Safari_a_Hurghada-e1552761724379.jpg?resize=1200%2C673&ssl=1",1200,673,true],"newspack-article-block-portrait-large":["https:\/\/i0.wp.com\/landioustravel.com\/wp-content\/uploads\/2019\/01\/Escursione_Mega-Safari_a_Hurghada-e1552761724379.jpg?resize=900%2C673&ssl=1",900,673,true],"newspack-article-block-square-large":["https:\/\/i0.wp.com\/landioustravel.com\/wp-content\/uploads\/2019\/01\/Escursione_Mega-Safari_a_Hurghada-e1552761724379.jpg?resize=1200%2C673&ssl=1",1200,673,true],"newspack-article-block-landscape-medium":["https:\/\/i0.wp.com\/landioustravel.com\/wp-content\/uploads\/2019\/01\/Escursione_Mega-Safari_a_Hurghada-e1552761724379.jpg?resize=800%2C600&ssl=1",800,600,true],"newspack-article-block-portrait-medium":["https:\/\/i0.wp.com\/landioustravel.com\/wp-content\/uploads\/2019\/01\/Escursione_Mega-Safari_a_Hurghada-e1552761724379.jpg?resize=600%2C673&ssl=1",600,673,true],"newspack-article-block-square-medium":["https:\/\/i0.wp.com\/landioustravel.com\/wp-content\/uploads\/2019\/01\/Escursione_Mega-Safari_a_Hurghada-e1552761724379.jpg?resize=800%2C673&ssl=1",800,673,true],"newspack-article-block-landscape-intermediate":["https:\/\/i0.wp.com\/landioustravel.com\/wp-content\/uploads\/2019\/01\/Escursione_Mega-Safari_a_Hurghada-e1552761724379.jpg?resize=600%2C450&ssl=1",600,450,true],"newspack-article-block-portrait-intermediate":["https:\/\/i0.wp.com\/landioustravel.com\/wp-content\/uploads\/2019\/01\/Escursione_Mega-Safari_a_Hurghada-e1552761724379.jpg?resize=450%2C600&ssl=1",450,600,true],"newspack-article-block-square-intermediate":["https:\/\/i0.wp.com\/landioustravel.com\/wp-content\/uploads\/2019\/01\/Escursione_Mega-Safari_a_Hurghada-e1552761724379.jpg?resize=600%2C600&ssl=1",600,600,true],"newspack-article-block-landscape-small":["https:\/\/i0.wp.com\/landioustravel.com\/wp-content\/uploads\/2019\/01\/Escursione_Mega-Safari_a_Hurghada-e1552761724379.jpg?resize=400%2C300&ssl=1",400,300,true],"newspack-article-block-portrait-small":["https:\/\/i0.wp.com\/landioustravel.com\/wp-content\/uploads\/2019\/01\/Escursione_Mega-Safari_a_Hurghada-e1552761724379.jpg?resize=300%2C400&ssl=1",300,400,true],"newspack-article-block-square-small":["https:\/\/i0.wp.com\/landioustravel.com\/wp-content\/uploads\/2019\/01\/Escursione_Mega-Safari_a_Hurghada-e1552761724379.jpg?resize=400%2C400&ssl=1",400,400,true],"newspack-article-block-landscape-tiny":["https:\/\/i0.wp.com\/landioustravel.com\/wp-content\/uploads\/2019\/01\/Escursione_Mega-Safari_a_Hurghada-e1552761724379.jpg?resize=200%2C150&ssl=1",200,150,true],"newspack-article-block-portrait-tiny":["https:\/\/i0.wp.com\/landioustravel.com\/wp-content\/uploads\/2019\/01\/Escursione_Mega-Safari_a_Hurghada-e1552761724379.jpg?resize=150%2C200&ssl=1",150,200,true],"newspack-article-block-square-tiny":["https:\/\/i0.wp.com\/landioustravel.com\/wp-content\/uploads\/2019\/01\/Escursione_Mega-Safari_a_Hurghada-e1552761724379.jpg?resize=200%2C200&ssl=1",200,200,true],"newspack-article-block-uncropped":["https:\/\/i0.wp.com\/landioustravel.com\/wp-content\/uploads\/2019\/01\/Escursione_Mega-Safari_a_Hurghada-e1552761724379.jpg?fit=1200%2C673&ssl=1",1200,673,true],"woocommerce_thumbnail":["https:\/\/i0.wp.com\/landioustravel.com\/wp-content\/uploads\/2019\/01\/Escursione_Mega-Safari_a_Hurghada-e1552761724379.jpg?resize=324%2C324&ssl=1",324,324,true],"woocommerce_single":["https:\/\/i0.wp.com\/landioustravel.com\/wp-content\/uploads\/2019\/01\/Escursione_Mega-Safari_a_Hurghada-e1552761724379.jpg?fit=416%2C233&ssl=1",416,233,true],"woocommerce_gallery_thumbnail":["https:\/\/i0.wp.com\/landioustravel.com\/wp-content\/uploads\/2019\/01\/Escursione_Mega-Safari_a_Hurghada-e1552761724379.jpg?resize=100%2C100&ssl=1",100,100,true]},"uagb_author_info":{"display_name":"Mofreh Landious","author_link":"https:\/\/landioustravel.com\/pl\/author\/"},"uagb_comment_info":4,"uagb_excerpt":"Je\u015bli szukasz ekscytuj\u0105cej przygody, pustynia Hurghady to idealny plac zabaw dla pojazd\u00f3w terenowych. B\u0119dziesz mia\u0142 du\u017co miejsca do przyspieszenia i kopania piasku. Najlepsza cz\u0119\u015b\u0107? Nie b\u0119dziesz musia\u0142 martwi\u0107 si\u0119 o organizacj\u0119 czegokolwiek. Zanurz si\u0119 w kulturze Beduin\u00f3w, podziwiaj\u0105c teren podczas tej eskapady ATV. Po otrzymaniu instrukcji przejd\u017a przez piaski do wioski Beduin\u00f3w, gdzie mo\u017cesz porozmawia\u0107&hellip;","jetpack_sharing_enabled":true,"jetpack_likes_enabled":true,"amp_enabled":true,"_links":{"self":[{"href":"https:\/\/landioustravel.com\/pl\/wp-json\/wp\/v2\/product\/2601","targetHints":{"allow":["GET"]}}],"collection":[{"href":"https:\/\/landioustravel.com\/pl\/wp-json\/wp\/v2\/product"}],"about":[{"href":"https:\/\/landioustravel.com\/pl\/wp-json\/wp\/v2\/types\/product"}],"replies":[{"embeddable":true,"href":"https:\/\/landioustravel.com\/pl\/wp-json\/wp\/v2\/comments?post=2601"}],"wp:featuredmedia":[{"embeddable":true,"href":"https:\/\/landioustravel.com\/pl\/wp-json\/wp\/v2\/media\/3087"}],"wp:attachment":[{"href":"https:\/\/landioustravel.com\/pl\/wp-json\/wp\/v2\/media?parent=2601"}],"wp:term":[{"taxonomy":"product_brand","embeddable":true,"href":"https:\/\/landioustravel.com\/pl\/wp-json\/wp\/v2\/product_brand?post=2601"},{"taxonomy":"product_cat","embeddable":true,"href":"https:\/\/landioustravel.com\/pl\/wp-json\/wp\/v2\/product_cat?post=2601"},{"taxonomy":"product_tag","embeddable":true,"href":"https:\/\/landioustravel.com\/pl\/wp-json\/wp\/v2\/product_tag?post=2601"}],"curies":[{"name":"wp","href":"https:\/\/api.w.org\/{rel}","templated":true}]}}