{"id":26027,"date":"2020-10-09T23:37:57","date_gmt":"2020-10-09T21:37:57","guid":{"rendered":"https:\/\/landioustravel.com\/?post_type=product&#038;p=26027"},"modified":"2025-10-14T01:20:04","modified_gmt":"2025-10-13T22:20:04","slug":"wycieczka-petra-szarm-el-szejk","status":"publish","type":"product","link":"https:\/\/landioustravel.com\/pl\/shop\/wycieczka-petra-szarm-el-szejk\/","title":{"rendered":"Wycieczka do Petry z Szarm el-Szejk"},"content":{"rendered":"<p>To wspania\u0142a wycieczka do Petry z <a href=\"https:\/\/landioustravel.com\/pl\/miasto-szarm-szejk\/\">Szarm el-Szejk<\/a> w Egipcie! Wycieczk\u0119 polecamy ze wzgl\u0119du na to, \u017ce tury\u015bci mog\u0105 zobaczy\u0107 najbardziej imponuj\u0105ce zabytki Petry, zbudowane w r\u00f3\u017cnych epokach oraz dowiedzie\u0107 si\u0119 wi\u0119cej o historii Jordanii. To naprawd\u0119 jedna z najlepszych wycieczek historyczno-kulturowych w Szarm el-Szejk do zaginionego miasta &#8211; Petry!<\/p>\n<h2>G\u0142\u00f3wne punkty programu wycieczek w Petrze<\/h2>\n<ul>\n<li>Przejd\u017a przez kanion Siq<\/li>\n<li>Wizyta w Al Khazneh lub w Wielkim Skarbcu Faraona<\/li>\n<li>Zwied\u017a tak\u017ce rzymski teatr i kr\u00f3lewskie grobowce<\/li>\n<li>Lunch<\/li>\n<li>Na koniec wizyta w forcie Al Habis<\/li>\n<\/ul>\n<h3>Program wycieczki do Petry z Szarm el-Szejk<\/h3>\n<ul>\n<li>Przedstawiciel Landious Travel odbierze Ci\u0119 z Twojego hotelu w Szarm el-Szejk oko\u0142o godziny 02:00<\/li>\n<li>Po zabraniu wszystkich przyby\u0142ych minibus odje\u017cd\u017ca do mariny Nuweiba, mijaj\u0105c miasto Dahab. W przypadku, gdy mamy w tym miejscu go\u015bci, nasz autobus przyjedzie do Dahabu po nich. Warto zauwa\u017cy\u0107, \u017ce miasta Dahab i Nuweiba znajduj\u0105 si\u0119 na p\u00f3\u0142noc od Sharm El-Sheikh, na wybrze\u017cu Morza Czerwonego. Droga z centrum Sharm El-Sheikh do mariny Nuweiba trwa oko\u0142o 3 godzin<\/li>\n<li>W zwi\u0105zku z tym p\u0142yniesz na pok\u0142adzie promu do Jordanii. W Jordanii rozpoczynasz jazd\u0119 do s\u0142ynnego miasta Petra<\/li>\n<\/ul>\n<h4>Program w Petrze<\/h4>\n<ul>\n<li>Gdy tylko dotrzesz do Petry, rozpocznij swoj\u0105 podr\u00f3\u017c od spaceru po kanionie Siq. Ten kanion to kilometr pi\u0119knych formacji z piaskowca. To cudowne arcydzie\u0142o wyryte w fasadzie g\u00f3ry z piaskowca! O dziwo, prowadzi ci\u0119 do Skarbu Faraona lub Al Khazneh! Stoi w sercu pustyni, z tak imponuj\u0105cym widokiem!<\/li>\n<li>Po wizycie w Al Khazneh b\u0119dziesz cieszy\u0107 si\u0119 zwiedzaniem rzymskiego teatru i kr\u00f3lewskich grobowc\u00f3w, kt\u00f3re si\u0119gaj\u0105 czas\u00f3w bizantyjskich.<\/li>\n<li>Nast\u0119pny przystanek b\u0119dzie w restauracji. Lunch nast\u0119puje po wizycie w tych interesuj\u0105cych zabytkach. B\u0119dzie w jednej z najlepszych restauracji w Petrze<\/li>\n<li>Oczywi\u015bcie kontynuowa\u0142e\u015b swoj\u0105 podr\u00f3\u017c w Petrze odwiedzaj\u0105c Fort Al Habis. Znajduje si\u0119 na szczycie wzg\u00f3rza i pochodzi z XII wieku. Na szcz\u0119\u015bcie zapieraj\u0105ca dech w piersiach panorama g\u0142\u0119bokich w\u0105woz\u00f3w i kolorowych formacji skalnych pozostawia tak cudowne wra\u017cenia w Twojej duszy<\/li>\n<li>Wreszcie nasz autobus odje\u017cd\u017ca po takim programie w cudownym mie\u015bcie Petra do portu Akaba.<\/li>\n<li>Ta \u201eWycieczka do Petry z Szarm el-Szejk\u201d ko\u0144czy si\u0119 oko\u0142o 23:00 nast\u0119pnego dnia<\/li>\n<\/ul>\n<h4>Co jest wliczone w cen\u0119 wycieczki<\/h4>\n<ul>\n<li>Bilety na zwiedzanie \u015bwi\u0105ty\u0144<\/li>\n<li>Lunch<\/li>\n<li>Przewodnik<\/li>\n<li>Ponadto wszystkie transfery do Petry w Jordanii iz powrotem do hotelu<\/li>\n<\/ul>\n<h5>Co nie jest wliczone w cen\u0119 wycieczki<\/h5>\n<ul>\n<li>Dodatkowe programy wycieczek, je\u015bli nie zosta\u0142y uwzgl\u0119dnione w powy\u017cszym programie<\/li>\n<li>R\u00f3wnie\u017c napoje w restauracji<\/li>\n<\/ul>\n<h6>Co zabra\u0107 ze sob\u0105 na wycieczk\u0119 do Petry<\/h6>\n<ul>\n<li>Pude\u0142ko \u015bniadaniowe<\/li>\n<li>Paszport<\/li>\n<li>R\u00f3wnie\u017c ubrania na sezon<\/li>\n<\/ul>\n<h6>Dni organizacji wycieczek<\/h6>\n<ul>\n<li>Wtorki od 02: 00-22: 00 nast\u0119pnego dnia<\/li>\n<li>Pi\u0105tki od 02: 00-22: 00 nast\u0119pnego dnia<\/li>\n<\/ul>\n","protected":false},"excerpt":{"rendered":"<p>Je\u015bli marzysz o zapieraj\u0105cej dech w piersiach przygodzie, po prostu nie mo\u017cesz przegapi\u0107 wspania\u0142ych kamiennych cud\u00f3w Petry. Podr\u00f3\u017c mo\u017ce wymaga\u0107 podr\u00f3\u017cy autobusem, \u0142odzi\u0105 i konno lub na wielb\u0142\u0105dzie podczas sze\u015bciogodzinnej podr\u00f3\u017cy z Sharm El Sheikh w Egipcie, ale zaufaj nam, gdy powiemy, \u017ce do\u015bwiadczenie jest warte ka\u017cdego wysi\u0142ku.<\/p>\n<p>Petra to nie tylko popularne miejsce turystyczne w Jordanii. To historyczny klejnot, kt\u00f3ry szczyci si\u0119 ogromem, pi\u0119knem i znaczeniem niepor\u00f3wnywalnym z \u017cadnym innym stanowiskiem archeologicznym na \u015bwiecie. B\u0119dziesz mia\u0142 okazj\u0119 zwiedzi\u0107 miasto Petra, kt\u00f3re zosta\u0142o wykute w g\u00f3rach prawie 2000 lat temu i na w\u0142asne oczy zobaczy\u0107 jego wielko\u015b\u0107.<\/p>\n<p>Nasza trasa obejmuje odbi\u00f3r z hotelu, autobus do granic, prom do Petry i dwie godziny jazdy samochodem do Petry, aby rozpocz\u0105\u0107 przygod\u0119 z angloj\u0119zycznym przewodnikiem. Petra by\u0142a kiedy\u015b domem dla 30 000 ludzi, kt\u00f3rzy prosperowali na tej suchej pustyni i zaspokajali pragnienie dzi\u0119ki systemowi kana\u0142\u00f3w i cystern, kt\u00f3re zbiera\u0142y i przechowywa\u0142y zimowe deszcze do wykorzystania w przysz\u0142o\u015bci. Nabatejczycy byli niezwykle utalentowanymi in\u017cynierami, kt\u00f3rzy nawet budowali ogrody w surowym \u015brodowisku.<\/p>\n<p>Tw\u00f3j pierwszy spacer w Petrze b\u0119dzie przebiega\u0142 przez osza\u0142amiaj\u0105cy kanion Siq, naturaln\u0105 cech\u0119 geologiczn\u0105 utworzon\u0105 z g\u0142\u0119bokiego p\u0119kni\u0119cia w piaskowcowych ska\u0142ach. Ten kanion jest jednym z g\u0142\u00f3wnych powod\u00f3w, dla kt\u00f3rych Petra by\u0142a tak kusz\u0105cym miejscem dla Nabatejczyk\u00f3w, za w\u0105skim i \u0142atwym do obrony kanionem znanym jako Siq.<\/p>\n<p>Twoja nast\u0119pna wizyta powinna odby\u0107 si\u0119 w wielkim skarbcu faraona, znanym jako Al Khazneh. Ma klasyczn\u0105 architektur\u0119 z wp\u0142ywami greckimi i zosta\u0142 pierwotnie zbudowany prawdopodobnie mi\u0119dzy 100 pne a 200 rne. Nabatejczycy byli doskona\u0142ymi in\u017cynierami i budowali systemy oszcz\u0119dzania wody i nawadniania oraz rze\u017abili swoje domy, \u015bwi\u0105tynie, groby i grobowce prosto ze ska\u0142.<\/p>\n<p>Nie zapominajmy o Teatrze Rzymskim, po kt\u00f3rym nast\u0119puje okres, w kt\u00f3rym dominuj\u0105ca cywilizacja \u0142\u0105czy elementy greckie, egipskie i syryjskie, wskazuj\u0105c na epok\u0119 Ptolemeusz\u00f3w. Dzi\u0119ki niesamowitym umiej\u0119tno\u015bciom Nabatejczyk\u00f3w zbudowali systemy oszcz\u0119dzania wody i nawadniania oraz wykuli w ska\u0142ach swoje domy, \u015bwi\u0105tynie, groby i grobowce.<\/p>\n<p>Po niezapomnianym dniu zwiedzania zjesz pyszny lunch w niesamowitej restauracji w centrum miasta. Ale zanim wr\u00f3cimy do portu, zabierzemy Ci\u0119 do fortu Al Habis, sk\u0105d b\u0119dziesz mia\u0142 pi\u0119kny widok na ca\u0142e centralne dorzecze Petry, w kt\u00f3rym znajduje si\u0119 Twierdza Krzy\u017cowc\u00f3w Al-Habis. Jest to drugorz\u0119dna twierdza, zaprojektowana i zlokalizowana w celu kontrolowania strategicznej trasy komunikacyjnej w dorzeczu Petry, kt\u00f3rej nie by\u0142o wida\u0107 z twierdzy Al-Wu&#8217;eira.<\/p>\n<p>Petra to nie tylko miejsce docelowe; to prze\u017cycie na ca\u0142e \u017cycie. Je\u015bli szukasz wycieczki, kt\u00f3ra pozostawi trwa\u0142e wspomnienia i poczucie zadziwienia, Petra jest zdecydowanie warta podr\u00f3\u017cy.<\/p>\n","protected":false},"featured_media":45785,"comment_status":"open","ping_status":"closed","template":"","meta":{"_coblocks_attr":"","_coblocks_dimensions":"","_coblocks_responsive_height":"","_coblocks_accordion_ie_support":"","_uag_custom_page_level_css":"","jetpack_publicize_message":"","jetpack_publicize_feature_enabled":true,"jetpack_social_post_already_shared":true,"jetpack_social_options":{"image_generator_settings":{"template":"highway","default_image_id":0,"font":"","enabled":false},"version":2},"_wpas_customize_per_network":false},"product_brand":[],"product_cat":[1951,1950],"product_tag":[1963,1961,9909],"class_list":{"0":"post-26027","1":"product","2":"type-product","3":"status-publish","4":"has-post-thumbnail","6":"product_cat-historyczne-wycieczki-sharm","7":"product_cat-wycieczki-sharm-sheikh","8":"product_tag-szarm-el-szejk","9":"product_tag-wycieczka","10":"product_tag-zwiedzanie","11":"pa_age-dorosly","12":"pa_age-dziecko","14":"first","15":"instock","16":"sale","17":"featured","18":"taxable","19":"shipping-taxable","20":"purchasable","21":"product-type-variable"},"yoast_head":"<!-- This site is optimized with the Yoast SEO Premium plugin v26.9 (Yoast SEO v27.5) - https:\/\/yoast.com\/product\/yoast-seo-premium-wordpress\/ -->\n<title>Wycieczka do Petry z Szarm el-Szejk<\/title>\n<meta name=\"description\" content=\"Wycieczka do Petry z Szarm el-Szejk odwied\u017a historyczne i archeologiczne miasto Petra w Jordanii, staro\u017cytne muzeum Nabatean, teatr rzymski, grobowce t\u0119czy\" \/>\n<meta name=\"robots\" content=\"index, follow, max-snippet:-1, max-image-preview:large, max-video-preview:-1\" \/>\n<link rel=\"canonical\" href=\"https:\/\/landioustravel.com\/pl\/shop\/wycieczka-petra-szarm-el-szejk\/\" \/>\n<meta property=\"og:locale\" content=\"pl_PL\" \/>\n<meta property=\"og:type\" content=\"article\" \/>\n<meta property=\"og:title\" content=\"Wycieczka do Petry z Szarm el-Szejk\" \/>\n<meta property=\"og:description\" content=\"Landious Travel\" \/>\n<meta property=\"og:url\" content=\"https:\/\/landioustravel.com\/pl\/shop\/wycieczka-petra-szarm-el-szejk\/\" \/>\n<meta property=\"og:site_name\" content=\"Landious Travel\" \/>\n<meta property=\"article:publisher\" content=\"https:\/\/web.facebook.com\/landiousEgypt\" \/>\n<meta property=\"article:modified_time\" content=\"2025-10-13T22:20:04+00:00\" \/>\n<meta property=\"og:image\" content=\"https:\/\/landioustravel.com\/wp-content\/uploads\/2020\/10\/Petra-Excursion-Sharm-El-Sheikh-e1617559875705.jpg\" \/>\n\t<meta property=\"og:image:width\" content=\"1200\" \/>\n\t<meta property=\"og:image:height\" content=\"675\" \/>\n\t<meta property=\"og:image:type\" content=\"image\/jpeg\" \/>\n<meta name=\"twitter:card\" content=\"summary_large_image\" \/>\n<meta name=\"twitter:site\" content=\"@LandiousTours\" \/>\n<meta name=\"twitter:label1\" content=\"Szacowany czas czytania\" \/>\n\t<meta name=\"twitter:data1\" content=\"3 minuty\" \/>\n<script type=\"application\/ld+json\" class=\"yoast-schema-graph\">{\"@context\":\"https:\\\/\\\/schema.org\",\"@graph\":[{\"@type\":\"WebPage\",\"@id\":\"https:\\\/\\\/landioustravel.com\\\/pl\\\/shop\\\/wycieczka-petra-szarm-el-szejk\\\/\",\"url\":\"https:\\\/\\\/landioustravel.com\\\/pl\\\/shop\\\/wycieczka-petra-szarm-el-szejk\\\/\",\"name\":\"Wycieczka do Petry z Szarm el-Szejk\",\"isPartOf\":{\"@id\":\"https:\\\/\\\/landioustravel.com\\\/pl\\\/#website\"},\"primaryImageOfPage\":{\"@id\":\"https:\\\/\\\/landioustravel.com\\\/pl\\\/shop\\\/wycieczka-petra-szarm-el-szejk\\\/#primaryimage\"},\"image\":{\"@id\":\"https:\\\/\\\/landioustravel.com\\\/pl\\\/shop\\\/wycieczka-petra-szarm-el-szejk\\\/#primaryimage\"},\"thumbnailUrl\":\"https:\\\/\\\/i0.wp.com\\\/landioustravel.com\\\/wp-content\\\/uploads\\\/2020\\\/10\\\/Petra-Excursion-Sharm-El-Sheikh-e1617559875705.jpg?fit=1200%2C675&ssl=1\",\"datePublished\":\"2020-10-09T21:37:57+00:00\",\"dateModified\":\"2025-10-13T22:20:04+00:00\",\"description\":\"Wycieczka do Petry z Szarm el-Szejk odwied\u017a historyczne i archeologiczne miasto Petra w Jordanii, staro\u017cytne muzeum Nabatean, teatr rzymski, grobowce t\u0119czy\",\"breadcrumb\":{\"@id\":\"https:\\\/\\\/landioustravel.com\\\/pl\\\/shop\\\/wycieczka-petra-szarm-el-szejk\\\/#breadcrumb\"},\"inLanguage\":\"pl-PL\",\"potentialAction\":[{\"@type\":\"ReadAction\",\"target\":[\"https:\\\/\\\/landioustravel.com\\\/pl\\\/shop\\\/wycieczka-petra-szarm-el-szejk\\\/\"]}]},{\"@type\":\"ImageObject\",\"inLanguage\":\"pl-PL\",\"@id\":\"https:\\\/\\\/landioustravel.com\\\/pl\\\/shop\\\/wycieczka-petra-szarm-el-szejk\\\/#primaryimage\",\"url\":\"https:\\\/\\\/i0.wp.com\\\/landioustravel.com\\\/wp-content\\\/uploads\\\/2020\\\/10\\\/Petra-Excursion-Sharm-El-Sheikh-e1617559875705.jpg?fit=1200%2C675&ssl=1\",\"contentUrl\":\"https:\\\/\\\/i0.wp.com\\\/landioustravel.com\\\/wp-content\\\/uploads\\\/2020\\\/10\\\/Petra-Excursion-Sharm-El-Sheikh-e1617559875705.jpg?fit=1200%2C675&ssl=1\",\"width\":1200,\"height\":675,\"caption\":\"Petra Excursion Sharm El Sheikh\"},{\"@type\":\"BreadcrumbList\",\"@id\":\"https:\\\/\\\/landioustravel.com\\\/pl\\\/shop\\\/wycieczka-petra-szarm-el-szejk\\\/#breadcrumb\",\"itemListElement\":[{\"@type\":\"ListItem\",\"position\":1,\"name\":\"Home\",\"item\":\"https:\\\/\\\/landioustravel.com\\\/pl\\\/\"},{\"@type\":\"ListItem\",\"position\":2,\"name\":\"Us\u0142ugi i wycieczki\",\"item\":\"https:\\\/\\\/landioustravel.com\\\/pl\\\/\"},{\"@type\":\"ListItem\",\"position\":3,\"name\":\"Wycieczka do Petry z Szarm el-Szejk\"}]},{\"@type\":\"WebSite\",\"@id\":\"https:\\\/\\\/landioustravel.com\\\/pl\\\/#website\",\"url\":\"https:\\\/\\\/landioustravel.com\\\/pl\\\/\",\"name\":\"Landious Travel\",\"description\":\"Excursions, trips and cruises in Egypt\",\"publisher\":{\"@id\":\"https:\\\/\\\/landioustravel.com\\\/pl\\\/#organization\"},\"potentialAction\":[{\"@type\":\"SearchAction\",\"target\":{\"@type\":\"EntryPoint\",\"urlTemplate\":\"https:\\\/\\\/landioustravel.com\\\/pl\\\/?s={search_term_string}\"},\"query-input\":{\"@type\":\"PropertyValueSpecification\",\"valueRequired\":true,\"valueName\":\"search_term_string\"}}],\"inLanguage\":\"pl-PL\"},{\"@type\":[\"Organization\",\"Place\"],\"@id\":\"https:\\\/\\\/landioustravel.com\\\/pl\\\/#organization\",\"name\":\"Landious Travel\",\"alternateName\":\"Landious Travel\",\"url\":\"https:\\\/\\\/landioustravel.com\\\/pl\\\/\",\"logo\":{\"@id\":\"https:\\\/\\\/landioustravel.com\\\/pl\\\/shop\\\/wycieczka-petra-szarm-el-szejk\\\/#local-main-organization-logo\"},\"image\":{\"@id\":\"https:\\\/\\\/landioustravel.com\\\/pl\\\/shop\\\/wycieczka-petra-szarm-el-szejk\\\/#local-main-organization-logo\"},\"sameAs\":[\"https:\\\/\\\/web.facebook.com\\\/landiousEgypt\",\"https:\\\/\\\/x.com\\\/LandiousTours\",\"https:\\\/\\\/mastodon.social\\\/@landious\"],\"legalName\":\"Landious Travel\",\"telephone\":[],\"openingHoursSpecification\":[{\"@type\":\"OpeningHoursSpecification\",\"dayOfWeek\":[\"Monday\",\"Tuesday\",\"Wednesday\",\"Thursday\",\"Friday\",\"Saturday\",\"Sunday\"],\"opens\":\"09:00\",\"closes\":\"17:00\"}]},{\"@type\":\"ImageObject\",\"inLanguage\":\"pl-PL\",\"@id\":\"https:\\\/\\\/landioustravel.com\\\/pl\\\/shop\\\/wycieczka-petra-szarm-el-szejk\\\/#local-main-organization-logo\",\"url\":\"https:\\\/\\\/i0.wp.com\\\/landioustravel.com\\\/wp-content\\\/uploads\\\/2021\\\/06\\\/Landious-T.png?fit=500%2C500&ssl=1\",\"contentUrl\":\"https:\\\/\\\/i0.wp.com\\\/landioustravel.com\\\/wp-content\\\/uploads\\\/2021\\\/06\\\/Landious-T.png?fit=500%2C500&ssl=1\",\"width\":500,\"height\":500,\"caption\":\"Landious Travel\"}]}<\/script>\n<!-- \/ Yoast SEO Premium plugin. -->","yoast_head_json":{"title":"Wycieczka do Petry z Szarm el-Szejk","description":"Wycieczka do Petry z Szarm el-Szejk odwied\u017a historyczne i archeologiczne miasto Petra w Jordanii, staro\u017cytne muzeum Nabatean, teatr rzymski, grobowce t\u0119czy","robots":{"index":"index","follow":"follow","max-snippet":"max-snippet:-1","max-image-preview":"max-image-preview:large","max-video-preview":"max-video-preview:-1"},"canonical":"https:\/\/landioustravel.com\/pl\/shop\/wycieczka-petra-szarm-el-szejk\/","og_locale":"pl_PL","og_type":"article","og_title":"Wycieczka do Petry z Szarm el-Szejk","og_description":"Landious Travel","og_url":"https:\/\/landioustravel.com\/pl\/shop\/wycieczka-petra-szarm-el-szejk\/","og_site_name":"Landious Travel","article_publisher":"https:\/\/web.facebook.com\/landiousEgypt","article_modified_time":"2025-10-13T22:20:04+00:00","og_image":[{"width":1200,"height":675,"url":"https:\/\/landioustravel.com\/wp-content\/uploads\/2020\/10\/Petra-Excursion-Sharm-El-Sheikh-e1617559875705.jpg","type":"image\/jpeg"}],"twitter_card":"summary_large_image","twitter_site":"@LandiousTours","twitter_misc":{"Szacowany czas czytania":"3 minuty"},"schema":{"@context":"https:\/\/schema.org","@graph":[{"@type":"WebPage","@id":"https:\/\/landioustravel.com\/pl\/shop\/wycieczka-petra-szarm-el-szejk\/","url":"https:\/\/landioustravel.com\/pl\/shop\/wycieczka-petra-szarm-el-szejk\/","name":"Wycieczka do Petry z Szarm el-Szejk","isPartOf":{"@id":"https:\/\/landioustravel.com\/pl\/#website"},"primaryImageOfPage":{"@id":"https:\/\/landioustravel.com\/pl\/shop\/wycieczka-petra-szarm-el-szejk\/#primaryimage"},"image":{"@id":"https:\/\/landioustravel.com\/pl\/shop\/wycieczka-petra-szarm-el-szejk\/#primaryimage"},"thumbnailUrl":"https:\/\/i0.wp.com\/landioustravel.com\/wp-content\/uploads\/2020\/10\/Petra-Excursion-Sharm-El-Sheikh-e1617559875705.jpg?fit=1200%2C675&ssl=1","datePublished":"2020-10-09T21:37:57+00:00","dateModified":"2025-10-13T22:20:04+00:00","description":"Wycieczka do Petry z Szarm el-Szejk odwied\u017a historyczne i archeologiczne miasto Petra w Jordanii, staro\u017cytne muzeum Nabatean, teatr rzymski, grobowce t\u0119czy","breadcrumb":{"@id":"https:\/\/landioustravel.com\/pl\/shop\/wycieczka-petra-szarm-el-szejk\/#breadcrumb"},"inLanguage":"pl-PL","potentialAction":[{"@type":"ReadAction","target":["https:\/\/landioustravel.com\/pl\/shop\/wycieczka-petra-szarm-el-szejk\/"]}]},{"@type":"ImageObject","inLanguage":"pl-PL","@id":"https:\/\/landioustravel.com\/pl\/shop\/wycieczka-petra-szarm-el-szejk\/#primaryimage","url":"https:\/\/i0.wp.com\/landioustravel.com\/wp-content\/uploads\/2020\/10\/Petra-Excursion-Sharm-El-Sheikh-e1617559875705.jpg?fit=1200%2C675&ssl=1","contentUrl":"https:\/\/i0.wp.com\/landioustravel.com\/wp-content\/uploads\/2020\/10\/Petra-Excursion-Sharm-El-Sheikh-e1617559875705.jpg?fit=1200%2C675&ssl=1","width":1200,"height":675,"caption":"Petra Excursion Sharm El Sheikh"},{"@type":"BreadcrumbList","@id":"https:\/\/landioustravel.com\/pl\/shop\/wycieczka-petra-szarm-el-szejk\/#breadcrumb","itemListElement":[{"@type":"ListItem","position":1,"name":"Home","item":"https:\/\/landioustravel.com\/pl\/"},{"@type":"ListItem","position":2,"name":"Us\u0142ugi i wycieczki","item":"https:\/\/landioustravel.com\/pl\/"},{"@type":"ListItem","position":3,"name":"Wycieczka do Petry z Szarm el-Szejk"}]},{"@type":"WebSite","@id":"https:\/\/landioustravel.com\/pl\/#website","url":"https:\/\/landioustravel.com\/pl\/","name":"Landious Travel","description":"Excursions, trips and cruises in Egypt","publisher":{"@id":"https:\/\/landioustravel.com\/pl\/#organization"},"potentialAction":[{"@type":"SearchAction","target":{"@type":"EntryPoint","urlTemplate":"https:\/\/landioustravel.com\/pl\/?s={search_term_string}"},"query-input":{"@type":"PropertyValueSpecification","valueRequired":true,"valueName":"search_term_string"}}],"inLanguage":"pl-PL"},{"@type":["Organization","Place"],"@id":"https:\/\/landioustravel.com\/pl\/#organization","name":"Landious Travel","alternateName":"Landious Travel","url":"https:\/\/landioustravel.com\/pl\/","logo":{"@id":"https:\/\/landioustravel.com\/pl\/shop\/wycieczka-petra-szarm-el-szejk\/#local-main-organization-logo"},"image":{"@id":"https:\/\/landioustravel.com\/pl\/shop\/wycieczka-petra-szarm-el-szejk\/#local-main-organization-logo"},"sameAs":["https:\/\/web.facebook.com\/landiousEgypt","https:\/\/x.com\/LandiousTours","https:\/\/mastodon.social\/@landious"],"legalName":"Landious Travel","telephone":[],"openingHoursSpecification":[{"@type":"OpeningHoursSpecification","dayOfWeek":["Monday","Tuesday","Wednesday","Thursday","Friday","Saturday","Sunday"],"opens":"09:00","closes":"17:00"}]},{"@type":"ImageObject","inLanguage":"pl-PL","@id":"https:\/\/landioustravel.com\/pl\/shop\/wycieczka-petra-szarm-el-szejk\/#local-main-organization-logo","url":"https:\/\/i0.wp.com\/landioustravel.com\/wp-content\/uploads\/2021\/06\/Landious-T.png?fit=500%2C500&ssl=1","contentUrl":"https:\/\/i0.wp.com\/landioustravel.com\/wp-content\/uploads\/2021\/06\/Landious-T.png?fit=500%2C500&ssl=1","width":500,"height":500,"caption":"Landious Travel"}]}},"jetpack_publicize_connections":[],"uagb_featured_image_src":{"full":["https:\/\/i0.wp.com\/landioustravel.com\/wp-content\/uploads\/2020\/10\/Petra-Excursion-Sharm-El-Sheikh-e1617559875705.jpg?fit=1200%2C675&ssl=1",1200,675,false],"thumbnail":["https:\/\/i0.wp.com\/landioustravel.com\/wp-content\/uploads\/2020\/10\/Petra-Excursion-Sharm-El-Sheikh-e1617559875705.jpg?resize=150%2C150&ssl=1",150,150,true],"medium":["https:\/\/i0.wp.com\/landioustravel.com\/wp-content\/uploads\/2020\/10\/Petra-Excursion-Sharm-El-Sheikh-e1617559875705.jpg?fit=300%2C169&ssl=1",300,169,true],"medium_large":["https:\/\/i0.wp.com\/landioustravel.com\/wp-content\/uploads\/2020\/10\/Petra-Excursion-Sharm-El-Sheikh-e1617559875705.jpg?fit=768%2C432&ssl=1",768,432,true],"large":["https:\/\/i0.wp.com\/landioustravel.com\/wp-content\/uploads\/2020\/10\/Petra-Excursion-Sharm-El-Sheikh-e1617559875705.jpg?fit=980%2C551&ssl=1",980,551,true],"1536x1536":["https:\/\/i0.wp.com\/landioustravel.com\/wp-content\/uploads\/2020\/10\/Petra-Excursion-Sharm-El-Sheikh-e1617559875705.jpg?fit=1200%2C675&ssl=1",1200,675,true],"2048x2048":["https:\/\/i0.wp.com\/landioustravel.com\/wp-content\/uploads\/2020\/10\/Petra-Excursion-Sharm-El-Sheikh-e1617559875705.jpg?fit=1200%2C675&ssl=1",1200,675,true],"newspack-article-block-landscape-large":["https:\/\/i0.wp.com\/landioustravel.com\/wp-content\/uploads\/2020\/10\/Petra-Excursion-Sharm-El-Sheikh-e1617559875705.jpg?resize=1200%2C675&ssl=1",1200,720,true],"newspack-article-block-portrait-large":["https:\/\/i0.wp.com\/landioustravel.com\/wp-content\/uploads\/2020\/10\/Petra-Excursion-Sharm-El-Sheikh-e1617559875705.jpg?resize=900%2C675&ssl=1",900,720,true],"newspack-article-block-square-large":["https:\/\/i0.wp.com\/landioustravel.com\/wp-content\/uploads\/2020\/10\/Petra-Excursion-Sharm-El-Sheikh-e1617559875705.jpg?resize=1200%2C675&ssl=1",1200,720,true],"newspack-article-block-landscape-medium":["https:\/\/i0.wp.com\/landioustravel.com\/wp-content\/uploads\/2020\/10\/Petra-Excursion-Sharm-El-Sheikh-e1617559875705.jpg?resize=800%2C600&ssl=1",800,600,true],"newspack-article-block-portrait-medium":["https:\/\/i0.wp.com\/landioustravel.com\/wp-content\/uploads\/2020\/10\/Petra-Excursion-Sharm-El-Sheikh-e1617559875705.jpg?resize=600%2C675&ssl=1",600,720,true],"newspack-article-block-square-medium":["https:\/\/i0.wp.com\/landioustravel.com\/wp-content\/uploads\/2020\/10\/Petra-Excursion-Sharm-El-Sheikh-e1617559875705.jpg?resize=800%2C675&ssl=1",800,720,true],"newspack-article-block-landscape-intermediate":["https:\/\/i0.wp.com\/landioustravel.com\/wp-content\/uploads\/2020\/10\/Petra-Excursion-Sharm-El-Sheikh-e1617559875705.jpg?resize=600%2C450&ssl=1",600,450,true],"newspack-article-block-portrait-intermediate":["https:\/\/i0.wp.com\/landioustravel.com\/wp-content\/uploads\/2020\/10\/Petra-Excursion-Sharm-El-Sheikh-e1617559875705.jpg?resize=450%2C600&ssl=1",450,600,true],"newspack-article-block-square-intermediate":["https:\/\/i0.wp.com\/landioustravel.com\/wp-content\/uploads\/2020\/10\/Petra-Excursion-Sharm-El-Sheikh-e1617559875705.jpg?resize=600%2C600&ssl=1",600,600,true],"newspack-article-block-landscape-small":["https:\/\/i0.wp.com\/landioustravel.com\/wp-content\/uploads\/2020\/10\/Petra-Excursion-Sharm-El-Sheikh-e1617559875705.jpg?resize=400%2C300&ssl=1",400,300,true],"newspack-article-block-portrait-small":["https:\/\/i0.wp.com\/landioustravel.com\/wp-content\/uploads\/2020\/10\/Petra-Excursion-Sharm-El-Sheikh-e1617559875705.jpg?resize=300%2C400&ssl=1",300,400,true],"newspack-article-block-square-small":["https:\/\/i0.wp.com\/landioustravel.com\/wp-content\/uploads\/2020\/10\/Petra-Excursion-Sharm-El-Sheikh-e1617559875705.jpg?resize=400%2C400&ssl=1",400,400,true],"newspack-article-block-landscape-tiny":["https:\/\/i0.wp.com\/landioustravel.com\/wp-content\/uploads\/2020\/10\/Petra-Excursion-Sharm-El-Sheikh-e1617559875705.jpg?resize=200%2C150&ssl=1",200,150,true],"newspack-article-block-portrait-tiny":["https:\/\/i0.wp.com\/landioustravel.com\/wp-content\/uploads\/2020\/10\/Petra-Excursion-Sharm-El-Sheikh-e1617559875705.jpg?resize=150%2C200&ssl=1",150,200,true],"newspack-article-block-square-tiny":["https:\/\/i0.wp.com\/landioustravel.com\/wp-content\/uploads\/2020\/10\/Petra-Excursion-Sharm-El-Sheikh-e1617559875705.jpg?resize=200%2C200&ssl=1",200,200,true],"newspack-article-block-uncropped":["https:\/\/i0.wp.com\/landioustravel.com\/wp-content\/uploads\/2020\/10\/Petra-Excursion-Sharm-El-Sheikh-e1617559875705.jpg?fit=1200%2C675&ssl=1",1200,675,true],"woocommerce_thumbnail":["https:\/\/i0.wp.com\/landioustravel.com\/wp-content\/uploads\/2020\/10\/Petra-Excursion-Sharm-El-Sheikh-e1617559875705.jpg?resize=324%2C324&ssl=1",324,324,true],"woocommerce_single":["https:\/\/i0.wp.com\/landioustravel.com\/wp-content\/uploads\/2020\/10\/Petra-Excursion-Sharm-El-Sheikh-e1617559875705.jpg?fit=416%2C234&ssl=1",416,234,true],"woocommerce_gallery_thumbnail":["https:\/\/i0.wp.com\/landioustravel.com\/wp-content\/uploads\/2020\/10\/Petra-Excursion-Sharm-El-Sheikh-e1617559875705.jpg?resize=100%2C100&ssl=1",100,100,true]},"uagb_author_info":{"display_name":"Mofreh Landious","author_link":"https:\/\/landioustravel.com\/pl\/author\/"},"uagb_comment_info":3,"uagb_excerpt":"Je\u015bli marzysz o zapieraj\u0105cej dech w piersiach przygodzie, po prostu nie mo\u017cesz przegapi\u0107 wspania\u0142ych kamiennych cud\u00f3w Petry. Podr\u00f3\u017c mo\u017ce wymaga\u0107 podr\u00f3\u017cy autobusem, \u0142odzi\u0105 i konno lub na wielb\u0142\u0105dzie podczas sze\u015bciogodzinnej podr\u00f3\u017cy z Sharm El Sheikh w Egipcie, ale zaufaj nam, gdy powiemy, \u017ce do\u015bwiadczenie jest warte ka\u017cdego wysi\u0142ku. Petra to nie tylko popularne miejsce turystyczne&hellip;","jetpack_sharing_enabled":true,"jetpack_likes_enabled":true,"amp_enabled":true,"_links":{"self":[{"href":"https:\/\/landioustravel.com\/pl\/wp-json\/wp\/v2\/product\/26027","targetHints":{"allow":["GET"]}}],"collection":[{"href":"https:\/\/landioustravel.com\/pl\/wp-json\/wp\/v2\/product"}],"about":[{"href":"https:\/\/landioustravel.com\/pl\/wp-json\/wp\/v2\/types\/product"}],"replies":[{"embeddable":true,"href":"https:\/\/landioustravel.com\/pl\/wp-json\/wp\/v2\/comments?post=26027"}],"wp:featuredmedia":[{"embeddable":true,"href":"https:\/\/landioustravel.com\/pl\/wp-json\/wp\/v2\/media\/45785"}],"wp:attachment":[{"href":"https:\/\/landioustravel.com\/pl\/wp-json\/wp\/v2\/media?parent=26027"}],"wp:term":[{"taxonomy":"product_brand","embeddable":true,"href":"https:\/\/landioustravel.com\/pl\/wp-json\/wp\/v2\/product_brand?post=26027"},{"taxonomy":"product_cat","embeddable":true,"href":"https:\/\/landioustravel.com\/pl\/wp-json\/wp\/v2\/product_cat?post=26027"},{"taxonomy":"product_tag","embeddable":true,"href":"https:\/\/landioustravel.com\/pl\/wp-json\/wp\/v2\/product_tag?post=26027"}],"curies":[{"name":"wp","href":"https:\/\/api.w.org\/{rel}","templated":true}]}}