{"id":26050,"date":"2020-10-10T21:20:16","date_gmt":"2020-11-29T12:43:49","guid":{"rendered":"https:\/\/landioustravel.com\/?post_type=product&#038;p=26050"},"modified":"2024-04-24T19:12:18","modified_gmt":"2024-04-24T17:12:18","slug":"wycieczka-parasailingiem-szarm-szejk","status":"publish","type":"product","link":"https:\/\/landioustravel.com\/pl\/shop\/wycieczka-parasailingiem-szarm-szejk\/","title":{"rendered":"Wycieczka parasailingiem w Szarm el-Szejk"},"content":{"rendered":"<p>To ekscytuj\u0105ca, prywatna wycieczka na <a href=\"https:\/\/landioustravel.com\/product-tag\/parasailing\/\">parasailing<\/a> w <a href=\"https:\/\/landioustravel.com\/pl\/miasto-szarm-szejk\/\">Szarm el-Szejk<\/a> w Egipcie! Polecamy wycieczk\u0119, poniewa\u017c pozwala turystom na zabaw\u0119 nad morzem! Do\u015bwiadczysz jednego z najbardziej niesamowitych sport\u00f3w wodnych &#8211; parasailing. Podczas tego do\u015bwiadczenia zobaczysz miasto Szarm el-Szejk na spadochronie. Spodoba ci si\u0119 tak wiele najlepszych widok\u00f3w na Morze Czerwone i miasto. To do\u015bwiadczenie parasailingu oferuje wyj\u0105tkowe 360-stopniowe widoki na Morze Czerwone. To jedna z najlepszych fajnych wycieczek w Szarm el-Szejk!<\/p>\n<h2>G\u0142\u00f3wne punkty programu wycieczek na Parasailing<\/h2>\n<ul>\n<li>Kompleksowe szkolenie i instrukta\u017c na temat parasailingu<\/li>\n<li>Parasailing na wysoko\u015b\u0107 30-40 metr\u00f3w nad poziomem morza<\/li>\n<li>R\u00f3wnie\u017c wspania\u0142e widoki na malownicze wybrze\u017ce Morza Czerwonego<\/li>\n<\/ul>\n<h3>Program prywatnego rejsu parasailingiem w Szarm el-Szejk<\/h3>\n<ul>\n<li>Przedstawiciel Landious Travel odbierze Ci\u0119 z hotelu w Szarm el-Szejk oko\u0142o godziny 11:00<\/li>\n<li>Po zabraniu wszystkich ch\u0119tnych autobus jedzie bezpo\u015brednio do portu. Droga do portu zajmuje oko\u0142o 40 minut. Oczywi\u015bcie w porcie znajdziesz swoj\u0105 \u0142\u00f3d\u017a motorow\u0105. Ta \u0142\u00f3d\u017a motorowa zabierze Ci\u0119 do bazy sport\u00f3w wodnych<\/li>\n<li>Po zdobyciu bazy zaczynasz przygotowywa\u0107 si\u0119 do lotu na parasailingu. Nasi instruktorzy udziel\u0105 Ci odprawy bezpiecze\u0144stwa. Niew\u0105tpliwie jest to urocza aktywno\u015b\u0107 i ciekawa przygoda, kt\u00f3ra nie wymaga specjalnych umiej\u0119tno\u015bci<\/li>\n<li>Potem otrzymasz odpraw\u0119. Na pewno za\u0142oga pomo\u017ce wykona\u0107 kolejne kroki. Warto zauwa\u017cy\u0107, \u017ce podczas parasailingu uprz\u0105\u017c przypina pilota do parasaila. W zamian parasail musi by\u0107 po\u0142\u0105czony z \u0142odzi\u0105 za pomoc\u0105 liny holowniczej. Nast\u0119pnie \u0142\u00f3d\u017a odp\u0142ywa, unosz\u0105c skrzyd\u0142a parasaila i pilota w powietrze<\/li>\n<li>Pod koniec tej uroczej przygody otrzymasz odpraw\u0119 dotycz\u0105c\u0105 p\u0142yty z obrazkami. P\u0142atna pami\u0105tka z tych chwil b\u0119dzie czym\u015b opcjonalnym<\/li>\n<li>Na koniec odwieziemy Ci\u0119 z powrotem do hotelu naszym klimatyzowanym samochodem<\/li>\n<li>Ta \u201ewycieczka na parasailing w Szarm el-Szejk\u201d ko\u0144czy si\u0119 oko\u0142o godziny 13:00<\/li>\n<\/ul>\n<h4>Co jest wliczone w cen\u0119 wycieczki<\/h4>\n<ul>\n<li>Prywatny transfer do portu<\/li>\n<li>Indywidualna przygoda na parasailingu<\/li>\n<li>Pe\u0142na odprawa dotycz\u0105ca procedur parasailingu<\/li>\n<li>Darmowe szafki<\/li>\n<li>R\u00f3wnie\u017c transfer do portu iz powrotem do hotelu<\/li>\n<\/ul>\n<h5>Co nie jest wliczone w cen\u0119 wycieczki<\/h5>\n<ul>\n<li>Video DVD<\/li>\n<li>R\u00f3wnie\u017c Photo CD<\/li>\n<\/ul>\n<h6>Co zabra\u0107 ze sob\u0105 na wypraw\u0119 na parasailing<\/h6>\n<ul>\n<li>R\u0119cznik<\/li>\n<li>R\u00f3wnie\u017c filtr przeciws\u0142oneczny<\/li>\n<\/ul>\n<h6>ORGANIZACJA DNI WYCIECZKI<\/h6>\n<ul>\n<li>Codziennie w godzinach 11: 30-13: 00<\/li>\n<\/ul>\n","protected":false},"excerpt":{"rendered":"<p>Czy kiedykolwiek do\u015bwiadczy\u0142e\u015b dreszczyku emocji zwi\u0105zanego z parasailingiem w Sharm El Sheikh? To jeden z najbardziej fantastycznych sport\u00f3w wodnych! Wzniesiesz si\u0119 nad Morze Czerwone i podziwiasz zapieraj\u0105cy dech w piersiach widok na miasto i pobliskie wyspy z wysoko\u015bci. A najlepsze jest to, \u017ce mo\u017cesz to wszystko zrobi\u0107 podczas prywatnej wycieczki z bezproblemowym transferem w obie strony z hotelu. Wybierz lot solo lub z partnerem (o ile \u0142\u0105czna waga nie przekracza 330 funt\u00f3w). I nie zapominajmy o niesamowitych zdj\u0119ciach z Twojej przygody, kt\u00f3re s\u0105 dost\u0119pne za dodatkow\u0105 op\u0142at\u0105. Nie przegap tej niezapomnianej przygody, kt\u00f3ra zabierze Ci\u0119 z utartych szlak\u00f3w!<\/p>\n","protected":false},"featured_media":45753,"comment_status":"open","ping_status":"closed","template":"","meta":{"_coblocks_attr":"","_coblocks_dimensions":"","_coblocks_responsive_height":"","_coblocks_accordion_ie_support":"","_uag_custom_page_level_css":"","jetpack_publicize_message":"","jetpack_publicize_feature_enabled":true,"jetpack_social_post_already_shared":true,"jetpack_social_options":{"image_generator_settings":{"template":"highway","default_image_id":0,"font":"","enabled":false},"version":2},"_wpas_customize_per_network":false},"product_brand":[],"product_cat":[19128,1950],"product_tag":[22821,9900,1963,1961],"class_list":{"0":"post-26050","1":"product","2":"type-product","3":"status-publish","4":"has-post-thumbnail","6":"product_cat-ciekawe-wycieczki-szarm-szeik","7":"product_cat-wycieczki-sharm-sheikh","8":"product_tag-morze","9":"product_tag-parasailing-pl","10":"product_tag-szarm-el-szejk","11":"product_tag-wycieczka","13":"first","14":"instock","15":"sale","16":"taxable","17":"shipping-taxable","18":"purchasable","19":"product-type-variable"},"yoast_head":"<!-- This site is optimized with the Yoast SEO Premium plugin v26.9 (Yoast SEO v27.5) - https:\/\/yoast.com\/product\/yoast-seo-premium-wordpress\/ -->\n<title>Wycieczka parasailingiem w Szarm el-Szejk<\/title>\n<meta name=\"description\" content=\"Wycieczka parasailingiem w Szarm el-Szejk Do\u015bwiadczysz jednego z najbardziej niesamowitych sport\u00f3w wodnych - parasailing. Podczas tego do\u015bwiadczenia\" \/>\n<meta name=\"robots\" content=\"index, follow, max-snippet:-1, max-image-preview:large, max-video-preview:-1\" \/>\n<link rel=\"canonical\" href=\"https:\/\/landioustravel.com\/pl\/shop\/wycieczka-parasailingiem-szarm-szejk\/\" \/>\n<meta property=\"og:locale\" content=\"pl_PL\" \/>\n<meta property=\"og:type\" content=\"article\" \/>\n<meta property=\"og:title\" content=\"Wycieczka parasailingiem w Szarm el-Szejk\" \/>\n<meta property=\"og:description\" content=\"Landious Travel\" \/>\n<meta property=\"og:url\" content=\"https:\/\/landioustravel.com\/pl\/shop\/wycieczka-parasailingiem-szarm-szejk\/\" \/>\n<meta property=\"og:site_name\" content=\"Landious Travel\" \/>\n<meta property=\"article:publisher\" content=\"https:\/\/web.facebook.com\/landiousEgypt\" \/>\n<meta property=\"article:modified_time\" content=\"2024-04-24T17:12:18+00:00\" \/>\n<meta property=\"og:image\" content=\"https:\/\/landioustravel.com\/wp-content\/uploads\/2020\/10\/Parasailing-Trip-Sharm-El-Sheikh-e1617559249639.jpg\" \/>\n\t<meta property=\"og:image:width\" content=\"1200\" \/>\n\t<meta property=\"og:image:height\" content=\"674\" \/>\n\t<meta property=\"og:image:type\" content=\"image\/jpeg\" \/>\n<meta name=\"twitter:card\" content=\"summary_large_image\" \/>\n<meta name=\"twitter:site\" content=\"@LandiousTours\" \/>\n<meta name=\"twitter:label1\" content=\"Szacowany czas czytania\" \/>\n\t<meta name=\"twitter:data1\" content=\"2 minuty\" \/>\n<script type=\"application\/ld+json\" class=\"yoast-schema-graph\">{\"@context\":\"https:\\\/\\\/schema.org\",\"@graph\":[{\"@type\":\"WebPage\",\"@id\":\"https:\\\/\\\/landioustravel.com\\\/pl\\\/shop\\\/wycieczka-parasailingiem-szarm-szejk\\\/\",\"url\":\"https:\\\/\\\/landioustravel.com\\\/pl\\\/shop\\\/wycieczka-parasailingiem-szarm-szejk\\\/\",\"name\":\"Wycieczka parasailingiem w Szarm el-Szejk\",\"isPartOf\":{\"@id\":\"https:\\\/\\\/landioustravel.com\\\/pl\\\/#website\"},\"primaryImageOfPage\":{\"@id\":\"https:\\\/\\\/landioustravel.com\\\/pl\\\/shop\\\/wycieczka-parasailingiem-szarm-szejk\\\/#primaryimage\"},\"image\":{\"@id\":\"https:\\\/\\\/landioustravel.com\\\/pl\\\/shop\\\/wycieczka-parasailingiem-szarm-szejk\\\/#primaryimage\"},\"thumbnailUrl\":\"https:\\\/\\\/i0.wp.com\\\/landioustravel.com\\\/wp-content\\\/uploads\\\/2020\\\/10\\\/Parasailing-Trip-Sharm-El-Sheikh-e1617559249639.jpg?fit=1200%2C674&ssl=1\",\"datePublished\":\"2020-11-29T12:43:49+00:00\",\"dateModified\":\"2024-04-24T17:12:18+00:00\",\"description\":\"Wycieczka parasailingiem w Szarm el-Szejk Do\u015bwiadczysz jednego z najbardziej niesamowitych sport\u00f3w wodnych - parasailing. Podczas tego do\u015bwiadczenia\",\"breadcrumb\":{\"@id\":\"https:\\\/\\\/landioustravel.com\\\/pl\\\/shop\\\/wycieczka-parasailingiem-szarm-szejk\\\/#breadcrumb\"},\"inLanguage\":\"pl-PL\",\"potentialAction\":[{\"@type\":\"ReadAction\",\"target\":[\"https:\\\/\\\/landioustravel.com\\\/pl\\\/shop\\\/wycieczka-parasailingiem-szarm-szejk\\\/\"]}]},{\"@type\":\"ImageObject\",\"inLanguage\":\"pl-PL\",\"@id\":\"https:\\\/\\\/landioustravel.com\\\/pl\\\/shop\\\/wycieczka-parasailingiem-szarm-szejk\\\/#primaryimage\",\"url\":\"https:\\\/\\\/i0.wp.com\\\/landioustravel.com\\\/wp-content\\\/uploads\\\/2020\\\/10\\\/Parasailing-Trip-Sharm-El-Sheikh-e1617559249639.jpg?fit=1200%2C674&ssl=1\",\"contentUrl\":\"https:\\\/\\\/i0.wp.com\\\/landioustravel.com\\\/wp-content\\\/uploads\\\/2020\\\/10\\\/Parasailing-Trip-Sharm-El-Sheikh-e1617559249639.jpg?fit=1200%2C674&ssl=1\",\"width\":1200,\"height\":674,\"caption\":\"Parasailing Trip Sharm El Sheikh\"},{\"@type\":\"BreadcrumbList\",\"@id\":\"https:\\\/\\\/landioustravel.com\\\/pl\\\/shop\\\/wycieczka-parasailingiem-szarm-szejk\\\/#breadcrumb\",\"itemListElement\":[{\"@type\":\"ListItem\",\"position\":1,\"name\":\"Home\",\"item\":\"https:\\\/\\\/landioustravel.com\\\/pl\\\/\"},{\"@type\":\"ListItem\",\"position\":2,\"name\":\"Us\u0142ugi i wycieczki\",\"item\":\"https:\\\/\\\/landioustravel.com\\\/pl\\\/\"},{\"@type\":\"ListItem\",\"position\":3,\"name\":\"Wycieczka parasailingiem w Szarm el-Szejk\"}]},{\"@type\":\"WebSite\",\"@id\":\"https:\\\/\\\/landioustravel.com\\\/pl\\\/#website\",\"url\":\"https:\\\/\\\/landioustravel.com\\\/pl\\\/\",\"name\":\"Landious Travel\",\"description\":\"Excursions, trips and cruises in Egypt\",\"publisher\":{\"@id\":\"https:\\\/\\\/landioustravel.com\\\/pl\\\/#organization\"},\"potentialAction\":[{\"@type\":\"SearchAction\",\"target\":{\"@type\":\"EntryPoint\",\"urlTemplate\":\"https:\\\/\\\/landioustravel.com\\\/pl\\\/?s={search_term_string}\"},\"query-input\":{\"@type\":\"PropertyValueSpecification\",\"valueRequired\":true,\"valueName\":\"search_term_string\"}}],\"inLanguage\":\"pl-PL\"},{\"@type\":[\"Organization\",\"Place\"],\"@id\":\"https:\\\/\\\/landioustravel.com\\\/pl\\\/#organization\",\"name\":\"Landious Travel\",\"alternateName\":\"Landious Travel\",\"url\":\"https:\\\/\\\/landioustravel.com\\\/pl\\\/\",\"logo\":{\"@id\":\"https:\\\/\\\/landioustravel.com\\\/pl\\\/shop\\\/wycieczka-parasailingiem-szarm-szejk\\\/#local-main-organization-logo\"},\"image\":{\"@id\":\"https:\\\/\\\/landioustravel.com\\\/pl\\\/shop\\\/wycieczka-parasailingiem-szarm-szejk\\\/#local-main-organization-logo\"},\"sameAs\":[\"https:\\\/\\\/web.facebook.com\\\/landiousEgypt\",\"https:\\\/\\\/x.com\\\/LandiousTours\",\"https:\\\/\\\/mastodon.social\\\/@landious\"],\"legalName\":\"Landious Travel\",\"telephone\":[],\"openingHoursSpecification\":[{\"@type\":\"OpeningHoursSpecification\",\"dayOfWeek\":[\"Monday\",\"Tuesday\",\"Wednesday\",\"Thursday\",\"Friday\",\"Saturday\",\"Sunday\"],\"opens\":\"09:00\",\"closes\":\"17:00\"}]},{\"@type\":\"ImageObject\",\"inLanguage\":\"pl-PL\",\"@id\":\"https:\\\/\\\/landioustravel.com\\\/pl\\\/shop\\\/wycieczka-parasailingiem-szarm-szejk\\\/#local-main-organization-logo\",\"url\":\"https:\\\/\\\/i0.wp.com\\\/landioustravel.com\\\/wp-content\\\/uploads\\\/2021\\\/06\\\/Landious-T.png?fit=500%2C500&ssl=1\",\"contentUrl\":\"https:\\\/\\\/i0.wp.com\\\/landioustravel.com\\\/wp-content\\\/uploads\\\/2021\\\/06\\\/Landious-T.png?fit=500%2C500&ssl=1\",\"width\":500,\"height\":500,\"caption\":\"Landious Travel\"}]}<\/script>\n<!-- \/ Yoast SEO Premium plugin. -->","yoast_head_json":{"title":"Wycieczka parasailingiem w Szarm el-Szejk","description":"Wycieczka parasailingiem w Szarm el-Szejk Do\u015bwiadczysz jednego z najbardziej niesamowitych sport\u00f3w wodnych - parasailing. Podczas tego do\u015bwiadczenia","robots":{"index":"index","follow":"follow","max-snippet":"max-snippet:-1","max-image-preview":"max-image-preview:large","max-video-preview":"max-video-preview:-1"},"canonical":"https:\/\/landioustravel.com\/pl\/shop\/wycieczka-parasailingiem-szarm-szejk\/","og_locale":"pl_PL","og_type":"article","og_title":"Wycieczka parasailingiem w Szarm el-Szejk","og_description":"Landious Travel","og_url":"https:\/\/landioustravel.com\/pl\/shop\/wycieczka-parasailingiem-szarm-szejk\/","og_site_name":"Landious Travel","article_publisher":"https:\/\/web.facebook.com\/landiousEgypt","article_modified_time":"2024-04-24T17:12:18+00:00","og_image":[{"width":1200,"height":674,"url":"https:\/\/landioustravel.com\/wp-content\/uploads\/2020\/10\/Parasailing-Trip-Sharm-El-Sheikh-e1617559249639.jpg","type":"image\/jpeg"}],"twitter_card":"summary_large_image","twitter_site":"@LandiousTours","twitter_misc":{"Szacowany czas czytania":"2 minuty"},"schema":{"@context":"https:\/\/schema.org","@graph":[{"@type":"WebPage","@id":"https:\/\/landioustravel.com\/pl\/shop\/wycieczka-parasailingiem-szarm-szejk\/","url":"https:\/\/landioustravel.com\/pl\/shop\/wycieczka-parasailingiem-szarm-szejk\/","name":"Wycieczka parasailingiem w Szarm el-Szejk","isPartOf":{"@id":"https:\/\/landioustravel.com\/pl\/#website"},"primaryImageOfPage":{"@id":"https:\/\/landioustravel.com\/pl\/shop\/wycieczka-parasailingiem-szarm-szejk\/#primaryimage"},"image":{"@id":"https:\/\/landioustravel.com\/pl\/shop\/wycieczka-parasailingiem-szarm-szejk\/#primaryimage"},"thumbnailUrl":"https:\/\/i0.wp.com\/landioustravel.com\/wp-content\/uploads\/2020\/10\/Parasailing-Trip-Sharm-El-Sheikh-e1617559249639.jpg?fit=1200%2C674&ssl=1","datePublished":"2020-11-29T12:43:49+00:00","dateModified":"2024-04-24T17:12:18+00:00","description":"Wycieczka parasailingiem w Szarm el-Szejk Do\u015bwiadczysz jednego z najbardziej niesamowitych sport\u00f3w wodnych - parasailing. Podczas tego do\u015bwiadczenia","breadcrumb":{"@id":"https:\/\/landioustravel.com\/pl\/shop\/wycieczka-parasailingiem-szarm-szejk\/#breadcrumb"},"inLanguage":"pl-PL","potentialAction":[{"@type":"ReadAction","target":["https:\/\/landioustravel.com\/pl\/shop\/wycieczka-parasailingiem-szarm-szejk\/"]}]},{"@type":"ImageObject","inLanguage":"pl-PL","@id":"https:\/\/landioustravel.com\/pl\/shop\/wycieczka-parasailingiem-szarm-szejk\/#primaryimage","url":"https:\/\/i0.wp.com\/landioustravel.com\/wp-content\/uploads\/2020\/10\/Parasailing-Trip-Sharm-El-Sheikh-e1617559249639.jpg?fit=1200%2C674&ssl=1","contentUrl":"https:\/\/i0.wp.com\/landioustravel.com\/wp-content\/uploads\/2020\/10\/Parasailing-Trip-Sharm-El-Sheikh-e1617559249639.jpg?fit=1200%2C674&ssl=1","width":1200,"height":674,"caption":"Parasailing Trip Sharm El Sheikh"},{"@type":"BreadcrumbList","@id":"https:\/\/landioustravel.com\/pl\/shop\/wycieczka-parasailingiem-szarm-szejk\/#breadcrumb","itemListElement":[{"@type":"ListItem","position":1,"name":"Home","item":"https:\/\/landioustravel.com\/pl\/"},{"@type":"ListItem","position":2,"name":"Us\u0142ugi i wycieczki","item":"https:\/\/landioustravel.com\/pl\/"},{"@type":"ListItem","position":3,"name":"Wycieczka parasailingiem w Szarm el-Szejk"}]},{"@type":"WebSite","@id":"https:\/\/landioustravel.com\/pl\/#website","url":"https:\/\/landioustravel.com\/pl\/","name":"Landious Travel","description":"Excursions, trips and cruises in Egypt","publisher":{"@id":"https:\/\/landioustravel.com\/pl\/#organization"},"potentialAction":[{"@type":"SearchAction","target":{"@type":"EntryPoint","urlTemplate":"https:\/\/landioustravel.com\/pl\/?s={search_term_string}"},"query-input":{"@type":"PropertyValueSpecification","valueRequired":true,"valueName":"search_term_string"}}],"inLanguage":"pl-PL"},{"@type":["Organization","Place"],"@id":"https:\/\/landioustravel.com\/pl\/#organization","name":"Landious Travel","alternateName":"Landious Travel","url":"https:\/\/landioustravel.com\/pl\/","logo":{"@id":"https:\/\/landioustravel.com\/pl\/shop\/wycieczka-parasailingiem-szarm-szejk\/#local-main-organization-logo"},"image":{"@id":"https:\/\/landioustravel.com\/pl\/shop\/wycieczka-parasailingiem-szarm-szejk\/#local-main-organization-logo"},"sameAs":["https:\/\/web.facebook.com\/landiousEgypt","https:\/\/x.com\/LandiousTours","https:\/\/mastodon.social\/@landious"],"legalName":"Landious Travel","telephone":[],"openingHoursSpecification":[{"@type":"OpeningHoursSpecification","dayOfWeek":["Monday","Tuesday","Wednesday","Thursday","Friday","Saturday","Sunday"],"opens":"09:00","closes":"17:00"}]},{"@type":"ImageObject","inLanguage":"pl-PL","@id":"https:\/\/landioustravel.com\/pl\/shop\/wycieczka-parasailingiem-szarm-szejk\/#local-main-organization-logo","url":"https:\/\/i0.wp.com\/landioustravel.com\/wp-content\/uploads\/2021\/06\/Landious-T.png?fit=500%2C500&ssl=1","contentUrl":"https:\/\/i0.wp.com\/landioustravel.com\/wp-content\/uploads\/2021\/06\/Landious-T.png?fit=500%2C500&ssl=1","width":500,"height":500,"caption":"Landious Travel"}]}},"jetpack_publicize_connections":[],"uagb_featured_image_src":{"full":["https:\/\/i0.wp.com\/landioustravel.com\/wp-content\/uploads\/2020\/10\/Parasailing-Trip-Sharm-El-Sheikh-e1617559249639.jpg?fit=1200%2C674&ssl=1",1200,674,false],"thumbnail":["https:\/\/i0.wp.com\/landioustravel.com\/wp-content\/uploads\/2020\/10\/Parasailing-Trip-Sharm-El-Sheikh-e1617559249639.jpg?resize=150%2C150&ssl=1",150,150,true],"medium":["https:\/\/i0.wp.com\/landioustravel.com\/wp-content\/uploads\/2020\/10\/Parasailing-Trip-Sharm-El-Sheikh-e1617559249639.jpg?fit=300%2C169&ssl=1",300,169,true],"medium_large":["https:\/\/i0.wp.com\/landioustravel.com\/wp-content\/uploads\/2020\/10\/Parasailing-Trip-Sharm-El-Sheikh-e1617559249639.jpg?fit=768%2C432&ssl=1",768,432,true],"large":["https:\/\/i0.wp.com\/landioustravel.com\/wp-content\/uploads\/2020\/10\/Parasailing-Trip-Sharm-El-Sheikh-e1617559249639.jpg?fit=980%2C551&ssl=1",980,551,true],"1536x1536":["https:\/\/i0.wp.com\/landioustravel.com\/wp-content\/uploads\/2020\/10\/Parasailing-Trip-Sharm-El-Sheikh-e1617559249639.jpg?fit=1536%2C863&ssl=1",1536,863,true],"2048x2048":["https:\/\/i0.wp.com\/landioustravel.com\/wp-content\/uploads\/2020\/10\/Parasailing-Trip-Sharm-El-Sheikh-e1617559249639.jpg?fit=1200%2C674&ssl=1",1200,674,true],"newspack-article-block-landscape-large":["https:\/\/i0.wp.com\/landioustravel.com\/wp-content\/uploads\/2020\/10\/Parasailing-Trip-Sharm-El-Sheikh-e1617559249639.jpg?resize=1200%2C674&ssl=1",1200,865,true],"newspack-article-block-portrait-large":["https:\/\/i0.wp.com\/landioustravel.com\/wp-content\/uploads\/2020\/10\/Parasailing-Trip-Sharm-El-Sheikh-e1617559249639.jpg?resize=900%2C674&ssl=1",900,865,true],"newspack-article-block-square-large":["https:\/\/i0.wp.com\/landioustravel.com\/wp-content\/uploads\/2020\/10\/Parasailing-Trip-Sharm-El-Sheikh-e1617559249639.jpg?resize=1200%2C674&ssl=1",1200,865,true],"newspack-article-block-landscape-medium":["https:\/\/i0.wp.com\/landioustravel.com\/wp-content\/uploads\/2020\/10\/Parasailing-Trip-Sharm-El-Sheikh-e1617559249639.jpg?resize=800%2C600&ssl=1",800,600,true],"newspack-article-block-portrait-medium":["https:\/\/i0.wp.com\/landioustravel.com\/wp-content\/uploads\/2020\/10\/Parasailing-Trip-Sharm-El-Sheikh-e1617559249639.jpg?resize=600%2C674&ssl=1",600,800,true],"newspack-article-block-square-medium":["https:\/\/i0.wp.com\/landioustravel.com\/wp-content\/uploads\/2020\/10\/Parasailing-Trip-Sharm-El-Sheikh-e1617559249639.jpg?resize=800%2C674&ssl=1",800,800,true],"newspack-article-block-landscape-intermediate":["https:\/\/i0.wp.com\/landioustravel.com\/wp-content\/uploads\/2020\/10\/Parasailing-Trip-Sharm-El-Sheikh-e1617559249639.jpg?resize=600%2C450&ssl=1",600,450,true],"newspack-article-block-portrait-intermediate":["https:\/\/i0.wp.com\/landioustravel.com\/wp-content\/uploads\/2020\/10\/Parasailing-Trip-Sharm-El-Sheikh-e1617559249639.jpg?resize=450%2C600&ssl=1",450,600,true],"newspack-article-block-square-intermediate":["https:\/\/i0.wp.com\/landioustravel.com\/wp-content\/uploads\/2020\/10\/Parasailing-Trip-Sharm-El-Sheikh-e1617559249639.jpg?resize=600%2C600&ssl=1",600,600,true],"newspack-article-block-landscape-small":["https:\/\/i0.wp.com\/landioustravel.com\/wp-content\/uploads\/2020\/10\/Parasailing-Trip-Sharm-El-Sheikh-e1617559249639.jpg?resize=400%2C300&ssl=1",400,300,true],"newspack-article-block-portrait-small":["https:\/\/i0.wp.com\/landioustravel.com\/wp-content\/uploads\/2020\/10\/Parasailing-Trip-Sharm-El-Sheikh-e1617559249639.jpg?resize=300%2C400&ssl=1",300,400,true],"newspack-article-block-square-small":["https:\/\/i0.wp.com\/landioustravel.com\/wp-content\/uploads\/2020\/10\/Parasailing-Trip-Sharm-El-Sheikh-e1617559249639.jpg?resize=400%2C400&ssl=1",400,400,true],"newspack-article-block-landscape-tiny":["https:\/\/i0.wp.com\/landioustravel.com\/wp-content\/uploads\/2020\/10\/Parasailing-Trip-Sharm-El-Sheikh-e1617559249639.jpg?resize=200%2C150&ssl=1",200,150,true],"newspack-article-block-portrait-tiny":["https:\/\/i0.wp.com\/landioustravel.com\/wp-content\/uploads\/2020\/10\/Parasailing-Trip-Sharm-El-Sheikh-e1617559249639.jpg?resize=150%2C200&ssl=1",150,200,true],"newspack-article-block-square-tiny":["https:\/\/i0.wp.com\/landioustravel.com\/wp-content\/uploads\/2020\/10\/Parasailing-Trip-Sharm-El-Sheikh-e1617559249639.jpg?resize=200%2C200&ssl=1",200,200,true],"newspack-article-block-uncropped":["https:\/\/i0.wp.com\/landioustravel.com\/wp-content\/uploads\/2020\/10\/Parasailing-Trip-Sharm-El-Sheikh-e1617559249639.jpg?fit=1200%2C674&ssl=1",1200,674,true],"woocommerce_thumbnail":["https:\/\/i0.wp.com\/landioustravel.com\/wp-content\/uploads\/2020\/10\/Parasailing-Trip-Sharm-El-Sheikh-e1617559249639.jpg?resize=324%2C324&ssl=1",324,324,true],"woocommerce_single":["https:\/\/i0.wp.com\/landioustravel.com\/wp-content\/uploads\/2020\/10\/Parasailing-Trip-Sharm-El-Sheikh-e1617559249639.jpg?fit=416%2C234&ssl=1",416,234,true],"woocommerce_gallery_thumbnail":["https:\/\/i0.wp.com\/landioustravel.com\/wp-content\/uploads\/2020\/10\/Parasailing-Trip-Sharm-El-Sheikh-e1617559249639.jpg?resize=100%2C100&ssl=1",100,100,true]},"uagb_author_info":{"display_name":"Mofreh Landious","author_link":"https:\/\/landioustravel.com\/pl\/author\/"},"uagb_comment_info":2,"uagb_excerpt":"Czy kiedykolwiek do\u015bwiadczy\u0142e\u015b dreszczyku emocji zwi\u0105zanego z parasailingiem w Sharm El Sheikh? To jeden z najbardziej fantastycznych sport\u00f3w wodnych! Wzniesiesz si\u0119 nad Morze Czerwone i podziwiasz zapieraj\u0105cy dech w piersiach widok na miasto i pobliskie wyspy z wysoko\u015bci. A najlepsze jest to, \u017ce mo\u017cesz to wszystko zrobi\u0107 podczas prywatnej wycieczki z bezproblemowym transferem w obie&hellip;","jetpack_sharing_enabled":true,"jetpack_likes_enabled":true,"amp_enabled":true,"_links":{"self":[{"href":"https:\/\/landioustravel.com\/pl\/wp-json\/wp\/v2\/product\/26050","targetHints":{"allow":["GET"]}}],"collection":[{"href":"https:\/\/landioustravel.com\/pl\/wp-json\/wp\/v2\/product"}],"about":[{"href":"https:\/\/landioustravel.com\/pl\/wp-json\/wp\/v2\/types\/product"}],"replies":[{"embeddable":true,"href":"https:\/\/landioustravel.com\/pl\/wp-json\/wp\/v2\/comments?post=26050"}],"wp:featuredmedia":[{"embeddable":true,"href":"https:\/\/landioustravel.com\/pl\/wp-json\/wp\/v2\/media\/45753"}],"wp:attachment":[{"href":"https:\/\/landioustravel.com\/pl\/wp-json\/wp\/v2\/media?parent=26050"}],"wp:term":[{"taxonomy":"product_brand","embeddable":true,"href":"https:\/\/landioustravel.com\/pl\/wp-json\/wp\/v2\/product_brand?post=26050"},{"taxonomy":"product_cat","embeddable":true,"href":"https:\/\/landioustravel.com\/pl\/wp-json\/wp\/v2\/product_cat?post=26050"},{"taxonomy":"product_tag","embeddable":true,"href":"https:\/\/landioustravel.com\/pl\/wp-json\/wp\/v2\/product_tag?post=26050"}],"curies":[{"name":"wp","href":"https:\/\/api.w.org\/{rel}","templated":true}]}}