{"id":26059,"date":"2020-10-07T04:36:23","date_gmt":"2020-11-29T21:07:21","guid":{"rendered":"https:\/\/landioustravel.com\/?post_type=product&#038;p=26059"},"modified":"2024-06-27T09:08:22","modified_gmt":"2024-06-27T06:08:22","slug":"wycieczka-pokaz-delfinow-szarm-szejk","status":"publish","type":"product","link":"https:\/\/landioustravel.com\/pl\/shop\/wycieczka-pokaz-delfinow-szarm-szejk\/","title":{"rendered":"Wycieczka z pokazem delfin\u00f3w w Szarm el-Szejk"},"content":{"rendered":"<p>Ulubiona wycieczka rozrywkowa do delfinarium w Sharm El Sheikh w Egipcie! Polecamy wycieczk\u0119, poniewa\u017c pozwala ona turystom w ka\u017cdym wieku mi\u0142o sp\u0119dzi\u0107 czas ogl\u0105daj\u0105c najwi\u0119ksz\u0105 kolekcj\u0119 zwierz\u0105t morskich. Jest to doskona\u0142y wyb\u00f3r zar\u00f3wno dla dzieci, jak i doros\u0142ych, aby zbli\u017cy\u0107 si\u0119 do tych uroczych stworze\u0144 morskich i obserwowa\u0107, jak s\u0105 inteligentne. Daje te\u017c mo\u017cliwo\u015b\u0107 zrobienia sobie z nimi zdj\u0119cia.<\/p>\n<h2>G\u0142\u00f3wne punkty programu wycieczki do delfinarium<\/h2>\n<ul>\n<li>Pokaz zwierz\u0105t morskich<\/li>\n<li>R\u00f3wnie\u017c zrobienie zdj\u0119cia z tymi zwierz\u0119tami na pami\u0105tk\u0119 jako opcja p\u0142atna<\/li>\n<\/ul>\n<h3>Program wycieczki do delfinarium w Sharm El Sheikh<\/h3>\n<ul>\n<li>Przedstawiciel Landious Travel odbierze Ci\u0119 z Twojego hotelu w Sharm El Sheikh oko\u0142o godziny 13:00<\/li>\n<li>Po zabraniu wszystkich ch\u0119tnych autobus jedzie do delfinarium. Doj\u015bcie do tego pi\u0119knego miejsca zajmuje oko\u0142o 30 minut<\/li>\n<li>Na pocz\u0105tku programu wycieczki przewodnik wska\u017ce Ci miejsce i miejsce do siedzenia na widowni<\/li>\n<li>Gdy tylko wszyscy si\u0119 zgromadz\u0105, przedstawienie zaczyna si\u0119 oko\u0142o godziny. B\u0119dziesz cieszy\u0107 si\u0119 fantastycznym pokazem ssak\u00f3w: delfiny czarnomorskie, foki p\u00f3\u0142nocne, lwy morskie z Ameryki Po\u0142udniowej i morsy z Pacyfiku<\/li>\n<li>Wraz z ko\u0144cem tego fantastycznego pokazu delfin\u00f3w zaczyna si\u0119 odprawa p\u0142yty CD z obrazkami. Tw\u00f3j trener zaproponuje Ci zrobienie kilku zdj\u0119\u0107, aby zapami\u0119ta\u0107 te cudowne chwile. P\u00f3\u017aniej te zdj\u0119cia za dodatkow\u0105 op\u0142at\u0105. Jego cena r\u00f3\u017cni si\u0119 w zale\u017cno\u015bci od rozmiaru. Posiadanie tego b\u0119dzie czym\u015b opcjonalnym. Odprawa CD potrwa 30 minut<\/li>\n<li>W ko\u0144cu nasz autobus odje\u017cd\u017ca z powrotem do Twoich hoteli po tak niesamowitej wycieczce po delfinarium<\/li>\n<li>Ta \u201ewycieczka z delfinami w Sharm El Sheikh\u201d ko\u0144czy si\u0119 oko\u0142o godziny 15:00<\/li>\n<\/ul>\n<h4>Co jest wliczone w cen\u0119 wycieczki<\/h4>\n<ul>\n<li>Przejazd do \u015awiata Delfin\u00f3w i powr\u00f3t do hotelu<\/li>\n<li>R\u00f3wnie\u017c bilety wst\u0119pu<\/li>\n<\/ul>\n<h5>Co nie jest wliczone w cen\u0119 wycieczki<\/h5>\n<ul>\n<li>Video DVD<\/li>\n<li>R\u00f3wnie\u017c Photo CD<\/li>\n<\/ul>\n<h6>Co zabra\u0107 ze sob\u0105 w podr\u00f3\u017c<\/h6>\n<ul>\n<li>Okulary s\u0142oneczne<\/li>\n<\/ul>\n<h6>Dni organizacji wycieczek<\/h6>\n<ul>\n<li>Codziennie od 13:00 do 15:00<\/li>\n<\/ul>\n","protected":false},"excerpt":{"rendered":"<p>Zobacz najbogatsz\u0105 kolekcj\u0119 ssak\u00f3w morskich w Egipcie podczas wycieczki do delfinarium w Sharm El Sheikh. Spektakl obejmuje ekscytuj\u0105ce wyst\u0119py delfin\u00f3w czarnomorskich, fok p\u00f3\u0142nocnych, lw\u00f3w morskich z Ameryki Po\u0142udniowej i morsa z Pacyfiku. Cena wycieczki obejmuje bilety wst\u0119pu i transfery, dzi\u0119ki czemu jest to bezproblemowa przygoda.<\/p>\n<p>Ka\u017cdy, od dzieci po doros\u0142ych, mo\u017ce cieszy\u0107 si\u0119 dobrze wyszkolonym pokazem delfin\u00f3w przez niezapomnian\u0105 godzin\u0119. B\u0119dziesz zachwycony przyjaznymi i akrobatycznymi delfinami na Bliskim Wschodzie. To do\u015bwiadczenie, kt\u00f3re obiecuje wywo\u0142a\u0107 u\u015bmiech na twarzy.<\/p>\n<p>Po potwierdzeniu podr\u00f3\u017cy otrzymasz wiadomo\u015b\u0107 e-mail z potwierdzeniem ze wszystkimi szczeg\u00f3\u0142ami, w tym godzin\u0105 i miejscem odbioru. Czas odbioru to oko\u0142o 14:00, w zale\u017cno\u015bci od lokalizacji hotelu. To zajmuje tylko 30 minut od Nabq Bay i 5 minut od El Hadaba, aby dosta\u0107 si\u0119 do Dolphin Park.<\/p>\n<p>Po przybyciu do Dolphin Park nasz przedstawiciel oprowadzi Ci\u0119 po okolicy i wr\u0119czy bilety na pokaz. Spektakl zaczyna si\u0119 o 15:00, a ko\u0144czy o 16:00. Po pokazie trener delfin\u00f3w zaoferuje ci mo\u017cliwo\u015b\u0107 zrobienia zdj\u0119\u0107 z delfinami. Mo\u017cesz kupi\u0107 zdj\u0119cia w r\u00f3\u017cnych rozmiarach lub po prostu obejrze\u0107 zdj\u0119cia z ca\u0142ego pokazu za darmo. Wy\u015bwietlanie obrazu trwa oko\u0142o 25 minut.<\/p>\n<p>Nasz przedstawiciel b\u0119dzie czeka\u0142, aby odprowadzi\u0107 Ci\u0119 z powrotem do hotelu po zako\u0144czeniu pokazu. Wycieczka obejmuje klimatyzowany transport i bilety na pokaz delfin\u00f3w. Przygotuj si\u0119 na niezapomnian\u0105 przygod\u0119!<\/p>\n","protected":false},"featured_media":10183,"comment_status":"open","ping_status":"closed","template":"","meta":{"_coblocks_attr":"","_coblocks_dimensions":"","_coblocks_responsive_height":"","_coblocks_accordion_ie_support":"","_uag_custom_page_level_css":"","jetpack_publicize_message":"","jetpack_publicize_feature_enabled":true,"jetpack_social_post_already_shared":true,"jetpack_social_options":{"image_generator_settings":{"template":"highway","default_image_id":0,"font":"","enabled":false},"version":2},"_wpas_customize_per_network":false},"product_brand":[],"product_cat":[19128,1950],"product_tag":[1984,1963,1961],"class_list":{"0":"post-26059","1":"product","2":"type-product","3":"status-publish","4":"has-post-thumbnail","6":"product_cat-ciekawe-wycieczki-szarm-szeik","7":"product_cat-wycieczki-sharm-sheikh","8":"product_tag-delfinarium","9":"product_tag-szarm-el-szejk","10":"product_tag-wycieczka","11":"pa_age-dorosly","12":"pa_age-dziecko","14":"first","15":"instock","16":"sale","17":"taxable","18":"shipping-taxable","19":"purchasable","20":"product-type-variable"},"yoast_head":"<!-- This site is optimized with the Yoast SEO Premium plugin v26.9 (Yoast SEO v27.5) - https:\/\/yoast.com\/product\/yoast-seo-premium-wordpress\/ -->\n<title>Wycieczka z pokazem delfin\u00f3w w Szarm el-Szejk<\/title>\n<meta name=\"description\" content=\"Wycieczka z pokazem delfin\u00f3w w Szarm el-Szejk pozwala zobaczy\u0107 pokaz ssak\u00f3w morskich - najwi\u0119ksz\u0105 kolekcj\u0119 ssak\u00f3w morskich w Egipcie. Podczas pokazu\" \/>\n<meta name=\"robots\" content=\"index, follow, max-snippet:-1, max-image-preview:large, max-video-preview:-1\" \/>\n<link rel=\"canonical\" href=\"https:\/\/landioustravel.com\/pl\/shop\/wycieczka-pokaz-delfinow-szarm-szejk\/\" \/>\n<meta property=\"og:locale\" content=\"pl_PL\" \/>\n<meta property=\"og:type\" content=\"article\" \/>\n<meta property=\"og:title\" content=\"Wycieczka z pokazem delfin\u00f3w w Szarm el-Szejk\" \/>\n<meta property=\"og:description\" content=\"Landious Travel\" \/>\n<meta property=\"og:url\" content=\"https:\/\/landioustravel.com\/pl\/shop\/wycieczka-pokaz-delfinow-szarm-szejk\/\" \/>\n<meta property=\"og:site_name\" content=\"Landious Travel\" \/>\n<meta property=\"article:publisher\" content=\"https:\/\/web.facebook.com\/landiousEgypt\" \/>\n<meta property=\"article:modified_time\" content=\"2024-06-27T06:08:22+00:00\" \/>\n<meta property=\"og:image\" content=\"https:\/\/i0.wp.com\/landioustravel.com\/wp-content\/uploads\/2019\/01\/Entertainment_excursions_in_Hurghada.jpg?fit=3486%2C1958&ssl=1\" \/>\n\t<meta property=\"og:image:width\" content=\"3486\" \/>\n\t<meta property=\"og:image:height\" content=\"1958\" \/>\n\t<meta property=\"og:image:type\" content=\"image\/jpeg\" \/>\n<meta name=\"twitter:card\" content=\"summary_large_image\" \/>\n<meta name=\"twitter:site\" content=\"@LandiousTours\" \/>\n<meta name=\"twitter:label1\" content=\"Szacowany czas czytania\" \/>\n\t<meta name=\"twitter:data1\" content=\"2 minuty\" \/>\n<script type=\"application\/ld+json\" class=\"yoast-schema-graph\">{\"@context\":\"https:\\\/\\\/schema.org\",\"@graph\":[{\"@type\":\"WebPage\",\"@id\":\"https:\\\/\\\/landioustravel.com\\\/pl\\\/shop\\\/wycieczka-pokaz-delfinow-szarm-szejk\\\/\",\"url\":\"https:\\\/\\\/landioustravel.com\\\/pl\\\/shop\\\/wycieczka-pokaz-delfinow-szarm-szejk\\\/\",\"name\":\"Wycieczka z pokazem delfin\u00f3w w Szarm el-Szejk\",\"isPartOf\":{\"@id\":\"https:\\\/\\\/landioustravel.com\\\/pl\\\/#website\"},\"primaryImageOfPage\":{\"@id\":\"https:\\\/\\\/landioustravel.com\\\/pl\\\/shop\\\/wycieczka-pokaz-delfinow-szarm-szejk\\\/#primaryimage\"},\"image\":{\"@id\":\"https:\\\/\\\/landioustravel.com\\\/pl\\\/shop\\\/wycieczka-pokaz-delfinow-szarm-szejk\\\/#primaryimage\"},\"thumbnailUrl\":\"https:\\\/\\\/i0.wp.com\\\/landioustravel.com\\\/wp-content\\\/uploads\\\/2019\\\/01\\\/Entertainment_excursions_in_Hurghada.jpg?fit=3486%2C1958&ssl=1\",\"datePublished\":\"2020-11-29T21:07:21+00:00\",\"dateModified\":\"2024-06-27T06:08:22+00:00\",\"description\":\"Wycieczka z pokazem delfin\u00f3w w Szarm el-Szejk pozwala zobaczy\u0107 pokaz ssak\u00f3w morskich - najwi\u0119ksz\u0105 kolekcj\u0119 ssak\u00f3w morskich w Egipcie. Podczas pokazu\",\"breadcrumb\":{\"@id\":\"https:\\\/\\\/landioustravel.com\\\/pl\\\/shop\\\/wycieczka-pokaz-delfinow-szarm-szejk\\\/#breadcrumb\"},\"inLanguage\":\"pl-PL\",\"potentialAction\":[{\"@type\":\"ReadAction\",\"target\":[\"https:\\\/\\\/landioustravel.com\\\/pl\\\/shop\\\/wycieczka-pokaz-delfinow-szarm-szejk\\\/\"]}]},{\"@type\":\"ImageObject\",\"inLanguage\":\"pl-PL\",\"@id\":\"https:\\\/\\\/landioustravel.com\\\/pl\\\/shop\\\/wycieczka-pokaz-delfinow-szarm-szejk\\\/#primaryimage\",\"url\":\"https:\\\/\\\/i0.wp.com\\\/landioustravel.com\\\/wp-content\\\/uploads\\\/2019\\\/01\\\/Entertainment_excursions_in_Hurghada.jpg?fit=3486%2C1958&ssl=1\",\"contentUrl\":\"https:\\\/\\\/i0.wp.com\\\/landioustravel.com\\\/wp-content\\\/uploads\\\/2019\\\/01\\\/Entertainment_excursions_in_Hurghada.jpg?fit=3486%2C1958&ssl=1\",\"width\":3486,\"height\":1958,\"caption\":\"\u03a8\u03c5\u03c7\u03b1\u03b3\u03c9\u03b3\u03b9\u03ba\u03ad\u03c2 \u03b5\u03ba\u03b4\u03c1\u03bf\u03bc\u03ad\u03c2 \u03c3\u03c4\u03b7 \u03a7\u03bf\u03c5\u03c1\u03b3\u03ba\u03ac\u03bd\u03c4\u03b1\"},{\"@type\":\"BreadcrumbList\",\"@id\":\"https:\\\/\\\/landioustravel.com\\\/pl\\\/shop\\\/wycieczka-pokaz-delfinow-szarm-szejk\\\/#breadcrumb\",\"itemListElement\":[{\"@type\":\"ListItem\",\"position\":1,\"name\":\"Home\",\"item\":\"https:\\\/\\\/landioustravel.com\\\/pl\\\/\"},{\"@type\":\"ListItem\",\"position\":2,\"name\":\"Us\u0142ugi i wycieczki\",\"item\":\"https:\\\/\\\/landioustravel.com\\\/pl\\\/\"},{\"@type\":\"ListItem\",\"position\":3,\"name\":\"Wycieczka z pokazem delfin\u00f3w w Szarm el-Szejk\"}]},{\"@type\":\"WebSite\",\"@id\":\"https:\\\/\\\/landioustravel.com\\\/pl\\\/#website\",\"url\":\"https:\\\/\\\/landioustravel.com\\\/pl\\\/\",\"name\":\"Landious Travel\",\"description\":\"Excursions, trips and cruises in Egypt\",\"publisher\":{\"@id\":\"https:\\\/\\\/landioustravel.com\\\/pl\\\/#organization\"},\"potentialAction\":[{\"@type\":\"SearchAction\",\"target\":{\"@type\":\"EntryPoint\",\"urlTemplate\":\"https:\\\/\\\/landioustravel.com\\\/pl\\\/?s={search_term_string}\"},\"query-input\":{\"@type\":\"PropertyValueSpecification\",\"valueRequired\":true,\"valueName\":\"search_term_string\"}}],\"inLanguage\":\"pl-PL\"},{\"@type\":[\"Organization\",\"Place\"],\"@id\":\"https:\\\/\\\/landioustravel.com\\\/pl\\\/#organization\",\"name\":\"Landious Travel\",\"alternateName\":\"Landious Travel\",\"url\":\"https:\\\/\\\/landioustravel.com\\\/pl\\\/\",\"logo\":{\"@id\":\"https:\\\/\\\/landioustravel.com\\\/pl\\\/shop\\\/wycieczka-pokaz-delfinow-szarm-szejk\\\/#local-main-organization-logo\"},\"image\":{\"@id\":\"https:\\\/\\\/landioustravel.com\\\/pl\\\/shop\\\/wycieczka-pokaz-delfinow-szarm-szejk\\\/#local-main-organization-logo\"},\"sameAs\":[\"https:\\\/\\\/web.facebook.com\\\/landiousEgypt\",\"https:\\\/\\\/x.com\\\/LandiousTours\",\"https:\\\/\\\/mastodon.social\\\/@landious\"],\"legalName\":\"Landious Travel\",\"telephone\":[],\"openingHoursSpecification\":[{\"@type\":\"OpeningHoursSpecification\",\"dayOfWeek\":[\"Monday\",\"Tuesday\",\"Wednesday\",\"Thursday\",\"Friday\",\"Saturday\",\"Sunday\"],\"opens\":\"09:00\",\"closes\":\"17:00\"}]},{\"@type\":\"ImageObject\",\"inLanguage\":\"pl-PL\",\"@id\":\"https:\\\/\\\/landioustravel.com\\\/pl\\\/shop\\\/wycieczka-pokaz-delfinow-szarm-szejk\\\/#local-main-organization-logo\",\"url\":\"https:\\\/\\\/i0.wp.com\\\/landioustravel.com\\\/wp-content\\\/uploads\\\/2021\\\/06\\\/Landious-T.png?fit=500%2C500&ssl=1\",\"contentUrl\":\"https:\\\/\\\/i0.wp.com\\\/landioustravel.com\\\/wp-content\\\/uploads\\\/2021\\\/06\\\/Landious-T.png?fit=500%2C500&ssl=1\",\"width\":500,\"height\":500,\"caption\":\"Landious Travel\"}]}<\/script>\n<!-- \/ Yoast SEO Premium plugin. -->","yoast_head_json":{"title":"Wycieczka z pokazem delfin\u00f3w w Szarm el-Szejk","description":"Wycieczka z pokazem delfin\u00f3w w Szarm el-Szejk pozwala zobaczy\u0107 pokaz ssak\u00f3w morskich - najwi\u0119ksz\u0105 kolekcj\u0119 ssak\u00f3w morskich w Egipcie. Podczas pokazu","robots":{"index":"index","follow":"follow","max-snippet":"max-snippet:-1","max-image-preview":"max-image-preview:large","max-video-preview":"max-video-preview:-1"},"canonical":"https:\/\/landioustravel.com\/pl\/shop\/wycieczka-pokaz-delfinow-szarm-szejk\/","og_locale":"pl_PL","og_type":"article","og_title":"Wycieczka z pokazem delfin\u00f3w w Szarm el-Szejk","og_description":"Landious Travel","og_url":"https:\/\/landioustravel.com\/pl\/shop\/wycieczka-pokaz-delfinow-szarm-szejk\/","og_site_name":"Landious Travel","article_publisher":"https:\/\/web.facebook.com\/landiousEgypt","article_modified_time":"2024-06-27T06:08:22+00:00","og_image":[{"width":3486,"height":1958,"url":"https:\/\/i0.wp.com\/landioustravel.com\/wp-content\/uploads\/2019\/01\/Entertainment_excursions_in_Hurghada.jpg?fit=3486%2C1958&ssl=1","type":"image\/jpeg"}],"twitter_card":"summary_large_image","twitter_site":"@LandiousTours","twitter_misc":{"Szacowany czas czytania":"2 minuty"},"schema":{"@context":"https:\/\/schema.org","@graph":[{"@type":"WebPage","@id":"https:\/\/landioustravel.com\/pl\/shop\/wycieczka-pokaz-delfinow-szarm-szejk\/","url":"https:\/\/landioustravel.com\/pl\/shop\/wycieczka-pokaz-delfinow-szarm-szejk\/","name":"Wycieczka z pokazem delfin\u00f3w w Szarm el-Szejk","isPartOf":{"@id":"https:\/\/landioustravel.com\/pl\/#website"},"primaryImageOfPage":{"@id":"https:\/\/landioustravel.com\/pl\/shop\/wycieczka-pokaz-delfinow-szarm-szejk\/#primaryimage"},"image":{"@id":"https:\/\/landioustravel.com\/pl\/shop\/wycieczka-pokaz-delfinow-szarm-szejk\/#primaryimage"},"thumbnailUrl":"https:\/\/i0.wp.com\/landioustravel.com\/wp-content\/uploads\/2019\/01\/Entertainment_excursions_in_Hurghada.jpg?fit=3486%2C1958&ssl=1","datePublished":"2020-11-29T21:07:21+00:00","dateModified":"2024-06-27T06:08:22+00:00","description":"Wycieczka z pokazem delfin\u00f3w w Szarm el-Szejk pozwala zobaczy\u0107 pokaz ssak\u00f3w morskich - najwi\u0119ksz\u0105 kolekcj\u0119 ssak\u00f3w morskich w Egipcie. Podczas pokazu","breadcrumb":{"@id":"https:\/\/landioustravel.com\/pl\/shop\/wycieczka-pokaz-delfinow-szarm-szejk\/#breadcrumb"},"inLanguage":"pl-PL","potentialAction":[{"@type":"ReadAction","target":["https:\/\/landioustravel.com\/pl\/shop\/wycieczka-pokaz-delfinow-szarm-szejk\/"]}]},{"@type":"ImageObject","inLanguage":"pl-PL","@id":"https:\/\/landioustravel.com\/pl\/shop\/wycieczka-pokaz-delfinow-szarm-szejk\/#primaryimage","url":"https:\/\/i0.wp.com\/landioustravel.com\/wp-content\/uploads\/2019\/01\/Entertainment_excursions_in_Hurghada.jpg?fit=3486%2C1958&ssl=1","contentUrl":"https:\/\/i0.wp.com\/landioustravel.com\/wp-content\/uploads\/2019\/01\/Entertainment_excursions_in_Hurghada.jpg?fit=3486%2C1958&ssl=1","width":3486,"height":1958,"caption":"\u03a8\u03c5\u03c7\u03b1\u03b3\u03c9\u03b3\u03b9\u03ba\u03ad\u03c2 \u03b5\u03ba\u03b4\u03c1\u03bf\u03bc\u03ad\u03c2 \u03c3\u03c4\u03b7 \u03a7\u03bf\u03c5\u03c1\u03b3\u03ba\u03ac\u03bd\u03c4\u03b1"},{"@type":"BreadcrumbList","@id":"https:\/\/landioustravel.com\/pl\/shop\/wycieczka-pokaz-delfinow-szarm-szejk\/#breadcrumb","itemListElement":[{"@type":"ListItem","position":1,"name":"Home","item":"https:\/\/landioustravel.com\/pl\/"},{"@type":"ListItem","position":2,"name":"Us\u0142ugi i wycieczki","item":"https:\/\/landioustravel.com\/pl\/"},{"@type":"ListItem","position":3,"name":"Wycieczka z pokazem delfin\u00f3w w Szarm el-Szejk"}]},{"@type":"WebSite","@id":"https:\/\/landioustravel.com\/pl\/#website","url":"https:\/\/landioustravel.com\/pl\/","name":"Landious Travel","description":"Excursions, trips and cruises in Egypt","publisher":{"@id":"https:\/\/landioustravel.com\/pl\/#organization"},"potentialAction":[{"@type":"SearchAction","target":{"@type":"EntryPoint","urlTemplate":"https:\/\/landioustravel.com\/pl\/?s={search_term_string}"},"query-input":{"@type":"PropertyValueSpecification","valueRequired":true,"valueName":"search_term_string"}}],"inLanguage":"pl-PL"},{"@type":["Organization","Place"],"@id":"https:\/\/landioustravel.com\/pl\/#organization","name":"Landious Travel","alternateName":"Landious Travel","url":"https:\/\/landioustravel.com\/pl\/","logo":{"@id":"https:\/\/landioustravel.com\/pl\/shop\/wycieczka-pokaz-delfinow-szarm-szejk\/#local-main-organization-logo"},"image":{"@id":"https:\/\/landioustravel.com\/pl\/shop\/wycieczka-pokaz-delfinow-szarm-szejk\/#local-main-organization-logo"},"sameAs":["https:\/\/web.facebook.com\/landiousEgypt","https:\/\/x.com\/LandiousTours","https:\/\/mastodon.social\/@landious"],"legalName":"Landious Travel","telephone":[],"openingHoursSpecification":[{"@type":"OpeningHoursSpecification","dayOfWeek":["Monday","Tuesday","Wednesday","Thursday","Friday","Saturday","Sunday"],"opens":"09:00","closes":"17:00"}]},{"@type":"ImageObject","inLanguage":"pl-PL","@id":"https:\/\/landioustravel.com\/pl\/shop\/wycieczka-pokaz-delfinow-szarm-szejk\/#local-main-organization-logo","url":"https:\/\/i0.wp.com\/landioustravel.com\/wp-content\/uploads\/2021\/06\/Landious-T.png?fit=500%2C500&ssl=1","contentUrl":"https:\/\/i0.wp.com\/landioustravel.com\/wp-content\/uploads\/2021\/06\/Landious-T.png?fit=500%2C500&ssl=1","width":500,"height":500,"caption":"Landious Travel"}]}},"jetpack_publicize_connections":[],"uagb_featured_image_src":{"full":["https:\/\/i0.wp.com\/landioustravel.com\/wp-content\/uploads\/2019\/01\/Entertainment_excursions_in_Hurghada.jpg?fit=3486%2C1958&ssl=1",3486,1958,false],"thumbnail":["https:\/\/i0.wp.com\/landioustravel.com\/wp-content\/uploads\/2019\/01\/Entertainment_excursions_in_Hurghada.jpg?resize=150%2C150&ssl=1",150,150,true],"medium":["https:\/\/i0.wp.com\/landioustravel.com\/wp-content\/uploads\/2019\/01\/Entertainment_excursions_in_Hurghada.jpg?fit=300%2C169&ssl=1",300,169,true],"medium_large":["https:\/\/i0.wp.com\/landioustravel.com\/wp-content\/uploads\/2019\/01\/Entertainment_excursions_in_Hurghada.jpg?fit=768%2C431&ssl=1",768,431,true],"large":["https:\/\/i0.wp.com\/landioustravel.com\/wp-content\/uploads\/2019\/01\/Entertainment_excursions_in_Hurghada.jpg?fit=980%2C550&ssl=1",980,550,true],"1536x1536":["https:\/\/i0.wp.com\/landioustravel.com\/wp-content\/uploads\/2019\/01\/Entertainment_excursions_in_Hurghada.jpg?fit=1536%2C863&ssl=1",1536,863,true],"2048x2048":["https:\/\/i0.wp.com\/landioustravel.com\/wp-content\/uploads\/2019\/01\/Entertainment_excursions_in_Hurghada.jpg?fit=2048%2C1150&ssl=1",2048,1150,true],"newspack-article-block-landscape-large":["https:\/\/i0.wp.com\/landioustravel.com\/wp-content\/uploads\/2019\/01\/Entertainment_excursions_in_Hurghada.jpg?resize=1200%2C900&ssl=1",1200,900,true],"newspack-article-block-portrait-large":["https:\/\/i0.wp.com\/landioustravel.com\/wp-content\/uploads\/2019\/01\/Entertainment_excursions_in_Hurghada.jpg?resize=900%2C1200&ssl=1",900,1200,true],"newspack-article-block-square-large":["https:\/\/i0.wp.com\/landioustravel.com\/wp-content\/uploads\/2019\/01\/Entertainment_excursions_in_Hurghada.jpg?resize=1200%2C1200&ssl=1",1200,1200,true],"newspack-article-block-landscape-medium":["https:\/\/i0.wp.com\/landioustravel.com\/wp-content\/uploads\/2019\/01\/Entertainment_excursions_in_Hurghada.jpg?resize=800%2C600&ssl=1",800,600,true],"newspack-article-block-portrait-medium":["https:\/\/i0.wp.com\/landioustravel.com\/wp-content\/uploads\/2019\/01\/Entertainment_excursions_in_Hurghada.jpg?resize=600%2C800&ssl=1",600,800,true],"newspack-article-block-square-medium":["https:\/\/i0.wp.com\/landioustravel.com\/wp-content\/uploads\/2019\/01\/Entertainment_excursions_in_Hurghada.jpg?resize=800%2C800&ssl=1",800,800,true],"newspack-article-block-landscape-intermediate":["https:\/\/i0.wp.com\/landioustravel.com\/wp-content\/uploads\/2019\/01\/Entertainment_excursions_in_Hurghada.jpg?resize=600%2C450&ssl=1",600,450,true],"newspack-article-block-portrait-intermediate":["https:\/\/i0.wp.com\/landioustravel.com\/wp-content\/uploads\/2019\/01\/Entertainment_excursions_in_Hurghada.jpg?resize=450%2C600&ssl=1",450,600,true],"newspack-article-block-square-intermediate":["https:\/\/i0.wp.com\/landioustravel.com\/wp-content\/uploads\/2019\/01\/Entertainment_excursions_in_Hurghada.jpg?resize=600%2C600&ssl=1",600,600,true],"newspack-article-block-landscape-small":["https:\/\/i0.wp.com\/landioustravel.com\/wp-content\/uploads\/2019\/01\/Entertainment_excursions_in_Hurghada.jpg?resize=400%2C300&ssl=1",400,300,true],"newspack-article-block-portrait-small":["https:\/\/i0.wp.com\/landioustravel.com\/wp-content\/uploads\/2019\/01\/Entertainment_excursions_in_Hurghada.jpg?resize=300%2C400&ssl=1",300,400,true],"newspack-article-block-square-small":["https:\/\/i0.wp.com\/landioustravel.com\/wp-content\/uploads\/2019\/01\/Entertainment_excursions_in_Hurghada.jpg?resize=400%2C400&ssl=1",400,400,true],"newspack-article-block-landscape-tiny":["https:\/\/i0.wp.com\/landioustravel.com\/wp-content\/uploads\/2019\/01\/Entertainment_excursions_in_Hurghada.jpg?resize=200%2C150&ssl=1",200,150,true],"newspack-article-block-portrait-tiny":["https:\/\/i0.wp.com\/landioustravel.com\/wp-content\/uploads\/2019\/01\/Entertainment_excursions_in_Hurghada.jpg?resize=150%2C200&ssl=1",150,200,true],"newspack-article-block-square-tiny":["https:\/\/i0.wp.com\/landioustravel.com\/wp-content\/uploads\/2019\/01\/Entertainment_excursions_in_Hurghada.jpg?resize=200%2C200&ssl=1",200,200,true],"newspack-article-block-uncropped":["https:\/\/i0.wp.com\/landioustravel.com\/wp-content\/uploads\/2019\/01\/Entertainment_excursions_in_Hurghada.jpg?fit=1200%2C674&ssl=1",1200,674,true],"woocommerce_thumbnail":["https:\/\/i0.wp.com\/landioustravel.com\/wp-content\/uploads\/2019\/01\/Entertainment_excursions_in_Hurghada.jpg?resize=324%2C324&ssl=1",324,324,true],"woocommerce_single":["https:\/\/i0.wp.com\/landioustravel.com\/wp-content\/uploads\/2019\/01\/Entertainment_excursions_in_Hurghada.jpg?fit=416%2C234&ssl=1",416,234,true],"woocommerce_gallery_thumbnail":["https:\/\/i0.wp.com\/landioustravel.com\/wp-content\/uploads\/2019\/01\/Entertainment_excursions_in_Hurghada.jpg?resize=100%2C100&ssl=1",100,100,true]},"uagb_author_info":{"display_name":"Mofreh Landious","author_link":"https:\/\/landioustravel.com\/pl\/author\/"},"uagb_comment_info":1,"uagb_excerpt":"Zobacz najbogatsz\u0105 kolekcj\u0119 ssak\u00f3w morskich w Egipcie podczas wycieczki do delfinarium w Sharm El Sheikh. Spektakl obejmuje ekscytuj\u0105ce wyst\u0119py delfin\u00f3w czarnomorskich, fok p\u00f3\u0142nocnych, lw\u00f3w morskich z Ameryki Po\u0142udniowej i morsa z Pacyfiku. Cena wycieczki obejmuje bilety wst\u0119pu i transfery, dzi\u0119ki czemu jest to bezproblemowa przygoda. Ka\u017cdy, od dzieci po doros\u0142ych, mo\u017ce cieszy\u0107 si\u0119 dobrze wyszkolonym&hellip;","jetpack_sharing_enabled":true,"jetpack_likes_enabled":true,"amp_enabled":true,"_links":{"self":[{"href":"https:\/\/landioustravel.com\/pl\/wp-json\/wp\/v2\/product\/26059","targetHints":{"allow":["GET"]}}],"collection":[{"href":"https:\/\/landioustravel.com\/pl\/wp-json\/wp\/v2\/product"}],"about":[{"href":"https:\/\/landioustravel.com\/pl\/wp-json\/wp\/v2\/types\/product"}],"replies":[{"embeddable":true,"href":"https:\/\/landioustravel.com\/pl\/wp-json\/wp\/v2\/comments?post=26059"}],"wp:featuredmedia":[{"embeddable":true,"href":"https:\/\/landioustravel.com\/pl\/wp-json\/wp\/v2\/media\/10183"}],"wp:attachment":[{"href":"https:\/\/landioustravel.com\/pl\/wp-json\/wp\/v2\/media?parent=26059"}],"wp:term":[{"taxonomy":"product_brand","embeddable":true,"href":"https:\/\/landioustravel.com\/pl\/wp-json\/wp\/v2\/product_brand?post=26059"},{"taxonomy":"product_cat","embeddable":true,"href":"https:\/\/landioustravel.com\/pl\/wp-json\/wp\/v2\/product_cat?post=26059"},{"taxonomy":"product_tag","embeddable":true,"href":"https:\/\/landioustravel.com\/pl\/wp-json\/wp\/v2\/product_tag?post=26059"}],"curies":[{"name":"wp","href":"https:\/\/api.w.org\/{rel}","templated":true}]}}