{"id":26079,"date":"2020-10-08T12:43:34","date_gmt":"2020-12-01T23:43:27","guid":{"rendered":"https:\/\/landioustravel.com\/?post_type=product&#038;p=26079"},"modified":"2024-09-27T20:17:02","modified_gmt":"2024-09-27T17:17:02","slug":"wycieczka-miescie-szarm-el-szejk","status":"publish","type":"product","link":"https:\/\/landioustravel.com\/pl\/shop\/wycieczka-miescie-szarm-el-szejk\/","title":{"rendered":"Wycieczka po mie\u015bcie przez Szarm el-Szejk"},"content":{"rendered":"<p>Ciesz si\u0119 jedn\u0105 z uroczych wycieczek w Sharm El Sheikh, odkrywaj\u0105c fantastyczne zabytki miasta! To bardzo ekscytuj\u0105ca wycieczka po mie\u015bcie przez Sharm El Sheikh w Egipcie. Polecamy wycieczk\u0119, poniewa\u017c pozwala turystom odkry\u0107 r\u00f3\u017cne atrakcje w Sharm El-Sheikh. Ponadto ta trasa zapewnia pe\u0142ne informacje o r\u00f3\u017cnych obszarach i kulturze tego miejsca.<\/p>\n<h2>G\u0142\u00f3wne punkty programu zwiedzania miasta w Sharm<\/h2>\n<ul>\n<li>Zwiedzanie meczetu Mostafa i koptyjskiego ko\u015bcio\u0142a prawos\u0142awnego<\/li>\n<li>Nast\u0119pnie zwiedzanie Starego Miasta i robienie zakup\u00f3w<\/li>\n<li>Zwiedzanie Zatoki Naama i spacer<\/li>\n<li>R\u00f3wnie\u017c ogl\u0105danie pokazu ta\u0144cz\u0105cej fontanny na Soho Square<\/li>\n<\/ul>\n<h3>Program zwiedzania miasta przez Sharm El Sheikh<\/h3>\n<ul>\n<li>Przedstawiciel Landious Travel odbierze Ci\u0119 z Twojego hotelu w Sharm El Sheikh oko\u0142o godziny 15:00<\/li>\n<li>Po zabraniu wszystkich ch\u0119tnych autobus jedzie do Starego Miasta w Sharm. Uzyskanie go zajmuje oko\u0142o 30 minut<\/li>\n<li>Na pocz\u0105tku wycieczki dokonasz panoramicznego przegl\u0105du miejsca. Tam Tw\u00f3j przewodnik zawiera informacje o r\u00f3\u017cnych obszarach miasta<\/li>\n<li>Po tym panoramicznym widoku jedziesz wzd\u0142u\u017c najwi\u0119kszego i najpi\u0119kniejszego meczetu w ca\u0142ym meczecie Synaj _ Mostafa<\/li>\n<li>Odwiedzisz r\u00f3wnie\u017c koptyjski ko\u015bci\u00f3\u0142 prawos\u0142awny. To jeden z najnowocze\u015bniejszych i najpi\u0119kniejszych ko\u015bcio\u0142\u00f3w na \u015bwiecie<\/li>\n<li>Na Starym Rynku mo\u017cna zrobi\u0107 wi\u0119cej zaj\u0119\u0107 &#8211; robi\u0107 zakupy i spacerowa\u0107<\/li>\n<li>Po zako\u0144czeniu wizyty na Starym Mie\u015bcie udasz si\u0119 do aktywnego i uroczego miejsca &#8211; Zatoki Naama<\/li>\n<li>W Naama Bay mo\u017cesz spacerowa\u0107 po tym miejscu, odkrywaj\u0105c dyskoteki, restauracje i kawiarnie<\/li>\n<li>Nast\u0119pnie udaj si\u0119 na plac Soho, gdzie mo\u017cesz podziwia\u0107 pokaz ta\u0144cz\u0105cych fontann i \u0142y\u017cwiarstwo<\/li>\n<li>Pod koniec tej niesamowitej wycieczki po mie\u015bcie w Sharm El Sheikh odprowadzimy Ci\u0119 z powrotem do Twoich hoteli<\/li>\n<li>Ta \u201eWycieczka po mie\u015bcie Sharm El Sheikh\u201d ko\u0144czy si\u0119 oko\u0142o godziny 20:00<\/li>\n<\/ul>\n<h4>Co jest wliczone w cen\u0119 wycieczki<\/h4>\n<ul>\n<li>Przejazd do miasta i powr\u00f3t do hotelu<\/li>\n<\/ul>\n<h5>Co nie jest wliczone w cen\u0119 wycieczki<\/h5>\n<ul>\n<li>Programy dodatkowe, je\u015bli nie zosta\u0142y uwzgl\u0119dnione w powy\u017cszym programie<\/li>\n<\/ul>\n<h6>Co zabra\u0107 na wycieczk\u0119 po mie\u015bcie<\/h6>\n<ul>\n<li>Okulary s\u0142oneczne<\/li>\n<li>Dodatkowa got\u00f3wka<\/li>\n<\/ul>\n<h6>Dni organizacji wycieczek<\/h6>\n<ul>\n<li>Codziennie od 15:00 do 20:00<\/li>\n<\/ul>\n","protected":false},"excerpt":{"rendered":"<p>Sharm El Sheikh Sightseeing Tour to ambitna trasa, kt\u00f3ra zabierze Ci\u0119 do najbardziej fascynuj\u0105cych miejsc w mie\u015bcie. B\u0119dziesz m\u00f3g\u0142 odkrywa\u0107 i odkrywa\u0107 tak wiele o tym niesamowitym miejscu. W programie zwiedzanie Starego Miasta, Starego Rynku i Zatoki Naama, najwi\u0119kszego meczetu w Sharm El Sheikh, Ko\u015bcio\u0142a Koptyjskiego i Soho Square. A je\u015bli jeste\u015b zainteresowany, b\u0119d\u0105 r\u00f3wnie\u017c okazje do zakup\u00f3w.<\/p>\n<p>Chocia\u017c Sharm El Sheikh s\u0142ynie z luksusowych hoteli, \u015bwiatowej klasy nurkowania i t\u0119tni\u0105cego \u017cyciem nocnego \u017cycia, od tysi\u0119cy lat jest tak\u017ce celem podr\u00f3\u017cy ze wzgl\u0119du na po\u0142o\u017cenie na szlaku handlowym mi\u0119dzy Afryk\u0105 a Azj\u0105. Zatoka Szejk\u00f3w, jak jest znana, jest r\u00f3wnie\u017c nazywana Miastem Pokoju ze wzgl\u0119du na odbywaj\u0105ce si\u0119 tu liczne konferencje pokojowe. Ta wycieczka daje szans\u0119 poznania tolerancji religijnej miasta, nowoczesnej i staro\u017cytnej architektury oraz lokalnego egipskiego stylu \u017cycia, czego\u015b, czego wi\u0119kszo\u015b\u0107 turyst\u00f3w nie widzi.<\/p>\n<p>Tw\u00f3j przewodnik po mie\u015bcie odbierze Ci\u0119 klimatyzowanym minibusem oko\u0142o 15:00, a naszym pierwszym przystankiem b\u0119dzie dzielnica al-Noor. Tutaj odwiedzimy Niebia\u0144sk\u0105 Katedr\u0119, osza\u0142amiaj\u0105c\u0105 katolick\u0105 katedr\u0119 z pi\u0119knymi malowid\u0142ami \u015bciennymi. Tw\u00f3j przewodnik udzieli Ci r\u00f3wnie\u017c informacji na temat historii chrze\u015bcija\u0144stwa w Egipcie. Nast\u0119pnie odwiedzimy meczet Al-Mostafa, gdzie przewodnik opowie Ci o stylu i architekturze meczetu oraz o samym islamie.<\/p>\n<p>Nast\u0119pnie udamy si\u0119 do latarni morskiej Al-Fanar, z kt\u00f3rej roztaczaj\u0105 si\u0119 zapieraj\u0105ce dech w piersiach widoki na wybrze\u017ce Sharm i Zatok\u0119 Akaba. Tutaj mo\u017cemy odpocz\u0105\u0107 i podziwia\u0107 panoramy. Znajduje si\u0119 tu r\u00f3wnie\u017c pi\u0119kny pomnik pokoju, kt\u00f3ry idealnie nadaje si\u0119 na okazj\u0119 do zrobienia zdj\u0119cia.<\/p>\n<p>Naszym nast\u0119pnym przystankiem jest meczet Sahaba na starym rynku. To pi\u0119kny meczet, kt\u00f3ry \u0142\u0105czy elementy Fatymid\u00f3w, Mameluk\u00f3w i Osman\u00f3w w architekturze i wystroju wn\u0119trz. Uwa\u017cany jest za najwa\u017cniejszy meczet zbudowany w ci\u0105gu dekady. Na koniec, je\u015bli chcesz pozna\u0107 lokalne egipskie \u017cycie, odwiedzimy dzielnic\u0119 handlow\u0105 na Starym Rynku, gdzie mo\u017cesz spotka\u0107 si\u0119 z mieszka\u0144cami i zrobi\u0107 zakupy, je\u015bli chcesz.<\/p>\n<p>Wycieczka zako\u0144czy si\u0119 oko\u0142o 18:00, a przewodnik odprowadzi Ci\u0119 z powrotem do hotelu w mie\u015bcie Sharm El Sheikh. Ta wycieczka to niesamowita okazja do poznania miasta i jeste\u015bmy pewni, \u017ce prze\u017cyjesz niezapomniane wra\u017cenia.<\/p>\n","protected":false},"featured_media":45817,"comment_status":"open","ping_status":"closed","template":"","meta":{"_coblocks_attr":"","_coblocks_dimensions":"","_coblocks_responsive_height":"","_coblocks_accordion_ie_support":"","_uag_custom_page_level_css":"","jetpack_publicize_message":"","jetpack_publicize_feature_enabled":true,"jetpack_social_post_already_shared":true,"jetpack_social_options":{"image_generator_settings":{"template":"highway","default_image_id":0,"font":"","enabled":false},"version":2},"_wpas_customize_per_network":false},"product_brand":[],"product_cat":[1950],"product_tag":[1963,1961,1973,9909],"class_list":{"0":"post-26079","1":"product","2":"type-product","3":"status-publish","4":"has-post-thumbnail","6":"product_cat-wycieczki-sharm-sheikh","7":"product_tag-szarm-el-szejk","8":"product_tag-wycieczka","9":"product_tag-wycieczka-po-miescie","10":"product_tag-zwiedzanie","11":"pa_age-dorosly","12":"pa_age-dziecko","14":"first","15":"instock","16":"sale","17":"taxable","18":"shipping-taxable","19":"purchasable","20":"product-type-variable"},"yoast_head":"<!-- This site is optimized with the Yoast SEO Premium plugin v26.9 (Yoast SEO v27.5) - https:\/\/yoast.com\/product\/yoast-seo-premium-wordpress\/ -->\n<title>Wycieczka po mie\u015bcie przez Szarm el-Szejk<\/title>\n<meta name=\"description\" content=\"Wycieczka po mie\u015bcie przez Szarm el-Szejk obejmuje r\u00f3\u017cne punkty i przystanki w g\u0142\u00f3wnych interesuj\u0105cych miejscach miasta. Wycieczka jest intensywna i pozwala\" \/>\n<meta name=\"robots\" content=\"index, follow, max-snippet:-1, max-image-preview:large, max-video-preview:-1\" \/>\n<link rel=\"canonical\" href=\"https:\/\/landioustravel.com\/pl\/shop\/wycieczka-miescie-szarm-el-szejk\/\" \/>\n<meta property=\"og:locale\" content=\"pl_PL\" \/>\n<meta property=\"og:type\" content=\"article\" \/>\n<meta property=\"og:title\" content=\"Wycieczka po mie\u015bcie przez Szarm el-Szejk\" \/>\n<meta property=\"og:description\" content=\"Landious Travel\" \/>\n<meta property=\"og:url\" content=\"https:\/\/landioustravel.com\/pl\/shop\/wycieczka-miescie-szarm-el-szejk\/\" \/>\n<meta property=\"og:site_name\" content=\"Landious Travel\" \/>\n<meta property=\"article:publisher\" content=\"https:\/\/web.facebook.com\/landiousEgypt\" \/>\n<meta property=\"article:modified_time\" content=\"2024-09-27T17:17:02+00:00\" \/>\n<meta property=\"og:image\" content=\"https:\/\/landioustravel.com\/wp-content\/uploads\/2020\/10\/City-Tour-Sharm-El-Sheikh-e1617565959779.jpg\" \/>\n\t<meta property=\"og:image:width\" content=\"1200\" \/>\n\t<meta property=\"og:image:height\" content=\"675\" \/>\n\t<meta property=\"og:image:type\" content=\"image\/jpeg\" \/>\n<meta name=\"twitter:card\" content=\"summary_large_image\" \/>\n<meta name=\"twitter:site\" content=\"@LandiousTours\" \/>\n<meta name=\"twitter:label1\" content=\"Szacowany czas czytania\" \/>\n\t<meta name=\"twitter:data1\" content=\"2 minuty\" \/>\n<script type=\"application\/ld+json\" class=\"yoast-schema-graph\">{\"@context\":\"https:\\\/\\\/schema.org\",\"@graph\":[{\"@type\":\"WebPage\",\"@id\":\"https:\\\/\\\/landioustravel.com\\\/pl\\\/shop\\\/wycieczka-miescie-szarm-el-szejk\\\/\",\"url\":\"https:\\\/\\\/landioustravel.com\\\/pl\\\/shop\\\/wycieczka-miescie-szarm-el-szejk\\\/\",\"name\":\"Wycieczka po mie\u015bcie przez Szarm el-Szejk\",\"isPartOf\":{\"@id\":\"https:\\\/\\\/landioustravel.com\\\/pl\\\/#website\"},\"primaryImageOfPage\":{\"@id\":\"https:\\\/\\\/landioustravel.com\\\/pl\\\/shop\\\/wycieczka-miescie-szarm-el-szejk\\\/#primaryimage\"},\"image\":{\"@id\":\"https:\\\/\\\/landioustravel.com\\\/pl\\\/shop\\\/wycieczka-miescie-szarm-el-szejk\\\/#primaryimage\"},\"thumbnailUrl\":\"https:\\\/\\\/i0.wp.com\\\/landioustravel.com\\\/wp-content\\\/uploads\\\/2020\\\/10\\\/City-Tour-Sharm-El-Sheikh-e1617565959779.jpg?fit=1200%2C675&ssl=1\",\"datePublished\":\"2020-12-01T23:43:27+00:00\",\"dateModified\":\"2024-09-27T17:17:02+00:00\",\"description\":\"Wycieczka po mie\u015bcie przez Szarm el-Szejk obejmuje r\u00f3\u017cne punkty i przystanki w g\u0142\u00f3wnych interesuj\u0105cych miejscach miasta. Wycieczka jest intensywna i pozwala\",\"breadcrumb\":{\"@id\":\"https:\\\/\\\/landioustravel.com\\\/pl\\\/shop\\\/wycieczka-miescie-szarm-el-szejk\\\/#breadcrumb\"},\"inLanguage\":\"pl-PL\",\"potentialAction\":[{\"@type\":\"ReadAction\",\"target\":[\"https:\\\/\\\/landioustravel.com\\\/pl\\\/shop\\\/wycieczka-miescie-szarm-el-szejk\\\/\"]}]},{\"@type\":\"ImageObject\",\"inLanguage\":\"pl-PL\",\"@id\":\"https:\\\/\\\/landioustravel.com\\\/pl\\\/shop\\\/wycieczka-miescie-szarm-el-szejk\\\/#primaryimage\",\"url\":\"https:\\\/\\\/i0.wp.com\\\/landioustravel.com\\\/wp-content\\\/uploads\\\/2020\\\/10\\\/City-Tour-Sharm-El-Sheikh-e1617565959779.jpg?fit=1200%2C675&ssl=1\",\"contentUrl\":\"https:\\\/\\\/i0.wp.com\\\/landioustravel.com\\\/wp-content\\\/uploads\\\/2020\\\/10\\\/City-Tour-Sharm-El-Sheikh-e1617565959779.jpg?fit=1200%2C675&ssl=1\",\"width\":1200,\"height\":675,\"caption\":\"City Tour Sharm El Sheikh\"},{\"@type\":\"BreadcrumbList\",\"@id\":\"https:\\\/\\\/landioustravel.com\\\/pl\\\/shop\\\/wycieczka-miescie-szarm-el-szejk\\\/#breadcrumb\",\"itemListElement\":[{\"@type\":\"ListItem\",\"position\":1,\"name\":\"Home\",\"item\":\"https:\\\/\\\/landioustravel.com\\\/pl\\\/\"},{\"@type\":\"ListItem\",\"position\":2,\"name\":\"Us\u0142ugi i wycieczki\",\"item\":\"https:\\\/\\\/landioustravel.com\\\/pl\\\/\"},{\"@type\":\"ListItem\",\"position\":3,\"name\":\"Wycieczka po mie\u015bcie przez Szarm el-Szejk\"}]},{\"@type\":\"WebSite\",\"@id\":\"https:\\\/\\\/landioustravel.com\\\/pl\\\/#website\",\"url\":\"https:\\\/\\\/landioustravel.com\\\/pl\\\/\",\"name\":\"Landious Travel\",\"description\":\"Excursions, trips and cruises in Egypt\",\"publisher\":{\"@id\":\"https:\\\/\\\/landioustravel.com\\\/pl\\\/#organization\"},\"potentialAction\":[{\"@type\":\"SearchAction\",\"target\":{\"@type\":\"EntryPoint\",\"urlTemplate\":\"https:\\\/\\\/landioustravel.com\\\/pl\\\/?s={search_term_string}\"},\"query-input\":{\"@type\":\"PropertyValueSpecification\",\"valueRequired\":true,\"valueName\":\"search_term_string\"}}],\"inLanguage\":\"pl-PL\"},{\"@type\":[\"Organization\",\"Place\"],\"@id\":\"https:\\\/\\\/landioustravel.com\\\/pl\\\/#organization\",\"name\":\"Landious Travel\",\"alternateName\":\"Landious Travel\",\"url\":\"https:\\\/\\\/landioustravel.com\\\/pl\\\/\",\"logo\":{\"@id\":\"https:\\\/\\\/landioustravel.com\\\/pl\\\/shop\\\/wycieczka-miescie-szarm-el-szejk\\\/#local-main-organization-logo\"},\"image\":{\"@id\":\"https:\\\/\\\/landioustravel.com\\\/pl\\\/shop\\\/wycieczka-miescie-szarm-el-szejk\\\/#local-main-organization-logo\"},\"sameAs\":[\"https:\\\/\\\/web.facebook.com\\\/landiousEgypt\",\"https:\\\/\\\/x.com\\\/LandiousTours\",\"https:\\\/\\\/mastodon.social\\\/@landious\"],\"legalName\":\"Landious Travel\",\"telephone\":[],\"openingHoursSpecification\":[{\"@type\":\"OpeningHoursSpecification\",\"dayOfWeek\":[\"Monday\",\"Tuesday\",\"Wednesday\",\"Thursday\",\"Friday\",\"Saturday\",\"Sunday\"],\"opens\":\"09:00\",\"closes\":\"17:00\"}]},{\"@type\":\"ImageObject\",\"inLanguage\":\"pl-PL\",\"@id\":\"https:\\\/\\\/landioustravel.com\\\/pl\\\/shop\\\/wycieczka-miescie-szarm-el-szejk\\\/#local-main-organization-logo\",\"url\":\"https:\\\/\\\/i0.wp.com\\\/landioustravel.com\\\/wp-content\\\/uploads\\\/2021\\\/06\\\/Landious-T.png?fit=500%2C500&ssl=1\",\"contentUrl\":\"https:\\\/\\\/i0.wp.com\\\/landioustravel.com\\\/wp-content\\\/uploads\\\/2021\\\/06\\\/Landious-T.png?fit=500%2C500&ssl=1\",\"width\":500,\"height\":500,\"caption\":\"Landious Travel\"}]}<\/script>\n<!-- \/ Yoast SEO Premium plugin. -->","yoast_head_json":{"title":"Wycieczka po mie\u015bcie przez Szarm el-Szejk","description":"Wycieczka po mie\u015bcie przez Szarm el-Szejk obejmuje r\u00f3\u017cne punkty i przystanki w g\u0142\u00f3wnych interesuj\u0105cych miejscach miasta. Wycieczka jest intensywna i pozwala","robots":{"index":"index","follow":"follow","max-snippet":"max-snippet:-1","max-image-preview":"max-image-preview:large","max-video-preview":"max-video-preview:-1"},"canonical":"https:\/\/landioustravel.com\/pl\/shop\/wycieczka-miescie-szarm-el-szejk\/","og_locale":"pl_PL","og_type":"article","og_title":"Wycieczka po mie\u015bcie przez Szarm el-Szejk","og_description":"Landious Travel","og_url":"https:\/\/landioustravel.com\/pl\/shop\/wycieczka-miescie-szarm-el-szejk\/","og_site_name":"Landious Travel","article_publisher":"https:\/\/web.facebook.com\/landiousEgypt","article_modified_time":"2024-09-27T17:17:02+00:00","og_image":[{"width":1200,"height":675,"url":"https:\/\/landioustravel.com\/wp-content\/uploads\/2020\/10\/City-Tour-Sharm-El-Sheikh-e1617565959779.jpg","type":"image\/jpeg"}],"twitter_card":"summary_large_image","twitter_site":"@LandiousTours","twitter_misc":{"Szacowany czas czytania":"2 minuty"},"schema":{"@context":"https:\/\/schema.org","@graph":[{"@type":"WebPage","@id":"https:\/\/landioustravel.com\/pl\/shop\/wycieczka-miescie-szarm-el-szejk\/","url":"https:\/\/landioustravel.com\/pl\/shop\/wycieczka-miescie-szarm-el-szejk\/","name":"Wycieczka po mie\u015bcie przez Szarm el-Szejk","isPartOf":{"@id":"https:\/\/landioustravel.com\/pl\/#website"},"primaryImageOfPage":{"@id":"https:\/\/landioustravel.com\/pl\/shop\/wycieczka-miescie-szarm-el-szejk\/#primaryimage"},"image":{"@id":"https:\/\/landioustravel.com\/pl\/shop\/wycieczka-miescie-szarm-el-szejk\/#primaryimage"},"thumbnailUrl":"https:\/\/i0.wp.com\/landioustravel.com\/wp-content\/uploads\/2020\/10\/City-Tour-Sharm-El-Sheikh-e1617565959779.jpg?fit=1200%2C675&ssl=1","datePublished":"2020-12-01T23:43:27+00:00","dateModified":"2024-09-27T17:17:02+00:00","description":"Wycieczka po mie\u015bcie przez Szarm el-Szejk obejmuje r\u00f3\u017cne punkty i przystanki w g\u0142\u00f3wnych interesuj\u0105cych miejscach miasta. Wycieczka jest intensywna i pozwala","breadcrumb":{"@id":"https:\/\/landioustravel.com\/pl\/shop\/wycieczka-miescie-szarm-el-szejk\/#breadcrumb"},"inLanguage":"pl-PL","potentialAction":[{"@type":"ReadAction","target":["https:\/\/landioustravel.com\/pl\/shop\/wycieczka-miescie-szarm-el-szejk\/"]}]},{"@type":"ImageObject","inLanguage":"pl-PL","@id":"https:\/\/landioustravel.com\/pl\/shop\/wycieczka-miescie-szarm-el-szejk\/#primaryimage","url":"https:\/\/i0.wp.com\/landioustravel.com\/wp-content\/uploads\/2020\/10\/City-Tour-Sharm-El-Sheikh-e1617565959779.jpg?fit=1200%2C675&ssl=1","contentUrl":"https:\/\/i0.wp.com\/landioustravel.com\/wp-content\/uploads\/2020\/10\/City-Tour-Sharm-El-Sheikh-e1617565959779.jpg?fit=1200%2C675&ssl=1","width":1200,"height":675,"caption":"City Tour Sharm El Sheikh"},{"@type":"BreadcrumbList","@id":"https:\/\/landioustravel.com\/pl\/shop\/wycieczka-miescie-szarm-el-szejk\/#breadcrumb","itemListElement":[{"@type":"ListItem","position":1,"name":"Home","item":"https:\/\/landioustravel.com\/pl\/"},{"@type":"ListItem","position":2,"name":"Us\u0142ugi i wycieczki","item":"https:\/\/landioustravel.com\/pl\/"},{"@type":"ListItem","position":3,"name":"Wycieczka po mie\u015bcie przez Szarm el-Szejk"}]},{"@type":"WebSite","@id":"https:\/\/landioustravel.com\/pl\/#website","url":"https:\/\/landioustravel.com\/pl\/","name":"Landious Travel","description":"Excursions, trips and cruises in Egypt","publisher":{"@id":"https:\/\/landioustravel.com\/pl\/#organization"},"potentialAction":[{"@type":"SearchAction","target":{"@type":"EntryPoint","urlTemplate":"https:\/\/landioustravel.com\/pl\/?s={search_term_string}"},"query-input":{"@type":"PropertyValueSpecification","valueRequired":true,"valueName":"search_term_string"}}],"inLanguage":"pl-PL"},{"@type":["Organization","Place"],"@id":"https:\/\/landioustravel.com\/pl\/#organization","name":"Landious Travel","alternateName":"Landious Travel","url":"https:\/\/landioustravel.com\/pl\/","logo":{"@id":"https:\/\/landioustravel.com\/pl\/shop\/wycieczka-miescie-szarm-el-szejk\/#local-main-organization-logo"},"image":{"@id":"https:\/\/landioustravel.com\/pl\/shop\/wycieczka-miescie-szarm-el-szejk\/#local-main-organization-logo"},"sameAs":["https:\/\/web.facebook.com\/landiousEgypt","https:\/\/x.com\/LandiousTours","https:\/\/mastodon.social\/@landious"],"legalName":"Landious Travel","telephone":[],"openingHoursSpecification":[{"@type":"OpeningHoursSpecification","dayOfWeek":["Monday","Tuesday","Wednesday","Thursday","Friday","Saturday","Sunday"],"opens":"09:00","closes":"17:00"}]},{"@type":"ImageObject","inLanguage":"pl-PL","@id":"https:\/\/landioustravel.com\/pl\/shop\/wycieczka-miescie-szarm-el-szejk\/#local-main-organization-logo","url":"https:\/\/i0.wp.com\/landioustravel.com\/wp-content\/uploads\/2021\/06\/Landious-T.png?fit=500%2C500&ssl=1","contentUrl":"https:\/\/i0.wp.com\/landioustravel.com\/wp-content\/uploads\/2021\/06\/Landious-T.png?fit=500%2C500&ssl=1","width":500,"height":500,"caption":"Landious Travel"}]}},"jetpack_publicize_connections":[],"uagb_featured_image_src":{"full":["https:\/\/i0.wp.com\/landioustravel.com\/wp-content\/uploads\/2020\/10\/City-Tour-Sharm-El-Sheikh-e1617565959779.jpg?fit=1200%2C675&ssl=1",1200,675,false],"thumbnail":["https:\/\/i0.wp.com\/landioustravel.com\/wp-content\/uploads\/2020\/10\/City-Tour-Sharm-El-Sheikh-e1617565959779.jpg?resize=150%2C150&ssl=1",150,150,true],"medium":["https:\/\/i0.wp.com\/landioustravel.com\/wp-content\/uploads\/2020\/10\/City-Tour-Sharm-El-Sheikh-e1617565959779.jpg?fit=300%2C169&ssl=1",300,169,true],"medium_large":["https:\/\/i0.wp.com\/landioustravel.com\/wp-content\/uploads\/2020\/10\/City-Tour-Sharm-El-Sheikh-e1617565959779.jpg?fit=768%2C432&ssl=1",768,432,true],"large":["https:\/\/i0.wp.com\/landioustravel.com\/wp-content\/uploads\/2020\/10\/City-Tour-Sharm-El-Sheikh-e1617565959779.jpg?fit=980%2C551&ssl=1",980,551,true],"1536x1536":["https:\/\/i0.wp.com\/landioustravel.com\/wp-content\/uploads\/2020\/10\/City-Tour-Sharm-El-Sheikh-e1617565959779.jpg?fit=1200%2C675&ssl=1",1200,675,true],"2048x2048":["https:\/\/i0.wp.com\/landioustravel.com\/wp-content\/uploads\/2020\/10\/City-Tour-Sharm-El-Sheikh-e1617565959779.jpg?fit=1200%2C675&ssl=1",1200,675,true],"newspack-article-block-landscape-large":["https:\/\/i0.wp.com\/landioustravel.com\/wp-content\/uploads\/2020\/10\/City-Tour-Sharm-El-Sheikh-e1617565959779.jpg?resize=1200%2C675&ssl=1",1200,720,true],"newspack-article-block-portrait-large":["https:\/\/i0.wp.com\/landioustravel.com\/wp-content\/uploads\/2020\/10\/City-Tour-Sharm-El-Sheikh-e1617565959779.jpg?resize=900%2C675&ssl=1",900,720,true],"newspack-article-block-square-large":["https:\/\/i0.wp.com\/landioustravel.com\/wp-content\/uploads\/2020\/10\/City-Tour-Sharm-El-Sheikh-e1617565959779.jpg?resize=1200%2C675&ssl=1",1200,720,true],"newspack-article-block-landscape-medium":["https:\/\/i0.wp.com\/landioustravel.com\/wp-content\/uploads\/2020\/10\/City-Tour-Sharm-El-Sheikh-e1617565959779.jpg?resize=800%2C600&ssl=1",800,600,true],"newspack-article-block-portrait-medium":["https:\/\/i0.wp.com\/landioustravel.com\/wp-content\/uploads\/2020\/10\/City-Tour-Sharm-El-Sheikh-e1617565959779.jpg?resize=600%2C675&ssl=1",600,720,true],"newspack-article-block-square-medium":["https:\/\/i0.wp.com\/landioustravel.com\/wp-content\/uploads\/2020\/10\/City-Tour-Sharm-El-Sheikh-e1617565959779.jpg?resize=800%2C675&ssl=1",800,720,true],"newspack-article-block-landscape-intermediate":["https:\/\/i0.wp.com\/landioustravel.com\/wp-content\/uploads\/2020\/10\/City-Tour-Sharm-El-Sheikh-e1617565959779.jpg?resize=600%2C450&ssl=1",600,450,true],"newspack-article-block-portrait-intermediate":["https:\/\/i0.wp.com\/landioustravel.com\/wp-content\/uploads\/2020\/10\/City-Tour-Sharm-El-Sheikh-e1617565959779.jpg?resize=450%2C600&ssl=1",450,600,true],"newspack-article-block-square-intermediate":["https:\/\/i0.wp.com\/landioustravel.com\/wp-content\/uploads\/2020\/10\/City-Tour-Sharm-El-Sheikh-e1617565959779.jpg?resize=600%2C600&ssl=1",600,600,true],"newspack-article-block-landscape-small":["https:\/\/i0.wp.com\/landioustravel.com\/wp-content\/uploads\/2020\/10\/City-Tour-Sharm-El-Sheikh-e1617565959779.jpg?resize=400%2C300&ssl=1",400,300,true],"newspack-article-block-portrait-small":["https:\/\/i0.wp.com\/landioustravel.com\/wp-content\/uploads\/2020\/10\/City-Tour-Sharm-El-Sheikh-e1617565959779.jpg?resize=300%2C400&ssl=1",300,400,true],"newspack-article-block-square-small":["https:\/\/i0.wp.com\/landioustravel.com\/wp-content\/uploads\/2020\/10\/City-Tour-Sharm-El-Sheikh-e1617565959779.jpg?resize=400%2C400&ssl=1",400,400,true],"newspack-article-block-landscape-tiny":["https:\/\/i0.wp.com\/landioustravel.com\/wp-content\/uploads\/2020\/10\/City-Tour-Sharm-El-Sheikh-e1617565959779.jpg?resize=200%2C150&ssl=1",200,150,true],"newspack-article-block-portrait-tiny":["https:\/\/i0.wp.com\/landioustravel.com\/wp-content\/uploads\/2020\/10\/City-Tour-Sharm-El-Sheikh-e1617565959779.jpg?resize=150%2C200&ssl=1",150,200,true],"newspack-article-block-square-tiny":["https:\/\/i0.wp.com\/landioustravel.com\/wp-content\/uploads\/2020\/10\/City-Tour-Sharm-El-Sheikh-e1617565959779.jpg?resize=200%2C200&ssl=1",200,200,true],"newspack-article-block-uncropped":["https:\/\/i0.wp.com\/landioustravel.com\/wp-content\/uploads\/2020\/10\/City-Tour-Sharm-El-Sheikh-e1617565959779.jpg?fit=1200%2C675&ssl=1",1200,675,true],"woocommerce_thumbnail":["https:\/\/i0.wp.com\/landioustravel.com\/wp-content\/uploads\/2020\/10\/City-Tour-Sharm-El-Sheikh-e1617565959779.jpg?resize=324%2C324&ssl=1",324,324,true],"woocommerce_single":["https:\/\/i0.wp.com\/landioustravel.com\/wp-content\/uploads\/2020\/10\/City-Tour-Sharm-El-Sheikh-e1617565959779.jpg?fit=416%2C234&ssl=1",416,234,true],"woocommerce_gallery_thumbnail":["https:\/\/i0.wp.com\/landioustravel.com\/wp-content\/uploads\/2020\/10\/City-Tour-Sharm-El-Sheikh-e1617565959779.jpg?resize=100%2C100&ssl=1",100,100,true]},"uagb_author_info":{"display_name":"Mofreh Landious","author_link":"https:\/\/landioustravel.com\/pl\/author\/"},"uagb_comment_info":1,"uagb_excerpt":"Sharm El Sheikh Sightseeing Tour to ambitna trasa, kt\u00f3ra zabierze Ci\u0119 do najbardziej fascynuj\u0105cych miejsc w mie\u015bcie. B\u0119dziesz m\u00f3g\u0142 odkrywa\u0107 i odkrywa\u0107 tak wiele o tym niesamowitym miejscu. W programie zwiedzanie Starego Miasta, Starego Rynku i Zatoki Naama, najwi\u0119kszego meczetu w Sharm El Sheikh, Ko\u015bcio\u0142a Koptyjskiego i Soho Square. A je\u015bli jeste\u015b zainteresowany, b\u0119d\u0105 r\u00f3wnie\u017c&hellip;","jetpack_sharing_enabled":true,"jetpack_likes_enabled":true,"amp_enabled":true,"_links":{"self":[{"href":"https:\/\/landioustravel.com\/pl\/wp-json\/wp\/v2\/product\/26079","targetHints":{"allow":["GET"]}}],"collection":[{"href":"https:\/\/landioustravel.com\/pl\/wp-json\/wp\/v2\/product"}],"about":[{"href":"https:\/\/landioustravel.com\/pl\/wp-json\/wp\/v2\/types\/product"}],"replies":[{"embeddable":true,"href":"https:\/\/landioustravel.com\/pl\/wp-json\/wp\/v2\/comments?post=26079"}],"wp:featuredmedia":[{"embeddable":true,"href":"https:\/\/landioustravel.com\/pl\/wp-json\/wp\/v2\/media\/45817"}],"wp:attachment":[{"href":"https:\/\/landioustravel.com\/pl\/wp-json\/wp\/v2\/media?parent=26079"}],"wp:term":[{"taxonomy":"product_brand","embeddable":true,"href":"https:\/\/landioustravel.com\/pl\/wp-json\/wp\/v2\/product_brand?post=26079"},{"taxonomy":"product_cat","embeddable":true,"href":"https:\/\/landioustravel.com\/pl\/wp-json\/wp\/v2\/product_cat?post=26079"},{"taxonomy":"product_tag","embeddable":true,"href":"https:\/\/landioustravel.com\/pl\/wp-json\/wp\/v2\/product_tag?post=26079"}],"curies":[{"name":"wp","href":"https:\/\/api.w.org\/{rel}","templated":true}]}}