{"id":26110,"date":"2020-10-07T02:17:04","date_gmt":"2020-12-04T21:10:01","guid":{"rendered":"https:\/\/landioustravel.com\/?post_type=product&#038;p=26110"},"modified":"2026-04-12T19:13:38","modified_gmt":"2026-04-12T17:13:38","slug":"wycieczka-basen-delfin-szarm-szejk","status":"publish","type":"product","link":"https:\/\/landioustravel.com\/pl\/shop\/wycieczka-basen-delfin-szarm-szejk\/","title":{"rendered":"Wycieczka na basen z delfinami w Szarm el-Szejk"},"content":{"rendered":"<p>Ulubiona wycieczka rozrywkowa do p\u0142ywania z przyjaznymi delfinami w Sharm El Sheikh w Egipcie! Polecamy wycieczk\u0119, poniewa\u017c pozwala turystom mi\u0142o sp\u0119dzi\u0107 czas na p\u0142ywaniu z delfinami. To do\u015bwiadczenie p\u0142ywania z delfinami to \u015bwietny spos\u00f3b na bliskie spotkanie z tymi pi\u0119knymi i uroczymi stworzeniami. Mo\u017cesz dotyka\u0107, ca\u0142owa\u0107, przytula\u0107, p\u0142ywa\u0107, \u015bpiewa\u0107 i bawi\u0107 si\u0119 z delfinami. C\u00f3\u017c za wspania\u0142e do\u015bwiadczenie m\u00f3c wykonywa\u0107 te radosne czynno\u015bci! Jest to spos\u00f3b na podzielenie si\u0119 z rodzin\u0105 szcz\u0119\u015bliwymi wspomnieniami z interakcji z tymi inteligentnymi ssakami morskimi. Oczywi\u015bcie mo\u017cesz towarzyszy\u0107 ca\u0142ej rodzinie w tej czynno\u015bci i spe\u0142nia\u0107 marzenia<\/p>\n<h2>G\u0142\u00f3wne punkty programu wycieczki do p\u0142ywania z delfinami<\/h2>\n<ul>\n<li>P\u0142ywanie z delfinami w basenie<\/li>\n<li>Zdj\u0119cia i instrukta\u017c na DVD<\/li>\n<\/ul>\n<h3>Program wyprawy p\u0142ywackiej z delfinami w Sharm El Sheikh<\/h3>\n<ul>\n<li>Przedstawiciel Landious Travel odbierze Ci\u0119 z hotelu w Sharm El Sheikh oko\u0142o godziny 09:00<\/li>\n<li>Po zabraniu wszystkich ch\u0119tnych autobus jedzie do delfinarium znajduj\u0105cego si\u0119 w Sharm El Sheikh. Droga do delfinarium zajmuje oko\u0142o 30 minut<\/li>\n<li>W delfinarium b\u0119dziesz mia\u0142 mo\u017cliwo\u015b\u0107 przebrania si\u0119 oraz za\u0142o\u017cenia kostiumu k\u0105pielowego i kamizelek ratunkowych w razie potrzeby<\/li>\n<li>jedn\u0105 z najbardziej fascynuj\u0105cych b\u0119dzie interakcja z jednym z najbardziej przyjaznych i inteligentnych gatunk\u00f3w na \u015bwiecie, delfinami!<\/li>\n<li>Nast\u0119pnym g\u0142\u00f3wnym przystankiem b\u0119dzie p\u0142ywanie z przyjaznymi delfinami. Pasuje do wszystkich grup wiekowych do zabawy z tymi uroczymi stworzeniami w du\u017cym basenie. B\u0119dziesz mie\u0107 jednego delfina na dwie osoby i profesjonalnego trenera, kt\u00f3ry pomo\u017ce Ci cieszy\u0107 si\u0119 tym ekscytuj\u0105cym do\u015bwiadczeniem. Ciesz si\u0119 p\u0142ywaniem z delfinami, dotykaj\u0105c, pieszcz\u0105c, przytulaj\u0105c i ca\u0142uj\u0105c te urocze stworzenia w basenie. Pami\u0119taj, aby u\u015bmiechn\u0105\u0107 si\u0119 do aparatu! Zachowaj te niezapomniane wspomnienia dzi\u0119ki cyfrowym zdj\u0119ciom swojego p\u0142ywania z delfinami<\/li>\n<li>Po zako\u0144czeniu interakcji rozpocznie si\u0119 odprawa ze zdj\u0119ciem i DVD. Pod koniec p\u0142ywania z delfinami Tw\u00f3j trener zaproponuje Ci zrobienie kilku zdj\u0119\u0107, aby zapami\u0119ta\u0107 te cudowne chwile. P\u00f3\u017aniej te zdj\u0119cia za dodatkow\u0105 op\u0142at\u0105. Jego cena zale\u017cy od wielko\u015bci. Posiadanie tego b\u0119dzie czym\u015b opcjonalnym. Odprawa DVD b\u0119dzie trwa\u0107 30 minut<\/li>\n<li>Po tak wspania\u0142ej wycieczce z delfinami Tw\u00f3j autobus odje\u017cd\u017ca z powrotem do Twoich hoteli. Ponownie odwieziemy Ci\u0119 do Twoich hoteli<\/li>\n<li>Ta \u201ewyprawa na basen z delfinami w Sharm El Sheikh\u201d ko\u0144czy si\u0119 oko\u0142o 16:30<\/li>\n<\/ul>\n<h4>Co jest wliczone w cen\u0119 wycieczki<\/h4>\n<ul>\n<li>Profesjonalny trener<\/li>\n<li>Kamizelka ratunkowa<\/li>\n<li>Przejazd do delfinarium iz powrotem do hotelu<\/li>\n<\/ul>\n<h5>Co nie jest wliczone w cen\u0119 wycieczki<\/h5>\n<ul>\n<li>Video DVD<\/li>\n<li>R\u00f3wnie\u017c Photo CD<\/li>\n<\/ul>\n<h6>Co zabra\u0107 ze sob\u0105 w podr\u00f3\u017c<\/h6>\n<ul>\n<li>R\u0119cznik<\/li>\n<li>R\u00f3wnie\u017c filtr przeciws\u0142oneczny<\/li>\n<li>Dodatkowa got\u00f3wka<\/li>\n<\/ul>\n<h6>Dni organizacji wycieczek<\/h6>\n<ul>\n<li>Codziennie w godzinach 09: 00\u201312: 00<\/li>\n<\/ul>\n","protected":false},"excerpt":{"rendered":"<p>P\u0142ywanie z delfinami to niezapomniane prze\u017cycie, kt\u00f3re ka\u017cdy powinien prze\u017cy\u0107 przynajmniej raz w \u017cyciu. Na szcz\u0119\u015bcie teraz mo\u017cesz to zrobi\u0107 podczas pobytu w Sharm El Sheikh! Czy jeste\u015b gotowy, aby spe\u0142ni\u0107 swoje marzenie?<\/p>\n<p>Nasza wycieczka p\u0142ywania z delfinami odbywa si\u0119 w Dolphina Park, gdzie mo\u017cesz zbli\u017cy\u0107 si\u0119 do tych niesamowitych stworze\u0144. B\u0119dziesz mia\u0142 okazj\u0119 dotyka\u0107, ca\u0142owa\u0107 i bawi\u0107 si\u0119 z nimi w bezpiecznym i przyjaznym \u015brodowisku. Dodatkowo mo\u017cesz zabra\u0107 do domu pami\u0105tk\u0119 na ca\u0142e \u017cycie ze zdj\u0119ciem Ciebie i delfin\u00f3w!<\/p>\n<p>Wycieczka obejmuje wygodny transfer w obie strony z Twojego hotelu w Sharm El Sheikh, wi\u0119c mo\u017cesz po prostu usi\u0105\u015b\u0107 i zrelaksowa\u0107 si\u0119, podczas gdy my zajmiemy si\u0119 wszystkim. Nasi do\u015bwiadczeni trenerzy delfin\u00f3w udziel\u0105 Ci wszystkich niezb\u0119dnych instrukcji i porad, aby zapewni\u0107 Ci jak najlepsze wra\u017cenia.<\/p>\n<p>Po sp\u0119dzeniu czasu z delfinami zabierzemy Ci\u0119 z powrotem do hotelu, aby\u015b m\u00f3g\u0142 kontynuowa\u0107 dzie\u0144 z szerokim u\u015bmiechem na twarzy. Nie przegap tej wyj\u0105tkowej okazji, aby spe\u0142ni\u0107 swoje marzenie!<\/p>\n","protected":false},"featured_media":24653,"comment_status":"open","ping_status":"closed","template":"","meta":{"_coblocks_attr":"","_coblocks_dimensions":"","_coblocks_responsive_height":"","_coblocks_accordion_ie_support":"","_uag_custom_page_level_css":"","jetpack_publicize_message":"","jetpack_publicize_feature_enabled":true,"jetpack_social_post_already_shared":true,"jetpack_social_options":{"image_generator_settings":{"template":"highway","default_image_id":0,"font":"","enabled":false},"version":2},"_wpas_customize_per_network":false},"product_brand":[],"product_cat":[19128,1950],"product_tag":[1984,1963,1961],"class_list":{"0":"post-26110","1":"product","2":"type-product","3":"status-publish","4":"has-post-thumbnail","6":"product_cat-ciekawe-wycieczki-szarm-szeik","7":"product_cat-wycieczki-sharm-sheikh","8":"product_tag-delfinarium","9":"product_tag-szarm-el-szejk","10":"product_tag-wycieczka","11":"pa_age-dorosly","12":"pa_age-dziecko","14":"first","15":"instock","16":"sale","17":"taxable","18":"shipping-taxable","19":"purchasable","20":"product-type-variable"},"yoast_head":"<!-- This site is optimized with the Yoast SEO Premium plugin v26.9 (Yoast SEO v27.5) - https:\/\/yoast.com\/product\/yoast-seo-premium-wordpress\/ -->\n<title>Wycieczka na basen z delfinami w Szarm el-Szejk<\/title>\n<meta name=\"description\" content=\"Wycieczka na basen z delfinami w Szarm el-Szejk mo\u017cna bardzo blisko p\u0142ywa\u0107 z delfinami w basenie. Wycieczka daje mo\u017cliwo\u015b\u0107 dotykania, ca\u0142owania i zabawy\" \/>\n<meta name=\"robots\" content=\"index, follow, max-snippet:-1, max-image-preview:large, max-video-preview:-1\" \/>\n<link rel=\"canonical\" href=\"https:\/\/landioustravel.com\/pl\/shop\/wycieczka-basen-delfin-szarm-szejk\/\" \/>\n<meta property=\"og:locale\" content=\"pl_PL\" \/>\n<meta property=\"og:type\" content=\"article\" \/>\n<meta property=\"og:title\" content=\"Wycieczka na basen z delfinami w Szarm el-Szejk\" \/>\n<meta property=\"og:description\" content=\"Landious Travel\" \/>\n<meta property=\"og:url\" content=\"https:\/\/landioustravel.com\/pl\/shop\/wycieczka-basen-delfin-szarm-szejk\/\" \/>\n<meta property=\"og:site_name\" content=\"Landious Travel\" \/>\n<meta property=\"article:publisher\" content=\"https:\/\/web.facebook.com\/landiousEgypt\" \/>\n<meta property=\"article:modified_time\" content=\"2026-04-12T17:13:38+00:00\" \/>\n<meta property=\"og:image\" content=\"https:\/\/landioustravel.com\/wp-content\/uploads\/2020\/10\/Dolphin_swimming_trip.jpg\" \/>\n\t<meta property=\"og:image:width\" content=\"1200\" \/>\n\t<meta property=\"og:image:height\" content=\"630\" \/>\n\t<meta property=\"og:image:type\" content=\"image\/jpeg\" \/>\n<meta name=\"twitter:card\" content=\"summary_large_image\" \/>\n<meta name=\"twitter:site\" content=\"@LandiousTours\" \/>\n<meta name=\"twitter:label1\" content=\"Szacowany czas czytania\" \/>\n\t<meta name=\"twitter:data1\" content=\"2 minuty\" \/>\n<script type=\"application\/ld+json\" class=\"yoast-schema-graph\">{\"@context\":\"https:\\\/\\\/schema.org\",\"@graph\":[{\"@type\":\"WebPage\",\"@id\":\"https:\\\/\\\/landioustravel.com\\\/pl\\\/shop\\\/wycieczka-basen-delfin-szarm-szejk\\\/\",\"url\":\"https:\\\/\\\/landioustravel.com\\\/pl\\\/shop\\\/wycieczka-basen-delfin-szarm-szejk\\\/\",\"name\":\"Wycieczka na basen z delfinami w Szarm el-Szejk\",\"isPartOf\":{\"@id\":\"https:\\\/\\\/landioustravel.com\\\/pl\\\/#website\"},\"primaryImageOfPage\":{\"@id\":\"https:\\\/\\\/landioustravel.com\\\/pl\\\/shop\\\/wycieczka-basen-delfin-szarm-szejk\\\/#primaryimage\"},\"image\":{\"@id\":\"https:\\\/\\\/landioustravel.com\\\/pl\\\/shop\\\/wycieczka-basen-delfin-szarm-szejk\\\/#primaryimage\"},\"thumbnailUrl\":\"https:\\\/\\\/i0.wp.com\\\/landioustravel.com\\\/wp-content\\\/uploads\\\/2020\\\/10\\\/Dolphin_swimming_trip.jpg?fit=1200%2C630&ssl=1\",\"datePublished\":\"2020-12-04T21:10:01+00:00\",\"dateModified\":\"2026-04-12T17:13:38+00:00\",\"description\":\"Wycieczka na basen z delfinami w Szarm el-Szejk mo\u017cna bardzo blisko p\u0142ywa\u0107 z delfinami w basenie. Wycieczka daje mo\u017cliwo\u015b\u0107 dotykania, ca\u0142owania i zabawy\",\"breadcrumb\":{\"@id\":\"https:\\\/\\\/landioustravel.com\\\/pl\\\/shop\\\/wycieczka-basen-delfin-szarm-szejk\\\/#breadcrumb\"},\"inLanguage\":\"pl-PL\",\"potentialAction\":[{\"@type\":\"ReadAction\",\"target\":[\"https:\\\/\\\/landioustravel.com\\\/pl\\\/shop\\\/wycieczka-basen-delfin-szarm-szejk\\\/\"]}]},{\"@type\":\"ImageObject\",\"inLanguage\":\"pl-PL\",\"@id\":\"https:\\\/\\\/landioustravel.com\\\/pl\\\/shop\\\/wycieczka-basen-delfin-szarm-szejk\\\/#primaryimage\",\"url\":\"https:\\\/\\\/i0.wp.com\\\/landioustravel.com\\\/wp-content\\\/uploads\\\/2020\\\/10\\\/Dolphin_swimming_trip.jpg?fit=1200%2C630&ssl=1\",\"contentUrl\":\"https:\\\/\\\/i0.wp.com\\\/landioustravel.com\\\/wp-content\\\/uploads\\\/2020\\\/10\\\/Dolphin_swimming_trip.jpg?fit=1200%2C630&ssl=1\",\"width\":1200,\"height\":630,\"caption\":\"\u041f\u043b\u0430\u0432\u0430\u043d\u0438\u0435 \u0441 \u0434\u0435\u043b\u044c\u0444\u0438\u043d\u0430\u043c\u0438 \u0432 \u0428\u0430\u0440\u043c \u044d\u043b\u044c \u0428\u0435\u0439\u0445\u0435\"},{\"@type\":\"BreadcrumbList\",\"@id\":\"https:\\\/\\\/landioustravel.com\\\/pl\\\/shop\\\/wycieczka-basen-delfin-szarm-szejk\\\/#breadcrumb\",\"itemListElement\":[{\"@type\":\"ListItem\",\"position\":1,\"name\":\"Home\",\"item\":\"https:\\\/\\\/landioustravel.com\\\/pl\\\/\"},{\"@type\":\"ListItem\",\"position\":2,\"name\":\"Us\u0142ugi i wycieczki\",\"item\":\"https:\\\/\\\/landioustravel.com\\\/pl\\\/\"},{\"@type\":\"ListItem\",\"position\":3,\"name\":\"Wycieczka na basen z delfinami w Szarm el-Szejk\"}]},{\"@type\":\"WebSite\",\"@id\":\"https:\\\/\\\/landioustravel.com\\\/pl\\\/#website\",\"url\":\"https:\\\/\\\/landioustravel.com\\\/pl\\\/\",\"name\":\"Landious Travel\",\"description\":\"Excursions, trips and cruises in Egypt\",\"publisher\":{\"@id\":\"https:\\\/\\\/landioustravel.com\\\/pl\\\/#organization\"},\"potentialAction\":[{\"@type\":\"SearchAction\",\"target\":{\"@type\":\"EntryPoint\",\"urlTemplate\":\"https:\\\/\\\/landioustravel.com\\\/pl\\\/?s={search_term_string}\"},\"query-input\":{\"@type\":\"PropertyValueSpecification\",\"valueRequired\":true,\"valueName\":\"search_term_string\"}}],\"inLanguage\":\"pl-PL\"},{\"@type\":[\"Organization\",\"Place\"],\"@id\":\"https:\\\/\\\/landioustravel.com\\\/pl\\\/#organization\",\"name\":\"Landious Travel\",\"alternateName\":\"Landious Travel\",\"url\":\"https:\\\/\\\/landioustravel.com\\\/pl\\\/\",\"logo\":{\"@id\":\"https:\\\/\\\/landioustravel.com\\\/pl\\\/shop\\\/wycieczka-basen-delfin-szarm-szejk\\\/#local-main-organization-logo\"},\"image\":{\"@id\":\"https:\\\/\\\/landioustravel.com\\\/pl\\\/shop\\\/wycieczka-basen-delfin-szarm-szejk\\\/#local-main-organization-logo\"},\"sameAs\":[\"https:\\\/\\\/web.facebook.com\\\/landiousEgypt\",\"https:\\\/\\\/x.com\\\/LandiousTours\",\"https:\\\/\\\/mastodon.social\\\/@landious\"],\"legalName\":\"Landious Travel\",\"telephone\":[],\"openingHoursSpecification\":[{\"@type\":\"OpeningHoursSpecification\",\"dayOfWeek\":[\"Monday\",\"Tuesday\",\"Wednesday\",\"Thursday\",\"Friday\",\"Saturday\",\"Sunday\"],\"opens\":\"09:00\",\"closes\":\"17:00\"}]},{\"@type\":\"ImageObject\",\"inLanguage\":\"pl-PL\",\"@id\":\"https:\\\/\\\/landioustravel.com\\\/pl\\\/shop\\\/wycieczka-basen-delfin-szarm-szejk\\\/#local-main-organization-logo\",\"url\":\"https:\\\/\\\/i0.wp.com\\\/landioustravel.com\\\/wp-content\\\/uploads\\\/2021\\\/06\\\/Landious-T.png?fit=500%2C500&ssl=1\",\"contentUrl\":\"https:\\\/\\\/i0.wp.com\\\/landioustravel.com\\\/wp-content\\\/uploads\\\/2021\\\/06\\\/Landious-T.png?fit=500%2C500&ssl=1\",\"width\":500,\"height\":500,\"caption\":\"Landious Travel\"}]}<\/script>\n<!-- \/ Yoast SEO Premium plugin. -->","yoast_head_json":{"title":"Wycieczka na basen z delfinami w Szarm el-Szejk","description":"Wycieczka na basen z delfinami w Szarm el-Szejk mo\u017cna bardzo blisko p\u0142ywa\u0107 z delfinami w basenie. Wycieczka daje mo\u017cliwo\u015b\u0107 dotykania, ca\u0142owania i zabawy","robots":{"index":"index","follow":"follow","max-snippet":"max-snippet:-1","max-image-preview":"max-image-preview:large","max-video-preview":"max-video-preview:-1"},"canonical":"https:\/\/landioustravel.com\/pl\/shop\/wycieczka-basen-delfin-szarm-szejk\/","og_locale":"pl_PL","og_type":"article","og_title":"Wycieczka na basen z delfinami w Szarm el-Szejk","og_description":"Landious Travel","og_url":"https:\/\/landioustravel.com\/pl\/shop\/wycieczka-basen-delfin-szarm-szejk\/","og_site_name":"Landious Travel","article_publisher":"https:\/\/web.facebook.com\/landiousEgypt","article_modified_time":"2026-04-12T17:13:38+00:00","og_image":[{"width":1200,"height":630,"url":"https:\/\/landioustravel.com\/wp-content\/uploads\/2020\/10\/Dolphin_swimming_trip.jpg","type":"image\/jpeg"}],"twitter_card":"summary_large_image","twitter_site":"@LandiousTours","twitter_misc":{"Szacowany czas czytania":"2 minuty"},"schema":{"@context":"https:\/\/schema.org","@graph":[{"@type":"WebPage","@id":"https:\/\/landioustravel.com\/pl\/shop\/wycieczka-basen-delfin-szarm-szejk\/","url":"https:\/\/landioustravel.com\/pl\/shop\/wycieczka-basen-delfin-szarm-szejk\/","name":"Wycieczka na basen z delfinami w Szarm el-Szejk","isPartOf":{"@id":"https:\/\/landioustravel.com\/pl\/#website"},"primaryImageOfPage":{"@id":"https:\/\/landioustravel.com\/pl\/shop\/wycieczka-basen-delfin-szarm-szejk\/#primaryimage"},"image":{"@id":"https:\/\/landioustravel.com\/pl\/shop\/wycieczka-basen-delfin-szarm-szejk\/#primaryimage"},"thumbnailUrl":"https:\/\/i0.wp.com\/landioustravel.com\/wp-content\/uploads\/2020\/10\/Dolphin_swimming_trip.jpg?fit=1200%2C630&ssl=1","datePublished":"2020-12-04T21:10:01+00:00","dateModified":"2026-04-12T17:13:38+00:00","description":"Wycieczka na basen z delfinami w Szarm el-Szejk mo\u017cna bardzo blisko p\u0142ywa\u0107 z delfinami w basenie. Wycieczka daje mo\u017cliwo\u015b\u0107 dotykania, ca\u0142owania i zabawy","breadcrumb":{"@id":"https:\/\/landioustravel.com\/pl\/shop\/wycieczka-basen-delfin-szarm-szejk\/#breadcrumb"},"inLanguage":"pl-PL","potentialAction":[{"@type":"ReadAction","target":["https:\/\/landioustravel.com\/pl\/shop\/wycieczka-basen-delfin-szarm-szejk\/"]}]},{"@type":"ImageObject","inLanguage":"pl-PL","@id":"https:\/\/landioustravel.com\/pl\/shop\/wycieczka-basen-delfin-szarm-szejk\/#primaryimage","url":"https:\/\/i0.wp.com\/landioustravel.com\/wp-content\/uploads\/2020\/10\/Dolphin_swimming_trip.jpg?fit=1200%2C630&ssl=1","contentUrl":"https:\/\/i0.wp.com\/landioustravel.com\/wp-content\/uploads\/2020\/10\/Dolphin_swimming_trip.jpg?fit=1200%2C630&ssl=1","width":1200,"height":630,"caption":"\u041f\u043b\u0430\u0432\u0430\u043d\u0438\u0435 \u0441 \u0434\u0435\u043b\u044c\u0444\u0438\u043d\u0430\u043c\u0438 \u0432 \u0428\u0430\u0440\u043c \u044d\u043b\u044c \u0428\u0435\u0439\u0445\u0435"},{"@type":"BreadcrumbList","@id":"https:\/\/landioustravel.com\/pl\/shop\/wycieczka-basen-delfin-szarm-szejk\/#breadcrumb","itemListElement":[{"@type":"ListItem","position":1,"name":"Home","item":"https:\/\/landioustravel.com\/pl\/"},{"@type":"ListItem","position":2,"name":"Us\u0142ugi i wycieczki","item":"https:\/\/landioustravel.com\/pl\/"},{"@type":"ListItem","position":3,"name":"Wycieczka na basen z delfinami w Szarm el-Szejk"}]},{"@type":"WebSite","@id":"https:\/\/landioustravel.com\/pl\/#website","url":"https:\/\/landioustravel.com\/pl\/","name":"Landious Travel","description":"Excursions, trips and cruises in Egypt","publisher":{"@id":"https:\/\/landioustravel.com\/pl\/#organization"},"potentialAction":[{"@type":"SearchAction","target":{"@type":"EntryPoint","urlTemplate":"https:\/\/landioustravel.com\/pl\/?s={search_term_string}"},"query-input":{"@type":"PropertyValueSpecification","valueRequired":true,"valueName":"search_term_string"}}],"inLanguage":"pl-PL"},{"@type":["Organization","Place"],"@id":"https:\/\/landioustravel.com\/pl\/#organization","name":"Landious Travel","alternateName":"Landious Travel","url":"https:\/\/landioustravel.com\/pl\/","logo":{"@id":"https:\/\/landioustravel.com\/pl\/shop\/wycieczka-basen-delfin-szarm-szejk\/#local-main-organization-logo"},"image":{"@id":"https:\/\/landioustravel.com\/pl\/shop\/wycieczka-basen-delfin-szarm-szejk\/#local-main-organization-logo"},"sameAs":["https:\/\/web.facebook.com\/landiousEgypt","https:\/\/x.com\/LandiousTours","https:\/\/mastodon.social\/@landious"],"legalName":"Landious Travel","telephone":[],"openingHoursSpecification":[{"@type":"OpeningHoursSpecification","dayOfWeek":["Monday","Tuesday","Wednesday","Thursday","Friday","Saturday","Sunday"],"opens":"09:00","closes":"17:00"}]},{"@type":"ImageObject","inLanguage":"pl-PL","@id":"https:\/\/landioustravel.com\/pl\/shop\/wycieczka-basen-delfin-szarm-szejk\/#local-main-organization-logo","url":"https:\/\/i0.wp.com\/landioustravel.com\/wp-content\/uploads\/2021\/06\/Landious-T.png?fit=500%2C500&ssl=1","contentUrl":"https:\/\/i0.wp.com\/landioustravel.com\/wp-content\/uploads\/2021\/06\/Landious-T.png?fit=500%2C500&ssl=1","width":500,"height":500,"caption":"Landious Travel"}]}},"jetpack_publicize_connections":[],"uagb_featured_image_src":{"full":["https:\/\/i0.wp.com\/landioustravel.com\/wp-content\/uploads\/2020\/10\/Dolphin_swimming_trip.jpg?fit=1200%2C630&ssl=1",1200,630,false],"thumbnail":["https:\/\/i0.wp.com\/landioustravel.com\/wp-content\/uploads\/2020\/10\/Dolphin_swimming_trip.jpg?resize=150%2C150&ssl=1",150,150,true],"medium":["https:\/\/i0.wp.com\/landioustravel.com\/wp-content\/uploads\/2020\/10\/Dolphin_swimming_trip.jpg?fit=300%2C158&ssl=1",300,158,true],"medium_large":["https:\/\/i0.wp.com\/landioustravel.com\/wp-content\/uploads\/2020\/10\/Dolphin_swimming_trip.jpg?fit=768%2C403&ssl=1",768,403,true],"large":["https:\/\/i0.wp.com\/landioustravel.com\/wp-content\/uploads\/2020\/10\/Dolphin_swimming_trip.jpg?fit=980%2C515&ssl=1",980,515,true],"1536x1536":["https:\/\/i0.wp.com\/landioustravel.com\/wp-content\/uploads\/2020\/10\/Dolphin_swimming_trip.jpg?fit=1200%2C630&ssl=1",1200,630,true],"2048x2048":["https:\/\/i0.wp.com\/landioustravel.com\/wp-content\/uploads\/2020\/10\/Dolphin_swimming_trip.jpg?fit=1200%2C630&ssl=1",1200,630,true],"newspack-article-block-landscape-large":["https:\/\/i0.wp.com\/landioustravel.com\/wp-content\/uploads\/2020\/10\/Dolphin_swimming_trip.jpg?resize=1200%2C630&ssl=1",1200,630,true],"newspack-article-block-portrait-large":["https:\/\/i0.wp.com\/landioustravel.com\/wp-content\/uploads\/2020\/10\/Dolphin_swimming_trip.jpg?resize=900%2C630&ssl=1",900,630,true],"newspack-article-block-square-large":["https:\/\/i0.wp.com\/landioustravel.com\/wp-content\/uploads\/2020\/10\/Dolphin_swimming_trip.jpg?resize=1200%2C630&ssl=1",1200,630,true],"newspack-article-block-landscape-medium":["https:\/\/i0.wp.com\/landioustravel.com\/wp-content\/uploads\/2020\/10\/Dolphin_swimming_trip.jpg?resize=800%2C600&ssl=1",800,600,true],"newspack-article-block-portrait-medium":["https:\/\/i0.wp.com\/landioustravel.com\/wp-content\/uploads\/2020\/10\/Dolphin_swimming_trip.jpg?resize=600%2C630&ssl=1",600,630,true],"newspack-article-block-square-medium":["https:\/\/i0.wp.com\/landioustravel.com\/wp-content\/uploads\/2020\/10\/Dolphin_swimming_trip.jpg?resize=800%2C630&ssl=1",800,630,true],"newspack-article-block-landscape-intermediate":["https:\/\/i0.wp.com\/landioustravel.com\/wp-content\/uploads\/2020\/10\/Dolphin_swimming_trip.jpg?resize=600%2C450&ssl=1",600,450,true],"newspack-article-block-portrait-intermediate":["https:\/\/i0.wp.com\/landioustravel.com\/wp-content\/uploads\/2020\/10\/Dolphin_swimming_trip.jpg?resize=450%2C600&ssl=1",450,600,true],"newspack-article-block-square-intermediate":["https:\/\/i0.wp.com\/landioustravel.com\/wp-content\/uploads\/2020\/10\/Dolphin_swimming_trip.jpg?resize=600%2C600&ssl=1",600,600,true],"newspack-article-block-landscape-small":["https:\/\/i0.wp.com\/landioustravel.com\/wp-content\/uploads\/2020\/10\/Dolphin_swimming_trip.jpg?resize=400%2C300&ssl=1",400,300,true],"newspack-article-block-portrait-small":["https:\/\/i0.wp.com\/landioustravel.com\/wp-content\/uploads\/2020\/10\/Dolphin_swimming_trip.jpg?resize=300%2C400&ssl=1",300,400,true],"newspack-article-block-square-small":["https:\/\/i0.wp.com\/landioustravel.com\/wp-content\/uploads\/2020\/10\/Dolphin_swimming_trip.jpg?resize=400%2C400&ssl=1",400,400,true],"newspack-article-block-landscape-tiny":["https:\/\/i0.wp.com\/landioustravel.com\/wp-content\/uploads\/2020\/10\/Dolphin_swimming_trip.jpg?resize=200%2C150&ssl=1",200,150,true],"newspack-article-block-portrait-tiny":["https:\/\/i0.wp.com\/landioustravel.com\/wp-content\/uploads\/2020\/10\/Dolphin_swimming_trip.jpg?resize=150%2C200&ssl=1",150,200,true],"newspack-article-block-square-tiny":["https:\/\/i0.wp.com\/landioustravel.com\/wp-content\/uploads\/2020\/10\/Dolphin_swimming_trip.jpg?resize=200%2C200&ssl=1",200,200,true],"newspack-article-block-uncropped":["https:\/\/i0.wp.com\/landioustravel.com\/wp-content\/uploads\/2020\/10\/Dolphin_swimming_trip.jpg?fit=1200%2C630&ssl=1",1200,630,true],"woocommerce_thumbnail":["https:\/\/i0.wp.com\/landioustravel.com\/wp-content\/uploads\/2020\/10\/Dolphin_swimming_trip.jpg?resize=324%2C324&ssl=1",324,324,true],"woocommerce_single":["https:\/\/i0.wp.com\/landioustravel.com\/wp-content\/uploads\/2020\/10\/Dolphin_swimming_trip.jpg?fit=416%2C218&ssl=1",416,218,true],"woocommerce_gallery_thumbnail":["https:\/\/i0.wp.com\/landioustravel.com\/wp-content\/uploads\/2020\/10\/Dolphin_swimming_trip.jpg?resize=100%2C100&ssl=1",100,100,true]},"uagb_author_info":{"display_name":"Mofreh Landious","author_link":"https:\/\/landioustravel.com\/pl\/author\/"},"uagb_comment_info":2,"uagb_excerpt":"P\u0142ywanie z delfinami to niezapomniane prze\u017cycie, kt\u00f3re ka\u017cdy powinien prze\u017cy\u0107 przynajmniej raz w \u017cyciu. Na szcz\u0119\u015bcie teraz mo\u017cesz to zrobi\u0107 podczas pobytu w Sharm El Sheikh! Czy jeste\u015b gotowy, aby spe\u0142ni\u0107 swoje marzenie? Nasza wycieczka p\u0142ywania z delfinami odbywa si\u0119 w Dolphina Park, gdzie mo\u017cesz zbli\u017cy\u0107 si\u0119 do tych niesamowitych stworze\u0144. B\u0119dziesz mia\u0142 okazj\u0119 dotyka\u0107,&hellip;","jetpack_sharing_enabled":true,"jetpack_likes_enabled":true,"amp_enabled":true,"_links":{"self":[{"href":"https:\/\/landioustravel.com\/pl\/wp-json\/wp\/v2\/product\/26110","targetHints":{"allow":["GET"]}}],"collection":[{"href":"https:\/\/landioustravel.com\/pl\/wp-json\/wp\/v2\/product"}],"about":[{"href":"https:\/\/landioustravel.com\/pl\/wp-json\/wp\/v2\/types\/product"}],"replies":[{"embeddable":true,"href":"https:\/\/landioustravel.com\/pl\/wp-json\/wp\/v2\/comments?post=26110"}],"wp:featuredmedia":[{"embeddable":true,"href":"https:\/\/landioustravel.com\/pl\/wp-json\/wp\/v2\/media\/24653"}],"wp:attachment":[{"href":"https:\/\/landioustravel.com\/pl\/wp-json\/wp\/v2\/media?parent=26110"}],"wp:term":[{"taxonomy":"product_brand","embeddable":true,"href":"https:\/\/landioustravel.com\/pl\/wp-json\/wp\/v2\/product_brand?post=26110"},{"taxonomy":"product_cat","embeddable":true,"href":"https:\/\/landioustravel.com\/pl\/wp-json\/wp\/v2\/product_cat?post=26110"},{"taxonomy":"product_tag","embeddable":true,"href":"https:\/\/landioustravel.com\/pl\/wp-json\/wp\/v2\/product_tag?post=26110"}],"curies":[{"name":"wp","href":"https:\/\/api.w.org\/{rel}","templated":true}]}}