{"id":2612,"date":"2018-11-24T20:28:55","date_gmt":"2018-11-24T18:28:55","guid":{"rendered":"https:\/\/landioustravel.com\/product\/wycieczka-centrum-zdrowia-hurghady\/"},"modified":"2025-10-01T20:20:10","modified_gmt":"2025-10-01T17:20:10","slug":"wycieczka-centrum-zdrowia-hurghady","status":"publish","type":"product","link":"https:\/\/landioustravel.com\/pl\/shop\/wycieczka-centrum-zdrowia-hurghady\/","title":{"rendered":"Wycieczka do centrum zdrowia z Hurghady"},"content":{"rendered":"<p>Bardzo wa\u017cna wycieczka zdrowotna do \u0142a\u017ani tureckiej-Hammam w <a href=\"https:\/\/landioustravel.com\/pl\/miasto-hurghada\/\">Hurghadzie<\/a>! Polecamy wycieczk\u0119, poniewa\u017c poprawia kr\u0105\u017cenie krwi, przywraca zdrowy oddech i pomaga od bezsenno\u015bci. Skutecznie leczy r\u00f3\u017cne choroby sk\u00f3ry, odm\u0142adza i leczy cia\u0142o i dusz\u0119!<\/p>\n<h2>G\u0142\u00f3wne punkty programu wycieczki do Hammam<\/h2>\n<ul>\n<li>Masa\u017c przy koktajlu<\/li>\n<li>Hammam<\/li>\n<li>Sauna<\/li>\n<li>K\u0105piel strumienia<\/li>\n<li>Jacuzzi<\/li>\n<li>I peeling do cia\u0142a z piank\u0105 i mask\u0105<\/li>\n<\/ul>\n<h3>Program wycieczki do centrum zdrowia w Hurghadzie<\/h3>\n<ul>\n<li>Odbierzemy Ci\u0119 oko\u0142o godziny 16:00<\/li>\n<li>Po zabraniu wszystkich, autobus jedzie do centrum zdrowia Rivoli. Doj\u015bcie do Spa zajmuje oko\u0142o 15 minut<\/li>\n<li>Po przybyciu do Hammam rozpoczyna si\u0119 program wycieczek. Taki program ze wszystkimi jego r\u00f3\u017cnymi procedurami trwa 2 godziny<\/li>\n<li>Na pocz\u0105tku programu poka\u017c\u0105 ci oddzielny obszar, od kt\u00f3rego oddziela si\u0119 odzie\u017c i daj\u0105 \u015bwie\u017ce czyste ubrania. Po przygotowaniu, nara\u017casz si\u0119 na par\u0119 w saunie przez 20 minut.<\/li>\n<li>Po saunie zostaniesz zabrany do bilingu i masa\u017cu pianowego<\/li>\n<li>Dalej, dostajesz si\u0119 do jacuzzi<\/li>\n<li>Na koniec wykonujesz masa\u017c cia\u0142a przez 50 minut.<\/li>\n<\/ul>\n<h4>Co wliczone jest w cen\u0119 podr\u00f3\u017cy<\/h4>\n<ul>\n<li>Przejazd do centrum odnowy biologicznej i powr\u00f3t do hotelu<\/li>\n<\/ul>\n<h5>Co nie jest wliczone w cen\u0119 podr\u00f3\u017cy<\/h5>\n<ul>\n<li>Dodatkowe programy lub procedury<\/li>\n<\/ul>\n<h6>Co zabra\u0107 ze sob\u0105 na wycieczk\u0119<\/h6>\n<ul>\n<li>R\u0119cznik<\/li>\n<\/ul>\n<h6>DNI ORGANIZACJI WYCIECZKOWEJ<\/h6>\n<ul>\n<li>Codziennie od 11:00 do 13:00<\/li>\n<li>Codziennie od 15:00 do 19:00<\/li>\n<\/ul>\n","protected":false},"excerpt":{"rendered":"<p>Szukasz sposobu na relaks i odm\u0142odzenie? Zafunduj sobie luksusowy dzie\u0144 Spa w Hurghadzie! Ta wycieczka to doskona\u0142y spos\u00f3b na relaks i uczucie od\u015bwie\u017cenia, m\u0142odo\u015bci i pi\u0119kna. W centrum odnowy biologicznej b\u0119dziesz rozpieszczany szeregiem zabieg\u00f3w i masa\u017cy, w tym \u0142a\u017ani\u0105 tureck\u0105, peelingiem cia\u0142a, saun\u0105 i jacuzzi.<\/p>\n<p>Najwa\u017cniejsze punkty wycieczki to stymuluj\u0105cy turecki masa\u017c piankowy i peeling, czas wolny na korzystanie z sauny, \u0142a\u017ani parowej i jacuzzi oraz gor\u0105cy nap\u00f3j na od\u015bwie\u017cenie. Do\u015bwiadczysz r\u00f3wnie\u017c korzy\u015bci p\u0142yn\u0105cych z masa\u017cu ca\u0142ego cia\u0142a, dzi\u0119ki czemu poczujesz si\u0119 zrelaksowany i odm\u0142odzony.<\/p>\n<p>Nasz program wycieczki rozpoczyna si\u0119 od odebrania Ci\u0119 z hotelu i zabrania do Spa, znajduj\u0105cego si\u0119 w samym sercu miasta. Nasz przyjazny i kompetentny personel przywita Ci\u0119 i wyja\u015bni, jak porusza\u0107 si\u0119 po r\u00f3\u017cnych \u015brodowiskach, kt\u00f3re zosta\u0142y zaprojektowane tak, aby stworzy\u0107 relaksuj\u0105c\u0105 i magiczn\u0105 atmosfer\u0119 z delikatnymi \u015bwiat\u0142ami i koj\u0105c\u0105 muzyk\u0105.<\/p>\n<p>Polecamy odwiedzi\u0107 \u0142a\u017ani\u0119 tureck\u0105 na pocz\u0105tku wycieczki, aby unikn\u0105\u0107 \u0142uszczenia si\u0119 sk\u00f3ry po opalaniu. Zrelaksuj si\u0119 w saunie, skorzystaj z jacuzzi i spr\u00f3buj masa\u017cu mydlanego i peelingu. Zafunduj sobie maseczk\u0119 na twarz i 45-minutowy masa\u017c ca\u0142ego cia\u0142a, aby rozpie\u015bci\u0107 sk\u00f3r\u0119 i sprawi\u0107, \u017ce poczujesz si\u0119 odnowiona.<\/p>\n<p>Po zako\u0144czeniu dwugodzinnego programu odprowadzimy Ci\u0119 z powrotem do hotelu. Wszystkie nasze pakiety obejmuj\u0105 transport prywatnym klimatyzowanym pojazdem, peeling, \u0142a\u017ani\u0119 parow\u0105, masa\u017c piankowy, saun\u0119, jacuzzi, 45-minutowy masa\u017c ca\u0142ego cia\u0142a, peeling, opiek\u0119 przewodnika, r\u0119cznik i powitalnego drinka.<\/p>\n<p>Zafunduj sobie luksusowy dzie\u0144 Spa i poczuj si\u0119 od\u015bwie\u017cony i odm\u0142odzony!<\/p>\n","protected":false},"featured_media":137498,"comment_status":"open","ping_status":"closed","template":"","meta":{"_coblocks_attr":"","_coblocks_dimensions":"","_coblocks_responsive_height":"","_coblocks_accordion_ie_support":"","_uag_custom_page_level_css":"","jetpack_post_was_ever_published":false,"jetpack_publicize_message":"","jetpack_publicize_feature_enabled":true,"jetpack_social_post_already_shared":false,"jetpack_social_options":{"image_generator_settings":{"template":"highway","default_image_id":0,"font":"","enabled":false},"version":2},"_wpas_customize_per_network":false},"product_brand":[],"product_cat":[1946,1943],"product_tag":[1978,1956,1981,1961,1979],"class_list":{"0":"post-2612","1":"product","2":"type-product","3":"status-publish","4":"has-post-thumbnail","6":"product_cat-poprawa-wycieczek-hurghadzie","7":"product_cat-wycieczki-w-hurghadzie","8":"product_tag-centrum-odnowy-biologicznej","9":"product_tag-hurghada-pl","10":"product_tag-sauna-pl","11":"product_tag-wycieczka","12":"product_tag-laznia-turecka","14":"first","15":"instock","16":"sale","17":"virtual","18":"purchasable","19":"product-type-simple"},"yoast_head":"<!-- This site is optimized with the Yoast SEO Premium plugin v26.9 (Yoast SEO v27.3) - https:\/\/yoast.com\/product\/yoast-seo-premium-wordpress\/ -->\n<title>Wycieczka do centrum zdrowia z Hurghady<\/title>\n<meta name=\"description\" content=\"Wycieczka do centrum zdrowia z Hurghady skorzystaj z kilku zabieg\u00f3w. W\u015br\u00f3d tych procedur: sauna, masa\u017c, jacuzzi, hamam i peeling do cia\u0142a z piank\u0105 i mask\u0105.\" \/>\n<meta name=\"robots\" content=\"index, follow, max-snippet:-1, max-image-preview:large, max-video-preview:-1\" \/>\n<link rel=\"canonical\" href=\"https:\/\/landioustravel.com\/pl\/shop\/wycieczka-centrum-zdrowia-hurghady\/\" \/>\n<meta property=\"og:locale\" content=\"pl_PL\" \/>\n<meta property=\"og:type\" content=\"article\" \/>\n<meta property=\"og:title\" content=\"Wycieczka do centrum zdrowia z Hurghady\" \/>\n<meta property=\"og:description\" content=\"Landious Travel\" \/>\n<meta property=\"og:url\" content=\"https:\/\/landioustravel.com\/pl\/shop\/wycieczka-centrum-zdrowia-hurghady\/\" \/>\n<meta property=\"og:site_name\" content=\"Landious Travel\" \/>\n<meta property=\"article:publisher\" content=\"https:\/\/web.facebook.com\/landiousEgypt\" \/>\n<meta property=\"article:modified_time\" content=\"2025-10-01T17:20:10+00:00\" \/>\n<meta property=\"og:image\" content=\"https:\/\/i0.wp.com\/landioustravel.com\/wp-content\/uploads\/2018\/11\/Spa-Centre-Excursion-Hurghada-e1670658431807.jpg?fit=1200%2C675&ssl=1\" \/>\n\t<meta property=\"og:image:width\" content=\"1200\" \/>\n\t<meta property=\"og:image:height\" content=\"675\" \/>\n\t<meta property=\"og:image:type\" content=\"image\/jpeg\" \/>\n<meta name=\"twitter:card\" content=\"summary_large_image\" \/>\n<meta name=\"twitter:site\" content=\"@LandiousTours\" \/>\n<meta name=\"twitter:label1\" content=\"Szacowany czas czytania\" \/>\n\t<meta name=\"twitter:data1\" content=\"1 minuta\" \/>\n<script type=\"application\/ld+json\" class=\"yoast-schema-graph\">{\"@context\":\"https:\\\/\\\/schema.org\",\"@graph\":[{\"@type\":\"WebPage\",\"@id\":\"https:\\\/\\\/landioustravel.com\\\/pl\\\/shop\\\/wycieczka-centrum-zdrowia-hurghady\\\/\",\"url\":\"https:\\\/\\\/landioustravel.com\\\/pl\\\/shop\\\/wycieczka-centrum-zdrowia-hurghady\\\/\",\"name\":\"Wycieczka do centrum zdrowia z Hurghady\",\"isPartOf\":{\"@id\":\"https:\\\/\\\/landioustravel.com\\\/pl\\\/#website\"},\"primaryImageOfPage\":{\"@id\":\"https:\\\/\\\/landioustravel.com\\\/pl\\\/shop\\\/wycieczka-centrum-zdrowia-hurghady\\\/#primaryimage\"},\"image\":{\"@id\":\"https:\\\/\\\/landioustravel.com\\\/pl\\\/shop\\\/wycieczka-centrum-zdrowia-hurghady\\\/#primaryimage\"},\"thumbnailUrl\":\"https:\\\/\\\/i0.wp.com\\\/landioustravel.com\\\/wp-content\\\/uploads\\\/2018\\\/11\\\/Spa-Centre-Excursion-Hurghada-e1670658431807.jpg?fit=1200%2C675&ssl=1\",\"datePublished\":\"2018-11-24T18:28:55+00:00\",\"dateModified\":\"2025-10-01T17:20:10+00:00\",\"description\":\"Wycieczka do centrum zdrowia z Hurghady skorzystaj z kilku zabieg\u00f3w. W\u015br\u00f3d tych procedur: sauna, masa\u017c, jacuzzi, hamam i peeling do cia\u0142a z piank\u0105 i mask\u0105.\",\"breadcrumb\":{\"@id\":\"https:\\\/\\\/landioustravel.com\\\/pl\\\/shop\\\/wycieczka-centrum-zdrowia-hurghady\\\/#breadcrumb\"},\"inLanguage\":\"pl-PL\",\"potentialAction\":[{\"@type\":\"ReadAction\",\"target\":[\"https:\\\/\\\/landioustravel.com\\\/pl\\\/shop\\\/wycieczka-centrum-zdrowia-hurghady\\\/\"]}]},{\"@type\":\"ImageObject\",\"inLanguage\":\"pl-PL\",\"@id\":\"https:\\\/\\\/landioustravel.com\\\/pl\\\/shop\\\/wycieczka-centrum-zdrowia-hurghady\\\/#primaryimage\",\"url\":\"https:\\\/\\\/i0.wp.com\\\/landioustravel.com\\\/wp-content\\\/uploads\\\/2018\\\/11\\\/Spa-Centre-Excursion-Hurghada-e1670658431807.jpg?fit=1200%2C675&ssl=1\",\"contentUrl\":\"https:\\\/\\\/i0.wp.com\\\/landioustravel.com\\\/wp-content\\\/uploads\\\/2018\\\/11\\\/Spa-Centre-Excursion-Hurghada-e1670658431807.jpg?fit=1200%2C675&ssl=1\",\"width\":1200,\"height\":675,\"caption\":\"Spa Centre Excursion Hurghada\"},{\"@type\":\"BreadcrumbList\",\"@id\":\"https:\\\/\\\/landioustravel.com\\\/pl\\\/shop\\\/wycieczka-centrum-zdrowia-hurghady\\\/#breadcrumb\",\"itemListElement\":[{\"@type\":\"ListItem\",\"position\":1,\"name\":\"Home\",\"item\":\"https:\\\/\\\/landioustravel.com\\\/pl\\\/\"},{\"@type\":\"ListItem\",\"position\":2,\"name\":\"Us\u0142ugi i wycieczki\",\"item\":\"https:\\\/\\\/landioustravel.com\\\/pl\\\/\"},{\"@type\":\"ListItem\",\"position\":3,\"name\":\"Wycieczka do centrum zdrowia z Hurghady\"}]},{\"@type\":\"WebSite\",\"@id\":\"https:\\\/\\\/landioustravel.com\\\/pl\\\/#website\",\"url\":\"https:\\\/\\\/landioustravel.com\\\/pl\\\/\",\"name\":\"Landious Travel\",\"description\":\"Excursions, trips and cruises in Egypt\",\"publisher\":{\"@id\":\"https:\\\/\\\/landioustravel.com\\\/pl\\\/#organization\"},\"potentialAction\":[{\"@type\":\"SearchAction\",\"target\":{\"@type\":\"EntryPoint\",\"urlTemplate\":\"https:\\\/\\\/landioustravel.com\\\/pl\\\/?s={search_term_string}\"},\"query-input\":{\"@type\":\"PropertyValueSpecification\",\"valueRequired\":true,\"valueName\":\"search_term_string\"}}],\"inLanguage\":\"pl-PL\"},{\"@type\":[\"Organization\",\"Place\"],\"@id\":\"https:\\\/\\\/landioustravel.com\\\/pl\\\/#organization\",\"name\":\"Landious Travel\",\"alternateName\":\"Landious Travel\",\"url\":\"https:\\\/\\\/landioustravel.com\\\/pl\\\/\",\"logo\":{\"@id\":\"https:\\\/\\\/landioustravel.com\\\/pl\\\/shop\\\/wycieczka-centrum-zdrowia-hurghady\\\/#local-main-organization-logo\"},\"image\":{\"@id\":\"https:\\\/\\\/landioustravel.com\\\/pl\\\/shop\\\/wycieczka-centrum-zdrowia-hurghady\\\/#local-main-organization-logo\"},\"sameAs\":[\"https:\\\/\\\/web.facebook.com\\\/landiousEgypt\",\"https:\\\/\\\/x.com\\\/LandiousTours\",\"https:\\\/\\\/mastodon.social\\\/@landious\"],\"legalName\":\"Landious Travel\",\"telephone\":[],\"openingHoursSpecification\":[{\"@type\":\"OpeningHoursSpecification\",\"dayOfWeek\":[\"Monday\",\"Tuesday\",\"Wednesday\",\"Thursday\",\"Friday\",\"Saturday\",\"Sunday\"],\"opens\":\"09:00\",\"closes\":\"17:00\"}]},{\"@type\":\"ImageObject\",\"inLanguage\":\"pl-PL\",\"@id\":\"https:\\\/\\\/landioustravel.com\\\/pl\\\/shop\\\/wycieczka-centrum-zdrowia-hurghady\\\/#local-main-organization-logo\",\"url\":\"https:\\\/\\\/i0.wp.com\\\/landioustravel.com\\\/wp-content\\\/uploads\\\/2021\\\/06\\\/Landious-T.png?fit=500%2C500&ssl=1\",\"contentUrl\":\"https:\\\/\\\/i0.wp.com\\\/landioustravel.com\\\/wp-content\\\/uploads\\\/2021\\\/06\\\/Landious-T.png?fit=500%2C500&ssl=1\",\"width\":500,\"height\":500,\"caption\":\"Landious Travel\"}]}<\/script>\n<!-- \/ Yoast SEO Premium plugin. -->","yoast_head_json":{"title":"Wycieczka do centrum zdrowia z Hurghady","description":"Wycieczka do centrum zdrowia z Hurghady skorzystaj z kilku zabieg\u00f3w. W\u015br\u00f3d tych procedur: sauna, masa\u017c, jacuzzi, hamam i peeling do cia\u0142a z piank\u0105 i mask\u0105.","robots":{"index":"index","follow":"follow","max-snippet":"max-snippet:-1","max-image-preview":"max-image-preview:large","max-video-preview":"max-video-preview:-1"},"canonical":"https:\/\/landioustravel.com\/pl\/shop\/wycieczka-centrum-zdrowia-hurghady\/","og_locale":"pl_PL","og_type":"article","og_title":"Wycieczka do centrum zdrowia z Hurghady","og_description":"Landious Travel","og_url":"https:\/\/landioustravel.com\/pl\/shop\/wycieczka-centrum-zdrowia-hurghady\/","og_site_name":"Landious Travel","article_publisher":"https:\/\/web.facebook.com\/landiousEgypt","article_modified_time":"2025-10-01T17:20:10+00:00","og_image":[{"width":1200,"height":675,"url":"https:\/\/i0.wp.com\/landioustravel.com\/wp-content\/uploads\/2018\/11\/Spa-Centre-Excursion-Hurghada-e1670658431807.jpg?fit=1200%2C675&ssl=1","type":"image\/jpeg"}],"twitter_card":"summary_large_image","twitter_site":"@LandiousTours","twitter_misc":{"Szacowany czas czytania":"1 minuta"},"schema":{"@context":"https:\/\/schema.org","@graph":[{"@type":"WebPage","@id":"https:\/\/landioustravel.com\/pl\/shop\/wycieczka-centrum-zdrowia-hurghady\/","url":"https:\/\/landioustravel.com\/pl\/shop\/wycieczka-centrum-zdrowia-hurghady\/","name":"Wycieczka do centrum zdrowia z Hurghady","isPartOf":{"@id":"https:\/\/landioustravel.com\/pl\/#website"},"primaryImageOfPage":{"@id":"https:\/\/landioustravel.com\/pl\/shop\/wycieczka-centrum-zdrowia-hurghady\/#primaryimage"},"image":{"@id":"https:\/\/landioustravel.com\/pl\/shop\/wycieczka-centrum-zdrowia-hurghady\/#primaryimage"},"thumbnailUrl":"https:\/\/i0.wp.com\/landioustravel.com\/wp-content\/uploads\/2018\/11\/Spa-Centre-Excursion-Hurghada-e1670658431807.jpg?fit=1200%2C675&ssl=1","datePublished":"2018-11-24T18:28:55+00:00","dateModified":"2025-10-01T17:20:10+00:00","description":"Wycieczka do centrum zdrowia z Hurghady skorzystaj z kilku zabieg\u00f3w. W\u015br\u00f3d tych procedur: sauna, masa\u017c, jacuzzi, hamam i peeling do cia\u0142a z piank\u0105 i mask\u0105.","breadcrumb":{"@id":"https:\/\/landioustravel.com\/pl\/shop\/wycieczka-centrum-zdrowia-hurghady\/#breadcrumb"},"inLanguage":"pl-PL","potentialAction":[{"@type":"ReadAction","target":["https:\/\/landioustravel.com\/pl\/shop\/wycieczka-centrum-zdrowia-hurghady\/"]}]},{"@type":"ImageObject","inLanguage":"pl-PL","@id":"https:\/\/landioustravel.com\/pl\/shop\/wycieczka-centrum-zdrowia-hurghady\/#primaryimage","url":"https:\/\/i0.wp.com\/landioustravel.com\/wp-content\/uploads\/2018\/11\/Spa-Centre-Excursion-Hurghada-e1670658431807.jpg?fit=1200%2C675&ssl=1","contentUrl":"https:\/\/i0.wp.com\/landioustravel.com\/wp-content\/uploads\/2018\/11\/Spa-Centre-Excursion-Hurghada-e1670658431807.jpg?fit=1200%2C675&ssl=1","width":1200,"height":675,"caption":"Spa Centre Excursion Hurghada"},{"@type":"BreadcrumbList","@id":"https:\/\/landioustravel.com\/pl\/shop\/wycieczka-centrum-zdrowia-hurghady\/#breadcrumb","itemListElement":[{"@type":"ListItem","position":1,"name":"Home","item":"https:\/\/landioustravel.com\/pl\/"},{"@type":"ListItem","position":2,"name":"Us\u0142ugi i wycieczki","item":"https:\/\/landioustravel.com\/pl\/"},{"@type":"ListItem","position":3,"name":"Wycieczka do centrum zdrowia z Hurghady"}]},{"@type":"WebSite","@id":"https:\/\/landioustravel.com\/pl\/#website","url":"https:\/\/landioustravel.com\/pl\/","name":"Landious Travel","description":"Excursions, trips and cruises in Egypt","publisher":{"@id":"https:\/\/landioustravel.com\/pl\/#organization"},"potentialAction":[{"@type":"SearchAction","target":{"@type":"EntryPoint","urlTemplate":"https:\/\/landioustravel.com\/pl\/?s={search_term_string}"},"query-input":{"@type":"PropertyValueSpecification","valueRequired":true,"valueName":"search_term_string"}}],"inLanguage":"pl-PL"},{"@type":["Organization","Place"],"@id":"https:\/\/landioustravel.com\/pl\/#organization","name":"Landious Travel","alternateName":"Landious Travel","url":"https:\/\/landioustravel.com\/pl\/","logo":{"@id":"https:\/\/landioustravel.com\/pl\/shop\/wycieczka-centrum-zdrowia-hurghady\/#local-main-organization-logo"},"image":{"@id":"https:\/\/landioustravel.com\/pl\/shop\/wycieczka-centrum-zdrowia-hurghady\/#local-main-organization-logo"},"sameAs":["https:\/\/web.facebook.com\/landiousEgypt","https:\/\/x.com\/LandiousTours","https:\/\/mastodon.social\/@landious"],"legalName":"Landious Travel","telephone":[],"openingHoursSpecification":[{"@type":"OpeningHoursSpecification","dayOfWeek":["Monday","Tuesday","Wednesday","Thursday","Friday","Saturday","Sunday"],"opens":"09:00","closes":"17:00"}]},{"@type":"ImageObject","inLanguage":"pl-PL","@id":"https:\/\/landioustravel.com\/pl\/shop\/wycieczka-centrum-zdrowia-hurghady\/#local-main-organization-logo","url":"https:\/\/i0.wp.com\/landioustravel.com\/wp-content\/uploads\/2021\/06\/Landious-T.png?fit=500%2C500&ssl=1","contentUrl":"https:\/\/i0.wp.com\/landioustravel.com\/wp-content\/uploads\/2021\/06\/Landious-T.png?fit=500%2C500&ssl=1","width":500,"height":500,"caption":"Landious Travel"}]}},"jetpack_publicize_connections":[],"uagb_featured_image_src":{"full":["https:\/\/i0.wp.com\/landioustravel.com\/wp-content\/uploads\/2018\/11\/Spa-Centre-Excursion-Hurghada-e1670658431807.jpg?fit=1200%2C675&ssl=1",1200,675,false],"thumbnail":["https:\/\/i0.wp.com\/landioustravel.com\/wp-content\/uploads\/2018\/11\/Spa-Centre-Excursion-Hurghada-e1670658431807.jpg?resize=150%2C150&ssl=1",150,150,true],"medium":["https:\/\/i0.wp.com\/landioustravel.com\/wp-content\/uploads\/2018\/11\/Spa-Centre-Excursion-Hurghada-e1670658431807.jpg?fit=300%2C169&ssl=1",300,169,true],"medium_large":["https:\/\/i0.wp.com\/landioustravel.com\/wp-content\/uploads\/2018\/11\/Spa-Centre-Excursion-Hurghada-e1670658431807.jpg?fit=768%2C432&ssl=1",768,432,true],"large":["https:\/\/i0.wp.com\/landioustravel.com\/wp-content\/uploads\/2018\/11\/Spa-Centre-Excursion-Hurghada-e1670658431807.jpg?fit=980%2C551&ssl=1",980,551,true],"1536x1536":["https:\/\/i0.wp.com\/landioustravel.com\/wp-content\/uploads\/2018\/11\/Spa-Centre-Excursion-Hurghada-e1670658431807.jpg?fit=1536%2C1086&ssl=1",1536,1086,true],"2048x2048":["https:\/\/i0.wp.com\/landioustravel.com\/wp-content\/uploads\/2018\/11\/Spa-Centre-Excursion-Hurghada-e1670658431807.jpg?fit=1200%2C675&ssl=1",1200,675,true],"newspack-article-block-landscape-large":["https:\/\/i0.wp.com\/landioustravel.com\/wp-content\/uploads\/2018\/11\/Spa-Centre-Excursion-Hurghada-e1670658431807.jpg?resize=1200%2C675&ssl=1",1200,675,true],"newspack-article-block-portrait-large":["https:\/\/i0.wp.com\/landioustravel.com\/wp-content\/uploads\/2018\/11\/Spa-Centre-Excursion-Hurghada-e1670658431807.jpg?resize=900%2C675&ssl=1",900,675,true],"newspack-article-block-square-large":["https:\/\/i0.wp.com\/landioustravel.com\/wp-content\/uploads\/2018\/11\/Spa-Centre-Excursion-Hurghada-e1670658431807.jpg?resize=1200%2C675&ssl=1",1200,675,true],"newspack-article-block-landscape-medium":["https:\/\/i0.wp.com\/landioustravel.com\/wp-content\/uploads\/2018\/11\/Spa-Centre-Excursion-Hurghada-e1670658431807.jpg?resize=800%2C600&ssl=1",800,600,true],"newspack-article-block-portrait-medium":["https:\/\/i0.wp.com\/landioustravel.com\/wp-content\/uploads\/2018\/11\/Spa-Centre-Excursion-Hurghada-e1670658431807.jpg?resize=600%2C675&ssl=1",600,675,true],"newspack-article-block-square-medium":["https:\/\/i0.wp.com\/landioustravel.com\/wp-content\/uploads\/2018\/11\/Spa-Centre-Excursion-Hurghada-e1670658431807.jpg?resize=800%2C675&ssl=1",800,675,true],"newspack-article-block-landscape-intermediate":["https:\/\/i0.wp.com\/landioustravel.com\/wp-content\/uploads\/2018\/11\/Spa-Centre-Excursion-Hurghada-e1670658431807.jpg?resize=600%2C450&ssl=1",600,450,true],"newspack-article-block-portrait-intermediate":["https:\/\/i0.wp.com\/landioustravel.com\/wp-content\/uploads\/2018\/11\/Spa-Centre-Excursion-Hurghada-e1670658431807.jpg?resize=450%2C600&ssl=1",450,600,true],"newspack-article-block-square-intermediate":["https:\/\/i0.wp.com\/landioustravel.com\/wp-content\/uploads\/2018\/11\/Spa-Centre-Excursion-Hurghada-e1670658431807.jpg?resize=600%2C600&ssl=1",600,600,true],"newspack-article-block-landscape-small":["https:\/\/i0.wp.com\/landioustravel.com\/wp-content\/uploads\/2018\/11\/Spa-Centre-Excursion-Hurghada-e1670658431807.jpg?resize=400%2C300&ssl=1",400,300,true],"newspack-article-block-portrait-small":["https:\/\/i0.wp.com\/landioustravel.com\/wp-content\/uploads\/2018\/11\/Spa-Centre-Excursion-Hurghada-e1670658431807.jpg?resize=300%2C400&ssl=1",300,400,true],"newspack-article-block-square-small":["https:\/\/i0.wp.com\/landioustravel.com\/wp-content\/uploads\/2018\/11\/Spa-Centre-Excursion-Hurghada-e1670658431807.jpg?resize=400%2C400&ssl=1",400,400,true],"newspack-article-block-landscape-tiny":["https:\/\/i0.wp.com\/landioustravel.com\/wp-content\/uploads\/2018\/11\/Spa-Centre-Excursion-Hurghada-e1670658431807.jpg?resize=200%2C150&ssl=1",200,150,true],"newspack-article-block-portrait-tiny":["https:\/\/i0.wp.com\/landioustravel.com\/wp-content\/uploads\/2018\/11\/Spa-Centre-Excursion-Hurghada-e1670658431807.jpg?resize=150%2C200&ssl=1",150,200,true],"newspack-article-block-square-tiny":["https:\/\/i0.wp.com\/landioustravel.com\/wp-content\/uploads\/2018\/11\/Spa-Centre-Excursion-Hurghada-e1670658431807.jpg?resize=200%2C200&ssl=1",200,200,true],"newspack-article-block-uncropped":["https:\/\/i0.wp.com\/landioustravel.com\/wp-content\/uploads\/2018\/11\/Spa-Centre-Excursion-Hurghada-e1670658431807.jpg?fit=1200%2C675&ssl=1",1200,675,true],"woocommerce_thumbnail":["https:\/\/i0.wp.com\/landioustravel.com\/wp-content\/uploads\/2018\/11\/Spa-Centre-Excursion-Hurghada-e1670658431807.jpg?resize=324%2C324&ssl=1",324,324,true],"woocommerce_single":["https:\/\/i0.wp.com\/landioustravel.com\/wp-content\/uploads\/2018\/11\/Spa-Centre-Excursion-Hurghada-e1670658431807.jpg?fit=416%2C234&ssl=1",416,234,true],"woocommerce_gallery_thumbnail":["https:\/\/i0.wp.com\/landioustravel.com\/wp-content\/uploads\/2018\/11\/Spa-Centre-Excursion-Hurghada-e1670658431807.jpg?resize=100%2C100&ssl=1",100,100,true]},"uagb_author_info":{"display_name":"Mofreh Landious","author_link":"https:\/\/landioustravel.com\/pl\/author\/"},"uagb_comment_info":9,"uagb_excerpt":"Szukasz sposobu na relaks i odm\u0142odzenie? Zafunduj sobie luksusowy dzie\u0144 Spa w Hurghadzie! Ta wycieczka to doskona\u0142y spos\u00f3b na relaks i uczucie od\u015bwie\u017cenia, m\u0142odo\u015bci i pi\u0119kna. W centrum odnowy biologicznej b\u0119dziesz rozpieszczany szeregiem zabieg\u00f3w i masa\u017cy, w tym \u0142a\u017ani\u0105 tureck\u0105, peelingiem cia\u0142a, saun\u0105 i jacuzzi. Najwa\u017cniejsze punkty wycieczki to stymuluj\u0105cy turecki masa\u017c piankowy i peeling,&hellip;","jetpack_sharing_enabled":true,"jetpack_likes_enabled":true,"amp_enabled":true,"_links":{"self":[{"href":"https:\/\/landioustravel.com\/pl\/wp-json\/wp\/v2\/product\/2612","targetHints":{"allow":["GET"]}}],"collection":[{"href":"https:\/\/landioustravel.com\/pl\/wp-json\/wp\/v2\/product"}],"about":[{"href":"https:\/\/landioustravel.com\/pl\/wp-json\/wp\/v2\/types\/product"}],"replies":[{"embeddable":true,"href":"https:\/\/landioustravel.com\/pl\/wp-json\/wp\/v2\/comments?post=2612"}],"wp:featuredmedia":[{"embeddable":true,"href":"https:\/\/landioustravel.com\/pl\/wp-json\/wp\/v2\/media\/137498"}],"wp:attachment":[{"href":"https:\/\/landioustravel.com\/pl\/wp-json\/wp\/v2\/media?parent=2612"}],"wp:term":[{"taxonomy":"product_brand","embeddable":true,"href":"https:\/\/landioustravel.com\/pl\/wp-json\/wp\/v2\/product_brand?post=2612"},{"taxonomy":"product_cat","embeddable":true,"href":"https:\/\/landioustravel.com\/pl\/wp-json\/wp\/v2\/product_cat?post=2612"},{"taxonomy":"product_tag","embeddable":true,"href":"https:\/\/landioustravel.com\/pl\/wp-json\/wp\/v2\/product_tag?post=2612"}],"curies":[{"name":"wp","href":"https:\/\/api.w.org\/{rel}","templated":true}]}}