{"id":2616,"date":"2018-11-23T18:34:37","date_gmt":"2018-11-23T16:34:37","guid":{"rendered":"https:\/\/landioustravel.com\/product\/wycieczka-akwarium-hurghady\/"},"modified":"2024-04-19T16:22:59","modified_gmt":"2024-04-19T14:22:59","slug":"wycieczka-akwarium-hurghady","status":"publish","type":"product","link":"https:\/\/landioustravel.com\/pl\/shop\/wycieczka-akwarium-hurghady\/","title":{"rendered":"Wycieczka do akwarium z Hurghady"},"content":{"rendered":"<p>Ciekawa zabawna wycieczka do najwi\u0119kszego akwarium w Hurghadzie! Polecamy wycieczk\u0119, poniewa\u017c pozwala turystom zobaczy\u0107 najwi\u0119ksze akwarium w Egipcie. W tym miejscu znajduje si\u0119 zoo!<\/p>\n<h2>G\u0142\u00f3wne punkty programu wycieczki do akwarium<\/h2>\n<ul>\n<li>Inspekcja akwarium i zoo<\/li>\n<li>I zrobienie zdj\u0119cia tym morskim stworzeniom i zwierz\u0119tom<\/li>\n<\/ul>\n<h3>Program wycieczki do Wielkiego Akwarium z Hurghady<\/h3>\n<ul>\n<li>Odbierzemy ci\u0119 oko\u0142o godziny 10:00<\/li>\n<li>Po zabraniu wszystkich, autobus jedzie do Wielkiego Akwarium. Akwarium zabiera oko\u0142o 20 minut<\/li>\n<li>Na pocz\u0105tku programu wycieczek przewodnik pokazuje, kt\u00f3re sekcje maj\u0105 to miejsce.<\/li>\n<li>Co wi\u0119cej, b\u0119dziesz m\u00f3g\u0142 ogl\u0105da\u0107 wszystkie sekcje Wielkiego Akwarium przez prawie dwie godziny. W tym miejscu znajduje si\u0119 6 sekcji i wi\u0119cej, restauracja i kawiarnia.<\/li>\n<li>Pierwsza sekcja _ Afryka\u0144ski las deszczowy<\/li>\n<li>Sekcja druga &#8211; Akwarium morskie<\/li>\n<li>Trzecia sekcja &#8211; akwarium s\u0142odkowodne.<\/li>\n<li>Czwarta sekcja _ Zoo<\/li>\n<li>Pi\u0105ta sekcja _ Muzeum biologiczne<\/li>\n<li>I sz\u00f3sta sekcja &#8211; arabski namiot<\/li>\n<\/ul>\n<h4>Co wliczone jest w cen\u0119 podr\u00f3\u017cy<\/h4>\n<ul>\n<li>Przenie\u015b do akwarium i wr\u00f3\u0107 do hotelu<\/li>\n<li>Bilety<\/li>\n<\/ul>\n<h5>Co nie jest wliczone w cen\u0119 wycieczki<\/h5>\n<ul>\n<li>DVD wideo<\/li>\n<li>Photo CD<\/li>\n<\/ul>\n<h6>CO B\u0118DZIE Z TOB\u0104 DLA WYCIECZKI<\/h6>\n<ul>\n<li>Okulary s\u0142oneczne<\/li>\n<\/ul>\n<h6>DNI ORGANIZACJI WYCIECZKOWEJ<\/h6>\n<ul>\n<li>Codziennie od 13:00 do 15:00<\/li>\n<\/ul>\n","protected":false},"excerpt":{"rendered":"<p>Czy chcesz wzi\u0105\u0107 udzia\u0142 w wycieczce kulturalno-edukacyjnej ze swoimi dzie\u0107mi, podczas kt\u00f3rej mog\u0105 dowiedzie\u0107 si\u0119 o r\u00f3\u017cnorodnym \u017cyciu morskim Morza Czerwonego? Nie szukaj dalej ni\u017c Grand Aquarium w Hurghadzie! Dzi\u0119ki ponad 1000 gatunk\u00f3w kolorowych ryb wystawionych w szklanych zbiornikach Twoja rodzina b\u0119dzie zahipnotyzowana.<\/p>\n<p>Nasza Grand Aquarium Tour z Hurghady obejmuje transfery z hotelu i 120-minutow\u0105 wycieczk\u0119, kt\u00f3ra obejmuje podwodny tunel, akwarium morskie, Wadi AL Hitan, Mini ZOO, las deszczowy i namiot Beduin\u00f3w. Je\u015bli masz tylko kr\u00f3tki czas w Hurghadzie, nie martw si\u0119 \u2013 oferujemy 90-minutow\u0105 wycieczk\u0119 po akwarium, aby zobaczy\u0107 \u017c\u00f3\u0142wie zielone, rekiny i wiele innych. Po wycieczce odwieziemy Ci\u0119 do hotelu minibusem VIP lub prywatnym samochodem.<\/p>\n<p>Hurghada Grand Aquarium to doskona\u0142y wyb\u00f3r dla rodzin szukaj\u0105cych najlepszych atrakcji w Hurghadzie z dzie\u0107mi. W salonach mo\u017cna zobaczy\u0107 ma\u0142e i du\u017ce kolorowe ryby z Morza Czerwonego oraz ponad 1200 gatunk\u00f3w stworze\u0144 morskich, w tym rekiny, p\u0142aszczki, \u017c\u00f3\u0142wie zielone i wiele innych. To idealne miejsce, aby dowiedzie\u0107 si\u0119 wi\u0119cej o \u017cyciu morskim Morza Czerwonego w Egipcie w Hurghadzie i poszerzy\u0107 swoj\u0105 wiedz\u0119.<\/p>\n<p>Nasza prywatna wycieczka jest dost\u0119pna codziennie i trwa dwie godziny. Wycieczka jest przystosowana dla os\u00f3b poruszaj\u0105cych si\u0119 na w\u00f3zkach inwalidzkich i mo\u017ce by\u0107 dostosowana do Twojego harmonogramu \u2014 odbierzemy Ci\u0119 z hotelu o 9:00 lub o dowolnej porze do 14:30. i podrzuci\u0107 ci\u0119, kiedy tylko zechcesz.<\/p>\n<p>Nasza wycieczka obejmuje prywatny transfer z hoteli w Hurghadzie, przewodnika, wszystkie podatki, op\u0142aty za wst\u0119p i op\u0142aty manipulacyjne, a tak\u017ce wod\u0119 mineraln\u0105. Mo\u017cesz zap\u0142aci\u0107 przewodnikowi na miejscu w funtach egipskich, dolarach, euro lub funtach szterlingach.<\/p>\n<p>W Grand Aquarium wierzymy, \u017ce edukacja i rozrywka id\u0105 w parze. Mamy nadziej\u0119, \u017ce do\u0142\u0105czysz do nas na zabawn\u0105 i pouczaj\u0105c\u0105 wycieczk\u0119, kt\u00f3r\u0105 Twoja rodzina zapami\u0119ta na d\u0142ugie lata.<\/p>\n","protected":false},"featured_media":100560,"comment_status":"open","ping_status":"closed","template":"","meta":{"_coblocks_attr":"","_coblocks_dimensions":"","_coblocks_responsive_height":"","_coblocks_accordion_ie_support":"","_uag_custom_page_level_css":"","jetpack_publicize_message":"","jetpack_publicize_feature_enabled":true,"jetpack_social_post_already_shared":false,"jetpack_social_options":{"image_generator_settings":{"template":"highway","default_image_id":0,"font":"","enabled":false},"version":2},"_wpas_customize_per_network":false},"product_brand":[],"product_cat":[1943,1945],"product_tag":[1983,1956,1961],"class_list":{"0":"post-2616","1":"product","2":"type-product","3":"status-publish","4":"has-post-thumbnail","6":"product_cat-wycieczki-w-hurghadzie","7":"product_cat-zabawne-wycieczki-hurghadzie","8":"product_tag-akwarium","9":"product_tag-hurghada-pl","10":"product_tag-wycieczka","11":"pa_age-dorosly","12":"pa_age-dziecko-1-4-lata","13":"pa_age-dziecko-5-11-lat","15":"first","16":"instock","17":"sale","18":"purchasable","19":"product-type-variable"},"yoast_head":"<!-- This site is optimized with the Yoast SEO Premium plugin v27.5 (Yoast SEO v27.5) - https:\/\/yoast.com\/product\/yoast-seo-premium-wordpress\/ -->\n<title>Wycieczka do akwarium z Hurghady<\/title>\n<meta name=\"description\" content=\"Wycieczka do akwarium z Hurghady prowadzi do najwi\u0119kszego akwarium w mie\u015bcie. Centrum sk\u0142ada si\u0119 z akwari\u00f3w z efektami 3D, odkrytych basen\u00f3w i zoo.\" \/>\n<meta name=\"robots\" content=\"index, follow, max-snippet:-1, max-image-preview:large, max-video-preview:-1\" \/>\n<link rel=\"canonical\" href=\"https:\/\/landioustravel.com\/pl\/shop\/wycieczka-akwarium-hurghady\/\" \/>\n<meta property=\"og:locale\" content=\"pl_PL\" \/>\n<meta property=\"og:type\" content=\"article\" \/>\n<meta property=\"og:title\" content=\"Wycieczka do akwarium z Hurghady\" \/>\n<meta property=\"og:description\" content=\"Landious Travel\" \/>\n<meta property=\"og:url\" content=\"https:\/\/landioustravel.com\/pl\/shop\/wycieczka-akwarium-hurghady\/\" \/>\n<meta property=\"og:site_name\" content=\"Landious Travel\" \/>\n<meta property=\"article:publisher\" content=\"https:\/\/web.facebook.com\/landiousEgypt\" \/>\n<meta property=\"article:modified_time\" content=\"2024-04-19T14:22:59+00:00\" \/>\n<meta property=\"og:image\" content=\"https:\/\/i0.wp.com\/landioustravel.com\/wp-content\/uploads\/2018\/11\/Grand-Aquarium-Excursion-Hurghada-e1669666185802.jpg?fit=1200%2C675&ssl=1\" \/>\n\t<meta property=\"og:image:width\" content=\"1200\" \/>\n\t<meta property=\"og:image:height\" content=\"675\" \/>\n\t<meta property=\"og:image:type\" content=\"image\/jpeg\" \/>\n<meta name=\"twitter:card\" content=\"summary_large_image\" \/>\n<meta name=\"twitter:site\" content=\"@LandiousTours\" \/>\n<meta name=\"twitter:label1\" content=\"Szacowany czas czytania\" \/>\n\t<meta name=\"twitter:data1\" content=\"1 minuta\" \/>\n<script type=\"application\/ld+json\" class=\"yoast-schema-graph\">{\"@context\":\"https:\\\/\\\/schema.org\",\"@graph\":[{\"@type\":\"WebPage\",\"@id\":\"https:\\\/\\\/landioustravel.com\\\/pl\\\/shop\\\/wycieczka-akwarium-hurghady\\\/\",\"url\":\"https:\\\/\\\/landioustravel.com\\\/pl\\\/shop\\\/wycieczka-akwarium-hurghady\\\/\",\"name\":\"Wycieczka do akwarium z Hurghady\",\"isPartOf\":{\"@id\":\"https:\\\/\\\/landioustravel.com\\\/pl\\\/#website\"},\"primaryImageOfPage\":{\"@id\":\"https:\\\/\\\/landioustravel.com\\\/pl\\\/shop\\\/wycieczka-akwarium-hurghady\\\/#primaryimage\"},\"image\":{\"@id\":\"https:\\\/\\\/landioustravel.com\\\/pl\\\/shop\\\/wycieczka-akwarium-hurghady\\\/#primaryimage\"},\"thumbnailUrl\":\"https:\\\/\\\/i0.wp.com\\\/landioustravel.com\\\/wp-content\\\/uploads\\\/2018\\\/11\\\/Grand-Aquarium-Excursion-Hurghada-e1669666185802.jpg?fit=1200%2C675&ssl=1\",\"datePublished\":\"2018-11-23T16:34:37+00:00\",\"dateModified\":\"2024-04-19T14:22:59+00:00\",\"description\":\"Wycieczka do akwarium z Hurghady prowadzi do najwi\u0119kszego akwarium w mie\u015bcie. Centrum sk\u0142ada si\u0119 z akwari\u00f3w z efektami 3D, odkrytych basen\u00f3w i zoo.\",\"breadcrumb\":{\"@id\":\"https:\\\/\\\/landioustravel.com\\\/pl\\\/shop\\\/wycieczka-akwarium-hurghady\\\/#breadcrumb\"},\"inLanguage\":\"pl-PL\",\"potentialAction\":[{\"@type\":\"ReadAction\",\"target\":[\"https:\\\/\\\/landioustravel.com\\\/pl\\\/shop\\\/wycieczka-akwarium-hurghady\\\/\"]}]},{\"@type\":\"ImageObject\",\"inLanguage\":\"pl-PL\",\"@id\":\"https:\\\/\\\/landioustravel.com\\\/pl\\\/shop\\\/wycieczka-akwarium-hurghady\\\/#primaryimage\",\"url\":\"https:\\\/\\\/i0.wp.com\\\/landioustravel.com\\\/wp-content\\\/uploads\\\/2018\\\/11\\\/Grand-Aquarium-Excursion-Hurghada-e1669666185802.jpg?fit=1200%2C675&ssl=1\",\"contentUrl\":\"https:\\\/\\\/i0.wp.com\\\/landioustravel.com\\\/wp-content\\\/uploads\\\/2018\\\/11\\\/Grand-Aquarium-Excursion-Hurghada-e1669666185802.jpg?fit=1200%2C675&ssl=1\",\"width\":1200,\"height\":675,\"caption\":\"Grand Aquarium Excursion Hurghada\"},{\"@type\":\"BreadcrumbList\",\"@id\":\"https:\\\/\\\/landioustravel.com\\\/pl\\\/shop\\\/wycieczka-akwarium-hurghady\\\/#breadcrumb\",\"itemListElement\":[{\"@type\":\"ListItem\",\"position\":1,\"name\":\"Home\",\"item\":\"https:\\\/\\\/landioustravel.com\\\/pl\\\/\"},{\"@type\":\"ListItem\",\"position\":2,\"name\":\"Us\u0142ugi i wycieczki\",\"item\":\"https:\\\/\\\/landioustravel.com\\\/pl\\\/\"},{\"@type\":\"ListItem\",\"position\":3,\"name\":\"Wycieczka do akwarium z Hurghady\"}]},{\"@type\":\"WebSite\",\"@id\":\"https:\\\/\\\/landioustravel.com\\\/pl\\\/#website\",\"url\":\"https:\\\/\\\/landioustravel.com\\\/pl\\\/\",\"name\":\"Landious Travel\",\"description\":\"Excursions, trips and cruises in Egypt\",\"publisher\":{\"@id\":\"https:\\\/\\\/landioustravel.com\\\/pl\\\/#organization\"},\"potentialAction\":[{\"@type\":\"SearchAction\",\"target\":{\"@type\":\"EntryPoint\",\"urlTemplate\":\"https:\\\/\\\/landioustravel.com\\\/pl\\\/?s={search_term_string}\"},\"query-input\":{\"@type\":\"PropertyValueSpecification\",\"valueRequired\":true,\"valueName\":\"search_term_string\"}}],\"inLanguage\":\"pl-PL\"},{\"@type\":[\"Organization\",\"Place\"],\"@id\":\"https:\\\/\\\/landioustravel.com\\\/pl\\\/#organization\",\"name\":\"Landious Travel\",\"alternateName\":\"Landious Travel\",\"url\":\"https:\\\/\\\/landioustravel.com\\\/pl\\\/\",\"logo\":{\"@id\":\"https:\\\/\\\/landioustravel.com\\\/pl\\\/shop\\\/wycieczka-akwarium-hurghady\\\/#local-main-organization-logo\"},\"image\":{\"@id\":\"https:\\\/\\\/landioustravel.com\\\/pl\\\/shop\\\/wycieczka-akwarium-hurghady\\\/#local-main-organization-logo\"},\"sameAs\":[\"https:\\\/\\\/web.facebook.com\\\/landiousEgypt\",\"https:\\\/\\\/x.com\\\/LandiousTours\",\"https:\\\/\\\/mastodon.social\\\/@landious\"],\"legalName\":\"Landious Travel\",\"telephone\":[],\"openingHoursSpecification\":[{\"@type\":\"OpeningHoursSpecification\",\"dayOfWeek\":[\"Monday\",\"Tuesday\",\"Wednesday\",\"Thursday\",\"Friday\",\"Saturday\",\"Sunday\"],\"opens\":\"09:00\",\"closes\":\"17:00\"}]},{\"@type\":\"ImageObject\",\"inLanguage\":\"pl-PL\",\"@id\":\"https:\\\/\\\/landioustravel.com\\\/pl\\\/shop\\\/wycieczka-akwarium-hurghady\\\/#local-main-organization-logo\",\"url\":\"https:\\\/\\\/i0.wp.com\\\/landioustravel.com\\\/wp-content\\\/uploads\\\/2021\\\/06\\\/Landious-T.png?fit=500%2C500&ssl=1\",\"contentUrl\":\"https:\\\/\\\/i0.wp.com\\\/landioustravel.com\\\/wp-content\\\/uploads\\\/2021\\\/06\\\/Landious-T.png?fit=500%2C500&ssl=1\",\"width\":500,\"height\":500,\"caption\":\"Landious Travel\"}]}<\/script>\n<!-- \/ Yoast SEO Premium plugin. -->","yoast_head_json":{"title":"Wycieczka do akwarium z Hurghady","description":"Wycieczka do akwarium z Hurghady prowadzi do najwi\u0119kszego akwarium w mie\u015bcie. Centrum sk\u0142ada si\u0119 z akwari\u00f3w z efektami 3D, odkrytych basen\u00f3w i zoo.","robots":{"index":"index","follow":"follow","max-snippet":"max-snippet:-1","max-image-preview":"max-image-preview:large","max-video-preview":"max-video-preview:-1"},"canonical":"https:\/\/landioustravel.com\/pl\/shop\/wycieczka-akwarium-hurghady\/","og_locale":"pl_PL","og_type":"article","og_title":"Wycieczka do akwarium z Hurghady","og_description":"Landious Travel","og_url":"https:\/\/landioustravel.com\/pl\/shop\/wycieczka-akwarium-hurghady\/","og_site_name":"Landious Travel","article_publisher":"https:\/\/web.facebook.com\/landiousEgypt","article_modified_time":"2024-04-19T14:22:59+00:00","og_image":[{"width":1200,"height":675,"url":"https:\/\/i0.wp.com\/landioustravel.com\/wp-content\/uploads\/2018\/11\/Grand-Aquarium-Excursion-Hurghada-e1669666185802.jpg?fit=1200%2C675&ssl=1","type":"image\/jpeg"}],"twitter_card":"summary_large_image","twitter_site":"@LandiousTours","twitter_misc":{"Szacowany czas czytania":"1 minuta"},"schema":{"@context":"https:\/\/schema.org","@graph":[{"@type":"WebPage","@id":"https:\/\/landioustravel.com\/pl\/shop\/wycieczka-akwarium-hurghady\/","url":"https:\/\/landioustravel.com\/pl\/shop\/wycieczka-akwarium-hurghady\/","name":"Wycieczka do akwarium z Hurghady","isPartOf":{"@id":"https:\/\/landioustravel.com\/pl\/#website"},"primaryImageOfPage":{"@id":"https:\/\/landioustravel.com\/pl\/shop\/wycieczka-akwarium-hurghady\/#primaryimage"},"image":{"@id":"https:\/\/landioustravel.com\/pl\/shop\/wycieczka-akwarium-hurghady\/#primaryimage"},"thumbnailUrl":"https:\/\/i0.wp.com\/landioustravel.com\/wp-content\/uploads\/2018\/11\/Grand-Aquarium-Excursion-Hurghada-e1669666185802.jpg?fit=1200%2C675&ssl=1","datePublished":"2018-11-23T16:34:37+00:00","dateModified":"2024-04-19T14:22:59+00:00","description":"Wycieczka do akwarium z Hurghady prowadzi do najwi\u0119kszego akwarium w mie\u015bcie. Centrum sk\u0142ada si\u0119 z akwari\u00f3w z efektami 3D, odkrytych basen\u00f3w i zoo.","breadcrumb":{"@id":"https:\/\/landioustravel.com\/pl\/shop\/wycieczka-akwarium-hurghady\/#breadcrumb"},"inLanguage":"pl-PL","potentialAction":[{"@type":"ReadAction","target":["https:\/\/landioustravel.com\/pl\/shop\/wycieczka-akwarium-hurghady\/"]}]},{"@type":"ImageObject","inLanguage":"pl-PL","@id":"https:\/\/landioustravel.com\/pl\/shop\/wycieczka-akwarium-hurghady\/#primaryimage","url":"https:\/\/i0.wp.com\/landioustravel.com\/wp-content\/uploads\/2018\/11\/Grand-Aquarium-Excursion-Hurghada-e1669666185802.jpg?fit=1200%2C675&ssl=1","contentUrl":"https:\/\/i0.wp.com\/landioustravel.com\/wp-content\/uploads\/2018\/11\/Grand-Aquarium-Excursion-Hurghada-e1669666185802.jpg?fit=1200%2C675&ssl=1","width":1200,"height":675,"caption":"Grand Aquarium Excursion Hurghada"},{"@type":"BreadcrumbList","@id":"https:\/\/landioustravel.com\/pl\/shop\/wycieczka-akwarium-hurghady\/#breadcrumb","itemListElement":[{"@type":"ListItem","position":1,"name":"Home","item":"https:\/\/landioustravel.com\/pl\/"},{"@type":"ListItem","position":2,"name":"Us\u0142ugi i wycieczki","item":"https:\/\/landioustravel.com\/pl\/"},{"@type":"ListItem","position":3,"name":"Wycieczka do akwarium z Hurghady"}]},{"@type":"WebSite","@id":"https:\/\/landioustravel.com\/pl\/#website","url":"https:\/\/landioustravel.com\/pl\/","name":"Landious Travel","description":"Excursions, trips and cruises in Egypt","publisher":{"@id":"https:\/\/landioustravel.com\/pl\/#organization"},"potentialAction":[{"@type":"SearchAction","target":{"@type":"EntryPoint","urlTemplate":"https:\/\/landioustravel.com\/pl\/?s={search_term_string}"},"query-input":{"@type":"PropertyValueSpecification","valueRequired":true,"valueName":"search_term_string"}}],"inLanguage":"pl-PL"},{"@type":["Organization","Place"],"@id":"https:\/\/landioustravel.com\/pl\/#organization","name":"Landious Travel","alternateName":"Landious Travel","url":"https:\/\/landioustravel.com\/pl\/","logo":{"@id":"https:\/\/landioustravel.com\/pl\/shop\/wycieczka-akwarium-hurghady\/#local-main-organization-logo"},"image":{"@id":"https:\/\/landioustravel.com\/pl\/shop\/wycieczka-akwarium-hurghady\/#local-main-organization-logo"},"sameAs":["https:\/\/web.facebook.com\/landiousEgypt","https:\/\/x.com\/LandiousTours","https:\/\/mastodon.social\/@landious"],"legalName":"Landious Travel","telephone":[],"openingHoursSpecification":[{"@type":"OpeningHoursSpecification","dayOfWeek":["Monday","Tuesday","Wednesday","Thursday","Friday","Saturday","Sunday"],"opens":"09:00","closes":"17:00"}]},{"@type":"ImageObject","inLanguage":"pl-PL","@id":"https:\/\/landioustravel.com\/pl\/shop\/wycieczka-akwarium-hurghady\/#local-main-organization-logo","url":"https:\/\/i0.wp.com\/landioustravel.com\/wp-content\/uploads\/2021\/06\/Landious-T.png?fit=500%2C500&ssl=1","contentUrl":"https:\/\/i0.wp.com\/landioustravel.com\/wp-content\/uploads\/2021\/06\/Landious-T.png?fit=500%2C500&ssl=1","width":500,"height":500,"caption":"Landious Travel"}]}},"jetpack_publicize_connections":[],"uagb_featured_image_src":{"full":["https:\/\/i0.wp.com\/landioustravel.com\/wp-content\/uploads\/2018\/11\/Grand-Aquarium-Excursion-Hurghada-e1669666185802.jpg?fit=1200%2C675&ssl=1",1200,675,false],"thumbnail":["https:\/\/i0.wp.com\/landioustravel.com\/wp-content\/uploads\/2018\/11\/Grand-Aquarium-Excursion-Hurghada-e1669666185802.jpg?resize=150%2C150&ssl=1",150,150,true],"medium":["https:\/\/i0.wp.com\/landioustravel.com\/wp-content\/uploads\/2018\/11\/Grand-Aquarium-Excursion-Hurghada-e1669666185802.jpg?fit=300%2C169&ssl=1",300,169,true],"medium_large":["https:\/\/i0.wp.com\/landioustravel.com\/wp-content\/uploads\/2018\/11\/Grand-Aquarium-Excursion-Hurghada-e1669666185802.jpg?fit=768%2C432&ssl=1",768,432,true],"large":["https:\/\/i0.wp.com\/landioustravel.com\/wp-content\/uploads\/2018\/11\/Grand-Aquarium-Excursion-Hurghada-e1669666185802.jpg?fit=980%2C551&ssl=1",980,551,true],"1536x1536":["https:\/\/i0.wp.com\/landioustravel.com\/wp-content\/uploads\/2018\/11\/Grand-Aquarium-Excursion-Hurghada-e1669666185802.jpg?fit=1536%2C864&ssl=1",1536,864,true],"2048x2048":["https:\/\/i0.wp.com\/landioustravel.com\/wp-content\/uploads\/2018\/11\/Grand-Aquarium-Excursion-Hurghada-e1669666185802.jpg?fit=1200%2C675&ssl=1",1200,675,true],"newspack-article-block-landscape-large":["https:\/\/i0.wp.com\/landioustravel.com\/wp-content\/uploads\/2018\/11\/Grand-Aquarium-Excursion-Hurghada-e1669666185802.jpg?resize=1200%2C675&ssl=1",1200,675,true],"newspack-article-block-portrait-large":["https:\/\/i0.wp.com\/landioustravel.com\/wp-content\/uploads\/2018\/11\/Grand-Aquarium-Excursion-Hurghada-e1669666185802.jpg?resize=900%2C675&ssl=1",900,675,true],"newspack-article-block-square-large":["https:\/\/i0.wp.com\/landioustravel.com\/wp-content\/uploads\/2018\/11\/Grand-Aquarium-Excursion-Hurghada-e1669666185802.jpg?resize=1200%2C675&ssl=1",1200,675,true],"newspack-article-block-landscape-medium":["https:\/\/i0.wp.com\/landioustravel.com\/wp-content\/uploads\/2018\/11\/Grand-Aquarium-Excursion-Hurghada-e1669666185802.jpg?resize=800%2C600&ssl=1",800,600,true],"newspack-article-block-portrait-medium":["https:\/\/i0.wp.com\/landioustravel.com\/wp-content\/uploads\/2018\/11\/Grand-Aquarium-Excursion-Hurghada-e1669666185802.jpg?resize=600%2C675&ssl=1",600,675,true],"newspack-article-block-square-medium":["https:\/\/i0.wp.com\/landioustravel.com\/wp-content\/uploads\/2018\/11\/Grand-Aquarium-Excursion-Hurghada-e1669666185802.jpg?resize=800%2C675&ssl=1",800,675,true],"newspack-article-block-landscape-intermediate":["https:\/\/i0.wp.com\/landioustravel.com\/wp-content\/uploads\/2018\/11\/Grand-Aquarium-Excursion-Hurghada-e1669666185802.jpg?resize=600%2C450&ssl=1",600,450,true],"newspack-article-block-portrait-intermediate":["https:\/\/i0.wp.com\/landioustravel.com\/wp-content\/uploads\/2018\/11\/Grand-Aquarium-Excursion-Hurghada-e1669666185802.jpg?resize=450%2C600&ssl=1",450,600,true],"newspack-article-block-square-intermediate":["https:\/\/i0.wp.com\/landioustravel.com\/wp-content\/uploads\/2018\/11\/Grand-Aquarium-Excursion-Hurghada-e1669666185802.jpg?resize=600%2C600&ssl=1",600,600,true],"newspack-article-block-landscape-small":["https:\/\/i0.wp.com\/landioustravel.com\/wp-content\/uploads\/2018\/11\/Grand-Aquarium-Excursion-Hurghada-e1669666185802.jpg?resize=400%2C300&ssl=1",400,300,true],"newspack-article-block-portrait-small":["https:\/\/i0.wp.com\/landioustravel.com\/wp-content\/uploads\/2018\/11\/Grand-Aquarium-Excursion-Hurghada-e1669666185802.jpg?resize=300%2C400&ssl=1",300,400,true],"newspack-article-block-square-small":["https:\/\/i0.wp.com\/landioustravel.com\/wp-content\/uploads\/2018\/11\/Grand-Aquarium-Excursion-Hurghada-e1669666185802.jpg?resize=400%2C400&ssl=1",400,400,true],"newspack-article-block-landscape-tiny":["https:\/\/i0.wp.com\/landioustravel.com\/wp-content\/uploads\/2018\/11\/Grand-Aquarium-Excursion-Hurghada-e1669666185802.jpg?resize=200%2C150&ssl=1",200,150,true],"newspack-article-block-portrait-tiny":["https:\/\/i0.wp.com\/landioustravel.com\/wp-content\/uploads\/2018\/11\/Grand-Aquarium-Excursion-Hurghada-e1669666185802.jpg?resize=150%2C200&ssl=1",150,200,true],"newspack-article-block-square-tiny":["https:\/\/i0.wp.com\/landioustravel.com\/wp-content\/uploads\/2018\/11\/Grand-Aquarium-Excursion-Hurghada-e1669666185802.jpg?resize=200%2C200&ssl=1",200,200,true],"newspack-article-block-uncropped":["https:\/\/i0.wp.com\/landioustravel.com\/wp-content\/uploads\/2018\/11\/Grand-Aquarium-Excursion-Hurghada-e1669666185802.jpg?fit=1200%2C675&ssl=1",1200,675,true],"woocommerce_thumbnail":["https:\/\/i0.wp.com\/landioustravel.com\/wp-content\/uploads\/2018\/11\/Grand-Aquarium-Excursion-Hurghada-e1669666185802.jpg?resize=324%2C324&ssl=1",324,324,true],"woocommerce_single":["https:\/\/i0.wp.com\/landioustravel.com\/wp-content\/uploads\/2018\/11\/Grand-Aquarium-Excursion-Hurghada-e1669666185802.jpg?fit=416%2C234&ssl=1",416,234,true],"woocommerce_gallery_thumbnail":["https:\/\/i0.wp.com\/landioustravel.com\/wp-content\/uploads\/2018\/11\/Grand-Aquarium-Excursion-Hurghada-e1669666185802.jpg?resize=100%2C100&ssl=1",100,100,true]},"uagb_author_info":{"display_name":"Mofreh Landious","author_link":"https:\/\/landioustravel.com\/pl\/author\/"},"uagb_comment_info":3,"uagb_excerpt":"Czy chcesz wzi\u0105\u0107 udzia\u0142 w wycieczce kulturalno-edukacyjnej ze swoimi dzie\u0107mi, podczas kt\u00f3rej mog\u0105 dowiedzie\u0107 si\u0119 o r\u00f3\u017cnorodnym \u017cyciu morskim Morza Czerwonego? Nie szukaj dalej ni\u017c Grand Aquarium w Hurghadzie! Dzi\u0119ki ponad 1000 gatunk\u00f3w kolorowych ryb wystawionych w szklanych zbiornikach Twoja rodzina b\u0119dzie zahipnotyzowana. Nasza Grand Aquarium Tour z Hurghady obejmuje transfery z hotelu i 120-minutow\u0105&hellip;","jetpack_sharing_enabled":true,"jetpack_likes_enabled":true,"amp_enabled":true,"_links":{"self":[{"href":"https:\/\/landioustravel.com\/pl\/wp-json\/wp\/v2\/product\/2616","targetHints":{"allow":["GET"]}}],"collection":[{"href":"https:\/\/landioustravel.com\/pl\/wp-json\/wp\/v2\/product"}],"about":[{"href":"https:\/\/landioustravel.com\/pl\/wp-json\/wp\/v2\/types\/product"}],"replies":[{"embeddable":true,"href":"https:\/\/landioustravel.com\/pl\/wp-json\/wp\/v2\/comments?post=2616"}],"wp:featuredmedia":[{"embeddable":true,"href":"https:\/\/landioustravel.com\/pl\/wp-json\/wp\/v2\/media\/100560"}],"wp:attachment":[{"href":"https:\/\/landioustravel.com\/pl\/wp-json\/wp\/v2\/media?parent=2616"}],"wp:term":[{"taxonomy":"product_brand","embeddable":true,"href":"https:\/\/landioustravel.com\/pl\/wp-json\/wp\/v2\/product_brand?post=2616"},{"taxonomy":"product_cat","embeddable":true,"href":"https:\/\/landioustravel.com\/pl\/wp-json\/wp\/v2\/product_cat?post=2616"},{"taxonomy":"product_tag","embeddable":true,"href":"https:\/\/landioustravel.com\/pl\/wp-json\/wp\/v2\/product_tag?post=2616"}],"curies":[{"name":"wp","href":"https:\/\/api.w.org\/{rel}","templated":true}]}}