{"id":2618,"date":"2018-11-23T12:56:55","date_gmt":"2018-11-23T10:56:55","guid":{"rendered":"https:\/\/landioustravel.com\/product\/wycieczka-delfinarium-hurghady\/"},"modified":"2024-09-25T23:05:15","modified_gmt":"2024-09-25T20:05:15","slug":"wycieczka-delfinarium-hurghady","status":"publish","type":"product","link":"https:\/\/landioustravel.com\/pl\/shop\/wycieczka-delfinarium-hurghady\/","title":{"rendered":"Wycieczka do delfinarium z Hurghady"},"content":{"rendered":"<p>Ulubiona rozrywka w Dolphinarium w Hurghadzie! Polecamy wycieczk\u0119, poniewa\u017c pozwala turystom w ka\u017cdym wieku dobrze si\u0119 bawi\u0107 ogl\u0105daj\u0105c najwi\u0119ksz\u0105 kolekcj\u0119 zwierz\u0105t morskich. I daje szans\u0119 zrobienia z nimi zdj\u0119cia.<\/p>\n<h2>G\u0142\u00f3wne punkty programu wycieczki w delfinarium<\/h2>\n<ul>\n<li>Pokaz zwierz\u0105t morskich<\/li>\n<li>I zrobienie zdj\u0119cia z tymi zwierz\u0119tami dla pami\u0119ci jako opcji p\u0142atnej<\/li>\n<\/ul>\n<h3>Program wycieczki do Dolphin World z Hurghady<\/h3>\n<ul>\n<li>Odbierzemy Ci\u0119 oko\u0142o godziny 13:00<\/li>\n<li>Po zabraniu wszystkich ch\u0119tnych, autobus jedzie do delfinarium Dolphin World. uzyskanie tego miejsca zajmuje oko\u0142o 30 minut<\/li>\n<li>Na pocz\u0105tku programu wycieczki przewodnik poka\u017ce Ci miejsce i miejsce do siedzenia w audytorium.<\/li>\n<li>Jak tylko wszyscy si\u0119 zgromadz\u0105, przedstawienie rozpoczyna si\u0119 oko\u0142o godziny. Podczas wyst\u0119pu sze\u015bciu artyst\u00f3w odgrywa swoje role:<\/li>\n<li>Smelaia i Agat _ Foki<\/li>\n<li>Sabrina i Gerasim _ morskie delfiny butlonose<\/li>\n<li>Leela _ mors<\/li>\n<li>I, Dimas _ lew morski<\/li>\n<\/ul>\n<h4>Co wliczone jest w cen\u0119 podr\u00f3\u017cy<\/h4>\n<ul>\n<li>Przejazd do Dolphin World i powr\u00f3t do hotelu<\/li>\n<li>Bilety<\/li>\n<\/ul>\n<h5>Co nie jest wliczone w cen\u0119 wycieczki<\/h5>\n<ul>\n<li>DVD wideo<\/li>\n<li>Photo CD<\/li>\n<\/ul>\n<h6>Co zabra\u0107 ze sob\u0105 na wycieczk\u0119<\/h6>\n<ul>\n<li>Okulary s\u0142oneczne<\/li>\n<\/ul>\n<h6>DNI ORGANIZACJI WYCIECZKOWEJ<\/h6>\n<ul>\n<li>Codziennie od 13:00 do 15:00<\/li>\n<\/ul>\n","protected":false},"excerpt":{"rendered":"<p>Czy jeste\u015b gotowy na przygod\u0119 z najbardziej niesamowitymi stworzeniami morskimi? Do\u0142\u0105cz do nas na wycieczce do delfinarium w Hurghadzie i prze\u017cyj rado\u015b\u0107 ogl\u0105dania delfin\u00f3w czarnomorskich, fok p\u00f3\u0142nocnych, lw\u00f3w morskich z Ameryki Po\u0142udniowej i mors\u00f3w z Pacyfiku wykonuj\u0105cych niesamowite akrobacje!<\/p>\n<p>I to nie wszystko! Dolphin World oferuje wyj\u0105tkow\u0105 okazj\u0119 p\u0142ywania z tymi inteligentnymi zwierz\u0119tami i tworzenia niezapomnianych wspomnie\u0144.<\/p>\n<p>Odbierzemy Ci\u0119 z hotelu i zabierzemy na wygodn\u0105 przeja\u017cd\u017ck\u0119 do delfinarium, po\u0142o\u017conego zaledwie p\u00f3\u0142 godziny drogi od Hurghady. Przygotuj si\u0119 na godzinny pokaz, kt\u00f3ry zachwyci Ciebie i Twoj\u0105 rodzin\u0119.<\/p>\n<p>Podczas pokazu mo\u017cesz robi\u0107 zdj\u0119cia niesamowitym stworzeniom, a nawet mie\u0107 szans\u0119 zobaczy\u0107 je z bliska po wyst\u0119pie.<\/p>\n<p>Delfinarium to jeden z najnowocze\u015bniejszych obiekt\u00f3w o najwy\u017cszym standardzie na \u015bwiecie, zapewniaj\u0105cy zwierz\u0119tom zawsze czyst\u0105 wod\u0119 i zadban\u0105 opiek\u0119.<\/p>\n<p>Przygotuj si\u0119, by by\u0107 \u015bwiadkiem magii treser\u00f3w zwierz\u0105t, kt\u00f3rzy niestrudzenie pracowali, aby wyszkoli\u0107 te zwierz\u0119ta do wykonywania niesamowitych akrobacji. Podczas pokazu zobaczysz tak\u017ce lwy morskie, morsy i foki.<\/p>\n<p>Nasza us\u0142uga transferu jest wliczona w cen\u0119, wi\u0119c nie musisz si\u0119 o nic martwi\u0107. Nie przegap tej radosnej okazji, aby zbli\u017cy\u0107 si\u0119 do niesamowitego \u015bwiata morza!<\/p>\n","protected":false},"featured_media":100576,"comment_status":"open","ping_status":"closed","template":"","meta":{"_coblocks_attr":"","_coblocks_dimensions":"","_coblocks_responsive_height":"","_coblocks_accordion_ie_support":"","_uag_custom_page_level_css":"","jetpack_publicize_message":"","jetpack_publicize_feature_enabled":true,"jetpack_social_post_already_shared":false,"jetpack_social_options":{"image_generator_settings":{"template":"highway","default_image_id":0,"font":"","enabled":false},"version":2},"_wpas_customize_per_network":false},"product_brand":[],"product_cat":[1943,1945],"product_tag":[1984,1956,1961,2146],"class_list":{"0":"post-2618","1":"product","2":"type-product","3":"status-publish","4":"has-post-thumbnail","6":"product_cat-wycieczki-w-hurghadzie","7":"product_cat-zabawne-wycieczki-hurghadzie","8":"product_tag-delfinarium","9":"product_tag-hurghada-pl","10":"product_tag-wycieczka","11":"product_tag-wycieczki-z-hurghady","12":"pa_age-dorosly","13":"pa_age-dziecko-1-4-lata","14":"pa_age-dziecko-5-11-lat","16":"first","17":"instock","18":"sale","19":"purchasable","20":"product-type-variable"},"yoast_head":"<!-- This site is optimized with the Yoast SEO Premium plugin v27.5 (Yoast SEO v27.5) - https:\/\/yoast.com\/product\/yoast-seo-premium-wordpress\/ -->\n<title>Wycieczka do delfinarium z Hurghady<\/title>\n<meta name=\"description\" content=\"Wycieczka do delfinarium z Hurghady pozwala zobaczy\u0107 delfiny z czarnomorskiego \u015bwiata, p\u00f3\u0142nocne futra, po\u0142udniowoameryka\u0144skie lwy morskie i morskie\" \/>\n<meta name=\"robots\" content=\"index, follow, max-snippet:-1, max-image-preview:large, max-video-preview:-1\" \/>\n<link rel=\"canonical\" href=\"https:\/\/landioustravel.com\/pl\/shop\/wycieczka-delfinarium-hurghady\/\" \/>\n<meta property=\"og:locale\" content=\"pl_PL\" \/>\n<meta property=\"og:type\" content=\"article\" \/>\n<meta property=\"og:title\" content=\"Wycieczka do delfinarium z Hurghady\" \/>\n<meta property=\"og:description\" content=\"Landious Travel\" \/>\n<meta property=\"og:url\" content=\"https:\/\/landioustravel.com\/pl\/shop\/wycieczka-delfinarium-hurghady\/\" \/>\n<meta property=\"og:site_name\" content=\"Landious Travel\" \/>\n<meta property=\"article:publisher\" content=\"https:\/\/web.facebook.com\/landiousEgypt\" \/>\n<meta property=\"article:modified_time\" content=\"2024-09-25T20:05:15+00:00\" \/>\n<meta property=\"og:image\" content=\"https:\/\/landioustravel.com\/wp-content\/uploads\/2018\/11\/Dolphinarium-Excursion-Hurghada-e1669668840610-1024x576.jpg\" \/>\n\t<meta property=\"og:image:width\" content=\"1024\" \/>\n\t<meta property=\"og:image:height\" content=\"576\" \/>\n\t<meta property=\"og:image:type\" content=\"image\/jpeg\" \/>\n<meta name=\"twitter:card\" content=\"summary_large_image\" \/>\n<meta name=\"twitter:site\" content=\"@LandiousTours\" \/>\n<meta name=\"twitter:label1\" content=\"Szacowany czas czytania\" \/>\n\t<meta name=\"twitter:data1\" content=\"1 minuta\" \/>\n<script type=\"application\/ld+json\" class=\"yoast-schema-graph\">{\"@context\":\"https:\\\/\\\/schema.org\",\"@graph\":[{\"@type\":\"WebPage\",\"@id\":\"https:\\\/\\\/landioustravel.com\\\/pl\\\/shop\\\/wycieczka-delfinarium-hurghady\\\/\",\"url\":\"https:\\\/\\\/landioustravel.com\\\/pl\\\/shop\\\/wycieczka-delfinarium-hurghady\\\/\",\"name\":\"Wycieczka do delfinarium z Hurghady\",\"isPartOf\":{\"@id\":\"https:\\\/\\\/landioustravel.com\\\/pl\\\/#website\"},\"primaryImageOfPage\":{\"@id\":\"https:\\\/\\\/landioustravel.com\\\/pl\\\/shop\\\/wycieczka-delfinarium-hurghady\\\/#primaryimage\"},\"image\":{\"@id\":\"https:\\\/\\\/landioustravel.com\\\/pl\\\/shop\\\/wycieczka-delfinarium-hurghady\\\/#primaryimage\"},\"thumbnailUrl\":\"https:\\\/\\\/i0.wp.com\\\/landioustravel.com\\\/wp-content\\\/uploads\\\/2018\\\/11\\\/Dolphinarium-Excursion-Hurghada-e1669668840610.jpg?fit=1200%2C675&ssl=1\",\"datePublished\":\"2018-11-23T10:56:55+00:00\",\"dateModified\":\"2024-09-25T20:05:15+00:00\",\"description\":\"Wycieczka do delfinarium z Hurghady pozwala zobaczy\u0107 delfiny z czarnomorskiego \u015bwiata, p\u00f3\u0142nocne futra, po\u0142udniowoameryka\u0144skie lwy morskie i morskie\",\"breadcrumb\":{\"@id\":\"https:\\\/\\\/landioustravel.com\\\/pl\\\/shop\\\/wycieczka-delfinarium-hurghady\\\/#breadcrumb\"},\"inLanguage\":\"pl-PL\",\"potentialAction\":[{\"@type\":\"ReadAction\",\"target\":[\"https:\\\/\\\/landioustravel.com\\\/pl\\\/shop\\\/wycieczka-delfinarium-hurghady\\\/\"]}]},{\"@type\":\"ImageObject\",\"inLanguage\":\"pl-PL\",\"@id\":\"https:\\\/\\\/landioustravel.com\\\/pl\\\/shop\\\/wycieczka-delfinarium-hurghady\\\/#primaryimage\",\"url\":\"https:\\\/\\\/i0.wp.com\\\/landioustravel.com\\\/wp-content\\\/uploads\\\/2018\\\/11\\\/Dolphinarium-Excursion-Hurghada-e1669668840610.jpg?fit=1200%2C675&ssl=1\",\"contentUrl\":\"https:\\\/\\\/i0.wp.com\\\/landioustravel.com\\\/wp-content\\\/uploads\\\/2018\\\/11\\\/Dolphinarium-Excursion-Hurghada-e1669668840610.jpg?fit=1200%2C675&ssl=1\",\"width\":1200,\"height\":675,\"caption\":\"Dolphinarium Excursion Hurghada\"},{\"@type\":\"BreadcrumbList\",\"@id\":\"https:\\\/\\\/landioustravel.com\\\/pl\\\/shop\\\/wycieczka-delfinarium-hurghady\\\/#breadcrumb\",\"itemListElement\":[{\"@type\":\"ListItem\",\"position\":1,\"name\":\"Home\",\"item\":\"https:\\\/\\\/landioustravel.com\\\/pl\\\/\"},{\"@type\":\"ListItem\",\"position\":2,\"name\":\"Us\u0142ugi i wycieczki\",\"item\":\"https:\\\/\\\/landioustravel.com\\\/pl\\\/\"},{\"@type\":\"ListItem\",\"position\":3,\"name\":\"Wycieczka do delfinarium z Hurghady\"}]},{\"@type\":\"WebSite\",\"@id\":\"https:\\\/\\\/landioustravel.com\\\/pl\\\/#website\",\"url\":\"https:\\\/\\\/landioustravel.com\\\/pl\\\/\",\"name\":\"Landious Travel\",\"description\":\"Excursions, trips and cruises in Egypt\",\"publisher\":{\"@id\":\"https:\\\/\\\/landioustravel.com\\\/pl\\\/#organization\"},\"potentialAction\":[{\"@type\":\"SearchAction\",\"target\":{\"@type\":\"EntryPoint\",\"urlTemplate\":\"https:\\\/\\\/landioustravel.com\\\/pl\\\/?s={search_term_string}\"},\"query-input\":{\"@type\":\"PropertyValueSpecification\",\"valueRequired\":true,\"valueName\":\"search_term_string\"}}],\"inLanguage\":\"pl-PL\"},{\"@type\":[\"Organization\",\"Place\"],\"@id\":\"https:\\\/\\\/landioustravel.com\\\/pl\\\/#organization\",\"name\":\"Landious Travel\",\"alternateName\":\"Landious Travel\",\"url\":\"https:\\\/\\\/landioustravel.com\\\/pl\\\/\",\"logo\":{\"@id\":\"https:\\\/\\\/landioustravel.com\\\/pl\\\/shop\\\/wycieczka-delfinarium-hurghady\\\/#local-main-organization-logo\"},\"image\":{\"@id\":\"https:\\\/\\\/landioustravel.com\\\/pl\\\/shop\\\/wycieczka-delfinarium-hurghady\\\/#local-main-organization-logo\"},\"sameAs\":[\"https:\\\/\\\/web.facebook.com\\\/landiousEgypt\",\"https:\\\/\\\/x.com\\\/LandiousTours\",\"https:\\\/\\\/mastodon.social\\\/@landious\"],\"legalName\":\"Landious Travel\",\"telephone\":[],\"openingHoursSpecification\":[{\"@type\":\"OpeningHoursSpecification\",\"dayOfWeek\":[\"Monday\",\"Tuesday\",\"Wednesday\",\"Thursday\",\"Friday\",\"Saturday\",\"Sunday\"],\"opens\":\"09:00\",\"closes\":\"17:00\"}]},{\"@type\":\"ImageObject\",\"inLanguage\":\"pl-PL\",\"@id\":\"https:\\\/\\\/landioustravel.com\\\/pl\\\/shop\\\/wycieczka-delfinarium-hurghady\\\/#local-main-organization-logo\",\"url\":\"https:\\\/\\\/i0.wp.com\\\/landioustravel.com\\\/wp-content\\\/uploads\\\/2021\\\/06\\\/Landious-T.png?fit=500%2C500&ssl=1\",\"contentUrl\":\"https:\\\/\\\/i0.wp.com\\\/landioustravel.com\\\/wp-content\\\/uploads\\\/2021\\\/06\\\/Landious-T.png?fit=500%2C500&ssl=1\",\"width\":500,\"height\":500,\"caption\":\"Landious Travel\"}]}<\/script>\n<!-- \/ Yoast SEO Premium plugin. -->","yoast_head_json":{"title":"Wycieczka do delfinarium z Hurghady","description":"Wycieczka do delfinarium z Hurghady pozwala zobaczy\u0107 delfiny z czarnomorskiego \u015bwiata, p\u00f3\u0142nocne futra, po\u0142udniowoameryka\u0144skie lwy morskie i morskie","robots":{"index":"index","follow":"follow","max-snippet":"max-snippet:-1","max-image-preview":"max-image-preview:large","max-video-preview":"max-video-preview:-1"},"canonical":"https:\/\/landioustravel.com\/pl\/shop\/wycieczka-delfinarium-hurghady\/","og_locale":"pl_PL","og_type":"article","og_title":"Wycieczka do delfinarium z Hurghady","og_description":"Landious Travel","og_url":"https:\/\/landioustravel.com\/pl\/shop\/wycieczka-delfinarium-hurghady\/","og_site_name":"Landious Travel","article_publisher":"https:\/\/web.facebook.com\/landiousEgypt","article_modified_time":"2024-09-25T20:05:15+00:00","og_image":[{"width":1024,"height":576,"url":"https:\/\/landioustravel.com\/wp-content\/uploads\/2018\/11\/Dolphinarium-Excursion-Hurghada-e1669668840610-1024x576.jpg","type":"image\/jpeg"}],"twitter_card":"summary_large_image","twitter_site":"@LandiousTours","twitter_misc":{"Szacowany czas czytania":"1 minuta"},"schema":{"@context":"https:\/\/schema.org","@graph":[{"@type":"WebPage","@id":"https:\/\/landioustravel.com\/pl\/shop\/wycieczka-delfinarium-hurghady\/","url":"https:\/\/landioustravel.com\/pl\/shop\/wycieczka-delfinarium-hurghady\/","name":"Wycieczka do delfinarium z Hurghady","isPartOf":{"@id":"https:\/\/landioustravel.com\/pl\/#website"},"primaryImageOfPage":{"@id":"https:\/\/landioustravel.com\/pl\/shop\/wycieczka-delfinarium-hurghady\/#primaryimage"},"image":{"@id":"https:\/\/landioustravel.com\/pl\/shop\/wycieczka-delfinarium-hurghady\/#primaryimage"},"thumbnailUrl":"https:\/\/i0.wp.com\/landioustravel.com\/wp-content\/uploads\/2018\/11\/Dolphinarium-Excursion-Hurghada-e1669668840610.jpg?fit=1200%2C675&ssl=1","datePublished":"2018-11-23T10:56:55+00:00","dateModified":"2024-09-25T20:05:15+00:00","description":"Wycieczka do delfinarium z Hurghady pozwala zobaczy\u0107 delfiny z czarnomorskiego \u015bwiata, p\u00f3\u0142nocne futra, po\u0142udniowoameryka\u0144skie lwy morskie i morskie","breadcrumb":{"@id":"https:\/\/landioustravel.com\/pl\/shop\/wycieczka-delfinarium-hurghady\/#breadcrumb"},"inLanguage":"pl-PL","potentialAction":[{"@type":"ReadAction","target":["https:\/\/landioustravel.com\/pl\/shop\/wycieczka-delfinarium-hurghady\/"]}]},{"@type":"ImageObject","inLanguage":"pl-PL","@id":"https:\/\/landioustravel.com\/pl\/shop\/wycieczka-delfinarium-hurghady\/#primaryimage","url":"https:\/\/i0.wp.com\/landioustravel.com\/wp-content\/uploads\/2018\/11\/Dolphinarium-Excursion-Hurghada-e1669668840610.jpg?fit=1200%2C675&ssl=1","contentUrl":"https:\/\/i0.wp.com\/landioustravel.com\/wp-content\/uploads\/2018\/11\/Dolphinarium-Excursion-Hurghada-e1669668840610.jpg?fit=1200%2C675&ssl=1","width":1200,"height":675,"caption":"Dolphinarium Excursion Hurghada"},{"@type":"BreadcrumbList","@id":"https:\/\/landioustravel.com\/pl\/shop\/wycieczka-delfinarium-hurghady\/#breadcrumb","itemListElement":[{"@type":"ListItem","position":1,"name":"Home","item":"https:\/\/landioustravel.com\/pl\/"},{"@type":"ListItem","position":2,"name":"Us\u0142ugi i wycieczki","item":"https:\/\/landioustravel.com\/pl\/"},{"@type":"ListItem","position":3,"name":"Wycieczka do delfinarium z Hurghady"}]},{"@type":"WebSite","@id":"https:\/\/landioustravel.com\/pl\/#website","url":"https:\/\/landioustravel.com\/pl\/","name":"Landious Travel","description":"Excursions, trips and cruises in Egypt","publisher":{"@id":"https:\/\/landioustravel.com\/pl\/#organization"},"potentialAction":[{"@type":"SearchAction","target":{"@type":"EntryPoint","urlTemplate":"https:\/\/landioustravel.com\/pl\/?s={search_term_string}"},"query-input":{"@type":"PropertyValueSpecification","valueRequired":true,"valueName":"search_term_string"}}],"inLanguage":"pl-PL"},{"@type":["Organization","Place"],"@id":"https:\/\/landioustravel.com\/pl\/#organization","name":"Landious Travel","alternateName":"Landious Travel","url":"https:\/\/landioustravel.com\/pl\/","logo":{"@id":"https:\/\/landioustravel.com\/pl\/shop\/wycieczka-delfinarium-hurghady\/#local-main-organization-logo"},"image":{"@id":"https:\/\/landioustravel.com\/pl\/shop\/wycieczka-delfinarium-hurghady\/#local-main-organization-logo"},"sameAs":["https:\/\/web.facebook.com\/landiousEgypt","https:\/\/x.com\/LandiousTours","https:\/\/mastodon.social\/@landious"],"legalName":"Landious Travel","telephone":[],"openingHoursSpecification":[{"@type":"OpeningHoursSpecification","dayOfWeek":["Monday","Tuesday","Wednesday","Thursday","Friday","Saturday","Sunday"],"opens":"09:00","closes":"17:00"}]},{"@type":"ImageObject","inLanguage":"pl-PL","@id":"https:\/\/landioustravel.com\/pl\/shop\/wycieczka-delfinarium-hurghady\/#local-main-organization-logo","url":"https:\/\/i0.wp.com\/landioustravel.com\/wp-content\/uploads\/2021\/06\/Landious-T.png?fit=500%2C500&ssl=1","contentUrl":"https:\/\/i0.wp.com\/landioustravel.com\/wp-content\/uploads\/2021\/06\/Landious-T.png?fit=500%2C500&ssl=1","width":500,"height":500,"caption":"Landious Travel"}]}},"jetpack_publicize_connections":[],"uagb_featured_image_src":{"full":["https:\/\/i0.wp.com\/landioustravel.com\/wp-content\/uploads\/2018\/11\/Dolphinarium-Excursion-Hurghada-e1669668840610.jpg?fit=1200%2C675&ssl=1",1200,675,false],"thumbnail":["https:\/\/i0.wp.com\/landioustravel.com\/wp-content\/uploads\/2018\/11\/Dolphinarium-Excursion-Hurghada-e1669668840610.jpg?resize=150%2C150&ssl=1",150,150,true],"medium":["https:\/\/i0.wp.com\/landioustravel.com\/wp-content\/uploads\/2018\/11\/Dolphinarium-Excursion-Hurghada-e1669668840610.jpg?fit=300%2C169&ssl=1",300,169,true],"medium_large":["https:\/\/i0.wp.com\/landioustravel.com\/wp-content\/uploads\/2018\/11\/Dolphinarium-Excursion-Hurghada-e1669668840610.jpg?fit=768%2C432&ssl=1",768,432,true],"large":["https:\/\/i0.wp.com\/landioustravel.com\/wp-content\/uploads\/2018\/11\/Dolphinarium-Excursion-Hurghada-e1669668840610.jpg?fit=980%2C551&ssl=1",980,551,true],"1536x1536":["https:\/\/i0.wp.com\/landioustravel.com\/wp-content\/uploads\/2018\/11\/Dolphinarium-Excursion-Hurghada-e1669668840610.jpg?fit=1536%2C1152&ssl=1",1536,1152,true],"2048x2048":["https:\/\/i0.wp.com\/landioustravel.com\/wp-content\/uploads\/2018\/11\/Dolphinarium-Excursion-Hurghada-e1669668840610.jpg?fit=2048%2C1536&ssl=1",2048,1536,true],"newspack-article-block-landscape-large":["https:\/\/i0.wp.com\/landioustravel.com\/wp-content\/uploads\/2018\/11\/Dolphinarium-Excursion-Hurghada-e1669668840610.jpg?resize=1200%2C675&ssl=1",1200,675,true],"newspack-article-block-portrait-large":["https:\/\/i0.wp.com\/landioustravel.com\/wp-content\/uploads\/2018\/11\/Dolphinarium-Excursion-Hurghada-e1669668840610.jpg?resize=900%2C675&ssl=1",900,675,true],"newspack-article-block-square-large":["https:\/\/i0.wp.com\/landioustravel.com\/wp-content\/uploads\/2018\/11\/Dolphinarium-Excursion-Hurghada-e1669668840610.jpg?resize=1200%2C675&ssl=1",1200,675,true],"newspack-article-block-landscape-medium":["https:\/\/i0.wp.com\/landioustravel.com\/wp-content\/uploads\/2018\/11\/Dolphinarium-Excursion-Hurghada-e1669668840610.jpg?resize=800%2C600&ssl=1",800,600,true],"newspack-article-block-portrait-medium":["https:\/\/i0.wp.com\/landioustravel.com\/wp-content\/uploads\/2018\/11\/Dolphinarium-Excursion-Hurghada-e1669668840610.jpg?resize=600%2C675&ssl=1",600,675,true],"newspack-article-block-square-medium":["https:\/\/i0.wp.com\/landioustravel.com\/wp-content\/uploads\/2018\/11\/Dolphinarium-Excursion-Hurghada-e1669668840610.jpg?resize=800%2C675&ssl=1",800,675,true],"newspack-article-block-landscape-intermediate":["https:\/\/i0.wp.com\/landioustravel.com\/wp-content\/uploads\/2018\/11\/Dolphinarium-Excursion-Hurghada-e1669668840610.jpg?resize=600%2C450&ssl=1",600,450,true],"newspack-article-block-portrait-intermediate":["https:\/\/i0.wp.com\/landioustravel.com\/wp-content\/uploads\/2018\/11\/Dolphinarium-Excursion-Hurghada-e1669668840610.jpg?resize=450%2C600&ssl=1",450,600,true],"newspack-article-block-square-intermediate":["https:\/\/i0.wp.com\/landioustravel.com\/wp-content\/uploads\/2018\/11\/Dolphinarium-Excursion-Hurghada-e1669668840610.jpg?resize=600%2C600&ssl=1",600,600,true],"newspack-article-block-landscape-small":["https:\/\/i0.wp.com\/landioustravel.com\/wp-content\/uploads\/2018\/11\/Dolphinarium-Excursion-Hurghada-e1669668840610.jpg?resize=400%2C300&ssl=1",400,300,true],"newspack-article-block-portrait-small":["https:\/\/i0.wp.com\/landioustravel.com\/wp-content\/uploads\/2018\/11\/Dolphinarium-Excursion-Hurghada-e1669668840610.jpg?resize=300%2C400&ssl=1",300,400,true],"newspack-article-block-square-small":["https:\/\/i0.wp.com\/landioustravel.com\/wp-content\/uploads\/2018\/11\/Dolphinarium-Excursion-Hurghada-e1669668840610.jpg?resize=400%2C400&ssl=1",400,400,true],"newspack-article-block-landscape-tiny":["https:\/\/i0.wp.com\/landioustravel.com\/wp-content\/uploads\/2018\/11\/Dolphinarium-Excursion-Hurghada-e1669668840610.jpg?resize=200%2C150&ssl=1",200,150,true],"newspack-article-block-portrait-tiny":["https:\/\/i0.wp.com\/landioustravel.com\/wp-content\/uploads\/2018\/11\/Dolphinarium-Excursion-Hurghada-e1669668840610.jpg?resize=150%2C200&ssl=1",150,200,true],"newspack-article-block-square-tiny":["https:\/\/i0.wp.com\/landioustravel.com\/wp-content\/uploads\/2018\/11\/Dolphinarium-Excursion-Hurghada-e1669668840610.jpg?resize=200%2C200&ssl=1",200,200,true],"newspack-article-block-uncropped":["https:\/\/i0.wp.com\/landioustravel.com\/wp-content\/uploads\/2018\/11\/Dolphinarium-Excursion-Hurghada-e1669668840610.jpg?fit=1200%2C675&ssl=1",1200,675,true],"woocommerce_thumbnail":["https:\/\/i0.wp.com\/landioustravel.com\/wp-content\/uploads\/2018\/11\/Dolphinarium-Excursion-Hurghada-e1669668840610.jpg?resize=324%2C324&ssl=1",324,324,true],"woocommerce_single":["https:\/\/i0.wp.com\/landioustravel.com\/wp-content\/uploads\/2018\/11\/Dolphinarium-Excursion-Hurghada-e1669668840610.jpg?fit=416%2C234&ssl=1",416,234,true],"woocommerce_gallery_thumbnail":["https:\/\/i0.wp.com\/landioustravel.com\/wp-content\/uploads\/2018\/11\/Dolphinarium-Excursion-Hurghada-e1669668840610.jpg?resize=100%2C100&ssl=1",100,100,true]},"uagb_author_info":{"display_name":"Mofreh Landious","author_link":"https:\/\/landioustravel.com\/pl\/author\/"},"uagb_comment_info":5,"uagb_excerpt":"Czy jeste\u015b gotowy na przygod\u0119 z najbardziej niesamowitymi stworzeniami morskimi? Do\u0142\u0105cz do nas na wycieczce do delfinarium w Hurghadzie i prze\u017cyj rado\u015b\u0107 ogl\u0105dania delfin\u00f3w czarnomorskich, fok p\u00f3\u0142nocnych, lw\u00f3w morskich z Ameryki Po\u0142udniowej i mors\u00f3w z Pacyfiku wykonuj\u0105cych niesamowite akrobacje! I to nie wszystko! Dolphin World oferuje wyj\u0105tkow\u0105 okazj\u0119 p\u0142ywania z tymi inteligentnymi zwierz\u0119tami i tworzenia&hellip;","jetpack_sharing_enabled":true,"jetpack_likes_enabled":true,"amp_enabled":true,"_links":{"self":[{"href":"https:\/\/landioustravel.com\/pl\/wp-json\/wp\/v2\/product\/2618","targetHints":{"allow":["GET"]}}],"collection":[{"href":"https:\/\/landioustravel.com\/pl\/wp-json\/wp\/v2\/product"}],"about":[{"href":"https:\/\/landioustravel.com\/pl\/wp-json\/wp\/v2\/types\/product"}],"replies":[{"embeddable":true,"href":"https:\/\/landioustravel.com\/pl\/wp-json\/wp\/v2\/comments?post=2618"}],"wp:featuredmedia":[{"embeddable":true,"href":"https:\/\/landioustravel.com\/pl\/wp-json\/wp\/v2\/media\/100576"}],"wp:attachment":[{"href":"https:\/\/landioustravel.com\/pl\/wp-json\/wp\/v2\/media?parent=2618"}],"wp:term":[{"taxonomy":"product_brand","embeddable":true,"href":"https:\/\/landioustravel.com\/pl\/wp-json\/wp\/v2\/product_brand?post=2618"},{"taxonomy":"product_cat","embeddable":true,"href":"https:\/\/landioustravel.com\/pl\/wp-json\/wp\/v2\/product_cat?post=2618"},{"taxonomy":"product_tag","embeddable":true,"href":"https:\/\/landioustravel.com\/pl\/wp-json\/wp\/v2\/product_tag?post=2618"}],"curies":[{"name":"wp","href":"https:\/\/api.w.org\/{rel}","templated":true}]}}