{"id":26188,"date":"2020-10-05T04:07:29","date_gmt":"2020-12-09T17:05:14","guid":{"rendered":"https:\/\/landioustravel.com\/?post_type=product&#038;p=26188"},"modified":"2024-09-21T15:06:52","modified_gmt":"2024-09-21T12:06:52","slug":"obserwacja-gwiazd-szarm-el-szejk","status":"publish","type":"product","link":"https:\/\/landioustravel.com\/pl\/shop\/obserwacja-gwiazd-szarm-el-szejk\/","title":{"rendered":"Obserwacja gwiazd w Szarm el-Szejk"},"content":{"rendered":"<p>Obserwacja gwiazd w Szarm el-Szejk to jedno z najciekawszych zaj\u0119\u0107, jakie mo\u017cesz zrobi\u0107 na p\u00f3\u0142wyspie Synaj w Egipcie! Wycieczk\u0119 polecamy, poniewa\u017c daje turystom niepowtarzaln\u0105 okazj\u0119 zobaczenia gwiazd w spokojnej, pustynnej atmosferze. Wycieczka daje r\u00f3wnie\u017c mo\u017cliwo\u015b\u0107 zobaczenia pustyni i zapoznania si\u0119 z kultur\u0105 Beduin\u00f3w. Z pewno\u015bci\u0105 obejmuje wizyt\u0119 w wiosce Beduin\u00f3w, gdzie dostaniesz wi\u0119cej rozrywek, takich jak jazda na wielb\u0142\u0105dach i ogl\u0105danie orientalnego pokazu. To zabawne do\u015bwiadczenie z nieprzemijaj\u0105cym wra\u017ceniem!<\/p>\n<h2>G\u0142\u00f3wne punkty programu wycieczek do obserwacji gwiazd<\/h2>\n<ul>\n<li>Jazda na wielb\u0142\u0105dach na pustyni<\/li>\n<li>Nast\u0119pnie kolacja bedui\u0144ska z napojami bezalkoholowymi<\/li>\n<li>Nast\u0119pnie obserwacja gwiazd przez teleskopy<\/li>\n<li>Wreszcie podziwianie orientalnego pokazu<\/li>\n<\/ul>\n<h3>Program wycieczki po gwiazdach w Szarm el-Szejk<\/h3>\n<ul>\n<li>Przedstawiciel Landious Travel odbierze Ci\u0119 z hotelu w Szarm el-Szejk oko\u0142o godziny 15:00<\/li>\n<li>Po odebraniu wszystkich przybysz\u00f3w nasz minibus \/ autobus jedzie w kierunku pustyni, gdzie znajduje si\u0119 spo\u0142eczno\u015b\u0107 Beduin\u00f3w. Droga do bazy zajmuje oko\u0142o 45 minut<\/li>\n<li>Wycieczka do obserwacji gwiazd zaczyna si\u0119 od ekscytuj\u0105cego przystanku: Jazda na wielb\u0142\u0105dzie. Najpierw musisz przygotowa\u0107 si\u0119 do noszenia okular\u00f3w przeciws\u0142onecznych, zawijania szalika na g\u0142ow\u0119 i zak\u0142adania. Po drugie, dostaniesz troch\u0119 instrukcji i szkolenia, jak je\u017adzi\u0107 na wielb\u0142\u0105dach. Nast\u0119pnie przez p\u00f3\u0142 godziny b\u0119dziesz je\u017adzi\u0107 na wielb\u0142\u0105dach po \u015brodku pustyni<\/li>\n<li>Po tej uroczej przeja\u017cd\u017cce mo\u017cesz podziwia\u0107 wspania\u0142y zach\u00f3d s\u0142o\u0144ca na szczycie pobliskiego wzg\u00f3rza i podziwia\u0107 panoramiczny widok na pustyni\u0119<\/li>\n<li>Naszym nast\u0119pnym przystankiem b\u0119dzie namiot Beduin\u00f3w. Zaraz po przybyciu do wioski Beduin\u00f3w mo\u017cesz robi\u0107 zdj\u0119cia z Beduinami i cieszy\u0107 si\u0119 herbat\u0105 Beduin\u00f3w. Po nim pojawi\u0105 si\u0119 pokazy afryka\u0144skie i nubijskie<\/li>\n<li>W namiocie Beduin\u00f3w w blasku \u015bwiec serwowana b\u0119dzie pyszna kolacja<\/li>\n<li>Oczywi\u015bcie po wieczornym posi\u0142ku z przyjemno\u015bci\u0105 zobaczysz taniec Tanury i fajerwerki. Dowiesz si\u0119 r\u00f3wnie\u017c, jak Beduini piecz\u0105 sw\u00f3j chleb na pustyni. Ogl\u0105danie siebie b\u0119dzie bardzo interesuj\u0105ce<\/li>\n<li>Ponadto spodoba ci si\u0119 g\u0142\u00f3wny punkt programu: obserwacja gwiazd przez ogromne teleskopy. Te teleskopy s\u0105 z 14-calowymi zwierciad\u0142ami. S\u0105 uwa\u017cani za najbardziej profesjonalist\u00f3w w Egipcie, je\u015bli chodzi o wskaz\u00f3wki komputerowe. Tw\u00f3j przewodnik b\u0119dzie Ci towarzyszy\u0142 w obszarze teleskop\u00f3w. Tak bardzo pokochasz wyja\u015bnienia astronoma i b\u0119dziesz mia\u0142 okazj\u0119 obserwowa\u0107 gwiazdy za pomoc\u0105 tych specjalistycznych teleskop\u00f3w. Tak mi\u0142o b\u0119dzie zako\u0144czy\u0107 wiecz\u00f3r t\u0105 niesamowit\u0105 aktywno\u015bci\u0105<\/li>\n<li>Na koniec przygotuj si\u0119 na powr\u00f3t do hoteli<\/li>\n<li>Ta \u201ewycieczka obserwacyjna gwiazd w Szarm el-Szejk\u201d ko\u0144czy si\u0119 oko\u0142o godziny 20:00<\/li>\n<\/ul>\n<h4>Co jest wliczone w cen\u0119 wycieczki obserwacyjnej<\/h4>\n<ul>\n<li>Lunch<\/li>\n<li>R\u00f3wnie\u017c przejazd na pustyni\u0119 i powr\u00f3t do hotelu<\/li>\n<\/ul>\n<h5>Co nie jest wliczone w cen\u0119 wycieczki<\/h5>\n<ul>\n<li>Video DVD<\/li>\n<li>R\u00f3wnie\u017c p\u0142yta CD ze zdj\u0119ciami<\/li>\n<\/ul>\n<h6>Co zabra\u0107 ze sob\u0105 w podr\u00f3\u017c<\/h6>\n<ul>\n<li>Szalik<\/li>\n<li>R\u00f3wnie\u017c okulary przeciws\u0142oneczne<\/li>\n<\/ul>\n<h6>Dni organizacji wycieczek<\/h6>\n<ul>\n<li>Codziennie od 15:00 do 20:00<\/li>\n<\/ul>\n","protected":false},"excerpt":{"rendered":"<p>Czy jeste\u015b gotowy na niezapomniane wra\u017cenia w Sharm el Sheikh? Przygotuj si\u0119 na przygod\u0119 z obserwowaniem gwiazd jak \u017cadna inna! Program wycieczki obiecuje ekscytuj\u0105cy przystanek, podczas kt\u00f3rego b\u0119dziesz m\u00f3g\u0142 patrze\u0107 na gwiazdy za pomoc\u0105 gigantycznych teleskop\u00f3w znajduj\u0105cych si\u0119 na zapieraj\u0105cej dech w piersiach pustyni. Ale to nie wszystko &#8211; czeka na Ciebie r\u00f3wnie\u017c jazda na wielb\u0142\u0105dach i pokaz orientalny. Spotkasz nawet Beduin\u00f3w i poznasz ich kultur\u0119, delektuj\u0105c si\u0119 pyszn\u0105 bedui\u0144sk\u0105 kolacj\u0105. Ta wycieczka to najlepsze po\u0142\u0105czenie rozrywki, przygody i zanurzenia w kulturze.<\/p>\n<p>Codziennie oko\u0142o 15:30 odbierzemy Ci\u0119 z hotelu i zawieziemy do oazy zwanej \u201eWadi Al Aat\u201d, kt\u00f3ra znajduje si\u0119 zaledwie 15 km od Sharm El Sheikh. Przygotuj si\u0119 na przyp\u0142yw adrenaliny, gdy zaczniesz je\u017adzi\u0107 na quadach przez godzin\u0119 w pustynnej dolinie Al Kh-room.<\/p>\n<p>Kiedy dotrzemy w okolice, zastaniesz czekaj\u0105ce na ciebie wielb\u0142\u0105dy. B\u0119dziesz m\u00f3g\u0142 cieszy\u0107 si\u0119 20-minutow\u0105 przeja\u017cd\u017ck\u0105 na tych wspania\u0142ych stworzeniach, podziwiaj\u0105c zapieraj\u0105ce dech w piersiach widoki na zach\u00f3d s\u0142o\u0144ca. Nast\u0119pnie nadszed\u0142 czas, aby delektowa\u0107 si\u0119 pysznym bedui\u0144skim posi\u0142kiem, wraz z napojami bezalkoholowymi i bedui\u0144sk\u0105 herbat\u0105; wszystko zawarte w pakiecie.<\/p>\n<p>Ale prawdziwa zabawa zaczyna si\u0119 po posi\u0142ku, gdy Beduini wykonuj\u0105 spektakularny pokaz z ta\u0144cem brzucha, pokazem Tanura i \u015bpiewem folklorystycznym. To wiecz\u00f3r pe\u0142en \u015bwi\u0119towania i rado\u015bci. A gdy pokaz si\u0119 sko\u0144czy, zostaniesz zabrany do teleskop\u00f3w, aby zobaczy\u0107 g\u0142\u00f3wne wydarzenie &#8211; patrzenie w gwiazdy. Nasz kompetentny przewodnik astronomiczny zapewni Ci wgl\u0105d w gwiazdy, nocne niebo i planety, dzi\u0119ki czemu b\u0119dzie to r\u00f3wnie\u017c do\u015bwiadczenie edukacyjne. Przygotuj si\u0119 na obserwacj\u0119 budz\u0105cego podziw nocnego nieba przez teleskopy &#8211; to jedyne w swoim rodzaju do\u015bwiadczenie, kt\u00f3rego nie chcesz przegapi\u0107!<\/p>\n","protected":false},"featured_media":24623,"comment_status":"open","ping_status":"closed","template":"","meta":{"_coblocks_attr":"","_coblocks_dimensions":"","_coblocks_responsive_height":"","_coblocks_accordion_ie_support":"","_uag_custom_page_level_css":"","jetpack_publicize_message":"","jetpack_publicize_feature_enabled":true,"jetpack_social_post_already_shared":true,"jetpack_social_options":{"image_generator_settings":{"template":"highway","default_image_id":0,"font":"","enabled":false},"version":2},"_wpas_customize_per_network":false},"product_brand":[],"product_cat":[19113,1950],"product_tag":[2028,1963,1961],"class_list":{"0":"post-26188","1":"product","2":"type-product","3":"status-publish","4":"has-post-thumbnail","6":"product_cat-wycieczki-safari-sharm-sheikh","7":"product_cat-wycieczki-sharm-sheikh","8":"product_tag-safari-pl","9":"product_tag-szarm-el-szejk","10":"product_tag-wycieczka","11":"pa_age-dorosly","12":"pa_age-dziecko-1-4-lata","13":"pa_age-dziecko-5-11-lat","15":"first","16":"instock","17":"sale","18":"featured","19":"taxable","20":"shipping-taxable","21":"purchasable","22":"product-type-variable"},"yoast_head":"<!-- This site is optimized with the Yoast SEO Premium plugin v26.9 (Yoast SEO v27.5) - https:\/\/yoast.com\/product\/yoast-seo-premium-wordpress\/ -->\n<title>Obserwacja gwiazd w Szarm el-Szejk<\/title>\n<meta name=\"description\" content=\"Obserwacja gwiazd w Szarm el-Szejk Program tego pustynnego safari obejmuje przede wszystkim obserwacj\u0119 gwiazd, podczas kt\u00f3rej tury\u015bci mog\u0105 podziwia\u0107 gwiazdy\" \/>\n<meta name=\"robots\" content=\"index, follow, max-snippet:-1, max-image-preview:large, max-video-preview:-1\" \/>\n<link rel=\"canonical\" href=\"https:\/\/landioustravel.com\/pl\/shop\/obserwacja-gwiazd-szarm-el-szejk\/\" \/>\n<meta property=\"og:locale\" content=\"pl_PL\" \/>\n<meta property=\"og:type\" content=\"article\" \/>\n<meta property=\"og:title\" content=\"Obserwacja gwiazd w Szarm el-Szejk\" \/>\n<meta property=\"og:description\" content=\"Landious Travel\" \/>\n<meta property=\"og:url\" content=\"https:\/\/landioustravel.com\/pl\/shop\/obserwacja-gwiazd-szarm-el-szejk\/\" \/>\n<meta property=\"og:site_name\" content=\"Landious Travel\" \/>\n<meta property=\"article:publisher\" content=\"https:\/\/web.facebook.com\/landiousEgypt\" \/>\n<meta property=\"article:modified_time\" content=\"2024-09-21T12:06:52+00:00\" \/>\n<meta property=\"og:image\" content=\"https:\/\/i0.wp.com\/landioustravel.com\/wp-content\/uploads\/2020\/10\/desert_stargazing-e1617567655534.jpg?fit=1200%2C675&ssl=1\" \/>\n\t<meta property=\"og:image:width\" content=\"1200\" \/>\n\t<meta property=\"og:image:height\" content=\"675\" \/>\n\t<meta property=\"og:image:type\" content=\"image\/jpeg\" \/>\n<meta name=\"twitter:card\" content=\"summary_large_image\" \/>\n<meta name=\"twitter:site\" content=\"@LandiousTours\" \/>\n<meta name=\"twitter:label1\" content=\"Szacowany czas czytania\" \/>\n\t<meta name=\"twitter:data1\" content=\"2 minuty\" \/>\n<script type=\"application\/ld+json\" class=\"yoast-schema-graph\">{\"@context\":\"https:\\\/\\\/schema.org\",\"@graph\":[{\"@type\":\"WebPage\",\"@id\":\"https:\\\/\\\/landioustravel.com\\\/pl\\\/shop\\\/obserwacja-gwiazd-szarm-el-szejk\\\/\",\"url\":\"https:\\\/\\\/landioustravel.com\\\/pl\\\/shop\\\/obserwacja-gwiazd-szarm-el-szejk\\\/\",\"name\":\"Obserwacja gwiazd w Szarm el-Szejk\",\"isPartOf\":{\"@id\":\"https:\\\/\\\/landioustravel.com\\\/pl\\\/#website\"},\"primaryImageOfPage\":{\"@id\":\"https:\\\/\\\/landioustravel.com\\\/pl\\\/shop\\\/obserwacja-gwiazd-szarm-el-szejk\\\/#primaryimage\"},\"image\":{\"@id\":\"https:\\\/\\\/landioustravel.com\\\/pl\\\/shop\\\/obserwacja-gwiazd-szarm-el-szejk\\\/#primaryimage\"},\"thumbnailUrl\":\"https:\\\/\\\/i0.wp.com\\\/landioustravel.com\\\/wp-content\\\/uploads\\\/2020\\\/10\\\/desert_stargazing-e1617567655534.jpg?fit=1200%2C675&ssl=1\",\"datePublished\":\"2020-12-09T17:05:14+00:00\",\"dateModified\":\"2024-09-21T12:06:52+00:00\",\"description\":\"Obserwacja gwiazd w Szarm el-Szejk Program tego pustynnego safari obejmuje przede wszystkim obserwacj\u0119 gwiazd, podczas kt\u00f3rej tury\u015bci mog\u0105 podziwia\u0107 gwiazdy\",\"breadcrumb\":{\"@id\":\"https:\\\/\\\/landioustravel.com\\\/pl\\\/shop\\\/obserwacja-gwiazd-szarm-el-szejk\\\/#breadcrumb\"},\"inLanguage\":\"pl-PL\",\"potentialAction\":[{\"@type\":\"ReadAction\",\"target\":[\"https:\\\/\\\/landioustravel.com\\\/pl\\\/shop\\\/obserwacja-gwiazd-szarm-el-szejk\\\/\"]}]},{\"@type\":\"ImageObject\",\"inLanguage\":\"pl-PL\",\"@id\":\"https:\\\/\\\/landioustravel.com\\\/pl\\\/shop\\\/obserwacja-gwiazd-szarm-el-szejk\\\/#primaryimage\",\"url\":\"https:\\\/\\\/i0.wp.com\\\/landioustravel.com\\\/wp-content\\\/uploads\\\/2020\\\/10\\\/desert_stargazing-e1617567655534.jpg?fit=1200%2C675&ssl=1\",\"contentUrl\":\"https:\\\/\\\/i0.wp.com\\\/landioustravel.com\\\/wp-content\\\/uploads\\\/2020\\\/10\\\/desert_stargazing-e1617567655534.jpg?fit=1200%2C675&ssl=1\",\"width\":1200,\"height\":675,\"caption\":\"\u0441\u043e\u0437\u0435\u0440\u0446\u0430\u043d\u0438\u0435 \u0437\u0432\u0435\u0437\u0434 \u0432 \u0428\u0430\u0440\u043c \u044d\u043b\u044c \u0428\u0435\u0439\u0445\u0435\"},{\"@type\":\"BreadcrumbList\",\"@id\":\"https:\\\/\\\/landioustravel.com\\\/pl\\\/shop\\\/obserwacja-gwiazd-szarm-el-szejk\\\/#breadcrumb\",\"itemListElement\":[{\"@type\":\"ListItem\",\"position\":1,\"name\":\"Home\",\"item\":\"https:\\\/\\\/landioustravel.com\\\/pl\\\/\"},{\"@type\":\"ListItem\",\"position\":2,\"name\":\"Us\u0142ugi i wycieczki\",\"item\":\"https:\\\/\\\/landioustravel.com\\\/pl\\\/\"},{\"@type\":\"ListItem\",\"position\":3,\"name\":\"Obserwacja gwiazd w Szarm el-Szejk\"}]},{\"@type\":\"WebSite\",\"@id\":\"https:\\\/\\\/landioustravel.com\\\/pl\\\/#website\",\"url\":\"https:\\\/\\\/landioustravel.com\\\/pl\\\/\",\"name\":\"Landious Travel\",\"description\":\"Excursions, trips and cruises in Egypt\",\"publisher\":{\"@id\":\"https:\\\/\\\/landioustravel.com\\\/pl\\\/#organization\"},\"potentialAction\":[{\"@type\":\"SearchAction\",\"target\":{\"@type\":\"EntryPoint\",\"urlTemplate\":\"https:\\\/\\\/landioustravel.com\\\/pl\\\/?s={search_term_string}\"},\"query-input\":{\"@type\":\"PropertyValueSpecification\",\"valueRequired\":true,\"valueName\":\"search_term_string\"}}],\"inLanguage\":\"pl-PL\"},{\"@type\":[\"Organization\",\"Place\"],\"@id\":\"https:\\\/\\\/landioustravel.com\\\/pl\\\/#organization\",\"name\":\"Landious Travel\",\"alternateName\":\"Landious Travel\",\"url\":\"https:\\\/\\\/landioustravel.com\\\/pl\\\/\",\"logo\":{\"@id\":\"https:\\\/\\\/landioustravel.com\\\/pl\\\/shop\\\/obserwacja-gwiazd-szarm-el-szejk\\\/#local-main-organization-logo\"},\"image\":{\"@id\":\"https:\\\/\\\/landioustravel.com\\\/pl\\\/shop\\\/obserwacja-gwiazd-szarm-el-szejk\\\/#local-main-organization-logo\"},\"sameAs\":[\"https:\\\/\\\/web.facebook.com\\\/landiousEgypt\",\"https:\\\/\\\/x.com\\\/LandiousTours\",\"https:\\\/\\\/mastodon.social\\\/@landious\"],\"legalName\":\"Landious Travel\",\"telephone\":[],\"openingHoursSpecification\":[{\"@type\":\"OpeningHoursSpecification\",\"dayOfWeek\":[\"Monday\",\"Tuesday\",\"Wednesday\",\"Thursday\",\"Friday\",\"Saturday\",\"Sunday\"],\"opens\":\"09:00\",\"closes\":\"17:00\"}]},{\"@type\":\"ImageObject\",\"inLanguage\":\"pl-PL\",\"@id\":\"https:\\\/\\\/landioustravel.com\\\/pl\\\/shop\\\/obserwacja-gwiazd-szarm-el-szejk\\\/#local-main-organization-logo\",\"url\":\"https:\\\/\\\/i0.wp.com\\\/landioustravel.com\\\/wp-content\\\/uploads\\\/2021\\\/06\\\/Landious-T.png?fit=500%2C500&ssl=1\",\"contentUrl\":\"https:\\\/\\\/i0.wp.com\\\/landioustravel.com\\\/wp-content\\\/uploads\\\/2021\\\/06\\\/Landious-T.png?fit=500%2C500&ssl=1\",\"width\":500,\"height\":500,\"caption\":\"Landious Travel\"}]}<\/script>\n<!-- \/ Yoast SEO Premium plugin. -->","yoast_head_json":{"title":"Obserwacja gwiazd w Szarm el-Szejk","description":"Obserwacja gwiazd w Szarm el-Szejk Program tego pustynnego safari obejmuje przede wszystkim obserwacj\u0119 gwiazd, podczas kt\u00f3rej tury\u015bci mog\u0105 podziwia\u0107 gwiazdy","robots":{"index":"index","follow":"follow","max-snippet":"max-snippet:-1","max-image-preview":"max-image-preview:large","max-video-preview":"max-video-preview:-1"},"canonical":"https:\/\/landioustravel.com\/pl\/shop\/obserwacja-gwiazd-szarm-el-szejk\/","og_locale":"pl_PL","og_type":"article","og_title":"Obserwacja gwiazd w Szarm el-Szejk","og_description":"Landious Travel","og_url":"https:\/\/landioustravel.com\/pl\/shop\/obserwacja-gwiazd-szarm-el-szejk\/","og_site_name":"Landious Travel","article_publisher":"https:\/\/web.facebook.com\/landiousEgypt","article_modified_time":"2024-09-21T12:06:52+00:00","og_image":[{"width":1200,"height":675,"url":"https:\/\/i0.wp.com\/landioustravel.com\/wp-content\/uploads\/2020\/10\/desert_stargazing-e1617567655534.jpg?fit=1200%2C675&ssl=1","type":"image\/jpeg"}],"twitter_card":"summary_large_image","twitter_site":"@LandiousTours","twitter_misc":{"Szacowany czas czytania":"2 minuty"},"schema":{"@context":"https:\/\/schema.org","@graph":[{"@type":"WebPage","@id":"https:\/\/landioustravel.com\/pl\/shop\/obserwacja-gwiazd-szarm-el-szejk\/","url":"https:\/\/landioustravel.com\/pl\/shop\/obserwacja-gwiazd-szarm-el-szejk\/","name":"Obserwacja gwiazd w Szarm el-Szejk","isPartOf":{"@id":"https:\/\/landioustravel.com\/pl\/#website"},"primaryImageOfPage":{"@id":"https:\/\/landioustravel.com\/pl\/shop\/obserwacja-gwiazd-szarm-el-szejk\/#primaryimage"},"image":{"@id":"https:\/\/landioustravel.com\/pl\/shop\/obserwacja-gwiazd-szarm-el-szejk\/#primaryimage"},"thumbnailUrl":"https:\/\/i0.wp.com\/landioustravel.com\/wp-content\/uploads\/2020\/10\/desert_stargazing-e1617567655534.jpg?fit=1200%2C675&ssl=1","datePublished":"2020-12-09T17:05:14+00:00","dateModified":"2024-09-21T12:06:52+00:00","description":"Obserwacja gwiazd w Szarm el-Szejk Program tego pustynnego safari obejmuje przede wszystkim obserwacj\u0119 gwiazd, podczas kt\u00f3rej tury\u015bci mog\u0105 podziwia\u0107 gwiazdy","breadcrumb":{"@id":"https:\/\/landioustravel.com\/pl\/shop\/obserwacja-gwiazd-szarm-el-szejk\/#breadcrumb"},"inLanguage":"pl-PL","potentialAction":[{"@type":"ReadAction","target":["https:\/\/landioustravel.com\/pl\/shop\/obserwacja-gwiazd-szarm-el-szejk\/"]}]},{"@type":"ImageObject","inLanguage":"pl-PL","@id":"https:\/\/landioustravel.com\/pl\/shop\/obserwacja-gwiazd-szarm-el-szejk\/#primaryimage","url":"https:\/\/i0.wp.com\/landioustravel.com\/wp-content\/uploads\/2020\/10\/desert_stargazing-e1617567655534.jpg?fit=1200%2C675&ssl=1","contentUrl":"https:\/\/i0.wp.com\/landioustravel.com\/wp-content\/uploads\/2020\/10\/desert_stargazing-e1617567655534.jpg?fit=1200%2C675&ssl=1","width":1200,"height":675,"caption":"\u0441\u043e\u0437\u0435\u0440\u0446\u0430\u043d\u0438\u0435 \u0437\u0432\u0435\u0437\u0434 \u0432 \u0428\u0430\u0440\u043c \u044d\u043b\u044c \u0428\u0435\u0439\u0445\u0435"},{"@type":"BreadcrumbList","@id":"https:\/\/landioustravel.com\/pl\/shop\/obserwacja-gwiazd-szarm-el-szejk\/#breadcrumb","itemListElement":[{"@type":"ListItem","position":1,"name":"Home","item":"https:\/\/landioustravel.com\/pl\/"},{"@type":"ListItem","position":2,"name":"Us\u0142ugi i wycieczki","item":"https:\/\/landioustravel.com\/pl\/"},{"@type":"ListItem","position":3,"name":"Obserwacja gwiazd w Szarm el-Szejk"}]},{"@type":"WebSite","@id":"https:\/\/landioustravel.com\/pl\/#website","url":"https:\/\/landioustravel.com\/pl\/","name":"Landious Travel","description":"Excursions, trips and cruises in Egypt","publisher":{"@id":"https:\/\/landioustravel.com\/pl\/#organization"},"potentialAction":[{"@type":"SearchAction","target":{"@type":"EntryPoint","urlTemplate":"https:\/\/landioustravel.com\/pl\/?s={search_term_string}"},"query-input":{"@type":"PropertyValueSpecification","valueRequired":true,"valueName":"search_term_string"}}],"inLanguage":"pl-PL"},{"@type":["Organization","Place"],"@id":"https:\/\/landioustravel.com\/pl\/#organization","name":"Landious Travel","alternateName":"Landious Travel","url":"https:\/\/landioustravel.com\/pl\/","logo":{"@id":"https:\/\/landioustravel.com\/pl\/shop\/obserwacja-gwiazd-szarm-el-szejk\/#local-main-organization-logo"},"image":{"@id":"https:\/\/landioustravel.com\/pl\/shop\/obserwacja-gwiazd-szarm-el-szejk\/#local-main-organization-logo"},"sameAs":["https:\/\/web.facebook.com\/landiousEgypt","https:\/\/x.com\/LandiousTours","https:\/\/mastodon.social\/@landious"],"legalName":"Landious Travel","telephone":[],"openingHoursSpecification":[{"@type":"OpeningHoursSpecification","dayOfWeek":["Monday","Tuesday","Wednesday","Thursday","Friday","Saturday","Sunday"],"opens":"09:00","closes":"17:00"}]},{"@type":"ImageObject","inLanguage":"pl-PL","@id":"https:\/\/landioustravel.com\/pl\/shop\/obserwacja-gwiazd-szarm-el-szejk\/#local-main-organization-logo","url":"https:\/\/i0.wp.com\/landioustravel.com\/wp-content\/uploads\/2021\/06\/Landious-T.png?fit=500%2C500&ssl=1","contentUrl":"https:\/\/i0.wp.com\/landioustravel.com\/wp-content\/uploads\/2021\/06\/Landious-T.png?fit=500%2C500&ssl=1","width":500,"height":500,"caption":"Landious Travel"}]}},"jetpack_publicize_connections":[],"uagb_featured_image_src":{"full":["https:\/\/i0.wp.com\/landioustravel.com\/wp-content\/uploads\/2020\/10\/desert_stargazing-e1617567655534.jpg?fit=1200%2C675&ssl=1",1200,675,false],"thumbnail":["https:\/\/i0.wp.com\/landioustravel.com\/wp-content\/uploads\/2020\/10\/desert_stargazing-e1617567655534.jpg?resize=150%2C150&ssl=1",150,150,true],"medium":["https:\/\/i0.wp.com\/landioustravel.com\/wp-content\/uploads\/2020\/10\/desert_stargazing-e1617567655534.jpg?fit=300%2C192&ssl=1",300,192,true],"medium_large":["https:\/\/i0.wp.com\/landioustravel.com\/wp-content\/uploads\/2020\/10\/desert_stargazing-e1617567655534.jpg?fit=768%2C490&ssl=1",768,490,true],"large":["https:\/\/i0.wp.com\/landioustravel.com\/wp-content\/uploads\/2020\/10\/desert_stargazing-e1617567655534.jpg?fit=980%2C626&ssl=1",980,626,true],"1536x1536":["https:\/\/i0.wp.com\/landioustravel.com\/wp-content\/uploads\/2020\/10\/desert_stargazing-e1617567655534.jpg?fit=1200%2C675&ssl=1",1200,675,true],"2048x2048":["https:\/\/i0.wp.com\/landioustravel.com\/wp-content\/uploads\/2020\/10\/desert_stargazing-e1617567655534.jpg?fit=1200%2C675&ssl=1",1200,675,true],"newspack-article-block-landscape-large":["https:\/\/i0.wp.com\/landioustravel.com\/wp-content\/uploads\/2020\/10\/desert_stargazing-e1617567655534.jpg?resize=1200%2C675&ssl=1",1200,850,true],"newspack-article-block-portrait-large":["https:\/\/i0.wp.com\/landioustravel.com\/wp-content\/uploads\/2020\/10\/desert_stargazing-e1617567655534.jpg?resize=900%2C675&ssl=1",900,766,true],"newspack-article-block-square-large":["https:\/\/i0.wp.com\/landioustravel.com\/wp-content\/uploads\/2020\/10\/desert_stargazing-e1617567655534.jpg?resize=1200%2C675&ssl=1",1200,850,true],"newspack-article-block-landscape-medium":["https:\/\/i0.wp.com\/landioustravel.com\/wp-content\/uploads\/2020\/10\/desert_stargazing-e1617567655534.jpg?resize=800%2C600&ssl=1",800,600,true],"newspack-article-block-portrait-medium":["https:\/\/i0.wp.com\/landioustravel.com\/wp-content\/uploads\/2020\/10\/desert_stargazing-e1617567655534.jpg?resize=600%2C675&ssl=1",600,766,true],"newspack-article-block-square-medium":["https:\/\/i0.wp.com\/landioustravel.com\/wp-content\/uploads\/2020\/10\/desert_stargazing-e1617567655534.jpg?resize=800%2C675&ssl=1",800,766,true],"newspack-article-block-landscape-intermediate":["https:\/\/i0.wp.com\/landioustravel.com\/wp-content\/uploads\/2020\/10\/desert_stargazing-e1617567655534.jpg?resize=600%2C450&ssl=1",600,450,true],"newspack-article-block-portrait-intermediate":["https:\/\/i0.wp.com\/landioustravel.com\/wp-content\/uploads\/2020\/10\/desert_stargazing-e1617567655534.jpg?resize=450%2C600&ssl=1",450,600,true],"newspack-article-block-square-intermediate":["https:\/\/i0.wp.com\/landioustravel.com\/wp-content\/uploads\/2020\/10\/desert_stargazing-e1617567655534.jpg?resize=600%2C600&ssl=1",600,600,true],"newspack-article-block-landscape-small":["https:\/\/i0.wp.com\/landioustravel.com\/wp-content\/uploads\/2020\/10\/desert_stargazing-e1617567655534.jpg?resize=400%2C300&ssl=1",400,300,true],"newspack-article-block-portrait-small":["https:\/\/i0.wp.com\/landioustravel.com\/wp-content\/uploads\/2020\/10\/desert_stargazing-e1617567655534.jpg?resize=300%2C400&ssl=1",300,400,true],"newspack-article-block-square-small":["https:\/\/i0.wp.com\/landioustravel.com\/wp-content\/uploads\/2020\/10\/desert_stargazing-e1617567655534.jpg?resize=400%2C400&ssl=1",400,400,true],"newspack-article-block-landscape-tiny":["https:\/\/i0.wp.com\/landioustravel.com\/wp-content\/uploads\/2020\/10\/desert_stargazing-e1617567655534.jpg?resize=200%2C150&ssl=1",200,150,true],"newspack-article-block-portrait-tiny":["https:\/\/i0.wp.com\/landioustravel.com\/wp-content\/uploads\/2020\/10\/desert_stargazing-e1617567655534.jpg?resize=150%2C200&ssl=1",150,200,true],"newspack-article-block-square-tiny":["https:\/\/i0.wp.com\/landioustravel.com\/wp-content\/uploads\/2020\/10\/desert_stargazing-e1617567655534.jpg?resize=200%2C200&ssl=1",200,200,true],"newspack-article-block-uncropped":["https:\/\/i0.wp.com\/landioustravel.com\/wp-content\/uploads\/2020\/10\/desert_stargazing-e1617567655534.jpg?fit=1200%2C766&ssl=1",1200,766,true],"woocommerce_thumbnail":["https:\/\/i0.wp.com\/landioustravel.com\/wp-content\/uploads\/2020\/10\/desert_stargazing-e1617567655534.jpg?resize=324%2C324&ssl=1",324,324,true],"woocommerce_single":["https:\/\/i0.wp.com\/landioustravel.com\/wp-content\/uploads\/2020\/10\/desert_stargazing-e1617567655534.jpg?fit=416%2C234&ssl=1",416,234,true],"woocommerce_gallery_thumbnail":["https:\/\/i0.wp.com\/landioustravel.com\/wp-content\/uploads\/2020\/10\/desert_stargazing-e1617567655534.jpg?resize=100%2C100&ssl=1",100,100,true]},"uagb_author_info":{"display_name":"Mofreh Landious","author_link":"https:\/\/landioustravel.com\/pl\/author\/"},"uagb_comment_info":2,"uagb_excerpt":"Czy jeste\u015b gotowy na niezapomniane wra\u017cenia w Sharm el Sheikh? Przygotuj si\u0119 na przygod\u0119 z obserwowaniem gwiazd jak \u017cadna inna! Program wycieczki obiecuje ekscytuj\u0105cy przystanek, podczas kt\u00f3rego b\u0119dziesz m\u00f3g\u0142 patrze\u0107 na gwiazdy za pomoc\u0105 gigantycznych teleskop\u00f3w znajduj\u0105cych si\u0119 na zapieraj\u0105cej dech w piersiach pustyni. Ale to nie wszystko - czeka na Ciebie r\u00f3wnie\u017c jazda na&hellip;","jetpack_sharing_enabled":true,"jetpack_likes_enabled":true,"amp_enabled":true,"_links":{"self":[{"href":"https:\/\/landioustravel.com\/pl\/wp-json\/wp\/v2\/product\/26188","targetHints":{"allow":["GET"]}}],"collection":[{"href":"https:\/\/landioustravel.com\/pl\/wp-json\/wp\/v2\/product"}],"about":[{"href":"https:\/\/landioustravel.com\/pl\/wp-json\/wp\/v2\/types\/product"}],"replies":[{"embeddable":true,"href":"https:\/\/landioustravel.com\/pl\/wp-json\/wp\/v2\/comments?post=26188"}],"wp:featuredmedia":[{"embeddable":true,"href":"https:\/\/landioustravel.com\/pl\/wp-json\/wp\/v2\/media\/24623"}],"wp:attachment":[{"href":"https:\/\/landioustravel.com\/pl\/wp-json\/wp\/v2\/media?parent=26188"}],"wp:term":[{"taxonomy":"product_brand","embeddable":true,"href":"https:\/\/landioustravel.com\/pl\/wp-json\/wp\/v2\/product_brand?post=26188"},{"taxonomy":"product_cat","embeddable":true,"href":"https:\/\/landioustravel.com\/pl\/wp-json\/wp\/v2\/product_cat?post=26188"},{"taxonomy":"product_tag","embeddable":true,"href":"https:\/\/landioustravel.com\/pl\/wp-json\/wp\/v2\/product_tag?post=26188"}],"curies":[{"name":"wp","href":"https:\/\/api.w.org\/{rel}","templated":true}]}}