{"id":2620,"date":"2018-11-17T21:49:32","date_gmt":"2018-11-17T19:49:32","guid":{"rendered":"https:\/\/landioustravel.com\/product\/wycieczka-lodzi-podwodnej-hurghadzie\/"},"modified":"2024-04-19T15:18:56","modified_gmt":"2024-04-19T13:18:56","slug":"wycieczka-lodzi-podwodnej-hurghadzie","status":"publish","type":"product","link":"https:\/\/landioustravel.com\/pl\/shop\/wycieczka-lodzi-podwodnej-hurghadzie\/","title":{"rendered":"Wycieczka na \u0142odzi podwodnej w Hurghadzie"},"content":{"rendered":"<p>Ciekawa wycieczka morska do \u0142odzi podwodnej &#8222;Sindbad&#8221; w Hurghadzie! Polecamy wycieczk\u0119, poniewa\u017c jest to jedyna opcja, aby zobaczy\u0107 pi\u0119kne korale i r\u00f3\u017cnorodne ryby na pok\u0142adzie \u0142odzi podwodnej podczas pobytu w Hurghadzie. Jak dobrze, pozwala cieszy\u0107 si\u0119 kr\u00f3tkim piknikiem \u0142odzi przez Morze Czerwone w bardzo pi\u0119knym miejscu w pobli\u017cu wyspy Giftun.<\/p>\n<h2>G\u0142\u00f3wne punkty programu wycieczki na \u0142odzi podwodnej<\/h2>\n<ul>\n<li>Piknik morski nad Morzem Read<\/li>\n<li>I ogl\u0105daj\u0105c podwodny \u015bwiat na pok\u0142adzie \u0142odzi podwodnej Sindbadzka<\/li>\n<\/ul>\n<h3>Program wycieczek do \u0142odzi podwodnej Sindbad w Hurghadzie<\/h3>\n<ul>\n<li>Odbi\u00f3r z hotelu oko\u0142o godziny 10:00<\/li>\n<li>Po podniesieniu wszystkich zakr\u0119t\u00f3w autobus jedzie do portu Droga do portu zajmuje oko\u0142o 20 minut<\/li>\n<li>Na pocz\u0105tku programu wycieczki b\u0119dziesz cieszy\u0107 si\u0119 piknikiem morskim przez Morze Czerwone. Ta sama \u0142\u00f3d\u017a zabierze ci\u0119 do \u0142odzi podwodnej. Tam zajmiesz miejsce na \u0142odzi podwodnej<\/li>\n<li>Nast\u0119pnie okr\u0119t podwodny schodzi na g\u0142\u0119boko\u015b\u0107 25 metr\u00f3w, aby zobaczy\u0107 ryby i koralowce. Ogl\u0105danie podwodnego \u015bwiata na pok\u0142adzie tego okr\u0119tu zabiera Ci ca\u0142\u0105 godzin\u0119<\/li>\n<\/ul>\n<h4>Co wliczone jest w cen\u0119 podr\u00f3\u017cy<\/h4>\n<ul>\n<li>Przejazd do portu i powr\u00f3t do hotelu<\/li>\n<\/ul>\n<h5>Co nie jest wliczone w cen\u0119 wycieczki<\/h5>\n<ul>\n<li>DVD wideo<\/li>\n<li>Photo CD<\/li>\n<\/ul>\n<h6>CO ZAWIERA\u0106 Z TOB\u0104 NA TOUR<\/h6>\n<ul>\n<li>Okulary s\u0142oneczne<\/li>\n<\/ul>\n<h6>DNI ORGANIZACJI WYCIECZKOWEJ<\/h6>\n<ul>\n<li>Codziennie od 10:00 do 14:00<\/li>\n<\/ul>\n","protected":false},"excerpt":{"rendered":"<p>Przygotuj si\u0119 na niesamowit\u0105 przygod\u0119 na \u0142odzi podwodnej Sindbad w Hurghadzie! B\u0119dziesz podr\u00f3\u017cowa\u0107 przez l\u015bni\u0105ce Morze Czerwone i b\u0119dziesz zachwycony wspania\u0142ymi rafami i \u017cywymi rybami na g\u0142\u0119boko\u015bci 25 metr\u00f3w. B\u0119dziesz suchy i wygodny przez ca\u0142y czas! A najlepsza cz\u0119\u015b\u0107?<\/p>\n<p>Gdy zejdziesz pod powierzchni\u0119 Morza Czerwonego, prze\u017cyjesz barwne i edukacyjne do\u015bwiadczenie, jak \u017cadne inne. Podziwiaj cudown\u0105 krain\u0119 koralowc\u00f3w i niesamowit\u0105 r\u00f3\u017cnorodno\u015b\u0107 ryb, kieruj\u0105c si\u0119 na g\u0142\u0119boko\u015b\u0107 do 20 metr\u00f3w. Cena wycieczki obejmuje transfery i bilet wst\u0119pu, wi\u0119c wystarczy usi\u0105\u015b\u0107 wygodnie i cieszy\u0107 si\u0119 jazd\u0105.<\/p>\n<p>\u0141\u00f3d\u017a podwodna Sindbad jest naprawd\u0119 niesamowita i nie mo\u017cna jej przegapi\u0107! Wybierzesz si\u0119 na wycieczk\u0119 \u0142odzi\u0105 do jedynej \u0142odzi podwodnej na Bliskim Wschodzie i zobaczysz podwodny \u015bwiat w zupe\u0142nie nowy spos\u00f3b. Z 44 miejscami dla pasa\u017cer\u00f3w i specjalnymi portalami do ogl\u0105dania poczujesz si\u0119 jak prawdziwy podwodny odkrywca. A dzi\u0119ki wzornictwu inspirowanemu wojskiem, Sindbad Submarine to \u015bwietna przeja\u017cd\u017cka!<\/p>\n<p>Podczas wycieczki odkryjesz zatopiony statek, rze\u017aby pokryte algami, a nawet skrzynie, w kt\u00f3rych kiedy\u015b mog\u0142y znajdowa\u0107 si\u0119 pirackie skarby. A podwodne \u017cycie po prostu zapiera dech w piersiach &#8211; zobaczysz tyle kolorowych ryb, \u017ce nie b\u0119dziesz wiedzia\u0142, gdzie najpierw spojrze\u0107!<\/p>\n<p>Przygotuj si\u0119 wi\u0119c na niezapomnian\u0105 podr\u00f3\u017c \u0142odzi\u0105 podwodn\u0105 Sindbad. To przygoda, kt\u00f3rej nigdy nie zapomnisz!<\/p>\n","protected":false},"featured_media":119513,"comment_status":"open","ping_status":"closed","template":"","meta":{"_coblocks_attr":"","_coblocks_dimensions":"","_coblocks_responsive_height":"","_coblocks_accordion_ie_support":"","_uag_custom_page_level_css":"","jetpack_publicize_message":"","jetpack_publicize_feature_enabled":true,"jetpack_social_post_already_shared":false,"jetpack_social_options":{"image_generator_settings":{"template":"highway","default_image_id":0,"font":"","enabled":false},"version":2},"_wpas_customize_per_network":false},"product_brand":[],"product_cat":[1949,1943],"product_tag":[1956,22821,1985,1961,1959,1986],"class_list":{"0":"post-2620","1":"product","2":"type-product","3":"status-publish","4":"has-post-thumbnail","6":"product_cat-wycieczki-morskie-hurghadzie","7":"product_cat-wycieczki-w-hurghadzie","8":"product_tag-hurghada-pl","9":"product_tag-morze","10":"product_tag-sindbad-okret-podwodny","11":"product_tag-wycieczka","12":"product_tag-wycieczki-lodzia","13":"product_tag-lodz-podwodna","14":"pa_age-dorosly","15":"pa_age-dziecko-1-4-lata","16":"pa_age-dziecko-5-11-lat","18":"first","19":"instock","20":"sale","21":"purchasable","22":"product-type-variable"},"yoast_head":"<!-- This site is optimized with the Yoast SEO Premium plugin v26.9 (Yoast SEO v27.5) - https:\/\/yoast.com\/product\/yoast-seo-premium-wordpress\/ -->\n<title>Wycieczka na \u0142odzi podwodnej w Hurghadzie<\/title>\n<meta name=\"description\" content=\"Wycieczka na \u0142odzi podwodnej w Hurghadzie zorganizujesz piknik morski przez Morze Czerwone i wspania\u0142y widok z tej 2-pok\u0142adowej \u0142odzi podwodnej\" \/>\n<meta name=\"robots\" content=\"index, follow, max-snippet:-1, max-image-preview:large, max-video-preview:-1\" \/>\n<link rel=\"canonical\" href=\"https:\/\/landioustravel.com\/pl\/shop\/wycieczka-lodzi-podwodnej-hurghadzie\/\" \/>\n<meta property=\"og:locale\" content=\"pl_PL\" \/>\n<meta property=\"og:type\" content=\"article\" \/>\n<meta property=\"og:title\" content=\"Wycieczka na \u0142odzi podwodnej w Hurghadzie\" \/>\n<meta property=\"og:description\" content=\"Landious Travel\" \/>\n<meta property=\"og:url\" content=\"https:\/\/landioustravel.com\/pl\/shop\/wycieczka-lodzi-podwodnej-hurghadzie\/\" \/>\n<meta property=\"og:site_name\" content=\"Landious Travel\" \/>\n<meta property=\"article:publisher\" content=\"https:\/\/web.facebook.com\/landiousEgypt\" \/>\n<meta property=\"article:modified_time\" content=\"2024-04-19T13:18:56+00:00\" \/>\n<meta property=\"og:image\" content=\"https:\/\/i0.wp.com\/landioustravel.com\/wp-content\/uploads\/2018\/11\/Submarine-Excursion-Hurghada.jpg?fit=720%2C480&ssl=1\" \/>\n\t<meta property=\"og:image:width\" content=\"720\" \/>\n\t<meta property=\"og:image:height\" content=\"480\" \/>\n\t<meta property=\"og:image:type\" content=\"image\/jpeg\" \/>\n<meta name=\"twitter:card\" content=\"summary_large_image\" \/>\n<meta name=\"twitter:site\" content=\"@LandiousTours\" \/>\n<meta name=\"twitter:label1\" content=\"Szacowany czas czytania\" \/>\n\t<meta name=\"twitter:data1\" content=\"2 minuty\" \/>\n<script type=\"application\/ld+json\" class=\"yoast-schema-graph\">{\"@context\":\"https:\\\/\\\/schema.org\",\"@graph\":[{\"@type\":\"WebPage\",\"@id\":\"https:\\\/\\\/landioustravel.com\\\/pl\\\/shop\\\/wycieczka-lodzi-podwodnej-hurghadzie\\\/\",\"url\":\"https:\\\/\\\/landioustravel.com\\\/pl\\\/shop\\\/wycieczka-lodzi-podwodnej-hurghadzie\\\/\",\"name\":\"Wycieczka na \u0142odzi podwodnej w Hurghadzie\",\"isPartOf\":{\"@id\":\"https:\\\/\\\/landioustravel.com\\\/pl\\\/#website\"},\"primaryImageOfPage\":{\"@id\":\"https:\\\/\\\/landioustravel.com\\\/pl\\\/shop\\\/wycieczka-lodzi-podwodnej-hurghadzie\\\/#primaryimage\"},\"image\":{\"@id\":\"https:\\\/\\\/landioustravel.com\\\/pl\\\/shop\\\/wycieczka-lodzi-podwodnej-hurghadzie\\\/#primaryimage\"},\"thumbnailUrl\":\"https:\\\/\\\/i0.wp.com\\\/landioustravel.com\\\/wp-content\\\/uploads\\\/2018\\\/11\\\/Submarine-Excursion-Hurghada.jpg?fit=720%2C480&ssl=1\",\"datePublished\":\"2018-11-17T19:49:32+00:00\",\"dateModified\":\"2024-04-19T13:18:56+00:00\",\"description\":\"Wycieczka na \u0142odzi podwodnej w Hurghadzie zorganizujesz piknik morski przez Morze Czerwone i wspania\u0142y widok z tej 2-pok\u0142adowej \u0142odzi podwodnej\",\"breadcrumb\":{\"@id\":\"https:\\\/\\\/landioustravel.com\\\/pl\\\/shop\\\/wycieczka-lodzi-podwodnej-hurghadzie\\\/#breadcrumb\"},\"inLanguage\":\"pl-PL\",\"potentialAction\":[{\"@type\":\"ReadAction\",\"target\":[\"https:\\\/\\\/landioustravel.com\\\/pl\\\/shop\\\/wycieczka-lodzi-podwodnej-hurghadzie\\\/\"]}]},{\"@type\":\"ImageObject\",\"inLanguage\":\"pl-PL\",\"@id\":\"https:\\\/\\\/landioustravel.com\\\/pl\\\/shop\\\/wycieczka-lodzi-podwodnej-hurghadzie\\\/#primaryimage\",\"url\":\"https:\\\/\\\/i0.wp.com\\\/landioustravel.com\\\/wp-content\\\/uploads\\\/2018\\\/11\\\/Submarine-Excursion-Hurghada.jpg?fit=720%2C480&ssl=1\",\"contentUrl\":\"https:\\\/\\\/i0.wp.com\\\/landioustravel.com\\\/wp-content\\\/uploads\\\/2018\\\/11\\\/Submarine-Excursion-Hurghada.jpg?fit=720%2C480&ssl=1\",\"width\":720,\"height\":480,\"caption\":\"Submarine Excursion Hurghada\"},{\"@type\":\"BreadcrumbList\",\"@id\":\"https:\\\/\\\/landioustravel.com\\\/pl\\\/shop\\\/wycieczka-lodzi-podwodnej-hurghadzie\\\/#breadcrumb\",\"itemListElement\":[{\"@type\":\"ListItem\",\"position\":1,\"name\":\"Home\",\"item\":\"https:\\\/\\\/landioustravel.com\\\/pl\\\/\"},{\"@type\":\"ListItem\",\"position\":2,\"name\":\"Us\u0142ugi i wycieczki\",\"item\":\"https:\\\/\\\/landioustravel.com\\\/pl\\\/\"},{\"@type\":\"ListItem\",\"position\":3,\"name\":\"Wycieczka na \u0142odzi podwodnej w Hurghadzie\"}]},{\"@type\":\"WebSite\",\"@id\":\"https:\\\/\\\/landioustravel.com\\\/pl\\\/#website\",\"url\":\"https:\\\/\\\/landioustravel.com\\\/pl\\\/\",\"name\":\"Landious Travel\",\"description\":\"Excursions, trips and cruises in Egypt\",\"publisher\":{\"@id\":\"https:\\\/\\\/landioustravel.com\\\/pl\\\/#organization\"},\"potentialAction\":[{\"@type\":\"SearchAction\",\"target\":{\"@type\":\"EntryPoint\",\"urlTemplate\":\"https:\\\/\\\/landioustravel.com\\\/pl\\\/?s={search_term_string}\"},\"query-input\":{\"@type\":\"PropertyValueSpecification\",\"valueRequired\":true,\"valueName\":\"search_term_string\"}}],\"inLanguage\":\"pl-PL\"},{\"@type\":[\"Organization\",\"Place\"],\"@id\":\"https:\\\/\\\/landioustravel.com\\\/pl\\\/#organization\",\"name\":\"Landious Travel\",\"alternateName\":\"Landious Travel\",\"url\":\"https:\\\/\\\/landioustravel.com\\\/pl\\\/\",\"logo\":{\"@id\":\"https:\\\/\\\/landioustravel.com\\\/pl\\\/shop\\\/wycieczka-lodzi-podwodnej-hurghadzie\\\/#local-main-organization-logo\"},\"image\":{\"@id\":\"https:\\\/\\\/landioustravel.com\\\/pl\\\/shop\\\/wycieczka-lodzi-podwodnej-hurghadzie\\\/#local-main-organization-logo\"},\"sameAs\":[\"https:\\\/\\\/web.facebook.com\\\/landiousEgypt\",\"https:\\\/\\\/x.com\\\/LandiousTours\",\"https:\\\/\\\/mastodon.social\\\/@landious\"],\"legalName\":\"Landious Travel\",\"telephone\":[],\"openingHoursSpecification\":[{\"@type\":\"OpeningHoursSpecification\",\"dayOfWeek\":[\"Monday\",\"Tuesday\",\"Wednesday\",\"Thursday\",\"Friday\",\"Saturday\",\"Sunday\"],\"opens\":\"09:00\",\"closes\":\"17:00\"}]},{\"@type\":\"ImageObject\",\"inLanguage\":\"pl-PL\",\"@id\":\"https:\\\/\\\/landioustravel.com\\\/pl\\\/shop\\\/wycieczka-lodzi-podwodnej-hurghadzie\\\/#local-main-organization-logo\",\"url\":\"https:\\\/\\\/i0.wp.com\\\/landioustravel.com\\\/wp-content\\\/uploads\\\/2021\\\/06\\\/Landious-T.png?fit=500%2C500&ssl=1\",\"contentUrl\":\"https:\\\/\\\/i0.wp.com\\\/landioustravel.com\\\/wp-content\\\/uploads\\\/2021\\\/06\\\/Landious-T.png?fit=500%2C500&ssl=1\",\"width\":500,\"height\":500,\"caption\":\"Landious Travel\"}]}<\/script>\n<!-- \/ Yoast SEO Premium plugin. -->","yoast_head_json":{"title":"Wycieczka na \u0142odzi podwodnej w Hurghadzie","description":"Wycieczka na \u0142odzi podwodnej w Hurghadzie zorganizujesz piknik morski przez Morze Czerwone i wspania\u0142y widok z tej 2-pok\u0142adowej \u0142odzi podwodnej","robots":{"index":"index","follow":"follow","max-snippet":"max-snippet:-1","max-image-preview":"max-image-preview:large","max-video-preview":"max-video-preview:-1"},"canonical":"https:\/\/landioustravel.com\/pl\/shop\/wycieczka-lodzi-podwodnej-hurghadzie\/","og_locale":"pl_PL","og_type":"article","og_title":"Wycieczka na \u0142odzi podwodnej w Hurghadzie","og_description":"Landious Travel","og_url":"https:\/\/landioustravel.com\/pl\/shop\/wycieczka-lodzi-podwodnej-hurghadzie\/","og_site_name":"Landious Travel","article_publisher":"https:\/\/web.facebook.com\/landiousEgypt","article_modified_time":"2024-04-19T13:18:56+00:00","og_image":[{"width":720,"height":480,"url":"https:\/\/i0.wp.com\/landioustravel.com\/wp-content\/uploads\/2018\/11\/Submarine-Excursion-Hurghada.jpg?fit=720%2C480&ssl=1","type":"image\/jpeg"}],"twitter_card":"summary_large_image","twitter_site":"@LandiousTours","twitter_misc":{"Szacowany czas czytania":"2 minuty"},"schema":{"@context":"https:\/\/schema.org","@graph":[{"@type":"WebPage","@id":"https:\/\/landioustravel.com\/pl\/shop\/wycieczka-lodzi-podwodnej-hurghadzie\/","url":"https:\/\/landioustravel.com\/pl\/shop\/wycieczka-lodzi-podwodnej-hurghadzie\/","name":"Wycieczka na \u0142odzi podwodnej w Hurghadzie","isPartOf":{"@id":"https:\/\/landioustravel.com\/pl\/#website"},"primaryImageOfPage":{"@id":"https:\/\/landioustravel.com\/pl\/shop\/wycieczka-lodzi-podwodnej-hurghadzie\/#primaryimage"},"image":{"@id":"https:\/\/landioustravel.com\/pl\/shop\/wycieczka-lodzi-podwodnej-hurghadzie\/#primaryimage"},"thumbnailUrl":"https:\/\/i0.wp.com\/landioustravel.com\/wp-content\/uploads\/2018\/11\/Submarine-Excursion-Hurghada.jpg?fit=720%2C480&ssl=1","datePublished":"2018-11-17T19:49:32+00:00","dateModified":"2024-04-19T13:18:56+00:00","description":"Wycieczka na \u0142odzi podwodnej w Hurghadzie zorganizujesz piknik morski przez Morze Czerwone i wspania\u0142y widok z tej 2-pok\u0142adowej \u0142odzi podwodnej","breadcrumb":{"@id":"https:\/\/landioustravel.com\/pl\/shop\/wycieczka-lodzi-podwodnej-hurghadzie\/#breadcrumb"},"inLanguage":"pl-PL","potentialAction":[{"@type":"ReadAction","target":["https:\/\/landioustravel.com\/pl\/shop\/wycieczka-lodzi-podwodnej-hurghadzie\/"]}]},{"@type":"ImageObject","inLanguage":"pl-PL","@id":"https:\/\/landioustravel.com\/pl\/shop\/wycieczka-lodzi-podwodnej-hurghadzie\/#primaryimage","url":"https:\/\/i0.wp.com\/landioustravel.com\/wp-content\/uploads\/2018\/11\/Submarine-Excursion-Hurghada.jpg?fit=720%2C480&ssl=1","contentUrl":"https:\/\/i0.wp.com\/landioustravel.com\/wp-content\/uploads\/2018\/11\/Submarine-Excursion-Hurghada.jpg?fit=720%2C480&ssl=1","width":720,"height":480,"caption":"Submarine Excursion Hurghada"},{"@type":"BreadcrumbList","@id":"https:\/\/landioustravel.com\/pl\/shop\/wycieczka-lodzi-podwodnej-hurghadzie\/#breadcrumb","itemListElement":[{"@type":"ListItem","position":1,"name":"Home","item":"https:\/\/landioustravel.com\/pl\/"},{"@type":"ListItem","position":2,"name":"Us\u0142ugi i wycieczki","item":"https:\/\/landioustravel.com\/pl\/"},{"@type":"ListItem","position":3,"name":"Wycieczka na \u0142odzi podwodnej w Hurghadzie"}]},{"@type":"WebSite","@id":"https:\/\/landioustravel.com\/pl\/#website","url":"https:\/\/landioustravel.com\/pl\/","name":"Landious Travel","description":"Excursions, trips and cruises in Egypt","publisher":{"@id":"https:\/\/landioustravel.com\/pl\/#organization"},"potentialAction":[{"@type":"SearchAction","target":{"@type":"EntryPoint","urlTemplate":"https:\/\/landioustravel.com\/pl\/?s={search_term_string}"},"query-input":{"@type":"PropertyValueSpecification","valueRequired":true,"valueName":"search_term_string"}}],"inLanguage":"pl-PL"},{"@type":["Organization","Place"],"@id":"https:\/\/landioustravel.com\/pl\/#organization","name":"Landious Travel","alternateName":"Landious Travel","url":"https:\/\/landioustravel.com\/pl\/","logo":{"@id":"https:\/\/landioustravel.com\/pl\/shop\/wycieczka-lodzi-podwodnej-hurghadzie\/#local-main-organization-logo"},"image":{"@id":"https:\/\/landioustravel.com\/pl\/shop\/wycieczka-lodzi-podwodnej-hurghadzie\/#local-main-organization-logo"},"sameAs":["https:\/\/web.facebook.com\/landiousEgypt","https:\/\/x.com\/LandiousTours","https:\/\/mastodon.social\/@landious"],"legalName":"Landious Travel","telephone":[],"openingHoursSpecification":[{"@type":"OpeningHoursSpecification","dayOfWeek":["Monday","Tuesday","Wednesday","Thursday","Friday","Saturday","Sunday"],"opens":"09:00","closes":"17:00"}]},{"@type":"ImageObject","inLanguage":"pl-PL","@id":"https:\/\/landioustravel.com\/pl\/shop\/wycieczka-lodzi-podwodnej-hurghadzie\/#local-main-organization-logo","url":"https:\/\/i0.wp.com\/landioustravel.com\/wp-content\/uploads\/2021\/06\/Landious-T.png?fit=500%2C500&ssl=1","contentUrl":"https:\/\/i0.wp.com\/landioustravel.com\/wp-content\/uploads\/2021\/06\/Landious-T.png?fit=500%2C500&ssl=1","width":500,"height":500,"caption":"Landious Travel"}]}},"jetpack_publicize_connections":[],"uagb_featured_image_src":{"full":["https:\/\/i0.wp.com\/landioustravel.com\/wp-content\/uploads\/2018\/11\/Submarine-Excursion-Hurghada.jpg?fit=720%2C480&ssl=1",720,480,false],"thumbnail":["https:\/\/i0.wp.com\/landioustravel.com\/wp-content\/uploads\/2018\/11\/Submarine-Excursion-Hurghada.jpg?resize=150%2C150&ssl=1",150,150,true],"medium":["https:\/\/i0.wp.com\/landioustravel.com\/wp-content\/uploads\/2018\/11\/Submarine-Excursion-Hurghada.jpg?fit=300%2C200&ssl=1",300,200,true],"medium_large":["https:\/\/i0.wp.com\/landioustravel.com\/wp-content\/uploads\/2018\/11\/Submarine-Excursion-Hurghada.jpg?fit=720%2C480&ssl=1",720,480,true],"large":["https:\/\/i0.wp.com\/landioustravel.com\/wp-content\/uploads\/2018\/11\/Submarine-Excursion-Hurghada.jpg?fit=720%2C480&ssl=1",720,480,true],"1536x1536":["https:\/\/i0.wp.com\/landioustravel.com\/wp-content\/uploads\/2018\/11\/Submarine-Excursion-Hurghada.jpg?fit=720%2C480&ssl=1",720,480,true],"2048x2048":["https:\/\/i0.wp.com\/landioustravel.com\/wp-content\/uploads\/2018\/11\/Submarine-Excursion-Hurghada.jpg?fit=720%2C480&ssl=1",720,480,true],"newspack-article-block-landscape-large":["https:\/\/i0.wp.com\/landioustravel.com\/wp-content\/uploads\/2018\/11\/Submarine-Excursion-Hurghada.jpg?resize=720%2C480&ssl=1",720,480,true],"newspack-article-block-portrait-large":["https:\/\/i0.wp.com\/landioustravel.com\/wp-content\/uploads\/2018\/11\/Submarine-Excursion-Hurghada.jpg?resize=720%2C480&ssl=1",720,480,true],"newspack-article-block-square-large":["https:\/\/i0.wp.com\/landioustravel.com\/wp-content\/uploads\/2018\/11\/Submarine-Excursion-Hurghada.jpg?resize=720%2C480&ssl=1",720,480,true],"newspack-article-block-landscape-medium":["https:\/\/i0.wp.com\/landioustravel.com\/wp-content\/uploads\/2018\/11\/Submarine-Excursion-Hurghada.jpg?resize=720%2C480&ssl=1",720,480,true],"newspack-article-block-portrait-medium":["https:\/\/i0.wp.com\/landioustravel.com\/wp-content\/uploads\/2018\/11\/Submarine-Excursion-Hurghada.jpg?resize=600%2C480&ssl=1",600,480,true],"newspack-article-block-square-medium":["https:\/\/i0.wp.com\/landioustravel.com\/wp-content\/uploads\/2018\/11\/Submarine-Excursion-Hurghada.jpg?resize=720%2C480&ssl=1",720,480,true],"newspack-article-block-landscape-intermediate":["https:\/\/i0.wp.com\/landioustravel.com\/wp-content\/uploads\/2018\/11\/Submarine-Excursion-Hurghada.jpg?resize=600%2C450&ssl=1",600,450,true],"newspack-article-block-portrait-intermediate":["https:\/\/i0.wp.com\/landioustravel.com\/wp-content\/uploads\/2018\/11\/Submarine-Excursion-Hurghada.jpg?resize=450%2C480&ssl=1",450,480,true],"newspack-article-block-square-intermediate":["https:\/\/i0.wp.com\/landioustravel.com\/wp-content\/uploads\/2018\/11\/Submarine-Excursion-Hurghada.jpg?resize=600%2C480&ssl=1",600,480,true],"newspack-article-block-landscape-small":["https:\/\/i0.wp.com\/landioustravel.com\/wp-content\/uploads\/2018\/11\/Submarine-Excursion-Hurghada.jpg?resize=400%2C300&ssl=1",400,300,true],"newspack-article-block-portrait-small":["https:\/\/i0.wp.com\/landioustravel.com\/wp-content\/uploads\/2018\/11\/Submarine-Excursion-Hurghada.jpg?resize=300%2C400&ssl=1",300,400,true],"newspack-article-block-square-small":["https:\/\/i0.wp.com\/landioustravel.com\/wp-content\/uploads\/2018\/11\/Submarine-Excursion-Hurghada.jpg?resize=400%2C400&ssl=1",400,400,true],"newspack-article-block-landscape-tiny":["https:\/\/i0.wp.com\/landioustravel.com\/wp-content\/uploads\/2018\/11\/Submarine-Excursion-Hurghada.jpg?resize=200%2C150&ssl=1",200,150,true],"newspack-article-block-portrait-tiny":["https:\/\/i0.wp.com\/landioustravel.com\/wp-content\/uploads\/2018\/11\/Submarine-Excursion-Hurghada.jpg?resize=150%2C200&ssl=1",150,200,true],"newspack-article-block-square-tiny":["https:\/\/i0.wp.com\/landioustravel.com\/wp-content\/uploads\/2018\/11\/Submarine-Excursion-Hurghada.jpg?resize=200%2C200&ssl=1",200,200,true],"newspack-article-block-uncropped":["https:\/\/i0.wp.com\/landioustravel.com\/wp-content\/uploads\/2018\/11\/Submarine-Excursion-Hurghada.jpg?fit=720%2C480&ssl=1",720,480,true],"woocommerce_thumbnail":["https:\/\/i0.wp.com\/landioustravel.com\/wp-content\/uploads\/2018\/11\/Submarine-Excursion-Hurghada.jpg?resize=324%2C324&ssl=1",324,324,true],"woocommerce_single":["https:\/\/i0.wp.com\/landioustravel.com\/wp-content\/uploads\/2018\/11\/Submarine-Excursion-Hurghada.jpg?fit=416%2C277&ssl=1",416,277,true],"woocommerce_gallery_thumbnail":["https:\/\/i0.wp.com\/landioustravel.com\/wp-content\/uploads\/2018\/11\/Submarine-Excursion-Hurghada.jpg?resize=100%2C100&ssl=1",100,100,true]},"uagb_author_info":{"display_name":"Mofreh Landious","author_link":"https:\/\/landioustravel.com\/pl\/author\/"},"uagb_comment_info":3,"uagb_excerpt":"Przygotuj si\u0119 na niesamowit\u0105 przygod\u0119 na \u0142odzi podwodnej Sindbad w Hurghadzie! B\u0119dziesz podr\u00f3\u017cowa\u0107 przez l\u015bni\u0105ce Morze Czerwone i b\u0119dziesz zachwycony wspania\u0142ymi rafami i \u017cywymi rybami na g\u0142\u0119boko\u015bci 25 metr\u00f3w. B\u0119dziesz suchy i wygodny przez ca\u0142y czas! A najlepsza cz\u0119\u015b\u0107? Gdy zejdziesz pod powierzchni\u0119 Morza Czerwonego, prze\u017cyjesz barwne i edukacyjne do\u015bwiadczenie, jak \u017cadne inne. Podziwiaj cudown\u0105&hellip;","jetpack_sharing_enabled":true,"jetpack_likes_enabled":true,"amp_enabled":true,"_links":{"self":[{"href":"https:\/\/landioustravel.com\/pl\/wp-json\/wp\/v2\/product\/2620","targetHints":{"allow":["GET"]}}],"collection":[{"href":"https:\/\/landioustravel.com\/pl\/wp-json\/wp\/v2\/product"}],"about":[{"href":"https:\/\/landioustravel.com\/pl\/wp-json\/wp\/v2\/types\/product"}],"replies":[{"embeddable":true,"href":"https:\/\/landioustravel.com\/pl\/wp-json\/wp\/v2\/comments?post=2620"}],"wp:featuredmedia":[{"embeddable":true,"href":"https:\/\/landioustravel.com\/pl\/wp-json\/wp\/v2\/media\/119513"}],"wp:attachment":[{"href":"https:\/\/landioustravel.com\/pl\/wp-json\/wp\/v2\/media?parent=2620"}],"wp:term":[{"taxonomy":"product_brand","embeddable":true,"href":"https:\/\/landioustravel.com\/pl\/wp-json\/wp\/v2\/product_brand?post=2620"},{"taxonomy":"product_cat","embeddable":true,"href":"https:\/\/landioustravel.com\/pl\/wp-json\/wp\/v2\/product_cat?post=2620"},{"taxonomy":"product_tag","embeddable":true,"href":"https:\/\/landioustravel.com\/pl\/wp-json\/wp\/v2\/product_tag?post=2620"}],"curies":[{"name":"wp","href":"https:\/\/api.w.org\/{rel}","templated":true}]}}