{"id":2627,"date":"2018-11-13T09:55:59","date_gmt":"2018-11-13T07:55:59","guid":{"rendered":"https:\/\/landioustravel.com\/product\/wycieczka-kairu-aleksandrii-hurghady\/"},"modified":"2024-09-04T20:14:00","modified_gmt":"2024-09-04T17:14:00","slug":"wycieczka-kairu-aleksandrii-hurghady","status":"publish","type":"product","link":"https:\/\/landioustravel.com\/pl\/shop\/wycieczka-kairu-aleksandrii-hurghady\/","title":{"rendered":"Wycieczka do Kairu-Aleksandrii z Hurghady"},"content":{"rendered":"<p>Intensywna wycieczka do Kairu-Aleksandrii z kurortu Hurghada! Polecamy wycieczk\u0119, poniewa\u017c pozwala turystom zobaczy\u0107 najbardziej imponuj\u0105ce zabytki w Egipcie. Te atrakcje znajduj\u0105 si\u0119 w trzech miastach &#8211; Kairu, Gizie i Aleksandrii. W miastach Kairu i Gizie mo\u017cna zobaczy\u0107 zabytki staro\u017cytnego Egiptu. Podczas pobytu w Aleksandrii mo\u017cna zobaczy\u0107 zabytki Cesarstwa Rzymskiego i czasy nowo\u017cytne. Wszystkie te wizyty pozwalaj\u0105 dowiedzie\u0107 si\u0119 wi\u0119cej o historii kraju i uzyska\u0107 wiele wy\u015bwietle\u0144.<\/p>\n<h2>G\u0142\u00f3wne punkty programu wycieczki do Kairu-Aleksandrii<\/h2>\n<h3>Program w Kairze:<\/h3>\n<ul>\n<li>Wizyta w Muzeum Egipskim w Kairze<\/li>\n<li>Trzy piramidy w Gizie<\/li>\n<li>I Wielki Sfinks w kompleksie piramid<\/li>\n<li>Hotel nocleg<\/li>\n<\/ul>\n<h3>Program w Aleksandrii:<\/h3>\n<ul>\n<li>Wizyta w parku Montazah i latarni morskiej w Aleksandrii<\/li>\n<li>Wizyta w Bibliotece Aleksandryjskiej<\/li>\n<li>Obiad w restauracji rybnej<\/li>\n<li>Cytadela Qaitbay i meczet Abu-Abbas<\/li>\n<li>Zwiedzanie rzymskiego amfiteatru<\/li>\n<\/ul>\n<h3>Program wycieczki do Kairu-Aleksandrii z Hurghady<\/h3>\n<ul>\n<li>Odbierzemy ci\u0119 z hotelu oko\u0142o godziny 02:00 rano<\/li>\n<li>Po zabraniu wszystkich ch\u0119tnych, autobus odje\u017cd\u017ca do Kairu. Po drodze autobus mija miasta Ras Gareb, Zaafarana, Ain Sohna i Suez. Wszystkie te miasta znajduj\u0105 si\u0119 na p\u00f3\u0142noc od Hurghady, na wybrze\u017cu Morza Czerwonego. Droga z centrum Hurghady do Kairu trwa oko\u0142o 6 godzin<\/li>\n<\/ul>\n<h4>Program pierwszego dnia w Kairze<\/h4>\n<ul>\n<li>Po przybyciu do Kairu pokazujemy Muzeum Egipskie. Tw\u00f3j przewodnik b\u0119dzie mia\u0142 takie zadanie, aby pokaza\u0107 wszystkie eksponaty i daje wolny czas na robienie zdj\u0119\u0107.<\/li>\n<li>Po wizycie w Muzeum Egipskim w Kairze, rozpoczynasz piknik \u0142odzi nad rzek\u0105 Nil. Jest to dodatkowy program, kt\u00f3ry nale\u017cy wcze\u015bniej zam\u00f3wi\u0107 przez nas! Jak tylko piknik \u0142odzi si\u0119 sko\u0144czy, udasz si\u0119 do innego miasta &#8211; Giza<\/li>\n<li>Podr\u00f3\u017c trwa nadal w Gizie. Pierwszy przystanek tam b\u0119dzie w restauracji. Oferuje on otwarty bufet<\/li>\n<li>Po obiedzie robisz zakupy przez kr\u00f3tki czas<\/li>\n<li>Nast\u0119pnie grupa udaje si\u0119 do kompleksu piramid, gdzie znajduj\u0105 si\u0119 takie wielkie piramidy i Sfinks. Tw\u00f3j przewodnik pokazuje je i daje ci wolny czas na zrobienie zdj\u0119cia<\/li>\n<li>Przed ko\u0144cem programu w Gizie tury\u015bci maj\u0105 czas na zakupy w perfumerii<\/li>\n<li>Nast\u0119pnie idziesz do hotelu, aby si\u0119 zameldowa\u0107 i sp\u0119dzi\u0107 noc<\/li>\n<li>Rano musisz uda\u0107 si\u0119 do Aleksandrii. Odbierzemy ci\u0119 z hotelu oko\u0142o godziny 03:00<\/li>\n<\/ul>\n<h4>Program drugiego dnia w Aleksandrii<\/h4>\n<ul>\n<li>Jak tylko przyb\u0119dziesz do Aleksandrii, poka\u017cemy ci park Montazah, gdzie znajduje si\u0119 pa\u0142ac kr\u00f3la Egiptu i latarnia morska Pharos<\/li>\n<li>Dalej, widzisz Bibliotek\u0119 Aleksandryjsk\u0105 i meczet Abu-Abbasa.<\/li>\n<li>Ponadto odwiedzasz Fortec\u0119 Qaitbay<\/li>\n<li>Po wizycie w forcie zjesz obiad w restauracji rybnej<\/li>\n<li>Wreszcie wracasz do Kairu i przenosisz si\u0119 do Hurghady<\/li>\n<\/ul>\n<h4>Co wliczone jest w cen\u0119 podr\u00f3\u017cy<\/h4>\n<ul>\n<li>Bilety na zwiedzanie \u015bwi\u0105ty\u0144<\/li>\n<li>Jedzenie (z wyj\u0105tkiem napoj\u00f3w)<\/li>\n<li>Przewodnik<\/li>\n<li>Przejazd do Kairu-Aleksandrii i powr\u00f3t do hotelu<\/li>\n<\/ul>\n<h5>Co nie jest wliczone w cen\u0119 podr\u00f3\u017cy<\/h5>\n<ul>\n<li>Dodatkowe programy wycieczek<\/li>\n<li>Napoje<\/li>\n<\/ul>\n<h6>Co zabra\u0107 na podr\u00f3\u017c<\/h6>\n<ul>\n<li>Pude\u0142ko \u015bniadaniowe<\/li>\n<li>Paszport<\/li>\n<li>Ubrania na sezon<\/li>\n<\/ul>\n<h6>DNI ORGANIZACJI WYCIECZKOWEJ<\/h6>\n<ul>\n<li>W niedziele: od 02:00 do 20:00<\/li>\n<\/ul>\n","protected":false},"excerpt":{"rendered":"<p>Mamy przyjemno\u015b\u0107 zaproponowa\u0107 Pa\u0144stwu dwudniow\u0105 wycieczk\u0119 do Kairu i Aleksandrii, gdzie mo\u017cna pozna\u0107 bogat\u0105 histori\u0119 Egiptu. Zabierzemy Ci\u0119 wygodnym autobusem z Hurghady, aby zobaczy\u0107 wspania\u0142e Piramidy w Gizie i Wielkiego Sfinksa. Po obiedzie pop\u0142yniemy \u0142odzi\u0105 po pi\u0119knym Nilu i zwiedzimy imponuj\u0105ce Muzeum Egipskie.<\/p>\n<p>Drugiego dnia pojedziemy do Aleksandrii, aby odwiedzi\u0107 ogrody pa\u0142acowe Montaza i fortec\u0119 Cytadela w Kite Bay. Zatrzymamy si\u0119 na lunch w uroczej restauracji rybnej i b\u0119dziemy cieszy\u0107 si\u0119 wycieczk\u0105 po mie\u015bcie. B\u0119dziesz mia\u0142 r\u00f3wnie\u017c okazj\u0119 zobaczy\u0107 rzymski amfiteatr, meczet Abu al-Abbas i s\u0142ynn\u0105 Bibliotek\u0119 Aleksandryjsk\u0105.<\/p>\n<p>Rozumiemy, \u017ce podr\u00f3\u017cowanie mo\u017ce by\u0107 m\u0119cz\u0105ce, dlatego zadbali\u015bmy o komfortowy pobyt w hotelu Movenpick Pyramids w Kairze, gdzie mo\u017cna si\u0119 zrelaksowa\u0107 i nabra\u0107 si\u0142. Nasz do\u015bwiadczony i kompetentny przewodnik b\u0119dzie Ci towarzyszy\u0142 podczas ca\u0142ej wycieczki, dostarczaj\u0105c fascynuj\u0105cych informacji na temat historii i kultury Egiptu.<\/p>\n<p>Pakiet obejmuje wszystkie op\u0142aty za wst\u0119p, dwa obiady w lokalnych restauracjach oraz wod\u0119 mineraln\u0105 i napoje bezalkoholowe na pok\u0142adzie pojazdu. Chcemy, aby\u015b mia\u0142 bezpieczn\u0105 i przyjemn\u0105 podr\u00f3\u017c, a my zajmiemy si\u0119 wszystkim innym. Dzi\u0119kujemy za wybranie nas na swojego partnera w podr\u00f3\u017cy.<\/p>\n","protected":false},"featured_media":2628,"comment_status":"open","ping_status":"closed","template":"","meta":{"_coblocks_attr":"","_coblocks_dimensions":"","_coblocks_responsive_height":"","_coblocks_accordion_ie_support":"","_uag_custom_page_level_css":"","jetpack_publicize_message":"","jetpack_publicize_feature_enabled":true,"jetpack_social_post_already_shared":false,"jetpack_social_options":{"image_generator_settings":{"template":"highway","default_image_id":0,"font":"","enabled":false},"version":2},"_wpas_customize_per_network":false},"product_brand":[],"product_cat":[1947,1943],"product_tag":[1967,1956,1964,1965,1966,1961,2146,9909],"class_list":{"0":"post-2627","1":"product","2":"type-product","3":"status-publish","4":"has-post-thumbnail","6":"product_cat-historyczne-wycieczki-hurghady","7":"product_cat-wycieczki-w-hurghadzie","8":"product_tag-aleksandria","9":"product_tag-hurghada-pl","10":"product_tag-kair","11":"product_tag-piramidy","12":"product_tag-sfinks","13":"product_tag-wycieczka","14":"product_tag-wycieczki-z-hurghady","15":"product_tag-zwiedzanie","16":"pa_age-dorosly","17":"pa_age-dziecko-1-4-lata","18":"pa_age-dziecko-5-11-lat","20":"first","21":"instock","22":"sale","23":"purchasable","24":"product-type-variable"},"yoast_head":"<!-- This site is optimized with the Yoast SEO Premium plugin v26.9 (Yoast SEO v27.5) - https:\/\/yoast.com\/product\/yoast-seo-premium-wordpress\/ -->\n<title>Wycieczka do Kairu-Aleksandrii z Hurghady<\/title>\n<meta name=\"description\" content=\"Wycieczka do Kairu-Aleksandrii z Hurghady prowadzi do piramid, Sfinksa, Muzeum Egipskie, pa\u0142ac kr\u00f3la Egiptu, twierdza Qaitbay, rzymski amfiteatr\" \/>\n<meta name=\"robots\" content=\"index, follow, max-snippet:-1, max-image-preview:large, max-video-preview:-1\" \/>\n<link rel=\"canonical\" href=\"https:\/\/landioustravel.com\/pl\/shop\/wycieczka-kairu-aleksandrii-hurghady\/\" \/>\n<meta property=\"og:locale\" content=\"pl_PL\" \/>\n<meta property=\"og:type\" content=\"article\" \/>\n<meta property=\"og:title\" content=\"Wycieczka do Kairu-Aleksandrii z Hurghady\" \/>\n<meta property=\"og:description\" content=\"Landious Travel\" \/>\n<meta property=\"og:url\" content=\"https:\/\/landioustravel.com\/pl\/shop\/wycieczka-kairu-aleksandrii-hurghady\/\" \/>\n<meta property=\"og:site_name\" content=\"Landious Travel\" \/>\n<meta property=\"article:publisher\" content=\"https:\/\/web.facebook.com\/landiousEgypt\" \/>\n<meta property=\"article:modified_time\" content=\"2024-09-04T17:14:00+00:00\" \/>\n<meta property=\"og:image\" content=\"https:\/\/i0.wp.com\/landioustravel.com\/wp-content\/uploads\/2019\/01\/Excursion_Cairo_Alexandria_from_Sharm_El_Sheikh-1-e1551833862799.jpg?fit=1200%2C674&ssl=1\" \/>\n\t<meta property=\"og:image:width\" content=\"1200\" \/>\n\t<meta property=\"og:image:height\" content=\"674\" \/>\n\t<meta property=\"og:image:type\" content=\"image\/jpeg\" \/>\n<meta name=\"twitter:card\" content=\"summary_large_image\" \/>\n<meta name=\"twitter:site\" content=\"@LandiousTours\" \/>\n<meta name=\"twitter:label1\" content=\"Szacowany czas czytania\" \/>\n\t<meta name=\"twitter:data1\" content=\"2 minuty\" \/>\n<script type=\"application\/ld+json\" class=\"yoast-schema-graph\">{\"@context\":\"https:\\\/\\\/schema.org\",\"@graph\":[{\"@type\":\"WebPage\",\"@id\":\"https:\\\/\\\/landioustravel.com\\\/pl\\\/shop\\\/wycieczka-kairu-aleksandrii-hurghady\\\/\",\"url\":\"https:\\\/\\\/landioustravel.com\\\/pl\\\/shop\\\/wycieczka-kairu-aleksandrii-hurghady\\\/\",\"name\":\"Wycieczka do Kairu-Aleksandrii z Hurghady\",\"isPartOf\":{\"@id\":\"https:\\\/\\\/landioustravel.com\\\/pl\\\/#website\"},\"primaryImageOfPage\":{\"@id\":\"https:\\\/\\\/landioustravel.com\\\/pl\\\/shop\\\/wycieczka-kairu-aleksandrii-hurghady\\\/#primaryimage\"},\"image\":{\"@id\":\"https:\\\/\\\/landioustravel.com\\\/pl\\\/shop\\\/wycieczka-kairu-aleksandrii-hurghady\\\/#primaryimage\"},\"thumbnailUrl\":\"https:\\\/\\\/i0.wp.com\\\/landioustravel.com\\\/wp-content\\\/uploads\\\/2019\\\/01\\\/Excursion_Cairo_Alexandria_from_Sharm_El_Sheikh-1-e1551833862799.jpg?fit=1200%2C674&ssl=1\",\"datePublished\":\"2018-11-13T07:55:59+00:00\",\"dateModified\":\"2024-09-04T17:14:00+00:00\",\"description\":\"Wycieczka do Kairu-Aleksandrii z Hurghady prowadzi do piramid, Sfinksa, Muzeum Egipskie, pa\u0142ac kr\u00f3la Egiptu, twierdza Qaitbay, rzymski amfiteatr\",\"breadcrumb\":{\"@id\":\"https:\\\/\\\/landioustravel.com\\\/pl\\\/shop\\\/wycieczka-kairu-aleksandrii-hurghady\\\/#breadcrumb\"},\"inLanguage\":\"pl-PL\",\"potentialAction\":[{\"@type\":\"ReadAction\",\"target\":[\"https:\\\/\\\/landioustravel.com\\\/pl\\\/shop\\\/wycieczka-kairu-aleksandrii-hurghady\\\/\"]}]},{\"@type\":\"ImageObject\",\"inLanguage\":\"pl-PL\",\"@id\":\"https:\\\/\\\/landioustravel.com\\\/pl\\\/shop\\\/wycieczka-kairu-aleksandrii-hurghady\\\/#primaryimage\",\"url\":\"https:\\\/\\\/i0.wp.com\\\/landioustravel.com\\\/wp-content\\\/uploads\\\/2019\\\/01\\\/Excursion_Cairo_Alexandria_from_Sharm_El_Sheikh-1-e1551833862799.jpg?fit=1200%2C674&ssl=1\",\"contentUrl\":\"https:\\\/\\\/i0.wp.com\\\/landioustravel.com\\\/wp-content\\\/uploads\\\/2019\\\/01\\\/Excursion_Cairo_Alexandria_from_Sharm_El_Sheikh-1-e1551833862799.jpg?fit=1200%2C674&ssl=1\",\"width\":1200,\"height\":674,\"caption\":\"Wycieczka do Kairu-Aleksandrii z Hurghady\"},{\"@type\":\"BreadcrumbList\",\"@id\":\"https:\\\/\\\/landioustravel.com\\\/pl\\\/shop\\\/wycieczka-kairu-aleksandrii-hurghady\\\/#breadcrumb\",\"itemListElement\":[{\"@type\":\"ListItem\",\"position\":1,\"name\":\"Home\",\"item\":\"https:\\\/\\\/landioustravel.com\\\/pl\\\/\"},{\"@type\":\"ListItem\",\"position\":2,\"name\":\"Us\u0142ugi i wycieczki\",\"item\":\"https:\\\/\\\/landioustravel.com\\\/pl\\\/\"},{\"@type\":\"ListItem\",\"position\":3,\"name\":\"Wycieczka do Kairu-Aleksandrii z Hurghady\"}]},{\"@type\":\"WebSite\",\"@id\":\"https:\\\/\\\/landioustravel.com\\\/pl\\\/#website\",\"url\":\"https:\\\/\\\/landioustravel.com\\\/pl\\\/\",\"name\":\"Landious Travel\",\"description\":\"Excursions, trips and cruises in Egypt\",\"publisher\":{\"@id\":\"https:\\\/\\\/landioustravel.com\\\/pl\\\/#organization\"},\"potentialAction\":[{\"@type\":\"SearchAction\",\"target\":{\"@type\":\"EntryPoint\",\"urlTemplate\":\"https:\\\/\\\/landioustravel.com\\\/pl\\\/?s={search_term_string}\"},\"query-input\":{\"@type\":\"PropertyValueSpecification\",\"valueRequired\":true,\"valueName\":\"search_term_string\"}}],\"inLanguage\":\"pl-PL\"},{\"@type\":[\"Organization\",\"Place\"],\"@id\":\"https:\\\/\\\/landioustravel.com\\\/pl\\\/#organization\",\"name\":\"Landious Travel\",\"alternateName\":\"Landious Travel\",\"url\":\"https:\\\/\\\/landioustravel.com\\\/pl\\\/\",\"logo\":{\"@id\":\"https:\\\/\\\/landioustravel.com\\\/pl\\\/shop\\\/wycieczka-kairu-aleksandrii-hurghady\\\/#local-main-organization-logo\"},\"image\":{\"@id\":\"https:\\\/\\\/landioustravel.com\\\/pl\\\/shop\\\/wycieczka-kairu-aleksandrii-hurghady\\\/#local-main-organization-logo\"},\"sameAs\":[\"https:\\\/\\\/web.facebook.com\\\/landiousEgypt\",\"https:\\\/\\\/x.com\\\/LandiousTours\",\"https:\\\/\\\/mastodon.social\\\/@landious\"],\"legalName\":\"Landious Travel\",\"telephone\":[],\"openingHoursSpecification\":[{\"@type\":\"OpeningHoursSpecification\",\"dayOfWeek\":[\"Monday\",\"Tuesday\",\"Wednesday\",\"Thursday\",\"Friday\",\"Saturday\",\"Sunday\"],\"opens\":\"09:00\",\"closes\":\"17:00\"}]},{\"@type\":\"ImageObject\",\"inLanguage\":\"pl-PL\",\"@id\":\"https:\\\/\\\/landioustravel.com\\\/pl\\\/shop\\\/wycieczka-kairu-aleksandrii-hurghady\\\/#local-main-organization-logo\",\"url\":\"https:\\\/\\\/i0.wp.com\\\/landioustravel.com\\\/wp-content\\\/uploads\\\/2021\\\/06\\\/Landious-T.png?fit=500%2C500&ssl=1\",\"contentUrl\":\"https:\\\/\\\/i0.wp.com\\\/landioustravel.com\\\/wp-content\\\/uploads\\\/2021\\\/06\\\/Landious-T.png?fit=500%2C500&ssl=1\",\"width\":500,\"height\":500,\"caption\":\"Landious Travel\"}]}<\/script>\n<!-- \/ Yoast SEO Premium plugin. -->","yoast_head_json":{"title":"Wycieczka do Kairu-Aleksandrii z Hurghady","description":"Wycieczka do Kairu-Aleksandrii z Hurghady prowadzi do piramid, Sfinksa, Muzeum Egipskie, pa\u0142ac kr\u00f3la Egiptu, twierdza Qaitbay, rzymski amfiteatr","robots":{"index":"index","follow":"follow","max-snippet":"max-snippet:-1","max-image-preview":"max-image-preview:large","max-video-preview":"max-video-preview:-1"},"canonical":"https:\/\/landioustravel.com\/pl\/shop\/wycieczka-kairu-aleksandrii-hurghady\/","og_locale":"pl_PL","og_type":"article","og_title":"Wycieczka do Kairu-Aleksandrii z Hurghady","og_description":"Landious Travel","og_url":"https:\/\/landioustravel.com\/pl\/shop\/wycieczka-kairu-aleksandrii-hurghady\/","og_site_name":"Landious Travel","article_publisher":"https:\/\/web.facebook.com\/landiousEgypt","article_modified_time":"2024-09-04T17:14:00+00:00","og_image":[{"width":1200,"height":674,"url":"https:\/\/i0.wp.com\/landioustravel.com\/wp-content\/uploads\/2019\/01\/Excursion_Cairo_Alexandria_from_Sharm_El_Sheikh-1-e1551833862799.jpg?fit=1200%2C674&ssl=1","type":"image\/jpeg"}],"twitter_card":"summary_large_image","twitter_site":"@LandiousTours","twitter_misc":{"Szacowany czas czytania":"2 minuty"},"schema":{"@context":"https:\/\/schema.org","@graph":[{"@type":"WebPage","@id":"https:\/\/landioustravel.com\/pl\/shop\/wycieczka-kairu-aleksandrii-hurghady\/","url":"https:\/\/landioustravel.com\/pl\/shop\/wycieczka-kairu-aleksandrii-hurghady\/","name":"Wycieczka do Kairu-Aleksandrii z Hurghady","isPartOf":{"@id":"https:\/\/landioustravel.com\/pl\/#website"},"primaryImageOfPage":{"@id":"https:\/\/landioustravel.com\/pl\/shop\/wycieczka-kairu-aleksandrii-hurghady\/#primaryimage"},"image":{"@id":"https:\/\/landioustravel.com\/pl\/shop\/wycieczka-kairu-aleksandrii-hurghady\/#primaryimage"},"thumbnailUrl":"https:\/\/i0.wp.com\/landioustravel.com\/wp-content\/uploads\/2019\/01\/Excursion_Cairo_Alexandria_from_Sharm_El_Sheikh-1-e1551833862799.jpg?fit=1200%2C674&ssl=1","datePublished":"2018-11-13T07:55:59+00:00","dateModified":"2024-09-04T17:14:00+00:00","description":"Wycieczka do Kairu-Aleksandrii z Hurghady prowadzi do piramid, Sfinksa, Muzeum Egipskie, pa\u0142ac kr\u00f3la Egiptu, twierdza Qaitbay, rzymski amfiteatr","breadcrumb":{"@id":"https:\/\/landioustravel.com\/pl\/shop\/wycieczka-kairu-aleksandrii-hurghady\/#breadcrumb"},"inLanguage":"pl-PL","potentialAction":[{"@type":"ReadAction","target":["https:\/\/landioustravel.com\/pl\/shop\/wycieczka-kairu-aleksandrii-hurghady\/"]}]},{"@type":"ImageObject","inLanguage":"pl-PL","@id":"https:\/\/landioustravel.com\/pl\/shop\/wycieczka-kairu-aleksandrii-hurghady\/#primaryimage","url":"https:\/\/i0.wp.com\/landioustravel.com\/wp-content\/uploads\/2019\/01\/Excursion_Cairo_Alexandria_from_Sharm_El_Sheikh-1-e1551833862799.jpg?fit=1200%2C674&ssl=1","contentUrl":"https:\/\/i0.wp.com\/landioustravel.com\/wp-content\/uploads\/2019\/01\/Excursion_Cairo_Alexandria_from_Sharm_El_Sheikh-1-e1551833862799.jpg?fit=1200%2C674&ssl=1","width":1200,"height":674,"caption":"Wycieczka do Kairu-Aleksandrii z Hurghady"},{"@type":"BreadcrumbList","@id":"https:\/\/landioustravel.com\/pl\/shop\/wycieczka-kairu-aleksandrii-hurghady\/#breadcrumb","itemListElement":[{"@type":"ListItem","position":1,"name":"Home","item":"https:\/\/landioustravel.com\/pl\/"},{"@type":"ListItem","position":2,"name":"Us\u0142ugi i wycieczki","item":"https:\/\/landioustravel.com\/pl\/"},{"@type":"ListItem","position":3,"name":"Wycieczka do Kairu-Aleksandrii z Hurghady"}]},{"@type":"WebSite","@id":"https:\/\/landioustravel.com\/pl\/#website","url":"https:\/\/landioustravel.com\/pl\/","name":"Landious Travel","description":"Excursions, trips and cruises in Egypt","publisher":{"@id":"https:\/\/landioustravel.com\/pl\/#organization"},"potentialAction":[{"@type":"SearchAction","target":{"@type":"EntryPoint","urlTemplate":"https:\/\/landioustravel.com\/pl\/?s={search_term_string}"},"query-input":{"@type":"PropertyValueSpecification","valueRequired":true,"valueName":"search_term_string"}}],"inLanguage":"pl-PL"},{"@type":["Organization","Place"],"@id":"https:\/\/landioustravel.com\/pl\/#organization","name":"Landious Travel","alternateName":"Landious Travel","url":"https:\/\/landioustravel.com\/pl\/","logo":{"@id":"https:\/\/landioustravel.com\/pl\/shop\/wycieczka-kairu-aleksandrii-hurghady\/#local-main-organization-logo"},"image":{"@id":"https:\/\/landioustravel.com\/pl\/shop\/wycieczka-kairu-aleksandrii-hurghady\/#local-main-organization-logo"},"sameAs":["https:\/\/web.facebook.com\/landiousEgypt","https:\/\/x.com\/LandiousTours","https:\/\/mastodon.social\/@landious"],"legalName":"Landious Travel","telephone":[],"openingHoursSpecification":[{"@type":"OpeningHoursSpecification","dayOfWeek":["Monday","Tuesday","Wednesday","Thursday","Friday","Saturday","Sunday"],"opens":"09:00","closes":"17:00"}]},{"@type":"ImageObject","inLanguage":"pl-PL","@id":"https:\/\/landioustravel.com\/pl\/shop\/wycieczka-kairu-aleksandrii-hurghady\/#local-main-organization-logo","url":"https:\/\/i0.wp.com\/landioustravel.com\/wp-content\/uploads\/2021\/06\/Landious-T.png?fit=500%2C500&ssl=1","contentUrl":"https:\/\/i0.wp.com\/landioustravel.com\/wp-content\/uploads\/2021\/06\/Landious-T.png?fit=500%2C500&ssl=1","width":500,"height":500,"caption":"Landious Travel"}]}},"jetpack_publicize_connections":[],"uagb_featured_image_src":{"full":["https:\/\/i0.wp.com\/landioustravel.com\/wp-content\/uploads\/2019\/01\/Excursion_Cairo_Alexandria_from_Sharm_El_Sheikh-1-e1551833862799.jpg?fit=1200%2C674&ssl=1",1200,674,false],"thumbnail":["https:\/\/i0.wp.com\/landioustravel.com\/wp-content\/uploads\/2019\/01\/Excursion_Cairo_Alexandria_from_Sharm_El_Sheikh-1-e1551833862799.jpg?resize=150%2C150&ssl=1",150,150,true],"medium":["https:\/\/i0.wp.com\/landioustravel.com\/wp-content\/uploads\/2019\/01\/Excursion_Cairo_Alexandria_from_Sharm_El_Sheikh-1-e1551833862799.jpg?fit=300%2C169&ssl=1",300,169,true],"medium_large":["https:\/\/i0.wp.com\/landioustravel.com\/wp-content\/uploads\/2019\/01\/Excursion_Cairo_Alexandria_from_Sharm_El_Sheikh-1-e1551833862799.jpg?fit=768%2C431&ssl=1",768,431,true],"large":["https:\/\/i0.wp.com\/landioustravel.com\/wp-content\/uploads\/2019\/01\/Excursion_Cairo_Alexandria_from_Sharm_El_Sheikh-1-e1551833862799.jpg?fit=980%2C550&ssl=1",980,550,true],"1536x1536":["https:\/\/i0.wp.com\/landioustravel.com\/wp-content\/uploads\/2019\/01\/Excursion_Cairo_Alexandria_from_Sharm_El_Sheikh-1-e1551833862799.jpg?fit=1200%2C674&ssl=1",1200,674,true],"2048x2048":["https:\/\/i0.wp.com\/landioustravel.com\/wp-content\/uploads\/2019\/01\/Excursion_Cairo_Alexandria_from_Sharm_El_Sheikh-1-e1551833862799.jpg?fit=1200%2C674&ssl=1",1200,674,true],"newspack-article-block-landscape-large":["https:\/\/i0.wp.com\/landioustravel.com\/wp-content\/uploads\/2019\/01\/Excursion_Cairo_Alexandria_from_Sharm_El_Sheikh-1-e1551833862799.jpg?resize=1200%2C674&ssl=1",1200,674,true],"newspack-article-block-portrait-large":["https:\/\/i0.wp.com\/landioustravel.com\/wp-content\/uploads\/2019\/01\/Excursion_Cairo_Alexandria_from_Sharm_El_Sheikh-1-e1551833862799.jpg?resize=900%2C674&ssl=1",900,674,true],"newspack-article-block-square-large":["https:\/\/i0.wp.com\/landioustravel.com\/wp-content\/uploads\/2019\/01\/Excursion_Cairo_Alexandria_from_Sharm_El_Sheikh-1-e1551833862799.jpg?resize=1200%2C674&ssl=1",1200,674,true],"newspack-article-block-landscape-medium":["https:\/\/i0.wp.com\/landioustravel.com\/wp-content\/uploads\/2019\/01\/Excursion_Cairo_Alexandria_from_Sharm_El_Sheikh-1-e1551833862799.jpg?resize=800%2C600&ssl=1",800,600,true],"newspack-article-block-portrait-medium":["https:\/\/i0.wp.com\/landioustravel.com\/wp-content\/uploads\/2019\/01\/Excursion_Cairo_Alexandria_from_Sharm_El_Sheikh-1-e1551833862799.jpg?resize=600%2C674&ssl=1",600,674,true],"newspack-article-block-square-medium":["https:\/\/i0.wp.com\/landioustravel.com\/wp-content\/uploads\/2019\/01\/Excursion_Cairo_Alexandria_from_Sharm_El_Sheikh-1-e1551833862799.jpg?resize=800%2C674&ssl=1",800,674,true],"newspack-article-block-landscape-intermediate":["https:\/\/i0.wp.com\/landioustravel.com\/wp-content\/uploads\/2019\/01\/Excursion_Cairo_Alexandria_from_Sharm_El_Sheikh-1-e1551833862799.jpg?resize=600%2C450&ssl=1",600,450,true],"newspack-article-block-portrait-intermediate":["https:\/\/i0.wp.com\/landioustravel.com\/wp-content\/uploads\/2019\/01\/Excursion_Cairo_Alexandria_from_Sharm_El_Sheikh-1-e1551833862799.jpg?resize=450%2C600&ssl=1",450,600,true],"newspack-article-block-square-intermediate":["https:\/\/i0.wp.com\/landioustravel.com\/wp-content\/uploads\/2019\/01\/Excursion_Cairo_Alexandria_from_Sharm_El_Sheikh-1-e1551833862799.jpg?resize=600%2C600&ssl=1",600,600,true],"newspack-article-block-landscape-small":["https:\/\/i0.wp.com\/landioustravel.com\/wp-content\/uploads\/2019\/01\/Excursion_Cairo_Alexandria_from_Sharm_El_Sheikh-1-e1551833862799.jpg?resize=400%2C300&ssl=1",400,300,true],"newspack-article-block-portrait-small":["https:\/\/i0.wp.com\/landioustravel.com\/wp-content\/uploads\/2019\/01\/Excursion_Cairo_Alexandria_from_Sharm_El_Sheikh-1-e1551833862799.jpg?resize=300%2C400&ssl=1",300,400,true],"newspack-article-block-square-small":["https:\/\/i0.wp.com\/landioustravel.com\/wp-content\/uploads\/2019\/01\/Excursion_Cairo_Alexandria_from_Sharm_El_Sheikh-1-e1551833862799.jpg?resize=400%2C400&ssl=1",400,400,true],"newspack-article-block-landscape-tiny":["https:\/\/i0.wp.com\/landioustravel.com\/wp-content\/uploads\/2019\/01\/Excursion_Cairo_Alexandria_from_Sharm_El_Sheikh-1-e1551833862799.jpg?resize=200%2C150&ssl=1",200,150,true],"newspack-article-block-portrait-tiny":["https:\/\/i0.wp.com\/landioustravel.com\/wp-content\/uploads\/2019\/01\/Excursion_Cairo_Alexandria_from_Sharm_El_Sheikh-1-e1551833862799.jpg?resize=150%2C200&ssl=1",150,200,true],"newspack-article-block-square-tiny":["https:\/\/i0.wp.com\/landioustravel.com\/wp-content\/uploads\/2019\/01\/Excursion_Cairo_Alexandria_from_Sharm_El_Sheikh-1-e1551833862799.jpg?resize=200%2C200&ssl=1",200,200,true],"newspack-article-block-uncropped":["https:\/\/i0.wp.com\/landioustravel.com\/wp-content\/uploads\/2019\/01\/Excursion_Cairo_Alexandria_from_Sharm_El_Sheikh-1-e1551833862799.jpg?fit=1200%2C674&ssl=1",1200,674,true],"woocommerce_thumbnail":["https:\/\/i0.wp.com\/landioustravel.com\/wp-content\/uploads\/2019\/01\/Excursion_Cairo_Alexandria_from_Sharm_El_Sheikh-1-e1551833862799.jpg?resize=324%2C324&ssl=1",324,324,true],"woocommerce_single":["https:\/\/i0.wp.com\/landioustravel.com\/wp-content\/uploads\/2019\/01\/Excursion_Cairo_Alexandria_from_Sharm_El_Sheikh-1-e1551833862799.jpg?fit=416%2C234&ssl=1",416,234,true],"woocommerce_gallery_thumbnail":["https:\/\/i0.wp.com\/landioustravel.com\/wp-content\/uploads\/2019\/01\/Excursion_Cairo_Alexandria_from_Sharm_El_Sheikh-1-e1551833862799.jpg?resize=100%2C100&ssl=1",100,100,true]},"uagb_author_info":{"display_name":"Mofreh Landious","author_link":"https:\/\/landioustravel.com\/pl\/author\/"},"uagb_comment_info":5,"uagb_excerpt":"Mamy przyjemno\u015b\u0107 zaproponowa\u0107 Pa\u0144stwu dwudniow\u0105 wycieczk\u0119 do Kairu i Aleksandrii, gdzie mo\u017cna pozna\u0107 bogat\u0105 histori\u0119 Egiptu. Zabierzemy Ci\u0119 wygodnym autobusem z Hurghady, aby zobaczy\u0107 wspania\u0142e Piramidy w Gizie i Wielkiego Sfinksa. Po obiedzie pop\u0142yniemy \u0142odzi\u0105 po pi\u0119knym Nilu i zwiedzimy imponuj\u0105ce Muzeum Egipskie. Drugiego dnia pojedziemy do Aleksandrii, aby odwiedzi\u0107 ogrody pa\u0142acowe Montaza i fortec\u0119&hellip;","jetpack_sharing_enabled":true,"jetpack_likes_enabled":true,"amp_enabled":true,"_links":{"self":[{"href":"https:\/\/landioustravel.com\/pl\/wp-json\/wp\/v2\/product\/2627","targetHints":{"allow":["GET"]}}],"collection":[{"href":"https:\/\/landioustravel.com\/pl\/wp-json\/wp\/v2\/product"}],"about":[{"href":"https:\/\/landioustravel.com\/pl\/wp-json\/wp\/v2\/types\/product"}],"replies":[{"embeddable":true,"href":"https:\/\/landioustravel.com\/pl\/wp-json\/wp\/v2\/comments?post=2627"}],"wp:featuredmedia":[{"embeddable":true,"href":"https:\/\/landioustravel.com\/pl\/wp-json\/wp\/v2\/media\/2628"}],"wp:attachment":[{"href":"https:\/\/landioustravel.com\/pl\/wp-json\/wp\/v2\/media?parent=2627"}],"wp:term":[{"taxonomy":"product_brand","embeddable":true,"href":"https:\/\/landioustravel.com\/pl\/wp-json\/wp\/v2\/product_brand?post=2627"},{"taxonomy":"product_cat","embeddable":true,"href":"https:\/\/landioustravel.com\/pl\/wp-json\/wp\/v2\/product_cat?post=2627"},{"taxonomy":"product_tag","embeddable":true,"href":"https:\/\/landioustravel.com\/pl\/wp-json\/wp\/v2\/product_tag?post=2627"}],"curies":[{"name":"wp","href":"https:\/\/api.w.org\/{rel}","templated":true}]}}