{"id":2629,"date":"2018-11-13T08:22:45","date_gmt":"2018-11-13T06:22:45","guid":{"rendered":"https:\/\/landioustravel.com\/product\/wycieczka-wyspe-giftun-hurghadzie\/"},"modified":"2025-10-01T20:20:48","modified_gmt":"2025-10-01T17:20:48","slug":"wycieczka-wyspe-giftun-hurghadzie","status":"publish","type":"product","link":"https:\/\/landioustravel.com\/pl\/shop\/wycieczka-wyspe-giftun-hurghadzie\/","title":{"rendered":"Wycieczka na wysp\u0119 Giftun w Hurghadzie"},"content":{"rendered":"<p>Wspania\u0142a wycieczka \u0142odzi\u0105 na wysp\u0119 Giftun w Hurghadzie! Polecamy wycieczk\u0119, poniewa\u017c pozwala turystom dobrze si\u0119 bawi\u0107 nad morzem! Wycieczka daje mo\u017cliwo\u015b\u0107 zobaczenia pi\u0119knych koralowc\u00f3w i r\u00f3\u017cnorodnych ryb. Nadal mo\u017cna cieszy\u0107 si\u0119 piknikiem morskim wzd\u0142u\u017c wybrze\u017ca Morza Czerwonego i l\u0105dowaniem na wyspie Giftun. Wyspa znajduje si\u0119 w pobli\u017cu wybrze\u017ca morskiego Read w Hurghadzie.<\/p>\n<h2>G\u0142\u00f3wne punkty programu wycieczki do wyspy Giftun<\/h2>\n<ul>\n<li>P\u0142ywanie dwa razy w otwartym morzu z jachtu<\/li>\n<li>Nurkowanie z maskami i p\u0142etwami na otwartym morzu<\/li>\n<li>jedzenie<\/li>\n<li>L\u0105dowanie na wyspie Giftun<\/li>\n<\/ul>\n<h3>Program wycieczek na wysp\u0119 Giftun w Hurghadzie<\/h3>\n<ul>\n<li>Odbi\u00f3r z hotelu oko\u0142o godziny 08:00<\/li>\n<li>Po zabraniu wszystkich ch\u0119tnych autobus jedzie do portu. Droga do portu zajmuje 30 minut<\/li>\n<li>W porcie znajdziesz sw\u00f3j jacht. Jest du\u017cy i szykowny! Jacht sk\u0142ada si\u0119 z dw\u00f3ch pi\u0119ter. Jak tylko dostaniesz si\u0119 do jachtu, musisz zdj\u0105\u0107 obuwie i wznie\u015b\u0107 si\u0119 na drugie pi\u0119tro, opalaj\u0105c si\u0119 na g\u00f3rnym pok\u0142adzie s\u0142onecznym<\/li>\n<li>Jacht przechodzi przez Morze Czerwone, gdy tylko grupa si\u0119 zgromadzi. I na pi\u0119knym morskim miejscu korali, zatrzymasz si\u0119 na otwartym morzu. Tam mo\u017cna p\u0142ywa\u0107 i nurkowa\u0107 z maskami i p\u0142etwami<\/li>\n<li>Nast\u0119pnie zabieramy ci\u0119 na wysp\u0119 Giftun na motor\u00f3wce<\/li>\n<li>Z samej wyspy b\u0119dzie mo\u017cna wej\u015b\u0107 do morza lub po prostu zanurzy\u0107 si\u0119 na mi\u0119kkim piasku pla\u017cy<\/li>\n<li>Po tym niesamowitym przystanku wracasz na jacht na lunch. W porze lunchu bufet b\u0119dzie otwarty<\/li>\n<li>Ponadto b\u0119dziesz mie\u0107 czas na p\u0142ywanie i nurkowanie z maskami i p\u0142etwami w innym miejscu nad morzem<\/li>\n<li>Ta wycieczka na wysp\u0119 Giftun ko\u0144czy si\u0119 oko\u0142o 16:30<\/li>\n<\/ul>\n<h4>Co wliczone jest w cen\u0119 podr\u00f3\u017cy<\/h4>\n<ul>\n<li>Maski i p\u0142etwy<\/li>\n<li>Jedzenie napoje<\/li>\n<li>Przejazd do portu i powr\u00f3t do hotelu<\/li>\n<\/ul>\n<h5>Co nie jest wliczone w cen\u0119 podr\u00f3\u017cy<\/h5>\n<ul>\n<li>DVD wideo<\/li>\n<li>Photo CD<\/li>\n<\/ul>\n<h6>Co zabra\u0107 ze sob\u0105 na wycieczk\u0119<\/h6>\n<ul>\n<li>R\u0119cznik<\/li>\n<li>Krem do opalania<\/li>\n<\/ul>\n<h6>DNI ORGANIZACJI WYCIECZKOWEJ<\/h6>\n<ul>\n<li>Codziennie od 08: 00-17: 0000<\/li>\n<\/ul>\n","protected":false},"excerpt":{"rendered":"<p>Zas\u0142ugujesz na troch\u0119 czasu na odpoczynek i relaks, a jaki jest lepszy spos\u00f3b na to ni\u017c wycieczka na wysp\u0119 Giftun w Hurghadzie? Po przybyciu na wysp\u0119 powitaj\u0105 Ci\u0119 z\u0142ote piaski i krystalicznie czysta woda, idealna do p\u0142ywania i robienia zapieraj\u0105cych dech w piersiach zdj\u0119\u0107. B\u0119dziesz mia\u0142 ca\u0142y dzie\u0144, aby rozkoszowa\u0107 si\u0119 s\u0142o\u0144cem i cieszy\u0107 si\u0119 spokojem Paradise Island. Aby dzie\u0144 by\u0142 jeszcze przyjemniejszy, lunch i napoje bezalkoholowe s\u0105 wliczone w cen\u0119 wycieczki.<\/p>\n<p>Ta ca\u0142odniowa wycieczka zajmie si\u0119 wszystkim, aby\u015b m\u00f3g\u0142 skupi\u0107 si\u0119 na jak najlepszym wykorzystaniu swojego czasu. B\u0119dziesz mia\u0142 okazj\u0119 do\u015bwiadczy\u0107 wielu wyst\u0119p\u00f3w kulturalnych, w tym ta\u0144ca brzucha i pokaz\u00f3w folklorystycznych, a wszystko to podczas odkrywania pi\u0119knych miejsc do nurkowania i korzystania z atrakcji wodnych, takich jak banany i sofy. Nie musisz si\u0119 martwi\u0107 o planowanie czegokolwiek &#8211; za\u0142atwili\u015bmy za Ciebie wszystkie formalno\u015bci, w tym transfery w obie strony do iz miejsca zakwaterowania w Hurghadzie.<\/p>\n<p>Po odebraniu z hotelu zostaniesz przeniesiony na \u0142\u00f3d\u017a zacumowan\u0105 na Morzu Czerwonym. Podczas rejsu w kierunku Paradise Island b\u0119dziesz mia\u0142 okazj\u0119 podziwia\u0107 wspania\u0142e podwodne rafy i pla\u017ce. Sp\u0119d\u017a dzie\u0144 na zwiedzaniu wyspy, nurkowaniu z rurk\u0105 i delektowaniu si\u0119 pysznym lunchem przygotowanym i serwowanym bezpo\u015brednio na \u0142odzi. Nast\u0119pnie udaj si\u0119 z powrotem do Morza Czerwonego, aby nurkowa\u0107 z rurk\u0105 i uprawia\u0107 sporty wodne, zanim zostaniesz przeniesiony z powrotem do hotelu.<\/p>\n<p>Rozumiemy, jak wa\u017cne jest oderwanie si\u0119 od zgie\u0142ku codzienno\u015bci i chcemy, aby Tw\u00f3j dzie\u0144 by\u0142 jak najbardziej bezstresowy i przyjemny. Dlatego zadbali\u015bmy o wszystkie szczeg\u00f3\u0142y za Ciebie, aby\u015b m\u00f3g\u0142 usi\u0105\u015b\u0107, zrelaksowa\u0107 si\u0119 i podziwia\u0107 pi\u0119kno wyspy Giftun.<\/p>\n","protected":false},"featured_media":2630,"comment_status":"open","ping_status":"closed","template":"","meta":{"_coblocks_attr":"","_coblocks_dimensions":"","_coblocks_responsive_height":"","_coblocks_accordion_ie_support":"","_uag_custom_page_level_css":"","jetpack_publicize_message":"","jetpack_publicize_feature_enabled":true,"jetpack_social_post_already_shared":false,"jetpack_social_options":{"image_generator_settings":{"template":"highway","default_image_id":0,"font":"","enabled":false},"version":2},"_wpas_customize_per_network":false},"product_brand":[],"product_cat":[1949,1943],"product_tag":[1956,22821,22823,2257,1961,1959,1974],"class_list":{"0":"post-2629","1":"product","2":"type-product","3":"status-publish","4":"has-post-thumbnail","6":"product_cat-wycieczki-morskie-hurghadzie","7":"product_cat-wycieczki-w-hurghadzie","8":"product_tag-hurghada-pl","9":"product_tag-morze","10":"product_tag-nurkowanie-z-rurka","11":"product_tag-paradzis-ilandz","12":"product_tag-wycieczka","13":"product_tag-wycieczki-lodzia","14":"product_tag-wyspa","16":"first","17":"instock","18":"sale","19":"virtual","20":"purchasable","21":"product-type-simple"},"yoast_head":"<!-- This site is optimized with the Yoast SEO Premium plugin v27.5 (Yoast SEO v27.5) - https:\/\/yoast.com\/product\/yoast-seo-premium-wordpress\/ -->\n<title>Wycieczka na wysp\u0119 Giftun w Hurghadzie<\/title>\n<meta name=\"description\" content=\"Wycieczka na wysp\u0119 Giftun w Hurghadzie zorganizujesz piknik nad Morzem Czerwonym, dwa przystanki na otwartym morzu i zej\u015bcie na wysp\u0119 w celu p\u0142ywania\" \/>\n<meta name=\"robots\" content=\"index, follow, max-snippet:-1, max-image-preview:large, max-video-preview:-1\" \/>\n<link rel=\"canonical\" href=\"https:\/\/landioustravel.com\/pl\/shop\/wycieczka-wyspe-giftun-hurghadzie\/\" \/>\n<meta property=\"og:locale\" content=\"pl_PL\" \/>\n<meta property=\"og:type\" content=\"article\" \/>\n<meta property=\"og:title\" content=\"Wycieczka na wysp\u0119 Giftun w Hurghadzie\" \/>\n<meta property=\"og:description\" content=\"Landious Travel\" \/>\n<meta property=\"og:url\" content=\"https:\/\/landioustravel.com\/pl\/shop\/wycieczka-wyspe-giftun-hurghadzie\/\" \/>\n<meta property=\"og:site_name\" content=\"Landious Travel\" \/>\n<meta property=\"article:publisher\" content=\"https:\/\/web.facebook.com\/landiousEgypt\" \/>\n<meta property=\"article:modified_time\" content=\"2025-10-01T17:20:48+00:00\" \/>\n<meta property=\"og:image\" content=\"https:\/\/i0.wp.com\/landioustravel.com\/wp-content\/uploads\/2019\/01\/Boat_trip_Giftun_island_in_Hurghada-e1551839736620.jpg?fit=1200%2C676&ssl=1\" \/>\n\t<meta property=\"og:image:width\" content=\"1200\" \/>\n\t<meta property=\"og:image:height\" content=\"676\" \/>\n\t<meta property=\"og:image:type\" content=\"image\/jpeg\" \/>\n<meta name=\"twitter:card\" content=\"summary_large_image\" \/>\n<meta name=\"twitter:site\" content=\"@LandiousTours\" \/>\n<meta name=\"twitter:label1\" content=\"Szacowany czas czytania\" \/>\n\t<meta name=\"twitter:data1\" content=\"2 minuty\" \/>\n<script type=\"application\/ld+json\" class=\"yoast-schema-graph\">{\"@context\":\"https:\\\/\\\/schema.org\",\"@graph\":[{\"@type\":\"WebPage\",\"@id\":\"https:\\\/\\\/landioustravel.com\\\/pl\\\/shop\\\/wycieczka-wyspe-giftun-hurghadzie\\\/\",\"url\":\"https:\\\/\\\/landioustravel.com\\\/pl\\\/shop\\\/wycieczka-wyspe-giftun-hurghadzie\\\/\",\"name\":\"Wycieczka na wysp\u0119 Giftun w Hurghadzie\",\"isPartOf\":{\"@id\":\"https:\\\/\\\/landioustravel.com\\\/pl\\\/#website\"},\"primaryImageOfPage\":{\"@id\":\"https:\\\/\\\/landioustravel.com\\\/pl\\\/shop\\\/wycieczka-wyspe-giftun-hurghadzie\\\/#primaryimage\"},\"image\":{\"@id\":\"https:\\\/\\\/landioustravel.com\\\/pl\\\/shop\\\/wycieczka-wyspe-giftun-hurghadzie\\\/#primaryimage\"},\"thumbnailUrl\":\"https:\\\/\\\/i0.wp.com\\\/landioustravel.com\\\/wp-content\\\/uploads\\\/2019\\\/01\\\/Boat_trip_Giftun_island_in_Hurghada-e1551839736620.jpg?fit=1200%2C676&ssl=1\",\"datePublished\":\"2018-11-13T06:22:45+00:00\",\"dateModified\":\"2025-10-01T17:20:48+00:00\",\"description\":\"Wycieczka na wysp\u0119 Giftun w Hurghadzie zorganizujesz piknik nad Morzem Czerwonym, dwa przystanki na otwartym morzu i zej\u015bcie na wysp\u0119 w celu p\u0142ywania\",\"breadcrumb\":{\"@id\":\"https:\\\/\\\/landioustravel.com\\\/pl\\\/shop\\\/wycieczka-wyspe-giftun-hurghadzie\\\/#breadcrumb\"},\"inLanguage\":\"pl-PL\",\"potentialAction\":[{\"@type\":\"ReadAction\",\"target\":[\"https:\\\/\\\/landioustravel.com\\\/pl\\\/shop\\\/wycieczka-wyspe-giftun-hurghadzie\\\/\"]}]},{\"@type\":\"ImageObject\",\"inLanguage\":\"pl-PL\",\"@id\":\"https:\\\/\\\/landioustravel.com\\\/pl\\\/shop\\\/wycieczka-wyspe-giftun-hurghadzie\\\/#primaryimage\",\"url\":\"https:\\\/\\\/i0.wp.com\\\/landioustravel.com\\\/wp-content\\\/uploads\\\/2019\\\/01\\\/Boat_trip_Giftun_island_in_Hurghada-e1551839736620.jpg?fit=1200%2C676&ssl=1\",\"contentUrl\":\"https:\\\/\\\/i0.wp.com\\\/landioustravel.com\\\/wp-content\\\/uploads\\\/2019\\\/01\\\/Boat_trip_Giftun_island_in_Hurghada-e1551839736620.jpg?fit=1200%2C676&ssl=1\",\"width\":1200,\"height\":676,\"caption\":\"Wycieczka na wysp\u0119 Giftun w Hurghadzie\"},{\"@type\":\"BreadcrumbList\",\"@id\":\"https:\\\/\\\/landioustravel.com\\\/pl\\\/shop\\\/wycieczka-wyspe-giftun-hurghadzie\\\/#breadcrumb\",\"itemListElement\":[{\"@type\":\"ListItem\",\"position\":1,\"name\":\"Home\",\"item\":\"https:\\\/\\\/landioustravel.com\\\/pl\\\/\"},{\"@type\":\"ListItem\",\"position\":2,\"name\":\"Us\u0142ugi i wycieczki\",\"item\":\"https:\\\/\\\/landioustravel.com\\\/pl\\\/\"},{\"@type\":\"ListItem\",\"position\":3,\"name\":\"Wycieczka na wysp\u0119 Giftun w Hurghadzie\"}]},{\"@type\":\"WebSite\",\"@id\":\"https:\\\/\\\/landioustravel.com\\\/pl\\\/#website\",\"url\":\"https:\\\/\\\/landioustravel.com\\\/pl\\\/\",\"name\":\"Landious Travel\",\"description\":\"Excursions, trips and cruises in Egypt\",\"publisher\":{\"@id\":\"https:\\\/\\\/landioustravel.com\\\/pl\\\/#organization\"},\"potentialAction\":[{\"@type\":\"SearchAction\",\"target\":{\"@type\":\"EntryPoint\",\"urlTemplate\":\"https:\\\/\\\/landioustravel.com\\\/pl\\\/?s={search_term_string}\"},\"query-input\":{\"@type\":\"PropertyValueSpecification\",\"valueRequired\":true,\"valueName\":\"search_term_string\"}}],\"inLanguage\":\"pl-PL\"},{\"@type\":[\"Organization\",\"Place\"],\"@id\":\"https:\\\/\\\/landioustravel.com\\\/pl\\\/#organization\",\"name\":\"Landious Travel\",\"alternateName\":\"Landious Travel\",\"url\":\"https:\\\/\\\/landioustravel.com\\\/pl\\\/\",\"logo\":{\"@id\":\"https:\\\/\\\/landioustravel.com\\\/pl\\\/shop\\\/wycieczka-wyspe-giftun-hurghadzie\\\/#local-main-organization-logo\"},\"image\":{\"@id\":\"https:\\\/\\\/landioustravel.com\\\/pl\\\/shop\\\/wycieczka-wyspe-giftun-hurghadzie\\\/#local-main-organization-logo\"},\"sameAs\":[\"https:\\\/\\\/web.facebook.com\\\/landiousEgypt\",\"https:\\\/\\\/x.com\\\/LandiousTours\",\"https:\\\/\\\/mastodon.social\\\/@landious\"],\"legalName\":\"Landious Travel\",\"telephone\":[],\"openingHoursSpecification\":[{\"@type\":\"OpeningHoursSpecification\",\"dayOfWeek\":[\"Monday\",\"Tuesday\",\"Wednesday\",\"Thursday\",\"Friday\",\"Saturday\",\"Sunday\"],\"opens\":\"09:00\",\"closes\":\"17:00\"}]},{\"@type\":\"ImageObject\",\"inLanguage\":\"pl-PL\",\"@id\":\"https:\\\/\\\/landioustravel.com\\\/pl\\\/shop\\\/wycieczka-wyspe-giftun-hurghadzie\\\/#local-main-organization-logo\",\"url\":\"https:\\\/\\\/i0.wp.com\\\/landioustravel.com\\\/wp-content\\\/uploads\\\/2021\\\/06\\\/Landious-T.png?fit=500%2C500&ssl=1\",\"contentUrl\":\"https:\\\/\\\/i0.wp.com\\\/landioustravel.com\\\/wp-content\\\/uploads\\\/2021\\\/06\\\/Landious-T.png?fit=500%2C500&ssl=1\",\"width\":500,\"height\":500,\"caption\":\"Landious Travel\"}]}<\/script>\n<!-- \/ Yoast SEO Premium plugin. -->","yoast_head_json":{"title":"Wycieczka na wysp\u0119 Giftun w Hurghadzie","description":"Wycieczka na wysp\u0119 Giftun w Hurghadzie zorganizujesz piknik nad Morzem Czerwonym, dwa przystanki na otwartym morzu i zej\u015bcie na wysp\u0119 w celu p\u0142ywania","robots":{"index":"index","follow":"follow","max-snippet":"max-snippet:-1","max-image-preview":"max-image-preview:large","max-video-preview":"max-video-preview:-1"},"canonical":"https:\/\/landioustravel.com\/pl\/shop\/wycieczka-wyspe-giftun-hurghadzie\/","og_locale":"pl_PL","og_type":"article","og_title":"Wycieczka na wysp\u0119 Giftun w Hurghadzie","og_description":"Landious Travel","og_url":"https:\/\/landioustravel.com\/pl\/shop\/wycieczka-wyspe-giftun-hurghadzie\/","og_site_name":"Landious Travel","article_publisher":"https:\/\/web.facebook.com\/landiousEgypt","article_modified_time":"2025-10-01T17:20:48+00:00","og_image":[{"width":1200,"height":676,"url":"https:\/\/i0.wp.com\/landioustravel.com\/wp-content\/uploads\/2019\/01\/Boat_trip_Giftun_island_in_Hurghada-e1551839736620.jpg?fit=1200%2C676&ssl=1","type":"image\/jpeg"}],"twitter_card":"summary_large_image","twitter_site":"@LandiousTours","twitter_misc":{"Szacowany czas czytania":"2 minuty"},"schema":{"@context":"https:\/\/schema.org","@graph":[{"@type":"WebPage","@id":"https:\/\/landioustravel.com\/pl\/shop\/wycieczka-wyspe-giftun-hurghadzie\/","url":"https:\/\/landioustravel.com\/pl\/shop\/wycieczka-wyspe-giftun-hurghadzie\/","name":"Wycieczka na wysp\u0119 Giftun w Hurghadzie","isPartOf":{"@id":"https:\/\/landioustravel.com\/pl\/#website"},"primaryImageOfPage":{"@id":"https:\/\/landioustravel.com\/pl\/shop\/wycieczka-wyspe-giftun-hurghadzie\/#primaryimage"},"image":{"@id":"https:\/\/landioustravel.com\/pl\/shop\/wycieczka-wyspe-giftun-hurghadzie\/#primaryimage"},"thumbnailUrl":"https:\/\/i0.wp.com\/landioustravel.com\/wp-content\/uploads\/2019\/01\/Boat_trip_Giftun_island_in_Hurghada-e1551839736620.jpg?fit=1200%2C676&ssl=1","datePublished":"2018-11-13T06:22:45+00:00","dateModified":"2025-10-01T17:20:48+00:00","description":"Wycieczka na wysp\u0119 Giftun w Hurghadzie zorganizujesz piknik nad Morzem Czerwonym, dwa przystanki na otwartym morzu i zej\u015bcie na wysp\u0119 w celu p\u0142ywania","breadcrumb":{"@id":"https:\/\/landioustravel.com\/pl\/shop\/wycieczka-wyspe-giftun-hurghadzie\/#breadcrumb"},"inLanguage":"pl-PL","potentialAction":[{"@type":"ReadAction","target":["https:\/\/landioustravel.com\/pl\/shop\/wycieczka-wyspe-giftun-hurghadzie\/"]}]},{"@type":"ImageObject","inLanguage":"pl-PL","@id":"https:\/\/landioustravel.com\/pl\/shop\/wycieczka-wyspe-giftun-hurghadzie\/#primaryimage","url":"https:\/\/i0.wp.com\/landioustravel.com\/wp-content\/uploads\/2019\/01\/Boat_trip_Giftun_island_in_Hurghada-e1551839736620.jpg?fit=1200%2C676&ssl=1","contentUrl":"https:\/\/i0.wp.com\/landioustravel.com\/wp-content\/uploads\/2019\/01\/Boat_trip_Giftun_island_in_Hurghada-e1551839736620.jpg?fit=1200%2C676&ssl=1","width":1200,"height":676,"caption":"Wycieczka na wysp\u0119 Giftun w Hurghadzie"},{"@type":"BreadcrumbList","@id":"https:\/\/landioustravel.com\/pl\/shop\/wycieczka-wyspe-giftun-hurghadzie\/#breadcrumb","itemListElement":[{"@type":"ListItem","position":1,"name":"Home","item":"https:\/\/landioustravel.com\/pl\/"},{"@type":"ListItem","position":2,"name":"Us\u0142ugi i wycieczki","item":"https:\/\/landioustravel.com\/pl\/"},{"@type":"ListItem","position":3,"name":"Wycieczka na wysp\u0119 Giftun w Hurghadzie"}]},{"@type":"WebSite","@id":"https:\/\/landioustravel.com\/pl\/#website","url":"https:\/\/landioustravel.com\/pl\/","name":"Landious Travel","description":"Excursions, trips and cruises in Egypt","publisher":{"@id":"https:\/\/landioustravel.com\/pl\/#organization"},"potentialAction":[{"@type":"SearchAction","target":{"@type":"EntryPoint","urlTemplate":"https:\/\/landioustravel.com\/pl\/?s={search_term_string}"},"query-input":{"@type":"PropertyValueSpecification","valueRequired":true,"valueName":"search_term_string"}}],"inLanguage":"pl-PL"},{"@type":["Organization","Place"],"@id":"https:\/\/landioustravel.com\/pl\/#organization","name":"Landious Travel","alternateName":"Landious Travel","url":"https:\/\/landioustravel.com\/pl\/","logo":{"@id":"https:\/\/landioustravel.com\/pl\/shop\/wycieczka-wyspe-giftun-hurghadzie\/#local-main-organization-logo"},"image":{"@id":"https:\/\/landioustravel.com\/pl\/shop\/wycieczka-wyspe-giftun-hurghadzie\/#local-main-organization-logo"},"sameAs":["https:\/\/web.facebook.com\/landiousEgypt","https:\/\/x.com\/LandiousTours","https:\/\/mastodon.social\/@landious"],"legalName":"Landious Travel","telephone":[],"openingHoursSpecification":[{"@type":"OpeningHoursSpecification","dayOfWeek":["Monday","Tuesday","Wednesday","Thursday","Friday","Saturday","Sunday"],"opens":"09:00","closes":"17:00"}]},{"@type":"ImageObject","inLanguage":"pl-PL","@id":"https:\/\/landioustravel.com\/pl\/shop\/wycieczka-wyspe-giftun-hurghadzie\/#local-main-organization-logo","url":"https:\/\/i0.wp.com\/landioustravel.com\/wp-content\/uploads\/2021\/06\/Landious-T.png?fit=500%2C500&ssl=1","contentUrl":"https:\/\/i0.wp.com\/landioustravel.com\/wp-content\/uploads\/2021\/06\/Landious-T.png?fit=500%2C500&ssl=1","width":500,"height":500,"caption":"Landious Travel"}]}},"jetpack_publicize_connections":[],"uagb_featured_image_src":{"full":["https:\/\/i0.wp.com\/landioustravel.com\/wp-content\/uploads\/2019\/01\/Boat_trip_Giftun_island_in_Hurghada-e1551839736620.jpg?fit=1200%2C676&ssl=1",1200,676,false],"thumbnail":["https:\/\/i0.wp.com\/landioustravel.com\/wp-content\/uploads\/2019\/01\/Boat_trip_Giftun_island_in_Hurghada-e1551839736620.jpg?resize=150%2C150&ssl=1",150,150,true],"medium":["https:\/\/i0.wp.com\/landioustravel.com\/wp-content\/uploads\/2019\/01\/Boat_trip_Giftun_island_in_Hurghada-e1551839736620.jpg?fit=300%2C169&ssl=1",300,169,true],"medium_large":["https:\/\/i0.wp.com\/landioustravel.com\/wp-content\/uploads\/2019\/01\/Boat_trip_Giftun_island_in_Hurghada-e1551839736620.jpg?fit=768%2C433&ssl=1",768,433,true],"large":["https:\/\/i0.wp.com\/landioustravel.com\/wp-content\/uploads\/2019\/01\/Boat_trip_Giftun_island_in_Hurghada-e1551839736620.jpg?fit=980%2C552&ssl=1",980,552,true],"1536x1536":["https:\/\/i0.wp.com\/landioustravel.com\/wp-content\/uploads\/2019\/01\/Boat_trip_Giftun_island_in_Hurghada-e1551839736620.jpg?fit=1200%2C676&ssl=1",1200,676,true],"2048x2048":["https:\/\/i0.wp.com\/landioustravel.com\/wp-content\/uploads\/2019\/01\/Boat_trip_Giftun_island_in_Hurghada-e1551839736620.jpg?fit=1200%2C676&ssl=1",1200,676,true],"newspack-article-block-landscape-large":["https:\/\/i0.wp.com\/landioustravel.com\/wp-content\/uploads\/2019\/01\/Boat_trip_Giftun_island_in_Hurghada-e1551839736620.jpg?resize=1200%2C676&ssl=1",1200,676,true],"newspack-article-block-portrait-large":["https:\/\/i0.wp.com\/landioustravel.com\/wp-content\/uploads\/2019\/01\/Boat_trip_Giftun_island_in_Hurghada-e1551839736620.jpg?resize=900%2C676&ssl=1",900,676,true],"newspack-article-block-square-large":["https:\/\/i0.wp.com\/landioustravel.com\/wp-content\/uploads\/2019\/01\/Boat_trip_Giftun_island_in_Hurghada-e1551839736620.jpg?resize=1200%2C676&ssl=1",1200,676,true],"newspack-article-block-landscape-medium":["https:\/\/i0.wp.com\/landioustravel.com\/wp-content\/uploads\/2019\/01\/Boat_trip_Giftun_island_in_Hurghada-e1551839736620.jpg?resize=800%2C600&ssl=1",800,600,true],"newspack-article-block-portrait-medium":["https:\/\/i0.wp.com\/landioustravel.com\/wp-content\/uploads\/2019\/01\/Boat_trip_Giftun_island_in_Hurghada-e1551839736620.jpg?resize=600%2C676&ssl=1",600,676,true],"newspack-article-block-square-medium":["https:\/\/i0.wp.com\/landioustravel.com\/wp-content\/uploads\/2019\/01\/Boat_trip_Giftun_island_in_Hurghada-e1551839736620.jpg?resize=800%2C676&ssl=1",800,676,true],"newspack-article-block-landscape-intermediate":["https:\/\/i0.wp.com\/landioustravel.com\/wp-content\/uploads\/2019\/01\/Boat_trip_Giftun_island_in_Hurghada-e1551839736620.jpg?resize=600%2C450&ssl=1",600,450,true],"newspack-article-block-portrait-intermediate":["https:\/\/i0.wp.com\/landioustravel.com\/wp-content\/uploads\/2019\/01\/Boat_trip_Giftun_island_in_Hurghada-e1551839736620.jpg?resize=450%2C600&ssl=1",450,600,true],"newspack-article-block-square-intermediate":["https:\/\/i0.wp.com\/landioustravel.com\/wp-content\/uploads\/2019\/01\/Boat_trip_Giftun_island_in_Hurghada-e1551839736620.jpg?resize=600%2C600&ssl=1",600,600,true],"newspack-article-block-landscape-small":["https:\/\/i0.wp.com\/landioustravel.com\/wp-content\/uploads\/2019\/01\/Boat_trip_Giftun_island_in_Hurghada-e1551839736620.jpg?resize=400%2C300&ssl=1",400,300,true],"newspack-article-block-portrait-small":["https:\/\/i0.wp.com\/landioustravel.com\/wp-content\/uploads\/2019\/01\/Boat_trip_Giftun_island_in_Hurghada-e1551839736620.jpg?resize=300%2C400&ssl=1",300,400,true],"newspack-article-block-square-small":["https:\/\/i0.wp.com\/landioustravel.com\/wp-content\/uploads\/2019\/01\/Boat_trip_Giftun_island_in_Hurghada-e1551839736620.jpg?resize=400%2C400&ssl=1",400,400,true],"newspack-article-block-landscape-tiny":["https:\/\/i0.wp.com\/landioustravel.com\/wp-content\/uploads\/2019\/01\/Boat_trip_Giftun_island_in_Hurghada-e1551839736620.jpg?resize=200%2C150&ssl=1",200,150,true],"newspack-article-block-portrait-tiny":["https:\/\/i0.wp.com\/landioustravel.com\/wp-content\/uploads\/2019\/01\/Boat_trip_Giftun_island_in_Hurghada-e1551839736620.jpg?resize=150%2C200&ssl=1",150,200,true],"newspack-article-block-square-tiny":["https:\/\/i0.wp.com\/landioustravel.com\/wp-content\/uploads\/2019\/01\/Boat_trip_Giftun_island_in_Hurghada-e1551839736620.jpg?resize=200%2C200&ssl=1",200,200,true],"newspack-article-block-uncropped":["https:\/\/i0.wp.com\/landioustravel.com\/wp-content\/uploads\/2019\/01\/Boat_trip_Giftun_island_in_Hurghada-e1551839736620.jpg?fit=1200%2C676&ssl=1",1200,676,true],"woocommerce_thumbnail":["https:\/\/i0.wp.com\/landioustravel.com\/wp-content\/uploads\/2019\/01\/Boat_trip_Giftun_island_in_Hurghada-e1551839736620.jpg?resize=324%2C324&ssl=1",324,324,true],"woocommerce_single":["https:\/\/i0.wp.com\/landioustravel.com\/wp-content\/uploads\/2019\/01\/Boat_trip_Giftun_island_in_Hurghada-e1551839736620.jpg?fit=416%2C234&ssl=1",416,234,true],"woocommerce_gallery_thumbnail":["https:\/\/i0.wp.com\/landioustravel.com\/wp-content\/uploads\/2019\/01\/Boat_trip_Giftun_island_in_Hurghada-e1551839736620.jpg?resize=100%2C100&ssl=1",100,100,true]},"uagb_author_info":{"display_name":"Mofreh Landious","author_link":"https:\/\/landioustravel.com\/pl\/author\/"},"uagb_comment_info":7,"uagb_excerpt":"Zas\u0142ugujesz na troch\u0119 czasu na odpoczynek i relaks, a jaki jest lepszy spos\u00f3b na to ni\u017c wycieczka na wysp\u0119 Giftun w Hurghadzie? Po przybyciu na wysp\u0119 powitaj\u0105 Ci\u0119 z\u0142ote piaski i krystalicznie czysta woda, idealna do p\u0142ywania i robienia zapieraj\u0105cych dech w piersiach zdj\u0119\u0107. B\u0119dziesz mia\u0142 ca\u0142y dzie\u0144, aby rozkoszowa\u0107 si\u0119 s\u0142o\u0144cem i cieszy\u0107 si\u0119&hellip;","jetpack_sharing_enabled":true,"jetpack_likes_enabled":true,"amp_enabled":true,"_links":{"self":[{"href":"https:\/\/landioustravel.com\/pl\/wp-json\/wp\/v2\/product\/2629","targetHints":{"allow":["GET"]}}],"collection":[{"href":"https:\/\/landioustravel.com\/pl\/wp-json\/wp\/v2\/product"}],"about":[{"href":"https:\/\/landioustravel.com\/pl\/wp-json\/wp\/v2\/types\/product"}],"replies":[{"embeddable":true,"href":"https:\/\/landioustravel.com\/pl\/wp-json\/wp\/v2\/comments?post=2629"}],"wp:featuredmedia":[{"embeddable":true,"href":"https:\/\/landioustravel.com\/pl\/wp-json\/wp\/v2\/media\/2630"}],"wp:attachment":[{"href":"https:\/\/landioustravel.com\/pl\/wp-json\/wp\/v2\/media?parent=2629"}],"wp:term":[{"taxonomy":"product_brand","embeddable":true,"href":"https:\/\/landioustravel.com\/pl\/wp-json\/wp\/v2\/product_brand?post=2629"},{"taxonomy":"product_cat","embeddable":true,"href":"https:\/\/landioustravel.com\/pl\/wp-json\/wp\/v2\/product_cat?post=2629"},{"taxonomy":"product_tag","embeddable":true,"href":"https:\/\/landioustravel.com\/pl\/wp-json\/wp\/v2\/product_tag?post=2629"}],"curies":[{"name":"wp","href":"https:\/\/api.w.org\/{rel}","templated":true}]}}