{"id":2631,"date":"2023-03-27T04:52:04","date_gmt":"2018-11-13T02:52:04","guid":{"rendered":"https:\/\/landioustravel.com\/product\/nurkowanie-akwalungiem-hurghadzie\/"},"modified":"2024-04-19T17:49:30","modified_gmt":"2024-04-19T15:49:30","slug":"nurkowanie-akwalungiem-hurghadzie","status":"publish","type":"product","link":"https:\/\/landioustravel.com\/pl\/shop\/nurkowanie-akwalungiem-hurghadzie\/","title":{"rendered":"Nurkowanie z akwalungiem w Hurghadzie"},"content":{"rendered":"<p>Wspania\u0142a wycieczka morska do nurkowania w kurorcie Hurghada! Polecamy wycieczk\u0119, poniewa\u017c pozwala ona turystom dobrze si\u0119 bawi\u0107 nad morzem, baczniej obserwuj\u0105c pi\u0119kne korale i r\u00f3\u017cnorodne ryby pod wod\u0105, a tak\u017ce delektuj\u0105c si\u0119 piknikiem \u0142odziowym nad Morzem Czerwonym.<\/p>\n<h2>G\u0142\u00f3wne punkty programu wycieczki<\/h2>\n<ul>\n<li>Piknik morski<\/li>\n<li>Nurkowanie na otwartym morzu z jachtu<\/li>\n<li>Nurkowanie dwa razy pod wod\u0105<\/li>\n<li>Obiad i napoje<\/li>\n<\/ul>\n<h3>Program wycieczki nurkowej w Hurghadzie<\/h3>\n<ul>\n<li>Odbi\u00f3r z hotelu oko\u0142o godziny 08:00<\/li>\n<li>Po zabraniu wszystkich ch\u0119tnych autobus jedzie do portu. Droga do portu trwa oko\u0142o 30 minut<\/li>\n<li>W porcie znajdziesz sw\u00f3j jacht. Jest du\u017cy i szykowny! Jacht ma dwa pi\u0119tra. Jak tylko dostaniesz si\u0119 do jachtu, musisz zdj\u0105\u0107 obuwie i wznie\u015b\u0107 si\u0119 na drugim pi\u0119trze do opalania na g\u00f3rnym pok\u0142adzie s\u0142onecznym<\/li>\n<li>Jacht przechodzi przez Morze Czerwone, gdy tylko grupa si\u0119 zgromadzi. Na pi\u0119knych koralach zatrzymasz si\u0119 na otwartym morzu. Tam mo\u017cesz nurkowa\u0107<\/li>\n<li>Ponadto grupa gromadzi si\u0119 na pierwszym pi\u0119trze jachtu na lunch. W porze lunchu bufet b\u0119dzie otwarty<\/li>\n<li>Po obiedzie b\u0119dziesz mia\u0142 czas na nurkowanie w innym miejscu morskim.<\/li>\n<li>Program wycieczek do nurkowania w Morzu Czerwonym ko\u0144czy si\u0119 oko\u0142o 16:30<\/li>\n<\/ul>\n<h4>Co wliczone jest w cen\u0119 podr\u00f3\u017cy<\/h4>\n<ul>\n<li>Sprz\u0119t do nurkowania<\/li>\n<li>Sprz\u0119t do nurkowania<\/li>\n<li>Jedzenie napoje<\/li>\n<li>Przejazd do portu i powr\u00f3t do hotelu<\/li>\n<\/ul>\n<h5>Co nie jest wliczone w cen\u0119 wycieczki<\/h5>\n<ul>\n<li>DVD wideo<\/li>\n<li>Photo CD<\/li>\n<\/ul>\n<h6>Co zabra\u0107 ze sob\u0105 na wycieczk\u0119<\/h6>\n<ul>\n<li>R\u0119cznik<\/li>\n<li>Krem do opalania<\/li>\n<\/ul>\n<p>DNI ORGANIZACJI WYCIECZKOWEJ<\/p>\n<ul>\n<li>Codziennie od 08: 00-17: 00<\/li>\n<\/ul>\n","protected":false},"excerpt":{"rendered":"<p>Do\u015bwiadcz cud\u00f3w podwodnego \u015bwiata bez rozbijania banku podczas naszej wyprawy dla pocz\u0105tkuj\u0105cych nurk\u00f3w! Z prywatnym instruktorem u boku od pocz\u0105tku do ko\u0144ca b\u0119dziesz m\u00f3g\u0142 nauczy\u0107 si\u0119 korzysta\u0107 z dostarczonego sprz\u0119tu i rozpocz\u0105\u0107 dwa ekscytuj\u0105ce nurkowania w r\u00f3\u017cnych miejscach. Nasi profesjonalni instruktorzy nurkowania zadbaj\u0105 o Twoje bezpiecze\u0144stwo i zapewni\u0105 niezapomniany czas. Zobacz osza\u0142amiaj\u0105c\u0105 gam\u0119 kolorowych ryb i uroczych raf koralowych w Hurghadzie z do\u015bwiadczonym trenerem, kt\u00f3ry poprowadzi Ci\u0119 na ka\u017cdym kroku. Podczas rejsu morskiego b\u0119dziesz mia\u0142 okazj\u0119 p\u0142ywa\u0107 i nurkowa\u0107 z mask\u0105 i p\u0142etwami. Cena obejmuje sprz\u0119t do nurkowania, pyszny lunch i orze\u017awiaj\u0105ce napoje bezalkoholowe. Ta ca\u0142odniowa wycieczka nurkowa jest idealna zar\u00f3wno dla nowicjuszy, jak i ekspert\u00f3w podr\u00f3\u017cuj\u0105cych razem. B\u0119dziesz eksplorowa\u0107 p\u0142ytkie miejsca nurkowe odpowiednie dla pocz\u0105tkuj\u0105cych, a tak\u017ce g\u0142\u0119bsze obszary i \u015bciany dla bardziej do\u015bwiadczonych. Wszystkie transfery s\u0105 wliczone w cen\u0119, aby zapewni\u0107 bezproblemow\u0105 obs\u0142ug\u0119. Ta wycieczka zapowiada si\u0119 na pe\u0142en wra\u017ce\u0144 dzie\u0144 na wodzie, kt\u00f3rego nie zapomnisz!<\/p>\n","protected":false},"featured_media":130992,"comment_status":"open","ping_status":"closed","template":"","meta":{"_coblocks_attr":"","_coblocks_dimensions":"","_coblocks_responsive_height":"","_coblocks_accordion_ie_support":"","_uag_custom_page_level_css":"","jetpack_publicize_message":"","jetpack_publicize_feature_enabled":true,"jetpack_social_post_already_shared":false,"jetpack_social_options":{"image_generator_settings":{"template":"highway","default_image_id":0,"font":"","enabled":false},"version":2},"_wpas_customize_per_network":false},"product_brand":[],"product_cat":[1949,1943],"product_tag":[1956,22821,1971,1961,1959],"class_list":{"0":"post-2631","1":"product","2":"type-product","3":"status-publish","4":"has-post-thumbnail","6":"product_cat-wycieczki-morskie-hurghadzie","7":"product_cat-wycieczki-w-hurghadzie","8":"product_tag-hurghada-pl","9":"product_tag-morze","10":"product_tag-nurkowanie","11":"product_tag-wycieczka","12":"product_tag-wycieczki-lodzia","13":"pa_age-dorosly","14":"pa_age-dziecko","16":"first","17":"instock","18":"sale","19":"purchasable","20":"product-type-variable"},"yoast_head":"<!-- This site is optimized with the Yoast SEO Premium plugin v26.9 (Yoast SEO v27.5) - https:\/\/yoast.com\/product\/yoast-seo-premium-wordpress\/ -->\n<title>Nurkowanie z akwalungiem w Hurghadzie -<\/title>\n<meta name=\"description\" content=\"Nurkowanie z akwalungiem w Hurghadzie pozwala na nurkowanie dwa razy na rafach koralowych w pi\u0119knych obszarach morskich i p\u0142ywanie z maskami\" \/>\n<meta name=\"robots\" content=\"index, follow, max-snippet:-1, max-image-preview:large, max-video-preview:-1\" \/>\n<link rel=\"canonical\" href=\"https:\/\/landioustravel.com\/pl\/shop\/nurkowanie-akwalungiem-hurghadzie\/\" \/>\n<meta property=\"og:locale\" content=\"pl_PL\" \/>\n<meta property=\"og:type\" content=\"article\" \/>\n<meta property=\"og:title\" content=\"Nurkowanie z akwalungiem w Hurghadzie\" \/>\n<meta property=\"og:description\" content=\"Landious Travel\" \/>\n<meta property=\"og:url\" content=\"https:\/\/landioustravel.com\/pl\/shop\/nurkowanie-akwalungiem-hurghadzie\/\" \/>\n<meta property=\"og:site_name\" content=\"Landious Travel\" \/>\n<meta property=\"article:publisher\" content=\"https:\/\/web.facebook.com\/landiousEgypt\" \/>\n<meta property=\"article:modified_time\" content=\"2024-04-19T15:49:30+00:00\" \/>\n<meta property=\"og:image\" content=\"https:\/\/i0.wp.com\/landioustravel.com\/wp-content\/uploads\/2018\/11\/Diving-Excursion-Hurghada-1-e1669968504439.jpg?fit=1200%2C675&ssl=1\" \/>\n\t<meta property=\"og:image:width\" content=\"1200\" \/>\n\t<meta property=\"og:image:height\" content=\"675\" \/>\n\t<meta property=\"og:image:type\" content=\"image\/jpeg\" \/>\n<meta name=\"twitter:card\" content=\"summary_large_image\" \/>\n<meta name=\"twitter:site\" content=\"@LandiousTours\" \/>\n<meta name=\"twitter:label1\" content=\"Szacowany czas czytania\" \/>\n\t<meta name=\"twitter:data1\" content=\"2 minuty\" \/>\n<script type=\"application\/ld+json\" class=\"yoast-schema-graph\">{\"@context\":\"https:\\\/\\\/schema.org\",\"@graph\":[{\"@type\":\"WebPage\",\"@id\":\"https:\\\/\\\/landioustravel.com\\\/pl\\\/shop\\\/nurkowanie-akwalungiem-hurghadzie\\\/\",\"url\":\"https:\\\/\\\/landioustravel.com\\\/pl\\\/shop\\\/nurkowanie-akwalungiem-hurghadzie\\\/\",\"name\":\"Nurkowanie z akwalungiem w Hurghadzie -\",\"isPartOf\":{\"@id\":\"https:\\\/\\\/landioustravel.com\\\/pl\\\/#website\"},\"primaryImageOfPage\":{\"@id\":\"https:\\\/\\\/landioustravel.com\\\/pl\\\/shop\\\/nurkowanie-akwalungiem-hurghadzie\\\/#primaryimage\"},\"image\":{\"@id\":\"https:\\\/\\\/landioustravel.com\\\/pl\\\/shop\\\/nurkowanie-akwalungiem-hurghadzie\\\/#primaryimage\"},\"thumbnailUrl\":\"https:\\\/\\\/i0.wp.com\\\/landioustravel.com\\\/wp-content\\\/uploads\\\/2018\\\/11\\\/Diving-Excursion-Hurghada-1-e1669968504439.jpg?fit=1200%2C675&ssl=1\",\"datePublished\":\"2018-11-13T02:52:04+00:00\",\"dateModified\":\"2024-04-19T15:49:30+00:00\",\"description\":\"Nurkowanie z akwalungiem w Hurghadzie pozwala na nurkowanie dwa razy na rafach koralowych w pi\u0119knych obszarach morskich i p\u0142ywanie z maskami\",\"breadcrumb\":{\"@id\":\"https:\\\/\\\/landioustravel.com\\\/pl\\\/shop\\\/nurkowanie-akwalungiem-hurghadzie\\\/#breadcrumb\"},\"inLanguage\":\"pl-PL\",\"potentialAction\":[{\"@type\":\"ReadAction\",\"target\":[\"https:\\\/\\\/landioustravel.com\\\/pl\\\/shop\\\/nurkowanie-akwalungiem-hurghadzie\\\/\"]}]},{\"@type\":\"ImageObject\",\"inLanguage\":\"pl-PL\",\"@id\":\"https:\\\/\\\/landioustravel.com\\\/pl\\\/shop\\\/nurkowanie-akwalungiem-hurghadzie\\\/#primaryimage\",\"url\":\"https:\\\/\\\/i0.wp.com\\\/landioustravel.com\\\/wp-content\\\/uploads\\\/2018\\\/11\\\/Diving-Excursion-Hurghada-1-e1669968504439.jpg?fit=1200%2C675&ssl=1\",\"contentUrl\":\"https:\\\/\\\/i0.wp.com\\\/landioustravel.com\\\/wp-content\\\/uploads\\\/2018\\\/11\\\/Diving-Excursion-Hurghada-1-e1669968504439.jpg?fit=1200%2C675&ssl=1\",\"width\":1200,\"height\":675,\"caption\":\"Diving Excursion Hurghada\"},{\"@type\":\"BreadcrumbList\",\"@id\":\"https:\\\/\\\/landioustravel.com\\\/pl\\\/shop\\\/nurkowanie-akwalungiem-hurghadzie\\\/#breadcrumb\",\"itemListElement\":[{\"@type\":\"ListItem\",\"position\":1,\"name\":\"Home\",\"item\":\"https:\\\/\\\/landioustravel.com\\\/pl\\\/\"},{\"@type\":\"ListItem\",\"position\":2,\"name\":\"Us\u0142ugi i wycieczki\",\"item\":\"https:\\\/\\\/landioustravel.com\\\/pl\\\/\"},{\"@type\":\"ListItem\",\"position\":3,\"name\":\"Nurkowanie z akwalungiem w Hurghadzie\"}]},{\"@type\":\"WebSite\",\"@id\":\"https:\\\/\\\/landioustravel.com\\\/pl\\\/#website\",\"url\":\"https:\\\/\\\/landioustravel.com\\\/pl\\\/\",\"name\":\"Landious Travel\",\"description\":\"Excursions, trips and cruises in Egypt\",\"publisher\":{\"@id\":\"https:\\\/\\\/landioustravel.com\\\/pl\\\/#organization\"},\"potentialAction\":[{\"@type\":\"SearchAction\",\"target\":{\"@type\":\"EntryPoint\",\"urlTemplate\":\"https:\\\/\\\/landioustravel.com\\\/pl\\\/?s={search_term_string}\"},\"query-input\":{\"@type\":\"PropertyValueSpecification\",\"valueRequired\":true,\"valueName\":\"search_term_string\"}}],\"inLanguage\":\"pl-PL\"},{\"@type\":[\"Organization\",\"Place\"],\"@id\":\"https:\\\/\\\/landioustravel.com\\\/pl\\\/#organization\",\"name\":\"Landious Travel\",\"alternateName\":\"Landious Travel\",\"url\":\"https:\\\/\\\/landioustravel.com\\\/pl\\\/\",\"logo\":{\"@id\":\"https:\\\/\\\/landioustravel.com\\\/pl\\\/shop\\\/nurkowanie-akwalungiem-hurghadzie\\\/#local-main-organization-logo\"},\"image\":{\"@id\":\"https:\\\/\\\/landioustravel.com\\\/pl\\\/shop\\\/nurkowanie-akwalungiem-hurghadzie\\\/#local-main-organization-logo\"},\"sameAs\":[\"https:\\\/\\\/web.facebook.com\\\/landiousEgypt\",\"https:\\\/\\\/x.com\\\/LandiousTours\",\"https:\\\/\\\/mastodon.social\\\/@landious\"],\"legalName\":\"Landious Travel\",\"telephone\":[],\"openingHoursSpecification\":[{\"@type\":\"OpeningHoursSpecification\",\"dayOfWeek\":[\"Monday\",\"Tuesday\",\"Wednesday\",\"Thursday\",\"Friday\",\"Saturday\",\"Sunday\"],\"opens\":\"09:00\",\"closes\":\"17:00\"}]},{\"@type\":\"ImageObject\",\"inLanguage\":\"pl-PL\",\"@id\":\"https:\\\/\\\/landioustravel.com\\\/pl\\\/shop\\\/nurkowanie-akwalungiem-hurghadzie\\\/#local-main-organization-logo\",\"url\":\"https:\\\/\\\/i0.wp.com\\\/landioustravel.com\\\/wp-content\\\/uploads\\\/2021\\\/06\\\/Landious-T.png?fit=500%2C500&ssl=1\",\"contentUrl\":\"https:\\\/\\\/i0.wp.com\\\/landioustravel.com\\\/wp-content\\\/uploads\\\/2021\\\/06\\\/Landious-T.png?fit=500%2C500&ssl=1\",\"width\":500,\"height\":500,\"caption\":\"Landious Travel\"}]}<\/script>\n<!-- \/ Yoast SEO Premium plugin. -->","yoast_head_json":{"title":"Nurkowanie z akwalungiem w Hurghadzie -","description":"Nurkowanie z akwalungiem w Hurghadzie pozwala na nurkowanie dwa razy na rafach koralowych w pi\u0119knych obszarach morskich i p\u0142ywanie z maskami","robots":{"index":"index","follow":"follow","max-snippet":"max-snippet:-1","max-image-preview":"max-image-preview:large","max-video-preview":"max-video-preview:-1"},"canonical":"https:\/\/landioustravel.com\/pl\/shop\/nurkowanie-akwalungiem-hurghadzie\/","og_locale":"pl_PL","og_type":"article","og_title":"Nurkowanie z akwalungiem w Hurghadzie","og_description":"Landious Travel","og_url":"https:\/\/landioustravel.com\/pl\/shop\/nurkowanie-akwalungiem-hurghadzie\/","og_site_name":"Landious Travel","article_publisher":"https:\/\/web.facebook.com\/landiousEgypt","article_modified_time":"2024-04-19T15:49:30+00:00","og_image":[{"width":1200,"height":675,"url":"https:\/\/i0.wp.com\/landioustravel.com\/wp-content\/uploads\/2018\/11\/Diving-Excursion-Hurghada-1-e1669968504439.jpg?fit=1200%2C675&ssl=1","type":"image\/jpeg"}],"twitter_card":"summary_large_image","twitter_site":"@LandiousTours","twitter_misc":{"Szacowany czas czytania":"2 minuty"},"schema":{"@context":"https:\/\/schema.org","@graph":[{"@type":"WebPage","@id":"https:\/\/landioustravel.com\/pl\/shop\/nurkowanie-akwalungiem-hurghadzie\/","url":"https:\/\/landioustravel.com\/pl\/shop\/nurkowanie-akwalungiem-hurghadzie\/","name":"Nurkowanie z akwalungiem w Hurghadzie -","isPartOf":{"@id":"https:\/\/landioustravel.com\/pl\/#website"},"primaryImageOfPage":{"@id":"https:\/\/landioustravel.com\/pl\/shop\/nurkowanie-akwalungiem-hurghadzie\/#primaryimage"},"image":{"@id":"https:\/\/landioustravel.com\/pl\/shop\/nurkowanie-akwalungiem-hurghadzie\/#primaryimage"},"thumbnailUrl":"https:\/\/i0.wp.com\/landioustravel.com\/wp-content\/uploads\/2018\/11\/Diving-Excursion-Hurghada-1-e1669968504439.jpg?fit=1200%2C675&ssl=1","datePublished":"2018-11-13T02:52:04+00:00","dateModified":"2024-04-19T15:49:30+00:00","description":"Nurkowanie z akwalungiem w Hurghadzie pozwala na nurkowanie dwa razy na rafach koralowych w pi\u0119knych obszarach morskich i p\u0142ywanie z maskami","breadcrumb":{"@id":"https:\/\/landioustravel.com\/pl\/shop\/nurkowanie-akwalungiem-hurghadzie\/#breadcrumb"},"inLanguage":"pl-PL","potentialAction":[{"@type":"ReadAction","target":["https:\/\/landioustravel.com\/pl\/shop\/nurkowanie-akwalungiem-hurghadzie\/"]}]},{"@type":"ImageObject","inLanguage":"pl-PL","@id":"https:\/\/landioustravel.com\/pl\/shop\/nurkowanie-akwalungiem-hurghadzie\/#primaryimage","url":"https:\/\/i0.wp.com\/landioustravel.com\/wp-content\/uploads\/2018\/11\/Diving-Excursion-Hurghada-1-e1669968504439.jpg?fit=1200%2C675&ssl=1","contentUrl":"https:\/\/i0.wp.com\/landioustravel.com\/wp-content\/uploads\/2018\/11\/Diving-Excursion-Hurghada-1-e1669968504439.jpg?fit=1200%2C675&ssl=1","width":1200,"height":675,"caption":"Diving Excursion Hurghada"},{"@type":"BreadcrumbList","@id":"https:\/\/landioustravel.com\/pl\/shop\/nurkowanie-akwalungiem-hurghadzie\/#breadcrumb","itemListElement":[{"@type":"ListItem","position":1,"name":"Home","item":"https:\/\/landioustravel.com\/pl\/"},{"@type":"ListItem","position":2,"name":"Us\u0142ugi i wycieczki","item":"https:\/\/landioustravel.com\/pl\/"},{"@type":"ListItem","position":3,"name":"Nurkowanie z akwalungiem w Hurghadzie"}]},{"@type":"WebSite","@id":"https:\/\/landioustravel.com\/pl\/#website","url":"https:\/\/landioustravel.com\/pl\/","name":"Landious Travel","description":"Excursions, trips and cruises in Egypt","publisher":{"@id":"https:\/\/landioustravel.com\/pl\/#organization"},"potentialAction":[{"@type":"SearchAction","target":{"@type":"EntryPoint","urlTemplate":"https:\/\/landioustravel.com\/pl\/?s={search_term_string}"},"query-input":{"@type":"PropertyValueSpecification","valueRequired":true,"valueName":"search_term_string"}}],"inLanguage":"pl-PL"},{"@type":["Organization","Place"],"@id":"https:\/\/landioustravel.com\/pl\/#organization","name":"Landious Travel","alternateName":"Landious Travel","url":"https:\/\/landioustravel.com\/pl\/","logo":{"@id":"https:\/\/landioustravel.com\/pl\/shop\/nurkowanie-akwalungiem-hurghadzie\/#local-main-organization-logo"},"image":{"@id":"https:\/\/landioustravel.com\/pl\/shop\/nurkowanie-akwalungiem-hurghadzie\/#local-main-organization-logo"},"sameAs":["https:\/\/web.facebook.com\/landiousEgypt","https:\/\/x.com\/LandiousTours","https:\/\/mastodon.social\/@landious"],"legalName":"Landious Travel","telephone":[],"openingHoursSpecification":[{"@type":"OpeningHoursSpecification","dayOfWeek":["Monday","Tuesday","Wednesday","Thursday","Friday","Saturday","Sunday"],"opens":"09:00","closes":"17:00"}]},{"@type":"ImageObject","inLanguage":"pl-PL","@id":"https:\/\/landioustravel.com\/pl\/shop\/nurkowanie-akwalungiem-hurghadzie\/#local-main-organization-logo","url":"https:\/\/i0.wp.com\/landioustravel.com\/wp-content\/uploads\/2021\/06\/Landious-T.png?fit=500%2C500&ssl=1","contentUrl":"https:\/\/i0.wp.com\/landioustravel.com\/wp-content\/uploads\/2021\/06\/Landious-T.png?fit=500%2C500&ssl=1","width":500,"height":500,"caption":"Landious Travel"}]}},"jetpack_publicize_connections":[],"uagb_featured_image_src":{"full":["https:\/\/i0.wp.com\/landioustravel.com\/wp-content\/uploads\/2018\/11\/Diving-Excursion-Hurghada-1-e1669968504439.jpg?fit=1200%2C675&ssl=1",1200,675,false],"thumbnail":["https:\/\/i0.wp.com\/landioustravel.com\/wp-content\/uploads\/2018\/11\/Diving-Excursion-Hurghada-1-e1669968504439.jpg?resize=150%2C150&ssl=1",150,150,true],"medium":["https:\/\/i0.wp.com\/landioustravel.com\/wp-content\/uploads\/2018\/11\/Diving-Excursion-Hurghada-1-e1669968504439.jpg?fit=300%2C169&ssl=1",300,169,true],"medium_large":["https:\/\/i0.wp.com\/landioustravel.com\/wp-content\/uploads\/2018\/11\/Diving-Excursion-Hurghada-1-e1669968504439.jpg?fit=768%2C432&ssl=1",768,432,true],"large":["https:\/\/i0.wp.com\/landioustravel.com\/wp-content\/uploads\/2018\/11\/Diving-Excursion-Hurghada-1-e1669968504439.jpg?fit=980%2C551&ssl=1",980,551,true],"1536x1536":["https:\/\/i0.wp.com\/landioustravel.com\/wp-content\/uploads\/2018\/11\/Diving-Excursion-Hurghada-1-e1669968504439.jpg?fit=1536%2C931&ssl=1",1536,931,true],"2048x2048":["https:\/\/i0.wp.com\/landioustravel.com\/wp-content\/uploads\/2018\/11\/Diving-Excursion-Hurghada-1-e1669968504439.jpg?fit=1200%2C675&ssl=1",1200,675,true],"newspack-article-block-landscape-large":["https:\/\/i0.wp.com\/landioustravel.com\/wp-content\/uploads\/2018\/11\/Diving-Excursion-Hurghada-1-e1669968504439.jpg?resize=1200%2C675&ssl=1",1200,675,true],"newspack-article-block-portrait-large":["https:\/\/i0.wp.com\/landioustravel.com\/wp-content\/uploads\/2018\/11\/Diving-Excursion-Hurghada-1-e1669968504439.jpg?resize=900%2C675&ssl=1",900,675,true],"newspack-article-block-square-large":["https:\/\/i0.wp.com\/landioustravel.com\/wp-content\/uploads\/2018\/11\/Diving-Excursion-Hurghada-1-e1669968504439.jpg?resize=1200%2C675&ssl=1",1200,675,true],"newspack-article-block-landscape-medium":["https:\/\/i0.wp.com\/landioustravel.com\/wp-content\/uploads\/2018\/11\/Diving-Excursion-Hurghada-1-e1669968504439.jpg?resize=800%2C600&ssl=1",800,600,true],"newspack-article-block-portrait-medium":["https:\/\/i0.wp.com\/landioustravel.com\/wp-content\/uploads\/2018\/11\/Diving-Excursion-Hurghada-1-e1669968504439.jpg?resize=600%2C675&ssl=1",600,675,true],"newspack-article-block-square-medium":["https:\/\/i0.wp.com\/landioustravel.com\/wp-content\/uploads\/2018\/11\/Diving-Excursion-Hurghada-1-e1669968504439.jpg?resize=800%2C675&ssl=1",800,675,true],"newspack-article-block-landscape-intermediate":["https:\/\/i0.wp.com\/landioustravel.com\/wp-content\/uploads\/2018\/11\/Diving-Excursion-Hurghada-1-e1669968504439.jpg?resize=600%2C450&ssl=1",600,450,true],"newspack-article-block-portrait-intermediate":["https:\/\/i0.wp.com\/landioustravel.com\/wp-content\/uploads\/2018\/11\/Diving-Excursion-Hurghada-1-e1669968504439.jpg?resize=450%2C600&ssl=1",450,600,true],"newspack-article-block-square-intermediate":["https:\/\/i0.wp.com\/landioustravel.com\/wp-content\/uploads\/2018\/11\/Diving-Excursion-Hurghada-1-e1669968504439.jpg?resize=600%2C600&ssl=1",600,600,true],"newspack-article-block-landscape-small":["https:\/\/i0.wp.com\/landioustravel.com\/wp-content\/uploads\/2018\/11\/Diving-Excursion-Hurghada-1-e1669968504439.jpg?resize=400%2C300&ssl=1",400,300,true],"newspack-article-block-portrait-small":["https:\/\/i0.wp.com\/landioustravel.com\/wp-content\/uploads\/2018\/11\/Diving-Excursion-Hurghada-1-e1669968504439.jpg?resize=300%2C400&ssl=1",300,400,true],"newspack-article-block-square-small":["https:\/\/i0.wp.com\/landioustravel.com\/wp-content\/uploads\/2018\/11\/Diving-Excursion-Hurghada-1-e1669968504439.jpg?resize=400%2C400&ssl=1",400,400,true],"newspack-article-block-landscape-tiny":["https:\/\/i0.wp.com\/landioustravel.com\/wp-content\/uploads\/2018\/11\/Diving-Excursion-Hurghada-1-e1669968504439.jpg?resize=200%2C150&ssl=1",200,150,true],"newspack-article-block-portrait-tiny":["https:\/\/i0.wp.com\/landioustravel.com\/wp-content\/uploads\/2018\/11\/Diving-Excursion-Hurghada-1-e1669968504439.jpg?resize=150%2C200&ssl=1",150,200,true],"newspack-article-block-square-tiny":["https:\/\/i0.wp.com\/landioustravel.com\/wp-content\/uploads\/2018\/11\/Diving-Excursion-Hurghada-1-e1669968504439.jpg?resize=200%2C200&ssl=1",200,200,true],"newspack-article-block-uncropped":["https:\/\/i0.wp.com\/landioustravel.com\/wp-content\/uploads\/2018\/11\/Diving-Excursion-Hurghada-1-e1669968504439.jpg?fit=1200%2C675&ssl=1",1200,675,true],"woocommerce_thumbnail":["https:\/\/i0.wp.com\/landioustravel.com\/wp-content\/uploads\/2018\/11\/Diving-Excursion-Hurghada-1-e1669968504439.jpg?resize=324%2C324&ssl=1",324,324,true],"woocommerce_single":["https:\/\/i0.wp.com\/landioustravel.com\/wp-content\/uploads\/2018\/11\/Diving-Excursion-Hurghada-1-e1669968504439.jpg?fit=416%2C234&ssl=1",416,234,true],"woocommerce_gallery_thumbnail":["https:\/\/i0.wp.com\/landioustravel.com\/wp-content\/uploads\/2018\/11\/Diving-Excursion-Hurghada-1-e1669968504439.jpg?resize=100%2C100&ssl=1",100,100,true]},"uagb_author_info":{"display_name":"Mofreh Landious","author_link":"https:\/\/landioustravel.com\/pl\/author\/"},"uagb_comment_info":4,"uagb_excerpt":"Do\u015bwiadcz cud\u00f3w podwodnego \u015bwiata bez rozbijania banku podczas naszej wyprawy dla pocz\u0105tkuj\u0105cych nurk\u00f3w! Z prywatnym instruktorem u boku od pocz\u0105tku do ko\u0144ca b\u0119dziesz m\u00f3g\u0142 nauczy\u0107 si\u0119 korzysta\u0107 z dostarczonego sprz\u0119tu i rozpocz\u0105\u0107 dwa ekscytuj\u0105ce nurkowania w r\u00f3\u017cnych miejscach. Nasi profesjonalni instruktorzy nurkowania zadbaj\u0105 o Twoje bezpiecze\u0144stwo i zapewni\u0105 niezapomniany czas. Zobacz osza\u0142amiaj\u0105c\u0105 gam\u0119 kolorowych ryb&hellip;","jetpack_sharing_enabled":true,"jetpack_likes_enabled":true,"amp_enabled":true,"_links":{"self":[{"href":"https:\/\/landioustravel.com\/pl\/wp-json\/wp\/v2\/product\/2631","targetHints":{"allow":["GET"]}}],"collection":[{"href":"https:\/\/landioustravel.com\/pl\/wp-json\/wp\/v2\/product"}],"about":[{"href":"https:\/\/landioustravel.com\/pl\/wp-json\/wp\/v2\/types\/product"}],"replies":[{"embeddable":true,"href":"https:\/\/landioustravel.com\/pl\/wp-json\/wp\/v2\/comments?post=2631"}],"wp:featuredmedia":[{"embeddable":true,"href":"https:\/\/landioustravel.com\/pl\/wp-json\/wp\/v2\/media\/130992"}],"wp:attachment":[{"href":"https:\/\/landioustravel.com\/pl\/wp-json\/wp\/v2\/media?parent=2631"}],"wp:term":[{"taxonomy":"product_brand","embeddable":true,"href":"https:\/\/landioustravel.com\/pl\/wp-json\/wp\/v2\/product_brand?post=2631"},{"taxonomy":"product_cat","embeddable":true,"href":"https:\/\/landioustravel.com\/pl\/wp-json\/wp\/v2\/product_cat?post=2631"},{"taxonomy":"product_tag","embeddable":true,"href":"https:\/\/landioustravel.com\/pl\/wp-json\/wp\/v2\/product_tag?post=2631"}],"curies":[{"name":"wp","href":"https:\/\/api.w.org\/{rel}","templated":true}]}}