{"id":26642,"date":"2020-12-22T23:17:14","date_gmt":"2020-12-24T02:49:18","guid":{"rendered":"https:\/\/landioustravel.com\/?post_type=product&#038;p=26642"},"modified":"2024-07-05T09:17:26","modified_gmt":"2024-07-05T06:17:26","slug":"wycieczka-memphis-sakkara-hurghada","status":"publish","type":"product","link":"https:\/\/landioustravel.com\/pl\/shop\/wycieczka-memphis-sakkara-hurghada\/","title":{"rendered":"Wycieczka do Memphis i Sakkary z Hurghady"},"content":{"rendered":"<p>To wspania\u0142a jednodniowa wycieczka do kompleksu piramid w Gizie, Sakkarze i Memphis z Hurghady w Egipcie! Z przyjemno\u015bci\u0105 polecamy t\u0119 jednodniow\u0105 wycieczk\u0119, poniewa\u017c pozwala turystom zobaczy\u0107 najbardziej imponuj\u0105ce zabytki i pomniki zbudowane w staro\u017cytnym Egipcie &#8211; staro\u017cytne piramidy egipskie i starsz\u0105 piramid\u0119 schodkow\u0105. Pozwala te\u017c lepiej pozna\u0107 histori\u0119 kraju.<\/p>\n<h2>G\u0142\u00f3wne punkty programu indywidualnego w Memphis i Sakkarze<\/h2>\n<ul>\n<li>Odwied\u017a trzy piramidy w Gizie<\/li>\n<li>\u015awi\u0105tynia Doliny (\u015awi\u0105tynia Mumifikacji)<\/li>\n<li>R\u00f3wnie\u017c Wielki Sfinks w kompleksie piramid<\/li>\n<li>Piramida schodkowa D\u017cesera na nekropolii Sakkara<\/li>\n<li>Obiad<\/li>\n<li>I pomnik Ramzesa II w Memphis<\/li>\n<\/ul>\n<h3>Program wycieczki do Giza-Memphis z Hurghady<\/h3>\n<ul>\n<li>Przedstawiciel Landious Travel odbierze Ci\u0119 z Twojego hotelu w Hurghadzie. oko\u0142o 01:00<\/li>\n<li>Kiedy ju\u017c wybierzemy ka\u017cdego przybysza, Tw\u00f3j prywatny pojazd (limuzyna lub minibus) wyje\u017cd\u017ca bezpo\u015brednio do Gizy. Droga z centrum Kairu do Gizy trwa oko\u0142o godziny.<\/li>\n<\/ul>\n<h4>Program w Gizie<\/h4>\n<ul>\n<li>Gdy tylko dotrzesz do Gizy, udasz si\u0119 do kompleksu piramid, w kt\u00f3rym znajduj\u0105 si\u0119 wielkie trzy piramidy Cheopsa, Chephrena i Mykerinusa. Nast\u0119pnie udaj si\u0119 do Wielkiego Sfinksa, kt\u00f3ry pochodzi z czas\u00f3w Chefrena i odwied\u017a Dolin\u0119 \u015awi\u0105tyni. Dla Twojej wygody przewodnik pokazuje je i daje czas na zrobienie zdj\u0119cia<\/li>\n<\/ul>\n<h4>Program w Sakkarze<\/h4>\n<ul>\n<li>Dalej udajesz si\u0119 do Sakkary po zako\u0144czeniu wizyty w kompleksie piramid w Gizie. W tym ciekawym miejscu mo\u017cna odwiedzi\u0107 piramid\u0119 schodkow\u0105 kr\u00f3la D\u017cesera. Jest to najstarsza na \u015bwiecie du\u017ca kamienna budowla pochodz\u0105ca z III dynastii<\/li>\n<li>Lunch jest tu\u017c po tej niesamowitej wizycie w nekropolii Sakkara<\/li>\n<\/ul>\n<h4>Program w Memphis<\/h4>\n<ul>\n<li>Nast\u0119pnie udaj si\u0119 do tego starego miasta, kt\u00f3re zosta\u0142o za\u0142o\u017cone przez kr\u00f3la Menesa _ Memphis. Warto doda\u0107, \u017ce by\u0142 to stolica Egiptu w okresie Starego Pa\u0144stwa, a przez ponad 3000 lat centrum w\u0142adzy i kultury. W zwi\u0105zku z tym w Memphis mo\u017cna zobaczy\u0107 niesamowit\u0105 Statu\u0119 Ramzesa II i Alabastrowego Sfinksa.<\/li>\n<li>W ko\u0144cu po takim programie w cudownym mie\u015bcie Giza wracasz do swoich hoteli.<\/li>\n<li>Ta wycieczka \u201eMemphis &amp; Sakkara Trip from Hurghada\u201d ko\u0144czy si\u0119 oko\u0142o godziny 22:00<\/li>\n<\/ul>\n<h4>Co jest wliczone w cen\u0119 wycieczki<\/h4>\n<ul>\n<li>Bilety na zwiedzanie \u015bwi\u0105ty\u0144<\/li>\n<li>Napoje<\/li>\n<li>Prywatny przewodnik<\/li>\n<li>R\u00f3wnie\u017c prywatny klimatyzowany pojazd<\/li>\n<\/ul>\n<h5>Co nie jest wliczone w cen\u0119 wycieczki<\/h5>\n<ul>\n<li>Programy dodatkowe, je\u015bli nie zosta\u0142y uwzgl\u0119dnione w powy\u017cszym programie<\/li>\n<\/ul>\n<h6>CO zabra\u0107 ze sob\u0105 na wycieczk\u0119<\/h6>\n<ul>\n<li>Paszport<\/li>\n<li>Okulary s\u0142oneczne<\/li>\n<li>R\u00f3wnie\u017c ubrania na sezon<\/li>\n<\/ul>\n<h6>ORGANIZACJA DNI WYCIECZKI<\/h6>\n<ul>\n<li>Codziennie od 01:00 do 22:00<\/li>\n<\/ul>\n","protected":false},"excerpt":{"rendered":"<p>Odkryj cuda Egiptu podczas prywatnej jednodniowej wycieczki do piramid w Memphis Sakkara i Dahshur. Tw\u00f3j do\u015bwiadczony przewodnik po Marsa Alam odbierze Ci\u0119 z hotelu i zabierze w niezapomnian\u0105 podr\u00f3\u017c. Rozpocznij swoj\u0105 przygod\u0119 w Sakkarze, gdzie odwiedzisz najstarsz\u0105 na \u015bwiecie du\u017c\u0105 kamienn\u0105 struktur\u0119, piramid\u0119 schodkow\u0105 kr\u00f3la D\u017cesera. Nast\u0119pnie zjedz pyszny lunch w lokalnej restauracji, po czym udaj si\u0119 do Memfis, pierwszej stolicy Egiptu i centrum rz\u0105d\u00f3w i kultury od ponad 3000 lat. Tutaj mo\u017cesz podziwia\u0107 pos\u0105g Ramzesa II i Alabastrowego Sfinksa z Memfis. Twoim ostatnim przystankiem jest Dahszur, gdzie znajdziesz dwie najlepiej zachowane wczesne piramidy Egiptu, Piramid\u0119 Wygi\u0119t\u0105 i Czerwon\u0105 Piramid\u0119. Te piramidy s\u0105 ogromnym dowodem rozwoju architektury, kt\u00f3ry doprowadzi\u0142 do budowy Wielkiej Piramidy i jej towarzyszy w Gizie. Po dniu pe\u0142nym historii i przyg\u00f3d przewodnik zawiezie Ci\u0119 z powrotem do hotelu. Ta wycieczka obejmuje bilety wst\u0119pu i lunch, wi\u0119c wszystko, co musisz zrobi\u0107, to usi\u0105\u015b\u0107 wygodnie, zrelaksowa\u0107 si\u0119 i pozwoli\u0107 nam zaj\u0105\u0107 si\u0119 reszt\u0105.<\/p>\n","protected":false},"featured_media":45335,"comment_status":"open","ping_status":"closed","template":"","meta":{"_coblocks_attr":"","_coblocks_dimensions":"","_coblocks_responsive_height":"","_coblocks_accordion_ie_support":"","_uag_custom_page_level_css":"","jetpack_publicize_message":"","jetpack_publicize_feature_enabled":true,"jetpack_social_post_already_shared":true,"jetpack_social_options":{"image_generator_settings":{"template":"highway","default_image_id":0,"font":"","enabled":false},"version":2},"_wpas_customize_per_network":false},"product_brand":[],"product_cat":[1947,8566],"product_tag":[1956,1965,1966,1961,2146,9909],"class_list":{"0":"post-26642","1":"product","2":"type-product","3":"status-publish","4":"has-post-thumbnail","6":"product_cat-historyczne-wycieczki-hurghady","7":"product_cat-indywidualne-wycieczki-hurghada","8":"product_tag-hurghada-pl","9":"product_tag-piramidy","10":"product_tag-sfinks","11":"product_tag-wycieczka","12":"product_tag-wycieczki-z-hurghady","13":"product_tag-zwiedzanie","15":"first","16":"instock","17":"sale","18":"taxable","19":"shipping-taxable","20":"purchasable","21":"product-type-variable"},"yoast_head":"<!-- This site is optimized with the Yoast SEO Premium plugin v26.9 (Yoast SEO v27.5) - https:\/\/yoast.com\/product\/yoast-seo-premium-wordpress\/ -->\n<title>Wycieczka do Memphis i Sakkary z Hurghady<\/title>\n<meta name=\"description\" content=\"Wycieczka do Memphis i Sakkary z Hurghady Wycieczka daje mo\u017cliwo\u015b\u0107 zwiedzenia trzech piramid w Gizie, \u015awi\u0105tyni Doliny (\u015awi\u0105tynia Mumifikacji), Wielkiego\" \/>\n<meta name=\"robots\" content=\"index, follow, max-snippet:-1, max-image-preview:large, max-video-preview:-1\" \/>\n<link rel=\"canonical\" href=\"https:\/\/landioustravel.com\/pl\/shop\/wycieczka-memphis-sakkara-hurghada\/\" \/>\n<meta property=\"og:locale\" content=\"pl_PL\" \/>\n<meta property=\"og:type\" content=\"article\" \/>\n<meta property=\"og:title\" content=\"Wycieczka do Memphis i Sakkary z Hurghady\" \/>\n<meta property=\"og:description\" content=\"Landious Travel\" \/>\n<meta property=\"og:url\" content=\"https:\/\/landioustravel.com\/pl\/shop\/wycieczka-memphis-sakkara-hurghada\/\" \/>\n<meta property=\"og:site_name\" content=\"Landious Travel\" \/>\n<meta property=\"article:publisher\" content=\"https:\/\/web.facebook.com\/landiousEgypt\" \/>\n<meta property=\"article:modified_time\" content=\"2024-07-05T06:17:26+00:00\" \/>\n<meta property=\"og:image\" content=\"https:\/\/i0.wp.com\/landioustravel.com\/wp-content\/uploads\/2020\/12\/Memphis-Sakkara-Trip-Hurghada-e1617497813928.jpg?fit=1200%2C675&ssl=1\" \/>\n\t<meta property=\"og:image:width\" content=\"1200\" \/>\n\t<meta property=\"og:image:height\" content=\"675\" \/>\n\t<meta property=\"og:image:type\" content=\"image\/jpeg\" \/>\n<meta name=\"twitter:card\" content=\"summary_large_image\" \/>\n<meta name=\"twitter:site\" content=\"@LandiousTours\" \/>\n<meta name=\"twitter:label1\" content=\"Szacowany czas czytania\" \/>\n\t<meta name=\"twitter:data1\" content=\"2 minuty\" \/>\n<script type=\"application\/ld+json\" class=\"yoast-schema-graph\">{\"@context\":\"https:\\\/\\\/schema.org\",\"@graph\":[{\"@type\":\"WebPage\",\"@id\":\"https:\\\/\\\/landioustravel.com\\\/pl\\\/shop\\\/wycieczka-memphis-sakkara-hurghada\\\/\",\"url\":\"https:\\\/\\\/landioustravel.com\\\/pl\\\/shop\\\/wycieczka-memphis-sakkara-hurghada\\\/\",\"name\":\"Wycieczka do Memphis i Sakkary z Hurghady\",\"isPartOf\":{\"@id\":\"https:\\\/\\\/landioustravel.com\\\/pl\\\/#website\"},\"primaryImageOfPage\":{\"@id\":\"https:\\\/\\\/landioustravel.com\\\/pl\\\/shop\\\/wycieczka-memphis-sakkara-hurghada\\\/#primaryimage\"},\"image\":{\"@id\":\"https:\\\/\\\/landioustravel.com\\\/pl\\\/shop\\\/wycieczka-memphis-sakkara-hurghada\\\/#primaryimage\"},\"thumbnailUrl\":\"https:\\\/\\\/i0.wp.com\\\/landioustravel.com\\\/wp-content\\\/uploads\\\/2020\\\/12\\\/Memphis-Sakkara-Trip-Hurghada-e1617497813928.jpg?fit=1200%2C675&ssl=1\",\"datePublished\":\"2020-12-24T02:49:18+00:00\",\"dateModified\":\"2024-07-05T06:17:26+00:00\",\"description\":\"Wycieczka do Memphis i Sakkary z Hurghady Wycieczka daje mo\u017cliwo\u015b\u0107 zwiedzenia trzech piramid w Gizie, \u015awi\u0105tyni Doliny (\u015awi\u0105tynia Mumifikacji), Wielkiego\",\"breadcrumb\":{\"@id\":\"https:\\\/\\\/landioustravel.com\\\/pl\\\/shop\\\/wycieczka-memphis-sakkara-hurghada\\\/#breadcrumb\"},\"inLanguage\":\"pl-PL\",\"potentialAction\":[{\"@type\":\"ReadAction\",\"target\":[\"https:\\\/\\\/landioustravel.com\\\/pl\\\/shop\\\/wycieczka-memphis-sakkara-hurghada\\\/\"]}]},{\"@type\":\"ImageObject\",\"inLanguage\":\"pl-PL\",\"@id\":\"https:\\\/\\\/landioustravel.com\\\/pl\\\/shop\\\/wycieczka-memphis-sakkara-hurghada\\\/#primaryimage\",\"url\":\"https:\\\/\\\/i0.wp.com\\\/landioustravel.com\\\/wp-content\\\/uploads\\\/2020\\\/12\\\/Memphis-Sakkara-Trip-Hurghada-e1617497813928.jpg?fit=1200%2C675&ssl=1\",\"contentUrl\":\"https:\\\/\\\/i0.wp.com\\\/landioustravel.com\\\/wp-content\\\/uploads\\\/2020\\\/12\\\/Memphis-Sakkara-Trip-Hurghada-e1617497813928.jpg?fit=1200%2C675&ssl=1\",\"width\":1200,\"height\":675,\"caption\":\"Memphis Sakkara Trip Hurghada\"},{\"@type\":\"BreadcrumbList\",\"@id\":\"https:\\\/\\\/landioustravel.com\\\/pl\\\/shop\\\/wycieczka-memphis-sakkara-hurghada\\\/#breadcrumb\",\"itemListElement\":[{\"@type\":\"ListItem\",\"position\":1,\"name\":\"Home\",\"item\":\"https:\\\/\\\/landioustravel.com\\\/pl\\\/\"},{\"@type\":\"ListItem\",\"position\":2,\"name\":\"Us\u0142ugi i wycieczki\",\"item\":\"https:\\\/\\\/landioustravel.com\\\/pl\\\/\"},{\"@type\":\"ListItem\",\"position\":3,\"name\":\"Wycieczka do Memphis i Sakkary z Hurghady\"}]},{\"@type\":\"WebSite\",\"@id\":\"https:\\\/\\\/landioustravel.com\\\/pl\\\/#website\",\"url\":\"https:\\\/\\\/landioustravel.com\\\/pl\\\/\",\"name\":\"Landious Travel\",\"description\":\"Excursions, trips and cruises in Egypt\",\"publisher\":{\"@id\":\"https:\\\/\\\/landioustravel.com\\\/pl\\\/#organization\"},\"potentialAction\":[{\"@type\":\"SearchAction\",\"target\":{\"@type\":\"EntryPoint\",\"urlTemplate\":\"https:\\\/\\\/landioustravel.com\\\/pl\\\/?s={search_term_string}\"},\"query-input\":{\"@type\":\"PropertyValueSpecification\",\"valueRequired\":true,\"valueName\":\"search_term_string\"}}],\"inLanguage\":\"pl-PL\"},{\"@type\":[\"Organization\",\"Place\"],\"@id\":\"https:\\\/\\\/landioustravel.com\\\/pl\\\/#organization\",\"name\":\"Landious Travel\",\"alternateName\":\"Landious Travel\",\"url\":\"https:\\\/\\\/landioustravel.com\\\/pl\\\/\",\"logo\":{\"@id\":\"https:\\\/\\\/landioustravel.com\\\/pl\\\/shop\\\/wycieczka-memphis-sakkara-hurghada\\\/#local-main-organization-logo\"},\"image\":{\"@id\":\"https:\\\/\\\/landioustravel.com\\\/pl\\\/shop\\\/wycieczka-memphis-sakkara-hurghada\\\/#local-main-organization-logo\"},\"sameAs\":[\"https:\\\/\\\/web.facebook.com\\\/landiousEgypt\",\"https:\\\/\\\/x.com\\\/LandiousTours\",\"https:\\\/\\\/mastodon.social\\\/@landious\"],\"legalName\":\"Landious Travel\",\"telephone\":[],\"openingHoursSpecification\":[{\"@type\":\"OpeningHoursSpecification\",\"dayOfWeek\":[\"Monday\",\"Tuesday\",\"Wednesday\",\"Thursday\",\"Friday\",\"Saturday\",\"Sunday\"],\"opens\":\"09:00\",\"closes\":\"17:00\"}]},{\"@type\":\"ImageObject\",\"inLanguage\":\"pl-PL\",\"@id\":\"https:\\\/\\\/landioustravel.com\\\/pl\\\/shop\\\/wycieczka-memphis-sakkara-hurghada\\\/#local-main-organization-logo\",\"url\":\"https:\\\/\\\/i0.wp.com\\\/landioustravel.com\\\/wp-content\\\/uploads\\\/2021\\\/06\\\/Landious-T.png?fit=500%2C500&ssl=1\",\"contentUrl\":\"https:\\\/\\\/i0.wp.com\\\/landioustravel.com\\\/wp-content\\\/uploads\\\/2021\\\/06\\\/Landious-T.png?fit=500%2C500&ssl=1\",\"width\":500,\"height\":500,\"caption\":\"Landious Travel\"}]}<\/script>\n<!-- \/ Yoast SEO Premium plugin. -->","yoast_head_json":{"title":"Wycieczka do Memphis i Sakkary z Hurghady","description":"Wycieczka do Memphis i Sakkary z Hurghady Wycieczka daje mo\u017cliwo\u015b\u0107 zwiedzenia trzech piramid w Gizie, \u015awi\u0105tyni Doliny (\u015awi\u0105tynia Mumifikacji), Wielkiego","robots":{"index":"index","follow":"follow","max-snippet":"max-snippet:-1","max-image-preview":"max-image-preview:large","max-video-preview":"max-video-preview:-1"},"canonical":"https:\/\/landioustravel.com\/pl\/shop\/wycieczka-memphis-sakkara-hurghada\/","og_locale":"pl_PL","og_type":"article","og_title":"Wycieczka do Memphis i Sakkary z Hurghady","og_description":"Landious Travel","og_url":"https:\/\/landioustravel.com\/pl\/shop\/wycieczka-memphis-sakkara-hurghada\/","og_site_name":"Landious Travel","article_publisher":"https:\/\/web.facebook.com\/landiousEgypt","article_modified_time":"2024-07-05T06:17:26+00:00","og_image":[{"width":1200,"height":675,"url":"https:\/\/i0.wp.com\/landioustravel.com\/wp-content\/uploads\/2020\/12\/Memphis-Sakkara-Trip-Hurghada-e1617497813928.jpg?fit=1200%2C675&ssl=1","type":"image\/jpeg"}],"twitter_card":"summary_large_image","twitter_site":"@LandiousTours","twitter_misc":{"Szacowany czas czytania":"2 minuty"},"schema":{"@context":"https:\/\/schema.org","@graph":[{"@type":"WebPage","@id":"https:\/\/landioustravel.com\/pl\/shop\/wycieczka-memphis-sakkara-hurghada\/","url":"https:\/\/landioustravel.com\/pl\/shop\/wycieczka-memphis-sakkara-hurghada\/","name":"Wycieczka do Memphis i Sakkary z Hurghady","isPartOf":{"@id":"https:\/\/landioustravel.com\/pl\/#website"},"primaryImageOfPage":{"@id":"https:\/\/landioustravel.com\/pl\/shop\/wycieczka-memphis-sakkara-hurghada\/#primaryimage"},"image":{"@id":"https:\/\/landioustravel.com\/pl\/shop\/wycieczka-memphis-sakkara-hurghada\/#primaryimage"},"thumbnailUrl":"https:\/\/i0.wp.com\/landioustravel.com\/wp-content\/uploads\/2020\/12\/Memphis-Sakkara-Trip-Hurghada-e1617497813928.jpg?fit=1200%2C675&ssl=1","datePublished":"2020-12-24T02:49:18+00:00","dateModified":"2024-07-05T06:17:26+00:00","description":"Wycieczka do Memphis i Sakkary z Hurghady Wycieczka daje mo\u017cliwo\u015b\u0107 zwiedzenia trzech piramid w Gizie, \u015awi\u0105tyni Doliny (\u015awi\u0105tynia Mumifikacji), Wielkiego","breadcrumb":{"@id":"https:\/\/landioustravel.com\/pl\/shop\/wycieczka-memphis-sakkara-hurghada\/#breadcrumb"},"inLanguage":"pl-PL","potentialAction":[{"@type":"ReadAction","target":["https:\/\/landioustravel.com\/pl\/shop\/wycieczka-memphis-sakkara-hurghada\/"]}]},{"@type":"ImageObject","inLanguage":"pl-PL","@id":"https:\/\/landioustravel.com\/pl\/shop\/wycieczka-memphis-sakkara-hurghada\/#primaryimage","url":"https:\/\/i0.wp.com\/landioustravel.com\/wp-content\/uploads\/2020\/12\/Memphis-Sakkara-Trip-Hurghada-e1617497813928.jpg?fit=1200%2C675&ssl=1","contentUrl":"https:\/\/i0.wp.com\/landioustravel.com\/wp-content\/uploads\/2020\/12\/Memphis-Sakkara-Trip-Hurghada-e1617497813928.jpg?fit=1200%2C675&ssl=1","width":1200,"height":675,"caption":"Memphis Sakkara Trip Hurghada"},{"@type":"BreadcrumbList","@id":"https:\/\/landioustravel.com\/pl\/shop\/wycieczka-memphis-sakkara-hurghada\/#breadcrumb","itemListElement":[{"@type":"ListItem","position":1,"name":"Home","item":"https:\/\/landioustravel.com\/pl\/"},{"@type":"ListItem","position":2,"name":"Us\u0142ugi i wycieczki","item":"https:\/\/landioustravel.com\/pl\/"},{"@type":"ListItem","position":3,"name":"Wycieczka do Memphis i Sakkary z Hurghady"}]},{"@type":"WebSite","@id":"https:\/\/landioustravel.com\/pl\/#website","url":"https:\/\/landioustravel.com\/pl\/","name":"Landious Travel","description":"Excursions, trips and cruises in Egypt","publisher":{"@id":"https:\/\/landioustravel.com\/pl\/#organization"},"potentialAction":[{"@type":"SearchAction","target":{"@type":"EntryPoint","urlTemplate":"https:\/\/landioustravel.com\/pl\/?s={search_term_string}"},"query-input":{"@type":"PropertyValueSpecification","valueRequired":true,"valueName":"search_term_string"}}],"inLanguage":"pl-PL"},{"@type":["Organization","Place"],"@id":"https:\/\/landioustravel.com\/pl\/#organization","name":"Landious Travel","alternateName":"Landious Travel","url":"https:\/\/landioustravel.com\/pl\/","logo":{"@id":"https:\/\/landioustravel.com\/pl\/shop\/wycieczka-memphis-sakkara-hurghada\/#local-main-organization-logo"},"image":{"@id":"https:\/\/landioustravel.com\/pl\/shop\/wycieczka-memphis-sakkara-hurghada\/#local-main-organization-logo"},"sameAs":["https:\/\/web.facebook.com\/landiousEgypt","https:\/\/x.com\/LandiousTours","https:\/\/mastodon.social\/@landious"],"legalName":"Landious Travel","telephone":[],"openingHoursSpecification":[{"@type":"OpeningHoursSpecification","dayOfWeek":["Monday","Tuesday","Wednesday","Thursday","Friday","Saturday","Sunday"],"opens":"09:00","closes":"17:00"}]},{"@type":"ImageObject","inLanguage":"pl-PL","@id":"https:\/\/landioustravel.com\/pl\/shop\/wycieczka-memphis-sakkara-hurghada\/#local-main-organization-logo","url":"https:\/\/i0.wp.com\/landioustravel.com\/wp-content\/uploads\/2021\/06\/Landious-T.png?fit=500%2C500&ssl=1","contentUrl":"https:\/\/i0.wp.com\/landioustravel.com\/wp-content\/uploads\/2021\/06\/Landious-T.png?fit=500%2C500&ssl=1","width":500,"height":500,"caption":"Landious Travel"}]}},"jetpack_publicize_connections":[],"uagb_featured_image_src":{"full":["https:\/\/i0.wp.com\/landioustravel.com\/wp-content\/uploads\/2020\/12\/Memphis-Sakkara-Trip-Hurghada-e1617497813928.jpg?fit=1200%2C675&ssl=1",1200,675,false],"thumbnail":["https:\/\/i0.wp.com\/landioustravel.com\/wp-content\/uploads\/2020\/12\/Memphis-Sakkara-Trip-Hurghada-e1617497813928.jpg?resize=150%2C150&ssl=1",150,150,true],"medium":["https:\/\/i0.wp.com\/landioustravel.com\/wp-content\/uploads\/2020\/12\/Memphis-Sakkara-Trip-Hurghada-e1617497813928.jpg?fit=300%2C169&ssl=1",300,169,true],"medium_large":["https:\/\/i0.wp.com\/landioustravel.com\/wp-content\/uploads\/2020\/12\/Memphis-Sakkara-Trip-Hurghada-e1617497813928.jpg?fit=768%2C432&ssl=1",768,432,true],"large":["https:\/\/i0.wp.com\/landioustravel.com\/wp-content\/uploads\/2020\/12\/Memphis-Sakkara-Trip-Hurghada-e1617497813928.jpg?fit=980%2C551&ssl=1",980,551,true],"1536x1536":["https:\/\/i0.wp.com\/landioustravel.com\/wp-content\/uploads\/2020\/12\/Memphis-Sakkara-Trip-Hurghada-e1617497813928.jpg?fit=1536%2C864&ssl=1",1536,864,true],"2048x2048":["https:\/\/i0.wp.com\/landioustravel.com\/wp-content\/uploads\/2020\/12\/Memphis-Sakkara-Trip-Hurghada-e1617497813928.jpg?fit=1200%2C675&ssl=1",1200,675,true],"newspack-article-block-landscape-large":["https:\/\/i0.wp.com\/landioustravel.com\/wp-content\/uploads\/2020\/12\/Memphis-Sakkara-Trip-Hurghada-e1617497813928.jpg?resize=1200%2C675&ssl=1",1200,900,true],"newspack-article-block-portrait-large":["https:\/\/i0.wp.com\/landioustravel.com\/wp-content\/uploads\/2020\/12\/Memphis-Sakkara-Trip-Hurghada-e1617497813928.jpg?resize=900%2C675&ssl=1",900,1152,true],"newspack-article-block-square-large":["https:\/\/i0.wp.com\/landioustravel.com\/wp-content\/uploads\/2020\/12\/Memphis-Sakkara-Trip-Hurghada-e1617497813928.jpg?resize=1200%2C675&ssl=1",1200,1152,true],"newspack-article-block-landscape-medium":["https:\/\/i0.wp.com\/landioustravel.com\/wp-content\/uploads\/2020\/12\/Memphis-Sakkara-Trip-Hurghada-e1617497813928.jpg?resize=800%2C600&ssl=1",800,600,true],"newspack-article-block-portrait-medium":["https:\/\/i0.wp.com\/landioustravel.com\/wp-content\/uploads\/2020\/12\/Memphis-Sakkara-Trip-Hurghada-e1617497813928.jpg?resize=600%2C675&ssl=1",600,800,true],"newspack-article-block-square-medium":["https:\/\/i0.wp.com\/landioustravel.com\/wp-content\/uploads\/2020\/12\/Memphis-Sakkara-Trip-Hurghada-e1617497813928.jpg?resize=800%2C675&ssl=1",800,800,true],"newspack-article-block-landscape-intermediate":["https:\/\/i0.wp.com\/landioustravel.com\/wp-content\/uploads\/2020\/12\/Memphis-Sakkara-Trip-Hurghada-e1617497813928.jpg?resize=600%2C450&ssl=1",600,450,true],"newspack-article-block-portrait-intermediate":["https:\/\/i0.wp.com\/landioustravel.com\/wp-content\/uploads\/2020\/12\/Memphis-Sakkara-Trip-Hurghada-e1617497813928.jpg?resize=450%2C600&ssl=1",450,600,true],"newspack-article-block-square-intermediate":["https:\/\/i0.wp.com\/landioustravel.com\/wp-content\/uploads\/2020\/12\/Memphis-Sakkara-Trip-Hurghada-e1617497813928.jpg?resize=600%2C600&ssl=1",600,600,true],"newspack-article-block-landscape-small":["https:\/\/i0.wp.com\/landioustravel.com\/wp-content\/uploads\/2020\/12\/Memphis-Sakkara-Trip-Hurghada-e1617497813928.jpg?resize=400%2C300&ssl=1",400,300,true],"newspack-article-block-portrait-small":["https:\/\/i0.wp.com\/landioustravel.com\/wp-content\/uploads\/2020\/12\/Memphis-Sakkara-Trip-Hurghada-e1617497813928.jpg?resize=300%2C400&ssl=1",300,400,true],"newspack-article-block-square-small":["https:\/\/i0.wp.com\/landioustravel.com\/wp-content\/uploads\/2020\/12\/Memphis-Sakkara-Trip-Hurghada-e1617497813928.jpg?resize=400%2C400&ssl=1",400,400,true],"newspack-article-block-landscape-tiny":["https:\/\/i0.wp.com\/landioustravel.com\/wp-content\/uploads\/2020\/12\/Memphis-Sakkara-Trip-Hurghada-e1617497813928.jpg?resize=200%2C150&ssl=1",200,150,true],"newspack-article-block-portrait-tiny":["https:\/\/i0.wp.com\/landioustravel.com\/wp-content\/uploads\/2020\/12\/Memphis-Sakkara-Trip-Hurghada-e1617497813928.jpg?resize=150%2C200&ssl=1",150,200,true],"newspack-article-block-square-tiny":["https:\/\/i0.wp.com\/landioustravel.com\/wp-content\/uploads\/2020\/12\/Memphis-Sakkara-Trip-Hurghada-e1617497813928.jpg?resize=200%2C200&ssl=1",200,200,true],"newspack-article-block-uncropped":["https:\/\/i0.wp.com\/landioustravel.com\/wp-content\/uploads\/2020\/12\/Memphis-Sakkara-Trip-Hurghada-e1617497813928.jpg?fit=1200%2C675&ssl=1",1200,675,true],"woocommerce_thumbnail":["https:\/\/i0.wp.com\/landioustravel.com\/wp-content\/uploads\/2020\/12\/Memphis-Sakkara-Trip-Hurghada-e1617497813928.jpg?resize=324%2C324&ssl=1",324,324,true],"woocommerce_single":["https:\/\/i0.wp.com\/landioustravel.com\/wp-content\/uploads\/2020\/12\/Memphis-Sakkara-Trip-Hurghada-e1617497813928.jpg?fit=416%2C234&ssl=1",416,234,true],"woocommerce_gallery_thumbnail":["https:\/\/i0.wp.com\/landioustravel.com\/wp-content\/uploads\/2020\/12\/Memphis-Sakkara-Trip-Hurghada-e1617497813928.jpg?resize=100%2C100&ssl=1",100,100,true]},"uagb_author_info":{"display_name":"Mofreh Landious","author_link":"https:\/\/landioustravel.com\/pl\/author\/"},"uagb_comment_info":4,"uagb_excerpt":"Odkryj cuda Egiptu podczas prywatnej jednodniowej wycieczki do piramid w Memphis Sakkara i Dahshur. Tw\u00f3j do\u015bwiadczony przewodnik po Marsa Alam odbierze Ci\u0119 z hotelu i zabierze w niezapomnian\u0105 podr\u00f3\u017c. Rozpocznij swoj\u0105 przygod\u0119 w Sakkarze, gdzie odwiedzisz najstarsz\u0105 na \u015bwiecie du\u017c\u0105 kamienn\u0105 struktur\u0119, piramid\u0119 schodkow\u0105 kr\u00f3la D\u017cesera. Nast\u0119pnie zjedz pyszny lunch w lokalnej restauracji, po czym&hellip;","jetpack_sharing_enabled":true,"jetpack_likes_enabled":true,"amp_enabled":true,"_links":{"self":[{"href":"https:\/\/landioustravel.com\/pl\/wp-json\/wp\/v2\/product\/26642","targetHints":{"allow":["GET"]}}],"collection":[{"href":"https:\/\/landioustravel.com\/pl\/wp-json\/wp\/v2\/product"}],"about":[{"href":"https:\/\/landioustravel.com\/pl\/wp-json\/wp\/v2\/types\/product"}],"replies":[{"embeddable":true,"href":"https:\/\/landioustravel.com\/pl\/wp-json\/wp\/v2\/comments?post=26642"}],"wp:featuredmedia":[{"embeddable":true,"href":"https:\/\/landioustravel.com\/pl\/wp-json\/wp\/v2\/media\/45335"}],"wp:attachment":[{"href":"https:\/\/landioustravel.com\/pl\/wp-json\/wp\/v2\/media?parent=26642"}],"wp:term":[{"taxonomy":"product_brand","embeddable":true,"href":"https:\/\/landioustravel.com\/pl\/wp-json\/wp\/v2\/product_brand?post=26642"},{"taxonomy":"product_cat","embeddable":true,"href":"https:\/\/landioustravel.com\/pl\/wp-json\/wp\/v2\/product_cat?post=26642"},{"taxonomy":"product_tag","embeddable":true,"href":"https:\/\/landioustravel.com\/pl\/wp-json\/wp\/v2\/product_tag?post=26642"}],"curies":[{"name":"wp","href":"https:\/\/api.w.org\/{rel}","templated":true}]}}