{"id":2702,"date":"2018-11-19T15:43:39","date_gmt":"2019-03-08T12:09:54","guid":{"rendered":"https:\/\/landioustravel.com\/?post_type=product&#038;p=2702"},"modified":"2024-05-30T09:18:05","modified_gmt":"2024-05-30T06:18:05","slug":"wycieczka-jeep-safari-hurghadzie","status":"publish","type":"product","link":"https:\/\/landioustravel.com\/pl\/shop\/wycieczka-jeep-safari-hurghadzie\/","title":{"rendered":"Wycieczka Super Jeep-Safari w Hurghadzie"},"content":{"rendered":"<p>Bardzo aktywna wycieczka na Jeep Safari w Hurghadzie! Polecamy wycieczk\u0119, poniewa\u017c pozwala turystom dobrze je\u017adzi\u0107 na d\u0142ugich dystansach &#8211; 50 km, zobaczy\u0107 pustyni\u0119 w Egipcie i pozna\u0107 kultur\u0119 Beduin\u00f3w.<\/p>\n<h2>G\u0142\u00f3wne punkty programu wycieczki w Jeep Safari<\/h2>\n<ul>\n<li>Jeep jedzie przez 50 km na pustyni<\/li>\n<li>Nast\u0119pnie jazda na wielb\u0142\u0105dzie<\/li>\n<li>Nast\u0119pnie wizyta w terrarium<\/li>\n<li>I wie\u015b Beduin\u00f3w<\/li>\n<li>Mimo to, maj\u0105c czas na obiad i orientalne ta\u0144ce<\/li>\n<\/ul>\n<h3>Program wycieczek Jeep Safari z Hurghady<\/h3>\n<ul>\n<li>Jeste\u015b odebrany z hotelu oko\u0142o godziny 13:00<\/li>\n<li>Po podniesieniu wszystkich ch\u0119tnych jeep jedzie w kierunku pustyni, gdzie znajduje si\u0119 baza jeep\u00f3w. Doj\u015bcie do niego zajmuje oko\u0142o 20 minut.<\/li>\n<li>Po pierwsze, musisz przygotowa\u0107 si\u0119 na noszenie okular\u00f3w przeciws\u0142onecznych i wi\u0105zanie szalika na g\u0142owie<\/li>\n<li>Potem jest szkolenie i instrukta\u017c na kr\u00f3tko<\/li>\n<li>Dalej idziesz 25 km przez wzg\u00f3rza i g\u00f3ry pustyni do wioski Beduin\u00f3w<\/li>\n<li>Jak tylko przyb\u0119dziesz do wioski Beduin\u00f3w, pojedziesz na wielb\u0142\u0105dach i zrobisz zdj\u0119cia Beduinom<\/li>\n<li>Nast\u0119pnie odwiedzasz terrarium<\/li>\n<li>Po wizycie w terrarium, przewodnik towarzyszy Ci do wioski Beduin\u00f3w. Pokazuje, jak Beduini ugotuj\u0105 chleb i jak si\u0119 ubieraj\u0105<\/li>\n<li>W namiocie Beduin\u00f3w dostaniesz obiad. Co wi\u0119cej, ogl\u0105dasz orientalne ta\u0144ce i widzisz gwiazdy za pomoc\u0105 teleskopu<\/li>\n<li>Nast\u0119pnie przygotowujesz si\u0119 do pokonania 25 km na pustyni<\/li>\n<\/ul>\n<h4>Co wliczone jest w cen\u0119 podr\u00f3\u017cy<\/h4>\n<ul>\n<li>Obiad<\/li>\n<li>Przejazd na pustyni\u0119 i powr\u00f3t do hotelu<\/li>\n<\/ul>\n<h5>Co nie jest wliczone w cen\u0119 wycieczki<\/h5>\n<ul>\n<li>DVD wideo<\/li>\n<li>Photo CD<\/li>\n<\/ul>\n<h6>Co zabra\u0107 ze sob\u0105 na wycieczk\u0119<\/h6>\n<ul>\n<li>Szalik<\/li>\n<li>Okulary s\u0142oneczne<\/li>\n<\/ul>\n<h6>DNI ORGANIZACJI WYCIECZKOWEJ<\/h6>\n<ul>\n<li>Codziennie od 13:00 do 19:00<\/li>\n<\/ul>\n","protected":false},"excerpt":{"rendered":"<p>Wyrusz w niezapomnian\u0105 przygod\u0119 na pustyni w pobli\u017cu Hurghady z naszym programem Jeep Safari. Nasza wycieczka oferuje ekscytuj\u0105ce wra\u017cenia, podczas kt\u00f3rych b\u0119dziesz je\u017adzi\u0107 jeepem, spotyka\u0107 Beduin\u00f3w i poznawa\u0107 ich kultur\u0119. B\u0119dziesz mia\u0142 r\u00f3wnie\u017c okazj\u0119 poje\u017adzi\u0107 na wielb\u0142\u0105dach, odwiedzi\u0107 terrarium i zje\u015b\u0107 pyszny obiad z orientalnymi ta\u0144cami. Cena wycieczki obejmuje transfery i kolacj\u0119, wi\u0119c wszystko, co musisz zrobi\u0107, to usi\u0105\u015b\u0107, zrelaksowa\u0107 si\u0119 i cieszy\u0107 si\u0119 jazd\u0105.<\/p>\n<p>Do\u0142\u0105cz do nas w naszej przygodzie Jeepem do bedui\u0144skiej wioski Hurghada i poznaj magi\u0119 Sahary. Nasz zesp\u00f3\u0142 odbierze Ci\u0119 z hotelu jeepem 4x4WD i zabierze do naszego centrum safari, gdzie mo\u017cesz zrobi\u0107 sobie przerw\u0119 i spotka\u0107 si\u0119 ze swoim przewodnikiem.<\/p>\n<p>Rozumiemy znaczenie natury i tego, jak mo\u017ce ona wnie\u015b\u0107 pok\u00f3j i rado\u015b\u0107 do \u017cycia. Dlatego oferujemy Ci mo\u017cliwo\u015b\u0107 odkrywania pustyni i podziwiania jej cud\u00f3w. Podczas wycieczki zatrzymamy si\u0119, aby zobaczy\u0107 mira\u017c i wspi\u0105\u0107 si\u0119 na ogromn\u0105 piaszczyst\u0105 wydm\u0119, aby podziwia\u0107 zapieraj\u0105cy dech w piersiach widok. Po 45 minutach jazdy (30 km) z widokiem na majestatyczne g\u00f3ry Synaj dotrzesz do wioski Beduin\u00f3w.<\/p>\n<p>Wioska Beduin\u00f3w to wyj\u0105tkowe miejsce, w kt\u00f3rym mo\u017cna pozna\u0107 bedui\u0144ski styl \u017cycia i tradycje. Skosztuj pysznego bedui\u0144skiego chleba i herbaty, wybierz si\u0119 na przeja\u017cd\u017ck\u0119 na wielb\u0142\u0105dzie i odwied\u017a nasze terrarium, aby zobaczy\u0107 niekt\u00f3re z najbardziej fascynuj\u0105cych stworze\u0144 pustyni.<\/p>\n<p>Gdy s\u0142o\u0144ce zachodzi, b\u0119dziesz cieszy\u0107 si\u0119 wspania\u0142\u0105 bedui\u0144sk\u0105 kolacj\u0105 w formie otwartego bufetu z nieograniczonymi napojami i wod\u0105. Fantastyczny pokaz orientalny, w tym Tanura i taniec brzucha, r\u00f3wnie\u017c Ci\u0119 ubawi. Na koniec zabierzemy Ci\u0119 z powrotem do punktu wyj\u015bcia z Jeepem 4x4WD.<\/p>\n<p>Mamy nadziej\u0119, \u017ce do\u0142\u0105czysz do nas w tej przygodzie i stworzysz niezapomniane wspomnienia, kt\u00f3re zostan\u0105 na ca\u0142e \u017cycie.<\/p>\n","protected":false},"featured_media":100623,"comment_status":"open","ping_status":"closed","template":"","meta":{"_coblocks_attr":"","_coblocks_dimensions":"","_coblocks_responsive_height":"","_coblocks_accordion_ie_support":"","_uag_custom_page_level_css":"","jetpack_post_was_ever_published":false,"jetpack_publicize_message":"","jetpack_publicize_feature_enabled":true,"jetpack_social_post_already_shared":false,"jetpack_social_options":{"image_generator_settings":{"template":"highway","default_image_id":0,"font":"","enabled":false},"version":2},"_wpas_customize_per_network":false},"product_brand":[],"product_cat":[1948,1943],"product_tag":[1956,2203,2028,1961],"class_list":{"0":"post-2702","1":"product","2":"type-product","3":"status-publish","4":"has-post-thumbnail","6":"product_cat-wycieczki-safari-pustyni-hurghadzie","7":"product_cat-wycieczki-w-hurghadzie","8":"product_tag-hurghada-pl","9":"product_tag-jeep-safari-pl","10":"product_tag-safari-pl","11":"product_tag-wycieczka","12":"pa_age-dorosly","13":"pa_age-dziecko","15":"first","16":"instock","17":"sale","18":"purchasable","19":"product-type-variable"},"yoast_head":"<!-- This site is optimized with the Yoast SEO Premium plugin v26.9 (Yoast SEO v27.3) - https:\/\/yoast.com\/product\/yoast-seo-premium-wordpress\/ -->\n<title>Wycieczka Super Jeep-Safari w Hurghadzie<\/title>\n<meta name=\"description\" content=\"Wycieczka Super Jeep-Safari w Hurghadzie jazda na jeepie, na wielb\u0142\u0105dzie, ogl\u0105danie terrarium i wizyta w staro\u017cytnym Beduin\u00f3w. Program obejmuje kolacj\u0119\" \/>\n<meta name=\"robots\" content=\"index, follow, max-snippet:-1, max-image-preview:large, max-video-preview:-1\" \/>\n<link rel=\"canonical\" href=\"https:\/\/landioustravel.com\/pl\/shop\/wycieczka-jeep-safari-hurghadzie\/\" \/>\n<meta property=\"og:locale\" content=\"pl_PL\" \/>\n<meta property=\"og:type\" content=\"article\" \/>\n<meta property=\"og:title\" content=\"Wycieczka Super Jeep-Safari w Hurghadzie\" \/>\n<meta property=\"og:description\" content=\"Landious Travel\" \/>\n<meta property=\"og:url\" content=\"https:\/\/landioustravel.com\/pl\/shop\/wycieczka-jeep-safari-hurghadzie\/\" \/>\n<meta property=\"og:site_name\" content=\"Landious Travel\" \/>\n<meta property=\"article:publisher\" content=\"https:\/\/web.facebook.com\/landiousEgypt\" \/>\n<meta property=\"article:modified_time\" content=\"2024-05-30T06:18:05+00:00\" \/>\n<meta property=\"og:image\" content=\"https:\/\/i0.wp.com\/landioustravel.com\/wp-content\/uploads\/2018\/11\/Super-Jeep-Safari-Excursion-from-Hurghada-e1669672083615.jpg?fit=1200%2C675&ssl=1\" \/>\n\t<meta property=\"og:image:width\" content=\"1200\" \/>\n\t<meta property=\"og:image:height\" content=\"675\" \/>\n\t<meta property=\"og:image:type\" content=\"image\/jpeg\" \/>\n<meta name=\"twitter:card\" content=\"summary_large_image\" \/>\n<meta name=\"twitter:site\" content=\"@LandiousTours\" \/>\n<meta name=\"twitter:label1\" content=\"Szacowany czas czytania\" \/>\n\t<meta name=\"twitter:data1\" content=\"2 minuty\" \/>\n<script type=\"application\/ld+json\" class=\"yoast-schema-graph\">{\"@context\":\"https:\\\/\\\/schema.org\",\"@graph\":[{\"@type\":\"WebPage\",\"@id\":\"https:\\\/\\\/landioustravel.com\\\/pl\\\/shop\\\/wycieczka-jeep-safari-hurghadzie\\\/\",\"url\":\"https:\\\/\\\/landioustravel.com\\\/pl\\\/shop\\\/wycieczka-jeep-safari-hurghadzie\\\/\",\"name\":\"Wycieczka Super Jeep-Safari w Hurghadzie\",\"isPartOf\":{\"@id\":\"https:\\\/\\\/landioustravel.com\\\/pl\\\/#website\"},\"primaryImageOfPage\":{\"@id\":\"https:\\\/\\\/landioustravel.com\\\/pl\\\/shop\\\/wycieczka-jeep-safari-hurghadzie\\\/#primaryimage\"},\"image\":{\"@id\":\"https:\\\/\\\/landioustravel.com\\\/pl\\\/shop\\\/wycieczka-jeep-safari-hurghadzie\\\/#primaryimage\"},\"thumbnailUrl\":\"https:\\\/\\\/i0.wp.com\\\/landioustravel.com\\\/wp-content\\\/uploads\\\/2018\\\/11\\\/Super-Jeep-Safari-Excursion-from-Hurghada-e1669672083615.jpg?fit=1200%2C675&ssl=1\",\"datePublished\":\"2019-03-08T12:09:54+00:00\",\"dateModified\":\"2024-05-30T06:18:05+00:00\",\"description\":\"Wycieczka Super Jeep-Safari w Hurghadzie jazda na jeepie, na wielb\u0142\u0105dzie, ogl\u0105danie terrarium i wizyta w staro\u017cytnym Beduin\u00f3w. Program obejmuje kolacj\u0119\",\"breadcrumb\":{\"@id\":\"https:\\\/\\\/landioustravel.com\\\/pl\\\/shop\\\/wycieczka-jeep-safari-hurghadzie\\\/#breadcrumb\"},\"inLanguage\":\"pl-PL\",\"potentialAction\":[{\"@type\":\"ReadAction\",\"target\":[\"https:\\\/\\\/landioustravel.com\\\/pl\\\/shop\\\/wycieczka-jeep-safari-hurghadzie\\\/\"]}]},{\"@type\":\"ImageObject\",\"inLanguage\":\"pl-PL\",\"@id\":\"https:\\\/\\\/landioustravel.com\\\/pl\\\/shop\\\/wycieczka-jeep-safari-hurghadzie\\\/#primaryimage\",\"url\":\"https:\\\/\\\/i0.wp.com\\\/landioustravel.com\\\/wp-content\\\/uploads\\\/2018\\\/11\\\/Super-Jeep-Safari-Excursion-from-Hurghada-e1669672083615.jpg?fit=1200%2C675&ssl=1\",\"contentUrl\":\"https:\\\/\\\/i0.wp.com\\\/landioustravel.com\\\/wp-content\\\/uploads\\\/2018\\\/11\\\/Super-Jeep-Safari-Excursion-from-Hurghada-e1669672083615.jpg?fit=1200%2C675&ssl=1\",\"width\":1200,\"height\":675,\"caption\":\"Super Jeep Safari Excursion from Hurghada\"},{\"@type\":\"BreadcrumbList\",\"@id\":\"https:\\\/\\\/landioustravel.com\\\/pl\\\/shop\\\/wycieczka-jeep-safari-hurghadzie\\\/#breadcrumb\",\"itemListElement\":[{\"@type\":\"ListItem\",\"position\":1,\"name\":\"Home\",\"item\":\"https:\\\/\\\/landioustravel.com\\\/pl\\\/\"},{\"@type\":\"ListItem\",\"position\":2,\"name\":\"Us\u0142ugi i wycieczki\",\"item\":\"https:\\\/\\\/landioustravel.com\\\/pl\\\/\"},{\"@type\":\"ListItem\",\"position\":3,\"name\":\"Wycieczka Super Jeep-Safari w Hurghadzie\"}]},{\"@type\":\"WebSite\",\"@id\":\"https:\\\/\\\/landioustravel.com\\\/pl\\\/#website\",\"url\":\"https:\\\/\\\/landioustravel.com\\\/pl\\\/\",\"name\":\"Landious Travel\",\"description\":\"Excursions, trips and cruises in Egypt\",\"publisher\":{\"@id\":\"https:\\\/\\\/landioustravel.com\\\/pl\\\/#organization\"},\"potentialAction\":[{\"@type\":\"SearchAction\",\"target\":{\"@type\":\"EntryPoint\",\"urlTemplate\":\"https:\\\/\\\/landioustravel.com\\\/pl\\\/?s={search_term_string}\"},\"query-input\":{\"@type\":\"PropertyValueSpecification\",\"valueRequired\":true,\"valueName\":\"search_term_string\"}}],\"inLanguage\":\"pl-PL\"},{\"@type\":[\"Organization\",\"Place\"],\"@id\":\"https:\\\/\\\/landioustravel.com\\\/pl\\\/#organization\",\"name\":\"Landious Travel\",\"alternateName\":\"Landious Travel\",\"url\":\"https:\\\/\\\/landioustravel.com\\\/pl\\\/\",\"logo\":{\"@id\":\"https:\\\/\\\/landioustravel.com\\\/pl\\\/shop\\\/wycieczka-jeep-safari-hurghadzie\\\/#local-main-organization-logo\"},\"image\":{\"@id\":\"https:\\\/\\\/landioustravel.com\\\/pl\\\/shop\\\/wycieczka-jeep-safari-hurghadzie\\\/#local-main-organization-logo\"},\"sameAs\":[\"https:\\\/\\\/web.facebook.com\\\/landiousEgypt\",\"https:\\\/\\\/x.com\\\/LandiousTours\",\"https:\\\/\\\/mastodon.social\\\/@landious\"],\"legalName\":\"Landious Travel\",\"telephone\":[],\"openingHoursSpecification\":[{\"@type\":\"OpeningHoursSpecification\",\"dayOfWeek\":[\"Monday\",\"Tuesday\",\"Wednesday\",\"Thursday\",\"Friday\",\"Saturday\",\"Sunday\"],\"opens\":\"09:00\",\"closes\":\"17:00\"}]},{\"@type\":\"ImageObject\",\"inLanguage\":\"pl-PL\",\"@id\":\"https:\\\/\\\/landioustravel.com\\\/pl\\\/shop\\\/wycieczka-jeep-safari-hurghadzie\\\/#local-main-organization-logo\",\"url\":\"https:\\\/\\\/i0.wp.com\\\/landioustravel.com\\\/wp-content\\\/uploads\\\/2021\\\/06\\\/Landious-T.png?fit=500%2C500&ssl=1\",\"contentUrl\":\"https:\\\/\\\/i0.wp.com\\\/landioustravel.com\\\/wp-content\\\/uploads\\\/2021\\\/06\\\/Landious-T.png?fit=500%2C500&ssl=1\",\"width\":500,\"height\":500,\"caption\":\"Landious Travel\"}]}<\/script>\n<!-- \/ Yoast SEO Premium plugin. -->","yoast_head_json":{"title":"Wycieczka Super Jeep-Safari w Hurghadzie","description":"Wycieczka Super Jeep-Safari w Hurghadzie jazda na jeepie, na wielb\u0142\u0105dzie, ogl\u0105danie terrarium i wizyta w staro\u017cytnym Beduin\u00f3w. Program obejmuje kolacj\u0119","robots":{"index":"index","follow":"follow","max-snippet":"max-snippet:-1","max-image-preview":"max-image-preview:large","max-video-preview":"max-video-preview:-1"},"canonical":"https:\/\/landioustravel.com\/pl\/shop\/wycieczka-jeep-safari-hurghadzie\/","og_locale":"pl_PL","og_type":"article","og_title":"Wycieczka Super Jeep-Safari w Hurghadzie","og_description":"Landious Travel","og_url":"https:\/\/landioustravel.com\/pl\/shop\/wycieczka-jeep-safari-hurghadzie\/","og_site_name":"Landious Travel","article_publisher":"https:\/\/web.facebook.com\/landiousEgypt","article_modified_time":"2024-05-30T06:18:05+00:00","og_image":[{"width":1200,"height":675,"url":"https:\/\/i0.wp.com\/landioustravel.com\/wp-content\/uploads\/2018\/11\/Super-Jeep-Safari-Excursion-from-Hurghada-e1669672083615.jpg?fit=1200%2C675&ssl=1","type":"image\/jpeg"}],"twitter_card":"summary_large_image","twitter_site":"@LandiousTours","twitter_misc":{"Szacowany czas czytania":"2 minuty"},"schema":{"@context":"https:\/\/schema.org","@graph":[{"@type":"WebPage","@id":"https:\/\/landioustravel.com\/pl\/shop\/wycieczka-jeep-safari-hurghadzie\/","url":"https:\/\/landioustravel.com\/pl\/shop\/wycieczka-jeep-safari-hurghadzie\/","name":"Wycieczka Super Jeep-Safari w Hurghadzie","isPartOf":{"@id":"https:\/\/landioustravel.com\/pl\/#website"},"primaryImageOfPage":{"@id":"https:\/\/landioustravel.com\/pl\/shop\/wycieczka-jeep-safari-hurghadzie\/#primaryimage"},"image":{"@id":"https:\/\/landioustravel.com\/pl\/shop\/wycieczka-jeep-safari-hurghadzie\/#primaryimage"},"thumbnailUrl":"https:\/\/i0.wp.com\/landioustravel.com\/wp-content\/uploads\/2018\/11\/Super-Jeep-Safari-Excursion-from-Hurghada-e1669672083615.jpg?fit=1200%2C675&ssl=1","datePublished":"2019-03-08T12:09:54+00:00","dateModified":"2024-05-30T06:18:05+00:00","description":"Wycieczka Super Jeep-Safari w Hurghadzie jazda na jeepie, na wielb\u0142\u0105dzie, ogl\u0105danie terrarium i wizyta w staro\u017cytnym Beduin\u00f3w. Program obejmuje kolacj\u0119","breadcrumb":{"@id":"https:\/\/landioustravel.com\/pl\/shop\/wycieczka-jeep-safari-hurghadzie\/#breadcrumb"},"inLanguage":"pl-PL","potentialAction":[{"@type":"ReadAction","target":["https:\/\/landioustravel.com\/pl\/shop\/wycieczka-jeep-safari-hurghadzie\/"]}]},{"@type":"ImageObject","inLanguage":"pl-PL","@id":"https:\/\/landioustravel.com\/pl\/shop\/wycieczka-jeep-safari-hurghadzie\/#primaryimage","url":"https:\/\/i0.wp.com\/landioustravel.com\/wp-content\/uploads\/2018\/11\/Super-Jeep-Safari-Excursion-from-Hurghada-e1669672083615.jpg?fit=1200%2C675&ssl=1","contentUrl":"https:\/\/i0.wp.com\/landioustravel.com\/wp-content\/uploads\/2018\/11\/Super-Jeep-Safari-Excursion-from-Hurghada-e1669672083615.jpg?fit=1200%2C675&ssl=1","width":1200,"height":675,"caption":"Super Jeep Safari Excursion from Hurghada"},{"@type":"BreadcrumbList","@id":"https:\/\/landioustravel.com\/pl\/shop\/wycieczka-jeep-safari-hurghadzie\/#breadcrumb","itemListElement":[{"@type":"ListItem","position":1,"name":"Home","item":"https:\/\/landioustravel.com\/pl\/"},{"@type":"ListItem","position":2,"name":"Us\u0142ugi i wycieczki","item":"https:\/\/landioustravel.com\/pl\/"},{"@type":"ListItem","position":3,"name":"Wycieczka Super Jeep-Safari w Hurghadzie"}]},{"@type":"WebSite","@id":"https:\/\/landioustravel.com\/pl\/#website","url":"https:\/\/landioustravel.com\/pl\/","name":"Landious Travel","description":"Excursions, trips and cruises in Egypt","publisher":{"@id":"https:\/\/landioustravel.com\/pl\/#organization"},"potentialAction":[{"@type":"SearchAction","target":{"@type":"EntryPoint","urlTemplate":"https:\/\/landioustravel.com\/pl\/?s={search_term_string}"},"query-input":{"@type":"PropertyValueSpecification","valueRequired":true,"valueName":"search_term_string"}}],"inLanguage":"pl-PL"},{"@type":["Organization","Place"],"@id":"https:\/\/landioustravel.com\/pl\/#organization","name":"Landious Travel","alternateName":"Landious Travel","url":"https:\/\/landioustravel.com\/pl\/","logo":{"@id":"https:\/\/landioustravel.com\/pl\/shop\/wycieczka-jeep-safari-hurghadzie\/#local-main-organization-logo"},"image":{"@id":"https:\/\/landioustravel.com\/pl\/shop\/wycieczka-jeep-safari-hurghadzie\/#local-main-organization-logo"},"sameAs":["https:\/\/web.facebook.com\/landiousEgypt","https:\/\/x.com\/LandiousTours","https:\/\/mastodon.social\/@landious"],"legalName":"Landious Travel","telephone":[],"openingHoursSpecification":[{"@type":"OpeningHoursSpecification","dayOfWeek":["Monday","Tuesday","Wednesday","Thursday","Friday","Saturday","Sunday"],"opens":"09:00","closes":"17:00"}]},{"@type":"ImageObject","inLanguage":"pl-PL","@id":"https:\/\/landioustravel.com\/pl\/shop\/wycieczka-jeep-safari-hurghadzie\/#local-main-organization-logo","url":"https:\/\/i0.wp.com\/landioustravel.com\/wp-content\/uploads\/2021\/06\/Landious-T.png?fit=500%2C500&ssl=1","contentUrl":"https:\/\/i0.wp.com\/landioustravel.com\/wp-content\/uploads\/2021\/06\/Landious-T.png?fit=500%2C500&ssl=1","width":500,"height":500,"caption":"Landious Travel"}]}},"jetpack_publicize_connections":[],"uagb_featured_image_src":{"full":["https:\/\/i0.wp.com\/landioustravel.com\/wp-content\/uploads\/2018\/11\/Super-Jeep-Safari-Excursion-from-Hurghada-e1669672083615.jpg?fit=1200%2C675&ssl=1",1200,675,false],"thumbnail":["https:\/\/i0.wp.com\/landioustravel.com\/wp-content\/uploads\/2018\/11\/Super-Jeep-Safari-Excursion-from-Hurghada-e1669672083615.jpg?resize=150%2C150&ssl=1",150,150,true],"medium":["https:\/\/i0.wp.com\/landioustravel.com\/wp-content\/uploads\/2018\/11\/Super-Jeep-Safari-Excursion-from-Hurghada-e1669672083615.jpg?fit=300%2C169&ssl=1",300,169,true],"medium_large":["https:\/\/i0.wp.com\/landioustravel.com\/wp-content\/uploads\/2018\/11\/Super-Jeep-Safari-Excursion-from-Hurghada-e1669672083615.jpg?fit=768%2C432&ssl=1",768,432,true],"large":["https:\/\/i0.wp.com\/landioustravel.com\/wp-content\/uploads\/2018\/11\/Super-Jeep-Safari-Excursion-from-Hurghada-e1669672083615.jpg?fit=980%2C551&ssl=1",980,551,true],"1536x1536":["https:\/\/i0.wp.com\/landioustravel.com\/wp-content\/uploads\/2018\/11\/Super-Jeep-Safari-Excursion-from-Hurghada-e1669672083615.jpg?fit=1200%2C675&ssl=1",1200,675,true],"2048x2048":["https:\/\/i0.wp.com\/landioustravel.com\/wp-content\/uploads\/2018\/11\/Super-Jeep-Safari-Excursion-from-Hurghada-e1669672083615.jpg?fit=1200%2C675&ssl=1",1200,675,true],"newspack-article-block-landscape-large":["https:\/\/i0.wp.com\/landioustravel.com\/wp-content\/uploads\/2018\/11\/Super-Jeep-Safari-Excursion-from-Hurghada-e1669672083615.jpg?resize=1200%2C675&ssl=1",1200,675,true],"newspack-article-block-portrait-large":["https:\/\/i0.wp.com\/landioustravel.com\/wp-content\/uploads\/2018\/11\/Super-Jeep-Safari-Excursion-from-Hurghada-e1669672083615.jpg?resize=900%2C675&ssl=1",900,675,true],"newspack-article-block-square-large":["https:\/\/i0.wp.com\/landioustravel.com\/wp-content\/uploads\/2018\/11\/Super-Jeep-Safari-Excursion-from-Hurghada-e1669672083615.jpg?resize=1200%2C675&ssl=1",1200,675,true],"newspack-article-block-landscape-medium":["https:\/\/i0.wp.com\/landioustravel.com\/wp-content\/uploads\/2018\/11\/Super-Jeep-Safari-Excursion-from-Hurghada-e1669672083615.jpg?resize=800%2C600&ssl=1",800,600,true],"newspack-article-block-portrait-medium":["https:\/\/i0.wp.com\/landioustravel.com\/wp-content\/uploads\/2018\/11\/Super-Jeep-Safari-Excursion-from-Hurghada-e1669672083615.jpg?resize=600%2C675&ssl=1",600,675,true],"newspack-article-block-square-medium":["https:\/\/i0.wp.com\/landioustravel.com\/wp-content\/uploads\/2018\/11\/Super-Jeep-Safari-Excursion-from-Hurghada-e1669672083615.jpg?resize=800%2C675&ssl=1",800,675,true],"newspack-article-block-landscape-intermediate":["https:\/\/i0.wp.com\/landioustravel.com\/wp-content\/uploads\/2018\/11\/Super-Jeep-Safari-Excursion-from-Hurghada-e1669672083615.jpg?resize=600%2C450&ssl=1",600,450,true],"newspack-article-block-portrait-intermediate":["https:\/\/i0.wp.com\/landioustravel.com\/wp-content\/uploads\/2018\/11\/Super-Jeep-Safari-Excursion-from-Hurghada-e1669672083615.jpg?resize=450%2C600&ssl=1",450,600,true],"newspack-article-block-square-intermediate":["https:\/\/i0.wp.com\/landioustravel.com\/wp-content\/uploads\/2018\/11\/Super-Jeep-Safari-Excursion-from-Hurghada-e1669672083615.jpg?resize=600%2C600&ssl=1",600,600,true],"newspack-article-block-landscape-small":["https:\/\/i0.wp.com\/landioustravel.com\/wp-content\/uploads\/2018\/11\/Super-Jeep-Safari-Excursion-from-Hurghada-e1669672083615.jpg?resize=400%2C300&ssl=1",400,300,true],"newspack-article-block-portrait-small":["https:\/\/i0.wp.com\/landioustravel.com\/wp-content\/uploads\/2018\/11\/Super-Jeep-Safari-Excursion-from-Hurghada-e1669672083615.jpg?resize=300%2C400&ssl=1",300,400,true],"newspack-article-block-square-small":["https:\/\/i0.wp.com\/landioustravel.com\/wp-content\/uploads\/2018\/11\/Super-Jeep-Safari-Excursion-from-Hurghada-e1669672083615.jpg?resize=400%2C400&ssl=1",400,400,true],"newspack-article-block-landscape-tiny":["https:\/\/i0.wp.com\/landioustravel.com\/wp-content\/uploads\/2018\/11\/Super-Jeep-Safari-Excursion-from-Hurghada-e1669672083615.jpg?resize=200%2C150&ssl=1",200,150,true],"newspack-article-block-portrait-tiny":["https:\/\/i0.wp.com\/landioustravel.com\/wp-content\/uploads\/2018\/11\/Super-Jeep-Safari-Excursion-from-Hurghada-e1669672083615.jpg?resize=150%2C200&ssl=1",150,200,true],"newspack-article-block-square-tiny":["https:\/\/i0.wp.com\/landioustravel.com\/wp-content\/uploads\/2018\/11\/Super-Jeep-Safari-Excursion-from-Hurghada-e1669672083615.jpg?resize=200%2C200&ssl=1",200,200,true],"newspack-article-block-uncropped":["https:\/\/i0.wp.com\/landioustravel.com\/wp-content\/uploads\/2018\/11\/Super-Jeep-Safari-Excursion-from-Hurghada-e1669672083615.jpg?fit=1200%2C675&ssl=1",1200,675,true],"woocommerce_thumbnail":["https:\/\/i0.wp.com\/landioustravel.com\/wp-content\/uploads\/2018\/11\/Super-Jeep-Safari-Excursion-from-Hurghada-e1669672083615.jpg?resize=324%2C324&ssl=1",324,324,true],"woocommerce_single":["https:\/\/i0.wp.com\/landioustravel.com\/wp-content\/uploads\/2018\/11\/Super-Jeep-Safari-Excursion-from-Hurghada-e1669672083615.jpg?fit=416%2C234&ssl=1",416,234,true],"woocommerce_gallery_thumbnail":["https:\/\/i0.wp.com\/landioustravel.com\/wp-content\/uploads\/2018\/11\/Super-Jeep-Safari-Excursion-from-Hurghada-e1669672083615.jpg?resize=100%2C100&ssl=1",100,100,true]},"uagb_author_info":{"display_name":"Mofreh Landious","author_link":"https:\/\/landioustravel.com\/pl\/author\/"},"uagb_comment_info":5,"uagb_excerpt":"Wyrusz w niezapomnian\u0105 przygod\u0119 na pustyni w pobli\u017cu Hurghady z naszym programem Jeep Safari. Nasza wycieczka oferuje ekscytuj\u0105ce wra\u017cenia, podczas kt\u00f3rych b\u0119dziesz je\u017adzi\u0107 jeepem, spotyka\u0107 Beduin\u00f3w i poznawa\u0107 ich kultur\u0119. B\u0119dziesz mia\u0142 r\u00f3wnie\u017c okazj\u0119 poje\u017adzi\u0107 na wielb\u0142\u0105dach, odwiedzi\u0107 terrarium i zje\u015b\u0107 pyszny obiad z orientalnymi ta\u0144cami. Cena wycieczki obejmuje transfery i kolacj\u0119, wi\u0119c wszystko, co&hellip;","jetpack_sharing_enabled":true,"jetpack_likes_enabled":true,"amp_enabled":true,"_links":{"self":[{"href":"https:\/\/landioustravel.com\/pl\/wp-json\/wp\/v2\/product\/2702","targetHints":{"allow":["GET"]}}],"collection":[{"href":"https:\/\/landioustravel.com\/pl\/wp-json\/wp\/v2\/product"}],"about":[{"href":"https:\/\/landioustravel.com\/pl\/wp-json\/wp\/v2\/types\/product"}],"replies":[{"embeddable":true,"href":"https:\/\/landioustravel.com\/pl\/wp-json\/wp\/v2\/comments?post=2702"}],"wp:featuredmedia":[{"embeddable":true,"href":"https:\/\/landioustravel.com\/pl\/wp-json\/wp\/v2\/media\/100623"}],"wp:attachment":[{"href":"https:\/\/landioustravel.com\/pl\/wp-json\/wp\/v2\/media?parent=2702"}],"wp:term":[{"taxonomy":"product_brand","embeddable":true,"href":"https:\/\/landioustravel.com\/pl\/wp-json\/wp\/v2\/product_brand?post=2702"},{"taxonomy":"product_cat","embeddable":true,"href":"https:\/\/landioustravel.com\/pl\/wp-json\/wp\/v2\/product_cat?post=2702"},{"taxonomy":"product_tag","embeddable":true,"href":"https:\/\/landioustravel.com\/pl\/wp-json\/wp\/v2\/product_tag?post=2702"}],"curies":[{"name":"wp","href":"https:\/\/api.w.org\/{rel}","templated":true}]}}