{"id":2706,"date":"2023-03-27T15:36:54","date_gmt":"2018-11-12T13:36:54","guid":{"rendered":"https:\/\/landioustravel.com\/product\/trzygodziny-safari-hurghadzie\/"},"modified":"2024-07-22T18:42:27","modified_gmt":"2024-07-22T15:42:27","slug":"trzygodziny-safari-hurghadzie","status":"publish","type":"product","link":"https:\/\/landioustravel.com\/pl\/shop\/trzygodziny-safari-hurghadzie\/","title":{"rendered":"Trzy godziny Moto Safari w Hurghadzie"},"content":{"rendered":"<p>Bardzo aktywna wycieczka na quadach w <a href=\"https:\/\/landioustravel.com\/pl\/miasto-hurghada\/\">Hurghadzie<\/a>! Polecamy wycieczk\u0119, poniewa\u017c pozwala turystom dobrze si\u0119 bawi\u0107 je\u017cd\u017c\u0105c na quadach na dalek\u0105 odleg\u0142o\u015b\u0107 na pustyni (50 km), odkrywaj\u0105c pustyni\u0119 w Hurghadzie i poznaj\u0105c kultur\u0119 Beduin\u00f3w.<\/p>\n<h2>G\u0142\u00f3wne punkty programu wycieczek quadowych<\/h2>\n<ul>\n<li>Jazda na quadach na odleg\u0142o\u015b\u0107 50 km na pustyni<\/li>\n<li>Jazda na wielb\u0142\u0105dzie<\/li>\n<li>Picie herbaty w namiocie Beduin\u00f3w<\/li>\n<\/ul>\n<h3>Trzygodzinny program podr\u00f3\u017cy Moto Safari w Hurghadzie<\/h3>\n<ul>\n<li>Odbierzemy ci\u0119 z hotelu oko\u0142o godziny 08:00 rano<\/li>\n<li>Po zabraniu wszystkich ch\u0119tnych nasz minibus \/ Jeep jedzie na pustyni\u0119, gdzie znajduje si\u0119 baza quad\u00f3w. Droga do bazy trwa oko\u0142o 30 minut<\/li>\n<li>Na pocz\u0105tku b\u0119dziesz musia\u0142 przygotowa\u0107 si\u0119 do wk\u0142adania szalika na g\u0142ow\u0119, kask i okulary przeciws\u0142oneczne<\/li>\n<li>Nast\u0119pnie przez pewien czas odbywaj\u0105 si\u0119 szkolenia i instrukta\u017c<\/li>\n<li>Nast\u0119pnie przejed\u017a 25 km przez pustyni\u0119 do wioski Beduin\u00f3w<\/li>\n<li>Jak tylko dotrzesz do wioski Beduin\u00f3w, pojedziesz na wielb\u0142\u0105dzie i zrobisz zdj\u0119cia Beduinom<\/li>\n<li>Po je\u017adzie na wielb\u0142\u0105dzie przewodnik towarzyszy wam w bedui\u0144skim namiocie. Tam pijesz herbat\u0119 i pytasz przewodnika o pytania, na kt\u00f3re musisz odpowiedzie\u0107<\/li>\n<li>Po raz kolejny przygotowuje si\u0119 do jazdy 25 km z powrotem do bazy. Ta podr\u00f3\u017c na safari na quadach trwa zwykle trzy godziny.<\/li>\n<\/ul>\n<h4>Co wliczone jest w cen\u0119 podr\u00f3\u017cy<\/h4>\n<ul>\n<li>Przejazd na pustyni\u0119 i powr\u00f3t do hotelu<\/li>\n<\/ul>\n<h5>Co nie jest wliczone w cen\u0119 podr\u00f3\u017cy<\/h5>\n<ul>\n<li>DVD wideo<\/li>\n<li>Photo CD<\/li>\n<\/ul>\n<h6>Co zabra\u0107 na podr\u00f3\u017c<\/h6>\n<ul>\n<li>Szalik<\/li>\n<li>Okulary s\u0142oneczne<\/li>\n<\/ul>\n<h6>DNI ORGANIZACJI WYCIECZKOWEJ<\/h6>\n<ul>\n<li>Codziennie od 08: 00-12: 00<\/li>\n<\/ul>\n","protected":false},"excerpt":{"rendered":"<p>Przygotuj si\u0119 na niezapomnian\u0105 przygod\u0119! Podczas wycieczki z przewodnikiem z Hurghady wskocz na quada i odkryj osza\u0142amiaj\u0105c\u0105 wschodni\u0105 Sahar\u0119. Odwiedzisz nawet tradycyjn\u0105 wiosk\u0119 Beduin\u00f3w na herbat\u0119 i szisz\u0119 oraz poznasz ich fascynuj\u0105cy spos\u00f3b \u017cycia na pustyni. Najlepsza cz\u0119\u015b\u0107? To do\u015bwiadczenie odbywa si\u0119 w ch\u0142odniejsze poranne godziny i obejmuje transfer hotelowy w obie strony oraz ca\u0142y niezb\u0119dny sprz\u0119t. A je\u015bli to ci nie wystarczy, mo\u017cesz wybra\u0107 si\u0119 na safari na quadach ATV, przeja\u017cd\u017ck\u0119 na wielb\u0142\u0105dach i wycieczk\u0119 po wiosce beduin\u00f3w. Poczuj, jak adrenalina ro\u015bnie, przeje\u017cd\u017caj\u0105c quadem przez wydmy, a nast\u0119pnie zrelaksuj si\u0119 przy tradycyjnej herbacie i przeja\u017cd\u017cce na wielb\u0142\u0105dzie. Dzi\u0119ki 3-godzinnemu pustynnemu safari b\u0119dziesz mia\u0142 mn\u00f3stwo czasu, aby rozkoszowa\u0107 si\u0119 osza\u0142amiaj\u0105c\u0105 pustynn\u0105 sceneri\u0105 i po\u0142\u0105czy\u0107 si\u0119 z lokaln\u0105 kultur\u0105 Beduin\u00f3w. Wi\u0119c na co czekasz? Zarezerwuj swoj\u0105 przygod\u0119 ju\u017c dzi\u015b i przygotuj si\u0119 na przeja\u017cd\u017ck\u0119 \u017cycia!<\/p>\n","protected":false},"featured_media":131047,"comment_status":"open","ping_status":"closed","template":"","meta":{"_coblocks_attr":"","_coblocks_dimensions":"","_coblocks_responsive_height":"","_coblocks_accordion_ie_support":"","_uag_custom_page_level_css":"","jetpack_publicize_message":"","jetpack_publicize_feature_enabled":true,"jetpack_social_post_already_shared":false,"jetpack_social_options":{"image_generator_settings":{"template":"highway","default_image_id":0,"font":"","enabled":false},"version":2},"_wpas_customize_per_network":false},"product_brand":[],"product_cat":[1948,1943],"product_tag":[1956,1977,2028,1961],"class_list":{"0":"post-2706","1":"product","2":"type-product","3":"status-publish","4":"has-post-thumbnail","6":"product_cat-wycieczki-safari-pustyni-hurghadzie","7":"product_cat-wycieczki-w-hurghadzie","8":"product_tag-hurghada-pl","9":"product_tag-quad-kolarstwo","10":"product_tag-safari-pl","11":"product_tag-wycieczka","13":"first","14":"instock","15":"sale","16":"taxable","17":"shipping-taxable","18":"purchasable","19":"product-type-variable"},"yoast_head":"<!-- This site is optimized with the Yoast SEO Premium plugin v26.9 (Yoast SEO v27.5) - https:\/\/yoast.com\/product\/yoast-seo-premium-wordpress\/ -->\n<title>Trzy godziny Moto Safari w Hurghadzie<\/title>\n<meta name=\"description\" content=\"Trzy godziny Moto Safari w Hurghadzie pozwoli Ci cieszy\u0107 si\u0119 jazd\u0105 na quadach przez 50 km na pustyni, a tak\u017ce jazd\u0105 na wielb\u0142\u0105dach. Przeje\u017cd\u017casz przez pustyni\u0119 do Beduin\u00f3w\" \/>\n<meta name=\"robots\" content=\"index, follow, max-snippet:-1, max-image-preview:large, max-video-preview:-1\" \/>\n<link rel=\"canonical\" href=\"https:\/\/landioustravel.com\/pl\/shop\/trzygodziny-safari-hurghadzie\/\" \/>\n<meta property=\"og:locale\" content=\"pl_PL\" \/>\n<meta property=\"og:type\" content=\"article\" \/>\n<meta property=\"og:title\" content=\"Trzy godziny Moto Safari w Hurghadzie\" \/>\n<meta property=\"og:description\" content=\"Landious Travel\" \/>\n<meta property=\"og:url\" content=\"https:\/\/landioustravel.com\/pl\/shop\/trzygodziny-safari-hurghadzie\/\" \/>\n<meta property=\"og:site_name\" content=\"Landious Travel\" \/>\n<meta property=\"article:publisher\" content=\"https:\/\/web.facebook.com\/landiousEgypt\" \/>\n<meta property=\"article:modified_time\" content=\"2024-07-22T15:42:27+00:00\" \/>\n<meta property=\"og:image\" content=\"https:\/\/i0.wp.com\/landioustravel.com\/wp-content\/uploads\/2018\/11\/Quad-Biking-Safari-Hurghada-e1670018168119.jpg?fit=1201%2C675&ssl=1\" \/>\n\t<meta property=\"og:image:width\" content=\"1201\" \/>\n\t<meta property=\"og:image:height\" content=\"675\" \/>\n\t<meta property=\"og:image:type\" content=\"image\/jpeg\" \/>\n<meta name=\"twitter:card\" content=\"summary_large_image\" \/>\n<meta name=\"twitter:site\" content=\"@LandiousTours\" \/>\n<meta name=\"twitter:label1\" content=\"Szacowany czas czytania\" \/>\n\t<meta name=\"twitter:data1\" content=\"2 minuty\" \/>\n<script type=\"application\/ld+json\" class=\"yoast-schema-graph\">{\"@context\":\"https:\\\/\\\/schema.org\",\"@graph\":[{\"@type\":\"WebPage\",\"@id\":\"https:\\\/\\\/landioustravel.com\\\/pl\\\/shop\\\/trzygodziny-safari-hurghadzie\\\/\",\"url\":\"https:\\\/\\\/landioustravel.com\\\/pl\\\/shop\\\/trzygodziny-safari-hurghadzie\\\/\",\"name\":\"Trzy godziny Moto Safari w Hurghadzie\",\"isPartOf\":{\"@id\":\"https:\\\/\\\/landioustravel.com\\\/pl\\\/#website\"},\"primaryImageOfPage\":{\"@id\":\"https:\\\/\\\/landioustravel.com\\\/pl\\\/shop\\\/trzygodziny-safari-hurghadzie\\\/#primaryimage\"},\"image\":{\"@id\":\"https:\\\/\\\/landioustravel.com\\\/pl\\\/shop\\\/trzygodziny-safari-hurghadzie\\\/#primaryimage\"},\"thumbnailUrl\":\"https:\\\/\\\/i0.wp.com\\\/landioustravel.com\\\/wp-content\\\/uploads\\\/2018\\\/11\\\/Quad-Biking-Safari-Hurghada-e1670018168119.jpg?fit=1201%2C675&ssl=1\",\"datePublished\":\"2018-11-12T13:36:54+00:00\",\"dateModified\":\"2024-07-22T15:42:27+00:00\",\"description\":\"Trzy godziny Moto Safari w Hurghadzie pozwoli Ci cieszy\u0107 si\u0119 jazd\u0105 na quadach przez 50 km na pustyni, a tak\u017ce jazd\u0105 na wielb\u0142\u0105dach. Przeje\u017cd\u017casz przez pustyni\u0119 do Beduin\u00f3w\",\"breadcrumb\":{\"@id\":\"https:\\\/\\\/landioustravel.com\\\/pl\\\/shop\\\/trzygodziny-safari-hurghadzie\\\/#breadcrumb\"},\"inLanguage\":\"pl-PL\",\"potentialAction\":[{\"@type\":\"ReadAction\",\"target\":[\"https:\\\/\\\/landioustravel.com\\\/pl\\\/shop\\\/trzygodziny-safari-hurghadzie\\\/\"]}]},{\"@type\":\"ImageObject\",\"inLanguage\":\"pl-PL\",\"@id\":\"https:\\\/\\\/landioustravel.com\\\/pl\\\/shop\\\/trzygodziny-safari-hurghadzie\\\/#primaryimage\",\"url\":\"https:\\\/\\\/i0.wp.com\\\/landioustravel.com\\\/wp-content\\\/uploads\\\/2018\\\/11\\\/Quad-Biking-Safari-Hurghada-e1670018168119.jpg?fit=1201%2C675&ssl=1\",\"contentUrl\":\"https:\\\/\\\/i0.wp.com\\\/landioustravel.com\\\/wp-content\\\/uploads\\\/2018\\\/11\\\/Quad-Biking-Safari-Hurghada-e1670018168119.jpg?fit=1201%2C675&ssl=1\",\"width\":1201,\"height\":675,\"caption\":\"Quad Biking Safari Hurghada\"},{\"@type\":\"BreadcrumbList\",\"@id\":\"https:\\\/\\\/landioustravel.com\\\/pl\\\/shop\\\/trzygodziny-safari-hurghadzie\\\/#breadcrumb\",\"itemListElement\":[{\"@type\":\"ListItem\",\"position\":1,\"name\":\"Home\",\"item\":\"https:\\\/\\\/landioustravel.com\\\/pl\\\/\"},{\"@type\":\"ListItem\",\"position\":2,\"name\":\"Us\u0142ugi i wycieczki\",\"item\":\"https:\\\/\\\/landioustravel.com\\\/pl\\\/\"},{\"@type\":\"ListItem\",\"position\":3,\"name\":\"Trzy godziny Moto Safari w Hurghadzie\"}]},{\"@type\":\"WebSite\",\"@id\":\"https:\\\/\\\/landioustravel.com\\\/pl\\\/#website\",\"url\":\"https:\\\/\\\/landioustravel.com\\\/pl\\\/\",\"name\":\"Landious Travel\",\"description\":\"Excursions, trips and cruises in Egypt\",\"publisher\":{\"@id\":\"https:\\\/\\\/landioustravel.com\\\/pl\\\/#organization\"},\"potentialAction\":[{\"@type\":\"SearchAction\",\"target\":{\"@type\":\"EntryPoint\",\"urlTemplate\":\"https:\\\/\\\/landioustravel.com\\\/pl\\\/?s={search_term_string}\"},\"query-input\":{\"@type\":\"PropertyValueSpecification\",\"valueRequired\":true,\"valueName\":\"search_term_string\"}}],\"inLanguage\":\"pl-PL\"},{\"@type\":[\"Organization\",\"Place\"],\"@id\":\"https:\\\/\\\/landioustravel.com\\\/pl\\\/#organization\",\"name\":\"Landious Travel\",\"alternateName\":\"Landious Travel\",\"url\":\"https:\\\/\\\/landioustravel.com\\\/pl\\\/\",\"logo\":{\"@id\":\"https:\\\/\\\/landioustravel.com\\\/pl\\\/shop\\\/trzygodziny-safari-hurghadzie\\\/#local-main-organization-logo\"},\"image\":{\"@id\":\"https:\\\/\\\/landioustravel.com\\\/pl\\\/shop\\\/trzygodziny-safari-hurghadzie\\\/#local-main-organization-logo\"},\"sameAs\":[\"https:\\\/\\\/web.facebook.com\\\/landiousEgypt\",\"https:\\\/\\\/x.com\\\/LandiousTours\",\"https:\\\/\\\/mastodon.social\\\/@landious\"],\"legalName\":\"Landious Travel\",\"telephone\":[],\"openingHoursSpecification\":[{\"@type\":\"OpeningHoursSpecification\",\"dayOfWeek\":[\"Monday\",\"Tuesday\",\"Wednesday\",\"Thursday\",\"Friday\",\"Saturday\",\"Sunday\"],\"opens\":\"09:00\",\"closes\":\"17:00\"}]},{\"@type\":\"ImageObject\",\"inLanguage\":\"pl-PL\",\"@id\":\"https:\\\/\\\/landioustravel.com\\\/pl\\\/shop\\\/trzygodziny-safari-hurghadzie\\\/#local-main-organization-logo\",\"url\":\"https:\\\/\\\/i0.wp.com\\\/landioustravel.com\\\/wp-content\\\/uploads\\\/2021\\\/06\\\/Landious-T.png?fit=500%2C500&ssl=1\",\"contentUrl\":\"https:\\\/\\\/i0.wp.com\\\/landioustravel.com\\\/wp-content\\\/uploads\\\/2021\\\/06\\\/Landious-T.png?fit=500%2C500&ssl=1\",\"width\":500,\"height\":500,\"caption\":\"Landious Travel\"}]}<\/script>\n<!-- \/ Yoast SEO Premium plugin. -->","yoast_head_json":{"title":"Trzy godziny Moto Safari w Hurghadzie","description":"Trzy godziny Moto Safari w Hurghadzie pozwoli Ci cieszy\u0107 si\u0119 jazd\u0105 na quadach przez 50 km na pustyni, a tak\u017ce jazd\u0105 na wielb\u0142\u0105dach. Przeje\u017cd\u017casz przez pustyni\u0119 do Beduin\u00f3w","robots":{"index":"index","follow":"follow","max-snippet":"max-snippet:-1","max-image-preview":"max-image-preview:large","max-video-preview":"max-video-preview:-1"},"canonical":"https:\/\/landioustravel.com\/pl\/shop\/trzygodziny-safari-hurghadzie\/","og_locale":"pl_PL","og_type":"article","og_title":"Trzy godziny Moto Safari w Hurghadzie","og_description":"Landious Travel","og_url":"https:\/\/landioustravel.com\/pl\/shop\/trzygodziny-safari-hurghadzie\/","og_site_name":"Landious Travel","article_publisher":"https:\/\/web.facebook.com\/landiousEgypt","article_modified_time":"2024-07-22T15:42:27+00:00","og_image":[{"width":1201,"height":675,"url":"https:\/\/i0.wp.com\/landioustravel.com\/wp-content\/uploads\/2018\/11\/Quad-Biking-Safari-Hurghada-e1670018168119.jpg?fit=1201%2C675&ssl=1","type":"image\/jpeg"}],"twitter_card":"summary_large_image","twitter_site":"@LandiousTours","twitter_misc":{"Szacowany czas czytania":"2 minuty"},"schema":{"@context":"https:\/\/schema.org","@graph":[{"@type":"WebPage","@id":"https:\/\/landioustravel.com\/pl\/shop\/trzygodziny-safari-hurghadzie\/","url":"https:\/\/landioustravel.com\/pl\/shop\/trzygodziny-safari-hurghadzie\/","name":"Trzy godziny Moto Safari w Hurghadzie","isPartOf":{"@id":"https:\/\/landioustravel.com\/pl\/#website"},"primaryImageOfPage":{"@id":"https:\/\/landioustravel.com\/pl\/shop\/trzygodziny-safari-hurghadzie\/#primaryimage"},"image":{"@id":"https:\/\/landioustravel.com\/pl\/shop\/trzygodziny-safari-hurghadzie\/#primaryimage"},"thumbnailUrl":"https:\/\/i0.wp.com\/landioustravel.com\/wp-content\/uploads\/2018\/11\/Quad-Biking-Safari-Hurghada-e1670018168119.jpg?fit=1201%2C675&ssl=1","datePublished":"2018-11-12T13:36:54+00:00","dateModified":"2024-07-22T15:42:27+00:00","description":"Trzy godziny Moto Safari w Hurghadzie pozwoli Ci cieszy\u0107 si\u0119 jazd\u0105 na quadach przez 50 km na pustyni, a tak\u017ce jazd\u0105 na wielb\u0142\u0105dach. Przeje\u017cd\u017casz przez pustyni\u0119 do Beduin\u00f3w","breadcrumb":{"@id":"https:\/\/landioustravel.com\/pl\/shop\/trzygodziny-safari-hurghadzie\/#breadcrumb"},"inLanguage":"pl-PL","potentialAction":[{"@type":"ReadAction","target":["https:\/\/landioustravel.com\/pl\/shop\/trzygodziny-safari-hurghadzie\/"]}]},{"@type":"ImageObject","inLanguage":"pl-PL","@id":"https:\/\/landioustravel.com\/pl\/shop\/trzygodziny-safari-hurghadzie\/#primaryimage","url":"https:\/\/i0.wp.com\/landioustravel.com\/wp-content\/uploads\/2018\/11\/Quad-Biking-Safari-Hurghada-e1670018168119.jpg?fit=1201%2C675&ssl=1","contentUrl":"https:\/\/i0.wp.com\/landioustravel.com\/wp-content\/uploads\/2018\/11\/Quad-Biking-Safari-Hurghada-e1670018168119.jpg?fit=1201%2C675&ssl=1","width":1201,"height":675,"caption":"Quad Biking Safari Hurghada"},{"@type":"BreadcrumbList","@id":"https:\/\/landioustravel.com\/pl\/shop\/trzygodziny-safari-hurghadzie\/#breadcrumb","itemListElement":[{"@type":"ListItem","position":1,"name":"Home","item":"https:\/\/landioustravel.com\/pl\/"},{"@type":"ListItem","position":2,"name":"Us\u0142ugi i wycieczki","item":"https:\/\/landioustravel.com\/pl\/"},{"@type":"ListItem","position":3,"name":"Trzy godziny Moto Safari w Hurghadzie"}]},{"@type":"WebSite","@id":"https:\/\/landioustravel.com\/pl\/#website","url":"https:\/\/landioustravel.com\/pl\/","name":"Landious Travel","description":"Excursions, trips and cruises in Egypt","publisher":{"@id":"https:\/\/landioustravel.com\/pl\/#organization"},"potentialAction":[{"@type":"SearchAction","target":{"@type":"EntryPoint","urlTemplate":"https:\/\/landioustravel.com\/pl\/?s={search_term_string}"},"query-input":{"@type":"PropertyValueSpecification","valueRequired":true,"valueName":"search_term_string"}}],"inLanguage":"pl-PL"},{"@type":["Organization","Place"],"@id":"https:\/\/landioustravel.com\/pl\/#organization","name":"Landious Travel","alternateName":"Landious Travel","url":"https:\/\/landioustravel.com\/pl\/","logo":{"@id":"https:\/\/landioustravel.com\/pl\/shop\/trzygodziny-safari-hurghadzie\/#local-main-organization-logo"},"image":{"@id":"https:\/\/landioustravel.com\/pl\/shop\/trzygodziny-safari-hurghadzie\/#local-main-organization-logo"},"sameAs":["https:\/\/web.facebook.com\/landiousEgypt","https:\/\/x.com\/LandiousTours","https:\/\/mastodon.social\/@landious"],"legalName":"Landious Travel","telephone":[],"openingHoursSpecification":[{"@type":"OpeningHoursSpecification","dayOfWeek":["Monday","Tuesday","Wednesday","Thursday","Friday","Saturday","Sunday"],"opens":"09:00","closes":"17:00"}]},{"@type":"ImageObject","inLanguage":"pl-PL","@id":"https:\/\/landioustravel.com\/pl\/shop\/trzygodziny-safari-hurghadzie\/#local-main-organization-logo","url":"https:\/\/i0.wp.com\/landioustravel.com\/wp-content\/uploads\/2021\/06\/Landious-T.png?fit=500%2C500&ssl=1","contentUrl":"https:\/\/i0.wp.com\/landioustravel.com\/wp-content\/uploads\/2021\/06\/Landious-T.png?fit=500%2C500&ssl=1","width":500,"height":500,"caption":"Landious Travel"}]}},"jetpack_publicize_connections":[],"uagb_featured_image_src":{"full":["https:\/\/i0.wp.com\/landioustravel.com\/wp-content\/uploads\/2018\/11\/Quad-Biking-Safari-Hurghada-e1670018168119.jpg?fit=1201%2C675&ssl=1",1201,675,false],"thumbnail":["https:\/\/i0.wp.com\/landioustravel.com\/wp-content\/uploads\/2018\/11\/Quad-Biking-Safari-Hurghada-e1670018168119.jpg?resize=150%2C150&ssl=1",150,150,true],"medium":["https:\/\/i0.wp.com\/landioustravel.com\/wp-content\/uploads\/2018\/11\/Quad-Biking-Safari-Hurghada-e1670018168119.jpg?fit=300%2C169&ssl=1",300,169,true],"medium_large":["https:\/\/i0.wp.com\/landioustravel.com\/wp-content\/uploads\/2018\/11\/Quad-Biking-Safari-Hurghada-e1670018168119.jpg?fit=768%2C432&ssl=1",768,432,true],"large":["https:\/\/i0.wp.com\/landioustravel.com\/wp-content\/uploads\/2018\/11\/Quad-Biking-Safari-Hurghada-e1670018168119.jpg?fit=980%2C551&ssl=1",980,551,true],"1536x1536":["https:\/\/i0.wp.com\/landioustravel.com\/wp-content\/uploads\/2018\/11\/Quad-Biking-Safari-Hurghada-e1670018168119.jpg?fit=1536%2C597&ssl=1",1536,597,true],"2048x2048":["https:\/\/i0.wp.com\/landioustravel.com\/wp-content\/uploads\/2018\/11\/Quad-Biking-Safari-Hurghada-e1670018168119.jpg?fit=1201%2C675&ssl=1",1201,675,true],"newspack-article-block-landscape-large":["https:\/\/i0.wp.com\/landioustravel.com\/wp-content\/uploads\/2018\/11\/Quad-Biking-Safari-Hurghada-e1670018168119.jpg?resize=1200%2C674&ssl=1",1200,674,true],"newspack-article-block-portrait-large":["https:\/\/i0.wp.com\/landioustravel.com\/wp-content\/uploads\/2018\/11\/Quad-Biking-Safari-Hurghada-e1670018168119.jpg?resize=900%2C675&ssl=1",900,675,true],"newspack-article-block-square-large":["https:\/\/i0.wp.com\/landioustravel.com\/wp-content\/uploads\/2018\/11\/Quad-Biking-Safari-Hurghada-e1670018168119.jpg?resize=1200%2C674&ssl=1",1200,674,true],"newspack-article-block-landscape-medium":["https:\/\/i0.wp.com\/landioustravel.com\/wp-content\/uploads\/2018\/11\/Quad-Biking-Safari-Hurghada-e1670018168119.jpg?resize=800%2C600&ssl=1",800,600,true],"newspack-article-block-portrait-medium":["https:\/\/i0.wp.com\/landioustravel.com\/wp-content\/uploads\/2018\/11\/Quad-Biking-Safari-Hurghada-e1670018168119.jpg?resize=600%2C675&ssl=1",600,675,true],"newspack-article-block-square-medium":["https:\/\/i0.wp.com\/landioustravel.com\/wp-content\/uploads\/2018\/11\/Quad-Biking-Safari-Hurghada-e1670018168119.jpg?resize=800%2C675&ssl=1",800,675,true],"newspack-article-block-landscape-intermediate":["https:\/\/i0.wp.com\/landioustravel.com\/wp-content\/uploads\/2018\/11\/Quad-Biking-Safari-Hurghada-e1670018168119.jpg?resize=600%2C450&ssl=1",600,450,true],"newspack-article-block-portrait-intermediate":["https:\/\/i0.wp.com\/landioustravel.com\/wp-content\/uploads\/2018\/11\/Quad-Biking-Safari-Hurghada-e1670018168119.jpg?resize=450%2C600&ssl=1",450,600,true],"newspack-article-block-square-intermediate":["https:\/\/i0.wp.com\/landioustravel.com\/wp-content\/uploads\/2018\/11\/Quad-Biking-Safari-Hurghada-e1670018168119.jpg?resize=600%2C600&ssl=1",600,600,true],"newspack-article-block-landscape-small":["https:\/\/i0.wp.com\/landioustravel.com\/wp-content\/uploads\/2018\/11\/Quad-Biking-Safari-Hurghada-e1670018168119.jpg?resize=400%2C300&ssl=1",400,300,true],"newspack-article-block-portrait-small":["https:\/\/i0.wp.com\/landioustravel.com\/wp-content\/uploads\/2018\/11\/Quad-Biking-Safari-Hurghada-e1670018168119.jpg?resize=300%2C400&ssl=1",300,400,true],"newspack-article-block-square-small":["https:\/\/i0.wp.com\/landioustravel.com\/wp-content\/uploads\/2018\/11\/Quad-Biking-Safari-Hurghada-e1670018168119.jpg?resize=400%2C400&ssl=1",400,400,true],"newspack-article-block-landscape-tiny":["https:\/\/i0.wp.com\/landioustravel.com\/wp-content\/uploads\/2018\/11\/Quad-Biking-Safari-Hurghada-e1670018168119.jpg?resize=200%2C150&ssl=1",200,150,true],"newspack-article-block-portrait-tiny":["https:\/\/i0.wp.com\/landioustravel.com\/wp-content\/uploads\/2018\/11\/Quad-Biking-Safari-Hurghada-e1670018168119.jpg?resize=150%2C200&ssl=1",150,200,true],"newspack-article-block-square-tiny":["https:\/\/i0.wp.com\/landioustravel.com\/wp-content\/uploads\/2018\/11\/Quad-Biking-Safari-Hurghada-e1670018168119.jpg?resize=200%2C200&ssl=1",200,200,true],"newspack-article-block-uncropped":["https:\/\/i0.wp.com\/landioustravel.com\/wp-content\/uploads\/2018\/11\/Quad-Biking-Safari-Hurghada-e1670018168119.jpg?fit=1200%2C674&ssl=1",1200,674,true],"woocommerce_thumbnail":["https:\/\/i0.wp.com\/landioustravel.com\/wp-content\/uploads\/2018\/11\/Quad-Biking-Safari-Hurghada-e1670018168119.jpg?resize=324%2C324&ssl=1",324,324,true],"woocommerce_single":["https:\/\/i0.wp.com\/landioustravel.com\/wp-content\/uploads\/2018\/11\/Quad-Biking-Safari-Hurghada-e1670018168119.jpg?fit=416%2C234&ssl=1",416,234,true],"woocommerce_gallery_thumbnail":["https:\/\/i0.wp.com\/landioustravel.com\/wp-content\/uploads\/2018\/11\/Quad-Biking-Safari-Hurghada-e1670018168119.jpg?resize=100%2C100&ssl=1",100,100,true]},"uagb_author_info":{"display_name":"Mofreh Landious","author_link":"https:\/\/landioustravel.com\/pl\/author\/"},"uagb_comment_info":5,"uagb_excerpt":"Przygotuj si\u0119 na niezapomnian\u0105 przygod\u0119! Podczas wycieczki z przewodnikiem z Hurghady wskocz na quada i odkryj osza\u0142amiaj\u0105c\u0105 wschodni\u0105 Sahar\u0119. Odwiedzisz nawet tradycyjn\u0105 wiosk\u0119 Beduin\u00f3w na herbat\u0119 i szisz\u0119 oraz poznasz ich fascynuj\u0105cy spos\u00f3b \u017cycia na pustyni. Najlepsza cz\u0119\u015b\u0107? To do\u015bwiadczenie odbywa si\u0119 w ch\u0142odniejsze poranne godziny i obejmuje transfer hotelowy w obie strony oraz ca\u0142y&hellip;","jetpack_sharing_enabled":true,"jetpack_likes_enabled":true,"amp_enabled":true,"_links":{"self":[{"href":"https:\/\/landioustravel.com\/pl\/wp-json\/wp\/v2\/product\/2706","targetHints":{"allow":["GET"]}}],"collection":[{"href":"https:\/\/landioustravel.com\/pl\/wp-json\/wp\/v2\/product"}],"about":[{"href":"https:\/\/landioustravel.com\/pl\/wp-json\/wp\/v2\/types\/product"}],"replies":[{"embeddable":true,"href":"https:\/\/landioustravel.com\/pl\/wp-json\/wp\/v2\/comments?post=2706"}],"wp:featuredmedia":[{"embeddable":true,"href":"https:\/\/landioustravel.com\/pl\/wp-json\/wp\/v2\/media\/131047"}],"wp:attachment":[{"href":"https:\/\/landioustravel.com\/pl\/wp-json\/wp\/v2\/media?parent=2706"}],"wp:term":[{"taxonomy":"product_brand","embeddable":true,"href":"https:\/\/landioustravel.com\/pl\/wp-json\/wp\/v2\/product_brand?post=2706"},{"taxonomy":"product_cat","embeddable":true,"href":"https:\/\/landioustravel.com\/pl\/wp-json\/wp\/v2\/product_cat?post=2706"},{"taxonomy":"product_tag","embeddable":true,"href":"https:\/\/landioustravel.com\/pl\/wp-json\/wp\/v2\/product_tag?post=2706"}],"curies":[{"name":"wp","href":"https:\/\/api.w.org\/{rel}","templated":true}]}}