{"id":2946,"date":"2019-03-06T12:29:02","date_gmt":"2019-03-06T10:29:02","guid":{"rendered":"https:\/\/landioustravel.com\/product\/trzygodzinny-moto-safari-sharm\/"},"modified":"2024-03-27T04:37:11","modified_gmt":"2024-03-27T02:37:11","slug":"trzygodzinny-moto-safari-sharm","status":"publish","type":"product","link":"https:\/\/landioustravel.com\/pl\/shop\/trzygodzinny-moto-safari-sharm\/","title":{"rendered":"Trzygodzinny Moto-Safari w Sharm El Sheikh"},"content":{"rendered":"<p>Bardzo aktywna wycieczka na quady w <a href=\"https:\/\/landioustravel.com\/pl\/miasto-szarm-szejk\/\">Sharm El Sheikh<\/a>! Polecamy wycieczk\u0119, poniewa\u017c umo\u017cliwia turystom jazd\u0119 na quadach na odleg\u0142o\u015b\u0107 _ 50 km! Pozwala tak\u017ce odkry\u0107 pustyni\u0119 na Synaju i pozna\u0107 kultur\u0119 Beduin\u00f3w.<\/p>\n<h2>G\u0142\u00f3wne punkty programu wycieczki na trzygodzinne quady<\/h2>\n<ul>\n<li>Jazda na quadzie na pustyni 50 km<\/li>\n<li>Picie herbaty Beduin\u00f3w<\/li>\n<\/ul>\n<h3>Program wycieczki Moto-Safari na trzy godziny z Sharm El Sheikh<\/h3>\n<ul>\n<li>Odbieramy ci\u0119 z hotelu oko\u0142o 08:00 rano.<\/li>\n<li>Po podniesieniu wszystkich pasa\u017cer\u00f3w minibus \/ jeep jedzie na pustyni\u0119, gdzie znajduje si\u0119 baza quad\u00f3w. Dotarcie tam zajmuje oko\u0142o 20 minut.<\/li>\n<li>Po pierwsze, musisz przygotowa\u0107 si\u0119 do za\u0142o\u017cenia okular\u00f3w przeciws\u0142onecznych i nawini\u0119cia szalika na g\u0142ow\u0119<\/li>\n<li>Nast\u0119pnie odbywa si\u0119 odprawa i szkolenie na kr\u00f3tki czas.<\/li>\n<li>Nast\u0119pnie przejedziesz 25 km na pustyni do wioski Beduin\u00f3w<\/li>\n<li>Zaraz po przybyciu do wioski Beduin\u00f3w mo\u017cesz robi\u0107 zdj\u0119cia z Beduinami.<\/li>\n<li>Przewodnik towarzyszy namiotowi Beduin\u00f3w. Tam pijesz herbat\u0119 i pytasz przewodnika.<\/li>\n<li>Na koniec przygotuj si\u0119 do przejechania 25 km z powrotem do bazy. Ta wycieczka quadem w Sharm El Sheikh trwa oko\u0142o trzech godzin.<\/li>\n<\/ul>\n<h4>Co jest wliczone w koszt wycieczki<\/h4>\n<ul>\n<li>Przejazd na pustyni\u0119 iz powrotem do hotelu<\/li>\n<\/ul>\n<h5>Co nie jest wliczone w koszt wycieczki<\/h5>\n<ul>\n<li>DVD wideo<\/li>\n<li>CD ze zdj\u0119ciami<\/li>\n<\/ul>\n<h6>CO ZROBI\u0106 SOBIE<\/h6>\n<ul>\n<li>Szalik<\/li>\n<li>Okulary s\u0142oneczne<\/li>\n<\/ul>\n<h6>DNI WYCIECZK\u00d3W ORGANIZACYJNYCH<\/h6>\n<ul>\n<li>Codziennie od 08:00 do 12:00<\/li>\n<\/ul>\n","protected":false},"excerpt":{"rendered":"<p>Wybierz si\u0119 na naprawd\u0119 niezapomniane wra\u017cenia podczas trzygodzinnej wycieczki safari buggy po pla\u017cy w Sharm el-Sheikh! Ta przygoda gwarantuje Ci mo\u017cliwo\u015b\u0107 przejechania quadem przez 50 km po pustyni, jednocze\u015bnie poznaj\u0105c osza\u0142amiaj\u0105c\u0105 przyrod\u0119 P\u00f3\u0142wyspu Synaj. B\u0119dziesz mia\u0142 nawet okazj\u0119 napi\u0107 si\u0119 herbaty z go\u015bcinnymi mieszka\u0144cami pustyni &#8211; Beduinami! To ekscytuj\u0105cy spos\u00f3b na bli\u017csze przyjrzenie si\u0119 niezwyk\u0142ej pustynnej scenerii bez konieczno\u015bci wcze\u015bniejszego do\u015bwiadczenia w je\u017adzie. Wybierz wycieczk\u0119 o wschodzie lub zachodzie s\u0142o\u0144ca i zosta\u0144 zabrany na kr\u00f3tk\u0105 sesj\u0119 treningow\u0105 przed wyruszeniem na przygod\u0119 z przewodnikiem przez pustyni\u0119 w kierunku g\u00f3r Synaj przez godzin\u0119 i dwadzie\u015bcia minut, w tym dwa przystanki. Ciesz si\u0119 mn\u00f3stwem otwartych r\u00f3wnin, na kt\u00f3rych mo\u017cesz otworzy\u0107 przepustnic\u0119, a kulminacj\u0105 jest szansa na podziwianie zachodz\u0105cego s\u0142o\u0144ca nad tym osza\u0142amiaj\u0105cym krajobrazem. B\u0119dziesz tak\u017ce mia\u0142 przystanek, aby odwiedzi\u0107 dolin\u0119 Echo i kolejny przystanek w namiocie Beduin\u00f3w, gdzie oferowana b\u0119dzie herbata Beduin\u00f3w. Pod koniec wycieczki pojedziesz z powrotem do hotelu. Zarezerwuj z wyprzedzeniem t\u0119 popularn\u0105 wycieczk\u0119 quadem po pustyni online i do\u015bwiadcz go\u015bcinno\u015bci Beduin\u00f3w podczas przerwy na herbat\u0119 w pustynnym namiocie. To do\u015bwiadczenie na quadach jest odpowiednie dla wszystkich poziom\u00f3w je\u017ad\u017ac\u00f3w w Twojej grupie.<\/p>\n","protected":false},"featured_media":99589,"comment_status":"open","ping_status":"closed","template":"","meta":{"_coblocks_attr":"","_coblocks_dimensions":"","_coblocks_responsive_height":"","_coblocks_accordion_ie_support":"","_uag_custom_page_level_css":"","jetpack_publicize_message":"","jetpack_publicize_feature_enabled":true,"jetpack_social_post_already_shared":false,"jetpack_social_options":{"image_generator_settings":{"template":"highway","default_image_id":0,"font":"","enabled":false},"version":2},"_wpas_customize_per_network":false},"product_brand":[],"product_cat":[19113,1950],"product_tag":[1977,2028,1975,1963,1961],"class_list":{"0":"post-2946","1":"product","2":"type-product","3":"status-publish","4":"has-post-thumbnail","6":"product_cat-wycieczki-safari-sharm-sheikh","7":"product_cat-wycieczki-sharm-sheikh","8":"product_tag-quad-kolarstwo","9":"product_tag-safari-pl","10":"product_tag-safari-na-pustyni","11":"product_tag-szarm-el-szejk","12":"product_tag-wycieczka","14":"first","15":"instock","16":"sale","17":"purchasable","18":"product-type-variable"},"yoast_head":"<!-- This site is optimized with the Yoast SEO Premium plugin v26.9 (Yoast SEO v27.5) - https:\/\/yoast.com\/product\/yoast-seo-premium-wordpress\/ -->\n<title>Trzygodzinny Moto-Safari w Sharm El Sheikh<\/title>\n<meta name=\"description\" content=\"Trzygodzinny Moto-Safari w Sharm El Sheikh Wybierz si\u0119 na naprawd\u0119 niezapomniane wra\u017cenia podczas trzygodzinnej wycieczki safari buggy po pla\u017cy\" \/>\n<meta name=\"robots\" content=\"index, follow, max-snippet:-1, max-image-preview:large, max-video-preview:-1\" \/>\n<link rel=\"canonical\" href=\"https:\/\/landioustravel.com\/pl\/shop\/trzygodzinny-moto-safari-sharm\/\" \/>\n<meta property=\"og:locale\" content=\"pl_PL\" \/>\n<meta property=\"og:type\" content=\"article\" \/>\n<meta property=\"og:title\" content=\"Trzygodzinny Moto-Safari w Sharm El Sheikh\" \/>\n<meta property=\"og:description\" content=\"Landious Travel\" \/>\n<meta property=\"og:url\" content=\"https:\/\/landioustravel.com\/pl\/shop\/trzygodzinny-moto-safari-sharm\/\" \/>\n<meta property=\"og:site_name\" content=\"Landious Travel\" \/>\n<meta property=\"article:publisher\" content=\"https:\/\/web.facebook.com\/landiousEgypt\" \/>\n<meta property=\"article:modified_time\" content=\"2024-03-27T02:37:11+00:00\" \/>\n<meta property=\"og:image\" content=\"https:\/\/i0.wp.com\/landioustravel.com\/wp-content\/uploads\/2019\/03\/Three-Hours-Moto-Safari-Sharm-El-Sheikh-e1669333340567.jpg?fit=1200%2C673&ssl=1\" \/>\n\t<meta property=\"og:image:width\" content=\"1200\" \/>\n\t<meta property=\"og:image:height\" content=\"673\" \/>\n\t<meta property=\"og:image:type\" content=\"image\/jpeg\" \/>\n<meta name=\"twitter:card\" content=\"summary_large_image\" \/>\n<meta name=\"twitter:site\" content=\"@LandiousTours\" \/>\n<meta name=\"twitter:label1\" content=\"Szacowany czas czytania\" \/>\n\t<meta name=\"twitter:data1\" content=\"1 minuta\" \/>\n<script type=\"application\/ld+json\" class=\"yoast-schema-graph\">{\"@context\":\"https:\\\/\\\/schema.org\",\"@graph\":[{\"@type\":\"WebPage\",\"@id\":\"https:\\\/\\\/landioustravel.com\\\/pl\\\/shop\\\/trzygodzinny-moto-safari-sharm\\\/\",\"url\":\"https:\\\/\\\/landioustravel.com\\\/pl\\\/shop\\\/trzygodzinny-moto-safari-sharm\\\/\",\"name\":\"Trzygodzinny Moto-Safari w Sharm El Sheikh\",\"isPartOf\":{\"@id\":\"https:\\\/\\\/landioustravel.com\\\/pl\\\/#website\"},\"primaryImageOfPage\":{\"@id\":\"https:\\\/\\\/landioustravel.com\\\/pl\\\/shop\\\/trzygodzinny-moto-safari-sharm\\\/#primaryimage\"},\"image\":{\"@id\":\"https:\\\/\\\/landioustravel.com\\\/pl\\\/shop\\\/trzygodzinny-moto-safari-sharm\\\/#primaryimage\"},\"thumbnailUrl\":\"https:\\\/\\\/i0.wp.com\\\/landioustravel.com\\\/wp-content\\\/uploads\\\/2019\\\/03\\\/Three-Hours-Moto-Safari-Sharm-El-Sheikh-e1669333340567.jpg?fit=1200%2C673&ssl=1\",\"datePublished\":\"2019-03-06T10:29:02+00:00\",\"dateModified\":\"2024-03-27T02:37:11+00:00\",\"description\":\"Trzygodzinny Moto-Safari w Sharm El Sheikh Wybierz si\u0119 na naprawd\u0119 niezapomniane wra\u017cenia podczas trzygodzinnej wycieczki safari buggy po pla\u017cy\",\"breadcrumb\":{\"@id\":\"https:\\\/\\\/landioustravel.com\\\/pl\\\/shop\\\/trzygodzinny-moto-safari-sharm\\\/#breadcrumb\"},\"inLanguage\":\"pl-PL\",\"potentialAction\":[{\"@type\":\"ReadAction\",\"target\":[\"https:\\\/\\\/landioustravel.com\\\/pl\\\/shop\\\/trzygodzinny-moto-safari-sharm\\\/\"]}]},{\"@type\":\"ImageObject\",\"inLanguage\":\"pl-PL\",\"@id\":\"https:\\\/\\\/landioustravel.com\\\/pl\\\/shop\\\/trzygodzinny-moto-safari-sharm\\\/#primaryimage\",\"url\":\"https:\\\/\\\/i0.wp.com\\\/landioustravel.com\\\/wp-content\\\/uploads\\\/2019\\\/03\\\/Three-Hours-Moto-Safari-Sharm-El-Sheikh-e1669333340567.jpg?fit=1200%2C673&ssl=1\",\"contentUrl\":\"https:\\\/\\\/i0.wp.com\\\/landioustravel.com\\\/wp-content\\\/uploads\\\/2019\\\/03\\\/Three-Hours-Moto-Safari-Sharm-El-Sheikh-e1669333340567.jpg?fit=1200%2C673&ssl=1\",\"width\":1200,\"height\":673,\"caption\":\"Three Hours Moto Safari Sharm El Sheikh\"},{\"@type\":\"BreadcrumbList\",\"@id\":\"https:\\\/\\\/landioustravel.com\\\/pl\\\/shop\\\/trzygodzinny-moto-safari-sharm\\\/#breadcrumb\",\"itemListElement\":[{\"@type\":\"ListItem\",\"position\":1,\"name\":\"Home\",\"item\":\"https:\\\/\\\/landioustravel.com\\\/pl\\\/\"},{\"@type\":\"ListItem\",\"position\":2,\"name\":\"Us\u0142ugi i wycieczki\",\"item\":\"https:\\\/\\\/landioustravel.com\\\/pl\\\/\"},{\"@type\":\"ListItem\",\"position\":3,\"name\":\"Trzygodzinny Moto-Safari w Sharm El Sheikh\"}]},{\"@type\":\"WebSite\",\"@id\":\"https:\\\/\\\/landioustravel.com\\\/pl\\\/#website\",\"url\":\"https:\\\/\\\/landioustravel.com\\\/pl\\\/\",\"name\":\"Landious Travel\",\"description\":\"Excursions, trips and cruises in Egypt\",\"publisher\":{\"@id\":\"https:\\\/\\\/landioustravel.com\\\/pl\\\/#organization\"},\"potentialAction\":[{\"@type\":\"SearchAction\",\"target\":{\"@type\":\"EntryPoint\",\"urlTemplate\":\"https:\\\/\\\/landioustravel.com\\\/pl\\\/?s={search_term_string}\"},\"query-input\":{\"@type\":\"PropertyValueSpecification\",\"valueRequired\":true,\"valueName\":\"search_term_string\"}}],\"inLanguage\":\"pl-PL\"},{\"@type\":[\"Organization\",\"Place\"],\"@id\":\"https:\\\/\\\/landioustravel.com\\\/pl\\\/#organization\",\"name\":\"Landious Travel\",\"alternateName\":\"Landious Travel\",\"url\":\"https:\\\/\\\/landioustravel.com\\\/pl\\\/\",\"logo\":{\"@id\":\"https:\\\/\\\/landioustravel.com\\\/pl\\\/shop\\\/trzygodzinny-moto-safari-sharm\\\/#local-main-organization-logo\"},\"image\":{\"@id\":\"https:\\\/\\\/landioustravel.com\\\/pl\\\/shop\\\/trzygodzinny-moto-safari-sharm\\\/#local-main-organization-logo\"},\"sameAs\":[\"https:\\\/\\\/web.facebook.com\\\/landiousEgypt\",\"https:\\\/\\\/x.com\\\/LandiousTours\",\"https:\\\/\\\/mastodon.social\\\/@landious\"],\"legalName\":\"Landious Travel\",\"telephone\":[],\"openingHoursSpecification\":[{\"@type\":\"OpeningHoursSpecification\",\"dayOfWeek\":[\"Monday\",\"Tuesday\",\"Wednesday\",\"Thursday\",\"Friday\",\"Saturday\",\"Sunday\"],\"opens\":\"09:00\",\"closes\":\"17:00\"}]},{\"@type\":\"ImageObject\",\"inLanguage\":\"pl-PL\",\"@id\":\"https:\\\/\\\/landioustravel.com\\\/pl\\\/shop\\\/trzygodzinny-moto-safari-sharm\\\/#local-main-organization-logo\",\"url\":\"https:\\\/\\\/i0.wp.com\\\/landioustravel.com\\\/wp-content\\\/uploads\\\/2021\\\/06\\\/Landious-T.png?fit=500%2C500&ssl=1\",\"contentUrl\":\"https:\\\/\\\/i0.wp.com\\\/landioustravel.com\\\/wp-content\\\/uploads\\\/2021\\\/06\\\/Landious-T.png?fit=500%2C500&ssl=1\",\"width\":500,\"height\":500,\"caption\":\"Landious Travel\"}]}<\/script>\n<!-- \/ Yoast SEO Premium plugin. -->","yoast_head_json":{"title":"Trzygodzinny Moto-Safari w Sharm El Sheikh","description":"Trzygodzinny Moto-Safari w Sharm El Sheikh Wybierz si\u0119 na naprawd\u0119 niezapomniane wra\u017cenia podczas trzygodzinnej wycieczki safari buggy po pla\u017cy","robots":{"index":"index","follow":"follow","max-snippet":"max-snippet:-1","max-image-preview":"max-image-preview:large","max-video-preview":"max-video-preview:-1"},"canonical":"https:\/\/landioustravel.com\/pl\/shop\/trzygodzinny-moto-safari-sharm\/","og_locale":"pl_PL","og_type":"article","og_title":"Trzygodzinny Moto-Safari w Sharm El Sheikh","og_description":"Landious Travel","og_url":"https:\/\/landioustravel.com\/pl\/shop\/trzygodzinny-moto-safari-sharm\/","og_site_name":"Landious Travel","article_publisher":"https:\/\/web.facebook.com\/landiousEgypt","article_modified_time":"2024-03-27T02:37:11+00:00","og_image":[{"width":1200,"height":673,"url":"https:\/\/i0.wp.com\/landioustravel.com\/wp-content\/uploads\/2019\/03\/Three-Hours-Moto-Safari-Sharm-El-Sheikh-e1669333340567.jpg?fit=1200%2C673&ssl=1","type":"image\/jpeg"}],"twitter_card":"summary_large_image","twitter_site":"@LandiousTours","twitter_misc":{"Szacowany czas czytania":"1 minuta"},"schema":{"@context":"https:\/\/schema.org","@graph":[{"@type":"WebPage","@id":"https:\/\/landioustravel.com\/pl\/shop\/trzygodzinny-moto-safari-sharm\/","url":"https:\/\/landioustravel.com\/pl\/shop\/trzygodzinny-moto-safari-sharm\/","name":"Trzygodzinny Moto-Safari w Sharm El Sheikh","isPartOf":{"@id":"https:\/\/landioustravel.com\/pl\/#website"},"primaryImageOfPage":{"@id":"https:\/\/landioustravel.com\/pl\/shop\/trzygodzinny-moto-safari-sharm\/#primaryimage"},"image":{"@id":"https:\/\/landioustravel.com\/pl\/shop\/trzygodzinny-moto-safari-sharm\/#primaryimage"},"thumbnailUrl":"https:\/\/i0.wp.com\/landioustravel.com\/wp-content\/uploads\/2019\/03\/Three-Hours-Moto-Safari-Sharm-El-Sheikh-e1669333340567.jpg?fit=1200%2C673&ssl=1","datePublished":"2019-03-06T10:29:02+00:00","dateModified":"2024-03-27T02:37:11+00:00","description":"Trzygodzinny Moto-Safari w Sharm El Sheikh Wybierz si\u0119 na naprawd\u0119 niezapomniane wra\u017cenia podczas trzygodzinnej wycieczki safari buggy po pla\u017cy","breadcrumb":{"@id":"https:\/\/landioustravel.com\/pl\/shop\/trzygodzinny-moto-safari-sharm\/#breadcrumb"},"inLanguage":"pl-PL","potentialAction":[{"@type":"ReadAction","target":["https:\/\/landioustravel.com\/pl\/shop\/trzygodzinny-moto-safari-sharm\/"]}]},{"@type":"ImageObject","inLanguage":"pl-PL","@id":"https:\/\/landioustravel.com\/pl\/shop\/trzygodzinny-moto-safari-sharm\/#primaryimage","url":"https:\/\/i0.wp.com\/landioustravel.com\/wp-content\/uploads\/2019\/03\/Three-Hours-Moto-Safari-Sharm-El-Sheikh-e1669333340567.jpg?fit=1200%2C673&ssl=1","contentUrl":"https:\/\/i0.wp.com\/landioustravel.com\/wp-content\/uploads\/2019\/03\/Three-Hours-Moto-Safari-Sharm-El-Sheikh-e1669333340567.jpg?fit=1200%2C673&ssl=1","width":1200,"height":673,"caption":"Three Hours Moto Safari Sharm El Sheikh"},{"@type":"BreadcrumbList","@id":"https:\/\/landioustravel.com\/pl\/shop\/trzygodzinny-moto-safari-sharm\/#breadcrumb","itemListElement":[{"@type":"ListItem","position":1,"name":"Home","item":"https:\/\/landioustravel.com\/pl\/"},{"@type":"ListItem","position":2,"name":"Us\u0142ugi i wycieczki","item":"https:\/\/landioustravel.com\/pl\/"},{"@type":"ListItem","position":3,"name":"Trzygodzinny Moto-Safari w Sharm El Sheikh"}]},{"@type":"WebSite","@id":"https:\/\/landioustravel.com\/pl\/#website","url":"https:\/\/landioustravel.com\/pl\/","name":"Landious Travel","description":"Excursions, trips and cruises in Egypt","publisher":{"@id":"https:\/\/landioustravel.com\/pl\/#organization"},"potentialAction":[{"@type":"SearchAction","target":{"@type":"EntryPoint","urlTemplate":"https:\/\/landioustravel.com\/pl\/?s={search_term_string}"},"query-input":{"@type":"PropertyValueSpecification","valueRequired":true,"valueName":"search_term_string"}}],"inLanguage":"pl-PL"},{"@type":["Organization","Place"],"@id":"https:\/\/landioustravel.com\/pl\/#organization","name":"Landious Travel","alternateName":"Landious Travel","url":"https:\/\/landioustravel.com\/pl\/","logo":{"@id":"https:\/\/landioustravel.com\/pl\/shop\/trzygodzinny-moto-safari-sharm\/#local-main-organization-logo"},"image":{"@id":"https:\/\/landioustravel.com\/pl\/shop\/trzygodzinny-moto-safari-sharm\/#local-main-organization-logo"},"sameAs":["https:\/\/web.facebook.com\/landiousEgypt","https:\/\/x.com\/LandiousTours","https:\/\/mastodon.social\/@landious"],"legalName":"Landious Travel","telephone":[],"openingHoursSpecification":[{"@type":"OpeningHoursSpecification","dayOfWeek":["Monday","Tuesday","Wednesday","Thursday","Friday","Saturday","Sunday"],"opens":"09:00","closes":"17:00"}]},{"@type":"ImageObject","inLanguage":"pl-PL","@id":"https:\/\/landioustravel.com\/pl\/shop\/trzygodzinny-moto-safari-sharm\/#local-main-organization-logo","url":"https:\/\/i0.wp.com\/landioustravel.com\/wp-content\/uploads\/2021\/06\/Landious-T.png?fit=500%2C500&ssl=1","contentUrl":"https:\/\/i0.wp.com\/landioustravel.com\/wp-content\/uploads\/2021\/06\/Landious-T.png?fit=500%2C500&ssl=1","width":500,"height":500,"caption":"Landious Travel"}]}},"jetpack_publicize_connections":[],"uagb_featured_image_src":{"full":["https:\/\/i0.wp.com\/landioustravel.com\/wp-content\/uploads\/2019\/03\/Three-Hours-Moto-Safari-Sharm-El-Sheikh-e1669333340567.jpg?fit=1200%2C673&ssl=1",1200,673,false],"thumbnail":["https:\/\/i0.wp.com\/landioustravel.com\/wp-content\/uploads\/2019\/03\/Three-Hours-Moto-Safari-Sharm-El-Sheikh-e1669333340567.jpg?resize=150%2C150&ssl=1",150,150,true],"medium":["https:\/\/i0.wp.com\/landioustravel.com\/wp-content\/uploads\/2019\/03\/Three-Hours-Moto-Safari-Sharm-El-Sheikh-e1669333340567.jpg?fit=300%2C168&ssl=1",300,168,true],"medium_large":["https:\/\/i0.wp.com\/landioustravel.com\/wp-content\/uploads\/2019\/03\/Three-Hours-Moto-Safari-Sharm-El-Sheikh-e1669333340567.jpg?fit=768%2C431&ssl=1",768,431,true],"large":["https:\/\/i0.wp.com\/landioustravel.com\/wp-content\/uploads\/2019\/03\/Three-Hours-Moto-Safari-Sharm-El-Sheikh-e1669333340567.jpg?fit=980%2C549&ssl=1",980,549,true],"1536x1536":["https:\/\/i0.wp.com\/landioustravel.com\/wp-content\/uploads\/2019\/03\/Three-Hours-Moto-Safari-Sharm-El-Sheikh-e1669333340567.jpg?fit=1200%2C673&ssl=1",1200,673,true],"2048x2048":["https:\/\/i0.wp.com\/landioustravel.com\/wp-content\/uploads\/2019\/03\/Three-Hours-Moto-Safari-Sharm-El-Sheikh-e1669333340567.jpg?fit=1200%2C673&ssl=1",1200,673,true],"newspack-article-block-landscape-large":["https:\/\/i0.wp.com\/landioustravel.com\/wp-content\/uploads\/2019\/03\/Three-Hours-Moto-Safari-Sharm-El-Sheikh-e1669333340567.jpg?resize=1200%2C673&ssl=1",1200,673,true],"newspack-article-block-portrait-large":["https:\/\/i0.wp.com\/landioustravel.com\/wp-content\/uploads\/2019\/03\/Three-Hours-Moto-Safari-Sharm-El-Sheikh-e1669333340567.jpg?resize=900%2C673&ssl=1",900,673,true],"newspack-article-block-square-large":["https:\/\/i0.wp.com\/landioustravel.com\/wp-content\/uploads\/2019\/03\/Three-Hours-Moto-Safari-Sharm-El-Sheikh-e1669333340567.jpg?resize=1200%2C673&ssl=1",1200,673,true],"newspack-article-block-landscape-medium":["https:\/\/i0.wp.com\/landioustravel.com\/wp-content\/uploads\/2019\/03\/Three-Hours-Moto-Safari-Sharm-El-Sheikh-e1669333340567.jpg?resize=800%2C600&ssl=1",800,600,true],"newspack-article-block-portrait-medium":["https:\/\/i0.wp.com\/landioustravel.com\/wp-content\/uploads\/2019\/03\/Three-Hours-Moto-Safari-Sharm-El-Sheikh-e1669333340567.jpg?resize=600%2C673&ssl=1",600,673,true],"newspack-article-block-square-medium":["https:\/\/i0.wp.com\/landioustravel.com\/wp-content\/uploads\/2019\/03\/Three-Hours-Moto-Safari-Sharm-El-Sheikh-e1669333340567.jpg?resize=800%2C673&ssl=1",800,673,true],"newspack-article-block-landscape-intermediate":["https:\/\/i0.wp.com\/landioustravel.com\/wp-content\/uploads\/2019\/03\/Three-Hours-Moto-Safari-Sharm-El-Sheikh-e1669333340567.jpg?resize=600%2C450&ssl=1",600,450,true],"newspack-article-block-portrait-intermediate":["https:\/\/i0.wp.com\/landioustravel.com\/wp-content\/uploads\/2019\/03\/Three-Hours-Moto-Safari-Sharm-El-Sheikh-e1669333340567.jpg?resize=450%2C600&ssl=1",450,600,true],"newspack-article-block-square-intermediate":["https:\/\/i0.wp.com\/landioustravel.com\/wp-content\/uploads\/2019\/03\/Three-Hours-Moto-Safari-Sharm-El-Sheikh-e1669333340567.jpg?resize=600%2C600&ssl=1",600,600,true],"newspack-article-block-landscape-small":["https:\/\/i0.wp.com\/landioustravel.com\/wp-content\/uploads\/2019\/03\/Three-Hours-Moto-Safari-Sharm-El-Sheikh-e1669333340567.jpg?resize=400%2C300&ssl=1",400,300,true],"newspack-article-block-portrait-small":["https:\/\/i0.wp.com\/landioustravel.com\/wp-content\/uploads\/2019\/03\/Three-Hours-Moto-Safari-Sharm-El-Sheikh-e1669333340567.jpg?resize=300%2C400&ssl=1",300,400,true],"newspack-article-block-square-small":["https:\/\/i0.wp.com\/landioustravel.com\/wp-content\/uploads\/2019\/03\/Three-Hours-Moto-Safari-Sharm-El-Sheikh-e1669333340567.jpg?resize=400%2C400&ssl=1",400,400,true],"newspack-article-block-landscape-tiny":["https:\/\/i0.wp.com\/landioustravel.com\/wp-content\/uploads\/2019\/03\/Three-Hours-Moto-Safari-Sharm-El-Sheikh-e1669333340567.jpg?resize=200%2C150&ssl=1",200,150,true],"newspack-article-block-portrait-tiny":["https:\/\/i0.wp.com\/landioustravel.com\/wp-content\/uploads\/2019\/03\/Three-Hours-Moto-Safari-Sharm-El-Sheikh-e1669333340567.jpg?resize=150%2C200&ssl=1",150,200,true],"newspack-article-block-square-tiny":["https:\/\/i0.wp.com\/landioustravel.com\/wp-content\/uploads\/2019\/03\/Three-Hours-Moto-Safari-Sharm-El-Sheikh-e1669333340567.jpg?resize=200%2C200&ssl=1",200,200,true],"newspack-article-block-uncropped":["https:\/\/i0.wp.com\/landioustravel.com\/wp-content\/uploads\/2019\/03\/Three-Hours-Moto-Safari-Sharm-El-Sheikh-e1669333340567.jpg?fit=1200%2C673&ssl=1",1200,673,true],"woocommerce_thumbnail":["https:\/\/i0.wp.com\/landioustravel.com\/wp-content\/uploads\/2019\/03\/Three-Hours-Moto-Safari-Sharm-El-Sheikh-e1669333340567.jpg?resize=324%2C324&ssl=1",324,324,true],"woocommerce_single":["https:\/\/i0.wp.com\/landioustravel.com\/wp-content\/uploads\/2019\/03\/Three-Hours-Moto-Safari-Sharm-El-Sheikh-e1669333340567.jpg?fit=416%2C233&ssl=1",416,233,true],"woocommerce_gallery_thumbnail":["https:\/\/i0.wp.com\/landioustravel.com\/wp-content\/uploads\/2019\/03\/Three-Hours-Moto-Safari-Sharm-El-Sheikh-e1669333340567.jpg?resize=100%2C100&ssl=1",100,100,true]},"uagb_author_info":{"display_name":"Mofreh Landious","author_link":"https:\/\/landioustravel.com\/pl\/author\/"},"uagb_comment_info":7,"uagb_excerpt":"Wybierz si\u0119 na naprawd\u0119 niezapomniane wra\u017cenia podczas trzygodzinnej wycieczki safari buggy po pla\u017cy w Sharm el-Sheikh! Ta przygoda gwarantuje Ci mo\u017cliwo\u015b\u0107 przejechania quadem przez 50 km po pustyni, jednocze\u015bnie poznaj\u0105c osza\u0142amiaj\u0105c\u0105 przyrod\u0119 P\u00f3\u0142wyspu Synaj. B\u0119dziesz mia\u0142 nawet okazj\u0119 napi\u0107 si\u0119 herbaty z go\u015bcinnymi mieszka\u0144cami pustyni - Beduinami! To ekscytuj\u0105cy spos\u00f3b na bli\u017csze przyjrzenie si\u0119 niezwyk\u0142ej&hellip;","jetpack_sharing_enabled":true,"jetpack_likes_enabled":true,"amp_enabled":true,"_links":{"self":[{"href":"https:\/\/landioustravel.com\/pl\/wp-json\/wp\/v2\/product\/2946","targetHints":{"allow":["GET"]}}],"collection":[{"href":"https:\/\/landioustravel.com\/pl\/wp-json\/wp\/v2\/product"}],"about":[{"href":"https:\/\/landioustravel.com\/pl\/wp-json\/wp\/v2\/types\/product"}],"replies":[{"embeddable":true,"href":"https:\/\/landioustravel.com\/pl\/wp-json\/wp\/v2\/comments?post=2946"}],"wp:featuredmedia":[{"embeddable":true,"href":"https:\/\/landioustravel.com\/pl\/wp-json\/wp\/v2\/media\/99589"}],"wp:attachment":[{"href":"https:\/\/landioustravel.com\/pl\/wp-json\/wp\/v2\/media?parent=2946"}],"wp:term":[{"taxonomy":"product_brand","embeddable":true,"href":"https:\/\/landioustravel.com\/pl\/wp-json\/wp\/v2\/product_brand?post=2946"},{"taxonomy":"product_cat","embeddable":true,"href":"https:\/\/landioustravel.com\/pl\/wp-json\/wp\/v2\/product_cat?post=2946"},{"taxonomy":"product_tag","embeddable":true,"href":"https:\/\/landioustravel.com\/pl\/wp-json\/wp\/v2\/product_tag?post=2946"}],"curies":[{"name":"wp","href":"https:\/\/api.w.org\/{rel}","templated":true}]}}