{"id":3002,"date":"2019-03-18T19:48:07","date_gmt":"2019-03-19T00:47:36","guid":{"rendered":"https:\/\/landioustravel.com\/?post_type=product&#038;p=3002"},"modified":"2026-03-05T19:13:57","modified_gmt":"2026-03-05T17:13:57","slug":"wycieczka-abu-galum-hole-sharm","status":"publish","type":"product","link":"https:\/\/landioustravel.com\/pl\/shop\/wycieczka-abu-galum-hole-sharm\/","title":{"rendered":"Wycieczka Abu Galum i Blue Hole z Sharm El-Sheikh"},"content":{"rendered":"<p>Jest to jedna z najbardziej aktywnych wycieczek w Sharm El-Sheikh! Polecamy wycieczk\u0119, poniewa\u017c pozwala ona turystom na zrobienie wielu ciekawych zaj\u0119\u0107 podczas tej wycieczki. Dzia\u0142ania te r\u00f3\u017cni\u0105 si\u0119 znacznie, od podr\u00f3\u017cy do nast\u0119pnego pobliskiego kurortu Dahab, ogl\u0105dania l\u0105dowej przyrody na p\u00f3\u0142wyspie Synaj; do, zwiedzanie parku narodowego Abu Galum, odkrywanie kanionu, jazda na wielb\u0142\u0105dach, p\u0142ywanie i nurkowanie w Blue Hole i robienie zakup\u00f3w w Dahab.<\/p>\n<h2>G\u0142\u00f3wne punkty programu wycieczki do Abu Galum<\/h2>\n<ul>\n<li>Jazda wielb\u0142\u0105dami nad morzem<\/li>\n<li>Nast\u0119pnie snorkeling w Blue Hole<\/li>\n<li>Nast\u0119pnie zwiedzanie kanionu<\/li>\n<li>I wi\u0119cej, maj\u0105c czas na lunch<\/li>\n<li>Wreszcie zakupy w Dahab<\/li>\n<\/ul>\n<h3>Program wycieczki Abu Galum i Blue Hole z Sharm El Sheikh<\/h3>\n<ul>\n<li>Odbieramy Ci\u0119 z hotelu oko\u0142o 08:00<\/li>\n<li>Po podniesieniu wszystkich os\u00f3b minibus \/ jeep jedzie do parku narodowego Abu Galum. Droga do parku narodowego Abu Galum zajmuje oko\u0142o 90 minut<\/li>\n<li>Po pierwsze, musisz przygotowa\u0107 si\u0119 do za\u0142o\u017cenia okular\u00f3w przeciws\u0142onecznych i nawini\u0119cia szalika na g\u0142ow\u0119<\/li>\n<li>Po tym odbywa si\u0119 odprawa i szkolenie na kr\u00f3tki czas.<\/li>\n<li>Nast\u0119pnie zaczynasz sw\u00f3j program, odwiedzaj\u0105c kanion i ciesz\u0105c si\u0119 g\u00f3rsk\u0105 przyrod\u0105 na Synaju.<\/li>\n<li>Nast\u0119pnie mo\u017cesz je\u017adzi\u0107 na wielb\u0142\u0105dzie nad morzem. Pozwoli ci cieszy\u0107 si\u0119 zar\u00f3wno je\u017cd\u017ceniem na wielb\u0142\u0105dach, jak i obserwowaniem morza.<\/li>\n<li>Zaraz po zako\u0144czeniu jazdy dotrzesz do namiotu Beduin\u00f3w<\/li>\n<li>Przewodnik towarzyszy wiosce Beduin\u00f3w. Pokazuje, jak Beduini gotuj\u0105 chleb i jak si\u0119 ubieraj\u0105<\/li>\n<li>Nast\u0119puj\u0105cy punkt jest cudowny: p\u0142ywanie i nurkowanie w Blue Hole<\/li>\n<li>Obiad przychodzi po tym przystanku w Blue Hole. B\u0119dziesz go mia\u0142 w kurorcie Dahab.<\/li>\n<li>Program kontynuuje zakupy w Dahab.<\/li>\n<li>W ko\u0144cu wr\u00f3cisz do Sharm El-Sheikh po tej niesamowitej wycieczce w Abu Galum. Program ko\u0144czy si\u0119 oko\u0142o 16:00 w Dahab.<\/li>\n<\/ul>\n<h4>Co jest wliczone w koszt podr\u00f3\u017cy<\/h4>\n<ul>\n<li>Obiad<\/li>\n<li>I przenie\u015b si\u0119 do Abu Galum iz powrotem do hotelu<\/li>\n<\/ul>\n<h5>Co nie jest wliczone w koszt wycieczki<\/h5>\n<ul>\n<li>Sprz\u0119t do nurkowania<\/li>\n<li>DVD wideo<\/li>\n<li>I, CD ze zdj\u0119ciami<\/li>\n<\/ul>\n<h6>CO POWINIEN PODJ\u0104\u0106 Z Tob\u0105 W PODR\u00d3\u017bY<\/h6>\n<ul>\n<li>Szalik<\/li>\n<li>I okulary przeciws\u0142oneczne<\/li>\n<li>Sprz\u0119t do nurkowania<\/li>\n<\/ul>\n<h6>DNI ORGANIZACJI WYCIECZKI<\/h6>\n<ul>\n<li>Codziennie od 08:00 do 19:00<\/li>\n<\/ul>\n","protected":false},"excerpt":{"rendered":"<p>Szukasz zabawnej i pouczaj\u0105cej przygody? Nie szukaj dalej ni\u017c ten niesamowity program, kt\u00f3ry zabierze Ci\u0119 do Abu Galum i Blue Hole z Sharm El Sheikh! Nasz zesp\u00f3\u0142 oferuje r\u00f3\u017cnorodne ekscytuj\u0105ce zaj\u0119cia, kt\u00f3re z pewno\u015bci\u0105 uczyni\u0105 Tw\u00f3j dzie\u0144 niezapomnianym. Mo\u017cesz odkrywa\u0107 pi\u0119kne naturalne krajobrazy p\u00f3\u0142wyspu Synaj, odwiedzi\u0107 park narodowy Abu Galum i je\u017adzi\u0107 na wielb\u0142\u0105dach, p\u0142ywa\u0107 i nurkowa\u0107 w Blue Hole, a nawet robi\u0107 zakupy w Dahab.<\/p>\n<p>Podczas wycieczki odwiedzisz Park Narodowy Kolorowego Kanionu, gdzie klify sk\u0142adaj\u0105 si\u0119 z wielobarwnego piaskowca. Wybierz si\u0119 te\u017c na przeja\u017cd\u017ck\u0119 na wielb\u0142\u0105dzie wzd\u0142u\u017c morza i podziwiaj wspania\u0142e widoki na morze i pustyni\u0119. I nie zapomnij nurkowa\u0107 z rurk\u0105 w rezerwacie przyrody Abu Galum, gdzie b\u0119dziesz zachwycony pi\u0119knem podwodnego \u015bwiata Morza Czerwonego.<\/p>\n<p>Nasz program obejmuje zwiedzanie Parku Narodowego Kolorowego Kanionu, przeja\u017cd\u017ck\u0119 na wielb\u0142\u0105dzie, nurkowanie z rurk\u0105 w\u015br\u00f3d pi\u0119knych koralowc\u00f3w rezerwatu Abu Galum, lunch w mie\u015bcie Dahab i zwiedzanie targu w mie\u015bcie Dahab.<\/p>\n<p>Twoja wycieczka rozpocznie si\u0119 od odbioru z hotelu, a nast\u0119pnie udasz si\u0119 na pustyni\u0119, gdzie zahipnotyzuje ci\u0119 spokojne pi\u0119kno kanion\u00f3w. B\u0119dziesz tak\u017ce m\u00f3g\u0142 do\u015bwiadczy\u0107 jazdy na wielb\u0142\u0105dzie, co jest wyj\u0105tkowym i ekscytuj\u0105cym sposobem na odkrywanie pustyni.<\/p>\n<p>Nast\u0119pnie zabierzemy Ci\u0119 do Abu Galum &#8211; Blue Hole, gdzie mo\u017cesz zobaczy\u0107 osza\u0142amiaj\u0105c\u0105 podwodn\u0105 jaskini\u0119 otoczon\u0105 kolorowymi koralami i rybami. Mo\u017cesz nawet nurkowa\u0107 i obserwowa\u0107 bogaty podwodny \u015bwiat Morza Czerwonego.<\/p>\n<p>Mamy nadziej\u0119, \u017ce bawili\u015bcie si\u0119 \u015bwietnie i pozostawicie wspania\u0142e wspomnienia! Po wszystkich przygodach zostaniesz pocz\u0119stowany pysznym lunchem w restauracji nad morzem. A na koniec wycieczki mo\u017cna zakupi\u0107 pami\u0105tki na pami\u0105tk\u0119 tego niezapomnianego dnia.<\/p>\n","protected":false},"featured_media":99543,"comment_status":"open","ping_status":"closed","template":"","meta":{"_coblocks_attr":"","_coblocks_dimensions":"","_coblocks_responsive_height":"","_coblocks_accordion_ie_support":"","_uag_custom_page_level_css":"","jetpack_publicize_message":"","jetpack_publicize_feature_enabled":true,"jetpack_social_post_already_shared":true,"jetpack_social_options":{"image_generator_settings":{"template":"highway","default_image_id":0,"font":"","enabled":false},"version":2},"_wpas_customize_per_network":false},"product_brand":[],"product_cat":[19113,1950],"product_tag":[2203,22821,22823,2028,1975,1963,1961],"class_list":{"0":"post-3002","1":"product","2":"type-product","3":"status-publish","4":"has-post-thumbnail","6":"product_cat-wycieczki-safari-sharm-sheikh","7":"product_cat-wycieczki-sharm-sheikh","8":"product_tag-jeep-safari-pl","9":"product_tag-morze","10":"product_tag-nurkowanie-z-rurka","11":"product_tag-safari-pl","12":"product_tag-safari-na-pustyni","13":"product_tag-szarm-el-szejk","14":"product_tag-wycieczka","15":"pa_age-dorosly","16":"pa_age-dziecko-1-4-lata","17":"pa_age-dziecko-5-11-lat","19":"first","20":"instock","21":"sale","22":"taxable","23":"shipping-taxable","24":"purchasable","25":"product-type-variable"},"yoast_head":"<!-- This site is optimized with the Yoast SEO Premium plugin v27.5 (Yoast SEO v27.5) - https:\/\/yoast.com\/product\/yoast-seo-premium-wordpress\/ -->\n<title>Wycieczka Abu Galum i Blue Hole z Sharm El-Sheikh<\/title>\n<meta name=\"description\" content=\"Wycieczka Abu Galum i Blue Hole z Sharm El-Sheikh pozwala ona turystom na zrobienie wielu ciekawych zaj\u0119\u0107 podczas tej wycieczki. Dzia\u0142ania\" \/>\n<meta name=\"robots\" content=\"index, follow, max-snippet:-1, max-image-preview:large, max-video-preview:-1\" \/>\n<link rel=\"canonical\" href=\"https:\/\/landioustravel.com\/pl\/shop\/wycieczka-abu-galum-hole-sharm\/\" \/>\n<meta property=\"og:locale\" content=\"pl_PL\" \/>\n<meta property=\"og:type\" content=\"article\" \/>\n<meta property=\"og:title\" content=\"Wycieczka Abu Galum i Blue Hole z Sharm El-Sheikh\" \/>\n<meta property=\"og:description\" content=\"Landious Travel\" \/>\n<meta property=\"og:url\" content=\"https:\/\/landioustravel.com\/pl\/shop\/wycieczka-abu-galum-hole-sharm\/\" \/>\n<meta property=\"og:site_name\" content=\"Landious Travel\" \/>\n<meta property=\"article:publisher\" content=\"https:\/\/web.facebook.com\/landiousEgypt\" \/>\n<meta property=\"article:modified_time\" content=\"2026-03-05T17:13:57+00:00\" \/>\n<meta property=\"og:image\" content=\"https:\/\/i0.wp.com\/landioustravel.com\/wp-content\/uploads\/2019\/03\/Abu-Galum-Blue-Hole-Excursion-Sharm-El-Sheikh-2-e1669330135221.jpg?fit=1199%2C676&ssl=1\" \/>\n\t<meta property=\"og:image:width\" content=\"1199\" \/>\n\t<meta property=\"og:image:height\" content=\"676\" \/>\n\t<meta property=\"og:image:type\" content=\"image\/jpeg\" \/>\n<meta name=\"twitter:card\" content=\"summary_large_image\" \/>\n<meta name=\"twitter:site\" content=\"@LandiousTours\" \/>\n<meta name=\"twitter:label1\" content=\"Szacowany czas czytania\" \/>\n\t<meta name=\"twitter:data1\" content=\"2 minuty\" \/>\n<script type=\"application\/ld+json\" class=\"yoast-schema-graph\">{\"@context\":\"https:\\\/\\\/schema.org\",\"@graph\":[{\"@type\":\"WebPage\",\"@id\":\"https:\\\/\\\/landioustravel.com\\\/pl\\\/shop\\\/wycieczka-abu-galum-hole-sharm\\\/\",\"url\":\"https:\\\/\\\/landioustravel.com\\\/pl\\\/shop\\\/wycieczka-abu-galum-hole-sharm\\\/\",\"name\":\"Wycieczka Abu Galum i Blue Hole z Sharm El-Sheikh\",\"isPartOf\":{\"@id\":\"https:\\\/\\\/landioustravel.com\\\/pl\\\/#website\"},\"primaryImageOfPage\":{\"@id\":\"https:\\\/\\\/landioustravel.com\\\/pl\\\/shop\\\/wycieczka-abu-galum-hole-sharm\\\/#primaryimage\"},\"image\":{\"@id\":\"https:\\\/\\\/landioustravel.com\\\/pl\\\/shop\\\/wycieczka-abu-galum-hole-sharm\\\/#primaryimage\"},\"thumbnailUrl\":\"https:\\\/\\\/i0.wp.com\\\/landioustravel.com\\\/wp-content\\\/uploads\\\/2019\\\/03\\\/Abu-Galum-Blue-Hole-Excursion-Sharm-El-Sheikh-2-e1669330135221.jpg?fit=1199%2C676&ssl=1\",\"datePublished\":\"2019-03-19T00:47:36+00:00\",\"dateModified\":\"2026-03-05T17:13:57+00:00\",\"description\":\"Wycieczka Abu Galum i Blue Hole z Sharm El-Sheikh pozwala ona turystom na zrobienie wielu ciekawych zaj\u0119\u0107 podczas tej wycieczki. Dzia\u0142ania\",\"breadcrumb\":{\"@id\":\"https:\\\/\\\/landioustravel.com\\\/pl\\\/shop\\\/wycieczka-abu-galum-hole-sharm\\\/#breadcrumb\"},\"inLanguage\":\"pl-PL\",\"potentialAction\":[{\"@type\":\"ReadAction\",\"target\":[\"https:\\\/\\\/landioustravel.com\\\/pl\\\/shop\\\/wycieczka-abu-galum-hole-sharm\\\/\"]}]},{\"@type\":\"ImageObject\",\"inLanguage\":\"pl-PL\",\"@id\":\"https:\\\/\\\/landioustravel.com\\\/pl\\\/shop\\\/wycieczka-abu-galum-hole-sharm\\\/#primaryimage\",\"url\":\"https:\\\/\\\/i0.wp.com\\\/landioustravel.com\\\/wp-content\\\/uploads\\\/2019\\\/03\\\/Abu-Galum-Blue-Hole-Excursion-Sharm-El-Sheikh-2-e1669330135221.jpg?fit=1199%2C676&ssl=1\",\"contentUrl\":\"https:\\\/\\\/i0.wp.com\\\/landioustravel.com\\\/wp-content\\\/uploads\\\/2019\\\/03\\\/Abu-Galum-Blue-Hole-Excursion-Sharm-El-Sheikh-2-e1669330135221.jpg?fit=1199%2C676&ssl=1\",\"width\":1199,\"height\":676,\"caption\":\"Abu Galum Blue Hole Excursion Sharm El Sheikh\"},{\"@type\":\"BreadcrumbList\",\"@id\":\"https:\\\/\\\/landioustravel.com\\\/pl\\\/shop\\\/wycieczka-abu-galum-hole-sharm\\\/#breadcrumb\",\"itemListElement\":[{\"@type\":\"ListItem\",\"position\":1,\"name\":\"Home\",\"item\":\"https:\\\/\\\/landioustravel.com\\\/pl\\\/\"},{\"@type\":\"ListItem\",\"position\":2,\"name\":\"Us\u0142ugi i wycieczki\",\"item\":\"https:\\\/\\\/landioustravel.com\\\/pl\\\/\"},{\"@type\":\"ListItem\",\"position\":3,\"name\":\"Wycieczka Abu Galum i Blue Hole z Sharm El-Sheikh\"}]},{\"@type\":\"WebSite\",\"@id\":\"https:\\\/\\\/landioustravel.com\\\/pl\\\/#website\",\"url\":\"https:\\\/\\\/landioustravel.com\\\/pl\\\/\",\"name\":\"Landious Travel\",\"description\":\"Excursions, trips and cruises in Egypt\",\"publisher\":{\"@id\":\"https:\\\/\\\/landioustravel.com\\\/pl\\\/#organization\"},\"potentialAction\":[{\"@type\":\"SearchAction\",\"target\":{\"@type\":\"EntryPoint\",\"urlTemplate\":\"https:\\\/\\\/landioustravel.com\\\/pl\\\/?s={search_term_string}\"},\"query-input\":{\"@type\":\"PropertyValueSpecification\",\"valueRequired\":true,\"valueName\":\"search_term_string\"}}],\"inLanguage\":\"pl-PL\"},{\"@type\":[\"Organization\",\"Place\"],\"@id\":\"https:\\\/\\\/landioustravel.com\\\/pl\\\/#organization\",\"name\":\"Landious Travel\",\"alternateName\":\"Landious Travel\",\"url\":\"https:\\\/\\\/landioustravel.com\\\/pl\\\/\",\"logo\":{\"@id\":\"https:\\\/\\\/landioustravel.com\\\/pl\\\/shop\\\/wycieczka-abu-galum-hole-sharm\\\/#local-main-organization-logo\"},\"image\":{\"@id\":\"https:\\\/\\\/landioustravel.com\\\/pl\\\/shop\\\/wycieczka-abu-galum-hole-sharm\\\/#local-main-organization-logo\"},\"sameAs\":[\"https:\\\/\\\/web.facebook.com\\\/landiousEgypt\",\"https:\\\/\\\/x.com\\\/LandiousTours\",\"https:\\\/\\\/mastodon.social\\\/@landious\"],\"legalName\":\"Landious Travel\",\"telephone\":[],\"openingHoursSpecification\":[{\"@type\":\"OpeningHoursSpecification\",\"dayOfWeek\":[\"Monday\",\"Tuesday\",\"Wednesday\",\"Thursday\",\"Friday\",\"Saturday\",\"Sunday\"],\"opens\":\"09:00\",\"closes\":\"17:00\"}]},{\"@type\":\"ImageObject\",\"inLanguage\":\"pl-PL\",\"@id\":\"https:\\\/\\\/landioustravel.com\\\/pl\\\/shop\\\/wycieczka-abu-galum-hole-sharm\\\/#local-main-organization-logo\",\"url\":\"https:\\\/\\\/i0.wp.com\\\/landioustravel.com\\\/wp-content\\\/uploads\\\/2021\\\/06\\\/Landious-T.png?fit=500%2C500&ssl=1\",\"contentUrl\":\"https:\\\/\\\/i0.wp.com\\\/landioustravel.com\\\/wp-content\\\/uploads\\\/2021\\\/06\\\/Landious-T.png?fit=500%2C500&ssl=1\",\"width\":500,\"height\":500,\"caption\":\"Landious Travel\"}]}<\/script>\n<!-- \/ Yoast SEO Premium plugin. -->","yoast_head_json":{"title":"Wycieczka Abu Galum i Blue Hole z Sharm El-Sheikh","description":"Wycieczka Abu Galum i Blue Hole z Sharm El-Sheikh pozwala ona turystom na zrobienie wielu ciekawych zaj\u0119\u0107 podczas tej wycieczki. Dzia\u0142ania","robots":{"index":"index","follow":"follow","max-snippet":"max-snippet:-1","max-image-preview":"max-image-preview:large","max-video-preview":"max-video-preview:-1"},"canonical":"https:\/\/landioustravel.com\/pl\/shop\/wycieczka-abu-galum-hole-sharm\/","og_locale":"pl_PL","og_type":"article","og_title":"Wycieczka Abu Galum i Blue Hole z Sharm El-Sheikh","og_description":"Landious Travel","og_url":"https:\/\/landioustravel.com\/pl\/shop\/wycieczka-abu-galum-hole-sharm\/","og_site_name":"Landious Travel","article_publisher":"https:\/\/web.facebook.com\/landiousEgypt","article_modified_time":"2026-03-05T17:13:57+00:00","og_image":[{"width":1199,"height":676,"url":"https:\/\/i0.wp.com\/landioustravel.com\/wp-content\/uploads\/2019\/03\/Abu-Galum-Blue-Hole-Excursion-Sharm-El-Sheikh-2-e1669330135221.jpg?fit=1199%2C676&ssl=1","type":"image\/jpeg"}],"twitter_card":"summary_large_image","twitter_site":"@LandiousTours","twitter_misc":{"Szacowany czas czytania":"2 minuty"},"schema":{"@context":"https:\/\/schema.org","@graph":[{"@type":"WebPage","@id":"https:\/\/landioustravel.com\/pl\/shop\/wycieczka-abu-galum-hole-sharm\/","url":"https:\/\/landioustravel.com\/pl\/shop\/wycieczka-abu-galum-hole-sharm\/","name":"Wycieczka Abu Galum i Blue Hole z Sharm El-Sheikh","isPartOf":{"@id":"https:\/\/landioustravel.com\/pl\/#website"},"primaryImageOfPage":{"@id":"https:\/\/landioustravel.com\/pl\/shop\/wycieczka-abu-galum-hole-sharm\/#primaryimage"},"image":{"@id":"https:\/\/landioustravel.com\/pl\/shop\/wycieczka-abu-galum-hole-sharm\/#primaryimage"},"thumbnailUrl":"https:\/\/i0.wp.com\/landioustravel.com\/wp-content\/uploads\/2019\/03\/Abu-Galum-Blue-Hole-Excursion-Sharm-El-Sheikh-2-e1669330135221.jpg?fit=1199%2C676&ssl=1","datePublished":"2019-03-19T00:47:36+00:00","dateModified":"2026-03-05T17:13:57+00:00","description":"Wycieczka Abu Galum i Blue Hole z Sharm El-Sheikh pozwala ona turystom na zrobienie wielu ciekawych zaj\u0119\u0107 podczas tej wycieczki. Dzia\u0142ania","breadcrumb":{"@id":"https:\/\/landioustravel.com\/pl\/shop\/wycieczka-abu-galum-hole-sharm\/#breadcrumb"},"inLanguage":"pl-PL","potentialAction":[{"@type":"ReadAction","target":["https:\/\/landioustravel.com\/pl\/shop\/wycieczka-abu-galum-hole-sharm\/"]}]},{"@type":"ImageObject","inLanguage":"pl-PL","@id":"https:\/\/landioustravel.com\/pl\/shop\/wycieczka-abu-galum-hole-sharm\/#primaryimage","url":"https:\/\/i0.wp.com\/landioustravel.com\/wp-content\/uploads\/2019\/03\/Abu-Galum-Blue-Hole-Excursion-Sharm-El-Sheikh-2-e1669330135221.jpg?fit=1199%2C676&ssl=1","contentUrl":"https:\/\/i0.wp.com\/landioustravel.com\/wp-content\/uploads\/2019\/03\/Abu-Galum-Blue-Hole-Excursion-Sharm-El-Sheikh-2-e1669330135221.jpg?fit=1199%2C676&ssl=1","width":1199,"height":676,"caption":"Abu Galum Blue Hole Excursion Sharm El Sheikh"},{"@type":"BreadcrumbList","@id":"https:\/\/landioustravel.com\/pl\/shop\/wycieczka-abu-galum-hole-sharm\/#breadcrumb","itemListElement":[{"@type":"ListItem","position":1,"name":"Home","item":"https:\/\/landioustravel.com\/pl\/"},{"@type":"ListItem","position":2,"name":"Us\u0142ugi i wycieczki","item":"https:\/\/landioustravel.com\/pl\/"},{"@type":"ListItem","position":3,"name":"Wycieczka Abu Galum i Blue Hole z Sharm El-Sheikh"}]},{"@type":"WebSite","@id":"https:\/\/landioustravel.com\/pl\/#website","url":"https:\/\/landioustravel.com\/pl\/","name":"Landious Travel","description":"Excursions, trips and cruises in Egypt","publisher":{"@id":"https:\/\/landioustravel.com\/pl\/#organization"},"potentialAction":[{"@type":"SearchAction","target":{"@type":"EntryPoint","urlTemplate":"https:\/\/landioustravel.com\/pl\/?s={search_term_string}"},"query-input":{"@type":"PropertyValueSpecification","valueRequired":true,"valueName":"search_term_string"}}],"inLanguage":"pl-PL"},{"@type":["Organization","Place"],"@id":"https:\/\/landioustravel.com\/pl\/#organization","name":"Landious Travel","alternateName":"Landious Travel","url":"https:\/\/landioustravel.com\/pl\/","logo":{"@id":"https:\/\/landioustravel.com\/pl\/shop\/wycieczka-abu-galum-hole-sharm\/#local-main-organization-logo"},"image":{"@id":"https:\/\/landioustravel.com\/pl\/shop\/wycieczka-abu-galum-hole-sharm\/#local-main-organization-logo"},"sameAs":["https:\/\/web.facebook.com\/landiousEgypt","https:\/\/x.com\/LandiousTours","https:\/\/mastodon.social\/@landious"],"legalName":"Landious Travel","telephone":[],"openingHoursSpecification":[{"@type":"OpeningHoursSpecification","dayOfWeek":["Monday","Tuesday","Wednesday","Thursday","Friday","Saturday","Sunday"],"opens":"09:00","closes":"17:00"}]},{"@type":"ImageObject","inLanguage":"pl-PL","@id":"https:\/\/landioustravel.com\/pl\/shop\/wycieczka-abu-galum-hole-sharm\/#local-main-organization-logo","url":"https:\/\/i0.wp.com\/landioustravel.com\/wp-content\/uploads\/2021\/06\/Landious-T.png?fit=500%2C500&ssl=1","contentUrl":"https:\/\/i0.wp.com\/landioustravel.com\/wp-content\/uploads\/2021\/06\/Landious-T.png?fit=500%2C500&ssl=1","width":500,"height":500,"caption":"Landious Travel"}]}},"jetpack_publicize_connections":[],"uagb_featured_image_src":{"full":["https:\/\/i0.wp.com\/landioustravel.com\/wp-content\/uploads\/2019\/03\/Abu-Galum-Blue-Hole-Excursion-Sharm-El-Sheikh-2-e1669330135221.jpg?fit=1199%2C676&ssl=1",1199,676,false],"thumbnail":["https:\/\/i0.wp.com\/landioustravel.com\/wp-content\/uploads\/2019\/03\/Abu-Galum-Blue-Hole-Excursion-Sharm-El-Sheikh-2-e1669330135221.jpg?resize=150%2C150&ssl=1",150,150,true],"medium":["https:\/\/i0.wp.com\/landioustravel.com\/wp-content\/uploads\/2019\/03\/Abu-Galum-Blue-Hole-Excursion-Sharm-El-Sheikh-2-e1669330135221.jpg?fit=300%2C169&ssl=1",300,169,true],"medium_large":["https:\/\/i0.wp.com\/landioustravel.com\/wp-content\/uploads\/2019\/03\/Abu-Galum-Blue-Hole-Excursion-Sharm-El-Sheikh-2-e1669330135221.jpg?fit=768%2C433&ssl=1",768,433,true],"large":["https:\/\/i0.wp.com\/landioustravel.com\/wp-content\/uploads\/2019\/03\/Abu-Galum-Blue-Hole-Excursion-Sharm-El-Sheikh-2-e1669330135221.jpg?fit=980%2C552&ssl=1",980,552,true],"1536x1536":["https:\/\/i0.wp.com\/landioustravel.com\/wp-content\/uploads\/2019\/03\/Abu-Galum-Blue-Hole-Excursion-Sharm-El-Sheikh-2-e1669330135221.jpg?fit=1199%2C676&ssl=1",1199,676,true],"2048x2048":["https:\/\/i0.wp.com\/landioustravel.com\/wp-content\/uploads\/2019\/03\/Abu-Galum-Blue-Hole-Excursion-Sharm-El-Sheikh-2-e1669330135221.jpg?fit=1199%2C676&ssl=1",1199,676,true],"newspack-article-block-landscape-large":["https:\/\/i0.wp.com\/landioustravel.com\/wp-content\/uploads\/2019\/03\/Abu-Galum-Blue-Hole-Excursion-Sharm-El-Sheikh-2-e1669330135221.jpg?resize=1199%2C676&ssl=1",1199,676,true],"newspack-article-block-portrait-large":["https:\/\/i0.wp.com\/landioustravel.com\/wp-content\/uploads\/2019\/03\/Abu-Galum-Blue-Hole-Excursion-Sharm-El-Sheikh-2-e1669330135221.jpg?resize=900%2C676&ssl=1",900,676,true],"newspack-article-block-square-large":["https:\/\/i0.wp.com\/landioustravel.com\/wp-content\/uploads\/2019\/03\/Abu-Galum-Blue-Hole-Excursion-Sharm-El-Sheikh-2-e1669330135221.jpg?resize=1199%2C676&ssl=1",1199,676,true],"newspack-article-block-landscape-medium":["https:\/\/i0.wp.com\/landioustravel.com\/wp-content\/uploads\/2019\/03\/Abu-Galum-Blue-Hole-Excursion-Sharm-El-Sheikh-2-e1669330135221.jpg?resize=800%2C600&ssl=1",800,600,true],"newspack-article-block-portrait-medium":["https:\/\/i0.wp.com\/landioustravel.com\/wp-content\/uploads\/2019\/03\/Abu-Galum-Blue-Hole-Excursion-Sharm-El-Sheikh-2-e1669330135221.jpg?resize=600%2C676&ssl=1",600,676,true],"newspack-article-block-square-medium":["https:\/\/i0.wp.com\/landioustravel.com\/wp-content\/uploads\/2019\/03\/Abu-Galum-Blue-Hole-Excursion-Sharm-El-Sheikh-2-e1669330135221.jpg?resize=800%2C676&ssl=1",800,676,true],"newspack-article-block-landscape-intermediate":["https:\/\/i0.wp.com\/landioustravel.com\/wp-content\/uploads\/2019\/03\/Abu-Galum-Blue-Hole-Excursion-Sharm-El-Sheikh-2-e1669330135221.jpg?resize=600%2C450&ssl=1",600,450,true],"newspack-article-block-portrait-intermediate":["https:\/\/i0.wp.com\/landioustravel.com\/wp-content\/uploads\/2019\/03\/Abu-Galum-Blue-Hole-Excursion-Sharm-El-Sheikh-2-e1669330135221.jpg?resize=450%2C600&ssl=1",450,600,true],"newspack-article-block-square-intermediate":["https:\/\/i0.wp.com\/landioustravel.com\/wp-content\/uploads\/2019\/03\/Abu-Galum-Blue-Hole-Excursion-Sharm-El-Sheikh-2-e1669330135221.jpg?resize=600%2C600&ssl=1",600,600,true],"newspack-article-block-landscape-small":["https:\/\/i0.wp.com\/landioustravel.com\/wp-content\/uploads\/2019\/03\/Abu-Galum-Blue-Hole-Excursion-Sharm-El-Sheikh-2-e1669330135221.jpg?resize=400%2C300&ssl=1",400,300,true],"newspack-article-block-portrait-small":["https:\/\/i0.wp.com\/landioustravel.com\/wp-content\/uploads\/2019\/03\/Abu-Galum-Blue-Hole-Excursion-Sharm-El-Sheikh-2-e1669330135221.jpg?resize=300%2C400&ssl=1",300,400,true],"newspack-article-block-square-small":["https:\/\/i0.wp.com\/landioustravel.com\/wp-content\/uploads\/2019\/03\/Abu-Galum-Blue-Hole-Excursion-Sharm-El-Sheikh-2-e1669330135221.jpg?resize=400%2C400&ssl=1",400,400,true],"newspack-article-block-landscape-tiny":["https:\/\/i0.wp.com\/landioustravel.com\/wp-content\/uploads\/2019\/03\/Abu-Galum-Blue-Hole-Excursion-Sharm-El-Sheikh-2-e1669330135221.jpg?resize=200%2C150&ssl=1",200,150,true],"newspack-article-block-portrait-tiny":["https:\/\/i0.wp.com\/landioustravel.com\/wp-content\/uploads\/2019\/03\/Abu-Galum-Blue-Hole-Excursion-Sharm-El-Sheikh-2-e1669330135221.jpg?resize=150%2C200&ssl=1",150,200,true],"newspack-article-block-square-tiny":["https:\/\/i0.wp.com\/landioustravel.com\/wp-content\/uploads\/2019\/03\/Abu-Galum-Blue-Hole-Excursion-Sharm-El-Sheikh-2-e1669330135221.jpg?resize=200%2C200&ssl=1",200,200,true],"newspack-article-block-uncropped":["https:\/\/i0.wp.com\/landioustravel.com\/wp-content\/uploads\/2019\/03\/Abu-Galum-Blue-Hole-Excursion-Sharm-El-Sheikh-2-e1669330135221.jpg?fit=1199%2C676&ssl=1",1199,676,true],"woocommerce_thumbnail":["https:\/\/i0.wp.com\/landioustravel.com\/wp-content\/uploads\/2019\/03\/Abu-Galum-Blue-Hole-Excursion-Sharm-El-Sheikh-2-e1669330135221.jpg?resize=324%2C324&ssl=1",324,324,true],"woocommerce_single":["https:\/\/i0.wp.com\/landioustravel.com\/wp-content\/uploads\/2019\/03\/Abu-Galum-Blue-Hole-Excursion-Sharm-El-Sheikh-2-e1669330135221.jpg?fit=416%2C235&ssl=1",416,235,true],"woocommerce_gallery_thumbnail":["https:\/\/i0.wp.com\/landioustravel.com\/wp-content\/uploads\/2019\/03\/Abu-Galum-Blue-Hole-Excursion-Sharm-El-Sheikh-2-e1669330135221.jpg?resize=100%2C100&ssl=1",100,100,true]},"uagb_author_info":{"display_name":"Mofreh Landious","author_link":"https:\/\/landioustravel.com\/pl\/author\/"},"uagb_comment_info":2,"uagb_excerpt":"Szukasz zabawnej i pouczaj\u0105cej przygody? Nie szukaj dalej ni\u017c ten niesamowity program, kt\u00f3ry zabierze Ci\u0119 do Abu Galum i Blue Hole z Sharm El Sheikh! Nasz zesp\u00f3\u0142 oferuje r\u00f3\u017cnorodne ekscytuj\u0105ce zaj\u0119cia, kt\u00f3re z pewno\u015bci\u0105 uczyni\u0105 Tw\u00f3j dzie\u0144 niezapomnianym. Mo\u017cesz odkrywa\u0107 pi\u0119kne naturalne krajobrazy p\u00f3\u0142wyspu Synaj, odwiedzi\u0107 park narodowy Abu Galum i je\u017adzi\u0107 na wielb\u0142\u0105dach, p\u0142ywa\u0107&hellip;","jetpack_sharing_enabled":true,"jetpack_likes_enabled":true,"amp_enabled":true,"_links":{"self":[{"href":"https:\/\/landioustravel.com\/pl\/wp-json\/wp\/v2\/product\/3002","targetHints":{"allow":["GET"]}}],"collection":[{"href":"https:\/\/landioustravel.com\/pl\/wp-json\/wp\/v2\/product"}],"about":[{"href":"https:\/\/landioustravel.com\/pl\/wp-json\/wp\/v2\/types\/product"}],"replies":[{"embeddable":true,"href":"https:\/\/landioustravel.com\/pl\/wp-json\/wp\/v2\/comments?post=3002"}],"wp:featuredmedia":[{"embeddable":true,"href":"https:\/\/landioustravel.com\/pl\/wp-json\/wp\/v2\/media\/99543"}],"wp:attachment":[{"href":"https:\/\/landioustravel.com\/pl\/wp-json\/wp\/v2\/media?parent=3002"}],"wp:term":[{"taxonomy":"product_brand","embeddable":true,"href":"https:\/\/landioustravel.com\/pl\/wp-json\/wp\/v2\/product_brand?post=3002"},{"taxonomy":"product_cat","embeddable":true,"href":"https:\/\/landioustravel.com\/pl\/wp-json\/wp\/v2\/product_cat?post=3002"},{"taxonomy":"product_tag","embeddable":true,"href":"https:\/\/landioustravel.com\/pl\/wp-json\/wp\/v2\/product_tag?post=3002"}],"curies":[{"name":"wp","href":"https:\/\/api.w.org\/{rel}","templated":true}]}}