{"id":40034,"date":"2021-12-13T04:19:34","date_gmt":"2021-12-14T19:47:41","guid":{"rendered":"https:\/\/landioustravel.com\/?post_type=product&#038;p=40034"},"modified":"2023-06-21T09:22:44","modified_gmt":"2023-06-21T07:22:44","slug":"wycieczka-indywidualna-kom-ombo-marsa-alam","status":"publish","type":"product","link":"https:\/\/landioustravel.com\/pl\/shop\/wycieczka-indywidualna-kom-ombo-marsa-alam\/","title":{"rendered":"Wycieczka indywidualna Kom Ombo Marsa Alam"},"content":{"rendered":"<p>REZERWACJA ONLINE KOM OMBO INDYWIDUALNA WYCIECZKA MARSA ALAM I NAJLEPSZA CENA! To pi\u0119kna wycieczka do Edfu i Kom Ombo z Marsa Alam w Egipcie! Gor\u0105co polecamy t\u0119 wycieczk\u0119, poniewa\u017c pozwala ona turystom zobaczy\u0107 wiele staro\u017cytnych egipskich atrakcji i dowiedzie\u0107 si\u0119 wi\u0119cej o jego historii.<\/p>\n<p>Ciesz si\u0119 t\u0105 jednodniow\u0105 wycieczk\u0105 do \u015bwi\u0105tyni Edfu i \u015bwi\u0105tyni Kom Ombo z Marsa Alam Nie ma nic lepszego ni\u017c podziwianie staro\u017cytnych \u015bwi\u0105ty\u0144 egipskich i rozkoszowanie si\u0119 widokami na Nil w G\u00f3rnym Egipcie!<\/p>\n<h2>Najwa\u017cniejsze wydarzenia podczas indywidualnej trasy Kom Ombo Marsa Alam<\/h2>\n<ul>\n<li>Zobacz \u015bwi\u0105tyni\u0119 Edfu.<\/li>\n<li>Podziwiaj tak\u017ce \u015awi\u0105tyni\u0119 boga Sobka w Kom Ombo.<\/li>\n<\/ul>\n<h2>Program wycieczki do prywatnej wycieczki Kom Ombo<\/h2>\n<ul>\n<li>Przedstawiciel Landious Travel odbierze Ci\u0119 z hotelu w (Marsa Alam, Al-Quseir i Port Ghalib) oko\u0142o godziny 03:00 rano.<\/li>\n<li>Po zabraniu wszystkich ch\u0119tnych autobus odjedzie do Asuanu, kieruj\u0105c si\u0119 do miast Edfu i Kom Ombo. Miasto Edfu po\u0142o\u017cone jest 120 kilometr\u00f3w na po\u0142udnie od Marsa Alam, nad rzek\u0105 Nil. Jednocze\u015bnie miasto Kom Ombo jest oddalone o 220 km w dolinie Nilu. Z centrum Marsa Alam do Asuanu droga zajmuje oko\u0142o 4 godzin.<\/li>\n<\/ul>\n<h3>Program w Edfu<\/h3>\n<ul>\n<li>Jak tylko dotrzesz do Edfu, poka\u017cemy ci \u015bwi\u0105tyni\u0119 boga Horusa.<\/li>\n<li>Nast\u0119pnie pojedziesz do Kom Ombo.<\/li>\n<\/ul>\n<h3>Program w Kom Ombo<\/h3>\n<ul>\n<li>Przybywaj\u0105c do Kom Ombo, mo\u017cesz zje\u015b\u0107 lunch w lokalnej restauracji.<\/li>\n<\/ul>\n<h3>Wyjazd do Marsa Alam<\/h3>\n<ul>\n<li>W ko\u0144cu nasz autobus odjedzie z powrotem do Marsa Alam, po takim programie w pi\u0119knym mie\u015bcie Asuan.<\/li>\n<li>Ta wycieczka do Kom Ombo i Edfu z Marsa Alam ko\u0144czy si\u0119 oko\u0142o godziny 22:00.<\/li>\n<\/ul>\n<h2>Co oznacza indywidualna trasa Kom Ombo Marsa Alam?<\/h2>\n<ul>\n<li>Bilety na zwiedzanie \u015bwi\u0105ty\u0144.<\/li>\n<li>Obiad.<\/li>\n<li>Przewodnik.<\/li>\n<li>Przejazd do Edfu\/Kom-Ombo iz powrotem do hotelu.<\/li>\n<\/ul>\n<h2>Czego nie obejmuje Program Wycieczka indywidualna Kom Ombo Marsa Alam?<\/h2>\n<ul>\n<li>Dodatkowe programy wycieczek.<\/li>\n<li>R\u00f3wnie\u017c napoje.<\/li>\n<\/ul>\n<h2>Co zabra\u0107 ze sob\u0105 w podr\u00f3\u017c?<\/h2>\n<ul>\n<li>Pude\u0142ko \u015bniadaniowe.<\/li>\n<li>Paszport.<\/li>\n<li>Zabierz r\u00f3wnie\u017c odpowiednie ubrania na sezon.<\/li>\n<\/ul>\n<h2>Wycieczka indywidualna Kom Ombo Marsa Alam Dni rezerwacji<\/h2>\n<ul>\n<li>Codziennie od 04:00 \u2013 22:00.<\/li>\n<\/ul>\n","protected":false},"excerpt":{"rendered":"<p>Podczas podr\u00f3\u017cy do Asuanu b\u0119dziesz mia\u0142 okazj\u0119 wzi\u0105\u0107 udzia\u0142 w kilku atrakcjach turystycznych. Mo\u017cesz zwiedzi\u0107 dwa miasta w prowincji i odwiedzi\u0107 niekt\u00f3re z najbardziej znanych atrakcji Asuanu. Cena wycieczki obejmuje transfery, bilety i wy\u017cywienie, dzi\u0119ki czemu jest to bezproblemowe prze\u017cycie. B\u0119dziesz m\u00f3g\u0142 cieszy\u0107 si\u0119 jednodniow\u0105 wycieczk\u0105 do \u015awi\u0105tyni Boga Horusa w Edfu, kt\u00f3ra jest najlepiej zachowan\u0105 \u015bwi\u0105tyni\u0105 kultow\u0105 w Egipcie, oraz \u015awi\u0105tyni Boga Sobka w Kom Ombo, kt\u00f3ra stoi na wzniesieniu z widokiem na Nil. Nasz kompetentny przewodnik b\u0119dzie Ci towarzyszy\u0142 przez ca\u0142\u0105 podr\u00f3\u017c.<\/p>\n<p>Trasa wycieczki rozpoczyna si\u0119 od odbioru z Twojego hotelu w Marsa Alam o 5:00 rano nowoczesn\u0105, klimatyzowan\u0105 furgonetk\u0105. Nast\u0119pnie udasz si\u0119 do Edfu, kt\u00f3re znajduje si\u0119 oko\u0142o 3 godziny drogi od Marsa Alam. Po przyje\u017adzie odwiedzisz wspania\u0142\u0105 \u015bwi\u0105tyni\u0119 po\u015bwi\u0119con\u0105 Horusowi, kt\u00f3ra jest uwa\u017cana za najlepiej zachowan\u0105 \u015bwi\u0105tyni\u0119 kultow\u0105 w Egipcie. Wed\u0142ug mit\u00f3w egipskich by\u0142o to miejsce, w kt\u00f3rym b\u00f3g z g\u0142ow\u0105 soko\u0142a Horus pom\u015bci\u0142 zab\u00f3jstwo swojego ojca, Ozyrysa, zabijaj\u0105c Seta. Nast\u0119pnie zjesz lunch w lokalnej restauracji, po czym udasz si\u0119 do \u015awi\u0105tyni Kom Ombo, kt\u00f3ra stoi na wysokim terenie z widokiem na Nil. \u015awi\u0105tynia Kom Ombo zosta\u0142a zbudowana na cze\u015b\u0107 dw\u00f3ch b\u00f3stw, Sobka z g\u0142ow\u0105 krokodyla, boga p\u0142odno\u015bci i stw\u00f3rcy \u015bwiata, oraz Haroerisa, czyli staro\u017cytnego Horusa z g\u0142ow\u0105 soko\u0142a. \u015awi\u0105tynia ma t\u0119 wyj\u0105tkow\u0105 cech\u0119, \u017ce ma podw\u00f3jne wej\u015bcie, z kt\u00f3rych ka\u017cde jest po\u015bwi\u0119cone b\u00f3stwu: \u201eHaroeris\u201d z g\u0142ow\u0105 soko\u0142a i \u201eSobek\u201d z g\u0142ow\u0105 krokodyla. Na koniec przewodnik odwiezie Ci\u0119 z powrotem do hotelu w Marsa Alam przed 18:00.<\/p>\n","protected":false},"featured_media":44195,"comment_status":"open","ping_status":"closed","template":"","meta":{"_coblocks_attr":"","_coblocks_dimensions":"","_coblocks_responsive_height":"","_coblocks_accordion_ie_support":"","_uag_custom_page_level_css":"","jetpack_publicize_message":"","jetpack_publicize_feature_enabled":true,"jetpack_social_post_already_shared":true,"jetpack_social_options":{"image_generator_settings":{"template":"highway","default_image_id":0,"font":"","enabled":false},"version":2},"_wpas_customize_per_network":false},"product_brand":[],"product_cat":[9088],"product_tag":[1961,9909],"class_list":{"0":"post-40034","1":"product","2":"type-product","3":"status-publish","4":"has-post-thumbnail","6":"product_cat-indywidualne-wycieczki-marsa-alam","7":"product_tag-wycieczka","8":"product_tag-zwiedzanie","9":"pa_age-dorosly","10":"pa_age-dziecko-1-4-lata","11":"pa_age-dziecko-5-11-lat","13":"first","14":"instock","15":"sale","16":"taxable","17":"shipping-taxable","18":"purchasable","19":"product-type-variable"},"yoast_head":"<!-- This site is optimized with the Yoast SEO Premium plugin v27.5 (Yoast SEO v27.5) - https:\/\/yoast.com\/product\/yoast-seo-premium-wordpress\/ -->\n<title>Wycieczka indywidualna Kom Ombo Marsa Alam<\/title>\n<meta name=\"description\" content=\"Wycieczka indywidualna Kom Ombo Marsa Alam mo\u017cesz odwiedzi\u0107 atrakcje Asuanu i uda\u0107 si\u0119 do dw\u00f3ch r\u00f3\u017cnych miast w tej guberni. W\u015br\u00f3d zabytk\u00f3w\" \/>\n<meta name=\"robots\" content=\"index, follow, max-snippet:-1, max-image-preview:large, max-video-preview:-1\" \/>\n<link rel=\"canonical\" href=\"https:\/\/landioustravel.com\/pl\/shop\/wycieczka-indywidualna-kom-ombo-marsa-alam\/\" \/>\n<meta property=\"og:locale\" content=\"pl_PL\" \/>\n<meta property=\"og:type\" content=\"article\" \/>\n<meta property=\"og:title\" content=\"Wycieczka indywidualna Kom Ombo Marsa Alam\" \/>\n<meta property=\"og:description\" content=\"Landious Travel\" \/>\n<meta property=\"og:url\" content=\"https:\/\/landioustravel.com\/pl\/shop\/wycieczka-indywidualna-kom-ombo-marsa-alam\/\" \/>\n<meta property=\"og:site_name\" content=\"Landious Travel\" \/>\n<meta property=\"article:publisher\" content=\"https:\/\/web.facebook.com\/landiousEgypt\" \/>\n<meta property=\"article:modified_time\" content=\"2023-06-21T07:22:44+00:00\" \/>\n<meta property=\"og:image\" content=\"https:\/\/i0.wp.com\/landioustravel.com\/wp-content\/uploads\/2021\/03\/Temple-of-Horus-at-Edfu-e1617126667925.jpg?fit=1200%2C675&ssl=1\" \/>\n\t<meta property=\"og:image:width\" content=\"1200\" \/>\n\t<meta property=\"og:image:height\" content=\"675\" \/>\n\t<meta property=\"og:image:type\" content=\"image\/jpeg\" \/>\n<meta name=\"twitter:card\" content=\"summary_large_image\" \/>\n<meta name=\"twitter:site\" content=\"@LandiousTours\" \/>\n<meta name=\"twitter:label1\" content=\"Szacowany czas czytania\" \/>\n\t<meta name=\"twitter:data1\" content=\"2 minuty\" \/>\n<script type=\"application\/ld+json\" class=\"yoast-schema-graph\">{\"@context\":\"https:\\\/\\\/schema.org\",\"@graph\":[{\"@type\":\"WebPage\",\"@id\":\"https:\\\/\\\/landioustravel.com\\\/pl\\\/shop\\\/wycieczka-indywidualna-kom-ombo-marsa-alam\\\/\",\"url\":\"https:\\\/\\\/landioustravel.com\\\/pl\\\/shop\\\/wycieczka-indywidualna-kom-ombo-marsa-alam\\\/\",\"name\":\"Wycieczka indywidualna Kom Ombo Marsa Alam\",\"isPartOf\":{\"@id\":\"https:\\\/\\\/landioustravel.com\\\/pl\\\/#website\"},\"primaryImageOfPage\":{\"@id\":\"https:\\\/\\\/landioustravel.com\\\/pl\\\/shop\\\/wycieczka-indywidualna-kom-ombo-marsa-alam\\\/#primaryimage\"},\"image\":{\"@id\":\"https:\\\/\\\/landioustravel.com\\\/pl\\\/shop\\\/wycieczka-indywidualna-kom-ombo-marsa-alam\\\/#primaryimage\"},\"thumbnailUrl\":\"https:\\\/\\\/i0.wp.com\\\/landioustravel.com\\\/wp-content\\\/uploads\\\/2021\\\/03\\\/Temple-of-Horus-at-Edfu-e1617126667925.jpg?fit=1200%2C675&ssl=1\",\"datePublished\":\"2021-12-14T19:47:41+00:00\",\"dateModified\":\"2023-06-21T07:22:44+00:00\",\"description\":\"Wycieczka indywidualna Kom Ombo Marsa Alam mo\u017cesz odwiedzi\u0107 atrakcje Asuanu i uda\u0107 si\u0119 do dw\u00f3ch r\u00f3\u017cnych miast w tej guberni. W\u015br\u00f3d zabytk\u00f3w\",\"breadcrumb\":{\"@id\":\"https:\\\/\\\/landioustravel.com\\\/pl\\\/shop\\\/wycieczka-indywidualna-kom-ombo-marsa-alam\\\/#breadcrumb\"},\"inLanguage\":\"pl-PL\",\"potentialAction\":[{\"@type\":\"ReadAction\",\"target\":[\"https:\\\/\\\/landioustravel.com\\\/pl\\\/shop\\\/wycieczka-indywidualna-kom-ombo-marsa-alam\\\/\"]}]},{\"@type\":\"ImageObject\",\"inLanguage\":\"pl-PL\",\"@id\":\"https:\\\/\\\/landioustravel.com\\\/pl\\\/shop\\\/wycieczka-indywidualna-kom-ombo-marsa-alam\\\/#primaryimage\",\"url\":\"https:\\\/\\\/i0.wp.com\\\/landioustravel.com\\\/wp-content\\\/uploads\\\/2021\\\/03\\\/Temple-of-Horus-at-Edfu-e1617126667925.jpg?fit=1200%2C675&ssl=1\",\"contentUrl\":\"https:\\\/\\\/i0.wp.com\\\/landioustravel.com\\\/wp-content\\\/uploads\\\/2021\\\/03\\\/Temple-of-Horus-at-Edfu-e1617126667925.jpg?fit=1200%2C675&ssl=1\",\"width\":1200,\"height\":675,\"caption\":\"Temple of Horus at Edfu\"},{\"@type\":\"BreadcrumbList\",\"@id\":\"https:\\\/\\\/landioustravel.com\\\/pl\\\/shop\\\/wycieczka-indywidualna-kom-ombo-marsa-alam\\\/#breadcrumb\",\"itemListElement\":[{\"@type\":\"ListItem\",\"position\":1,\"name\":\"Home\",\"item\":\"https:\\\/\\\/landioustravel.com\\\/pl\\\/\"},{\"@type\":\"ListItem\",\"position\":2,\"name\":\"Us\u0142ugi i wycieczki\",\"item\":\"https:\\\/\\\/landioustravel.com\\\/pl\\\/\"},{\"@type\":\"ListItem\",\"position\":3,\"name\":\"Wycieczka indywidualna Kom Ombo Marsa Alam\"}]},{\"@type\":\"WebSite\",\"@id\":\"https:\\\/\\\/landioustravel.com\\\/pl\\\/#website\",\"url\":\"https:\\\/\\\/landioustravel.com\\\/pl\\\/\",\"name\":\"Landious Travel\",\"description\":\"Excursions, trips and cruises in Egypt\",\"publisher\":{\"@id\":\"https:\\\/\\\/landioustravel.com\\\/pl\\\/#organization\"},\"potentialAction\":[{\"@type\":\"SearchAction\",\"target\":{\"@type\":\"EntryPoint\",\"urlTemplate\":\"https:\\\/\\\/landioustravel.com\\\/pl\\\/?s={search_term_string}\"},\"query-input\":{\"@type\":\"PropertyValueSpecification\",\"valueRequired\":true,\"valueName\":\"search_term_string\"}}],\"inLanguage\":\"pl-PL\"},{\"@type\":[\"Organization\",\"Place\"],\"@id\":\"https:\\\/\\\/landioustravel.com\\\/pl\\\/#organization\",\"name\":\"Landious Travel\",\"alternateName\":\"Landious Travel\",\"url\":\"https:\\\/\\\/landioustravel.com\\\/pl\\\/\",\"logo\":{\"@id\":\"https:\\\/\\\/landioustravel.com\\\/pl\\\/shop\\\/wycieczka-indywidualna-kom-ombo-marsa-alam\\\/#local-main-organization-logo\"},\"image\":{\"@id\":\"https:\\\/\\\/landioustravel.com\\\/pl\\\/shop\\\/wycieczka-indywidualna-kom-ombo-marsa-alam\\\/#local-main-organization-logo\"},\"sameAs\":[\"https:\\\/\\\/web.facebook.com\\\/landiousEgypt\",\"https:\\\/\\\/x.com\\\/LandiousTours\",\"https:\\\/\\\/mastodon.social\\\/@landious\"],\"legalName\":\"Landious Travel\",\"telephone\":[],\"openingHoursSpecification\":[{\"@type\":\"OpeningHoursSpecification\",\"dayOfWeek\":[\"Monday\",\"Tuesday\",\"Wednesday\",\"Thursday\",\"Friday\",\"Saturday\",\"Sunday\"],\"opens\":\"09:00\",\"closes\":\"17:00\"}]},{\"@type\":\"ImageObject\",\"inLanguage\":\"pl-PL\",\"@id\":\"https:\\\/\\\/landioustravel.com\\\/pl\\\/shop\\\/wycieczka-indywidualna-kom-ombo-marsa-alam\\\/#local-main-organization-logo\",\"url\":\"https:\\\/\\\/i0.wp.com\\\/landioustravel.com\\\/wp-content\\\/uploads\\\/2021\\\/06\\\/Landious-T.png?fit=500%2C500&ssl=1\",\"contentUrl\":\"https:\\\/\\\/i0.wp.com\\\/landioustravel.com\\\/wp-content\\\/uploads\\\/2021\\\/06\\\/Landious-T.png?fit=500%2C500&ssl=1\",\"width\":500,\"height\":500,\"caption\":\"Landious Travel\"}]}<\/script>\n<!-- \/ Yoast SEO Premium plugin. -->","yoast_head_json":{"title":"Wycieczka indywidualna Kom Ombo Marsa Alam","description":"Wycieczka indywidualna Kom Ombo Marsa Alam mo\u017cesz odwiedzi\u0107 atrakcje Asuanu i uda\u0107 si\u0119 do dw\u00f3ch r\u00f3\u017cnych miast w tej guberni. W\u015br\u00f3d zabytk\u00f3w","robots":{"index":"index","follow":"follow","max-snippet":"max-snippet:-1","max-image-preview":"max-image-preview:large","max-video-preview":"max-video-preview:-1"},"canonical":"https:\/\/landioustravel.com\/pl\/shop\/wycieczka-indywidualna-kom-ombo-marsa-alam\/","og_locale":"pl_PL","og_type":"article","og_title":"Wycieczka indywidualna Kom Ombo Marsa Alam","og_description":"Landious Travel","og_url":"https:\/\/landioustravel.com\/pl\/shop\/wycieczka-indywidualna-kom-ombo-marsa-alam\/","og_site_name":"Landious Travel","article_publisher":"https:\/\/web.facebook.com\/landiousEgypt","article_modified_time":"2023-06-21T07:22:44+00:00","og_image":[{"width":1200,"height":675,"url":"https:\/\/i0.wp.com\/landioustravel.com\/wp-content\/uploads\/2021\/03\/Temple-of-Horus-at-Edfu-e1617126667925.jpg?fit=1200%2C675&ssl=1","type":"image\/jpeg"}],"twitter_card":"summary_large_image","twitter_site":"@LandiousTours","twitter_misc":{"Szacowany czas czytania":"2 minuty"},"schema":{"@context":"https:\/\/schema.org","@graph":[{"@type":"WebPage","@id":"https:\/\/landioustravel.com\/pl\/shop\/wycieczka-indywidualna-kom-ombo-marsa-alam\/","url":"https:\/\/landioustravel.com\/pl\/shop\/wycieczka-indywidualna-kom-ombo-marsa-alam\/","name":"Wycieczka indywidualna Kom Ombo Marsa Alam","isPartOf":{"@id":"https:\/\/landioustravel.com\/pl\/#website"},"primaryImageOfPage":{"@id":"https:\/\/landioustravel.com\/pl\/shop\/wycieczka-indywidualna-kom-ombo-marsa-alam\/#primaryimage"},"image":{"@id":"https:\/\/landioustravel.com\/pl\/shop\/wycieczka-indywidualna-kom-ombo-marsa-alam\/#primaryimage"},"thumbnailUrl":"https:\/\/i0.wp.com\/landioustravel.com\/wp-content\/uploads\/2021\/03\/Temple-of-Horus-at-Edfu-e1617126667925.jpg?fit=1200%2C675&ssl=1","datePublished":"2021-12-14T19:47:41+00:00","dateModified":"2023-06-21T07:22:44+00:00","description":"Wycieczka indywidualna Kom Ombo Marsa Alam mo\u017cesz odwiedzi\u0107 atrakcje Asuanu i uda\u0107 si\u0119 do dw\u00f3ch r\u00f3\u017cnych miast w tej guberni. W\u015br\u00f3d zabytk\u00f3w","breadcrumb":{"@id":"https:\/\/landioustravel.com\/pl\/shop\/wycieczka-indywidualna-kom-ombo-marsa-alam\/#breadcrumb"},"inLanguage":"pl-PL","potentialAction":[{"@type":"ReadAction","target":["https:\/\/landioustravel.com\/pl\/shop\/wycieczka-indywidualna-kom-ombo-marsa-alam\/"]}]},{"@type":"ImageObject","inLanguage":"pl-PL","@id":"https:\/\/landioustravel.com\/pl\/shop\/wycieczka-indywidualna-kom-ombo-marsa-alam\/#primaryimage","url":"https:\/\/i0.wp.com\/landioustravel.com\/wp-content\/uploads\/2021\/03\/Temple-of-Horus-at-Edfu-e1617126667925.jpg?fit=1200%2C675&ssl=1","contentUrl":"https:\/\/i0.wp.com\/landioustravel.com\/wp-content\/uploads\/2021\/03\/Temple-of-Horus-at-Edfu-e1617126667925.jpg?fit=1200%2C675&ssl=1","width":1200,"height":675,"caption":"Temple of Horus at Edfu"},{"@type":"BreadcrumbList","@id":"https:\/\/landioustravel.com\/pl\/shop\/wycieczka-indywidualna-kom-ombo-marsa-alam\/#breadcrumb","itemListElement":[{"@type":"ListItem","position":1,"name":"Home","item":"https:\/\/landioustravel.com\/pl\/"},{"@type":"ListItem","position":2,"name":"Us\u0142ugi i wycieczki","item":"https:\/\/landioustravel.com\/pl\/"},{"@type":"ListItem","position":3,"name":"Wycieczka indywidualna Kom Ombo Marsa Alam"}]},{"@type":"WebSite","@id":"https:\/\/landioustravel.com\/pl\/#website","url":"https:\/\/landioustravel.com\/pl\/","name":"Landious Travel","description":"Excursions, trips and cruises in Egypt","publisher":{"@id":"https:\/\/landioustravel.com\/pl\/#organization"},"potentialAction":[{"@type":"SearchAction","target":{"@type":"EntryPoint","urlTemplate":"https:\/\/landioustravel.com\/pl\/?s={search_term_string}"},"query-input":{"@type":"PropertyValueSpecification","valueRequired":true,"valueName":"search_term_string"}}],"inLanguage":"pl-PL"},{"@type":["Organization","Place"],"@id":"https:\/\/landioustravel.com\/pl\/#organization","name":"Landious Travel","alternateName":"Landious Travel","url":"https:\/\/landioustravel.com\/pl\/","logo":{"@id":"https:\/\/landioustravel.com\/pl\/shop\/wycieczka-indywidualna-kom-ombo-marsa-alam\/#local-main-organization-logo"},"image":{"@id":"https:\/\/landioustravel.com\/pl\/shop\/wycieczka-indywidualna-kom-ombo-marsa-alam\/#local-main-organization-logo"},"sameAs":["https:\/\/web.facebook.com\/landiousEgypt","https:\/\/x.com\/LandiousTours","https:\/\/mastodon.social\/@landious"],"legalName":"Landious Travel","telephone":[],"openingHoursSpecification":[{"@type":"OpeningHoursSpecification","dayOfWeek":["Monday","Tuesday","Wednesday","Thursday","Friday","Saturday","Sunday"],"opens":"09:00","closes":"17:00"}]},{"@type":"ImageObject","inLanguage":"pl-PL","@id":"https:\/\/landioustravel.com\/pl\/shop\/wycieczka-indywidualna-kom-ombo-marsa-alam\/#local-main-organization-logo","url":"https:\/\/i0.wp.com\/landioustravel.com\/wp-content\/uploads\/2021\/06\/Landious-T.png?fit=500%2C500&ssl=1","contentUrl":"https:\/\/i0.wp.com\/landioustravel.com\/wp-content\/uploads\/2021\/06\/Landious-T.png?fit=500%2C500&ssl=1","width":500,"height":500,"caption":"Landious Travel"}]}},"jetpack_publicize_connections":[],"uagb_featured_image_src":{"full":["https:\/\/i0.wp.com\/landioustravel.com\/wp-content\/uploads\/2021\/03\/Temple-of-Horus-at-Edfu-e1617126667925.jpg?fit=1200%2C675&ssl=1",1200,675,false],"thumbnail":["https:\/\/i0.wp.com\/landioustravel.com\/wp-content\/uploads\/2021\/03\/Temple-of-Horus-at-Edfu-e1617126667925.jpg?resize=150%2C150&ssl=1",150,150,true],"medium":["https:\/\/i0.wp.com\/landioustravel.com\/wp-content\/uploads\/2021\/03\/Temple-of-Horus-at-Edfu-e1617126667925.jpg?fit=300%2C169&ssl=1",300,169,true],"medium_large":["https:\/\/i0.wp.com\/landioustravel.com\/wp-content\/uploads\/2021\/03\/Temple-of-Horus-at-Edfu-e1617126667925.jpg?fit=768%2C432&ssl=1",768,432,true],"large":["https:\/\/i0.wp.com\/landioustravel.com\/wp-content\/uploads\/2021\/03\/Temple-of-Horus-at-Edfu-e1617126667925.jpg?fit=980%2C551&ssl=1",980,551,true],"1536x1536":["https:\/\/i0.wp.com\/landioustravel.com\/wp-content\/uploads\/2021\/03\/Temple-of-Horus-at-Edfu-e1617126667925.jpg?fit=1536%2C864&ssl=1",1536,864,true],"2048x2048":["https:\/\/i0.wp.com\/landioustravel.com\/wp-content\/uploads\/2021\/03\/Temple-of-Horus-at-Edfu-e1617126667925.jpg?fit=1200%2C675&ssl=1",1200,675,true],"newspack-article-block-landscape-large":["https:\/\/i0.wp.com\/landioustravel.com\/wp-content\/uploads\/2021\/03\/Temple-of-Horus-at-Edfu-e1617126667925.jpg?resize=1200%2C675&ssl=1",1200,885,true],"newspack-article-block-portrait-large":["https:\/\/i0.wp.com\/landioustravel.com\/wp-content\/uploads\/2021\/03\/Temple-of-Horus-at-Edfu-e1617126667925.jpg?resize=900%2C675&ssl=1",900,885,true],"newspack-article-block-square-large":["https:\/\/i0.wp.com\/landioustravel.com\/wp-content\/uploads\/2021\/03\/Temple-of-Horus-at-Edfu-e1617126667925.jpg?resize=1200%2C675&ssl=1",1200,885,true],"newspack-article-block-landscape-medium":["https:\/\/i0.wp.com\/landioustravel.com\/wp-content\/uploads\/2021\/03\/Temple-of-Horus-at-Edfu-e1617126667925.jpg?resize=800%2C600&ssl=1",800,600,true],"newspack-article-block-portrait-medium":["https:\/\/i0.wp.com\/landioustravel.com\/wp-content\/uploads\/2021\/03\/Temple-of-Horus-at-Edfu-e1617126667925.jpg?resize=600%2C675&ssl=1",600,800,true],"newspack-article-block-square-medium":["https:\/\/i0.wp.com\/landioustravel.com\/wp-content\/uploads\/2021\/03\/Temple-of-Horus-at-Edfu-e1617126667925.jpg?resize=800%2C675&ssl=1",800,800,true],"newspack-article-block-landscape-intermediate":["https:\/\/i0.wp.com\/landioustravel.com\/wp-content\/uploads\/2021\/03\/Temple-of-Horus-at-Edfu-e1617126667925.jpg?resize=600%2C450&ssl=1",600,450,true],"newspack-article-block-portrait-intermediate":["https:\/\/i0.wp.com\/landioustravel.com\/wp-content\/uploads\/2021\/03\/Temple-of-Horus-at-Edfu-e1617126667925.jpg?resize=450%2C600&ssl=1",450,600,true],"newspack-article-block-square-intermediate":["https:\/\/i0.wp.com\/landioustravel.com\/wp-content\/uploads\/2021\/03\/Temple-of-Horus-at-Edfu-e1617126667925.jpg?resize=600%2C600&ssl=1",600,600,true],"newspack-article-block-landscape-small":["https:\/\/i0.wp.com\/landioustravel.com\/wp-content\/uploads\/2021\/03\/Temple-of-Horus-at-Edfu-e1617126667925.jpg?resize=400%2C300&ssl=1",400,300,true],"newspack-article-block-portrait-small":["https:\/\/i0.wp.com\/landioustravel.com\/wp-content\/uploads\/2021\/03\/Temple-of-Horus-at-Edfu-e1617126667925.jpg?resize=300%2C400&ssl=1",300,400,true],"newspack-article-block-square-small":["https:\/\/i0.wp.com\/landioustravel.com\/wp-content\/uploads\/2021\/03\/Temple-of-Horus-at-Edfu-e1617126667925.jpg?resize=400%2C400&ssl=1",400,400,true],"newspack-article-block-landscape-tiny":["https:\/\/i0.wp.com\/landioustravel.com\/wp-content\/uploads\/2021\/03\/Temple-of-Horus-at-Edfu-e1617126667925.jpg?resize=200%2C150&ssl=1",200,150,true],"newspack-article-block-portrait-tiny":["https:\/\/i0.wp.com\/landioustravel.com\/wp-content\/uploads\/2021\/03\/Temple-of-Horus-at-Edfu-e1617126667925.jpg?resize=150%2C200&ssl=1",150,200,true],"newspack-article-block-square-tiny":["https:\/\/i0.wp.com\/landioustravel.com\/wp-content\/uploads\/2021\/03\/Temple-of-Horus-at-Edfu-e1617126667925.jpg?resize=200%2C200&ssl=1",200,200,true],"newspack-article-block-uncropped":["https:\/\/i0.wp.com\/landioustravel.com\/wp-content\/uploads\/2021\/03\/Temple-of-Horus-at-Edfu-e1617126667925.jpg?fit=1200%2C675&ssl=1",1200,675,true],"woocommerce_thumbnail":["https:\/\/i0.wp.com\/landioustravel.com\/wp-content\/uploads\/2021\/03\/Temple-of-Horus-at-Edfu-e1617126667925.jpg?resize=324%2C324&ssl=1",324,324,true],"woocommerce_single":["https:\/\/i0.wp.com\/landioustravel.com\/wp-content\/uploads\/2021\/03\/Temple-of-Horus-at-Edfu-e1617126667925.jpg?fit=416%2C234&ssl=1",416,234,true],"woocommerce_gallery_thumbnail":["https:\/\/i0.wp.com\/landioustravel.com\/wp-content\/uploads\/2021\/03\/Temple-of-Horus-at-Edfu-e1617126667925.jpg?resize=100%2C100&ssl=1",100,100,true]},"uagb_author_info":{"display_name":"Mofreh Landious","author_link":"https:\/\/landioustravel.com\/pl\/author\/"},"uagb_comment_info":0,"uagb_excerpt":"Podczas podr\u00f3\u017cy do Asuanu b\u0119dziesz mia\u0142 okazj\u0119 wzi\u0105\u0107 udzia\u0142 w kilku atrakcjach turystycznych. Mo\u017cesz zwiedzi\u0107 dwa miasta w prowincji i odwiedzi\u0107 niekt\u00f3re z najbardziej znanych atrakcji Asuanu. Cena wycieczki obejmuje transfery, bilety i wy\u017cywienie, dzi\u0119ki czemu jest to bezproblemowe prze\u017cycie. B\u0119dziesz m\u00f3g\u0142 cieszy\u0107 si\u0119 jednodniow\u0105 wycieczk\u0105 do \u015awi\u0105tyni Boga Horusa w Edfu, kt\u00f3ra jest najlepiej&hellip;","jetpack_sharing_enabled":true,"jetpack_likes_enabled":true,"amp_enabled":true,"_links":{"self":[{"href":"https:\/\/landioustravel.com\/pl\/wp-json\/wp\/v2\/product\/40034","targetHints":{"allow":["GET"]}}],"collection":[{"href":"https:\/\/landioustravel.com\/pl\/wp-json\/wp\/v2\/product"}],"about":[{"href":"https:\/\/landioustravel.com\/pl\/wp-json\/wp\/v2\/types\/product"}],"replies":[{"embeddable":true,"href":"https:\/\/landioustravel.com\/pl\/wp-json\/wp\/v2\/comments?post=40034"}],"wp:featuredmedia":[{"embeddable":true,"href":"https:\/\/landioustravel.com\/pl\/wp-json\/wp\/v2\/media\/44195"}],"wp:attachment":[{"href":"https:\/\/landioustravel.com\/pl\/wp-json\/wp\/v2\/media?parent=40034"}],"wp:term":[{"taxonomy":"product_brand","embeddable":true,"href":"https:\/\/landioustravel.com\/pl\/wp-json\/wp\/v2\/product_brand?post=40034"},{"taxonomy":"product_cat","embeddable":true,"href":"https:\/\/landioustravel.com\/pl\/wp-json\/wp\/v2\/product_cat?post=40034"},{"taxonomy":"product_tag","embeddable":true,"href":"https:\/\/landioustravel.com\/pl\/wp-json\/wp\/v2\/product_tag?post=40034"}],"curies":[{"name":"wp","href":"https:\/\/api.w.org\/{rel}","templated":true}]}}