{"id":4798,"date":"2023-04-28T01:35:23","date_gmt":"2019-05-21T15:44:30","guid":{"rendered":"https:\/\/landioustravel.com\/?post_type=product&#038;p=4798"},"modified":"2026-04-14T19:13:51","modified_gmt":"2026-04-14T17:13:51","slug":"wycieczka-orange-bay-hurghada","status":"publish","type":"product","link":"https:\/\/landioustravel.com\/pl\/shop\/wycieczka-orange-bay-hurghada\/","title":{"rendered":"Wycieczka do Orange Bay w Hurghadzie"},"content":{"rendered":"<p>Wspania\u0142a wycieczka \u0142odzi\u0105 do Orange Bay na <a href=\"https:\/\/landioustravel.com\/pl\/egipt\/wyspy-egipskie\/wyspy-giftun\/\">Grand Giftun Island<\/a> w <a href=\"https:\/\/landioustravel.com\/pl\/miasto-hurghada\/\">Hurghadzie<\/a>! Polecamy wycieczk\u0119, poniewa\u017c pozwala turystom dobrze si\u0119 bawi\u0107 nad morzem! Podr\u00f3\u017c daje mo\u017cliwo\u015b\u0107 zobaczenia pi\u0119knych koralowc\u00f3w i r\u00f3\u017cnorodnych ryb. Co wi\u0119cej, b\u0119dziesz cieszy\u0107 si\u0119 piknikiem \u0142odzi\u0105 po Morzu Czerwonym i zlokalizowaniem si\u0119 na <a href=\"https:\/\/landioustravel.com\/pl\/egipt\/wyspy-egipskie\/wyspy-giftun\/\">wyspie Giftun<\/a> z wi\u0119ksz\u0105 ilo\u015bci\u0105 us\u0142ug na samej pla\u017cy. Wyspa jest blisko wybrze\u017ca Hurghady!<\/p>\n<h2>G\u0142\u00f3wne punkty programu wycieczek na wysp\u0119 Orange Bay<\/h2>\n<ul>\n<li>P\u0142ywanie na otwartym morzu z jachtu<\/li>\n<li>Snorkeling z maskami i p\u0142etwami na otwartym morzu<\/li>\n<li>Obiad<\/li>\n<li>L\u0105dowanie na wyspie Giftun (Orange Bay)<\/li>\n<\/ul>\n<h3>Program rejsu statkiem na pla\u017c\u0119 Orange Bay z Hurghady<\/h3>\n<ul>\n<li>Odbieramy Ci\u0119 z hotelu oko\u0142o 08:00<\/li>\n<li>Po podniesieniu wszystkich ch\u0119tnych autobus jedzie do portu. Droga do portu zajmuje oko\u0142o 20 minut<\/li>\n<li>Znajdziesz sw\u00f3j jacht w porcie. Jest du\u017cy i elegancki! Jacht sk\u0142ada si\u0119 z dw\u00f3ch pi\u0119ter. Gdy tylko wejdziesz na jacht, musisz zdj\u0105\u0107 obuwie i wsta\u0107 na drugim pi\u0119trze opalaj\u0105c si\u0119 na g\u00f3rnym pok\u0142adzie s\u0142onecznym<\/li>\n<li>Jacht przep\u0142ywa przez Morze Czerwone, gdy tylko grupa si\u0119 zgromadzi. Co wi\u0119cej, na pi\u0119knych koralach zatrzymujesz si\u0119. Tam mo\u017cesz p\u0142ywa\u0107 i nurkowa\u0107 z maskami i p\u0142etwami<\/li>\n<li>Po takim zatrzymaniu pojedziesz na zabawkach z wod\u0105 i bananami<\/li>\n<li>Nast\u0119pnym przystankiem b\u0119dzie wymarzona Orange Bay na wyspie Giftun. Zabieramy \u0142\u00f3d\u017a motorow\u0105. Tw\u00f3j przewodnik daje Ci wgl\u0105d w mo\u017cliwo\u015bci na pla\u017cy _ toalety, namioty i le\u017caki.<\/li>\n<li>Na wyspie sp\u0119dzicie trzy godziny. W tym czasie b\u0119dziesz mie\u0107 wystarczaj\u0105co du\u017co czasu na p\u0142ywanie i opalanie si\u0119<\/li>\n<li>Ten program wycieczek ko\u0144czy si\u0119 oko\u0142o 17:00.<\/li>\n<\/ul>\n<h4>Co jest wliczone w cen\u0119 wycieczki<\/h4>\n<ul>\n<li>Sprz\u0119t do nurkowania (maski i p\u0142etwy)<\/li>\n<li>Jedzenie napoje<\/li>\n<li>Przejazd do portu iz powrotem do hotelu<\/li>\n<\/ul>\n<h5>Co nie jest wliczone w cen\u0119 wycieczki<\/h5>\n<ul>\n<li>DVD wideo<\/li>\n<li>CD ze zdj\u0119ciami<\/li>\n<\/ul>\n<h6>CO POWINIEN ZOSTA\u0106 Z WAMI NA WYCIECZK\u0118<\/h6>\n<ul>\n<li>R\u0119cznik<\/li>\n<li>Krem do opalania<\/li>\n<\/ul>\n<h6>DNI ORGANIZACJI WYCIECZKI<\/h6>\n<ul>\n<li>Codziennie od 08: 00-17: 00<\/li>\n<\/ul>\n","protected":false},"excerpt":{"rendered":"<p>Do\u0142\u0105cz do nas na ekscytuj\u0105c\u0105 jednodniow\u0105 wycieczk\u0119 sport\u00f3w wodnych do krystalicznie czystych w\u00f3d Orange Bay na wyspach Giftun z Hurghady. Nasza wycieczka \u0142odzi\u0105 obejmuje transport w obie strony i ca\u0142y niezb\u0119dny sprz\u0119t, aby w pe\u0142ni zanurzy\u0107 si\u0119 w pi\u0119knych pla\u017cach i podwodnej scenerii.<\/p>\n<p>Nasza \u0142\u00f3d\u017a zabierze Ci\u0119 do najlepszych miejsc do nurkowania z rurk\u0105, gdzie mo\u017cesz odkrywa\u0107 kolorowe \u017cycie morskie. Podczas rejsu morskiego urz\u0105dzimy sobie piknik w Morzu Czerwonym i zatrzymamy si\u0119 na otwartej wodzie, aby ponurkowa\u0107 i pop\u0142ywa\u0107 w maskach i p\u0142etwach. Zapewnimy r\u00f3wnie\u017c otwarty lunch w formie bufetu, aby delektowa\u0107 si\u0119 ulubionymi potrawami, podziwiaj\u0105c zapieraj\u0105ce dech w piersiach widoki. Dodaj\u0105c do emocji, b\u0119dziesz je\u017adzi\u0107 na zabawnych bananowych i wodnych zabawkach na sofie. B\u0119dziemy Ci\u0119 zabawia\u0107 dodatkowymi zaj\u0119ciami, takimi jak jazda na bananie i wodne zabawki na kanapie. Po przybyciu na wysp\u0119 Giftun mo\u017cesz odpocz\u0105\u0107 na z\u0142ocistych piaskach i wygrza\u0107 si\u0119 w cieple s\u0142o\u0144ca.<\/p>\n","protected":false},"featured_media":57467,"comment_status":"open","ping_status":"closed","template":"","meta":{"_coblocks_attr":"","_coblocks_dimensions":"","_coblocks_responsive_height":"","_coblocks_accordion_ie_support":"","_uag_custom_page_level_css":"","jetpack_publicize_message":"","jetpack_publicize_feature_enabled":true,"jetpack_social_post_already_shared":true,"jetpack_social_options":{"image_generator_settings":{"template":"highway","default_image_id":0,"font":"","enabled":false},"version":2},"_wpas_customize_per_network":false},"product_brand":[],"product_cat":[1466,1463],"product_tag":[1483,1496,1525,22565,1515,1497,1508],"class_list":{"0":"post-4798","1":"product","2":"type-product","3":"status-publish","4":"has-post-thumbnail","6":"product_cat-sea-trips-hurghada","7":"product_cat-excursions-in-hurghada","8":"product_tag-hurghada","9":"product_tag-sea","10":"product_tag-snorkeling","11":"product_tag-excursion","12":"product_tag-boat-trips-in-hurghada","13":"product_tag-boat-trips","14":"product_tag-island","15":"pa_age-adult","16":"pa_age-child","17":"pa_age-child-1-4-years","18":"pa_age-child-5-11-years","20":"first","21":"instock","22":"sale","23":"taxable","24":"shipping-taxable","25":"purchasable","26":"product-type-variable"},"yoast_head":"<!-- This site is optimized with the Yoast SEO Premium plugin v26.9 (Yoast SEO v27.5) - https:\/\/yoast.com\/product\/yoast-seo-premium-wordpress\/ -->\n<title>Wycieczka do Orange Bay w Hurghadzie<\/title>\n<meta name=\"description\" content=\"Wycieczka do Orange Bay w Hurghadzie Polecamy wycieczk\u0119, poniewa\u017c pozwala turystom dobrze si\u0119 bawi\u0107 nad morzem! Podr\u00f3\u017c daje mo\u017cliwo\u015b\u0107 zobaczenia pi\u0119knych\" \/>\n<meta name=\"robots\" content=\"index, follow, max-snippet:-1, max-image-preview:large, max-video-preview:-1\" \/>\n<link rel=\"canonical\" href=\"https:\/\/landioustravel.com\/pl\/shop\/wycieczka-orange-bay-hurghada\/\" \/>\n<meta property=\"og:locale\" content=\"pl_PL\" \/>\n<meta property=\"og:type\" content=\"article\" \/>\n<meta property=\"og:title\" content=\"Wycieczka do Orange Bay w Hurghadzie\" \/>\n<meta property=\"og:description\" content=\"Landious Travel\" \/>\n<meta property=\"og:url\" content=\"https:\/\/landioustravel.com\/pl\/shop\/wycieczka-orange-bay-hurghada\/\" \/>\n<meta property=\"og:site_name\" content=\"Landious Travel\" \/>\n<meta property=\"article:publisher\" content=\"https:\/\/web.facebook.com\/landiousEgypt\" \/>\n<meta property=\"article:modified_time\" content=\"2026-04-14T17:13:51+00:00\" \/>\n<meta property=\"og:image\" content=\"https:\/\/i0.wp.com\/landioustravel.com\/wp-content\/uploads\/2019\/05\/Orange-Bay-Trip-Hurghada-1.jpg?fit=1200%2C660&ssl=1\" \/>\n\t<meta property=\"og:image:width\" content=\"1200\" \/>\n\t<meta property=\"og:image:height\" content=\"660\" \/>\n\t<meta property=\"og:image:type\" content=\"image\/jpeg\" \/>\n<meta name=\"twitter:card\" content=\"summary_large_image\" \/>\n<meta name=\"twitter:site\" content=\"@LandiousTours\" \/>\n<meta name=\"twitter:label1\" content=\"Szacowany czas czytania\" \/>\n\t<meta name=\"twitter:data1\" content=\"2 minuty\" \/>\n<script type=\"application\/ld+json\" class=\"yoast-schema-graph\">{\"@context\":\"https:\\\/\\\/schema.org\",\"@graph\":[{\"@type\":\"WebPage\",\"@id\":\"https:\\\/\\\/landioustravel.com\\\/pl\\\/shop\\\/wycieczka-orange-bay-hurghada\\\/\",\"url\":\"https:\\\/\\\/landioustravel.com\\\/pl\\\/shop\\\/wycieczka-orange-bay-hurghada\\\/\",\"name\":\"Wycieczka do Orange Bay w Hurghadzie\",\"isPartOf\":{\"@id\":\"https:\\\/\\\/landioustravel.com\\\/pl\\\/#website\"},\"primaryImageOfPage\":{\"@id\":\"https:\\\/\\\/landioustravel.com\\\/pl\\\/shop\\\/wycieczka-orange-bay-hurghada\\\/#primaryimage\"},\"image\":{\"@id\":\"https:\\\/\\\/landioustravel.com\\\/pl\\\/shop\\\/wycieczka-orange-bay-hurghada\\\/#primaryimage\"},\"thumbnailUrl\":\"https:\\\/\\\/i0.wp.com\\\/landioustravel.com\\\/wp-content\\\/uploads\\\/2019\\\/05\\\/Orange-Bay-Trip-Hurghada-1.jpg?fit=1200%2C660&ssl=1\",\"datePublished\":\"2019-05-21T15:44:30+00:00\",\"dateModified\":\"2026-04-14T17:13:51+00:00\",\"description\":\"Wycieczka do Orange Bay w Hurghadzie Polecamy wycieczk\u0119, poniewa\u017c pozwala turystom dobrze si\u0119 bawi\u0107 nad morzem! Podr\u00f3\u017c daje mo\u017cliwo\u015b\u0107 zobaczenia pi\u0119knych\",\"breadcrumb\":{\"@id\":\"https:\\\/\\\/landioustravel.com\\\/pl\\\/shop\\\/wycieczka-orange-bay-hurghada\\\/#breadcrumb\"},\"inLanguage\":\"pl-PL\",\"potentialAction\":[{\"@type\":\"ReadAction\",\"target\":[\"https:\\\/\\\/landioustravel.com\\\/pl\\\/shop\\\/wycieczka-orange-bay-hurghada\\\/\"]}]},{\"@type\":\"ImageObject\",\"inLanguage\":\"pl-PL\",\"@id\":\"https:\\\/\\\/landioustravel.com\\\/pl\\\/shop\\\/wycieczka-orange-bay-hurghada\\\/#primaryimage\",\"url\":\"https:\\\/\\\/i0.wp.com\\\/landioustravel.com\\\/wp-content\\\/uploads\\\/2019\\\/05\\\/Orange-Bay-Trip-Hurghada-1.jpg?fit=1200%2C660&ssl=1\",\"contentUrl\":\"https:\\\/\\\/i0.wp.com\\\/landioustravel.com\\\/wp-content\\\/uploads\\\/2019\\\/05\\\/Orange-Bay-Trip-Hurghada-1.jpg?fit=1200%2C660&ssl=1\",\"width\":1200,\"height\":660,\"caption\":\"Orange Bay Trip Hurghada\"},{\"@type\":\"BreadcrumbList\",\"@id\":\"https:\\\/\\\/landioustravel.com\\\/pl\\\/shop\\\/wycieczka-orange-bay-hurghada\\\/#breadcrumb\",\"itemListElement\":[{\"@type\":\"ListItem\",\"position\":1,\"name\":\"Home\",\"item\":\"https:\\\/\\\/landioustravel.com\\\/pl\\\/\"},{\"@type\":\"ListItem\",\"position\":2,\"name\":\"Us\u0142ugi i wycieczki\",\"item\":\"https:\\\/\\\/landioustravel.com\\\/pl\\\/\"},{\"@type\":\"ListItem\",\"position\":3,\"name\":\"Wycieczka do Orange Bay w Hurghadzie\"}]},{\"@type\":\"WebSite\",\"@id\":\"https:\\\/\\\/landioustravel.com\\\/pl\\\/#website\",\"url\":\"https:\\\/\\\/landioustravel.com\\\/pl\\\/\",\"name\":\"Landious Travel\",\"description\":\"Excursions, trips and cruises in Egypt\",\"publisher\":{\"@id\":\"https:\\\/\\\/landioustravel.com\\\/pl\\\/#organization\"},\"potentialAction\":[{\"@type\":\"SearchAction\",\"target\":{\"@type\":\"EntryPoint\",\"urlTemplate\":\"https:\\\/\\\/landioustravel.com\\\/pl\\\/?s={search_term_string}\"},\"query-input\":{\"@type\":\"PropertyValueSpecification\",\"valueRequired\":true,\"valueName\":\"search_term_string\"}}],\"inLanguage\":\"pl-PL\"},{\"@type\":[\"Organization\",\"Place\"],\"@id\":\"https:\\\/\\\/landioustravel.com\\\/pl\\\/#organization\",\"name\":\"Landious Travel\",\"alternateName\":\"Landious Travel\",\"url\":\"https:\\\/\\\/landioustravel.com\\\/pl\\\/\",\"logo\":{\"@id\":\"https:\\\/\\\/landioustravel.com\\\/pl\\\/shop\\\/wycieczka-orange-bay-hurghada\\\/#local-main-organization-logo\"},\"image\":{\"@id\":\"https:\\\/\\\/landioustravel.com\\\/pl\\\/shop\\\/wycieczka-orange-bay-hurghada\\\/#local-main-organization-logo\"},\"sameAs\":[\"https:\\\/\\\/web.facebook.com\\\/landiousEgypt\",\"https:\\\/\\\/x.com\\\/LandiousTours\",\"https:\\\/\\\/mastodon.social\\\/@landious\"],\"legalName\":\"Landious Travel\",\"telephone\":[],\"openingHoursSpecification\":[{\"@type\":\"OpeningHoursSpecification\",\"dayOfWeek\":[\"Monday\",\"Tuesday\",\"Wednesday\",\"Thursday\",\"Friday\",\"Saturday\",\"Sunday\"],\"opens\":\"09:00\",\"closes\":\"17:00\"}]},{\"@type\":\"ImageObject\",\"inLanguage\":\"pl-PL\",\"@id\":\"https:\\\/\\\/landioustravel.com\\\/pl\\\/shop\\\/wycieczka-orange-bay-hurghada\\\/#local-main-organization-logo\",\"url\":\"https:\\\/\\\/i0.wp.com\\\/landioustravel.com\\\/wp-content\\\/uploads\\\/2021\\\/06\\\/Landious-T.png?fit=500%2C500&ssl=1\",\"contentUrl\":\"https:\\\/\\\/i0.wp.com\\\/landioustravel.com\\\/wp-content\\\/uploads\\\/2021\\\/06\\\/Landious-T.png?fit=500%2C500&ssl=1\",\"width\":500,\"height\":500,\"caption\":\"Landious Travel\"}]}<\/script>\n<!-- \/ Yoast SEO Premium plugin. -->","yoast_head_json":{"title":"Wycieczka do Orange Bay w Hurghadzie","description":"Wycieczka do Orange Bay w Hurghadzie Polecamy wycieczk\u0119, poniewa\u017c pozwala turystom dobrze si\u0119 bawi\u0107 nad morzem! Podr\u00f3\u017c daje mo\u017cliwo\u015b\u0107 zobaczenia pi\u0119knych","robots":{"index":"index","follow":"follow","max-snippet":"max-snippet:-1","max-image-preview":"max-image-preview:large","max-video-preview":"max-video-preview:-1"},"canonical":"https:\/\/landioustravel.com\/pl\/shop\/wycieczka-orange-bay-hurghada\/","og_locale":"pl_PL","og_type":"article","og_title":"Wycieczka do Orange Bay w Hurghadzie","og_description":"Landious Travel","og_url":"https:\/\/landioustravel.com\/pl\/shop\/wycieczka-orange-bay-hurghada\/","og_site_name":"Landious Travel","article_publisher":"https:\/\/web.facebook.com\/landiousEgypt","article_modified_time":"2026-04-14T17:13:51+00:00","og_image":[{"width":1200,"height":660,"url":"https:\/\/i0.wp.com\/landioustravel.com\/wp-content\/uploads\/2019\/05\/Orange-Bay-Trip-Hurghada-1.jpg?fit=1200%2C660&ssl=1","type":"image\/jpeg"}],"twitter_card":"summary_large_image","twitter_site":"@LandiousTours","twitter_misc":{"Szacowany czas czytania":"2 minuty"},"schema":{"@context":"https:\/\/schema.org","@graph":[{"@type":"WebPage","@id":"https:\/\/landioustravel.com\/pl\/shop\/wycieczka-orange-bay-hurghada\/","url":"https:\/\/landioustravel.com\/pl\/shop\/wycieczka-orange-bay-hurghada\/","name":"Wycieczka do Orange Bay w Hurghadzie","isPartOf":{"@id":"https:\/\/landioustravel.com\/pl\/#website"},"primaryImageOfPage":{"@id":"https:\/\/landioustravel.com\/pl\/shop\/wycieczka-orange-bay-hurghada\/#primaryimage"},"image":{"@id":"https:\/\/landioustravel.com\/pl\/shop\/wycieczka-orange-bay-hurghada\/#primaryimage"},"thumbnailUrl":"https:\/\/i0.wp.com\/landioustravel.com\/wp-content\/uploads\/2019\/05\/Orange-Bay-Trip-Hurghada-1.jpg?fit=1200%2C660&ssl=1","datePublished":"2019-05-21T15:44:30+00:00","dateModified":"2026-04-14T17:13:51+00:00","description":"Wycieczka do Orange Bay w Hurghadzie Polecamy wycieczk\u0119, poniewa\u017c pozwala turystom dobrze si\u0119 bawi\u0107 nad morzem! Podr\u00f3\u017c daje mo\u017cliwo\u015b\u0107 zobaczenia pi\u0119knych","breadcrumb":{"@id":"https:\/\/landioustravel.com\/pl\/shop\/wycieczka-orange-bay-hurghada\/#breadcrumb"},"inLanguage":"pl-PL","potentialAction":[{"@type":"ReadAction","target":["https:\/\/landioustravel.com\/pl\/shop\/wycieczka-orange-bay-hurghada\/"]}]},{"@type":"ImageObject","inLanguage":"pl-PL","@id":"https:\/\/landioustravel.com\/pl\/shop\/wycieczka-orange-bay-hurghada\/#primaryimage","url":"https:\/\/i0.wp.com\/landioustravel.com\/wp-content\/uploads\/2019\/05\/Orange-Bay-Trip-Hurghada-1.jpg?fit=1200%2C660&ssl=1","contentUrl":"https:\/\/i0.wp.com\/landioustravel.com\/wp-content\/uploads\/2019\/05\/Orange-Bay-Trip-Hurghada-1.jpg?fit=1200%2C660&ssl=1","width":1200,"height":660,"caption":"Orange Bay Trip Hurghada"},{"@type":"BreadcrumbList","@id":"https:\/\/landioustravel.com\/pl\/shop\/wycieczka-orange-bay-hurghada\/#breadcrumb","itemListElement":[{"@type":"ListItem","position":1,"name":"Home","item":"https:\/\/landioustravel.com\/pl\/"},{"@type":"ListItem","position":2,"name":"Us\u0142ugi i wycieczki","item":"https:\/\/landioustravel.com\/pl\/"},{"@type":"ListItem","position":3,"name":"Wycieczka do Orange Bay w Hurghadzie"}]},{"@type":"WebSite","@id":"https:\/\/landioustravel.com\/pl\/#website","url":"https:\/\/landioustravel.com\/pl\/","name":"Landious Travel","description":"Excursions, trips and cruises in Egypt","publisher":{"@id":"https:\/\/landioustravel.com\/pl\/#organization"},"potentialAction":[{"@type":"SearchAction","target":{"@type":"EntryPoint","urlTemplate":"https:\/\/landioustravel.com\/pl\/?s={search_term_string}"},"query-input":{"@type":"PropertyValueSpecification","valueRequired":true,"valueName":"search_term_string"}}],"inLanguage":"pl-PL"},{"@type":["Organization","Place"],"@id":"https:\/\/landioustravel.com\/pl\/#organization","name":"Landious Travel","alternateName":"Landious Travel","url":"https:\/\/landioustravel.com\/pl\/","logo":{"@id":"https:\/\/landioustravel.com\/pl\/shop\/wycieczka-orange-bay-hurghada\/#local-main-organization-logo"},"image":{"@id":"https:\/\/landioustravel.com\/pl\/shop\/wycieczka-orange-bay-hurghada\/#local-main-organization-logo"},"sameAs":["https:\/\/web.facebook.com\/landiousEgypt","https:\/\/x.com\/LandiousTours","https:\/\/mastodon.social\/@landious"],"legalName":"Landious Travel","telephone":[],"openingHoursSpecification":[{"@type":"OpeningHoursSpecification","dayOfWeek":["Monday","Tuesday","Wednesday","Thursday","Friday","Saturday","Sunday"],"opens":"09:00","closes":"17:00"}]},{"@type":"ImageObject","inLanguage":"pl-PL","@id":"https:\/\/landioustravel.com\/pl\/shop\/wycieczka-orange-bay-hurghada\/#local-main-organization-logo","url":"https:\/\/i0.wp.com\/landioustravel.com\/wp-content\/uploads\/2021\/06\/Landious-T.png?fit=500%2C500&ssl=1","contentUrl":"https:\/\/i0.wp.com\/landioustravel.com\/wp-content\/uploads\/2021\/06\/Landious-T.png?fit=500%2C500&ssl=1","width":500,"height":500,"caption":"Landious Travel"}]}},"jetpack_publicize_connections":[],"uagb_featured_image_src":{"full":["https:\/\/i0.wp.com\/landioustravel.com\/wp-content\/uploads\/2019\/05\/Orange-Bay-Trip-Hurghada-1.jpg?fit=1200%2C660&ssl=1",1200,660,false],"thumbnail":["https:\/\/i0.wp.com\/landioustravel.com\/wp-content\/uploads\/2019\/05\/Orange-Bay-Trip-Hurghada-1.jpg?resize=150%2C150&ssl=1",150,150,true],"medium":["https:\/\/i0.wp.com\/landioustravel.com\/wp-content\/uploads\/2019\/05\/Orange-Bay-Trip-Hurghada-1.jpg?fit=300%2C165&ssl=1",300,165,true],"medium_large":["https:\/\/i0.wp.com\/landioustravel.com\/wp-content\/uploads\/2019\/05\/Orange-Bay-Trip-Hurghada-1.jpg?fit=768%2C422&ssl=1",768,422,true],"large":["https:\/\/i0.wp.com\/landioustravel.com\/wp-content\/uploads\/2019\/05\/Orange-Bay-Trip-Hurghada-1.jpg?fit=980%2C539&ssl=1",980,539,true],"1536x1536":["https:\/\/i0.wp.com\/landioustravel.com\/wp-content\/uploads\/2019\/05\/Orange-Bay-Trip-Hurghada-1.jpg?fit=1200%2C660&ssl=1",1200,660,true],"2048x2048":["https:\/\/i0.wp.com\/landioustravel.com\/wp-content\/uploads\/2019\/05\/Orange-Bay-Trip-Hurghada-1.jpg?fit=1200%2C660&ssl=1",1200,660,true],"newspack-article-block-landscape-large":["https:\/\/i0.wp.com\/landioustravel.com\/wp-content\/uploads\/2019\/05\/Orange-Bay-Trip-Hurghada-1.jpg?resize=1200%2C660&ssl=1",1200,660,true],"newspack-article-block-portrait-large":["https:\/\/i0.wp.com\/landioustravel.com\/wp-content\/uploads\/2019\/05\/Orange-Bay-Trip-Hurghada-1.jpg?resize=900%2C660&ssl=1",900,660,true],"newspack-article-block-square-large":["https:\/\/i0.wp.com\/landioustravel.com\/wp-content\/uploads\/2019\/05\/Orange-Bay-Trip-Hurghada-1.jpg?resize=1200%2C660&ssl=1",1200,660,true],"newspack-article-block-landscape-medium":["https:\/\/i0.wp.com\/landioustravel.com\/wp-content\/uploads\/2019\/05\/Orange-Bay-Trip-Hurghada-1.jpg?resize=800%2C600&ssl=1",800,600,true],"newspack-article-block-portrait-medium":["https:\/\/i0.wp.com\/landioustravel.com\/wp-content\/uploads\/2019\/05\/Orange-Bay-Trip-Hurghada-1.jpg?resize=600%2C660&ssl=1",600,660,true],"newspack-article-block-square-medium":["https:\/\/i0.wp.com\/landioustravel.com\/wp-content\/uploads\/2019\/05\/Orange-Bay-Trip-Hurghada-1.jpg?resize=800%2C660&ssl=1",800,660,true],"newspack-article-block-landscape-intermediate":["https:\/\/i0.wp.com\/landioustravel.com\/wp-content\/uploads\/2019\/05\/Orange-Bay-Trip-Hurghada-1.jpg?resize=600%2C450&ssl=1",600,450,true],"newspack-article-block-portrait-intermediate":["https:\/\/i0.wp.com\/landioustravel.com\/wp-content\/uploads\/2019\/05\/Orange-Bay-Trip-Hurghada-1.jpg?resize=450%2C600&ssl=1",450,600,true],"newspack-article-block-square-intermediate":["https:\/\/i0.wp.com\/landioustravel.com\/wp-content\/uploads\/2019\/05\/Orange-Bay-Trip-Hurghada-1.jpg?resize=600%2C600&ssl=1",600,600,true],"newspack-article-block-landscape-small":["https:\/\/i0.wp.com\/landioustravel.com\/wp-content\/uploads\/2019\/05\/Orange-Bay-Trip-Hurghada-1.jpg?resize=400%2C300&ssl=1",400,300,true],"newspack-article-block-portrait-small":["https:\/\/i0.wp.com\/landioustravel.com\/wp-content\/uploads\/2019\/05\/Orange-Bay-Trip-Hurghada-1.jpg?resize=300%2C400&ssl=1",300,400,true],"newspack-article-block-square-small":["https:\/\/i0.wp.com\/landioustravel.com\/wp-content\/uploads\/2019\/05\/Orange-Bay-Trip-Hurghada-1.jpg?resize=400%2C400&ssl=1",400,400,true],"newspack-article-block-landscape-tiny":["https:\/\/i0.wp.com\/landioustravel.com\/wp-content\/uploads\/2019\/05\/Orange-Bay-Trip-Hurghada-1.jpg?resize=200%2C150&ssl=1",200,150,true],"newspack-article-block-portrait-tiny":["https:\/\/i0.wp.com\/landioustravel.com\/wp-content\/uploads\/2019\/05\/Orange-Bay-Trip-Hurghada-1.jpg?resize=150%2C200&ssl=1",150,200,true],"newspack-article-block-square-tiny":["https:\/\/i0.wp.com\/landioustravel.com\/wp-content\/uploads\/2019\/05\/Orange-Bay-Trip-Hurghada-1.jpg?resize=200%2C200&ssl=1",200,200,true],"newspack-article-block-uncropped":["https:\/\/i0.wp.com\/landioustravel.com\/wp-content\/uploads\/2019\/05\/Orange-Bay-Trip-Hurghada-1.jpg?fit=1200%2C660&ssl=1",1200,660,true],"woocommerce_thumbnail":["https:\/\/i0.wp.com\/landioustravel.com\/wp-content\/uploads\/2019\/05\/Orange-Bay-Trip-Hurghada-1.jpg?resize=324%2C324&ssl=1",324,324,true],"woocommerce_single":["https:\/\/i0.wp.com\/landioustravel.com\/wp-content\/uploads\/2019\/05\/Orange-Bay-Trip-Hurghada-1.jpg?fit=416%2C229&ssl=1",416,229,true],"woocommerce_gallery_thumbnail":["https:\/\/i0.wp.com\/landioustravel.com\/wp-content\/uploads\/2019\/05\/Orange-Bay-Trip-Hurghada-1.jpg?resize=100%2C100&ssl=1",100,100,true]},"uagb_author_info":{"display_name":"Mofreh Landious","author_link":"https:\/\/landioustravel.com\/pl\/author\/"},"uagb_comment_info":8,"uagb_excerpt":"Do\u0142\u0105cz do nas na ekscytuj\u0105c\u0105 jednodniow\u0105 wycieczk\u0119 sport\u00f3w wodnych do krystalicznie czystych w\u00f3d Orange Bay na wyspach Giftun z Hurghady. Nasza wycieczka \u0142odzi\u0105 obejmuje transport w obie strony i ca\u0142y niezb\u0119dny sprz\u0119t, aby w pe\u0142ni zanurzy\u0107 si\u0119 w pi\u0119knych pla\u017cach i podwodnej scenerii. Nasza \u0142\u00f3d\u017a zabierze Ci\u0119 do najlepszych miejsc do nurkowania z rurk\u0105, gdzie&hellip;","jetpack_sharing_enabled":true,"jetpack_likes_enabled":true,"amp_enabled":true,"_links":{"self":[{"href":"https:\/\/landioustravel.com\/pl\/wp-json\/wp\/v2\/product\/4798","targetHints":{"allow":["GET"]}}],"collection":[{"href":"https:\/\/landioustravel.com\/pl\/wp-json\/wp\/v2\/product"}],"about":[{"href":"https:\/\/landioustravel.com\/pl\/wp-json\/wp\/v2\/types\/product"}],"replies":[{"embeddable":true,"href":"https:\/\/landioustravel.com\/pl\/wp-json\/wp\/v2\/comments?post=4798"}],"wp:featuredmedia":[{"embeddable":true,"href":"https:\/\/landioustravel.com\/pl\/wp-json\/wp\/v2\/media\/57467"}],"wp:attachment":[{"href":"https:\/\/landioustravel.com\/pl\/wp-json\/wp\/v2\/media?parent=4798"}],"wp:term":[{"taxonomy":"product_brand","embeddable":true,"href":"https:\/\/landioustravel.com\/pl\/wp-json\/wp\/v2\/product_brand?post=4798"},{"taxonomy":"product_cat","embeddable":true,"href":"https:\/\/landioustravel.com\/pl\/wp-json\/wp\/v2\/product_cat?post=4798"},{"taxonomy":"product_tag","embeddable":true,"href":"https:\/\/landioustravel.com\/pl\/wp-json\/wp\/v2\/product_tag?post=4798"}],"curies":[{"name":"wp","href":"https:\/\/api.w.org\/{rel}","templated":true}]}}