{"id":4823,"date":"2019-05-23T16:17:54","date_gmt":"2019-05-23T19:37:00","guid":{"rendered":"https:\/\/landioustravel.com\/?post_type=product&#038;p=4823"},"modified":"2025-10-01T20:24:59","modified_gmt":"2025-10-01T17:24:59","slug":"prywatna-lodz-motorowa-orange-bay-hurghada","status":"publish","type":"product","link":"https:\/\/landioustravel.com\/pl\/shop\/prywatna-lodz-motorowa-orange-bay-hurghada\/","title":{"rendered":"Prywatna \u0142\u00f3d\u017a motorowa do Orange Bay w Hurghadzie"},"content":{"rendered":"<p>Wspania\u0142a prywatna wycieczka \u0142odzi\u0105 motorow\u0105 do Orange Bay na <a href=\"https:\/\/landioustravel.com\/pl\/egipt\/wyspy-egipskie\/wyspy-giftun\/\">Grand Giftun Island<\/a> w <a href=\"https:\/\/landioustravel.com\/pl\/miasto-hurghada\/\">Hurghadzie<\/a>! Polecamy wycieczk\u0119, poniewa\u017c pozwala turystom dobrze si\u0119 bawi\u0107 nad morzem! Podr\u00f3\u017c daje mo\u017cliwo\u015b\u0107 zobaczenia pi\u0119knych koralowc\u00f3w i r\u00f3\u017cnorodnych ryb. Co wi\u0119cej, b\u0119dziesz cieszy\u0107 si\u0119 piknikiem \u0142odzi\u0105 po Morzu Czerwonym i zlokalizowaniem si\u0119 w Zatoce Ornage na wyspie Giftun z wi\u0119ksz\u0105 ilo\u015bci\u0105 us\u0142ug na samej pla\u017cy. Wyspa jest blisko wybrze\u017ca Hurghady!<\/p>\n<h2>G\u0142\u00f3wne punkty programu wycieczek na wysp\u0119 Orange Bay<\/h2>\n<ul>\n<li>P\u0142ywanie na otwartym morzu z \u0142odzi motorowej<\/li>\n<li>Snorkeling z maskami i p\u0142etwami na otwartym morzu<\/li>\n<li>L\u0105dowanie na pla\u017cy Orange Bay na wyspie Giftun<\/li>\n<\/ul>\n<h3>Program prywatnej wycieczki \u0142odzi\u0105 motorow\u0105 na pla\u017c\u0119 Orange Bay z Hurghady<\/h3>\n<ul>\n<li>Odbieramy Ci\u0119 z hotelu oko\u0142o 08:00<\/li>\n<li>Po podniesieniu wszystkich ch\u0119tnych autobus jedzie do portu. Droga do portu zajmuje oko\u0142o 20 minut<\/li>\n<li>Znajdziesz \u0142\u00f3d\u017a motorow\u0105 w porcie. Jest szykowny! Ta \u0142\u00f3d\u017a motorowa jest wyposa\u017cona w wygodne fotele i lod\u00f3wk\u0119. sk\u0142ada si\u0119. Gdy tylko wejdziesz do \u0142odzi motorowej, mo\u017cesz przygotowa\u0107 si\u0119 na fantastyczny piknik nad Morzem Czerwonym<\/li>\n<li>\u0141\u00f3d\u017a motorowa przep\u0142ywa przez Morze Czerwone w kierunku pi\u0119knego korala, gdzie mo\u017cna si\u0119 zatrzyma\u0107. Tam mo\u017cesz p\u0142ywa\u0107 i nurkowa\u0107 z maskami i p\u0142etwami<\/li>\n<li>Nast\u0119pnym przystankiem b\u0119dzie wymarzona Orange Bay na wyspie Giftun. Zabieramy \u0142\u00f3d\u017a motorow\u0105. Tw\u00f3j przewodnik daje Ci wgl\u0105d w mo\u017cliwo\u015bci na pla\u017cy _ toalety, namioty i le\u017caki.<\/li>\n<li>Na wyspie sp\u0119dzicie trzy godziny. W tym czasie b\u0119dziesz mie\u0107 wystarczaj\u0105co du\u017co czasu na p\u0142ywanie i opalanie si\u0119<\/li>\n<li>Ten program wycieczek ko\u0144czy si\u0119 oko\u0142o godziny 13:00.<\/li>\n<\/ul>\n<h4>Co jest wliczone w cen\u0119 wycieczki<\/h4>\n<ul>\n<li>Prywatna \u0142\u00f3d\u017a motorowa<\/li>\n<li>Sprz\u0119t do nurkowania (maski i p\u0142etwy)<\/li>\n<li>Napoje i \u015bwie\u017ce owoce na \u0142odzi motorowej<\/li>\n<li>Wszystkie udogodnienia na wyspie (namiot, solarium i toaleta)<\/li>\n<li>Przejazd do portu iz powrotem do hotelu<\/li>\n<\/ul>\n<h5>Co nie jest wliczone w cen\u0119 wycieczki<\/h5>\n<ul>\n<li>Jedzenie na wyspach<\/li>\n<li>Napoje na wyspach<\/li>\n<li>DVD wideo<\/li>\n<li>CD ze zdj\u0119ciami<\/li>\n<\/ul>\n<h6>CO POWINIEN PODJ\u0104\u0106 Z TWOJ\u0104 WYCIECZK\u0104<\/h6>\n<ul>\n<li>R\u0119cznik<\/li>\n<li>Krem do opalania<\/li>\n<\/ul>\n<h6>DNI ORGANIZACJI WYCIECZKI<\/h6>\n<ul>\n<li>Codziennie od 08:00 do 13:00<\/li>\n<\/ul>\n","protected":false},"excerpt":{"rendered":"<p>Przygotuj si\u0119 na ekscytuj\u0105c\u0105 przygod\u0119! Odbierzemy Ci\u0119 rano z hotelu i zabierzemy na ekscytuj\u0105c\u0105 przeja\u017cd\u017ck\u0119 \u0142odzi\u0105 motorow\u0105 na dwie wspania\u0142e wyspy na Morzu Czerwonym.<\/p>\n<p>Naszym pierwszym przystankiem jest Orange Bay, gdzie mo\u017cna odpocz\u0105\u0107 na pi\u0119knych pla\u017cach z bia\u0142ym piaskiem i rozkoszowa\u0107 si\u0119 s\u0142o\u0144cem. B\u0119dziesz mia\u0142 mn\u00f3stwo czasu na zawieranie nowych znajomo\u015bci, s\u0142uchaj\u0105c muzyki i ciesz\u0105c si\u0119 tropikaln\u0105 atmosfer\u0105.<\/p>\n<p>Nast\u0119pnie udamy si\u0119 na Orange Island, gdzie mo\u017cesz odkrywa\u0107 podwodny \u015bwiat Morza Czerwonego z naszym sprz\u0119tem do nurkowania. Nie zapomnij zrobi\u0107 niesamowitych zdj\u0119\u0107, aby podzieli\u0107 si\u0119 nimi z przyjaci\u00f3\u0142mi i rodzin\u0105 w domu!<\/p>\n<p>Nasz zesp\u00f3\u0142 zadba o bezpieczn\u0105 i przyjemn\u0105 podr\u00f3\u017c. Zarezerwuj teraz prywatn\u0105 lub wsp\u00f3ln\u0105 wycieczk\u0119 \u0142odzi\u0105 motorow\u0105 i poznaj pi\u0119kno egipskich Karaib\u00f3w!<\/p>\n","protected":false},"featured_media":129069,"comment_status":"open","ping_status":"closed","template":"","meta":{"_coblocks_attr":"","_coblocks_dimensions":"","_coblocks_responsive_height":"","_coblocks_accordion_ie_support":"","_uag_custom_page_level_css":"","jetpack_publicize_message":"","jetpack_publicize_feature_enabled":true,"jetpack_social_post_already_shared":true,"jetpack_social_options":{"image_generator_settings":{"template":"highway","default_image_id":0,"font":"","enabled":false},"version":2},"_wpas_customize_per_network":false},"product_brand":[],"product_cat":[8566,1949],"product_tag":[1956,22821,22823,1961,2100,1959,1974],"class_list":{"0":"post-4823","1":"product","2":"type-product","3":"status-publish","4":"has-post-thumbnail","6":"product_cat-indywidualne-wycieczki-hurghada","7":"product_cat-wycieczki-morskie-hurghadzie","8":"product_tag-hurghada-pl","9":"product_tag-morze","10":"product_tag-nurkowanie-z-rurka","11":"product_tag-wycieczka","12":"product_tag-wycieczki-morskie-w-hurghadzie","13":"product_tag-wycieczki-lodzia","14":"product_tag-wyspa","16":"first","17":"instock","18":"sale","19":"taxable","20":"shipping-taxable","21":"purchasable","22":"product-type-variable"},"yoast_head":"<!-- This site is optimized with the Yoast SEO Premium plugin v26.9 (Yoast SEO v27.5) - https:\/\/yoast.com\/product\/yoast-seo-premium-wordpress\/ -->\n<title>Prywatna \u0142\u00f3d\u017a motorowa do Orange Bay w Hurghadzie<\/title>\n<meta name=\"description\" content=\"Prywatna \u0142\u00f3d\u017a motorowa do Orange Bay w Hurghadzie Polecamy wycieczk\u0119, poniewa\u017c pozwala turystom dobrze si\u0119 bawi\u0107 nad morzem! Podr\u00f3\u017c daje mo\u017cliwo\u015b\u0107\" \/>\n<meta name=\"robots\" content=\"index, follow, max-snippet:-1, max-image-preview:large, max-video-preview:-1\" \/>\n<link rel=\"canonical\" href=\"https:\/\/landioustravel.com\/pl\/shop\/prywatna-lodz-motorowa-orange-bay-hurghada\/\" \/>\n<meta property=\"og:locale\" content=\"pl_PL\" \/>\n<meta property=\"og:type\" content=\"article\" \/>\n<meta property=\"og:title\" content=\"Prywatna \u0142\u00f3d\u017a motorowa do Orange Bay w Hurghadzie\" \/>\n<meta property=\"og:description\" content=\"Landious Travel\" \/>\n<meta property=\"og:url\" content=\"https:\/\/landioustravel.com\/pl\/shop\/prywatna-lodz-motorowa-orange-bay-hurghada\/\" \/>\n<meta property=\"og:site_name\" content=\"Landious Travel\" \/>\n<meta property=\"article:publisher\" content=\"https:\/\/web.facebook.com\/landiousEgypt\" \/>\n<meta property=\"article:modified_time\" content=\"2025-10-01T17:24:59+00:00\" \/>\n<meta property=\"og:image\" content=\"https:\/\/i0.wp.com\/landioustravel.com\/wp-content\/uploads\/2019\/05\/Orange-Bay-by-Speedboat-Hurghada.jpg?fit=1200%2C657&ssl=1\" \/>\n\t<meta property=\"og:image:width\" content=\"1200\" \/>\n\t<meta property=\"og:image:height\" content=\"657\" \/>\n\t<meta property=\"og:image:type\" content=\"image\/jpeg\" \/>\n<meta name=\"twitter:card\" content=\"summary_large_image\" \/>\n<meta name=\"twitter:site\" content=\"@LandiousTours\" \/>\n<meta name=\"twitter:label1\" content=\"Szacowany czas czytania\" \/>\n\t<meta name=\"twitter:data1\" content=\"2 minuty\" \/>\n<script type=\"application\/ld+json\" class=\"yoast-schema-graph\">{\"@context\":\"https:\\\/\\\/schema.org\",\"@graph\":[{\"@type\":\"WebPage\",\"@id\":\"https:\\\/\\\/landioustravel.com\\\/pl\\\/shop\\\/prywatna-lodz-motorowa-orange-bay-hurghada\\\/\",\"url\":\"https:\\\/\\\/landioustravel.com\\\/pl\\\/shop\\\/prywatna-lodz-motorowa-orange-bay-hurghada\\\/\",\"name\":\"Prywatna \u0142\u00f3d\u017a motorowa do Orange Bay w Hurghadzie\",\"isPartOf\":{\"@id\":\"https:\\\/\\\/landioustravel.com\\\/pl\\\/#website\"},\"primaryImageOfPage\":{\"@id\":\"https:\\\/\\\/landioustravel.com\\\/pl\\\/shop\\\/prywatna-lodz-motorowa-orange-bay-hurghada\\\/#primaryimage\"},\"image\":{\"@id\":\"https:\\\/\\\/landioustravel.com\\\/pl\\\/shop\\\/prywatna-lodz-motorowa-orange-bay-hurghada\\\/#primaryimage\"},\"thumbnailUrl\":\"https:\\\/\\\/i0.wp.com\\\/landioustravel.com\\\/wp-content\\\/uploads\\\/2019\\\/05\\\/Orange-Bay-by-Speedboat-Hurghada.jpg?fit=1200%2C657&ssl=1\",\"datePublished\":\"2019-05-23T19:37:00+00:00\",\"dateModified\":\"2025-10-01T17:24:59+00:00\",\"description\":\"Prywatna \u0142\u00f3d\u017a motorowa do Orange Bay w Hurghadzie Polecamy wycieczk\u0119, poniewa\u017c pozwala turystom dobrze si\u0119 bawi\u0107 nad morzem! Podr\u00f3\u017c daje mo\u017cliwo\u015b\u0107\",\"breadcrumb\":{\"@id\":\"https:\\\/\\\/landioustravel.com\\\/pl\\\/shop\\\/prywatna-lodz-motorowa-orange-bay-hurghada\\\/#breadcrumb\"},\"inLanguage\":\"pl-PL\",\"potentialAction\":[{\"@type\":\"ReadAction\",\"target\":[\"https:\\\/\\\/landioustravel.com\\\/pl\\\/shop\\\/prywatna-lodz-motorowa-orange-bay-hurghada\\\/\"]}]},{\"@type\":\"ImageObject\",\"inLanguage\":\"pl-PL\",\"@id\":\"https:\\\/\\\/landioustravel.com\\\/pl\\\/shop\\\/prywatna-lodz-motorowa-orange-bay-hurghada\\\/#primaryimage\",\"url\":\"https:\\\/\\\/i0.wp.com\\\/landioustravel.com\\\/wp-content\\\/uploads\\\/2019\\\/05\\\/Orange-Bay-by-Speedboat-Hurghada.jpg?fit=1200%2C657&ssl=1\",\"contentUrl\":\"https:\\\/\\\/i0.wp.com\\\/landioustravel.com\\\/wp-content\\\/uploads\\\/2019\\\/05\\\/Orange-Bay-by-Speedboat-Hurghada.jpg?fit=1200%2C657&ssl=1\",\"width\":1200,\"height\":657,\"caption\":\"Orange Bay by Speedboat Hurghada\"},{\"@type\":\"BreadcrumbList\",\"@id\":\"https:\\\/\\\/landioustravel.com\\\/pl\\\/shop\\\/prywatna-lodz-motorowa-orange-bay-hurghada\\\/#breadcrumb\",\"itemListElement\":[{\"@type\":\"ListItem\",\"position\":1,\"name\":\"Home\",\"item\":\"https:\\\/\\\/landioustravel.com\\\/pl\\\/\"},{\"@type\":\"ListItem\",\"position\":2,\"name\":\"Us\u0142ugi i wycieczki\",\"item\":\"https:\\\/\\\/landioustravel.com\\\/pl\\\/\"},{\"@type\":\"ListItem\",\"position\":3,\"name\":\"Prywatna \u0142\u00f3d\u017a motorowa do Orange Bay w Hurghadzie\"}]},{\"@type\":\"WebSite\",\"@id\":\"https:\\\/\\\/landioustravel.com\\\/pl\\\/#website\",\"url\":\"https:\\\/\\\/landioustravel.com\\\/pl\\\/\",\"name\":\"Landious Travel\",\"description\":\"Excursions, trips and cruises in Egypt\",\"publisher\":{\"@id\":\"https:\\\/\\\/landioustravel.com\\\/pl\\\/#organization\"},\"potentialAction\":[{\"@type\":\"SearchAction\",\"target\":{\"@type\":\"EntryPoint\",\"urlTemplate\":\"https:\\\/\\\/landioustravel.com\\\/pl\\\/?s={search_term_string}\"},\"query-input\":{\"@type\":\"PropertyValueSpecification\",\"valueRequired\":true,\"valueName\":\"search_term_string\"}}],\"inLanguage\":\"pl-PL\"},{\"@type\":[\"Organization\",\"Place\"],\"@id\":\"https:\\\/\\\/landioustravel.com\\\/pl\\\/#organization\",\"name\":\"Landious Travel\",\"alternateName\":\"Landious Travel\",\"url\":\"https:\\\/\\\/landioustravel.com\\\/pl\\\/\",\"logo\":{\"@id\":\"https:\\\/\\\/landioustravel.com\\\/pl\\\/shop\\\/prywatna-lodz-motorowa-orange-bay-hurghada\\\/#local-main-organization-logo\"},\"image\":{\"@id\":\"https:\\\/\\\/landioustravel.com\\\/pl\\\/shop\\\/prywatna-lodz-motorowa-orange-bay-hurghada\\\/#local-main-organization-logo\"},\"sameAs\":[\"https:\\\/\\\/web.facebook.com\\\/landiousEgypt\",\"https:\\\/\\\/x.com\\\/LandiousTours\",\"https:\\\/\\\/mastodon.social\\\/@landious\"],\"legalName\":\"Landious Travel\",\"telephone\":[],\"openingHoursSpecification\":[{\"@type\":\"OpeningHoursSpecification\",\"dayOfWeek\":[\"Monday\",\"Tuesday\",\"Wednesday\",\"Thursday\",\"Friday\",\"Saturday\",\"Sunday\"],\"opens\":\"09:00\",\"closes\":\"17:00\"}]},{\"@type\":\"ImageObject\",\"inLanguage\":\"pl-PL\",\"@id\":\"https:\\\/\\\/landioustravel.com\\\/pl\\\/shop\\\/prywatna-lodz-motorowa-orange-bay-hurghada\\\/#local-main-organization-logo\",\"url\":\"https:\\\/\\\/i0.wp.com\\\/landioustravel.com\\\/wp-content\\\/uploads\\\/2021\\\/06\\\/Landious-T.png?fit=500%2C500&ssl=1\",\"contentUrl\":\"https:\\\/\\\/i0.wp.com\\\/landioustravel.com\\\/wp-content\\\/uploads\\\/2021\\\/06\\\/Landious-T.png?fit=500%2C500&ssl=1\",\"width\":500,\"height\":500,\"caption\":\"Landious Travel\"}]}<\/script>\n<!-- \/ Yoast SEO Premium plugin. -->","yoast_head_json":{"title":"Prywatna \u0142\u00f3d\u017a motorowa do Orange Bay w Hurghadzie","description":"Prywatna \u0142\u00f3d\u017a motorowa do Orange Bay w Hurghadzie Polecamy wycieczk\u0119, poniewa\u017c pozwala turystom dobrze si\u0119 bawi\u0107 nad morzem! Podr\u00f3\u017c daje mo\u017cliwo\u015b\u0107","robots":{"index":"index","follow":"follow","max-snippet":"max-snippet:-1","max-image-preview":"max-image-preview:large","max-video-preview":"max-video-preview:-1"},"canonical":"https:\/\/landioustravel.com\/pl\/shop\/prywatna-lodz-motorowa-orange-bay-hurghada\/","og_locale":"pl_PL","og_type":"article","og_title":"Prywatna \u0142\u00f3d\u017a motorowa do Orange Bay w Hurghadzie","og_description":"Landious Travel","og_url":"https:\/\/landioustravel.com\/pl\/shop\/prywatna-lodz-motorowa-orange-bay-hurghada\/","og_site_name":"Landious Travel","article_publisher":"https:\/\/web.facebook.com\/landiousEgypt","article_modified_time":"2025-10-01T17:24:59+00:00","og_image":[{"width":1200,"height":657,"url":"https:\/\/i0.wp.com\/landioustravel.com\/wp-content\/uploads\/2019\/05\/Orange-Bay-by-Speedboat-Hurghada.jpg?fit=1200%2C657&ssl=1","type":"image\/jpeg"}],"twitter_card":"summary_large_image","twitter_site":"@LandiousTours","twitter_misc":{"Szacowany czas czytania":"2 minuty"},"schema":{"@context":"https:\/\/schema.org","@graph":[{"@type":"WebPage","@id":"https:\/\/landioustravel.com\/pl\/shop\/prywatna-lodz-motorowa-orange-bay-hurghada\/","url":"https:\/\/landioustravel.com\/pl\/shop\/prywatna-lodz-motorowa-orange-bay-hurghada\/","name":"Prywatna \u0142\u00f3d\u017a motorowa do Orange Bay w Hurghadzie","isPartOf":{"@id":"https:\/\/landioustravel.com\/pl\/#website"},"primaryImageOfPage":{"@id":"https:\/\/landioustravel.com\/pl\/shop\/prywatna-lodz-motorowa-orange-bay-hurghada\/#primaryimage"},"image":{"@id":"https:\/\/landioustravel.com\/pl\/shop\/prywatna-lodz-motorowa-orange-bay-hurghada\/#primaryimage"},"thumbnailUrl":"https:\/\/i0.wp.com\/landioustravel.com\/wp-content\/uploads\/2019\/05\/Orange-Bay-by-Speedboat-Hurghada.jpg?fit=1200%2C657&ssl=1","datePublished":"2019-05-23T19:37:00+00:00","dateModified":"2025-10-01T17:24:59+00:00","description":"Prywatna \u0142\u00f3d\u017a motorowa do Orange Bay w Hurghadzie Polecamy wycieczk\u0119, poniewa\u017c pozwala turystom dobrze si\u0119 bawi\u0107 nad morzem! Podr\u00f3\u017c daje mo\u017cliwo\u015b\u0107","breadcrumb":{"@id":"https:\/\/landioustravel.com\/pl\/shop\/prywatna-lodz-motorowa-orange-bay-hurghada\/#breadcrumb"},"inLanguage":"pl-PL","potentialAction":[{"@type":"ReadAction","target":["https:\/\/landioustravel.com\/pl\/shop\/prywatna-lodz-motorowa-orange-bay-hurghada\/"]}]},{"@type":"ImageObject","inLanguage":"pl-PL","@id":"https:\/\/landioustravel.com\/pl\/shop\/prywatna-lodz-motorowa-orange-bay-hurghada\/#primaryimage","url":"https:\/\/i0.wp.com\/landioustravel.com\/wp-content\/uploads\/2019\/05\/Orange-Bay-by-Speedboat-Hurghada.jpg?fit=1200%2C657&ssl=1","contentUrl":"https:\/\/i0.wp.com\/landioustravel.com\/wp-content\/uploads\/2019\/05\/Orange-Bay-by-Speedboat-Hurghada.jpg?fit=1200%2C657&ssl=1","width":1200,"height":657,"caption":"Orange Bay by Speedboat Hurghada"},{"@type":"BreadcrumbList","@id":"https:\/\/landioustravel.com\/pl\/shop\/prywatna-lodz-motorowa-orange-bay-hurghada\/#breadcrumb","itemListElement":[{"@type":"ListItem","position":1,"name":"Home","item":"https:\/\/landioustravel.com\/pl\/"},{"@type":"ListItem","position":2,"name":"Us\u0142ugi i wycieczki","item":"https:\/\/landioustravel.com\/pl\/"},{"@type":"ListItem","position":3,"name":"Prywatna \u0142\u00f3d\u017a motorowa do Orange Bay w Hurghadzie"}]},{"@type":"WebSite","@id":"https:\/\/landioustravel.com\/pl\/#website","url":"https:\/\/landioustravel.com\/pl\/","name":"Landious Travel","description":"Excursions, trips and cruises in Egypt","publisher":{"@id":"https:\/\/landioustravel.com\/pl\/#organization"},"potentialAction":[{"@type":"SearchAction","target":{"@type":"EntryPoint","urlTemplate":"https:\/\/landioustravel.com\/pl\/?s={search_term_string}"},"query-input":{"@type":"PropertyValueSpecification","valueRequired":true,"valueName":"search_term_string"}}],"inLanguage":"pl-PL"},{"@type":["Organization","Place"],"@id":"https:\/\/landioustravel.com\/pl\/#organization","name":"Landious Travel","alternateName":"Landious Travel","url":"https:\/\/landioustravel.com\/pl\/","logo":{"@id":"https:\/\/landioustravel.com\/pl\/shop\/prywatna-lodz-motorowa-orange-bay-hurghada\/#local-main-organization-logo"},"image":{"@id":"https:\/\/landioustravel.com\/pl\/shop\/prywatna-lodz-motorowa-orange-bay-hurghada\/#local-main-organization-logo"},"sameAs":["https:\/\/web.facebook.com\/landiousEgypt","https:\/\/x.com\/LandiousTours","https:\/\/mastodon.social\/@landious"],"legalName":"Landious Travel","telephone":[],"openingHoursSpecification":[{"@type":"OpeningHoursSpecification","dayOfWeek":["Monday","Tuesday","Wednesday","Thursday","Friday","Saturday","Sunday"],"opens":"09:00","closes":"17:00"}]},{"@type":"ImageObject","inLanguage":"pl-PL","@id":"https:\/\/landioustravel.com\/pl\/shop\/prywatna-lodz-motorowa-orange-bay-hurghada\/#local-main-organization-logo","url":"https:\/\/i0.wp.com\/landioustravel.com\/wp-content\/uploads\/2021\/06\/Landious-T.png?fit=500%2C500&ssl=1","contentUrl":"https:\/\/i0.wp.com\/landioustravel.com\/wp-content\/uploads\/2021\/06\/Landious-T.png?fit=500%2C500&ssl=1","width":500,"height":500,"caption":"Landious Travel"}]}},"jetpack_publicize_connections":[],"uagb_featured_image_src":{"full":["https:\/\/i0.wp.com\/landioustravel.com\/wp-content\/uploads\/2019\/05\/Orange-Bay-by-Speedboat-Hurghada.jpg?fit=1200%2C657&ssl=1",1200,657,false],"thumbnail":["https:\/\/i0.wp.com\/landioustravel.com\/wp-content\/uploads\/2019\/05\/Orange-Bay-by-Speedboat-Hurghada.jpg?resize=150%2C150&ssl=1",150,150,true],"medium":["https:\/\/i0.wp.com\/landioustravel.com\/wp-content\/uploads\/2019\/05\/Orange-Bay-by-Speedboat-Hurghada.jpg?fit=300%2C164&ssl=1",300,164,true],"medium_large":["https:\/\/i0.wp.com\/landioustravel.com\/wp-content\/uploads\/2019\/05\/Orange-Bay-by-Speedboat-Hurghada.jpg?fit=768%2C420&ssl=1",768,420,true],"large":["https:\/\/i0.wp.com\/landioustravel.com\/wp-content\/uploads\/2019\/05\/Orange-Bay-by-Speedboat-Hurghada.jpg?fit=980%2C537&ssl=1",980,537,true],"1536x1536":["https:\/\/i0.wp.com\/landioustravel.com\/wp-content\/uploads\/2019\/05\/Orange-Bay-by-Speedboat-Hurghada.jpg?fit=1200%2C657&ssl=1",1200,657,true],"2048x2048":["https:\/\/i0.wp.com\/landioustravel.com\/wp-content\/uploads\/2019\/05\/Orange-Bay-by-Speedboat-Hurghada.jpg?fit=1200%2C657&ssl=1",1200,657,true],"newspack-article-block-landscape-large":["https:\/\/i0.wp.com\/landioustravel.com\/wp-content\/uploads\/2019\/05\/Orange-Bay-by-Speedboat-Hurghada.jpg?resize=1200%2C657&ssl=1",1200,657,true],"newspack-article-block-portrait-large":["https:\/\/i0.wp.com\/landioustravel.com\/wp-content\/uploads\/2019\/05\/Orange-Bay-by-Speedboat-Hurghada.jpg?resize=900%2C657&ssl=1",900,657,true],"newspack-article-block-square-large":["https:\/\/i0.wp.com\/landioustravel.com\/wp-content\/uploads\/2019\/05\/Orange-Bay-by-Speedboat-Hurghada.jpg?resize=1200%2C657&ssl=1",1200,657,true],"newspack-article-block-landscape-medium":["https:\/\/i0.wp.com\/landioustravel.com\/wp-content\/uploads\/2019\/05\/Orange-Bay-by-Speedboat-Hurghada.jpg?resize=800%2C600&ssl=1",800,600,true],"newspack-article-block-portrait-medium":["https:\/\/i0.wp.com\/landioustravel.com\/wp-content\/uploads\/2019\/05\/Orange-Bay-by-Speedboat-Hurghada.jpg?resize=600%2C657&ssl=1",600,657,true],"newspack-article-block-square-medium":["https:\/\/i0.wp.com\/landioustravel.com\/wp-content\/uploads\/2019\/05\/Orange-Bay-by-Speedboat-Hurghada.jpg?resize=800%2C657&ssl=1",800,657,true],"newspack-article-block-landscape-intermediate":["https:\/\/i0.wp.com\/landioustravel.com\/wp-content\/uploads\/2019\/05\/Orange-Bay-by-Speedboat-Hurghada.jpg?resize=600%2C450&ssl=1",600,450,true],"newspack-article-block-portrait-intermediate":["https:\/\/i0.wp.com\/landioustravel.com\/wp-content\/uploads\/2019\/05\/Orange-Bay-by-Speedboat-Hurghada.jpg?resize=450%2C600&ssl=1",450,600,true],"newspack-article-block-square-intermediate":["https:\/\/i0.wp.com\/landioustravel.com\/wp-content\/uploads\/2019\/05\/Orange-Bay-by-Speedboat-Hurghada.jpg?resize=600%2C600&ssl=1",600,600,true],"newspack-article-block-landscape-small":["https:\/\/i0.wp.com\/landioustravel.com\/wp-content\/uploads\/2019\/05\/Orange-Bay-by-Speedboat-Hurghada.jpg?resize=400%2C300&ssl=1",400,300,true],"newspack-article-block-portrait-small":["https:\/\/i0.wp.com\/landioustravel.com\/wp-content\/uploads\/2019\/05\/Orange-Bay-by-Speedboat-Hurghada.jpg?resize=300%2C400&ssl=1",300,400,true],"newspack-article-block-square-small":["https:\/\/i0.wp.com\/landioustravel.com\/wp-content\/uploads\/2019\/05\/Orange-Bay-by-Speedboat-Hurghada.jpg?resize=400%2C400&ssl=1",400,400,true],"newspack-article-block-landscape-tiny":["https:\/\/i0.wp.com\/landioustravel.com\/wp-content\/uploads\/2019\/05\/Orange-Bay-by-Speedboat-Hurghada.jpg?resize=200%2C150&ssl=1",200,150,true],"newspack-article-block-portrait-tiny":["https:\/\/i0.wp.com\/landioustravel.com\/wp-content\/uploads\/2019\/05\/Orange-Bay-by-Speedboat-Hurghada.jpg?resize=150%2C200&ssl=1",150,200,true],"newspack-article-block-square-tiny":["https:\/\/i0.wp.com\/landioustravel.com\/wp-content\/uploads\/2019\/05\/Orange-Bay-by-Speedboat-Hurghada.jpg?resize=200%2C200&ssl=1",200,200,true],"newspack-article-block-uncropped":["https:\/\/i0.wp.com\/landioustravel.com\/wp-content\/uploads\/2019\/05\/Orange-Bay-by-Speedboat-Hurghada.jpg?fit=1200%2C657&ssl=1",1200,657,true],"woocommerce_thumbnail":["https:\/\/i0.wp.com\/landioustravel.com\/wp-content\/uploads\/2019\/05\/Orange-Bay-by-Speedboat-Hurghada.jpg?resize=324%2C324&ssl=1",324,324,true],"woocommerce_single":["https:\/\/i0.wp.com\/landioustravel.com\/wp-content\/uploads\/2019\/05\/Orange-Bay-by-Speedboat-Hurghada.jpg?fit=416%2C228&ssl=1",416,228,true],"woocommerce_gallery_thumbnail":["https:\/\/i0.wp.com\/landioustravel.com\/wp-content\/uploads\/2019\/05\/Orange-Bay-by-Speedboat-Hurghada.jpg?resize=100%2C100&ssl=1",100,100,true]},"uagb_author_info":{"display_name":"Mofreh Landious","author_link":"https:\/\/landioustravel.com\/pl\/author\/"},"uagb_comment_info":3,"uagb_excerpt":"Przygotuj si\u0119 na ekscytuj\u0105c\u0105 przygod\u0119! Odbierzemy Ci\u0119 rano z hotelu i zabierzemy na ekscytuj\u0105c\u0105 przeja\u017cd\u017ck\u0119 \u0142odzi\u0105 motorow\u0105 na dwie wspania\u0142e wyspy na Morzu Czerwonym. Naszym pierwszym przystankiem jest Orange Bay, gdzie mo\u017cna odpocz\u0105\u0107 na pi\u0119knych pla\u017cach z bia\u0142ym piaskiem i rozkoszowa\u0107 si\u0119 s\u0142o\u0144cem. B\u0119dziesz mia\u0142 mn\u00f3stwo czasu na zawieranie nowych znajomo\u015bci, s\u0142uchaj\u0105c muzyki i ciesz\u0105c&hellip;","jetpack_sharing_enabled":true,"jetpack_likes_enabled":true,"amp_enabled":true,"_links":{"self":[{"href":"https:\/\/landioustravel.com\/pl\/wp-json\/wp\/v2\/product\/4823","targetHints":{"allow":["GET"]}}],"collection":[{"href":"https:\/\/landioustravel.com\/pl\/wp-json\/wp\/v2\/product"}],"about":[{"href":"https:\/\/landioustravel.com\/pl\/wp-json\/wp\/v2\/types\/product"}],"replies":[{"embeddable":true,"href":"https:\/\/landioustravel.com\/pl\/wp-json\/wp\/v2\/comments?post=4823"}],"wp:featuredmedia":[{"embeddable":true,"href":"https:\/\/landioustravel.com\/pl\/wp-json\/wp\/v2\/media\/129069"}],"wp:attachment":[{"href":"https:\/\/landioustravel.com\/pl\/wp-json\/wp\/v2\/media?parent=4823"}],"wp:term":[{"taxonomy":"product_brand","embeddable":true,"href":"https:\/\/landioustravel.com\/pl\/wp-json\/wp\/v2\/product_brand?post=4823"},{"taxonomy":"product_cat","embeddable":true,"href":"https:\/\/landioustravel.com\/pl\/wp-json\/wp\/v2\/product_cat?post=4823"},{"taxonomy":"product_tag","embeddable":true,"href":"https:\/\/landioustravel.com\/pl\/wp-json\/wp\/v2\/product_tag?post=4823"}],"curies":[{"name":"wp","href":"https:\/\/api.w.org\/{rel}","templated":true}]}}