{"id":4831,"date":"2019-05-12T04:59:40","date_gmt":"2019-05-24T00:31:10","guid":{"rendered":"https:\/\/landioustravel.com\/?post_type=product&#038;p=4831"},"modified":"2024-04-19T15:53:15","modified_gmt":"2024-04-19T13:53:15","slug":"prywatny-lot-kair-hurghada","status":"publish","type":"product","link":"https:\/\/landioustravel.com\/pl\/shop\/prywatny-lot-kair-hurghada\/","title":{"rendered":"Prywatny lot do Kairu z Hurghady"},"content":{"rendered":"<p>To d\u0142ugo oczekiwany lot do <a href=\"https:\/\/landioustravel.com\/pl\/egipt\/miasta-egipskie\/gubernatorstwo-kairskie\/\">Kairu<\/a> z kurortu <a href=\"https:\/\/landioustravel.com\/pl\/miasto-hurghada\/\">Hurghada<\/a>! Polecamy wycieczk\u0119, poniewa\u017c pozwala turystom zobaczy\u0107 najbardziej imponuj\u0105ce zabytki i dowiedzie\u0107 si\u0119 wi\u0119cej o <a href=\"https:\/\/landioustravel.com\/pl\/egipt\/historia-egiptu\/\">historii kraju<\/a>. Podr\u00f3\u017c do wielkich piramid i Sfinksa w Gizie. I idzie te\u017c do muzeum egipskiego w Kairze. Pasa\u017cerowie na tej trasie odb\u0119d\u0105 t\u0119 d\u0142ugo oczekiwan\u0105 podr\u00f3\u017c samolotem, nie trac\u0105c wiele czasu.<\/p>\n<h2>G\u0142\u00f3wne punkty programu wycieczek do Kairu samolotem<\/h2>\n<ul>\n<li>Wizyta w Muzeum Egipskim w Kairze<\/li>\n<li>Obiad<\/li>\n<li>Odwied\u017a trzy piramidy w Gizie<\/li>\n<li>I Wielki Sfinks w kompleksie piramid<\/li>\n<\/ul>\n<h3>Program wycieczek do Kairu &#8211; Gizy z Hurghady<\/h3>\n<ul>\n<li>Odbieramy ci\u0119 z hotelu prywatnym pojazdem o oko\u0142o 05:00<\/li>\n<li>Po odebraniu wszystkich ch\u0119tnych autobus jedzie na mi\u0119dzynarodowe lotnisko w Hurghadzie. Dojazd na lotnisko zajmuje oko\u0142o 30 minut.<\/li>\n<\/ul>\n<h4>Program w Kairze<\/h4>\n<ul>\n<li>Jak tylko dotrzesz do Kairu, poka\u017cemy Ci Muzeum Egipskie. W muzeum znajduje si\u0119 oko\u0142o 100 sal wystawowych, w kt\u00f3rych znajduje si\u0119 unikalna kolekcja sk\u0142adaj\u0105ca si\u0119 z oko\u0142o 150 tysi\u0119cy pozycji. Tw\u00f3j przewodnik b\u0119dzie mia\u0142 zadanie pokaza\u0107 wszystkie g\u0142\u00f3wne eksponaty w tym ogromnym muzeum i da\u0107 wolny czas na robienie zdj\u0119\u0107<\/li>\n<li>Po wizycie w Muzeum Egipskim w Kairze rozpoczynasz piknik na rzece Nil jako p\u0142atn\u0105 opcj\u0119. Jest to dodatkowy program, kt\u00f3ry nale\u017cy zam\u00f3wi\u0107 z wyprzedzeniem za po\u015brednictwem nas! Po zako\u0144czeniu pikniku na Nilu udasz si\u0119 do innego miasta &#8211; Gizy<\/li>\n<\/ul>\n<h4>Program Giza<\/h4>\n<ul>\n<li>Podr\u00f3\u017c trwa w Gizie. Pierwszy przystanek tam b\u0119dzie w restauracji. Oferuje on otwarty bufet<\/li>\n<li>Nast\u0119pnie grupa udaje si\u0119 do kompleksu piramid, gdzie znajduj\u0105 si\u0119 takie wielkie piramidy i Sfinks. Tw\u00f3j przewodnik pokazuje je i daje czas na zrobienie zdj\u0119cia<\/li>\n<li>Po takim programie we wspania\u0142ych miastach Kair i Giza wracasz na lotnisko w Kairze.<\/li>\n<\/ul>\n<h4>Co jest wliczone w cen\u0119 wycieczki<\/h4>\n<ul>\n<li>Bilety na zwiedzanie \u015bwi\u0105ty\u0144<\/li>\n<li>Obiad<\/li>\n<li>Prywatny przewodnik<\/li>\n<li>Indywidualny transfer na lotnisko w Hurghadzie<\/li>\n<li>Prywatny pojazd w Kairze<\/li>\n<li>Indywidualny transfer z lotniska w Hurghadzie do hotelu<\/li>\n<\/ul>\n<h5>Co nie jest wliczone w cen\u0119 wycieczki<\/h5>\n<ul>\n<li>Dodatkowe programy wycieczek, je\u015bli nie zosta\u0142y uwzgl\u0119dnione w powy\u017cszym programie<\/li>\n<li>Napoje<\/li>\n<\/ul>\n<h6>CO POWINIEN PODJ\u0104\u0106 Z TWOJ\u0104 WYCIECZK\u0104<\/h6>\n<ul>\n<li>Pude\u0142ko \u015bniadaniowe<\/li>\n<li>Paszport<\/li>\n<\/ul>\n<h6>Dni organizacji wycieczek<\/h6>\n<ul>\n<li>Czwartki 05:00 &#8211; 24:00<\/li>\n<li>Pi\u0105tki od 05:00 &#8211; 24:00<\/li>\n<\/ul>\n","protected":false},"excerpt":{"rendered":"<p>Planujesz podr\u00f3\u017c do Kairu z Hurghady? Sprawmy, aby by\u0142o to dla Ciebie \u0142atwe i niezapomniane. Nasz pakiet obejmuje bilety lotnicze, bilety wst\u0119pu i transfery, dzi\u0119ki czemu nie musisz si\u0119 o nic martwi\u0107. Odbierzemy Ci\u0119 z Twojego hotelu w Hurghadzie o 04:30 i zawieziemy na lotnisko. Po kr\u00f3tkim locie do Kairu nasz przedstawiciel spotka si\u0119 z Pa\u0144stwem i pomo\u017ce Pa\u0144stwu przez ca\u0142y dzie\u0144. B\u0119dziesz cieszy\u0107 si\u0119 prywatn\u0105 wycieczk\u0105 z naszym przewodnikiem egiptologiem, kt\u00f3ry zapewni ci szczeg\u00f3\u0142owy wgl\u0105d w wspania\u0142e piramidy w Gizie, Wielkiego Sfinksa i Dolinn\u0105 \u015awi\u0105tyni\u0119 Piramidy Chefrena. Nast\u0119pnie zabierzemy Ci\u0119 do lokalnej restauracji na lunch.<\/p>\n<p>Nast\u0119pnym przystankiem jest Muzeum Egipskie, w kt\u00f3rym znajduj\u0105 si\u0119 artefakty z okresu faraon\u00f3w. Muzeum szczyci si\u0119 rzadk\u0105 kolekcj\u0105 sztuki licz\u0105c\u0105 5000 lat, w tym wystaw\u0105 po\u015bwi\u0119con\u0105 kolekcji skarb\u00f3w, z\u0142ota i bi\u017cuterii Tutenchamona. B\u0119dziesz mia\u0142 wystarczaj\u0105co du\u017co czasu na zwiedzanie Khan El Khalili, starego bazaru w Kairze, zanim zostaniesz przewieziony na lotnisko w Kairze, aby polecie\u0107 z powrotem do Hurghady. Zadbamy o to, aby\u015b bezpiecznie dotar\u0142 do hotelu i aby\u015b mia\u0142 bezproblemow\u0105 i przyjemn\u0105 podr\u00f3\u017c. Pozw\u00f3l nam zaj\u0105\u0107 si\u0119 wszystkim, aby\u015b m\u00f3g\u0142 skupi\u0107 si\u0119 na tworzeniu niezapomnianych wspomnie\u0144 w stolicy Egiptu.<\/p>\n","protected":false},"featured_media":99208,"comment_status":"open","ping_status":"closed","template":"","meta":{"_coblocks_attr":"","_coblocks_dimensions":"","_coblocks_responsive_height":"","_coblocks_accordion_ie_support":"","_uag_custom_page_level_css":"","jetpack_publicize_message":"","jetpack_publicize_feature_enabled":true,"jetpack_social_post_already_shared":true,"jetpack_social_options":{"image_generator_settings":{"template":"highway","default_image_id":0,"font":"","enabled":false},"version":2},"_wpas_customize_per_network":false},"product_brand":[],"product_cat":[1947,8566],"product_tag":[1956,1964,1965,1966,1961,2146,9909],"class_list":{"0":"post-4831","1":"product","2":"type-product","3":"status-publish","4":"has-post-thumbnail","6":"product_cat-historyczne-wycieczki-hurghady","7":"product_cat-indywidualne-wycieczki-hurghada","8":"product_tag-hurghada-pl","9":"product_tag-kair","10":"product_tag-piramidy","11":"product_tag-sfinks","12":"product_tag-wycieczka","13":"product_tag-wycieczki-z-hurghady","14":"product_tag-zwiedzanie","16":"first","17":"instock","18":"sale","19":"taxable","20":"shipping-taxable","21":"purchasable","22":"product-type-variable"},"yoast_head":"<!-- This site is optimized with the Yoast SEO Premium plugin v26.9 (Yoast SEO v27.5) - https:\/\/yoast.com\/product\/yoast-seo-premium-wordpress\/ -->\n<title>Prywatny lot do Kairu z Hurghady<\/title>\n<meta name=\"description\" content=\"Prywatny lot do Kairu z Hurghady poniewa\u017c pozwala turystom zobaczy\u0107 najbardziej imponuj\u0105ce zabytki i dowiedzie\u0107 si\u0119 wi\u0119cej o historii kraju. Podr\u00f3\u017c do\" \/>\n<meta name=\"robots\" content=\"index, follow, max-snippet:-1, max-image-preview:large, max-video-preview:-1\" \/>\n<link rel=\"canonical\" href=\"https:\/\/landioustravel.com\/pl\/shop\/prywatny-lot-kair-hurghada\/\" \/>\n<meta property=\"og:locale\" content=\"pl_PL\" \/>\n<meta property=\"og:type\" content=\"article\" \/>\n<meta property=\"og:title\" content=\"Prywatny lot do Kairu z Hurghady\" \/>\n<meta property=\"og:description\" content=\"Landious Travel\" \/>\n<meta property=\"og:url\" content=\"https:\/\/landioustravel.com\/pl\/shop\/prywatny-lot-kair-hurghada\/\" \/>\n<meta property=\"og:site_name\" content=\"Landious Travel\" \/>\n<meta property=\"article:publisher\" content=\"https:\/\/web.facebook.com\/landiousEgypt\" \/>\n<meta property=\"article:modified_time\" content=\"2024-04-19T13:53:15+00:00\" \/>\n<meta property=\"og:image\" content=\"https:\/\/i0.wp.com\/landioustravel.com\/wp-content\/uploads\/2019\/05\/Cairo-Private-Trip-by-Plane-Hurghada-e1669160935397.jpg?fit=1200%2C675&ssl=1\" \/>\n\t<meta property=\"og:image:width\" content=\"1200\" \/>\n\t<meta property=\"og:image:height\" content=\"675\" \/>\n\t<meta property=\"og:image:type\" content=\"image\/jpeg\" \/>\n<meta name=\"twitter:card\" content=\"summary_large_image\" \/>\n<meta name=\"twitter:site\" content=\"@LandiousTours\" \/>\n<meta name=\"twitter:label1\" content=\"Szacowany czas czytania\" \/>\n\t<meta name=\"twitter:data1\" content=\"2 minuty\" \/>\n<script type=\"application\/ld+json\" class=\"yoast-schema-graph\">{\"@context\":\"https:\\\/\\\/schema.org\",\"@graph\":[{\"@type\":\"WebPage\",\"@id\":\"https:\\\/\\\/landioustravel.com\\\/pl\\\/shop\\\/prywatny-lot-kair-hurghada\\\/\",\"url\":\"https:\\\/\\\/landioustravel.com\\\/pl\\\/shop\\\/prywatny-lot-kair-hurghada\\\/\",\"name\":\"Prywatny lot do Kairu z Hurghady\",\"isPartOf\":{\"@id\":\"https:\\\/\\\/landioustravel.com\\\/pl\\\/#website\"},\"primaryImageOfPage\":{\"@id\":\"https:\\\/\\\/landioustravel.com\\\/pl\\\/shop\\\/prywatny-lot-kair-hurghada\\\/#primaryimage\"},\"image\":{\"@id\":\"https:\\\/\\\/landioustravel.com\\\/pl\\\/shop\\\/prywatny-lot-kair-hurghada\\\/#primaryimage\"},\"thumbnailUrl\":\"https:\\\/\\\/i0.wp.com\\\/landioustravel.com\\\/wp-content\\\/uploads\\\/2019\\\/05\\\/Cairo-Private-Trip-by-Plane-Hurghada-e1669160935397.jpg?fit=1200%2C675&ssl=1\",\"datePublished\":\"2019-05-24T00:31:10+00:00\",\"dateModified\":\"2024-04-19T13:53:15+00:00\",\"description\":\"Prywatny lot do Kairu z Hurghady poniewa\u017c pozwala turystom zobaczy\u0107 najbardziej imponuj\u0105ce zabytki i dowiedzie\u0107 si\u0119 wi\u0119cej o historii kraju. Podr\u00f3\u017c do\",\"breadcrumb\":{\"@id\":\"https:\\\/\\\/landioustravel.com\\\/pl\\\/shop\\\/prywatny-lot-kair-hurghada\\\/#breadcrumb\"},\"inLanguage\":\"pl-PL\",\"potentialAction\":[{\"@type\":\"ReadAction\",\"target\":[\"https:\\\/\\\/landioustravel.com\\\/pl\\\/shop\\\/prywatny-lot-kair-hurghada\\\/\"]}]},{\"@type\":\"ImageObject\",\"inLanguage\":\"pl-PL\",\"@id\":\"https:\\\/\\\/landioustravel.com\\\/pl\\\/shop\\\/prywatny-lot-kair-hurghada\\\/#primaryimage\",\"url\":\"https:\\\/\\\/i0.wp.com\\\/landioustravel.com\\\/wp-content\\\/uploads\\\/2019\\\/05\\\/Cairo-Private-Trip-by-Plane-Hurghada-e1669160935397.jpg?fit=1200%2C675&ssl=1\",\"contentUrl\":\"https:\\\/\\\/i0.wp.com\\\/landioustravel.com\\\/wp-content\\\/uploads\\\/2019\\\/05\\\/Cairo-Private-Trip-by-Plane-Hurghada-e1669160935397.jpg?fit=1200%2C675&ssl=1\",\"width\":1200,\"height\":675,\"caption\":\"Cairo Private Trip by Plane Hurghada\"},{\"@type\":\"BreadcrumbList\",\"@id\":\"https:\\\/\\\/landioustravel.com\\\/pl\\\/shop\\\/prywatny-lot-kair-hurghada\\\/#breadcrumb\",\"itemListElement\":[{\"@type\":\"ListItem\",\"position\":1,\"name\":\"Home\",\"item\":\"https:\\\/\\\/landioustravel.com\\\/pl\\\/\"},{\"@type\":\"ListItem\",\"position\":2,\"name\":\"Us\u0142ugi i wycieczki\",\"item\":\"https:\\\/\\\/landioustravel.com\\\/pl\\\/\"},{\"@type\":\"ListItem\",\"position\":3,\"name\":\"Prywatny lot do Kairu z Hurghady\"}]},{\"@type\":\"WebSite\",\"@id\":\"https:\\\/\\\/landioustravel.com\\\/pl\\\/#website\",\"url\":\"https:\\\/\\\/landioustravel.com\\\/pl\\\/\",\"name\":\"Landious Travel\",\"description\":\"Excursions, trips and cruises in Egypt\",\"publisher\":{\"@id\":\"https:\\\/\\\/landioustravel.com\\\/pl\\\/#organization\"},\"potentialAction\":[{\"@type\":\"SearchAction\",\"target\":{\"@type\":\"EntryPoint\",\"urlTemplate\":\"https:\\\/\\\/landioustravel.com\\\/pl\\\/?s={search_term_string}\"},\"query-input\":{\"@type\":\"PropertyValueSpecification\",\"valueRequired\":true,\"valueName\":\"search_term_string\"}}],\"inLanguage\":\"pl-PL\"},{\"@type\":[\"Organization\",\"Place\"],\"@id\":\"https:\\\/\\\/landioustravel.com\\\/pl\\\/#organization\",\"name\":\"Landious Travel\",\"alternateName\":\"Landious Travel\",\"url\":\"https:\\\/\\\/landioustravel.com\\\/pl\\\/\",\"logo\":{\"@id\":\"https:\\\/\\\/landioustravel.com\\\/pl\\\/shop\\\/prywatny-lot-kair-hurghada\\\/#local-main-organization-logo\"},\"image\":{\"@id\":\"https:\\\/\\\/landioustravel.com\\\/pl\\\/shop\\\/prywatny-lot-kair-hurghada\\\/#local-main-organization-logo\"},\"sameAs\":[\"https:\\\/\\\/web.facebook.com\\\/landiousEgypt\",\"https:\\\/\\\/x.com\\\/LandiousTours\",\"https:\\\/\\\/mastodon.social\\\/@landious\"],\"legalName\":\"Landious Travel\",\"telephone\":[],\"openingHoursSpecification\":[{\"@type\":\"OpeningHoursSpecification\",\"dayOfWeek\":[\"Monday\",\"Tuesday\",\"Wednesday\",\"Thursday\",\"Friday\",\"Saturday\",\"Sunday\"],\"opens\":\"09:00\",\"closes\":\"17:00\"}]},{\"@type\":\"ImageObject\",\"inLanguage\":\"pl-PL\",\"@id\":\"https:\\\/\\\/landioustravel.com\\\/pl\\\/shop\\\/prywatny-lot-kair-hurghada\\\/#local-main-organization-logo\",\"url\":\"https:\\\/\\\/i0.wp.com\\\/landioustravel.com\\\/wp-content\\\/uploads\\\/2021\\\/06\\\/Landious-T.png?fit=500%2C500&ssl=1\",\"contentUrl\":\"https:\\\/\\\/i0.wp.com\\\/landioustravel.com\\\/wp-content\\\/uploads\\\/2021\\\/06\\\/Landious-T.png?fit=500%2C500&ssl=1\",\"width\":500,\"height\":500,\"caption\":\"Landious Travel\"}]}<\/script>\n<!-- \/ Yoast SEO Premium plugin. -->","yoast_head_json":{"title":"Prywatny lot do Kairu z Hurghady","description":"Prywatny lot do Kairu z Hurghady poniewa\u017c pozwala turystom zobaczy\u0107 najbardziej imponuj\u0105ce zabytki i dowiedzie\u0107 si\u0119 wi\u0119cej o historii kraju. Podr\u00f3\u017c do","robots":{"index":"index","follow":"follow","max-snippet":"max-snippet:-1","max-image-preview":"max-image-preview:large","max-video-preview":"max-video-preview:-1"},"canonical":"https:\/\/landioustravel.com\/pl\/shop\/prywatny-lot-kair-hurghada\/","og_locale":"pl_PL","og_type":"article","og_title":"Prywatny lot do Kairu z Hurghady","og_description":"Landious Travel","og_url":"https:\/\/landioustravel.com\/pl\/shop\/prywatny-lot-kair-hurghada\/","og_site_name":"Landious Travel","article_publisher":"https:\/\/web.facebook.com\/landiousEgypt","article_modified_time":"2024-04-19T13:53:15+00:00","og_image":[{"width":1200,"height":675,"url":"https:\/\/i0.wp.com\/landioustravel.com\/wp-content\/uploads\/2019\/05\/Cairo-Private-Trip-by-Plane-Hurghada-e1669160935397.jpg?fit=1200%2C675&ssl=1","type":"image\/jpeg"}],"twitter_card":"summary_large_image","twitter_site":"@LandiousTours","twitter_misc":{"Szacowany czas czytania":"2 minuty"},"schema":{"@context":"https:\/\/schema.org","@graph":[{"@type":"WebPage","@id":"https:\/\/landioustravel.com\/pl\/shop\/prywatny-lot-kair-hurghada\/","url":"https:\/\/landioustravel.com\/pl\/shop\/prywatny-lot-kair-hurghada\/","name":"Prywatny lot do Kairu z Hurghady","isPartOf":{"@id":"https:\/\/landioustravel.com\/pl\/#website"},"primaryImageOfPage":{"@id":"https:\/\/landioustravel.com\/pl\/shop\/prywatny-lot-kair-hurghada\/#primaryimage"},"image":{"@id":"https:\/\/landioustravel.com\/pl\/shop\/prywatny-lot-kair-hurghada\/#primaryimage"},"thumbnailUrl":"https:\/\/i0.wp.com\/landioustravel.com\/wp-content\/uploads\/2019\/05\/Cairo-Private-Trip-by-Plane-Hurghada-e1669160935397.jpg?fit=1200%2C675&ssl=1","datePublished":"2019-05-24T00:31:10+00:00","dateModified":"2024-04-19T13:53:15+00:00","description":"Prywatny lot do Kairu z Hurghady poniewa\u017c pozwala turystom zobaczy\u0107 najbardziej imponuj\u0105ce zabytki i dowiedzie\u0107 si\u0119 wi\u0119cej o historii kraju. Podr\u00f3\u017c do","breadcrumb":{"@id":"https:\/\/landioustravel.com\/pl\/shop\/prywatny-lot-kair-hurghada\/#breadcrumb"},"inLanguage":"pl-PL","potentialAction":[{"@type":"ReadAction","target":["https:\/\/landioustravel.com\/pl\/shop\/prywatny-lot-kair-hurghada\/"]}]},{"@type":"ImageObject","inLanguage":"pl-PL","@id":"https:\/\/landioustravel.com\/pl\/shop\/prywatny-lot-kair-hurghada\/#primaryimage","url":"https:\/\/i0.wp.com\/landioustravel.com\/wp-content\/uploads\/2019\/05\/Cairo-Private-Trip-by-Plane-Hurghada-e1669160935397.jpg?fit=1200%2C675&ssl=1","contentUrl":"https:\/\/i0.wp.com\/landioustravel.com\/wp-content\/uploads\/2019\/05\/Cairo-Private-Trip-by-Plane-Hurghada-e1669160935397.jpg?fit=1200%2C675&ssl=1","width":1200,"height":675,"caption":"Cairo Private Trip by Plane Hurghada"},{"@type":"BreadcrumbList","@id":"https:\/\/landioustravel.com\/pl\/shop\/prywatny-lot-kair-hurghada\/#breadcrumb","itemListElement":[{"@type":"ListItem","position":1,"name":"Home","item":"https:\/\/landioustravel.com\/pl\/"},{"@type":"ListItem","position":2,"name":"Us\u0142ugi i wycieczki","item":"https:\/\/landioustravel.com\/pl\/"},{"@type":"ListItem","position":3,"name":"Prywatny lot do Kairu z Hurghady"}]},{"@type":"WebSite","@id":"https:\/\/landioustravel.com\/pl\/#website","url":"https:\/\/landioustravel.com\/pl\/","name":"Landious Travel","description":"Excursions, trips and cruises in Egypt","publisher":{"@id":"https:\/\/landioustravel.com\/pl\/#organization"},"potentialAction":[{"@type":"SearchAction","target":{"@type":"EntryPoint","urlTemplate":"https:\/\/landioustravel.com\/pl\/?s={search_term_string}"},"query-input":{"@type":"PropertyValueSpecification","valueRequired":true,"valueName":"search_term_string"}}],"inLanguage":"pl-PL"},{"@type":["Organization","Place"],"@id":"https:\/\/landioustravel.com\/pl\/#organization","name":"Landious Travel","alternateName":"Landious Travel","url":"https:\/\/landioustravel.com\/pl\/","logo":{"@id":"https:\/\/landioustravel.com\/pl\/shop\/prywatny-lot-kair-hurghada\/#local-main-organization-logo"},"image":{"@id":"https:\/\/landioustravel.com\/pl\/shop\/prywatny-lot-kair-hurghada\/#local-main-organization-logo"},"sameAs":["https:\/\/web.facebook.com\/landiousEgypt","https:\/\/x.com\/LandiousTours","https:\/\/mastodon.social\/@landious"],"legalName":"Landious Travel","telephone":[],"openingHoursSpecification":[{"@type":"OpeningHoursSpecification","dayOfWeek":["Monday","Tuesday","Wednesday","Thursday","Friday","Saturday","Sunday"],"opens":"09:00","closes":"17:00"}]},{"@type":"ImageObject","inLanguage":"pl-PL","@id":"https:\/\/landioustravel.com\/pl\/shop\/prywatny-lot-kair-hurghada\/#local-main-organization-logo","url":"https:\/\/i0.wp.com\/landioustravel.com\/wp-content\/uploads\/2021\/06\/Landious-T.png?fit=500%2C500&ssl=1","contentUrl":"https:\/\/i0.wp.com\/landioustravel.com\/wp-content\/uploads\/2021\/06\/Landious-T.png?fit=500%2C500&ssl=1","width":500,"height":500,"caption":"Landious Travel"}]}},"jetpack_publicize_connections":[],"uagb_featured_image_src":{"full":["https:\/\/i0.wp.com\/landioustravel.com\/wp-content\/uploads\/2019\/05\/Cairo-Private-Trip-by-Plane-Hurghada-e1669160935397.jpg?fit=1200%2C675&ssl=1",1200,675,false],"thumbnail":["https:\/\/i0.wp.com\/landioustravel.com\/wp-content\/uploads\/2019\/05\/Cairo-Private-Trip-by-Plane-Hurghada-e1669160935397.jpg?resize=150%2C150&ssl=1",150,150,true],"medium":["https:\/\/i0.wp.com\/landioustravel.com\/wp-content\/uploads\/2019\/05\/Cairo-Private-Trip-by-Plane-Hurghada-e1669160935397.jpg?fit=300%2C169&ssl=1",300,169,true],"medium_large":["https:\/\/i0.wp.com\/landioustravel.com\/wp-content\/uploads\/2019\/05\/Cairo-Private-Trip-by-Plane-Hurghada-e1669160935397.jpg?fit=768%2C432&ssl=1",768,432,true],"large":["https:\/\/i0.wp.com\/landioustravel.com\/wp-content\/uploads\/2019\/05\/Cairo-Private-Trip-by-Plane-Hurghada-e1669160935397.jpg?fit=980%2C551&ssl=1",980,551,true],"1536x1536":["https:\/\/i0.wp.com\/landioustravel.com\/wp-content\/uploads\/2019\/05\/Cairo-Private-Trip-by-Plane-Hurghada-e1669160935397.jpg?fit=1536%2C864&ssl=1",1536,864,true],"2048x2048":["https:\/\/i0.wp.com\/landioustravel.com\/wp-content\/uploads\/2019\/05\/Cairo-Private-Trip-by-Plane-Hurghada-e1669160935397.jpg?fit=2048%2C1152&ssl=1",2048,1152,true],"newspack-article-block-landscape-large":["https:\/\/i0.wp.com\/landioustravel.com\/wp-content\/uploads\/2019\/05\/Cairo-Private-Trip-by-Plane-Hurghada-e1669160935397.jpg?resize=1200%2C675&ssl=1",1200,675,true],"newspack-article-block-portrait-large":["https:\/\/i0.wp.com\/landioustravel.com\/wp-content\/uploads\/2019\/05\/Cairo-Private-Trip-by-Plane-Hurghada-e1669160935397.jpg?resize=900%2C675&ssl=1",900,675,true],"newspack-article-block-square-large":["https:\/\/i0.wp.com\/landioustravel.com\/wp-content\/uploads\/2019\/05\/Cairo-Private-Trip-by-Plane-Hurghada-e1669160935397.jpg?resize=1200%2C675&ssl=1",1200,675,true],"newspack-article-block-landscape-medium":["https:\/\/i0.wp.com\/landioustravel.com\/wp-content\/uploads\/2019\/05\/Cairo-Private-Trip-by-Plane-Hurghada-e1669160935397.jpg?resize=800%2C600&ssl=1",800,600,true],"newspack-article-block-portrait-medium":["https:\/\/i0.wp.com\/landioustravel.com\/wp-content\/uploads\/2019\/05\/Cairo-Private-Trip-by-Plane-Hurghada-e1669160935397.jpg?resize=600%2C675&ssl=1",600,675,true],"newspack-article-block-square-medium":["https:\/\/i0.wp.com\/landioustravel.com\/wp-content\/uploads\/2019\/05\/Cairo-Private-Trip-by-Plane-Hurghada-e1669160935397.jpg?resize=800%2C675&ssl=1",800,675,true],"newspack-article-block-landscape-intermediate":["https:\/\/i0.wp.com\/landioustravel.com\/wp-content\/uploads\/2019\/05\/Cairo-Private-Trip-by-Plane-Hurghada-e1669160935397.jpg?resize=600%2C450&ssl=1",600,450,true],"newspack-article-block-portrait-intermediate":["https:\/\/i0.wp.com\/landioustravel.com\/wp-content\/uploads\/2019\/05\/Cairo-Private-Trip-by-Plane-Hurghada-e1669160935397.jpg?resize=450%2C600&ssl=1",450,600,true],"newspack-article-block-square-intermediate":["https:\/\/i0.wp.com\/landioustravel.com\/wp-content\/uploads\/2019\/05\/Cairo-Private-Trip-by-Plane-Hurghada-e1669160935397.jpg?resize=600%2C600&ssl=1",600,600,true],"newspack-article-block-landscape-small":["https:\/\/i0.wp.com\/landioustravel.com\/wp-content\/uploads\/2019\/05\/Cairo-Private-Trip-by-Plane-Hurghada-e1669160935397.jpg?resize=400%2C300&ssl=1",400,300,true],"newspack-article-block-portrait-small":["https:\/\/i0.wp.com\/landioustravel.com\/wp-content\/uploads\/2019\/05\/Cairo-Private-Trip-by-Plane-Hurghada-e1669160935397.jpg?resize=300%2C400&ssl=1",300,400,true],"newspack-article-block-square-small":["https:\/\/i0.wp.com\/landioustravel.com\/wp-content\/uploads\/2019\/05\/Cairo-Private-Trip-by-Plane-Hurghada-e1669160935397.jpg?resize=400%2C400&ssl=1",400,400,true],"newspack-article-block-landscape-tiny":["https:\/\/i0.wp.com\/landioustravel.com\/wp-content\/uploads\/2019\/05\/Cairo-Private-Trip-by-Plane-Hurghada-e1669160935397.jpg?resize=200%2C150&ssl=1",200,150,true],"newspack-article-block-portrait-tiny":["https:\/\/i0.wp.com\/landioustravel.com\/wp-content\/uploads\/2019\/05\/Cairo-Private-Trip-by-Plane-Hurghada-e1669160935397.jpg?resize=150%2C200&ssl=1",150,200,true],"newspack-article-block-square-tiny":["https:\/\/i0.wp.com\/landioustravel.com\/wp-content\/uploads\/2019\/05\/Cairo-Private-Trip-by-Plane-Hurghada-e1669160935397.jpg?resize=200%2C200&ssl=1",200,200,true],"newspack-article-block-uncropped":["https:\/\/i0.wp.com\/landioustravel.com\/wp-content\/uploads\/2019\/05\/Cairo-Private-Trip-by-Plane-Hurghada-e1669160935397.jpg?fit=1200%2C675&ssl=1",1200,675,true],"woocommerce_thumbnail":["https:\/\/i0.wp.com\/landioustravel.com\/wp-content\/uploads\/2019\/05\/Cairo-Private-Trip-by-Plane-Hurghada-e1669160935397.jpg?resize=324%2C324&ssl=1",324,324,true],"woocommerce_single":["https:\/\/i0.wp.com\/landioustravel.com\/wp-content\/uploads\/2019\/05\/Cairo-Private-Trip-by-Plane-Hurghada-e1669160935397.jpg?fit=416%2C234&ssl=1",416,234,true],"woocommerce_gallery_thumbnail":["https:\/\/i0.wp.com\/landioustravel.com\/wp-content\/uploads\/2019\/05\/Cairo-Private-Trip-by-Plane-Hurghada-e1669160935397.jpg?resize=100%2C100&ssl=1",100,100,true]},"uagb_author_info":{"display_name":"Mofreh Landious","author_link":"https:\/\/landioustravel.com\/pl\/author\/"},"uagb_comment_info":3,"uagb_excerpt":"Planujesz podr\u00f3\u017c do Kairu z Hurghady? Sprawmy, aby by\u0142o to dla Ciebie \u0142atwe i niezapomniane. Nasz pakiet obejmuje bilety lotnicze, bilety wst\u0119pu i transfery, dzi\u0119ki czemu nie musisz si\u0119 o nic martwi\u0107. Odbierzemy Ci\u0119 z Twojego hotelu w Hurghadzie o 04:30 i zawieziemy na lotnisko. Po kr\u00f3tkim locie do Kairu nasz przedstawiciel spotka si\u0119 z&hellip;","jetpack_sharing_enabled":true,"jetpack_likes_enabled":true,"amp_enabled":true,"_links":{"self":[{"href":"https:\/\/landioustravel.com\/pl\/wp-json\/wp\/v2\/product\/4831","targetHints":{"allow":["GET"]}}],"collection":[{"href":"https:\/\/landioustravel.com\/pl\/wp-json\/wp\/v2\/product"}],"about":[{"href":"https:\/\/landioustravel.com\/pl\/wp-json\/wp\/v2\/types\/product"}],"replies":[{"embeddable":true,"href":"https:\/\/landioustravel.com\/pl\/wp-json\/wp\/v2\/comments?post=4831"}],"wp:featuredmedia":[{"embeddable":true,"href":"https:\/\/landioustravel.com\/pl\/wp-json\/wp\/v2\/media\/99208"}],"wp:attachment":[{"href":"https:\/\/landioustravel.com\/pl\/wp-json\/wp\/v2\/media?parent=4831"}],"wp:term":[{"taxonomy":"product_brand","embeddable":true,"href":"https:\/\/landioustravel.com\/pl\/wp-json\/wp\/v2\/product_brand?post=4831"},{"taxonomy":"product_cat","embeddable":true,"href":"https:\/\/landioustravel.com\/pl\/wp-json\/wp\/v2\/product_cat?post=4831"},{"taxonomy":"product_tag","embeddable":true,"href":"https:\/\/landioustravel.com\/pl\/wp-json\/wp\/v2\/product_tag?post=4831"}],"curies":[{"name":"wp","href":"https:\/\/api.w.org\/{rel}","templated":true}]}}