{"id":4845,"date":"2023-03-15T04:38:17","date_gmt":"2019-05-24T19:45:13","guid":{"rendered":"https:\/\/landioustravel.com\/?post_type=product&#038;p=4845"},"modified":"2026-01-24T19:13:26","modified_gmt":"2026-01-24T17:13:26","slug":"wycieczka-mahmya-island-hurghada","status":"publish","type":"product","link":"https:\/\/landioustravel.com\/pl\/shop\/wycieczka-mahmya-island-hurghada\/","title":{"rendered":"Wycieczka do Mahmya Island-Beach w Hurghadzie"},"content":{"rendered":"<p>Wspania\u0142a wycieczka \u0142odzi\u0105 na pla\u017c\u0119 Mahmya na <a href=\"https:\/\/landioustravel.com\/pl\/egipt\/wyspy-egipskie\/wyspy-giftun\/\">wyspie Grand Giftun<\/a> w <a href=\"https:\/\/landioustravel.com\/pl\/miasto-hurghada\/\">Hurghadzie<\/a>! Polecamy wycieczk\u0119, poniewa\u017c pozwala turystom dobrze si\u0119 bawi\u0107 nad morzem! Podr\u00f3\u017c daje mo\u017cliwo\u015b\u0107 zobaczenia pi\u0119knych koralowc\u00f3w i r\u00f3\u017cnorodnych ryb. Co wi\u0119cej, b\u0119dziesz cieszy\u0107 si\u0119 piknikiem \u0142odzi\u0105 po Morzu Czerwonym i zlokalizowaniem si\u0119 na wyspie Giftun z wi\u0119ksz\u0105 ilo\u015bci\u0105 us\u0142ug na samej pla\u017cy. Wyspa jest blisko wybrze\u017ca Hurghady!<\/p>\n<h2>G\u0142\u00f3wne punkty programu wycieczki na pla\u017c\u0119 Mahmya Island<\/h2>\n<ul>\n<li>P\u0142ywanie na otwartym morzu z jachtu<\/li>\n<li>Snorkeling z maskami i p\u0142etwami na otwartym morzu<\/li>\n<li>\u017bywno\u015b\u0107 i napoje (woda i napoje bezalkoholowe)<\/li>\n<li>L\u0105dowanie na wyspie Giftun (Mahmya Beach)<\/li>\n<\/ul>\n<h3>Program wycieczki na pla\u017c\u0119 Mahmya z Hurghady<\/h3>\n<ul>\n<li>Odbieramy Ci\u0119 z hotelu oko\u0142o 08:00<\/li>\n<li>Po zabraniu wszystkich ch\u0119tnych autobus jedzie do portu. Droga do portu zajmuje oko\u0142o 20 minut<\/li>\n<li>Znajdziesz ten jacht w tym porcie. Jest du\u017cy i elegancki! Jacht sk\u0142ada si\u0119 z dw\u00f3ch pi\u0119ter. Gdy tylko wejdziesz na jacht, musisz zdj\u0105\u0107 obuwie i wsta\u0107 na drugim pi\u0119trze opalaj\u0105c si\u0119 na g\u00f3rnym pok\u0142adzie s\u0142onecznym<br \/>\nJacht przep\u0142ywa przez Morze Czerwone, gdy tylko grupa si\u0119 zgromadzi. Co wi\u0119cej, na pi\u0119knych koralach zatrzymujesz si\u0119. Tam mo\u017cesz p\u0142ywa\u0107 i nurkowa\u0107 z maskami i p\u0142etwami<\/li>\n<li>Nast\u0119pny przystanek b\u0119dzie na wyspie Giftun. Zabieramy \u0142\u00f3d\u017a motorow\u0105. Tw\u00f3j przewodnik daje ci wgl\u0105d w mo\u017cliwo\u015bci toalety na pla\u017cy i restauracji.<\/li>\n<li>Na wyspie sp\u0119dzicie trzy godziny. W tym czasie b\u0119dziesz mie\u0107 wystarczaj\u0105co du\u017co czasu na p\u0142ywanie i opalanie si\u0119<\/li>\n<li>Restauracja znajduje si\u0119 na samej wyspie. W porze lunchu bufet otwiera bogate menu.<\/li>\n<li>Ten program wycieczek ko\u0144czy si\u0119 oko\u0142o 17:30.<\/li>\n<\/ul>\n<h4>Co jest wliczone w cen\u0119 wycieczki<\/h4>\n<ul>\n<li>Maski i p\u0142etwy<\/li>\n<li>jedzenie<\/li>\n<li>Przejazd do portu iz powrotem do hotelu<\/li>\n<\/ul>\n<h5>Co nie jest wliczone w cen\u0119 wycieczki<\/h5>\n<ul>\n<li>DVD wideo<\/li>\n<li>CD ze zdj\u0119ciami<\/li>\n<\/ul>\n<h6>CO POWINIEN PODJ\u0104\u0106 Z TWOJ\u0104 WYCIECZK\u0104<\/h6>\n<ul>\n<li>R\u0119cznik<\/li>\n<li>Krem do opalania<\/li>\n<\/ul>\n<h6>DNI ORGANIZACJI WYCIECZKI<\/h6>\n<ul>\n<li>Codziennie od 08: 00-17: 00<\/li>\n<\/ul>\n","protected":false},"excerpt":{"rendered":"<p>Przygotuj si\u0119 na niezapomnian\u0105 jednodniow\u0105 wycieczk\u0119 do Parku Narodowego Giftun Island! B\u0119dziesz nurkowa\u0107 w spektakularnych rafach koralowych wyspy Mahmya i cieszy\u0107 si\u0119 piknikiem morskim przez Morze Czerwone. P\u0142ywaj i nurkuj do woli na rafach koralowych Sapina, a nast\u0119pnie udaj si\u0119 na z\u0142ociste piaski pla\u017cy Mahmya na wyspie Giftun. R\u00f3b wspania\u0142e zdj\u0119cia, rozkoszuj si\u0119 s\u0142o\u0144cem i zjedz pyszny lunch w restauracji na \u015bwie\u017cym powietrzu.<\/p>\n<p>Kiedy nadejdzie czas na lunch, delektuj si\u0119 przepysznymi smakami w formie bufetu. Podczas rejsu \u0142odzi\u0105 po krystalicznie czystych wodach wok\u00f3\u0142 wyspy Mahmya miej oczy szeroko otwarte na delfiny! A podczas wycieczki z rurk\u0105 mo\u017cesz nawet spotka\u0107 wi\u0119ksze stworzenia morskie.<\/p>\n<p>Wyspa Mahmya to prawdziwy raj na ziemi. P\u0142y\u0144 przez godzin\u0119 w pi\u0119knych wodach Morza Czerwonego, aby dosta\u0107 si\u0119 na wysp\u0119 Mahmya, a nast\u0119pnie zrelaksuj si\u0119 i zrelaksuj na pla\u017cy, pop\u0142ywaj i nurkuj w krystalicznie czystej wodzie i oddaj si\u0119 naszym rozrywkom, zanim wr\u00f3cisz na pla\u017c\u0119 Mahmya. Dzi\u0119ki bia\u0142ej, piaszczystej pla\u017cy i dziewiczym, b\u0142\u0119kitnym wodom poczujesz si\u0119 jak we \u015bnie. A dzi\u0119ki wspania\u0142ej muzyce, zaj\u0119ciom i weso\u0142ej publiczno\u015bci na pewno sp\u0119dzisz niezapomniany czas.<\/p>\n<p>To idealny dzie\u0144 na Morzu Czerwonym, a wspomnienia, kt\u00f3re stworzysz, zostan\u0105 na ca\u0142e \u017cycie. Nie przegap tej egzotycznej ucieczki, kt\u00f3ra pozostawi u\u015bmiech na twarzy i rado\u015b\u0107 w sercu!<\/p>\n","protected":false},"featured_media":4030,"comment_status":"open","ping_status":"closed","template":"","meta":{"_coblocks_attr":"","_coblocks_dimensions":"","_coblocks_responsive_height":"","_coblocks_accordion_ie_support":"","_uag_custom_page_level_css":"","jetpack_publicize_message":"","jetpack_publicize_feature_enabled":true,"jetpack_social_post_already_shared":true,"jetpack_social_options":{"image_generator_settings":{"template":"highway","default_image_id":0,"font":"","enabled":false},"version":2},"_wpas_customize_per_network":false},"product_brand":[],"product_cat":[1949,1948,1943],"product_tag":[1956,22821,22823,1961,2100,1959,1974],"class_list":{"0":"post-4845","1":"product","2":"type-product","3":"status-publish","4":"has-post-thumbnail","6":"product_cat-wycieczki-morskie-hurghadzie","7":"product_cat-wycieczki-safari-pustyni-hurghadzie","8":"product_cat-wycieczki-w-hurghadzie","9":"product_tag-hurghada-pl","10":"product_tag-morze","11":"product_tag-nurkowanie-z-rurka","12":"product_tag-wycieczka","13":"product_tag-wycieczki-morskie-w-hurghadzie","14":"product_tag-wycieczki-lodzia","15":"product_tag-wyspa","16":"pa_age-dorosly","17":"pa_age-dziecko","18":"pa_age-dziecko-1-4-lata","19":"pa_age-dziecko-5-11-lat","21":"first","22":"instock","23":"sale","24":"taxable","25":"shipping-taxable","26":"purchasable","27":"product-type-variable"},"yoast_head":"<!-- This site is optimized with the Yoast SEO Premium plugin v26.9 (Yoast SEO v27.5) - https:\/\/yoast.com\/product\/yoast-seo-premium-wordpress\/ -->\n<title>Wycieczka do Mahmya Island-Beach w Hurghadzie<\/title>\n<meta name=\"description\" content=\"Wycieczka do Mahmya Island-Beach w Hurghadzie Polecamy wycieczk\u0119, poniewa\u017c pozwala turystom dobrze si\u0119 bawi\u0107 nad morzem! Podr\u00f3\u017c daje mo\u017cliwo\u015b\u0107 zobaczenia\" \/>\n<meta name=\"robots\" content=\"index, follow, max-snippet:-1, max-image-preview:large, max-video-preview:-1\" \/>\n<link rel=\"canonical\" href=\"https:\/\/landioustravel.com\/pl\/shop\/wycieczka-mahmya-island-hurghada\/\" \/>\n<meta property=\"og:locale\" content=\"pl_PL\" \/>\n<meta property=\"og:type\" content=\"article\" \/>\n<meta property=\"og:title\" content=\"Wycieczka do Mahmya Island-Beach w Hurghadzie\" \/>\n<meta property=\"og:description\" content=\"Landious Travel\" \/>\n<meta property=\"og:url\" content=\"https:\/\/landioustravel.com\/pl\/shop\/wycieczka-mahmya-island-hurghada\/\" \/>\n<meta property=\"og:site_name\" content=\"Landious Travel\" \/>\n<meta property=\"article:publisher\" content=\"https:\/\/web.facebook.com\/landiousEgypt\" \/>\n<meta property=\"article:modified_time\" content=\"2026-01-24T17:13:26+00:00\" \/>\n<meta property=\"og:image\" content=\"https:\/\/landioustravel.com\/wp-content\/uploads\/2019\/04\/mahmya_beach_island.jpg\" \/>\n\t<meta property=\"og:image:width\" content=\"1200\" \/>\n\t<meta property=\"og:image:height\" content=\"675\" \/>\n\t<meta property=\"og:image:type\" content=\"image\/jpeg\" \/>\n<meta name=\"twitter:card\" content=\"summary_large_image\" \/>\n<meta name=\"twitter:site\" content=\"@LandiousTours\" \/>\n<meta name=\"twitter:label1\" content=\"Szacowany czas czytania\" \/>\n\t<meta name=\"twitter:data1\" content=\"2 minuty\" \/>\n<script type=\"application\/ld+json\" class=\"yoast-schema-graph\">{\"@context\":\"https:\\\/\\\/schema.org\",\"@graph\":[{\"@type\":\"WebPage\",\"@id\":\"https:\\\/\\\/landioustravel.com\\\/pl\\\/shop\\\/wycieczka-mahmya-island-hurghada\\\/\",\"url\":\"https:\\\/\\\/landioustravel.com\\\/pl\\\/shop\\\/wycieczka-mahmya-island-hurghada\\\/\",\"name\":\"Wycieczka do Mahmya Island-Beach w Hurghadzie\",\"isPartOf\":{\"@id\":\"https:\\\/\\\/landioustravel.com\\\/pl\\\/#website\"},\"primaryImageOfPage\":{\"@id\":\"https:\\\/\\\/landioustravel.com\\\/pl\\\/shop\\\/wycieczka-mahmya-island-hurghada\\\/#primaryimage\"},\"image\":{\"@id\":\"https:\\\/\\\/landioustravel.com\\\/pl\\\/shop\\\/wycieczka-mahmya-island-hurghada\\\/#primaryimage\"},\"thumbnailUrl\":\"https:\\\/\\\/i0.wp.com\\\/landioustravel.com\\\/wp-content\\\/uploads\\\/2019\\\/04\\\/mahmya_beach_island.jpg?fit=1200%2C675&ssl=1\",\"datePublished\":\"2019-05-24T19:45:13+00:00\",\"dateModified\":\"2026-01-24T17:13:26+00:00\",\"description\":\"Wycieczka do Mahmya Island-Beach w Hurghadzie Polecamy wycieczk\u0119, poniewa\u017c pozwala turystom dobrze si\u0119 bawi\u0107 nad morzem! Podr\u00f3\u017c daje mo\u017cliwo\u015b\u0107 zobaczenia\",\"breadcrumb\":{\"@id\":\"https:\\\/\\\/landioustravel.com\\\/pl\\\/shop\\\/wycieczka-mahmya-island-hurghada\\\/#breadcrumb\"},\"inLanguage\":\"pl-PL\",\"potentialAction\":[{\"@type\":\"ReadAction\",\"target\":[\"https:\\\/\\\/landioustravel.com\\\/pl\\\/shop\\\/wycieczka-mahmya-island-hurghada\\\/\"]}]},{\"@type\":\"ImageObject\",\"inLanguage\":\"pl-PL\",\"@id\":\"https:\\\/\\\/landioustravel.com\\\/pl\\\/shop\\\/wycieczka-mahmya-island-hurghada\\\/#primaryimage\",\"url\":\"https:\\\/\\\/i0.wp.com\\\/landioustravel.com\\\/wp-content\\\/uploads\\\/2019\\\/04\\\/mahmya_beach_island.jpg?fit=1200%2C675&ssl=1\",\"contentUrl\":\"https:\\\/\\\/i0.wp.com\\\/landioustravel.com\\\/wp-content\\\/uploads\\\/2019\\\/04\\\/mahmya_beach_island.jpg?fit=1200%2C675&ssl=1\",\"width\":1200,\"height\":675,\"caption\":\"Mahmya beach on Giftun island\"},{\"@type\":\"BreadcrumbList\",\"@id\":\"https:\\\/\\\/landioustravel.com\\\/pl\\\/shop\\\/wycieczka-mahmya-island-hurghada\\\/#breadcrumb\",\"itemListElement\":[{\"@type\":\"ListItem\",\"position\":1,\"name\":\"Home\",\"item\":\"https:\\\/\\\/landioustravel.com\\\/pl\\\/\"},{\"@type\":\"ListItem\",\"position\":2,\"name\":\"Us\u0142ugi i wycieczki\",\"item\":\"https:\\\/\\\/landioustravel.com\\\/pl\\\/\"},{\"@type\":\"ListItem\",\"position\":3,\"name\":\"Wycieczka do Mahmya Island-Beach w Hurghadzie\"}]},{\"@type\":\"WebSite\",\"@id\":\"https:\\\/\\\/landioustravel.com\\\/pl\\\/#website\",\"url\":\"https:\\\/\\\/landioustravel.com\\\/pl\\\/\",\"name\":\"Landious Travel\",\"description\":\"Excursions, trips and cruises in Egypt\",\"publisher\":{\"@id\":\"https:\\\/\\\/landioustravel.com\\\/pl\\\/#organization\"},\"potentialAction\":[{\"@type\":\"SearchAction\",\"target\":{\"@type\":\"EntryPoint\",\"urlTemplate\":\"https:\\\/\\\/landioustravel.com\\\/pl\\\/?s={search_term_string}\"},\"query-input\":{\"@type\":\"PropertyValueSpecification\",\"valueRequired\":true,\"valueName\":\"search_term_string\"}}],\"inLanguage\":\"pl-PL\"},{\"@type\":[\"Organization\",\"Place\"],\"@id\":\"https:\\\/\\\/landioustravel.com\\\/pl\\\/#organization\",\"name\":\"Landious Travel\",\"alternateName\":\"Landious Travel\",\"url\":\"https:\\\/\\\/landioustravel.com\\\/pl\\\/\",\"logo\":{\"@id\":\"https:\\\/\\\/landioustravel.com\\\/pl\\\/shop\\\/wycieczka-mahmya-island-hurghada\\\/#local-main-organization-logo\"},\"image\":{\"@id\":\"https:\\\/\\\/landioustravel.com\\\/pl\\\/shop\\\/wycieczka-mahmya-island-hurghada\\\/#local-main-organization-logo\"},\"sameAs\":[\"https:\\\/\\\/web.facebook.com\\\/landiousEgypt\",\"https:\\\/\\\/x.com\\\/LandiousTours\",\"https:\\\/\\\/mastodon.social\\\/@landious\"],\"legalName\":\"Landious Travel\",\"telephone\":[],\"openingHoursSpecification\":[{\"@type\":\"OpeningHoursSpecification\",\"dayOfWeek\":[\"Monday\",\"Tuesday\",\"Wednesday\",\"Thursday\",\"Friday\",\"Saturday\",\"Sunday\"],\"opens\":\"09:00\",\"closes\":\"17:00\"}]},{\"@type\":\"ImageObject\",\"inLanguage\":\"pl-PL\",\"@id\":\"https:\\\/\\\/landioustravel.com\\\/pl\\\/shop\\\/wycieczka-mahmya-island-hurghada\\\/#local-main-organization-logo\",\"url\":\"https:\\\/\\\/i0.wp.com\\\/landioustravel.com\\\/wp-content\\\/uploads\\\/2021\\\/06\\\/Landious-T.png?fit=500%2C500&ssl=1\",\"contentUrl\":\"https:\\\/\\\/i0.wp.com\\\/landioustravel.com\\\/wp-content\\\/uploads\\\/2021\\\/06\\\/Landious-T.png?fit=500%2C500&ssl=1\",\"width\":500,\"height\":500,\"caption\":\"Landious Travel\"}]}<\/script>\n<!-- \/ Yoast SEO Premium plugin. -->","yoast_head_json":{"title":"Wycieczka do Mahmya Island-Beach w Hurghadzie","description":"Wycieczka do Mahmya Island-Beach w Hurghadzie Polecamy wycieczk\u0119, poniewa\u017c pozwala turystom dobrze si\u0119 bawi\u0107 nad morzem! Podr\u00f3\u017c daje mo\u017cliwo\u015b\u0107 zobaczenia","robots":{"index":"index","follow":"follow","max-snippet":"max-snippet:-1","max-image-preview":"max-image-preview:large","max-video-preview":"max-video-preview:-1"},"canonical":"https:\/\/landioustravel.com\/pl\/shop\/wycieczka-mahmya-island-hurghada\/","og_locale":"pl_PL","og_type":"article","og_title":"Wycieczka do Mahmya Island-Beach w Hurghadzie","og_description":"Landious Travel","og_url":"https:\/\/landioustravel.com\/pl\/shop\/wycieczka-mahmya-island-hurghada\/","og_site_name":"Landious Travel","article_publisher":"https:\/\/web.facebook.com\/landiousEgypt","article_modified_time":"2026-01-24T17:13:26+00:00","og_image":[{"width":1200,"height":675,"url":"https:\/\/landioustravel.com\/wp-content\/uploads\/2019\/04\/mahmya_beach_island.jpg","type":"image\/jpeg"}],"twitter_card":"summary_large_image","twitter_site":"@LandiousTours","twitter_misc":{"Szacowany czas czytania":"2 minuty"},"schema":{"@context":"https:\/\/schema.org","@graph":[{"@type":"WebPage","@id":"https:\/\/landioustravel.com\/pl\/shop\/wycieczka-mahmya-island-hurghada\/","url":"https:\/\/landioustravel.com\/pl\/shop\/wycieczka-mahmya-island-hurghada\/","name":"Wycieczka do Mahmya Island-Beach w Hurghadzie","isPartOf":{"@id":"https:\/\/landioustravel.com\/pl\/#website"},"primaryImageOfPage":{"@id":"https:\/\/landioustravel.com\/pl\/shop\/wycieczka-mahmya-island-hurghada\/#primaryimage"},"image":{"@id":"https:\/\/landioustravel.com\/pl\/shop\/wycieczka-mahmya-island-hurghada\/#primaryimage"},"thumbnailUrl":"https:\/\/i0.wp.com\/landioustravel.com\/wp-content\/uploads\/2019\/04\/mahmya_beach_island.jpg?fit=1200%2C675&ssl=1","datePublished":"2019-05-24T19:45:13+00:00","dateModified":"2026-01-24T17:13:26+00:00","description":"Wycieczka do Mahmya Island-Beach w Hurghadzie Polecamy wycieczk\u0119, poniewa\u017c pozwala turystom dobrze si\u0119 bawi\u0107 nad morzem! Podr\u00f3\u017c daje mo\u017cliwo\u015b\u0107 zobaczenia","breadcrumb":{"@id":"https:\/\/landioustravel.com\/pl\/shop\/wycieczka-mahmya-island-hurghada\/#breadcrumb"},"inLanguage":"pl-PL","potentialAction":[{"@type":"ReadAction","target":["https:\/\/landioustravel.com\/pl\/shop\/wycieczka-mahmya-island-hurghada\/"]}]},{"@type":"ImageObject","inLanguage":"pl-PL","@id":"https:\/\/landioustravel.com\/pl\/shop\/wycieczka-mahmya-island-hurghada\/#primaryimage","url":"https:\/\/i0.wp.com\/landioustravel.com\/wp-content\/uploads\/2019\/04\/mahmya_beach_island.jpg?fit=1200%2C675&ssl=1","contentUrl":"https:\/\/i0.wp.com\/landioustravel.com\/wp-content\/uploads\/2019\/04\/mahmya_beach_island.jpg?fit=1200%2C675&ssl=1","width":1200,"height":675,"caption":"Mahmya beach on Giftun island"},{"@type":"BreadcrumbList","@id":"https:\/\/landioustravel.com\/pl\/shop\/wycieczka-mahmya-island-hurghada\/#breadcrumb","itemListElement":[{"@type":"ListItem","position":1,"name":"Home","item":"https:\/\/landioustravel.com\/pl\/"},{"@type":"ListItem","position":2,"name":"Us\u0142ugi i wycieczki","item":"https:\/\/landioustravel.com\/pl\/"},{"@type":"ListItem","position":3,"name":"Wycieczka do Mahmya Island-Beach w Hurghadzie"}]},{"@type":"WebSite","@id":"https:\/\/landioustravel.com\/pl\/#website","url":"https:\/\/landioustravel.com\/pl\/","name":"Landious Travel","description":"Excursions, trips and cruises in Egypt","publisher":{"@id":"https:\/\/landioustravel.com\/pl\/#organization"},"potentialAction":[{"@type":"SearchAction","target":{"@type":"EntryPoint","urlTemplate":"https:\/\/landioustravel.com\/pl\/?s={search_term_string}"},"query-input":{"@type":"PropertyValueSpecification","valueRequired":true,"valueName":"search_term_string"}}],"inLanguage":"pl-PL"},{"@type":["Organization","Place"],"@id":"https:\/\/landioustravel.com\/pl\/#organization","name":"Landious Travel","alternateName":"Landious Travel","url":"https:\/\/landioustravel.com\/pl\/","logo":{"@id":"https:\/\/landioustravel.com\/pl\/shop\/wycieczka-mahmya-island-hurghada\/#local-main-organization-logo"},"image":{"@id":"https:\/\/landioustravel.com\/pl\/shop\/wycieczka-mahmya-island-hurghada\/#local-main-organization-logo"},"sameAs":["https:\/\/web.facebook.com\/landiousEgypt","https:\/\/x.com\/LandiousTours","https:\/\/mastodon.social\/@landious"],"legalName":"Landious Travel","telephone":[],"openingHoursSpecification":[{"@type":"OpeningHoursSpecification","dayOfWeek":["Monday","Tuesday","Wednesday","Thursday","Friday","Saturday","Sunday"],"opens":"09:00","closes":"17:00"}]},{"@type":"ImageObject","inLanguage":"pl-PL","@id":"https:\/\/landioustravel.com\/pl\/shop\/wycieczka-mahmya-island-hurghada\/#local-main-organization-logo","url":"https:\/\/i0.wp.com\/landioustravel.com\/wp-content\/uploads\/2021\/06\/Landious-T.png?fit=500%2C500&ssl=1","contentUrl":"https:\/\/i0.wp.com\/landioustravel.com\/wp-content\/uploads\/2021\/06\/Landious-T.png?fit=500%2C500&ssl=1","width":500,"height":500,"caption":"Landious Travel"}]}},"jetpack_publicize_connections":[],"uagb_featured_image_src":{"full":["https:\/\/i0.wp.com\/landioustravel.com\/wp-content\/uploads\/2019\/04\/mahmya_beach_island.jpg?fit=1200%2C675&ssl=1",1200,675,false],"thumbnail":["https:\/\/i0.wp.com\/landioustravel.com\/wp-content\/uploads\/2019\/04\/mahmya_beach_island.jpg?resize=150%2C150&ssl=1",150,150,true],"medium":["https:\/\/i0.wp.com\/landioustravel.com\/wp-content\/uploads\/2019\/04\/mahmya_beach_island.jpg?fit=300%2C169&ssl=1",300,169,true],"medium_large":["https:\/\/i0.wp.com\/landioustravel.com\/wp-content\/uploads\/2019\/04\/mahmya_beach_island.jpg?fit=768%2C432&ssl=1",768,432,true],"large":["https:\/\/i0.wp.com\/landioustravel.com\/wp-content\/uploads\/2019\/04\/mahmya_beach_island.jpg?fit=980%2C551&ssl=1",980,551,true],"1536x1536":["https:\/\/i0.wp.com\/landioustravel.com\/wp-content\/uploads\/2019\/04\/mahmya_beach_island.jpg?fit=1200%2C675&ssl=1",1200,675,true],"2048x2048":["https:\/\/i0.wp.com\/landioustravel.com\/wp-content\/uploads\/2019\/04\/mahmya_beach_island.jpg?fit=1200%2C675&ssl=1",1200,675,true],"newspack-article-block-landscape-large":["https:\/\/i0.wp.com\/landioustravel.com\/wp-content\/uploads\/2019\/04\/mahmya_beach_island.jpg?resize=1200%2C675&ssl=1",1200,675,true],"newspack-article-block-portrait-large":["https:\/\/i0.wp.com\/landioustravel.com\/wp-content\/uploads\/2019\/04\/mahmya_beach_island.jpg?resize=900%2C675&ssl=1",900,675,true],"newspack-article-block-square-large":["https:\/\/i0.wp.com\/landioustravel.com\/wp-content\/uploads\/2019\/04\/mahmya_beach_island.jpg?resize=1200%2C675&ssl=1",1200,675,true],"newspack-article-block-landscape-medium":["https:\/\/i0.wp.com\/landioustravel.com\/wp-content\/uploads\/2019\/04\/mahmya_beach_island.jpg?resize=800%2C600&ssl=1",800,600,true],"newspack-article-block-portrait-medium":["https:\/\/i0.wp.com\/landioustravel.com\/wp-content\/uploads\/2019\/04\/mahmya_beach_island.jpg?resize=600%2C675&ssl=1",600,675,true],"newspack-article-block-square-medium":["https:\/\/i0.wp.com\/landioustravel.com\/wp-content\/uploads\/2019\/04\/mahmya_beach_island.jpg?resize=800%2C675&ssl=1",800,675,true],"newspack-article-block-landscape-intermediate":["https:\/\/i0.wp.com\/landioustravel.com\/wp-content\/uploads\/2019\/04\/mahmya_beach_island.jpg?resize=600%2C450&ssl=1",600,450,true],"newspack-article-block-portrait-intermediate":["https:\/\/i0.wp.com\/landioustravel.com\/wp-content\/uploads\/2019\/04\/mahmya_beach_island.jpg?resize=450%2C600&ssl=1",450,600,true],"newspack-article-block-square-intermediate":["https:\/\/i0.wp.com\/landioustravel.com\/wp-content\/uploads\/2019\/04\/mahmya_beach_island.jpg?resize=600%2C600&ssl=1",600,600,true],"newspack-article-block-landscape-small":["https:\/\/i0.wp.com\/landioustravel.com\/wp-content\/uploads\/2019\/04\/mahmya_beach_island.jpg?resize=400%2C300&ssl=1",400,300,true],"newspack-article-block-portrait-small":["https:\/\/i0.wp.com\/landioustravel.com\/wp-content\/uploads\/2019\/04\/mahmya_beach_island.jpg?resize=300%2C400&ssl=1",300,400,true],"newspack-article-block-square-small":["https:\/\/i0.wp.com\/landioustravel.com\/wp-content\/uploads\/2019\/04\/mahmya_beach_island.jpg?resize=400%2C400&ssl=1",400,400,true],"newspack-article-block-landscape-tiny":["https:\/\/i0.wp.com\/landioustravel.com\/wp-content\/uploads\/2019\/04\/mahmya_beach_island.jpg?resize=200%2C150&ssl=1",200,150,true],"newspack-article-block-portrait-tiny":["https:\/\/i0.wp.com\/landioustravel.com\/wp-content\/uploads\/2019\/04\/mahmya_beach_island.jpg?resize=150%2C200&ssl=1",150,200,true],"newspack-article-block-square-tiny":["https:\/\/i0.wp.com\/landioustravel.com\/wp-content\/uploads\/2019\/04\/mahmya_beach_island.jpg?resize=200%2C200&ssl=1",200,200,true],"newspack-article-block-uncropped":["https:\/\/i0.wp.com\/landioustravel.com\/wp-content\/uploads\/2019\/04\/mahmya_beach_island.jpg?fit=1200%2C675&ssl=1",1200,675,true],"woocommerce_thumbnail":["https:\/\/i0.wp.com\/landioustravel.com\/wp-content\/uploads\/2019\/04\/mahmya_beach_island.jpg?resize=324%2C324&ssl=1",324,324,true],"woocommerce_single":["https:\/\/i0.wp.com\/landioustravel.com\/wp-content\/uploads\/2019\/04\/mahmya_beach_island.jpg?fit=416%2C234&ssl=1",416,234,true],"woocommerce_gallery_thumbnail":["https:\/\/i0.wp.com\/landioustravel.com\/wp-content\/uploads\/2019\/04\/mahmya_beach_island.jpg?resize=100%2C100&ssl=1",100,100,true]},"uagb_author_info":{"display_name":"Mofreh Landious","author_link":"https:\/\/landioustravel.com\/pl\/author\/"},"uagb_comment_info":3,"uagb_excerpt":"Przygotuj si\u0119 na niezapomnian\u0105 jednodniow\u0105 wycieczk\u0119 do Parku Narodowego Giftun Island! B\u0119dziesz nurkowa\u0107 w spektakularnych rafach koralowych wyspy Mahmya i cieszy\u0107 si\u0119 piknikiem morskim przez Morze Czerwone. P\u0142ywaj i nurkuj do woli na rafach koralowych Sapina, a nast\u0119pnie udaj si\u0119 na z\u0142ociste piaski pla\u017cy Mahmya na wyspie Giftun. R\u00f3b wspania\u0142e zdj\u0119cia, rozkoszuj si\u0119 s\u0142o\u0144cem i&hellip;","jetpack_sharing_enabled":true,"jetpack_likes_enabled":true,"amp_enabled":true,"_links":{"self":[{"href":"https:\/\/landioustravel.com\/pl\/wp-json\/wp\/v2\/product\/4845","targetHints":{"allow":["GET"]}}],"collection":[{"href":"https:\/\/landioustravel.com\/pl\/wp-json\/wp\/v2\/product"}],"about":[{"href":"https:\/\/landioustravel.com\/pl\/wp-json\/wp\/v2\/types\/product"}],"replies":[{"embeddable":true,"href":"https:\/\/landioustravel.com\/pl\/wp-json\/wp\/v2\/comments?post=4845"}],"wp:featuredmedia":[{"embeddable":true,"href":"https:\/\/landioustravel.com\/pl\/wp-json\/wp\/v2\/media\/4030"}],"wp:attachment":[{"href":"https:\/\/landioustravel.com\/pl\/wp-json\/wp\/v2\/media?parent=4845"}],"wp:term":[{"taxonomy":"product_brand","embeddable":true,"href":"https:\/\/landioustravel.com\/pl\/wp-json\/wp\/v2\/product_brand?post=4845"},{"taxonomy":"product_cat","embeddable":true,"href":"https:\/\/landioustravel.com\/pl\/wp-json\/wp\/v2\/product_cat?post=4845"},{"taxonomy":"product_tag","embeddable":true,"href":"https:\/\/landioustravel.com\/pl\/wp-json\/wp\/v2\/product_tag?post=4845"}],"curies":[{"name":"wp","href":"https:\/\/api.w.org\/{rel}","templated":true}]}}