{"id":4859,"date":"2019-04-07T04:10:56","date_gmt":"2019-05-25T20:00:19","guid":{"rendered":"https:\/\/landioustravel.com\/?post_type=product&#038;p=4859"},"modified":"2024-09-27T19:36:41","modified_gmt":"2024-09-27T16:36:41","slug":"indywidualna-wycieczka-abydos-hurghada","status":"publish","type":"product","link":"https:\/\/landioustravel.com\/pl\/shop\/indywidualna-wycieczka-abydos-hurghada\/","title":{"rendered":"Indywidualna wycieczka Abydos-Dendera z Hurghady"},"content":{"rendered":"<p>Ciekawa wycieczka indywidualna do Abydos &#8211; Dendera z kurortu <a href=\"https:\/\/landioustravel.com\/pl\/miasto-hurghada\/\">Hurghada<\/a>! Polecamy wycieczk\u0119 ze wzgl\u0119du na fakt, \u017ce pozwala turystom zobaczy\u0107 du\u017c\u0105 liczb\u0119 atrakcji w dw\u00f3ch miastach _ Dendera i Sohag. Pomniki te zosta\u0142y zbudowane w dw\u00f3ch r\u00f3\u017cnych epokach historii Egiptu: Staro\u017cytnym Egipcie i Imperium Rzymskim. Pozwala uzyska\u0107 du\u017c\u0105 porcj\u0119 rado\u015bci i dowiedzie\u0107 si\u0119 wi\u0119cej o historii kraju.<\/p>\n<h2>G\u0142\u00f3wne punkty programu wycieczek do Abydos-Dendera<\/h2>\n<ul>\n<li>Odwiedzaj\u0105c \u015awi\u0105tynie Abydos<\/li>\n<li>Obiad<\/li>\n<li>Wreszcie \u015bwi\u0105tynia bogini Hathor w Denderze<\/li>\n<\/ul>\n<h3>Program wycieczki do Dendery-Abydos z Hurghady<\/h3>\n<ul>\n<li>Odbieramy z hotelu oko\u0142o 04:00 rano<\/li>\n<li>Po odebraniu ci\u0119 autobus (limuzyna lub minibus) jedzie w kierunku miasta Qena, mijaj\u0105c miasto Safaga. Kurort Safaga znajduje si\u0119 45 mil na po\u0142udnie od Hurghady, na wybrze\u017cu Morza Czerwonego; podczas gdy miasto Qena znajduje si\u0119 w odleg\u0142o\u015bci 220 km w Dolinie Nilu. Droga z centrum Hurghady do Qeny trwa oko\u0142o 3 godzin. Z Qeny jedziesz dalej na p\u00f3\u0142noc w kierunku guberni Sohag, aby zdoby\u0107 wiosk\u0119 Abydos. Dotarcie do Abydos zajmuje oko\u0142o godziny.<\/li>\n<\/ul>\n<h4>Program w Abydos<\/h4>\n<ul>\n<li>Zaraz po przybyciu do gubernatorstwa Sohag, dok\u0142adniej w Abydos, rozpoczynasz sw\u00f3j program wycieczek w \u015bwi\u0105tyni Ozyrysa. To kompleks \u015bwi\u0105ty\u0144 i budynk\u00f3w. W \u015bwi\u0105tyni rozpoczyna si\u0119 wyja\u015bnienie twojego przewodnika, a nast\u0119pnie pokazuje cz\u0119sto odwiedzane miejsca tego du\u017cego kompleksu. Sam kompleks zawiera r\u00f3\u017cne \u015bwi\u0105tynie i budynki. Tw\u00f3j przewodnik b\u0119dzie mia\u0142 zadanie pokaza\u0107 wszystkie te \u015bwi\u0105tynie i da\u0107 wolny czas na robienie zdj\u0119\u0107<\/li>\n<\/ul>\n<h4>Program w Qenie<\/h4>\n<ul>\n<li>Nast\u0119pnie wracasz do Qena. Pierwszy przystanek tam b\u0119dzie w restauracji.<\/li>\n<li>Po obiedzie przejazd do pobliskiej miejscowo\u015bci Dendera, gdzie mo\u017cna zwiedzi\u0107 kompleks \u015bwi\u0105tyni Dendera. Ponownie, tw\u00f3j przewodnik zaczyna swoje wyja\u015bnienie i pokazuje cz\u0119ste odwiedzane miejsca tego du\u017cego kompleksu. Sam kompleks zawiera r\u00f3\u017cne \u015bwi\u0105tynie i budynki. Tw\u00f3j przewodnik b\u0119dzie mia\u0142 zadanie pokaza\u0107 wszystkie te \u015bwi\u0105tynie i da\u0107 wolny czas na robienie zdj\u0119\u0107<\/li>\n<\/ul>\n<h4>Co jest wliczone w cen\u0119 wycieczki<\/h4>\n<ul>\n<li>Bilety na zwiedzanie \u015bwi\u0105ty\u0144<\/li>\n<li>Obiad<\/li>\n<li>Napoje<\/li>\n<li>Prywatny przewodnik<\/li>\n<li>Prywatny pojazd do Abydos iz powrotem do hotelu<\/li>\n<\/ul>\n<h5>Co nie jest wliczone w cen\u0119 wycieczki<\/h5>\n<ul>\n<li>Dodatkowe programy wycieczek, kt\u00f3re nie s\u0105 zawarte w powy\u017cszym programie<\/li>\n<\/ul>\n<h6>CO POWINIEN PODJ\u0104\u0106 Z TWOJ\u0104 WYCIECZK\u0104<\/h6>\n<ul>\n<li>Pude\u0142ko \u015bniadaniowe<\/li>\n<li>Ubrania na sezon<\/li>\n<\/ul>\n<h6>DNI ORGANIZACJI WYCIECZKI<\/h6>\n<ul>\n<li>Codziennie od 04: 00-20: 00<\/li>\n<\/ul>\n","protected":false},"excerpt":{"rendered":"<p>Wyrusz w zapieraj\u0105c\u0105 dech w piersiach podr\u00f3\u017c do Abydos-Dendera z Hurghady i odkryj inspiruj\u0105ce \u015bwi\u0105tynie Abydos. Przygotuj si\u0119 na zachwycenie pi\u0119knem \u015bwi\u0105tyni, a po wizycie zjedz przepyszny lunch przed udaniem si\u0119 do kompleksu \u015bwi\u0105tynnego Dendera. Pakiet wycieczki obejmuje wszystko, od transportu po bilety wst\u0119pu i lunch, dzi\u0119ki czemu mo\u017cesz usi\u0105\u015b\u0107, zrelaksowa\u0107 si\u0119 i cieszy\u0107 si\u0119 jednodniow\u0105 wycieczk\u0105 po \u015bwi\u0105tyniach Dendera i Abydos z Hurghady. Zwied\u017a zapieraj\u0105c\u0105 dech w piersiach \u015awi\u0105tyni\u0119 Hathor, bogini\u0119 mi\u0142o\u015bci, muzyki i uzdrawiania, a nast\u0119pnie udaj si\u0119 do \u015awi\u0105tyni Ozyrysa w Abydos, wa\u017cnego miejsca kultu religijnego staro\u017cytnych Egipcjan. Tak jak wsp\u00f3\u0142cze\u015bni muzu\u0142manie aspiruj\u0105 do odbycia przynajmniej raz w \u017cyciu pielgrzymki do Mekki, tak staro\u017cytni Egipcjanie marzyli o odwiedzeniu Abydos, kt\u00f3re by\u0142o \u015bci\u015ble zwi\u0105zane z bram\u0105 do za\u015bwiat\u00f3w.<\/p>\n<p>Twoja przygoda z Landious Travel zaczyna si\u0119 od odbioru z Twojego hotelu w Hurghadzie o 6:00 rano. Nast\u0119pnie udasz si\u0119 do \u015bwi\u0105tyni Dendera, kt\u00f3ra znajduje si\u0119 oko\u0142o 220 kilometr\u00f3w od Hurghady, z przystankiem na pustyni. Przygotuj si\u0119 na zahipnotyzowan\u0105 histori\u0119 \u015bwi\u0105tyni, gdy przewodnik egiptolog do\u0142\u0105czy do Ciebie w Denderze o 8:30. \u015awi\u0105tynia Hathor zosta\u0142a zbudowana g\u0142\u00f3wnie w p\u00f3\u017anym okresie ptolemejskim i jest wzorowana na innych klasycznych \u015bwi\u0105tyniach egipskich. Natkniemy si\u0119 r\u00f3wnie\u017c na przedstawienia w\u0142adc\u00f3w Ptolemeuszy, w tym legendarnej Kleopatry VII i jej syna Juliusza Cezara, Ptolemeusza XV.<\/p>\n<p>O 10:30 zapnij pasy podczas jazdy ze \u015bwi\u0105tyni Dendera do \u015bwi\u0105tyni Abydos. Abydos to jedno z najwa\u017cniejszych stanowisk archeologicznych staro\u017cytnego Egiptu, kt\u00f3rego najbardziej godn\u0105 uwagi cech\u0105 jest \u015bwi\u0105tynia pami\u0105tkowa Setiego I. Zawiera chronologiczn\u0105 list\u0119, kt\u00f3ra pokazuje kartusze wi\u0119kszo\u015bci dynastycznych faraon\u00f3w Egiptu, zwan\u0105 List\u0105 Kr\u00f3l\u00f3w Abydos. Seti I by\u0142 ojcem Ramzesa II, kt\u00f3ry po \u015bmierci ojca uko\u0144czy\u0142 wi\u0119kszo\u015b\u0107 budowy \u015bwi\u0105tyni. Zbudowana przez niego \u015bwi\u0105tynia zawiera ma\u0142e kaplice po\u015bwi\u0119cone ka\u017cdemu z g\u0142\u00f3wnych bog\u00f3w i jest uwa\u017cana za jedn\u0105 z najlepszych \u015bwi\u0105ty\u0144 w ca\u0142ym Egipcie. Abydos by\u0142o \u015bci\u015ble zwi\u0105zane z bram\u0105 do \u017cycia pozagrobowego i by\u0142o wa\u017cnym miejscem religijnym dla staro\u017cytnych Egipcjan. Przygotuj si\u0119 na przepyszny egipski lunch przy \u015bwi\u0105tyni Abydos o 14:45.<\/p>\n<p>Po obiedzie nadszed\u0142 czas, aby wr\u00f3ci\u0107 do hotelu w Hurghadzie ze \u015bwi\u0105tyni Abydos, ale nie przed zanurzeniem si\u0119 we wspomnieniach z niezwyk\u0142ej samotnej podr\u00f3\u017cy do Abydos-Dendera.<\/p>\n","protected":false},"featured_media":99505,"comment_status":"open","ping_status":"closed","template":"","meta":{"_coblocks_attr":"","_coblocks_dimensions":"","_coblocks_responsive_height":"","_coblocks_accordion_ie_support":"","_uag_custom_page_level_css":"","jetpack_publicize_message":"","jetpack_publicize_feature_enabled":true,"jetpack_social_post_already_shared":true,"jetpack_social_options":{"image_generator_settings":{"template":"highway","default_image_id":0,"font":"","enabled":false},"version":2},"_wpas_customize_per_network":false},"product_brand":[],"product_cat":[1947,8566],"product_tag":[2025,1956,1961,2146,9909],"class_list":{"0":"post-4859","1":"product","2":"type-product","3":"status-publish","4":"has-post-thumbnail","6":"product_cat-historyczne-wycieczki-hurghady","7":"product_cat-indywidualne-wycieczki-hurghada","8":"product_tag-dendera-pl","9":"product_tag-hurghada-pl","10":"product_tag-wycieczka","11":"product_tag-wycieczki-z-hurghady","12":"product_tag-zwiedzanie","14":"first","15":"instock","16":"sale","17":"taxable","18":"shipping-taxable","19":"purchasable","20":"product-type-variable"},"yoast_head":"<!-- This site is optimized with the Yoast SEO Premium plugin v26.9 (Yoast SEO v27.5) - https:\/\/yoast.com\/product\/yoast-seo-premium-wordpress\/ -->\n<title>Indywidualna wycieczka Abydos-Dendera z Hurghady<\/title>\n<meta name=\"description\" content=\"Indywidualna wycieczka Abydos-Dendera z Hurghady Polecamy wycieczk\u0119 ze wzgl\u0119du na fakt, \u017ce pozwala turystom zobaczy\u0107 du\u017c\u0105 liczb\u0119 atrakcji w dw\u00f3ch miastach\" \/>\n<meta name=\"robots\" content=\"index, follow, max-snippet:-1, max-image-preview:large, max-video-preview:-1\" \/>\n<link rel=\"canonical\" href=\"https:\/\/landioustravel.com\/pl\/shop\/indywidualna-wycieczka-abydos-hurghada\/\" \/>\n<meta property=\"og:locale\" content=\"pl_PL\" \/>\n<meta property=\"og:type\" content=\"article\" \/>\n<meta property=\"og:title\" content=\"Indywidualna wycieczka Abydos-Dendera z Hurghady\" \/>\n<meta property=\"og:description\" content=\"Landious Travel\" \/>\n<meta property=\"og:url\" content=\"https:\/\/landioustravel.com\/pl\/shop\/indywidualna-wycieczka-abydos-hurghada\/\" \/>\n<meta property=\"og:site_name\" content=\"Landious Travel\" \/>\n<meta property=\"article:publisher\" content=\"https:\/\/web.facebook.com\/landiousEgypt\" \/>\n<meta property=\"article:modified_time\" content=\"2024-09-27T16:36:41+00:00\" \/>\n<meta property=\"og:image\" content=\"https:\/\/i0.wp.com\/landioustravel.com\/wp-content\/uploads\/2022\/07\/Dendera-e1657106168248.jpg?fit=1200%2C675&ssl=1\" \/>\n\t<meta property=\"og:image:width\" content=\"1200\" \/>\n\t<meta property=\"og:image:height\" content=\"675\" \/>\n\t<meta property=\"og:image:type\" content=\"image\/jpeg\" \/>\n<meta name=\"twitter:card\" content=\"summary_large_image\" \/>\n<meta name=\"twitter:site\" content=\"@LandiousTours\" \/>\n<meta name=\"twitter:label1\" content=\"Szacowany czas czytania\" \/>\n\t<meta name=\"twitter:data1\" content=\"2 minuty\" \/>\n<script type=\"application\/ld+json\" class=\"yoast-schema-graph\">{\"@context\":\"https:\\\/\\\/schema.org\",\"@graph\":[{\"@type\":\"WebPage\",\"@id\":\"https:\\\/\\\/landioustravel.com\\\/pl\\\/shop\\\/indywidualna-wycieczka-abydos-hurghada\\\/\",\"url\":\"https:\\\/\\\/landioustravel.com\\\/pl\\\/shop\\\/indywidualna-wycieczka-abydos-hurghada\\\/\",\"name\":\"Indywidualna wycieczka Abydos-Dendera z Hurghady\",\"isPartOf\":{\"@id\":\"https:\\\/\\\/landioustravel.com\\\/pl\\\/#website\"},\"primaryImageOfPage\":{\"@id\":\"https:\\\/\\\/landioustravel.com\\\/pl\\\/shop\\\/indywidualna-wycieczka-abydos-hurghada\\\/#primaryimage\"},\"image\":{\"@id\":\"https:\\\/\\\/landioustravel.com\\\/pl\\\/shop\\\/indywidualna-wycieczka-abydos-hurghada\\\/#primaryimage\"},\"thumbnailUrl\":\"https:\\\/\\\/i0.wp.com\\\/landioustravel.com\\\/wp-content\\\/uploads\\\/2022\\\/07\\\/Dendera-e1657106168248.jpg?fit=1200%2C675&ssl=1\",\"datePublished\":\"2019-05-25T20:00:19+00:00\",\"dateModified\":\"2024-09-27T16:36:41+00:00\",\"description\":\"Indywidualna wycieczka Abydos-Dendera z Hurghady Polecamy wycieczk\u0119 ze wzgl\u0119du na fakt, \u017ce pozwala turystom zobaczy\u0107 du\u017c\u0105 liczb\u0119 atrakcji w dw\u00f3ch miastach\",\"breadcrumb\":{\"@id\":\"https:\\\/\\\/landioustravel.com\\\/pl\\\/shop\\\/indywidualna-wycieczka-abydos-hurghada\\\/#breadcrumb\"},\"inLanguage\":\"pl-PL\",\"potentialAction\":[{\"@type\":\"ReadAction\",\"target\":[\"https:\\\/\\\/landioustravel.com\\\/pl\\\/shop\\\/indywidualna-wycieczka-abydos-hurghada\\\/\"]}]},{\"@type\":\"ImageObject\",\"inLanguage\":\"pl-PL\",\"@id\":\"https:\\\/\\\/landioustravel.com\\\/pl\\\/shop\\\/indywidualna-wycieczka-abydos-hurghada\\\/#primaryimage\",\"url\":\"https:\\\/\\\/i0.wp.com\\\/landioustravel.com\\\/wp-content\\\/uploads\\\/2022\\\/07\\\/Dendera-e1657106168248.jpg?fit=1200%2C675&ssl=1\",\"contentUrl\":\"https:\\\/\\\/i0.wp.com\\\/landioustravel.com\\\/wp-content\\\/uploads\\\/2022\\\/07\\\/Dendera-e1657106168248.jpg?fit=1200%2C675&ssl=1\",\"width\":1200,\"height\":675,\"caption\":\"Dendera\"},{\"@type\":\"BreadcrumbList\",\"@id\":\"https:\\\/\\\/landioustravel.com\\\/pl\\\/shop\\\/indywidualna-wycieczka-abydos-hurghada\\\/#breadcrumb\",\"itemListElement\":[{\"@type\":\"ListItem\",\"position\":1,\"name\":\"Home\",\"item\":\"https:\\\/\\\/landioustravel.com\\\/pl\\\/\"},{\"@type\":\"ListItem\",\"position\":2,\"name\":\"Us\u0142ugi i wycieczki\",\"item\":\"https:\\\/\\\/landioustravel.com\\\/pl\\\/\"},{\"@type\":\"ListItem\",\"position\":3,\"name\":\"Indywidualna wycieczka Abydos-Dendera z Hurghady\"}]},{\"@type\":\"WebSite\",\"@id\":\"https:\\\/\\\/landioustravel.com\\\/pl\\\/#website\",\"url\":\"https:\\\/\\\/landioustravel.com\\\/pl\\\/\",\"name\":\"Landious Travel\",\"description\":\"Excursions, trips and cruises in Egypt\",\"publisher\":{\"@id\":\"https:\\\/\\\/landioustravel.com\\\/pl\\\/#organization\"},\"potentialAction\":[{\"@type\":\"SearchAction\",\"target\":{\"@type\":\"EntryPoint\",\"urlTemplate\":\"https:\\\/\\\/landioustravel.com\\\/pl\\\/?s={search_term_string}\"},\"query-input\":{\"@type\":\"PropertyValueSpecification\",\"valueRequired\":true,\"valueName\":\"search_term_string\"}}],\"inLanguage\":\"pl-PL\"},{\"@type\":[\"Organization\",\"Place\"],\"@id\":\"https:\\\/\\\/landioustravel.com\\\/pl\\\/#organization\",\"name\":\"Landious Travel\",\"alternateName\":\"Landious Travel\",\"url\":\"https:\\\/\\\/landioustravel.com\\\/pl\\\/\",\"logo\":{\"@id\":\"https:\\\/\\\/landioustravel.com\\\/pl\\\/shop\\\/indywidualna-wycieczka-abydos-hurghada\\\/#local-main-organization-logo\"},\"image\":{\"@id\":\"https:\\\/\\\/landioustravel.com\\\/pl\\\/shop\\\/indywidualna-wycieczka-abydos-hurghada\\\/#local-main-organization-logo\"},\"sameAs\":[\"https:\\\/\\\/web.facebook.com\\\/landiousEgypt\",\"https:\\\/\\\/x.com\\\/LandiousTours\",\"https:\\\/\\\/mastodon.social\\\/@landious\"],\"legalName\":\"Landious Travel\",\"telephone\":[],\"openingHoursSpecification\":[{\"@type\":\"OpeningHoursSpecification\",\"dayOfWeek\":[\"Monday\",\"Tuesday\",\"Wednesday\",\"Thursday\",\"Friday\",\"Saturday\",\"Sunday\"],\"opens\":\"09:00\",\"closes\":\"17:00\"}]},{\"@type\":\"ImageObject\",\"inLanguage\":\"pl-PL\",\"@id\":\"https:\\\/\\\/landioustravel.com\\\/pl\\\/shop\\\/indywidualna-wycieczka-abydos-hurghada\\\/#local-main-organization-logo\",\"url\":\"https:\\\/\\\/i0.wp.com\\\/landioustravel.com\\\/wp-content\\\/uploads\\\/2021\\\/06\\\/Landious-T.png?fit=500%2C500&ssl=1\",\"contentUrl\":\"https:\\\/\\\/i0.wp.com\\\/landioustravel.com\\\/wp-content\\\/uploads\\\/2021\\\/06\\\/Landious-T.png?fit=500%2C500&ssl=1\",\"width\":500,\"height\":500,\"caption\":\"Landious Travel\"}]}<\/script>\n<!-- \/ Yoast SEO Premium plugin. -->","yoast_head_json":{"title":"Indywidualna wycieczka Abydos-Dendera z Hurghady","description":"Indywidualna wycieczka Abydos-Dendera z Hurghady Polecamy wycieczk\u0119 ze wzgl\u0119du na fakt, \u017ce pozwala turystom zobaczy\u0107 du\u017c\u0105 liczb\u0119 atrakcji w dw\u00f3ch miastach","robots":{"index":"index","follow":"follow","max-snippet":"max-snippet:-1","max-image-preview":"max-image-preview:large","max-video-preview":"max-video-preview:-1"},"canonical":"https:\/\/landioustravel.com\/pl\/shop\/indywidualna-wycieczka-abydos-hurghada\/","og_locale":"pl_PL","og_type":"article","og_title":"Indywidualna wycieczka Abydos-Dendera z Hurghady","og_description":"Landious Travel","og_url":"https:\/\/landioustravel.com\/pl\/shop\/indywidualna-wycieczka-abydos-hurghada\/","og_site_name":"Landious Travel","article_publisher":"https:\/\/web.facebook.com\/landiousEgypt","article_modified_time":"2024-09-27T16:36:41+00:00","og_image":[{"width":1200,"height":675,"url":"https:\/\/i0.wp.com\/landioustravel.com\/wp-content\/uploads\/2022\/07\/Dendera-e1657106168248.jpg?fit=1200%2C675&ssl=1","type":"image\/jpeg"}],"twitter_card":"summary_large_image","twitter_site":"@LandiousTours","twitter_misc":{"Szacowany czas czytania":"2 minuty"},"schema":{"@context":"https:\/\/schema.org","@graph":[{"@type":"WebPage","@id":"https:\/\/landioustravel.com\/pl\/shop\/indywidualna-wycieczka-abydos-hurghada\/","url":"https:\/\/landioustravel.com\/pl\/shop\/indywidualna-wycieczka-abydos-hurghada\/","name":"Indywidualna wycieczka Abydos-Dendera z Hurghady","isPartOf":{"@id":"https:\/\/landioustravel.com\/pl\/#website"},"primaryImageOfPage":{"@id":"https:\/\/landioustravel.com\/pl\/shop\/indywidualna-wycieczka-abydos-hurghada\/#primaryimage"},"image":{"@id":"https:\/\/landioustravel.com\/pl\/shop\/indywidualna-wycieczka-abydos-hurghada\/#primaryimage"},"thumbnailUrl":"https:\/\/i0.wp.com\/landioustravel.com\/wp-content\/uploads\/2022\/07\/Dendera-e1657106168248.jpg?fit=1200%2C675&ssl=1","datePublished":"2019-05-25T20:00:19+00:00","dateModified":"2024-09-27T16:36:41+00:00","description":"Indywidualna wycieczka Abydos-Dendera z Hurghady Polecamy wycieczk\u0119 ze wzgl\u0119du na fakt, \u017ce pozwala turystom zobaczy\u0107 du\u017c\u0105 liczb\u0119 atrakcji w dw\u00f3ch miastach","breadcrumb":{"@id":"https:\/\/landioustravel.com\/pl\/shop\/indywidualna-wycieczka-abydos-hurghada\/#breadcrumb"},"inLanguage":"pl-PL","potentialAction":[{"@type":"ReadAction","target":["https:\/\/landioustravel.com\/pl\/shop\/indywidualna-wycieczka-abydos-hurghada\/"]}]},{"@type":"ImageObject","inLanguage":"pl-PL","@id":"https:\/\/landioustravel.com\/pl\/shop\/indywidualna-wycieczka-abydos-hurghada\/#primaryimage","url":"https:\/\/i0.wp.com\/landioustravel.com\/wp-content\/uploads\/2022\/07\/Dendera-e1657106168248.jpg?fit=1200%2C675&ssl=1","contentUrl":"https:\/\/i0.wp.com\/landioustravel.com\/wp-content\/uploads\/2022\/07\/Dendera-e1657106168248.jpg?fit=1200%2C675&ssl=1","width":1200,"height":675,"caption":"Dendera"},{"@type":"BreadcrumbList","@id":"https:\/\/landioustravel.com\/pl\/shop\/indywidualna-wycieczka-abydos-hurghada\/#breadcrumb","itemListElement":[{"@type":"ListItem","position":1,"name":"Home","item":"https:\/\/landioustravel.com\/pl\/"},{"@type":"ListItem","position":2,"name":"Us\u0142ugi i wycieczki","item":"https:\/\/landioustravel.com\/pl\/"},{"@type":"ListItem","position":3,"name":"Indywidualna wycieczka Abydos-Dendera z Hurghady"}]},{"@type":"WebSite","@id":"https:\/\/landioustravel.com\/pl\/#website","url":"https:\/\/landioustravel.com\/pl\/","name":"Landious Travel","description":"Excursions, trips and cruises in Egypt","publisher":{"@id":"https:\/\/landioustravel.com\/pl\/#organization"},"potentialAction":[{"@type":"SearchAction","target":{"@type":"EntryPoint","urlTemplate":"https:\/\/landioustravel.com\/pl\/?s={search_term_string}"},"query-input":{"@type":"PropertyValueSpecification","valueRequired":true,"valueName":"search_term_string"}}],"inLanguage":"pl-PL"},{"@type":["Organization","Place"],"@id":"https:\/\/landioustravel.com\/pl\/#organization","name":"Landious Travel","alternateName":"Landious Travel","url":"https:\/\/landioustravel.com\/pl\/","logo":{"@id":"https:\/\/landioustravel.com\/pl\/shop\/indywidualna-wycieczka-abydos-hurghada\/#local-main-organization-logo"},"image":{"@id":"https:\/\/landioustravel.com\/pl\/shop\/indywidualna-wycieczka-abydos-hurghada\/#local-main-organization-logo"},"sameAs":["https:\/\/web.facebook.com\/landiousEgypt","https:\/\/x.com\/LandiousTours","https:\/\/mastodon.social\/@landious"],"legalName":"Landious Travel","telephone":[],"openingHoursSpecification":[{"@type":"OpeningHoursSpecification","dayOfWeek":["Monday","Tuesday","Wednesday","Thursday","Friday","Saturday","Sunday"],"opens":"09:00","closes":"17:00"}]},{"@type":"ImageObject","inLanguage":"pl-PL","@id":"https:\/\/landioustravel.com\/pl\/shop\/indywidualna-wycieczka-abydos-hurghada\/#local-main-organization-logo","url":"https:\/\/i0.wp.com\/landioustravel.com\/wp-content\/uploads\/2021\/06\/Landious-T.png?fit=500%2C500&ssl=1","contentUrl":"https:\/\/i0.wp.com\/landioustravel.com\/wp-content\/uploads\/2021\/06\/Landious-T.png?fit=500%2C500&ssl=1","width":500,"height":500,"caption":"Landious Travel"}]}},"jetpack_publicize_connections":[],"uagb_featured_image_src":{"full":["https:\/\/i0.wp.com\/landioustravel.com\/wp-content\/uploads\/2022\/07\/Dendera-e1657106168248.jpg?fit=1200%2C675&ssl=1",1200,675,false],"thumbnail":["https:\/\/i0.wp.com\/landioustravel.com\/wp-content\/uploads\/2022\/07\/Dendera-e1657106168248.jpg?resize=150%2C150&ssl=1",150,150,true],"medium":["https:\/\/i0.wp.com\/landioustravel.com\/wp-content\/uploads\/2022\/07\/Dendera-e1657106168248.jpg?fit=300%2C169&ssl=1",300,169,true],"medium_large":["https:\/\/i0.wp.com\/landioustravel.com\/wp-content\/uploads\/2022\/07\/Dendera-e1657106168248.jpg?fit=768%2C432&ssl=1",768,432,true],"large":["https:\/\/i0.wp.com\/landioustravel.com\/wp-content\/uploads\/2022\/07\/Dendera-e1657106168248.jpg?fit=980%2C551&ssl=1",980,551,true],"1536x1536":["https:\/\/i0.wp.com\/landioustravel.com\/wp-content\/uploads\/2022\/07\/Dendera-e1657106168248.jpg?fit=1200%2C675&ssl=1",1200,675,true],"2048x2048":["https:\/\/i0.wp.com\/landioustravel.com\/wp-content\/uploads\/2022\/07\/Dendera-e1657106168248.jpg?fit=1200%2C675&ssl=1",1200,675,true],"newspack-article-block-landscape-large":["https:\/\/i0.wp.com\/landioustravel.com\/wp-content\/uploads\/2022\/07\/Dendera-e1657106168248.jpg?resize=1200%2C675&ssl=1",1200,675,true],"newspack-article-block-portrait-large":["https:\/\/i0.wp.com\/landioustravel.com\/wp-content\/uploads\/2022\/07\/Dendera-e1657106168248.jpg?resize=900%2C675&ssl=1",900,675,true],"newspack-article-block-square-large":["https:\/\/i0.wp.com\/landioustravel.com\/wp-content\/uploads\/2022\/07\/Dendera-e1657106168248.jpg?resize=1200%2C675&ssl=1",1200,675,true],"newspack-article-block-landscape-medium":["https:\/\/i0.wp.com\/landioustravel.com\/wp-content\/uploads\/2022\/07\/Dendera-e1657106168248.jpg?resize=800%2C600&ssl=1",800,600,true],"newspack-article-block-portrait-medium":["https:\/\/i0.wp.com\/landioustravel.com\/wp-content\/uploads\/2022\/07\/Dendera-e1657106168248.jpg?resize=600%2C675&ssl=1",600,675,true],"newspack-article-block-square-medium":["https:\/\/i0.wp.com\/landioustravel.com\/wp-content\/uploads\/2022\/07\/Dendera-e1657106168248.jpg?resize=800%2C675&ssl=1",800,675,true],"newspack-article-block-landscape-intermediate":["https:\/\/i0.wp.com\/landioustravel.com\/wp-content\/uploads\/2022\/07\/Dendera-e1657106168248.jpg?resize=600%2C450&ssl=1",600,450,true],"newspack-article-block-portrait-intermediate":["https:\/\/i0.wp.com\/landioustravel.com\/wp-content\/uploads\/2022\/07\/Dendera-e1657106168248.jpg?resize=450%2C600&ssl=1",450,600,true],"newspack-article-block-square-intermediate":["https:\/\/i0.wp.com\/landioustravel.com\/wp-content\/uploads\/2022\/07\/Dendera-e1657106168248.jpg?resize=600%2C600&ssl=1",600,600,true],"newspack-article-block-landscape-small":["https:\/\/i0.wp.com\/landioustravel.com\/wp-content\/uploads\/2022\/07\/Dendera-e1657106168248.jpg?resize=400%2C300&ssl=1",400,300,true],"newspack-article-block-portrait-small":["https:\/\/i0.wp.com\/landioustravel.com\/wp-content\/uploads\/2022\/07\/Dendera-e1657106168248.jpg?resize=300%2C400&ssl=1",300,400,true],"newspack-article-block-square-small":["https:\/\/i0.wp.com\/landioustravel.com\/wp-content\/uploads\/2022\/07\/Dendera-e1657106168248.jpg?resize=400%2C400&ssl=1",400,400,true],"newspack-article-block-landscape-tiny":["https:\/\/i0.wp.com\/landioustravel.com\/wp-content\/uploads\/2022\/07\/Dendera-e1657106168248.jpg?resize=200%2C150&ssl=1",200,150,true],"newspack-article-block-portrait-tiny":["https:\/\/i0.wp.com\/landioustravel.com\/wp-content\/uploads\/2022\/07\/Dendera-e1657106168248.jpg?resize=150%2C200&ssl=1",150,200,true],"newspack-article-block-square-tiny":["https:\/\/i0.wp.com\/landioustravel.com\/wp-content\/uploads\/2022\/07\/Dendera-e1657106168248.jpg?resize=200%2C200&ssl=1",200,200,true],"newspack-article-block-uncropped":["https:\/\/i0.wp.com\/landioustravel.com\/wp-content\/uploads\/2022\/07\/Dendera-e1657106168248.jpg?fit=1200%2C675&ssl=1",1200,675,true],"woocommerce_thumbnail":["https:\/\/i0.wp.com\/landioustravel.com\/wp-content\/uploads\/2022\/07\/Dendera-e1657106168248.jpg?resize=324%2C324&ssl=1",324,324,true],"woocommerce_single":["https:\/\/i0.wp.com\/landioustravel.com\/wp-content\/uploads\/2022\/07\/Dendera-e1657106168248.jpg?fit=416%2C234&ssl=1",416,234,true],"woocommerce_gallery_thumbnail":["https:\/\/i0.wp.com\/landioustravel.com\/wp-content\/uploads\/2022\/07\/Dendera-e1657106168248.jpg?resize=100%2C100&ssl=1",100,100,true]},"uagb_author_info":{"display_name":"Mofreh Landious","author_link":"https:\/\/landioustravel.com\/pl\/author\/"},"uagb_comment_info":2,"uagb_excerpt":"Wyrusz w zapieraj\u0105c\u0105 dech w piersiach podr\u00f3\u017c do Abydos-Dendera z Hurghady i odkryj inspiruj\u0105ce \u015bwi\u0105tynie Abydos. Przygotuj si\u0119 na zachwycenie pi\u0119knem \u015bwi\u0105tyni, a po wizycie zjedz przepyszny lunch przed udaniem si\u0119 do kompleksu \u015bwi\u0105tynnego Dendera. Pakiet wycieczki obejmuje wszystko, od transportu po bilety wst\u0119pu i lunch, dzi\u0119ki czemu mo\u017cesz usi\u0105\u015b\u0107, zrelaksowa\u0107 si\u0119 i cieszy\u0107 si\u0119&hellip;","jetpack_sharing_enabled":true,"jetpack_likes_enabled":true,"amp_enabled":true,"_links":{"self":[{"href":"https:\/\/landioustravel.com\/pl\/wp-json\/wp\/v2\/product\/4859","targetHints":{"allow":["GET"]}}],"collection":[{"href":"https:\/\/landioustravel.com\/pl\/wp-json\/wp\/v2\/product"}],"about":[{"href":"https:\/\/landioustravel.com\/pl\/wp-json\/wp\/v2\/types\/product"}],"replies":[{"embeddable":true,"href":"https:\/\/landioustravel.com\/pl\/wp-json\/wp\/v2\/comments?post=4859"}],"wp:featuredmedia":[{"embeddable":true,"href":"https:\/\/landioustravel.com\/pl\/wp-json\/wp\/v2\/media\/99505"}],"wp:attachment":[{"href":"https:\/\/landioustravel.com\/pl\/wp-json\/wp\/v2\/media?parent=4859"}],"wp:term":[{"taxonomy":"product_brand","embeddable":true,"href":"https:\/\/landioustravel.com\/pl\/wp-json\/wp\/v2\/product_brand?post=4859"},{"taxonomy":"product_cat","embeddable":true,"href":"https:\/\/landioustravel.com\/pl\/wp-json\/wp\/v2\/product_cat?post=4859"},{"taxonomy":"product_tag","embeddable":true,"href":"https:\/\/landioustravel.com\/pl\/wp-json\/wp\/v2\/product_tag?post=4859"}],"curies":[{"name":"wp","href":"https:\/\/api.w.org\/{rel}","templated":true}]}}