{"id":4865,"date":"2019-04-26T22:25:57","date_gmt":"2019-05-26T01:19:55","guid":{"rendered":"https:\/\/landioustravel.com\/?post_type=product&#038;p=4865"},"modified":"2024-09-28T20:13:45","modified_gmt":"2024-09-28T17:13:45","slug":"wycieczka-plaza-abu-dabab-hurghada","status":"publish","type":"product","link":"https:\/\/landioustravel.com\/pl\/shop\/wycieczka-plaza-abu-dabab-hurghada\/","title":{"rendered":"Wycieczka na pla\u017c\u0119 Abu Dabab z Hurghady"},"content":{"rendered":"<p>Wspania\u0142a wycieczka morska na pla\u017c\u0119 Abu Dabab z <a href=\"https:\/\/landioustravel.com\/pl\/miasto-hurghada\/\">Hurghady<\/a>! Polecamy wycieczk\u0119, poniewa\u017c pozwala turystom dobrze si\u0119 bawi\u0107 nad morzem! Podr\u00f3\u017c daje mo\u017cliwo\u015b\u0107 zobaczenia pi\u0119knych koralowc\u00f3w i r\u00f3\u017cnorodnych ryb, kt\u00f3rych nie mo\u017cna zobaczy\u0107 w Hurghdzie.<\/p>\n<h2>G\u0142\u00f3wne punkty programu wycieczek do pla\u017cy Abu Dabab<\/h2>\n<ul>\n<li>P\u0142ywanie w otwartym morzu z pla\u017cy Abu Dabab<\/li>\n<li>Snorkeling z maskami i p\u0142etwami na otwartym morzu<\/li>\n<li>Obiad<\/li>\n<\/ul>\n<h3>Program wycieczki na pla\u017c\u0119 Abu Dabab z Hurghady<\/h3>\n<ul>\n<li>Odbieramy Ci\u0119 z hotelu oko\u0142o 08:00<\/li>\n<li>Po zebraniu wszystkich ch\u0119tnych autobus jedzie na pla\u017c\u0119 Abu Dabab. Droga do pla\u017cy Abu Dabab zajmuje oko\u0142o 2 godzin<\/li>\n<li>Na pla\u017cy Abu Dabab b\u0119dziesz sp\u0119dza\u0107 5 godzin. W tym czasie b\u0119dziesz mie\u0107 wystarczaj\u0105co du\u017co czasu na p\u0142ywanie, opalanie si\u0119 i robienie wspania\u0142ych zdj\u0119\u0107<\/li>\n<li>Restauracja znajduje si\u0119 na samej pla\u017cy. W porze lunchu bufet otwiera bogate menu.<\/li>\n<li>Ten program wycieczek ko\u0144czy si\u0119 oko\u0142o godziny 16:00.<\/li>\n<\/ul>\n<h4>Co jest wliczone w cen\u0119 wycieczki<\/h4>\n<ul>\n<li>jedzenie<\/li>\n<li>Przejazd na pla\u017c\u0119 Abu Dabab i powr\u00f3t do hotelu<\/li>\n<\/ul>\n<h5>Co nie jest wliczone w cen\u0119 wycieczki<\/h5>\n<ul>\n<li>Maski i p\u0142etwy<\/li>\n<li>Napoje<\/li>\n<li>DVD wideo<\/li>\n<li>CD ze zdj\u0119ciami<\/li>\n<\/ul>\n<h6>CO POWINIEN PODJ\u0104\u0106 Z TWOJ\u0104 WYCIECZK\u0104<\/h6>\n<ul>\n<li>Sprz\u0119t do nurkowania<\/li>\n<li>R\u0119cznik<\/li>\n<li>Krem do opalania<\/li>\n<\/ul>\n<h6>DNI ORGANIZACJI WYCIECZKI<\/h6>\n<ul>\n<li>Codziennie od 08: 00-17: 00<\/li>\n<\/ul>\n","protected":false},"excerpt":{"rendered":"<p>Wyrusz w podr\u00f3\u017c na pla\u017c\u0119 Abu Dabab z Hurghady i sp\u0119d\u017a ca\u0142y dzie\u0144, wygrzewaj\u0105c si\u0119 w pi\u0119knie tej wspania\u0142ej linii brzegowej. Pokochasz wylegiwanie si\u0119 na z\u0142otym piasku, k\u0105piel w krystalicznie czystej wodzie i rejestrowanie zapieraj\u0105cych dech w piersiach chwil swoim aparatem. Pla\u017ca jest ostoj\u0105 rzadkich i zagro\u017conych gatunk\u00f3w, takich jak diugo\u0144, znany r\u00f3wnie\u017c jako krowa morska i \u017c\u00f3\u0142wie zielone.<\/p>\n<p>Twoja podr\u00f3\u017c zaczyna si\u0119 o 6:00 rano, kiedy odbieramy Ci\u0119 z Twojego hotelu w Hurghadzie, Makadi, Sahel Hashish lub Safaga. Zabierzemy Ci\u0119 w trzygodzinn\u0105 przeja\u017cd\u017ck\u0119 do zatoki Abo Dabab. Po przyje\u017adzie powita Ci\u0119 zapieraj\u0105ce dech w piersiach pi\u0119kno Abu Dabab. To miejsce do nurkowania z rurk\u0105 i akwalungiem znajduje si\u0119 w sercu Hurghady i s\u0142ynie z koralowc\u00f3w i ryb o \u017cywych kolorach. Piaszczysta pla\u017ca z traw\u0105 morsk\u0105 i krystalicznie czyst\u0105, ciep\u0142\u0105 wod\u0105 jest domem dla wielu morskich stworze\u0144.<\/p>\n<p>Zdob\u0105d\u017a sprz\u0119t do nurkowania i zanurz si\u0119 w podwodnym \u015bwiecie cud\u00f3w. Rozpocznij program nurkowania z rurk\u0105, kt\u00f3ry trwa oko\u0142o p\u00f3\u0142torej godziny przy pierwszym zrzuceniu. Podziwiaj cuda podwodnego \u015bwiata i stw\u00f3rz wspomnienia na ca\u0142e \u017cycie. Po przygodzie z nurkowaniem z rurk\u0105 mo\u017cesz odpocz\u0105\u0107 i zrelaksowa\u0107 si\u0119 na piaszczystej pla\u017cy Abu Dabab. Wygrzewaj si\u0119 w s\u0142o\u0144cu i pozw\u00f3l, by otoczy\u0142o Ci\u0119 osza\u0142amiaj\u0105ce pi\u0119kno tego miejsca.<\/p>\n<p>Czas na pyszny lunch na pla\u017cy. B\u0119dzie wiele opcji do wyboru i mo\u017cesz cieszy\u0107 si\u0119 tym posi\u0142kiem, wyleguj\u0105c si\u0119 na szezlongu pod parasolem. Sp\u0119dzaj\u0105c dzie\u0144 w Abu Dabab, mo\u017cesz tak\u017ce wybra\u0107 si\u0119 na wycieczk\u0119 \u0142odzi\u0105 z Zodiac o nazwie \u201eSearch for Dugong\u201d. Ta wycieczka b\u0119dzie zorganizowana od pla\u017cy ze znakiem zodiaku do najcz\u0119stszych miejsc, w kt\u00f3rych diugo\u0144 \u017cyje i jest zwykle widziany. B\u0119dzie to kosztowa\u0107 dodatkowe 35 euro za osob\u0119 i potrwa dwie godziny, od 14:00 do 16:00. Je\u015bli chcesz doda\u0107 nurkowanie, jest to r\u00f3wnie\u017c mo\u017cliwe i b\u0119dzie kosztowa\u0107 40 $ za jedno nurkowanie z pla\u017cy. Je\u015bli wybierzesz \u0142\u00f3d\u017a motorow\u0105, mo\u017cesz doda\u0107 dodatkowe 35 $.<\/p>\n<p>Gdy s\u0142o\u0144ce zaczyna zachodzi\u0107, czas wr\u00f3ci\u0107 do hotelu w Hurghadzie. Twoja wycieczka obejmuje odbi\u00f3r z hotelu w Hurghadzie, transport klimatyzowanym pojazdem do iz hotelu w Hurghadzie, przewodnika nurkowego, kt\u00f3ry b\u0119dzie Ci towarzyszy\u0142 podczas podwodnej przygody, pyszny lunch z mn\u00f3stwem opcji do wyboru , woda mineralna zapewniaj\u0105ca nawodnienie przez ca\u0142y dzie\u0144 oraz op\u0142aty za us\u0142ugi i podatki wliczone w cen\u0119, aby zapewni\u0107 bezproblemow\u0105 obs\u0142ug\u0119. Rozkoszuj si\u0119 wspomnieniami swojego wspania\u0142ego dnia w Abu Dabab i piel\u0119gnuj chwile sp\u0119dzone w tym osza\u0142amiaj\u0105cym raju.<\/p>\n","protected":false},"featured_media":99290,"comment_status":"open","ping_status":"closed","template":"","meta":{"_coblocks_attr":"","_coblocks_dimensions":"","_coblocks_responsive_height":"","_coblocks_accordion_ie_support":"","_uag_custom_page_level_css":"","jetpack_publicize_message":"","jetpack_publicize_feature_enabled":true,"jetpack_social_post_already_shared":true,"jetpack_social_options":{"image_generator_settings":{"template":"highway","default_image_id":0,"font":"","enabled":false},"version":2},"_wpas_customize_per_network":false},"product_brand":[],"product_cat":[8566,1949],"product_tag":[1956,22821,22823,1961,1959],"class_list":{"0":"post-4865","1":"product","2":"type-product","3":"status-publish","4":"has-post-thumbnail","6":"product_cat-indywidualne-wycieczki-hurghada","7":"product_cat-wycieczki-morskie-hurghadzie","8":"product_tag-hurghada-pl","9":"product_tag-morze","10":"product_tag-nurkowanie-z-rurka","11":"product_tag-wycieczka","12":"product_tag-wycieczki-lodzia","14":"first","15":"instock","16":"sale","17":"taxable","18":"shipping-taxable","19":"purchasable","20":"product-type-variable"},"yoast_head":"<!-- This site is optimized with the Yoast SEO Premium plugin v26.9 (Yoast SEO v27.5) - https:\/\/yoast.com\/product\/yoast-seo-premium-wordpress\/ -->\n<title>Wycieczka na pla\u017c\u0119 Abu Dabab z Hurghady<\/title>\n<meta name=\"description\" content=\"Wycieczka na pla\u017c\u0119 Abu Dabab z Hurghady Polecamy wycieczk\u0119, poniewa\u017c pozwala turystom dobrze si\u0119 bawi\u0107 nad morzem! Podr\u00f3\u017c daje mo\u017cliwo\u015b\u0107 zobaczenia pi\u0119knych\" \/>\n<meta name=\"robots\" content=\"index, follow, max-snippet:-1, max-image-preview:large, max-video-preview:-1\" \/>\n<link rel=\"canonical\" href=\"https:\/\/landioustravel.com\/pl\/shop\/wycieczka-plaza-abu-dabab-hurghada\/\" \/>\n<meta property=\"og:locale\" content=\"pl_PL\" \/>\n<meta property=\"og:type\" content=\"article\" \/>\n<meta property=\"og:title\" content=\"Wycieczka na pla\u017c\u0119 Abu Dabab z Hurghady\" \/>\n<meta property=\"og:description\" content=\"Landious Travel\" \/>\n<meta property=\"og:url\" content=\"https:\/\/landioustravel.com\/pl\/shop\/wycieczka-plaza-abu-dabab-hurghada\/\" \/>\n<meta property=\"og:site_name\" content=\"Landious Travel\" \/>\n<meta property=\"article:publisher\" content=\"https:\/\/web.facebook.com\/landiousEgypt\" \/>\n<meta property=\"article:modified_time\" content=\"2024-09-28T17:13:45+00:00\" \/>\n<meta property=\"og:image\" content=\"https:\/\/i0.wp.com\/landioustravel.com\/wp-content\/uploads\/2019\/04\/Abu-Dabab-Beach-Excursion-from-Hurghada-e1669174514735.jpg?fit=1200%2C675&ssl=1\" \/>\n\t<meta property=\"og:image:width\" content=\"1200\" \/>\n\t<meta property=\"og:image:height\" content=\"675\" \/>\n\t<meta property=\"og:image:type\" content=\"image\/jpeg\" \/>\n<meta name=\"twitter:card\" content=\"summary_large_image\" \/>\n<meta name=\"twitter:site\" content=\"@LandiousTours\" \/>\n<meta name=\"twitter:label1\" content=\"Szacowany czas czytania\" \/>\n\t<meta name=\"twitter:data1\" content=\"1 minuta\" \/>\n<script type=\"application\/ld+json\" class=\"yoast-schema-graph\">{\"@context\":\"https:\\\/\\\/schema.org\",\"@graph\":[{\"@type\":\"WebPage\",\"@id\":\"https:\\\/\\\/landioustravel.com\\\/pl\\\/shop\\\/wycieczka-plaza-abu-dabab-hurghada\\\/\",\"url\":\"https:\\\/\\\/landioustravel.com\\\/pl\\\/shop\\\/wycieczka-plaza-abu-dabab-hurghada\\\/\",\"name\":\"Wycieczka na pla\u017c\u0119 Abu Dabab z Hurghady\",\"isPartOf\":{\"@id\":\"https:\\\/\\\/landioustravel.com\\\/pl\\\/#website\"},\"primaryImageOfPage\":{\"@id\":\"https:\\\/\\\/landioustravel.com\\\/pl\\\/shop\\\/wycieczka-plaza-abu-dabab-hurghada\\\/#primaryimage\"},\"image\":{\"@id\":\"https:\\\/\\\/landioustravel.com\\\/pl\\\/shop\\\/wycieczka-plaza-abu-dabab-hurghada\\\/#primaryimage\"},\"thumbnailUrl\":\"https:\\\/\\\/i0.wp.com\\\/landioustravel.com\\\/wp-content\\\/uploads\\\/2019\\\/04\\\/Abu-Dabab-Beach-Excursion-from-Hurghada-e1669174514735.jpg?fit=1200%2C675&ssl=1\",\"datePublished\":\"2019-05-26T01:19:55+00:00\",\"dateModified\":\"2024-09-28T17:13:45+00:00\",\"description\":\"Wycieczka na pla\u017c\u0119 Abu Dabab z Hurghady Polecamy wycieczk\u0119, poniewa\u017c pozwala turystom dobrze si\u0119 bawi\u0107 nad morzem! Podr\u00f3\u017c daje mo\u017cliwo\u015b\u0107 zobaczenia pi\u0119knych\",\"breadcrumb\":{\"@id\":\"https:\\\/\\\/landioustravel.com\\\/pl\\\/shop\\\/wycieczka-plaza-abu-dabab-hurghada\\\/#breadcrumb\"},\"inLanguage\":\"pl-PL\",\"potentialAction\":[{\"@type\":\"ReadAction\",\"target\":[\"https:\\\/\\\/landioustravel.com\\\/pl\\\/shop\\\/wycieczka-plaza-abu-dabab-hurghada\\\/\"]}]},{\"@type\":\"ImageObject\",\"inLanguage\":\"pl-PL\",\"@id\":\"https:\\\/\\\/landioustravel.com\\\/pl\\\/shop\\\/wycieczka-plaza-abu-dabab-hurghada\\\/#primaryimage\",\"url\":\"https:\\\/\\\/i0.wp.com\\\/landioustravel.com\\\/wp-content\\\/uploads\\\/2019\\\/04\\\/Abu-Dabab-Beach-Excursion-from-Hurghada-e1669174514735.jpg?fit=1200%2C675&ssl=1\",\"contentUrl\":\"https:\\\/\\\/i0.wp.com\\\/landioustravel.com\\\/wp-content\\\/uploads\\\/2019\\\/04\\\/Abu-Dabab-Beach-Excursion-from-Hurghada-e1669174514735.jpg?fit=1200%2C675&ssl=1\",\"width\":1200,\"height\":675,\"caption\":\"Abu Dabbab Beach Excursion from Hurghada\"},{\"@type\":\"BreadcrumbList\",\"@id\":\"https:\\\/\\\/landioustravel.com\\\/pl\\\/shop\\\/wycieczka-plaza-abu-dabab-hurghada\\\/#breadcrumb\",\"itemListElement\":[{\"@type\":\"ListItem\",\"position\":1,\"name\":\"Home\",\"item\":\"https:\\\/\\\/landioustravel.com\\\/pl\\\/\"},{\"@type\":\"ListItem\",\"position\":2,\"name\":\"Us\u0142ugi i wycieczki\",\"item\":\"https:\\\/\\\/landioustravel.com\\\/pl\\\/\"},{\"@type\":\"ListItem\",\"position\":3,\"name\":\"Wycieczka na pla\u017c\u0119 Abu Dabab z Hurghady\"}]},{\"@type\":\"WebSite\",\"@id\":\"https:\\\/\\\/landioustravel.com\\\/pl\\\/#website\",\"url\":\"https:\\\/\\\/landioustravel.com\\\/pl\\\/\",\"name\":\"Landious Travel\",\"description\":\"Excursions, trips and cruises in Egypt\",\"publisher\":{\"@id\":\"https:\\\/\\\/landioustravel.com\\\/pl\\\/#organization\"},\"potentialAction\":[{\"@type\":\"SearchAction\",\"target\":{\"@type\":\"EntryPoint\",\"urlTemplate\":\"https:\\\/\\\/landioustravel.com\\\/pl\\\/?s={search_term_string}\"},\"query-input\":{\"@type\":\"PropertyValueSpecification\",\"valueRequired\":true,\"valueName\":\"search_term_string\"}}],\"inLanguage\":\"pl-PL\"},{\"@type\":[\"Organization\",\"Place\"],\"@id\":\"https:\\\/\\\/landioustravel.com\\\/pl\\\/#organization\",\"name\":\"Landious Travel\",\"alternateName\":\"Landious Travel\",\"url\":\"https:\\\/\\\/landioustravel.com\\\/pl\\\/\",\"logo\":{\"@id\":\"https:\\\/\\\/landioustravel.com\\\/pl\\\/shop\\\/wycieczka-plaza-abu-dabab-hurghada\\\/#local-main-organization-logo\"},\"image\":{\"@id\":\"https:\\\/\\\/landioustravel.com\\\/pl\\\/shop\\\/wycieczka-plaza-abu-dabab-hurghada\\\/#local-main-organization-logo\"},\"sameAs\":[\"https:\\\/\\\/web.facebook.com\\\/landiousEgypt\",\"https:\\\/\\\/x.com\\\/LandiousTours\",\"https:\\\/\\\/mastodon.social\\\/@landious\"],\"legalName\":\"Landious Travel\",\"telephone\":[],\"openingHoursSpecification\":[{\"@type\":\"OpeningHoursSpecification\",\"dayOfWeek\":[\"Monday\",\"Tuesday\",\"Wednesday\",\"Thursday\",\"Friday\",\"Saturday\",\"Sunday\"],\"opens\":\"09:00\",\"closes\":\"17:00\"}]},{\"@type\":\"ImageObject\",\"inLanguage\":\"pl-PL\",\"@id\":\"https:\\\/\\\/landioustravel.com\\\/pl\\\/shop\\\/wycieczka-plaza-abu-dabab-hurghada\\\/#local-main-organization-logo\",\"url\":\"https:\\\/\\\/i0.wp.com\\\/landioustravel.com\\\/wp-content\\\/uploads\\\/2021\\\/06\\\/Landious-T.png?fit=500%2C500&ssl=1\",\"contentUrl\":\"https:\\\/\\\/i0.wp.com\\\/landioustravel.com\\\/wp-content\\\/uploads\\\/2021\\\/06\\\/Landious-T.png?fit=500%2C500&ssl=1\",\"width\":500,\"height\":500,\"caption\":\"Landious Travel\"}]}<\/script>\n<!-- \/ Yoast SEO Premium plugin. -->","yoast_head_json":{"title":"Wycieczka na pla\u017c\u0119 Abu Dabab z Hurghady","description":"Wycieczka na pla\u017c\u0119 Abu Dabab z Hurghady Polecamy wycieczk\u0119, poniewa\u017c pozwala turystom dobrze si\u0119 bawi\u0107 nad morzem! Podr\u00f3\u017c daje mo\u017cliwo\u015b\u0107 zobaczenia pi\u0119knych","robots":{"index":"index","follow":"follow","max-snippet":"max-snippet:-1","max-image-preview":"max-image-preview:large","max-video-preview":"max-video-preview:-1"},"canonical":"https:\/\/landioustravel.com\/pl\/shop\/wycieczka-plaza-abu-dabab-hurghada\/","og_locale":"pl_PL","og_type":"article","og_title":"Wycieczka na pla\u017c\u0119 Abu Dabab z Hurghady","og_description":"Landious Travel","og_url":"https:\/\/landioustravel.com\/pl\/shop\/wycieczka-plaza-abu-dabab-hurghada\/","og_site_name":"Landious Travel","article_publisher":"https:\/\/web.facebook.com\/landiousEgypt","article_modified_time":"2024-09-28T17:13:45+00:00","og_image":[{"width":1200,"height":675,"url":"https:\/\/i0.wp.com\/landioustravel.com\/wp-content\/uploads\/2019\/04\/Abu-Dabab-Beach-Excursion-from-Hurghada-e1669174514735.jpg?fit=1200%2C675&ssl=1","type":"image\/jpeg"}],"twitter_card":"summary_large_image","twitter_site":"@LandiousTours","twitter_misc":{"Szacowany czas czytania":"1 minuta"},"schema":{"@context":"https:\/\/schema.org","@graph":[{"@type":"WebPage","@id":"https:\/\/landioustravel.com\/pl\/shop\/wycieczka-plaza-abu-dabab-hurghada\/","url":"https:\/\/landioustravel.com\/pl\/shop\/wycieczka-plaza-abu-dabab-hurghada\/","name":"Wycieczka na pla\u017c\u0119 Abu Dabab z Hurghady","isPartOf":{"@id":"https:\/\/landioustravel.com\/pl\/#website"},"primaryImageOfPage":{"@id":"https:\/\/landioustravel.com\/pl\/shop\/wycieczka-plaza-abu-dabab-hurghada\/#primaryimage"},"image":{"@id":"https:\/\/landioustravel.com\/pl\/shop\/wycieczka-plaza-abu-dabab-hurghada\/#primaryimage"},"thumbnailUrl":"https:\/\/i0.wp.com\/landioustravel.com\/wp-content\/uploads\/2019\/04\/Abu-Dabab-Beach-Excursion-from-Hurghada-e1669174514735.jpg?fit=1200%2C675&ssl=1","datePublished":"2019-05-26T01:19:55+00:00","dateModified":"2024-09-28T17:13:45+00:00","description":"Wycieczka na pla\u017c\u0119 Abu Dabab z Hurghady Polecamy wycieczk\u0119, poniewa\u017c pozwala turystom dobrze si\u0119 bawi\u0107 nad morzem! Podr\u00f3\u017c daje mo\u017cliwo\u015b\u0107 zobaczenia pi\u0119knych","breadcrumb":{"@id":"https:\/\/landioustravel.com\/pl\/shop\/wycieczka-plaza-abu-dabab-hurghada\/#breadcrumb"},"inLanguage":"pl-PL","potentialAction":[{"@type":"ReadAction","target":["https:\/\/landioustravel.com\/pl\/shop\/wycieczka-plaza-abu-dabab-hurghada\/"]}]},{"@type":"ImageObject","inLanguage":"pl-PL","@id":"https:\/\/landioustravel.com\/pl\/shop\/wycieczka-plaza-abu-dabab-hurghada\/#primaryimage","url":"https:\/\/i0.wp.com\/landioustravel.com\/wp-content\/uploads\/2019\/04\/Abu-Dabab-Beach-Excursion-from-Hurghada-e1669174514735.jpg?fit=1200%2C675&ssl=1","contentUrl":"https:\/\/i0.wp.com\/landioustravel.com\/wp-content\/uploads\/2019\/04\/Abu-Dabab-Beach-Excursion-from-Hurghada-e1669174514735.jpg?fit=1200%2C675&ssl=1","width":1200,"height":675,"caption":"Abu Dabbab Beach Excursion from Hurghada"},{"@type":"BreadcrumbList","@id":"https:\/\/landioustravel.com\/pl\/shop\/wycieczka-plaza-abu-dabab-hurghada\/#breadcrumb","itemListElement":[{"@type":"ListItem","position":1,"name":"Home","item":"https:\/\/landioustravel.com\/pl\/"},{"@type":"ListItem","position":2,"name":"Us\u0142ugi i wycieczki","item":"https:\/\/landioustravel.com\/pl\/"},{"@type":"ListItem","position":3,"name":"Wycieczka na pla\u017c\u0119 Abu Dabab z Hurghady"}]},{"@type":"WebSite","@id":"https:\/\/landioustravel.com\/pl\/#website","url":"https:\/\/landioustravel.com\/pl\/","name":"Landious Travel","description":"Excursions, trips and cruises in Egypt","publisher":{"@id":"https:\/\/landioustravel.com\/pl\/#organization"},"potentialAction":[{"@type":"SearchAction","target":{"@type":"EntryPoint","urlTemplate":"https:\/\/landioustravel.com\/pl\/?s={search_term_string}"},"query-input":{"@type":"PropertyValueSpecification","valueRequired":true,"valueName":"search_term_string"}}],"inLanguage":"pl-PL"},{"@type":["Organization","Place"],"@id":"https:\/\/landioustravel.com\/pl\/#organization","name":"Landious Travel","alternateName":"Landious Travel","url":"https:\/\/landioustravel.com\/pl\/","logo":{"@id":"https:\/\/landioustravel.com\/pl\/shop\/wycieczka-plaza-abu-dabab-hurghada\/#local-main-organization-logo"},"image":{"@id":"https:\/\/landioustravel.com\/pl\/shop\/wycieczka-plaza-abu-dabab-hurghada\/#local-main-organization-logo"},"sameAs":["https:\/\/web.facebook.com\/landiousEgypt","https:\/\/x.com\/LandiousTours","https:\/\/mastodon.social\/@landious"],"legalName":"Landious Travel","telephone":[],"openingHoursSpecification":[{"@type":"OpeningHoursSpecification","dayOfWeek":["Monday","Tuesday","Wednesday","Thursday","Friday","Saturday","Sunday"],"opens":"09:00","closes":"17:00"}]},{"@type":"ImageObject","inLanguage":"pl-PL","@id":"https:\/\/landioustravel.com\/pl\/shop\/wycieczka-plaza-abu-dabab-hurghada\/#local-main-organization-logo","url":"https:\/\/i0.wp.com\/landioustravel.com\/wp-content\/uploads\/2021\/06\/Landious-T.png?fit=500%2C500&ssl=1","contentUrl":"https:\/\/i0.wp.com\/landioustravel.com\/wp-content\/uploads\/2021\/06\/Landious-T.png?fit=500%2C500&ssl=1","width":500,"height":500,"caption":"Landious Travel"}]}},"jetpack_publicize_connections":[],"uagb_featured_image_src":{"full":["https:\/\/i0.wp.com\/landioustravel.com\/wp-content\/uploads\/2019\/04\/Abu-Dabab-Beach-Excursion-from-Hurghada-e1669174514735.jpg?fit=1200%2C675&ssl=1",1200,675,false],"thumbnail":["https:\/\/i0.wp.com\/landioustravel.com\/wp-content\/uploads\/2019\/04\/Abu-Dabab-Beach-Excursion-from-Hurghada-e1669174514735.jpg?resize=150%2C150&ssl=1",150,150,true],"medium":["https:\/\/i0.wp.com\/landioustravel.com\/wp-content\/uploads\/2019\/04\/Abu-Dabab-Beach-Excursion-from-Hurghada-e1669174514735.jpg?fit=300%2C169&ssl=1",300,169,true],"medium_large":["https:\/\/i0.wp.com\/landioustravel.com\/wp-content\/uploads\/2019\/04\/Abu-Dabab-Beach-Excursion-from-Hurghada-e1669174514735.jpg?fit=768%2C432&ssl=1",768,432,true],"large":["https:\/\/i0.wp.com\/landioustravel.com\/wp-content\/uploads\/2019\/04\/Abu-Dabab-Beach-Excursion-from-Hurghada-e1669174514735.jpg?fit=980%2C551&ssl=1",980,551,true],"1536x1536":["https:\/\/i0.wp.com\/landioustravel.com\/wp-content\/uploads\/2019\/04\/Abu-Dabab-Beach-Excursion-from-Hurghada-e1669174514735.jpg?fit=1200%2C675&ssl=1",1200,675,true],"2048x2048":["https:\/\/i0.wp.com\/landioustravel.com\/wp-content\/uploads\/2019\/04\/Abu-Dabab-Beach-Excursion-from-Hurghada-e1669174514735.jpg?fit=1200%2C675&ssl=1",1200,675,true],"newspack-article-block-landscape-large":["https:\/\/i0.wp.com\/landioustravel.com\/wp-content\/uploads\/2019\/04\/Abu-Dabab-Beach-Excursion-from-Hurghada-e1669174514735.jpg?resize=1200%2C675&ssl=1",1200,675,true],"newspack-article-block-portrait-large":["https:\/\/i0.wp.com\/landioustravel.com\/wp-content\/uploads\/2019\/04\/Abu-Dabab-Beach-Excursion-from-Hurghada-e1669174514735.jpg?resize=900%2C675&ssl=1",900,675,true],"newspack-article-block-square-large":["https:\/\/i0.wp.com\/landioustravel.com\/wp-content\/uploads\/2019\/04\/Abu-Dabab-Beach-Excursion-from-Hurghada-e1669174514735.jpg?resize=1200%2C675&ssl=1",1200,675,true],"newspack-article-block-landscape-medium":["https:\/\/i0.wp.com\/landioustravel.com\/wp-content\/uploads\/2019\/04\/Abu-Dabab-Beach-Excursion-from-Hurghada-e1669174514735.jpg?resize=800%2C600&ssl=1",800,600,true],"newspack-article-block-portrait-medium":["https:\/\/i0.wp.com\/landioustravel.com\/wp-content\/uploads\/2019\/04\/Abu-Dabab-Beach-Excursion-from-Hurghada-e1669174514735.jpg?resize=600%2C675&ssl=1",600,675,true],"newspack-article-block-square-medium":["https:\/\/i0.wp.com\/landioustravel.com\/wp-content\/uploads\/2019\/04\/Abu-Dabab-Beach-Excursion-from-Hurghada-e1669174514735.jpg?resize=800%2C675&ssl=1",800,675,true],"newspack-article-block-landscape-intermediate":["https:\/\/i0.wp.com\/landioustravel.com\/wp-content\/uploads\/2019\/04\/Abu-Dabab-Beach-Excursion-from-Hurghada-e1669174514735.jpg?resize=600%2C450&ssl=1",600,450,true],"newspack-article-block-portrait-intermediate":["https:\/\/i0.wp.com\/landioustravel.com\/wp-content\/uploads\/2019\/04\/Abu-Dabab-Beach-Excursion-from-Hurghada-e1669174514735.jpg?resize=450%2C600&ssl=1",450,600,true],"newspack-article-block-square-intermediate":["https:\/\/i0.wp.com\/landioustravel.com\/wp-content\/uploads\/2019\/04\/Abu-Dabab-Beach-Excursion-from-Hurghada-e1669174514735.jpg?resize=600%2C600&ssl=1",600,600,true],"newspack-article-block-landscape-small":["https:\/\/i0.wp.com\/landioustravel.com\/wp-content\/uploads\/2019\/04\/Abu-Dabab-Beach-Excursion-from-Hurghada-e1669174514735.jpg?resize=400%2C300&ssl=1",400,300,true],"newspack-article-block-portrait-small":["https:\/\/i0.wp.com\/landioustravel.com\/wp-content\/uploads\/2019\/04\/Abu-Dabab-Beach-Excursion-from-Hurghada-e1669174514735.jpg?resize=300%2C400&ssl=1",300,400,true],"newspack-article-block-square-small":["https:\/\/i0.wp.com\/landioustravel.com\/wp-content\/uploads\/2019\/04\/Abu-Dabab-Beach-Excursion-from-Hurghada-e1669174514735.jpg?resize=400%2C400&ssl=1",400,400,true],"newspack-article-block-landscape-tiny":["https:\/\/i0.wp.com\/landioustravel.com\/wp-content\/uploads\/2019\/04\/Abu-Dabab-Beach-Excursion-from-Hurghada-e1669174514735.jpg?resize=200%2C150&ssl=1",200,150,true],"newspack-article-block-portrait-tiny":["https:\/\/i0.wp.com\/landioustravel.com\/wp-content\/uploads\/2019\/04\/Abu-Dabab-Beach-Excursion-from-Hurghada-e1669174514735.jpg?resize=150%2C200&ssl=1",150,200,true],"newspack-article-block-square-tiny":["https:\/\/i0.wp.com\/landioustravel.com\/wp-content\/uploads\/2019\/04\/Abu-Dabab-Beach-Excursion-from-Hurghada-e1669174514735.jpg?resize=200%2C200&ssl=1",200,200,true],"newspack-article-block-uncropped":["https:\/\/i0.wp.com\/landioustravel.com\/wp-content\/uploads\/2019\/04\/Abu-Dabab-Beach-Excursion-from-Hurghada-e1669174514735.jpg?fit=1200%2C675&ssl=1",1200,675,true],"woocommerce_thumbnail":["https:\/\/i0.wp.com\/landioustravel.com\/wp-content\/uploads\/2019\/04\/Abu-Dabab-Beach-Excursion-from-Hurghada-e1669174514735.jpg?resize=324%2C324&ssl=1",324,324,true],"woocommerce_single":["https:\/\/i0.wp.com\/landioustravel.com\/wp-content\/uploads\/2019\/04\/Abu-Dabab-Beach-Excursion-from-Hurghada-e1669174514735.jpg?fit=416%2C234&ssl=1",416,234,true],"woocommerce_gallery_thumbnail":["https:\/\/i0.wp.com\/landioustravel.com\/wp-content\/uploads\/2019\/04\/Abu-Dabab-Beach-Excursion-from-Hurghada-e1669174514735.jpg?resize=100%2C100&ssl=1",100,100,true]},"uagb_author_info":{"display_name":"Mofreh Landious","author_link":"https:\/\/landioustravel.com\/pl\/author\/"},"uagb_comment_info":3,"uagb_excerpt":"Wyrusz w podr\u00f3\u017c na pla\u017c\u0119 Abu Dabab z Hurghady i sp\u0119d\u017a ca\u0142y dzie\u0144, wygrzewaj\u0105c si\u0119 w pi\u0119knie tej wspania\u0142ej linii brzegowej. Pokochasz wylegiwanie si\u0119 na z\u0142otym piasku, k\u0105piel w krystalicznie czystej wodzie i rejestrowanie zapieraj\u0105cych dech w piersiach chwil swoim aparatem. Pla\u017ca jest ostoj\u0105 rzadkich i zagro\u017conych gatunk\u00f3w, takich jak diugo\u0144, znany r\u00f3wnie\u017c jako krowa&hellip;","jetpack_sharing_enabled":true,"jetpack_likes_enabled":true,"amp_enabled":true,"_links":{"self":[{"href":"https:\/\/landioustravel.com\/pl\/wp-json\/wp\/v2\/product\/4865","targetHints":{"allow":["GET"]}}],"collection":[{"href":"https:\/\/landioustravel.com\/pl\/wp-json\/wp\/v2\/product"}],"about":[{"href":"https:\/\/landioustravel.com\/pl\/wp-json\/wp\/v2\/types\/product"}],"replies":[{"embeddable":true,"href":"https:\/\/landioustravel.com\/pl\/wp-json\/wp\/v2\/comments?post=4865"}],"wp:featuredmedia":[{"embeddable":true,"href":"https:\/\/landioustravel.com\/pl\/wp-json\/wp\/v2\/media\/99290"}],"wp:attachment":[{"href":"https:\/\/landioustravel.com\/pl\/wp-json\/wp\/v2\/media?parent=4865"}],"wp:term":[{"taxonomy":"product_brand","embeddable":true,"href":"https:\/\/landioustravel.com\/pl\/wp-json\/wp\/v2\/product_brand?post=4865"},{"taxonomy":"product_cat","embeddable":true,"href":"https:\/\/landioustravel.com\/pl\/wp-json\/wp\/v2\/product_cat?post=4865"},{"taxonomy":"product_tag","embeddable":true,"href":"https:\/\/landioustravel.com\/pl\/wp-json\/wp\/v2\/product_tag?post=4865"}],"curies":[{"name":"wp","href":"https:\/\/api.w.org\/{rel}","templated":true}]}}