{"id":6328,"date":"2019-06-02T04:26:15","date_gmt":"2019-06-03T13:25:28","guid":{"rendered":"https:\/\/landioustravel.com\/?post_type=product&#038;p=6328"},"modified":"2026-04-29T20:15:05","modified_gmt":"2026-04-29T17:15:05","slug":"prywatna-lodz-motorowa-delfin-hurghada","status":"publish","type":"product","link":"https:\/\/landioustravel.com\/pl\/shop\/prywatna-lodz-motorowa-delfin-hurghada\/","title":{"rendered":"Prywatna \u0142\u00f3d\u017a motorowa do Zatoki Delfin\u00f3w z Hurghady"},"content":{"rendered":"<p>Niesamowita wycieczka morska do Dolphin Bay w <a href=\"https:\/\/landioustravel.com\/pl\/miasto-hurghada\/\">Hurghadzie<\/a> prywatn\u0105 \u0142odzi\u0105 motorow\u0105! Polecamy wycieczk\u0119, poniewa\u017c pozwala ona turystom sp\u0119dzi\u0107 mi\u0142o czas p\u0142ywaj\u0105c z delfinami. Pozwala tak\u017ce zobaczy\u0107 pi\u0119kne korale i r\u00f3\u017cnorodne ryby oraz cieszy\u0107 si\u0119 piknikiem morskim przez Morze Czerwone. Zalecamy, aby\u015b robi\u0142 swoje podr\u00f3\u017ce indywidualnie, aby uzyska\u0107 wszystko, co jest dla ciebie niestandardowe!<\/p>\n<h2>G\u0142\u00f3wne punkty programu wycieczek do Dolphin Bay \u0142odzi\u0105 motorow\u0105<\/h2>\n<ul>\n<li>P\u0142ywanie z delfinami na otwartym morzu<\/li>\n<li>Nurkowanie w otwartym morzu<\/li>\n<\/ul>\n<h3>Program prywatnej \u0142odzi motorowej do Zatoki Delfin\u00f3w z Hurghady<\/h3>\n<ul>\n<li>Odbieramy Ci\u0119 z hotelu oko\u0142o 08:00<\/li>\n<li>Po zabraniu wszystkich ch\u0119tnych autobus jedzie do portu. Droga do portu zajmuje oko\u0142o 10 minut<\/li>\n<li>Znajdziesz \u0142\u00f3d\u017a motorow\u0105 w porcie. Jest szykowny! Ta \u0142\u00f3d\u017a motorowa jest wyposa\u017cona w wygodne fotele i lod\u00f3wk\u0119. Gdy tylko wejdziesz do \u0142odzi motorowej, mo\u017cesz przygotowa\u0107 si\u0119 na fantastyczny piknik nad Morzem Czerwonym<\/li>\n<li>\u0141\u00f3d\u017a motorowa przep\u0142ywa przez Morze Czerwone w kierunku pi\u0119knego korala, gdzie mo\u017cna si\u0119 zatrzyma\u0107. Tam mo\u017cesz p\u0142ywa\u0107 i nurkowa\u0107 z maskami i p\u0142etwami<\/li>\n<li>Nast\u0119pnie zatrzymasz si\u0119 w innym miejscu, aby przej\u015b\u0107 z uroczymi morskimi stworzeniami _ delfinami. Ten przystanek jest wyj\u0105tkowy, poniewa\u017c znajduje si\u0119 w Dolphin Bay, gdzie delfiny \u017cyj\u0105 w du\u017cych ilo\u015bciach.<\/li>\n<li>Ten program wycieczek do Dolphin Bay ko\u0144czy si\u0119 oko\u0142o 13:30<\/li>\n<\/ul>\n<h4>Co jest wliczone w cen\u0119 wycieczki<\/h4>\n<ul>\n<li>Prywatna \u0142\u00f3d\u017a motorowa<\/li>\n<li>Sprz\u0119t do nurkowania (maski i p\u0142etwy)<\/li>\n<li>Napoje i \u015bwie\u017ce owoce na \u0142odzi motorowej<\/li>\n<li>Przejazd do portu iz powrotem do hotelu<\/li>\n<\/ul>\n<h5>Co nie jest wliczone w cen\u0119 wycieczki<\/h5>\n<ul>\n<li>DVD wideo<\/li>\n<li>CD ze zdj\u0119ciami<\/li>\n<\/ul>\n<h6>Co zabra\u0107 ze sob\u0105 na wycieczk\u0119<\/h6>\n<ul>\n<li>R\u0119cznik<\/li>\n<li>Krem do opalania<\/li>\n<\/ul>\n<h6>DNI ORGANIZACJI WYCIECZKI<\/h6>\n<ul>\n<li>Codziennie od 08: 00-13: 30<\/li>\n<\/ul>\n","protected":false},"excerpt":{"rendered":"<p>Prze\u017cyj niezapomnian\u0105 prywatn\u0105 wycieczk\u0119 morsk\u0105 do Dolphin Bay z Hurghady \u0142odzi\u0105 motorow\u0105. B\u0119dziesz cieszy\u0107 si\u0119 piknikiem morskim przez Morze Czerwone, a nast\u0119pnie zatrzymasz si\u0119 na otwartym morzu, aby pop\u0142ywa\u0107 i nurkowa\u0107 z maskami i p\u0142etwami. Nast\u0119pnie odwiedzisz Dolphin Bay, gdzie mo\u017cesz zobaczy\u0107 delfiny w ich naturalnym \u015brodowisku. Ten przystanek jest wyj\u0105tkowy, poniewa\u017c delfiny \u017cyj\u0105 tutaj w znacznych ilo\u015bciach. Eksploruj Morze Czerwone \u0142odzi\u0105 motorow\u0105 na p\u00f3\u0142dniow\u0105 prywatn\u0105 wycieczk\u0119 z rurk\u0105 w poszukiwaniu delfin\u00f3w. Udaj si\u0119 na raf\u0119 koralow\u0105 znan\u0105 jako \u201eDolphin House\u201d, gdzie mo\u017cesz za\u0142o\u017cy\u0107 sprz\u0119t do nurkowania i wybra\u0107 si\u0119 na safari z rurk\u0105, aby znale\u017a\u0107 te majestatyczne stworzenia. Opr\u00f3cz delfin\u00f3w na rafach Dolphin House i El Fanadir mo\u017cna zobaczy\u0107 kolorowe koralowce, ryby, manty, mureny i wiele innych. Na koniec odwied\u017a wysp\u0119 Abu Minqar i zatrzymaj si\u0119 na nurkowanie przy wraku statku. Wybierz si\u0119 na prywatn\u0105 wycieczk\u0119 \u0142odzi\u0105 motorow\u0105 z Hurghady i p\u0142ywaj i nurkuj w wodzie z delfinami. Obserwuj lokalne \u017cycie morskie, takie jak manty i koralowce, ciesz\u0105c si\u0119 spersonalizowanym do\u015bwiadczeniem z prywatn\u0105 \u0142odzi\u0105 i przewodnikiem. Nasza firma oferuje doskona\u0142\u0105 reputacj\u0119 dzi\u0119ki konkurencyjnym cenom, uczciwo\u015bci, rzetelno\u015bci, doradztwu i przyjaznej obs\u0142udze osobistej. Priorytetowo traktujemy bezpiecze\u0144stwo, standardy i do\u015bwiadczenie, zapewniaj\u0105c najlepszy mo\u017cliwy czas bez nara\u017cania w\u0142asnego bezpiecze\u0144stwa. Odbierzemy Ci\u0119 z dowolnego miejsca na El Gounie i przystani w Hurghadzie, u\u0142atwiaj\u0105c Ci poznanie pi\u0119kna raf Morza Czerwonego. Ten podwodny ekosystem jest domem dla ponad 300 gatunk\u00f3w koralowc\u00f3w i 1000 gatunk\u00f3w ryb, z kt\u00f3rych 10% nie wyst\u0119puje nigdzie indziej na \u015bwiecie. Nie przegap tej niesamowitej okazji do odkrywania wspania\u0142ych wysp Giftun i Omo Gamaar.<\/p>\n<p>Nie mo\u017cemy si\u0119 doczeka\u0107 spotkania z Pa\u0144stwem jako klient\u00f3w i odej\u015bcia jako dobrzy przyjaciele.<\/p>\n","protected":false},"featured_media":128976,"comment_status":"open","ping_status":"closed","template":"","meta":{"_coblocks_attr":"","_coblocks_dimensions":"","_coblocks_responsive_height":"","_coblocks_accordion_ie_support":"","_uag_custom_page_level_css":"","jetpack_publicize_message":"","jetpack_publicize_feature_enabled":true,"jetpack_social_post_already_shared":true,"jetpack_social_options":{"image_generator_settings":{"template":"highway","default_image_id":0,"font":"","enabled":false},"version":2},"_wpas_customize_per_network":false},"product_brand":[],"product_cat":[2345,1466],"product_tag":[1480,1483,1496,1525,22565,1489,1497],"class_list":{"0":"post-6328","1":"product","2":"type-product","3":"status-publish","4":"has-post-thumbnail","6":"product_cat-individual-excursions-hurghada","7":"product_cat-sea-trips-hurghada","8":"product_tag-dolphin-house","9":"product_tag-hurghada","10":"product_tag-sea","11":"product_tag-snorkeling","12":"product_tag-excursion","13":"product_tag-excursions-from-hurghada","14":"product_tag-boat-trips","16":"first","17":"instock","18":"sale","19":"taxable","20":"shipping-taxable","21":"purchasable","22":"product-type-variable"},"yoast_head":"<!-- This site is optimized with the Yoast SEO Premium plugin v26.9 (Yoast SEO v27.5) - https:\/\/yoast.com\/product\/yoast-seo-premium-wordpress\/ -->\n<title>Prywatna \u0142\u00f3d\u017a motorowa do Zatoki Delfin\u00f3w z Hurghady<\/title>\n<meta name=\"description\" content=\"Prywatna \u0142\u00f3d\u017a motorowa do Zatoki Delfin\u00f3w z Hurghady Polecamy wycieczk\u0119, poniewa\u017c pozwala ona turystom sp\u0119dzi\u0107 mi\u0142o czas p\u0142ywaj\u0105c z delfinami. Pozwala tak\u017ce\" \/>\n<meta name=\"robots\" content=\"index, follow, max-snippet:-1, max-image-preview:large, max-video-preview:-1\" \/>\n<link rel=\"canonical\" href=\"https:\/\/landioustravel.com\/pl\/shop\/prywatna-lodz-motorowa-delfin-hurghada\/\" \/>\n<meta property=\"og:locale\" content=\"pl_PL\" \/>\n<meta property=\"og:type\" content=\"article\" \/>\n<meta property=\"og:title\" content=\"Prywatna \u0142\u00f3d\u017a motorowa do Zatoki Delfin\u00f3w z Hurghady\" \/>\n<meta property=\"og:description\" content=\"Landious Travel\" \/>\n<meta property=\"og:url\" content=\"https:\/\/landioustravel.com\/pl\/shop\/prywatna-lodz-motorowa-delfin-hurghada\/\" \/>\n<meta property=\"og:site_name\" content=\"Landious Travel\" \/>\n<meta property=\"article:publisher\" content=\"https:\/\/web.facebook.com\/landiousEgypt\" \/>\n<meta property=\"article:modified_time\" content=\"2026-04-29T17:15:05+00:00\" \/>\n<meta property=\"og:image\" content=\"https:\/\/i0.wp.com\/landioustravel.com\/wp-content\/uploads\/2019\/06\/Dolphin-Bay-Speedboat-from-Hurghada-e1669146483801.jpg?fit=1280%2C720&ssl=1\" \/>\n\t<meta property=\"og:image:width\" content=\"1280\" \/>\n\t<meta property=\"og:image:height\" content=\"720\" \/>\n\t<meta property=\"og:image:type\" content=\"image\/jpeg\" \/>\n<meta name=\"twitter:card\" content=\"summary_large_image\" \/>\n<meta name=\"twitter:site\" content=\"@LandiousTours\" \/>\n<meta name=\"twitter:label1\" content=\"Szacowany czas czytania\" \/>\n\t<meta name=\"twitter:data1\" content=\"2 minuty\" \/>\n<script type=\"application\/ld+json\" class=\"yoast-schema-graph\">{\"@context\":\"https:\\\/\\\/schema.org\",\"@graph\":[{\"@type\":\"WebPage\",\"@id\":\"https:\\\/\\\/landioustravel.com\\\/pl\\\/shop\\\/prywatna-lodz-motorowa-delfin-hurghada\\\/\",\"url\":\"https:\\\/\\\/landioustravel.com\\\/pl\\\/shop\\\/prywatna-lodz-motorowa-delfin-hurghada\\\/\",\"name\":\"Prywatna \u0142\u00f3d\u017a motorowa do Zatoki Delfin\u00f3w z Hurghady\",\"isPartOf\":{\"@id\":\"https:\\\/\\\/landioustravel.com\\\/pl\\\/#website\"},\"primaryImageOfPage\":{\"@id\":\"https:\\\/\\\/landioustravel.com\\\/pl\\\/shop\\\/prywatna-lodz-motorowa-delfin-hurghada\\\/#primaryimage\"},\"image\":{\"@id\":\"https:\\\/\\\/landioustravel.com\\\/pl\\\/shop\\\/prywatna-lodz-motorowa-delfin-hurghada\\\/#primaryimage\"},\"thumbnailUrl\":\"https:\\\/\\\/i0.wp.com\\\/landioustravel.com\\\/wp-content\\\/uploads\\\/2019\\\/06\\\/Dolphin-Bay-Speedboat-from-Hurghada-e1669146483801.jpg?fit=1280%2C720&ssl=1\",\"datePublished\":\"2019-06-03T13:25:28+00:00\",\"dateModified\":\"2026-04-29T17:15:05+00:00\",\"description\":\"Prywatna \u0142\u00f3d\u017a motorowa do Zatoki Delfin\u00f3w z Hurghady Polecamy wycieczk\u0119, poniewa\u017c pozwala ona turystom sp\u0119dzi\u0107 mi\u0142o czas p\u0142ywaj\u0105c z delfinami. Pozwala tak\u017ce\",\"breadcrumb\":{\"@id\":\"https:\\\/\\\/landioustravel.com\\\/pl\\\/shop\\\/prywatna-lodz-motorowa-delfin-hurghada\\\/#breadcrumb\"},\"inLanguage\":\"pl-PL\",\"potentialAction\":[{\"@type\":\"ReadAction\",\"target\":[\"https:\\\/\\\/landioustravel.com\\\/pl\\\/shop\\\/prywatna-lodz-motorowa-delfin-hurghada\\\/\"]}]},{\"@type\":\"ImageObject\",\"inLanguage\":\"pl-PL\",\"@id\":\"https:\\\/\\\/landioustravel.com\\\/pl\\\/shop\\\/prywatna-lodz-motorowa-delfin-hurghada\\\/#primaryimage\",\"url\":\"https:\\\/\\\/i0.wp.com\\\/landioustravel.com\\\/wp-content\\\/uploads\\\/2019\\\/06\\\/Dolphin-Bay-Speedboat-from-Hurghada-e1669146483801.jpg?fit=1280%2C720&ssl=1\",\"contentUrl\":\"https:\\\/\\\/i0.wp.com\\\/landioustravel.com\\\/wp-content\\\/uploads\\\/2019\\\/06\\\/Dolphin-Bay-Speedboat-from-Hurghada-e1669146483801.jpg?fit=1280%2C720&ssl=1\",\"width\":1280,\"height\":720,\"caption\":\"Dolphin Bay Speedboat from Hurghada\"},{\"@type\":\"BreadcrumbList\",\"@id\":\"https:\\\/\\\/landioustravel.com\\\/pl\\\/shop\\\/prywatna-lodz-motorowa-delfin-hurghada\\\/#breadcrumb\",\"itemListElement\":[{\"@type\":\"ListItem\",\"position\":1,\"name\":\"Home\",\"item\":\"https:\\\/\\\/landioustravel.com\\\/pl\\\/\"},{\"@type\":\"ListItem\",\"position\":2,\"name\":\"Us\u0142ugi i wycieczki\",\"item\":\"https:\\\/\\\/landioustravel.com\\\/pl\\\/\"},{\"@type\":\"ListItem\",\"position\":3,\"name\":\"Prywatna \u0142\u00f3d\u017a motorowa do Zatoki Delfin\u00f3w z Hurghady\"}]},{\"@type\":\"WebSite\",\"@id\":\"https:\\\/\\\/landioustravel.com\\\/pl\\\/#website\",\"url\":\"https:\\\/\\\/landioustravel.com\\\/pl\\\/\",\"name\":\"Landious Travel\",\"description\":\"Excursions, trips and cruises in Egypt\",\"publisher\":{\"@id\":\"https:\\\/\\\/landioustravel.com\\\/pl\\\/#organization\"},\"potentialAction\":[{\"@type\":\"SearchAction\",\"target\":{\"@type\":\"EntryPoint\",\"urlTemplate\":\"https:\\\/\\\/landioustravel.com\\\/pl\\\/?s={search_term_string}\"},\"query-input\":{\"@type\":\"PropertyValueSpecification\",\"valueRequired\":true,\"valueName\":\"search_term_string\"}}],\"inLanguage\":\"pl-PL\"},{\"@type\":[\"Organization\",\"Place\"],\"@id\":\"https:\\\/\\\/landioustravel.com\\\/pl\\\/#organization\",\"name\":\"Landious Travel\",\"alternateName\":\"Landious Travel\",\"url\":\"https:\\\/\\\/landioustravel.com\\\/pl\\\/\",\"logo\":{\"@id\":\"https:\\\/\\\/landioustravel.com\\\/pl\\\/shop\\\/prywatna-lodz-motorowa-delfin-hurghada\\\/#local-main-organization-logo\"},\"image\":{\"@id\":\"https:\\\/\\\/landioustravel.com\\\/pl\\\/shop\\\/prywatna-lodz-motorowa-delfin-hurghada\\\/#local-main-organization-logo\"},\"sameAs\":[\"https:\\\/\\\/web.facebook.com\\\/landiousEgypt\",\"https:\\\/\\\/x.com\\\/LandiousTours\",\"https:\\\/\\\/mastodon.social\\\/@landious\"],\"legalName\":\"Landious Travel\",\"telephone\":[],\"openingHoursSpecification\":[{\"@type\":\"OpeningHoursSpecification\",\"dayOfWeek\":[\"Monday\",\"Tuesday\",\"Wednesday\",\"Thursday\",\"Friday\",\"Saturday\",\"Sunday\"],\"opens\":\"09:00\",\"closes\":\"17:00\"}]},{\"@type\":\"ImageObject\",\"inLanguage\":\"pl-PL\",\"@id\":\"https:\\\/\\\/landioustravel.com\\\/pl\\\/shop\\\/prywatna-lodz-motorowa-delfin-hurghada\\\/#local-main-organization-logo\",\"url\":\"https:\\\/\\\/i0.wp.com\\\/landioustravel.com\\\/wp-content\\\/uploads\\\/2021\\\/06\\\/Landious-T.png?fit=500%2C500&ssl=1\",\"contentUrl\":\"https:\\\/\\\/i0.wp.com\\\/landioustravel.com\\\/wp-content\\\/uploads\\\/2021\\\/06\\\/Landious-T.png?fit=500%2C500&ssl=1\",\"width\":500,\"height\":500,\"caption\":\"Landious Travel\"}]}<\/script>\n<!-- \/ Yoast SEO Premium plugin. -->","yoast_head_json":{"title":"Prywatna \u0142\u00f3d\u017a motorowa do Zatoki Delfin\u00f3w z Hurghady","description":"Prywatna \u0142\u00f3d\u017a motorowa do Zatoki Delfin\u00f3w z Hurghady Polecamy wycieczk\u0119, poniewa\u017c pozwala ona turystom sp\u0119dzi\u0107 mi\u0142o czas p\u0142ywaj\u0105c z delfinami. Pozwala tak\u017ce","robots":{"index":"index","follow":"follow","max-snippet":"max-snippet:-1","max-image-preview":"max-image-preview:large","max-video-preview":"max-video-preview:-1"},"canonical":"https:\/\/landioustravel.com\/pl\/shop\/prywatna-lodz-motorowa-delfin-hurghada\/","og_locale":"pl_PL","og_type":"article","og_title":"Prywatna \u0142\u00f3d\u017a motorowa do Zatoki Delfin\u00f3w z Hurghady","og_description":"Landious Travel","og_url":"https:\/\/landioustravel.com\/pl\/shop\/prywatna-lodz-motorowa-delfin-hurghada\/","og_site_name":"Landious Travel","article_publisher":"https:\/\/web.facebook.com\/landiousEgypt","article_modified_time":"2026-04-29T17:15:05+00:00","og_image":[{"width":1280,"height":720,"url":"https:\/\/i0.wp.com\/landioustravel.com\/wp-content\/uploads\/2019\/06\/Dolphin-Bay-Speedboat-from-Hurghada-e1669146483801.jpg?fit=1280%2C720&ssl=1","type":"image\/jpeg"}],"twitter_card":"summary_large_image","twitter_site":"@LandiousTours","twitter_misc":{"Szacowany czas czytania":"2 minuty"},"schema":{"@context":"https:\/\/schema.org","@graph":[{"@type":"WebPage","@id":"https:\/\/landioustravel.com\/pl\/shop\/prywatna-lodz-motorowa-delfin-hurghada\/","url":"https:\/\/landioustravel.com\/pl\/shop\/prywatna-lodz-motorowa-delfin-hurghada\/","name":"Prywatna \u0142\u00f3d\u017a motorowa do Zatoki Delfin\u00f3w z Hurghady","isPartOf":{"@id":"https:\/\/landioustravel.com\/pl\/#website"},"primaryImageOfPage":{"@id":"https:\/\/landioustravel.com\/pl\/shop\/prywatna-lodz-motorowa-delfin-hurghada\/#primaryimage"},"image":{"@id":"https:\/\/landioustravel.com\/pl\/shop\/prywatna-lodz-motorowa-delfin-hurghada\/#primaryimage"},"thumbnailUrl":"https:\/\/i0.wp.com\/landioustravel.com\/wp-content\/uploads\/2019\/06\/Dolphin-Bay-Speedboat-from-Hurghada-e1669146483801.jpg?fit=1280%2C720&ssl=1","datePublished":"2019-06-03T13:25:28+00:00","dateModified":"2026-04-29T17:15:05+00:00","description":"Prywatna \u0142\u00f3d\u017a motorowa do Zatoki Delfin\u00f3w z Hurghady Polecamy wycieczk\u0119, poniewa\u017c pozwala ona turystom sp\u0119dzi\u0107 mi\u0142o czas p\u0142ywaj\u0105c z delfinami. Pozwala tak\u017ce","breadcrumb":{"@id":"https:\/\/landioustravel.com\/pl\/shop\/prywatna-lodz-motorowa-delfin-hurghada\/#breadcrumb"},"inLanguage":"pl-PL","potentialAction":[{"@type":"ReadAction","target":["https:\/\/landioustravel.com\/pl\/shop\/prywatna-lodz-motorowa-delfin-hurghada\/"]}]},{"@type":"ImageObject","inLanguage":"pl-PL","@id":"https:\/\/landioustravel.com\/pl\/shop\/prywatna-lodz-motorowa-delfin-hurghada\/#primaryimage","url":"https:\/\/i0.wp.com\/landioustravel.com\/wp-content\/uploads\/2019\/06\/Dolphin-Bay-Speedboat-from-Hurghada-e1669146483801.jpg?fit=1280%2C720&ssl=1","contentUrl":"https:\/\/i0.wp.com\/landioustravel.com\/wp-content\/uploads\/2019\/06\/Dolphin-Bay-Speedboat-from-Hurghada-e1669146483801.jpg?fit=1280%2C720&ssl=1","width":1280,"height":720,"caption":"Dolphin Bay Speedboat from Hurghada"},{"@type":"BreadcrumbList","@id":"https:\/\/landioustravel.com\/pl\/shop\/prywatna-lodz-motorowa-delfin-hurghada\/#breadcrumb","itemListElement":[{"@type":"ListItem","position":1,"name":"Home","item":"https:\/\/landioustravel.com\/pl\/"},{"@type":"ListItem","position":2,"name":"Us\u0142ugi i wycieczki","item":"https:\/\/landioustravel.com\/pl\/"},{"@type":"ListItem","position":3,"name":"Prywatna \u0142\u00f3d\u017a motorowa do Zatoki Delfin\u00f3w z Hurghady"}]},{"@type":"WebSite","@id":"https:\/\/landioustravel.com\/pl\/#website","url":"https:\/\/landioustravel.com\/pl\/","name":"Landious Travel","description":"Excursions, trips and cruises in Egypt","publisher":{"@id":"https:\/\/landioustravel.com\/pl\/#organization"},"potentialAction":[{"@type":"SearchAction","target":{"@type":"EntryPoint","urlTemplate":"https:\/\/landioustravel.com\/pl\/?s={search_term_string}"},"query-input":{"@type":"PropertyValueSpecification","valueRequired":true,"valueName":"search_term_string"}}],"inLanguage":"pl-PL"},{"@type":["Organization","Place"],"@id":"https:\/\/landioustravel.com\/pl\/#organization","name":"Landious Travel","alternateName":"Landious Travel","url":"https:\/\/landioustravel.com\/pl\/","logo":{"@id":"https:\/\/landioustravel.com\/pl\/shop\/prywatna-lodz-motorowa-delfin-hurghada\/#local-main-organization-logo"},"image":{"@id":"https:\/\/landioustravel.com\/pl\/shop\/prywatna-lodz-motorowa-delfin-hurghada\/#local-main-organization-logo"},"sameAs":["https:\/\/web.facebook.com\/landiousEgypt","https:\/\/x.com\/LandiousTours","https:\/\/mastodon.social\/@landious"],"legalName":"Landious Travel","telephone":[],"openingHoursSpecification":[{"@type":"OpeningHoursSpecification","dayOfWeek":["Monday","Tuesday","Wednesday","Thursday","Friday","Saturday","Sunday"],"opens":"09:00","closes":"17:00"}]},{"@type":"ImageObject","inLanguage":"pl-PL","@id":"https:\/\/landioustravel.com\/pl\/shop\/prywatna-lodz-motorowa-delfin-hurghada\/#local-main-organization-logo","url":"https:\/\/i0.wp.com\/landioustravel.com\/wp-content\/uploads\/2021\/06\/Landious-T.png?fit=500%2C500&ssl=1","contentUrl":"https:\/\/i0.wp.com\/landioustravel.com\/wp-content\/uploads\/2021\/06\/Landious-T.png?fit=500%2C500&ssl=1","width":500,"height":500,"caption":"Landious Travel"}]}},"jetpack_publicize_connections":[],"uagb_featured_image_src":{"full":["https:\/\/i0.wp.com\/landioustravel.com\/wp-content\/uploads\/2019\/06\/Dolphin-Bay-Speedboat-from-Hurghada-e1669146483801.jpg?fit=1280%2C720&ssl=1",1280,720,false],"thumbnail":["https:\/\/i0.wp.com\/landioustravel.com\/wp-content\/uploads\/2019\/06\/Dolphin-Bay-Speedboat-from-Hurghada-e1669146483801.jpg?resize=150%2C150&ssl=1",150,150,true],"medium":["https:\/\/i0.wp.com\/landioustravel.com\/wp-content\/uploads\/2019\/06\/Dolphin-Bay-Speedboat-from-Hurghada-e1669146483801.jpg?fit=300%2C169&ssl=1",300,169,true],"medium_large":["https:\/\/i0.wp.com\/landioustravel.com\/wp-content\/uploads\/2019\/06\/Dolphin-Bay-Speedboat-from-Hurghada-e1669146483801.jpg?fit=768%2C432&ssl=1",768,432,true],"large":["https:\/\/i0.wp.com\/landioustravel.com\/wp-content\/uploads\/2019\/06\/Dolphin-Bay-Speedboat-from-Hurghada-e1669146483801.jpg?fit=980%2C551&ssl=1",980,551,true],"1536x1536":["https:\/\/i0.wp.com\/landioustravel.com\/wp-content\/uploads\/2019\/06\/Dolphin-Bay-Speedboat-from-Hurghada-e1669146483801.jpg?fit=1280%2C720&ssl=1",1280,720,true],"2048x2048":["https:\/\/i0.wp.com\/landioustravel.com\/wp-content\/uploads\/2019\/06\/Dolphin-Bay-Speedboat-from-Hurghada-e1669146483801.jpg?fit=1280%2C720&ssl=1",1280,720,true],"newspack-article-block-landscape-large":["https:\/\/i0.wp.com\/landioustravel.com\/wp-content\/uploads\/2019\/06\/Dolphin-Bay-Speedboat-from-Hurghada-e1669146483801.jpg?resize=1200%2C720&ssl=1",1200,720,true],"newspack-article-block-portrait-large":["https:\/\/i0.wp.com\/landioustravel.com\/wp-content\/uploads\/2019\/06\/Dolphin-Bay-Speedboat-from-Hurghada-e1669146483801.jpg?resize=900%2C720&ssl=1",900,720,true],"newspack-article-block-square-large":["https:\/\/i0.wp.com\/landioustravel.com\/wp-content\/uploads\/2019\/06\/Dolphin-Bay-Speedboat-from-Hurghada-e1669146483801.jpg?resize=1200%2C720&ssl=1",1200,720,true],"newspack-article-block-landscape-medium":["https:\/\/i0.wp.com\/landioustravel.com\/wp-content\/uploads\/2019\/06\/Dolphin-Bay-Speedboat-from-Hurghada-e1669146483801.jpg?resize=800%2C600&ssl=1",800,600,true],"newspack-article-block-portrait-medium":["https:\/\/i0.wp.com\/landioustravel.com\/wp-content\/uploads\/2019\/06\/Dolphin-Bay-Speedboat-from-Hurghada-e1669146483801.jpg?resize=600%2C720&ssl=1",600,720,true],"newspack-article-block-square-medium":["https:\/\/i0.wp.com\/landioustravel.com\/wp-content\/uploads\/2019\/06\/Dolphin-Bay-Speedboat-from-Hurghada-e1669146483801.jpg?resize=800%2C720&ssl=1",800,720,true],"newspack-article-block-landscape-intermediate":["https:\/\/i0.wp.com\/landioustravel.com\/wp-content\/uploads\/2019\/06\/Dolphin-Bay-Speedboat-from-Hurghada-e1669146483801.jpg?resize=600%2C450&ssl=1",600,450,true],"newspack-article-block-portrait-intermediate":["https:\/\/i0.wp.com\/landioustravel.com\/wp-content\/uploads\/2019\/06\/Dolphin-Bay-Speedboat-from-Hurghada-e1669146483801.jpg?resize=450%2C600&ssl=1",450,600,true],"newspack-article-block-square-intermediate":["https:\/\/i0.wp.com\/landioustravel.com\/wp-content\/uploads\/2019\/06\/Dolphin-Bay-Speedboat-from-Hurghada-e1669146483801.jpg?resize=600%2C600&ssl=1",600,600,true],"newspack-article-block-landscape-small":["https:\/\/i0.wp.com\/landioustravel.com\/wp-content\/uploads\/2019\/06\/Dolphin-Bay-Speedboat-from-Hurghada-e1669146483801.jpg?resize=400%2C300&ssl=1",400,300,true],"newspack-article-block-portrait-small":["https:\/\/i0.wp.com\/landioustravel.com\/wp-content\/uploads\/2019\/06\/Dolphin-Bay-Speedboat-from-Hurghada-e1669146483801.jpg?resize=300%2C400&ssl=1",300,400,true],"newspack-article-block-square-small":["https:\/\/i0.wp.com\/landioustravel.com\/wp-content\/uploads\/2019\/06\/Dolphin-Bay-Speedboat-from-Hurghada-e1669146483801.jpg?resize=400%2C400&ssl=1",400,400,true],"newspack-article-block-landscape-tiny":["https:\/\/i0.wp.com\/landioustravel.com\/wp-content\/uploads\/2019\/06\/Dolphin-Bay-Speedboat-from-Hurghada-e1669146483801.jpg?resize=200%2C150&ssl=1",200,150,true],"newspack-article-block-portrait-tiny":["https:\/\/i0.wp.com\/landioustravel.com\/wp-content\/uploads\/2019\/06\/Dolphin-Bay-Speedboat-from-Hurghada-e1669146483801.jpg?resize=150%2C200&ssl=1",150,200,true],"newspack-article-block-square-tiny":["https:\/\/i0.wp.com\/landioustravel.com\/wp-content\/uploads\/2019\/06\/Dolphin-Bay-Speedboat-from-Hurghada-e1669146483801.jpg?resize=200%2C200&ssl=1",200,200,true],"newspack-article-block-uncropped":["https:\/\/i0.wp.com\/landioustravel.com\/wp-content\/uploads\/2019\/06\/Dolphin-Bay-Speedboat-from-Hurghada-e1669146483801.jpg?fit=1200%2C675&ssl=1",1200,675,true],"woocommerce_thumbnail":["https:\/\/i0.wp.com\/landioustravel.com\/wp-content\/uploads\/2019\/06\/Dolphin-Bay-Speedboat-from-Hurghada-e1669146483801.jpg?resize=324%2C324&ssl=1",324,324,true],"woocommerce_single":["https:\/\/i0.wp.com\/landioustravel.com\/wp-content\/uploads\/2019\/06\/Dolphin-Bay-Speedboat-from-Hurghada-e1669146483801.jpg?fit=416%2C234&ssl=1",416,234,true],"woocommerce_gallery_thumbnail":["https:\/\/i0.wp.com\/landioustravel.com\/wp-content\/uploads\/2019\/06\/Dolphin-Bay-Speedboat-from-Hurghada-e1669146483801.jpg?resize=100%2C100&ssl=1",100,100,true]},"uagb_author_info":{"display_name":"Mofreh Landious","author_link":"https:\/\/landioustravel.com\/pl\/author\/"},"uagb_comment_info":2,"uagb_excerpt":"Prze\u017cyj niezapomnian\u0105 prywatn\u0105 wycieczk\u0119 morsk\u0105 do Dolphin Bay z Hurghady \u0142odzi\u0105 motorow\u0105. B\u0119dziesz cieszy\u0107 si\u0119 piknikiem morskim przez Morze Czerwone, a nast\u0119pnie zatrzymasz si\u0119 na otwartym morzu, aby pop\u0142ywa\u0107 i nurkowa\u0107 z maskami i p\u0142etwami. Nast\u0119pnie odwiedzisz Dolphin Bay, gdzie mo\u017cesz zobaczy\u0107 delfiny w ich naturalnym \u015brodowisku. Ten przystanek jest wyj\u0105tkowy, poniewa\u017c delfiny \u017cyj\u0105 tutaj&hellip;","jetpack_sharing_enabled":true,"jetpack_likes_enabled":true,"amp_enabled":true,"_links":{"self":[{"href":"https:\/\/landioustravel.com\/pl\/wp-json\/wp\/v2\/product\/6328","targetHints":{"allow":["GET"]}}],"collection":[{"href":"https:\/\/landioustravel.com\/pl\/wp-json\/wp\/v2\/product"}],"about":[{"href":"https:\/\/landioustravel.com\/pl\/wp-json\/wp\/v2\/types\/product"}],"replies":[{"embeddable":true,"href":"https:\/\/landioustravel.com\/pl\/wp-json\/wp\/v2\/comments?post=6328"}],"wp:featuredmedia":[{"embeddable":true,"href":"https:\/\/landioustravel.com\/pl\/wp-json\/wp\/v2\/media\/128976"}],"wp:attachment":[{"href":"https:\/\/landioustravel.com\/pl\/wp-json\/wp\/v2\/media?parent=6328"}],"wp:term":[{"taxonomy":"product_brand","embeddable":true,"href":"https:\/\/landioustravel.com\/pl\/wp-json\/wp\/v2\/product_brand?post=6328"},{"taxonomy":"product_cat","embeddable":true,"href":"https:\/\/landioustravel.com\/pl\/wp-json\/wp\/v2\/product_cat?post=6328"},{"taxonomy":"product_tag","embeddable":true,"href":"https:\/\/landioustravel.com\/pl\/wp-json\/wp\/v2\/product_tag?post=6328"}],"curies":[{"name":"wp","href":"https:\/\/api.w.org\/{rel}","templated":true}]}}