{"id":7173,"date":"2019-06-04T10:16:44","date_gmt":"2019-06-04T14:38:10","guid":{"rendered":"https:\/\/landioustravel.com\/?post_type=product&#038;p=7173"},"modified":"2025-10-17T20:14:08","modified_gmt":"2025-10-17T17:14:08","slug":"indywidualna-wycieczka-miescie-gouna-hurghada","status":"publish","type":"product","link":"https:\/\/landioustravel.com\/pl\/shop\/indywidualna-wycieczka-miescie-gouna-hurghada\/","title":{"rendered":"Indywidualna wycieczka po mie\u015bcie w El-Gounie z Hurghady"},"content":{"rendered":"<p>Ekscytuj\u0105ca wycieczka po mie\u015bcie na zwiedzanie miasta El-Gouna z <a href=\"https:\/\/landioustravel.com\/pl\/miasto-hurghada\/\">Hurghady<\/a>! Polecamy wycieczk\u0119, poniewa\u017c pozwala ona turystom odkry\u0107 miasto El-Gouna ze wszystkimi jego r\u00f3\u017cnymi obszarami i atrakcjami. Ponadto tury\u015bci robi\u0105 fantastyczn\u0105 wycieczk\u0119 lagun\u0105, aby odkry\u0107 miejsce z morza. Oczywi\u015bcie mo\u017cesz zrobi\u0107 t\u0119 pi\u0119kn\u0105 wycieczk\u0119 po mie\u015bcie osobno na prywatnym poje\u017adzie iz jednym z naszych profesjonalnych przewodnik\u00f3w!<\/p>\n<h2>G\u0142\u00f3wne punkty indywidualnego programu do El-Gouny<\/h2>\n<ul>\n<li>Zwiedzanie l\u0105du w El-Gounie<\/li>\n<li>Panoramiczny widok na miejsce<\/li>\n<li>Wyprawa laguna \u0142odzi\u0105 motorow\u0105 przez El-Goun\u0119<\/li>\n<li>I spacer po marinie<\/li>\n<li>Wreszcie robisz zakupy<\/li>\n<\/ul>\n<h3>Program zwiedzania miasta przez egipsk\u0105 Wenecj\u0119 z Hurghady<\/h3>\n<ul>\n<li>Odbieramy Ci\u0119 z hotelu oko\u0142o 09:00<\/li>\n<li>Po odebraniu wszystkich ch\u0119tnych autobus jedzie do kurortu El-Gouna. Zdobycie tego miejsca zajmuje oko\u0142o 40 minut<\/li>\n<li>Na pocz\u0105tku trasy b\u0119dziesz przegl\u0105da\u0107 panoram\u0119 miasta. Tam tw\u00f3j przewodnik podaje informacje o tym, kt\u00f3re obszary mamy w El-Gounie<\/li>\n<li>Po tym panoramicznym widoku na El-Goun\u0119 jedziesz do Down Town w mie\u015bcie. Tam mo\u017cesz chodzi\u0107 po przystani Abu-Tig. P\u00f3\u017aniej mo\u017cesz i\u015b\u0107 na zakupy w to miejsce.<\/li>\n<li>Kolejny przystanek jest pi\u0119kny: robisz kr\u00f3tk\u0105 wycieczk\u0119 lagun\u0105 \u0142odzi\u0105 motorow\u0105, aby odkry\u0107 miejsce z morza.<br \/>\nW ko\u0144cu spacerujesz w tym uroczym miejscu<\/li>\n<li>Program zwiedzania Indywidualnego Miasta przez El-Goun\u0119 z Hurghady ko\u0144czy si\u0119 oko\u0142o godziny 14:00<\/li>\n<\/ul>\n<h4>Co jest wliczone w cen\u0119 wycieczki<\/h4>\n<ul>\n<li>Indywidualny transfer do El-Gouny iz powrotem do hotelu<\/li>\n<li>Profesjonalny przewodnik<\/li>\n<\/ul>\n<h5>Co nie jest wliczone w cen\u0119 wycieczki<\/h5>\n<ul>\n<li>Dodatkowe programy, je\u015bli nie s\u0105 uwzgl\u0119dnione w g\u0142\u00f3wnym programie podr\u00f3\u017cy<\/li>\n<\/ul>\n<h6>CO ZROBI\u0106 NA TOUR<\/h6>\n<ul>\n<li>Okulary s\u0142oneczne<\/li>\n<\/ul>\n<h6>DNI ORGANIZACJI WYCIECZKI<\/h6>\n<ul>\n<li>Codziennie od 09:00 do 14:00<\/li>\n<\/ul>\n","protected":false},"excerpt":{"rendered":"<p>Wybierz si\u0119 na wycieczk\u0119 krajoznawcz\u0105 po El-Gouna i odkryj pi\u0119kno tego uroczego miasta. Nasz program obejmuje r\u00f3\u017cne punkty i przystanki w najciekawszych miejscach El-Gouny. Dowiesz si\u0119 wiele o rozwoju tego miasta i jego ewolucji od pustyni do s\u0142ynnego miasta turystycznego. Nasz przyjazny przewodnik oprowadzi Ci\u0119 po okolicy i dostarczy przydatnych informacji. Do\u0142\u0105cz do nas i odkryj najwa\u017cniejsze zabytki w El-Gouna, w tym prywatne lotnisko, koptyjski ko\u015bci\u00f3\u0142 chrze\u015bcija\u0144ski, centrum miasta, wycieczk\u0119 \u0142odzi\u0105 po lagunie, przysta\u0144 Abu Tig, pla\u017c\u0119 Mangrove i farm\u0119 rybn\u0105. Podr\u00f3\u017cuj komfortowo i bezpiecznie klimatyzowanym samochodem z szoferem. Podczas naszej wycieczki odwiedzimy najwy\u017csze miejsce w El-Gouna, Wie\u017c\u0119 El Gouna, aby podziwia\u0107 wspania\u0142y widok na miasto. B\u0119dziemy mieli r\u00f3wnie\u017c czas na spacer po Abu Tig Marina, znanym i spokojnym miejscu w El-Gouna oraz zwiedzenie cerkwi dla prawos\u0142awnych. Dodatkowo b\u0119dziemy mieli okazj\u0119 przep\u0142yn\u0105\u0107 si\u0119 \u0142odziami Felucca i zwiedzi\u0107 El-Goun\u0119 od strony morza. Na koniec wr\u00f3cimy do centrum Hurghady, gdzie mo\u017cna zrobi\u0107 zakupy pami\u0105tek i zwiedzi\u0107 lokalne targowiska. Mamy nadziej\u0119, \u017ce zapewnimy Ci niezapomniane wra\u017cenia w El-Gouna.<\/p>\n","protected":false},"featured_media":99119,"comment_status":"open","ping_status":"closed","template":"","meta":{"_coblocks_attr":"","_coblocks_dimensions":"","_coblocks_responsive_height":"","_coblocks_accordion_ie_support":"","_uag_custom_page_level_css":"","jetpack_post_was_ever_published":false,"jetpack_publicize_message":"","jetpack_publicize_feature_enabled":true,"jetpack_social_post_already_shared":true,"jetpack_social_options":{"image_generator_settings":{"template":"highway","default_image_id":0,"font":"","enabled":false},"version":2},"_wpas_customize_per_network":false},"product_brand":[],"product_cat":[8566,1944],"product_tag":[1957,1956,1961,1973,2146,9909],"class_list":{"0":"post-7173","1":"product","2":"type-product","3":"status-publish","4":"has-post-thumbnail","6":"product_cat-indywidualne-wycieczki-hurghada","7":"product_cat-wycieczki-krajoznawcze-hurghadzie","8":"product_tag-el-gounie","9":"product_tag-hurghada-pl","10":"product_tag-wycieczka","11":"product_tag-wycieczka-po-miescie","12":"product_tag-wycieczki-z-hurghady","13":"product_tag-zwiedzanie","15":"first","16":"instock","17":"sale","18":"featured","19":"taxable","20":"shipping-taxable","21":"purchasable","22":"product-type-variable"},"yoast_head":"<!-- This site is optimized with the Yoast SEO Premium plugin v26.9 (Yoast SEO v27.3) - https:\/\/yoast.com\/product\/yoast-seo-premium-wordpress\/ -->\n<title>Indywidualna wycieczka po mie\u015bcie w El-Gounie z Hurghady<\/title>\n<meta name=\"description\" content=\"Indywidualna wycieczka po mie\u015bcie w El-Gounie z Hurghady Polecamy wycieczk\u0119, poniewa\u017c pozwala ona turystom odkry\u0107 miasto El-Gouna ze wszystkimi jego r\u00f3\u017cnymi\" \/>\n<meta name=\"robots\" content=\"index, follow, max-snippet:-1, max-image-preview:large, max-video-preview:-1\" \/>\n<link rel=\"canonical\" href=\"https:\/\/landioustravel.com\/pl\/shop\/indywidualna-wycieczka-miescie-gouna-hurghada\/\" \/>\n<meta property=\"og:locale\" content=\"pl_PL\" \/>\n<meta property=\"og:type\" content=\"article\" \/>\n<meta property=\"og:title\" content=\"Indywidualna wycieczka po mie\u015bcie w El-Gounie z Hurghady\" \/>\n<meta property=\"og:description\" content=\"Landious Travel\" \/>\n<meta property=\"og:url\" content=\"https:\/\/landioustravel.com\/pl\/shop\/indywidualna-wycieczka-miescie-gouna-hurghada\/\" \/>\n<meta property=\"og:site_name\" content=\"Landious Travel\" \/>\n<meta property=\"article:publisher\" content=\"https:\/\/web.facebook.com\/landiousEgypt\" \/>\n<meta property=\"article:modified_time\" content=\"2025-10-17T17:14:08+00:00\" \/>\n<meta property=\"og:image\" content=\"https:\/\/i0.wp.com\/landioustravel.com\/wp-content\/uploads\/2019\/06\/El-Gouna-Individual-City-Tour-e1669140662615.jpg?fit=1200%2C675&ssl=1\" \/>\n\t<meta property=\"og:image:width\" content=\"1200\" \/>\n\t<meta property=\"og:image:height\" content=\"675\" \/>\n\t<meta property=\"og:image:type\" content=\"image\/jpeg\" \/>\n<meta name=\"twitter:card\" content=\"summary_large_image\" \/>\n<meta name=\"twitter:site\" content=\"@LandiousTours\" \/>\n<meta name=\"twitter:label1\" content=\"Szacowany czas czytania\" \/>\n\t<meta name=\"twitter:data1\" content=\"2 minuty\" \/>\n<script type=\"application\/ld+json\" class=\"yoast-schema-graph\">{\"@context\":\"https:\\\/\\\/schema.org\",\"@graph\":[{\"@type\":\"WebPage\",\"@id\":\"https:\\\/\\\/landioustravel.com\\\/pl\\\/shop\\\/indywidualna-wycieczka-miescie-gouna-hurghada\\\/\",\"url\":\"https:\\\/\\\/landioustravel.com\\\/pl\\\/shop\\\/indywidualna-wycieczka-miescie-gouna-hurghada\\\/\",\"name\":\"Indywidualna wycieczka po mie\u015bcie w El-Gounie z Hurghady\",\"isPartOf\":{\"@id\":\"https:\\\/\\\/landioustravel.com\\\/pl\\\/#website\"},\"primaryImageOfPage\":{\"@id\":\"https:\\\/\\\/landioustravel.com\\\/pl\\\/shop\\\/indywidualna-wycieczka-miescie-gouna-hurghada\\\/#primaryimage\"},\"image\":{\"@id\":\"https:\\\/\\\/landioustravel.com\\\/pl\\\/shop\\\/indywidualna-wycieczka-miescie-gouna-hurghada\\\/#primaryimage\"},\"thumbnailUrl\":\"https:\\\/\\\/i0.wp.com\\\/landioustravel.com\\\/wp-content\\\/uploads\\\/2019\\\/06\\\/El-Gouna-Individual-City-Tour-e1669140662615.jpg?fit=1200%2C675&ssl=1\",\"datePublished\":\"2019-06-04T14:38:10+00:00\",\"dateModified\":\"2025-10-17T17:14:08+00:00\",\"description\":\"Indywidualna wycieczka po mie\u015bcie w El-Gounie z Hurghady Polecamy wycieczk\u0119, poniewa\u017c pozwala ona turystom odkry\u0107 miasto El-Gouna ze wszystkimi jego r\u00f3\u017cnymi\",\"breadcrumb\":{\"@id\":\"https:\\\/\\\/landioustravel.com\\\/pl\\\/shop\\\/indywidualna-wycieczka-miescie-gouna-hurghada\\\/#breadcrumb\"},\"inLanguage\":\"pl-PL\",\"potentialAction\":[{\"@type\":\"ReadAction\",\"target\":[\"https:\\\/\\\/landioustravel.com\\\/pl\\\/shop\\\/indywidualna-wycieczka-miescie-gouna-hurghada\\\/\"]}]},{\"@type\":\"ImageObject\",\"inLanguage\":\"pl-PL\",\"@id\":\"https:\\\/\\\/landioustravel.com\\\/pl\\\/shop\\\/indywidualna-wycieczka-miescie-gouna-hurghada\\\/#primaryimage\",\"url\":\"https:\\\/\\\/i0.wp.com\\\/landioustravel.com\\\/wp-content\\\/uploads\\\/2019\\\/06\\\/El-Gouna-Individual-City-Tour-e1669140662615.jpg?fit=1200%2C675&ssl=1\",\"contentUrl\":\"https:\\\/\\\/i0.wp.com\\\/landioustravel.com\\\/wp-content\\\/uploads\\\/2019\\\/06\\\/El-Gouna-Individual-City-Tour-e1669140662615.jpg?fit=1200%2C675&ssl=1\",\"width\":1200,\"height\":675,\"caption\":\"El Gouna Individual City Tour\"},{\"@type\":\"BreadcrumbList\",\"@id\":\"https:\\\/\\\/landioustravel.com\\\/pl\\\/shop\\\/indywidualna-wycieczka-miescie-gouna-hurghada\\\/#breadcrumb\",\"itemListElement\":[{\"@type\":\"ListItem\",\"position\":1,\"name\":\"Home\",\"item\":\"https:\\\/\\\/landioustravel.com\\\/pl\\\/\"},{\"@type\":\"ListItem\",\"position\":2,\"name\":\"Us\u0142ugi i wycieczki\",\"item\":\"https:\\\/\\\/landioustravel.com\\\/pl\\\/\"},{\"@type\":\"ListItem\",\"position\":3,\"name\":\"Indywidualna wycieczka po mie\u015bcie w El-Gounie z Hurghady\"}]},{\"@type\":\"WebSite\",\"@id\":\"https:\\\/\\\/landioustravel.com\\\/pl\\\/#website\",\"url\":\"https:\\\/\\\/landioustravel.com\\\/pl\\\/\",\"name\":\"Landious Travel\",\"description\":\"Excursions, trips and cruises in Egypt\",\"publisher\":{\"@id\":\"https:\\\/\\\/landioustravel.com\\\/pl\\\/#organization\"},\"potentialAction\":[{\"@type\":\"SearchAction\",\"target\":{\"@type\":\"EntryPoint\",\"urlTemplate\":\"https:\\\/\\\/landioustravel.com\\\/pl\\\/?s={search_term_string}\"},\"query-input\":{\"@type\":\"PropertyValueSpecification\",\"valueRequired\":true,\"valueName\":\"search_term_string\"}}],\"inLanguage\":\"pl-PL\"},{\"@type\":[\"Organization\",\"Place\"],\"@id\":\"https:\\\/\\\/landioustravel.com\\\/pl\\\/#organization\",\"name\":\"Landious Travel\",\"alternateName\":\"Landious Travel\",\"url\":\"https:\\\/\\\/landioustravel.com\\\/pl\\\/\",\"logo\":{\"@id\":\"https:\\\/\\\/landioustravel.com\\\/pl\\\/shop\\\/indywidualna-wycieczka-miescie-gouna-hurghada\\\/#local-main-organization-logo\"},\"image\":{\"@id\":\"https:\\\/\\\/landioustravel.com\\\/pl\\\/shop\\\/indywidualna-wycieczka-miescie-gouna-hurghada\\\/#local-main-organization-logo\"},\"sameAs\":[\"https:\\\/\\\/web.facebook.com\\\/landiousEgypt\",\"https:\\\/\\\/x.com\\\/LandiousTours\",\"https:\\\/\\\/mastodon.social\\\/@landious\"],\"legalName\":\"Landious Travel\",\"telephone\":[],\"openingHoursSpecification\":[{\"@type\":\"OpeningHoursSpecification\",\"dayOfWeek\":[\"Monday\",\"Tuesday\",\"Wednesday\",\"Thursday\",\"Friday\",\"Saturday\",\"Sunday\"],\"opens\":\"09:00\",\"closes\":\"17:00\"}]},{\"@type\":\"ImageObject\",\"inLanguage\":\"pl-PL\",\"@id\":\"https:\\\/\\\/landioustravel.com\\\/pl\\\/shop\\\/indywidualna-wycieczka-miescie-gouna-hurghada\\\/#local-main-organization-logo\",\"url\":\"https:\\\/\\\/i0.wp.com\\\/landioustravel.com\\\/wp-content\\\/uploads\\\/2021\\\/06\\\/Landious-T.png?fit=500%2C500&ssl=1\",\"contentUrl\":\"https:\\\/\\\/i0.wp.com\\\/landioustravel.com\\\/wp-content\\\/uploads\\\/2021\\\/06\\\/Landious-T.png?fit=500%2C500&ssl=1\",\"width\":500,\"height\":500,\"caption\":\"Landious Travel\"}]}<\/script>\n<!-- \/ Yoast SEO Premium plugin. -->","yoast_head_json":{"title":"Indywidualna wycieczka po mie\u015bcie w El-Gounie z Hurghady","description":"Indywidualna wycieczka po mie\u015bcie w El-Gounie z Hurghady Polecamy wycieczk\u0119, poniewa\u017c pozwala ona turystom odkry\u0107 miasto El-Gouna ze wszystkimi jego r\u00f3\u017cnymi","robots":{"index":"index","follow":"follow","max-snippet":"max-snippet:-1","max-image-preview":"max-image-preview:large","max-video-preview":"max-video-preview:-1"},"canonical":"https:\/\/landioustravel.com\/pl\/shop\/indywidualna-wycieczka-miescie-gouna-hurghada\/","og_locale":"pl_PL","og_type":"article","og_title":"Indywidualna wycieczka po mie\u015bcie w El-Gounie z Hurghady","og_description":"Landious Travel","og_url":"https:\/\/landioustravel.com\/pl\/shop\/indywidualna-wycieczka-miescie-gouna-hurghada\/","og_site_name":"Landious Travel","article_publisher":"https:\/\/web.facebook.com\/landiousEgypt","article_modified_time":"2025-10-17T17:14:08+00:00","og_image":[{"width":1200,"height":675,"url":"https:\/\/i0.wp.com\/landioustravel.com\/wp-content\/uploads\/2019\/06\/El-Gouna-Individual-City-Tour-e1669140662615.jpg?fit=1200%2C675&ssl=1","type":"image\/jpeg"}],"twitter_card":"summary_large_image","twitter_site":"@LandiousTours","twitter_misc":{"Szacowany czas czytania":"2 minuty"},"schema":{"@context":"https:\/\/schema.org","@graph":[{"@type":"WebPage","@id":"https:\/\/landioustravel.com\/pl\/shop\/indywidualna-wycieczka-miescie-gouna-hurghada\/","url":"https:\/\/landioustravel.com\/pl\/shop\/indywidualna-wycieczka-miescie-gouna-hurghada\/","name":"Indywidualna wycieczka po mie\u015bcie w El-Gounie z Hurghady","isPartOf":{"@id":"https:\/\/landioustravel.com\/pl\/#website"},"primaryImageOfPage":{"@id":"https:\/\/landioustravel.com\/pl\/shop\/indywidualna-wycieczka-miescie-gouna-hurghada\/#primaryimage"},"image":{"@id":"https:\/\/landioustravel.com\/pl\/shop\/indywidualna-wycieczka-miescie-gouna-hurghada\/#primaryimage"},"thumbnailUrl":"https:\/\/i0.wp.com\/landioustravel.com\/wp-content\/uploads\/2019\/06\/El-Gouna-Individual-City-Tour-e1669140662615.jpg?fit=1200%2C675&ssl=1","datePublished":"2019-06-04T14:38:10+00:00","dateModified":"2025-10-17T17:14:08+00:00","description":"Indywidualna wycieczka po mie\u015bcie w El-Gounie z Hurghady Polecamy wycieczk\u0119, poniewa\u017c pozwala ona turystom odkry\u0107 miasto El-Gouna ze wszystkimi jego r\u00f3\u017cnymi","breadcrumb":{"@id":"https:\/\/landioustravel.com\/pl\/shop\/indywidualna-wycieczka-miescie-gouna-hurghada\/#breadcrumb"},"inLanguage":"pl-PL","potentialAction":[{"@type":"ReadAction","target":["https:\/\/landioustravel.com\/pl\/shop\/indywidualna-wycieczka-miescie-gouna-hurghada\/"]}]},{"@type":"ImageObject","inLanguage":"pl-PL","@id":"https:\/\/landioustravel.com\/pl\/shop\/indywidualna-wycieczka-miescie-gouna-hurghada\/#primaryimage","url":"https:\/\/i0.wp.com\/landioustravel.com\/wp-content\/uploads\/2019\/06\/El-Gouna-Individual-City-Tour-e1669140662615.jpg?fit=1200%2C675&ssl=1","contentUrl":"https:\/\/i0.wp.com\/landioustravel.com\/wp-content\/uploads\/2019\/06\/El-Gouna-Individual-City-Tour-e1669140662615.jpg?fit=1200%2C675&ssl=1","width":1200,"height":675,"caption":"El Gouna Individual City Tour"},{"@type":"BreadcrumbList","@id":"https:\/\/landioustravel.com\/pl\/shop\/indywidualna-wycieczka-miescie-gouna-hurghada\/#breadcrumb","itemListElement":[{"@type":"ListItem","position":1,"name":"Home","item":"https:\/\/landioustravel.com\/pl\/"},{"@type":"ListItem","position":2,"name":"Us\u0142ugi i wycieczki","item":"https:\/\/landioustravel.com\/pl\/"},{"@type":"ListItem","position":3,"name":"Indywidualna wycieczka po mie\u015bcie w El-Gounie z Hurghady"}]},{"@type":"WebSite","@id":"https:\/\/landioustravel.com\/pl\/#website","url":"https:\/\/landioustravel.com\/pl\/","name":"Landious Travel","description":"Excursions, trips and cruises in Egypt","publisher":{"@id":"https:\/\/landioustravel.com\/pl\/#organization"},"potentialAction":[{"@type":"SearchAction","target":{"@type":"EntryPoint","urlTemplate":"https:\/\/landioustravel.com\/pl\/?s={search_term_string}"},"query-input":{"@type":"PropertyValueSpecification","valueRequired":true,"valueName":"search_term_string"}}],"inLanguage":"pl-PL"},{"@type":["Organization","Place"],"@id":"https:\/\/landioustravel.com\/pl\/#organization","name":"Landious Travel","alternateName":"Landious Travel","url":"https:\/\/landioustravel.com\/pl\/","logo":{"@id":"https:\/\/landioustravel.com\/pl\/shop\/indywidualna-wycieczka-miescie-gouna-hurghada\/#local-main-organization-logo"},"image":{"@id":"https:\/\/landioustravel.com\/pl\/shop\/indywidualna-wycieczka-miescie-gouna-hurghada\/#local-main-organization-logo"},"sameAs":["https:\/\/web.facebook.com\/landiousEgypt","https:\/\/x.com\/LandiousTours","https:\/\/mastodon.social\/@landious"],"legalName":"Landious Travel","telephone":[],"openingHoursSpecification":[{"@type":"OpeningHoursSpecification","dayOfWeek":["Monday","Tuesday","Wednesday","Thursday","Friday","Saturday","Sunday"],"opens":"09:00","closes":"17:00"}]},{"@type":"ImageObject","inLanguage":"pl-PL","@id":"https:\/\/landioustravel.com\/pl\/shop\/indywidualna-wycieczka-miescie-gouna-hurghada\/#local-main-organization-logo","url":"https:\/\/i0.wp.com\/landioustravel.com\/wp-content\/uploads\/2021\/06\/Landious-T.png?fit=500%2C500&ssl=1","contentUrl":"https:\/\/i0.wp.com\/landioustravel.com\/wp-content\/uploads\/2021\/06\/Landious-T.png?fit=500%2C500&ssl=1","width":500,"height":500,"caption":"Landious Travel"}]}},"jetpack_publicize_connections":[],"uagb_featured_image_src":{"full":["https:\/\/i0.wp.com\/landioustravel.com\/wp-content\/uploads\/2019\/06\/El-Gouna-Individual-City-Tour-e1669140662615.jpg?fit=1200%2C675&ssl=1",1200,675,false],"thumbnail":["https:\/\/i0.wp.com\/landioustravel.com\/wp-content\/uploads\/2019\/06\/El-Gouna-Individual-City-Tour-e1669140662615.jpg?resize=150%2C150&ssl=1",150,150,true],"medium":["https:\/\/i0.wp.com\/landioustravel.com\/wp-content\/uploads\/2019\/06\/El-Gouna-Individual-City-Tour-e1669140662615.jpg?fit=300%2C169&ssl=1",300,169,true],"medium_large":["https:\/\/i0.wp.com\/landioustravel.com\/wp-content\/uploads\/2019\/06\/El-Gouna-Individual-City-Tour-e1669140662615.jpg?fit=768%2C432&ssl=1",768,432,true],"large":["https:\/\/i0.wp.com\/landioustravel.com\/wp-content\/uploads\/2019\/06\/El-Gouna-Individual-City-Tour-e1669140662615.jpg?fit=980%2C551&ssl=1",980,551,true],"1536x1536":["https:\/\/i0.wp.com\/landioustravel.com\/wp-content\/uploads\/2019\/06\/El-Gouna-Individual-City-Tour-e1669140662615.jpg?fit=1200%2C675&ssl=1",1200,675,true],"2048x2048":["https:\/\/i0.wp.com\/landioustravel.com\/wp-content\/uploads\/2019\/06\/El-Gouna-Individual-City-Tour-e1669140662615.jpg?fit=1200%2C675&ssl=1",1200,675,true],"newspack-article-block-landscape-large":["https:\/\/i0.wp.com\/landioustravel.com\/wp-content\/uploads\/2019\/06\/El-Gouna-Individual-City-Tour-e1669140662615.jpg?resize=1200%2C675&ssl=1",1200,675,true],"newspack-article-block-portrait-large":["https:\/\/i0.wp.com\/landioustravel.com\/wp-content\/uploads\/2019\/06\/El-Gouna-Individual-City-Tour-e1669140662615.jpg?resize=900%2C675&ssl=1",900,675,true],"newspack-article-block-square-large":["https:\/\/i0.wp.com\/landioustravel.com\/wp-content\/uploads\/2019\/06\/El-Gouna-Individual-City-Tour-e1669140662615.jpg?resize=1200%2C675&ssl=1",1200,675,true],"newspack-article-block-landscape-medium":["https:\/\/i0.wp.com\/landioustravel.com\/wp-content\/uploads\/2019\/06\/El-Gouna-Individual-City-Tour-e1669140662615.jpg?resize=800%2C600&ssl=1",800,600,true],"newspack-article-block-portrait-medium":["https:\/\/i0.wp.com\/landioustravel.com\/wp-content\/uploads\/2019\/06\/El-Gouna-Individual-City-Tour-e1669140662615.jpg?resize=600%2C675&ssl=1",600,675,true],"newspack-article-block-square-medium":["https:\/\/i0.wp.com\/landioustravel.com\/wp-content\/uploads\/2019\/06\/El-Gouna-Individual-City-Tour-e1669140662615.jpg?resize=800%2C675&ssl=1",800,675,true],"newspack-article-block-landscape-intermediate":["https:\/\/i0.wp.com\/landioustravel.com\/wp-content\/uploads\/2019\/06\/El-Gouna-Individual-City-Tour-e1669140662615.jpg?resize=600%2C450&ssl=1",600,450,true],"newspack-article-block-portrait-intermediate":["https:\/\/i0.wp.com\/landioustravel.com\/wp-content\/uploads\/2019\/06\/El-Gouna-Individual-City-Tour-e1669140662615.jpg?resize=450%2C600&ssl=1",450,600,true],"newspack-article-block-square-intermediate":["https:\/\/i0.wp.com\/landioustravel.com\/wp-content\/uploads\/2019\/06\/El-Gouna-Individual-City-Tour-e1669140662615.jpg?resize=600%2C600&ssl=1",600,600,true],"newspack-article-block-landscape-small":["https:\/\/i0.wp.com\/landioustravel.com\/wp-content\/uploads\/2019\/06\/El-Gouna-Individual-City-Tour-e1669140662615.jpg?resize=400%2C300&ssl=1",400,300,true],"newspack-article-block-portrait-small":["https:\/\/i0.wp.com\/landioustravel.com\/wp-content\/uploads\/2019\/06\/El-Gouna-Individual-City-Tour-e1669140662615.jpg?resize=300%2C400&ssl=1",300,400,true],"newspack-article-block-square-small":["https:\/\/i0.wp.com\/landioustravel.com\/wp-content\/uploads\/2019\/06\/El-Gouna-Individual-City-Tour-e1669140662615.jpg?resize=400%2C400&ssl=1",400,400,true],"newspack-article-block-landscape-tiny":["https:\/\/i0.wp.com\/landioustravel.com\/wp-content\/uploads\/2019\/06\/El-Gouna-Individual-City-Tour-e1669140662615.jpg?resize=200%2C150&ssl=1",200,150,true],"newspack-article-block-portrait-tiny":["https:\/\/i0.wp.com\/landioustravel.com\/wp-content\/uploads\/2019\/06\/El-Gouna-Individual-City-Tour-e1669140662615.jpg?resize=150%2C200&ssl=1",150,200,true],"newspack-article-block-square-tiny":["https:\/\/i0.wp.com\/landioustravel.com\/wp-content\/uploads\/2019\/06\/El-Gouna-Individual-City-Tour-e1669140662615.jpg?resize=200%2C200&ssl=1",200,200,true],"newspack-article-block-uncropped":["https:\/\/i0.wp.com\/landioustravel.com\/wp-content\/uploads\/2019\/06\/El-Gouna-Individual-City-Tour-e1669140662615.jpg?fit=1200%2C675&ssl=1",1200,675,true],"woocommerce_thumbnail":["https:\/\/i0.wp.com\/landioustravel.com\/wp-content\/uploads\/2019\/06\/El-Gouna-Individual-City-Tour-e1669140662615.jpg?resize=324%2C324&ssl=1",324,324,true],"woocommerce_single":["https:\/\/i0.wp.com\/landioustravel.com\/wp-content\/uploads\/2019\/06\/El-Gouna-Individual-City-Tour-e1669140662615.jpg?fit=416%2C234&ssl=1",416,234,true],"woocommerce_gallery_thumbnail":["https:\/\/i0.wp.com\/landioustravel.com\/wp-content\/uploads\/2019\/06\/El-Gouna-Individual-City-Tour-e1669140662615.jpg?resize=100%2C100&ssl=1",100,100,true]},"uagb_author_info":{"display_name":"Mofreh Landious","author_link":"https:\/\/landioustravel.com\/pl\/author\/"},"uagb_comment_info":3,"uagb_excerpt":"Wybierz si\u0119 na wycieczk\u0119 krajoznawcz\u0105 po El-Gouna i odkryj pi\u0119kno tego uroczego miasta. Nasz program obejmuje r\u00f3\u017cne punkty i przystanki w najciekawszych miejscach El-Gouny. Dowiesz si\u0119 wiele o rozwoju tego miasta i jego ewolucji od pustyni do s\u0142ynnego miasta turystycznego. Nasz przyjazny przewodnik oprowadzi Ci\u0119 po okolicy i dostarczy przydatnych informacji. Do\u0142\u0105cz do nas i&hellip;","jetpack_sharing_enabled":true,"jetpack_likes_enabled":true,"amp_enabled":true,"_links":{"self":[{"href":"https:\/\/landioustravel.com\/pl\/wp-json\/wp\/v2\/product\/7173","targetHints":{"allow":["GET"]}}],"collection":[{"href":"https:\/\/landioustravel.com\/pl\/wp-json\/wp\/v2\/product"}],"about":[{"href":"https:\/\/landioustravel.com\/pl\/wp-json\/wp\/v2\/types\/product"}],"replies":[{"embeddable":true,"href":"https:\/\/landioustravel.com\/pl\/wp-json\/wp\/v2\/comments?post=7173"}],"wp:featuredmedia":[{"embeddable":true,"href":"https:\/\/landioustravel.com\/pl\/wp-json\/wp\/v2\/media\/99119"}],"wp:attachment":[{"href":"https:\/\/landioustravel.com\/pl\/wp-json\/wp\/v2\/media?parent=7173"}],"wp:term":[{"taxonomy":"product_brand","embeddable":true,"href":"https:\/\/landioustravel.com\/pl\/wp-json\/wp\/v2\/product_brand?post=7173"},{"taxonomy":"product_cat","embeddable":true,"href":"https:\/\/landioustravel.com\/pl\/wp-json\/wp\/v2\/product_cat?post=7173"},{"taxonomy":"product_tag","embeddable":true,"href":"https:\/\/landioustravel.com\/pl\/wp-json\/wp\/v2\/product_tag?post=7173"}],"curies":[{"name":"wp","href":"https:\/\/api.w.org\/{rel}","templated":true}]}}