{"id":8427,"date":"2019-06-08T18:33:04","date_gmt":"2019-06-09T09:07:48","guid":{"rendered":"https:\/\/landioustravel.com\/?post_type=product&#038;p=8427"},"modified":"2025-12-09T19:17:58","modified_gmt":"2025-12-09T17:17:58","slug":"indywidualna-wycieczka-sharm-naga-hurghada","status":"publish","type":"product","link":"https:\/\/landioustravel.com\/pl\/shop\/indywidualna-wycieczka-sharm-naga-hurghada\/","title":{"rendered":"Indywidualna wycieczka do Sharm El-Naga z Hurghady"},"content":{"rendered":"<p>Niesamowita podr\u00f3\u017c indywidualna do Sharm El-Naga z <a href=\"https:\/\/landioustravel.com\/pl\/miasto-hurghada\/\">Hurghady<\/a>! Polecamy wycieczk\u0119, poniewa\u017c pozwala turystom dobrze si\u0119 bawi\u0107 nad morzem! Wycieczka daje mo\u017cliwo\u015b\u0107 zobaczenia pi\u0119knych koralowc\u00f3w i r\u00f3\u017cnorodnych ryb w jednym z najpi\u0119kniejszych miejsc w <a href=\"https:\/\/landioustravel.com\/pl\/miasto-safaga\/\">Safadze<\/a>. Co wi\u0119cej, b\u0119dziesz cieszy\u0107 si\u0119 snorkelingiem po Morzu Czerwonym i lokalizowa\u0107 si\u0119 na z\u0142otej pla\u017cy w zatoce Sharm El-Naga. Pla\u017ca posiada wszystkie udogodnienia.<\/p>\n<h2>G\u0142\u00f3wne punkty programu wycieczek do Sharm El-Naga<\/h2>\n<ul>\n<li>P\u0142ywanie w morzu od pla\u017cy<\/li>\n<li>Nurkowanie z maskami i p\u0142etwami<\/li>\n<li>Obiad<\/li>\n<li>Lokalizowanie na najlepiej wyposa\u017conej pla\u017cy w Sharm El-Naga Bay<\/li>\n<\/ul>\n<h3>Program wycieczki snorkelingowej do zatoki Sharm El-Naga<\/h3>\n<ul>\n<li>Odbieramy Ci\u0119 z hotelu oko\u0142o 08:00<\/li>\n<li>Po zebraniu wszystkich ch\u0119tnych autobus jedzie do zatoki Sharm El-Naga. Droga do tego parku narodowego zajmuje oko\u0142o 40 minut<\/li>\n<li>Nast\u0119pnym przystankiem b\u0119dzie cudowna pla\u017ca Sharm El-Naga. Na tej pla\u017cy znajduj\u0105 si\u0119 wszystkie udogodnienia _ S\u0105 parasole, le\u017caki, restauracja, bar przek\u0105skowy i toalety.<\/li>\n<li>Na pla\u017cy sp\u0119dzasz pi\u0119\u0107 godzin. W tym czasie b\u0119dziesz mia\u0142 mo\u017cliwo\u015b\u0107 wykonania wszystkich czynno\u015bci, kt\u00f3re lubisz. To niesamowite miejsce na morze, gdzie mo\u017cna p\u0142ywa\u0107, nurkowa\u0107, p\u0142ywa\u0107 i wystawia\u0107 cia\u0142o na dzia\u0142anie promieni s\u0142onecznych.<\/li>\n<li>Ta \u201eIndywidualna wycieczka do Sharm El-Naga z Hurghady\u201d ko\u0144czy si\u0119 oko\u0142o godziny 16:00.<\/li>\n<\/ul>\n<h4>Co jest wliczone w cen\u0119 wycieczki<\/h4>\n<ul>\n<li>Op\u0142ata za wst\u0119p do Parku Narodowego Sharm El-Naga<\/li>\n<li>Sprz\u0119t do nurkowania (maski i p\u0142etwy)<\/li>\n<li>Jedzenie napoje<\/li>\n<li>Indywidualny transfer do zatoki Sharm El-Naga iz powrotem do hotelu<\/li>\n<\/ul>\n<h5>Co nie jest wliczone w cen\u0119 wycieczki<\/h5>\n<ul>\n<li>Napoje w barze na pla\u017cy<\/li>\n<li>DVD wideo<\/li>\n<li>CD ze zdj\u0119ciami<\/li>\n<\/ul>\n<h6>CO POWINIEN PODJ\u0104\u0106 Z TWOJ\u0104 WYCIECZK\u0104<\/h6>\n<ul>\n<li>R\u0119cznik<\/li>\n<li>Krem do opalania<\/li>\n<\/ul>\n<h6>DNI ORGANIZACJI WYCIECZKI<\/h6>\n<ul>\n<li>Codziennie od 08:00 do 16:00<\/li>\n<\/ul>\n","protected":false},"excerpt":{"rendered":"<p>Szukasz spokojnego i relaksuj\u0105cego wypoczynku? Nie szukaj dalej ni\u017c pi\u0119kna zatoka Sharm El Naga, zaledwie kilka minut jazdy od Hurghady. Nasza ca\u0142odniowa wycieczka z rurk\u0105 oferuje idealn\u0105 r\u00f3wnowag\u0119 mi\u0119dzy przygod\u0105 a relaksem. Sp\u0119d\u017a pi\u0119\u0107 godzin na wspania\u0142ej piaszczystej pla\u017cy, rozkoszuj\u0105c si\u0119 s\u0142o\u0144cem i odkrywaj\u0105c wspania\u0142e rafy koralowe i \u017cycie morskie.<\/p>\n<p>Rozumiemy, \u017ce wakacje to czas odpoczynku i ucieczki od stres\u00f3w dnia codziennego. Dlatego nasza wycieczka obejmuje lunch i napoje, aby\u015b m\u00f3g\u0142 w pe\u0142ni cieszy\u0107 si\u0119 dniem, nie martwi\u0105c si\u0119 o nic. Nasz kompetentny przewodnik zajmie si\u0119 wszystkim, od transportu do zatoki po przewodnik po wyj\u0105tkowym rezerwacie przyrody.<\/p>\n<p>We\u017a g\u0142\u0119boki oddech i zanurz si\u0119 w spokojnej atmosferze Sharm El Naga. Ta cicha zatoka jest idealnym miejscem, aby zapomnie\u0107 o troskach i po\u0142\u0105czy\u0107 si\u0119 z natur\u0105. P\u0142ywaj, nurkuj i wygrzewaj si\u0119 w promieniach s\u0142o\u0144ca, odkrywaj\u0105c ma\u0142y kawa\u0142ek raju.<\/p>\n<p>W porze lunchu zabierzemy Ci\u0119 do lokalnej restauracji, gdzie mo\u017cesz zje\u015b\u0107 pyszny posi\u0142ek i zrelaksowa\u0107 si\u0119 przed powrotem do hotelu. Chcemy, aby Twoje wra\u017cenia z nami by\u0142y niezapomniane i zrobimy wszystko, co w naszej mocy, aby by\u0142 to niezapomniany dzie\u0144. Wybierz si\u0119 z nami w podr\u00f3\u017c czystego relaksu i odm\u0142odzenia.<\/p>\n","protected":false},"featured_media":99074,"comment_status":"open","ping_status":"closed","template":"","meta":{"_coblocks_attr":"","_coblocks_dimensions":"","_coblocks_responsive_height":"","_coblocks_accordion_ie_support":"","_uag_custom_page_level_css":"","jetpack_publicize_message":"","jetpack_publicize_feature_enabled":true,"jetpack_social_post_already_shared":true,"jetpack_social_options":{"image_generator_settings":{"template":"highway","default_image_id":0,"font":"","enabled":false},"version":2},"_wpas_customize_per_network":false},"product_brand":[],"product_cat":[8566,1949],"product_tag":[1956,22821,22823,1961,2146,1959],"class_list":{"0":"post-8427","1":"product","2":"type-product","3":"status-publish","4":"has-post-thumbnail","6":"product_cat-indywidualne-wycieczki-hurghada","7":"product_cat-wycieczki-morskie-hurghadzie","8":"product_tag-hurghada-pl","9":"product_tag-morze","10":"product_tag-nurkowanie-z-rurka","11":"product_tag-wycieczka","12":"product_tag-wycieczki-z-hurghady","13":"product_tag-wycieczki-lodzia","15":"first","16":"instock","17":"sale","18":"taxable","19":"shipping-taxable","20":"purchasable","21":"product-type-variable"},"yoast_head":"<!-- This site is optimized with the Yoast SEO Premium plugin v27.5 (Yoast SEO v27.5) - https:\/\/yoast.com\/product\/yoast-seo-premium-wordpress\/ -->\n<title>Indywidualna wycieczka do Sharm El-Naga z Hurghady<\/title>\n<meta name=\"description\" content=\"Indywidualna wycieczka do Sharm El-Naga z Hurghady Polecamy wycieczk\u0119, poniewa\u017c pozwala turystom dobrze si\u0119 bawi\u0107 nad morzem! Wycieczka daje mo\u017cliwo\u015b\u0107\" \/>\n<meta name=\"robots\" content=\"index, follow, max-snippet:-1, max-image-preview:large, max-video-preview:-1\" \/>\n<link rel=\"canonical\" href=\"https:\/\/landioustravel.com\/pl\/shop\/indywidualna-wycieczka-sharm-naga-hurghada\/\" \/>\n<meta property=\"og:locale\" content=\"pl_PL\" \/>\n<meta property=\"og:type\" content=\"article\" \/>\n<meta property=\"og:title\" content=\"Indywidualna wycieczka do Sharm El-Naga z Hurghady\" \/>\n<meta property=\"og:description\" content=\"Landious Travel\" \/>\n<meta property=\"og:url\" content=\"https:\/\/landioustravel.com\/pl\/shop\/indywidualna-wycieczka-sharm-naga-hurghada\/\" \/>\n<meta property=\"og:site_name\" content=\"Landious Travel\" \/>\n<meta property=\"article:publisher\" content=\"https:\/\/web.facebook.com\/landiousEgypt\" \/>\n<meta property=\"article:modified_time\" content=\"2025-12-09T17:17:58+00:00\" \/>\n<meta property=\"og:image\" content=\"https:\/\/i0.wp.com\/landioustravel.com\/wp-content\/uploads\/2019\/06\/Sharm-El-Naga-Trip-Hurghada-e1669125539693.jpg?fit=1200%2C675&ssl=1\" \/>\n\t<meta property=\"og:image:width\" content=\"1200\" \/>\n\t<meta property=\"og:image:height\" content=\"675\" \/>\n\t<meta property=\"og:image:type\" content=\"image\/jpeg\" \/>\n<meta name=\"twitter:card\" content=\"summary_large_image\" \/>\n<meta name=\"twitter:site\" content=\"@LandiousTours\" \/>\n<meta name=\"twitter:label1\" content=\"Szacowany czas czytania\" \/>\n\t<meta name=\"twitter:data1\" content=\"2 minuty\" \/>\n<script type=\"application\/ld+json\" class=\"yoast-schema-graph\">{\"@context\":\"https:\\\/\\\/schema.org\",\"@graph\":[{\"@type\":\"WebPage\",\"@id\":\"https:\\\/\\\/landioustravel.com\\\/pl\\\/shop\\\/indywidualna-wycieczka-sharm-naga-hurghada\\\/\",\"url\":\"https:\\\/\\\/landioustravel.com\\\/pl\\\/shop\\\/indywidualna-wycieczka-sharm-naga-hurghada\\\/\",\"name\":\"Indywidualna wycieczka do Sharm El-Naga z Hurghady\",\"isPartOf\":{\"@id\":\"https:\\\/\\\/landioustravel.com\\\/pl\\\/#website\"},\"primaryImageOfPage\":{\"@id\":\"https:\\\/\\\/landioustravel.com\\\/pl\\\/shop\\\/indywidualna-wycieczka-sharm-naga-hurghada\\\/#primaryimage\"},\"image\":{\"@id\":\"https:\\\/\\\/landioustravel.com\\\/pl\\\/shop\\\/indywidualna-wycieczka-sharm-naga-hurghada\\\/#primaryimage\"},\"thumbnailUrl\":\"https:\\\/\\\/i0.wp.com\\\/landioustravel.com\\\/wp-content\\\/uploads\\\/2019\\\/06\\\/Sharm-El-Naga-Trip-Hurghada-e1669125539693.jpg?fit=1200%2C675&ssl=1\",\"datePublished\":\"2019-06-09T09:07:48+00:00\",\"dateModified\":\"2025-12-09T17:17:58+00:00\",\"description\":\"Indywidualna wycieczka do Sharm El-Naga z Hurghady Polecamy wycieczk\u0119, poniewa\u017c pozwala turystom dobrze si\u0119 bawi\u0107 nad morzem! Wycieczka daje mo\u017cliwo\u015b\u0107\",\"breadcrumb\":{\"@id\":\"https:\\\/\\\/landioustravel.com\\\/pl\\\/shop\\\/indywidualna-wycieczka-sharm-naga-hurghada\\\/#breadcrumb\"},\"inLanguage\":\"pl-PL\",\"potentialAction\":[{\"@type\":\"ReadAction\",\"target\":[\"https:\\\/\\\/landioustravel.com\\\/pl\\\/shop\\\/indywidualna-wycieczka-sharm-naga-hurghada\\\/\"]}]},{\"@type\":\"ImageObject\",\"inLanguage\":\"pl-PL\",\"@id\":\"https:\\\/\\\/landioustravel.com\\\/pl\\\/shop\\\/indywidualna-wycieczka-sharm-naga-hurghada\\\/#primaryimage\",\"url\":\"https:\\\/\\\/i0.wp.com\\\/landioustravel.com\\\/wp-content\\\/uploads\\\/2019\\\/06\\\/Sharm-El-Naga-Trip-Hurghada-e1669125539693.jpg?fit=1200%2C675&ssl=1\",\"contentUrl\":\"https:\\\/\\\/i0.wp.com\\\/landioustravel.com\\\/wp-content\\\/uploads\\\/2019\\\/06\\\/Sharm-El-Naga-Trip-Hurghada-e1669125539693.jpg?fit=1200%2C675&ssl=1\",\"width\":1200,\"height\":675,\"caption\":\"Sharm El Naga Trip Hurghada\"},{\"@type\":\"BreadcrumbList\",\"@id\":\"https:\\\/\\\/landioustravel.com\\\/pl\\\/shop\\\/indywidualna-wycieczka-sharm-naga-hurghada\\\/#breadcrumb\",\"itemListElement\":[{\"@type\":\"ListItem\",\"position\":1,\"name\":\"Home\",\"item\":\"https:\\\/\\\/landioustravel.com\\\/pl\\\/\"},{\"@type\":\"ListItem\",\"position\":2,\"name\":\"Us\u0142ugi i wycieczki\",\"item\":\"https:\\\/\\\/landioustravel.com\\\/pl\\\/\"},{\"@type\":\"ListItem\",\"position\":3,\"name\":\"Indywidualna wycieczka do Sharm El-Naga z Hurghady\"}]},{\"@type\":\"WebSite\",\"@id\":\"https:\\\/\\\/landioustravel.com\\\/pl\\\/#website\",\"url\":\"https:\\\/\\\/landioustravel.com\\\/pl\\\/\",\"name\":\"Landious Travel\",\"description\":\"Excursions, trips and cruises in Egypt\",\"publisher\":{\"@id\":\"https:\\\/\\\/landioustravel.com\\\/pl\\\/#organization\"},\"potentialAction\":[{\"@type\":\"SearchAction\",\"target\":{\"@type\":\"EntryPoint\",\"urlTemplate\":\"https:\\\/\\\/landioustravel.com\\\/pl\\\/?s={search_term_string}\"},\"query-input\":{\"@type\":\"PropertyValueSpecification\",\"valueRequired\":true,\"valueName\":\"search_term_string\"}}],\"inLanguage\":\"pl-PL\"},{\"@type\":[\"Organization\",\"Place\"],\"@id\":\"https:\\\/\\\/landioustravel.com\\\/pl\\\/#organization\",\"name\":\"Landious Travel\",\"alternateName\":\"Landious Travel\",\"url\":\"https:\\\/\\\/landioustravel.com\\\/pl\\\/\",\"logo\":{\"@id\":\"https:\\\/\\\/landioustravel.com\\\/pl\\\/shop\\\/indywidualna-wycieczka-sharm-naga-hurghada\\\/#local-main-organization-logo\"},\"image\":{\"@id\":\"https:\\\/\\\/landioustravel.com\\\/pl\\\/shop\\\/indywidualna-wycieczka-sharm-naga-hurghada\\\/#local-main-organization-logo\"},\"sameAs\":[\"https:\\\/\\\/web.facebook.com\\\/landiousEgypt\",\"https:\\\/\\\/x.com\\\/LandiousTours\",\"https:\\\/\\\/mastodon.social\\\/@landious\"],\"legalName\":\"Landious Travel\",\"telephone\":[],\"openingHoursSpecification\":[{\"@type\":\"OpeningHoursSpecification\",\"dayOfWeek\":[\"Monday\",\"Tuesday\",\"Wednesday\",\"Thursday\",\"Friday\",\"Saturday\",\"Sunday\"],\"opens\":\"09:00\",\"closes\":\"17:00\"}]},{\"@type\":\"ImageObject\",\"inLanguage\":\"pl-PL\",\"@id\":\"https:\\\/\\\/landioustravel.com\\\/pl\\\/shop\\\/indywidualna-wycieczka-sharm-naga-hurghada\\\/#local-main-organization-logo\",\"url\":\"https:\\\/\\\/i0.wp.com\\\/landioustravel.com\\\/wp-content\\\/uploads\\\/2021\\\/06\\\/Landious-T.png?fit=500%2C500&ssl=1\",\"contentUrl\":\"https:\\\/\\\/i0.wp.com\\\/landioustravel.com\\\/wp-content\\\/uploads\\\/2021\\\/06\\\/Landious-T.png?fit=500%2C500&ssl=1\",\"width\":500,\"height\":500,\"caption\":\"Landious Travel\"}]}<\/script>\n<!-- \/ Yoast SEO Premium plugin. -->","yoast_head_json":{"title":"Indywidualna wycieczka do Sharm El-Naga z Hurghady","description":"Indywidualna wycieczka do Sharm El-Naga z Hurghady Polecamy wycieczk\u0119, poniewa\u017c pozwala turystom dobrze si\u0119 bawi\u0107 nad morzem! Wycieczka daje mo\u017cliwo\u015b\u0107","robots":{"index":"index","follow":"follow","max-snippet":"max-snippet:-1","max-image-preview":"max-image-preview:large","max-video-preview":"max-video-preview:-1"},"canonical":"https:\/\/landioustravel.com\/pl\/shop\/indywidualna-wycieczka-sharm-naga-hurghada\/","og_locale":"pl_PL","og_type":"article","og_title":"Indywidualna wycieczka do Sharm El-Naga z Hurghady","og_description":"Landious Travel","og_url":"https:\/\/landioustravel.com\/pl\/shop\/indywidualna-wycieczka-sharm-naga-hurghada\/","og_site_name":"Landious Travel","article_publisher":"https:\/\/web.facebook.com\/landiousEgypt","article_modified_time":"2025-12-09T17:17:58+00:00","og_image":[{"width":1200,"height":675,"url":"https:\/\/i0.wp.com\/landioustravel.com\/wp-content\/uploads\/2019\/06\/Sharm-El-Naga-Trip-Hurghada-e1669125539693.jpg?fit=1200%2C675&ssl=1","type":"image\/jpeg"}],"twitter_card":"summary_large_image","twitter_site":"@LandiousTours","twitter_misc":{"Szacowany czas czytania":"2 minuty"},"schema":{"@context":"https:\/\/schema.org","@graph":[{"@type":"WebPage","@id":"https:\/\/landioustravel.com\/pl\/shop\/indywidualna-wycieczka-sharm-naga-hurghada\/","url":"https:\/\/landioustravel.com\/pl\/shop\/indywidualna-wycieczka-sharm-naga-hurghada\/","name":"Indywidualna wycieczka do Sharm El-Naga z Hurghady","isPartOf":{"@id":"https:\/\/landioustravel.com\/pl\/#website"},"primaryImageOfPage":{"@id":"https:\/\/landioustravel.com\/pl\/shop\/indywidualna-wycieczka-sharm-naga-hurghada\/#primaryimage"},"image":{"@id":"https:\/\/landioustravel.com\/pl\/shop\/indywidualna-wycieczka-sharm-naga-hurghada\/#primaryimage"},"thumbnailUrl":"https:\/\/i0.wp.com\/landioustravel.com\/wp-content\/uploads\/2019\/06\/Sharm-El-Naga-Trip-Hurghada-e1669125539693.jpg?fit=1200%2C675&ssl=1","datePublished":"2019-06-09T09:07:48+00:00","dateModified":"2025-12-09T17:17:58+00:00","description":"Indywidualna wycieczka do Sharm El-Naga z Hurghady Polecamy wycieczk\u0119, poniewa\u017c pozwala turystom dobrze si\u0119 bawi\u0107 nad morzem! Wycieczka daje mo\u017cliwo\u015b\u0107","breadcrumb":{"@id":"https:\/\/landioustravel.com\/pl\/shop\/indywidualna-wycieczka-sharm-naga-hurghada\/#breadcrumb"},"inLanguage":"pl-PL","potentialAction":[{"@type":"ReadAction","target":["https:\/\/landioustravel.com\/pl\/shop\/indywidualna-wycieczka-sharm-naga-hurghada\/"]}]},{"@type":"ImageObject","inLanguage":"pl-PL","@id":"https:\/\/landioustravel.com\/pl\/shop\/indywidualna-wycieczka-sharm-naga-hurghada\/#primaryimage","url":"https:\/\/i0.wp.com\/landioustravel.com\/wp-content\/uploads\/2019\/06\/Sharm-El-Naga-Trip-Hurghada-e1669125539693.jpg?fit=1200%2C675&ssl=1","contentUrl":"https:\/\/i0.wp.com\/landioustravel.com\/wp-content\/uploads\/2019\/06\/Sharm-El-Naga-Trip-Hurghada-e1669125539693.jpg?fit=1200%2C675&ssl=1","width":1200,"height":675,"caption":"Sharm El Naga Trip Hurghada"},{"@type":"BreadcrumbList","@id":"https:\/\/landioustravel.com\/pl\/shop\/indywidualna-wycieczka-sharm-naga-hurghada\/#breadcrumb","itemListElement":[{"@type":"ListItem","position":1,"name":"Home","item":"https:\/\/landioustravel.com\/pl\/"},{"@type":"ListItem","position":2,"name":"Us\u0142ugi i wycieczki","item":"https:\/\/landioustravel.com\/pl\/"},{"@type":"ListItem","position":3,"name":"Indywidualna wycieczka do Sharm El-Naga z Hurghady"}]},{"@type":"WebSite","@id":"https:\/\/landioustravel.com\/pl\/#website","url":"https:\/\/landioustravel.com\/pl\/","name":"Landious Travel","description":"Excursions, trips and cruises in Egypt","publisher":{"@id":"https:\/\/landioustravel.com\/pl\/#organization"},"potentialAction":[{"@type":"SearchAction","target":{"@type":"EntryPoint","urlTemplate":"https:\/\/landioustravel.com\/pl\/?s={search_term_string}"},"query-input":{"@type":"PropertyValueSpecification","valueRequired":true,"valueName":"search_term_string"}}],"inLanguage":"pl-PL"},{"@type":["Organization","Place"],"@id":"https:\/\/landioustravel.com\/pl\/#organization","name":"Landious Travel","alternateName":"Landious Travel","url":"https:\/\/landioustravel.com\/pl\/","logo":{"@id":"https:\/\/landioustravel.com\/pl\/shop\/indywidualna-wycieczka-sharm-naga-hurghada\/#local-main-organization-logo"},"image":{"@id":"https:\/\/landioustravel.com\/pl\/shop\/indywidualna-wycieczka-sharm-naga-hurghada\/#local-main-organization-logo"},"sameAs":["https:\/\/web.facebook.com\/landiousEgypt","https:\/\/x.com\/LandiousTours","https:\/\/mastodon.social\/@landious"],"legalName":"Landious Travel","telephone":[],"openingHoursSpecification":[{"@type":"OpeningHoursSpecification","dayOfWeek":["Monday","Tuesday","Wednesday","Thursday","Friday","Saturday","Sunday"],"opens":"09:00","closes":"17:00"}]},{"@type":"ImageObject","inLanguage":"pl-PL","@id":"https:\/\/landioustravel.com\/pl\/shop\/indywidualna-wycieczka-sharm-naga-hurghada\/#local-main-organization-logo","url":"https:\/\/i0.wp.com\/landioustravel.com\/wp-content\/uploads\/2021\/06\/Landious-T.png?fit=500%2C500&ssl=1","contentUrl":"https:\/\/i0.wp.com\/landioustravel.com\/wp-content\/uploads\/2021\/06\/Landious-T.png?fit=500%2C500&ssl=1","width":500,"height":500,"caption":"Landious Travel"}]}},"jetpack_publicize_connections":[],"uagb_featured_image_src":{"full":["https:\/\/i0.wp.com\/landioustravel.com\/wp-content\/uploads\/2019\/06\/Sharm-El-Naga-Trip-Hurghada-e1669125539693.jpg?fit=1200%2C675&ssl=1",1200,675,false],"thumbnail":["https:\/\/i0.wp.com\/landioustravel.com\/wp-content\/uploads\/2019\/06\/Sharm-El-Naga-Trip-Hurghada-e1669125539693.jpg?resize=150%2C150&ssl=1",150,150,true],"medium":["https:\/\/i0.wp.com\/landioustravel.com\/wp-content\/uploads\/2019\/06\/Sharm-El-Naga-Trip-Hurghada-e1669125539693.jpg?fit=300%2C169&ssl=1",300,169,true],"medium_large":["https:\/\/i0.wp.com\/landioustravel.com\/wp-content\/uploads\/2019\/06\/Sharm-El-Naga-Trip-Hurghada-e1669125539693.jpg?fit=768%2C432&ssl=1",768,432,true],"large":["https:\/\/i0.wp.com\/landioustravel.com\/wp-content\/uploads\/2019\/06\/Sharm-El-Naga-Trip-Hurghada-e1669125539693.jpg?fit=980%2C551&ssl=1",980,551,true],"1536x1536":["https:\/\/i0.wp.com\/landioustravel.com\/wp-content\/uploads\/2019\/06\/Sharm-El-Naga-Trip-Hurghada-e1669125539693.jpg?fit=1200%2C675&ssl=1",1200,675,true],"2048x2048":["https:\/\/i0.wp.com\/landioustravel.com\/wp-content\/uploads\/2019\/06\/Sharm-El-Naga-Trip-Hurghada-e1669125539693.jpg?fit=1200%2C675&ssl=1",1200,675,true],"newspack-article-block-landscape-large":["https:\/\/i0.wp.com\/landioustravel.com\/wp-content\/uploads\/2019\/06\/Sharm-El-Naga-Trip-Hurghada-e1669125539693.jpg?resize=1200%2C675&ssl=1",1200,675,true],"newspack-article-block-portrait-large":["https:\/\/i0.wp.com\/landioustravel.com\/wp-content\/uploads\/2019\/06\/Sharm-El-Naga-Trip-Hurghada-e1669125539693.jpg?resize=900%2C675&ssl=1",900,675,true],"newspack-article-block-square-large":["https:\/\/i0.wp.com\/landioustravel.com\/wp-content\/uploads\/2019\/06\/Sharm-El-Naga-Trip-Hurghada-e1669125539693.jpg?resize=1200%2C675&ssl=1",1200,675,true],"newspack-article-block-landscape-medium":["https:\/\/i0.wp.com\/landioustravel.com\/wp-content\/uploads\/2019\/06\/Sharm-El-Naga-Trip-Hurghada-e1669125539693.jpg?resize=800%2C600&ssl=1",800,600,true],"newspack-article-block-portrait-medium":["https:\/\/i0.wp.com\/landioustravel.com\/wp-content\/uploads\/2019\/06\/Sharm-El-Naga-Trip-Hurghada-e1669125539693.jpg?resize=600%2C675&ssl=1",600,675,true],"newspack-article-block-square-medium":["https:\/\/i0.wp.com\/landioustravel.com\/wp-content\/uploads\/2019\/06\/Sharm-El-Naga-Trip-Hurghada-e1669125539693.jpg?resize=800%2C675&ssl=1",800,675,true],"newspack-article-block-landscape-intermediate":["https:\/\/i0.wp.com\/landioustravel.com\/wp-content\/uploads\/2019\/06\/Sharm-El-Naga-Trip-Hurghada-e1669125539693.jpg?resize=600%2C450&ssl=1",600,450,true],"newspack-article-block-portrait-intermediate":["https:\/\/i0.wp.com\/landioustravel.com\/wp-content\/uploads\/2019\/06\/Sharm-El-Naga-Trip-Hurghada-e1669125539693.jpg?resize=450%2C600&ssl=1",450,600,true],"newspack-article-block-square-intermediate":["https:\/\/i0.wp.com\/landioustravel.com\/wp-content\/uploads\/2019\/06\/Sharm-El-Naga-Trip-Hurghada-e1669125539693.jpg?resize=600%2C600&ssl=1",600,600,true],"newspack-article-block-landscape-small":["https:\/\/i0.wp.com\/landioustravel.com\/wp-content\/uploads\/2019\/06\/Sharm-El-Naga-Trip-Hurghada-e1669125539693.jpg?resize=400%2C300&ssl=1",400,300,true],"newspack-article-block-portrait-small":["https:\/\/i0.wp.com\/landioustravel.com\/wp-content\/uploads\/2019\/06\/Sharm-El-Naga-Trip-Hurghada-e1669125539693.jpg?resize=300%2C400&ssl=1",300,400,true],"newspack-article-block-square-small":["https:\/\/i0.wp.com\/landioustravel.com\/wp-content\/uploads\/2019\/06\/Sharm-El-Naga-Trip-Hurghada-e1669125539693.jpg?resize=400%2C400&ssl=1",400,400,true],"newspack-article-block-landscape-tiny":["https:\/\/i0.wp.com\/landioustravel.com\/wp-content\/uploads\/2019\/06\/Sharm-El-Naga-Trip-Hurghada-e1669125539693.jpg?resize=200%2C150&ssl=1",200,150,true],"newspack-article-block-portrait-tiny":["https:\/\/i0.wp.com\/landioustravel.com\/wp-content\/uploads\/2019\/06\/Sharm-El-Naga-Trip-Hurghada-e1669125539693.jpg?resize=150%2C200&ssl=1",150,200,true],"newspack-article-block-square-tiny":["https:\/\/i0.wp.com\/landioustravel.com\/wp-content\/uploads\/2019\/06\/Sharm-El-Naga-Trip-Hurghada-e1669125539693.jpg?resize=200%2C200&ssl=1",200,200,true],"newspack-article-block-uncropped":["https:\/\/i0.wp.com\/landioustravel.com\/wp-content\/uploads\/2019\/06\/Sharm-El-Naga-Trip-Hurghada-e1669125539693.jpg?fit=1200%2C675&ssl=1",1200,675,true],"woocommerce_thumbnail":["https:\/\/i0.wp.com\/landioustravel.com\/wp-content\/uploads\/2019\/06\/Sharm-El-Naga-Trip-Hurghada-e1669125539693.jpg?resize=324%2C324&ssl=1",324,324,true],"woocommerce_single":["https:\/\/i0.wp.com\/landioustravel.com\/wp-content\/uploads\/2019\/06\/Sharm-El-Naga-Trip-Hurghada-e1669125539693.jpg?fit=416%2C234&ssl=1",416,234,true],"woocommerce_gallery_thumbnail":["https:\/\/i0.wp.com\/landioustravel.com\/wp-content\/uploads\/2019\/06\/Sharm-El-Naga-Trip-Hurghada-e1669125539693.jpg?resize=100%2C100&ssl=1",100,100,true]},"uagb_author_info":{"display_name":"Mofreh Landious","author_link":"https:\/\/landioustravel.com\/pl\/author\/"},"uagb_comment_info":2,"uagb_excerpt":"Szukasz spokojnego i relaksuj\u0105cego wypoczynku? Nie szukaj dalej ni\u017c pi\u0119kna zatoka Sharm El Naga, zaledwie kilka minut jazdy od Hurghady. Nasza ca\u0142odniowa wycieczka z rurk\u0105 oferuje idealn\u0105 r\u00f3wnowag\u0119 mi\u0119dzy przygod\u0105 a relaksem. Sp\u0119d\u017a pi\u0119\u0107 godzin na wspania\u0142ej piaszczystej pla\u017cy, rozkoszuj\u0105c si\u0119 s\u0142o\u0144cem i odkrywaj\u0105c wspania\u0142e rafy koralowe i \u017cycie morskie. Rozumiemy, \u017ce wakacje to czas&hellip;","jetpack_sharing_enabled":true,"jetpack_likes_enabled":true,"amp_enabled":true,"_links":{"self":[{"href":"https:\/\/landioustravel.com\/pl\/wp-json\/wp\/v2\/product\/8427","targetHints":{"allow":["GET"]}}],"collection":[{"href":"https:\/\/landioustravel.com\/pl\/wp-json\/wp\/v2\/product"}],"about":[{"href":"https:\/\/landioustravel.com\/pl\/wp-json\/wp\/v2\/types\/product"}],"replies":[{"embeddable":true,"href":"https:\/\/landioustravel.com\/pl\/wp-json\/wp\/v2\/comments?post=8427"}],"wp:featuredmedia":[{"embeddable":true,"href":"https:\/\/landioustravel.com\/pl\/wp-json\/wp\/v2\/media\/99074"}],"wp:attachment":[{"href":"https:\/\/landioustravel.com\/pl\/wp-json\/wp\/v2\/media?parent=8427"}],"wp:term":[{"taxonomy":"product_brand","embeddable":true,"href":"https:\/\/landioustravel.com\/pl\/wp-json\/wp\/v2\/product_brand?post=8427"},{"taxonomy":"product_cat","embeddable":true,"href":"https:\/\/landioustravel.com\/pl\/wp-json\/wp\/v2\/product_cat?post=8427"},{"taxonomy":"product_tag","embeddable":true,"href":"https:\/\/landioustravel.com\/pl\/wp-json\/wp\/v2\/product_tag?post=8427"}],"curies":[{"name":"wp","href":"https:\/\/api.w.org\/{rel}","templated":true}]}}