{"id":8799,"date":"2019-06-11T03:10:44","date_gmt":"2019-06-12T13:17:09","guid":{"rendered":"https:\/\/landioustravel.com\/?post_type=product&#038;p=8799"},"modified":"2024-09-26T01:39:23","modified_gmt":"2024-09-25T22:39:23","slug":"wycieczka-klasztoru-antoniego-hurghada","status":"publish","type":"product","link":"https:\/\/landioustravel.com\/pl\/shop\/wycieczka-klasztoru-antoniego-hurghada\/","title":{"rendered":"Wycieczka do klasztoru \u015bw. Antoniego z Hurghady"},"content":{"rendered":"<p>Duchowa podr\u00f3\u017c indywidualna do klasztoru \u015bw. Antoniego z <a href=\"https:\/\/landioustravel.com\/pl\/miasto-hurghada\/\">Hurghady<\/a>! Polecamy wycieczk\u0119, poniewa\u017c pozwala turystom zobaczy\u0107 najstarsze zabytki chrze\u015bcija\u0144skie zbudowane w chrze\u015bcija\u0144skim Egipcie i dowiedzie\u0107 si\u0119 wi\u0119cej o <a href=\"https:\/\/landioustravel.com\/pl\/egipt\/historia-egiptu\/\">historii kraju<\/a>.<\/p>\n<h2>G\u0142\u00f3wne punkty indywidualnego programu do klasztoru \u015bw. Antoniego<\/h2>\n<ul>\n<li>Wizyta w klasztorze \u015bw. Antoniego<\/li>\n<li>Obiad<\/li>\n<li>Wizyta w klasztorze \u015bw. Paw\u0142a<\/li>\n<\/ul>\n<h3>Program wycieczki do klasztor\u00f3w \u015bw. Antoniego i \u015bw. Paw\u0142a z Hurghady<\/h3>\n<ul>\n<li>Odbieramy z hotelu oko\u0142o 03:00 rano<\/li>\n<li>Po odebraniu ci\u0119, tw\u00f3j prywatny pojazd (limuzyna lub minibus) wyje\u017cd\u017ca do klasztoru \u015bw. Antoniego. Po drodze mijacie miasto Ras Ghareb, Zaafarana, Ain Sokhna i; wreszcie dotrzesz do Zafaarana. Wszystkie te miasta znajduj\u0105 si\u0119 na p\u00f3\u0142noc od Hurghady, na wybrze\u017cu Morza Czerwonego. Droga z centrum Hurghady do klasztoru \u015bw. Antoniego trwa oko\u0142o 4 godzin<\/li>\n<\/ul>\n<h4>Program w klasztorze \u015bw. Antoniego<\/h4>\n<ul>\n<li>Jak tylko dotrzesz do klasztoru \u015bw. Antoniego, tw\u00f3j przewodnik towarzyszy ci w wycieczce po tym \u015bwi\u0119tym miejscu. Ogromny klasztor \u015bw. Antoniego otoczony jest ogromnym murem, w kt\u00f3rym mieszkaj\u0105 mnisi i opat. Ponad 1600 lat temu pustelnik Anthony mieszka\u0142 tutaj w jaskini na 680-metrowej g\u00f3rze. Schody z oko\u0142o 1000 stopni prowadz\u0105 do jaskini. Szczeg\u00f3lnie warto zobaczy\u0107 w kompleksie: alejki, kaplice i ogrody.<\/li>\n<li>Po wizycie w klasztorze \u015bw. Antoniego w Zafaaranie mo\u017cesz zje\u015b\u0107 lunch.<\/li>\n<li>Nast\u0119pnie wracasz do Monasteru \u015bw. Paw\u0142a. Dotarcie na miejsce zajmie Ci oko\u0142o 40 minut.<\/li>\n<\/ul>\n<h4>Program w klasztorze \u015bw. Paw\u0142a<\/h4>\n<ul>\n<li>Podr\u00f3\u017c trwa w klasztorze \u015bw. Paw\u0142a. Chocia\u017c ten klasztor jest mniejszy ni\u017c klasztor \u015bw. Antoniego, mo\u017cna znale\u017a\u0107 tu kilka skarb\u00f3w: o\u0142tarze, ikony, star\u0105 pras\u0119 oliwn\u0105, stare ko\u0142o pasowe i trumn\u0119 &#8211; kt\u00f3ra podobno jest szcz\u0105tkami \u015bw. Paw\u0142a w nim .<\/li>\n<li>W ko\u0144cu, po takim programie w \u015bwi\u0119tych koptyjskich klasztorach \u015bw. Antoniego i Paw\u0142a, wracasz do Hurghady.<\/li>\n<li>Ta \u201ewycieczka do klasztoru \u015bw. Antoniego z Hurghady\u201d ko\u0144czy si\u0119 oko\u0142o 17:00<\/li>\n<\/ul>\n<h4>Co jest wliczone w cen\u0119 wycieczki<\/h4>\n<ul>\n<li>Prywatny klimatyzowany pojazd<\/li>\n<li>Obiad<\/li>\n<li>Napoje<\/li>\n<li>Prywatny przewodnik<\/li>\n<\/ul>\n<h5>Co nie jest wliczone w cen\u0119 wycieczki<\/h5>\n<ul>\n<li>Dodatkowe programy, je\u015bli nie zosta\u0142y uwzgl\u0119dnione w powy\u017cszym programie<\/li>\n<li>Napoje w restauracji<\/li>\n<\/ul>\n<h6>CO POWINIEN ZOSTA\u0106 Z WAMI NA WYCIECZK\u0118<\/h6>\n<ul>\n<li>Pude\u0142ko \u015bniadaniowe<\/li>\n<li>Ubrania na sezon<\/li>\n<\/ul>\n<h6>DNI ORGANIZACJI WYCIECZKI<\/h6>\n<ul>\n<li>Codziennie od 03: 00-17: 00<\/li>\n<\/ul>\n","protected":false},"excerpt":{"rendered":"<p>Poznaj bogat\u0105 histori\u0119 Egiptu, odwiedzaj\u0105c klasztor \u015bw. Antoniego, najstarszy klasztor koptyjski w kraju. Nasz zesp\u00f3\u0142 zadba o wszystko, \u0142\u0105cznie z transferami i lunchem, aby\u015b m\u00f3g\u0142 skupi\u0107 si\u0119 na zanurzeniu w kulturze i duchowo\u015bci tego \u015bwi\u0119tego miejsca. Po zwiedzeniu \u015bw. Antoniego udamy si\u0119 do r\u00f3wnie fascynuj\u0105cego klasztoru \u015bw. Paw\u0142a, znanego jako \u201eKlasztor Tygrysa\u201d ze wzgl\u0119du na jego odleg\u0142e po\u0142o\u017cenie na pustyni. Oba klasztory pochodz\u0105 z IV wieku naszej ery i s\u0105 uwa\u017cane za \u015bwi\u0119te miejsca w Ko\u015bciele koptyjskim. Nasz angloj\u0119zyczny przewodnik b\u0119dzie Ci towarzyszy\u0142 przez ca\u0142\u0105 wycieczk\u0119, zapewniaj\u0105c wgl\u0105d i odpowiadaj\u0105c na wszelkie pytania. Rozumiemy znaczenie do\u015bwiadcze\u0144 religijnych i kulturowych i jeste\u015bmy zaszczyceni, mog\u0105c pom\u00f3c uczyni\u0107 t\u0119 wizyt\u0119 niezapomnian\u0105. Pozw\u00f3l nam zaopiekowa\u0107 si\u0119 Tob\u0105 od pocz\u0105tku do ko\u0144ca, a sprawimy, \u017ce wr\u00f3cisz do swojego hotelu z nowo odkrytym uznaniem dla historii i pi\u0119kna Egiptu.<\/p>\n","protected":false},"featured_media":45977,"comment_status":"open","ping_status":"closed","template":"","meta":{"_coblocks_attr":"","_coblocks_dimensions":"","_coblocks_responsive_height":"","_coblocks_accordion_ie_support":"","_uag_custom_page_level_css":"","jetpack_post_was_ever_published":false,"jetpack_publicize_message":"","jetpack_publicize_feature_enabled":true,"jetpack_social_post_already_shared":true,"jetpack_social_options":{"image_generator_settings":{"template":"highway","default_image_id":0,"font":"","enabled":false},"version":2},"_wpas_customize_per_network":false},"product_brand":[],"product_cat":[1947,8566],"product_tag":[1956,1961,2146,9909],"class_list":{"0":"post-8799","1":"product","2":"type-product","3":"status-publish","4":"has-post-thumbnail","6":"product_cat-historyczne-wycieczki-hurghady","7":"product_cat-indywidualne-wycieczki-hurghada","8":"product_tag-hurghada-pl","9":"product_tag-wycieczka","10":"product_tag-wycieczki-z-hurghady","11":"product_tag-zwiedzanie","13":"first","14":"instock","15":"sale","16":"taxable","17":"shipping-taxable","18":"purchasable","19":"product-type-variable"},"yoast_head":"<!-- This site is optimized with the Yoast SEO Premium plugin v26.9 (Yoast SEO v27.3) - https:\/\/yoast.com\/product\/yoast-seo-premium-wordpress\/ -->\n<title>Wycieczka do klasztoru \u015bw. Antoniego z Hurghady<\/title>\n<meta name=\"description\" content=\"Wycieczka do klasztoru \u015bw. Antoniego z Hurghady Polecamy wycieczk\u0119, poniewa\u017c pozwala turystom zobaczy\u0107 najstarsze zabytki chrze\u015bcija\u0144skie zbudowane w\" \/>\n<meta name=\"robots\" content=\"index, follow, max-snippet:-1, max-image-preview:large, max-video-preview:-1\" \/>\n<link rel=\"canonical\" href=\"https:\/\/landioustravel.com\/pl\/shop\/wycieczka-klasztoru-antoniego-hurghada\/\" \/>\n<meta property=\"og:locale\" content=\"pl_PL\" \/>\n<meta property=\"og:type\" content=\"article\" \/>\n<meta property=\"og:title\" content=\"Wycieczka do klasztoru \u015bw. Antoniego z Hurghady\" \/>\n<meta property=\"og:description\" content=\"Landious Travel\" \/>\n<meta property=\"og:url\" content=\"https:\/\/landioustravel.com\/pl\/shop\/wycieczka-klasztoru-antoniego-hurghada\/\" \/>\n<meta property=\"og:site_name\" content=\"Landious Travel\" \/>\n<meta property=\"article:publisher\" content=\"https:\/\/web.facebook.com\/landiousEgypt\" \/>\n<meta property=\"article:modified_time\" content=\"2024-09-25T22:39:23+00:00\" \/>\n<meta property=\"og:image\" content=\"https:\/\/i0.wp.com\/landioustravel.com\/wp-content\/uploads\/2019\/06\/monastery_st_antony-1-e1617630564956.jpg?fit=1200%2C675&ssl=1\" \/>\n\t<meta property=\"og:image:width\" content=\"1200\" \/>\n\t<meta property=\"og:image:height\" content=\"675\" \/>\n\t<meta property=\"og:image:type\" content=\"image\/jpeg\" \/>\n<meta name=\"twitter:card\" content=\"summary_large_image\" \/>\n<meta name=\"twitter:site\" content=\"@LandiousTours\" \/>\n<meta name=\"twitter:label1\" content=\"Szacowany czas czytania\" \/>\n\t<meta name=\"twitter:data1\" content=\"2 minuty\" \/>\n<script type=\"application\/ld+json\" class=\"yoast-schema-graph\">{\"@context\":\"https:\\\/\\\/schema.org\",\"@graph\":[{\"@type\":\"WebPage\",\"@id\":\"https:\\\/\\\/landioustravel.com\\\/pl\\\/shop\\\/wycieczka-klasztoru-antoniego-hurghada\\\/\",\"url\":\"https:\\\/\\\/landioustravel.com\\\/pl\\\/shop\\\/wycieczka-klasztoru-antoniego-hurghada\\\/\",\"name\":\"Wycieczka do klasztoru \u015bw. Antoniego z Hurghady\",\"isPartOf\":{\"@id\":\"https:\\\/\\\/landioustravel.com\\\/pl\\\/#website\"},\"primaryImageOfPage\":{\"@id\":\"https:\\\/\\\/landioustravel.com\\\/pl\\\/shop\\\/wycieczka-klasztoru-antoniego-hurghada\\\/#primaryimage\"},\"image\":{\"@id\":\"https:\\\/\\\/landioustravel.com\\\/pl\\\/shop\\\/wycieczka-klasztoru-antoniego-hurghada\\\/#primaryimage\"},\"thumbnailUrl\":\"https:\\\/\\\/i0.wp.com\\\/landioustravel.com\\\/wp-content\\\/uploads\\\/2019\\\/06\\\/monastery_st_antony-1-e1617630564956.jpg?fit=1200%2C675&ssl=1\",\"datePublished\":\"2019-06-12T13:17:09+00:00\",\"dateModified\":\"2024-09-25T22:39:23+00:00\",\"description\":\"Wycieczka do klasztoru \u015bw. Antoniego z Hurghady Polecamy wycieczk\u0119, poniewa\u017c pozwala turystom zobaczy\u0107 najstarsze zabytki chrze\u015bcija\u0144skie zbudowane w\",\"breadcrumb\":{\"@id\":\"https:\\\/\\\/landioustravel.com\\\/pl\\\/shop\\\/wycieczka-klasztoru-antoniego-hurghada\\\/#breadcrumb\"},\"inLanguage\":\"pl-PL\",\"potentialAction\":[{\"@type\":\"ReadAction\",\"target\":[\"https:\\\/\\\/landioustravel.com\\\/pl\\\/shop\\\/wycieczka-klasztoru-antoniego-hurghada\\\/\"]}]},{\"@type\":\"ImageObject\",\"inLanguage\":\"pl-PL\",\"@id\":\"https:\\\/\\\/landioustravel.com\\\/pl\\\/shop\\\/wycieczka-klasztoru-antoniego-hurghada\\\/#primaryimage\",\"url\":\"https:\\\/\\\/i0.wp.com\\\/landioustravel.com\\\/wp-content\\\/uploads\\\/2019\\\/06\\\/monastery_st_antony-1-e1617630564956.jpg?fit=1200%2C675&ssl=1\",\"contentUrl\":\"https:\\\/\\\/i0.wp.com\\\/landioustravel.com\\\/wp-content\\\/uploads\\\/2019\\\/06\\\/monastery_st_antony-1-e1617630564956.jpg?fit=1200%2C675&ssl=1\",\"width\":1200,\"height\":675,\"caption\":\"Monastery of Saint Anthony Trip Hurghada\"},{\"@type\":\"BreadcrumbList\",\"@id\":\"https:\\\/\\\/landioustravel.com\\\/pl\\\/shop\\\/wycieczka-klasztoru-antoniego-hurghada\\\/#breadcrumb\",\"itemListElement\":[{\"@type\":\"ListItem\",\"position\":1,\"name\":\"Home\",\"item\":\"https:\\\/\\\/landioustravel.com\\\/pl\\\/\"},{\"@type\":\"ListItem\",\"position\":2,\"name\":\"Us\u0142ugi i wycieczki\",\"item\":\"https:\\\/\\\/landioustravel.com\\\/pl\\\/\"},{\"@type\":\"ListItem\",\"position\":3,\"name\":\"Wycieczka do klasztoru \u015bw. Antoniego z Hurghady\"}]},{\"@type\":\"WebSite\",\"@id\":\"https:\\\/\\\/landioustravel.com\\\/pl\\\/#website\",\"url\":\"https:\\\/\\\/landioustravel.com\\\/pl\\\/\",\"name\":\"Landious Travel\",\"description\":\"Excursions, trips and cruises in Egypt\",\"publisher\":{\"@id\":\"https:\\\/\\\/landioustravel.com\\\/pl\\\/#organization\"},\"potentialAction\":[{\"@type\":\"SearchAction\",\"target\":{\"@type\":\"EntryPoint\",\"urlTemplate\":\"https:\\\/\\\/landioustravel.com\\\/pl\\\/?s={search_term_string}\"},\"query-input\":{\"@type\":\"PropertyValueSpecification\",\"valueRequired\":true,\"valueName\":\"search_term_string\"}}],\"inLanguage\":\"pl-PL\"},{\"@type\":[\"Organization\",\"Place\"],\"@id\":\"https:\\\/\\\/landioustravel.com\\\/pl\\\/#organization\",\"name\":\"Landious Travel\",\"alternateName\":\"Landious Travel\",\"url\":\"https:\\\/\\\/landioustravel.com\\\/pl\\\/\",\"logo\":{\"@id\":\"https:\\\/\\\/landioustravel.com\\\/pl\\\/shop\\\/wycieczka-klasztoru-antoniego-hurghada\\\/#local-main-organization-logo\"},\"image\":{\"@id\":\"https:\\\/\\\/landioustravel.com\\\/pl\\\/shop\\\/wycieczka-klasztoru-antoniego-hurghada\\\/#local-main-organization-logo\"},\"sameAs\":[\"https:\\\/\\\/web.facebook.com\\\/landiousEgypt\",\"https:\\\/\\\/x.com\\\/LandiousTours\",\"https:\\\/\\\/mastodon.social\\\/@landious\"],\"legalName\":\"Landious Travel\",\"telephone\":[],\"openingHoursSpecification\":[{\"@type\":\"OpeningHoursSpecification\",\"dayOfWeek\":[\"Monday\",\"Tuesday\",\"Wednesday\",\"Thursday\",\"Friday\",\"Saturday\",\"Sunday\"],\"opens\":\"09:00\",\"closes\":\"17:00\"}]},{\"@type\":\"ImageObject\",\"inLanguage\":\"pl-PL\",\"@id\":\"https:\\\/\\\/landioustravel.com\\\/pl\\\/shop\\\/wycieczka-klasztoru-antoniego-hurghada\\\/#local-main-organization-logo\",\"url\":\"https:\\\/\\\/i0.wp.com\\\/landioustravel.com\\\/wp-content\\\/uploads\\\/2021\\\/06\\\/Landious-T.png?fit=500%2C500&ssl=1\",\"contentUrl\":\"https:\\\/\\\/i0.wp.com\\\/landioustravel.com\\\/wp-content\\\/uploads\\\/2021\\\/06\\\/Landious-T.png?fit=500%2C500&ssl=1\",\"width\":500,\"height\":500,\"caption\":\"Landious Travel\"}]}<\/script>\n<!-- \/ Yoast SEO Premium plugin. -->","yoast_head_json":{"title":"Wycieczka do klasztoru \u015bw. Antoniego z Hurghady","description":"Wycieczka do klasztoru \u015bw. Antoniego z Hurghady Polecamy wycieczk\u0119, poniewa\u017c pozwala turystom zobaczy\u0107 najstarsze zabytki chrze\u015bcija\u0144skie zbudowane w","robots":{"index":"index","follow":"follow","max-snippet":"max-snippet:-1","max-image-preview":"max-image-preview:large","max-video-preview":"max-video-preview:-1"},"canonical":"https:\/\/landioustravel.com\/pl\/shop\/wycieczka-klasztoru-antoniego-hurghada\/","og_locale":"pl_PL","og_type":"article","og_title":"Wycieczka do klasztoru \u015bw. Antoniego z Hurghady","og_description":"Landious Travel","og_url":"https:\/\/landioustravel.com\/pl\/shop\/wycieczka-klasztoru-antoniego-hurghada\/","og_site_name":"Landious Travel","article_publisher":"https:\/\/web.facebook.com\/landiousEgypt","article_modified_time":"2024-09-25T22:39:23+00:00","og_image":[{"width":1200,"height":675,"url":"https:\/\/i0.wp.com\/landioustravel.com\/wp-content\/uploads\/2019\/06\/monastery_st_antony-1-e1617630564956.jpg?fit=1200%2C675&ssl=1","type":"image\/jpeg"}],"twitter_card":"summary_large_image","twitter_site":"@LandiousTours","twitter_misc":{"Szacowany czas czytania":"2 minuty"},"schema":{"@context":"https:\/\/schema.org","@graph":[{"@type":"WebPage","@id":"https:\/\/landioustravel.com\/pl\/shop\/wycieczka-klasztoru-antoniego-hurghada\/","url":"https:\/\/landioustravel.com\/pl\/shop\/wycieczka-klasztoru-antoniego-hurghada\/","name":"Wycieczka do klasztoru \u015bw. Antoniego z Hurghady","isPartOf":{"@id":"https:\/\/landioustravel.com\/pl\/#website"},"primaryImageOfPage":{"@id":"https:\/\/landioustravel.com\/pl\/shop\/wycieczka-klasztoru-antoniego-hurghada\/#primaryimage"},"image":{"@id":"https:\/\/landioustravel.com\/pl\/shop\/wycieczka-klasztoru-antoniego-hurghada\/#primaryimage"},"thumbnailUrl":"https:\/\/i0.wp.com\/landioustravel.com\/wp-content\/uploads\/2019\/06\/monastery_st_antony-1-e1617630564956.jpg?fit=1200%2C675&ssl=1","datePublished":"2019-06-12T13:17:09+00:00","dateModified":"2024-09-25T22:39:23+00:00","description":"Wycieczka do klasztoru \u015bw. Antoniego z Hurghady Polecamy wycieczk\u0119, poniewa\u017c pozwala turystom zobaczy\u0107 najstarsze zabytki chrze\u015bcija\u0144skie zbudowane w","breadcrumb":{"@id":"https:\/\/landioustravel.com\/pl\/shop\/wycieczka-klasztoru-antoniego-hurghada\/#breadcrumb"},"inLanguage":"pl-PL","potentialAction":[{"@type":"ReadAction","target":["https:\/\/landioustravel.com\/pl\/shop\/wycieczka-klasztoru-antoniego-hurghada\/"]}]},{"@type":"ImageObject","inLanguage":"pl-PL","@id":"https:\/\/landioustravel.com\/pl\/shop\/wycieczka-klasztoru-antoniego-hurghada\/#primaryimage","url":"https:\/\/i0.wp.com\/landioustravel.com\/wp-content\/uploads\/2019\/06\/monastery_st_antony-1-e1617630564956.jpg?fit=1200%2C675&ssl=1","contentUrl":"https:\/\/i0.wp.com\/landioustravel.com\/wp-content\/uploads\/2019\/06\/monastery_st_antony-1-e1617630564956.jpg?fit=1200%2C675&ssl=1","width":1200,"height":675,"caption":"Monastery of Saint Anthony Trip Hurghada"},{"@type":"BreadcrumbList","@id":"https:\/\/landioustravel.com\/pl\/shop\/wycieczka-klasztoru-antoniego-hurghada\/#breadcrumb","itemListElement":[{"@type":"ListItem","position":1,"name":"Home","item":"https:\/\/landioustravel.com\/pl\/"},{"@type":"ListItem","position":2,"name":"Us\u0142ugi i wycieczki","item":"https:\/\/landioustravel.com\/pl\/"},{"@type":"ListItem","position":3,"name":"Wycieczka do klasztoru \u015bw. Antoniego z Hurghady"}]},{"@type":"WebSite","@id":"https:\/\/landioustravel.com\/pl\/#website","url":"https:\/\/landioustravel.com\/pl\/","name":"Landious Travel","description":"Excursions, trips and cruises in Egypt","publisher":{"@id":"https:\/\/landioustravel.com\/pl\/#organization"},"potentialAction":[{"@type":"SearchAction","target":{"@type":"EntryPoint","urlTemplate":"https:\/\/landioustravel.com\/pl\/?s={search_term_string}"},"query-input":{"@type":"PropertyValueSpecification","valueRequired":true,"valueName":"search_term_string"}}],"inLanguage":"pl-PL"},{"@type":["Organization","Place"],"@id":"https:\/\/landioustravel.com\/pl\/#organization","name":"Landious Travel","alternateName":"Landious Travel","url":"https:\/\/landioustravel.com\/pl\/","logo":{"@id":"https:\/\/landioustravel.com\/pl\/shop\/wycieczka-klasztoru-antoniego-hurghada\/#local-main-organization-logo"},"image":{"@id":"https:\/\/landioustravel.com\/pl\/shop\/wycieczka-klasztoru-antoniego-hurghada\/#local-main-organization-logo"},"sameAs":["https:\/\/web.facebook.com\/landiousEgypt","https:\/\/x.com\/LandiousTours","https:\/\/mastodon.social\/@landious"],"legalName":"Landious Travel","telephone":[],"openingHoursSpecification":[{"@type":"OpeningHoursSpecification","dayOfWeek":["Monday","Tuesday","Wednesday","Thursday","Friday","Saturday","Sunday"],"opens":"09:00","closes":"17:00"}]},{"@type":"ImageObject","inLanguage":"pl-PL","@id":"https:\/\/landioustravel.com\/pl\/shop\/wycieczka-klasztoru-antoniego-hurghada\/#local-main-organization-logo","url":"https:\/\/i0.wp.com\/landioustravel.com\/wp-content\/uploads\/2021\/06\/Landious-T.png?fit=500%2C500&ssl=1","contentUrl":"https:\/\/i0.wp.com\/landioustravel.com\/wp-content\/uploads\/2021\/06\/Landious-T.png?fit=500%2C500&ssl=1","width":500,"height":500,"caption":"Landious Travel"}]}},"jetpack_publicize_connections":[],"uagb_featured_image_src":{"full":["https:\/\/i0.wp.com\/landioustravel.com\/wp-content\/uploads\/2019\/06\/monastery_st_antony-1-e1617630564956.jpg?fit=1200%2C675&ssl=1",1200,675,false],"thumbnail":["https:\/\/i0.wp.com\/landioustravel.com\/wp-content\/uploads\/2019\/06\/monastery_st_antony-1-e1617630564956.jpg?resize=150%2C150&ssl=1",150,150,true],"medium":["https:\/\/i0.wp.com\/landioustravel.com\/wp-content\/uploads\/2019\/06\/monastery_st_antony-1-e1617630564956.jpg?fit=300%2C169&ssl=1",300,169,true],"medium_large":["https:\/\/i0.wp.com\/landioustravel.com\/wp-content\/uploads\/2019\/06\/monastery_st_antony-1-e1617630564956.jpg?fit=768%2C432&ssl=1",768,432,true],"large":["https:\/\/i0.wp.com\/landioustravel.com\/wp-content\/uploads\/2019\/06\/monastery_st_antony-1-e1617630564956.jpg?fit=980%2C551&ssl=1",980,551,true],"1536x1536":["https:\/\/i0.wp.com\/landioustravel.com\/wp-content\/uploads\/2019\/06\/monastery_st_antony-1-e1617630564956.jpg?fit=1536%2C864&ssl=1",1536,864,true],"2048x2048":["https:\/\/i0.wp.com\/landioustravel.com\/wp-content\/uploads\/2019\/06\/monastery_st_antony-1-e1617630564956.jpg?fit=1200%2C675&ssl=1",1200,675,true],"newspack-article-block-landscape-large":["https:\/\/i0.wp.com\/landioustravel.com\/wp-content\/uploads\/2019\/06\/monastery_st_antony-1-e1617630564956.jpg?resize=1200%2C675&ssl=1",1200,900,true],"newspack-article-block-portrait-large":["https:\/\/i0.wp.com\/landioustravel.com\/wp-content\/uploads\/2019\/06\/monastery_st_antony-1-e1617630564956.jpg?resize=900%2C675&ssl=1",900,1152,true],"newspack-article-block-square-large":["https:\/\/i0.wp.com\/landioustravel.com\/wp-content\/uploads\/2019\/06\/monastery_st_antony-1-e1617630564956.jpg?resize=1200%2C675&ssl=1",1200,1152,true],"newspack-article-block-landscape-medium":["https:\/\/i0.wp.com\/landioustravel.com\/wp-content\/uploads\/2019\/06\/monastery_st_antony-1-e1617630564956.jpg?resize=800%2C600&ssl=1",800,600,true],"newspack-article-block-portrait-medium":["https:\/\/i0.wp.com\/landioustravel.com\/wp-content\/uploads\/2019\/06\/monastery_st_antony-1-e1617630564956.jpg?resize=600%2C675&ssl=1",600,800,true],"newspack-article-block-square-medium":["https:\/\/i0.wp.com\/landioustravel.com\/wp-content\/uploads\/2019\/06\/monastery_st_antony-1-e1617630564956.jpg?resize=800%2C675&ssl=1",800,800,true],"newspack-article-block-landscape-intermediate":["https:\/\/i0.wp.com\/landioustravel.com\/wp-content\/uploads\/2019\/06\/monastery_st_antony-1-e1617630564956.jpg?resize=600%2C450&ssl=1",600,450,true],"newspack-article-block-portrait-intermediate":["https:\/\/i0.wp.com\/landioustravel.com\/wp-content\/uploads\/2019\/06\/monastery_st_antony-1-e1617630564956.jpg?resize=450%2C600&ssl=1",450,600,true],"newspack-article-block-square-intermediate":["https:\/\/i0.wp.com\/landioustravel.com\/wp-content\/uploads\/2019\/06\/monastery_st_antony-1-e1617630564956.jpg?resize=600%2C600&ssl=1",600,600,true],"newspack-article-block-landscape-small":["https:\/\/i0.wp.com\/landioustravel.com\/wp-content\/uploads\/2019\/06\/monastery_st_antony-1-e1617630564956.jpg?resize=400%2C300&ssl=1",400,300,true],"newspack-article-block-portrait-small":["https:\/\/i0.wp.com\/landioustravel.com\/wp-content\/uploads\/2019\/06\/monastery_st_antony-1-e1617630564956.jpg?resize=300%2C400&ssl=1",300,400,true],"newspack-article-block-square-small":["https:\/\/i0.wp.com\/landioustravel.com\/wp-content\/uploads\/2019\/06\/monastery_st_antony-1-e1617630564956.jpg?resize=400%2C400&ssl=1",400,400,true],"newspack-article-block-landscape-tiny":["https:\/\/i0.wp.com\/landioustravel.com\/wp-content\/uploads\/2019\/06\/monastery_st_antony-1-e1617630564956.jpg?resize=200%2C150&ssl=1",200,150,true],"newspack-article-block-portrait-tiny":["https:\/\/i0.wp.com\/landioustravel.com\/wp-content\/uploads\/2019\/06\/monastery_st_antony-1-e1617630564956.jpg?resize=150%2C200&ssl=1",150,200,true],"newspack-article-block-square-tiny":["https:\/\/i0.wp.com\/landioustravel.com\/wp-content\/uploads\/2019\/06\/monastery_st_antony-1-e1617630564956.jpg?resize=200%2C200&ssl=1",200,200,true],"newspack-article-block-uncropped":["https:\/\/i0.wp.com\/landioustravel.com\/wp-content\/uploads\/2019\/06\/monastery_st_antony-1-e1617630564956.jpg?fit=1200%2C675&ssl=1",1200,675,true],"woocommerce_thumbnail":["https:\/\/i0.wp.com\/landioustravel.com\/wp-content\/uploads\/2019\/06\/monastery_st_antony-1-e1617630564956.jpg?resize=324%2C324&ssl=1",324,324,true],"woocommerce_single":["https:\/\/i0.wp.com\/landioustravel.com\/wp-content\/uploads\/2019\/06\/monastery_st_antony-1-e1617630564956.jpg?fit=416%2C234&ssl=1",416,234,true],"woocommerce_gallery_thumbnail":["https:\/\/i0.wp.com\/landioustravel.com\/wp-content\/uploads\/2019\/06\/monastery_st_antony-1-e1617630564956.jpg?resize=100%2C100&ssl=1",100,100,true]},"uagb_author_info":{"display_name":"Mofreh Landious","author_link":"https:\/\/landioustravel.com\/pl\/author\/"},"uagb_comment_info":4,"uagb_excerpt":"Poznaj bogat\u0105 histori\u0119 Egiptu, odwiedzaj\u0105c klasztor \u015bw. Antoniego, najstarszy klasztor koptyjski w kraju. Nasz zesp\u00f3\u0142 zadba o wszystko, \u0142\u0105cznie z transferami i lunchem, aby\u015b m\u00f3g\u0142 skupi\u0107 si\u0119 na zanurzeniu w kulturze i duchowo\u015bci tego \u015bwi\u0119tego miejsca. Po zwiedzeniu \u015bw. Antoniego udamy si\u0119 do r\u00f3wnie fascynuj\u0105cego klasztoru \u015bw. Paw\u0142a, znanego jako \u201eKlasztor Tygrysa\u201d ze wzgl\u0119du na&hellip;","jetpack_sharing_enabled":true,"jetpack_likes_enabled":true,"amp_enabled":true,"_links":{"self":[{"href":"https:\/\/landioustravel.com\/pl\/wp-json\/wp\/v2\/product\/8799","targetHints":{"allow":["GET"]}}],"collection":[{"href":"https:\/\/landioustravel.com\/pl\/wp-json\/wp\/v2\/product"}],"about":[{"href":"https:\/\/landioustravel.com\/pl\/wp-json\/wp\/v2\/types\/product"}],"replies":[{"embeddable":true,"href":"https:\/\/landioustravel.com\/pl\/wp-json\/wp\/v2\/comments?post=8799"}],"wp:featuredmedia":[{"embeddable":true,"href":"https:\/\/landioustravel.com\/pl\/wp-json\/wp\/v2\/media\/45977"}],"wp:attachment":[{"href":"https:\/\/landioustravel.com\/pl\/wp-json\/wp\/v2\/media?parent=8799"}],"wp:term":[{"taxonomy":"product_brand","embeddable":true,"href":"https:\/\/landioustravel.com\/pl\/wp-json\/wp\/v2\/product_brand?post=8799"},{"taxonomy":"product_cat","embeddable":true,"href":"https:\/\/landioustravel.com\/pl\/wp-json\/wp\/v2\/product_cat?post=8799"},{"taxonomy":"product_tag","embeddable":true,"href":"https:\/\/landioustravel.com\/pl\/wp-json\/wp\/v2\/product_tag?post=8799"}],"curies":[{"name":"wp","href":"https:\/\/api.w.org\/{rel}","templated":true}]}}