{"id":9409,"date":"2019-06-22T05:49:01","date_gmt":"2019-06-23T03:51:43","guid":{"rendered":"https:\/\/landioustravel.com\/?post_type=product&#038;p=9409"},"modified":"2026-05-06T20:14:28","modified_gmt":"2026-05-06T17:14:28","slug":"poldniowa-wycieczka-kompleks-piramid-giza","status":"publish","type":"product","link":"https:\/\/landioustravel.com\/pl\/shop\/poldniowa-wycieczka-kompleks-piramid-giza\/","title":{"rendered":"P\u00f3\u0142dniowa wycieczka do kompleksu piramid w Gizie"},"content":{"rendered":"<p>Wspania\u0142a p\u00f3\u0142dniowa wycieczka do kompleksu piramid w Gizie! Polecamy wycieczk\u0119 na p\u00f3\u0142 dnia, poniewa\u017c pozwala ona turystom zobaczy\u0107 najbardziej imponuj\u0105ce zabytki zbudowane w staro\u017cytnym Egipcie &#8211; staro\u017cytne egipskie piramidy. Pozwala tak\u017ce dowiedzie\u0107 si\u0119 wi\u0119cej o <a href=\"https:\/\/landioustravel.com\/pl\/egipt\/historia-egiptu\/\">historii kraju<\/a>.<\/p>\n<h2>G\u0142\u00f3wne punkty indywidualnego programu w Gizie<\/h2>\n<ul>\n<li>Odwied\u017a trzy piramidy w Gizie<\/li>\n<li>I Wielki Sfinks w kompleksie piramid<\/li>\n<\/ul>\n<h3>Program wycieczki do kompleksu piramid w Gizie<\/h3>\n<ul>\n<li>Odbieramy z Twojego hotelu (w <a href=\"https:\/\/landioustravel.com\/pl\/egipt\/miasta-egipskie\/gubernatorstwo-kairskie\/\">Kairze<\/a> i Gizie) oko\u0142o 08:00 rano<\/li>\n<li>Po odebraniu ci\u0119, tw\u00f3j prywatny pojazd (Limuzyna lub minibus) wyje\u017cd\u017ca do Gizy. Droga z centrum Kairu do Gizy zajmuje oko\u0142o godziny.<\/li>\n<\/ul>\n<h4>Program w Gizie<\/h4>\n<ul>\n<li>Jak tylko dotrzesz do Gizy, udasz si\u0119 do kompleksu piramid, gdzie znajduj\u0105 si\u0119 trzy wielkie piramidy i Sfinks. Tw\u00f3j przewodnik pokazuje je i daje czas na zrobienie zdj\u0119cia<\/li>\n<li>Wracasz do swoich hoteli po takim programie we wspania\u0142ym mie\u015bcie Giza.<\/li>\n<li>Ta \u201eP\u00f3\u0142dniowa wycieczka do kompleksu piramid w Gizie\u201d ko\u0144czy si\u0119 oko\u0142o godziny 12:00<\/li>\n<\/ul>\n<h4>Co jest wliczone w cen\u0119 wycieczki<\/h4>\n<ul>\n<li>Bilety na zwiedzanie \u015bwi\u0105ty\u0144<\/li>\n<li>Napoje<\/li>\n<li>Prywatny przewodnik<\/li>\n<li>Prywatny klimatyzowany pojazd<\/li>\n<\/ul>\n<h5>Co nie jest wliczone w cen\u0119 wycieczki<\/h5>\n<ul>\n<li>Dodatkowe programy, je\u015bli nie zosta\u0142y uwzgl\u0119dnione w powy\u017cszym programie<\/li>\n<\/ul>\n<h6>CO POWINIEN ZOSTA\u0106 Z WAMI NA WYCIECZK\u0118<\/h6>\n<ul>\n<li>Okulary s\u0142oneczne<\/li>\n<li>Ubrania na sezon<\/li>\n<\/ul>\n<h6>DNI ORGANIZACJI WYCIECZKI<\/h6>\n<ul>\n<li>Codziennie od 08:00 do 12:00<\/li>\n<\/ul>\n","protected":false},"excerpt":{"rendered":"<p>Rozumiemy, \u017ce dla wielu os\u00f3b wizyta w kompleksie piramid w Gizie to jedyne w swoim rodzaju prze\u017cycie. Dlatego oferujemy p\u00f3\u0142dniow\u0105 wycieczk\u0119, kt\u00f3ra zabierze Ci\u0119 do niesamowitych trzech piramid, \u015awi\u0105tyni Doliny (znanej r\u00f3wnie\u017c jako \u015awi\u0105tynia Mumifikacji) i Wielkiego Sfinksa w kompleksie piramid. Cena wycieczki obejmuje transport, bilety wst\u0119pu i opiek\u0119 naszych do\u015bwiadczonych przewodnik\u00f3w.<\/p>\n<p>Podczas wycieczki b\u0119dziesz mia\u0142 okazj\u0119 pozna\u0107 g\u0142\u00f3wne atrakcje kompleksu piramid w Gizie. Zostaniesz zabrany do miejsca historycznego wygodnym pojazdem, a nasz przewodnik egiptolog b\u0119dzie z Tob\u0105 na ka\u017cdym kroku. Podziwiaj\u0105c piramidy Cheopsa, Chefrena i Mykerinusa, nasz przewodnik podzieli si\u0119 fascynuj\u0105cymi spostrze\u017ceniami na temat bogatej historii i kultury tych staro\u017cytnych budowli.<\/p>\n<p>Zabierzemy Ci\u0119 r\u00f3wnie\u017c do \u015awi\u0105tyni Doliny pod Piramid\u0105 Chefrena, gdzie dowiesz si\u0119 o wa\u017cnej roli, jak\u0105 odegra\u0142a w procesie oczyszczania mumii. I oczywi\u015bcie \u017cadna wycieczka do kompleksu piramid w Gizie nie by\u0142aby kompletna bez wizyty w budz\u0105cym podziw Wielkim Sfinksie w Gizie, wyrze\u017abionym z wapienia i przesi\u0105kni\u0119tym mitologi\u0105.<\/p>\n<p>Po wycieczce zabierzemy Ci\u0119 bezpiecznie z powrotem do hotelu. Mamy nadziej\u0119, \u017ce ta wycieczka b\u0119dzie dla Ciebie naprawd\u0119 niezapomnianym prze\u017cyciem i nie mo\u017cemy si\u0119 doczeka\u0107, aby pom\u00f3c Ci jak najlepiej wykorzysta\u0107 wizyt\u0119 w tym niesamowitym miejscu.<\/p>\n","protected":false},"featured_media":128632,"comment_status":"open","ping_status":"closed","template":"","meta":{"_coblocks_attr":"","_coblocks_dimensions":"","_coblocks_responsive_height":"","_coblocks_accordion_ie_support":"","_uag_custom_page_level_css":"","jetpack_publicize_message":"","jetpack_publicize_feature_enabled":true,"jetpack_social_post_already_shared":true,"jetpack_social_options":{"image_generator_settings":{"template":"highway","default_image_id":0,"font":"","enabled":false},"version":2},"_wpas_customize_per_network":false},"product_brand":[],"product_cat":[9837],"product_tag":[1457,1461,1462,22565,9903],"class_list":{"0":"post-9409","1":"product","2":"type-product","3":"status-publish","4":"has-post-thumbnail","6":"product_cat-excursions-cairo","7":"product_tag-cairo","8":"product_tag-pyramids","9":"product_tag-sphinx","10":"product_tag-excursion","11":"product_tag-sightseeing","13":"first","14":"instock","15":"sale","16":"taxable","17":"shipping-taxable","18":"purchasable","19":"product-type-variable"},"yoast_head":"<!-- This site is optimized with the Yoast SEO Premium plugin v27.5 (Yoast SEO v27.5) - https:\/\/yoast.com\/product\/yoast-seo-premium-wordpress\/ -->\n<title>P\u00f3\u0142dniowa wycieczka do kompleksu piramid w Gizie<\/title>\n<meta name=\"description\" content=\"P\u00f3\u0142dniowa wycieczka do kompleksu piramid w Gizie poniewa\u017c pozwala ona turystom zobaczy\u0107 najbardziej imponuj\u0105ce zabytki zbudowane w staro\u017cytnym Egipcie\" \/>\n<meta name=\"robots\" content=\"index, follow, max-snippet:-1, max-image-preview:large, max-video-preview:-1\" \/>\n<link rel=\"canonical\" href=\"https:\/\/landioustravel.com\/pl\/shop\/poldniowa-wycieczka-kompleks-piramid-giza\/\" \/>\n<meta property=\"og:locale\" content=\"pl_PL\" \/>\n<meta property=\"og:type\" content=\"article\" \/>\n<meta property=\"og:title\" content=\"P\u00f3\u0142dniowa wycieczka do kompleksu piramid w Gizie\" \/>\n<meta property=\"og:description\" content=\"Landious Travel\" \/>\n<meta property=\"og:url\" content=\"https:\/\/landioustravel.com\/pl\/shop\/poldniowa-wycieczka-kompleks-piramid-giza\/\" \/>\n<meta property=\"og:site_name\" content=\"Landious Travel\" \/>\n<meta property=\"article:publisher\" content=\"https:\/\/web.facebook.com\/landiousEgypt\" \/>\n<meta property=\"article:modified_time\" content=\"2026-05-06T17:14:28+00:00\" \/>\n<meta property=\"og:image\" content=\"https:\/\/i0.wp.com\/landioustravel.com\/wp-content\/uploads\/2019\/06\/Giza-Pyramid-Complex-Trip-1-e1668979516849.jpg?fit=1199%2C676&ssl=1\" \/>\n\t<meta property=\"og:image:width\" content=\"1199\" \/>\n\t<meta property=\"og:image:height\" content=\"676\" \/>\n\t<meta property=\"og:image:type\" content=\"image\/jpeg\" \/>\n<meta name=\"twitter:card\" content=\"summary_large_image\" \/>\n<meta name=\"twitter:site\" content=\"@LandiousTours\" \/>\n<meta name=\"twitter:label1\" content=\"Szacowany czas czytania\" \/>\n\t<meta name=\"twitter:data1\" content=\"2 minuty\" \/>\n<script type=\"application\/ld+json\" class=\"yoast-schema-graph\">{\"@context\":\"https:\\\/\\\/schema.org\",\"@graph\":[{\"@type\":\"WebPage\",\"@id\":\"https:\\\/\\\/landioustravel.com\\\/pl\\\/shop\\\/poldniowa-wycieczka-kompleks-piramid-giza\\\/\",\"url\":\"https:\\\/\\\/landioustravel.com\\\/pl\\\/shop\\\/poldniowa-wycieczka-kompleks-piramid-giza\\\/\",\"name\":\"P\u00f3\u0142dniowa wycieczka do kompleksu piramid w Gizie\",\"isPartOf\":{\"@id\":\"https:\\\/\\\/landioustravel.com\\\/pl\\\/#website\"},\"primaryImageOfPage\":{\"@id\":\"https:\\\/\\\/landioustravel.com\\\/pl\\\/shop\\\/poldniowa-wycieczka-kompleks-piramid-giza\\\/#primaryimage\"},\"image\":{\"@id\":\"https:\\\/\\\/landioustravel.com\\\/pl\\\/shop\\\/poldniowa-wycieczka-kompleks-piramid-giza\\\/#primaryimage\"},\"thumbnailUrl\":\"https:\\\/\\\/i0.wp.com\\\/landioustravel.com\\\/wp-content\\\/uploads\\\/2019\\\/06\\\/Giza-Pyramid-Complex-Trip-1-e1668979516849.jpg?fit=1199%2C676&ssl=1\",\"datePublished\":\"2019-06-23T03:51:43+00:00\",\"dateModified\":\"2026-05-06T17:14:28+00:00\",\"description\":\"P\u00f3\u0142dniowa wycieczka do kompleksu piramid w Gizie poniewa\u017c pozwala ona turystom zobaczy\u0107 najbardziej imponuj\u0105ce zabytki zbudowane w staro\u017cytnym Egipcie\",\"breadcrumb\":{\"@id\":\"https:\\\/\\\/landioustravel.com\\\/pl\\\/shop\\\/poldniowa-wycieczka-kompleks-piramid-giza\\\/#breadcrumb\"},\"inLanguage\":\"pl-PL\",\"potentialAction\":[{\"@type\":\"ReadAction\",\"target\":[\"https:\\\/\\\/landioustravel.com\\\/pl\\\/shop\\\/poldniowa-wycieczka-kompleks-piramid-giza\\\/\"]}]},{\"@type\":\"ImageObject\",\"inLanguage\":\"pl-PL\",\"@id\":\"https:\\\/\\\/landioustravel.com\\\/pl\\\/shop\\\/poldniowa-wycieczka-kompleks-piramid-giza\\\/#primaryimage\",\"url\":\"https:\\\/\\\/i0.wp.com\\\/landioustravel.com\\\/wp-content\\\/uploads\\\/2019\\\/06\\\/Giza-Pyramid-Complex-Trip-1-e1668979516849.jpg?fit=1199%2C676&ssl=1\",\"contentUrl\":\"https:\\\/\\\/i0.wp.com\\\/landioustravel.com\\\/wp-content\\\/uploads\\\/2019\\\/06\\\/Giza-Pyramid-Complex-Trip-1-e1668979516849.jpg?fit=1199%2C676&ssl=1\",\"width\":1199,\"height\":676,\"caption\":\"Giza Pyramid Complex Trip\"},{\"@type\":\"BreadcrumbList\",\"@id\":\"https:\\\/\\\/landioustravel.com\\\/pl\\\/shop\\\/poldniowa-wycieczka-kompleks-piramid-giza\\\/#breadcrumb\",\"itemListElement\":[{\"@type\":\"ListItem\",\"position\":1,\"name\":\"Home\",\"item\":\"https:\\\/\\\/landioustravel.com\\\/pl\\\/\"},{\"@type\":\"ListItem\",\"position\":2,\"name\":\"Us\u0142ugi i wycieczki\",\"item\":\"https:\\\/\\\/landioustravel.com\\\/pl\\\/\"},{\"@type\":\"ListItem\",\"position\":3,\"name\":\"P\u00f3\u0142dniowa wycieczka do kompleksu piramid w Gizie\"}]},{\"@type\":\"WebSite\",\"@id\":\"https:\\\/\\\/landioustravel.com\\\/pl\\\/#website\",\"url\":\"https:\\\/\\\/landioustravel.com\\\/pl\\\/\",\"name\":\"Landious Travel\",\"description\":\"Excursions, trips and cruises in Egypt\",\"publisher\":{\"@id\":\"https:\\\/\\\/landioustravel.com\\\/pl\\\/#organization\"},\"potentialAction\":[{\"@type\":\"SearchAction\",\"target\":{\"@type\":\"EntryPoint\",\"urlTemplate\":\"https:\\\/\\\/landioustravel.com\\\/pl\\\/?s={search_term_string}\"},\"query-input\":{\"@type\":\"PropertyValueSpecification\",\"valueRequired\":true,\"valueName\":\"search_term_string\"}}],\"inLanguage\":\"pl-PL\"},{\"@type\":[\"Organization\",\"Place\"],\"@id\":\"https:\\\/\\\/landioustravel.com\\\/pl\\\/#organization\",\"name\":\"Landious Travel\",\"alternateName\":\"Landious Travel\",\"url\":\"https:\\\/\\\/landioustravel.com\\\/pl\\\/\",\"logo\":{\"@id\":\"https:\\\/\\\/landioustravel.com\\\/pl\\\/shop\\\/poldniowa-wycieczka-kompleks-piramid-giza\\\/#local-main-organization-logo\"},\"image\":{\"@id\":\"https:\\\/\\\/landioustravel.com\\\/pl\\\/shop\\\/poldniowa-wycieczka-kompleks-piramid-giza\\\/#local-main-organization-logo\"},\"sameAs\":[\"https:\\\/\\\/web.facebook.com\\\/landiousEgypt\",\"https:\\\/\\\/x.com\\\/LandiousTours\",\"https:\\\/\\\/mastodon.social\\\/@landious\"],\"legalName\":\"Landious Travel\",\"telephone\":[],\"openingHoursSpecification\":[{\"@type\":\"OpeningHoursSpecification\",\"dayOfWeek\":[\"Monday\",\"Tuesday\",\"Wednesday\",\"Thursday\",\"Friday\",\"Saturday\",\"Sunday\"],\"opens\":\"09:00\",\"closes\":\"17:00\"}]},{\"@type\":\"ImageObject\",\"inLanguage\":\"pl-PL\",\"@id\":\"https:\\\/\\\/landioustravel.com\\\/pl\\\/shop\\\/poldniowa-wycieczka-kompleks-piramid-giza\\\/#local-main-organization-logo\",\"url\":\"https:\\\/\\\/i0.wp.com\\\/landioustravel.com\\\/wp-content\\\/uploads\\\/2021\\\/06\\\/Landious-T.png?fit=500%2C500&ssl=1\",\"contentUrl\":\"https:\\\/\\\/i0.wp.com\\\/landioustravel.com\\\/wp-content\\\/uploads\\\/2021\\\/06\\\/Landious-T.png?fit=500%2C500&ssl=1\",\"width\":500,\"height\":500,\"caption\":\"Landious Travel\"}]}<\/script>\n<!-- \/ Yoast SEO Premium plugin. -->","yoast_head_json":{"title":"P\u00f3\u0142dniowa wycieczka do kompleksu piramid w Gizie","description":"P\u00f3\u0142dniowa wycieczka do kompleksu piramid w Gizie poniewa\u017c pozwala ona turystom zobaczy\u0107 najbardziej imponuj\u0105ce zabytki zbudowane w staro\u017cytnym Egipcie","robots":{"index":"index","follow":"follow","max-snippet":"max-snippet:-1","max-image-preview":"max-image-preview:large","max-video-preview":"max-video-preview:-1"},"canonical":"https:\/\/landioustravel.com\/pl\/shop\/poldniowa-wycieczka-kompleks-piramid-giza\/","og_locale":"pl_PL","og_type":"article","og_title":"P\u00f3\u0142dniowa wycieczka do kompleksu piramid w Gizie","og_description":"Landious Travel","og_url":"https:\/\/landioustravel.com\/pl\/shop\/poldniowa-wycieczka-kompleks-piramid-giza\/","og_site_name":"Landious Travel","article_publisher":"https:\/\/web.facebook.com\/landiousEgypt","article_modified_time":"2026-05-06T17:14:28+00:00","og_image":[{"width":1199,"height":676,"url":"https:\/\/i0.wp.com\/landioustravel.com\/wp-content\/uploads\/2019\/06\/Giza-Pyramid-Complex-Trip-1-e1668979516849.jpg?fit=1199%2C676&ssl=1","type":"image\/jpeg"}],"twitter_card":"summary_large_image","twitter_site":"@LandiousTours","twitter_misc":{"Szacowany czas czytania":"2 minuty"},"schema":{"@context":"https:\/\/schema.org","@graph":[{"@type":"WebPage","@id":"https:\/\/landioustravel.com\/pl\/shop\/poldniowa-wycieczka-kompleks-piramid-giza\/","url":"https:\/\/landioustravel.com\/pl\/shop\/poldniowa-wycieczka-kompleks-piramid-giza\/","name":"P\u00f3\u0142dniowa wycieczka do kompleksu piramid w Gizie","isPartOf":{"@id":"https:\/\/landioustravel.com\/pl\/#website"},"primaryImageOfPage":{"@id":"https:\/\/landioustravel.com\/pl\/shop\/poldniowa-wycieczka-kompleks-piramid-giza\/#primaryimage"},"image":{"@id":"https:\/\/landioustravel.com\/pl\/shop\/poldniowa-wycieczka-kompleks-piramid-giza\/#primaryimage"},"thumbnailUrl":"https:\/\/i0.wp.com\/landioustravel.com\/wp-content\/uploads\/2019\/06\/Giza-Pyramid-Complex-Trip-1-e1668979516849.jpg?fit=1199%2C676&ssl=1","datePublished":"2019-06-23T03:51:43+00:00","dateModified":"2026-05-06T17:14:28+00:00","description":"P\u00f3\u0142dniowa wycieczka do kompleksu piramid w Gizie poniewa\u017c pozwala ona turystom zobaczy\u0107 najbardziej imponuj\u0105ce zabytki zbudowane w staro\u017cytnym Egipcie","breadcrumb":{"@id":"https:\/\/landioustravel.com\/pl\/shop\/poldniowa-wycieczka-kompleks-piramid-giza\/#breadcrumb"},"inLanguage":"pl-PL","potentialAction":[{"@type":"ReadAction","target":["https:\/\/landioustravel.com\/pl\/shop\/poldniowa-wycieczka-kompleks-piramid-giza\/"]}]},{"@type":"ImageObject","inLanguage":"pl-PL","@id":"https:\/\/landioustravel.com\/pl\/shop\/poldniowa-wycieczka-kompleks-piramid-giza\/#primaryimage","url":"https:\/\/i0.wp.com\/landioustravel.com\/wp-content\/uploads\/2019\/06\/Giza-Pyramid-Complex-Trip-1-e1668979516849.jpg?fit=1199%2C676&ssl=1","contentUrl":"https:\/\/i0.wp.com\/landioustravel.com\/wp-content\/uploads\/2019\/06\/Giza-Pyramid-Complex-Trip-1-e1668979516849.jpg?fit=1199%2C676&ssl=1","width":1199,"height":676,"caption":"Giza Pyramid Complex Trip"},{"@type":"BreadcrumbList","@id":"https:\/\/landioustravel.com\/pl\/shop\/poldniowa-wycieczka-kompleks-piramid-giza\/#breadcrumb","itemListElement":[{"@type":"ListItem","position":1,"name":"Home","item":"https:\/\/landioustravel.com\/pl\/"},{"@type":"ListItem","position":2,"name":"Us\u0142ugi i wycieczki","item":"https:\/\/landioustravel.com\/pl\/"},{"@type":"ListItem","position":3,"name":"P\u00f3\u0142dniowa wycieczka do kompleksu piramid w Gizie"}]},{"@type":"WebSite","@id":"https:\/\/landioustravel.com\/pl\/#website","url":"https:\/\/landioustravel.com\/pl\/","name":"Landious Travel","description":"Excursions, trips and cruises in Egypt","publisher":{"@id":"https:\/\/landioustravel.com\/pl\/#organization"},"potentialAction":[{"@type":"SearchAction","target":{"@type":"EntryPoint","urlTemplate":"https:\/\/landioustravel.com\/pl\/?s={search_term_string}"},"query-input":{"@type":"PropertyValueSpecification","valueRequired":true,"valueName":"search_term_string"}}],"inLanguage":"pl-PL"},{"@type":["Organization","Place"],"@id":"https:\/\/landioustravel.com\/pl\/#organization","name":"Landious Travel","alternateName":"Landious Travel","url":"https:\/\/landioustravel.com\/pl\/","logo":{"@id":"https:\/\/landioustravel.com\/pl\/shop\/poldniowa-wycieczka-kompleks-piramid-giza\/#local-main-organization-logo"},"image":{"@id":"https:\/\/landioustravel.com\/pl\/shop\/poldniowa-wycieczka-kompleks-piramid-giza\/#local-main-organization-logo"},"sameAs":["https:\/\/web.facebook.com\/landiousEgypt","https:\/\/x.com\/LandiousTours","https:\/\/mastodon.social\/@landious"],"legalName":"Landious Travel","telephone":[],"openingHoursSpecification":[{"@type":"OpeningHoursSpecification","dayOfWeek":["Monday","Tuesday","Wednesday","Thursday","Friday","Saturday","Sunday"],"opens":"09:00","closes":"17:00"}]},{"@type":"ImageObject","inLanguage":"pl-PL","@id":"https:\/\/landioustravel.com\/pl\/shop\/poldniowa-wycieczka-kompleks-piramid-giza\/#local-main-organization-logo","url":"https:\/\/i0.wp.com\/landioustravel.com\/wp-content\/uploads\/2021\/06\/Landious-T.png?fit=500%2C500&ssl=1","contentUrl":"https:\/\/i0.wp.com\/landioustravel.com\/wp-content\/uploads\/2021\/06\/Landious-T.png?fit=500%2C500&ssl=1","width":500,"height":500,"caption":"Landious Travel"}]}},"jetpack_publicize_connections":[],"uagb_featured_image_src":{"full":["https:\/\/i0.wp.com\/landioustravel.com\/wp-content\/uploads\/2019\/06\/Giza-Pyramid-Complex-Trip-1-e1668979516849.jpg?fit=1199%2C676&ssl=1",1199,676,false],"thumbnail":["https:\/\/i0.wp.com\/landioustravel.com\/wp-content\/uploads\/2019\/06\/Giza-Pyramid-Complex-Trip-1-e1668979516849.jpg?resize=150%2C150&ssl=1",150,150,true],"medium":["https:\/\/i0.wp.com\/landioustravel.com\/wp-content\/uploads\/2019\/06\/Giza-Pyramid-Complex-Trip-1-e1668979516849.jpg?fit=300%2C169&ssl=1",300,169,true],"medium_large":["https:\/\/i0.wp.com\/landioustravel.com\/wp-content\/uploads\/2019\/06\/Giza-Pyramid-Complex-Trip-1-e1668979516849.jpg?fit=768%2C433&ssl=1",768,433,true],"large":["https:\/\/i0.wp.com\/landioustravel.com\/wp-content\/uploads\/2019\/06\/Giza-Pyramid-Complex-Trip-1-e1668979516849.jpg?fit=980%2C552&ssl=1",980,552,true],"1536x1536":["https:\/\/i0.wp.com\/landioustravel.com\/wp-content\/uploads\/2019\/06\/Giza-Pyramid-Complex-Trip-1-e1668979516849.jpg?fit=1199%2C676&ssl=1",1199,676,true],"2048x2048":["https:\/\/i0.wp.com\/landioustravel.com\/wp-content\/uploads\/2019\/06\/Giza-Pyramid-Complex-Trip-1-e1668979516849.jpg?fit=1199%2C676&ssl=1",1199,676,true],"newspack-article-block-landscape-large":["https:\/\/i0.wp.com\/landioustravel.com\/wp-content\/uploads\/2019\/06\/Giza-Pyramid-Complex-Trip-1-e1668979516849.jpg?resize=1199%2C676&ssl=1",1199,676,true],"newspack-article-block-portrait-large":["https:\/\/i0.wp.com\/landioustravel.com\/wp-content\/uploads\/2019\/06\/Giza-Pyramid-Complex-Trip-1-e1668979516849.jpg?resize=900%2C676&ssl=1",900,676,true],"newspack-article-block-square-large":["https:\/\/i0.wp.com\/landioustravel.com\/wp-content\/uploads\/2019\/06\/Giza-Pyramid-Complex-Trip-1-e1668979516849.jpg?resize=1199%2C676&ssl=1",1199,676,true],"newspack-article-block-landscape-medium":["https:\/\/i0.wp.com\/landioustravel.com\/wp-content\/uploads\/2019\/06\/Giza-Pyramid-Complex-Trip-1-e1668979516849.jpg?resize=800%2C600&ssl=1",800,600,true],"newspack-article-block-portrait-medium":["https:\/\/i0.wp.com\/landioustravel.com\/wp-content\/uploads\/2019\/06\/Giza-Pyramid-Complex-Trip-1-e1668979516849.jpg?resize=600%2C676&ssl=1",600,676,true],"newspack-article-block-square-medium":["https:\/\/i0.wp.com\/landioustravel.com\/wp-content\/uploads\/2019\/06\/Giza-Pyramid-Complex-Trip-1-e1668979516849.jpg?resize=800%2C676&ssl=1",800,676,true],"newspack-article-block-landscape-intermediate":["https:\/\/i0.wp.com\/landioustravel.com\/wp-content\/uploads\/2019\/06\/Giza-Pyramid-Complex-Trip-1-e1668979516849.jpg?resize=600%2C450&ssl=1",600,450,true],"newspack-article-block-portrait-intermediate":["https:\/\/i0.wp.com\/landioustravel.com\/wp-content\/uploads\/2019\/06\/Giza-Pyramid-Complex-Trip-1-e1668979516849.jpg?resize=450%2C600&ssl=1",450,600,true],"newspack-article-block-square-intermediate":["https:\/\/i0.wp.com\/landioustravel.com\/wp-content\/uploads\/2019\/06\/Giza-Pyramid-Complex-Trip-1-e1668979516849.jpg?resize=600%2C600&ssl=1",600,600,true],"newspack-article-block-landscape-small":["https:\/\/i0.wp.com\/landioustravel.com\/wp-content\/uploads\/2019\/06\/Giza-Pyramid-Complex-Trip-1-e1668979516849.jpg?resize=400%2C300&ssl=1",400,300,true],"newspack-article-block-portrait-small":["https:\/\/i0.wp.com\/landioustravel.com\/wp-content\/uploads\/2019\/06\/Giza-Pyramid-Complex-Trip-1-e1668979516849.jpg?resize=300%2C400&ssl=1",300,400,true],"newspack-article-block-square-small":["https:\/\/i0.wp.com\/landioustravel.com\/wp-content\/uploads\/2019\/06\/Giza-Pyramid-Complex-Trip-1-e1668979516849.jpg?resize=400%2C400&ssl=1",400,400,true],"newspack-article-block-landscape-tiny":["https:\/\/i0.wp.com\/landioustravel.com\/wp-content\/uploads\/2019\/06\/Giza-Pyramid-Complex-Trip-1-e1668979516849.jpg?resize=200%2C150&ssl=1",200,150,true],"newspack-article-block-portrait-tiny":["https:\/\/i0.wp.com\/landioustravel.com\/wp-content\/uploads\/2019\/06\/Giza-Pyramid-Complex-Trip-1-e1668979516849.jpg?resize=150%2C200&ssl=1",150,200,true],"newspack-article-block-square-tiny":["https:\/\/i0.wp.com\/landioustravel.com\/wp-content\/uploads\/2019\/06\/Giza-Pyramid-Complex-Trip-1-e1668979516849.jpg?resize=200%2C200&ssl=1",200,200,true],"newspack-article-block-uncropped":["https:\/\/i0.wp.com\/landioustravel.com\/wp-content\/uploads\/2019\/06\/Giza-Pyramid-Complex-Trip-1-e1668979516849.jpg?fit=1199%2C676&ssl=1",1199,676,true],"woocommerce_thumbnail":["https:\/\/i0.wp.com\/landioustravel.com\/wp-content\/uploads\/2019\/06\/Giza-Pyramid-Complex-Trip-1-e1668979516849.jpg?resize=324%2C324&ssl=1",324,324,true],"woocommerce_single":["https:\/\/i0.wp.com\/landioustravel.com\/wp-content\/uploads\/2019\/06\/Giza-Pyramid-Complex-Trip-1-e1668979516849.jpg?fit=416%2C235&ssl=1",416,235,true],"woocommerce_gallery_thumbnail":["https:\/\/i0.wp.com\/landioustravel.com\/wp-content\/uploads\/2019\/06\/Giza-Pyramid-Complex-Trip-1-e1668979516849.jpg?resize=100%2C100&ssl=1",100,100,true]},"uagb_author_info":{"display_name":"Mofreh Landious","author_link":"https:\/\/landioustravel.com\/pl\/author\/"},"uagb_comment_info":3,"uagb_excerpt":"Rozumiemy, \u017ce dla wielu os\u00f3b wizyta w kompleksie piramid w Gizie to jedyne w swoim rodzaju prze\u017cycie. Dlatego oferujemy p\u00f3\u0142dniow\u0105 wycieczk\u0119, kt\u00f3ra zabierze Ci\u0119 do niesamowitych trzech piramid, \u015awi\u0105tyni Doliny (znanej r\u00f3wnie\u017c jako \u015awi\u0105tynia Mumifikacji) i Wielkiego Sfinksa w kompleksie piramid. Cena wycieczki obejmuje transport, bilety wst\u0119pu i opiek\u0119 naszych do\u015bwiadczonych przewodnik\u00f3w. Podczas wycieczki b\u0119dziesz&hellip;","jetpack_sharing_enabled":true,"jetpack_likes_enabled":true,"amp_enabled":true,"_links":{"self":[{"href":"https:\/\/landioustravel.com\/pl\/wp-json\/wp\/v2\/product\/9409","targetHints":{"allow":["GET"]}}],"collection":[{"href":"https:\/\/landioustravel.com\/pl\/wp-json\/wp\/v2\/product"}],"about":[{"href":"https:\/\/landioustravel.com\/pl\/wp-json\/wp\/v2\/types\/product"}],"replies":[{"embeddable":true,"href":"https:\/\/landioustravel.com\/pl\/wp-json\/wp\/v2\/comments?post=9409"}],"wp:featuredmedia":[{"embeddable":true,"href":"https:\/\/landioustravel.com\/pl\/wp-json\/wp\/v2\/media\/128632"}],"wp:attachment":[{"href":"https:\/\/landioustravel.com\/pl\/wp-json\/wp\/v2\/media?parent=9409"}],"wp:term":[{"taxonomy":"product_brand","embeddable":true,"href":"https:\/\/landioustravel.com\/pl\/wp-json\/wp\/v2\/product_brand?post=9409"},{"taxonomy":"product_cat","embeddable":true,"href":"https:\/\/landioustravel.com\/pl\/wp-json\/wp\/v2\/product_cat?post=9409"},{"taxonomy":"product_tag","embeddable":true,"href":"https:\/\/landioustravel.com\/pl\/wp-json\/wp\/v2\/product_tag?post=9409"}],"curies":[{"name":"wp","href":"https:\/\/api.w.org\/{rel}","templated":true}]}}