{"id":152416,"date":"2021-01-06T18:12:44","date_gmt":"2021-01-06T16:12:44","guid":{"rendered":"https:\/\/landioustravel.com\/?post_type=product&#038;p=152416"},"modified":"2026-01-28T19:14:51","modified_gmt":"2026-01-28T17:14:51","slug":"viagem-a-petra-a-partir-de-dahab","status":"publish","type":"product","link":"https:\/\/landioustravel.com\/pt-pt\/shop\/viagem-a-petra-a-partir-de-dahab\/","title":{"rendered":"Viagem a Petra a partir de Dahab"},"content":{"rendered":"<p>O passeio a Petra a partir de Dahab \u00e9 um passeio tur\u00edstico de um dia inteiro para conhecer as atra\u00e7\u00f5es de Petra a partir de Dahab , no Egito ! Recomendamos esta excurs\u00e3o, pois permite aos turistas conhecer os pontos tur\u00edsticos mais impressionantes de Petra, na Jord\u00e2nia! Al\u00e9m disso, claro, oferece um pouco da hist\u00f3ria deste local.<\/p>\n<p>De facto, a viagem a Petra a partir de Dahab \u00e9 uma das melhores viagens hist\u00f3ricas e culturais de Dahab! N\u00e3o deixe de descobrir a cidade perdida de Petra! Recomendamos que viva uma experi\u00eancia t\u00e3o fant\u00e1stica.<\/p>\n<h2>Os destaques da viagem de Dahab a Petra<\/h2>\n<ul>\n<li>Atravesse o desfiladeiro de Siq.<\/li>\n<li>Visite Al Khazneh ou o Grande Tesouro do Fara\u00f3.<\/li>\n<li>Depois, visite o Teatro Romano e os t\u00famulos reais.<\/li>\n<li>Almo\u00e7o.<\/li>\n<li>Al\u00e9m disso, visite o Forte Al Habis .<\/li>\n<\/ul>\n<h2>Programa de excurs\u00e3o a Petra na Jord\u00e2nia<\/h2>\n<ul>\n<li>Hor\u00e1rio de in\u00edcio e embarque . O representante da Landious Travel ir\u00e1 busc\u00e1-lo ao seu hotel em Dahab aproximadamente \u00e0s 02h00.<\/li>\n<li>Destino . De seguida, o minibus parte para Nuweiba Marine ap\u00f3s recolher todos os participantes.<\/li>\n<li>Obviamente, o autocarro passa pela cidade de Dahab a caminho do porto de Nuweiba . A chegada ao porto de Nuweiba demora aproximadamente 3 horas. Ali\u00e1s, as cidades de Dahab e Nuweiba estendem-se ao longo da costa do Mar Vermelho, a norte de Sharm El-Sheikh.<\/li>\n<li>Viagem de ferry . Depois, embarca-se num ferry para a Jord\u00e2nia.<\/li>\n<\/ul>\n<h3>Programa na Jord\u00e2nia<\/h3>\n<ul>\n<li>Visita a Petra . Assim que chegar \u00e0 Jord\u00e2nia, dirija-se para a famosa cidade de Petra para iniciar a sua viagem at\u00e9 este local.<\/li>\n<li>Passeio pelo Canh\u00e3o . Ao chegar a Petra, iniciar\u00e1 a sua viagem com uma caminhada pelo Canh\u00e3o de Siq. Este desfiladeiro tem um quil\u00f3metro de comprimento e belas forma\u00e7\u00f5es de arenito. Al\u00e9m disso, \u00e9 uma obra-prima maravilhosa que molda a fachada de uma montanha de arenito!<\/li>\n<li>Tesouro do Fara\u00f3 . Surpreendentemente, o Canh\u00e3o Siq leva-o ao Tesouro do Fara\u00f3 \u2013 Al Khazneh! O Tesouro fica no cora\u00e7\u00e3o do deserto, com uma vista impressionante! Depois disso, visita-se Al Khazneh.<\/li>\n<li>Visita ao Teatro Romano . No final da visita a Al Khazneh, ir\u00e1 explorar o teatro romano e os t\u00famulos reais. Estes t\u00famulos datam da era bizantina.<\/li>\n<li>Almo\u00e7o . Mais tarde, seguir\u00e1 para o restaurante. Este almo\u00e7o ser\u00e1 num dos melhores restaurantes de Petra. Claro que o almo\u00e7o ser\u00e1 servido ap\u00f3s a visita a estes interessantes monumentos hist\u00f3ricos.<\/li>\n<li>Forte Al Habis . \u00c9 claro que continua a sua viagem para Petra, visitando o Forte Al Habis. Este forte fica no topo de uma colina. De facto, a vista panor\u00e2mica de cortar a respira\u00e7\u00e3o de ravinas profundas e forma\u00e7\u00f5es rochosas coloridas deixa impress\u00f5es encantadoras na alma! Al\u00e9m disso, remonta ao s\u00e9culo XII.<\/li>\n<li>Partida . Finalmente, o nosso autocarro parte para o porto de Aqaba ap\u00f3s um passeio pela bela cidade de Petra.<\/li>\n<li>Fim do Hor\u00e1rio . Esta \u201cViagem de Dahab a Petra \u201d termina aproximadamente \u00e0s 23h00 do dia seguinte.<\/li>\n<\/ul>\n<h2>O que est\u00e1 inclu\u00eddo no pre\u00e7o da excurs\u00e3o a Petra a partir de Dahab ?<\/h2>\n<ul>\n<li>Bilhetes para visitar templos.<\/li>\n<li>Almo\u00e7o.<\/li>\n<li>Guia que fala ingl\u00eas.<\/li>\n<li>Al\u00e9m disso, o pre\u00e7o inclui todos os transfers para Petra, na Jord\u00e2nia, e de regresso ao hotel.<\/li>\n<\/ul>\n<h2>O que \u00e9 que o Programa de Viagem a Petra a partir de Dahab n\u00e3o inclui?<\/h2>\n<ul>\n<li>Programas de excurs\u00f5es adicionais se n\u00e3o estiverem inclu\u00eddos no programa anteriormente mencionado.<\/li>\n<li>Al\u00e9m disso, as bebidas no restaurante t\u00eam um custo extra durante a viagem de Dahab para Petra.<\/li>\n<\/ul>\n<h2>Artigos para levar consigo na viagem para Petra<\/h2>\n<ul>\n<li>Caixa de pequeno-almo\u00e7o.<\/li>\n<li>Passaporte.<\/li>\n<li>Leve tamb\u00e9m roupa da esta\u00e7\u00e3o.<\/li>\n<\/ul>\n<h2>Dias de reserva para viagem a Petra a partir de Dahab<\/h2>\n<ul>\n<li>Quartas-feiras das 02:00 \u00e0s 22:00.<\/li>\n<li>Al\u00e9m disso, aos s\u00e1bados, das 02:00 \u00e0s 22:00.<\/li>\n<\/ul>\n<h2>Descobrir<\/h2>\n<ul>\n<li>Excurs\u00e3o Petra Sharm El Sheikh<\/li>\n<\/ul>\n","protected":false},"excerpt":{"rendered":"<p>Conhe\u00e7a a atra\u00e7\u00e3o ic\u00f3nica da antiga cidade de Petra, na Jord\u00e2nia, mesmo com tempo limitado na regi\u00e3o. A nossa excurs\u00e3o de um dia a partir de Dahab, no Egito, \u00e9 tranquila e inclui todos os transfers, recolha e entrega no hotel e navega\u00e7\u00e3o de Taba a Aqaba.<\/p>\n<p>Com todas as taxas de entrada e almo\u00e7o inclu\u00eddas, n\u00e3o h\u00e1 custos adicionais. O nosso guia experiente partilhar\u00e1 informa\u00e7\u00f5es sobre a fascinante hist\u00f3ria da cidade antiga. Durante o passeio, visitar\u00e1 a cidade hist\u00f3rica e arqueol\u00f3gica de Petra, na Jord\u00e2nia, o antigo museu nabateu, o teatro romano, os t\u00famulos arco-\u00edris e o desfiladeiro.<\/p>\n<p>Aproxime-se da cultura nabateia e observe como esculpiram as suas casas, templos e t\u00famulos nas rochas. Iremos busc\u00e1-lo ao seu hotel em Dahab num autocarro moderno com ar condicionado at\u00e9 ao porto de Taba, onde ir\u00e1 apanhar um ferry para o porto de Aqaba. A partir da\u00ed, ser\u00e1 transferido num ve\u00edculo com ar condicionado durante cerca de 1 hora e meia at\u00e9 \u00e0 cidade rosada de Petra.<\/p>\n<p>Ao chegar ao Centro de Visitantes, inicie a cavalgada ou a p\u00e9 at\u00e9 ao Siq, um desfiladeiro estreito, e continue at\u00e9 ao belo Tesouro. A partir da\u00ed, caminhar\u00e1 pela Rua das Fachadas, pelos T\u00famulos Reais e Qasr Al Bent. Ap\u00f3s o passeio de um dia, navegar\u00e1 de volta do Porto de Aqaba para o Porto de Taba e, em seguida, ser\u00e1 transportado para o seu hotel em Dahab.<\/p>\n<p>Desfrute de uma viagem \u00fanica e de cortar a respira\u00e7\u00e3o e crie mem\u00f3rias inesquec\u00edveis ao caminhar entre os t\u00famulos e as fachadas escavadas na rocha de Petra, a cidade rosa-avermelhada. Tamb\u00e9m oferecemos um fant\u00e1stico passeio de um dia a Petra e Wadi Rum a partir do Porto de Aqaba, onde visitar\u00e1 os lugares mais famosos da Jord\u00e2nia.<\/p>\n<p>Iremos busc\u00e1-lo ao seu hotel em Dahab num autocarro moderno com ar condicionado at\u00e9 ao Porto de Aqaba, apanharemos um ferry at\u00e9 ao Porto de Aqaba e, em seguida, iremos busc\u00e1-lo ao Porto de Aqaba na porta de sa\u00edda do cruzeiro. Em seguida, ser\u00e1 transferido num ve\u00edculo com ar condicionado durante cerca de 1 hora e meia at\u00e9 \u00e0 cidade rosada de Petra.<\/p>\n<p>Ao chegar ao Centro de Visitantes, inicie a cavalgada ou a p\u00e9 at\u00e9 ao Siq, um desfiladeiro estreito, e continue at\u00e9 ao belo Tesouro. A partir da\u00ed, caminhar\u00e1 pela Rua das Fachadas, pelos T\u00famulos Reais e Qasr Al Bent. Ap\u00f3s o passeio de um dia, navegar\u00e1 de volta do Porto de Aqaba para o Porto de Aqaba e, em seguida, ser\u00e1 transportado para o seu hotel em Dahab.<\/p>\n<p>N\u00e3o perca este destino imperd\u00edvel no M\u00e9dio Oriente. Reserve hoje mesmo o seu passeio!<\/p>\n","protected":false},"featured_media":73504,"comment_status":"open","ping_status":"closed","template":"","meta":{"_coblocks_attr":"","_coblocks_dimensions":"","_coblocks_responsive_height":"","_coblocks_accordion_ie_support":"","_uag_custom_page_level_css":"","jetpack_publicize_message":"","jetpack_publicize_feature_enabled":true,"jetpack_social_post_already_shared":true,"jetpack_social_options":{"image_generator_settings":{"template":"highway","default_image_id":0,"font":"","enabled":false},"version":2},"_wpas_customize_per_network":false},"product_brand":[],"product_cat":[22076],"product_tag":[],"class_list":{"0":"post-152416","1":"product","2":"type-product","3":"status-publish","4":"has-post-thumbnail","6":"product_cat-excursoes-dahab","7":"pa_age-adulto-pt-pt","8":"pa_age-crianca-5-11-anos","9":"pa_age-crianca-de-1-a-4-anos","11":"first","12":"instock","13":"sale","14":"taxable","15":"shipping-taxable","16":"purchasable","17":"product-type-variable"},"yoast_head":"<!-- This site is optimized with the Yoast SEO Premium plugin v26.9 (Yoast SEO v27.4) - https:\/\/yoast.com\/product\/yoast-seo-premium-wordpress\/ -->\n<title>Viagem a Petra a partir de Dahab<\/title>\n<meta name=\"description\" content=\"Viagem a Petra a partir de Dahab Conhe\u00e7a a atra\u00e7\u00e3o ic\u00f3nica da antiga cidade de Petra, na Jord\u00e2nia, mesmo com tempo limitado na regi\u00e3o. A nossa excurs\u00e3o de um dia a partir de Dahab, no Egito, \u00e9 tranquila e inclui todos os transfers, recolha e entrega no hotel e navega\u00e7\u00e3o de Taba a Aqaba\" \/>\n<meta name=\"robots\" content=\"index, follow, max-snippet:-1, max-image-preview:large, max-video-preview:-1\" \/>\n<link rel=\"canonical\" href=\"https:\/\/landioustravel.com\/pt-pt\/shop\/viagem-a-petra-a-partir-de-dahab\/\" \/>\n<meta property=\"og:locale\" content=\"pt_PT\" \/>\n<meta property=\"og:type\" content=\"article\" \/>\n<meta property=\"og:title\" content=\"Viagem a Petra a partir de Dahab\" \/>\n<meta property=\"og:description\" content=\"Landious Travel\" \/>\n<meta property=\"og:url\" content=\"https:\/\/landioustravel.com\/pt-pt\/shop\/viagem-a-petra-a-partir-de-dahab\/\" \/>\n<meta property=\"og:site_name\" content=\"Landious Travel\" \/>\n<meta property=\"article:publisher\" content=\"https:\/\/web.facebook.com\/landiousEgypt\" \/>\n<meta property=\"article:modified_time\" content=\"2026-01-28T17:14:51+00:00\" \/>\n<meta property=\"og:image\" content=\"https:\/\/landioustravel.com\/wp-content\/uploads\/2020\/10\/petra_trip_sharm-e1617489481347.jpg\" \/>\n\t<meta property=\"og:image:width\" content=\"1200\" \/>\n\t<meta property=\"og:image:height\" content=\"675\" \/>\n\t<meta property=\"og:image:type\" content=\"image\/jpeg\" \/>\n<meta name=\"twitter:card\" content=\"summary_large_image\" \/>\n<meta name=\"twitter:site\" content=\"@LandiousTours\" \/>\n<meta name=\"twitter:label1\" content=\"Tempo estimado de leitura\" \/>\n\t<meta name=\"twitter:data1\" content=\"4 minutos\" \/>\n<script type=\"application\/ld+json\" class=\"yoast-schema-graph\">{\"@context\":\"https:\\\/\\\/schema.org\",\"@graph\":[{\"@type\":\"WebPage\",\"@id\":\"https:\\\/\\\/landioustravel.com\\\/pt-pt\\\/shop\\\/viagem-a-petra-a-partir-de-dahab\\\/\",\"url\":\"https:\\\/\\\/landioustravel.com\\\/pt-pt\\\/shop\\\/viagem-a-petra-a-partir-de-dahab\\\/\",\"name\":\"Viagem a Petra a partir de Dahab\",\"isPartOf\":{\"@id\":\"https:\\\/\\\/landioustravel.com\\\/pt-pt\\\/#website\"},\"primaryImageOfPage\":{\"@id\":\"https:\\\/\\\/landioustravel.com\\\/pt-pt\\\/shop\\\/viagem-a-petra-a-partir-de-dahab\\\/#primaryimage\"},\"image\":{\"@id\":\"https:\\\/\\\/landioustravel.com\\\/pt-pt\\\/shop\\\/viagem-a-petra-a-partir-de-dahab\\\/#primaryimage\"},\"thumbnailUrl\":\"https:\\\/\\\/i0.wp.com\\\/landioustravel.com\\\/wp-content\\\/uploads\\\/2020\\\/10\\\/petra_trip_sharm-e1617489481347.jpg?fit=1200%2C675&ssl=1\",\"datePublished\":\"2021-01-06T16:12:44+00:00\",\"dateModified\":\"2026-01-28T17:14:51+00:00\",\"description\":\"Viagem a Petra a partir de Dahab Conhe\u00e7a a atra\u00e7\u00e3o ic\u00f3nica da antiga cidade de Petra, na Jord\u00e2nia, mesmo com tempo limitado na regi\u00e3o. A nossa excurs\u00e3o de um dia a partir de Dahab, no Egito, \u00e9 tranquila e inclui todos os transfers, recolha e entrega no hotel e navega\u00e7\u00e3o de Taba a Aqaba\",\"breadcrumb\":{\"@id\":\"https:\\\/\\\/landioustravel.com\\\/pt-pt\\\/shop\\\/viagem-a-petra-a-partir-de-dahab\\\/#breadcrumb\"},\"inLanguage\":\"pt-PT\",\"potentialAction\":[{\"@type\":\"ReadAction\",\"target\":[\"https:\\\/\\\/landioustravel.com\\\/pt-pt\\\/shop\\\/viagem-a-petra-a-partir-de-dahab\\\/\"]}]},{\"@type\":\"ImageObject\",\"inLanguage\":\"pt-PT\",\"@id\":\"https:\\\/\\\/landioustravel.com\\\/pt-pt\\\/shop\\\/viagem-a-petra-a-partir-de-dahab\\\/#primaryimage\",\"url\":\"https:\\\/\\\/i0.wp.com\\\/landioustravel.com\\\/wp-content\\\/uploads\\\/2020\\\/10\\\/petra_trip_sharm-e1617489481347.jpg?fit=1200%2C675&ssl=1\",\"contentUrl\":\"https:\\\/\\\/i0.wp.com\\\/landioustravel.com\\\/wp-content\\\/uploads\\\/2020\\\/10\\\/petra_trip_sharm-e1617489481347.jpg?fit=1200%2C675&ssl=1\",\"width\":1200,\"height\":675,\"caption\":\"Services & Tours Excursion to Petra from Sharm El Sheikh\"},{\"@type\":\"BreadcrumbList\",\"@id\":\"https:\\\/\\\/landioustravel.com\\\/pt-pt\\\/shop\\\/viagem-a-petra-a-partir-de-dahab\\\/#breadcrumb\",\"itemListElement\":[{\"@type\":\"ListItem\",\"position\":1,\"name\":\"Home\",\"item\":\"https:\\\/\\\/landioustravel.com\\\/pt-pt\\\/\"},{\"@type\":\"ListItem\",\"position\":2,\"name\":\"Servi\u00e7os e Passeios\",\"item\":\"https:\\\/\\\/landioustravel.com\\\/pt-pt\\\/\"},{\"@type\":\"ListItem\",\"position\":3,\"name\":\"Viagem a Petra a partir de Dahab\"}]},{\"@type\":\"WebSite\",\"@id\":\"https:\\\/\\\/landioustravel.com\\\/pt-pt\\\/#website\",\"url\":\"https:\\\/\\\/landioustravel.com\\\/pt-pt\\\/\",\"name\":\"Landious Travel\",\"description\":\"Excursions, trips and cruises in Egypt\",\"publisher\":{\"@id\":\"https:\\\/\\\/landioustravel.com\\\/pt-pt\\\/#organization\"},\"potentialAction\":[{\"@type\":\"SearchAction\",\"target\":{\"@type\":\"EntryPoint\",\"urlTemplate\":\"https:\\\/\\\/landioustravel.com\\\/pt-pt\\\/?s={search_term_string}\"},\"query-input\":{\"@type\":\"PropertyValueSpecification\",\"valueRequired\":true,\"valueName\":\"search_term_string\"}}],\"inLanguage\":\"pt-PT\"},{\"@type\":[\"Organization\",\"Place\"],\"@id\":\"https:\\\/\\\/landioustravel.com\\\/pt-pt\\\/#organization\",\"name\":\"Landious Travel\",\"alternateName\":\"Landious Travel\",\"url\":\"https:\\\/\\\/landioustravel.com\\\/pt-pt\\\/\",\"logo\":{\"@id\":\"https:\\\/\\\/landioustravel.com\\\/pt-pt\\\/shop\\\/viagem-a-petra-a-partir-de-dahab\\\/#local-main-organization-logo\"},\"image\":{\"@id\":\"https:\\\/\\\/landioustravel.com\\\/pt-pt\\\/shop\\\/viagem-a-petra-a-partir-de-dahab\\\/#local-main-organization-logo\"},\"sameAs\":[\"https:\\\/\\\/web.facebook.com\\\/landiousEgypt\",\"https:\\\/\\\/x.com\\\/LandiousTours\",\"https:\\\/\\\/mastodon.social\\\/@landious\"],\"legalName\":\"Landious Travel\",\"telephone\":[],\"openingHoursSpecification\":[{\"@type\":\"OpeningHoursSpecification\",\"dayOfWeek\":[\"Monday\",\"Tuesday\",\"Wednesday\",\"Thursday\",\"Friday\",\"Saturday\",\"Sunday\"],\"opens\":\"09:00\",\"closes\":\"17:00\"}]},{\"@type\":\"ImageObject\",\"inLanguage\":\"pt-PT\",\"@id\":\"https:\\\/\\\/landioustravel.com\\\/pt-pt\\\/shop\\\/viagem-a-petra-a-partir-de-dahab\\\/#local-main-organization-logo\",\"url\":\"https:\\\/\\\/i0.wp.com\\\/landioustravel.com\\\/wp-content\\\/uploads\\\/2021\\\/06\\\/Landious-T.png?fit=500%2C500&ssl=1\",\"contentUrl\":\"https:\\\/\\\/i0.wp.com\\\/landioustravel.com\\\/wp-content\\\/uploads\\\/2021\\\/06\\\/Landious-T.png?fit=500%2C500&ssl=1\",\"width\":500,\"height\":500,\"caption\":\"Landious Travel\"}]}<\/script>\n<!-- \/ Yoast SEO Premium plugin. -->","yoast_head_json":{"title":"Viagem a Petra a partir de Dahab","description":"Viagem a Petra a partir de Dahab Conhe\u00e7a a atra\u00e7\u00e3o ic\u00f3nica da antiga cidade de Petra, na Jord\u00e2nia, mesmo com tempo limitado na regi\u00e3o. A nossa excurs\u00e3o de um dia a partir de Dahab, no Egito, \u00e9 tranquila e inclui todos os transfers, recolha e entrega no hotel e navega\u00e7\u00e3o de Taba a Aqaba","robots":{"index":"index","follow":"follow","max-snippet":"max-snippet:-1","max-image-preview":"max-image-preview:large","max-video-preview":"max-video-preview:-1"},"canonical":"https:\/\/landioustravel.com\/pt-pt\/shop\/viagem-a-petra-a-partir-de-dahab\/","og_locale":"pt_PT","og_type":"article","og_title":"Viagem a Petra a partir de Dahab","og_description":"Landious Travel","og_url":"https:\/\/landioustravel.com\/pt-pt\/shop\/viagem-a-petra-a-partir-de-dahab\/","og_site_name":"Landious Travel","article_publisher":"https:\/\/web.facebook.com\/landiousEgypt","article_modified_time":"2026-01-28T17:14:51+00:00","og_image":[{"width":1200,"height":675,"url":"https:\/\/landioustravel.com\/wp-content\/uploads\/2020\/10\/petra_trip_sharm-e1617489481347.jpg","type":"image\/jpeg"}],"twitter_card":"summary_large_image","twitter_site":"@LandiousTours","twitter_misc":{"Tempo estimado de leitura":"4 minutos"},"schema":{"@context":"https:\/\/schema.org","@graph":[{"@type":"WebPage","@id":"https:\/\/landioustravel.com\/pt-pt\/shop\/viagem-a-petra-a-partir-de-dahab\/","url":"https:\/\/landioustravel.com\/pt-pt\/shop\/viagem-a-petra-a-partir-de-dahab\/","name":"Viagem a Petra a partir de Dahab","isPartOf":{"@id":"https:\/\/landioustravel.com\/pt-pt\/#website"},"primaryImageOfPage":{"@id":"https:\/\/landioustravel.com\/pt-pt\/shop\/viagem-a-petra-a-partir-de-dahab\/#primaryimage"},"image":{"@id":"https:\/\/landioustravel.com\/pt-pt\/shop\/viagem-a-petra-a-partir-de-dahab\/#primaryimage"},"thumbnailUrl":"https:\/\/i0.wp.com\/landioustravel.com\/wp-content\/uploads\/2020\/10\/petra_trip_sharm-e1617489481347.jpg?fit=1200%2C675&ssl=1","datePublished":"2021-01-06T16:12:44+00:00","dateModified":"2026-01-28T17:14:51+00:00","description":"Viagem a Petra a partir de Dahab Conhe\u00e7a a atra\u00e7\u00e3o ic\u00f3nica da antiga cidade de Petra, na Jord\u00e2nia, mesmo com tempo limitado na regi\u00e3o. A nossa excurs\u00e3o de um dia a partir de Dahab, no Egito, \u00e9 tranquila e inclui todos os transfers, recolha e entrega no hotel e navega\u00e7\u00e3o de Taba a Aqaba","breadcrumb":{"@id":"https:\/\/landioustravel.com\/pt-pt\/shop\/viagem-a-petra-a-partir-de-dahab\/#breadcrumb"},"inLanguage":"pt-PT","potentialAction":[{"@type":"ReadAction","target":["https:\/\/landioustravel.com\/pt-pt\/shop\/viagem-a-petra-a-partir-de-dahab\/"]}]},{"@type":"ImageObject","inLanguage":"pt-PT","@id":"https:\/\/landioustravel.com\/pt-pt\/shop\/viagem-a-petra-a-partir-de-dahab\/#primaryimage","url":"https:\/\/i0.wp.com\/landioustravel.com\/wp-content\/uploads\/2020\/10\/petra_trip_sharm-e1617489481347.jpg?fit=1200%2C675&ssl=1","contentUrl":"https:\/\/i0.wp.com\/landioustravel.com\/wp-content\/uploads\/2020\/10\/petra_trip_sharm-e1617489481347.jpg?fit=1200%2C675&ssl=1","width":1200,"height":675,"caption":"Services & Tours Excursion to Petra from Sharm El Sheikh"},{"@type":"BreadcrumbList","@id":"https:\/\/landioustravel.com\/pt-pt\/shop\/viagem-a-petra-a-partir-de-dahab\/#breadcrumb","itemListElement":[{"@type":"ListItem","position":1,"name":"Home","item":"https:\/\/landioustravel.com\/pt-pt\/"},{"@type":"ListItem","position":2,"name":"Servi\u00e7os e Passeios","item":"https:\/\/landioustravel.com\/pt-pt\/"},{"@type":"ListItem","position":3,"name":"Viagem a Petra a partir de Dahab"}]},{"@type":"WebSite","@id":"https:\/\/landioustravel.com\/pt-pt\/#website","url":"https:\/\/landioustravel.com\/pt-pt\/","name":"Landious Travel","description":"Excursions, trips and cruises in Egypt","publisher":{"@id":"https:\/\/landioustravel.com\/pt-pt\/#organization"},"potentialAction":[{"@type":"SearchAction","target":{"@type":"EntryPoint","urlTemplate":"https:\/\/landioustravel.com\/pt-pt\/?s={search_term_string}"},"query-input":{"@type":"PropertyValueSpecification","valueRequired":true,"valueName":"search_term_string"}}],"inLanguage":"pt-PT"},{"@type":["Organization","Place"],"@id":"https:\/\/landioustravel.com\/pt-pt\/#organization","name":"Landious Travel","alternateName":"Landious Travel","url":"https:\/\/landioustravel.com\/pt-pt\/","logo":{"@id":"https:\/\/landioustravel.com\/pt-pt\/shop\/viagem-a-petra-a-partir-de-dahab\/#local-main-organization-logo"},"image":{"@id":"https:\/\/landioustravel.com\/pt-pt\/shop\/viagem-a-petra-a-partir-de-dahab\/#local-main-organization-logo"},"sameAs":["https:\/\/web.facebook.com\/landiousEgypt","https:\/\/x.com\/LandiousTours","https:\/\/mastodon.social\/@landious"],"legalName":"Landious Travel","telephone":[],"openingHoursSpecification":[{"@type":"OpeningHoursSpecification","dayOfWeek":["Monday","Tuesday","Wednesday","Thursday","Friday","Saturday","Sunday"],"opens":"09:00","closes":"17:00"}]},{"@type":"ImageObject","inLanguage":"pt-PT","@id":"https:\/\/landioustravel.com\/pt-pt\/shop\/viagem-a-petra-a-partir-de-dahab\/#local-main-organization-logo","url":"https:\/\/i0.wp.com\/landioustravel.com\/wp-content\/uploads\/2021\/06\/Landious-T.png?fit=500%2C500&ssl=1","contentUrl":"https:\/\/i0.wp.com\/landioustravel.com\/wp-content\/uploads\/2021\/06\/Landious-T.png?fit=500%2C500&ssl=1","width":500,"height":500,"caption":"Landious Travel"}]}},"jetpack_publicize_connections":[],"uagb_featured_image_src":{"full":["https:\/\/i0.wp.com\/landioustravel.com\/wp-content\/uploads\/2020\/10\/petra_trip_sharm-e1617489481347.jpg?fit=1200%2C675&ssl=1",1200,675,false],"thumbnail":["https:\/\/i0.wp.com\/landioustravel.com\/wp-content\/uploads\/2020\/10\/petra_trip_sharm-e1617489481347.jpg?resize=150%2C150&ssl=1",150,150,true],"medium":["https:\/\/i0.wp.com\/landioustravel.com\/wp-content\/uploads\/2020\/10\/petra_trip_sharm-e1617489481347.jpg?fit=300%2C169&ssl=1",300,169,true],"medium_large":["https:\/\/i0.wp.com\/landioustravel.com\/wp-content\/uploads\/2020\/10\/petra_trip_sharm-e1617489481347.jpg?fit=768%2C432&ssl=1",768,432,true],"large":["https:\/\/i0.wp.com\/landioustravel.com\/wp-content\/uploads\/2020\/10\/petra_trip_sharm-e1617489481347.jpg?fit=980%2C551&ssl=1",980,551,true],"1536x1536":["https:\/\/i0.wp.com\/landioustravel.com\/wp-content\/uploads\/2020\/10\/petra_trip_sharm-e1617489481347.jpg?fit=1536%2C1024&ssl=1",1536,1024,true],"2048x2048":["https:\/\/i0.wp.com\/landioustravel.com\/wp-content\/uploads\/2020\/10\/petra_trip_sharm-e1617489481347.jpg?fit=1200%2C675&ssl=1",1200,675,true],"newspack-article-block-landscape-large":["https:\/\/i0.wp.com\/landioustravel.com\/wp-content\/uploads\/2020\/10\/petra_trip_sharm-e1617489481347.jpg?resize=1200%2C675&ssl=1",1200,900,true],"newspack-article-block-portrait-large":["https:\/\/i0.wp.com\/landioustravel.com\/wp-content\/uploads\/2020\/10\/petra_trip_sharm-e1617489481347.jpg?resize=900%2C675&ssl=1",900,675,true],"newspack-article-block-square-large":["https:\/\/i0.wp.com\/landioustravel.com\/wp-content\/uploads\/2020\/10\/petra_trip_sharm-e1617489481347.jpg?resize=1200%2C675&ssl=1",1200,1200,true],"newspack-article-block-landscape-medium":["https:\/\/i0.wp.com\/landioustravel.com\/wp-content\/uploads\/2020\/10\/petra_trip_sharm-e1617489481347.jpg?resize=800%2C600&ssl=1",800,600,true],"newspack-article-block-portrait-medium":["https:\/\/i0.wp.com\/landioustravel.com\/wp-content\/uploads\/2020\/10\/petra_trip_sharm-e1617489481347.jpg?resize=600%2C675&ssl=1",600,675,true],"newspack-article-block-square-medium":["https:\/\/i0.wp.com\/landioustravel.com\/wp-content\/uploads\/2020\/10\/petra_trip_sharm-e1617489481347.jpg?resize=800%2C675&ssl=1",800,675,true],"newspack-article-block-landscape-intermediate":["https:\/\/i0.wp.com\/landioustravel.com\/wp-content\/uploads\/2020\/10\/petra_trip_sharm-e1617489481347.jpg?resize=600%2C450&ssl=1",600,450,true],"newspack-article-block-portrait-intermediate":["https:\/\/i0.wp.com\/landioustravel.com\/wp-content\/uploads\/2020\/10\/petra_trip_sharm-e1617489481347.jpg?resize=450%2C600&ssl=1",450,600,true],"newspack-article-block-square-intermediate":["https:\/\/i0.wp.com\/landioustravel.com\/wp-content\/uploads\/2020\/10\/petra_trip_sharm-e1617489481347.jpg?resize=600%2C600&ssl=1",600,600,true],"newspack-article-block-landscape-small":["https:\/\/i0.wp.com\/landioustravel.com\/wp-content\/uploads\/2020\/10\/petra_trip_sharm-e1617489481347.jpg?resize=400%2C300&ssl=1",400,300,true],"newspack-article-block-portrait-small":["https:\/\/i0.wp.com\/landioustravel.com\/wp-content\/uploads\/2020\/10\/petra_trip_sharm-e1617489481347.jpg?resize=300%2C400&ssl=1",300,400,true],"newspack-article-block-square-small":["https:\/\/i0.wp.com\/landioustravel.com\/wp-content\/uploads\/2020\/10\/petra_trip_sharm-e1617489481347.jpg?resize=400%2C400&ssl=1",400,400,true],"newspack-article-block-landscape-tiny":["https:\/\/i0.wp.com\/landioustravel.com\/wp-content\/uploads\/2020\/10\/petra_trip_sharm-e1617489481347.jpg?resize=200%2C150&ssl=1",200,150,true],"newspack-article-block-portrait-tiny":["https:\/\/i0.wp.com\/landioustravel.com\/wp-content\/uploads\/2020\/10\/petra_trip_sharm-e1617489481347.jpg?resize=150%2C200&ssl=1",150,200,true],"newspack-article-block-square-tiny":["https:\/\/i0.wp.com\/landioustravel.com\/wp-content\/uploads\/2020\/10\/petra_trip_sharm-e1617489481347.jpg?resize=200%2C200&ssl=1",200,200,true],"newspack-article-block-uncropped":["https:\/\/i0.wp.com\/landioustravel.com\/wp-content\/uploads\/2020\/10\/petra_trip_sharm-e1617489481347.jpg?fit=1200%2C800&ssl=1",1200,800,true],"woocommerce_thumbnail":["https:\/\/i0.wp.com\/landioustravel.com\/wp-content\/uploads\/2020\/10\/petra_trip_sharm-e1617489481347.jpg?resize=324%2C324&ssl=1",324,324,true],"woocommerce_single":["https:\/\/i0.wp.com\/landioustravel.com\/wp-content\/uploads\/2020\/10\/petra_trip_sharm-e1617489481347.jpg?fit=416%2C234&ssl=1",416,234,true],"woocommerce_gallery_thumbnail":["https:\/\/i0.wp.com\/landioustravel.com\/wp-content\/uploads\/2020\/10\/petra_trip_sharm-e1617489481347.jpg?resize=100%2C100&ssl=1",100,100,true]},"uagb_author_info":{"display_name":"Mofreh Landious","author_link":"https:\/\/landioustravel.com\/pt-pt\/author\/"},"uagb_comment_info":3,"uagb_excerpt":"Conhe\u00e7a a atra\u00e7\u00e3o ic\u00f3nica da antiga cidade de Petra, na Jord\u00e2nia, mesmo com tempo limitado na regi\u00e3o. A nossa excurs\u00e3o de um dia a partir de Dahab, no Egito, \u00e9 tranquila e inclui todos os transfers, recolha e entrega no hotel e navega\u00e7\u00e3o de Taba a Aqaba. Com todas as taxas de entrada e almo\u00e7o&hellip;","jetpack_sharing_enabled":true,"jetpack_likes_enabled":true,"amp_enabled":true,"_links":{"self":[{"href":"https:\/\/landioustravel.com\/pt-pt\/wp-json\/wp\/v2\/product\/152416","targetHints":{"allow":["GET"]}}],"collection":[{"href":"https:\/\/landioustravel.com\/pt-pt\/wp-json\/wp\/v2\/product"}],"about":[{"href":"https:\/\/landioustravel.com\/pt-pt\/wp-json\/wp\/v2\/types\/product"}],"replies":[{"embeddable":true,"href":"https:\/\/landioustravel.com\/pt-pt\/wp-json\/wp\/v2\/comments?post=152416"}],"wp:featuredmedia":[{"embeddable":true,"href":"https:\/\/landioustravel.com\/pt-pt\/wp-json\/wp\/v2\/media\/73504"}],"wp:attachment":[{"href":"https:\/\/landioustravel.com\/pt-pt\/wp-json\/wp\/v2\/media?parent=152416"}],"wp:term":[{"taxonomy":"product_brand","embeddable":true,"href":"https:\/\/landioustravel.com\/pt-pt\/wp-json\/wp\/v2\/product_brand?post=152416"},{"taxonomy":"product_cat","embeddable":true,"href":"https:\/\/landioustravel.com\/pt-pt\/wp-json\/wp\/v2\/product_cat?post=152416"},{"taxonomy":"product_tag","embeddable":true,"href":"https:\/\/landioustravel.com\/pt-pt\/wp-json\/wp\/v2\/product_tag?post=152416"}],"curies":[{"name":"wp","href":"https:\/\/api.w.org\/{rel}","templated":true}]}}