{"id":152419,"date":"2023-04-03T07:37:30","date_gmt":"2023-04-03T05:37:30","guid":{"rendered":"https:\/\/landioustravel.com\/?post_type=product&#038;p=152419"},"modified":"2025-10-21T20:13:31","modified_gmt":"2025-10-21T17:13:31","slug":"viagem-de-pesca-em-hurghada","status":"publish","type":"product","link":"https:\/\/landioustravel.com\/pt-pt\/shop\/viagem-de-pesca-em-hurghada\/","title":{"rendered":"Viagem de pesca em Hurghada"},"content":{"rendered":"<p>Se procura uma aventura em Hurghada, no Egito, a viagem de pesca em Hurghada \u00e9 uma excelente op\u00e7\u00e3o! Este emocionante passeio de barco leva-o at\u00e9 ao mar, onde pode pescar, explorar recifes de coral deslumbrantes e ver uma variedade de peixes.<\/p>\n<p>A Pescaria em Hurghada \u00e9 uma das excurs\u00f5es mais emocionantes que pode fazer! E para completar, pode desfrutar de um delicioso piquenique no belo Mar Vermelho e ter uma experi\u00eancia incr\u00edvel.<\/p>\n<h2>Destaques da viagem de pesca em Hurghada<\/h2>\n<ul>\n<li>Pesque em mar aberto.<\/li>\n<li>Snorkel com m\u00e1scaras e barbatanas.<\/li>\n<li>Al\u00e9m disso, almo\u00e7o a bordo do barco.<\/li>\n<\/ul>\n<h2>Programa de Aventura de Pesca<\/h2>\n<ul>\n<li>A Landious Travel ir\u00e1 busc\u00e1-lo ao seu hotel em Hurghada num ve\u00edculo com ar condicionado por volta das 08:00.<\/li>\n<li>Depois de recolher todos os passageiros, o autocarro seguir\u00e1 para o porto. O percurso at\u00e9 ao cais demora cerca de 20 minutos.<\/li>\n<li>Encontrar\u00e1 o seu barco no porto. \u00c9 um barco grande e elegante, com dois andares. Ao entrar no navio, \u00e9 prefer\u00edvel descal\u00e7ar-se e preparar-se para a pesca ao corrico. A pesca ao corrico acontece enquanto o barco navega no mar. Por isso, fornecemos ao nosso barco duas canas de corrico na popa.<\/li>\n<li>O barco navega pelo Mar Vermelho assim que o grupo se re\u00fane. Depois, algures em mar aberto, ancora e permite-lhe pescar diretamente da sua prancha. Nesse momento, todos poder\u00e3o pescar.<\/li>\n<li>De seguida, far\u00e1 uma paragem noutro local para nadar com m\u00e1scaras e barbatanas.<\/li>\n<li>Ap\u00f3s esta paragem, o grupo reunir\u00e1 no primeiro piso para o almo\u00e7o. O buffet estar\u00e1 aberto durante o hor\u00e1rio de almo\u00e7o.<\/li>\n<li>Mais tarde, tentar\u00e1 pescar novamente noutro lugar.<\/li>\n<li>Por fim, iremos acompanh\u00e1-lo de volta ao seu hotel ap\u00f3s uma emocionante experi\u00eancia de pesca no Mar Vermelho.<\/li>\n<li>Este passeio de barco de um dia inteiro em Hurghada termina aproximadamente \u00e0s 16h30.<\/li>\n<\/ul>\n<h2>O que est\u00e1 inclu\u00eddo no pre\u00e7o da viagem de pesca em Hurghada?<\/h2>\n<ul>\n<li>Taxa de entrada (5 d\u00f3lares americanos por pessoa)<\/li>\n<li>Equipamento de pesca.<\/li>\n<li>Equipamento de mergulho com snorkel.<\/li>\n<li>Comida.<\/li>\n<li>Al\u00e9m disso, transporte para o porto e regresso ao hotel.<\/li>\n<\/ul>\n<h2>O que \u00e9 que o programa de excurs\u00e3o de pesca em Hurghada n\u00e3o inclui?<\/h2>\n<ul>\n<li>DVD de v\u00eddeo.<\/li>\n<li>Tamb\u00e9m o CD de fotografias.<\/li>\n<li>O que levar para a viagem<\/li>\n<li>Toalha.<\/li>\n<li>Tamb\u00e9m, protetor solar.<\/li>\n<\/ul>\n<h2>Dias de reserva para viagem de pesca em Hurghada<\/h2>\n<ul>\n<li>Ter\u00e7as-feiras das 08:00 \u00e0s 17:00.<\/li>\n<li>Al\u00e9m disso, as sextas-feiras s\u00e3o das 08:00 \u00e0s 17:00.<\/li>\n<li>Servi\u00e7os apresentados durante a viagem de pesca em Hurghada<\/li>\n<li>Transporte : A Landious Travel utiliza como meio de transporte as limusinas\/mini-bus com ar condicionado. Al\u00e9m disso, um motorista profissional ir\u00e1 acompanh\u00e1-lo at\u00e9 ao porto e de volta ao seu hotel.<\/li>\n<li>Guia : Um guia tur\u00edstico profissional que fala ingl\u00eas ir\u00e1 busc\u00e1-lo ao seu hotel num ve\u00edculo com ar condicionado e acompanh\u00e1-lo at\u00e9 ao porto.<\/li>\n<li>Instala\u00e7\u00f5es para barcos : Os nossos barcos s\u00e3o novos e t\u00eam tr\u00eas andares. Disp\u00f5em de um sal\u00e3o de refei\u00e7\u00f5es, um bebedouro, uma cozinha e duas casas de banho. No primeiro piso, equip\u00e1mos os barcos com coletes salva-vidas, equipamento de snorkeling e dois carretos de pesca. O deck de sol\u00e1rio conta com confort\u00e1veis \u200b\u200bespregui\u00e7adeiras e uma tenda.<\/li>\n<li>Pessoal e funcion\u00e1rios: A tripula\u00e7\u00e3o do barco \u00e9 simp\u00e1tica e profissional. Os nossos instrutores e treinadores ir\u00e3o gui\u00e1-lo durante a viagem.<\/li>\n<li>Alimenta\u00e7\u00e3o : Oferecemos um delicioso almo\u00e7o a bordo com pratos diferentes.<\/li>\n<\/ul>\n<h2>Descobrir<\/h2>\n<ul>\n<li>Viagem de pesca de meio-dia de elite em Hurghada<\/li>\n<li>Passeio de pesca de meio-dia em Hurghada<\/li>\n<\/ul>\n","protected":false},"excerpt":{"rendered":"<p>Junte-se a n\u00f3s para uma experi\u00eancia de pesca inesquec\u00edvel no Mar Vermelho e prepare o seu peixe na hora. A emo\u00e7\u00e3o da pescaria s\u00f3 se compara ao sabor delicioso da sua refei\u00e7\u00e3o fresca. O nosso barco ancorar\u00e1 em mar aberto, onde poder\u00e1 pescar diversos peixes.<\/p>\n<p>Ter\u00e1 a oportunidade de preparar e desfrutar da sua pescaria para o almo\u00e7o na cozinha do barco. Para terminar o passeio, pode dar um mergulho refrescante em mar aberto com m\u00e1scaras e barbatanas. O pre\u00e7o da viagem inclui tudo o que precisa, incluindo transfers, equipamento de pesca e almo\u00e7o.<\/p>\n","protected":false},"featured_media":130202,"comment_status":"open","ping_status":"closed","template":"","meta":{"_coblocks_attr":"","_coblocks_dimensions":"","_coblocks_responsive_height":"","_coblocks_accordion_ie_support":"","_uag_custom_page_level_css":"","jetpack_publicize_message":"","jetpack_publicize_feature_enabled":true,"jetpack_social_post_already_shared":true,"jetpack_social_options":{"image_generator_settings":{"template":"highway","default_image_id":0,"font":"","enabled":false},"version":2},"_wpas_customize_per_network":false},"product_brand":[],"product_cat":[22059],"product_tag":[],"class_list":{"0":"post-152419","1":"product","2":"type-product","3":"status-publish","4":"has-post-thumbnail","6":"product_cat-excursoes-hurghada","7":"pa_age-adulto-pt-pt","8":"pa_age-filho","10":"first","11":"instock","12":"sale","13":"purchasable","14":"product-type-variable"},"yoast_head":"<!-- This site is optimized with the Yoast SEO Premium plugin v26.9 (Yoast SEO v27.4) - https:\/\/yoast.com\/product\/yoast-seo-premium-wordpress\/ -->\n<title>Viagem de pesca em Hurghada<\/title>\n<meta name=\"description\" content=\"Viagem de pesca em Hurghada Junte-se a n\u00f3s para uma experi\u00eancia de pesca inesquec\u00edvel no Mar Vermelho e prepare o seu peixe na hora. A emo\u00e7\u00e3o da pescaria s\u00f3 se compara ao sabor delicioso da sua refei\u00e7\u00e3o fresca. O nosso barco ancorar\u00e1 em mar aberto, onde poder\u00e1 pescar diversos peixes\" \/>\n<meta name=\"robots\" content=\"index, follow, max-snippet:-1, max-image-preview:large, max-video-preview:-1\" \/>\n<link rel=\"canonical\" href=\"https:\/\/landioustravel.com\/pt-pt\/shop\/viagem-de-pesca-em-hurghada\/\" \/>\n<meta property=\"og:locale\" content=\"pt_PT\" \/>\n<meta property=\"og:type\" content=\"article\" \/>\n<meta property=\"og:title\" content=\"Viagem de pesca em Hurghada\" \/>\n<meta property=\"og:description\" content=\"Landious Travel\" \/>\n<meta property=\"og:url\" content=\"https:\/\/landioustravel.com\/pt-pt\/shop\/viagem-de-pesca-em-hurghada\/\" \/>\n<meta property=\"og:site_name\" content=\"Landious Travel\" \/>\n<meta property=\"article:publisher\" content=\"https:\/\/web.facebook.com\/landiousEgypt\" \/>\n<meta property=\"article:modified_time\" content=\"2025-10-21T17:13:31+00:00\" \/>\n<meta property=\"og:image\" content=\"https:\/\/landioustravel.com\/wp-content\/uploads\/2018\/12\/Fishing-Trip-Hurghada-e1669479757911.jpg\" \/>\n\t<meta property=\"og:image:width\" content=\"1200\" \/>\n\t<meta property=\"og:image:height\" content=\"675\" \/>\n\t<meta property=\"og:image:type\" content=\"image\/jpeg\" \/>\n<meta name=\"twitter:card\" content=\"summary_large_image\" \/>\n<meta name=\"twitter:site\" content=\"@LandiousTours\" \/>\n<meta name=\"twitter:label1\" content=\"Tempo estimado de leitura\" \/>\n\t<meta name=\"twitter:data1\" content=\"4 minutos\" \/>\n<script type=\"application\/ld+json\" class=\"yoast-schema-graph\">{\"@context\":\"https:\\\/\\\/schema.org\",\"@graph\":[{\"@type\":\"WebPage\",\"@id\":\"https:\\\/\\\/landioustravel.com\\\/pt-pt\\\/shop\\\/viagem-de-pesca-em-hurghada\\\/\",\"url\":\"https:\\\/\\\/landioustravel.com\\\/pt-pt\\\/shop\\\/viagem-de-pesca-em-hurghada\\\/\",\"name\":\"Viagem de pesca em Hurghada\",\"isPartOf\":{\"@id\":\"https:\\\/\\\/landioustravel.com\\\/pt-pt\\\/#website\"},\"primaryImageOfPage\":{\"@id\":\"https:\\\/\\\/landioustravel.com\\\/pt-pt\\\/shop\\\/viagem-de-pesca-em-hurghada\\\/#primaryimage\"},\"image\":{\"@id\":\"https:\\\/\\\/landioustravel.com\\\/pt-pt\\\/shop\\\/viagem-de-pesca-em-hurghada\\\/#primaryimage\"},\"thumbnailUrl\":\"https:\\\/\\\/i0.wp.com\\\/landioustravel.com\\\/wp-content\\\/uploads\\\/2018\\\/12\\\/Fishing-Trip-Hurghada-e1669479757911.jpg?fit=1200%2C675&ssl=1\",\"datePublished\":\"2023-04-03T05:37:30+00:00\",\"dateModified\":\"2025-10-21T17:13:31+00:00\",\"description\":\"Viagem de pesca em Hurghada Junte-se a n\u00f3s para uma experi\u00eancia de pesca inesquec\u00edvel no Mar Vermelho e prepare o seu peixe na hora. A emo\u00e7\u00e3o da pescaria s\u00f3 se compara ao sabor delicioso da sua refei\u00e7\u00e3o fresca. O nosso barco ancorar\u00e1 em mar aberto, onde poder\u00e1 pescar diversos peixes\",\"breadcrumb\":{\"@id\":\"https:\\\/\\\/landioustravel.com\\\/pt-pt\\\/shop\\\/viagem-de-pesca-em-hurghada\\\/#breadcrumb\"},\"inLanguage\":\"pt-PT\",\"potentialAction\":[{\"@type\":\"ReadAction\",\"target\":[\"https:\\\/\\\/landioustravel.com\\\/pt-pt\\\/shop\\\/viagem-de-pesca-em-hurghada\\\/\"]}]},{\"@type\":\"ImageObject\",\"inLanguage\":\"pt-PT\",\"@id\":\"https:\\\/\\\/landioustravel.com\\\/pt-pt\\\/shop\\\/viagem-de-pesca-em-hurghada\\\/#primaryimage\",\"url\":\"https:\\\/\\\/i0.wp.com\\\/landioustravel.com\\\/wp-content\\\/uploads\\\/2018\\\/12\\\/Fishing-Trip-Hurghada-e1669479757911.jpg?fit=1200%2C675&ssl=1\",\"contentUrl\":\"https:\\\/\\\/i0.wp.com\\\/landioustravel.com\\\/wp-content\\\/uploads\\\/2018\\\/12\\\/Fishing-Trip-Hurghada-e1669479757911.jpg?fit=1200%2C675&ssl=1\",\"width\":1200,\"height\":675,\"caption\":\"Fishing Trip Hurghada\"},{\"@type\":\"BreadcrumbList\",\"@id\":\"https:\\\/\\\/landioustravel.com\\\/pt-pt\\\/shop\\\/viagem-de-pesca-em-hurghada\\\/#breadcrumb\",\"itemListElement\":[{\"@type\":\"ListItem\",\"position\":1,\"name\":\"Home\",\"item\":\"https:\\\/\\\/landioustravel.com\\\/pt-pt\\\/\"},{\"@type\":\"ListItem\",\"position\":2,\"name\":\"Servi\u00e7os e Passeios\",\"item\":\"https:\\\/\\\/landioustravel.com\\\/pt-pt\\\/\"},{\"@type\":\"ListItem\",\"position\":3,\"name\":\"Viagem de pesca em Hurghada\"}]},{\"@type\":\"WebSite\",\"@id\":\"https:\\\/\\\/landioustravel.com\\\/pt-pt\\\/#website\",\"url\":\"https:\\\/\\\/landioustravel.com\\\/pt-pt\\\/\",\"name\":\"Landious Travel\",\"description\":\"Excursions, trips and cruises in Egypt\",\"publisher\":{\"@id\":\"https:\\\/\\\/landioustravel.com\\\/pt-pt\\\/#organization\"},\"potentialAction\":[{\"@type\":\"SearchAction\",\"target\":{\"@type\":\"EntryPoint\",\"urlTemplate\":\"https:\\\/\\\/landioustravel.com\\\/pt-pt\\\/?s={search_term_string}\"},\"query-input\":{\"@type\":\"PropertyValueSpecification\",\"valueRequired\":true,\"valueName\":\"search_term_string\"}}],\"inLanguage\":\"pt-PT\"},{\"@type\":[\"Organization\",\"Place\"],\"@id\":\"https:\\\/\\\/landioustravel.com\\\/pt-pt\\\/#organization\",\"name\":\"Landious Travel\",\"alternateName\":\"Landious Travel\",\"url\":\"https:\\\/\\\/landioustravel.com\\\/pt-pt\\\/\",\"logo\":{\"@id\":\"https:\\\/\\\/landioustravel.com\\\/pt-pt\\\/shop\\\/viagem-de-pesca-em-hurghada\\\/#local-main-organization-logo\"},\"image\":{\"@id\":\"https:\\\/\\\/landioustravel.com\\\/pt-pt\\\/shop\\\/viagem-de-pesca-em-hurghada\\\/#local-main-organization-logo\"},\"sameAs\":[\"https:\\\/\\\/web.facebook.com\\\/landiousEgypt\",\"https:\\\/\\\/x.com\\\/LandiousTours\",\"https:\\\/\\\/mastodon.social\\\/@landious\"],\"legalName\":\"Landious Travel\",\"telephone\":[],\"openingHoursSpecification\":[{\"@type\":\"OpeningHoursSpecification\",\"dayOfWeek\":[\"Monday\",\"Tuesday\",\"Wednesday\",\"Thursday\",\"Friday\",\"Saturday\",\"Sunday\"],\"opens\":\"09:00\",\"closes\":\"17:00\"}]},{\"@type\":\"ImageObject\",\"inLanguage\":\"pt-PT\",\"@id\":\"https:\\\/\\\/landioustravel.com\\\/pt-pt\\\/shop\\\/viagem-de-pesca-em-hurghada\\\/#local-main-organization-logo\",\"url\":\"https:\\\/\\\/i0.wp.com\\\/landioustravel.com\\\/wp-content\\\/uploads\\\/2021\\\/06\\\/Landious-T.png?fit=500%2C500&ssl=1\",\"contentUrl\":\"https:\\\/\\\/i0.wp.com\\\/landioustravel.com\\\/wp-content\\\/uploads\\\/2021\\\/06\\\/Landious-T.png?fit=500%2C500&ssl=1\",\"width\":500,\"height\":500,\"caption\":\"Landious Travel\"}]}<\/script>\n<!-- \/ Yoast SEO Premium plugin. -->","yoast_head_json":{"title":"Viagem de pesca em Hurghada","description":"Viagem de pesca em Hurghada Junte-se a n\u00f3s para uma experi\u00eancia de pesca inesquec\u00edvel no Mar Vermelho e prepare o seu peixe na hora. A emo\u00e7\u00e3o da pescaria s\u00f3 se compara ao sabor delicioso da sua refei\u00e7\u00e3o fresca. O nosso barco ancorar\u00e1 em mar aberto, onde poder\u00e1 pescar diversos peixes","robots":{"index":"index","follow":"follow","max-snippet":"max-snippet:-1","max-image-preview":"max-image-preview:large","max-video-preview":"max-video-preview:-1"},"canonical":"https:\/\/landioustravel.com\/pt-pt\/shop\/viagem-de-pesca-em-hurghada\/","og_locale":"pt_PT","og_type":"article","og_title":"Viagem de pesca em Hurghada","og_description":"Landious Travel","og_url":"https:\/\/landioustravel.com\/pt-pt\/shop\/viagem-de-pesca-em-hurghada\/","og_site_name":"Landious Travel","article_publisher":"https:\/\/web.facebook.com\/landiousEgypt","article_modified_time":"2025-10-21T17:13:31+00:00","og_image":[{"width":1200,"height":675,"url":"https:\/\/landioustravel.com\/wp-content\/uploads\/2018\/12\/Fishing-Trip-Hurghada-e1669479757911.jpg","type":"image\/jpeg"}],"twitter_card":"summary_large_image","twitter_site":"@LandiousTours","twitter_misc":{"Tempo estimado de leitura":"4 minutos"},"schema":{"@context":"https:\/\/schema.org","@graph":[{"@type":"WebPage","@id":"https:\/\/landioustravel.com\/pt-pt\/shop\/viagem-de-pesca-em-hurghada\/","url":"https:\/\/landioustravel.com\/pt-pt\/shop\/viagem-de-pesca-em-hurghada\/","name":"Viagem de pesca em Hurghada","isPartOf":{"@id":"https:\/\/landioustravel.com\/pt-pt\/#website"},"primaryImageOfPage":{"@id":"https:\/\/landioustravel.com\/pt-pt\/shop\/viagem-de-pesca-em-hurghada\/#primaryimage"},"image":{"@id":"https:\/\/landioustravel.com\/pt-pt\/shop\/viagem-de-pesca-em-hurghada\/#primaryimage"},"thumbnailUrl":"https:\/\/i0.wp.com\/landioustravel.com\/wp-content\/uploads\/2018\/12\/Fishing-Trip-Hurghada-e1669479757911.jpg?fit=1200%2C675&ssl=1","datePublished":"2023-04-03T05:37:30+00:00","dateModified":"2025-10-21T17:13:31+00:00","description":"Viagem de pesca em Hurghada Junte-se a n\u00f3s para uma experi\u00eancia de pesca inesquec\u00edvel no Mar Vermelho e prepare o seu peixe na hora. A emo\u00e7\u00e3o da pescaria s\u00f3 se compara ao sabor delicioso da sua refei\u00e7\u00e3o fresca. O nosso barco ancorar\u00e1 em mar aberto, onde poder\u00e1 pescar diversos peixes","breadcrumb":{"@id":"https:\/\/landioustravel.com\/pt-pt\/shop\/viagem-de-pesca-em-hurghada\/#breadcrumb"},"inLanguage":"pt-PT","potentialAction":[{"@type":"ReadAction","target":["https:\/\/landioustravel.com\/pt-pt\/shop\/viagem-de-pesca-em-hurghada\/"]}]},{"@type":"ImageObject","inLanguage":"pt-PT","@id":"https:\/\/landioustravel.com\/pt-pt\/shop\/viagem-de-pesca-em-hurghada\/#primaryimage","url":"https:\/\/i0.wp.com\/landioustravel.com\/wp-content\/uploads\/2018\/12\/Fishing-Trip-Hurghada-e1669479757911.jpg?fit=1200%2C675&ssl=1","contentUrl":"https:\/\/i0.wp.com\/landioustravel.com\/wp-content\/uploads\/2018\/12\/Fishing-Trip-Hurghada-e1669479757911.jpg?fit=1200%2C675&ssl=1","width":1200,"height":675,"caption":"Fishing Trip Hurghada"},{"@type":"BreadcrumbList","@id":"https:\/\/landioustravel.com\/pt-pt\/shop\/viagem-de-pesca-em-hurghada\/#breadcrumb","itemListElement":[{"@type":"ListItem","position":1,"name":"Home","item":"https:\/\/landioustravel.com\/pt-pt\/"},{"@type":"ListItem","position":2,"name":"Servi\u00e7os e Passeios","item":"https:\/\/landioustravel.com\/pt-pt\/"},{"@type":"ListItem","position":3,"name":"Viagem de pesca em Hurghada"}]},{"@type":"WebSite","@id":"https:\/\/landioustravel.com\/pt-pt\/#website","url":"https:\/\/landioustravel.com\/pt-pt\/","name":"Landious Travel","description":"Excursions, trips and cruises in Egypt","publisher":{"@id":"https:\/\/landioustravel.com\/pt-pt\/#organization"},"potentialAction":[{"@type":"SearchAction","target":{"@type":"EntryPoint","urlTemplate":"https:\/\/landioustravel.com\/pt-pt\/?s={search_term_string}"},"query-input":{"@type":"PropertyValueSpecification","valueRequired":true,"valueName":"search_term_string"}}],"inLanguage":"pt-PT"},{"@type":["Organization","Place"],"@id":"https:\/\/landioustravel.com\/pt-pt\/#organization","name":"Landious Travel","alternateName":"Landious Travel","url":"https:\/\/landioustravel.com\/pt-pt\/","logo":{"@id":"https:\/\/landioustravel.com\/pt-pt\/shop\/viagem-de-pesca-em-hurghada\/#local-main-organization-logo"},"image":{"@id":"https:\/\/landioustravel.com\/pt-pt\/shop\/viagem-de-pesca-em-hurghada\/#local-main-organization-logo"},"sameAs":["https:\/\/web.facebook.com\/landiousEgypt","https:\/\/x.com\/LandiousTours","https:\/\/mastodon.social\/@landious"],"legalName":"Landious Travel","telephone":[],"openingHoursSpecification":[{"@type":"OpeningHoursSpecification","dayOfWeek":["Monday","Tuesday","Wednesday","Thursday","Friday","Saturday","Sunday"],"opens":"09:00","closes":"17:00"}]},{"@type":"ImageObject","inLanguage":"pt-PT","@id":"https:\/\/landioustravel.com\/pt-pt\/shop\/viagem-de-pesca-em-hurghada\/#local-main-organization-logo","url":"https:\/\/i0.wp.com\/landioustravel.com\/wp-content\/uploads\/2021\/06\/Landious-T.png?fit=500%2C500&ssl=1","contentUrl":"https:\/\/i0.wp.com\/landioustravel.com\/wp-content\/uploads\/2021\/06\/Landious-T.png?fit=500%2C500&ssl=1","width":500,"height":500,"caption":"Landious Travel"}]}},"jetpack_publicize_connections":[],"uagb_featured_image_src":{"full":["https:\/\/i0.wp.com\/landioustravel.com\/wp-content\/uploads\/2018\/12\/Fishing-Trip-Hurghada-e1669479757911.jpg?fit=1200%2C675&ssl=1",1200,675,false],"thumbnail":["https:\/\/i0.wp.com\/landioustravel.com\/wp-content\/uploads\/2018\/12\/Fishing-Trip-Hurghada-e1669479757911.jpg?resize=150%2C150&ssl=1",150,150,true],"medium":["https:\/\/i0.wp.com\/landioustravel.com\/wp-content\/uploads\/2018\/12\/Fishing-Trip-Hurghada-e1669479757911.jpg?fit=300%2C169&ssl=1",300,169,true],"medium_large":["https:\/\/i0.wp.com\/landioustravel.com\/wp-content\/uploads\/2018\/12\/Fishing-Trip-Hurghada-e1669479757911.jpg?fit=768%2C432&ssl=1",768,432,true],"large":["https:\/\/i0.wp.com\/landioustravel.com\/wp-content\/uploads\/2018\/12\/Fishing-Trip-Hurghada-e1669479757911.jpg?fit=980%2C551&ssl=1",980,551,true],"1536x1536":["https:\/\/i0.wp.com\/landioustravel.com\/wp-content\/uploads\/2018\/12\/Fishing-Trip-Hurghada-e1669479757911.jpg?fit=1200%2C675&ssl=1",1200,675,true],"2048x2048":["https:\/\/i0.wp.com\/landioustravel.com\/wp-content\/uploads\/2018\/12\/Fishing-Trip-Hurghada-e1669479757911.jpg?fit=1200%2C675&ssl=1",1200,675,true],"newspack-article-block-landscape-large":["https:\/\/i0.wp.com\/landioustravel.com\/wp-content\/uploads\/2018\/12\/Fishing-Trip-Hurghada-e1669479757911.jpg?resize=1200%2C675&ssl=1",1200,675,true],"newspack-article-block-portrait-large":["https:\/\/i0.wp.com\/landioustravel.com\/wp-content\/uploads\/2018\/12\/Fishing-Trip-Hurghada-e1669479757911.jpg?resize=900%2C675&ssl=1",900,675,true],"newspack-article-block-square-large":["https:\/\/i0.wp.com\/landioustravel.com\/wp-content\/uploads\/2018\/12\/Fishing-Trip-Hurghada-e1669479757911.jpg?resize=1200%2C675&ssl=1",1200,675,true],"newspack-article-block-landscape-medium":["https:\/\/i0.wp.com\/landioustravel.com\/wp-content\/uploads\/2018\/12\/Fishing-Trip-Hurghada-e1669479757911.jpg?resize=800%2C600&ssl=1",800,600,true],"newspack-article-block-portrait-medium":["https:\/\/i0.wp.com\/landioustravel.com\/wp-content\/uploads\/2018\/12\/Fishing-Trip-Hurghada-e1669479757911.jpg?resize=600%2C675&ssl=1",600,675,true],"newspack-article-block-square-medium":["https:\/\/i0.wp.com\/landioustravel.com\/wp-content\/uploads\/2018\/12\/Fishing-Trip-Hurghada-e1669479757911.jpg?resize=800%2C675&ssl=1",800,675,true],"newspack-article-block-landscape-intermediate":["https:\/\/i0.wp.com\/landioustravel.com\/wp-content\/uploads\/2018\/12\/Fishing-Trip-Hurghada-e1669479757911.jpg?resize=600%2C450&ssl=1",600,450,true],"newspack-article-block-portrait-intermediate":["https:\/\/i0.wp.com\/landioustravel.com\/wp-content\/uploads\/2018\/12\/Fishing-Trip-Hurghada-e1669479757911.jpg?resize=450%2C600&ssl=1",450,600,true],"newspack-article-block-square-intermediate":["https:\/\/i0.wp.com\/landioustravel.com\/wp-content\/uploads\/2018\/12\/Fishing-Trip-Hurghada-e1669479757911.jpg?resize=600%2C600&ssl=1",600,600,true],"newspack-article-block-landscape-small":["https:\/\/i0.wp.com\/landioustravel.com\/wp-content\/uploads\/2018\/12\/Fishing-Trip-Hurghada-e1669479757911.jpg?resize=400%2C300&ssl=1",400,300,true],"newspack-article-block-portrait-small":["https:\/\/i0.wp.com\/landioustravel.com\/wp-content\/uploads\/2018\/12\/Fishing-Trip-Hurghada-e1669479757911.jpg?resize=300%2C400&ssl=1",300,400,true],"newspack-article-block-square-small":["https:\/\/i0.wp.com\/landioustravel.com\/wp-content\/uploads\/2018\/12\/Fishing-Trip-Hurghada-e1669479757911.jpg?resize=400%2C400&ssl=1",400,400,true],"newspack-article-block-landscape-tiny":["https:\/\/i0.wp.com\/landioustravel.com\/wp-content\/uploads\/2018\/12\/Fishing-Trip-Hurghada-e1669479757911.jpg?resize=200%2C150&ssl=1",200,150,true],"newspack-article-block-portrait-tiny":["https:\/\/i0.wp.com\/landioustravel.com\/wp-content\/uploads\/2018\/12\/Fishing-Trip-Hurghada-e1669479757911.jpg?resize=150%2C200&ssl=1",150,200,true],"newspack-article-block-square-tiny":["https:\/\/i0.wp.com\/landioustravel.com\/wp-content\/uploads\/2018\/12\/Fishing-Trip-Hurghada-e1669479757911.jpg?resize=200%2C200&ssl=1",200,200,true],"newspack-article-block-uncropped":["https:\/\/i0.wp.com\/landioustravel.com\/wp-content\/uploads\/2018\/12\/Fishing-Trip-Hurghada-e1669479757911.jpg?fit=1200%2C675&ssl=1",1200,675,true],"woocommerce_thumbnail":["https:\/\/i0.wp.com\/landioustravel.com\/wp-content\/uploads\/2018\/12\/Fishing-Trip-Hurghada-e1669479757911.jpg?resize=324%2C324&ssl=1",324,324,true],"woocommerce_single":["https:\/\/i0.wp.com\/landioustravel.com\/wp-content\/uploads\/2018\/12\/Fishing-Trip-Hurghada-e1669479757911.jpg?fit=416%2C234&ssl=1",416,234,true],"woocommerce_gallery_thumbnail":["https:\/\/i0.wp.com\/landioustravel.com\/wp-content\/uploads\/2018\/12\/Fishing-Trip-Hurghada-e1669479757911.jpg?resize=100%2C100&ssl=1",100,100,true]},"uagb_author_info":{"display_name":"Mofreh Landious","author_link":"https:\/\/landioustravel.com\/pt-pt\/author\/"},"uagb_comment_info":3,"uagb_excerpt":"Junte-se a n\u00f3s para uma experi\u00eancia de pesca inesquec\u00edvel no Mar Vermelho e prepare o seu peixe na hora. A emo\u00e7\u00e3o da pescaria s\u00f3 se compara ao sabor delicioso da sua refei\u00e7\u00e3o fresca. O nosso barco ancorar\u00e1 em mar aberto, onde poder\u00e1 pescar diversos peixes. Ter\u00e1 a oportunidade de preparar e desfrutar da sua pescaria&hellip;","jetpack_sharing_enabled":true,"jetpack_likes_enabled":true,"amp_enabled":true,"_links":{"self":[{"href":"https:\/\/landioustravel.com\/pt-pt\/wp-json\/wp\/v2\/product\/152419","targetHints":{"allow":["GET"]}}],"collection":[{"href":"https:\/\/landioustravel.com\/pt-pt\/wp-json\/wp\/v2\/product"}],"about":[{"href":"https:\/\/landioustravel.com\/pt-pt\/wp-json\/wp\/v2\/types\/product"}],"replies":[{"embeddable":true,"href":"https:\/\/landioustravel.com\/pt-pt\/wp-json\/wp\/v2\/comments?post=152419"}],"wp:featuredmedia":[{"embeddable":true,"href":"https:\/\/landioustravel.com\/pt-pt\/wp-json\/wp\/v2\/media\/130202"}],"wp:attachment":[{"href":"https:\/\/landioustravel.com\/pt-pt\/wp-json\/wp\/v2\/media?parent=152419"}],"wp:term":[{"taxonomy":"product_brand","embeddable":true,"href":"https:\/\/landioustravel.com\/pt-pt\/wp-json\/wp\/v2\/product_brand?post=152419"},{"taxonomy":"product_cat","embeddable":true,"href":"https:\/\/landioustravel.com\/pt-pt\/wp-json\/wp\/v2\/product_cat?post=152419"},{"taxonomy":"product_tag","embeddable":true,"href":"https:\/\/landioustravel.com\/pt-pt\/wp-json\/wp\/v2\/product_tag?post=152419"}],"curies":[{"name":"wp","href":"https:\/\/api.w.org\/{rel}","templated":true}]}}