{"id":39585,"date":"2021-10-31T00:42:08","date_gmt":"2021-10-30T22:42:08","guid":{"rendered":"https:\/\/landioustravel.com\/?page_id=39585"},"modified":"2021-10-31T00:46:17","modified_gmt":"2021-10-30T22:46:17","slug":"despre-landious-travel","status":"publish","type":"page","link":"https:\/\/landioustravel.com\/ro\/despre-landious-travel\/","title":{"rendered":"Despre Landious Travel"},"content":{"rendered":"\n<p>Landious Travel este o companie turistic\u0103 care opereaz\u0103 \u00een Egipt. Este consilierul t\u0103u de c\u0103l\u0103torie \u00een Egipt. \u00cen plus, v\u0103 faciliteaz\u0103 munca s\u0103 v\u0103 lua\u021bi ghidul \u00een timpul vacan\u021bei \u00een aceast\u0103 \u021bar\u0103. Compania noastra ofera serviciile sale turistice in toata tara. \u00cen consecin\u021b\u0103, clien\u021bii pot primi aceste servicii \u00een sta\u021biunile de coast\u0103, de ex. Hurghada, Safaga, El-Quseir, Marsa Alam, Sharm El-Sheikh, Dahab \u0219i Taba. \u00cen plus, oferim serviciile noastre \u00een ora\u0219ele din Valea Nilului, de ex. Cairo, Aswan \u0219i Luxor. Landious Travel este unul dintre cei mai buni operatori de turism din Egipt. Turi\u0219tii \u0219i-au transmis comentariile despre Landious pentru a confirma acest fapt.<\/p>\n\n\n\n<h2 class=\"wp-block-heading\" id=\"h-aceast-pagin-despre-noi-spune-lumii\">Aceast\u0103 pagin\u0103 Despre noi spune lumii:<\/h2>\n\n\n\n<ul class=\"wp-block-list\"><li>Cine este Landious Travel?<\/li><li>Ce conteaz\u0103 pentru noi?<\/li><li>Ce face Landious Travel?<\/li><li>Cum face Landious Travel?<\/li><\/ul>\n\n\n\n<h2 class=\"wp-block-heading\">De ce turi\u0219tii aleg Landious Travel<\/h2>\n\n\n\n<p>Lucr\u0103m zi \u0219i noapte pentru a ne satisface clien\u021bii \u0219i a dezvolta serviciile primite prin intermediul nostru. De asemenea, credem c\u0103 facem o treab\u0103 grozav\u0103! Urm\u0103toarele sunt c\u00e2teva motive pentru care turi\u0219tii prefer\u0103 s\u0103 foloseasc\u0103 Landious Travel:<\/p>\n\n\n\n<ul class=\"wp-block-list\"><li>Experien\u021b\u0103: turi\u0219tii aleg compania noastr\u0103 pentru c\u0103 lucr\u0103m deja profesional de 15 ani.<\/li><li>\u00cencredere: turi\u0219tii au scris recenzii minunate despre noi pentru c\u0103 organiz\u0103m totul la nivel \u00eenalt.<\/li><li>Standard de servicii: compania noastr\u0103 caut\u0103 \u00eentotdeauna modalit\u0103\u021bi de a atinge cel mai \u00eenalt nivel de servicii de oferit clien\u021bilor no\u0219tri. Prin urmare, turi\u0219tii ob\u021bin cele mai vii impresii \u0219i emo\u021bii. \u00centr-adev\u0103r, am g\u00e2ndit totul p\u00e2n\u0103 la cel mai mic detaliu.<\/li><li>Preturi accesibile: ajutam turistii sa obtina servicii la preturi accesibile si cele mai bune.<\/li><li>Punctualitate: ne organiz\u0103m foarte clar serviciile pentru ca turi\u0219tii s\u0103 nu petreac\u0103 timp a\u0219tept\u00e2nd.<\/li><li>Serviciu de asisten\u021b\u0103: echipa noastr\u0103 lucreaz\u0103 zilnic, zi \u0219i noapte, astfel \u00eenc\u00e2t clien\u021bii no\u0219tri s\u0103 ne poat\u0103 contacta \u00een orice moment. Site-ul Landious Travel func\u021bioneaz\u0103 24 de ore pe zi, 7 zile pe s\u0103pt\u0103m\u00e2n\u0103. Desigur, oferim disponibilitatea de a rezerva \u0219i rezerva excursiile dumneavoastr\u0103 \u00een orice moment al zilei. \u0218i, de asemenea, agen\u021bii no\u0219tri v\u0103 vor r\u0103spunde la orice \u00eentreb\u0103ri despre aceste c\u0103l\u0103torii at\u00e2t prin chat online, c\u00e2t \u0219i prin apel.<\/li><li>De asemenea, Lista serviciilor: In lista serviciilor noastre, turistii vor gasi transferuri in\/spre diverse orase si statiuni. De asemenea, ei pot ob\u021bine o selec\u021bie uria\u0219\u0103 de excursii de grup\/individuale, tururi \u0219i croaziere pe Nil. \u00cen plus, compania asigur\u0103 \u00eenchirierea de iahturi \u0219i b\u0103rci, precum \u0219i achizi\u021bionarea de suveniruri.<\/li><\/ul>\n\n\n\n<h2 class=\"wp-block-heading\">Fondator<\/h2>\n\n\n\n<p>Celebrul ghid turistic Mofreh Landious este fondatorul Landious Travel. Pentru c\u0103 a petrecut mul\u021bi ani lucr\u00e2nd cu turi\u0219ti \u00een tot Egiptul, domnul Landious a visat \u00eentotdeauna s\u0103 \u00eenfiin\u021beze o companie de turism. Visul s-a \u00eemplinit \u00een 2017 c\u00e2nd a reu\u0219it s\u0103 \u00eenfiin\u021beze Landious Travel pentru a servi turistul care vine \u00een Egipt.<\/p>\n\n\n\n<p>La \u00eenceput, domnul Landious a conceput un mic site web pentru a contacta clien\u021bii care doresc s\u0103 viziteze sta\u021biunea Hurghada. Ulterior, \u00een 2017, compania a creat un alt site web modern pentru a se potrivi nevoilor clien\u021bilor. \u00cen plus, este \u00een cre\u0219tere rapid\u0103 pentru a servi turi\u0219tii care vin \u00een Egipt din 15 destina\u021bii mondiale \u00een limba lor matern\u0103. De asemenea, este flexibil \u0219i prietenos cu SEO. Mai mult, compania a inclus mai multe servicii \u0219i tururi \u00een \u0219apte ora\u0219e egiptene.<\/p>\n\n\n\n<p>Acum, domnul Landious ia pe umerii s\u0103i cele mai bune modalit\u0103\u021bi de a oferi servicii de calitate tuturor turi\u0219tilor. \u00centr-adev\u0103r, el te ajut\u0103 s\u0103-\u021bi iei ghidul \u00een Egipt. De asemenea, este un consilier onest \u0219i te po\u021bi baza pe el.<\/p>\n","protected":false},"excerpt":{"rendered":"<p>Landious Travel este o companie turistic\u0103 care opereaz\u0103 \u00een Egipt. Este consilierul t\u0103u de c\u0103l\u0103torie \u00een Egipt. \u00cen plus, v\u0103 faciliteaz\u0103 munca s\u0103 v\u0103 lua\u021bi ghidul \u00een timpul vacan\u021bei \u00een aceast\u0103 \u021bar\u0103. Compania noastra ofera serviciile sale turistice in toata tara. \u00cen consecin\u021b\u0103, clien\u021bii pot primi aceste servicii \u00een sta\u021biunile de coast\u0103, de ex. Hurghada, [&hellip;]<\/p>\n","protected":false},"author":1,"featured_media":39589,"parent":0,"menu_order":0,"comment_status":"open","ping_status":"closed","template":"","meta":{"_coblocks_attr":"","_coblocks_dimensions":"","_coblocks_responsive_height":"","_coblocks_accordion_ie_support":"","_uag_custom_page_level_css":"","footnotes":""},"class_list":["post-39585","page","type-page","status-publish","has-post-thumbnail","hentry"],"yoast_head":"<!-- This site is optimized with the Yoast SEO Premium plugin v26.9 (Yoast SEO v27.5) - https:\/\/yoast.com\/product\/yoast-seo-premium-wordpress\/ -->\n<title>Despre Landious Travel<\/title>\n<meta name=\"description\" content=\"Despre Landious Travel este o companie turistic\u0103 care opereaz\u0103 \u00een Egipt. Este consilierul t\u0103u de c\u0103l\u0103torie \u00een Egipt. \u00cen plus, v\u0103 faciliteaz\u0103\" \/>\n<meta name=\"robots\" content=\"index, follow, max-snippet:-1, max-image-preview:large, max-video-preview:-1\" \/>\n<link rel=\"canonical\" href=\"https:\/\/landioustravel.com\/ro\/despre-landious-travel\/\" \/>\n<meta property=\"og:locale\" content=\"ro_RO\" \/>\n<meta property=\"og:type\" content=\"article\" \/>\n<meta property=\"og:title\" content=\"Despre Landious Travel\" \/>\n<meta property=\"og:description\" content=\"Despre Landious Travel este o companie turistic\u0103 care opereaz\u0103 \u00een Egipt. Este consilierul t\u0103u de c\u0103l\u0103torie \u00een Egipt. \u00cen plus, v\u0103 faciliteaz\u0103\" \/>\n<meta property=\"og:url\" content=\"https:\/\/landioustravel.com\/ro\/despre-landious-travel\/\" \/>\n<meta property=\"og:site_name\" content=\"Landious Travel\" \/>\n<meta property=\"article:publisher\" content=\"https:\/\/web.facebook.com\/landiousEgypt\" \/>\n<meta property=\"article:modified_time\" content=\"2021-10-30T22:46:17+00:00\" \/>\n<meta property=\"og:image\" content=\"https:\/\/i0.wp.com\/landioustravel.com\/wp-content\/uploads\/2021\/10\/Despre-Landious-Travel-e1635633682462.jpg?fit=1200%2C675&ssl=1\" \/>\n\t<meta property=\"og:image:width\" content=\"1200\" \/>\n\t<meta property=\"og:image:height\" content=\"675\" \/>\n\t<meta property=\"og:image:type\" content=\"image\/jpeg\" \/>\n<meta name=\"twitter:card\" content=\"summary_large_image\" \/>\n<meta name=\"twitter:site\" content=\"@LandiousTours\" \/>\n<meta name=\"twitter:label1\" content=\"Timp estimat pentru citire\" \/>\n\t<meta name=\"twitter:data1\" content=\"3 minute\" \/>\n<script type=\"application\/ld+json\" class=\"yoast-schema-graph\">{\"@context\":\"https:\\\/\\\/schema.org\",\"@graph\":[{\"@type\":\"WebPage\",\"@id\":\"https:\\\/\\\/landioustravel.com\\\/ro\\\/despre-landious-travel\\\/\",\"url\":\"https:\\\/\\\/landioustravel.com\\\/ro\\\/despre-landious-travel\\\/\",\"name\":\"Despre Landious Travel\",\"isPartOf\":{\"@id\":\"https:\\\/\\\/landioustravel.com\\\/ro\\\/#website\"},\"primaryImageOfPage\":{\"@id\":\"https:\\\/\\\/landioustravel.com\\\/ro\\\/despre-landious-travel\\\/#primaryimage\"},\"image\":{\"@id\":\"https:\\\/\\\/landioustravel.com\\\/ro\\\/despre-landious-travel\\\/#primaryimage\"},\"thumbnailUrl\":\"https:\\\/\\\/i0.wp.com\\\/landioustravel.com\\\/wp-content\\\/uploads\\\/2021\\\/10\\\/Despre-Landious-Travel-e1635633682462.jpg?fit=1200%2C675&ssl=1\",\"datePublished\":\"2021-10-30T22:42:08+00:00\",\"dateModified\":\"2021-10-30T22:46:17+00:00\",\"description\":\"Despre Landious Travel este o companie turistic\u0103 care opereaz\u0103 \u00een Egipt. Este consilierul t\u0103u de c\u0103l\u0103torie \u00een Egipt. \u00cen plus, v\u0103 faciliteaz\u0103\",\"breadcrumb\":{\"@id\":\"https:\\\/\\\/landioustravel.com\\\/ro\\\/despre-landious-travel\\\/#breadcrumb\"},\"inLanguage\":\"ro-RO\",\"potentialAction\":[{\"@type\":\"ReadAction\",\"target\":[\"https:\\\/\\\/landioustravel.com\\\/ro\\\/despre-landious-travel\\\/\"]}]},{\"@type\":\"ImageObject\",\"inLanguage\":\"ro-RO\",\"@id\":\"https:\\\/\\\/landioustravel.com\\\/ro\\\/despre-landious-travel\\\/#primaryimage\",\"url\":\"https:\\\/\\\/i0.wp.com\\\/landioustravel.com\\\/wp-content\\\/uploads\\\/2021\\\/10\\\/Despre-Landious-Travel-e1635633682462.jpg?fit=1200%2C675&ssl=1\",\"contentUrl\":\"https:\\\/\\\/i0.wp.com\\\/landioustravel.com\\\/wp-content\\\/uploads\\\/2021\\\/10\\\/Despre-Landious-Travel-e1635633682462.jpg?fit=1200%2C675&ssl=1\",\"width\":1200,\"height\":675,\"caption\":\"Despre Landious Travel\"},{\"@type\":\"BreadcrumbList\",\"@id\":\"https:\\\/\\\/landioustravel.com\\\/ro\\\/despre-landious-travel\\\/#breadcrumb\",\"itemListElement\":[{\"@type\":\"ListItem\",\"position\":1,\"name\":\"Home\",\"item\":\"https:\\\/\\\/landioustravel.com\\\/ro\\\/\"},{\"@type\":\"ListItem\",\"position\":2,\"name\":\"Despre Landious Travel\"}]},{\"@type\":\"WebSite\",\"@id\":\"https:\\\/\\\/landioustravel.com\\\/ro\\\/#website\",\"url\":\"https:\\\/\\\/landioustravel.com\\\/ro\\\/\",\"name\":\"Landious Travel\",\"description\":\"Excursions, trips and cruises in Egypt\",\"publisher\":{\"@id\":\"https:\\\/\\\/landioustravel.com\\\/ro\\\/#organization\"},\"potentialAction\":[{\"@type\":\"SearchAction\",\"target\":{\"@type\":\"EntryPoint\",\"urlTemplate\":\"https:\\\/\\\/landioustravel.com\\\/ro\\\/?s={search_term_string}\"},\"query-input\":{\"@type\":\"PropertyValueSpecification\",\"valueRequired\":true,\"valueName\":\"search_term_string\"}}],\"inLanguage\":\"ro-RO\"},{\"@type\":[\"Organization\",\"Place\"],\"@id\":\"https:\\\/\\\/landioustravel.com\\\/ro\\\/#organization\",\"name\":\"Landious Travel\",\"alternateName\":\"Landious Travel\",\"url\":\"https:\\\/\\\/landioustravel.com\\\/ro\\\/\",\"logo\":{\"@id\":\"https:\\\/\\\/landioustravel.com\\\/ro\\\/despre-landious-travel\\\/#local-main-organization-logo\"},\"image\":{\"@id\":\"https:\\\/\\\/landioustravel.com\\\/ro\\\/despre-landious-travel\\\/#local-main-organization-logo\"},\"sameAs\":[\"https:\\\/\\\/web.facebook.com\\\/landiousEgypt\",\"https:\\\/\\\/x.com\\\/LandiousTours\",\"https:\\\/\\\/mastodon.social\\\/@landious\"],\"legalName\":\"Landious Travel\",\"telephone\":[],\"openingHoursSpecification\":[{\"@type\":\"OpeningHoursSpecification\",\"dayOfWeek\":[\"Monday\",\"Tuesday\",\"Wednesday\",\"Thursday\",\"Friday\",\"Saturday\",\"Sunday\"],\"opens\":\"09:00\",\"closes\":\"17:00\"}]},{\"@type\":\"ImageObject\",\"inLanguage\":\"ro-RO\",\"@id\":\"https:\\\/\\\/landioustravel.com\\\/ro\\\/despre-landious-travel\\\/#local-main-organization-logo\",\"url\":\"https:\\\/\\\/i0.wp.com\\\/landioustravel.com\\\/wp-content\\\/uploads\\\/2021\\\/06\\\/Landious-T.png?fit=500%2C500&ssl=1\",\"contentUrl\":\"https:\\\/\\\/i0.wp.com\\\/landioustravel.com\\\/wp-content\\\/uploads\\\/2021\\\/06\\\/Landious-T.png?fit=500%2C500&ssl=1\",\"width\":500,\"height\":500,\"caption\":\"Landious Travel\"}]}<\/script>\n<!-- \/ Yoast SEO Premium plugin. -->","yoast_head_json":{"title":"Despre Landious Travel","description":"Despre Landious Travel este o companie turistic\u0103 care opereaz\u0103 \u00een Egipt. Este consilierul t\u0103u de c\u0103l\u0103torie \u00een Egipt. \u00cen plus, v\u0103 faciliteaz\u0103","robots":{"index":"index","follow":"follow","max-snippet":"max-snippet:-1","max-image-preview":"max-image-preview:large","max-video-preview":"max-video-preview:-1"},"canonical":"https:\/\/landioustravel.com\/ro\/despre-landious-travel\/","og_locale":"ro_RO","og_type":"article","og_title":"Despre Landious Travel","og_description":"Despre Landious Travel este o companie turistic\u0103 care opereaz\u0103 \u00een Egipt. Este consilierul t\u0103u de c\u0103l\u0103torie \u00een Egipt. \u00cen plus, v\u0103 faciliteaz\u0103","og_url":"https:\/\/landioustravel.com\/ro\/despre-landious-travel\/","og_site_name":"Landious Travel","article_publisher":"https:\/\/web.facebook.com\/landiousEgypt","article_modified_time":"2021-10-30T22:46:17+00:00","og_image":[{"width":1200,"height":675,"url":"https:\/\/i0.wp.com\/landioustravel.com\/wp-content\/uploads\/2021\/10\/Despre-Landious-Travel-e1635633682462.jpg?fit=1200%2C675&ssl=1","type":"image\/jpeg"}],"twitter_card":"summary_large_image","twitter_site":"@LandiousTours","twitter_misc":{"Timp estimat pentru citire":"3 minute"},"schema":{"@context":"https:\/\/schema.org","@graph":[{"@type":"WebPage","@id":"https:\/\/landioustravel.com\/ro\/despre-landious-travel\/","url":"https:\/\/landioustravel.com\/ro\/despre-landious-travel\/","name":"Despre Landious Travel","isPartOf":{"@id":"https:\/\/landioustravel.com\/ro\/#website"},"primaryImageOfPage":{"@id":"https:\/\/landioustravel.com\/ro\/despre-landious-travel\/#primaryimage"},"image":{"@id":"https:\/\/landioustravel.com\/ro\/despre-landious-travel\/#primaryimage"},"thumbnailUrl":"https:\/\/i0.wp.com\/landioustravel.com\/wp-content\/uploads\/2021\/10\/Despre-Landious-Travel-e1635633682462.jpg?fit=1200%2C675&ssl=1","datePublished":"2021-10-30T22:42:08+00:00","dateModified":"2021-10-30T22:46:17+00:00","description":"Despre Landious Travel este o companie turistic\u0103 care opereaz\u0103 \u00een Egipt. Este consilierul t\u0103u de c\u0103l\u0103torie \u00een Egipt. \u00cen plus, v\u0103 faciliteaz\u0103","breadcrumb":{"@id":"https:\/\/landioustravel.com\/ro\/despre-landious-travel\/#breadcrumb"},"inLanguage":"ro-RO","potentialAction":[{"@type":"ReadAction","target":["https:\/\/landioustravel.com\/ro\/despre-landious-travel\/"]}]},{"@type":"ImageObject","inLanguage":"ro-RO","@id":"https:\/\/landioustravel.com\/ro\/despre-landious-travel\/#primaryimage","url":"https:\/\/i0.wp.com\/landioustravel.com\/wp-content\/uploads\/2021\/10\/Despre-Landious-Travel-e1635633682462.jpg?fit=1200%2C675&ssl=1","contentUrl":"https:\/\/i0.wp.com\/landioustravel.com\/wp-content\/uploads\/2021\/10\/Despre-Landious-Travel-e1635633682462.jpg?fit=1200%2C675&ssl=1","width":1200,"height":675,"caption":"Despre Landious Travel"},{"@type":"BreadcrumbList","@id":"https:\/\/landioustravel.com\/ro\/despre-landious-travel\/#breadcrumb","itemListElement":[{"@type":"ListItem","position":1,"name":"Home","item":"https:\/\/landioustravel.com\/ro\/"},{"@type":"ListItem","position":2,"name":"Despre Landious Travel"}]},{"@type":"WebSite","@id":"https:\/\/landioustravel.com\/ro\/#website","url":"https:\/\/landioustravel.com\/ro\/","name":"Landious Travel","description":"Excursions, trips and cruises in Egypt","publisher":{"@id":"https:\/\/landioustravel.com\/ro\/#organization"},"potentialAction":[{"@type":"SearchAction","target":{"@type":"EntryPoint","urlTemplate":"https:\/\/landioustravel.com\/ro\/?s={search_term_string}"},"query-input":{"@type":"PropertyValueSpecification","valueRequired":true,"valueName":"search_term_string"}}],"inLanguage":"ro-RO"},{"@type":["Organization","Place"],"@id":"https:\/\/landioustravel.com\/ro\/#organization","name":"Landious Travel","alternateName":"Landious Travel","url":"https:\/\/landioustravel.com\/ro\/","logo":{"@id":"https:\/\/landioustravel.com\/ro\/despre-landious-travel\/#local-main-organization-logo"},"image":{"@id":"https:\/\/landioustravel.com\/ro\/despre-landious-travel\/#local-main-organization-logo"},"sameAs":["https:\/\/web.facebook.com\/landiousEgypt","https:\/\/x.com\/LandiousTours","https:\/\/mastodon.social\/@landious"],"legalName":"Landious Travel","telephone":[],"openingHoursSpecification":[{"@type":"OpeningHoursSpecification","dayOfWeek":["Monday","Tuesday","Wednesday","Thursday","Friday","Saturday","Sunday"],"opens":"09:00","closes":"17:00"}]},{"@type":"ImageObject","inLanguage":"ro-RO","@id":"https:\/\/landioustravel.com\/ro\/despre-landious-travel\/#local-main-organization-logo","url":"https:\/\/i0.wp.com\/landioustravel.com\/wp-content\/uploads\/2021\/06\/Landious-T.png?fit=500%2C500&ssl=1","contentUrl":"https:\/\/i0.wp.com\/landioustravel.com\/wp-content\/uploads\/2021\/06\/Landious-T.png?fit=500%2C500&ssl=1","width":500,"height":500,"caption":"Landious Travel"}]}},"uagb_featured_image_src":{"full":["https:\/\/i0.wp.com\/landioustravel.com\/wp-content\/uploads\/2021\/10\/Despre-Landious-Travel-e1635633682462.jpg?fit=1200%2C675&ssl=1",1200,675,false],"thumbnail":["https:\/\/i0.wp.com\/landioustravel.com\/wp-content\/uploads\/2021\/10\/Despre-Landious-Travel-e1635633682462.jpg?resize=150%2C150&ssl=1",150,150,true],"medium":["https:\/\/i0.wp.com\/landioustravel.com\/wp-content\/uploads\/2021\/10\/Despre-Landious-Travel-e1635633682462.jpg?fit=300%2C169&ssl=1",300,169,true],"medium_large":["https:\/\/i0.wp.com\/landioustravel.com\/wp-content\/uploads\/2021\/10\/Despre-Landious-Travel-e1635633682462.jpg?fit=768%2C432&ssl=1",768,432,true],"large":["https:\/\/i0.wp.com\/landioustravel.com\/wp-content\/uploads\/2021\/10\/Despre-Landious-Travel-e1635633682462.jpg?fit=980%2C551&ssl=1",980,551,true],"1536x1536":["https:\/\/i0.wp.com\/landioustravel.com\/wp-content\/uploads\/2021\/10\/Despre-Landious-Travel-e1635633682462.jpg?fit=1536%2C864&ssl=1",1536,864,true],"2048x2048":["https:\/\/i0.wp.com\/landioustravel.com\/wp-content\/uploads\/2021\/10\/Despre-Landious-Travel-e1635633682462.jpg?fit=2048%2C1152&ssl=1",2048,1152,true],"newspack-article-block-landscape-large":["https:\/\/i0.wp.com\/landioustravel.com\/wp-content\/uploads\/2021\/10\/Despre-Landious-Travel-e1635633682462.jpg?resize=1200%2C675&ssl=1",1200,900,true],"newspack-article-block-portrait-large":["https:\/\/i0.wp.com\/landioustravel.com\/wp-content\/uploads\/2021\/10\/Despre-Landious-Travel-e1635633682462.jpg?resize=900%2C675&ssl=1",900,1200,true],"newspack-article-block-square-large":["https:\/\/i0.wp.com\/landioustravel.com\/wp-content\/uploads\/2021\/10\/Despre-Landious-Travel-e1635633682462.jpg?resize=1200%2C675&ssl=1",1200,1200,true],"newspack-article-block-landscape-medium":["https:\/\/i0.wp.com\/landioustravel.com\/wp-content\/uploads\/2021\/10\/Despre-Landious-Travel-e1635633682462.jpg?resize=800%2C600&ssl=1",800,600,true],"newspack-article-block-portrait-medium":["https:\/\/i0.wp.com\/landioustravel.com\/wp-content\/uploads\/2021\/10\/Despre-Landious-Travel-e1635633682462.jpg?resize=600%2C675&ssl=1",600,800,true],"newspack-article-block-square-medium":["https:\/\/i0.wp.com\/landioustravel.com\/wp-content\/uploads\/2021\/10\/Despre-Landious-Travel-e1635633682462.jpg?resize=800%2C675&ssl=1",800,800,true],"newspack-article-block-landscape-intermediate":["https:\/\/i0.wp.com\/landioustravel.com\/wp-content\/uploads\/2021\/10\/Despre-Landious-Travel-e1635633682462.jpg?resize=600%2C450&ssl=1",600,450,true],"newspack-article-block-portrait-intermediate":["https:\/\/i0.wp.com\/landioustravel.com\/wp-content\/uploads\/2021\/10\/Despre-Landious-Travel-e1635633682462.jpg?resize=450%2C600&ssl=1",450,600,true],"newspack-article-block-square-intermediate":["https:\/\/i0.wp.com\/landioustravel.com\/wp-content\/uploads\/2021\/10\/Despre-Landious-Travel-e1635633682462.jpg?resize=600%2C600&ssl=1",600,600,true],"newspack-article-block-landscape-small":["https:\/\/i0.wp.com\/landioustravel.com\/wp-content\/uploads\/2021\/10\/Despre-Landious-Travel-e1635633682462.jpg?resize=400%2C300&ssl=1",400,300,true],"newspack-article-block-portrait-small":["https:\/\/i0.wp.com\/landioustravel.com\/wp-content\/uploads\/2021\/10\/Despre-Landious-Travel-e1635633682462.jpg?resize=300%2C400&ssl=1",300,400,true],"newspack-article-block-square-small":["https:\/\/i0.wp.com\/landioustravel.com\/wp-content\/uploads\/2021\/10\/Despre-Landious-Travel-e1635633682462.jpg?resize=400%2C400&ssl=1",400,400,true],"newspack-article-block-landscape-tiny":["https:\/\/i0.wp.com\/landioustravel.com\/wp-content\/uploads\/2021\/10\/Despre-Landious-Travel-e1635633682462.jpg?resize=200%2C150&ssl=1",200,150,true],"newspack-article-block-portrait-tiny":["https:\/\/i0.wp.com\/landioustravel.com\/wp-content\/uploads\/2021\/10\/Despre-Landious-Travel-e1635633682462.jpg?resize=150%2C200&ssl=1",150,200,true],"newspack-article-block-square-tiny":["https:\/\/i0.wp.com\/landioustravel.com\/wp-content\/uploads\/2021\/10\/Despre-Landious-Travel-e1635633682462.jpg?resize=200%2C200&ssl=1",200,200,true],"newspack-article-block-uncropped":["https:\/\/i0.wp.com\/landioustravel.com\/wp-content\/uploads\/2021\/10\/Despre-Landious-Travel-e1635633682462.jpg?fit=1200%2C675&ssl=1",1200,675,true],"woocommerce_thumbnail":["https:\/\/i0.wp.com\/landioustravel.com\/wp-content\/uploads\/2021\/10\/Despre-Landious-Travel-e1635633682462.jpg?resize=324%2C324&ssl=1",324,324,true],"woocommerce_single":["https:\/\/i0.wp.com\/landioustravel.com\/wp-content\/uploads\/2021\/10\/Despre-Landious-Travel-e1635633682462.jpg?fit=416%2C234&ssl=1",416,234,true],"woocommerce_gallery_thumbnail":["https:\/\/i0.wp.com\/landioustravel.com\/wp-content\/uploads\/2021\/10\/Despre-Landious-Travel-e1635633682462.jpg?resize=100%2C100&ssl=1",100,100,true]},"uagb_author_info":{"display_name":"Mofreh Landious","author_link":"https:\/\/landioustravel.com\/ro\/author\/landious\/"},"uagb_comment_info":0,"uagb_excerpt":"Landious Travel este o companie turistic\u0103 care opereaz\u0103 \u00een Egipt. Este consilierul t\u0103u de c\u0103l\u0103torie \u00een Egipt. \u00cen plus, v\u0103 faciliteaz\u0103 munca s\u0103 v\u0103 lua\u021bi ghidul \u00een timpul vacan\u021bei \u00een aceast\u0103 \u021bar\u0103. Compania noastra ofera serviciile sale turistice in toata tara. \u00cen consecin\u021b\u0103, clien\u021bii pot primi aceste servicii \u00een sta\u021biunile de coast\u0103, de ex. Hurghada,&hellip;","jetpack_sharing_enabled":true,"jetpack_shortlink":"https:\/\/wp.me\/Par4r5-ait","jetpack_likes_enabled":true,"amp_enabled":true,"_links":{"self":[{"href":"https:\/\/landioustravel.com\/ro\/wp-json\/wp\/v2\/pages\/39585","targetHints":{"allow":["GET"]}}],"collection":[{"href":"https:\/\/landioustravel.com\/ro\/wp-json\/wp\/v2\/pages"}],"about":[{"href":"https:\/\/landioustravel.com\/ro\/wp-json\/wp\/v2\/types\/page"}],"author":[{"embeddable":true,"href":"https:\/\/landioustravel.com\/ro\/wp-json\/wp\/v2\/users\/1"}],"replies":[{"embeddable":true,"href":"https:\/\/landioustravel.com\/ro\/wp-json\/wp\/v2\/comments?post=39585"}],"version-history":[{"count":0,"href":"https:\/\/landioustravel.com\/ro\/wp-json\/wp\/v2\/pages\/39585\/revisions"}],"wp:featuredmedia":[{"embeddable":true,"href":"https:\/\/landioustravel.com\/ro\/wp-json\/wp\/v2\/media\/39589"}],"wp:attachment":[{"href":"https:\/\/landioustravel.com\/ro\/wp-json\/wp\/v2\/media?parent=39585"}],"curies":[{"name":"wp","href":"https:\/\/api.w.org\/{rel}","templated":true}]}}