{"id":40185,"date":"2021-12-19T01:39:52","date_gmt":"2021-12-18T23:39:52","guid":{"rendered":"https:\/\/landioustravel.com\/?page_id=40185"},"modified":"2021-12-19T01:39:59","modified_gmt":"2021-12-18T23:39:59","slug":"insulele-giftun","status":"publish","type":"page","link":"https:\/\/landioustravel.com\/ro\/egipt\/insulele-marii\/insulele-giftun\/","title":{"rendered":"Insulele Giftun"},"content":{"rendered":"\n<p>\u00cen Rezerva\u021biile M\u0103rii Ro\u0219ii, Insula Giftun se afl\u0103 \u00een Rezerva\u021bia Insulelor de Nord. Acest parc na\u021bional este renumit pentru recifele de corali distinctive care \u00eemb\u0103tr\u00e2nesc mult \u00een trecut. De asemenea, aceste insule g\u0103zduiesc recife rare de pe\u0219ti pe care turi\u0219tii le place s\u0103 le vad\u0103 atunci c\u00e2nd se scufund\u0103 \u00een marea din jurul lor. Mai mult, locul este bogat cu stoluri de delfini pe care turi\u0219tii vin special s\u0103 le viziteze \u00een toat\u0103 lumea.<\/p>\n\n\n\n<h2 class=\"wp-block-heading\" id=\"h-loca\u021bia-insulelor-giftun\">Loca\u021bia insulelor Giftun<\/h2>\n\n\n\n<p>Insulele Giftun exist\u0103 \u00een Marea Ro\u0219ie de-a lungul \u021b\u0103rmului ora\u0219ului Hurghada, gubernia Al-Barhr Al-Ahmar \u2013 <a href=\"https:\/\/landioustravel.com\/ro\/egipt\/\">Egipt<\/a>. Insula Giftun este cea mai faimoas\u0103 <a href=\"https:\/\/landioustravel.com\/ro\/egipt\/insulele-marii\/\">insul\u0103<\/a> de la Marea Ro\u0219ie \u0219i cea mai important\u0103 activitate turistic\u0103 \u0219i de mediu. Se afl\u0103 la aproximativ 11 kilometri est de coasta Hurghada. \u00cen plus, este singura insul\u0103, dintre cele 39 de insule, autorizat\u0103 s\u0103 primeasc\u0103 activit\u0103\u021bi marine pe teritoriile sale. \u00cen plus, aceste insule fac parte dintr-o rezerva\u021bie marin\u0103 din Marea Ro\u0219ie, cu recife de corali spectaculoase \u0219i sc\u0103p\u0103ri. Guvernul egiptean a declarat aceste insule Giftun o zon\u0103 protejat\u0103 din 1995.<\/p>\n\n\n\n<h2 class=\"wp-block-heading\">Geografia insulelor Giftun<\/h2>\n\n\n\n<p>Insulele se num\u0103r\u0103 printre insulele maritime egiptene situate de-a lungul \u021b\u0103rmului M\u0103rii Ro\u0219ii. Aceste insule sunt dou\u0103 separate \u2013 Big Giftun \u0219i Small Giftun. Prima \u2013 Insula Big Giftun, are a doua zon\u0103 ca m\u0103rime dup\u0103 Insula Shadwan. \u00cen plus, ambele insule fac parte dintr-un arhipelag mai extins, incluz\u00e2nd \u00eenc\u0103 o insul\u0103 &#8211; Abu Monqar. \u00cen plus, au compozi\u021bii geologice rare \u0219i intensitate a rocii.<\/p>\n\n\n\n<p>Opera\u021biunile de spargere au separat insula Giftun \u00een Small Giftun \u0219i Grand Giftun (cea mai mare insul\u0103 a grupului Giftun). Grand Giftun are o suprafa\u021b\u0103 de 18 km2. Se \u00eentinde \u00een form\u0103 longitudinal\u0103 la aproximativ 11 km de coasta Hurghada. Lungimea firului este de 34 km. Totu\u0219i, Small Giftun are o suprafa\u021b\u0103 de 3 km2, situat\u0103 \u00een partea de sud-est a Grand Giftun. Are o coast\u0103 de 8 km lungime \u0219i se \u00eentinde mai lat spre sud dec\u00e2t spre nord.<\/p>\n\n\n\n<p>Insulele sunt renumite pentru recifele lor rare de corali, pe\u0219tii colora\u021bi \u0219i p\u0103s\u0103rile extraordinare. \u00cen apropierea acestor dou\u0103 insule, Banana Reef, Sha\u2019ab Sabrina, Erg Somaya \u0219i Sha\u2019ab Torfa se num\u0103r\u0103 printre faimoasele locuri de recif din Hurghada. De asemenea, via\u021ba marin\u0103 din jurul acestor insule este una dintre cele mai bogate din Marea Ro\u0219ie. Are peste 196 de tipuri de recife de corali solide. Aceste recife reprezint\u0103 aproximativ 80% din biodiversitatea recifelor de corali din Marea Ro\u0219ie. De asemenea, \u00een acele recife de corali tr\u0103iesc peste 794 de specii de pe\u0219ti. \u00cen consecin\u021b\u0103, acest num\u0103r de pe\u0219ti reprezint\u0103 aproximativ 65% din biodiversitatea pe\u0219tilor.<\/p>\n\n\n\n<h2 class=\"wp-block-heading\">P\u0103s\u0103ri rare pe insule<\/h2>\n\n\n\n<p>De remarcat faptul c\u0103 pe insul\u0103 exist\u0103 dou\u0103 tipuri de p\u0103s\u0103ri care se confrunt\u0103 cu pericolul de dispari\u021bie. Aceste p\u0103s\u0103ri sunt Kittiwake \u0219i un anumit tip de vulturi. Una dintre rarele \u021bestoase tr\u0103ie\u0219te \u0219i pe plajele acestei insule.<\/p>\n\n\n\n<p>Insula Giftun este prima rezerva\u021bie natural\u0103 din Marea Ro\u0219ie. \u00cen acela\u0219i timp, este unul dintre cele mai importante habitate naturale pentru pesc\u0103ru\u0219i. Teoretic, existau statistici vechi care erau sigure c\u0103 aproximativ 50% dintre pesc\u0103ru\u0219ii din lume tr\u0103iau \u00een el.<\/p>\n\n\n\n<h2 class=\"wp-block-heading\">Importan\u021ba insulelor Gifun<\/h2>\n\n\n\n<p>Aceste insule ocup\u0103 o pozi\u021bie turistic\u0103 \u0219i economic\u0103 foarte distins\u0103. Motivul din spatele acestui fapt, insula Big Giftun este unul dintre cele mai importante locuri de scufund\u0103ri de l\u00e2ng\u0103 \u021b\u0103rmul Hurghada. Aceast\u0103 insul\u0103 are paisprezece dintre cele mai bune locuri de scufund\u0103ri \u00een apropiere! \u00cen al doilea r\u00e2nd, insula Big Giftun atrage un num\u0103r mare de turi\u0219ti \u00een fiecare an.<\/p>\n\n\n\n<p>Pentru importan\u021ba sa ca destina\u021bie turistic\u0103, companiile turistice au dotat insula cu c\u00e2teva facilit\u0103\u021bi pe trei locuri diferite \u2013 plaje. Respectiv, numim aceste locuri \u201eParadise Island\u201d, \u201eMahmya Island\u201d \u0219i \u201eOrange Island\u201d. Numele plajelor sunt \u00een\u0219el\u0103toare! Se poate concepe ca \u0219i cum ar fi nume originale pentru aceast\u0103 insul\u0103. Uneori, poate suna c\u0103 se refer\u0103 la diferite insule. Cunoscut\u0103 popular sub numele de Insula Paradisului, plaja face parte din Big Giftun, situat\u0103 pe coasta sa de sud.<\/p>\n\n\n\n<h2 class=\"wp-block-heading\">Locuri de vizitat pe insula Grand Giftun<\/h2>\n\n\n\n<p>Insula Grand Giftun are patru plaje pentru activit\u0103\u021bi turistice. Aceste locuri sunt plaja public\u0103 a insula Giftun, plaja Organe, plaja Paradise \u0219i plaja Mahmya. Pe primul loc, plaja public\u0103 Giftun, nu are echipament. Cu toate acestea, celelalte trei plaje sunt private \u0219i au unele echipamente pentru a ad\u0103uga mai mult confort turi\u0219tilor care viziteaz\u0103 insula \u00een timpul zilei.<\/p>\n\n\n\n<ul class=\"wp-block-list\"><li>Giftun Island Public Beach este un loc de plaj\u0103 pe insul\u0103 unde turi\u0219tii petrec timp f\u0103c\u00e2nd plaj\u0103 \u0219i snorkeling.<\/li><li>Orange Beach, numit\u0103 \u0219i Orange Bay, este un mic golf asem\u0103n\u0103tor portocaliului de pe insula Grand Giftun. Exist\u0103 \u00een mijlocul insulei la vest. Plaja este cu nisip moale alb ca z\u0103pada. Aceast\u0103 plaj\u0103 privat\u0103 este cea mai nou\u0103 de pe insul\u0103. Ofer\u0103 c\u00e2teva facilit\u0103\u021bi vizitatorilor, inclusiv corturi, \u0219ezlonguri \u0219i un restaurant. \u00cen mod excep\u021bional, plaja are leag\u0103ne \u00een ap\u0103 pu\u021bin ad\u00e2nc\u0103.<\/li><li>Paradise Beach, numit\u0103 \u0219i Paradise Island, este o plaj\u0103 larg\u0103 de pe insula Grand Giftun. Exist\u0103 \u00een sudul insulei. Plaja este nisip moale ca auriu. Aceast\u0103 plaj\u0103 privat\u0103 ofer\u0103 turi\u0219tilor multe facilit\u0103\u021bi pe teritoriile sale, de ex. toalete, corturi, \u0219ezlonguri \u0219i restaurante.<\/li><li>Plaja Mahmya, numit\u0103 \u0219i insula Mahmya, are o loca\u021bie frumoas\u0103 pe insula Grand Giftun. Exist\u0103 \u00een sudul insulei. Aceast\u0103 plaj\u0103 are nisip auriu, iar \u00een spatele ei se afl\u0103 un mic munte. Mahmya ofer\u0103, de asemenea, mai multe facilit\u0103\u021bi turi\u0219tilor care viziteaz\u0103 locul.<\/li><\/ul>\n\n\n\n<h2 class=\"wp-block-heading\">Activit\u0103\u021bi pe insula Grand Giftun<\/h2>\n\n\n\n<p>Insula Giftun este renumit\u0103 pentru recifele de corali. Mul\u021bi turi\u0219ti \u00eel viziteaz\u0103 anual pentru a se bucura de priveli\u0219tea pitoreasc\u0103 \u0219i pentru a practica scufund\u0103ri \u0219i pescuit. Prin urmare, c\u0103l\u0103toriile se \u00eendreapt\u0103 de la Hurghada, precum \u0219i de la Safaga, c\u0103tre aceast\u0103 insul\u0103.<\/p>\n\n\n\n<p>Toate companiile de turism \u0219i oficiile de turism plaseaz\u0103 excursia pe Insula Giftun \u00een topul activit\u0103\u021bilor pe mare prezentate turi\u0219tilor.<\/p>\n\n\n\n<p>C\u0103l\u0103torii se \u00eendreapt\u0103 spre acest loc minunat pentru snorkeling, scufund\u0103ri \u0219i plaj\u0103 pe plajele curate \u0219i protejate ale celor dou\u0103 insule. Majoritatea vizitatorilor insulelor Giftun ajung ca parte a excursiilor organizate cu barca din Hurghada. Majoritatea excursiilor de o zi includ pr\u00e2nzul \u0219i orice echipament necesar pentru snorkeling. De asemenea, scafandrii certificati pot rezerva o excursie de scufundare cu ghid. Acest loc \u00eei atac\u0103 pentru a privi gr\u0103dinile de corali, \u021bestoasele marine, patine \u0219i alte vie\u021bi marine. Aceste excursii de o zi pe insule dureaz\u0103 de obicei \u0219ase p\u00e2n\u0103 la opt ore, \u00een func\u021bie de activit\u0103\u021bile incluse.<\/p>\n\n\n\n<p>Insula Giftun este cea mai faimoas\u0103 insul\u0103 printre turi\u0219ti. \u00centr-adev\u0103r, este renumit pentru plajele sale de nisip distinctive \u0219i apele limpezi care o deosebesc de alte insule. \u00cen acest scop, b\u0103rcile navigheaz\u0103 zilnic c\u0103tre \u021b\u0103rmurile acestei insule pentru a permite turi\u0219tilor s\u0103 petreac\u0103 ziua.<\/p>\n\n\n\n<p>\u00centr-adev\u0103r, Insula Giftun atrage zilnic sute de turi\u0219ti. Acest loc le permite s\u0103 petreac\u0103 o zi \u00een lini\u0219te pe plajele pitore\u0219ti cu nisip alb. De asemenea, pot \u00eenota pentru a vedea pe\u0219ti rari de recif. Este printre rezisten\u021bele primare care au f\u0103cut din Hurghada o destina\u021bie turistic\u0103 preferat\u0103 \u00een \u00eentreaga lume.<\/p>\n\n\n\n<h2 class=\"wp-block-heading\">Importan\u021ba turistic\u0103 a insulei<\/h2>\n\n\n\n<p>\u00cen plus, un num\u0103r enorm de b\u0103rci \u0219i lans\u0103ri care merg zilnic la el. Include, de asemenea, un grup de recife de corali rare \u0219i diferite organisme marine care apar \u00een apropierea \u021b\u0103rmurilor sale.<\/p>\n\n\n\n<h3 class=\"wp-block-heading\">Scufund\u0103ri<\/h3>\n\n\n\n<p>Insula Giftun este alegerea ta excelent\u0103 pentru scufund\u0103ri. Scufundarea \u00een acest loc v\u0103 va permite s\u0103 vede\u021bi coralii tari \u0219i moi, napoleon \u0219i pe\u0219tii papagal. Dac\u0103 ave\u021bi pu\u021bin noroc, ve\u021bi vedea pe\u0219tele papagal cu cap de bivol.<\/p>\n\n\n\n<h3 class=\"wp-block-heading\">Site-uri de scufundare<\/h3>\n\n\n\n<p>Exist\u0103 un platou la sud de Giftun cu o \u00een\u0103l\u021bime de 15 p\u00e2n\u0103 la 25 de metri. Acest platou devine un raft \u00eentins care formeaz\u0103 \u00een continuare un zid \u00eenalt sub mare.<\/p>\n\n\n\n<p>\u00cen partea de sud a ora\u0219ului Giftun exist\u0103 acostare. Dac\u0103 da, va trebui s\u0103 arunca\u021bi \u00een ap\u0103 l\u00e2ng\u0103 un perete vertical. \u0218i apoi urmezi curentul spre sud. De\u0219i scafandrii pot ajunge pe platou folosind sistemul de acostare, \u00een deriv\u0103 este alegerea de preferat \u0219i natural\u0103.<\/p>\n\n\n\n<p>Zidul estic coboar\u0103 abrupt la ad\u00e2ncimi mari. Este foarte ascu\u021bit, iar profilul s\u0103u st\u00e2ncos con\u021bine mai multe pe\u0219teri interesante. Unele dintre aceste pe\u0219teri se afl\u0103 foarte ad\u00e2nc.<\/p>\n\n\n\n<p>Reciful principal se \u00eendoaie u\u0219or spre vestul platoului; drop-off creeaz\u0103 un aspect \u00een zig-zag. La aproximativ 15 metri mai ad\u00e2nc, exist\u0103 un tunel spectaculos. V\u0103 rug\u0103m s\u0103 re\u021bine\u021bi c\u0103 scafandrii de agrement nu pot face aceast\u0103 scufundare.<\/p>\n\n\n\n<p>Peste tot cursul, gorgoane uria\u0219e curg \u00een curent de parc\u0103 te-ar primi \u00eentr-o jungl\u0103 subacvatic\u0103. Platoul \u00een sine de la Giftun este o gr\u0103din\u0103 de corali pe jum\u0103tate acoperit\u0103. \u00cen cele din urm\u0103, duce p\u00e2n\u0103 la p\u0103r\u021bile mai pu\u021bin ad\u00e2nci ale peretelui.<\/p>\n\n\n\n<p>Vastele gorgoane leg\u0103n\u0103toare creeaz\u0103 iluzia unei jungle subacvatice. Serve\u0219te ca o perdea transparent\u0103 tras\u0103 pentru pe\u0219tii \u0219oim cu nas lung, ademenind prada lor. Uneori, broa\u0219tele testoase plutesc peste p\u0103durea de corali, precum \u0219i napoleonul. Giftun este, de asemenea, priveli\u0219tea murenelor care traverseaz\u0103 peretele. Pe l\u00e2ng\u0103 asta, specii pelagice precum barracuda \u0219i tonul patruleaz\u0103 pe site.<\/p>\n\n\n\n<p>Marea de aici este plin\u0103 de via\u021b\u0103 acvatic\u0103, pe\u0219ti colora\u021bi \u0219i corali frumo\u0219i, toate gata pentru a fi explorate.<\/p>\n\n\n\n<p>Marea din jurul insulei Giftun se confrunt\u0103 uneori cu curen\u021bi puternici. Prin urmare, recomand\u0103m cu c\u0103ldur\u0103 scafandrii s\u0103 experimenteze o scufundare ad\u00e2nc\u0103 \u00een pere\u021bi \u00een loc.<\/p>\n","protected":false},"excerpt":{"rendered":"<p>\u00cen Rezerva\u021biile M\u0103rii Ro\u0219ii, Insula Giftun se afl\u0103 \u00een Rezerva\u021bia Insulelor de Nord. Acest parc na\u021bional este renumit pentru recifele de corali distinctive care \u00eemb\u0103tr\u00e2nesc mult \u00een trecut. De asemenea, aceste insule g\u0103zduiesc recife rare de pe\u0219ti pe care turi\u0219tii le place s\u0103 le vad\u0103 atunci c\u00e2nd se scufund\u0103 \u00een marea din jurul lor. Mai [&hellip;]<\/p>\n","protected":false},"author":1,"featured_media":0,"parent":40175,"menu_order":0,"comment_status":"open","ping_status":"closed","template":"","meta":{"_coblocks_attr":"","_coblocks_dimensions":"","_coblocks_responsive_height":"","_coblocks_accordion_ie_support":"","_uag_custom_page_level_css":"","footnotes":""},"class_list":["post-40185","page","type-page","status-publish","hentry"],"yoast_head":"<!-- This site is optimized with the Yoast SEO Premium plugin v26.9 (Yoast SEO v27.4) - https:\/\/yoast.com\/product\/yoast-seo-premium-wordpress\/ -->\n<title>Insulele Giftun<\/title>\n<meta name=\"description\" content=\"Insulele Giftun \u00cen Rezerva\u021biile M\u0103rii Ro\u0219ii, Insula Giftun se afl\u0103 \u00een Rezerva\u021bia Insulelor de Nord. Acest parc na\u021bional este renumit pentru\" \/>\n<meta name=\"robots\" content=\"index, follow, max-snippet:-1, max-image-preview:large, max-video-preview:-1\" \/>\n<link rel=\"canonical\" href=\"https:\/\/landioustravel.com\/ro\/egipt\/insulele-marii\/insulele-giftun\/\" \/>\n<meta property=\"og:locale\" content=\"ro_RO\" \/>\n<meta property=\"og:type\" content=\"article\" \/>\n<meta property=\"og:title\" content=\"Insulele Giftun\" \/>\n<meta property=\"og:description\" content=\"Insulele Giftun \u00cen Rezerva\u021biile M\u0103rii Ro\u0219ii, Insula Giftun se afl\u0103 \u00een Rezerva\u021bia Insulelor de Nord. Acest parc na\u021bional este renumit pentru\" \/>\n<meta property=\"og:url\" content=\"https:\/\/landioustravel.com\/ro\/egipt\/insulele-marii\/insulele-giftun\/\" \/>\n<meta property=\"og:site_name\" content=\"Landious Travel\" \/>\n<meta property=\"article:publisher\" content=\"https:\/\/web.facebook.com\/landiousEgypt\" \/>\n<meta property=\"article:modified_time\" content=\"2021-12-18T23:39:59+00:00\" \/>\n<meta name=\"twitter:card\" content=\"summary_large_image\" \/>\n<meta name=\"twitter:site\" content=\"@LandiousTours\" \/>\n<meta name=\"twitter:label1\" content=\"Timp estimat pentru citire\" \/>\n\t<meta name=\"twitter:data1\" content=\"9 minute\" \/>\n<script type=\"application\/ld+json\" class=\"yoast-schema-graph\">{\"@context\":\"https:\\\/\\\/schema.org\",\"@graph\":[{\"@type\":\"WebPage\",\"@id\":\"https:\\\/\\\/landioustravel.com\\\/ro\\\/egipt\\\/insulele-marii\\\/insulele-giftun\\\/\",\"url\":\"https:\\\/\\\/landioustravel.com\\\/ro\\\/egipt\\\/insulele-marii\\\/insulele-giftun\\\/\",\"name\":\"Insulele Giftun\",\"isPartOf\":{\"@id\":\"https:\\\/\\\/landioustravel.com\\\/ro\\\/#website\"},\"datePublished\":\"2021-12-18T23:39:52+00:00\",\"dateModified\":\"2021-12-18T23:39:59+00:00\",\"description\":\"Insulele Giftun \u00cen Rezerva\u021biile M\u0103rii Ro\u0219ii, Insula Giftun se afl\u0103 \u00een Rezerva\u021bia Insulelor de Nord. Acest parc na\u021bional este renumit pentru\",\"breadcrumb\":{\"@id\":\"https:\\\/\\\/landioustravel.com\\\/ro\\\/egipt\\\/insulele-marii\\\/insulele-giftun\\\/#breadcrumb\"},\"inLanguage\":\"ro-RO\",\"potentialAction\":[{\"@type\":\"ReadAction\",\"target\":[\"https:\\\/\\\/landioustravel.com\\\/ro\\\/egipt\\\/insulele-marii\\\/insulele-giftun\\\/\"]}]},{\"@type\":\"BreadcrumbList\",\"@id\":\"https:\\\/\\\/landioustravel.com\\\/ro\\\/egipt\\\/insulele-marii\\\/insulele-giftun\\\/#breadcrumb\",\"itemListElement\":[{\"@type\":\"ListItem\",\"position\":1,\"name\":\"Home\",\"item\":\"https:\\\/\\\/landioustravel.com\\\/ro\\\/\"},{\"@type\":\"ListItem\",\"position\":2,\"name\":\"Egipt\",\"item\":\"https:\\\/\\\/landioustravel.com\\\/ro\\\/egipt\\\/\"},{\"@type\":\"ListItem\",\"position\":3,\"name\":\"Insulele M\u0103rii\",\"item\":\"https:\\\/\\\/landioustravel.com\\\/ro\\\/egipt\\\/insulele-marii\\\/\"},{\"@type\":\"ListItem\",\"position\":4,\"name\":\"Insulele Giftun\"}]},{\"@type\":\"WebSite\",\"@id\":\"https:\\\/\\\/landioustravel.com\\\/ro\\\/#website\",\"url\":\"https:\\\/\\\/landioustravel.com\\\/ro\\\/\",\"name\":\"Landious Travel\",\"description\":\"Excursions, trips and cruises in Egypt\",\"publisher\":{\"@id\":\"https:\\\/\\\/landioustravel.com\\\/ro\\\/#organization\"},\"potentialAction\":[{\"@type\":\"SearchAction\",\"target\":{\"@type\":\"EntryPoint\",\"urlTemplate\":\"https:\\\/\\\/landioustravel.com\\\/ro\\\/?s={search_term_string}\"},\"query-input\":{\"@type\":\"PropertyValueSpecification\",\"valueRequired\":true,\"valueName\":\"search_term_string\"}}],\"inLanguage\":\"ro-RO\"},{\"@type\":[\"Organization\",\"Place\"],\"@id\":\"https:\\\/\\\/landioustravel.com\\\/ro\\\/#organization\",\"name\":\"Landious Travel\",\"alternateName\":\"Landious Travel\",\"url\":\"https:\\\/\\\/landioustravel.com\\\/ro\\\/\",\"logo\":{\"@id\":\"https:\\\/\\\/landioustravel.com\\\/ro\\\/egipt\\\/insulele-marii\\\/insulele-giftun\\\/#local-main-organization-logo\"},\"image\":{\"@id\":\"https:\\\/\\\/landioustravel.com\\\/ro\\\/egipt\\\/insulele-marii\\\/insulele-giftun\\\/#local-main-organization-logo\"},\"sameAs\":[\"https:\\\/\\\/web.facebook.com\\\/landiousEgypt\",\"https:\\\/\\\/x.com\\\/LandiousTours\",\"https:\\\/\\\/mastodon.social\\\/@landious\"],\"legalName\":\"Landious Travel\",\"telephone\":[],\"openingHoursSpecification\":[{\"@type\":\"OpeningHoursSpecification\",\"dayOfWeek\":[\"Monday\",\"Tuesday\",\"Wednesday\",\"Thursday\",\"Friday\",\"Saturday\",\"Sunday\"],\"opens\":\"09:00\",\"closes\":\"17:00\"}]},{\"@type\":\"ImageObject\",\"inLanguage\":\"ro-RO\",\"@id\":\"https:\\\/\\\/landioustravel.com\\\/ro\\\/egipt\\\/insulele-marii\\\/insulele-giftun\\\/#local-main-organization-logo\",\"url\":\"https:\\\/\\\/i0.wp.com\\\/landioustravel.com\\\/wp-content\\\/uploads\\\/2021\\\/06\\\/Landious-T.png?fit=500%2C500&ssl=1\",\"contentUrl\":\"https:\\\/\\\/i0.wp.com\\\/landioustravel.com\\\/wp-content\\\/uploads\\\/2021\\\/06\\\/Landious-T.png?fit=500%2C500&ssl=1\",\"width\":500,\"height\":500,\"caption\":\"Landious Travel\"}]}<\/script>\n<!-- \/ Yoast SEO Premium plugin. -->","yoast_head_json":{"title":"Insulele Giftun","description":"Insulele Giftun \u00cen Rezerva\u021biile M\u0103rii Ro\u0219ii, Insula Giftun se afl\u0103 \u00een Rezerva\u021bia Insulelor de Nord. Acest parc na\u021bional este renumit pentru","robots":{"index":"index","follow":"follow","max-snippet":"max-snippet:-1","max-image-preview":"max-image-preview:large","max-video-preview":"max-video-preview:-1"},"canonical":"https:\/\/landioustravel.com\/ro\/egipt\/insulele-marii\/insulele-giftun\/","og_locale":"ro_RO","og_type":"article","og_title":"Insulele Giftun","og_description":"Insulele Giftun \u00cen Rezerva\u021biile M\u0103rii Ro\u0219ii, Insula Giftun se afl\u0103 \u00een Rezerva\u021bia Insulelor de Nord. Acest parc na\u021bional este renumit pentru","og_url":"https:\/\/landioustravel.com\/ro\/egipt\/insulele-marii\/insulele-giftun\/","og_site_name":"Landious Travel","article_publisher":"https:\/\/web.facebook.com\/landiousEgypt","article_modified_time":"2021-12-18T23:39:59+00:00","twitter_card":"summary_large_image","twitter_site":"@LandiousTours","twitter_misc":{"Timp estimat pentru citire":"9 minute"},"schema":{"@context":"https:\/\/schema.org","@graph":[{"@type":"WebPage","@id":"https:\/\/landioustravel.com\/ro\/egipt\/insulele-marii\/insulele-giftun\/","url":"https:\/\/landioustravel.com\/ro\/egipt\/insulele-marii\/insulele-giftun\/","name":"Insulele Giftun","isPartOf":{"@id":"https:\/\/landioustravel.com\/ro\/#website"},"datePublished":"2021-12-18T23:39:52+00:00","dateModified":"2021-12-18T23:39:59+00:00","description":"Insulele Giftun \u00cen Rezerva\u021biile M\u0103rii Ro\u0219ii, Insula Giftun se afl\u0103 \u00een Rezerva\u021bia Insulelor de Nord. Acest parc na\u021bional este renumit pentru","breadcrumb":{"@id":"https:\/\/landioustravel.com\/ro\/egipt\/insulele-marii\/insulele-giftun\/#breadcrumb"},"inLanguage":"ro-RO","potentialAction":[{"@type":"ReadAction","target":["https:\/\/landioustravel.com\/ro\/egipt\/insulele-marii\/insulele-giftun\/"]}]},{"@type":"BreadcrumbList","@id":"https:\/\/landioustravel.com\/ro\/egipt\/insulele-marii\/insulele-giftun\/#breadcrumb","itemListElement":[{"@type":"ListItem","position":1,"name":"Home","item":"https:\/\/landioustravel.com\/ro\/"},{"@type":"ListItem","position":2,"name":"Egipt","item":"https:\/\/landioustravel.com\/ro\/egipt\/"},{"@type":"ListItem","position":3,"name":"Insulele M\u0103rii","item":"https:\/\/landioustravel.com\/ro\/egipt\/insulele-marii\/"},{"@type":"ListItem","position":4,"name":"Insulele Giftun"}]},{"@type":"WebSite","@id":"https:\/\/landioustravel.com\/ro\/#website","url":"https:\/\/landioustravel.com\/ro\/","name":"Landious Travel","description":"Excursions, trips and cruises in Egypt","publisher":{"@id":"https:\/\/landioustravel.com\/ro\/#organization"},"potentialAction":[{"@type":"SearchAction","target":{"@type":"EntryPoint","urlTemplate":"https:\/\/landioustravel.com\/ro\/?s={search_term_string}"},"query-input":{"@type":"PropertyValueSpecification","valueRequired":true,"valueName":"search_term_string"}}],"inLanguage":"ro-RO"},{"@type":["Organization","Place"],"@id":"https:\/\/landioustravel.com\/ro\/#organization","name":"Landious Travel","alternateName":"Landious Travel","url":"https:\/\/landioustravel.com\/ro\/","logo":{"@id":"https:\/\/landioustravel.com\/ro\/egipt\/insulele-marii\/insulele-giftun\/#local-main-organization-logo"},"image":{"@id":"https:\/\/landioustravel.com\/ro\/egipt\/insulele-marii\/insulele-giftun\/#local-main-organization-logo"},"sameAs":["https:\/\/web.facebook.com\/landiousEgypt","https:\/\/x.com\/LandiousTours","https:\/\/mastodon.social\/@landious"],"legalName":"Landious Travel","telephone":[],"openingHoursSpecification":[{"@type":"OpeningHoursSpecification","dayOfWeek":["Monday","Tuesday","Wednesday","Thursday","Friday","Saturday","Sunday"],"opens":"09:00","closes":"17:00"}]},{"@type":"ImageObject","inLanguage":"ro-RO","@id":"https:\/\/landioustravel.com\/ro\/egipt\/insulele-marii\/insulele-giftun\/#local-main-organization-logo","url":"https:\/\/i0.wp.com\/landioustravel.com\/wp-content\/uploads\/2021\/06\/Landious-T.png?fit=500%2C500&ssl=1","contentUrl":"https:\/\/i0.wp.com\/landioustravel.com\/wp-content\/uploads\/2021\/06\/Landious-T.png?fit=500%2C500&ssl=1","width":500,"height":500,"caption":"Landious Travel"}]}},"uagb_featured_image_src":{"full":false,"thumbnail":false,"medium":false,"medium_large":false,"large":false,"1536x1536":false,"2048x2048":false,"newspack-article-block-landscape-large":false,"newspack-article-block-portrait-large":false,"newspack-article-block-square-large":false,"newspack-article-block-landscape-medium":false,"newspack-article-block-portrait-medium":false,"newspack-article-block-square-medium":false,"newspack-article-block-landscape-intermediate":false,"newspack-article-block-portrait-intermediate":false,"newspack-article-block-square-intermediate":false,"newspack-article-block-landscape-small":false,"newspack-article-block-portrait-small":false,"newspack-article-block-square-small":false,"newspack-article-block-landscape-tiny":false,"newspack-article-block-portrait-tiny":false,"newspack-article-block-square-tiny":false,"newspack-article-block-uncropped":false,"woocommerce_thumbnail":false,"woocommerce_single":false,"woocommerce_gallery_thumbnail":false},"uagb_author_info":{"display_name":"Mofreh Landious","author_link":"https:\/\/landioustravel.com\/ro\/author\/landious\/"},"uagb_comment_info":0,"uagb_excerpt":"\u00cen Rezerva\u021biile M\u0103rii Ro\u0219ii, Insula Giftun se afl\u0103 \u00een Rezerva\u021bia Insulelor de Nord. Acest parc na\u021bional este renumit pentru recifele de corali distinctive care \u00eemb\u0103tr\u00e2nesc mult \u00een trecut. De asemenea, aceste insule g\u0103zduiesc recife rare de pe\u0219ti pe care turi\u0219tii le place s\u0103 le vad\u0103 atunci c\u00e2nd se scufund\u0103 \u00een marea din jurul lor. Mai&hellip;","jetpack_sharing_enabled":true,"jetpack_shortlink":"https:\/\/wp.me\/Par4r5-as9","jetpack_likes_enabled":true,"amp_enabled":true,"_links":{"self":[{"href":"https:\/\/landioustravel.com\/ro\/wp-json\/wp\/v2\/pages\/40185","targetHints":{"allow":["GET"]}}],"collection":[{"href":"https:\/\/landioustravel.com\/ro\/wp-json\/wp\/v2\/pages"}],"about":[{"href":"https:\/\/landioustravel.com\/ro\/wp-json\/wp\/v2\/types\/page"}],"author":[{"embeddable":true,"href":"https:\/\/landioustravel.com\/ro\/wp-json\/wp\/v2\/users\/1"}],"replies":[{"embeddable":true,"href":"https:\/\/landioustravel.com\/ro\/wp-json\/wp\/v2\/comments?post=40185"}],"version-history":[{"count":0,"href":"https:\/\/landioustravel.com\/ro\/wp-json\/wp\/v2\/pages\/40185\/revisions"}],"up":[{"embeddable":true,"href":"https:\/\/landioustravel.com\/ro\/wp-json\/wp\/v2\/pages\/40175"}],"wp:attachment":[{"href":"https:\/\/landioustravel.com\/ro\/wp-json\/wp\/v2\/media?parent=40185"}],"curies":[{"name":"wp","href":"https:\/\/api.w.org\/{rel}","templated":true}]}}