{"id":39725,"date":"2021-11-07T05:25:25","date_gmt":"2021-11-29T20:57:49","guid":{"rendered":"https:\/\/landioustravel.com\/?post_type=product&#038;p=39725"},"modified":"2025-11-10T19:14:09","modified_gmt":"2025-11-10T17:14:09","slug":"excursie-cairo-avionul-hurghada","status":"publish","type":"product","link":"https:\/\/landioustravel.com\/ro\/shop\/excursie-cairo-avionul-hurghada\/","title":{"rendered":"Excursie la Cairo cu avionul Hurghada"},"content":{"rendered":"<p>Este o excursie fantastic\u0103 la Cairo de la Hurghada cu avionul, <a href=\"https:\/\/landioustravel.com\/ro\/egipt\/\">Egipt<\/a>! V\u0103 recomand\u0103m aceast\u0103 excursie pentru c\u0103 le permite turi\u0219tilor s\u0103 vad\u0103 cele mai impresionante obiective turistice \u0219i s\u0103 \u00eenve\u021be mai multe despre istoria \u021b\u0103rii. Desigur, aceast\u0103 excursie se \u00eendreapt\u0103 c\u0103tre marile piramide \u0219i uria\u0219ul Sfinx de la Giza.<\/p>\n<p>\u00cen plus, merge \u0219i la Muzeul Egiptean din Cairo. \u00cen plus, Pasagerii c\u0103l\u0103toriei vor face aceast\u0103 c\u0103l\u0103torie mult a\u0219teptat\u0103 f\u0103r\u0103 a pierde mult timp. \u00cen general, c\u0103l\u0103toria cu avionul economise\u0219te timp. REZERVARE ONLINE EXC\u0102TORIE LA CAIRO HURGHADA CU AVION \u0218I CEL MAI BUN PRE\u021a!<\/p>\n<h2>Repere despre excursia la Cairo de la Hurghada cu avionul<\/h2>\n<ul>\n<li>Vizita\u021bi Muzeul Egiptean din Cairo.<\/li>\n<li>Pranz la un restaurant.<\/li>\n<li>Vizita\u021bi cele trei piramide din Giza.<\/li>\n<li>De asemenea, Marele Sfinx la complexul piramidal.<\/li>\n<\/ul>\n<h2>Programul c\u0103l\u0103toriei cu avionul la Cairo \u2013 Giza<\/h2>\n<ul>\n<li>Reprezentantul Landious Travel v\u0103 va prelua de la hotelul dumneavoastr\u0103, \u00een Hurghada, cu un vehicul cu aer condi\u021bionat, la aproximativ 05:00.<\/li>\n<li>Dup\u0103 ce preia to\u021bi sositorii, autobuzul va merge la aeroportul interna\u021bional din Hurghada. Este nevoie de aproximativ 30 de minute pentru a ajunge la aeroport.<\/li>\n<\/ul>\n<h3>Program \u00een Cairo<\/h3>\n<ul>\n<li>Imediat ce ajungi la Cairo, iti aratam Muzeul Egiptean. Acest muzeu are aproximativ 100 de s\u0103li de expozi\u021bie \u00een acest muzeu. Exist\u0103 o colec\u021bie unic\u0103 format\u0103 din aproximativ 150 de mii de articole \u00een aceste s\u0103li. Ghidul t\u0103u va avea sarcina de a ar\u0103ta toate exponatele principale din acest vast muzeu. De asemenea, el v\u0103 va oferi timp liber s\u0103 face\u021bi poze.<\/li>\n<li>\u00cen urma vizitei la Muzeul Egiptean, ve\u021bi \u00eencepe picnicul cu barca pe r\u00e2ul Nil. Aceast\u0103 excursie la Nil este un program suplimentar \u0219i o po\u021bi rezerva, \u00een avans, prin intermediul nostru! De \u00eendat\u0103 ce se termin\u0103 picnicul cu barca pe Nil, te vei \u00eendrepta c\u0103tre un alt ora\u0219 \u2013 Giza.<\/li>\n<\/ul>\n<h3>Program la Giza<\/h3>\n<ul>\n<li>Desigur, c\u0103l\u0103toria continu\u0103 \u00een Giza. Prima oprire, \u00een acest loc, va fi \u00een restaurant. Ofer\u0103 un bufet deschis.<\/li>\n<li>Apoi, grupul va continua la Complexul Piramidelor din Giza, unde exist\u0103 piramide at\u00e2t de mari \u0219i Sfinxul. \u00cenc\u0103 o dat\u0103, ghidul t\u0103u \u00ee\u021bi va ar\u0103ta aceste monumente \u0219i \u00ee\u021bi va oferi timp liber s\u0103 faci o poz\u0103.<\/li>\n<\/ul>\n<h3>Plecare spre Hurghada<\/h3>\n<ul>\n<li>\u00cen cele din urm\u0103, dup\u0103 un program at\u00e2t de excelent \u00een ora\u0219ele Cairo \u0219i Giza, te vei \u00eendrepta c\u0103tre Aeroportul Cairo.<\/li>\n<li>Aceast\u0103 excursie cu avionul la Cairo de la Hurghada se \u00eencheie \u00eenapoi la aproximativ 23:00.<\/li>\n<\/ul>\n<h2>Ce include pre\u021bul c\u0103l\u0103toriei \u00een Cairo cu avionul Hurghada?<\/h2>\n<ul>\n<li>Bilete pentru vizitarea templelor.<\/li>\n<li>Masa de pranz.<\/li>\n<li>Ghid.<\/li>\n<li>transfer la Aeroportul Hurghada.<\/li>\n<li>Vehicul \u00een Cairo.<\/li>\n<li>De asemenea, transfer de la Aeroportul Hurghada \u00eenapoi la hotel.<\/li>\n<\/ul>\n<h2>Ce nu include Programul Turului Cairo Hurghada cu Avionul?<\/h2>\n<ul>\n<li>Programe suplimentare de excursii dac\u0103 nu sunt incluse \u00een programul de mai sus.<\/li>\n<li>De asemenea, B\u0103uturi.<\/li>\n<\/ul>\n<h2>Ce s\u0103 iei cu tine \u00een c\u0103l\u0103torie?<\/h2>\n<ul>\n<li>Cutie de mic dejun.<\/li>\n<li>De asemenea, pa\u0219aport.<\/li>\n<\/ul>\n<h2>Excursie Cairo cu avionul Hurghada Zile de rezervare<\/h2>\n<ul>\n<li>Duminica de la 05:00 la 23:00.<\/li>\n<li>Joi de la 05:00 la 23:00.<\/li>\n<li>De asemenea, vineri de la 05:00 la 23:00.<\/li>\n<\/ul>\n","protected":false},"excerpt":{"rendered":"<p>Zbura\u021bi de la Hurghada la Cairo cu avionul, unde v\u0103 pute\u021bi bucura de o excursie captivant\u0103 la piramide. Ghidul dumneavoastr\u0103 v\u0103 va \u00eent\u00e2lni \u00een fa\u021ba hotelului dumneavoastr\u0103 din Hurghada cu un vehicul cu aer condi\u021bionat \u0219i v\u0103 va transfera la aeroport pentru a v\u0103 lua zborul c\u0103tre Cairo.<\/p>\n<p>La sosirea \u00een Cairo, ve\u021bi fi \u00eent\u00e2mpinat de egiptolog, care v\u0103 va \u00eenso\u021bi pe tot parcursul turului. Turul \u00eencepe \u00een Giza, unde ve\u021bi vizita celebrele Piramide ale lui Keops, Chephren \u0219i Mykerinos \u0219i Sfinxul.<\/p>\n<p>Bucura\u021bi-v\u0103 de pr\u00e2nz la un restaurant excelent \u00eenainte de a continua turul. Dup\u0103 pr\u00e2nzul la un restaurant local din Cairo, te vei \u00eendrepta c\u0103tre Muzeul Egiptean. Aici pute\u021bi vedea comorile t\u00e2n\u0103rului faraon Tutankhamon. Dup\u0103-amiaza, pute\u021bi merge la cump\u0103r\u0103turi \u00een Cairo, dac\u0103 dori\u021bi. La sf\u00e2r\u0219itul zilei, ve\u021bi fi condus la aeroportul din Cairo pentru a lua zborul \u00eenapoi la Hurghada. Odat\u0103 ajuns acolo, ve\u021bi fi transferat \u00eenapoi la hotel.<\/p>\n<p>Pre\u021bul c\u0103l\u0103toriei include biletele de avion, biletele de intrare \u0219i transferurile.<\/p>\n","protected":false},"featured_media":127481,"comment_status":"open","ping_status":"closed","template":"","meta":{"_coblocks_attr":"","_coblocks_dimensions":"","_coblocks_responsive_height":"","_coblocks_accordion_ie_support":"","_uag_custom_page_level_css":"","jetpack_publicize_message":"","jetpack_publicize_feature_enabled":true,"jetpack_social_post_already_shared":true,"jetpack_social_options":{"image_generator_settings":{"template":"highway","default_image_id":0,"font":"","enabled":false},"version":2},"_wpas_customize_per_network":false},"product_brand":[],"product_cat":[19650,19649],"product_tag":[19684,19685,19689,19676,19710,19705,19702],"class_list":{"0":"post-39725","1":"product","2":"type-product","3":"status-publish","4":"has-post-thumbnail","6":"product_cat-excursii-turistice-din-hurghada","7":"product_cat-hurghada-excursii","8":"product_tag-excursie-ro","9":"product_tag-excursii-din-hurghada","10":"product_tag-hurghada-ro","11":"product_tag-orasul-cairo","12":"product_tag-piramidele","13":"product_tag-sfinx-ro","14":"product_tag-turistic","15":"pa_age-adult-ro","16":"pa_age-copil","18":"first","19":"instock","20":"sale","21":"taxable","22":"shipping-taxable","23":"purchasable","24":"product-type-variable"},"yoast_head":"<!-- This site is optimized with the Yoast SEO Premium plugin v27.5 (Yoast SEO v27.5) - https:\/\/yoast.com\/product\/yoast-seo-premium-wordpress\/ -->\n<title>Excursie la Cairo cu avionul Hurghada<\/title>\n<meta name=\"description\" content=\"Excursie la Cairo cu avionul Hurghada ve\u021bi vedea cele trei mari piramide din Giza \u0219i Marele Sfinx. \u00cen continuare, vei lua pr\u00e2nzul. Al\u0103turi\" \/>\n<meta name=\"robots\" content=\"index, follow, max-snippet:-1, max-image-preview:large, max-video-preview:-1\" \/>\n<link rel=\"canonical\" href=\"https:\/\/landioustravel.com\/ro\/shop\/excursie-cairo-avionul-hurghada\/\" \/>\n<meta property=\"og:locale\" content=\"ro_RO\" \/>\n<meta property=\"og:type\" content=\"article\" \/>\n<meta property=\"og:title\" content=\"Excursie la Cairo cu avionul Hurghada\" \/>\n<meta property=\"og:description\" content=\"Landious Travel\" \/>\n<meta property=\"og:url\" content=\"https:\/\/landioustravel.com\/ro\/shop\/excursie-cairo-avionul-hurghada\/\" \/>\n<meta property=\"og:site_name\" content=\"Landious Travel\" \/>\n<meta property=\"article:publisher\" content=\"https:\/\/web.facebook.com\/landiousEgypt\" \/>\n<meta property=\"article:modified_time\" content=\"2025-11-10T17:14:09+00:00\" \/>\n<meta property=\"og:image\" content=\"https:\/\/i0.wp.com\/landioustravel.com\/wp-content\/uploads\/2021\/11\/Cairo-Trip-by-Plane-Hurghada.jpg?fit=1200%2C800&ssl=1\" \/>\n\t<meta property=\"og:image:width\" content=\"1200\" \/>\n\t<meta property=\"og:image:height\" content=\"800\" \/>\n\t<meta property=\"og:image:type\" content=\"image\/jpeg\" \/>\n<meta name=\"twitter:card\" content=\"summary_large_image\" \/>\n<meta name=\"twitter:site\" content=\"@LandiousTours\" \/>\n<meta name=\"twitter:label1\" content=\"Timp estimat pentru citire\" \/>\n\t<meta name=\"twitter:data1\" content=\"3 minute\" \/>\n<script type=\"application\/ld+json\" class=\"yoast-schema-graph\">{\"@context\":\"https:\\\/\\\/schema.org\",\"@graph\":[{\"@type\":\"WebPage\",\"@id\":\"https:\\\/\\\/landioustravel.com\\\/ro\\\/shop\\\/excursie-cairo-avionul-hurghada\\\/\",\"url\":\"https:\\\/\\\/landioustravel.com\\\/ro\\\/shop\\\/excursie-cairo-avionul-hurghada\\\/\",\"name\":\"Excursie la Cairo cu avionul Hurghada\",\"isPartOf\":{\"@id\":\"https:\\\/\\\/landioustravel.com\\\/ro\\\/#website\"},\"primaryImageOfPage\":{\"@id\":\"https:\\\/\\\/landioustravel.com\\\/ro\\\/shop\\\/excursie-cairo-avionul-hurghada\\\/#primaryimage\"},\"image\":{\"@id\":\"https:\\\/\\\/landioustravel.com\\\/ro\\\/shop\\\/excursie-cairo-avionul-hurghada\\\/#primaryimage\"},\"thumbnailUrl\":\"https:\\\/\\\/i0.wp.com\\\/landioustravel.com\\\/wp-content\\\/uploads\\\/2021\\\/11\\\/Cairo-Trip-by-Plane-Hurghada.jpg?fit=1200%2C800&ssl=1\",\"datePublished\":\"2021-11-29T20:57:49+00:00\",\"dateModified\":\"2025-11-10T17:14:09+00:00\",\"description\":\"Excursie la Cairo cu avionul Hurghada ve\u021bi vedea cele trei mari piramide din Giza \u0219i Marele Sfinx. \u00cen continuare, vei lua pr\u00e2nzul. Al\u0103turi\",\"breadcrumb\":{\"@id\":\"https:\\\/\\\/landioustravel.com\\\/ro\\\/shop\\\/excursie-cairo-avionul-hurghada\\\/#breadcrumb\"},\"inLanguage\":\"ro-RO\",\"potentialAction\":[{\"@type\":\"ReadAction\",\"target\":[\"https:\\\/\\\/landioustravel.com\\\/ro\\\/shop\\\/excursie-cairo-avionul-hurghada\\\/\"]}]},{\"@type\":\"ImageObject\",\"inLanguage\":\"ro-RO\",\"@id\":\"https:\\\/\\\/landioustravel.com\\\/ro\\\/shop\\\/excursie-cairo-avionul-hurghada\\\/#primaryimage\",\"url\":\"https:\\\/\\\/i0.wp.com\\\/landioustravel.com\\\/wp-content\\\/uploads\\\/2021\\\/11\\\/Cairo-Trip-by-Plane-Hurghada.jpg?fit=1200%2C800&ssl=1\",\"contentUrl\":\"https:\\\/\\\/i0.wp.com\\\/landioustravel.com\\\/wp-content\\\/uploads\\\/2021\\\/11\\\/Cairo-Trip-by-Plane-Hurghada.jpg?fit=1200%2C800&ssl=1\",\"width\":1200,\"height\":800,\"caption\":\"Cairo Trip by Plane Hurghada\"},{\"@type\":\"BreadcrumbList\",\"@id\":\"https:\\\/\\\/landioustravel.com\\\/ro\\\/shop\\\/excursie-cairo-avionul-hurghada\\\/#breadcrumb\",\"itemListElement\":[{\"@type\":\"ListItem\",\"position\":1,\"name\":\"Home\",\"item\":\"https:\\\/\\\/landioustravel.com\\\/ro\\\/\"},{\"@type\":\"ListItem\",\"position\":2,\"name\":\"Servicii \u0219i excursii\",\"item\":\"https:\\\/\\\/landioustravel.com\\\/ro\\\/\"},{\"@type\":\"ListItem\",\"position\":3,\"name\":\"Excursie la Cairo cu avionul Hurghada\"}]},{\"@type\":\"WebSite\",\"@id\":\"https:\\\/\\\/landioustravel.com\\\/ro\\\/#website\",\"url\":\"https:\\\/\\\/landioustravel.com\\\/ro\\\/\",\"name\":\"Landious Travel\",\"description\":\"Excursions, trips and cruises in Egypt\",\"publisher\":{\"@id\":\"https:\\\/\\\/landioustravel.com\\\/ro\\\/#organization\"},\"potentialAction\":[{\"@type\":\"SearchAction\",\"target\":{\"@type\":\"EntryPoint\",\"urlTemplate\":\"https:\\\/\\\/landioustravel.com\\\/ro\\\/?s={search_term_string}\"},\"query-input\":{\"@type\":\"PropertyValueSpecification\",\"valueRequired\":true,\"valueName\":\"search_term_string\"}}],\"inLanguage\":\"ro-RO\"},{\"@type\":[\"Organization\",\"Place\"],\"@id\":\"https:\\\/\\\/landioustravel.com\\\/ro\\\/#organization\",\"name\":\"Landious Travel\",\"alternateName\":\"Landious Travel\",\"url\":\"https:\\\/\\\/landioustravel.com\\\/ro\\\/\",\"logo\":{\"@id\":\"https:\\\/\\\/landioustravel.com\\\/ro\\\/shop\\\/excursie-cairo-avionul-hurghada\\\/#local-main-organization-logo\"},\"image\":{\"@id\":\"https:\\\/\\\/landioustravel.com\\\/ro\\\/shop\\\/excursie-cairo-avionul-hurghada\\\/#local-main-organization-logo\"},\"sameAs\":[\"https:\\\/\\\/web.facebook.com\\\/landiousEgypt\",\"https:\\\/\\\/x.com\\\/LandiousTours\",\"https:\\\/\\\/mastodon.social\\\/@landious\"],\"legalName\":\"Landious Travel\",\"telephone\":[],\"openingHoursSpecification\":[{\"@type\":\"OpeningHoursSpecification\",\"dayOfWeek\":[\"Monday\",\"Tuesday\",\"Wednesday\",\"Thursday\",\"Friday\",\"Saturday\",\"Sunday\"],\"opens\":\"09:00\",\"closes\":\"17:00\"}]},{\"@type\":\"ImageObject\",\"inLanguage\":\"ro-RO\",\"@id\":\"https:\\\/\\\/landioustravel.com\\\/ro\\\/shop\\\/excursie-cairo-avionul-hurghada\\\/#local-main-organization-logo\",\"url\":\"https:\\\/\\\/i0.wp.com\\\/landioustravel.com\\\/wp-content\\\/uploads\\\/2021\\\/06\\\/Landious-T.png?fit=500%2C500&ssl=1\",\"contentUrl\":\"https:\\\/\\\/i0.wp.com\\\/landioustravel.com\\\/wp-content\\\/uploads\\\/2021\\\/06\\\/Landious-T.png?fit=500%2C500&ssl=1\",\"width\":500,\"height\":500,\"caption\":\"Landious Travel\"}]}<\/script>\n<!-- \/ Yoast SEO Premium plugin. -->","yoast_head_json":{"title":"Excursie la Cairo cu avionul Hurghada","description":"Excursie la Cairo cu avionul Hurghada ve\u021bi vedea cele trei mari piramide din Giza \u0219i Marele Sfinx. \u00cen continuare, vei lua pr\u00e2nzul. Al\u0103turi","robots":{"index":"index","follow":"follow","max-snippet":"max-snippet:-1","max-image-preview":"max-image-preview:large","max-video-preview":"max-video-preview:-1"},"canonical":"https:\/\/landioustravel.com\/ro\/shop\/excursie-cairo-avionul-hurghada\/","og_locale":"ro_RO","og_type":"article","og_title":"Excursie la Cairo cu avionul Hurghada","og_description":"Landious Travel","og_url":"https:\/\/landioustravel.com\/ro\/shop\/excursie-cairo-avionul-hurghada\/","og_site_name":"Landious Travel","article_publisher":"https:\/\/web.facebook.com\/landiousEgypt","article_modified_time":"2025-11-10T17:14:09+00:00","og_image":[{"width":1200,"height":800,"url":"https:\/\/i0.wp.com\/landioustravel.com\/wp-content\/uploads\/2021\/11\/Cairo-Trip-by-Plane-Hurghada.jpg?fit=1200%2C800&ssl=1","type":"image\/jpeg"}],"twitter_card":"summary_large_image","twitter_site":"@LandiousTours","twitter_misc":{"Timp estimat pentru citire":"3 minute"},"schema":{"@context":"https:\/\/schema.org","@graph":[{"@type":"WebPage","@id":"https:\/\/landioustravel.com\/ro\/shop\/excursie-cairo-avionul-hurghada\/","url":"https:\/\/landioustravel.com\/ro\/shop\/excursie-cairo-avionul-hurghada\/","name":"Excursie la Cairo cu avionul Hurghada","isPartOf":{"@id":"https:\/\/landioustravel.com\/ro\/#website"},"primaryImageOfPage":{"@id":"https:\/\/landioustravel.com\/ro\/shop\/excursie-cairo-avionul-hurghada\/#primaryimage"},"image":{"@id":"https:\/\/landioustravel.com\/ro\/shop\/excursie-cairo-avionul-hurghada\/#primaryimage"},"thumbnailUrl":"https:\/\/i0.wp.com\/landioustravel.com\/wp-content\/uploads\/2021\/11\/Cairo-Trip-by-Plane-Hurghada.jpg?fit=1200%2C800&ssl=1","datePublished":"2021-11-29T20:57:49+00:00","dateModified":"2025-11-10T17:14:09+00:00","description":"Excursie la Cairo cu avionul Hurghada ve\u021bi vedea cele trei mari piramide din Giza \u0219i Marele Sfinx. \u00cen continuare, vei lua pr\u00e2nzul. Al\u0103turi","breadcrumb":{"@id":"https:\/\/landioustravel.com\/ro\/shop\/excursie-cairo-avionul-hurghada\/#breadcrumb"},"inLanguage":"ro-RO","potentialAction":[{"@type":"ReadAction","target":["https:\/\/landioustravel.com\/ro\/shop\/excursie-cairo-avionul-hurghada\/"]}]},{"@type":"ImageObject","inLanguage":"ro-RO","@id":"https:\/\/landioustravel.com\/ro\/shop\/excursie-cairo-avionul-hurghada\/#primaryimage","url":"https:\/\/i0.wp.com\/landioustravel.com\/wp-content\/uploads\/2021\/11\/Cairo-Trip-by-Plane-Hurghada.jpg?fit=1200%2C800&ssl=1","contentUrl":"https:\/\/i0.wp.com\/landioustravel.com\/wp-content\/uploads\/2021\/11\/Cairo-Trip-by-Plane-Hurghada.jpg?fit=1200%2C800&ssl=1","width":1200,"height":800,"caption":"Cairo Trip by Plane Hurghada"},{"@type":"BreadcrumbList","@id":"https:\/\/landioustravel.com\/ro\/shop\/excursie-cairo-avionul-hurghada\/#breadcrumb","itemListElement":[{"@type":"ListItem","position":1,"name":"Home","item":"https:\/\/landioustravel.com\/ro\/"},{"@type":"ListItem","position":2,"name":"Servicii \u0219i excursii","item":"https:\/\/landioustravel.com\/ro\/"},{"@type":"ListItem","position":3,"name":"Excursie la Cairo cu avionul Hurghada"}]},{"@type":"WebSite","@id":"https:\/\/landioustravel.com\/ro\/#website","url":"https:\/\/landioustravel.com\/ro\/","name":"Landious Travel","description":"Excursions, trips and cruises in Egypt","publisher":{"@id":"https:\/\/landioustravel.com\/ro\/#organization"},"potentialAction":[{"@type":"SearchAction","target":{"@type":"EntryPoint","urlTemplate":"https:\/\/landioustravel.com\/ro\/?s={search_term_string}"},"query-input":{"@type":"PropertyValueSpecification","valueRequired":true,"valueName":"search_term_string"}}],"inLanguage":"ro-RO"},{"@type":["Organization","Place"],"@id":"https:\/\/landioustravel.com\/ro\/#organization","name":"Landious Travel","alternateName":"Landious Travel","url":"https:\/\/landioustravel.com\/ro\/","logo":{"@id":"https:\/\/landioustravel.com\/ro\/shop\/excursie-cairo-avionul-hurghada\/#local-main-organization-logo"},"image":{"@id":"https:\/\/landioustravel.com\/ro\/shop\/excursie-cairo-avionul-hurghada\/#local-main-organization-logo"},"sameAs":["https:\/\/web.facebook.com\/landiousEgypt","https:\/\/x.com\/LandiousTours","https:\/\/mastodon.social\/@landious"],"legalName":"Landious Travel","telephone":[],"openingHoursSpecification":[{"@type":"OpeningHoursSpecification","dayOfWeek":["Monday","Tuesday","Wednesday","Thursday","Friday","Saturday","Sunday"],"opens":"09:00","closes":"17:00"}]},{"@type":"ImageObject","inLanguage":"ro-RO","@id":"https:\/\/landioustravel.com\/ro\/shop\/excursie-cairo-avionul-hurghada\/#local-main-organization-logo","url":"https:\/\/i0.wp.com\/landioustravel.com\/wp-content\/uploads\/2021\/06\/Landious-T.png?fit=500%2C500&ssl=1","contentUrl":"https:\/\/i0.wp.com\/landioustravel.com\/wp-content\/uploads\/2021\/06\/Landious-T.png?fit=500%2C500&ssl=1","width":500,"height":500,"caption":"Landious Travel"}]}},"jetpack_publicize_connections":[],"uagb_featured_image_src":{"full":["https:\/\/i0.wp.com\/landioustravel.com\/wp-content\/uploads\/2021\/11\/Cairo-Trip-by-Plane-Hurghada.jpg?fit=1200%2C800&ssl=1",1200,800,false],"thumbnail":["https:\/\/i0.wp.com\/landioustravel.com\/wp-content\/uploads\/2021\/11\/Cairo-Trip-by-Plane-Hurghada.jpg?resize=150%2C150&ssl=1",150,150,true],"medium":["https:\/\/i0.wp.com\/landioustravel.com\/wp-content\/uploads\/2021\/11\/Cairo-Trip-by-Plane-Hurghada.jpg?fit=300%2C200&ssl=1",300,200,true],"medium_large":["https:\/\/i0.wp.com\/landioustravel.com\/wp-content\/uploads\/2021\/11\/Cairo-Trip-by-Plane-Hurghada.jpg?fit=768%2C512&ssl=1",768,512,true],"large":["https:\/\/i0.wp.com\/landioustravel.com\/wp-content\/uploads\/2021\/11\/Cairo-Trip-by-Plane-Hurghada.jpg?fit=980%2C654&ssl=1",980,654,true],"1536x1536":["https:\/\/i0.wp.com\/landioustravel.com\/wp-content\/uploads\/2021\/11\/Cairo-Trip-by-Plane-Hurghada.jpg?fit=1200%2C800&ssl=1",1200,800,true],"2048x2048":["https:\/\/i0.wp.com\/landioustravel.com\/wp-content\/uploads\/2021\/11\/Cairo-Trip-by-Plane-Hurghada.jpg?fit=1200%2C800&ssl=1",1200,800,true],"newspack-article-block-landscape-large":["https:\/\/i0.wp.com\/landioustravel.com\/wp-content\/uploads\/2021\/11\/Cairo-Trip-by-Plane-Hurghada.jpg?resize=1200%2C800&ssl=1",1200,800,true],"newspack-article-block-portrait-large":["https:\/\/i0.wp.com\/landioustravel.com\/wp-content\/uploads\/2021\/11\/Cairo-Trip-by-Plane-Hurghada.jpg?resize=900%2C800&ssl=1",900,800,true],"newspack-article-block-square-large":["https:\/\/i0.wp.com\/landioustravel.com\/wp-content\/uploads\/2021\/11\/Cairo-Trip-by-Plane-Hurghada.jpg?resize=1200%2C800&ssl=1",1200,800,true],"newspack-article-block-landscape-medium":["https:\/\/i0.wp.com\/landioustravel.com\/wp-content\/uploads\/2021\/11\/Cairo-Trip-by-Plane-Hurghada.jpg?resize=800%2C600&ssl=1",800,600,true],"newspack-article-block-portrait-medium":["https:\/\/i0.wp.com\/landioustravel.com\/wp-content\/uploads\/2021\/11\/Cairo-Trip-by-Plane-Hurghada.jpg?resize=600%2C800&ssl=1",600,800,true],"newspack-article-block-square-medium":["https:\/\/i0.wp.com\/landioustravel.com\/wp-content\/uploads\/2021\/11\/Cairo-Trip-by-Plane-Hurghada.jpg?resize=800%2C800&ssl=1",800,800,true],"newspack-article-block-landscape-intermediate":["https:\/\/i0.wp.com\/landioustravel.com\/wp-content\/uploads\/2021\/11\/Cairo-Trip-by-Plane-Hurghada.jpg?resize=600%2C450&ssl=1",600,450,true],"newspack-article-block-portrait-intermediate":["https:\/\/i0.wp.com\/landioustravel.com\/wp-content\/uploads\/2021\/11\/Cairo-Trip-by-Plane-Hurghada.jpg?resize=450%2C600&ssl=1",450,600,true],"newspack-article-block-square-intermediate":["https:\/\/i0.wp.com\/landioustravel.com\/wp-content\/uploads\/2021\/11\/Cairo-Trip-by-Plane-Hurghada.jpg?resize=600%2C600&ssl=1",600,600,true],"newspack-article-block-landscape-small":["https:\/\/i0.wp.com\/landioustravel.com\/wp-content\/uploads\/2021\/11\/Cairo-Trip-by-Plane-Hurghada.jpg?resize=400%2C300&ssl=1",400,300,true],"newspack-article-block-portrait-small":["https:\/\/i0.wp.com\/landioustravel.com\/wp-content\/uploads\/2021\/11\/Cairo-Trip-by-Plane-Hurghada.jpg?resize=300%2C400&ssl=1",300,400,true],"newspack-article-block-square-small":["https:\/\/i0.wp.com\/landioustravel.com\/wp-content\/uploads\/2021\/11\/Cairo-Trip-by-Plane-Hurghada.jpg?resize=400%2C400&ssl=1",400,400,true],"newspack-article-block-landscape-tiny":["https:\/\/i0.wp.com\/landioustravel.com\/wp-content\/uploads\/2021\/11\/Cairo-Trip-by-Plane-Hurghada.jpg?resize=200%2C150&ssl=1",200,150,true],"newspack-article-block-portrait-tiny":["https:\/\/i0.wp.com\/landioustravel.com\/wp-content\/uploads\/2021\/11\/Cairo-Trip-by-Plane-Hurghada.jpg?resize=150%2C200&ssl=1",150,200,true],"newspack-article-block-square-tiny":["https:\/\/i0.wp.com\/landioustravel.com\/wp-content\/uploads\/2021\/11\/Cairo-Trip-by-Plane-Hurghada.jpg?resize=200%2C200&ssl=1",200,200,true],"newspack-article-block-uncropped":["https:\/\/i0.wp.com\/landioustravel.com\/wp-content\/uploads\/2021\/11\/Cairo-Trip-by-Plane-Hurghada.jpg?fit=1200%2C800&ssl=1",1200,800,true],"woocommerce_thumbnail":["https:\/\/i0.wp.com\/landioustravel.com\/wp-content\/uploads\/2021\/11\/Cairo-Trip-by-Plane-Hurghada.jpg?resize=324%2C324&ssl=1",324,324,true],"woocommerce_single":["https:\/\/i0.wp.com\/landioustravel.com\/wp-content\/uploads\/2021\/11\/Cairo-Trip-by-Plane-Hurghada.jpg?fit=416%2C277&ssl=1",416,277,true],"woocommerce_gallery_thumbnail":["https:\/\/i0.wp.com\/landioustravel.com\/wp-content\/uploads\/2021\/11\/Cairo-Trip-by-Plane-Hurghada.jpg?resize=100%2C100&ssl=1",100,100,true]},"uagb_author_info":{"display_name":"Mofreh Landious","author_link":"https:\/\/landioustravel.com\/ro\/author\/"},"uagb_comment_info":1,"uagb_excerpt":"Zbura\u021bi de la Hurghada la Cairo cu avionul, unde v\u0103 pute\u021bi bucura de o excursie captivant\u0103 la piramide. Ghidul dumneavoastr\u0103 v\u0103 va \u00eent\u00e2lni \u00een fa\u021ba hotelului dumneavoastr\u0103 din Hurghada cu un vehicul cu aer condi\u021bionat \u0219i v\u0103 va transfera la aeroport pentru a v\u0103 lua zborul c\u0103tre Cairo. La sosirea \u00een Cairo, ve\u021bi fi \u00eent\u00e2mpinat&hellip;","jetpack_sharing_enabled":true,"jetpack_likes_enabled":true,"amp_enabled":true,"_links":{"self":[{"href":"https:\/\/landioustravel.com\/ro\/wp-json\/wp\/v2\/product\/39725","targetHints":{"allow":["GET"]}}],"collection":[{"href":"https:\/\/landioustravel.com\/ro\/wp-json\/wp\/v2\/product"}],"about":[{"href":"https:\/\/landioustravel.com\/ro\/wp-json\/wp\/v2\/types\/product"}],"replies":[{"embeddable":true,"href":"https:\/\/landioustravel.com\/ro\/wp-json\/wp\/v2\/comments?post=39725"}],"wp:featuredmedia":[{"embeddable":true,"href":"https:\/\/landioustravel.com\/ro\/wp-json\/wp\/v2\/media\/127481"}],"wp:attachment":[{"href":"https:\/\/landioustravel.com\/ro\/wp-json\/wp\/v2\/media?parent=39725"}],"wp:term":[{"taxonomy":"product_brand","embeddable":true,"href":"https:\/\/landioustravel.com\/ro\/wp-json\/wp\/v2\/product_brand?post=39725"},{"taxonomy":"product_cat","embeddable":true,"href":"https:\/\/landioustravel.com\/ro\/wp-json\/wp\/v2\/product_cat?post=39725"},{"taxonomy":"product_tag","embeddable":true,"href":"https:\/\/landioustravel.com\/ro\/wp-json\/wp\/v2\/product_tag?post=39725"}],"curies":[{"name":"wp","href":"https:\/\/api.w.org\/{rel}","templated":true}]}}