{"id":39746,"date":"2021-08-27T15:49:02","date_gmt":"2021-12-01T20:37:16","guid":{"rendered":"https:\/\/landioustravel.com\/?post_type=product&#038;p=39746"},"modified":"2023-06-22T05:56:39","modified_gmt":"2023-06-22T03:56:39","slug":"excursie-cu-quad-marsa-alam","status":"publish","type":"product","link":"https:\/\/landioustravel.com\/ro\/shop\/excursie-cu-quad-marsa-alam\/","title":{"rendered":"Excursie cu Quad Marsa Alam"},"content":{"rendered":"<p>Explora\u021bi de\u0219ertul cu un quad \u00eentr-un tur interesant din Marsa Alam. Ve\u021bi avea \u0219ansa s\u0103 testa\u021bi ma\u0219ina \u0219i s\u0103 v\u0103 pune\u021bi vitezele \u0219i s\u0103 trece\u021bi peste dune. L\u0103sa\u021bi de\u0219ertul s\u0103 treac\u0103 peste voi \u0219i sim\u021bi\u021bi cum adrenalina curge prin corp! De asemenea, v\u0103 ve\u021bi bucura de o plimbare cu c\u0103mila prin dune \u00eenainte de a v\u0103 \u00eentoarce. O excursie foarte activ\u0103 cu quad-uri \u00een Marsa Alam, Egipt!<\/p>\n<p>REZERVARE ONLINE QUAD BIKING SAFARI MARSA ALAM SI CEL MAI BUN PRET! Recomand\u0103m excursia pentru c\u0103 permite turi\u0219tilor s\u0103 se distreze cu quad-uri. \u00cen plus, va permite descoperirea de\u0219ertului din Marsa Alam \u0219i cunoa\u0219terea culturii beduinilor. Este o experien\u021b\u0103 minunat\u0103 pentru un moto-safari de trei ore \u00een Marsa Alam! Aceast\u0103 c\u0103l\u0103torie va fi pe o distan\u021b\u0103 lung\u0103 \u00een de\u0219ert \u2013 25 km.<\/p>\n<h2>Repere despre Trei ore Moto Safari Safari Marsa Alam<\/h2>\n<ul>\n<li>Quad Bike pe o distanta de 50 km in desert.<\/li>\n<li>C\u0103l\u0103rie cu c\u0103mile \u00een de\u0219ert.<\/li>\n<li>\u00cen plus, bea ceai \u00een cortul beduinilor.<\/li>\n<\/ul>\n<h2>Program de aventur\u0103 cu quad<\/h2>\n<ul>\n<li>\u00cen primul r\u00e2nd, reprezentantul Landious Travel v\u0103 va prelua de la hotel la aproximativ ora 08:00.<\/li>\n<li>\u00cen al doilea r\u00e2nd, dup\u0103 ce preia to\u021bi sositorii, microbuzul\/Jeep-ul nostru se va \u00eendrepta spre de\u0219ert cu o baz\u0103 de quad &#8211; Sheikh Malek situat la 25 de kilometri nord de aeroportul Marsa Alam. Drumul c\u0103tre aceast\u0103 baz\u0103 va dura aproximativ 30 de minute.<\/li>\n<\/ul>\n<h3>\u00cenc\u0103lzire \u0219i instruire<\/h3>\n<ul>\n<li>Odat\u0103 ajuns acolo, \u00een principiu, va trebui s\u0103 te preg\u0103te\u0219ti. O vei face pun\u00e2ndu-\u021bi o e\u0219arf\u0103 pe cap, casc\u0103 \u0219i purt\u00e2nd ochelari de soare. Apoi, vei primi un quad alerg\u0103tor pentru un test de conducere \u00eenainte de a \u00eencepe aventura de a c\u0103l\u0103tori 22 de kilometri \u00eentre mun\u021bii De\u0219ertului de Est.<\/li>\n<\/ul>\n<h3>Quad-bike c\u0103tre beduini<\/h3>\n<ul>\n<li>\u00cen continuare, v\u0103 ve\u021bi bucura de mers cu bicicleta c\u0103tre satul beduin. Dup\u0103 aceea, ve\u021bi conduce 25 km prin de\u0219ert p\u00e2n\u0103 \u00een satul beduin.<\/li>\n<li>\u00cen drum spre cortul beduinilor, te vei opri de dou\u0103 sau trei ori pentru a-i vizita pe beduini \u0219i a te odihni. Apoi, exist\u0103 instruire \u0219i antrenament pentru un pic de timp.<\/li>\n<\/ul>\n<h3>C\u0103l\u0103rie cu c\u0103mile<\/h3>\n<ul>\n<li>Imediat ce ajunge\u021bi \u00een satul beduin, ve\u021bi merge la c\u0103l\u0103rie. \u00cen acest loc, vei putea s\u0103 faci poze cu beduinii. Mai t\u00e2rziu, ve\u021bi avea ocazia s\u0103 experimenta\u021bi un ceai de beduini, s\u0103 face\u021bi o plimbare cu c\u0103mila \u00eenainte de a v\u0103 conduce motocicleta \u00eenapoi la sta\u021bia de alerg\u0103tori cu quad.<\/li>\n<li>\u00cen urma c\u0103l\u0103riei cu c\u0103mile, ghidul dumneavoastr\u0103 v\u0103 va \u00eenso\u021bi p\u00e2n\u0103 la cortul beduinilor. \u00cen acest cort, vei bea o cea\u0219c\u0103 de ceai. \u00cen plus, ve\u021bi putea pune \u00eentreb\u0103rile ghidului de care ave\u021bi nevoie pentru a ob\u021bine un r\u0103spuns.<\/li>\n<\/ul>\n<h3>Quad Bike c\u0103tre Gar\u0103<\/h3>\n<ul>\n<li>\u00cenc\u0103 o dat\u0103, va trebui s\u0103 te preg\u0103te\u0219ti s\u0103 conduci \u00eenapoi. Drumul de \u00eentoarcere este la aceea\u0219i distan\u021b\u0103 \u2013 25 km de la baz\u0103. Aceast\u0103 excursie safari cu quad-bike dureaz\u0103 de obicei trei ore.<\/li>\n<\/ul>\n<h3>DVD Briefing<\/h3>\n<ul>\n<li>Odat\u0103 ce \u021bi-ai terminat aventura \u0219i activitatea pl\u0103cut\u0103, va \u00eencepe un briefing cu imagini \u0219i DVD. \u00cenainte de \u00eenceperea quad-bike-ului, antrenorul dumneavoastr\u0103 v\u0103 va oferi s\u0103 face\u021bi c\u00e2teva poze. Desigur, va fi o \u0219ans\u0103 excelent\u0103 s\u0103 memorezi aceste momente minunate. Ulterior, fotograful v\u0103 va oferi aceste imagini pentru o tax\u0103 suplimentar\u0103.<\/li>\n<li>Pre\u021bul acestor poze variaz\u0103 \u00een func\u021bie de dimensiunea lor. Va fi ceva op\u021bional s\u0103 ave\u021bi. Briefing-ul pe DVD va dura 10 minute.<\/li>\n<\/ul>\n<h3>Acas\u0103 \u00cenapoi<\/h3>\n<ul>\n<li>\u00cen cele din urm\u0103, v\u0103 vom \u00eenso\u021bi \u00eenapoi la hotelurile dvs. din Marsa Alam.<\/li>\n<li>Acest safari cu Quad Biking \u00een Marsa Alam se \u00eencheie aproximativ la pr\u00e2nz la pr\u00e2nz.<\/li>\n<\/ul>\n<h2>Ce include pre\u021bul excursiei cu Quad Biking Marsa Alam?<\/h2>\n<ul>\n<li>Transfer in desert si inapoi la hotel.<\/li>\n<\/ul>\n<h2>Ce nu include Programul Turului Quad Biking Marsa Alam?<\/h2>\n<ul>\n<li>DVD video.<\/li>\n<li>De asemenea, CD-ul cu fotografii.<\/li>\n<\/ul>\n<h2>Ce s\u0103 lua\u021bi pentru c\u0103l\u0103toria de trei ore cu moto-safari?<\/h2>\n<ul>\n<li>E\u0219arf\u0103.<\/li>\n<li>De asemenea, ochelari de soare.<\/li>\n<\/ul>\n<h2>Trei ore Moto Safari Marsa Alam Zile de rezervare<\/h2>\n<ul>\n<li>Zilnic de la 08:00 la 12:00.<\/li>\n<\/ul>\n","protected":false},"excerpt":{"rendered":"<p>Experimenta\u021bi aventura suprem\u0103 \u00een de\u0219ertul uimitor Marsa Alam cu excursia noastr\u0103 cu Quad Biking! Acest tur palpitant de safari de trei ore v\u0103 va duce \u00eentr-o c\u0103l\u0103torie de neuitat prin mun\u021bii Marsa Alam, unde ve\u021bi avea \u0219ansa de a c\u0103l\u0103ri o c\u0103mil\u0103 \u0219i de a explora modul de via\u021b\u0103 beduin. Apropia\u021bi-v\u0103 de natura incredibil\u0103 de\u0219ertic\u0103 a Egiptului \u0219i cufunda\u021bi-v\u0103 \u00een cultura fascinant\u0103 a beduinilor.<\/p>\n<p>Sim\u021bi\u021bi adrenalin\u0103 \u00een timp ce accelera\u021bi pe teren accidentat, admir\u00e2nd priveli\u0219tile uluitoare ale de\u0219ertului de-a lungul drumului. Descoperi\u021bi secretele poporului beduin \u0219i tradi\u021biile lor, de la casele \u0219i m\u00e2ncarea lor p\u00e2n\u0103 la educa\u021bia \u0219i religia lor. \u0218i nu uita\u021bi s\u0103 v\u0103 re\u00eenc\u0103rca\u021bi energia cu o cea\u0219c\u0103 de ceai r\u0103coritoare \u00een timp ce admira\u021bi peisajul uluitor.<\/p>\n<p>Itinerarul nostru de diminea\u021b\u0103 cu Quad Bike Desert Safari este conceput pentru a v\u0103 oferi cea mai bun\u0103 experien\u021b\u0103 de aventur\u0103. Ve\u021bi fi preluat de la hotel de c\u0103tre reprezentantul nostru prietenos \u0219i dus la Sheikh Malek \u2013 punctul de \u00eent\u00e2lnire situat la doar 25 km nord de aeroportul Marsa Alam. Aici, ve\u021bi putea s\u0103 v\u0103 testa\u021bi alerg\u0103torul cu quad \u00eenainte de a v\u0103 \u00eembarca \u00eentr-o ma\u0219in\u0103 palpitant\u0103 de 22 km prin mun\u021bii de\u0219ertului estic.<\/p>\n<p>Face\u021bi mai multe opriri de-a lungul drumului pentru a vizita tribul beduin \u0219i a afla despre modul lor fascinant de via\u021b\u0103. Savura\u021bi ni\u0219te ceai tradi\u021bional de beduini, face\u021bi o plimbare cu c\u0103mila \u0219i chiar \u00eencerca\u021bi s\u0103 fuma\u021bi o pip\u0103 de ap\u0103 \u00eenainte de a v\u0103 urca \u00eenapoi pe quad \u0219i a v\u0103 \u00eentoarce la gar\u0103. Pre\u021bul c\u0103l\u0103toriei noastre include transferuri \u0219i o cea\u0219c\u0103 de ceai delicioas\u0103, astfel \u00eenc\u00e2t s\u0103 v\u0103 pute\u021bi relaxa \u0219i s\u0103 v\u0103 bucura\u021bi de c\u0103l\u0103torie. Aceasta este o experien\u021b\u0103 de neuitat pe care nu vrei s\u0103 o ratezi!<\/p>\n","protected":false},"featured_media":127631,"comment_status":"open","ping_status":"closed","template":"","meta":{"_coblocks_attr":"","_coblocks_dimensions":"","_coblocks_responsive_height":"","_coblocks_accordion_ie_support":"","_uag_custom_page_level_css":"","jetpack_publicize_message":"","jetpack_publicize_feature_enabled":true,"jetpack_social_post_already_shared":true,"jetpack_social_options":{"image_generator_settings":{"template":"highway","default_image_id":0,"font":"","enabled":false},"version":2},"_wpas_customize_per_network":false},"product_brand":[],"product_cat":[19659,19660],"product_tag":[19684,19711,19694,19679],"class_list":{"0":"post-39746","1":"product","2":"type-product","3":"status-publish","4":"has-post-thumbnail","6":"product_cat-marsa-alam-excursii","7":"product_cat-safari-aventuri-marsa-alam","8":"product_tag-excursie-ro","9":"product_tag-quad-bike","10":"product_tag-safari-ro","11":"product_tag-safariurile-in-desert","13":"first","14":"instock","15":"sale","16":"taxable","17":"shipping-taxable","18":"purchasable","19":"product-type-variable"},"yoast_head":"<!-- This site is optimized with the Yoast SEO Premium plugin v26.9 (Yoast SEO v27.4) - https:\/\/yoast.com\/product\/yoast-seo-premium-wordpress\/ -->\n<title>Excursie cu Quad Marsa Alam<\/title>\n<meta name=\"description\" content=\"Excursie cu Quad Marsa Alam C\u0103l\u0103toria v\u0103 permite s\u0103 v\u0103 familiariza\u021bi cu natura de\u0219ertului din Egipt \u0219i \u00eent\u00e2lnirea cu beduinii! \u00cen aceast\u0103\" \/>\n<meta name=\"robots\" content=\"index, follow, max-snippet:-1, max-image-preview:large, max-video-preview:-1\" \/>\n<link rel=\"canonical\" href=\"https:\/\/landioustravel.com\/ro\/shop\/excursie-cu-quad-marsa-alam\/\" \/>\n<meta property=\"og:locale\" content=\"ro_RO\" \/>\n<meta property=\"og:type\" content=\"article\" \/>\n<meta property=\"og:title\" content=\"Excursie cu Quad Marsa Alam\" \/>\n<meta property=\"og:description\" content=\"Landious Travel\" \/>\n<meta property=\"og:url\" content=\"https:\/\/landioustravel.com\/ro\/shop\/excursie-cu-quad-marsa-alam\/\" \/>\n<meta property=\"og:site_name\" content=\"Landious Travel\" \/>\n<meta property=\"article:publisher\" content=\"https:\/\/web.facebook.com\/landiousEgypt\" \/>\n<meta property=\"article:modified_time\" content=\"2023-06-22T03:56:39+00:00\" \/>\n<meta property=\"og:image\" content=\"https:\/\/i0.wp.com\/landioustravel.com\/wp-content\/uploads\/2021\/08\/Quad-Biking-Trip-Marsa-Alam.jpeg?fit=900%2C600&ssl=1\" \/>\n\t<meta property=\"og:image:width\" content=\"900\" \/>\n\t<meta property=\"og:image:height\" content=\"600\" \/>\n\t<meta property=\"og:image:type\" content=\"image\/jpeg\" \/>\n<meta name=\"twitter:card\" content=\"summary_large_image\" \/>\n<meta name=\"twitter:site\" content=\"@LandiousTours\" \/>\n<meta name=\"twitter:label1\" content=\"Timp estimat pentru citire\" \/>\n\t<meta name=\"twitter:data1\" content=\"3 minute\" \/>\n<script type=\"application\/ld+json\" class=\"yoast-schema-graph\">{\"@context\":\"https:\\\/\\\/schema.org\",\"@graph\":[{\"@type\":\"WebPage\",\"@id\":\"https:\\\/\\\/landioustravel.com\\\/ro\\\/shop\\\/excursie-cu-quad-marsa-alam\\\/\",\"url\":\"https:\\\/\\\/landioustravel.com\\\/ro\\\/shop\\\/excursie-cu-quad-marsa-alam\\\/\",\"name\":\"Excursie cu Quad Marsa Alam\",\"isPartOf\":{\"@id\":\"https:\\\/\\\/landioustravel.com\\\/ro\\\/#website\"},\"primaryImageOfPage\":{\"@id\":\"https:\\\/\\\/landioustravel.com\\\/ro\\\/shop\\\/excursie-cu-quad-marsa-alam\\\/#primaryimage\"},\"image\":{\"@id\":\"https:\\\/\\\/landioustravel.com\\\/ro\\\/shop\\\/excursie-cu-quad-marsa-alam\\\/#primaryimage\"},\"thumbnailUrl\":\"https:\\\/\\\/i0.wp.com\\\/landioustravel.com\\\/wp-content\\\/uploads\\\/2021\\\/08\\\/Quad-Biking-Trip-Marsa-Alam.jpeg?fit=900%2C600&ssl=1\",\"datePublished\":\"2021-12-01T20:37:16+00:00\",\"dateModified\":\"2023-06-22T03:56:39+00:00\",\"description\":\"Excursie cu Quad Marsa Alam C\u0103l\u0103toria v\u0103 permite s\u0103 v\u0103 familiariza\u021bi cu natura de\u0219ertului din Egipt \u0219i \u00eent\u00e2lnirea cu beduinii! \u00cen aceast\u0103\",\"breadcrumb\":{\"@id\":\"https:\\\/\\\/landioustravel.com\\\/ro\\\/shop\\\/excursie-cu-quad-marsa-alam\\\/#breadcrumb\"},\"inLanguage\":\"ro-RO\",\"potentialAction\":[{\"@type\":\"ReadAction\",\"target\":[\"https:\\\/\\\/landioustravel.com\\\/ro\\\/shop\\\/excursie-cu-quad-marsa-alam\\\/\"]}]},{\"@type\":\"ImageObject\",\"inLanguage\":\"ro-RO\",\"@id\":\"https:\\\/\\\/landioustravel.com\\\/ro\\\/shop\\\/excursie-cu-quad-marsa-alam\\\/#primaryimage\",\"url\":\"https:\\\/\\\/i0.wp.com\\\/landioustravel.com\\\/wp-content\\\/uploads\\\/2021\\\/08\\\/Quad-Biking-Trip-Marsa-Alam.jpeg?fit=900%2C600&ssl=1\",\"contentUrl\":\"https:\\\/\\\/i0.wp.com\\\/landioustravel.com\\\/wp-content\\\/uploads\\\/2021\\\/08\\\/Quad-Biking-Trip-Marsa-Alam.jpeg?fit=900%2C600&ssl=1\",\"width\":900,\"height\":600,\"caption\":\"Quad Biking Trip Marsa Alam\"},{\"@type\":\"BreadcrumbList\",\"@id\":\"https:\\\/\\\/landioustravel.com\\\/ro\\\/shop\\\/excursie-cu-quad-marsa-alam\\\/#breadcrumb\",\"itemListElement\":[{\"@type\":\"ListItem\",\"position\":1,\"name\":\"Home\",\"item\":\"https:\\\/\\\/landioustravel.com\\\/ro\\\/\"},{\"@type\":\"ListItem\",\"position\":2,\"name\":\"Servicii \u0219i excursii\",\"item\":\"https:\\\/\\\/landioustravel.com\\\/ro\\\/\"},{\"@type\":\"ListItem\",\"position\":3,\"name\":\"Excursie cu Quad Marsa Alam\"}]},{\"@type\":\"WebSite\",\"@id\":\"https:\\\/\\\/landioustravel.com\\\/ro\\\/#website\",\"url\":\"https:\\\/\\\/landioustravel.com\\\/ro\\\/\",\"name\":\"Landious Travel\",\"description\":\"Excursions, trips and cruises in Egypt\",\"publisher\":{\"@id\":\"https:\\\/\\\/landioustravel.com\\\/ro\\\/#organization\"},\"potentialAction\":[{\"@type\":\"SearchAction\",\"target\":{\"@type\":\"EntryPoint\",\"urlTemplate\":\"https:\\\/\\\/landioustravel.com\\\/ro\\\/?s={search_term_string}\"},\"query-input\":{\"@type\":\"PropertyValueSpecification\",\"valueRequired\":true,\"valueName\":\"search_term_string\"}}],\"inLanguage\":\"ro-RO\"},{\"@type\":[\"Organization\",\"Place\"],\"@id\":\"https:\\\/\\\/landioustravel.com\\\/ro\\\/#organization\",\"name\":\"Landious Travel\",\"alternateName\":\"Landious Travel\",\"url\":\"https:\\\/\\\/landioustravel.com\\\/ro\\\/\",\"logo\":{\"@id\":\"https:\\\/\\\/landioustravel.com\\\/ro\\\/shop\\\/excursie-cu-quad-marsa-alam\\\/#local-main-organization-logo\"},\"image\":{\"@id\":\"https:\\\/\\\/landioustravel.com\\\/ro\\\/shop\\\/excursie-cu-quad-marsa-alam\\\/#local-main-organization-logo\"},\"sameAs\":[\"https:\\\/\\\/web.facebook.com\\\/landiousEgypt\",\"https:\\\/\\\/x.com\\\/LandiousTours\",\"https:\\\/\\\/mastodon.social\\\/@landious\"],\"legalName\":\"Landious Travel\",\"telephone\":[],\"openingHoursSpecification\":[{\"@type\":\"OpeningHoursSpecification\",\"dayOfWeek\":[\"Monday\",\"Tuesday\",\"Wednesday\",\"Thursday\",\"Friday\",\"Saturday\",\"Sunday\"],\"opens\":\"09:00\",\"closes\":\"17:00\"}]},{\"@type\":\"ImageObject\",\"inLanguage\":\"ro-RO\",\"@id\":\"https:\\\/\\\/landioustravel.com\\\/ro\\\/shop\\\/excursie-cu-quad-marsa-alam\\\/#local-main-organization-logo\",\"url\":\"https:\\\/\\\/i0.wp.com\\\/landioustravel.com\\\/wp-content\\\/uploads\\\/2021\\\/06\\\/Landious-T.png?fit=500%2C500&ssl=1\",\"contentUrl\":\"https:\\\/\\\/i0.wp.com\\\/landioustravel.com\\\/wp-content\\\/uploads\\\/2021\\\/06\\\/Landious-T.png?fit=500%2C500&ssl=1\",\"width\":500,\"height\":500,\"caption\":\"Landious Travel\"}]}<\/script>\n<!-- \/ Yoast SEO Premium plugin. -->","yoast_head_json":{"title":"Excursie cu Quad Marsa Alam","description":"Excursie cu Quad Marsa Alam C\u0103l\u0103toria v\u0103 permite s\u0103 v\u0103 familiariza\u021bi cu natura de\u0219ertului din Egipt \u0219i \u00eent\u00e2lnirea cu beduinii! \u00cen aceast\u0103","robots":{"index":"index","follow":"follow","max-snippet":"max-snippet:-1","max-image-preview":"max-image-preview:large","max-video-preview":"max-video-preview:-1"},"canonical":"https:\/\/landioustravel.com\/ro\/shop\/excursie-cu-quad-marsa-alam\/","og_locale":"ro_RO","og_type":"article","og_title":"Excursie cu Quad Marsa Alam","og_description":"Landious Travel","og_url":"https:\/\/landioustravel.com\/ro\/shop\/excursie-cu-quad-marsa-alam\/","og_site_name":"Landious Travel","article_publisher":"https:\/\/web.facebook.com\/landiousEgypt","article_modified_time":"2023-06-22T03:56:39+00:00","og_image":[{"width":900,"height":600,"url":"https:\/\/i0.wp.com\/landioustravel.com\/wp-content\/uploads\/2021\/08\/Quad-Biking-Trip-Marsa-Alam.jpeg?fit=900%2C600&ssl=1","type":"image\/jpeg"}],"twitter_card":"summary_large_image","twitter_site":"@LandiousTours","twitter_misc":{"Timp estimat pentru citire":"3 minute"},"schema":{"@context":"https:\/\/schema.org","@graph":[{"@type":"WebPage","@id":"https:\/\/landioustravel.com\/ro\/shop\/excursie-cu-quad-marsa-alam\/","url":"https:\/\/landioustravel.com\/ro\/shop\/excursie-cu-quad-marsa-alam\/","name":"Excursie cu Quad Marsa Alam","isPartOf":{"@id":"https:\/\/landioustravel.com\/ro\/#website"},"primaryImageOfPage":{"@id":"https:\/\/landioustravel.com\/ro\/shop\/excursie-cu-quad-marsa-alam\/#primaryimage"},"image":{"@id":"https:\/\/landioustravel.com\/ro\/shop\/excursie-cu-quad-marsa-alam\/#primaryimage"},"thumbnailUrl":"https:\/\/i0.wp.com\/landioustravel.com\/wp-content\/uploads\/2021\/08\/Quad-Biking-Trip-Marsa-Alam.jpeg?fit=900%2C600&ssl=1","datePublished":"2021-12-01T20:37:16+00:00","dateModified":"2023-06-22T03:56:39+00:00","description":"Excursie cu Quad Marsa Alam C\u0103l\u0103toria v\u0103 permite s\u0103 v\u0103 familiariza\u021bi cu natura de\u0219ertului din Egipt \u0219i \u00eent\u00e2lnirea cu beduinii! \u00cen aceast\u0103","breadcrumb":{"@id":"https:\/\/landioustravel.com\/ro\/shop\/excursie-cu-quad-marsa-alam\/#breadcrumb"},"inLanguage":"ro-RO","potentialAction":[{"@type":"ReadAction","target":["https:\/\/landioustravel.com\/ro\/shop\/excursie-cu-quad-marsa-alam\/"]}]},{"@type":"ImageObject","inLanguage":"ro-RO","@id":"https:\/\/landioustravel.com\/ro\/shop\/excursie-cu-quad-marsa-alam\/#primaryimage","url":"https:\/\/i0.wp.com\/landioustravel.com\/wp-content\/uploads\/2021\/08\/Quad-Biking-Trip-Marsa-Alam.jpeg?fit=900%2C600&ssl=1","contentUrl":"https:\/\/i0.wp.com\/landioustravel.com\/wp-content\/uploads\/2021\/08\/Quad-Biking-Trip-Marsa-Alam.jpeg?fit=900%2C600&ssl=1","width":900,"height":600,"caption":"Quad Biking Trip Marsa Alam"},{"@type":"BreadcrumbList","@id":"https:\/\/landioustravel.com\/ro\/shop\/excursie-cu-quad-marsa-alam\/#breadcrumb","itemListElement":[{"@type":"ListItem","position":1,"name":"Home","item":"https:\/\/landioustravel.com\/ro\/"},{"@type":"ListItem","position":2,"name":"Servicii \u0219i excursii","item":"https:\/\/landioustravel.com\/ro\/"},{"@type":"ListItem","position":3,"name":"Excursie cu Quad Marsa Alam"}]},{"@type":"WebSite","@id":"https:\/\/landioustravel.com\/ro\/#website","url":"https:\/\/landioustravel.com\/ro\/","name":"Landious Travel","description":"Excursions, trips and cruises in Egypt","publisher":{"@id":"https:\/\/landioustravel.com\/ro\/#organization"},"potentialAction":[{"@type":"SearchAction","target":{"@type":"EntryPoint","urlTemplate":"https:\/\/landioustravel.com\/ro\/?s={search_term_string}"},"query-input":{"@type":"PropertyValueSpecification","valueRequired":true,"valueName":"search_term_string"}}],"inLanguage":"ro-RO"},{"@type":["Organization","Place"],"@id":"https:\/\/landioustravel.com\/ro\/#organization","name":"Landious Travel","alternateName":"Landious Travel","url":"https:\/\/landioustravel.com\/ro\/","logo":{"@id":"https:\/\/landioustravel.com\/ro\/shop\/excursie-cu-quad-marsa-alam\/#local-main-organization-logo"},"image":{"@id":"https:\/\/landioustravel.com\/ro\/shop\/excursie-cu-quad-marsa-alam\/#local-main-organization-logo"},"sameAs":["https:\/\/web.facebook.com\/landiousEgypt","https:\/\/x.com\/LandiousTours","https:\/\/mastodon.social\/@landious"],"legalName":"Landious Travel","telephone":[],"openingHoursSpecification":[{"@type":"OpeningHoursSpecification","dayOfWeek":["Monday","Tuesday","Wednesday","Thursday","Friday","Saturday","Sunday"],"opens":"09:00","closes":"17:00"}]},{"@type":"ImageObject","inLanguage":"ro-RO","@id":"https:\/\/landioustravel.com\/ro\/shop\/excursie-cu-quad-marsa-alam\/#local-main-organization-logo","url":"https:\/\/i0.wp.com\/landioustravel.com\/wp-content\/uploads\/2021\/06\/Landious-T.png?fit=500%2C500&ssl=1","contentUrl":"https:\/\/i0.wp.com\/landioustravel.com\/wp-content\/uploads\/2021\/06\/Landious-T.png?fit=500%2C500&ssl=1","width":500,"height":500,"caption":"Landious Travel"}]}},"jetpack_publicize_connections":[],"uagb_featured_image_src":{"full":["https:\/\/i0.wp.com\/landioustravel.com\/wp-content\/uploads\/2021\/08\/Quad-Biking-Trip-Marsa-Alam.jpeg?fit=900%2C600&ssl=1",900,600,false],"thumbnail":["https:\/\/i0.wp.com\/landioustravel.com\/wp-content\/uploads\/2021\/08\/Quad-Biking-Trip-Marsa-Alam.jpeg?resize=150%2C150&ssl=1",150,150,true],"medium":["https:\/\/i0.wp.com\/landioustravel.com\/wp-content\/uploads\/2021\/08\/Quad-Biking-Trip-Marsa-Alam.jpeg?fit=300%2C200&ssl=1",300,200,true],"medium_large":["https:\/\/i0.wp.com\/landioustravel.com\/wp-content\/uploads\/2021\/08\/Quad-Biking-Trip-Marsa-Alam.jpeg?fit=768%2C512&ssl=1",768,512,true],"large":["https:\/\/i0.wp.com\/landioustravel.com\/wp-content\/uploads\/2021\/08\/Quad-Biking-Trip-Marsa-Alam.jpeg?fit=900%2C600&ssl=1",900,600,true],"1536x1536":["https:\/\/i0.wp.com\/landioustravel.com\/wp-content\/uploads\/2021\/08\/Quad-Biking-Trip-Marsa-Alam.jpeg?fit=900%2C600&ssl=1",900,600,true],"2048x2048":["https:\/\/i0.wp.com\/landioustravel.com\/wp-content\/uploads\/2021\/08\/Quad-Biking-Trip-Marsa-Alam.jpeg?fit=900%2C600&ssl=1",900,600,true],"newspack-article-block-landscape-large":["https:\/\/i0.wp.com\/landioustravel.com\/wp-content\/uploads\/2021\/08\/Quad-Biking-Trip-Marsa-Alam.jpeg?resize=900%2C600&ssl=1",900,600,true],"newspack-article-block-portrait-large":["https:\/\/i0.wp.com\/landioustravel.com\/wp-content\/uploads\/2021\/08\/Quad-Biking-Trip-Marsa-Alam.jpeg?resize=900%2C600&ssl=1",900,600,true],"newspack-article-block-square-large":["https:\/\/i0.wp.com\/landioustravel.com\/wp-content\/uploads\/2021\/08\/Quad-Biking-Trip-Marsa-Alam.jpeg?resize=900%2C600&ssl=1",900,600,true],"newspack-article-block-landscape-medium":["https:\/\/i0.wp.com\/landioustravel.com\/wp-content\/uploads\/2021\/08\/Quad-Biking-Trip-Marsa-Alam.jpeg?resize=800%2C600&ssl=1",800,600,true],"newspack-article-block-portrait-medium":["https:\/\/i0.wp.com\/landioustravel.com\/wp-content\/uploads\/2021\/08\/Quad-Biking-Trip-Marsa-Alam.jpeg?resize=600%2C600&ssl=1",600,600,true],"newspack-article-block-square-medium":["https:\/\/i0.wp.com\/landioustravel.com\/wp-content\/uploads\/2021\/08\/Quad-Biking-Trip-Marsa-Alam.jpeg?resize=800%2C600&ssl=1",800,600,true],"newspack-article-block-landscape-intermediate":["https:\/\/i0.wp.com\/landioustravel.com\/wp-content\/uploads\/2021\/08\/Quad-Biking-Trip-Marsa-Alam.jpeg?resize=600%2C450&ssl=1",600,450,true],"newspack-article-block-portrait-intermediate":["https:\/\/i0.wp.com\/landioustravel.com\/wp-content\/uploads\/2021\/08\/Quad-Biking-Trip-Marsa-Alam.jpeg?resize=450%2C600&ssl=1",450,600,true],"newspack-article-block-square-intermediate":["https:\/\/i0.wp.com\/landioustravel.com\/wp-content\/uploads\/2021\/08\/Quad-Biking-Trip-Marsa-Alam.jpeg?resize=600%2C600&ssl=1",600,600,true],"newspack-article-block-landscape-small":["https:\/\/i0.wp.com\/landioustravel.com\/wp-content\/uploads\/2021\/08\/Quad-Biking-Trip-Marsa-Alam.jpeg?resize=400%2C300&ssl=1",400,300,true],"newspack-article-block-portrait-small":["https:\/\/i0.wp.com\/landioustravel.com\/wp-content\/uploads\/2021\/08\/Quad-Biking-Trip-Marsa-Alam.jpeg?resize=300%2C400&ssl=1",300,400,true],"newspack-article-block-square-small":["https:\/\/i0.wp.com\/landioustravel.com\/wp-content\/uploads\/2021\/08\/Quad-Biking-Trip-Marsa-Alam.jpeg?resize=400%2C400&ssl=1",400,400,true],"newspack-article-block-landscape-tiny":["https:\/\/i0.wp.com\/landioustravel.com\/wp-content\/uploads\/2021\/08\/Quad-Biking-Trip-Marsa-Alam.jpeg?resize=200%2C150&ssl=1",200,150,true],"newspack-article-block-portrait-tiny":["https:\/\/i0.wp.com\/landioustravel.com\/wp-content\/uploads\/2021\/08\/Quad-Biking-Trip-Marsa-Alam.jpeg?resize=150%2C200&ssl=1",150,200,true],"newspack-article-block-square-tiny":["https:\/\/i0.wp.com\/landioustravel.com\/wp-content\/uploads\/2021\/08\/Quad-Biking-Trip-Marsa-Alam.jpeg?resize=200%2C200&ssl=1",200,200,true],"newspack-article-block-uncropped":["https:\/\/i0.wp.com\/landioustravel.com\/wp-content\/uploads\/2021\/08\/Quad-Biking-Trip-Marsa-Alam.jpeg?fit=900%2C600&ssl=1",900,600,true],"woocommerce_thumbnail":["https:\/\/i0.wp.com\/landioustravel.com\/wp-content\/uploads\/2021\/08\/Quad-Biking-Trip-Marsa-Alam.jpeg?resize=324%2C324&ssl=1",324,324,true],"woocommerce_single":["https:\/\/i0.wp.com\/landioustravel.com\/wp-content\/uploads\/2021\/08\/Quad-Biking-Trip-Marsa-Alam.jpeg?fit=416%2C277&ssl=1",416,277,true],"woocommerce_gallery_thumbnail":["https:\/\/i0.wp.com\/landioustravel.com\/wp-content\/uploads\/2021\/08\/Quad-Biking-Trip-Marsa-Alam.jpeg?resize=100%2C100&ssl=1",100,100,true]},"uagb_author_info":{"display_name":"Mofreh Landious","author_link":"https:\/\/landioustravel.com\/ro\/author\/"},"uagb_comment_info":0,"uagb_excerpt":"Experimenta\u021bi aventura suprem\u0103 \u00een de\u0219ertul uimitor Marsa Alam cu excursia noastr\u0103 cu Quad Biking! Acest tur palpitant de safari de trei ore v\u0103 va duce \u00eentr-o c\u0103l\u0103torie de neuitat prin mun\u021bii Marsa Alam, unde ve\u021bi avea \u0219ansa de a c\u0103l\u0103ri o c\u0103mil\u0103 \u0219i de a explora modul de via\u021b\u0103 beduin. Apropia\u021bi-v\u0103 de natura incredibil\u0103 de\u0219ertic\u0103&hellip;","jetpack_sharing_enabled":true,"jetpack_likes_enabled":true,"amp_enabled":true,"_links":{"self":[{"href":"https:\/\/landioustravel.com\/ro\/wp-json\/wp\/v2\/product\/39746","targetHints":{"allow":["GET"]}}],"collection":[{"href":"https:\/\/landioustravel.com\/ro\/wp-json\/wp\/v2\/product"}],"about":[{"href":"https:\/\/landioustravel.com\/ro\/wp-json\/wp\/v2\/types\/product"}],"replies":[{"embeddable":true,"href":"https:\/\/landioustravel.com\/ro\/wp-json\/wp\/v2\/comments?post=39746"}],"wp:featuredmedia":[{"embeddable":true,"href":"https:\/\/landioustravel.com\/ro\/wp-json\/wp\/v2\/media\/127631"}],"wp:attachment":[{"href":"https:\/\/landioustravel.com\/ro\/wp-json\/wp\/v2\/media?parent=39746"}],"wp:term":[{"taxonomy":"product_brand","embeddable":true,"href":"https:\/\/landioustravel.com\/ro\/wp-json\/wp\/v2\/product_brand?post=39746"},{"taxonomy":"product_cat","embeddable":true,"href":"https:\/\/landioustravel.com\/ro\/wp-json\/wp\/v2\/product_cat?post=39746"},{"taxonomy":"product_tag","embeddable":true,"href":"https:\/\/landioustravel.com\/ro\/wp-json\/wp\/v2\/product_tag?post=39746"}],"curies":[{"name":"wp","href":"https:\/\/api.w.org\/{rel}","templated":true}]}}