{"id":39761,"date":"2021-03-14T03:57:18","date_gmt":"2021-12-02T19:18:34","guid":{"rendered":"https:\/\/landioustravel.com\/?post_type=product&#038;p=39761"},"modified":"2021-12-02T21:18:36","modified_gmt":"2021-12-02T19:18:36","slug":"turul-semisubmarinului-hurghada","status":"publish","type":"product","link":"https:\/\/landioustravel.com\/ro\/shop\/turul-semisubmarinului-hurghada\/","title":{"rendered":"Turul semisubmarinului Hurghada"},"content":{"rendered":"<p>REZERVARE ONLINE TUR SEMISUBMARIN HURGHADA SI CEL MAI BUN PRET! Este o excursie pe mare preferat\u0103 pe un semisubmarin modern \u00een Hurghada, Egipt! Recomand\u0103m cu certitudine excursia pentru c\u0103 de obicei permite turi\u0219tilor de orice v\u00e2rst\u0103 s\u0103 se distreze pe mare, urm\u0103rind cu ner\u0103bdare recifele de corali \u0219i mul\u021bi pe\u0219ti. \u0218i, de asemenea, v\u0103 permite s\u0103 v\u0103 bucura\u021bi din plin de un picnic pe mare prin Marea Ro\u0219ie. Va fi vesel s\u0103 vede\u021bi insulele Giftun \u2013 una dintre insulele M\u0103rii Ro\u0219ii! F\u0103r\u0103 \u00eendoial\u0103, acest tur ghidat v\u0103 va oferi activit\u0103\u021bi distractive \u0219i de divertisment pentru dvs. \u0219i pentru \u00eentreaga familie.<\/p>\n<h2>Repere din turul semisubmarinului Hurghada<\/h2>\n<ul>\n<li>Bucura\u021bi-v\u0103 de un picnic pe mare peste Marea Ro\u0219ie.<\/li>\n<li>Urm\u0103re\u0219te lumea subacvatic\u0103 la bordul unui semisubmarin.<\/li>\n<li>Face\u021bi snorkel \u00een mare deschis\u0103 cu m\u0103\u0219ti \u0219i napi.<\/li>\n<li>Vezi terasamentele din Hurghada (Bulevardul Marina).<\/li>\n<li>Mai mult, ajunge\u021bi \u00een port \u0219i navigatorii cunosc\u0103tori fac iahturi \u0219i b\u0103rci.<\/li>\n<li>Apoi, inspec\u021bia celei mai mari moschei din Hurghada.<\/li>\n<li>Dup\u0103 aceea, vizita\u021bi pie\u021bele de fructe \u0219i pe\u0219te.<\/li>\n<li>Excursia include o vizita la Biserica Ortodoxa.<\/li>\n<li>\u00cen sf\u00e2r\u0219it, cump\u0103r\u0103turi \u00een fabrica de ulei \u0219i sala de suveniruri.<\/li>\n<\/ul>\n<h2>Programul Turului Semi-Submarin<\/h2>\n<ul>\n<li>La \u00eenceput, reprezentantul Landious Travel v\u0103 va prelua de la hotel la aproximativ 10:00.<\/li>\n<\/ul>\n<h3>Vedere panoramic\u0103 la Hurghada<\/h3>\n<ul>\n<li>La \u00eenceput, ve\u021bi face o imagine de ansamblu panoramic\u0103 a Hurghadei. V\u0103 va permite s\u0103 v\u0103 bucura\u021bi de o panoram\u0103 fantastic\u0103 a M\u0103rii Ro\u0219ii. \u00cen consecin\u021b\u0103, ghidul t\u0103u va oferi informa\u021bii despre diversele zone din Hurghada.<\/li>\n<\/ul>\n<h3>Zona Saqqala<\/h3>\n<ul>\n<li>Urm\u00e2nd aceast\u0103 vedere panoramic\u0103 a Hurghadei, ve\u021bi conduce pe strada cunoscut\u0103 Sheraton \u0219i ve\u021bi vedea Ora\u0219ul Vechi \u2013 Sakkala.<\/li>\n<li>\u00cen continuare, \u00een limitele Sakkala, ve\u021bi vizita terasamentele \u00eenierbate ale Bulevardului Marina. \u00cen acest loc atractiv, unde ve\u021bi inspecta cu aten\u021bie o mul\u021bime de b\u0103rci, iahturi de lux \u0219i cafenele.<\/li>\n<\/ul>\n<h3>Navigarea la bordul semisubmarinului<\/h3>\n<ul>\n<li>La \u00eenceputul naviga\u021biei, ve\u021bi avea un picnic pe mare l\u00e2ng\u0103 Marea Ro\u0219ie.<\/li>\n<li>Apoi, vei cobor\u00ee la etajul de jos al semi-submarinului. Acolo, pute\u021bi s\u0103 v\u0103 a\u0219eza\u021bi \u0219i s\u0103 urm\u0103ri\u021bi pe\u0219tii \u0219i recifele de corali timp de aproximativ 45 de minute.<\/li>\n<li>Mai departe, semisubmarinul se va opri \u00een larg. Astfel, vei putea \u00eenota \u00een oceanul liber timp de aproximativ 45 de minute.<\/li>\n<li>Pe drumul \u00eenapoi spre port, ve\u021bi avea \u0219ansa de a vedea \u0219i recife de corali \u0219i pe\u0219ti.<\/li>\n<\/ul>\n<h3>Turul ora\u0219ului vechi<\/h3>\n<ul>\n<li>Dup\u0103 aceea, ve\u021bi ajunge la pia\u021ba de pe\u0219te din apropiere. Este o pia\u021b\u0103 local\u0103 unde pescarii v\u00e2nd pe\u0219te. \u00cen aceast\u0103 pia\u021b\u0103, ve\u021bi avea ocazia s\u0103 \u00eent\u00e2lni\u021bi pescarii locali. \u00cen plus, ve\u021bi arunca o privire asupra numero\u0219ilor pe\u0219ti pe care \u00eei v\u00e2nd publicului. Din punct de vedere istoric, este o parte a celui mai vechi port maritim din Hurghada.<\/li>\n<li>Dup\u0103 aceea, ve\u021bi merge \u00eenainte spre Moscheea El-Mina. Este cea mai mare moschee din Hurghada. Moscheea El-Mina este proeminent\u0103 cu cele dou\u0103 minarete falnice.<\/li>\n<li>\u00cen cele din urm\u0103, ve\u021bi vedea portul vechi. Este un \u0219antier naval \u00een care muncitorii construiesc b\u0103rci \u0219i iahturi.<\/li>\n<\/ul>\n<h3>Pr\u00e2nz la un restaurant de pe\u0219te<\/h3>\n<ul>\n<li>Odat\u0103 ce ai terminat acest tur minunat \u00een ora\u0219ul vechi, te vei \u00eendrepta c\u0103tre restaurantul de pe\u0219te. Desigur, ve\u021bi savura un pr\u00e2nz delicios \u0219i ve\u021bi savura pe\u0219tele g\u0103tit de la Marea Ro\u0219ie.<\/li>\n<\/ul>\n<h3>Zona Dahar<\/h3>\n<ul>\n<li>De \u00eendat\u0103 ce vizita dumneavoastr\u0103 \u00een ora\u0219ul vechi se \u00eencheie, v\u0103 ve\u021bi \u00eendrepta c\u0103tre zona modern\u0103 din Dahar.<\/li>\n<li>\u00cen Dahar, ve\u021bi vizita Biserica Ortodox\u0103 Copt\u0103 numit\u0103 Biserica Sf\u00e2nta Maria p\u00e2n\u0103 atunci. Este cea mai proeminent\u0103 biseric\u0103 din Hurghada, unde cre\u0219tinii merg pentru rug\u0103ciuni. Biserica Sf\u00e2nta Maria are 100 de ani.<\/li>\n<\/ul>\n<h3>Cump\u0103r\u0103turi<\/h3>\n<ul>\n<li>\u00cenainte de \u00eencheierea acestui fantastic tur tur \u00een Hurghada, ve\u021bi vizita fabrica de ulei \u0219i sala de suveniruri.<\/li>\n<\/ul>\n<h3>Acas\u0103 \u00cenapoi<\/h3>\n<ul>\n<li>\u00cen cele din urm\u0103, v\u0103 vom \u00eenso\u021bi \u00eenapoi la hotelurile dvs.<\/li>\n<li>Acest tur de ora\u0219 prin Hurghada cu o vel\u0103 semi-submarin\u0103 la bord se \u00eencheie la aproximativ 18:00.<\/li>\n<\/ul>\n<h2>Ce include pre\u021bul turului semi-submarin la Hurghada?<\/h2>\n<ul>\n<li>Transfer la acvariu \u0219i \u00eenapoi la hotel.<\/li>\n<li>De asemenea, bilete de intrare.<\/li>\n<\/ul>\n<h2>Ce nu include Programul de excursie semi-submarin\u0103 Hurghada?<\/h2>\n<ul>\n<li>DVD video.<\/li>\n<li>De asemenea, CD-ul cu fotografii.<\/li>\n<\/ul>\n<h2>Ce s\u0103 iei cu tine \u00een c\u0103l\u0103torie?<\/h2>\n<ul>\n<li>Ochelari de soare.<\/li>\n<li>Toi<\/li>\n<\/ul>\n<h2>Zilele de rezervare ale turului turistic semi-submarin Hurghada<\/h2>\n<ul>\n<li>Zilnic \u00eentre orele 14:00 \u2013 20:00.<\/li>\n<\/ul>\n","protected":false},"excerpt":{"rendered":"<p>O excursie minunat\u0103 pe mare pe un semisubmarin cu dou\u0103 pun\u021bi \u00een Hurghada! Turul v\u0103 permite s\u0103 vede\u021bi recifele magnifice \u0219i pe\u0219tii colora\u021bi ai M\u0103rii Ro\u0219ii la bordul unui semisubmarin. Barca \u00een sine plute\u0219te pe suprafa\u021ba apei, \u00een timp ce fundul acesteia merge sub ap\u0103 la o ad\u00e2ncime de 4 metri. Pute\u021bi admira Marea Ro\u0219ie prin ferestrele mari \u0219i largi.<\/p>\n<p>Pute\u021bi admira Marea Ro\u0219ie \u2013 puntea inferioar\u0103 este echipat\u0103 cu ferestre panoramice de jum\u0103tate de metru pentru a observa lumea subacvatic\u0103. Programul include \u00een mod invariabil \u00eenot \u0219i snorkelling cu m\u0103\u0219ti \u0219i flippers \u00een larg.<\/p>\n","protected":false},"featured_media":53293,"comment_status":"open","ping_status":"closed","template":"","meta":{"_coblocks_attr":"","_coblocks_dimensions":"","_coblocks_responsive_height":"","_coblocks_accordion_ie_support":"","_uag_custom_page_level_css":"","jetpack_publicize_message":"","jetpack_publicize_feature_enabled":true,"jetpack_social_post_already_shared":true,"jetpack_social_options":{"image_generator_settings":{"template":"highway","default_image_id":0,"font":"","enabled":false},"version":2},"_wpas_customize_per_network":false},"product_brand":[],"product_cat":[19669,19656],"product_tag":[19684,19699,19689,19698,19677],"class_list":{"0":"post-39761","1":"product","2":"type-product","3":"status-publish","4":"has-post-thumbnail","6":"product_cat-excursii-individuale-hurghada","7":"product_cat-tururi-de-oras-in-hurghada","8":"product_tag-excursie-ro","9":"product_tag-excursii-cu-barca","10":"product_tag-hurghada-ro","11":"product_tag-marea","12":"product_tag-turul-orasului","13":"pa_age-adult-ro","14":"pa_age-copil-1-4-ani","15":"pa_age-copil-5-11-ani","17":"first","18":"instock","19":"sale","20":"taxable","21":"shipping-taxable","22":"purchasable","23":"product-type-variable"},"yoast_head":"<!-- This site is optimized with the Yoast SEO Premium plugin v27.5 (Yoast SEO v27.5) - https:\/\/yoast.com\/product\/yoast-seo-premium-wordpress\/ -->\n<title>Turul semisubmarinului Hurghada<\/title>\n<meta name=\"description\" content=\"Turul semisubmarinului Hurghada Turul v\u0103 permite s\u0103 vede\u021bi recifele magnifice \u0219i pe\u0219tii colora\u021bi ai M\u0103rii Ro\u0219ii la bordul unui semisubmarin\" \/>\n<meta name=\"robots\" content=\"index, follow, max-snippet:-1, max-image-preview:large, max-video-preview:-1\" \/>\n<link rel=\"canonical\" href=\"https:\/\/landioustravel.com\/ro\/shop\/turul-semisubmarinului-hurghada\/\" \/>\n<meta property=\"og:locale\" content=\"ro_RO\" \/>\n<meta property=\"og:type\" content=\"article\" \/>\n<meta property=\"og:title\" content=\"Turul semisubmarinului Hurghada\" \/>\n<meta property=\"og:description\" content=\"Landious Travel\" \/>\n<meta property=\"og:url\" content=\"https:\/\/landioustravel.com\/ro\/shop\/turul-semisubmarinului-hurghada\/\" \/>\n<meta property=\"og:site_name\" content=\"Landious Travel\" \/>\n<meta property=\"article:publisher\" content=\"https:\/\/web.facebook.com\/landiousEgypt\" \/>\n<meta property=\"article:modified_time\" content=\"2021-12-02T19:18:36+00:00\" \/>\n<meta property=\"og:image\" content=\"https:\/\/i0.wp.com\/landioustravel.com\/wp-content\/uploads\/2021\/03\/Semi-Submarine-Trip-Hurghada-e1623681169122.jpg?fit=1200%2C675&ssl=1\" \/>\n\t<meta property=\"og:image:width\" content=\"1200\" \/>\n\t<meta property=\"og:image:height\" content=\"675\" \/>\n\t<meta property=\"og:image:type\" content=\"image\/jpeg\" \/>\n<meta name=\"twitter:card\" content=\"summary_large_image\" \/>\n<meta name=\"twitter:site\" content=\"@LandiousTours\" \/>\n<meta name=\"twitter:label1\" content=\"Timp estimat pentru citire\" \/>\n\t<meta name=\"twitter:data1\" content=\"3 minute\" \/>\n<script type=\"application\/ld+json\" class=\"yoast-schema-graph\">{\"@context\":\"https:\\\/\\\/schema.org\",\"@graph\":[{\"@type\":\"WebPage\",\"@id\":\"https:\\\/\\\/landioustravel.com\\\/ro\\\/shop\\\/turul-semisubmarinului-hurghada\\\/\",\"url\":\"https:\\\/\\\/landioustravel.com\\\/ro\\\/shop\\\/turul-semisubmarinului-hurghada\\\/\",\"name\":\"Turul semisubmarinului Hurghada\",\"isPartOf\":{\"@id\":\"https:\\\/\\\/landioustravel.com\\\/ro\\\/#website\"},\"primaryImageOfPage\":{\"@id\":\"https:\\\/\\\/landioustravel.com\\\/ro\\\/shop\\\/turul-semisubmarinului-hurghada\\\/#primaryimage\"},\"image\":{\"@id\":\"https:\\\/\\\/landioustravel.com\\\/ro\\\/shop\\\/turul-semisubmarinului-hurghada\\\/#primaryimage\"},\"thumbnailUrl\":\"https:\\\/\\\/i0.wp.com\\\/landioustravel.com\\\/wp-content\\\/uploads\\\/2021\\\/03\\\/Semi-Submarine-Trip-Hurghada-e1623681169122.jpg?fit=1200%2C675&ssl=1\",\"datePublished\":\"2021-12-02T19:18:34+00:00\",\"dateModified\":\"2021-12-02T19:18:36+00:00\",\"description\":\"Turul semisubmarinului Hurghada Turul v\u0103 permite s\u0103 vede\u021bi recifele magnifice \u0219i pe\u0219tii colora\u021bi ai M\u0103rii Ro\u0219ii la bordul unui semisubmarin\",\"breadcrumb\":{\"@id\":\"https:\\\/\\\/landioustravel.com\\\/ro\\\/shop\\\/turul-semisubmarinului-hurghada\\\/#breadcrumb\"},\"inLanguage\":\"ro-RO\",\"potentialAction\":[{\"@type\":\"ReadAction\",\"target\":[\"https:\\\/\\\/landioustravel.com\\\/ro\\\/shop\\\/turul-semisubmarinului-hurghada\\\/\"]}]},{\"@type\":\"ImageObject\",\"inLanguage\":\"ro-RO\",\"@id\":\"https:\\\/\\\/landioustravel.com\\\/ro\\\/shop\\\/turul-semisubmarinului-hurghada\\\/#primaryimage\",\"url\":\"https:\\\/\\\/i0.wp.com\\\/landioustravel.com\\\/wp-content\\\/uploads\\\/2021\\\/03\\\/Semi-Submarine-Trip-Hurghada-e1623681169122.jpg?fit=1200%2C675&ssl=1\",\"contentUrl\":\"https:\\\/\\\/i0.wp.com\\\/landioustravel.com\\\/wp-content\\\/uploads\\\/2021\\\/03\\\/Semi-Submarine-Trip-Hurghada-e1623681169122.jpg?fit=1200%2C675&ssl=1\",\"width\":1200,\"height\":675,\"caption\":\"Semi Submarine Trip Hurghada\"},{\"@type\":\"BreadcrumbList\",\"@id\":\"https:\\\/\\\/landioustravel.com\\\/ro\\\/shop\\\/turul-semisubmarinului-hurghada\\\/#breadcrumb\",\"itemListElement\":[{\"@type\":\"ListItem\",\"position\":1,\"name\":\"Home\",\"item\":\"https:\\\/\\\/landioustravel.com\\\/ro\\\/\"},{\"@type\":\"ListItem\",\"position\":2,\"name\":\"Servicii \u0219i excursii\",\"item\":\"https:\\\/\\\/landioustravel.com\\\/ro\\\/\"},{\"@type\":\"ListItem\",\"position\":3,\"name\":\"Turul semisubmarinului Hurghada\"}]},{\"@type\":\"WebSite\",\"@id\":\"https:\\\/\\\/landioustravel.com\\\/ro\\\/#website\",\"url\":\"https:\\\/\\\/landioustravel.com\\\/ro\\\/\",\"name\":\"Landious Travel\",\"description\":\"Excursions, trips and cruises in Egypt\",\"publisher\":{\"@id\":\"https:\\\/\\\/landioustravel.com\\\/ro\\\/#organization\"},\"potentialAction\":[{\"@type\":\"SearchAction\",\"target\":{\"@type\":\"EntryPoint\",\"urlTemplate\":\"https:\\\/\\\/landioustravel.com\\\/ro\\\/?s={search_term_string}\"},\"query-input\":{\"@type\":\"PropertyValueSpecification\",\"valueRequired\":true,\"valueName\":\"search_term_string\"}}],\"inLanguage\":\"ro-RO\"},{\"@type\":[\"Organization\",\"Place\"],\"@id\":\"https:\\\/\\\/landioustravel.com\\\/ro\\\/#organization\",\"name\":\"Landious Travel\",\"alternateName\":\"Landious Travel\",\"url\":\"https:\\\/\\\/landioustravel.com\\\/ro\\\/\",\"logo\":{\"@id\":\"https:\\\/\\\/landioustravel.com\\\/ro\\\/shop\\\/turul-semisubmarinului-hurghada\\\/#local-main-organization-logo\"},\"image\":{\"@id\":\"https:\\\/\\\/landioustravel.com\\\/ro\\\/shop\\\/turul-semisubmarinului-hurghada\\\/#local-main-organization-logo\"},\"sameAs\":[\"https:\\\/\\\/web.facebook.com\\\/landiousEgypt\",\"https:\\\/\\\/x.com\\\/LandiousTours\",\"https:\\\/\\\/mastodon.social\\\/@landious\"],\"legalName\":\"Landious Travel\",\"telephone\":[],\"openingHoursSpecification\":[{\"@type\":\"OpeningHoursSpecification\",\"dayOfWeek\":[\"Monday\",\"Tuesday\",\"Wednesday\",\"Thursday\",\"Friday\",\"Saturday\",\"Sunday\"],\"opens\":\"09:00\",\"closes\":\"17:00\"}]},{\"@type\":\"ImageObject\",\"inLanguage\":\"ro-RO\",\"@id\":\"https:\\\/\\\/landioustravel.com\\\/ro\\\/shop\\\/turul-semisubmarinului-hurghada\\\/#local-main-organization-logo\",\"url\":\"https:\\\/\\\/i0.wp.com\\\/landioustravel.com\\\/wp-content\\\/uploads\\\/2021\\\/06\\\/Landious-T.png?fit=500%2C500&ssl=1\",\"contentUrl\":\"https:\\\/\\\/i0.wp.com\\\/landioustravel.com\\\/wp-content\\\/uploads\\\/2021\\\/06\\\/Landious-T.png?fit=500%2C500&ssl=1\",\"width\":500,\"height\":500,\"caption\":\"Landious Travel\"}]}<\/script>\n<!-- \/ Yoast SEO Premium plugin. -->","yoast_head_json":{"title":"Turul semisubmarinului Hurghada","description":"Turul semisubmarinului Hurghada Turul v\u0103 permite s\u0103 vede\u021bi recifele magnifice \u0219i pe\u0219tii colora\u021bi ai M\u0103rii Ro\u0219ii la bordul unui semisubmarin","robots":{"index":"index","follow":"follow","max-snippet":"max-snippet:-1","max-image-preview":"max-image-preview:large","max-video-preview":"max-video-preview:-1"},"canonical":"https:\/\/landioustravel.com\/ro\/shop\/turul-semisubmarinului-hurghada\/","og_locale":"ro_RO","og_type":"article","og_title":"Turul semisubmarinului Hurghada","og_description":"Landious Travel","og_url":"https:\/\/landioustravel.com\/ro\/shop\/turul-semisubmarinului-hurghada\/","og_site_name":"Landious Travel","article_publisher":"https:\/\/web.facebook.com\/landiousEgypt","article_modified_time":"2021-12-02T19:18:36+00:00","og_image":[{"width":1200,"height":675,"url":"https:\/\/i0.wp.com\/landioustravel.com\/wp-content\/uploads\/2021\/03\/Semi-Submarine-Trip-Hurghada-e1623681169122.jpg?fit=1200%2C675&ssl=1","type":"image\/jpeg"}],"twitter_card":"summary_large_image","twitter_site":"@LandiousTours","twitter_misc":{"Timp estimat pentru citire":"3 minute"},"schema":{"@context":"https:\/\/schema.org","@graph":[{"@type":"WebPage","@id":"https:\/\/landioustravel.com\/ro\/shop\/turul-semisubmarinului-hurghada\/","url":"https:\/\/landioustravel.com\/ro\/shop\/turul-semisubmarinului-hurghada\/","name":"Turul semisubmarinului Hurghada","isPartOf":{"@id":"https:\/\/landioustravel.com\/ro\/#website"},"primaryImageOfPage":{"@id":"https:\/\/landioustravel.com\/ro\/shop\/turul-semisubmarinului-hurghada\/#primaryimage"},"image":{"@id":"https:\/\/landioustravel.com\/ro\/shop\/turul-semisubmarinului-hurghada\/#primaryimage"},"thumbnailUrl":"https:\/\/i0.wp.com\/landioustravel.com\/wp-content\/uploads\/2021\/03\/Semi-Submarine-Trip-Hurghada-e1623681169122.jpg?fit=1200%2C675&ssl=1","datePublished":"2021-12-02T19:18:34+00:00","dateModified":"2021-12-02T19:18:36+00:00","description":"Turul semisubmarinului Hurghada Turul v\u0103 permite s\u0103 vede\u021bi recifele magnifice \u0219i pe\u0219tii colora\u021bi ai M\u0103rii Ro\u0219ii la bordul unui semisubmarin","breadcrumb":{"@id":"https:\/\/landioustravel.com\/ro\/shop\/turul-semisubmarinului-hurghada\/#breadcrumb"},"inLanguage":"ro-RO","potentialAction":[{"@type":"ReadAction","target":["https:\/\/landioustravel.com\/ro\/shop\/turul-semisubmarinului-hurghada\/"]}]},{"@type":"ImageObject","inLanguage":"ro-RO","@id":"https:\/\/landioustravel.com\/ro\/shop\/turul-semisubmarinului-hurghada\/#primaryimage","url":"https:\/\/i0.wp.com\/landioustravel.com\/wp-content\/uploads\/2021\/03\/Semi-Submarine-Trip-Hurghada-e1623681169122.jpg?fit=1200%2C675&ssl=1","contentUrl":"https:\/\/i0.wp.com\/landioustravel.com\/wp-content\/uploads\/2021\/03\/Semi-Submarine-Trip-Hurghada-e1623681169122.jpg?fit=1200%2C675&ssl=1","width":1200,"height":675,"caption":"Semi Submarine Trip Hurghada"},{"@type":"BreadcrumbList","@id":"https:\/\/landioustravel.com\/ro\/shop\/turul-semisubmarinului-hurghada\/#breadcrumb","itemListElement":[{"@type":"ListItem","position":1,"name":"Home","item":"https:\/\/landioustravel.com\/ro\/"},{"@type":"ListItem","position":2,"name":"Servicii \u0219i excursii","item":"https:\/\/landioustravel.com\/ro\/"},{"@type":"ListItem","position":3,"name":"Turul semisubmarinului Hurghada"}]},{"@type":"WebSite","@id":"https:\/\/landioustravel.com\/ro\/#website","url":"https:\/\/landioustravel.com\/ro\/","name":"Landious Travel","description":"Excursions, trips and cruises in Egypt","publisher":{"@id":"https:\/\/landioustravel.com\/ro\/#organization"},"potentialAction":[{"@type":"SearchAction","target":{"@type":"EntryPoint","urlTemplate":"https:\/\/landioustravel.com\/ro\/?s={search_term_string}"},"query-input":{"@type":"PropertyValueSpecification","valueRequired":true,"valueName":"search_term_string"}}],"inLanguage":"ro-RO"},{"@type":["Organization","Place"],"@id":"https:\/\/landioustravel.com\/ro\/#organization","name":"Landious Travel","alternateName":"Landious Travel","url":"https:\/\/landioustravel.com\/ro\/","logo":{"@id":"https:\/\/landioustravel.com\/ro\/shop\/turul-semisubmarinului-hurghada\/#local-main-organization-logo"},"image":{"@id":"https:\/\/landioustravel.com\/ro\/shop\/turul-semisubmarinului-hurghada\/#local-main-organization-logo"},"sameAs":["https:\/\/web.facebook.com\/landiousEgypt","https:\/\/x.com\/LandiousTours","https:\/\/mastodon.social\/@landious"],"legalName":"Landious Travel","telephone":[],"openingHoursSpecification":[{"@type":"OpeningHoursSpecification","dayOfWeek":["Monday","Tuesday","Wednesday","Thursday","Friday","Saturday","Sunday"],"opens":"09:00","closes":"17:00"}]},{"@type":"ImageObject","inLanguage":"ro-RO","@id":"https:\/\/landioustravel.com\/ro\/shop\/turul-semisubmarinului-hurghada\/#local-main-organization-logo","url":"https:\/\/i0.wp.com\/landioustravel.com\/wp-content\/uploads\/2021\/06\/Landious-T.png?fit=500%2C500&ssl=1","contentUrl":"https:\/\/i0.wp.com\/landioustravel.com\/wp-content\/uploads\/2021\/06\/Landious-T.png?fit=500%2C500&ssl=1","width":500,"height":500,"caption":"Landious Travel"}]}},"jetpack_publicize_connections":[],"uagb_featured_image_src":{"full":["https:\/\/i0.wp.com\/landioustravel.com\/wp-content\/uploads\/2021\/03\/Semi-Submarine-Trip-Hurghada-e1623681169122.jpg?fit=1200%2C675&ssl=1",1200,675,false],"thumbnail":["https:\/\/i0.wp.com\/landioustravel.com\/wp-content\/uploads\/2021\/03\/Semi-Submarine-Trip-Hurghada-e1623681169122.jpg?resize=150%2C150&ssl=1",150,150,true],"medium":["https:\/\/i0.wp.com\/landioustravel.com\/wp-content\/uploads\/2021\/03\/Semi-Submarine-Trip-Hurghada-e1623681169122.jpg?fit=300%2C169&ssl=1",300,169,true],"medium_large":["https:\/\/i0.wp.com\/landioustravel.com\/wp-content\/uploads\/2021\/03\/Semi-Submarine-Trip-Hurghada-e1623681169122.jpg?fit=768%2C432&ssl=1",768,432,true],"large":["https:\/\/i0.wp.com\/landioustravel.com\/wp-content\/uploads\/2021\/03\/Semi-Submarine-Trip-Hurghada-e1623681169122.jpg?fit=980%2C551&ssl=1",980,551,true],"1536x1536":["https:\/\/i0.wp.com\/landioustravel.com\/wp-content\/uploads\/2021\/03\/Semi-Submarine-Trip-Hurghada-e1623681169122.jpg?fit=1200%2C675&ssl=1",1200,675,true],"2048x2048":["https:\/\/i0.wp.com\/landioustravel.com\/wp-content\/uploads\/2021\/03\/Semi-Submarine-Trip-Hurghada-e1623681169122.jpg?fit=1200%2C675&ssl=1",1200,675,true],"newspack-article-block-landscape-large":["https:\/\/i0.wp.com\/landioustravel.com\/wp-content\/uploads\/2021\/03\/Semi-Submarine-Trip-Hurghada-e1623681169122.jpg?resize=1200%2C675&ssl=1",1200,675,true],"newspack-article-block-portrait-large":["https:\/\/i0.wp.com\/landioustravel.com\/wp-content\/uploads\/2021\/03\/Semi-Submarine-Trip-Hurghada-e1623681169122.jpg?resize=900%2C675&ssl=1",900,675,true],"newspack-article-block-square-large":["https:\/\/i0.wp.com\/landioustravel.com\/wp-content\/uploads\/2021\/03\/Semi-Submarine-Trip-Hurghada-e1623681169122.jpg?resize=1200%2C675&ssl=1",1200,675,true],"newspack-article-block-landscape-medium":["https:\/\/i0.wp.com\/landioustravel.com\/wp-content\/uploads\/2021\/03\/Semi-Submarine-Trip-Hurghada-e1623681169122.jpg?resize=800%2C600&ssl=1",800,600,true],"newspack-article-block-portrait-medium":["https:\/\/i0.wp.com\/landioustravel.com\/wp-content\/uploads\/2021\/03\/Semi-Submarine-Trip-Hurghada-e1623681169122.jpg?resize=600%2C675&ssl=1",600,675,true],"newspack-article-block-square-medium":["https:\/\/i0.wp.com\/landioustravel.com\/wp-content\/uploads\/2021\/03\/Semi-Submarine-Trip-Hurghada-e1623681169122.jpg?resize=800%2C675&ssl=1",800,675,true],"newspack-article-block-landscape-intermediate":["https:\/\/i0.wp.com\/landioustravel.com\/wp-content\/uploads\/2021\/03\/Semi-Submarine-Trip-Hurghada-e1623681169122.jpg?resize=600%2C450&ssl=1",600,450,true],"newspack-article-block-portrait-intermediate":["https:\/\/i0.wp.com\/landioustravel.com\/wp-content\/uploads\/2021\/03\/Semi-Submarine-Trip-Hurghada-e1623681169122.jpg?resize=450%2C600&ssl=1",450,600,true],"newspack-article-block-square-intermediate":["https:\/\/i0.wp.com\/landioustravel.com\/wp-content\/uploads\/2021\/03\/Semi-Submarine-Trip-Hurghada-e1623681169122.jpg?resize=600%2C600&ssl=1",600,600,true],"newspack-article-block-landscape-small":["https:\/\/i0.wp.com\/landioustravel.com\/wp-content\/uploads\/2021\/03\/Semi-Submarine-Trip-Hurghada-e1623681169122.jpg?resize=400%2C300&ssl=1",400,300,true],"newspack-article-block-portrait-small":["https:\/\/i0.wp.com\/landioustravel.com\/wp-content\/uploads\/2021\/03\/Semi-Submarine-Trip-Hurghada-e1623681169122.jpg?resize=300%2C400&ssl=1",300,400,true],"newspack-article-block-square-small":["https:\/\/i0.wp.com\/landioustravel.com\/wp-content\/uploads\/2021\/03\/Semi-Submarine-Trip-Hurghada-e1623681169122.jpg?resize=400%2C400&ssl=1",400,400,true],"newspack-article-block-landscape-tiny":["https:\/\/i0.wp.com\/landioustravel.com\/wp-content\/uploads\/2021\/03\/Semi-Submarine-Trip-Hurghada-e1623681169122.jpg?resize=200%2C150&ssl=1",200,150,true],"newspack-article-block-portrait-tiny":["https:\/\/i0.wp.com\/landioustravel.com\/wp-content\/uploads\/2021\/03\/Semi-Submarine-Trip-Hurghada-e1623681169122.jpg?resize=150%2C200&ssl=1",150,200,true],"newspack-article-block-square-tiny":["https:\/\/i0.wp.com\/landioustravel.com\/wp-content\/uploads\/2021\/03\/Semi-Submarine-Trip-Hurghada-e1623681169122.jpg?resize=200%2C200&ssl=1",200,200,true],"newspack-article-block-uncropped":["https:\/\/i0.wp.com\/landioustravel.com\/wp-content\/uploads\/2021\/03\/Semi-Submarine-Trip-Hurghada-e1623681169122.jpg?fit=1200%2C675&ssl=1",1200,675,true],"woocommerce_thumbnail":["https:\/\/i0.wp.com\/landioustravel.com\/wp-content\/uploads\/2021\/03\/Semi-Submarine-Trip-Hurghada-e1623681169122.jpg?resize=324%2C324&ssl=1",324,324,true],"woocommerce_single":["https:\/\/i0.wp.com\/landioustravel.com\/wp-content\/uploads\/2021\/03\/Semi-Submarine-Trip-Hurghada-e1623681169122.jpg?fit=416%2C234&ssl=1",416,234,true],"woocommerce_gallery_thumbnail":["https:\/\/i0.wp.com\/landioustravel.com\/wp-content\/uploads\/2021\/03\/Semi-Submarine-Trip-Hurghada-e1623681169122.jpg?resize=100%2C100&ssl=1",100,100,true]},"uagb_author_info":{"display_name":"Mofreh Landious","author_link":"https:\/\/landioustravel.com\/ro\/author\/"},"uagb_comment_info":0,"uagb_excerpt":"O excursie minunat\u0103 pe mare pe un semisubmarin cu dou\u0103 pun\u021bi \u00een Hurghada! Turul v\u0103 permite s\u0103 vede\u021bi recifele magnifice \u0219i pe\u0219tii colora\u021bi ai M\u0103rii Ro\u0219ii la bordul unui semisubmarin. Barca \u00een sine plute\u0219te pe suprafa\u021ba apei, \u00een timp ce fundul acesteia merge sub ap\u0103 la o ad\u00e2ncime de 4 metri. Pute\u021bi admira Marea Ro\u0219ie&hellip;","jetpack_sharing_enabled":true,"jetpack_likes_enabled":true,"amp_enabled":true,"_links":{"self":[{"href":"https:\/\/landioustravel.com\/ro\/wp-json\/wp\/v2\/product\/39761","targetHints":{"allow":["GET"]}}],"collection":[{"href":"https:\/\/landioustravel.com\/ro\/wp-json\/wp\/v2\/product"}],"about":[{"href":"https:\/\/landioustravel.com\/ro\/wp-json\/wp\/v2\/types\/product"}],"replies":[{"embeddable":true,"href":"https:\/\/landioustravel.com\/ro\/wp-json\/wp\/v2\/comments?post=39761"}],"wp:featuredmedia":[{"embeddable":true,"href":"https:\/\/landioustravel.com\/ro\/wp-json\/wp\/v2\/media\/53293"}],"wp:attachment":[{"href":"https:\/\/landioustravel.com\/ro\/wp-json\/wp\/v2\/media?parent=39761"}],"wp:term":[{"taxonomy":"product_brand","embeddable":true,"href":"https:\/\/landioustravel.com\/ro\/wp-json\/wp\/v2\/product_brand?post=39761"},{"taxonomy":"product_cat","embeddable":true,"href":"https:\/\/landioustravel.com\/ro\/wp-json\/wp\/v2\/product_cat?post=39761"},{"taxonomy":"product_tag","embeddable":true,"href":"https:\/\/landioustravel.com\/ro\/wp-json\/wp\/v2\/product_tag?post=39761"}],"curies":[{"name":"wp","href":"https:\/\/api.w.org\/{rel}","templated":true}]}}