{"id":39999,"date":"2020-12-21T03:28:48","date_gmt":"2021-12-13T00:23:09","guid":{"rendered":"https:\/\/landioustravel.com\/?post_type=product&#038;p=39999"},"modified":"2024-09-23T20:14:33","modified_gmt":"2024-09-23T17:14:33","slug":"ciclism-individual-quad-hurghada","status":"publish","type":"product","link":"https:\/\/landioustravel.com\/ro\/shop\/ciclism-individual-quad-hurghada\/","title":{"rendered":"Ciclism individual cu quad Hurghada"},"content":{"rendered":"<p>Este o excursie privat\u0103 foarte activ\u0103 pentru ciclism cu quad \u00een Hurghada, Egipt! Recomand\u0103m excursia pentru c\u0103 permite turi\u0219tilor s\u0103 se distreze. Acesta va permite mersul cu quad-uri pe o distan\u021b\u0103 lung\u0103 \u00een de\u0219ert \u2013 50 km. \u00cen plus, va permite descoperirea de\u0219ertului din Hurghada \u0219i familiarizarea cu cultura beduinilor. Este o experien\u021b\u0103 minunat\u0103 pentru un moto-safari de trei ore \u00een Hurghada! Quad-bike este cea mai popular\u0103 activitate de safari din Hurghada! REZERVARE ONLINE INDIVIDUAL QUAD BIKING HURGHADA SI CEL MAI BUN PRET!<\/p>\n<h2>Repere despre quad-uri individuale \u00een Hurghada<\/h2>\n<ul>\n<li>Quad Bike pe o distanta de 50 km in desert.<\/li>\n<li>C\u0103l\u0103rie cu c\u0103mile \u00een de\u0219ert.<\/li>\n<li>De asemenea, bea ceai \u00een cortul beduinilor.<\/li>\n<\/ul>\n<h2>Program de trei ore private pe Quads<\/h2>\n<ul>\n<li>Reprezentantul Landious Travel v\u0103 va prelua de la hotel, \u00een Hurghada, aproximativ la ora 08:00<\/li>\n<li>Dup\u0103 ce a preluat to\u021bi sositorii, microbuzul\/Jeep-ul nostru se \u00eendreapt\u0103 spre o baz\u0103 de quad-uri spre de\u0219ert. Drumul p\u00e2n\u0103 la sta\u021bia quad dureaz\u0103 aproximativ 30 de minute.<\/li>\n<li>La \u00eenceputul quad-bike-ului individual, va trebui s\u0103 v\u0103 preg\u0103ti\u021bi pun\u00e2ndu-v\u0103 o e\u0219arf\u0103 pe cap, casc\u0103 \u0219i ochelari de soare.<\/li>\n<li>Apoi, exist\u0103 instruire \u0219i antrenament pentru un pic de timp.<\/li>\n<li>Apoi, vei conduce 25 km prin de\u0219ert p\u00e2n\u0103 \u00een satul beduin.<\/li>\n<li>De \u00eendat\u0103 ce ajungi \u00een satul beduin, vei c\u0103l\u0103ri o c\u0103mil\u0103 \u0219i vei face poze cu beduinii.<\/li>\n<li>\u00cen urma c\u0103l\u0103riei cu c\u0103mila, ghidul v\u0103 va \u00eenso\u021bi la cortul beduin. Acolo, bei ceai \u0219i pui \u00eentreb\u0103ri ghidului la care trebuie s\u0103 r\u0103spunzi.<\/li>\n<li>\u00cenc\u0103 o dat\u0103, te preg\u0103te\u0219ti s\u0103 conduci 25 km \u00eenapoi la baz\u0103. Aceast\u0103 c\u0103l\u0103torie \u00eentr-un safari cu quad-bike dureaz\u0103 de obicei trei ore.<\/li>\n<li>O imagine \u0219i un briefing pe DVD \u00eencepe odat\u0103 ce a\u021bi terminat aventura \u0219i activitatea pl\u0103cut\u0103. P\u00e2n\u0103 la sf\u00e2r\u0219itul \u00eenotului cu delfinii, antrenorul t\u0103u \u00ee\u021bi va oferi s\u0103 faci ni\u0219te poze pentru a re\u021bine aceste momente minunate \u2013 apoi, aceste poze pentru tine contra cost. Pre\u021bul acestuia variaz\u0103 \u00een func\u021bie de dimensiunea sa. Va fi ceva op\u021bional s\u0103 ave\u021bi. Briefing-ul pe DVD va dura 30 de minute.<\/li>\n<li>\u00cen cele din urm\u0103, v\u0103 escort\u0103m \u00eenapoi la hotelurile dvs.<\/li>\n<li>Acest \u201eIndividual Quad Bike in Hurghada\u201d se \u00eencheie la aproximativ pr\u00e2nz.<\/li>\n<\/ul>\n<h2>Ce include pre\u021bul Ciclism individual cu quad Hurghada?<\/h2>\n<ul>\n<li>Transfer in desert si inapoi la hotel.<\/li>\n<\/ul>\n<h2>Ce nu include Programul Ciclism individual cu quad Hurghada?<\/h2>\n<ul>\n<li>DVD video.<\/li>\n<li>De asemenea, CD-ul cu fotografii.<\/li>\n<\/ul>\n<h2>Ce s\u0103 lua\u021bi pentru c\u0103l\u0103toria de trei ore cu moto-safari?<\/h2>\n<ul>\n<li>E\u0219arf\u0103.<\/li>\n<li>De asemenea, ochelari de soare.<\/li>\n<\/ul>\n<h2>Zile de rezervare individuale pentru Quad Bike Hurghada<\/h2>\n<ul>\n<li>Zilnic de la 08:00 la 12:00.<\/li>\n<\/ul>\n","protected":false},"excerpt":{"rendered":"<p>\u00cenc\u00e2nta\u021bi-v\u0103 pentru o viitoare aventur\u0103 \u00een turul de diminea\u021b\u0103 cu quad \u00een Hurghada! Acest tur este o oportunitate perfect\u0103 de a te scufunda \u00een natura de\u0219ertului Egiptului \u0219i de a te \u00eent\u00e2lni cu poporul beduin. \u00cen timpul acestui safari palpitant \u00een de\u0219ert, ve\u021bi porni \u00eentr-o plimbare de 50 km cu Quad Bike \u0219i ve\u021bi chiar experimenta c\u0103l\u0103ria cu c\u0103mile. \u00cen plus, pre\u021bul turului include transferurile pentru un plus de confort.<\/p>\n<p>Preg\u0103te\u0219te-te pentru o diminea\u021b\u0103 de neuitat \u00een timp ce ni te al\u0103turi \u00een turul de diminea\u021b\u0103 cu quad \u00een Hurghada. La sosire, ve\u021bi primi instruc\u021biuni importante \u0219i un test de conducere rapid pentru a v\u0103 asigura o experien\u021b\u0103 sigur\u0103 \u0219i pl\u0103cut\u0103. Apoi, preg\u0103te\u0219te-te s\u0103 explorezi de\u0219ertul \u00een timp ce mergi prin dune \u0219i mergi spre un mic sat beduin.<\/p>\n<p>Odat\u0103 ce ajunge\u021bi, v\u0103 pute\u021bi a\u0219eza pe spate \u0219i v\u0103 pute\u021bi bucura de ni\u0219te b\u0103uturi r\u0103coritoare, ceai beduin \u0219i chiar o plimbare cu c\u0103mila \u00eenainte de a v\u0103 \u00eentoarce la baz\u0103 cu Quad Bike-ul. Nu rata aceast\u0103 aventur\u0103 incredibil\u0103 &#8211; rezerv\u0103-\u021bi locul ast\u0103zi!<\/p>\n","protected":false},"featured_media":45400,"comment_status":"open","ping_status":"closed","template":"","meta":{"_coblocks_attr":"","_coblocks_dimensions":"","_coblocks_responsive_height":"","_coblocks_accordion_ie_support":"","_uag_custom_page_level_css":"","jetpack_publicize_message":"","jetpack_publicize_feature_enabled":true,"jetpack_social_post_already_shared":true,"jetpack_social_options":{"image_generator_settings":{"template":"highway","default_image_id":0,"font":"","enabled":false},"version":2},"_wpas_customize_per_network":false},"product_brand":[],"product_cat":[19669],"product_tag":[19684,19689,19711,19694,19679],"class_list":{"0":"post-39999","1":"product","2":"type-product","3":"status-publish","4":"has-post-thumbnail","6":"product_cat-excursii-individuale-hurghada","7":"product_tag-excursie-ro","8":"product_tag-hurghada-ro","9":"product_tag-quad-bike","10":"product_tag-safari-ro","11":"product_tag-safariurile-in-desert","13":"first","14":"instock","15":"sale","16":"taxable","17":"shipping-taxable","18":"purchasable","19":"product-type-variable"},"yoast_head":"<!-- This site is optimized with the Yoast SEO Premium plugin v26.9 (Yoast SEO v27.4) - https:\/\/yoast.com\/product\/yoast-seo-premium-wordpress\/ -->\n<title>Ciclism individual cu quad Hurghada<\/title>\n<meta name=\"description\" content=\"Ciclism individual cu quad Hurghada v\u0103 ve\u021bi bucura de plimb\u0103ri \u00een quad pe o distan\u021b\u0103 de 50 km, precum \u0219i de c\u0103l\u0103rie cu c\u0103mil\u0103! C\u0103l\u0103toria v\u0103\" \/>\n<meta name=\"robots\" content=\"index, follow, max-snippet:-1, max-image-preview:large, max-video-preview:-1\" \/>\n<link rel=\"canonical\" href=\"https:\/\/landioustravel.com\/ro\/shop\/ciclism-individual-quad-hurghada\/\" \/>\n<meta property=\"og:locale\" content=\"ro_RO\" \/>\n<meta property=\"og:type\" content=\"article\" \/>\n<meta property=\"og:title\" content=\"Ciclism individual cu quad Hurghada\" \/>\n<meta property=\"og:description\" content=\"Landious Travel\" \/>\n<meta property=\"og:url\" content=\"https:\/\/landioustravel.com\/ro\/shop\/ciclism-individual-quad-hurghada\/\" \/>\n<meta property=\"og:site_name\" content=\"Landious Travel\" \/>\n<meta property=\"article:publisher\" content=\"https:\/\/web.facebook.com\/landiousEgypt\" \/>\n<meta property=\"article:modified_time\" content=\"2024-09-23T17:14:33+00:00\" \/>\n<meta property=\"og:image\" content=\"https:\/\/i0.wp.com\/landioustravel.com\/wp-content\/uploads\/2020\/12\/Individual-Quad-Biking-Hurghada-e1617500691537.jpg?fit=1200%2C675&ssl=1\" \/>\n\t<meta property=\"og:image:width\" content=\"1200\" \/>\n\t<meta property=\"og:image:height\" content=\"675\" \/>\n\t<meta property=\"og:image:type\" content=\"image\/jpeg\" \/>\n<meta name=\"twitter:card\" content=\"summary_large_image\" \/>\n<meta name=\"twitter:site\" content=\"@LandiousTours\" \/>\n<meta name=\"twitter:label1\" content=\"Timp estimat pentru citire\" \/>\n\t<meta name=\"twitter:data1\" content=\"2 minute\" \/>\n<script type=\"application\/ld+json\" class=\"yoast-schema-graph\">{\"@context\":\"https:\\\/\\\/schema.org\",\"@graph\":[{\"@type\":\"WebPage\",\"@id\":\"https:\\\/\\\/landioustravel.com\\\/ro\\\/shop\\\/ciclism-individual-quad-hurghada\\\/\",\"url\":\"https:\\\/\\\/landioustravel.com\\\/ro\\\/shop\\\/ciclism-individual-quad-hurghada\\\/\",\"name\":\"Ciclism individual cu quad Hurghada\",\"isPartOf\":{\"@id\":\"https:\\\/\\\/landioustravel.com\\\/ro\\\/#website\"},\"primaryImageOfPage\":{\"@id\":\"https:\\\/\\\/landioustravel.com\\\/ro\\\/shop\\\/ciclism-individual-quad-hurghada\\\/#primaryimage\"},\"image\":{\"@id\":\"https:\\\/\\\/landioustravel.com\\\/ro\\\/shop\\\/ciclism-individual-quad-hurghada\\\/#primaryimage\"},\"thumbnailUrl\":\"https:\\\/\\\/i0.wp.com\\\/landioustravel.com\\\/wp-content\\\/uploads\\\/2020\\\/12\\\/Individual-Quad-Biking-Hurghada-e1617500691537.jpg?fit=1200%2C675&ssl=1\",\"datePublished\":\"2021-12-13T00:23:09+00:00\",\"dateModified\":\"2024-09-23T17:14:33+00:00\",\"description\":\"Ciclism individual cu quad Hurghada v\u0103 ve\u021bi bucura de plimb\u0103ri \u00een quad pe o distan\u021b\u0103 de 50 km, precum \u0219i de c\u0103l\u0103rie cu c\u0103mil\u0103! C\u0103l\u0103toria v\u0103\",\"breadcrumb\":{\"@id\":\"https:\\\/\\\/landioustravel.com\\\/ro\\\/shop\\\/ciclism-individual-quad-hurghada\\\/#breadcrumb\"},\"inLanguage\":\"ro-RO\",\"potentialAction\":[{\"@type\":\"ReadAction\",\"target\":[\"https:\\\/\\\/landioustravel.com\\\/ro\\\/shop\\\/ciclism-individual-quad-hurghada\\\/\"]}]},{\"@type\":\"ImageObject\",\"inLanguage\":\"ro-RO\",\"@id\":\"https:\\\/\\\/landioustravel.com\\\/ro\\\/shop\\\/ciclism-individual-quad-hurghada\\\/#primaryimage\",\"url\":\"https:\\\/\\\/i0.wp.com\\\/landioustravel.com\\\/wp-content\\\/uploads\\\/2020\\\/12\\\/Individual-Quad-Biking-Hurghada-e1617500691537.jpg?fit=1200%2C675&ssl=1\",\"contentUrl\":\"https:\\\/\\\/i0.wp.com\\\/landioustravel.com\\\/wp-content\\\/uploads\\\/2020\\\/12\\\/Individual-Quad-Biking-Hurghada-e1617500691537.jpg?fit=1200%2C675&ssl=1\",\"width\":1200,\"height\":675,\"caption\":\"Individual Quad Biking Hurghada\"},{\"@type\":\"BreadcrumbList\",\"@id\":\"https:\\\/\\\/landioustravel.com\\\/ro\\\/shop\\\/ciclism-individual-quad-hurghada\\\/#breadcrumb\",\"itemListElement\":[{\"@type\":\"ListItem\",\"position\":1,\"name\":\"Home\",\"item\":\"https:\\\/\\\/landioustravel.com\\\/ro\\\/\"},{\"@type\":\"ListItem\",\"position\":2,\"name\":\"Servicii \u0219i excursii\",\"item\":\"https:\\\/\\\/landioustravel.com\\\/ro\\\/\"},{\"@type\":\"ListItem\",\"position\":3,\"name\":\"Ciclism individual cu quad Hurghada\"}]},{\"@type\":\"WebSite\",\"@id\":\"https:\\\/\\\/landioustravel.com\\\/ro\\\/#website\",\"url\":\"https:\\\/\\\/landioustravel.com\\\/ro\\\/\",\"name\":\"Landious Travel\",\"description\":\"Excursions, trips and cruises in Egypt\",\"publisher\":{\"@id\":\"https:\\\/\\\/landioustravel.com\\\/ro\\\/#organization\"},\"potentialAction\":[{\"@type\":\"SearchAction\",\"target\":{\"@type\":\"EntryPoint\",\"urlTemplate\":\"https:\\\/\\\/landioustravel.com\\\/ro\\\/?s={search_term_string}\"},\"query-input\":{\"@type\":\"PropertyValueSpecification\",\"valueRequired\":true,\"valueName\":\"search_term_string\"}}],\"inLanguage\":\"ro-RO\"},{\"@type\":[\"Organization\",\"Place\"],\"@id\":\"https:\\\/\\\/landioustravel.com\\\/ro\\\/#organization\",\"name\":\"Landious Travel\",\"alternateName\":\"Landious Travel\",\"url\":\"https:\\\/\\\/landioustravel.com\\\/ro\\\/\",\"logo\":{\"@id\":\"https:\\\/\\\/landioustravel.com\\\/ro\\\/shop\\\/ciclism-individual-quad-hurghada\\\/#local-main-organization-logo\"},\"image\":{\"@id\":\"https:\\\/\\\/landioustravel.com\\\/ro\\\/shop\\\/ciclism-individual-quad-hurghada\\\/#local-main-organization-logo\"},\"sameAs\":[\"https:\\\/\\\/web.facebook.com\\\/landiousEgypt\",\"https:\\\/\\\/x.com\\\/LandiousTours\",\"https:\\\/\\\/mastodon.social\\\/@landious\"],\"legalName\":\"Landious Travel\",\"telephone\":[],\"openingHoursSpecification\":[{\"@type\":\"OpeningHoursSpecification\",\"dayOfWeek\":[\"Monday\",\"Tuesday\",\"Wednesday\",\"Thursday\",\"Friday\",\"Saturday\",\"Sunday\"],\"opens\":\"09:00\",\"closes\":\"17:00\"}]},{\"@type\":\"ImageObject\",\"inLanguage\":\"ro-RO\",\"@id\":\"https:\\\/\\\/landioustravel.com\\\/ro\\\/shop\\\/ciclism-individual-quad-hurghada\\\/#local-main-organization-logo\",\"url\":\"https:\\\/\\\/i0.wp.com\\\/landioustravel.com\\\/wp-content\\\/uploads\\\/2021\\\/06\\\/Landious-T.png?fit=500%2C500&ssl=1\",\"contentUrl\":\"https:\\\/\\\/i0.wp.com\\\/landioustravel.com\\\/wp-content\\\/uploads\\\/2021\\\/06\\\/Landious-T.png?fit=500%2C500&ssl=1\",\"width\":500,\"height\":500,\"caption\":\"Landious Travel\"}]}<\/script>\n<!-- \/ Yoast SEO Premium plugin. -->","yoast_head_json":{"title":"Ciclism individual cu quad Hurghada","description":"Ciclism individual cu quad Hurghada v\u0103 ve\u021bi bucura de plimb\u0103ri \u00een quad pe o distan\u021b\u0103 de 50 km, precum \u0219i de c\u0103l\u0103rie cu c\u0103mil\u0103! C\u0103l\u0103toria v\u0103","robots":{"index":"index","follow":"follow","max-snippet":"max-snippet:-1","max-image-preview":"max-image-preview:large","max-video-preview":"max-video-preview:-1"},"canonical":"https:\/\/landioustravel.com\/ro\/shop\/ciclism-individual-quad-hurghada\/","og_locale":"ro_RO","og_type":"article","og_title":"Ciclism individual cu quad Hurghada","og_description":"Landious Travel","og_url":"https:\/\/landioustravel.com\/ro\/shop\/ciclism-individual-quad-hurghada\/","og_site_name":"Landious Travel","article_publisher":"https:\/\/web.facebook.com\/landiousEgypt","article_modified_time":"2024-09-23T17:14:33+00:00","og_image":[{"width":1200,"height":675,"url":"https:\/\/i0.wp.com\/landioustravel.com\/wp-content\/uploads\/2020\/12\/Individual-Quad-Biking-Hurghada-e1617500691537.jpg?fit=1200%2C675&ssl=1","type":"image\/jpeg"}],"twitter_card":"summary_large_image","twitter_site":"@LandiousTours","twitter_misc":{"Timp estimat pentru citire":"2 minute"},"schema":{"@context":"https:\/\/schema.org","@graph":[{"@type":"WebPage","@id":"https:\/\/landioustravel.com\/ro\/shop\/ciclism-individual-quad-hurghada\/","url":"https:\/\/landioustravel.com\/ro\/shop\/ciclism-individual-quad-hurghada\/","name":"Ciclism individual cu quad Hurghada","isPartOf":{"@id":"https:\/\/landioustravel.com\/ro\/#website"},"primaryImageOfPage":{"@id":"https:\/\/landioustravel.com\/ro\/shop\/ciclism-individual-quad-hurghada\/#primaryimage"},"image":{"@id":"https:\/\/landioustravel.com\/ro\/shop\/ciclism-individual-quad-hurghada\/#primaryimage"},"thumbnailUrl":"https:\/\/i0.wp.com\/landioustravel.com\/wp-content\/uploads\/2020\/12\/Individual-Quad-Biking-Hurghada-e1617500691537.jpg?fit=1200%2C675&ssl=1","datePublished":"2021-12-13T00:23:09+00:00","dateModified":"2024-09-23T17:14:33+00:00","description":"Ciclism individual cu quad Hurghada v\u0103 ve\u021bi bucura de plimb\u0103ri \u00een quad pe o distan\u021b\u0103 de 50 km, precum \u0219i de c\u0103l\u0103rie cu c\u0103mil\u0103! C\u0103l\u0103toria v\u0103","breadcrumb":{"@id":"https:\/\/landioustravel.com\/ro\/shop\/ciclism-individual-quad-hurghada\/#breadcrumb"},"inLanguage":"ro-RO","potentialAction":[{"@type":"ReadAction","target":["https:\/\/landioustravel.com\/ro\/shop\/ciclism-individual-quad-hurghada\/"]}]},{"@type":"ImageObject","inLanguage":"ro-RO","@id":"https:\/\/landioustravel.com\/ro\/shop\/ciclism-individual-quad-hurghada\/#primaryimage","url":"https:\/\/i0.wp.com\/landioustravel.com\/wp-content\/uploads\/2020\/12\/Individual-Quad-Biking-Hurghada-e1617500691537.jpg?fit=1200%2C675&ssl=1","contentUrl":"https:\/\/i0.wp.com\/landioustravel.com\/wp-content\/uploads\/2020\/12\/Individual-Quad-Biking-Hurghada-e1617500691537.jpg?fit=1200%2C675&ssl=1","width":1200,"height":675,"caption":"Individual Quad Biking Hurghada"},{"@type":"BreadcrumbList","@id":"https:\/\/landioustravel.com\/ro\/shop\/ciclism-individual-quad-hurghada\/#breadcrumb","itemListElement":[{"@type":"ListItem","position":1,"name":"Home","item":"https:\/\/landioustravel.com\/ro\/"},{"@type":"ListItem","position":2,"name":"Servicii \u0219i excursii","item":"https:\/\/landioustravel.com\/ro\/"},{"@type":"ListItem","position":3,"name":"Ciclism individual cu quad Hurghada"}]},{"@type":"WebSite","@id":"https:\/\/landioustravel.com\/ro\/#website","url":"https:\/\/landioustravel.com\/ro\/","name":"Landious Travel","description":"Excursions, trips and cruises in Egypt","publisher":{"@id":"https:\/\/landioustravel.com\/ro\/#organization"},"potentialAction":[{"@type":"SearchAction","target":{"@type":"EntryPoint","urlTemplate":"https:\/\/landioustravel.com\/ro\/?s={search_term_string}"},"query-input":{"@type":"PropertyValueSpecification","valueRequired":true,"valueName":"search_term_string"}}],"inLanguage":"ro-RO"},{"@type":["Organization","Place"],"@id":"https:\/\/landioustravel.com\/ro\/#organization","name":"Landious Travel","alternateName":"Landious Travel","url":"https:\/\/landioustravel.com\/ro\/","logo":{"@id":"https:\/\/landioustravel.com\/ro\/shop\/ciclism-individual-quad-hurghada\/#local-main-organization-logo"},"image":{"@id":"https:\/\/landioustravel.com\/ro\/shop\/ciclism-individual-quad-hurghada\/#local-main-organization-logo"},"sameAs":["https:\/\/web.facebook.com\/landiousEgypt","https:\/\/x.com\/LandiousTours","https:\/\/mastodon.social\/@landious"],"legalName":"Landious Travel","telephone":[],"openingHoursSpecification":[{"@type":"OpeningHoursSpecification","dayOfWeek":["Monday","Tuesday","Wednesday","Thursday","Friday","Saturday","Sunday"],"opens":"09:00","closes":"17:00"}]},{"@type":"ImageObject","inLanguage":"ro-RO","@id":"https:\/\/landioustravel.com\/ro\/shop\/ciclism-individual-quad-hurghada\/#local-main-organization-logo","url":"https:\/\/i0.wp.com\/landioustravel.com\/wp-content\/uploads\/2021\/06\/Landious-T.png?fit=500%2C500&ssl=1","contentUrl":"https:\/\/i0.wp.com\/landioustravel.com\/wp-content\/uploads\/2021\/06\/Landious-T.png?fit=500%2C500&ssl=1","width":500,"height":500,"caption":"Landious Travel"}]}},"jetpack_publicize_connections":[],"uagb_featured_image_src":{"full":["https:\/\/i0.wp.com\/landioustravel.com\/wp-content\/uploads\/2020\/12\/Individual-Quad-Biking-Hurghada-e1617500691537.jpg?fit=1200%2C675&ssl=1",1200,675,false],"thumbnail":["https:\/\/i0.wp.com\/landioustravel.com\/wp-content\/uploads\/2020\/12\/Individual-Quad-Biking-Hurghada-e1617500691537.jpg?resize=150%2C150&ssl=1",150,150,true],"medium":["https:\/\/i0.wp.com\/landioustravel.com\/wp-content\/uploads\/2020\/12\/Individual-Quad-Biking-Hurghada-e1617500691537.jpg?fit=300%2C169&ssl=1",300,169,true],"medium_large":["https:\/\/i0.wp.com\/landioustravel.com\/wp-content\/uploads\/2020\/12\/Individual-Quad-Biking-Hurghada-e1617500691537.jpg?fit=768%2C432&ssl=1",768,432,true],"large":["https:\/\/i0.wp.com\/landioustravel.com\/wp-content\/uploads\/2020\/12\/Individual-Quad-Biking-Hurghada-e1617500691537.jpg?fit=980%2C551&ssl=1",980,551,true],"1536x1536":["https:\/\/i0.wp.com\/landioustravel.com\/wp-content\/uploads\/2020\/12\/Individual-Quad-Biking-Hurghada-e1617500691537.jpg?fit=1200%2C675&ssl=1",1200,675,true],"2048x2048":["https:\/\/i0.wp.com\/landioustravel.com\/wp-content\/uploads\/2020\/12\/Individual-Quad-Biking-Hurghada-e1617500691537.jpg?fit=1200%2C675&ssl=1",1200,675,true],"newspack-article-block-landscape-large":["https:\/\/i0.wp.com\/landioustravel.com\/wp-content\/uploads\/2020\/12\/Individual-Quad-Biking-Hurghada-e1617500691537.jpg?resize=1200%2C675&ssl=1",1200,675,true],"newspack-article-block-portrait-large":["https:\/\/i0.wp.com\/landioustravel.com\/wp-content\/uploads\/2020\/12\/Individual-Quad-Biking-Hurghada-e1617500691537.jpg?resize=900%2C675&ssl=1",900,675,true],"newspack-article-block-square-large":["https:\/\/i0.wp.com\/landioustravel.com\/wp-content\/uploads\/2020\/12\/Individual-Quad-Biking-Hurghada-e1617500691537.jpg?resize=1200%2C675&ssl=1",1200,675,true],"newspack-article-block-landscape-medium":["https:\/\/i0.wp.com\/landioustravel.com\/wp-content\/uploads\/2020\/12\/Individual-Quad-Biking-Hurghada-e1617500691537.jpg?resize=800%2C600&ssl=1",800,600,true],"newspack-article-block-portrait-medium":["https:\/\/i0.wp.com\/landioustravel.com\/wp-content\/uploads\/2020\/12\/Individual-Quad-Biking-Hurghada-e1617500691537.jpg?resize=600%2C675&ssl=1",600,675,true],"newspack-article-block-square-medium":["https:\/\/i0.wp.com\/landioustravel.com\/wp-content\/uploads\/2020\/12\/Individual-Quad-Biking-Hurghada-e1617500691537.jpg?resize=800%2C675&ssl=1",800,675,true],"newspack-article-block-landscape-intermediate":["https:\/\/i0.wp.com\/landioustravel.com\/wp-content\/uploads\/2020\/12\/Individual-Quad-Biking-Hurghada-e1617500691537.jpg?resize=600%2C450&ssl=1",600,450,true],"newspack-article-block-portrait-intermediate":["https:\/\/i0.wp.com\/landioustravel.com\/wp-content\/uploads\/2020\/12\/Individual-Quad-Biking-Hurghada-e1617500691537.jpg?resize=450%2C600&ssl=1",450,600,true],"newspack-article-block-square-intermediate":["https:\/\/i0.wp.com\/landioustravel.com\/wp-content\/uploads\/2020\/12\/Individual-Quad-Biking-Hurghada-e1617500691537.jpg?resize=600%2C600&ssl=1",600,600,true],"newspack-article-block-landscape-small":["https:\/\/i0.wp.com\/landioustravel.com\/wp-content\/uploads\/2020\/12\/Individual-Quad-Biking-Hurghada-e1617500691537.jpg?resize=400%2C300&ssl=1",400,300,true],"newspack-article-block-portrait-small":["https:\/\/i0.wp.com\/landioustravel.com\/wp-content\/uploads\/2020\/12\/Individual-Quad-Biking-Hurghada-e1617500691537.jpg?resize=300%2C400&ssl=1",300,400,true],"newspack-article-block-square-small":["https:\/\/i0.wp.com\/landioustravel.com\/wp-content\/uploads\/2020\/12\/Individual-Quad-Biking-Hurghada-e1617500691537.jpg?resize=400%2C400&ssl=1",400,400,true],"newspack-article-block-landscape-tiny":["https:\/\/i0.wp.com\/landioustravel.com\/wp-content\/uploads\/2020\/12\/Individual-Quad-Biking-Hurghada-e1617500691537.jpg?resize=200%2C150&ssl=1",200,150,true],"newspack-article-block-portrait-tiny":["https:\/\/i0.wp.com\/landioustravel.com\/wp-content\/uploads\/2020\/12\/Individual-Quad-Biking-Hurghada-e1617500691537.jpg?resize=150%2C200&ssl=1",150,200,true],"newspack-article-block-square-tiny":["https:\/\/i0.wp.com\/landioustravel.com\/wp-content\/uploads\/2020\/12\/Individual-Quad-Biking-Hurghada-e1617500691537.jpg?resize=200%2C200&ssl=1",200,200,true],"newspack-article-block-uncropped":["https:\/\/i0.wp.com\/landioustravel.com\/wp-content\/uploads\/2020\/12\/Individual-Quad-Biking-Hurghada-e1617500691537.jpg?fit=1200%2C675&ssl=1",1200,675,true],"woocommerce_thumbnail":["https:\/\/i0.wp.com\/landioustravel.com\/wp-content\/uploads\/2020\/12\/Individual-Quad-Biking-Hurghada-e1617500691537.jpg?resize=324%2C324&ssl=1",324,324,true],"woocommerce_single":["https:\/\/i0.wp.com\/landioustravel.com\/wp-content\/uploads\/2020\/12\/Individual-Quad-Biking-Hurghada-e1617500691537.jpg?fit=416%2C234&ssl=1",416,234,true],"woocommerce_gallery_thumbnail":["https:\/\/i0.wp.com\/landioustravel.com\/wp-content\/uploads\/2020\/12\/Individual-Quad-Biking-Hurghada-e1617500691537.jpg?resize=100%2C100&ssl=1",100,100,true]},"uagb_author_info":{"display_name":"Mofreh Landious","author_link":"https:\/\/landioustravel.com\/ro\/author\/"},"uagb_comment_info":4,"uagb_excerpt":"\u00cenc\u00e2nta\u021bi-v\u0103 pentru o viitoare aventur\u0103 \u00een turul de diminea\u021b\u0103 cu quad \u00een Hurghada! Acest tur este o oportunitate perfect\u0103 de a te scufunda \u00een natura de\u0219ertului Egiptului \u0219i de a te \u00eent\u00e2lni cu poporul beduin. \u00cen timpul acestui safari palpitant \u00een de\u0219ert, ve\u021bi porni \u00eentr-o plimbare de 50 km cu Quad Bike \u0219i ve\u021bi chiar&hellip;","jetpack_sharing_enabled":true,"jetpack_likes_enabled":true,"amp_enabled":true,"_links":{"self":[{"href":"https:\/\/landioustravel.com\/ro\/wp-json\/wp\/v2\/product\/39999","targetHints":{"allow":["GET"]}}],"collection":[{"href":"https:\/\/landioustravel.com\/ro\/wp-json\/wp\/v2\/product"}],"about":[{"href":"https:\/\/landioustravel.com\/ro\/wp-json\/wp\/v2\/types\/product"}],"replies":[{"embeddable":true,"href":"https:\/\/landioustravel.com\/ro\/wp-json\/wp\/v2\/comments?post=39999"}],"wp:featuredmedia":[{"embeddable":true,"href":"https:\/\/landioustravel.com\/ro\/wp-json\/wp\/v2\/media\/45400"}],"wp:attachment":[{"href":"https:\/\/landioustravel.com\/ro\/wp-json\/wp\/v2\/media?parent=39999"}],"wp:term":[{"taxonomy":"product_brand","embeddable":true,"href":"https:\/\/landioustravel.com\/ro\/wp-json\/wp\/v2\/product_brand?post=39999"},{"taxonomy":"product_cat","embeddable":true,"href":"https:\/\/landioustravel.com\/ro\/wp-json\/wp\/v2\/product_cat?post=39999"},{"taxonomy":"product_tag","embeddable":true,"href":"https:\/\/landioustravel.com\/ro\/wp-json\/wp\/v2\/product_tag?post=39999"}],"curies":[{"name":"wp","href":"https:\/\/api.w.org\/{rel}","templated":true}]}}