{"id":25350,"date":"2020-10-20T16:40:40","date_gmt":"2020-10-20T14:40:40","guid":{"rendered":"https:\/\/landioustravel.com\/?page_id=25350"},"modified":"2020-10-20T16:40:43","modified_gmt":"2020-10-20T14:40:43","slug":"om-landious","status":"publish","type":"page","link":"https:\/\/landioustravel.com\/sv\/om-landious\/","title":{"rendered":"Om Landious"},"content":{"rendered":"\n<amp-fit-text layout=\"fixed-height\" min-font-size=\"6\" max-font-size=\"72\" height=\"80\"><p>Landious Travel \u00e4r ett turistf\u00f6retag med verksamhet i Egypten. F\u00f6retaget erbjuder sina turisttj\u00e4nster p\u00e5 alla orter i landet, t.ex. Hurghada, Safaga, El-Quseir, Marsa Alam, Sharm El-Sheikh och Taba. Dessutom erbjuder vi v\u00e5ra tj\u00e4nster i st\u00e4derna Kairo, Aswan och Luxor.<\/p><\/amp-fit-text>\n\n\n\n<p>Vi arbetar dag och natt f\u00f6r att tillfredsst\u00e4lla v\u00e5ra kunder och utveckla de tj\u00e4nster vi f\u00e5r. F\u00f6ljande \u00e4r n\u00e5gra anledningar till varf\u00f6r turister f\u00f6redrar att anv\u00e4nda Landious Travel:<\/p>\n\n\n\n<ul class=\"wp-block-list\"><li>Erfarenhet: turister v\u00e4ljer Landious Travel p\u00e5 grund av att vi redan har arbetat professionellt i 15 \u00e5r<\/li><li>F\u00f6rtroende: turisterna skrev underbara recensioner om oss eftersom vi organiserar allt p\u00e5 en h\u00f6g niv\u00e5<\/li><li>Tj\u00e4nsteniv\u00e5n: turister f\u00e5r de mest levande intrycken och k\u00e4nslorna eftersom allt \u00e4r genomt\u00e4nkt till minsta detalj<\/li><li>Prisv\u00e4rda priser: v\u00e5rt f\u00f6retag hj\u00e4lper turister att f\u00e5 tj\u00e4nster till de l\u00e4gsta priserna.<\/li><li>Punktlighet: vi organiserar mycket tydligt v\u00e5ra tj\u00e4nster s\u00e5 att turister inte spenderar tid p\u00e5 att v\u00e4nta<\/li><li>Supporttj\u00e4nst: v\u00e5rt team arbetar dagligen, dag och natt, s\u00e5 att v\u00e5ra kunder kan kontakta oss n\u00e4r som helst.<\/li><li>Tj\u00e4nstef\u00f6rteckning: i listan \u00f6ver v\u00e5ra tj\u00e4nster kommer turister att hitta transfer till olika st\u00e4der och orter i Egypten, ett stort urval av grupp- och individuella utflykter, kryssningar i Nilen, b\u00e5tuthyrning och ink\u00f6p av souvenirer<\/li><\/ul>\n","protected":false},"excerpt":{"rendered":"<p>Landious Travel \u00e4r ett turistf\u00f6retag med verksamhet i Egypten. F\u00f6retaget erbjuder sina turisttj\u00e4nster p\u00e5 alla orter i landet, t.ex. Hurghada, Safaga, El-Quseir, Marsa Alam, Sharm El-Sheikh och Taba. Dessutom erbjuder vi v\u00e5ra tj\u00e4nster i st\u00e4derna Kairo, Aswan och Luxor. Vi arbetar dag och natt f\u00f6r att tillfredsst\u00e4lla v\u00e5ra kunder och utveckla de tj\u00e4nster vi f\u00e5r. [&hellip;]<\/p>\n","protected":false},"author":1,"featured_media":25309,"parent":0,"menu_order":0,"comment_status":"open","ping_status":"closed","template":"","meta":{"_coblocks_attr":"","_coblocks_dimensions":"","_coblocks_responsive_height":"","_coblocks_accordion_ie_support":"","_uag_custom_page_level_css":"","jetpack_post_was_ever_published":false,"footnotes":""},"class_list":["post-25350","page","type-page","status-publish","has-post-thumbnail","hentry"],"yoast_head":"<!-- This site is optimized with the Yoast SEO Premium plugin v26.9 (Yoast SEO v27.3) - https:\/\/yoast.com\/product\/yoast-seo-premium-wordpress\/ -->\n<title>Om Landious -Varf\u00f6r turister v\u00e4ljer oss - Landious Travel<\/title>\n<meta name=\"description\" content=\"Landious Travel \u00e4r ett turistf\u00f6retag med verksamhet i Egypten. F\u00f6retaget erbjuder sina turisttj\u00e4nster p\u00e5 alla orter i landet, t.ex. Hurghada, Safaga, El-Quseir, Marsa Alam, Sharm El-Sheikh och Taba. Dessutom erbjuder vi v\u00e5ra tj\u00e4nster i st\u00e4derna Kairo, Aswan och Luxor\" \/>\n<meta name=\"robots\" content=\"index, follow, max-snippet:-1, max-image-preview:large, max-video-preview:-1\" \/>\n<link rel=\"canonical\" href=\"https:\/\/landioustravel.com\/sv\/om-landious\/\" \/>\n<meta property=\"og:locale\" content=\"sv_SE\" \/>\n<meta property=\"og:type\" content=\"article\" \/>\n<meta property=\"og:title\" content=\"Om Landious\" \/>\n<meta property=\"og:description\" content=\"Landious Travel \u00e4r ett turistf\u00f6retag med verksamhet i Egypten. F\u00f6retaget erbjuder sina turisttj\u00e4nster p\u00e5 alla orter i landet, t.ex. Hurghada, Safaga, El-Quseir, Marsa Alam, Sharm El-Sheikh och Taba. Dessutom erbjuder vi v\u00e5ra tj\u00e4nster i st\u00e4derna Kairo, Aswan och Luxor\" \/>\n<meta property=\"og:url\" content=\"https:\/\/landioustravel.com\/sv\/om-landious\/\" \/>\n<meta property=\"og:site_name\" content=\"Landious Travel\" \/>\n<meta property=\"article:publisher\" content=\"https:\/\/web.facebook.com\/landiousEgypt\" \/>\n<meta property=\"article:modified_time\" content=\"2020-10-20T14:40:43+00:00\" \/>\n<meta property=\"og:image\" content=\"https:\/\/i0.wp.com\/landioustravel.com\/wp-content\/uploads\/2019\/09\/Quad_biking_for_three_hours_in_Safaga2-e1603009858628.jpg?fit=1200%2C674&ssl=1\" \/>\n\t<meta property=\"og:image:width\" content=\"1200\" \/>\n\t<meta property=\"og:image:height\" content=\"674\" \/>\n\t<meta property=\"og:image:type\" content=\"image\/jpeg\" \/>\n<meta name=\"twitter:card\" content=\"summary_large_image\" \/>\n<meta name=\"twitter:site\" content=\"@LandiousTours\" \/>\n<meta name=\"twitter:label1\" content=\"Ber\u00e4knad l\u00e4stid\" \/>\n\t<meta name=\"twitter:data1\" content=\"1 minut\" \/>\n<script type=\"application\/ld+json\" class=\"yoast-schema-graph\">{\"@context\":\"https:\\\/\\\/schema.org\",\"@graph\":[{\"@type\":\"WebPage\",\"@id\":\"https:\\\/\\\/landioustravel.com\\\/sv\\\/om-landious\\\/\",\"url\":\"https:\\\/\\\/landioustravel.com\\\/sv\\\/om-landious\\\/\",\"name\":\"Om Landious -Varf\u00f6r turister v\u00e4ljer oss - Landious Travel\",\"isPartOf\":{\"@id\":\"https:\\\/\\\/landioustravel.com\\\/sv\\\/#website\"},\"primaryImageOfPage\":{\"@id\":\"https:\\\/\\\/landioustravel.com\\\/sv\\\/om-landious\\\/#primaryimage\"},\"image\":{\"@id\":\"https:\\\/\\\/landioustravel.com\\\/sv\\\/om-landious\\\/#primaryimage\"},\"thumbnailUrl\":\"https:\\\/\\\/i0.wp.com\\\/landioustravel.com\\\/wp-content\\\/uploads\\\/2019\\\/09\\\/Quad_biking_for_three_hours_in_Safaga2-e1603009858628.jpg?fit=1200%2C674&ssl=1\",\"datePublished\":\"2020-10-20T14:40:40+00:00\",\"dateModified\":\"2020-10-20T14:40:43+00:00\",\"description\":\"Landious Travel \u00e4r ett turistf\u00f6retag med verksamhet i Egypten. F\u00f6retaget erbjuder sina turisttj\u00e4nster p\u00e5 alla orter i landet, t.ex. Hurghada, Safaga, El-Quseir, Marsa Alam, Sharm El-Sheikh och Taba. Dessutom erbjuder vi v\u00e5ra tj\u00e4nster i st\u00e4derna Kairo, Aswan och Luxor\",\"breadcrumb\":{\"@id\":\"https:\\\/\\\/landioustravel.com\\\/sv\\\/om-landious\\\/#breadcrumb\"},\"inLanguage\":\"sv-SE\",\"potentialAction\":[{\"@type\":\"ReadAction\",\"target\":[\"https:\\\/\\\/landioustravel.com\\\/sv\\\/om-landious\\\/\"]}]},{\"@type\":\"ImageObject\",\"inLanguage\":\"sv-SE\",\"@id\":\"https:\\\/\\\/landioustravel.com\\\/sv\\\/om-landious\\\/#primaryimage\",\"url\":\"https:\\\/\\\/i0.wp.com\\\/landioustravel.com\\\/wp-content\\\/uploads\\\/2019\\\/09\\\/Quad_biking_for_three_hours_in_Safaga2-e1603009858628.jpg?fit=1200%2C674&ssl=1\",\"contentUrl\":\"https:\\\/\\\/i0.wp.com\\\/landioustravel.com\\\/wp-content\\\/uploads\\\/2019\\\/09\\\/Quad_biking_for_three_hours_in_Safaga2-e1603009858628.jpg?fit=1200%2C674&ssl=1\",\"width\":1200,\"height\":674,\"caption\":\"Three Hours Moto Safari in Safaga\"},{\"@type\":\"BreadcrumbList\",\"@id\":\"https:\\\/\\\/landioustravel.com\\\/sv\\\/om-landious\\\/#breadcrumb\",\"itemListElement\":[{\"@type\":\"ListItem\",\"position\":1,\"name\":\"Home\",\"item\":\"https:\\\/\\\/landioustravel.com\\\/sv\\\/\"},{\"@type\":\"ListItem\",\"position\":2,\"name\":\"Om Landious\"}]},{\"@type\":\"WebSite\",\"@id\":\"https:\\\/\\\/landioustravel.com\\\/sv\\\/#website\",\"url\":\"https:\\\/\\\/landioustravel.com\\\/sv\\\/\",\"name\":\"Landious Travel\",\"description\":\"Excursions, trips and cruises in Egypt\",\"publisher\":{\"@id\":\"https:\\\/\\\/landioustravel.com\\\/sv\\\/#organization\"},\"potentialAction\":[{\"@type\":\"SearchAction\",\"target\":{\"@type\":\"EntryPoint\",\"urlTemplate\":\"https:\\\/\\\/landioustravel.com\\\/sv\\\/?s={search_term_string}\"},\"query-input\":{\"@type\":\"PropertyValueSpecification\",\"valueRequired\":true,\"valueName\":\"search_term_string\"}}],\"inLanguage\":\"sv-SE\"},{\"@type\":[\"Organization\",\"Place\"],\"@id\":\"https:\\\/\\\/landioustravel.com\\\/sv\\\/#organization\",\"name\":\"Landious Travel\",\"alternateName\":\"Landious Travel\",\"url\":\"https:\\\/\\\/landioustravel.com\\\/sv\\\/\",\"logo\":{\"@id\":\"https:\\\/\\\/landioustravel.com\\\/sv\\\/om-landious\\\/#local-main-organization-logo\"},\"image\":{\"@id\":\"https:\\\/\\\/landioustravel.com\\\/sv\\\/om-landious\\\/#local-main-organization-logo\"},\"sameAs\":[\"https:\\\/\\\/web.facebook.com\\\/landiousEgypt\",\"https:\\\/\\\/x.com\\\/LandiousTours\",\"https:\\\/\\\/mastodon.social\\\/@landious\"],\"legalName\":\"Landious Travel\",\"telephone\":[],\"openingHoursSpecification\":[{\"@type\":\"OpeningHoursSpecification\",\"dayOfWeek\":[\"Monday\",\"Tuesday\",\"Wednesday\",\"Thursday\",\"Friday\",\"Saturday\",\"Sunday\"],\"opens\":\"09:00\",\"closes\":\"17:00\"}]},{\"@type\":\"ImageObject\",\"inLanguage\":\"sv-SE\",\"@id\":\"https:\\\/\\\/landioustravel.com\\\/sv\\\/om-landious\\\/#local-main-organization-logo\",\"url\":\"https:\\\/\\\/i0.wp.com\\\/landioustravel.com\\\/wp-content\\\/uploads\\\/2021\\\/06\\\/Landious-T.png?fit=500%2C500&ssl=1\",\"contentUrl\":\"https:\\\/\\\/i0.wp.com\\\/landioustravel.com\\\/wp-content\\\/uploads\\\/2021\\\/06\\\/Landious-T.png?fit=500%2C500&ssl=1\",\"width\":500,\"height\":500,\"caption\":\"Landious Travel\"}]}<\/script>\n<!-- \/ Yoast SEO Premium plugin. -->","yoast_head_json":{"title":"Om Landious -Varf\u00f6r turister v\u00e4ljer oss - Landious Travel","description":"Landious Travel \u00e4r ett turistf\u00f6retag med verksamhet i Egypten. F\u00f6retaget erbjuder sina turisttj\u00e4nster p\u00e5 alla orter i landet, t.ex. Hurghada, Safaga, El-Quseir, Marsa Alam, Sharm El-Sheikh och Taba. Dessutom erbjuder vi v\u00e5ra tj\u00e4nster i st\u00e4derna Kairo, Aswan och Luxor","robots":{"index":"index","follow":"follow","max-snippet":"max-snippet:-1","max-image-preview":"max-image-preview:large","max-video-preview":"max-video-preview:-1"},"canonical":"https:\/\/landioustravel.com\/sv\/om-landious\/","og_locale":"sv_SE","og_type":"article","og_title":"Om Landious","og_description":"Landious Travel \u00e4r ett turistf\u00f6retag med verksamhet i Egypten. F\u00f6retaget erbjuder sina turisttj\u00e4nster p\u00e5 alla orter i landet, t.ex. Hurghada, Safaga, El-Quseir, Marsa Alam, Sharm El-Sheikh och Taba. Dessutom erbjuder vi v\u00e5ra tj\u00e4nster i st\u00e4derna Kairo, Aswan och Luxor","og_url":"https:\/\/landioustravel.com\/sv\/om-landious\/","og_site_name":"Landious Travel","article_publisher":"https:\/\/web.facebook.com\/landiousEgypt","article_modified_time":"2020-10-20T14:40:43+00:00","og_image":[{"width":1200,"height":674,"url":"https:\/\/i0.wp.com\/landioustravel.com\/wp-content\/uploads\/2019\/09\/Quad_biking_for_three_hours_in_Safaga2-e1603009858628.jpg?fit=1200%2C674&ssl=1","type":"image\/jpeg"}],"twitter_card":"summary_large_image","twitter_site":"@LandiousTours","twitter_misc":{"Ber\u00e4knad l\u00e4stid":"1 minut"},"schema":{"@context":"https:\/\/schema.org","@graph":[{"@type":"WebPage","@id":"https:\/\/landioustravel.com\/sv\/om-landious\/","url":"https:\/\/landioustravel.com\/sv\/om-landious\/","name":"Om Landious -Varf\u00f6r turister v\u00e4ljer oss - Landious Travel","isPartOf":{"@id":"https:\/\/landioustravel.com\/sv\/#website"},"primaryImageOfPage":{"@id":"https:\/\/landioustravel.com\/sv\/om-landious\/#primaryimage"},"image":{"@id":"https:\/\/landioustravel.com\/sv\/om-landious\/#primaryimage"},"thumbnailUrl":"https:\/\/i0.wp.com\/landioustravel.com\/wp-content\/uploads\/2019\/09\/Quad_biking_for_three_hours_in_Safaga2-e1603009858628.jpg?fit=1200%2C674&ssl=1","datePublished":"2020-10-20T14:40:40+00:00","dateModified":"2020-10-20T14:40:43+00:00","description":"Landious Travel \u00e4r ett turistf\u00f6retag med verksamhet i Egypten. F\u00f6retaget erbjuder sina turisttj\u00e4nster p\u00e5 alla orter i landet, t.ex. Hurghada, Safaga, El-Quseir, Marsa Alam, Sharm El-Sheikh och Taba. Dessutom erbjuder vi v\u00e5ra tj\u00e4nster i st\u00e4derna Kairo, Aswan och Luxor","breadcrumb":{"@id":"https:\/\/landioustravel.com\/sv\/om-landious\/#breadcrumb"},"inLanguage":"sv-SE","potentialAction":[{"@type":"ReadAction","target":["https:\/\/landioustravel.com\/sv\/om-landious\/"]}]},{"@type":"ImageObject","inLanguage":"sv-SE","@id":"https:\/\/landioustravel.com\/sv\/om-landious\/#primaryimage","url":"https:\/\/i0.wp.com\/landioustravel.com\/wp-content\/uploads\/2019\/09\/Quad_biking_for_three_hours_in_Safaga2-e1603009858628.jpg?fit=1200%2C674&ssl=1","contentUrl":"https:\/\/i0.wp.com\/landioustravel.com\/wp-content\/uploads\/2019\/09\/Quad_biking_for_three_hours_in_Safaga2-e1603009858628.jpg?fit=1200%2C674&ssl=1","width":1200,"height":674,"caption":"Three Hours Moto Safari in Safaga"},{"@type":"BreadcrumbList","@id":"https:\/\/landioustravel.com\/sv\/om-landious\/#breadcrumb","itemListElement":[{"@type":"ListItem","position":1,"name":"Home","item":"https:\/\/landioustravel.com\/sv\/"},{"@type":"ListItem","position":2,"name":"Om Landious"}]},{"@type":"WebSite","@id":"https:\/\/landioustravel.com\/sv\/#website","url":"https:\/\/landioustravel.com\/sv\/","name":"Landious Travel","description":"Excursions, trips and cruises in Egypt","publisher":{"@id":"https:\/\/landioustravel.com\/sv\/#organization"},"potentialAction":[{"@type":"SearchAction","target":{"@type":"EntryPoint","urlTemplate":"https:\/\/landioustravel.com\/sv\/?s={search_term_string}"},"query-input":{"@type":"PropertyValueSpecification","valueRequired":true,"valueName":"search_term_string"}}],"inLanguage":"sv-SE"},{"@type":["Organization","Place"],"@id":"https:\/\/landioustravel.com\/sv\/#organization","name":"Landious Travel","alternateName":"Landious Travel","url":"https:\/\/landioustravel.com\/sv\/","logo":{"@id":"https:\/\/landioustravel.com\/sv\/om-landious\/#local-main-organization-logo"},"image":{"@id":"https:\/\/landioustravel.com\/sv\/om-landious\/#local-main-organization-logo"},"sameAs":["https:\/\/web.facebook.com\/landiousEgypt","https:\/\/x.com\/LandiousTours","https:\/\/mastodon.social\/@landious"],"legalName":"Landious Travel","telephone":[],"openingHoursSpecification":[{"@type":"OpeningHoursSpecification","dayOfWeek":["Monday","Tuesday","Wednesday","Thursday","Friday","Saturday","Sunday"],"opens":"09:00","closes":"17:00"}]},{"@type":"ImageObject","inLanguage":"sv-SE","@id":"https:\/\/landioustravel.com\/sv\/om-landious\/#local-main-organization-logo","url":"https:\/\/i0.wp.com\/landioustravel.com\/wp-content\/uploads\/2021\/06\/Landious-T.png?fit=500%2C500&ssl=1","contentUrl":"https:\/\/i0.wp.com\/landioustravel.com\/wp-content\/uploads\/2021\/06\/Landious-T.png?fit=500%2C500&ssl=1","width":500,"height":500,"caption":"Landious Travel"}]}},"uagb_featured_image_src":{"full":["https:\/\/i0.wp.com\/landioustravel.com\/wp-content\/uploads\/2019\/09\/Quad_biking_for_three_hours_in_Safaga2-e1603009858628.jpg?fit=1200%2C674&ssl=1",1200,674,false],"thumbnail":["https:\/\/i0.wp.com\/landioustravel.com\/wp-content\/uploads\/2019\/09\/Quad_biking_for_three_hours_in_Safaga2-e1603009858628.jpg?resize=150%2C150&ssl=1",150,150,true],"medium":["https:\/\/i0.wp.com\/landioustravel.com\/wp-content\/uploads\/2019\/09\/Quad_biking_for_three_hours_in_Safaga2-e1603009858628.jpg?fit=300%2C169&ssl=1",300,169,true],"medium_large":["https:\/\/i0.wp.com\/landioustravel.com\/wp-content\/uploads\/2019\/09\/Quad_biking_for_three_hours_in_Safaga2-e1603009858628.jpg?fit=768%2C431&ssl=1",768,431,true],"large":["https:\/\/i0.wp.com\/landioustravel.com\/wp-content\/uploads\/2019\/09\/Quad_biking_for_three_hours_in_Safaga2-e1603009858628.jpg?fit=980%2C550&ssl=1",980,550,true],"1536x1536":["https:\/\/i0.wp.com\/landioustravel.com\/wp-content\/uploads\/2019\/09\/Quad_biking_for_three_hours_in_Safaga2-e1603009858628.jpg?fit=1536%2C863&ssl=1",1536,863,true],"2048x2048":["https:\/\/i0.wp.com\/landioustravel.com\/wp-content\/uploads\/2019\/09\/Quad_biking_for_three_hours_in_Safaga2-e1603009858628.jpg?fit=2048%2C1150&ssl=1",2048,1150,true],"newspack-article-block-landscape-large":["https:\/\/i0.wp.com\/landioustravel.com\/wp-content\/uploads\/2019\/09\/Quad_biking_for_three_hours_in_Safaga2-e1603009858628.jpg?resize=1200%2C674&ssl=1",1200,900,true],"newspack-article-block-portrait-large":["https:\/\/i0.wp.com\/landioustravel.com\/wp-content\/uploads\/2019\/09\/Quad_biking_for_three_hours_in_Safaga2-e1603009858628.jpg?resize=900%2C674&ssl=1",900,674,true],"newspack-article-block-square-large":["https:\/\/i0.wp.com\/landioustravel.com\/wp-content\/uploads\/2019\/09\/Quad_biking_for_three_hours_in_Safaga2-e1603009858628.jpg?resize=1200%2C674&ssl=1",1200,1200,true],"newspack-article-block-landscape-medium":["https:\/\/i0.wp.com\/landioustravel.com\/wp-content\/uploads\/2019\/09\/Quad_biking_for_three_hours_in_Safaga2-e1603009858628.jpg?resize=800%2C600&ssl=1",800,600,true],"newspack-article-block-portrait-medium":["https:\/\/i0.wp.com\/landioustravel.com\/wp-content\/uploads\/2019\/09\/Quad_biking_for_three_hours_in_Safaga2-e1603009858628.jpg?resize=600%2C674&ssl=1",600,674,true],"newspack-article-block-square-medium":["https:\/\/i0.wp.com\/landioustravel.com\/wp-content\/uploads\/2019\/09\/Quad_biking_for_three_hours_in_Safaga2-e1603009858628.jpg?resize=800%2C674&ssl=1",800,674,true],"newspack-article-block-landscape-intermediate":["https:\/\/i0.wp.com\/landioustravel.com\/wp-content\/uploads\/2019\/09\/Quad_biking_for_three_hours_in_Safaga2-e1603009858628.jpg?resize=600%2C450&ssl=1",600,450,true],"newspack-article-block-portrait-intermediate":["https:\/\/i0.wp.com\/landioustravel.com\/wp-content\/uploads\/2019\/09\/Quad_biking_for_three_hours_in_Safaga2-e1603009858628.jpg?resize=450%2C600&ssl=1",450,600,true],"newspack-article-block-square-intermediate":["https:\/\/i0.wp.com\/landioustravel.com\/wp-content\/uploads\/2019\/09\/Quad_biking_for_three_hours_in_Safaga2-e1603009858628.jpg?resize=600%2C600&ssl=1",600,600,true],"newspack-article-block-landscape-small":["https:\/\/i0.wp.com\/landioustravel.com\/wp-content\/uploads\/2019\/09\/Quad_biking_for_three_hours_in_Safaga2-e1603009858628.jpg?resize=400%2C300&ssl=1",400,300,true],"newspack-article-block-portrait-small":["https:\/\/i0.wp.com\/landioustravel.com\/wp-content\/uploads\/2019\/09\/Quad_biking_for_three_hours_in_Safaga2-e1603009858628.jpg?resize=300%2C400&ssl=1",300,400,true],"newspack-article-block-square-small":["https:\/\/i0.wp.com\/landioustravel.com\/wp-content\/uploads\/2019\/09\/Quad_biking_for_three_hours_in_Safaga2-e1603009858628.jpg?resize=400%2C400&ssl=1",400,400,true],"newspack-article-block-landscape-tiny":["https:\/\/i0.wp.com\/landioustravel.com\/wp-content\/uploads\/2019\/09\/Quad_biking_for_three_hours_in_Safaga2-e1603009858628.jpg?resize=200%2C150&ssl=1",200,150,true],"newspack-article-block-portrait-tiny":["https:\/\/i0.wp.com\/landioustravel.com\/wp-content\/uploads\/2019\/09\/Quad_biking_for_three_hours_in_Safaga2-e1603009858628.jpg?resize=150%2C200&ssl=1",150,200,true],"newspack-article-block-square-tiny":["https:\/\/i0.wp.com\/landioustravel.com\/wp-content\/uploads\/2019\/09\/Quad_biking_for_three_hours_in_Safaga2-e1603009858628.jpg?resize=200%2C200&ssl=1",200,200,true],"newspack-article-block-uncropped":["https:\/\/i0.wp.com\/landioustravel.com\/wp-content\/uploads\/2019\/09\/Quad_biking_for_three_hours_in_Safaga2-e1603009858628.jpg?fit=1200%2C674&ssl=1",1200,674,true],"woocommerce_thumbnail":["https:\/\/i0.wp.com\/landioustravel.com\/wp-content\/uploads\/2019\/09\/Quad_biking_for_three_hours_in_Safaga2-e1603009858628.jpg?resize=324%2C324&ssl=1",324,324,true],"woocommerce_single":["https:\/\/i0.wp.com\/landioustravel.com\/wp-content\/uploads\/2019\/09\/Quad_biking_for_three_hours_in_Safaga2-e1603009858628.jpg?fit=416%2C234&ssl=1",416,234,true],"woocommerce_gallery_thumbnail":["https:\/\/i0.wp.com\/landioustravel.com\/wp-content\/uploads\/2019\/09\/Quad_biking_for_three_hours_in_Safaga2-e1603009858628.jpg?resize=100%2C100&ssl=1",100,100,true]},"uagb_author_info":{"display_name":"Mofreh Landious","author_link":"https:\/\/landioustravel.com\/sv\/author\/landious\/"},"uagb_comment_info":0,"uagb_excerpt":"Landious Travel \u00e4r ett turistf\u00f6retag med verksamhet i Egypten. F\u00f6retaget erbjuder sina turisttj\u00e4nster p\u00e5 alla orter i landet, t.ex. Hurghada, Safaga, El-Quseir, Marsa Alam, Sharm El-Sheikh och Taba. Dessutom erbjuder vi v\u00e5ra tj\u00e4nster i st\u00e4derna Kairo, Aswan och Luxor. Vi arbetar dag och natt f\u00f6r att tillfredsst\u00e4lla v\u00e5ra kunder och utveckla de tj\u00e4nster vi f\u00e5r.&hellip;","jetpack_sharing_enabled":true,"jetpack_shortlink":"https:\/\/wp.me\/Par4r5-6AS","jetpack_likes_enabled":true,"amp_enabled":true,"_links":{"self":[{"href":"https:\/\/landioustravel.com\/sv\/wp-json\/wp\/v2\/pages\/25350","targetHints":{"allow":["GET"]}}],"collection":[{"href":"https:\/\/landioustravel.com\/sv\/wp-json\/wp\/v2\/pages"}],"about":[{"href":"https:\/\/landioustravel.com\/sv\/wp-json\/wp\/v2\/types\/page"}],"author":[{"embeddable":true,"href":"https:\/\/landioustravel.com\/sv\/wp-json\/wp\/v2\/users\/1"}],"replies":[{"embeddable":true,"href":"https:\/\/landioustravel.com\/sv\/wp-json\/wp\/v2\/comments?post=25350"}],"version-history":[{"count":0,"href":"https:\/\/landioustravel.com\/sv\/wp-json\/wp\/v2\/pages\/25350\/revisions"}],"wp:featuredmedia":[{"embeddable":true,"href":"https:\/\/landioustravel.com\/sv\/wp-json\/wp\/v2\/media\/25309"}],"wp:attachment":[{"href":"https:\/\/landioustravel.com\/sv\/wp-json\/wp\/v2\/media?parent=25350"}],"curies":[{"name":"wp","href":"https:\/\/api.w.org\/{rel}","templated":true}]}}