{"id":25368,"date":"2020-10-20T21:18:29","date_gmt":"2020-10-20T19:18:29","guid":{"rendered":"https:\/\/landioustravel.com\/?page_id=25368"},"modified":"2023-04-24T00:56:04","modified_gmt":"2023-04-23T22:56:04","slug":"kontakter","status":"publish","type":"page","link":"https:\/\/landioustravel.com\/sv\/kontakter\/","title":{"rendered":"Kontakter"},"content":{"rendered":"\n<h2 class=\"wp-block-heading\">Landious Resa kontakter<\/h2>\n\n\n\n<p>I det h\u00e4r avsnittet tillhandah\u00e5ller vi v\u00e5ra kontakter och visar dig det b\u00e4sta s\u00e4ttet att n\u00e5 oss. I allm\u00e4nhet finns det tv\u00e5 kanaler f\u00f6r att kontakta oss. Landious Travel har en fysisk plats, liksom en online -n\u00e4rvaro. L\u00e4ngre ner ger vi dig information om dessa tv\u00e5 kanaler:<\/p>\n\n\n\n<ul class=\"wp-block-list\">\n<li>Fysisk plats.<\/li>\n\n\n\n<li>\u00c4ven online n\u00e4rvaro.<\/li>\n<\/ul>\n\n\n\n<h2 class=\"wp-block-heading\" id=\"h-fysisk-plats-och-adress\">Fysisk plats och adress<\/h2>\n\n\n\n<p>Landious Travel har ett fysiskt l\u00e4ge i <a href=\"https:\/\/landioustravel.com\/sv\/hurghada-stad\/\">Hurghada<\/a> och flera <a href=\"https:\/\/landioustravel.com\/sv\/egypten\/egyptiska-stader\/\">egyptiska st\u00e4der<\/a>. \u00c4ven om vi rekommenderar starkt att du kontaktar oss via v\u00e5r webbplats eller medf\u00f6ljande mobiltelefon. Du kan ocks\u00e5 kontakta oss via v\u00e5ra sociala mediesidor. Observera att vi tillhandah\u00e5ller en representant f\u00f6r att tr\u00e4ffa dig p\u00e5 ditt hotell om det finns ett stort behov av att g\u00f6ra detta.<\/p>\n\n\n\n<h3 class=\"wp-block-heading\">Adress i Hurghada<\/h3>\n\n\n\n<p><a href=\"https:\/\/landioustravel.com\/sv\/egypten\/\">Egypten<\/a>, Hurghada, Sheraton Road, Metro St.,<\/p>\n\n\n\n<div style=\"min-height:400px\" data-map-attr=\"\/qaddress\/q:\/qlandious\/q||\/qlat\/q:\/qundefined\/q||\/qlng\/q:\/qundefined\/q||\/qskin\/q:\/qstandard\/q||\/qzoom\/q:\/q12\/q||\/qiconSize\/q:\/q36\/q||\/qmapTypeControl\/q:\/qtrue\/q||\/qzoomControl\/q:\/qtrue\/q||\/qstreetViewControl\/q:\/qtrue\/q||\/qfullscreenControl\/q:\/qtrue\/q\" class=\"wp-block-coblocks-map\"><iframe title=\"Google Map\" frameborder=\"0\" style=\"width:100%;min-height:400px\" src=\"https:\/\/www.google.com\/maps?q=landious&amp;output=embed&amp;hl=en-US&amp;z=12\"><\/iframe><\/div>\n\n\n\n<h3 class=\"wp-block-heading\">Online n\u00e4rvaro<\/h3>\n\n\n\n<p>Landious Travel -teamet kommer g\u00e4rna att f\u00e5 dina bokningar via denna webbplats. Vi uppmuntrar dig s\u00e5 mycket att boka din tj\u00e4nst (resa, utflykt eller turn\u00e9) genom v\u00e5r webbplats genom att l\u00e4gga till produkten i kundvagnen och forts\u00e4tta till kassan. Du kan ocks\u00e5 kontakta oss p\u00e5 v\u00e5rt mobilnummer\/ WhatsApp\/ Viber. Vi har ocks\u00e5 en n\u00e4rvaro p\u00e5 sociala medier: Facebook, <a href=\"https:\/\/www.google.com\/maps\/place\/LANDIOUS+TRAVEL\/@27.214958,33.83836,15z\/data=!4m5!3m4!1s0x0:0xf227e58531516b2a!8m2!3d27.214958!4d33.83836\" target=\"_blank\" rel=\"noreferrer noopener\">Google My Business<\/a> och Twitter. Naturligtvis kan du en av dessa sociala medier kanaler f\u00f6r att f\u00e5 oss.<\/p>\n\n\n\n<h2 class=\"wp-block-heading\">Bokning och information<\/h2>\n\n\n\n<ul class=\"wp-block-list\">\n<li>Mobil: +2 01019611266<\/li>\n\n\n\n<li>mofreh78eg@gmail.com<\/li>\n<\/ul>\n\n\n\n<h2 class=\"wp-block-heading\">Kontaktperson<\/h2>\n\n\n\n<ul class=\"wp-block-list\">\n<li>Regiss\u00f6r: Mofreh Landious<\/li>\n\n\n\n<li>F\u00f6rs\u00e4ljningschef: Taysseer Zakhary<\/li>\n<\/ul>\n","protected":false},"excerpt":{"rendered":"<p>Landious Resa kontakter I det h\u00e4r avsnittet tillhandah\u00e5ller vi v\u00e5ra kontakter och visar dig det b\u00e4sta s\u00e4ttet att n\u00e5 oss. I allm\u00e4nhet finns det tv\u00e5 kanaler f\u00f6r att kontakta oss. Landious Travel har en fysisk plats, liksom en online -n\u00e4rvaro. L\u00e4ngre ner ger vi dig information om dessa tv\u00e5 kanaler: Fysisk plats och adress Landious [&hellip;]<\/p>\n","protected":false},"author":1,"featured_media":34661,"parent":0,"menu_order":2,"comment_status":"open","ping_status":"closed","template":"","meta":{"_coblocks_attr":"","_coblocks_dimensions":"","_coblocks_responsive_height":"","_coblocks_accordion_ie_support":"","_uag_custom_page_level_css":"","footnotes":""},"class_list":["post-25368","page","type-page","status-publish","has-post-thumbnail","hentry"],"yoast_head":"<!-- This site is optimized with the Yoast SEO Premium plugin v26.9 (Yoast SEO v27.4) - https:\/\/yoast.com\/product\/yoast-seo-premium-wordpress\/ -->\n<title>Kontakter - Bokning och information - Landious Travel<\/title>\n<meta name=\"description\" content=\"Kontakter Landious Travel, kontakter, adress, Egypten, Hurghada, Sheraton Street, mittemot hotellet Seagull Regiss\u00f6r: Mofreh Landious\" \/>\n<meta name=\"robots\" content=\"index, follow, max-snippet:-1, max-image-preview:large, max-video-preview:-1\" \/>\n<link rel=\"canonical\" href=\"https:\/\/landioustravel.com\/sv\/kontakter\/\" \/>\n<meta property=\"og:locale\" content=\"sv_SE\" \/>\n<meta property=\"og:type\" content=\"article\" \/>\n<meta property=\"og:title\" content=\"Kontakter\" \/>\n<meta property=\"og:description\" content=\"Kontakter Landious Travel, kontakter, adress, Egypten, Hurghada, Sheraton Street, mittemot hotellet Seagull Regiss\u00f6r: Mofreh Landious\" \/>\n<meta property=\"og:url\" content=\"https:\/\/landioustravel.com\/sv\/kontakter\/\" \/>\n<meta property=\"og:site_name\" content=\"Landious Travel\" \/>\n<meta property=\"article:publisher\" content=\"https:\/\/web.facebook.com\/landiousEgypt\" \/>\n<meta property=\"article:modified_time\" content=\"2023-04-23T22:56:04+00:00\" \/>\n<meta property=\"og:image\" content=\"https:\/\/i0.wp.com\/landioustravel.com\/wp-content\/uploads\/2021\/08\/Kontakter-e1627784557373.jpg?fit=1200%2C675&ssl=1\" \/>\n\t<meta property=\"og:image:width\" content=\"1200\" \/>\n\t<meta property=\"og:image:height\" content=\"675\" \/>\n\t<meta property=\"og:image:type\" content=\"image\/jpeg\" \/>\n<meta name=\"twitter:card\" content=\"summary_large_image\" \/>\n<meta name=\"twitter:site\" content=\"@LandiousTours\" \/>\n<meta name=\"twitter:label1\" content=\"Ber\u00e4knad l\u00e4stid\" \/>\n\t<meta name=\"twitter:data1\" content=\"2 minuter\" \/>\n<script type=\"application\/ld+json\" class=\"yoast-schema-graph\">{\"@context\":\"https:\\\/\\\/schema.org\",\"@graph\":[{\"@type\":\"WebPage\",\"@id\":\"https:\\\/\\\/landioustravel.com\\\/sv\\\/kontakter\\\/\",\"url\":\"https:\\\/\\\/landioustravel.com\\\/sv\\\/kontakter\\\/\",\"name\":\"Kontakter - Bokning och information - Landious Travel\",\"isPartOf\":{\"@id\":\"https:\\\/\\\/landioustravel.com\\\/sv\\\/#website\"},\"primaryImageOfPage\":{\"@id\":\"https:\\\/\\\/landioustravel.com\\\/sv\\\/kontakter\\\/#primaryimage\"},\"image\":{\"@id\":\"https:\\\/\\\/landioustravel.com\\\/sv\\\/kontakter\\\/#primaryimage\"},\"thumbnailUrl\":\"https:\\\/\\\/i0.wp.com\\\/landioustravel.com\\\/wp-content\\\/uploads\\\/2021\\\/08\\\/Kontakter-e1627784557373.jpg?fit=1200%2C675&ssl=1\",\"datePublished\":\"2020-10-20T19:18:29+00:00\",\"dateModified\":\"2023-04-23T22:56:04+00:00\",\"description\":\"Kontakter Landious Travel, kontakter, adress, Egypten, Hurghada, Sheraton Street, mittemot hotellet Seagull Regiss\u00f6r: Mofreh Landious\",\"breadcrumb\":{\"@id\":\"https:\\\/\\\/landioustravel.com\\\/sv\\\/kontakter\\\/#breadcrumb\"},\"inLanguage\":\"sv-SE\",\"potentialAction\":[{\"@type\":\"ReadAction\",\"target\":[\"https:\\\/\\\/landioustravel.com\\\/sv\\\/kontakter\\\/\"]}]},{\"@type\":\"ImageObject\",\"inLanguage\":\"sv-SE\",\"@id\":\"https:\\\/\\\/landioustravel.com\\\/sv\\\/kontakter\\\/#primaryimage\",\"url\":\"https:\\\/\\\/i0.wp.com\\\/landioustravel.com\\\/wp-content\\\/uploads\\\/2021\\\/08\\\/Kontakter-e1627784557373.jpg?fit=1200%2C675&ssl=1\",\"contentUrl\":\"https:\\\/\\\/i0.wp.com\\\/landioustravel.com\\\/wp-content\\\/uploads\\\/2021\\\/08\\\/Kontakter-e1627784557373.jpg?fit=1200%2C675&ssl=1\",\"width\":1200,\"height\":675,\"caption\":\"Kontakter\"},{\"@type\":\"BreadcrumbList\",\"@id\":\"https:\\\/\\\/landioustravel.com\\\/sv\\\/kontakter\\\/#breadcrumb\",\"itemListElement\":[{\"@type\":\"ListItem\",\"position\":1,\"name\":\"Home\",\"item\":\"https:\\\/\\\/landioustravel.com\\\/sv\\\/\"},{\"@type\":\"ListItem\",\"position\":2,\"name\":\"Kontakter\"}]},{\"@type\":\"WebSite\",\"@id\":\"https:\\\/\\\/landioustravel.com\\\/sv\\\/#website\",\"url\":\"https:\\\/\\\/landioustravel.com\\\/sv\\\/\",\"name\":\"Landious Travel\",\"description\":\"Excursions, trips and cruises in Egypt\",\"publisher\":{\"@id\":\"https:\\\/\\\/landioustravel.com\\\/sv\\\/#organization\"},\"potentialAction\":[{\"@type\":\"SearchAction\",\"target\":{\"@type\":\"EntryPoint\",\"urlTemplate\":\"https:\\\/\\\/landioustravel.com\\\/sv\\\/?s={search_term_string}\"},\"query-input\":{\"@type\":\"PropertyValueSpecification\",\"valueRequired\":true,\"valueName\":\"search_term_string\"}}],\"inLanguage\":\"sv-SE\"},{\"@type\":[\"Organization\",\"Place\"],\"@id\":\"https:\\\/\\\/landioustravel.com\\\/sv\\\/#organization\",\"name\":\"Landious Travel\",\"alternateName\":\"Landious Travel\",\"url\":\"https:\\\/\\\/landioustravel.com\\\/sv\\\/\",\"logo\":{\"@id\":\"https:\\\/\\\/landioustravel.com\\\/sv\\\/kontakter\\\/#local-main-organization-logo\"},\"image\":{\"@id\":\"https:\\\/\\\/landioustravel.com\\\/sv\\\/kontakter\\\/#local-main-organization-logo\"},\"sameAs\":[\"https:\\\/\\\/web.facebook.com\\\/landiousEgypt\",\"https:\\\/\\\/x.com\\\/LandiousTours\",\"https:\\\/\\\/mastodon.social\\\/@landious\"],\"legalName\":\"Landious Travel\",\"telephone\":[],\"openingHoursSpecification\":[{\"@type\":\"OpeningHoursSpecification\",\"dayOfWeek\":[\"Monday\",\"Tuesday\",\"Wednesday\",\"Thursday\",\"Friday\",\"Saturday\",\"Sunday\"],\"opens\":\"09:00\",\"closes\":\"17:00\"}]},{\"@type\":\"ImageObject\",\"inLanguage\":\"sv-SE\",\"@id\":\"https:\\\/\\\/landioustravel.com\\\/sv\\\/kontakter\\\/#local-main-organization-logo\",\"url\":\"https:\\\/\\\/i0.wp.com\\\/landioustravel.com\\\/wp-content\\\/uploads\\\/2021\\\/06\\\/Landious-T.png?fit=500%2C500&ssl=1\",\"contentUrl\":\"https:\\\/\\\/i0.wp.com\\\/landioustravel.com\\\/wp-content\\\/uploads\\\/2021\\\/06\\\/Landious-T.png?fit=500%2C500&ssl=1\",\"width\":500,\"height\":500,\"caption\":\"Landious Travel\"}]}<\/script>\n<!-- \/ Yoast SEO Premium plugin. -->","yoast_head_json":{"title":"Kontakter - Bokning och information - Landious Travel","description":"Kontakter Landious Travel, kontakter, adress, Egypten, Hurghada, Sheraton Street, mittemot hotellet Seagull Regiss\u00f6r: Mofreh Landious","robots":{"index":"index","follow":"follow","max-snippet":"max-snippet:-1","max-image-preview":"max-image-preview:large","max-video-preview":"max-video-preview:-1"},"canonical":"https:\/\/landioustravel.com\/sv\/kontakter\/","og_locale":"sv_SE","og_type":"article","og_title":"Kontakter","og_description":"Kontakter Landious Travel, kontakter, adress, Egypten, Hurghada, Sheraton Street, mittemot hotellet Seagull Regiss\u00f6r: Mofreh Landious","og_url":"https:\/\/landioustravel.com\/sv\/kontakter\/","og_site_name":"Landious Travel","article_publisher":"https:\/\/web.facebook.com\/landiousEgypt","article_modified_time":"2023-04-23T22:56:04+00:00","og_image":[{"width":1200,"height":675,"url":"https:\/\/i0.wp.com\/landioustravel.com\/wp-content\/uploads\/2021\/08\/Kontakter-e1627784557373.jpg?fit=1200%2C675&ssl=1","type":"image\/jpeg"}],"twitter_card":"summary_large_image","twitter_site":"@LandiousTours","twitter_misc":{"Ber\u00e4knad l\u00e4stid":"2 minuter"},"schema":{"@context":"https:\/\/schema.org","@graph":[{"@type":"WebPage","@id":"https:\/\/landioustravel.com\/sv\/kontakter\/","url":"https:\/\/landioustravel.com\/sv\/kontakter\/","name":"Kontakter - Bokning och information - Landious Travel","isPartOf":{"@id":"https:\/\/landioustravel.com\/sv\/#website"},"primaryImageOfPage":{"@id":"https:\/\/landioustravel.com\/sv\/kontakter\/#primaryimage"},"image":{"@id":"https:\/\/landioustravel.com\/sv\/kontakter\/#primaryimage"},"thumbnailUrl":"https:\/\/i0.wp.com\/landioustravel.com\/wp-content\/uploads\/2021\/08\/Kontakter-e1627784557373.jpg?fit=1200%2C675&ssl=1","datePublished":"2020-10-20T19:18:29+00:00","dateModified":"2023-04-23T22:56:04+00:00","description":"Kontakter Landious Travel, kontakter, adress, Egypten, Hurghada, Sheraton Street, mittemot hotellet Seagull Regiss\u00f6r: Mofreh Landious","breadcrumb":{"@id":"https:\/\/landioustravel.com\/sv\/kontakter\/#breadcrumb"},"inLanguage":"sv-SE","potentialAction":[{"@type":"ReadAction","target":["https:\/\/landioustravel.com\/sv\/kontakter\/"]}]},{"@type":"ImageObject","inLanguage":"sv-SE","@id":"https:\/\/landioustravel.com\/sv\/kontakter\/#primaryimage","url":"https:\/\/i0.wp.com\/landioustravel.com\/wp-content\/uploads\/2021\/08\/Kontakter-e1627784557373.jpg?fit=1200%2C675&ssl=1","contentUrl":"https:\/\/i0.wp.com\/landioustravel.com\/wp-content\/uploads\/2021\/08\/Kontakter-e1627784557373.jpg?fit=1200%2C675&ssl=1","width":1200,"height":675,"caption":"Kontakter"},{"@type":"BreadcrumbList","@id":"https:\/\/landioustravel.com\/sv\/kontakter\/#breadcrumb","itemListElement":[{"@type":"ListItem","position":1,"name":"Home","item":"https:\/\/landioustravel.com\/sv\/"},{"@type":"ListItem","position":2,"name":"Kontakter"}]},{"@type":"WebSite","@id":"https:\/\/landioustravel.com\/sv\/#website","url":"https:\/\/landioustravel.com\/sv\/","name":"Landious Travel","description":"Excursions, trips and cruises in Egypt","publisher":{"@id":"https:\/\/landioustravel.com\/sv\/#organization"},"potentialAction":[{"@type":"SearchAction","target":{"@type":"EntryPoint","urlTemplate":"https:\/\/landioustravel.com\/sv\/?s={search_term_string}"},"query-input":{"@type":"PropertyValueSpecification","valueRequired":true,"valueName":"search_term_string"}}],"inLanguage":"sv-SE"},{"@type":["Organization","Place"],"@id":"https:\/\/landioustravel.com\/sv\/#organization","name":"Landious Travel","alternateName":"Landious Travel","url":"https:\/\/landioustravel.com\/sv\/","logo":{"@id":"https:\/\/landioustravel.com\/sv\/kontakter\/#local-main-organization-logo"},"image":{"@id":"https:\/\/landioustravel.com\/sv\/kontakter\/#local-main-organization-logo"},"sameAs":["https:\/\/web.facebook.com\/landiousEgypt","https:\/\/x.com\/LandiousTours","https:\/\/mastodon.social\/@landious"],"legalName":"Landious Travel","telephone":[],"openingHoursSpecification":[{"@type":"OpeningHoursSpecification","dayOfWeek":["Monday","Tuesday","Wednesday","Thursday","Friday","Saturday","Sunday"],"opens":"09:00","closes":"17:00"}]},{"@type":"ImageObject","inLanguage":"sv-SE","@id":"https:\/\/landioustravel.com\/sv\/kontakter\/#local-main-organization-logo","url":"https:\/\/i0.wp.com\/landioustravel.com\/wp-content\/uploads\/2021\/06\/Landious-T.png?fit=500%2C500&ssl=1","contentUrl":"https:\/\/i0.wp.com\/landioustravel.com\/wp-content\/uploads\/2021\/06\/Landious-T.png?fit=500%2C500&ssl=1","width":500,"height":500,"caption":"Landious Travel"}]}},"uagb_featured_image_src":{"full":["https:\/\/i0.wp.com\/landioustravel.com\/wp-content\/uploads\/2021\/08\/Kontakter-e1627784557373.jpg?fit=1200%2C675&ssl=1",1200,675,false],"thumbnail":["https:\/\/i0.wp.com\/landioustravel.com\/wp-content\/uploads\/2021\/08\/Kontakter-e1627784557373.jpg?resize=150%2C150&ssl=1",150,150,true],"medium":["https:\/\/i0.wp.com\/landioustravel.com\/wp-content\/uploads\/2021\/08\/Kontakter-e1627784557373.jpg?fit=300%2C169&ssl=1",300,169,true],"medium_large":["https:\/\/i0.wp.com\/landioustravel.com\/wp-content\/uploads\/2021\/08\/Kontakter-e1627784557373.jpg?fit=768%2C432&ssl=1",768,432,true],"large":["https:\/\/i0.wp.com\/landioustravel.com\/wp-content\/uploads\/2021\/08\/Kontakter-e1627784557373.jpg?fit=980%2C551&ssl=1",980,551,true],"1536x1536":["https:\/\/i0.wp.com\/landioustravel.com\/wp-content\/uploads\/2021\/08\/Kontakter-e1627784557373.jpg?fit=1536%2C864&ssl=1",1536,864,true],"2048x2048":["https:\/\/i0.wp.com\/landioustravel.com\/wp-content\/uploads\/2021\/08\/Kontakter-e1627784557373.jpg?fit=2048%2C1152&ssl=1",2048,1152,true],"newspack-article-block-landscape-large":["https:\/\/i0.wp.com\/landioustravel.com\/wp-content\/uploads\/2021\/08\/Kontakter-e1627784557373.jpg?resize=1200%2C675&ssl=1",1200,900,true],"newspack-article-block-portrait-large":["https:\/\/i0.wp.com\/landioustravel.com\/wp-content\/uploads\/2021\/08\/Kontakter-e1627784557373.jpg?resize=900%2C675&ssl=1",900,1200,true],"newspack-article-block-square-large":["https:\/\/i0.wp.com\/landioustravel.com\/wp-content\/uploads\/2021\/08\/Kontakter-e1627784557373.jpg?resize=1200%2C675&ssl=1",1200,1200,true],"newspack-article-block-landscape-medium":["https:\/\/i0.wp.com\/landioustravel.com\/wp-content\/uploads\/2021\/08\/Kontakter-e1627784557373.jpg?resize=800%2C600&ssl=1",800,600,true],"newspack-article-block-portrait-medium":["https:\/\/i0.wp.com\/landioustravel.com\/wp-content\/uploads\/2021\/08\/Kontakter-e1627784557373.jpg?resize=600%2C675&ssl=1",600,800,true],"newspack-article-block-square-medium":["https:\/\/i0.wp.com\/landioustravel.com\/wp-content\/uploads\/2021\/08\/Kontakter-e1627784557373.jpg?resize=800%2C675&ssl=1",800,800,true],"newspack-article-block-landscape-intermediate":["https:\/\/i0.wp.com\/landioustravel.com\/wp-content\/uploads\/2021\/08\/Kontakter-e1627784557373.jpg?resize=600%2C450&ssl=1",600,450,true],"newspack-article-block-portrait-intermediate":["https:\/\/i0.wp.com\/landioustravel.com\/wp-content\/uploads\/2021\/08\/Kontakter-e1627784557373.jpg?resize=450%2C600&ssl=1",450,600,true],"newspack-article-block-square-intermediate":["https:\/\/i0.wp.com\/landioustravel.com\/wp-content\/uploads\/2021\/08\/Kontakter-e1627784557373.jpg?resize=600%2C600&ssl=1",600,600,true],"newspack-article-block-landscape-small":["https:\/\/i0.wp.com\/landioustravel.com\/wp-content\/uploads\/2021\/08\/Kontakter-e1627784557373.jpg?resize=400%2C300&ssl=1",400,300,true],"newspack-article-block-portrait-small":["https:\/\/i0.wp.com\/landioustravel.com\/wp-content\/uploads\/2021\/08\/Kontakter-e1627784557373.jpg?resize=300%2C400&ssl=1",300,400,true],"newspack-article-block-square-small":["https:\/\/i0.wp.com\/landioustravel.com\/wp-content\/uploads\/2021\/08\/Kontakter-e1627784557373.jpg?resize=400%2C400&ssl=1",400,400,true],"newspack-article-block-landscape-tiny":["https:\/\/i0.wp.com\/landioustravel.com\/wp-content\/uploads\/2021\/08\/Kontakter-e1627784557373.jpg?resize=200%2C150&ssl=1",200,150,true],"newspack-article-block-portrait-tiny":["https:\/\/i0.wp.com\/landioustravel.com\/wp-content\/uploads\/2021\/08\/Kontakter-e1627784557373.jpg?resize=150%2C200&ssl=1",150,200,true],"newspack-article-block-square-tiny":["https:\/\/i0.wp.com\/landioustravel.com\/wp-content\/uploads\/2021\/08\/Kontakter-e1627784557373.jpg?resize=200%2C200&ssl=1",200,200,true],"newspack-article-block-uncropped":["https:\/\/i0.wp.com\/landioustravel.com\/wp-content\/uploads\/2021\/08\/Kontakter-e1627784557373.jpg?fit=1200%2C675&ssl=1",1200,675,true],"woocommerce_thumbnail":["https:\/\/i0.wp.com\/landioustravel.com\/wp-content\/uploads\/2021\/08\/Kontakter-e1627784557373.jpg?resize=324%2C324&ssl=1",324,324,true],"woocommerce_single":["https:\/\/i0.wp.com\/landioustravel.com\/wp-content\/uploads\/2021\/08\/Kontakter-e1627784557373.jpg?fit=416%2C234&ssl=1",416,234,true],"woocommerce_gallery_thumbnail":["https:\/\/i0.wp.com\/landioustravel.com\/wp-content\/uploads\/2021\/08\/Kontakter-e1627784557373.jpg?resize=100%2C100&ssl=1",100,100,true]},"uagb_author_info":{"display_name":"Mofreh Landious","author_link":"https:\/\/landioustravel.com\/sv\/author\/landious\/"},"uagb_comment_info":0,"uagb_excerpt":"Landious Resa kontakter I det h\u00e4r avsnittet tillhandah\u00e5ller vi v\u00e5ra kontakter och visar dig det b\u00e4sta s\u00e4ttet att n\u00e5 oss. I allm\u00e4nhet finns det tv\u00e5 kanaler f\u00f6r att kontakta oss. Landious Travel har en fysisk plats, liksom en online -n\u00e4rvaro. L\u00e4ngre ner ger vi dig information om dessa tv\u00e5 kanaler: Fysisk plats och adress Landious&hellip;","jetpack_sharing_enabled":true,"jetpack_shortlink":"https:\/\/wp.me\/Par4r5-6Ba","jetpack_likes_enabled":true,"amp_enabled":true,"_links":{"self":[{"href":"https:\/\/landioustravel.com\/sv\/wp-json\/wp\/v2\/pages\/25368","targetHints":{"allow":["GET"]}}],"collection":[{"href":"https:\/\/landioustravel.com\/sv\/wp-json\/wp\/v2\/pages"}],"about":[{"href":"https:\/\/landioustravel.com\/sv\/wp-json\/wp\/v2\/types\/page"}],"author":[{"embeddable":true,"href":"https:\/\/landioustravel.com\/sv\/wp-json\/wp\/v2\/users\/1"}],"replies":[{"embeddable":true,"href":"https:\/\/landioustravel.com\/sv\/wp-json\/wp\/v2\/comments?post=25368"}],"version-history":[{"count":2,"href":"https:\/\/landioustravel.com\/sv\/wp-json\/wp\/v2\/pages\/25368\/revisions"}],"predecessor-version":[{"id":141376,"href":"https:\/\/landioustravel.com\/sv\/wp-json\/wp\/v2\/pages\/25368\/revisions\/141376"}],"wp:featuredmedia":[{"embeddable":true,"href":"https:\/\/landioustravel.com\/sv\/wp-json\/wp\/v2\/media\/34661"}],"wp:attachment":[{"href":"https:\/\/landioustravel.com\/sv\/wp-json\/wp\/v2\/media?parent=25368"}],"curies":[{"name":"wp","href":"https:\/\/api.w.org\/{rel}","templated":true}]}}