{"id":32688,"date":"2021-06-11T20:42:51","date_gmt":"2021-06-11T18:42:51","guid":{"rendered":"https:\/\/landioustravel.com\/?page_id=32688"},"modified":"2021-06-11T20:42:51","modified_gmt":"2021-06-11T18:42:51","slug":"kairo-guvernement","status":"publish","type":"page","link":"https:\/\/landioustravel.com\/sv\/egypten\/egyptiska-stader\/kairo-guvernement\/","title":{"rendered":"Kairo Guvernement"},"content":{"rendered":"<p>Kairo Guvernement ligger p\u00e5 v\u00e4stra stranden av floden Nilen i <a href=\"https:\/\/landioustravel.com\/sv\/egypten\/\">Egypten<\/a>. Den str\u00e4cker sig 25 km l\u00e4ngs Nilen. Governorate Al-Qalyubiah gr\u00e4nsar till Kairo i norr, <a href=\"https:\/\/www.google.com\/maps\/place\/Giza+Governorate\/@28.9885709,27.3839957,7z\/data=!3m1!4b1!4m5!3m4!1s0x145841042f9e1ec1:0xfbc569d70f20ac26!8m2!3d28.7666216!4d29.2320784\" target=\"_blank\" rel=\"noopener\">Giza Governorate<\/a> i s\u00f6der, Suez Governorate i \u00f6ster och Nilen i v\u00e4ster.<\/p>\n<h2>Historien om Kairo Guvernement<\/h2>\n<p>Kairo \u00e4r ett av de 27 guvern\u00f6rerna i Egypten och \u00e4r Egyptens nuvarande huvudstad. Detta Governorate har en djupt rotad historia och arv som alla guvern\u00f6rerna ligger i Nildalen. P\u00e5 samma s\u00e4tt str\u00e4cker sig dess historia s\u00e5 l\u00e5ngt tillbaka som civilisationens historia i Egypten.<\/p>\n<p>Den forntida egyptien konstruerade en stad som heter Memphis. Nu f\u00f6r tiden; denna f\u00f6rort k\u00e4nner vi igen som Mit Rahina, Giza Governorate. Vid den tiden representerade Memphis Egyptens huvudstad.<\/p>\n<p>Inte betydligt l\u00e5ngt fr\u00e5n Memphis grundade den forntida egyptien en annan stad p\u00e5 den \u00f6stra stranden av floden Nilen &#8211; Heliopolis. Den forntida egyptien kallade det \u201dIunu\u201d. Under denna tid var det huvudstaden i det 13: e Nome i Nedre Egypten och ett stort religi\u00f6st centrum. Historiskt existerade denna heliopolitiska kupol i omr\u00e5det till\u00e4gnad det nuvarande provinsen Kairo. Heliopolis expanderade snabbt under de gamla och mellersta kungad\u00f6mena. De forntida egyptierna byggde den i omr\u00e5det d\u00e4r den nuvarande Ayn Shams ligger, en nord\u00f6stra f\u00f6rort till Kairo.<\/p>\n<p>I Heliopolite Nome etablerade romarna en f\u00e4stningsstad l\u00e4ngs den \u00f6stra stranden av Nilen. Denna f\u00e4stning, Babylon, var k\u00e4rnan i den romerska och sedan den bysantinska staden. F\u00f6r n\u00e4rvarande definierar den den \u00e4ldsta strukturen i Kairo. M\u00e5nga av Kairos \u00e4ldsta koptiska kyrkor, inklusive den h\u00e4ngande kyrkan, finns l\u00e4ngs f\u00e4stningsmuren. F\u00f6r n\u00e4rvarande formar denna del av staden det koptiska Kairo.<\/p>\n<h2>Efter arabisk invasion<\/h2>\n<p>Efter den muslimska er\u00f6vringen av Egypten 641 byggde Amr ibn Al-As efter\u00e5t, Al-Fustat som blev Egyptens huvudstad. F\u00f6r n\u00e4rvarande ser det ut som den s\u00f6dra delen av Kairo-provinsen.<\/p>\n<p>Efter st\u00f6rtandet av det muslimska Omayyad-kalifatet av Abbasid 750 utvecklade de nya h\u00e4rskarna sin egen bos\u00e4ttning nordost om Fustat som blev deras huvudstad. De kallade denna huvudstad al-Askar \u201dsoldater\u201d f\u00f6r eftersom de i grund och botten lade ut som ett v\u00e4pnat l\u00e4ger.<\/p>\n<p>Ett uppror 869 av Ahmad ibn Tulun ledde till att Al Askar \u00f6vergavs och en ny bos\u00e4ttning byggdes. Senare har denna nya bos\u00e4ttning,<\/p>\n<p>Senare, 905 AC. Abbasiderna h\u00e4vdade igen kontrollen \u00f6ver landet och deras guvern\u00f6r \u00e5terv\u00e4nde till Fustat och rasade al-Qatta\u2019i till marken.<\/p>\n<p>\u00c5r 969 av Fatimid-dynastin hittade en annan huvudstad f\u00f6r att inkludera alla forntida nationella huvudst\u00e4der i dess murar. Dess rester \u00e4r fortfarande synliga i delar av Gamla Kairo.<\/p>\n<p>Sedan 1860-talet expanderade Kairo v\u00e4ster s\u00e5 l\u00e5ngt som Midan Opera.<\/p>\n<h2>Kairos aktiviteter<\/h2>\n<p>F\u00f6ljaktligen \u00e4r h\u00e4r en omfattande lista \u00f6ver aktiviteter och saker att g\u00f6ra i Kairo, Egypten. F\u00f6r din bekv\u00e4mlighet har vi grupperat dessa poster i f\u00f6ljande fem grundl\u00e4ggande kategorier:<\/p>\n<ul>\n<li>Historia \/ Sightseeing i Kairo.<\/li>\n<li>\u00c4ven kul och underh\u00e5llning i Kairo.<\/li>\n<\/ul>\n<h2>Historierelaterade och sightseeingaktiviteter<\/h2>\n<p>Kairo ligger 456 km fr\u00e5n Luxor och 7 km fr\u00e5n Giza. Visst \u00f6kar denna unika plats s\u00e5 sm\u00e5ningom m\u00f6jligheten att g\u00f6ra flera historierelaterade aktiviteter och sightseeingturer. Det g\u00f6r det ocks\u00e5 m\u00f6jligt f\u00f6r turister att bes\u00f6ka monument och attraktioner i st\u00e4derna Beni Suef, El-Minya, El-Minya, Alexandria &#8230; etc.<\/p>\n<p>F\u00f6ljande presenterar en lista \u00f6ver de aktiviteter som turister kan v\u00e4lja mellan. Denna lista inneh\u00e5ller b\u00e5de destinationen och transportmedlet f\u00f6r att komma till platsen:<\/p>\n<ul>\n<li>Halvdagstur till Pyramid Complex i Giza<\/li>\n<li>Dessutom individuell resa till El-Minya fr\u00e5n Kairo<\/li>\n<\/ul>\n<h2>Administrativa avdelningar i Kairo Guvernement<\/h2>\n<p>De egyptiska myndigheterna delade upp Kairo-regeringen i f\u00f6ljande administrativa avsnitt:<\/p>\n<ol>\n<li>15 maj City.<\/li>\n<li>Abdeen.<\/li>\n<li>El Darb El Ahmar.<\/li>\n<li>Ocks\u00e5 Ain Shams.<\/li>\n<li>Amreya.<\/li>\n<li>Azbakia.<\/li>\n<li>El Basatin.<\/li>\n<li>Dessutom El Gamaliya.<\/li>\n<li>Tura.<\/li>\n<li>El Khalifa.<\/li>\n<li>Madi.<\/li>\n<li>El Marg.<\/li>\n<li>El Masara.<\/li>\n<li>Shubra.<\/li>\n<li>Dessutom El Matareya.<\/li>\n<li>El Mokattam.<\/li>\n<li>Rod El Farag.<\/li>\n<li>El Muski.<\/li>\n<li>Nya Kairo.<\/li>\n<li>El Weili.<\/li>\n<li>El Nozha.<\/li>\n<li>Zamalek.<\/li>\n<li>El Sharabiya.<\/li>\n<li>El Shorouk.<\/li>\n<li>Bulaq.<\/li>\n<li>Och El Sahil.<\/li>\n<li>El Salam.<\/li>\n<li>Gamla Kairo.<\/li>\n<li>El Sayeda Zeinab.<\/li>\n<li>El Tebbin.<\/li>\n<li>Helwan.<\/li>\n<li>El Zaher.<\/li>\n<li>El Zawya El Hamra.<\/li>\n<li>Zeitoun.<\/li>\n<li>Bab El Sharia.<\/li>\n<li>Dar El Salam.<\/li>\n<li>Hada&#8217;iq El Qobbah.<\/li>\n<li>Nasr City.<\/li>\n<li>Heliopolis.<\/li>\n<li>Manshiyat Naser.<\/li>\n<li>\u00c4ven Qasr El Nil.<\/li>\n<\/ol>\n","protected":false},"excerpt":{"rendered":"<p>Kairo Guvernement ligger p\u00e5 v\u00e4stra stranden av floden Nilen i Egypten. Den str\u00e4cker sig 25 km l\u00e4ngs Nilen. Governorate Al-Qalyubiah gr\u00e4nsar till Kairo i norr, Giza Governorate i s\u00f6der, Suez Governorate i \u00f6ster och Nilen i v\u00e4ster. Historien om Kairo Guvernement Kairo \u00e4r ett av de 27 guvern\u00f6rerna i Egypten och \u00e4r Egyptens nuvarande huvudstad. [&hellip;]<\/p>\n","protected":false},"author":1,"featured_media":32693,"parent":32637,"menu_order":0,"comment_status":"open","ping_status":"closed","template":"","meta":{"_coblocks_attr":"","_coblocks_dimensions":"","_coblocks_responsive_height":"","_coblocks_accordion_ie_support":"","_uag_custom_page_level_css":"","footnotes":""},"class_list":["post-32688","page","type-page","status-publish","has-post-thumbnail","hentry"],"yoast_head":"<!-- This site is optimized with the Yoast SEO Premium plugin v26.9 (Yoast SEO v27.5) - https:\/\/yoast.com\/product\/yoast-seo-premium-wordpress\/ -->\n<title>Kairo Guvernement - Plats och konstruktion - Landious Travel<\/title>\n<meta name=\"description\" content=\"Kairo Guvernement Kairo Guvernement ligger p\u00e5 v\u00e4stra stranden av floden Nilen i Egypten. Den str\u00e4cker sig 25 km l\u00e4ngs Nilen. Governorate\" \/>\n<meta name=\"robots\" content=\"index, follow, max-snippet:-1, max-image-preview:large, max-video-preview:-1\" \/>\n<link rel=\"canonical\" href=\"https:\/\/landioustravel.com\/sv\/egypten\/egyptiska-stader\/kairo-guvernement\/\" \/>\n<meta property=\"og:locale\" content=\"sv_SE\" \/>\n<meta property=\"og:type\" content=\"article\" \/>\n<meta property=\"og:title\" content=\"Kairo Guvernement\" \/>\n<meta property=\"og:description\" content=\"Kairo Guvernement Kairo Guvernement ligger p\u00e5 v\u00e4stra stranden av floden Nilen i Egypten. Den str\u00e4cker sig 25 km l\u00e4ngs Nilen. Governorate\" \/>\n<meta property=\"og:url\" content=\"https:\/\/landioustravel.com\/sv\/egypten\/egyptiska-stader\/kairo-guvernement\/\" \/>\n<meta property=\"og:site_name\" content=\"Landious Travel\" \/>\n<meta property=\"article:publisher\" content=\"https:\/\/web.facebook.com\/landiousEgypt\" \/>\n<meta property=\"og:image\" content=\"https:\/\/i0.wp.com\/landioustravel.com\/wp-content\/uploads\/2021\/06\/Kairo-Guvernement-e1623436903179.jpg?fit=1200%2C675&ssl=1\" \/>\n\t<meta property=\"og:image:width\" content=\"1200\" \/>\n\t<meta property=\"og:image:height\" content=\"675\" \/>\n\t<meta property=\"og:image:type\" content=\"image\/jpeg\" \/>\n<meta name=\"twitter:card\" content=\"summary_large_image\" \/>\n<meta name=\"twitter:site\" content=\"@LandiousTours\" \/>\n<meta name=\"twitter:label1\" content=\"Ber\u00e4knad l\u00e4stid\" \/>\n\t<meta name=\"twitter:data1\" content=\"3 minuter\" \/>\n<script type=\"application\/ld+json\" class=\"yoast-schema-graph\">{\"@context\":\"https:\\\/\\\/schema.org\",\"@graph\":[{\"@type\":\"WebPage\",\"@id\":\"https:\\\/\\\/landioustravel.com\\\/sv\\\/egypten\\\/egyptiska-stader\\\/kairo-guvernement\\\/\",\"url\":\"https:\\\/\\\/landioustravel.com\\\/sv\\\/egypten\\\/egyptiska-stader\\\/kairo-guvernement\\\/\",\"name\":\"Kairo Guvernement - Plats och konstruktion - Landious Travel\",\"isPartOf\":{\"@id\":\"https:\\\/\\\/landioustravel.com\\\/sv\\\/#website\"},\"primaryImageOfPage\":{\"@id\":\"https:\\\/\\\/landioustravel.com\\\/sv\\\/egypten\\\/egyptiska-stader\\\/kairo-guvernement\\\/#primaryimage\"},\"image\":{\"@id\":\"https:\\\/\\\/landioustravel.com\\\/sv\\\/egypten\\\/egyptiska-stader\\\/kairo-guvernement\\\/#primaryimage\"},\"thumbnailUrl\":\"https:\\\/\\\/i0.wp.com\\\/landioustravel.com\\\/wp-content\\\/uploads\\\/2021\\\/06\\\/Kairo-Guvernement-e1623436903179.jpg?fit=1200%2C675&ssl=1\",\"datePublished\":\"2021-06-11T18:42:51+00:00\",\"description\":\"Kairo Guvernement Kairo Guvernement ligger p\u00e5 v\u00e4stra stranden av floden Nilen i Egypten. Den str\u00e4cker sig 25 km l\u00e4ngs Nilen. Governorate\",\"breadcrumb\":{\"@id\":\"https:\\\/\\\/landioustravel.com\\\/sv\\\/egypten\\\/egyptiska-stader\\\/kairo-guvernement\\\/#breadcrumb\"},\"inLanguage\":\"sv-SE\",\"potentialAction\":[{\"@type\":\"ReadAction\",\"target\":[\"https:\\\/\\\/landioustravel.com\\\/sv\\\/egypten\\\/egyptiska-stader\\\/kairo-guvernement\\\/\"]}]},{\"@type\":\"ImageObject\",\"inLanguage\":\"sv-SE\",\"@id\":\"https:\\\/\\\/landioustravel.com\\\/sv\\\/egypten\\\/egyptiska-stader\\\/kairo-guvernement\\\/#primaryimage\",\"url\":\"https:\\\/\\\/i0.wp.com\\\/landioustravel.com\\\/wp-content\\\/uploads\\\/2021\\\/06\\\/Kairo-Guvernement-e1623436903179.jpg?fit=1200%2C675&ssl=1\",\"contentUrl\":\"https:\\\/\\\/i0.wp.com\\\/landioustravel.com\\\/wp-content\\\/uploads\\\/2021\\\/06\\\/Kairo-Guvernement-e1623436903179.jpg?fit=1200%2C675&ssl=1\",\"width\":1200,\"height\":675,\"caption\":\"Kairo Guvernement\"},{\"@type\":\"BreadcrumbList\",\"@id\":\"https:\\\/\\\/landioustravel.com\\\/sv\\\/egypten\\\/egyptiska-stader\\\/kairo-guvernement\\\/#breadcrumb\",\"itemListElement\":[{\"@type\":\"ListItem\",\"position\":1,\"name\":\"Home\",\"item\":\"https:\\\/\\\/landioustravel.com\\\/sv\\\/\"},{\"@type\":\"ListItem\",\"position\":2,\"name\":\"Egypten\",\"item\":\"https:\\\/\\\/landioustravel.com\\\/sv\\\/egypten\\\/\"},{\"@type\":\"ListItem\",\"position\":3,\"name\":\"Egyptiska st\u00e4der\",\"item\":\"https:\\\/\\\/landioustravel.com\\\/sv\\\/egypten\\\/egyptiska-stader\\\/\"},{\"@type\":\"ListItem\",\"position\":4,\"name\":\"Kairo Guvernement\"}]},{\"@type\":\"WebSite\",\"@id\":\"https:\\\/\\\/landioustravel.com\\\/sv\\\/#website\",\"url\":\"https:\\\/\\\/landioustravel.com\\\/sv\\\/\",\"name\":\"Landious Travel\",\"description\":\"Excursions, trips and cruises in Egypt\",\"publisher\":{\"@id\":\"https:\\\/\\\/landioustravel.com\\\/sv\\\/#organization\"},\"potentialAction\":[{\"@type\":\"SearchAction\",\"target\":{\"@type\":\"EntryPoint\",\"urlTemplate\":\"https:\\\/\\\/landioustravel.com\\\/sv\\\/?s={search_term_string}\"},\"query-input\":{\"@type\":\"PropertyValueSpecification\",\"valueRequired\":true,\"valueName\":\"search_term_string\"}}],\"inLanguage\":\"sv-SE\"},{\"@type\":[\"Organization\",\"Place\"],\"@id\":\"https:\\\/\\\/landioustravel.com\\\/sv\\\/#organization\",\"name\":\"Landious Travel\",\"alternateName\":\"Landious Travel\",\"url\":\"https:\\\/\\\/landioustravel.com\\\/sv\\\/\",\"logo\":{\"@id\":\"https:\\\/\\\/landioustravel.com\\\/sv\\\/egypten\\\/egyptiska-stader\\\/kairo-guvernement\\\/#local-main-organization-logo\"},\"image\":{\"@id\":\"https:\\\/\\\/landioustravel.com\\\/sv\\\/egypten\\\/egyptiska-stader\\\/kairo-guvernement\\\/#local-main-organization-logo\"},\"sameAs\":[\"https:\\\/\\\/web.facebook.com\\\/landiousEgypt\",\"https:\\\/\\\/x.com\\\/LandiousTours\",\"https:\\\/\\\/mastodon.social\\\/@landious\"],\"legalName\":\"Landious Travel\",\"telephone\":[],\"openingHoursSpecification\":[{\"@type\":\"OpeningHoursSpecification\",\"dayOfWeek\":[\"Monday\",\"Tuesday\",\"Wednesday\",\"Thursday\",\"Friday\",\"Saturday\",\"Sunday\"],\"opens\":\"09:00\",\"closes\":\"17:00\"}]},{\"@type\":\"ImageObject\",\"inLanguage\":\"sv-SE\",\"@id\":\"https:\\\/\\\/landioustravel.com\\\/sv\\\/egypten\\\/egyptiska-stader\\\/kairo-guvernement\\\/#local-main-organization-logo\",\"url\":\"https:\\\/\\\/i0.wp.com\\\/landioustravel.com\\\/wp-content\\\/uploads\\\/2021\\\/06\\\/Landious-T.png?fit=500%2C500&ssl=1\",\"contentUrl\":\"https:\\\/\\\/i0.wp.com\\\/landioustravel.com\\\/wp-content\\\/uploads\\\/2021\\\/06\\\/Landious-T.png?fit=500%2C500&ssl=1\",\"width\":500,\"height\":500,\"caption\":\"Landious Travel\"}]}<\/script>\n<!-- \/ Yoast SEO Premium plugin. -->","yoast_head_json":{"title":"Kairo Guvernement - Plats och konstruktion - Landious Travel","description":"Kairo Guvernement Kairo Guvernement ligger p\u00e5 v\u00e4stra stranden av floden Nilen i Egypten. Den str\u00e4cker sig 25 km l\u00e4ngs Nilen. Governorate","robots":{"index":"index","follow":"follow","max-snippet":"max-snippet:-1","max-image-preview":"max-image-preview:large","max-video-preview":"max-video-preview:-1"},"canonical":"https:\/\/landioustravel.com\/sv\/egypten\/egyptiska-stader\/kairo-guvernement\/","og_locale":"sv_SE","og_type":"article","og_title":"Kairo Guvernement","og_description":"Kairo Guvernement Kairo Guvernement ligger p\u00e5 v\u00e4stra stranden av floden Nilen i Egypten. Den str\u00e4cker sig 25 km l\u00e4ngs Nilen. Governorate","og_url":"https:\/\/landioustravel.com\/sv\/egypten\/egyptiska-stader\/kairo-guvernement\/","og_site_name":"Landious Travel","article_publisher":"https:\/\/web.facebook.com\/landiousEgypt","og_image":[{"width":1200,"height":675,"url":"https:\/\/i0.wp.com\/landioustravel.com\/wp-content\/uploads\/2021\/06\/Kairo-Guvernement-e1623436903179.jpg?fit=1200%2C675&ssl=1","type":"image\/jpeg"}],"twitter_card":"summary_large_image","twitter_site":"@LandiousTours","twitter_misc":{"Ber\u00e4knad l\u00e4stid":"3 minuter"},"schema":{"@context":"https:\/\/schema.org","@graph":[{"@type":"WebPage","@id":"https:\/\/landioustravel.com\/sv\/egypten\/egyptiska-stader\/kairo-guvernement\/","url":"https:\/\/landioustravel.com\/sv\/egypten\/egyptiska-stader\/kairo-guvernement\/","name":"Kairo Guvernement - Plats och konstruktion - Landious Travel","isPartOf":{"@id":"https:\/\/landioustravel.com\/sv\/#website"},"primaryImageOfPage":{"@id":"https:\/\/landioustravel.com\/sv\/egypten\/egyptiska-stader\/kairo-guvernement\/#primaryimage"},"image":{"@id":"https:\/\/landioustravel.com\/sv\/egypten\/egyptiska-stader\/kairo-guvernement\/#primaryimage"},"thumbnailUrl":"https:\/\/i0.wp.com\/landioustravel.com\/wp-content\/uploads\/2021\/06\/Kairo-Guvernement-e1623436903179.jpg?fit=1200%2C675&ssl=1","datePublished":"2021-06-11T18:42:51+00:00","description":"Kairo Guvernement Kairo Guvernement ligger p\u00e5 v\u00e4stra stranden av floden Nilen i Egypten. Den str\u00e4cker sig 25 km l\u00e4ngs Nilen. Governorate","breadcrumb":{"@id":"https:\/\/landioustravel.com\/sv\/egypten\/egyptiska-stader\/kairo-guvernement\/#breadcrumb"},"inLanguage":"sv-SE","potentialAction":[{"@type":"ReadAction","target":["https:\/\/landioustravel.com\/sv\/egypten\/egyptiska-stader\/kairo-guvernement\/"]}]},{"@type":"ImageObject","inLanguage":"sv-SE","@id":"https:\/\/landioustravel.com\/sv\/egypten\/egyptiska-stader\/kairo-guvernement\/#primaryimage","url":"https:\/\/i0.wp.com\/landioustravel.com\/wp-content\/uploads\/2021\/06\/Kairo-Guvernement-e1623436903179.jpg?fit=1200%2C675&ssl=1","contentUrl":"https:\/\/i0.wp.com\/landioustravel.com\/wp-content\/uploads\/2021\/06\/Kairo-Guvernement-e1623436903179.jpg?fit=1200%2C675&ssl=1","width":1200,"height":675,"caption":"Kairo Guvernement"},{"@type":"BreadcrumbList","@id":"https:\/\/landioustravel.com\/sv\/egypten\/egyptiska-stader\/kairo-guvernement\/#breadcrumb","itemListElement":[{"@type":"ListItem","position":1,"name":"Home","item":"https:\/\/landioustravel.com\/sv\/"},{"@type":"ListItem","position":2,"name":"Egypten","item":"https:\/\/landioustravel.com\/sv\/egypten\/"},{"@type":"ListItem","position":3,"name":"Egyptiska st\u00e4der","item":"https:\/\/landioustravel.com\/sv\/egypten\/egyptiska-stader\/"},{"@type":"ListItem","position":4,"name":"Kairo Guvernement"}]},{"@type":"WebSite","@id":"https:\/\/landioustravel.com\/sv\/#website","url":"https:\/\/landioustravel.com\/sv\/","name":"Landious Travel","description":"Excursions, trips and cruises in Egypt","publisher":{"@id":"https:\/\/landioustravel.com\/sv\/#organization"},"potentialAction":[{"@type":"SearchAction","target":{"@type":"EntryPoint","urlTemplate":"https:\/\/landioustravel.com\/sv\/?s={search_term_string}"},"query-input":{"@type":"PropertyValueSpecification","valueRequired":true,"valueName":"search_term_string"}}],"inLanguage":"sv-SE"},{"@type":["Organization","Place"],"@id":"https:\/\/landioustravel.com\/sv\/#organization","name":"Landious Travel","alternateName":"Landious Travel","url":"https:\/\/landioustravel.com\/sv\/","logo":{"@id":"https:\/\/landioustravel.com\/sv\/egypten\/egyptiska-stader\/kairo-guvernement\/#local-main-organization-logo"},"image":{"@id":"https:\/\/landioustravel.com\/sv\/egypten\/egyptiska-stader\/kairo-guvernement\/#local-main-organization-logo"},"sameAs":["https:\/\/web.facebook.com\/landiousEgypt","https:\/\/x.com\/LandiousTours","https:\/\/mastodon.social\/@landious"],"legalName":"Landious Travel","telephone":[],"openingHoursSpecification":[{"@type":"OpeningHoursSpecification","dayOfWeek":["Monday","Tuesday","Wednesday","Thursday","Friday","Saturday","Sunday"],"opens":"09:00","closes":"17:00"}]},{"@type":"ImageObject","inLanguage":"sv-SE","@id":"https:\/\/landioustravel.com\/sv\/egypten\/egyptiska-stader\/kairo-guvernement\/#local-main-organization-logo","url":"https:\/\/i0.wp.com\/landioustravel.com\/wp-content\/uploads\/2021\/06\/Landious-T.png?fit=500%2C500&ssl=1","contentUrl":"https:\/\/i0.wp.com\/landioustravel.com\/wp-content\/uploads\/2021\/06\/Landious-T.png?fit=500%2C500&ssl=1","width":500,"height":500,"caption":"Landious Travel"}]}},"uagb_featured_image_src":{"full":["https:\/\/i0.wp.com\/landioustravel.com\/wp-content\/uploads\/2021\/06\/Kairo-Guvernement-e1623436903179.jpg?fit=1200%2C675&ssl=1",1200,675,false],"thumbnail":["https:\/\/i0.wp.com\/landioustravel.com\/wp-content\/uploads\/2021\/06\/Kairo-Guvernement-e1623436903179.jpg?resize=150%2C150&ssl=1",150,150,true],"medium":["https:\/\/i0.wp.com\/landioustravel.com\/wp-content\/uploads\/2021\/06\/Kairo-Guvernement-e1623436903179.jpg?fit=300%2C169&ssl=1",300,169,true],"medium_large":["https:\/\/i0.wp.com\/landioustravel.com\/wp-content\/uploads\/2021\/06\/Kairo-Guvernement-e1623436903179.jpg?fit=768%2C432&ssl=1",768,432,true],"large":["https:\/\/i0.wp.com\/landioustravel.com\/wp-content\/uploads\/2021\/06\/Kairo-Guvernement-e1623436903179.jpg?fit=980%2C551&ssl=1",980,551,true],"1536x1536":["https:\/\/i0.wp.com\/landioustravel.com\/wp-content\/uploads\/2021\/06\/Kairo-Guvernement-e1623436903179.jpg?fit=1536%2C864&ssl=1",1536,864,true],"2048x2048":["https:\/\/i0.wp.com\/landioustravel.com\/wp-content\/uploads\/2021\/06\/Kairo-Guvernement-e1623436903179.jpg?fit=2048%2C1152&ssl=1",2048,1152,true],"newspack-article-block-landscape-large":["https:\/\/i0.wp.com\/landioustravel.com\/wp-content\/uploads\/2021\/06\/Kairo-Guvernement-e1623436903179.jpg?resize=1200%2C675&ssl=1",1200,900,true],"newspack-article-block-portrait-large":["https:\/\/i0.wp.com\/landioustravel.com\/wp-content\/uploads\/2021\/06\/Kairo-Guvernement-e1623436903179.jpg?resize=900%2C675&ssl=1",900,1200,true],"newspack-article-block-square-large":["https:\/\/i0.wp.com\/landioustravel.com\/wp-content\/uploads\/2021\/06\/Kairo-Guvernement-e1623436903179.jpg?resize=1200%2C675&ssl=1",1200,1200,true],"newspack-article-block-landscape-medium":["https:\/\/i0.wp.com\/landioustravel.com\/wp-content\/uploads\/2021\/06\/Kairo-Guvernement-e1623436903179.jpg?resize=800%2C600&ssl=1",800,600,true],"newspack-article-block-portrait-medium":["https:\/\/i0.wp.com\/landioustravel.com\/wp-content\/uploads\/2021\/06\/Kairo-Guvernement-e1623436903179.jpg?resize=600%2C675&ssl=1",600,800,true],"newspack-article-block-square-medium":["https:\/\/i0.wp.com\/landioustravel.com\/wp-content\/uploads\/2021\/06\/Kairo-Guvernement-e1623436903179.jpg?resize=800%2C675&ssl=1",800,800,true],"newspack-article-block-landscape-intermediate":["https:\/\/i0.wp.com\/landioustravel.com\/wp-content\/uploads\/2021\/06\/Kairo-Guvernement-e1623436903179.jpg?resize=600%2C450&ssl=1",600,450,true],"newspack-article-block-portrait-intermediate":["https:\/\/i0.wp.com\/landioustravel.com\/wp-content\/uploads\/2021\/06\/Kairo-Guvernement-e1623436903179.jpg?resize=450%2C600&ssl=1",450,600,true],"newspack-article-block-square-intermediate":["https:\/\/i0.wp.com\/landioustravel.com\/wp-content\/uploads\/2021\/06\/Kairo-Guvernement-e1623436903179.jpg?resize=600%2C600&ssl=1",600,600,true],"newspack-article-block-landscape-small":["https:\/\/i0.wp.com\/landioustravel.com\/wp-content\/uploads\/2021\/06\/Kairo-Guvernement-e1623436903179.jpg?resize=400%2C300&ssl=1",400,300,true],"newspack-article-block-portrait-small":["https:\/\/i0.wp.com\/landioustravel.com\/wp-content\/uploads\/2021\/06\/Kairo-Guvernement-e1623436903179.jpg?resize=300%2C400&ssl=1",300,400,true],"newspack-article-block-square-small":["https:\/\/i0.wp.com\/landioustravel.com\/wp-content\/uploads\/2021\/06\/Kairo-Guvernement-e1623436903179.jpg?resize=400%2C400&ssl=1",400,400,true],"newspack-article-block-landscape-tiny":["https:\/\/i0.wp.com\/landioustravel.com\/wp-content\/uploads\/2021\/06\/Kairo-Guvernement-e1623436903179.jpg?resize=200%2C150&ssl=1",200,150,true],"newspack-article-block-portrait-tiny":["https:\/\/i0.wp.com\/landioustravel.com\/wp-content\/uploads\/2021\/06\/Kairo-Guvernement-e1623436903179.jpg?resize=150%2C200&ssl=1",150,200,true],"newspack-article-block-square-tiny":["https:\/\/i0.wp.com\/landioustravel.com\/wp-content\/uploads\/2021\/06\/Kairo-Guvernement-e1623436903179.jpg?resize=200%2C200&ssl=1",200,200,true],"newspack-article-block-uncropped":["https:\/\/i0.wp.com\/landioustravel.com\/wp-content\/uploads\/2021\/06\/Kairo-Guvernement-e1623436903179.jpg?fit=1200%2C675&ssl=1",1200,675,true],"woocommerce_thumbnail":["https:\/\/i0.wp.com\/landioustravel.com\/wp-content\/uploads\/2021\/06\/Kairo-Guvernement-e1623436903179.jpg?resize=324%2C324&ssl=1",324,324,true],"woocommerce_single":["https:\/\/i0.wp.com\/landioustravel.com\/wp-content\/uploads\/2021\/06\/Kairo-Guvernement-e1623436903179.jpg?fit=416%2C234&ssl=1",416,234,true],"woocommerce_gallery_thumbnail":["https:\/\/i0.wp.com\/landioustravel.com\/wp-content\/uploads\/2021\/06\/Kairo-Guvernement-e1623436903179.jpg?resize=100%2C100&ssl=1",100,100,true]},"uagb_author_info":{"display_name":"Mofreh Landious","author_link":"https:\/\/landioustravel.com\/sv\/author\/landious\/"},"uagb_comment_info":0,"uagb_excerpt":"Kairo Guvernement ligger p\u00e5 v\u00e4stra stranden av floden Nilen i Egypten. Den str\u00e4cker sig 25 km l\u00e4ngs Nilen. Governorate Al-Qalyubiah gr\u00e4nsar till Kairo i norr, Giza Governorate i s\u00f6der, Suez Governorate i \u00f6ster och Nilen i v\u00e4ster. Historien om Kairo Guvernement Kairo \u00e4r ett av de 27 guvern\u00f6rerna i Egypten och \u00e4r Egyptens nuvarande huvudstad.&hellip;","jetpack_sharing_enabled":true,"jetpack_shortlink":"https:\/\/wp.me\/Par4r5-8ve","jetpack_likes_enabled":true,"amp_enabled":true,"_links":{"self":[{"href":"https:\/\/landioustravel.com\/sv\/wp-json\/wp\/v2\/pages\/32688","targetHints":{"allow":["GET"]}}],"collection":[{"href":"https:\/\/landioustravel.com\/sv\/wp-json\/wp\/v2\/pages"}],"about":[{"href":"https:\/\/landioustravel.com\/sv\/wp-json\/wp\/v2\/types\/page"}],"author":[{"embeddable":true,"href":"https:\/\/landioustravel.com\/sv\/wp-json\/wp\/v2\/users\/1"}],"replies":[{"embeddable":true,"href":"https:\/\/landioustravel.com\/sv\/wp-json\/wp\/v2\/comments?post=32688"}],"version-history":[{"count":0,"href":"https:\/\/landioustravel.com\/sv\/wp-json\/wp\/v2\/pages\/32688\/revisions"}],"up":[{"embeddable":true,"href":"https:\/\/landioustravel.com\/sv\/wp-json\/wp\/v2\/pages\/32637"}],"wp:featuredmedia":[{"embeddable":true,"href":"https:\/\/landioustravel.com\/sv\/wp-json\/wp\/v2\/media\/32693"}],"wp:attachment":[{"href":"https:\/\/landioustravel.com\/sv\/wp-json\/wp\/v2\/media?parent=32688"}],"curies":[{"name":"wp","href":"https:\/\/api.w.org\/{rel}","templated":true}]}}