{"id":32944,"date":"2021-06-15T14:01:36","date_gmt":"2021-06-15T12:01:36","guid":{"rendered":"https:\/\/landioustravel.com\/?page_id=32944"},"modified":"2021-06-15T14:01:38","modified_gmt":"2021-06-15T12:01:38","slug":"al-bahr-al-ahmar-guvernement","status":"publish","type":"page","link":"https:\/\/landioustravel.com\/sv\/egypten\/egyptiska-stader\/al-bahr-al-ahmar-guvernement\/","title":{"rendered":"Al Bahr Al Ahmar Guvernement"},"content":{"rendered":"\n<p>Al Bahr Al Ahmar Guvernement \u00e4r det st\u00f6rsta guvernementet i <a href=\"https:\/\/landioustravel.com\/sv\/egypten\/\">Egypten<\/a>. Det str\u00e4cker sig l\u00e4ngs R\u00f6da havets kust och omfattar mycket av \u00f6stra \u00f6knen. Dess namn betyder &#8221;R\u00f6da havet.&#8221; Det \u00e4r d\u00e4rf\u00f6r du kan hitta det under namnet &#8221;R\u00f6da havsregionen, eller R\u00f6da havsstaden.&#8221; Den str\u00e4cker sig fr\u00e5n ungef\u00e4r 29 \u00b0 N latitud s\u00f6derut till Sudans gr\u00e4ns. I v\u00e4ster gr\u00e4nsar en vanlig \u00f6ken till den. Egentligen verkar markens natur i detta landsting vara en vanlig \u00f6ken. Det omfattar ungef\u00e4r en femtedel av Egypten.<\/p>\n\n\n\n<p>Den norra gr\u00e4nsen f\u00f6r Al-Bahr Al-Ahmar ligger n\u00e4ra den s\u00f6dra \u00e4nden av Jalalah al-Bahriyyah-h\u00f6glandet. Dessa h\u00f6gland stiger till 1 275 meter i s\u00f6dra Suez-provinsen. N\u00e4sta grupp s\u00f6derut \u00e4r Al-Jalalah al-Qibliyyah Uplands, som stiger till en topp av 1475 meter. Strax v\u00e4ster-nordv\u00e4st om toppen ligger det kristna klostret St. Anthony; \u00f6ver toppen av intervallet i sydost \u00e4r klostret St. Paul. Dessa tv\u00e5 ber\u00f6mda kristna kloster finns i staden <a href=\"https:\/\/www.google.com\/maps\/place\/Zaafarana,+Ras+Gharib,+Red+Sea+Governorate\/@29.1106449,32.6560002,16z\/data=!3m1!4b1!4m5!3m4!1s0x1456ebb2a9a41a7b:0x802cb1e7f2a9529d!8m2!3d29.1118281!4d32.659768\" target=\"_blank\" rel=\"noreferrer noopener\">Zaafarana<\/a>.<\/p>\n\n\n\n<h2 class=\"wp-block-heading\" id=\"h-historia-av-al-bahr-al-ahmar-guvernement\">Historia av Al Bahr Al Ahmar Guvernement<\/h2>\n\n\n\n<p>P\u00e5 1960-talet b\u00f6rjade mineralfyndigheter utnyttjas i Al-Bahr Al-Ahmar Governorate. S\u00e5 sm\u00e5ningom hittade oljebolagen b\u00e5de offshore- och landf\u00e4lt. Den st\u00f6rsta av dem \u00e4r Al-Morgan-f\u00e4ltet som ligger cirka 200 km s\u00f6der om Suez. Dessa f\u00e4lt har producerat st\u00f6rre delen av Egyptens petroleum sedan 1970-talet. Nyligen har ytterligare f\u00e4lt i Suezbukten startat produktion.<\/p>\n\n\n\n<p>\u00d6stra \u00f6knen ger ocks\u00e5 asbest, mangan, fosfater, uran och guld. Al-Qu\u1e63eir, den st\u00f6rsta egyptiska hamnen i R\u00f6da havet, har stora fosfatfyndigheter. Det har ocks\u00e5 en anl\u00e4ggning som bearbetar de utvunna fosfaterna f\u00f6r transport. Dessutom fungerar det ocks\u00e5 som en turistort. Hittills kan turister hitta mycket fina hotell och underbara str\u00e4nder.<\/p>\n\n\n\n<h2 class=\"wp-block-heading\" id=\"h-vikt-och-ekonomi\">Vikt och ekonomi<\/h2>\n\n\n\n<p>Hurghada &#8221;Al-Ghardaqah&#8221; \u00e4r huvudstaden i R\u00f6da havsregistret, ett stort oljecenter och plats f\u00f6r oljef\u00e4lt. Det \u00e4r ocks\u00e5 den mest k\u00e4nda semesterorten i detta stora provins.<\/p>\n\n\n\n<p>Andra industrianl\u00e4ggningar \u00e4r ocks\u00e5 Bur Safajah, \u1e24amrawayn och Ayn Sukhnah. Den senare tj\u00e4nar som Suezbuktterminalen f\u00f6r en oljeledning till Medelhavet. Det \u00e4r ocks\u00e5 en plats f\u00f6r en djupvattenlasthamn. Generellt bryter den egyptiska regeringen alabast, porfyr, granit och sandsten fr\u00e5n bergen i \u00f6stra \u00f6knen.<\/p>\n\n\n\n<p>En motorv\u00e4g str\u00e4cker sig l\u00e4ngs med R\u00f6da havets kust f\u00f6rbinder Al-Bahr Al-Ahmar till Suez l\u00e4ngre till Egyptens huvudstad, i norr. Det g\u00e5r ocks\u00e5 rakt s\u00f6derut till den sudanesiska gr\u00e4nsen. S\u00e5ledes tj\u00e4nar det till att ansluta alla st\u00e4der som ligger vid kusten i detta stora provins. Dessutom lade den egyptiska regeringen till fler motorv\u00e4gar f\u00f6r att ansluta detta provins till Nildalen. Det finns till exempel en motorv\u00e4g fr\u00e5n Safaga till Qena, Luxor, Sohag och Asyut. Dessutom f\u00f6rbinder ytterligare en motorv\u00e4g Marsa Alam till Edu, Luxor och Aswan. Andra motorv\u00e4gar leder \u00f6ver \u00f6knen till Nildalen.<\/p>\n\n\n\n<h2 class=\"wp-block-heading\" id=\"h-administrativa-avdelningar-i-al-bahr-al-ahmar-guvernement\">Administrativa avdelningar i Al Bahr Al Ahmar Guvernement<\/h2>\n\n\n\n<p>Hurghada eller Al-Ghardaqah p\u00e5 arabiska: huvudstad i Al Bahr Al Ahmar Guvernement<\/p>\n\n\n\n<ul class=\"is-style-default wp-block-list\"><li>El-Quseir.<\/li><li>Shalateen.<\/li><li>Hala\u2019ib.<\/li><li>Marsa Alam.<\/li><li>Ras Gharib.<\/li><li>Ocks\u00e5 Safaga.<\/li><\/ul>\n\n\n\n<h3 class=\"wp-block-heading\" id=\"h-hurghada-city\">Hurghada City<\/h3>\n\n\n\n<p>Hurghada City str\u00e4cker sig cirka 40 kilometer l\u00e4ngs R\u00f6da havets strand, Al-Bahr Al-Ahmar-provinsen. Det ligger 225 kilometer l\u00e5ngt fr\u00e5n n\u00e4rmaste guvern\u00f6r (Qena) i Nildalen och 446 kilometer s\u00f6der om Kairo. Ras Garib gr\u00e4nsar till den i norr, Safaga turiststad i s\u00f6der, R\u00f6da havets kust i \u00f6ster och Assiut-provinsen i v\u00e4ster.<\/p>\n\n\n\n<h3 class=\"wp-block-heading\" id=\"h-safaga-city\">Safaga City<\/h3>\n\n\n\n<p>Safaga City str\u00e4cker sig cirka 70 kilometer l\u00e4ngs stranden vid R\u00f6da havet, Al-Bahr Al-Ahmar-provinsen. Det ligger 180 kilometer l\u00e5ngt fr\u00e5n n\u00e4rmaste guvern\u00f6r (Qena) i Nildalen och 500 kilometer s\u00f6der om Kairo. Det gr\u00e4nsar till staden Hurghada i norr, staden Al-Quseir i s\u00f6der, R\u00f6da havets kust i \u00f6ster och Qena-provinsen i v\u00e4ster.<\/p>\n\n\n\n<h3 class=\"wp-block-heading\" id=\"h-marsa-alam-city\">Marsa Alam City<\/h3>\n\n\n\n<p>Marsa Alam City str\u00e4cker sig cirka 540 kilometer l\u00e4ngs stranden vid R\u00f6da havet, Al-Bahr Al-Ahmar-guvernementet, Egypten. Det ligger ocks\u00e5 325 km l\u00e5ngt fr\u00e5n n\u00e4rmaste guvern\u00f6r (Aswan) i Nildalen och 365 km till Luxor. Under tiden gr\u00e4nsar Al-Quseir till det i norr, Sudans gr\u00e4nser i s\u00f6der, R\u00f6da havets kust i \u00f6ster och Aswan-guvern\u00f6ren i v\u00e4ster.<\/p>\n","protected":false},"excerpt":{"rendered":"<p>Al Bahr Al Ahmar Guvernement \u00e4r det st\u00f6rsta guvernementet i Egypten. Det str\u00e4cker sig l\u00e4ngs R\u00f6da havets kust och omfattar mycket av \u00f6stra \u00f6knen. Dess namn betyder &#8221;R\u00f6da havet.&#8221; Det \u00e4r d\u00e4rf\u00f6r du kan hitta det under namnet &#8221;R\u00f6da havsregionen, eller R\u00f6da havsstaden.&#8221; Den str\u00e4cker sig fr\u00e5n ungef\u00e4r 29 \u00b0 N latitud s\u00f6derut till Sudans [&hellip;]<\/p>\n","protected":false},"author":1,"featured_media":32947,"parent":32637,"menu_order":2,"comment_status":"open","ping_status":"closed","template":"","meta":{"_coblocks_attr":"","_coblocks_dimensions":"","_coblocks_responsive_height":"","_coblocks_accordion_ie_support":"","_uag_custom_page_level_css":"","footnotes":""},"class_list":["post-32944","page","type-page","status-publish","has-post-thumbnail","hentry"],"yoast_head":"<!-- This site is optimized with the Yoast SEO Premium plugin v27.5 (Yoast SEO v27.5) - https:\/\/yoast.com\/product\/yoast-seo-premium-wordpress\/ -->\n<title>Al Bahr Al Ahmar Guvernement - Info och divisioner - Landious Travel<\/title>\n<meta name=\"description\" content=\"Al Bahr Al Ahmar Guvernement \u00e4r det st\u00f6rsta guvernementet i Egypten. Det str\u00e4cker sig l\u00e4ngs R\u00f6da havets kust och omfattar mycket av \u00f6stra\" \/>\n<meta name=\"robots\" content=\"index, follow, max-snippet:-1, max-image-preview:large, max-video-preview:-1\" \/>\n<link rel=\"canonical\" href=\"https:\/\/landioustravel.com\/sv\/egypten\/egyptiska-stader\/al-bahr-al-ahmar-guvernement\/\" \/>\n<meta property=\"og:locale\" content=\"sv_SE\" \/>\n<meta property=\"og:type\" content=\"article\" \/>\n<meta property=\"og:title\" content=\"Al Bahr Al Ahmar Guvernement\" \/>\n<meta property=\"og:description\" content=\"Al Bahr Al Ahmar Guvernement \u00e4r det st\u00f6rsta guvernementet i Egypten. Det str\u00e4cker sig l\u00e4ngs R\u00f6da havets kust och omfattar mycket av \u00f6stra\" \/>\n<meta property=\"og:url\" content=\"https:\/\/landioustravel.com\/sv\/egypten\/egyptiska-stader\/al-bahr-al-ahmar-guvernement\/\" \/>\n<meta property=\"og:site_name\" content=\"Landious Travel\" \/>\n<meta property=\"article:publisher\" content=\"https:\/\/web.facebook.com\/landiousEgypt\" \/>\n<meta property=\"article:modified_time\" content=\"2021-06-15T12:01:38+00:00\" \/>\n<meta property=\"og:image\" content=\"https:\/\/i0.wp.com\/landioustravel.com\/wp-content\/uploads\/2021\/06\/Al-Bahr-Al-Ahmar-Guvernement-e1623758282302.jpg?fit=1200%2C675&ssl=1\" \/>\n\t<meta property=\"og:image:width\" content=\"1200\" \/>\n\t<meta property=\"og:image:height\" content=\"675\" \/>\n\t<meta property=\"og:image:type\" content=\"image\/jpeg\" \/>\n<meta name=\"twitter:card\" content=\"summary_large_image\" \/>\n<meta name=\"twitter:site\" content=\"@LandiousTours\" \/>\n<meta name=\"twitter:label1\" content=\"Ber\u00e4knad l\u00e4stid\" \/>\n\t<meta name=\"twitter:data1\" content=\"3 minuter\" \/>\n<script type=\"application\/ld+json\" class=\"yoast-schema-graph\">{\"@context\":\"https:\\\/\\\/schema.org\",\"@graph\":[{\"@type\":\"WebPage\",\"@id\":\"https:\\\/\\\/landioustravel.com\\\/sv\\\/egypten\\\/egyptiska-stader\\\/al-bahr-al-ahmar-guvernement\\\/\",\"url\":\"https:\\\/\\\/landioustravel.com\\\/sv\\\/egypten\\\/egyptiska-stader\\\/al-bahr-al-ahmar-guvernement\\\/\",\"name\":\"Al Bahr Al Ahmar Guvernement - Info och divisioner - Landious Travel\",\"isPartOf\":{\"@id\":\"https:\\\/\\\/landioustravel.com\\\/sv\\\/#website\"},\"primaryImageOfPage\":{\"@id\":\"https:\\\/\\\/landioustravel.com\\\/sv\\\/egypten\\\/egyptiska-stader\\\/al-bahr-al-ahmar-guvernement\\\/#primaryimage\"},\"image\":{\"@id\":\"https:\\\/\\\/landioustravel.com\\\/sv\\\/egypten\\\/egyptiska-stader\\\/al-bahr-al-ahmar-guvernement\\\/#primaryimage\"},\"thumbnailUrl\":\"https:\\\/\\\/i0.wp.com\\\/landioustravel.com\\\/wp-content\\\/uploads\\\/2021\\\/06\\\/Al-Bahr-Al-Ahmar-Guvernement-e1623758282302.jpg?fit=1200%2C675&ssl=1\",\"datePublished\":\"2021-06-15T12:01:36+00:00\",\"dateModified\":\"2021-06-15T12:01:38+00:00\",\"description\":\"Al Bahr Al Ahmar Guvernement \u00e4r det st\u00f6rsta guvernementet i Egypten. Det str\u00e4cker sig l\u00e4ngs R\u00f6da havets kust och omfattar mycket av \u00f6stra\",\"breadcrumb\":{\"@id\":\"https:\\\/\\\/landioustravel.com\\\/sv\\\/egypten\\\/egyptiska-stader\\\/al-bahr-al-ahmar-guvernement\\\/#breadcrumb\"},\"inLanguage\":\"sv-SE\",\"potentialAction\":[{\"@type\":\"ReadAction\",\"target\":[\"https:\\\/\\\/landioustravel.com\\\/sv\\\/egypten\\\/egyptiska-stader\\\/al-bahr-al-ahmar-guvernement\\\/\"]}]},{\"@type\":\"ImageObject\",\"inLanguage\":\"sv-SE\",\"@id\":\"https:\\\/\\\/landioustravel.com\\\/sv\\\/egypten\\\/egyptiska-stader\\\/al-bahr-al-ahmar-guvernement\\\/#primaryimage\",\"url\":\"https:\\\/\\\/i0.wp.com\\\/landioustravel.com\\\/wp-content\\\/uploads\\\/2021\\\/06\\\/Al-Bahr-Al-Ahmar-Guvernement-e1623758282302.jpg?fit=1200%2C675&ssl=1\",\"contentUrl\":\"https:\\\/\\\/i0.wp.com\\\/landioustravel.com\\\/wp-content\\\/uploads\\\/2021\\\/06\\\/Al-Bahr-Al-Ahmar-Guvernement-e1623758282302.jpg?fit=1200%2C675&ssl=1\",\"width\":1200,\"height\":675,\"caption\":\"Al Bahr Al Ahmar Guvernement\"},{\"@type\":\"BreadcrumbList\",\"@id\":\"https:\\\/\\\/landioustravel.com\\\/sv\\\/egypten\\\/egyptiska-stader\\\/al-bahr-al-ahmar-guvernement\\\/#breadcrumb\",\"itemListElement\":[{\"@type\":\"ListItem\",\"position\":1,\"name\":\"Home\",\"item\":\"https:\\\/\\\/landioustravel.com\\\/sv\\\/\"},{\"@type\":\"ListItem\",\"position\":2,\"name\":\"Egypten\",\"item\":\"https:\\\/\\\/landioustravel.com\\\/sv\\\/egypten\\\/\"},{\"@type\":\"ListItem\",\"position\":3,\"name\":\"Egyptiska st\u00e4der\",\"item\":\"https:\\\/\\\/landioustravel.com\\\/sv\\\/egypten\\\/egyptiska-stader\\\/\"},{\"@type\":\"ListItem\",\"position\":4,\"name\":\"Al Bahr Al Ahmar Guvernement\"}]},{\"@type\":\"WebSite\",\"@id\":\"https:\\\/\\\/landioustravel.com\\\/sv\\\/#website\",\"url\":\"https:\\\/\\\/landioustravel.com\\\/sv\\\/\",\"name\":\"Landious Travel\",\"description\":\"Excursions, trips and cruises in Egypt\",\"publisher\":{\"@id\":\"https:\\\/\\\/landioustravel.com\\\/sv\\\/#organization\"},\"potentialAction\":[{\"@type\":\"SearchAction\",\"target\":{\"@type\":\"EntryPoint\",\"urlTemplate\":\"https:\\\/\\\/landioustravel.com\\\/sv\\\/?s={search_term_string}\"},\"query-input\":{\"@type\":\"PropertyValueSpecification\",\"valueRequired\":true,\"valueName\":\"search_term_string\"}}],\"inLanguage\":\"sv-SE\"},{\"@type\":[\"Organization\",\"Place\"],\"@id\":\"https:\\\/\\\/landioustravel.com\\\/sv\\\/#organization\",\"name\":\"Landious Travel\",\"alternateName\":\"Landious Travel\",\"url\":\"https:\\\/\\\/landioustravel.com\\\/sv\\\/\",\"logo\":{\"@id\":\"https:\\\/\\\/landioustravel.com\\\/sv\\\/egypten\\\/egyptiska-stader\\\/al-bahr-al-ahmar-guvernement\\\/#local-main-organization-logo\"},\"image\":{\"@id\":\"https:\\\/\\\/landioustravel.com\\\/sv\\\/egypten\\\/egyptiska-stader\\\/al-bahr-al-ahmar-guvernement\\\/#local-main-organization-logo\"},\"sameAs\":[\"https:\\\/\\\/web.facebook.com\\\/landiousEgypt\",\"https:\\\/\\\/x.com\\\/LandiousTours\",\"https:\\\/\\\/mastodon.social\\\/@landious\"],\"legalName\":\"Landious Travel\",\"telephone\":[],\"openingHoursSpecification\":[{\"@type\":\"OpeningHoursSpecification\",\"dayOfWeek\":[\"Monday\",\"Tuesday\",\"Wednesday\",\"Thursday\",\"Friday\",\"Saturday\",\"Sunday\"],\"opens\":\"09:00\",\"closes\":\"17:00\"}]},{\"@type\":\"ImageObject\",\"inLanguage\":\"sv-SE\",\"@id\":\"https:\\\/\\\/landioustravel.com\\\/sv\\\/egypten\\\/egyptiska-stader\\\/al-bahr-al-ahmar-guvernement\\\/#local-main-organization-logo\",\"url\":\"https:\\\/\\\/i0.wp.com\\\/landioustravel.com\\\/wp-content\\\/uploads\\\/2021\\\/06\\\/Landious-T.png?fit=500%2C500&ssl=1\",\"contentUrl\":\"https:\\\/\\\/i0.wp.com\\\/landioustravel.com\\\/wp-content\\\/uploads\\\/2021\\\/06\\\/Landious-T.png?fit=500%2C500&ssl=1\",\"width\":500,\"height\":500,\"caption\":\"Landious Travel\"}]}<\/script>\n<!-- \/ Yoast SEO Premium plugin. -->","yoast_head_json":{"title":"Al Bahr Al Ahmar Guvernement - Info och divisioner - Landious Travel","description":"Al Bahr Al Ahmar Guvernement \u00e4r det st\u00f6rsta guvernementet i Egypten. Det str\u00e4cker sig l\u00e4ngs R\u00f6da havets kust och omfattar mycket av \u00f6stra","robots":{"index":"index","follow":"follow","max-snippet":"max-snippet:-1","max-image-preview":"max-image-preview:large","max-video-preview":"max-video-preview:-1"},"canonical":"https:\/\/landioustravel.com\/sv\/egypten\/egyptiska-stader\/al-bahr-al-ahmar-guvernement\/","og_locale":"sv_SE","og_type":"article","og_title":"Al Bahr Al Ahmar Guvernement","og_description":"Al Bahr Al Ahmar Guvernement \u00e4r det st\u00f6rsta guvernementet i Egypten. Det str\u00e4cker sig l\u00e4ngs R\u00f6da havets kust och omfattar mycket av \u00f6stra","og_url":"https:\/\/landioustravel.com\/sv\/egypten\/egyptiska-stader\/al-bahr-al-ahmar-guvernement\/","og_site_name":"Landious Travel","article_publisher":"https:\/\/web.facebook.com\/landiousEgypt","article_modified_time":"2021-06-15T12:01:38+00:00","og_image":[{"width":1200,"height":675,"url":"https:\/\/i0.wp.com\/landioustravel.com\/wp-content\/uploads\/2021\/06\/Al-Bahr-Al-Ahmar-Guvernement-e1623758282302.jpg?fit=1200%2C675&ssl=1","type":"image\/jpeg"}],"twitter_card":"summary_large_image","twitter_site":"@LandiousTours","twitter_misc":{"Ber\u00e4knad l\u00e4stid":"3 minuter"},"schema":{"@context":"https:\/\/schema.org","@graph":[{"@type":"WebPage","@id":"https:\/\/landioustravel.com\/sv\/egypten\/egyptiska-stader\/al-bahr-al-ahmar-guvernement\/","url":"https:\/\/landioustravel.com\/sv\/egypten\/egyptiska-stader\/al-bahr-al-ahmar-guvernement\/","name":"Al Bahr Al Ahmar Guvernement - Info och divisioner - Landious Travel","isPartOf":{"@id":"https:\/\/landioustravel.com\/sv\/#website"},"primaryImageOfPage":{"@id":"https:\/\/landioustravel.com\/sv\/egypten\/egyptiska-stader\/al-bahr-al-ahmar-guvernement\/#primaryimage"},"image":{"@id":"https:\/\/landioustravel.com\/sv\/egypten\/egyptiska-stader\/al-bahr-al-ahmar-guvernement\/#primaryimage"},"thumbnailUrl":"https:\/\/i0.wp.com\/landioustravel.com\/wp-content\/uploads\/2021\/06\/Al-Bahr-Al-Ahmar-Guvernement-e1623758282302.jpg?fit=1200%2C675&ssl=1","datePublished":"2021-06-15T12:01:36+00:00","dateModified":"2021-06-15T12:01:38+00:00","description":"Al Bahr Al Ahmar Guvernement \u00e4r det st\u00f6rsta guvernementet i Egypten. Det str\u00e4cker sig l\u00e4ngs R\u00f6da havets kust och omfattar mycket av \u00f6stra","breadcrumb":{"@id":"https:\/\/landioustravel.com\/sv\/egypten\/egyptiska-stader\/al-bahr-al-ahmar-guvernement\/#breadcrumb"},"inLanguage":"sv-SE","potentialAction":[{"@type":"ReadAction","target":["https:\/\/landioustravel.com\/sv\/egypten\/egyptiska-stader\/al-bahr-al-ahmar-guvernement\/"]}]},{"@type":"ImageObject","inLanguage":"sv-SE","@id":"https:\/\/landioustravel.com\/sv\/egypten\/egyptiska-stader\/al-bahr-al-ahmar-guvernement\/#primaryimage","url":"https:\/\/i0.wp.com\/landioustravel.com\/wp-content\/uploads\/2021\/06\/Al-Bahr-Al-Ahmar-Guvernement-e1623758282302.jpg?fit=1200%2C675&ssl=1","contentUrl":"https:\/\/i0.wp.com\/landioustravel.com\/wp-content\/uploads\/2021\/06\/Al-Bahr-Al-Ahmar-Guvernement-e1623758282302.jpg?fit=1200%2C675&ssl=1","width":1200,"height":675,"caption":"Al Bahr Al Ahmar Guvernement"},{"@type":"BreadcrumbList","@id":"https:\/\/landioustravel.com\/sv\/egypten\/egyptiska-stader\/al-bahr-al-ahmar-guvernement\/#breadcrumb","itemListElement":[{"@type":"ListItem","position":1,"name":"Home","item":"https:\/\/landioustravel.com\/sv\/"},{"@type":"ListItem","position":2,"name":"Egypten","item":"https:\/\/landioustravel.com\/sv\/egypten\/"},{"@type":"ListItem","position":3,"name":"Egyptiska st\u00e4der","item":"https:\/\/landioustravel.com\/sv\/egypten\/egyptiska-stader\/"},{"@type":"ListItem","position":4,"name":"Al Bahr Al Ahmar Guvernement"}]},{"@type":"WebSite","@id":"https:\/\/landioustravel.com\/sv\/#website","url":"https:\/\/landioustravel.com\/sv\/","name":"Landious Travel","description":"Excursions, trips and cruises in Egypt","publisher":{"@id":"https:\/\/landioustravel.com\/sv\/#organization"},"potentialAction":[{"@type":"SearchAction","target":{"@type":"EntryPoint","urlTemplate":"https:\/\/landioustravel.com\/sv\/?s={search_term_string}"},"query-input":{"@type":"PropertyValueSpecification","valueRequired":true,"valueName":"search_term_string"}}],"inLanguage":"sv-SE"},{"@type":["Organization","Place"],"@id":"https:\/\/landioustravel.com\/sv\/#organization","name":"Landious Travel","alternateName":"Landious Travel","url":"https:\/\/landioustravel.com\/sv\/","logo":{"@id":"https:\/\/landioustravel.com\/sv\/egypten\/egyptiska-stader\/al-bahr-al-ahmar-guvernement\/#local-main-organization-logo"},"image":{"@id":"https:\/\/landioustravel.com\/sv\/egypten\/egyptiska-stader\/al-bahr-al-ahmar-guvernement\/#local-main-organization-logo"},"sameAs":["https:\/\/web.facebook.com\/landiousEgypt","https:\/\/x.com\/LandiousTours","https:\/\/mastodon.social\/@landious"],"legalName":"Landious Travel","telephone":[],"openingHoursSpecification":[{"@type":"OpeningHoursSpecification","dayOfWeek":["Monday","Tuesday","Wednesday","Thursday","Friday","Saturday","Sunday"],"opens":"09:00","closes":"17:00"}]},{"@type":"ImageObject","inLanguage":"sv-SE","@id":"https:\/\/landioustravel.com\/sv\/egypten\/egyptiska-stader\/al-bahr-al-ahmar-guvernement\/#local-main-organization-logo","url":"https:\/\/i0.wp.com\/landioustravel.com\/wp-content\/uploads\/2021\/06\/Landious-T.png?fit=500%2C500&ssl=1","contentUrl":"https:\/\/i0.wp.com\/landioustravel.com\/wp-content\/uploads\/2021\/06\/Landious-T.png?fit=500%2C500&ssl=1","width":500,"height":500,"caption":"Landious Travel"}]}},"uagb_featured_image_src":{"full":["https:\/\/i0.wp.com\/landioustravel.com\/wp-content\/uploads\/2021\/06\/Al-Bahr-Al-Ahmar-Guvernement-e1623758282302.jpg?fit=1200%2C675&ssl=1",1200,675,false],"thumbnail":["https:\/\/i0.wp.com\/landioustravel.com\/wp-content\/uploads\/2021\/06\/Al-Bahr-Al-Ahmar-Guvernement-e1623758282302.jpg?resize=150%2C150&ssl=1",150,150,true],"medium":["https:\/\/i0.wp.com\/landioustravel.com\/wp-content\/uploads\/2021\/06\/Al-Bahr-Al-Ahmar-Guvernement-e1623758282302.jpg?fit=300%2C169&ssl=1",300,169,true],"medium_large":["https:\/\/i0.wp.com\/landioustravel.com\/wp-content\/uploads\/2021\/06\/Al-Bahr-Al-Ahmar-Guvernement-e1623758282302.jpg?fit=768%2C432&ssl=1",768,432,true],"large":["https:\/\/i0.wp.com\/landioustravel.com\/wp-content\/uploads\/2021\/06\/Al-Bahr-Al-Ahmar-Guvernement-e1623758282302.jpg?fit=980%2C551&ssl=1",980,551,true],"1536x1536":["https:\/\/i0.wp.com\/landioustravel.com\/wp-content\/uploads\/2021\/06\/Al-Bahr-Al-Ahmar-Guvernement-e1623758282302.jpg?fit=1536%2C864&ssl=1",1536,864,true],"2048x2048":["https:\/\/i0.wp.com\/landioustravel.com\/wp-content\/uploads\/2021\/06\/Al-Bahr-Al-Ahmar-Guvernement-e1623758282302.jpg?fit=2048%2C1152&ssl=1",2048,1152,true],"newspack-article-block-landscape-large":["https:\/\/i0.wp.com\/landioustravel.com\/wp-content\/uploads\/2021\/06\/Al-Bahr-Al-Ahmar-Guvernement-e1623758282302.jpg?resize=1200%2C675&ssl=1",1200,900,true],"newspack-article-block-portrait-large":["https:\/\/i0.wp.com\/landioustravel.com\/wp-content\/uploads\/2021\/06\/Al-Bahr-Al-Ahmar-Guvernement-e1623758282302.jpg?resize=900%2C675&ssl=1",900,1200,true],"newspack-article-block-square-large":["https:\/\/i0.wp.com\/landioustravel.com\/wp-content\/uploads\/2021\/06\/Al-Bahr-Al-Ahmar-Guvernement-e1623758282302.jpg?resize=1200%2C675&ssl=1",1200,1200,true],"newspack-article-block-landscape-medium":["https:\/\/i0.wp.com\/landioustravel.com\/wp-content\/uploads\/2021\/06\/Al-Bahr-Al-Ahmar-Guvernement-e1623758282302.jpg?resize=800%2C600&ssl=1",800,600,true],"newspack-article-block-portrait-medium":["https:\/\/i0.wp.com\/landioustravel.com\/wp-content\/uploads\/2021\/06\/Al-Bahr-Al-Ahmar-Guvernement-e1623758282302.jpg?resize=600%2C675&ssl=1",600,800,true],"newspack-article-block-square-medium":["https:\/\/i0.wp.com\/landioustravel.com\/wp-content\/uploads\/2021\/06\/Al-Bahr-Al-Ahmar-Guvernement-e1623758282302.jpg?resize=800%2C675&ssl=1",800,800,true],"newspack-article-block-landscape-intermediate":["https:\/\/i0.wp.com\/landioustravel.com\/wp-content\/uploads\/2021\/06\/Al-Bahr-Al-Ahmar-Guvernement-e1623758282302.jpg?resize=600%2C450&ssl=1",600,450,true],"newspack-article-block-portrait-intermediate":["https:\/\/i0.wp.com\/landioustravel.com\/wp-content\/uploads\/2021\/06\/Al-Bahr-Al-Ahmar-Guvernement-e1623758282302.jpg?resize=450%2C600&ssl=1",450,600,true],"newspack-article-block-square-intermediate":["https:\/\/i0.wp.com\/landioustravel.com\/wp-content\/uploads\/2021\/06\/Al-Bahr-Al-Ahmar-Guvernement-e1623758282302.jpg?resize=600%2C600&ssl=1",600,600,true],"newspack-article-block-landscape-small":["https:\/\/i0.wp.com\/landioustravel.com\/wp-content\/uploads\/2021\/06\/Al-Bahr-Al-Ahmar-Guvernement-e1623758282302.jpg?resize=400%2C300&ssl=1",400,300,true],"newspack-article-block-portrait-small":["https:\/\/i0.wp.com\/landioustravel.com\/wp-content\/uploads\/2021\/06\/Al-Bahr-Al-Ahmar-Guvernement-e1623758282302.jpg?resize=300%2C400&ssl=1",300,400,true],"newspack-article-block-square-small":["https:\/\/i0.wp.com\/landioustravel.com\/wp-content\/uploads\/2021\/06\/Al-Bahr-Al-Ahmar-Guvernement-e1623758282302.jpg?resize=400%2C400&ssl=1",400,400,true],"newspack-article-block-landscape-tiny":["https:\/\/i0.wp.com\/landioustravel.com\/wp-content\/uploads\/2021\/06\/Al-Bahr-Al-Ahmar-Guvernement-e1623758282302.jpg?resize=200%2C150&ssl=1",200,150,true],"newspack-article-block-portrait-tiny":["https:\/\/i0.wp.com\/landioustravel.com\/wp-content\/uploads\/2021\/06\/Al-Bahr-Al-Ahmar-Guvernement-e1623758282302.jpg?resize=150%2C200&ssl=1",150,200,true],"newspack-article-block-square-tiny":["https:\/\/i0.wp.com\/landioustravel.com\/wp-content\/uploads\/2021\/06\/Al-Bahr-Al-Ahmar-Guvernement-e1623758282302.jpg?resize=200%2C200&ssl=1",200,200,true],"newspack-article-block-uncropped":["https:\/\/i0.wp.com\/landioustravel.com\/wp-content\/uploads\/2021\/06\/Al-Bahr-Al-Ahmar-Guvernement-e1623758282302.jpg?fit=1200%2C675&ssl=1",1200,675,true],"woocommerce_thumbnail":["https:\/\/i0.wp.com\/landioustravel.com\/wp-content\/uploads\/2021\/06\/Al-Bahr-Al-Ahmar-Guvernement-e1623758282302.jpg?resize=324%2C324&ssl=1",324,324,true],"woocommerce_single":["https:\/\/i0.wp.com\/landioustravel.com\/wp-content\/uploads\/2021\/06\/Al-Bahr-Al-Ahmar-Guvernement-e1623758282302.jpg?fit=416%2C234&ssl=1",416,234,true],"woocommerce_gallery_thumbnail":["https:\/\/i0.wp.com\/landioustravel.com\/wp-content\/uploads\/2021\/06\/Al-Bahr-Al-Ahmar-Guvernement-e1623758282302.jpg?resize=100%2C100&ssl=1",100,100,true]},"uagb_author_info":{"display_name":"Mofreh Landious","author_link":"https:\/\/landioustravel.com\/sv\/author\/landious\/"},"uagb_comment_info":0,"uagb_excerpt":"Al Bahr Al Ahmar Guvernement \u00e4r det st\u00f6rsta guvernementet i Egypten. Det str\u00e4cker sig l\u00e4ngs R\u00f6da havets kust och omfattar mycket av \u00f6stra \u00f6knen. Dess namn betyder &#8221;R\u00f6da havet.&#8221; Det \u00e4r d\u00e4rf\u00f6r du kan hitta det under namnet &#8221;R\u00f6da havsregionen, eller R\u00f6da havsstaden.&#8221; Den str\u00e4cker sig fr\u00e5n ungef\u00e4r 29 \u00b0 N latitud s\u00f6derut till Sudans&hellip;","jetpack_sharing_enabled":true,"jetpack_shortlink":"https:\/\/wp.me\/Par4r5-8zm","jetpack_likes_enabled":true,"amp_enabled":true,"_links":{"self":[{"href":"https:\/\/landioustravel.com\/sv\/wp-json\/wp\/v2\/pages\/32944","targetHints":{"allow":["GET"]}}],"collection":[{"href":"https:\/\/landioustravel.com\/sv\/wp-json\/wp\/v2\/pages"}],"about":[{"href":"https:\/\/landioustravel.com\/sv\/wp-json\/wp\/v2\/types\/page"}],"author":[{"embeddable":true,"href":"https:\/\/landioustravel.com\/sv\/wp-json\/wp\/v2\/users\/1"}],"replies":[{"embeddable":true,"href":"https:\/\/landioustravel.com\/sv\/wp-json\/wp\/v2\/comments?post=32944"}],"version-history":[{"count":0,"href":"https:\/\/landioustravel.com\/sv\/wp-json\/wp\/v2\/pages\/32944\/revisions"}],"up":[{"embeddable":true,"href":"https:\/\/landioustravel.com\/sv\/wp-json\/wp\/v2\/pages\/32637"}],"wp:featuredmedia":[{"embeddable":true,"href":"https:\/\/landioustravel.com\/sv\/wp-json\/wp\/v2\/media\/32947"}],"wp:attachment":[{"href":"https:\/\/landioustravel.com\/sv\/wp-json\/wp\/v2\/media?parent=32944"}],"curies":[{"name":"wp","href":"https:\/\/api.w.org\/{rel}","templated":true}]}}