{"id":33067,"date":"2021-06-17T20:31:16","date_gmt":"2021-06-17T18:31:16","guid":{"rendered":"https:\/\/landioustravel.com\/?page_id=33067"},"modified":"2021-06-17T20:31:20","modified_gmt":"2021-06-17T18:31:20","slug":"gud-horus","status":"publish","type":"page","link":"https:\/\/landioustravel.com\/sv\/egypten\/forntida-egyptiska-gudar\/gud-horus\/","title":{"rendered":"Gud Horus"},"content":{"rendered":"\n<p>Gud Horus \u00e4r en av de viktigaste <a href=\"https:\/\/landioustravel.com\/sv\/egypten\/forntida-egyptiska-gudar\/\">forntida egyptiska gudarna<\/a>. Han var Guds rike, himlen och levande Gud. Horus \u00e4r son till Isis och Osiris.<\/p>\n\n\n\n<h2 class=\"wp-block-heading\" id=\"h-horus-gudomliga-st-llning-i-forntida-egyptisk-religion\">Horus gudomliga st\u00e4llning i forntida egyptisk religion<\/h2>\n\n\n\n<p>Den tidigaste inspelade formen av Horus \u00e4r Nekhens v\u00e4gledande gud i \u00d6vre <a href=\"https:\/\/landioustravel.com\/sv\/egypten\/\">Egypten<\/a>. Efter f\u00f6reningen av Egypten av h\u00e4rskare fr\u00e5n Nekhen uppstod uppfattningen att den regerande kungen var en manifestation av Horus i livet och Osiris i d\u00f6den.<\/p>\n\n\n\n<p>S\u00e5ledes tillbad de forntida egyptierna guden Horus fr\u00e5n och med det sena f\u00f6rhistoriska Egypten till det ptolemaiska riket och det romerska Egypten.<\/p>\n\n\n\n<h2 class=\"wp-block-heading\" id=\"h-horus-dedikerade-tempel\">Horus dedikerade tempel<\/h2>\n\n\n\n<p>De forna egyptierna dyrkade guden Horus bland de olika gudarna som var k\u00e4nda i de egyptiska templen. Samtidigt \u00e4gnade de ocks\u00e5 Edfu-templet till sin kult.<\/p>\n\n\n\n<h2 class=\"wp-block-heading\" id=\"h-guds-horus-tempel-vid-edfu\">Guds Horus tempel vid Edfu<\/h2>\n\n\n\n<p>Horustemplet i Edfu \u00e4r ett av de mest imponerande och v\u00e4lbevarade templen i Egypten. Detta tempel finns p\u00e5 v\u00e4stra stranden av Nilen i staden Edfu, Aswan Governorate. Det \u00e4r det st\u00f6rsta templet till\u00e4gnad Horus och Hathor av Dendera.<\/p>\n\n\n\n<h2 class=\"wp-block-heading\" id=\"h-historia-om-guds-tempel-horus-vid-edfu\">Historia om Guds tempel Horus vid Edfu<\/h2>\n\n\n\n<p>Sandstentemplet fullbordades 180 \u00e5r senare av Ptolemaios XII <a href=\"https:\/\/sv.wikipedia.org\/wiki\/Ptolemaios_XII\" target=\"_blank\" rel=\"noreferrer noopener\">Neos Dionysos<\/a>, Kleopatra VIIs far. Byggandet av det nuvarande templet startade den 23 augusti 237 f.Kr. under Ptolemaios III Euergetes. Det slutf\u00f6rdes dock \u00e5r 57 f.Kr. under Ptolemaios XII Neos Dionysos, k\u00e4nd som Auletes. Ptolemies byggde den p\u00e5 platsen f\u00f6r ett tidigare, mindre tempel ocks\u00e5 till\u00e4gnad Horus. \u00c4ven om de forntida egyptiska byggarna orienterade den tidigare strukturen \u00f6st-v\u00e4st snarare \u00e4n nord-syd som p\u00e5 den nuvarande platsen. De forntida egyptierna byggde detta \u00e4ldre tempel under det nya riket av Ramses I, Seti I och Ramses II. En f\u00f6rst\u00f6rd pylon ligger strax \u00f6ster om det nuvarande templet.<\/p>\n","protected":false},"excerpt":{"rendered":"<p>Gud Horus \u00e4r en av de viktigaste forntida egyptiska gudarna. Han var Guds rike, himlen och levande Gud. Horus \u00e4r son till Isis och Osiris. Horus gudomliga st\u00e4llning i forntida egyptisk religion Den tidigaste inspelade formen av Horus \u00e4r Nekhens v\u00e4gledande gud i \u00d6vre Egypten. Efter f\u00f6reningen av Egypten av h\u00e4rskare fr\u00e5n Nekhen uppstod uppfattningen [&hellip;]<\/p>\n","protected":false},"author":1,"featured_media":33069,"parent":33049,"menu_order":0,"comment_status":"open","ping_status":"closed","template":"","meta":{"_coblocks_attr":"","_coblocks_dimensions":"","_coblocks_responsive_height":"","_coblocks_accordion_ie_support":"","_uag_custom_page_level_css":"","footnotes":""},"class_list":["post-33067","page","type-page","status-publish","has-post-thumbnail","hentry"],"yoast_head":"<!-- This site is optimized with the Yoast SEO Premium plugin v27.5 (Yoast SEO v27.5) - https:\/\/yoast.com\/product\/yoast-seo-premium-wordpress\/ -->\n<title>Gud Horus - Aspekter och tempel - Landious Travel<\/title>\n<meta name=\"description\" content=\"Gud Horus \u00e4r en av de viktigaste forntida egyptiska gudarna. Han var Guds rike, himlen och levande Gud. Horus \u00e4r son till Isis och Osiris\" \/>\n<meta name=\"robots\" content=\"index, follow, max-snippet:-1, max-image-preview:large, max-video-preview:-1\" \/>\n<link rel=\"canonical\" href=\"https:\/\/landioustravel.com\/sv\/egypten\/forntida-egyptiska-gudar\/gud-horus\/\" \/>\n<meta property=\"og:locale\" content=\"sv_SE\" \/>\n<meta property=\"og:type\" content=\"article\" \/>\n<meta property=\"og:title\" content=\"Gud Horus\" \/>\n<meta property=\"og:description\" content=\"Gud Horus \u00e4r en av de viktigaste forntida egyptiska gudarna. Han var Guds rike, himlen och levande Gud. Horus \u00e4r son till Isis och Osiris\" \/>\n<meta property=\"og:url\" content=\"https:\/\/landioustravel.com\/sv\/egypten\/forntida-egyptiska-gudar\/gud-horus\/\" \/>\n<meta property=\"og:site_name\" content=\"Landious Travel\" \/>\n<meta property=\"article:publisher\" content=\"https:\/\/web.facebook.com\/landiousEgypt\" \/>\n<meta property=\"article:modified_time\" content=\"2021-06-17T18:31:20+00:00\" \/>\n<meta property=\"og:image\" content=\"https:\/\/i0.wp.com\/landioustravel.com\/wp-content\/uploads\/2021\/06\/Gud-Horus-e1623954644200.jpg?fit=1200%2C674&ssl=1\" \/>\n\t<meta property=\"og:image:width\" content=\"1200\" \/>\n\t<meta property=\"og:image:height\" content=\"674\" \/>\n\t<meta property=\"og:image:type\" content=\"image\/jpeg\" \/>\n<meta name=\"twitter:card\" content=\"summary_large_image\" \/>\n<meta name=\"twitter:site\" content=\"@LandiousTours\" \/>\n<meta name=\"twitter:label1\" content=\"Ber\u00e4knad l\u00e4stid\" \/>\n\t<meta name=\"twitter:data1\" content=\"2 minuter\" \/>\n<script type=\"application\/ld+json\" class=\"yoast-schema-graph\">{\"@context\":\"https:\\\/\\\/schema.org\",\"@graph\":[{\"@type\":\"WebPage\",\"@id\":\"https:\\\/\\\/landioustravel.com\\\/sv\\\/egypten\\\/forntida-egyptiska-gudar\\\/gud-horus\\\/\",\"url\":\"https:\\\/\\\/landioustravel.com\\\/sv\\\/egypten\\\/forntida-egyptiska-gudar\\\/gud-horus\\\/\",\"name\":\"Gud Horus - Aspekter och tempel - Landious Travel\",\"isPartOf\":{\"@id\":\"https:\\\/\\\/landioustravel.com\\\/sv\\\/#website\"},\"primaryImageOfPage\":{\"@id\":\"https:\\\/\\\/landioustravel.com\\\/sv\\\/egypten\\\/forntida-egyptiska-gudar\\\/gud-horus\\\/#primaryimage\"},\"image\":{\"@id\":\"https:\\\/\\\/landioustravel.com\\\/sv\\\/egypten\\\/forntida-egyptiska-gudar\\\/gud-horus\\\/#primaryimage\"},\"thumbnailUrl\":\"https:\\\/\\\/i0.wp.com\\\/landioustravel.com\\\/wp-content\\\/uploads\\\/2021\\\/06\\\/Gud-Horus-e1623954644200.jpg?fit=1200%2C674&ssl=1\",\"datePublished\":\"2021-06-17T18:31:16+00:00\",\"dateModified\":\"2021-06-17T18:31:20+00:00\",\"description\":\"Gud Horus \u00e4r en av de viktigaste forntida egyptiska gudarna. Han var Guds rike, himlen och levande Gud. Horus \u00e4r son till Isis och Osiris\",\"breadcrumb\":{\"@id\":\"https:\\\/\\\/landioustravel.com\\\/sv\\\/egypten\\\/forntida-egyptiska-gudar\\\/gud-horus\\\/#breadcrumb\"},\"inLanguage\":\"sv-SE\",\"potentialAction\":[{\"@type\":\"ReadAction\",\"target\":[\"https:\\\/\\\/landioustravel.com\\\/sv\\\/egypten\\\/forntida-egyptiska-gudar\\\/gud-horus\\\/\"]}]},{\"@type\":\"ImageObject\",\"inLanguage\":\"sv-SE\",\"@id\":\"https:\\\/\\\/landioustravel.com\\\/sv\\\/egypten\\\/forntida-egyptiska-gudar\\\/gud-horus\\\/#primaryimage\",\"url\":\"https:\\\/\\\/i0.wp.com\\\/landioustravel.com\\\/wp-content\\\/uploads\\\/2021\\\/06\\\/Gud-Horus-e1623954644200.jpg?fit=1200%2C674&ssl=1\",\"contentUrl\":\"https:\\\/\\\/i0.wp.com\\\/landioustravel.com\\\/wp-content\\\/uploads\\\/2021\\\/06\\\/Gud-Horus-e1623954644200.jpg?fit=1200%2C674&ssl=1\",\"width\":1200,\"height\":674,\"caption\":\"Gud Horus\"},{\"@type\":\"BreadcrumbList\",\"@id\":\"https:\\\/\\\/landioustravel.com\\\/sv\\\/egypten\\\/forntida-egyptiska-gudar\\\/gud-horus\\\/#breadcrumb\",\"itemListElement\":[{\"@type\":\"ListItem\",\"position\":1,\"name\":\"Home\",\"item\":\"https:\\\/\\\/landioustravel.com\\\/sv\\\/\"},{\"@type\":\"ListItem\",\"position\":2,\"name\":\"Egypten\",\"item\":\"https:\\\/\\\/landioustravel.com\\\/sv\\\/egypten\\\/\"},{\"@type\":\"ListItem\",\"position\":3,\"name\":\"Forntida egyptiska gudar\",\"item\":\"https:\\\/\\\/landioustravel.com\\\/sv\\\/egypten\\\/forntida-egyptiska-gudar\\\/\"},{\"@type\":\"ListItem\",\"position\":4,\"name\":\"Gud Horus\"}]},{\"@type\":\"WebSite\",\"@id\":\"https:\\\/\\\/landioustravel.com\\\/sv\\\/#website\",\"url\":\"https:\\\/\\\/landioustravel.com\\\/sv\\\/\",\"name\":\"Landious Travel\",\"description\":\"Excursions, trips and cruises in Egypt\",\"publisher\":{\"@id\":\"https:\\\/\\\/landioustravel.com\\\/sv\\\/#organization\"},\"potentialAction\":[{\"@type\":\"SearchAction\",\"target\":{\"@type\":\"EntryPoint\",\"urlTemplate\":\"https:\\\/\\\/landioustravel.com\\\/sv\\\/?s={search_term_string}\"},\"query-input\":{\"@type\":\"PropertyValueSpecification\",\"valueRequired\":true,\"valueName\":\"search_term_string\"}}],\"inLanguage\":\"sv-SE\"},{\"@type\":[\"Organization\",\"Place\"],\"@id\":\"https:\\\/\\\/landioustravel.com\\\/sv\\\/#organization\",\"name\":\"Landious Travel\",\"alternateName\":\"Landious Travel\",\"url\":\"https:\\\/\\\/landioustravel.com\\\/sv\\\/\",\"logo\":{\"@id\":\"https:\\\/\\\/landioustravel.com\\\/sv\\\/egypten\\\/forntida-egyptiska-gudar\\\/gud-horus\\\/#local-main-organization-logo\"},\"image\":{\"@id\":\"https:\\\/\\\/landioustravel.com\\\/sv\\\/egypten\\\/forntida-egyptiska-gudar\\\/gud-horus\\\/#local-main-organization-logo\"},\"sameAs\":[\"https:\\\/\\\/web.facebook.com\\\/landiousEgypt\",\"https:\\\/\\\/x.com\\\/LandiousTours\",\"https:\\\/\\\/mastodon.social\\\/@landious\"],\"legalName\":\"Landious Travel\",\"telephone\":[],\"openingHoursSpecification\":[{\"@type\":\"OpeningHoursSpecification\",\"dayOfWeek\":[\"Monday\",\"Tuesday\",\"Wednesday\",\"Thursday\",\"Friday\",\"Saturday\",\"Sunday\"],\"opens\":\"09:00\",\"closes\":\"17:00\"}]},{\"@type\":\"ImageObject\",\"inLanguage\":\"sv-SE\",\"@id\":\"https:\\\/\\\/landioustravel.com\\\/sv\\\/egypten\\\/forntida-egyptiska-gudar\\\/gud-horus\\\/#local-main-organization-logo\",\"url\":\"https:\\\/\\\/i0.wp.com\\\/landioustravel.com\\\/wp-content\\\/uploads\\\/2021\\\/06\\\/Landious-T.png?fit=500%2C500&ssl=1\",\"contentUrl\":\"https:\\\/\\\/i0.wp.com\\\/landioustravel.com\\\/wp-content\\\/uploads\\\/2021\\\/06\\\/Landious-T.png?fit=500%2C500&ssl=1\",\"width\":500,\"height\":500,\"caption\":\"Landious Travel\"}]}<\/script>\n<!-- \/ Yoast SEO Premium plugin. -->","yoast_head_json":{"title":"Gud Horus - Aspekter och tempel - Landious Travel","description":"Gud Horus \u00e4r en av de viktigaste forntida egyptiska gudarna. Han var Guds rike, himlen och levande Gud. Horus \u00e4r son till Isis och Osiris","robots":{"index":"index","follow":"follow","max-snippet":"max-snippet:-1","max-image-preview":"max-image-preview:large","max-video-preview":"max-video-preview:-1"},"canonical":"https:\/\/landioustravel.com\/sv\/egypten\/forntida-egyptiska-gudar\/gud-horus\/","og_locale":"sv_SE","og_type":"article","og_title":"Gud Horus","og_description":"Gud Horus \u00e4r en av de viktigaste forntida egyptiska gudarna. Han var Guds rike, himlen och levande Gud. Horus \u00e4r son till Isis och Osiris","og_url":"https:\/\/landioustravel.com\/sv\/egypten\/forntida-egyptiska-gudar\/gud-horus\/","og_site_name":"Landious Travel","article_publisher":"https:\/\/web.facebook.com\/landiousEgypt","article_modified_time":"2021-06-17T18:31:20+00:00","og_image":[{"width":1200,"height":674,"url":"https:\/\/i0.wp.com\/landioustravel.com\/wp-content\/uploads\/2021\/06\/Gud-Horus-e1623954644200.jpg?fit=1200%2C674&ssl=1","type":"image\/jpeg"}],"twitter_card":"summary_large_image","twitter_site":"@LandiousTours","twitter_misc":{"Ber\u00e4knad l\u00e4stid":"2 minuter"},"schema":{"@context":"https:\/\/schema.org","@graph":[{"@type":"WebPage","@id":"https:\/\/landioustravel.com\/sv\/egypten\/forntida-egyptiska-gudar\/gud-horus\/","url":"https:\/\/landioustravel.com\/sv\/egypten\/forntida-egyptiska-gudar\/gud-horus\/","name":"Gud Horus - Aspekter och tempel - Landious Travel","isPartOf":{"@id":"https:\/\/landioustravel.com\/sv\/#website"},"primaryImageOfPage":{"@id":"https:\/\/landioustravel.com\/sv\/egypten\/forntida-egyptiska-gudar\/gud-horus\/#primaryimage"},"image":{"@id":"https:\/\/landioustravel.com\/sv\/egypten\/forntida-egyptiska-gudar\/gud-horus\/#primaryimage"},"thumbnailUrl":"https:\/\/i0.wp.com\/landioustravel.com\/wp-content\/uploads\/2021\/06\/Gud-Horus-e1623954644200.jpg?fit=1200%2C674&ssl=1","datePublished":"2021-06-17T18:31:16+00:00","dateModified":"2021-06-17T18:31:20+00:00","description":"Gud Horus \u00e4r en av de viktigaste forntida egyptiska gudarna. Han var Guds rike, himlen och levande Gud. Horus \u00e4r son till Isis och Osiris","breadcrumb":{"@id":"https:\/\/landioustravel.com\/sv\/egypten\/forntida-egyptiska-gudar\/gud-horus\/#breadcrumb"},"inLanguage":"sv-SE","potentialAction":[{"@type":"ReadAction","target":["https:\/\/landioustravel.com\/sv\/egypten\/forntida-egyptiska-gudar\/gud-horus\/"]}]},{"@type":"ImageObject","inLanguage":"sv-SE","@id":"https:\/\/landioustravel.com\/sv\/egypten\/forntida-egyptiska-gudar\/gud-horus\/#primaryimage","url":"https:\/\/i0.wp.com\/landioustravel.com\/wp-content\/uploads\/2021\/06\/Gud-Horus-e1623954644200.jpg?fit=1200%2C674&ssl=1","contentUrl":"https:\/\/i0.wp.com\/landioustravel.com\/wp-content\/uploads\/2021\/06\/Gud-Horus-e1623954644200.jpg?fit=1200%2C674&ssl=1","width":1200,"height":674,"caption":"Gud Horus"},{"@type":"BreadcrumbList","@id":"https:\/\/landioustravel.com\/sv\/egypten\/forntida-egyptiska-gudar\/gud-horus\/#breadcrumb","itemListElement":[{"@type":"ListItem","position":1,"name":"Home","item":"https:\/\/landioustravel.com\/sv\/"},{"@type":"ListItem","position":2,"name":"Egypten","item":"https:\/\/landioustravel.com\/sv\/egypten\/"},{"@type":"ListItem","position":3,"name":"Forntida egyptiska gudar","item":"https:\/\/landioustravel.com\/sv\/egypten\/forntida-egyptiska-gudar\/"},{"@type":"ListItem","position":4,"name":"Gud Horus"}]},{"@type":"WebSite","@id":"https:\/\/landioustravel.com\/sv\/#website","url":"https:\/\/landioustravel.com\/sv\/","name":"Landious Travel","description":"Excursions, trips and cruises in Egypt","publisher":{"@id":"https:\/\/landioustravel.com\/sv\/#organization"},"potentialAction":[{"@type":"SearchAction","target":{"@type":"EntryPoint","urlTemplate":"https:\/\/landioustravel.com\/sv\/?s={search_term_string}"},"query-input":{"@type":"PropertyValueSpecification","valueRequired":true,"valueName":"search_term_string"}}],"inLanguage":"sv-SE"},{"@type":["Organization","Place"],"@id":"https:\/\/landioustravel.com\/sv\/#organization","name":"Landious Travel","alternateName":"Landious Travel","url":"https:\/\/landioustravel.com\/sv\/","logo":{"@id":"https:\/\/landioustravel.com\/sv\/egypten\/forntida-egyptiska-gudar\/gud-horus\/#local-main-organization-logo"},"image":{"@id":"https:\/\/landioustravel.com\/sv\/egypten\/forntida-egyptiska-gudar\/gud-horus\/#local-main-organization-logo"},"sameAs":["https:\/\/web.facebook.com\/landiousEgypt","https:\/\/x.com\/LandiousTours","https:\/\/mastodon.social\/@landious"],"legalName":"Landious Travel","telephone":[],"openingHoursSpecification":[{"@type":"OpeningHoursSpecification","dayOfWeek":["Monday","Tuesday","Wednesday","Thursday","Friday","Saturday","Sunday"],"opens":"09:00","closes":"17:00"}]},{"@type":"ImageObject","inLanguage":"sv-SE","@id":"https:\/\/landioustravel.com\/sv\/egypten\/forntida-egyptiska-gudar\/gud-horus\/#local-main-organization-logo","url":"https:\/\/i0.wp.com\/landioustravel.com\/wp-content\/uploads\/2021\/06\/Landious-T.png?fit=500%2C500&ssl=1","contentUrl":"https:\/\/i0.wp.com\/landioustravel.com\/wp-content\/uploads\/2021\/06\/Landious-T.png?fit=500%2C500&ssl=1","width":500,"height":500,"caption":"Landious Travel"}]}},"uagb_featured_image_src":{"full":["https:\/\/i0.wp.com\/landioustravel.com\/wp-content\/uploads\/2021\/06\/Gud-Horus-e1623954644200.jpg?fit=1200%2C674&ssl=1",1200,674,false],"thumbnail":["https:\/\/i0.wp.com\/landioustravel.com\/wp-content\/uploads\/2021\/06\/Gud-Horus-e1623954644200.jpg?resize=150%2C150&ssl=1",150,150,true],"medium":["https:\/\/i0.wp.com\/landioustravel.com\/wp-content\/uploads\/2021\/06\/Gud-Horus-e1623954644200.jpg?fit=300%2C169&ssl=1",300,169,true],"medium_large":["https:\/\/i0.wp.com\/landioustravel.com\/wp-content\/uploads\/2021\/06\/Gud-Horus-e1623954644200.jpg?fit=768%2C432&ssl=1",768,432,true],"large":["https:\/\/i0.wp.com\/landioustravel.com\/wp-content\/uploads\/2021\/06\/Gud-Horus-e1623954644200.jpg?fit=980%2C551&ssl=1",980,551,true],"1536x1536":["https:\/\/i0.wp.com\/landioustravel.com\/wp-content\/uploads\/2021\/06\/Gud-Horus-e1623954644200.jpg?fit=1200%2C674&ssl=1",1200,674,true],"2048x2048":["https:\/\/i0.wp.com\/landioustravel.com\/wp-content\/uploads\/2021\/06\/Gud-Horus-e1623954644200.jpg?fit=1200%2C674&ssl=1",1200,674,true],"newspack-article-block-landscape-large":["https:\/\/i0.wp.com\/landioustravel.com\/wp-content\/uploads\/2021\/06\/Gud-Horus-e1623954644200.jpg?resize=1200%2C674&ssl=1",1200,806,true],"newspack-article-block-portrait-large":["https:\/\/i0.wp.com\/landioustravel.com\/wp-content\/uploads\/2021\/06\/Gud-Horus-e1623954644200.jpg?resize=900%2C674&ssl=1",900,806,true],"newspack-article-block-square-large":["https:\/\/i0.wp.com\/landioustravel.com\/wp-content\/uploads\/2021\/06\/Gud-Horus-e1623954644200.jpg?resize=1200%2C674&ssl=1",1200,806,true],"newspack-article-block-landscape-medium":["https:\/\/i0.wp.com\/landioustravel.com\/wp-content\/uploads\/2021\/06\/Gud-Horus-e1623954644200.jpg?resize=800%2C600&ssl=1",800,600,true],"newspack-article-block-portrait-medium":["https:\/\/i0.wp.com\/landioustravel.com\/wp-content\/uploads\/2021\/06\/Gud-Horus-e1623954644200.jpg?resize=600%2C674&ssl=1",600,800,true],"newspack-article-block-square-medium":["https:\/\/i0.wp.com\/landioustravel.com\/wp-content\/uploads\/2021\/06\/Gud-Horus-e1623954644200.jpg?resize=800%2C674&ssl=1",800,800,true],"newspack-article-block-landscape-intermediate":["https:\/\/i0.wp.com\/landioustravel.com\/wp-content\/uploads\/2021\/06\/Gud-Horus-e1623954644200.jpg?resize=600%2C450&ssl=1",600,450,true],"newspack-article-block-portrait-intermediate":["https:\/\/i0.wp.com\/landioustravel.com\/wp-content\/uploads\/2021\/06\/Gud-Horus-e1623954644200.jpg?resize=450%2C600&ssl=1",450,600,true],"newspack-article-block-square-intermediate":["https:\/\/i0.wp.com\/landioustravel.com\/wp-content\/uploads\/2021\/06\/Gud-Horus-e1623954644200.jpg?resize=600%2C600&ssl=1",600,600,true],"newspack-article-block-landscape-small":["https:\/\/i0.wp.com\/landioustravel.com\/wp-content\/uploads\/2021\/06\/Gud-Horus-e1623954644200.jpg?resize=400%2C300&ssl=1",400,300,true],"newspack-article-block-portrait-small":["https:\/\/i0.wp.com\/landioustravel.com\/wp-content\/uploads\/2021\/06\/Gud-Horus-e1623954644200.jpg?resize=300%2C400&ssl=1",300,400,true],"newspack-article-block-square-small":["https:\/\/i0.wp.com\/landioustravel.com\/wp-content\/uploads\/2021\/06\/Gud-Horus-e1623954644200.jpg?resize=400%2C400&ssl=1",400,400,true],"newspack-article-block-landscape-tiny":["https:\/\/i0.wp.com\/landioustravel.com\/wp-content\/uploads\/2021\/06\/Gud-Horus-e1623954644200.jpg?resize=200%2C150&ssl=1",200,150,true],"newspack-article-block-portrait-tiny":["https:\/\/i0.wp.com\/landioustravel.com\/wp-content\/uploads\/2021\/06\/Gud-Horus-e1623954644200.jpg?resize=150%2C200&ssl=1",150,200,true],"newspack-article-block-square-tiny":["https:\/\/i0.wp.com\/landioustravel.com\/wp-content\/uploads\/2021\/06\/Gud-Horus-e1623954644200.jpg?resize=200%2C200&ssl=1",200,200,true],"newspack-article-block-uncropped":["https:\/\/i0.wp.com\/landioustravel.com\/wp-content\/uploads\/2021\/06\/Gud-Horus-e1623954644200.jpg?fit=1200%2C674&ssl=1",1200,674,true],"woocommerce_thumbnail":["https:\/\/i0.wp.com\/landioustravel.com\/wp-content\/uploads\/2021\/06\/Gud-Horus-e1623954644200.jpg?resize=324%2C324&ssl=1",324,324,true],"woocommerce_single":["https:\/\/i0.wp.com\/landioustravel.com\/wp-content\/uploads\/2021\/06\/Gud-Horus-e1623954644200.jpg?fit=416%2C234&ssl=1",416,234,true],"woocommerce_gallery_thumbnail":["https:\/\/i0.wp.com\/landioustravel.com\/wp-content\/uploads\/2021\/06\/Gud-Horus-e1623954644200.jpg?resize=100%2C100&ssl=1",100,100,true]},"uagb_author_info":{"display_name":"Mofreh Landious","author_link":"https:\/\/landioustravel.com\/sv\/author\/landious\/"},"uagb_comment_info":0,"uagb_excerpt":"Gud Horus \u00e4r en av de viktigaste forntida egyptiska gudarna. Han var Guds rike, himlen och levande Gud. Horus \u00e4r son till Isis och Osiris. Horus gudomliga st\u00e4llning i forntida egyptisk religion Den tidigaste inspelade formen av Horus \u00e4r Nekhens v\u00e4gledande gud i \u00d6vre Egypten. Efter f\u00f6reningen av Egypten av h\u00e4rskare fr\u00e5n Nekhen uppstod uppfattningen&hellip;","jetpack_sharing_enabled":true,"jetpack_shortlink":"https:\/\/wp.me\/Par4r5-8Bl","jetpack_likes_enabled":true,"amp_enabled":true,"_links":{"self":[{"href":"https:\/\/landioustravel.com\/sv\/wp-json\/wp\/v2\/pages\/33067","targetHints":{"allow":["GET"]}}],"collection":[{"href":"https:\/\/landioustravel.com\/sv\/wp-json\/wp\/v2\/pages"}],"about":[{"href":"https:\/\/landioustravel.com\/sv\/wp-json\/wp\/v2\/types\/page"}],"author":[{"embeddable":true,"href":"https:\/\/landioustravel.com\/sv\/wp-json\/wp\/v2\/users\/1"}],"replies":[{"embeddable":true,"href":"https:\/\/landioustravel.com\/sv\/wp-json\/wp\/v2\/comments?post=33067"}],"version-history":[{"count":0,"href":"https:\/\/landioustravel.com\/sv\/wp-json\/wp\/v2\/pages\/33067\/revisions"}],"up":[{"embeddable":true,"href":"https:\/\/landioustravel.com\/sv\/wp-json\/wp\/v2\/pages\/33049"}],"wp:featuredmedia":[{"embeddable":true,"href":"https:\/\/landioustravel.com\/sv\/wp-json\/wp\/v2\/media\/33069"}],"wp:attachment":[{"href":"https:\/\/landioustravel.com\/sv\/wp-json\/wp\/v2\/media?parent=33067"}],"curies":[{"name":"wp","href":"https:\/\/api.w.org\/{rel}","templated":true}]}}