{"id":37995,"date":"2021-09-24T17:56:53","date_gmt":"2021-09-24T15:56:53","guid":{"rendered":"https:\/\/landioustravel.com\/?page_id=37995"},"modified":"2021-09-25T10:00:03","modified_gmt":"2021-09-25T08:00:03","slug":"gudinnan-bastet","status":"publish","type":"page","link":"https:\/\/landioustravel.com\/sv\/egypten\/forntida-egyptiska-gudar\/gudinnan-bastet\/","title":{"rendered":"Gudinnan Bastet"},"content":{"rendered":"\n<p>Forntida egyptier ans\u00e5g gudinnan Bastet som beskyddare f\u00f6r kvinnor, hem, hemlighet, katter, n\u00f6je och god h\u00e4lsa. Hon skyddade hush\u00e5llen mot onda andar och sjukdomar som kan drabba kvinnor eller barn. Liksom andra <a href=\"https:\/\/landioustravel.com\/sv\/egypten\/forntida-egyptiska-gudar\/\">gamla gudar<\/a> hade gudinnan ocks\u00e5 en viktig roll i livet efter detta.<\/p>\n\n\n\n<p>Rollerna och skildringarna av gudar och gudinnor har f\u00f6r\u00e4ndrats under den <a href=\"https:\/\/landioustravel.com\/sv\/egypten\/egyptens-historia\/forntida-egyptisk-historia\/\">gamla egyptiska historien<\/a>. Ett utm\u00e4rkt exempel p\u00e5 detta fenomen \u00e4r gudinnan Bastet. Ursprungligen f\u00f6rknippar mytologin gudinnan med <a href=\"https:\/\/landioustravel.com\/sv\/egypten\/forntida-egyptiska-gudar\/gud-ra\/\">Ra<\/a> och begreppet Eye of Ra. Men med tiden f\u00f6r\u00e4ndrades hennes roller och hennes image blev mer domesticerad. Senare betraktade de gamla egyptierna henne som beskyddare f\u00f6r allas familj och hem.<\/p>\n\n\n\n<h2 class=\"wp-block-heading\" id=\"h-betydelsen-bakom-bastets-namn\">Betydelsen bakom Bastets namn<\/h2>\n\n\n\n<p>Enligt de gamla texterna var gudinnans ursprungliga namn B\u2019stt. Det blev senare Ubaste och sedan Bast. Den faktiska inneb\u00f6rden bakom namnet p\u00e5 gudinnan f\u00f6rblir ett mysterium hittills. Stephen Quirke, professor i forntida egyptisk religion, definierar namnet Bastet som &#8221;She of the Ointment Jar&#8221;.<\/p>\n\n\n\n<p>Egyptologen kunde f\u00f6rklara detta genom att observera att de skriftl\u00e4rda skrev gudinnans namn med hieroglyfen som anv\u00e4ndes f\u00f6r salvburk. Dessutom associerade egyptierna bland annat Bastet med skyddande salvor.<\/p>\n\n\n\n<p>Grekarna kopplade gudinnan n\u00e4ra till sin gudinna Artemis. De f\u00f6rknippade ocks\u00e5 Apollo med <a href=\"https:\/\/landioustravel.com\/sv\/egypten\/forntida-egyptiska-gudar\/gud-horus\/\">Horus<\/a>, son till <a href=\"https:\/\/landioustravel.com\/sv\/egypten\/forntida-egyptiska-gudar\/gudinnan-isis\/\">Isis<\/a>. D\u00e4rf\u00f6r kallade de gudinnan Bast &#8221;Ba&#8217;Aset&#8221; eller Soul of Isis. Det skulle vara den bokstavliga \u00f6vers\u00e4ttningen av hennes namn eftersom &#8221;Aset&#8221; \u00e4r ett av de egyptiska namnen p\u00e5 Isis. H\u00e4r anger till\u00e4gget av ett extra &#8217;T&#8217; kvinnlighet.<\/p>\n\n\n\n<p>Dessutom l\u00e4nkar texter ocks\u00e5 Bastet med Nefertum, gud f\u00f6r s\u00f6t parfym och lukt. M\u00e5nga ans\u00e5g Nefertum som son till Bastet som vidare associerar hennes namn med salvburk. Historiker kan kanske s\u00e4ga att hennes namn till en b\u00f6rjan liknade n\u00e5got liknande She of the Ointment Jar. Men senare bytte grekerna sitt namn till Isis sj\u00e4l. De gjorde detta f\u00f6r att knyta henne n\u00e4rmare till Isis, den mest popul\u00e4ra gudinnan i <a href=\"https:\/\/landioustravel.com\/sv\/egypten\/\">Egypten<\/a>.<\/p>\n\n\n\n<h2 class=\"wp-block-heading\">Representation<\/h2>\n\n\n\n<p>Inledningsvis representerar bilderna Bastet som en kvinna med huvudet p\u00e5 en lejoninna. Det liknade mycket bilderna p\u00e5 gudinnan <a href=\"https:\/\/landioustravel.com\/sv\/egypten\/forntida-egyptiska-gudar\/gudinna-sekhmet\/\">Sekhmet<\/a>. Men med tiden skildrade Sekhmets ikonografi henne som mer och mer aggressiv. D\u00e4remot mjuknade Bastets bilder med tiden f\u00f6r att representera en mildare f\u00f6ljeslagare och daglig hj\u00e4lpare \u00e4n hennes tidigare h\u00e4mnareformer.<\/p>\n\n\n\n<p>Under den tredje mellanperioden i Egypten b\u00f6rjade m\u00e4nniskor skildra gudinnan som en tamkatt eller en katt med huvudet. Skribenter fr\u00e5n New Kingdom f\u00f6rknippade ett feminint suffix med hennes namn f\u00f6r att betona uttalet av extra T.<\/p>\n\n\n\n<p>Forntida egyptier v\u00f6rdade och \u00e4lskade katter. Det berodde delvis p\u00e5 deras f\u00f6rm\u00e5ga att bli av med r\u00e5ttor, m\u00f6ss och ormar som hotar gr\u00f6dor och hush\u00e5ll. Kungliga \u00e4gare som hade katter kl\u00e4dde dem i guld och till\u00e4t dem att \u00e4ta av tallrikarna.<\/p>\n\n\n\n<p>Historiker f\u00f6ruts\u00e4ger att under tjugosekundersdynastin och fram\u00e5t f\u00f6r\u00e4ndrades dyrkan av Bastet. Den konverterade fr\u00e5n en lejonguddom till en kattgud som var stor. Eftersom m\u00e4nniskor s\u00e5g katter som \u00f6mma och k\u00e4rleksfulla mot sina barn, ans\u00e5g de ocks\u00e5 att Bastet var en bra mamma. Bildspr\u00e5k visar henne ofta med m\u00e5nga kattungar.<\/p>\n\n\n\n<p>Fr\u00e5n Pyramid Texts och fram\u00e5t kan man observera att m\u00e4nniskor gav Bastet en annan aspekt och hennes skr\u00e4mmande h\u00e4mndform. Denna aspekt var av en v\u00e5rdande mamma och ett mildt beskydd. D\u00e4remot talar kisttexterna och de d\u00f6das bok om den demoniska delen av Bastet. &#8221;Slaktarna av Bastet&#8221; orsakade katastrofer f\u00f6r m\u00e4nskligheten som pesten. D\u00e4rf\u00f6r kan man s\u00e4ga att m\u00e4nniskor mycket \u00e4lskade men lika fruktade Bastet samtidigt. Hennes titlar som The Lady of Dread och The Lady of Slaughter visar hennes tidigare aggressiva natur.<\/p>\n\n\n\n<h2 class=\"wp-block-heading\">Bastets roll i religionen<\/h2>\n\n\n\n<p>Texter fr\u00e5n det tredje \u00e5rtusendet f\u00f6re Kristus skildrar Bastet som en h\u00e4mndlysten fr\u00e5n Nedre Egypten. Pyramidtexterna associerar henne med kungen i Egypten som hans barnbarn och beskyddare. Senare, i kisttexterna, beh\u00f6ll Bastet den rollen och hade den extra funktionen att skydda de d\u00f6da.<\/p>\n\n\n\n<p>Stenk\u00e4rlen fr\u00e5n den andra dynastin representerar Bastet som en kvinna med ett lejonhuvud fullt av man. Men gudinnans ikonografi f\u00f6r\u00e4ndrades n\u00e4r m\u00e4nniskor b\u00f6rjade se hennes natur som mildare \u00e4n en lejoninna gudom. Bastet v\u00e4xte i popularitet i hela Egypten och hennes kultcenter <a href=\"https:\/\/www.google.com\/maps\/place\/Tell+Basta\/@30.5704018,31.5126866,17z\/data=!3m1!4b1!4m5!3m4!1s0x14f7f0e7c4e52bbb:0x4239dc7e03f514f6!8m2!3d30.5704018!4d31.5148753\" target=\"_blank\" rel=\"noreferrer noopener\">Bubastis<\/a>, som ligger i nedre Egypten, blev en av de rikaste <a href=\"https:\/\/landioustravel.com\/sv\/egypten\/egyptiska-stader\/\">st\u00e4derna i Egypten<\/a>.<\/p>\n\n\n\n<p>Bubastis blev ett centrum f\u00f6r rikedom och lyx n\u00e4r m\u00e4nniskor fr\u00e5n hela landet bes\u00f6kte staden f\u00f6r att hylla Bastet. De fick ocks\u00e5 sina \u00e4lskade d\u00f6da katter begravda i staden. Egyptisk konst l\u00e5nar ikonografin av Bastet fr\u00e5n gudinnan Mafder och <a href=\"https:\/\/landioustravel.com\/sv\/egypten\/forntida-egyptiska-gudar\/gudinnan-hathor\/\">Hathor<\/a>, en gudinna kopplad till Sekhmet.<\/p>\n\n\n\n<p>Man kan se statyer av Bastet som h\u00e5ller ett sistrum, ett musikinstrument, i handen f\u00f6r att f\u00f6rst\u00e5 gudinnans tydliga l\u00e4nk till Hathor, som traditionellt bar sistrummet. Hathor var en annan gudinna som f\u00f6rvandlades fr\u00e5n att avbildas som en f\u00f6rst\u00f6rare till en mild och mildare gud.<\/p>\n\n\n\n<h2 class=\"wp-block-heading\">Tillbedjan av gudinnan Bastet<\/h2>\n\n\n\n<p>Bubastis var centrum f\u00f6r kulten i Bastet. Folk dyrkade fr\u00e4mst Bastet h\u00e4r, men hon hade fortfarande en tj\u00e4nst i Saqqara och p\u00e5 andra h\u00e5ll. Hennes popularitet \u00f6kade, och under senperioden och den grekisk-romerska tiden fick hon en h\u00f6gsta status. F\u00f6r n\u00e4rvarande finns bara konturer av Bastets tempel kvar i staden. Men Herodotos bes\u00f6kte platsen och f\u00f6rundrade sig \u00f6ver palatsets storhet.<\/p>\n\n\n\n<p>Herodotos f\u00f6rblir en prim\u00e4r informationsk\u00e4lla om kulten Bastet. Det g\u00e5r dock inte djupt in i detaljerna om hennes dyrkan. Historiker uppt\u00e4ckte att b\u00e5de m\u00e4n och kvinnor tj\u00e4nade som hennes pr\u00e4sterskap. Hennes tempel i Bubastis gav olika tj\u00e4nster som inkluderade l\u00e4karv\u00e5rd, matdistribution och r\u00e5dgivning.<\/p>\n\n\n\n<p>Staden firade den stora festivalen i Bastet, d\u00e4r m\u00e4nniskor fr\u00e5n hela Egypten samlades f\u00f6r att delta i ett av \u00e5rets mest p\u00e5kostade evenemang. Under denna forntida egyptiska festival k\u00e4nde kvinnor sig fria fr\u00e5n alla begr\u00e4nsningar. De kunde fira gudinnan genom att dricka, dansa och g\u00f6ra musik. Firandet av Bastet var en tid f\u00f6r m\u00e4nniskor att l\u00e4gga undan sina h\u00e4mningar och ha kul.<\/p>\n\n\n\n<h2 class=\"wp-block-heading\">Slutsats<\/h2>\n\n\n\n<p>Bastets popularitet v\u00e4xte \u00f6ver tiden som skyddare f\u00f6r kvinnor och hush\u00e5ll. Dessutom var hon ocks\u00e5 popul\u00e4r bland m\u00e4n som hade fruar, flickv\u00e4nner, d\u00f6ttrar eller n\u00e5gon som kom under gudinnans skydd. Hittills \u00e4r Bastet fortfarande en popul\u00e4r figur och har flera referenser i dagens popkultur.<\/p>\n","protected":false},"excerpt":{"rendered":"<p>Forntida egyptier ans\u00e5g gudinnan Bastet som beskyddare f\u00f6r kvinnor, hem, hemlighet, katter, n\u00f6je och god h\u00e4lsa. Hon skyddade hush\u00e5llen mot onda andar och sjukdomar som kan drabba kvinnor eller barn. Liksom andra gamla gudar hade gudinnan ocks\u00e5 en viktig roll i livet efter detta. Rollerna och skildringarna av gudar och gudinnor har f\u00f6r\u00e4ndrats under den [&hellip;]<\/p>\n","protected":false},"author":1,"featured_media":0,"parent":33049,"menu_order":0,"comment_status":"open","ping_status":"closed","template":"","meta":{"_coblocks_attr":"","_coblocks_dimensions":"","_coblocks_responsive_height":"","_coblocks_accordion_ie_support":"","_uag_custom_page_level_css":"","jetpack_post_was_ever_published":false,"footnotes":""},"class_list":["post-37995","page","type-page","status-publish","hentry"],"yoast_head":"<!-- This site is optimized with the Yoast SEO Premium plugin v26.9 (Yoast SEO v27.3) - https:\/\/yoast.com\/product\/yoast-seo-premium-wordpress\/ -->\n<title>Gudinnan Bastet - Bastets roll i religionen - Landious Travel<\/title>\n<meta name=\"description\" content=\"Gudinnan Bastet Forntida egyptier ans\u00e5g gudinnan Bastet som beskyddare f\u00f6r kvinnor, hem, hemlighet, katter, n\u00f6je och god h\u00e4lsa. Hon skyddade\" \/>\n<meta name=\"robots\" content=\"index, follow, max-snippet:-1, max-image-preview:large, max-video-preview:-1\" \/>\n<link rel=\"canonical\" href=\"https:\/\/landioustravel.com\/sv\/egypten\/forntida-egyptiska-gudar\/gudinnan-bastet\/\" \/>\n<meta property=\"og:locale\" content=\"sv_SE\" \/>\n<meta property=\"og:type\" content=\"article\" \/>\n<meta property=\"og:title\" content=\"Gudinnan Bastet\" \/>\n<meta property=\"og:description\" content=\"Gudinnan Bastet Forntida egyptier ans\u00e5g gudinnan Bastet som beskyddare f\u00f6r kvinnor, hem, hemlighet, katter, n\u00f6je och god h\u00e4lsa. Hon skyddade\" \/>\n<meta property=\"og:url\" content=\"https:\/\/landioustravel.com\/sv\/egypten\/forntida-egyptiska-gudar\/gudinnan-bastet\/\" \/>\n<meta property=\"og:site_name\" content=\"Landious Travel\" \/>\n<meta property=\"article:publisher\" content=\"https:\/\/web.facebook.com\/landiousEgypt\" \/>\n<meta property=\"article:modified_time\" content=\"2021-09-25T08:00:03+00:00\" \/>\n<meta name=\"twitter:card\" content=\"summary_large_image\" \/>\n<meta name=\"twitter:site\" content=\"@LandiousTours\" \/>\n<meta name=\"twitter:label1\" content=\"Ber\u00e4knad l\u00e4stid\" \/>\n\t<meta name=\"twitter:data1\" content=\"5 minuter\" \/>\n<script type=\"application\/ld+json\" class=\"yoast-schema-graph\">{\"@context\":\"https:\\\/\\\/schema.org\",\"@graph\":[{\"@type\":\"WebPage\",\"@id\":\"https:\\\/\\\/landioustravel.com\\\/sv\\\/egypten\\\/forntida-egyptiska-gudar\\\/gudinnan-bastet\\\/\",\"url\":\"https:\\\/\\\/landioustravel.com\\\/sv\\\/egypten\\\/forntida-egyptiska-gudar\\\/gudinnan-bastet\\\/\",\"name\":\"Gudinnan Bastet - Bastets roll i religionen - Landious Travel\",\"isPartOf\":{\"@id\":\"https:\\\/\\\/landioustravel.com\\\/sv\\\/#website\"},\"datePublished\":\"2021-09-24T15:56:53+00:00\",\"dateModified\":\"2021-09-25T08:00:03+00:00\",\"description\":\"Gudinnan Bastet Forntida egyptier ans\u00e5g gudinnan Bastet som beskyddare f\u00f6r kvinnor, hem, hemlighet, katter, n\u00f6je och god h\u00e4lsa. Hon skyddade\",\"breadcrumb\":{\"@id\":\"https:\\\/\\\/landioustravel.com\\\/sv\\\/egypten\\\/forntida-egyptiska-gudar\\\/gudinnan-bastet\\\/#breadcrumb\"},\"inLanguage\":\"sv-SE\",\"potentialAction\":[{\"@type\":\"ReadAction\",\"target\":[\"https:\\\/\\\/landioustravel.com\\\/sv\\\/egypten\\\/forntida-egyptiska-gudar\\\/gudinnan-bastet\\\/\"]}]},{\"@type\":\"BreadcrumbList\",\"@id\":\"https:\\\/\\\/landioustravel.com\\\/sv\\\/egypten\\\/forntida-egyptiska-gudar\\\/gudinnan-bastet\\\/#breadcrumb\",\"itemListElement\":[{\"@type\":\"ListItem\",\"position\":1,\"name\":\"Home\",\"item\":\"https:\\\/\\\/landioustravel.com\\\/sv\\\/\"},{\"@type\":\"ListItem\",\"position\":2,\"name\":\"Egypten\",\"item\":\"https:\\\/\\\/landioustravel.com\\\/sv\\\/egypten\\\/\"},{\"@type\":\"ListItem\",\"position\":3,\"name\":\"Forntida egyptiska gudar\",\"item\":\"https:\\\/\\\/landioustravel.com\\\/sv\\\/egypten\\\/forntida-egyptiska-gudar\\\/\"},{\"@type\":\"ListItem\",\"position\":4,\"name\":\"Gudinnan Bastet\"}]},{\"@type\":\"WebSite\",\"@id\":\"https:\\\/\\\/landioustravel.com\\\/sv\\\/#website\",\"url\":\"https:\\\/\\\/landioustravel.com\\\/sv\\\/\",\"name\":\"Landious Travel\",\"description\":\"Excursions, trips and cruises in Egypt\",\"publisher\":{\"@id\":\"https:\\\/\\\/landioustravel.com\\\/sv\\\/#organization\"},\"potentialAction\":[{\"@type\":\"SearchAction\",\"target\":{\"@type\":\"EntryPoint\",\"urlTemplate\":\"https:\\\/\\\/landioustravel.com\\\/sv\\\/?s={search_term_string}\"},\"query-input\":{\"@type\":\"PropertyValueSpecification\",\"valueRequired\":true,\"valueName\":\"search_term_string\"}}],\"inLanguage\":\"sv-SE\"},{\"@type\":[\"Organization\",\"Place\"],\"@id\":\"https:\\\/\\\/landioustravel.com\\\/sv\\\/#organization\",\"name\":\"Landious Travel\",\"alternateName\":\"Landious Travel\",\"url\":\"https:\\\/\\\/landioustravel.com\\\/sv\\\/\",\"logo\":{\"@id\":\"https:\\\/\\\/landioustravel.com\\\/sv\\\/egypten\\\/forntida-egyptiska-gudar\\\/gudinnan-bastet\\\/#local-main-organization-logo\"},\"image\":{\"@id\":\"https:\\\/\\\/landioustravel.com\\\/sv\\\/egypten\\\/forntida-egyptiska-gudar\\\/gudinnan-bastet\\\/#local-main-organization-logo\"},\"sameAs\":[\"https:\\\/\\\/web.facebook.com\\\/landiousEgypt\",\"https:\\\/\\\/x.com\\\/LandiousTours\",\"https:\\\/\\\/mastodon.social\\\/@landious\"],\"legalName\":\"Landious Travel\",\"telephone\":[],\"openingHoursSpecification\":[{\"@type\":\"OpeningHoursSpecification\",\"dayOfWeek\":[\"Monday\",\"Tuesday\",\"Wednesday\",\"Thursday\",\"Friday\",\"Saturday\",\"Sunday\"],\"opens\":\"09:00\",\"closes\":\"17:00\"}]},{\"@type\":\"ImageObject\",\"inLanguage\":\"sv-SE\",\"@id\":\"https:\\\/\\\/landioustravel.com\\\/sv\\\/egypten\\\/forntida-egyptiska-gudar\\\/gudinnan-bastet\\\/#local-main-organization-logo\",\"url\":\"https:\\\/\\\/i0.wp.com\\\/landioustravel.com\\\/wp-content\\\/uploads\\\/2021\\\/06\\\/Landious-T.png?fit=500%2C500&ssl=1\",\"contentUrl\":\"https:\\\/\\\/i0.wp.com\\\/landioustravel.com\\\/wp-content\\\/uploads\\\/2021\\\/06\\\/Landious-T.png?fit=500%2C500&ssl=1\",\"width\":500,\"height\":500,\"caption\":\"Landious Travel\"}]}<\/script>\n<!-- \/ Yoast SEO Premium plugin. -->","yoast_head_json":{"title":"Gudinnan Bastet - Bastets roll i religionen - Landious Travel","description":"Gudinnan Bastet Forntida egyptier ans\u00e5g gudinnan Bastet som beskyddare f\u00f6r kvinnor, hem, hemlighet, katter, n\u00f6je och god h\u00e4lsa. Hon skyddade","robots":{"index":"index","follow":"follow","max-snippet":"max-snippet:-1","max-image-preview":"max-image-preview:large","max-video-preview":"max-video-preview:-1"},"canonical":"https:\/\/landioustravel.com\/sv\/egypten\/forntida-egyptiska-gudar\/gudinnan-bastet\/","og_locale":"sv_SE","og_type":"article","og_title":"Gudinnan Bastet","og_description":"Gudinnan Bastet Forntida egyptier ans\u00e5g gudinnan Bastet som beskyddare f\u00f6r kvinnor, hem, hemlighet, katter, n\u00f6je och god h\u00e4lsa. Hon skyddade","og_url":"https:\/\/landioustravel.com\/sv\/egypten\/forntida-egyptiska-gudar\/gudinnan-bastet\/","og_site_name":"Landious Travel","article_publisher":"https:\/\/web.facebook.com\/landiousEgypt","article_modified_time":"2021-09-25T08:00:03+00:00","twitter_card":"summary_large_image","twitter_site":"@LandiousTours","twitter_misc":{"Ber\u00e4knad l\u00e4stid":"5 minuter"},"schema":{"@context":"https:\/\/schema.org","@graph":[{"@type":"WebPage","@id":"https:\/\/landioustravel.com\/sv\/egypten\/forntida-egyptiska-gudar\/gudinnan-bastet\/","url":"https:\/\/landioustravel.com\/sv\/egypten\/forntida-egyptiska-gudar\/gudinnan-bastet\/","name":"Gudinnan Bastet - Bastets roll i religionen - Landious Travel","isPartOf":{"@id":"https:\/\/landioustravel.com\/sv\/#website"},"datePublished":"2021-09-24T15:56:53+00:00","dateModified":"2021-09-25T08:00:03+00:00","description":"Gudinnan Bastet Forntida egyptier ans\u00e5g gudinnan Bastet som beskyddare f\u00f6r kvinnor, hem, hemlighet, katter, n\u00f6je och god h\u00e4lsa. Hon skyddade","breadcrumb":{"@id":"https:\/\/landioustravel.com\/sv\/egypten\/forntida-egyptiska-gudar\/gudinnan-bastet\/#breadcrumb"},"inLanguage":"sv-SE","potentialAction":[{"@type":"ReadAction","target":["https:\/\/landioustravel.com\/sv\/egypten\/forntida-egyptiska-gudar\/gudinnan-bastet\/"]}]},{"@type":"BreadcrumbList","@id":"https:\/\/landioustravel.com\/sv\/egypten\/forntida-egyptiska-gudar\/gudinnan-bastet\/#breadcrumb","itemListElement":[{"@type":"ListItem","position":1,"name":"Home","item":"https:\/\/landioustravel.com\/sv\/"},{"@type":"ListItem","position":2,"name":"Egypten","item":"https:\/\/landioustravel.com\/sv\/egypten\/"},{"@type":"ListItem","position":3,"name":"Forntida egyptiska gudar","item":"https:\/\/landioustravel.com\/sv\/egypten\/forntida-egyptiska-gudar\/"},{"@type":"ListItem","position":4,"name":"Gudinnan Bastet"}]},{"@type":"WebSite","@id":"https:\/\/landioustravel.com\/sv\/#website","url":"https:\/\/landioustravel.com\/sv\/","name":"Landious Travel","description":"Excursions, trips and cruises in Egypt","publisher":{"@id":"https:\/\/landioustravel.com\/sv\/#organization"},"potentialAction":[{"@type":"SearchAction","target":{"@type":"EntryPoint","urlTemplate":"https:\/\/landioustravel.com\/sv\/?s={search_term_string}"},"query-input":{"@type":"PropertyValueSpecification","valueRequired":true,"valueName":"search_term_string"}}],"inLanguage":"sv-SE"},{"@type":["Organization","Place"],"@id":"https:\/\/landioustravel.com\/sv\/#organization","name":"Landious Travel","alternateName":"Landious Travel","url":"https:\/\/landioustravel.com\/sv\/","logo":{"@id":"https:\/\/landioustravel.com\/sv\/egypten\/forntida-egyptiska-gudar\/gudinnan-bastet\/#local-main-organization-logo"},"image":{"@id":"https:\/\/landioustravel.com\/sv\/egypten\/forntida-egyptiska-gudar\/gudinnan-bastet\/#local-main-organization-logo"},"sameAs":["https:\/\/web.facebook.com\/landiousEgypt","https:\/\/x.com\/LandiousTours","https:\/\/mastodon.social\/@landious"],"legalName":"Landious Travel","telephone":[],"openingHoursSpecification":[{"@type":"OpeningHoursSpecification","dayOfWeek":["Monday","Tuesday","Wednesday","Thursday","Friday","Saturday","Sunday"],"opens":"09:00","closes":"17:00"}]},{"@type":"ImageObject","inLanguage":"sv-SE","@id":"https:\/\/landioustravel.com\/sv\/egypten\/forntida-egyptiska-gudar\/gudinnan-bastet\/#local-main-organization-logo","url":"https:\/\/i0.wp.com\/landioustravel.com\/wp-content\/uploads\/2021\/06\/Landious-T.png?fit=500%2C500&ssl=1","contentUrl":"https:\/\/i0.wp.com\/landioustravel.com\/wp-content\/uploads\/2021\/06\/Landious-T.png?fit=500%2C500&ssl=1","width":500,"height":500,"caption":"Landious Travel"}]}},"uagb_featured_image_src":{"full":false,"thumbnail":false,"medium":false,"medium_large":false,"large":false,"1536x1536":false,"2048x2048":false,"newspack-article-block-landscape-large":false,"newspack-article-block-portrait-large":false,"newspack-article-block-square-large":false,"newspack-article-block-landscape-medium":false,"newspack-article-block-portrait-medium":false,"newspack-article-block-square-medium":false,"newspack-article-block-landscape-intermediate":false,"newspack-article-block-portrait-intermediate":false,"newspack-article-block-square-intermediate":false,"newspack-article-block-landscape-small":false,"newspack-article-block-portrait-small":false,"newspack-article-block-square-small":false,"newspack-article-block-landscape-tiny":false,"newspack-article-block-portrait-tiny":false,"newspack-article-block-square-tiny":false,"newspack-article-block-uncropped":false,"woocommerce_thumbnail":false,"woocommerce_single":false,"woocommerce_gallery_thumbnail":false},"uagb_author_info":{"display_name":"Mofreh Landious","author_link":"https:\/\/landioustravel.com\/sv\/author\/landious\/"},"uagb_comment_info":0,"uagb_excerpt":"Forntida egyptier ans\u00e5g gudinnan Bastet som beskyddare f\u00f6r kvinnor, hem, hemlighet, katter, n\u00f6je och god h\u00e4lsa. Hon skyddade hush\u00e5llen mot onda andar och sjukdomar som kan drabba kvinnor eller barn. Liksom andra gamla gudar hade gudinnan ocks\u00e5 en viktig roll i livet efter detta. Rollerna och skildringarna av gudar och gudinnor har f\u00f6r\u00e4ndrats under den&hellip;","jetpack_sharing_enabled":true,"jetpack_shortlink":"https:\/\/wp.me\/Par4r5-9SP","jetpack_likes_enabled":true,"amp_enabled":true,"_links":{"self":[{"href":"https:\/\/landioustravel.com\/sv\/wp-json\/wp\/v2\/pages\/37995","targetHints":{"allow":["GET"]}}],"collection":[{"href":"https:\/\/landioustravel.com\/sv\/wp-json\/wp\/v2\/pages"}],"about":[{"href":"https:\/\/landioustravel.com\/sv\/wp-json\/wp\/v2\/types\/page"}],"author":[{"embeddable":true,"href":"https:\/\/landioustravel.com\/sv\/wp-json\/wp\/v2\/users\/1"}],"replies":[{"embeddable":true,"href":"https:\/\/landioustravel.com\/sv\/wp-json\/wp\/v2\/comments?post=37995"}],"version-history":[{"count":0,"href":"https:\/\/landioustravel.com\/sv\/wp-json\/wp\/v2\/pages\/37995\/revisions"}],"up":[{"embeddable":true,"href":"https:\/\/landioustravel.com\/sv\/wp-json\/wp\/v2\/pages\/33049"}],"wp:attachment":[{"href":"https:\/\/landioustravel.com\/sv\/wp-json\/wp\/v2\/media?parent=37995"}],"curies":[{"name":"wp","href":"https:\/\/api.w.org\/{rel}","templated":true}]}}