{"id":38041,"date":"2021-09-25T17:27:48","date_gmt":"2021-09-25T15:27:48","guid":{"rendered":"https:\/\/landioustravel.com\/?page_id=38041"},"modified":"2021-09-26T12:38:37","modified_gmt":"2021-09-26T10:38:37","slug":"stor-sfinx","status":"publish","type":"page","link":"https:\/\/landioustravel.com\/sv\/giza-pyramidkomplex\/stor-sfinx\/","title":{"rendered":"Stor Sfinx"},"content":{"rendered":"\n<p>Stora Sfinxen \u00e4r en av de mest betydande skulpturerna i v\u00e4rlden. Den visar upp ett lutat lejonkropp och ett m\u00e4nskligt huvud och st\u00e5r p\u00e5 n\u00e4stan 66 fot. L\u00e4ngden p\u00e5 denna magnifika staty \u00e4r cirka 240 fot. En kunglig huvudbonad pryder Sfinxens m\u00e4nskliga huvud.<\/p>\n\n\n\n<p>Denna gigantiska staty st\u00e5r i dalens tempel som tillh\u00f6r farao Kafre. Dessutom liknar ansiktet Farao Khafre. D\u00e4rf\u00f6r daterar historiker Stora Sfinxen till den fj\u00e4rde dynastin. D\u00e4rf\u00f6r lutar \u00e4gande av Sfinxen mot Khafre.<\/p>\n\n\n\n<p>Vissa forskare tror dock att Khafres \u00e4ldre syskon, Redjedef, byggde monumentet. Kanske byggde Redjedef Sfinxen f\u00f6r att hedra deras far, Khufu. Dessutom debatterar folk att Stora Sfinxen liknar kung Khufu mer \u00e4n Khafre.<\/p>\n\n\n\t\t\t\t<div class=\"wp-block-uagb-table-of-contents uagb-toc__align-left uagb-toc__columns-1  uagb-block-0784202f      \"\n\t\t\t\t\tdata-scroll= \"1\"\n\t\t\t\t\tdata-offset= \"30\"\n\t\t\t\t\tstyle=\"\"\n\t\t\t\t>\n\t\t\t\t<div class=\"uagb-toc__wrap\">\n\t\t\t\t\t\t<div class=\"uagb-toc__title\">\n\t\t\t\t\t\t\tTable Of Contents\t\t\t\t\t\t<\/div>\n\t\t\t\t\t\t\t\t\t\t\t\t\t\t\t\t\t\t\t\t\t\t<div class=\"uagb-toc__list-wrap \">\n\t\t\t\t\t\t<ol class=\"uagb-toc__list\"><li class=\"uagb-toc__list\"><a href=\"#platsen-f\u00f6r-stora-sfinxen\" class=\"uagb-toc-link__trigger\">Platsen f\u00f6r Stora Sfinxen<\/a><li class=\"uagb-toc__list\"><a href=\"#vad-\u00e4r-en-sfinx\" class=\"uagb-toc-link__trigger\">Vad \u00e4r en Sfinx?<\/a><li class=\"uagb-toc__list\"><a href=\"#historia\" class=\"uagb-toc-link__trigger\">Historia<\/a><li class=\"uagb-toc__list\"><a href=\"#konstruktion-av-sfinxen\" class=\"uagb-toc-link__trigger\">Konstruktion av Sfinxen<\/a><li class=\"uagb-toc__list\"><a href=\"#byggandet-av-mumifieringstemplet\" class=\"uagb-toc-link__trigger\">Byggandet av mumifieringstemplet<\/a><li class=\"uagb-toc__list\"><a href=\"#mytologi-relaterad-till-stora-sfinxen\" class=\"uagb-toc-link__trigger\">Mytologi relaterad till Stora Sfinxen<\/a><li class=\"uagb-toc__list\"><a href=\"#moderna-utgr\u00e4vningar\" class=\"uagb-toc-link__trigger\">Moderna utgr\u00e4vningar<\/a><li class=\"uagb-toc__list\"><a href=\"#senaste-restaureringar\" class=\"uagb-toc-link__trigger\">Senaste restaureringar<\/a><li class=\"uagb-toc__list\"><a href=\"#mysteriet-om-n\u00e4san\" class=\"uagb-toc-link__trigger\">Mysteriet om n\u00e4san<\/a><li class=\"uagb-toc__list\"><a href=\"#slutsats\" class=\"uagb-toc-link__trigger\">Slutsats<\/a><\/ol>\t\t\t\t\t<\/div>\n\t\t\t\t\t\t\t\t\t<\/div>\n\t\t\t\t<\/div>\n\t\t\t\n\n\n<h2 class=\"wp-block-heading\" id=\"h-platsen-f-r-stora-sfinxen\">Platsen f\u00f6r Stora Sfinxen<\/h2>\n\n\n\n<p>Stora Sfinxen st\u00e5r vid <a href=\"https:\/\/landioustravel.com\/sv\/giza-pyramidkomplex\/\">Giza Pyramidkomplex<\/a> p\u00e5 <a href=\"https:\/\/landioustravel.com\/sv\/egypten\/nilen\/\">Nils<\/a> v\u00e4stra strand i Giza, <a href=\"https:\/\/landioustravel.com\/sv\/egypten\/\">Egypten<\/a>. Sfinxen vetter direkt fr\u00e5n v\u00e4st till \u00f6st och st\u00e5r p\u00e5 <a href=\"https:\/\/www.google.com\/maps\/place\/Giza+Plateau\/@29.9769337,31.1151415,14z\/data=!3m1!4b1!4m5!3m4!1s0x14584f7d8bcaeed7:0x99080d8373c4b76d!8m2!3d29.9769353!4d31.1326511\" target=\"_blank\" rel=\"noreferrer noopener\">Giza -plat\u00e5n<\/a>. Detta stora monument \u00e4r fortfarande en av de \u00e4ldsta k\u00e4nda monumentala strukturerna i det antika Egypten. Dessutom \u00e4r det en av de mest igenk\u00e4nnbara strukturerna du kan se p\u00e5 Giza Necropolis.<\/p>\n\n\n\n<div style=\"min-height:400px\" data-map-attr=\"\/qaddress\/q:\/qgreat sphinx\/q||\/qlat\/q:\/qundefined\/q||\/qlng\/q:\/qundefined\/q||\/qskin\/q:\/qstandard\/q||\/qzoom\/q:\/q12\/q||\/qiconSize\/q:\/q36\/q||\/qmapTypeControl\/q:\/qtrue\/q||\/qzoomControl\/q:\/qtrue\/q||\/qstreetViewControl\/q:\/qtrue\/q||\/qfullscreenControl\/q:\/qtrue\/q\" class=\"wp-block-coblocks-map\"><iframe title=\"Google Map\" frameborder=\"0\" style=\"width:100%;min-height:400px\" src=\"https:\/\/www.google.com\/maps?q=great%20sphinx&amp;output=embed&amp;hl=en-US&amp;z=12\"><\/iframe><\/div>\n\n\n\n<h2 class=\"wp-block-heading\">Vad \u00e4r en Sfinx?<\/h2>\n\n\n\n<p>En sfinx \u00e4r en mytisk varelse med en m\u00e4nniskas ansikte och lejonets kropp. D\u00e4rf\u00f6r \u00e4r det ett framtr\u00e4dande mytologiskt inslag i egyptisk, asiatisk och grekisk mytologi.<\/p>\n\n\n\n<p>Forntida egyptier trodde att Sfinxen var en andlig v\u00e5rdnadshavare. Ofta visar varelsen en hane med en faraohuvudbonad.<\/p>\n\n\n\n<h2 class=\"wp-block-heading\">Historia<\/h2>\n\n\n\n<p>Stor Sfinx \u00e4r en monolitisk staty huggen ur berggrunden p\u00e5 plat\u00e5n. Omkring 2500 f.Kr. byggde kung farao ocks\u00e5 den andra pyramiden i Giza. Dessutom utg\u00f6r ett tempel framf\u00f6r statyn stenarna som skurits runt kroppen.<\/p>\n\n\n\n<p>Under den artonde dynastin kallade forntida egyptier sfinxen \u201dHorus of the Horizon\u201d, \u00e4ven \u201d<a href=\"https:\/\/landioustravel.com\/sv\/egypten\/forntida-egyptiska-gudar\/gud-horus\/\">Horus<\/a> i Nekropolis\u201d. Detta namn h\u00e4nvisar till den m\u00e4ktiga solguden som st\u00e5r ovanf\u00f6r horisonten.<\/p>\n\n\n\n<p>Historiker har associerat en teori som ges f\u00f6r organisationen av Sfinxen och pyramiderna. De antog att det kan finnas ett gudomligt syfte med Stora Sfinxen. Dessa strukturer kanaliserar solens kraft att \u00e5teruppliva farao Khafres sj\u00e4l.<\/p>\n\n\n\n<h2 class=\"wp-block-heading\">Konstruktion av Sfinxen<\/h2>\n\n\n\n<p>Enligt specifika uppskattningar skulle det ha tagit cirka tre \u00e5r att bygga monumentet. Omkring 100 arbetare kan ha arbetat varje \u00e5r. De skulle anv\u00e4nda stenhammare och kopparmejsl f\u00f6r att avsluta statyn.<\/p>\n\n\n\n<p>Detta monument monterades inte bit f\u00f6r bit. I stort sett kommer den stora sfinksen i Giza fr\u00e5n en massa kalksten. Denna kalksten blev avsl\u00f6jad n\u00e4r arbetare skar ett stenbrott runt Giza -plat\u00e5n.<\/p>\n\n\n\n<p>Enligt bevis skulle den h\u00e4r statyn kanske vara st\u00f6rre fr\u00e5n b\u00f6rjan. Arbetarna l\u00e4mnade dock platsen i all hast. Arkeologer hittade stora stenblock kvar utan bearbetning. \u00d6vergivna verktygsl\u00e5dor som finns n\u00e4ra platsen f\u00f6resl\u00e5r detsamma.<\/p>\n\n\n\n<p>Historiker gjorde ett avdrag i linje med graffitin som fanns p\u00e5 Sfinxens v\u00e4ggar. Arkeologen Lehner drog slutsatsen att den egyptiska h\u00e4rskaren inte anv\u00e4nde slavar f\u00f6r sin arbetskraft.<\/p>\n\n\n\n<h2 class=\"wp-block-heading\">Byggandet av mumifieringstemplet<\/h2>\n\n\n\n<p>P\u00e5 1980 -talet avsl\u00f6jade historiker specifika bevis ang\u00e5ende kalkstenen. Blocken som utg\u00f6r sfinks -templet h\u00e4rstammar fr\u00e5n diket som omger statyn sj\u00e4lv.<\/p>\n\n\n\n<p>F\u00f6ljaktligen f\u00f6reslog de att arbetare drog bort stenbrott fr\u00e5n Sfinxen. D\u00e4refter byggde byggare Mummifieringstemplet med n\u00e5gra ligor som den som anv\u00e4ndes f\u00f6r statyn.<\/p>\n\n\n\n<h2 class=\"wp-block-heading\">Mytologi relaterad till Stora Sfinxen<\/h2>\n\n\n\n<p>Runt den f\u00f6rsta mellanperioden gick Nekropolis \u00f6ver. D\u00e4refter begravde den drivande sanden denna kolossala figur upp till axlarna.<\/p>\n\n\n\n<p>Det f\u00f6rsta utgr\u00e4vningsf\u00f6rs\u00f6ket g\u00e5r till 1400 f.Kr. En dr\u00f6mstele som hittades mellan Sfinxens m\u00e4ktiga tassar illustrerar detta f\u00f6rs\u00f6k. Stelen ber\u00e4ttar hur prins Thutmose, son till Amenhotep II, somnade n\u00e4ra denna stora vakt.<\/p>\n\n\n\n<p>I dr\u00f6mmen klagade statyn \u00f6ver dess oordning. D\u00e4rf\u00f6r gjorde Sfinxen en \u00f6verenskommelse med det unga priset. Om prinsen \u00e5terst\u00e4llde Sfinxen, skulle det hj\u00e4lpa honom att bli en farao.<\/p>\n\n\n\n<p>F\u00f6ljaktligen samlade den unge prinsen ett lag och lyckades gr\u00e4va fram sfinxens fr\u00e4mre tassar. En helgedom uppf\u00f6rs mellan dem som rymmer dr\u00f6mstelen. Om dr\u00f6mmen intr\u00e4ffade eller inte kan diskuteras. Prinsen blev dock farao Thutmose IV. F\u00f6ljaktligen introducerade han ocks\u00e5 en sfinksdyrkande kultur f\u00f6r sitt folk.<\/p>\n\n\n\n<h2 class=\"wp-block-heading\">Moderna utgr\u00e4vningar<\/h2>\n\n\n\n<p>Italienska Giovanni Battista \u00f6vervakade den f\u00f6rsta moderna arkeologiska gr\u00e4vningen. Det ledde till att avsl\u00f6ja Sfinxens br\u00f6st i slut\u00e4ndan. I b\u00f6rjan av 1887 avsl\u00f6jade han statyn helt. De uppt\u00e4ckte trappsteg. D\u00e4rf\u00f6r ber\u00e4knade historiker slutligen statyn noggranna m\u00e4tningar.<\/p>\n\n\n\n<p>Fr\u00e5n det l\u00e4gsta steget var h\u00f6jden cirka hundra fot. Dessutom var avst\u00e5ndet mellan tassarna trettiofem fot.<\/p>\n\n\n\n<p>Utgr\u00e4vning p\u00e5 1800 -talet avsl\u00f6jade bitar av snidade stensk\u00e4gg. Dessutom \u00e4r rester av r\u00f6tt pigment fortfarande synliga i ansiktet. D\u00e4rf\u00f6r drog forskarna slutsatsen att tidigare Sfinxens hela syn hade r\u00f6d f\u00e4rg.<\/p>\n\n\n\n<p>Mark Lehner hittade ocks\u00e5 sp\u00e5r av bl\u00e5 och gul f\u00e4rg p\u00e5 statyn. D\u00e4rf\u00f6r f\u00f6reslog han att de gamla egyptierna m\u00e5lade det helt tidigare.<\/p>\n\n\n\n<h2 class=\"wp-block-heading\">Senaste restaureringar<\/h2>\n\n\n\n<p>\u00c5r 1931 reparerade den egyptiska regeringen statynhuvudet. \u00c5r 1926, p\u00e5 grund av erosion, hade en del av huvudbonaden ramlat av. D\u00e4rf\u00f6r skapade det ocks\u00e5 ett djupt snitt i Sfinxens hals. De lade till en betonghalsband mellan locket och halsen.<\/p>\n\n\n\n<p>Under 1980- och 1990 -talen lade arkeologer till n\u00e5gra renoveringar av stenbasen och bergkroppen. Det resulterade dock i en \u00e4ndrad profil. Dessutom h\u00f6ll m\u00e4nniskor flera renoveringar senare.<\/p>\n\n\n\n<h2 class=\"wp-block-heading\">Mysteriet om n\u00e4san<\/h2>\n\n\n\n<p>Sfinxens n\u00e4sa visar konsekvent skada i bron och n\u00e4sborreomr\u00e5det. Det verkar som om l\u00e5nga stavar eller mejslar hamrades ner fr\u00e5n bron och under n\u00e4sborren. Dessutom var den avb\u00f6jda n\u00e4san s\u00f6derut. D\u00e4rf\u00f6r f\u00f6rlorade den en meter breda n\u00e4san f\u00f6rlorad hittills.<\/p>\n\n\n\n<p>Arkeologen Mark Lehner gjorde en studie och drog slutsatsen att n\u00e4san gick avsiktligt s\u00f6nder. Han gjorde denna studie kring perioden p\u00e5 300- och 900 -talet e.Kr.<\/p>\n\n\n\n<p>Enligt m\u00e5nga ber\u00e4ttelser anv\u00e4nde arm\u00e9n av Napoleon Bonaparte kanonkulor f\u00f6r att f\u00f6rst\u00f6ra n\u00e4san. Men illustrationerna avsl\u00f6jar en nosl\u00f6s sfinx f\u00f6re Napoleon. En annan teori s\u00e4ger att Muhammad Sa\u2019im al-Dahr stympade statyn. Det intr\u00e4ffade p\u00e5 1300 -talet f\u00f6r att protestera mot avgudadyrkan.<\/p>\n\n\n\n<h2 class=\"wp-block-heading\">Slutsats<\/h2>\n\n\n\n<p>Arkeologer beskriver detta magnifika monument som en kosmisk motor. Och det, som <a href=\"https:\/\/landioustravel.com\/sv\/egypten\/faraonerna-i-egypten\/\">faraonerna<\/a> byggde f\u00f6r att utnyttja solens och andra <a href=\"https:\/\/landioustravel.com\/sv\/egypten\/forntida-egyptiska-gudar\/\">gudars<\/a> kraft. Det \u00e4r den typ av makt som den mystiska och storslagen Sfinxen innehar. Under \u00e5ren har flera stormar vittrat p\u00e5 denna stora vakt p\u00e5 Giza nekropolis. Men monumentets storhet f\u00f6rblir or\u00f6rd. Stora Sfinxen forts\u00e4tter att vara en g\u00e5ta fr\u00e5n den <a href=\"https:\/\/landioustravel.com\/sv\/egypten\/egyptens-historia\/forntida-egyptisk-historia\/\">forntida egyptiska historien<\/a>.<\/p>\n","protected":false},"excerpt":{"rendered":"<p>Stora Sfinxen \u00e4r en av de mest betydande skulpturerna i v\u00e4rlden. Den visar upp ett lutat lejonkropp och ett m\u00e4nskligt huvud och st\u00e5r p\u00e5 n\u00e4stan 66 fot. L\u00e4ngden p\u00e5 denna magnifika staty \u00e4r cirka 240 fot. En kunglig huvudbonad pryder Sfinxens m\u00e4nskliga huvud. Denna gigantiska staty st\u00e5r i dalens tempel som tillh\u00f6r farao Kafre. Dessutom [&hellip;]<\/p>\n","protected":false},"author":1,"featured_media":0,"parent":36668,"menu_order":0,"comment_status":"open","ping_status":"closed","template":"","meta":{"_coblocks_attr":"","_coblocks_dimensions":"","_coblocks_responsive_height":"","_coblocks_accordion_ie_support":"","_uag_custom_page_level_css":"","footnotes":""},"class_list":["post-38041","page","type-page","status-publish","hentry"],"yoast_head":"<!-- This site is optimized with the Yoast SEO Premium plugin v27.5 (Yoast SEO v27.5) - https:\/\/yoast.com\/product\/yoast-seo-premium-wordpress\/ -->\n<title>Stor Sfinx - Plats och historik - Landious Travel<\/title>\n<meta name=\"description\" content=\"Stor Sfinx \u00e4r en av de mest betydande skulpturerna i v\u00e4rlden. Den visar upp ett lutat lejonkropp och ett m\u00e4nskligt huvud och st\u00e5r p\u00e5 n\u00e4stan\" \/>\n<meta name=\"robots\" content=\"index, follow, max-snippet:-1, max-image-preview:large, max-video-preview:-1\" \/>\n<link rel=\"canonical\" href=\"https:\/\/landioustravel.com\/sv\/giza-pyramidkomplex\/stor-sfinx\/\" \/>\n<meta property=\"og:locale\" content=\"sv_SE\" \/>\n<meta property=\"og:type\" content=\"article\" \/>\n<meta property=\"og:title\" content=\"Stor Sfinx\" \/>\n<meta property=\"og:description\" content=\"Stor Sfinx \u00e4r en av de mest betydande skulpturerna i v\u00e4rlden. Den visar upp ett lutat lejonkropp och ett m\u00e4nskligt huvud och st\u00e5r p\u00e5 n\u00e4stan\" \/>\n<meta property=\"og:url\" content=\"https:\/\/landioustravel.com\/sv\/giza-pyramidkomplex\/stor-sfinx\/\" \/>\n<meta property=\"og:site_name\" content=\"Landious Travel\" \/>\n<meta property=\"article:publisher\" content=\"https:\/\/web.facebook.com\/landiousEgypt\" \/>\n<meta property=\"article:modified_time\" content=\"2021-09-26T10:38:37+00:00\" \/>\n<meta name=\"twitter:card\" content=\"summary_large_image\" \/>\n<meta name=\"twitter:site\" content=\"@LandiousTours\" \/>\n<meta name=\"twitter:label1\" content=\"Ber\u00e4knad l\u00e4stid\" \/>\n\t<meta name=\"twitter:data1\" content=\"5 minuter\" \/>\n<script type=\"application\/ld+json\" class=\"yoast-schema-graph\">{\"@context\":\"https:\\\/\\\/schema.org\",\"@graph\":[{\"@type\":\"WebPage\",\"@id\":\"https:\\\/\\\/landioustravel.com\\\/sv\\\/giza-pyramidkomplex\\\/stor-sfinx\\\/\",\"url\":\"https:\\\/\\\/landioustravel.com\\\/sv\\\/giza-pyramidkomplex\\\/stor-sfinx\\\/\",\"name\":\"Stor Sfinx - Plats och historik - Landious Travel\",\"isPartOf\":{\"@id\":\"https:\\\/\\\/landioustravel.com\\\/sv\\\/#website\"},\"datePublished\":\"2021-09-25T15:27:48+00:00\",\"dateModified\":\"2021-09-26T10:38:37+00:00\",\"description\":\"Stor Sfinx \u00e4r en av de mest betydande skulpturerna i v\u00e4rlden. Den visar upp ett lutat lejonkropp och ett m\u00e4nskligt huvud och st\u00e5r p\u00e5 n\u00e4stan\",\"breadcrumb\":{\"@id\":\"https:\\\/\\\/landioustravel.com\\\/sv\\\/giza-pyramidkomplex\\\/stor-sfinx\\\/#breadcrumb\"},\"inLanguage\":\"sv-SE\",\"potentialAction\":[{\"@type\":\"ReadAction\",\"target\":[\"https:\\\/\\\/landioustravel.com\\\/sv\\\/giza-pyramidkomplex\\\/stor-sfinx\\\/\"]}]},{\"@type\":\"BreadcrumbList\",\"@id\":\"https:\\\/\\\/landioustravel.com\\\/sv\\\/giza-pyramidkomplex\\\/stor-sfinx\\\/#breadcrumb\",\"itemListElement\":[{\"@type\":\"ListItem\",\"position\":1,\"name\":\"Home\",\"item\":\"https:\\\/\\\/landioustravel.com\\\/sv\\\/\"},{\"@type\":\"ListItem\",\"position\":2,\"name\":\"Giza Pyramidkomplex\",\"item\":\"https:\\\/\\\/landioustravel.com\\\/sv\\\/giza-pyramidkomplex\\\/\"},{\"@type\":\"ListItem\",\"position\":3,\"name\":\"Stor Sfinx\"}]},{\"@type\":\"WebSite\",\"@id\":\"https:\\\/\\\/landioustravel.com\\\/sv\\\/#website\",\"url\":\"https:\\\/\\\/landioustravel.com\\\/sv\\\/\",\"name\":\"Landious Travel\",\"description\":\"Excursions, trips and cruises in Egypt\",\"publisher\":{\"@id\":\"https:\\\/\\\/landioustravel.com\\\/sv\\\/#organization\"},\"potentialAction\":[{\"@type\":\"SearchAction\",\"target\":{\"@type\":\"EntryPoint\",\"urlTemplate\":\"https:\\\/\\\/landioustravel.com\\\/sv\\\/?s={search_term_string}\"},\"query-input\":{\"@type\":\"PropertyValueSpecification\",\"valueRequired\":true,\"valueName\":\"search_term_string\"}}],\"inLanguage\":\"sv-SE\"},{\"@type\":[\"Organization\",\"Place\"],\"@id\":\"https:\\\/\\\/landioustravel.com\\\/sv\\\/#organization\",\"name\":\"Landious Travel\",\"alternateName\":\"Landious Travel\",\"url\":\"https:\\\/\\\/landioustravel.com\\\/sv\\\/\",\"logo\":{\"@id\":\"https:\\\/\\\/landioustravel.com\\\/sv\\\/giza-pyramidkomplex\\\/stor-sfinx\\\/#local-main-organization-logo\"},\"image\":{\"@id\":\"https:\\\/\\\/landioustravel.com\\\/sv\\\/giza-pyramidkomplex\\\/stor-sfinx\\\/#local-main-organization-logo\"},\"sameAs\":[\"https:\\\/\\\/web.facebook.com\\\/landiousEgypt\",\"https:\\\/\\\/x.com\\\/LandiousTours\",\"https:\\\/\\\/mastodon.social\\\/@landious\"],\"legalName\":\"Landious Travel\",\"telephone\":[],\"openingHoursSpecification\":[{\"@type\":\"OpeningHoursSpecification\",\"dayOfWeek\":[\"Monday\",\"Tuesday\",\"Wednesday\",\"Thursday\",\"Friday\",\"Saturday\",\"Sunday\"],\"opens\":\"09:00\",\"closes\":\"17:00\"}]},{\"@type\":\"ImageObject\",\"inLanguage\":\"sv-SE\",\"@id\":\"https:\\\/\\\/landioustravel.com\\\/sv\\\/giza-pyramidkomplex\\\/stor-sfinx\\\/#local-main-organization-logo\",\"url\":\"https:\\\/\\\/i0.wp.com\\\/landioustravel.com\\\/wp-content\\\/uploads\\\/2021\\\/06\\\/Landious-T.png?fit=500%2C500&ssl=1\",\"contentUrl\":\"https:\\\/\\\/i0.wp.com\\\/landioustravel.com\\\/wp-content\\\/uploads\\\/2021\\\/06\\\/Landious-T.png?fit=500%2C500&ssl=1\",\"width\":500,\"height\":500,\"caption\":\"Landious Travel\"}]}<\/script>\n<!-- \/ Yoast SEO Premium plugin. -->","yoast_head_json":{"title":"Stor Sfinx - Plats och historik - Landious Travel","description":"Stor Sfinx \u00e4r en av de mest betydande skulpturerna i v\u00e4rlden. Den visar upp ett lutat lejonkropp och ett m\u00e4nskligt huvud och st\u00e5r p\u00e5 n\u00e4stan","robots":{"index":"index","follow":"follow","max-snippet":"max-snippet:-1","max-image-preview":"max-image-preview:large","max-video-preview":"max-video-preview:-1"},"canonical":"https:\/\/landioustravel.com\/sv\/giza-pyramidkomplex\/stor-sfinx\/","og_locale":"sv_SE","og_type":"article","og_title":"Stor Sfinx","og_description":"Stor Sfinx \u00e4r en av de mest betydande skulpturerna i v\u00e4rlden. Den visar upp ett lutat lejonkropp och ett m\u00e4nskligt huvud och st\u00e5r p\u00e5 n\u00e4stan","og_url":"https:\/\/landioustravel.com\/sv\/giza-pyramidkomplex\/stor-sfinx\/","og_site_name":"Landious Travel","article_publisher":"https:\/\/web.facebook.com\/landiousEgypt","article_modified_time":"2021-09-26T10:38:37+00:00","twitter_card":"summary_large_image","twitter_site":"@LandiousTours","twitter_misc":{"Ber\u00e4knad l\u00e4stid":"5 minuter"},"schema":{"@context":"https:\/\/schema.org","@graph":[{"@type":"WebPage","@id":"https:\/\/landioustravel.com\/sv\/giza-pyramidkomplex\/stor-sfinx\/","url":"https:\/\/landioustravel.com\/sv\/giza-pyramidkomplex\/stor-sfinx\/","name":"Stor Sfinx - Plats och historik - Landious Travel","isPartOf":{"@id":"https:\/\/landioustravel.com\/sv\/#website"},"datePublished":"2021-09-25T15:27:48+00:00","dateModified":"2021-09-26T10:38:37+00:00","description":"Stor Sfinx \u00e4r en av de mest betydande skulpturerna i v\u00e4rlden. Den visar upp ett lutat lejonkropp och ett m\u00e4nskligt huvud och st\u00e5r p\u00e5 n\u00e4stan","breadcrumb":{"@id":"https:\/\/landioustravel.com\/sv\/giza-pyramidkomplex\/stor-sfinx\/#breadcrumb"},"inLanguage":"sv-SE","potentialAction":[{"@type":"ReadAction","target":["https:\/\/landioustravel.com\/sv\/giza-pyramidkomplex\/stor-sfinx\/"]}]},{"@type":"BreadcrumbList","@id":"https:\/\/landioustravel.com\/sv\/giza-pyramidkomplex\/stor-sfinx\/#breadcrumb","itemListElement":[{"@type":"ListItem","position":1,"name":"Home","item":"https:\/\/landioustravel.com\/sv\/"},{"@type":"ListItem","position":2,"name":"Giza Pyramidkomplex","item":"https:\/\/landioustravel.com\/sv\/giza-pyramidkomplex\/"},{"@type":"ListItem","position":3,"name":"Stor Sfinx"}]},{"@type":"WebSite","@id":"https:\/\/landioustravel.com\/sv\/#website","url":"https:\/\/landioustravel.com\/sv\/","name":"Landious Travel","description":"Excursions, trips and cruises in Egypt","publisher":{"@id":"https:\/\/landioustravel.com\/sv\/#organization"},"potentialAction":[{"@type":"SearchAction","target":{"@type":"EntryPoint","urlTemplate":"https:\/\/landioustravel.com\/sv\/?s={search_term_string}"},"query-input":{"@type":"PropertyValueSpecification","valueRequired":true,"valueName":"search_term_string"}}],"inLanguage":"sv-SE"},{"@type":["Organization","Place"],"@id":"https:\/\/landioustravel.com\/sv\/#organization","name":"Landious Travel","alternateName":"Landious Travel","url":"https:\/\/landioustravel.com\/sv\/","logo":{"@id":"https:\/\/landioustravel.com\/sv\/giza-pyramidkomplex\/stor-sfinx\/#local-main-organization-logo"},"image":{"@id":"https:\/\/landioustravel.com\/sv\/giza-pyramidkomplex\/stor-sfinx\/#local-main-organization-logo"},"sameAs":["https:\/\/web.facebook.com\/landiousEgypt","https:\/\/x.com\/LandiousTours","https:\/\/mastodon.social\/@landious"],"legalName":"Landious Travel","telephone":[],"openingHoursSpecification":[{"@type":"OpeningHoursSpecification","dayOfWeek":["Monday","Tuesday","Wednesday","Thursday","Friday","Saturday","Sunday"],"opens":"09:00","closes":"17:00"}]},{"@type":"ImageObject","inLanguage":"sv-SE","@id":"https:\/\/landioustravel.com\/sv\/giza-pyramidkomplex\/stor-sfinx\/#local-main-organization-logo","url":"https:\/\/i0.wp.com\/landioustravel.com\/wp-content\/uploads\/2021\/06\/Landious-T.png?fit=500%2C500&ssl=1","contentUrl":"https:\/\/i0.wp.com\/landioustravel.com\/wp-content\/uploads\/2021\/06\/Landious-T.png?fit=500%2C500&ssl=1","width":500,"height":500,"caption":"Landious Travel"}]}},"uagb_featured_image_src":{"full":false,"thumbnail":false,"medium":false,"medium_large":false,"large":false,"1536x1536":false,"2048x2048":false,"newspack-article-block-landscape-large":false,"newspack-article-block-portrait-large":false,"newspack-article-block-square-large":false,"newspack-article-block-landscape-medium":false,"newspack-article-block-portrait-medium":false,"newspack-article-block-square-medium":false,"newspack-article-block-landscape-intermediate":false,"newspack-article-block-portrait-intermediate":false,"newspack-article-block-square-intermediate":false,"newspack-article-block-landscape-small":false,"newspack-article-block-portrait-small":false,"newspack-article-block-square-small":false,"newspack-article-block-landscape-tiny":false,"newspack-article-block-portrait-tiny":false,"newspack-article-block-square-tiny":false,"newspack-article-block-uncropped":false,"woocommerce_thumbnail":false,"woocommerce_single":false,"woocommerce_gallery_thumbnail":false},"uagb_author_info":{"display_name":"Mofreh Landious","author_link":"https:\/\/landioustravel.com\/sv\/author\/landious\/"},"uagb_comment_info":0,"uagb_excerpt":"Stora Sfinxen \u00e4r en av de mest betydande skulpturerna i v\u00e4rlden. Den visar upp ett lutat lejonkropp och ett m\u00e4nskligt huvud och st\u00e5r p\u00e5 n\u00e4stan 66 fot. L\u00e4ngden p\u00e5 denna magnifika staty \u00e4r cirka 240 fot. En kunglig huvudbonad pryder Sfinxens m\u00e4nskliga huvud. Denna gigantiska staty st\u00e5r i dalens tempel som tillh\u00f6r farao Kafre. Dessutom&hellip;","jetpack_sharing_enabled":true,"jetpack_shortlink":"https:\/\/wp.me\/Par4r5-9Tz","jetpack_likes_enabled":true,"amp_enabled":true,"_links":{"self":[{"href":"https:\/\/landioustravel.com\/sv\/wp-json\/wp\/v2\/pages\/38041","targetHints":{"allow":["GET"]}}],"collection":[{"href":"https:\/\/landioustravel.com\/sv\/wp-json\/wp\/v2\/pages"}],"about":[{"href":"https:\/\/landioustravel.com\/sv\/wp-json\/wp\/v2\/types\/page"}],"author":[{"embeddable":true,"href":"https:\/\/landioustravel.com\/sv\/wp-json\/wp\/v2\/users\/1"}],"replies":[{"embeddable":true,"href":"https:\/\/landioustravel.com\/sv\/wp-json\/wp\/v2\/comments?post=38041"}],"version-history":[{"count":0,"href":"https:\/\/landioustravel.com\/sv\/wp-json\/wp\/v2\/pages\/38041\/revisions"}],"up":[{"embeddable":true,"href":"https:\/\/landioustravel.com\/sv\/wp-json\/wp\/v2\/pages\/36668"}],"wp:attachment":[{"href":"https:\/\/landioustravel.com\/sv\/wp-json\/wp\/v2\/media?parent=38041"}],"curies":[{"name":"wp","href":"https:\/\/api.w.org\/{rel}","templated":true}]}}