{"id":25467,"date":"2020-10-18T10:11:09","date_gmt":"2020-10-26T01:40:46","guid":{"rendered":"https:\/\/landioustravel.com\/?post_type=product&#038;p=25467"},"modified":"2025-10-01T20:16:17","modified_gmt":"2025-10-01T17:16:17","slug":"simtur-delfiner-hurghada","status":"publish","type":"product","link":"https:\/\/landioustravel.com\/sv\/shop\/simtur-delfiner-hurghada\/","title":{"rendered":"Simtur med delfiner i Hurghada"},"content":{"rendered":"<p>En favoritutflykt f\u00f6r att simma med de v\u00e4nliga delfinerna i Hurghada, Egypten! Vi rekommenderar resan eftersom det g\u00f6r att turister kan ha det bra att simma med delfiner. Denna delfinsimningsupplevelse \u00e4r ett utm\u00e4rkt s\u00e4tt att n\u00e4ra m\u00f6ta dessa vackra och underbara varelser. Du kan r\u00f6ra, kyssa, krama, simma, sjunga och leka med delfinerna. Vilken fantastisk upplevelse att kunna g\u00f6ra dessa glada aktiviteter! Det \u00e4r ett s\u00e4tt att dela med familjen n\u00e5gra glada minnen som interagerar med dessa smarta havsd\u00e4ggdjur. Naturligtvis kan du f\u00f6lja med hela familjen f\u00f6r att g\u00f6ra denna aktivitet och g\u00f6ra dr\u00f6mmarna verklighet. Det \u00e4r verkligen en av de b\u00e4sta underh\u00e5llningsresorna du kan g\u00f6ra i Hurghada!<\/p>\n<h2>Huvudpunkterna i reseprogrammet f\u00f6r simning med delfiner<\/h2>\n<ul>\n<li>Simning med delfinerna i poolen<\/li>\n<li>Bilder och DVD-briefing<\/li>\n<\/ul>\n<h3>Program f\u00f6r simtur med delfiner i Hurghada<\/h3>\n<ul>\n<li>Landious Travel-representant h\u00e4mtar dig fr\u00e5n ditt hotell i Hurghada, klockan 09:00<\/li>\n<li>Efter att ha h\u00e4mtat alla bes\u00f6kare g\u00e5r bussen till delfinariet i Hurghada. V\u00e4gen till delfinariet tar cirka 30 minuter<\/li>\n<li>I delfinariet har du m\u00f6jlighet att byta kl\u00e4der och ta p\u00e5 dig baddr\u00e4kten och flytv\u00e4star, om det beh\u00f6vs<\/li>\n<li>En av de mest fascinerande kommer att vara n\u00e4r du interagerar med en av de mest v\u00e4nliga och intelligenta arterna i v\u00e4rlden, delfiner! N\u00e4sta huvudstopp kommer att simma med de v\u00e4nliga delfinerna. Det passar alla \u00e5ldrar att ha kul med dessa s\u00f6ta varelser i en stor pool. Du kommer att ha en delfin f\u00f6r tv\u00e5 personer och en professionell tr\u00e4nare som hj\u00e4lper dig att njuta av denna sp\u00e4nnande upplevelse. Njut av din simupplevelse med delfiner genom att r\u00f6ra, smeka, krama och kyssa dessa bed\u00e5rande varelser i poolen. Kom ih\u00e5g att le f\u00f6r kameran! V\u00e5rda dessa of\u00f6rgl\u00f6mliga minnen med digitala bilder av din simtur med delfinupplevelse<\/li>\n<li>N\u00e4r du har avslutat din interaktion b\u00f6rjar en bild- och DVD-briefing. I slutet av badet med delfinerna kommer din tr\u00e4nare att erbjuda dig att ta n\u00e5gra bilder f\u00f6r att memorera dessa h\u00e4rliga stunder. D\u00e4refter erbjuds dessa bilder mot en extra kostnad. Priset p\u00e5 det varierar beroende p\u00e5 dess storlek. Det kommer att vara n\u00e5got valfritt att ha det. DVD-briefingen p\u00e5g\u00e5r i 30 minuter<\/li>\n<li>Efter en s\u00e5dan underbar delfinresa g\u00e5r din buss tillbaka till dina hotell. \u00c5terigen, vi eskorterar dig till dina hotell<\/li>\n<li>Denna &#8221;Simtur med delfiner i Hurghada&#8221; slutar cirka kl. 16.30<\/li>\n<\/ul>\n<h4>Vad ing\u00e5r i resepriset<\/h4>\n<ul>\n<li>Professionell tr\u00e4nare<\/li>\n<li>Flytv\u00e4st<\/li>\n<li>\u00d6verf\u00f6r ocks\u00e5 till delfinariet och tillbaka till hotellet<\/li>\n<\/ul>\n<h5>Vad ing\u00e5r inte i priset f\u00f6r turn\u00e9n<\/h5>\n<ul>\n<li>Video DVD<\/li>\n<li>\u00c4ven foto-CD<\/li>\n<\/ul>\n<h6>Vad du ska ta med dig f\u00f6r resan<\/h6>\n<ul>\n<li>Handduk<\/li>\n<li>\u00c4ven solskyddsmedel<\/li>\n<li>Extra kontanter<\/li>\n<\/ul>\n<h6>Dagar med utflyktsorganisation<\/h6>\n<ul>\n<li>Dagligen fr\u00e5n 09: 00-12: 00<\/li>\n<\/ul>\n","protected":false},"excerpt":{"rendered":"<p>Upplev gl\u00e4djen att simma med delfiner p\u00e5 n\u00e4ra h\u00e5ll i Hurghada med v\u00e5r fantastiska resa. V\u00e5ra experttr\u00e4nare kommer att \u00f6vervaka din 5-minuters simning, vilket ger dig en chans att leka, r\u00f6ra och till och med f\u00e5 en kyss fr\u00e5n en delfin. Du kommer att ha m\u00f6jlighet att interagera med dessa underbara varelser i en v\u00e4nlig och s\u00e4ker milj\u00f6.<\/p>\n<p>Detta \u00e4ventyr \u00e4r l\u00e4mpligt f\u00f6r m\u00e4nniskor i alla \u00e5ldrar, inklusive barn och icke-simmare. Du kommer att informeras innan upplevelsen och guidas under hela sessionen, vilket s\u00e4kerst\u00e4ller att du f\u00e5r en of\u00f6rgl\u00f6mlig tid med v\u00e5ra v\u00e4nliga delfiner.<\/p>\n<p>F\u00e5nga minnen med professionella fotografier, tillg\u00e4ngliga f\u00f6r k\u00f6p efter resan. Mot en extra avgift kan du f\u00f6rl\u00e4nga din simtur med 5 till 10 minuter eller f\u00e5 en DVD med upplevelsen.<\/p>\n<p>V\u00e5r resa inkluderar h\u00e4mtning och avl\u00e4mning p\u00e5 ditt hotell i Hurghada, s\u00e5v\u00e4l som alla \u00f6verf\u00f6ringar med ett luftkonditionerat fordon och entr\u00e9avgifter. Missa inte denna en g\u00e5ng i livet chans att simma med delfiner och skapa of\u00f6rgl\u00f6mliga minnen.<\/p>\n","protected":false},"featured_media":25800,"comment_status":"open","ping_status":"closed","template":"","meta":{"_coblocks_attr":"","_coblocks_dimensions":"","_coblocks_responsive_height":"","_coblocks_accordion_ie_support":"","_uag_custom_page_level_css":"","jetpack_publicize_message":"","jetpack_publicize_feature_enabled":true,"jetpack_social_post_already_shared":true,"jetpack_social_options":{"image_generator_settings":{"template":"highway","default_image_id":0,"font":"","enabled":false},"version":2},"_wpas_customize_per_network":false},"product_brand":[],"product_cat":[18869,18873],"product_tag":[18995,19008,18998,19001],"class_list":{"0":"post-25467","1":"product","2":"type-product","3":"status-publish","4":"has-post-thumbnail","6":"product_cat-hurghada-utflykter","7":"product_cat-underhallningsutflykter-hurghada","8":"product_tag-dolphinarium-sv","9":"product_tag-hurghada-sv","10":"product_tag-utflykt","11":"product_tag-utflykter-hurghada","12":"pa_age-barn","13":"pa_age-vuxen","15":"first","16":"instock","17":"sale","18":"taxable","19":"shipping-taxable","20":"purchasable","21":"product-type-variable"},"yoast_head":"<!-- This site is optimized with the Yoast SEO Premium plugin v26.9 (Yoast SEO v27.5) - https:\/\/yoast.com\/product\/yoast-seo-premium-wordpress\/ -->\n<title>Simtur med delfiner i Hurghada<\/title>\n<meta name=\"description\" content=\"Simtur med delfiner i Hurghada kan du simma med delfiner mycket n\u00e4ra i en pool. Resan ger m\u00f6jlighet att r\u00f6ra, kyssa och leka med dessa underbara varelser\" \/>\n<meta name=\"robots\" content=\"index, follow, max-snippet:-1, max-image-preview:large, max-video-preview:-1\" \/>\n<link rel=\"canonical\" href=\"https:\/\/landioustravel.com\/sv\/shop\/simtur-delfiner-hurghada\/\" \/>\n<meta property=\"og:locale\" content=\"sv_SE\" \/>\n<meta property=\"og:type\" content=\"article\" \/>\n<meta property=\"og:title\" content=\"Simtur med delfiner i Hurghada\" \/>\n<meta property=\"og:description\" content=\"Landious Travel\" \/>\n<meta property=\"og:url\" content=\"https:\/\/landioustravel.com\/sv\/shop\/simtur-delfiner-hurghada\/\" \/>\n<meta property=\"og:site_name\" content=\"Landious Travel\" \/>\n<meta property=\"article:publisher\" content=\"https:\/\/web.facebook.com\/landiousEgypt\" \/>\n<meta property=\"article:modified_time\" content=\"2025-10-01T17:16:17+00:00\" \/>\n<meta property=\"og:image\" content=\"https:\/\/i0.wp.com\/landioustravel.com\/wp-content\/uploads\/2020\/11\/swimming_with_the_dolphins_hurghada-e1617556125615.jpg?fit=1200%2C675&ssl=1\" \/>\n\t<meta property=\"og:image:width\" content=\"1200\" \/>\n\t<meta property=\"og:image:height\" content=\"675\" \/>\n\t<meta property=\"og:image:type\" content=\"image\/jpeg\" \/>\n<meta name=\"twitter:card\" content=\"summary_large_image\" \/>\n<meta name=\"twitter:site\" content=\"@LandiousTours\" \/>\n<meta name=\"twitter:label1\" content=\"Ber\u00e4knad l\u00e4stid\" \/>\n\t<meta name=\"twitter:data1\" content=\"2 minuter\" \/>\n<script type=\"application\/ld+json\" class=\"yoast-schema-graph\">{\"@context\":\"https:\\\/\\\/schema.org\",\"@graph\":[{\"@type\":\"WebPage\",\"@id\":\"https:\\\/\\\/landioustravel.com\\\/sv\\\/shop\\\/simtur-delfiner-hurghada\\\/\",\"url\":\"https:\\\/\\\/landioustravel.com\\\/sv\\\/shop\\\/simtur-delfiner-hurghada\\\/\",\"name\":\"Simtur med delfiner i Hurghada\",\"isPartOf\":{\"@id\":\"https:\\\/\\\/landioustravel.com\\\/sv\\\/#website\"},\"primaryImageOfPage\":{\"@id\":\"https:\\\/\\\/landioustravel.com\\\/sv\\\/shop\\\/simtur-delfiner-hurghada\\\/#primaryimage\"},\"image\":{\"@id\":\"https:\\\/\\\/landioustravel.com\\\/sv\\\/shop\\\/simtur-delfiner-hurghada\\\/#primaryimage\"},\"thumbnailUrl\":\"https:\\\/\\\/i0.wp.com\\\/landioustravel.com\\\/wp-content\\\/uploads\\\/2020\\\/11\\\/swimming_with_the_dolphins_hurghada-e1617556125615.jpg?fit=1200%2C675&ssl=1\",\"datePublished\":\"2020-10-26T01:40:46+00:00\",\"dateModified\":\"2025-10-01T17:16:17+00:00\",\"description\":\"Simtur med delfiner i Hurghada kan du simma med delfiner mycket n\u00e4ra i en pool. Resan ger m\u00f6jlighet att r\u00f6ra, kyssa och leka med dessa underbara varelser\",\"breadcrumb\":{\"@id\":\"https:\\\/\\\/landioustravel.com\\\/sv\\\/shop\\\/simtur-delfiner-hurghada\\\/#breadcrumb\"},\"inLanguage\":\"sv-SE\",\"potentialAction\":[{\"@type\":\"ReadAction\",\"target\":[\"https:\\\/\\\/landioustravel.com\\\/sv\\\/shop\\\/simtur-delfiner-hurghada\\\/\"]}]},{\"@type\":\"ImageObject\",\"inLanguage\":\"sv-SE\",\"@id\":\"https:\\\/\\\/landioustravel.com\\\/sv\\\/shop\\\/simtur-delfiner-hurghada\\\/#primaryimage\",\"url\":\"https:\\\/\\\/i0.wp.com\\\/landioustravel.com\\\/wp-content\\\/uploads\\\/2020\\\/11\\\/swimming_with_the_dolphins_hurghada-e1617556125615.jpg?fit=1200%2C675&ssl=1\",\"contentUrl\":\"https:\\\/\\\/i0.wp.com\\\/landioustravel.com\\\/wp-content\\\/uploads\\\/2020\\\/11\\\/swimming_with_the_dolphins_hurghada-e1617556125615.jpg?fit=1200%2C675&ssl=1\",\"width\":1200,\"height\":675,\"caption\":\"Schwimmen mit Delfinen Reise Hurghada\"},{\"@type\":\"BreadcrumbList\",\"@id\":\"https:\\\/\\\/landioustravel.com\\\/sv\\\/shop\\\/simtur-delfiner-hurghada\\\/#breadcrumb\",\"itemListElement\":[{\"@type\":\"ListItem\",\"position\":1,\"name\":\"Home\",\"item\":\"https:\\\/\\\/landioustravel.com\\\/sv\\\/\"},{\"@type\":\"ListItem\",\"position\":2,\"name\":\"Tj\u00e4nster &#038; turer\",\"item\":\"https:\\\/\\\/landioustravel.com\\\/sv\\\/\"},{\"@type\":\"ListItem\",\"position\":3,\"name\":\"Simtur med delfiner i Hurghada\"}]},{\"@type\":\"WebSite\",\"@id\":\"https:\\\/\\\/landioustravel.com\\\/sv\\\/#website\",\"url\":\"https:\\\/\\\/landioustravel.com\\\/sv\\\/\",\"name\":\"Landious Travel\",\"description\":\"Excursions, trips and cruises in Egypt\",\"publisher\":{\"@id\":\"https:\\\/\\\/landioustravel.com\\\/sv\\\/#organization\"},\"potentialAction\":[{\"@type\":\"SearchAction\",\"target\":{\"@type\":\"EntryPoint\",\"urlTemplate\":\"https:\\\/\\\/landioustravel.com\\\/sv\\\/?s={search_term_string}\"},\"query-input\":{\"@type\":\"PropertyValueSpecification\",\"valueRequired\":true,\"valueName\":\"search_term_string\"}}],\"inLanguage\":\"sv-SE\"},{\"@type\":[\"Organization\",\"Place\"],\"@id\":\"https:\\\/\\\/landioustravel.com\\\/sv\\\/#organization\",\"name\":\"Landious Travel\",\"alternateName\":\"Landious Travel\",\"url\":\"https:\\\/\\\/landioustravel.com\\\/sv\\\/\",\"logo\":{\"@id\":\"https:\\\/\\\/landioustravel.com\\\/sv\\\/shop\\\/simtur-delfiner-hurghada\\\/#local-main-organization-logo\"},\"image\":{\"@id\":\"https:\\\/\\\/landioustravel.com\\\/sv\\\/shop\\\/simtur-delfiner-hurghada\\\/#local-main-organization-logo\"},\"sameAs\":[\"https:\\\/\\\/web.facebook.com\\\/landiousEgypt\",\"https:\\\/\\\/x.com\\\/LandiousTours\",\"https:\\\/\\\/mastodon.social\\\/@landious\"],\"legalName\":\"Landious Travel\",\"telephone\":[],\"openingHoursSpecification\":[{\"@type\":\"OpeningHoursSpecification\",\"dayOfWeek\":[\"Monday\",\"Tuesday\",\"Wednesday\",\"Thursday\",\"Friday\",\"Saturday\",\"Sunday\"],\"opens\":\"09:00\",\"closes\":\"17:00\"}]},{\"@type\":\"ImageObject\",\"inLanguage\":\"sv-SE\",\"@id\":\"https:\\\/\\\/landioustravel.com\\\/sv\\\/shop\\\/simtur-delfiner-hurghada\\\/#local-main-organization-logo\",\"url\":\"https:\\\/\\\/i0.wp.com\\\/landioustravel.com\\\/wp-content\\\/uploads\\\/2021\\\/06\\\/Landious-T.png?fit=500%2C500&ssl=1\",\"contentUrl\":\"https:\\\/\\\/i0.wp.com\\\/landioustravel.com\\\/wp-content\\\/uploads\\\/2021\\\/06\\\/Landious-T.png?fit=500%2C500&ssl=1\",\"width\":500,\"height\":500,\"caption\":\"Landious Travel\"}]}<\/script>\n<!-- \/ Yoast SEO Premium plugin. -->","yoast_head_json":{"title":"Simtur med delfiner i Hurghada","description":"Simtur med delfiner i Hurghada kan du simma med delfiner mycket n\u00e4ra i en pool. Resan ger m\u00f6jlighet att r\u00f6ra, kyssa och leka med dessa underbara varelser","robots":{"index":"index","follow":"follow","max-snippet":"max-snippet:-1","max-image-preview":"max-image-preview:large","max-video-preview":"max-video-preview:-1"},"canonical":"https:\/\/landioustravel.com\/sv\/shop\/simtur-delfiner-hurghada\/","og_locale":"sv_SE","og_type":"article","og_title":"Simtur med delfiner i Hurghada","og_description":"Landious Travel","og_url":"https:\/\/landioustravel.com\/sv\/shop\/simtur-delfiner-hurghada\/","og_site_name":"Landious Travel","article_publisher":"https:\/\/web.facebook.com\/landiousEgypt","article_modified_time":"2025-10-01T17:16:17+00:00","og_image":[{"width":1200,"height":675,"url":"https:\/\/i0.wp.com\/landioustravel.com\/wp-content\/uploads\/2020\/11\/swimming_with_the_dolphins_hurghada-e1617556125615.jpg?fit=1200%2C675&ssl=1","type":"image\/jpeg"}],"twitter_card":"summary_large_image","twitter_site":"@LandiousTours","twitter_misc":{"Ber\u00e4knad l\u00e4stid":"2 minuter"},"schema":{"@context":"https:\/\/schema.org","@graph":[{"@type":"WebPage","@id":"https:\/\/landioustravel.com\/sv\/shop\/simtur-delfiner-hurghada\/","url":"https:\/\/landioustravel.com\/sv\/shop\/simtur-delfiner-hurghada\/","name":"Simtur med delfiner i Hurghada","isPartOf":{"@id":"https:\/\/landioustravel.com\/sv\/#website"},"primaryImageOfPage":{"@id":"https:\/\/landioustravel.com\/sv\/shop\/simtur-delfiner-hurghada\/#primaryimage"},"image":{"@id":"https:\/\/landioustravel.com\/sv\/shop\/simtur-delfiner-hurghada\/#primaryimage"},"thumbnailUrl":"https:\/\/i0.wp.com\/landioustravel.com\/wp-content\/uploads\/2020\/11\/swimming_with_the_dolphins_hurghada-e1617556125615.jpg?fit=1200%2C675&ssl=1","datePublished":"2020-10-26T01:40:46+00:00","dateModified":"2025-10-01T17:16:17+00:00","description":"Simtur med delfiner i Hurghada kan du simma med delfiner mycket n\u00e4ra i en pool. Resan ger m\u00f6jlighet att r\u00f6ra, kyssa och leka med dessa underbara varelser","breadcrumb":{"@id":"https:\/\/landioustravel.com\/sv\/shop\/simtur-delfiner-hurghada\/#breadcrumb"},"inLanguage":"sv-SE","potentialAction":[{"@type":"ReadAction","target":["https:\/\/landioustravel.com\/sv\/shop\/simtur-delfiner-hurghada\/"]}]},{"@type":"ImageObject","inLanguage":"sv-SE","@id":"https:\/\/landioustravel.com\/sv\/shop\/simtur-delfiner-hurghada\/#primaryimage","url":"https:\/\/i0.wp.com\/landioustravel.com\/wp-content\/uploads\/2020\/11\/swimming_with_the_dolphins_hurghada-e1617556125615.jpg?fit=1200%2C675&ssl=1","contentUrl":"https:\/\/i0.wp.com\/landioustravel.com\/wp-content\/uploads\/2020\/11\/swimming_with_the_dolphins_hurghada-e1617556125615.jpg?fit=1200%2C675&ssl=1","width":1200,"height":675,"caption":"Schwimmen mit Delfinen Reise Hurghada"},{"@type":"BreadcrumbList","@id":"https:\/\/landioustravel.com\/sv\/shop\/simtur-delfiner-hurghada\/#breadcrumb","itemListElement":[{"@type":"ListItem","position":1,"name":"Home","item":"https:\/\/landioustravel.com\/sv\/"},{"@type":"ListItem","position":2,"name":"Tj\u00e4nster &#038; turer","item":"https:\/\/landioustravel.com\/sv\/"},{"@type":"ListItem","position":3,"name":"Simtur med delfiner i Hurghada"}]},{"@type":"WebSite","@id":"https:\/\/landioustravel.com\/sv\/#website","url":"https:\/\/landioustravel.com\/sv\/","name":"Landious Travel","description":"Excursions, trips and cruises in Egypt","publisher":{"@id":"https:\/\/landioustravel.com\/sv\/#organization"},"potentialAction":[{"@type":"SearchAction","target":{"@type":"EntryPoint","urlTemplate":"https:\/\/landioustravel.com\/sv\/?s={search_term_string}"},"query-input":{"@type":"PropertyValueSpecification","valueRequired":true,"valueName":"search_term_string"}}],"inLanguage":"sv-SE"},{"@type":["Organization","Place"],"@id":"https:\/\/landioustravel.com\/sv\/#organization","name":"Landious Travel","alternateName":"Landious Travel","url":"https:\/\/landioustravel.com\/sv\/","logo":{"@id":"https:\/\/landioustravel.com\/sv\/shop\/simtur-delfiner-hurghada\/#local-main-organization-logo"},"image":{"@id":"https:\/\/landioustravel.com\/sv\/shop\/simtur-delfiner-hurghada\/#local-main-organization-logo"},"sameAs":["https:\/\/web.facebook.com\/landiousEgypt","https:\/\/x.com\/LandiousTours","https:\/\/mastodon.social\/@landious"],"legalName":"Landious Travel","telephone":[],"openingHoursSpecification":[{"@type":"OpeningHoursSpecification","dayOfWeek":["Monday","Tuesday","Wednesday","Thursday","Friday","Saturday","Sunday"],"opens":"09:00","closes":"17:00"}]},{"@type":"ImageObject","inLanguage":"sv-SE","@id":"https:\/\/landioustravel.com\/sv\/shop\/simtur-delfiner-hurghada\/#local-main-organization-logo","url":"https:\/\/i0.wp.com\/landioustravel.com\/wp-content\/uploads\/2021\/06\/Landious-T.png?fit=500%2C500&ssl=1","contentUrl":"https:\/\/i0.wp.com\/landioustravel.com\/wp-content\/uploads\/2021\/06\/Landious-T.png?fit=500%2C500&ssl=1","width":500,"height":500,"caption":"Landious Travel"}]}},"jetpack_publicize_connections":[],"uagb_featured_image_src":{"full":["https:\/\/i0.wp.com\/landioustravel.com\/wp-content\/uploads\/2020\/11\/swimming_with_the_dolphins_hurghada-e1617556125615.jpg?fit=1200%2C675&ssl=1",1200,675,false],"thumbnail":["https:\/\/i0.wp.com\/landioustravel.com\/wp-content\/uploads\/2020\/11\/swimming_with_the_dolphins_hurghada-e1617556125615.jpg?resize=150%2C150&ssl=1",150,150,true],"medium":["https:\/\/i0.wp.com\/landioustravel.com\/wp-content\/uploads\/2020\/11\/swimming_with_the_dolphins_hurghada-e1617556125615.jpg?fit=300%2C199&ssl=1",300,199,true],"medium_large":["https:\/\/i0.wp.com\/landioustravel.com\/wp-content\/uploads\/2020\/11\/swimming_with_the_dolphins_hurghada-e1617556125615.jpg?fit=768%2C510&ssl=1",768,510,true],"large":["https:\/\/i0.wp.com\/landioustravel.com\/wp-content\/uploads\/2020\/11\/swimming_with_the_dolphins_hurghada-e1617556125615.jpg?fit=980%2C651&ssl=1",980,651,true],"1536x1536":["https:\/\/i0.wp.com\/landioustravel.com\/wp-content\/uploads\/2020\/11\/swimming_with_the_dolphins_hurghada-e1617556125615.jpg?fit=1536%2C1020&ssl=1",1536,1020,true],"2048x2048":["https:\/\/i0.wp.com\/landioustravel.com\/wp-content\/uploads\/2020\/11\/swimming_with_the_dolphins_hurghada-e1617556125615.jpg?fit=2048%2C1360&ssl=1",2048,1360,true],"newspack-article-block-landscape-large":["https:\/\/i0.wp.com\/landioustravel.com\/wp-content\/uploads\/2020\/11\/swimming_with_the_dolphins_hurghada-e1617556125615.jpg?resize=1200%2C675&ssl=1",1200,900,true],"newspack-article-block-portrait-large":["https:\/\/i0.wp.com\/landioustravel.com\/wp-content\/uploads\/2020\/11\/swimming_with_the_dolphins_hurghada-e1617556125615.jpg?resize=900%2C675&ssl=1",900,797,true],"newspack-article-block-square-large":["https:\/\/i0.wp.com\/landioustravel.com\/wp-content\/uploads\/2020\/11\/swimming_with_the_dolphins_hurghada-e1617556125615.jpg?resize=1200%2C675&ssl=1",1200,1200,true],"newspack-article-block-landscape-medium":["https:\/\/i0.wp.com\/landioustravel.com\/wp-content\/uploads\/2020\/11\/swimming_with_the_dolphins_hurghada-e1617556125615.jpg?resize=800%2C600&ssl=1",800,600,true],"newspack-article-block-portrait-medium":["https:\/\/i0.wp.com\/landioustravel.com\/wp-content\/uploads\/2020\/11\/swimming_with_the_dolphins_hurghada-e1617556125615.jpg?resize=600%2C675&ssl=1",600,797,true],"newspack-article-block-square-medium":["https:\/\/i0.wp.com\/landioustravel.com\/wp-content\/uploads\/2020\/11\/swimming_with_the_dolphins_hurghada-e1617556125615.jpg?resize=800%2C675&ssl=1",800,797,true],"newspack-article-block-landscape-intermediate":["https:\/\/i0.wp.com\/landioustravel.com\/wp-content\/uploads\/2020\/11\/swimming_with_the_dolphins_hurghada-e1617556125615.jpg?resize=600%2C450&ssl=1",600,450,true],"newspack-article-block-portrait-intermediate":["https:\/\/i0.wp.com\/landioustravel.com\/wp-content\/uploads\/2020\/11\/swimming_with_the_dolphins_hurghada-e1617556125615.jpg?resize=450%2C600&ssl=1",450,600,true],"newspack-article-block-square-intermediate":["https:\/\/i0.wp.com\/landioustravel.com\/wp-content\/uploads\/2020\/11\/swimming_with_the_dolphins_hurghada-e1617556125615.jpg?resize=600%2C600&ssl=1",600,600,true],"newspack-article-block-landscape-small":["https:\/\/i0.wp.com\/landioustravel.com\/wp-content\/uploads\/2020\/11\/swimming_with_the_dolphins_hurghada-e1617556125615.jpg?resize=400%2C300&ssl=1",400,300,true],"newspack-article-block-portrait-small":["https:\/\/i0.wp.com\/landioustravel.com\/wp-content\/uploads\/2020\/11\/swimming_with_the_dolphins_hurghada-e1617556125615.jpg?resize=300%2C400&ssl=1",300,400,true],"newspack-article-block-square-small":["https:\/\/i0.wp.com\/landioustravel.com\/wp-content\/uploads\/2020\/11\/swimming_with_the_dolphins_hurghada-e1617556125615.jpg?resize=400%2C400&ssl=1",400,400,true],"newspack-article-block-landscape-tiny":["https:\/\/i0.wp.com\/landioustravel.com\/wp-content\/uploads\/2020\/11\/swimming_with_the_dolphins_hurghada-e1617556125615.jpg?resize=200%2C150&ssl=1",200,150,true],"newspack-article-block-portrait-tiny":["https:\/\/i0.wp.com\/landioustravel.com\/wp-content\/uploads\/2020\/11\/swimming_with_the_dolphins_hurghada-e1617556125615.jpg?resize=150%2C200&ssl=1",150,200,true],"newspack-article-block-square-tiny":["https:\/\/i0.wp.com\/landioustravel.com\/wp-content\/uploads\/2020\/11\/swimming_with_the_dolphins_hurghada-e1617556125615.jpg?resize=200%2C200&ssl=1",200,200,true],"newspack-article-block-uncropped":["https:\/\/i0.wp.com\/landioustravel.com\/wp-content\/uploads\/2020\/11\/swimming_with_the_dolphins_hurghada-e1617556125615.jpg?fit=1200%2C797&ssl=1",1200,797,true],"woocommerce_thumbnail":["https:\/\/i0.wp.com\/landioustravel.com\/wp-content\/uploads\/2020\/11\/swimming_with_the_dolphins_hurghada-e1617556125615.jpg?resize=324%2C324&ssl=1",324,324,true],"woocommerce_single":["https:\/\/i0.wp.com\/landioustravel.com\/wp-content\/uploads\/2020\/11\/swimming_with_the_dolphins_hurghada-e1617556125615.jpg?fit=416%2C234&ssl=1",416,234,true],"woocommerce_gallery_thumbnail":["https:\/\/i0.wp.com\/landioustravel.com\/wp-content\/uploads\/2020\/11\/swimming_with_the_dolphins_hurghada-e1617556125615.jpg?resize=100%2C100&ssl=1",100,100,true]},"uagb_author_info":{"display_name":"Mofreh Landious","author_link":"https:\/\/landioustravel.com\/sv\/author\/"},"uagb_comment_info":3,"uagb_excerpt":"Upplev gl\u00e4djen att simma med delfiner p\u00e5 n\u00e4ra h\u00e5ll i Hurghada med v\u00e5r fantastiska resa. V\u00e5ra experttr\u00e4nare kommer att \u00f6vervaka din 5-minuters simning, vilket ger dig en chans att leka, r\u00f6ra och till och med f\u00e5 en kyss fr\u00e5n en delfin. Du kommer att ha m\u00f6jlighet att interagera med dessa underbara varelser i en v\u00e4nlig&hellip;","jetpack_sharing_enabled":true,"jetpack_likes_enabled":true,"amp_enabled":true,"_links":{"self":[{"href":"https:\/\/landioustravel.com\/sv\/wp-json\/wp\/v2\/product\/25467","targetHints":{"allow":["GET"]}}],"collection":[{"href":"https:\/\/landioustravel.com\/sv\/wp-json\/wp\/v2\/product"}],"about":[{"href":"https:\/\/landioustravel.com\/sv\/wp-json\/wp\/v2\/types\/product"}],"replies":[{"embeddable":true,"href":"https:\/\/landioustravel.com\/sv\/wp-json\/wp\/v2\/comments?post=25467"}],"wp:featuredmedia":[{"embeddable":true,"href":"https:\/\/landioustravel.com\/sv\/wp-json\/wp\/v2\/media\/25800"}],"wp:attachment":[{"href":"https:\/\/landioustravel.com\/sv\/wp-json\/wp\/v2\/media?parent=25467"}],"wp:term":[{"taxonomy":"product_brand","embeddable":true,"href":"https:\/\/landioustravel.com\/sv\/wp-json\/wp\/v2\/product_brand?post=25467"},{"taxonomy":"product_cat","embeddable":true,"href":"https:\/\/landioustravel.com\/sv\/wp-json\/wp\/v2\/product_cat?post=25467"},{"taxonomy":"product_tag","embeddable":true,"href":"https:\/\/landioustravel.com\/sv\/wp-json\/wp\/v2\/product_tag?post=25467"}],"curies":[{"name":"wp","href":"https:\/\/api.w.org\/{rel}","templated":true}]}}