{"id":25495,"date":"2020-10-26T22:16:31","date_gmt":"2020-10-27T01:01:40","guid":{"rendered":"https:\/\/landioustravel.com\/?post_type=product&#038;p=25495"},"modified":"2025-12-19T19:13:38","modified_gmt":"2025-12-19T17:13:38","slug":"fisketur-sharm-sheikh","status":"publish","type":"product","link":"https:\/\/landioustravel.com\/sv\/shop\/fisketur-sharm-sheikh\/","title":{"rendered":"Fisketur fr\u00e5n Sharm El-Sheikh"},"content":{"rendered":"<p>En intressant fiskeb\u00e5ttur fr\u00e5n Sharm El-Sheikh, Egypten! Vi rekommenderar resan eftersom det till\u00e5ter turister att g\u00f6ra n\u00e5gra underbara aktiviteter. Naturligtvis \u00e4r <a href=\"https:\/\/landioustravel.com\/sv\/produkt-tagg\/fiske\/\">fiske<\/a> i R\u00f6da havet huvudk\u00e4rnan i denna resa. Dessutom kan v\u00e5ra turister njuta av att sola, snorkla och ha en h\u00e4rlig havspicknick. Missa inte en s\u00e5dan gl\u00e4dje att f\u00e5nga fisk!<\/p>\n<h2>Huvudpunkterna i utflyktsprogrammet f\u00f6r fiske<\/h2>\n<ul>\n<li>Fiske i \u00f6ppet hav<\/li>\n<li>Snorkling<\/li>\n<li>Dessutom lunch p\u00e5 b\u00e5t<\/li>\n<\/ul>\n<h3>Program f\u00f6r fisketur fr\u00e5n Sharm El Sheikh<\/h3>\n<ul>\n<li>Landious Travel-representant h\u00e4mtar dig fr\u00e5n hotellet i Sharm El Sheikh, klockan 08:00<\/li>\n<li>Efter att ha tagit alla bes\u00f6kare g\u00e5r bussen till hamnen i Dahab resort. V\u00e4gen till hamnen tar cirka 60 minuter<\/li>\n<li>Du hittar din b\u00e5t i hamnen. Det \u00e4r stort och elegant! B\u00e5ten best\u00e5r av tv\u00e5 v\u00e5ningar. S\u00e5 fort du g\u00e5r in i b\u00e5ten m\u00e5ste du ta av dig skorna och g\u00f6ra dig redo f\u00f6r trollfiske. Att f\u00e5nga en fisk, genom trolling, \u00e4ger rum medan b\u00e5ten seglar \u00f6ver havet. Av denna anledning tillhandah\u00e5ller vi tv\u00e5 trollingstavar p\u00e5 baksidan av b\u00e5ten.<\/li>\n<li>B\u00e5ten g\u00e5r vidare genom R\u00f6da havet, s\u00e5 snart gruppen samlas<\/li>\n<li>N\u00e5gonstans, i \u00f6ppet hav, stannar v\u00e5r b\u00e5t f\u00f6r att l\u00e5ta dig fiska direkt fr\u00e5n styrelsen. D\u00e5 kan alla fiska<\/li>\n<li>Lunch kommer mitt i denna h\u00e4rliga fiskeb\u00e5ttur. Naturligtvis kommer vi att erbjuda dig lunch ombord. D\u00e5, om du kunde f\u00e5nga n\u00e5gon fisk, kan vi g\u00e4rna f\u00f6rbereda den \u00e5t dig! Under lunchen \u00f6ppnar buff\u00e9n<\/li>\n<li>D\u00e4refter forts\u00e4tter v\u00e5r utflykt att g\u00f6ra det m\u00f6jligt att fiska p\u00e5 en annan plats.<\/li>\n<li>Snorklingsaktiviteter \u00e4r det sista stoppet i denna utflykt. Naturligtvis kan du njuta av simning och snorkling med masker och simf\u00f6tter i Dahab. Du kommer att \u00e4lska det s\u00e5 mycket!<\/li>\n<li>Slutligen eskorterar vi dig tillbaka till dina hotell<\/li>\n<li>Denna &#8221;fisketur fr\u00e5n Sharm el-Sheikh&#8221; slutar cirka kl. 16.30<\/li>\n<\/ul>\n<h4>Vad ing\u00e5r i resepriset<\/h4>\n<ul>\n<li>Fiskeutrustning<\/li>\n<li>Snorklingsutrustning<\/li>\n<li>Mat<\/li>\n<li>\u00d6verf\u00f6r ocks\u00e5 till hamnen och tillbaka till hotellet<\/li>\n<\/ul>\n<h5>Vad ing\u00e5r inte i resans pris<\/h5>\n<ul>\n<li>Video DVD<\/li>\n<li>\u00c4ven foto-CD<\/li>\n<\/ul>\n<h6>Vad du ska ta med dig f\u00f6r resan<\/h6>\n<ul>\n<li>Handduk<\/li>\n<li>Solskydd<\/li>\n<\/ul>\n<h6>Dagar med utflyktsorganisation<\/h6>\n<ul>\n<li>S\u00f6ndagar 08:00 &#8211; 17:00<\/li>\n<li>Onsdagar fr\u00e5n 08:00 &#8211; 17:00<\/li>\n<li>Fredagar ocks\u00e5 fr\u00e5n kl. 08.00 till 17.00<\/li>\n<\/ul>\n","protected":false},"excerpt":{"rendered":"<p>Utflykten f\u00f6rverkligar \u00f6nskan att fiska i R\u00f6da havet och laga mat p\u00e5 plats. S\u00e5 intressant och v\u00e4lsmakande! Under resan stannar b\u00e5ten i \u00f6ppet hav, d\u00e4r det finns mycket fisk. P\u00e5 b\u00e5ten kan du f\u00f6rbereda fisken du f\u00e5ngade f\u00f6r att \u00e4ta p\u00e5 lunchen. I slutet av utflyktsprogrammet kan du simma i \u00f6ppet hav med masker och simf\u00f6tter.<\/p>\n","protected":false},"featured_media":28909,"comment_status":"open","ping_status":"closed","template":"","meta":{"_coblocks_attr":"","_coblocks_dimensions":"","_coblocks_responsive_height":"","_coblocks_accordion_ie_support":"","_uag_custom_page_level_css":"","jetpack_publicize_message":"","jetpack_publicize_feature_enabled":true,"jetpack_social_post_already_shared":true,"jetpack_social_options":{"image_generator_settings":{"template":"highway","default_image_id":0,"font":"","enabled":false},"version":2},"_wpas_customize_per_network":false},"product_brand":[],"product_cat":[18880,18882],"product_tag":[19002,19022,19026,19023,19029,18998],"class_list":{"0":"post-25495","1":"product","2":"type-product","3":"status-publish","4":"has-post-thumbnail","6":"product_cat-sharm-sheikh-utflykter","7":"product_cat-sjoturer-sharm-sheikh","8":"product_tag-fiske","9":"product_tag-havet","10":"product_tag-sharm-sheikh-sv","11":"product_tag-sjoturer","12":"product_tag-snorkling-sv","13":"product_tag-utflykt","15":"first","16":"instock","17":"sale","18":"taxable","19":"shipping-taxable","20":"purchasable","21":"product-type-variable"},"yoast_head":"<!-- This site is optimized with the Yoast SEO Premium plugin v26.9 (Yoast SEO v27.4) - https:\/\/yoast.com\/product\/yoast-seo-premium-wordpress\/ -->\n<title>Fisketur fr\u00e5n Sharm El-Sheikh<\/title>\n<meta name=\"description\" content=\"Fisketur fr\u00e5n Sharm El-Sheikh Utflykten f\u00f6rverkligar \u00f6nskan att fiska i R\u00f6da havet och laga mat p\u00e5 plats. S\u00e5 intressant och v\u00e4lsmakande! Under resan stannar b\u00e5ten i \u00f6ppet hav, d\u00e4r det finns mycket fisk. P\u00e5 b\u00e5ten kan du f\u00f6rbereda fisken du f\u00e5ngade f\u00f6r att \u00e4ta p\u00e5 lunchen. I slutet av utflyktsprogrammet kan du simma i \u00f6ppet hav med masker och simf\u00f6tter.\" \/>\n<meta name=\"robots\" content=\"index, follow, max-snippet:-1, max-image-preview:large, max-video-preview:-1\" \/>\n<link rel=\"canonical\" href=\"https:\/\/landioustravel.com\/sv\/shop\/fisketur-sharm-sheikh\/\" \/>\n<meta property=\"og:locale\" content=\"sv_SE\" \/>\n<meta property=\"og:type\" content=\"article\" \/>\n<meta property=\"og:title\" content=\"Fisketur fr\u00e5n Sharm El-Sheikh\" \/>\n<meta property=\"og:description\" content=\"Landious Travel\" \/>\n<meta property=\"og:url\" content=\"https:\/\/landioustravel.com\/sv\/shop\/fisketur-sharm-sheikh\/\" \/>\n<meta property=\"og:site_name\" content=\"Landious Travel\" \/>\n<meta property=\"article:publisher\" content=\"https:\/\/web.facebook.com\/landiousEgypt\" \/>\n<meta property=\"article:modified_time\" content=\"2025-12-19T17:13:38+00:00\" \/>\n<meta property=\"og:image\" content=\"https:\/\/i0.wp.com\/landioustravel.com\/wp-content\/uploads\/2021\/03\/fishing_activity-e1615127083985.jpg?fit=1200%2C675&ssl=1\" \/>\n\t<meta property=\"og:image:width\" content=\"1200\" \/>\n\t<meta property=\"og:image:height\" content=\"675\" \/>\n\t<meta property=\"og:image:type\" content=\"image\/jpeg\" \/>\n<meta name=\"twitter:card\" content=\"summary_large_image\" \/>\n<meta name=\"twitter:site\" content=\"@LandiousTours\" \/>\n<meta name=\"twitter:label1\" content=\"Ber\u00e4knad l\u00e4stid\" \/>\n\t<meta name=\"twitter:data1\" content=\"2 minuter\" \/>\n<script type=\"application\/ld+json\" class=\"yoast-schema-graph\">{\"@context\":\"https:\\\/\\\/schema.org\",\"@graph\":[{\"@type\":\"WebPage\",\"@id\":\"https:\\\/\\\/landioustravel.com\\\/sv\\\/shop\\\/fisketur-sharm-sheikh\\\/\",\"url\":\"https:\\\/\\\/landioustravel.com\\\/sv\\\/shop\\\/fisketur-sharm-sheikh\\\/\",\"name\":\"Fisketur fr\u00e5n Sharm El-Sheikh\",\"isPartOf\":{\"@id\":\"https:\\\/\\\/landioustravel.com\\\/sv\\\/#website\"},\"primaryImageOfPage\":{\"@id\":\"https:\\\/\\\/landioustravel.com\\\/sv\\\/shop\\\/fisketur-sharm-sheikh\\\/#primaryimage\"},\"image\":{\"@id\":\"https:\\\/\\\/landioustravel.com\\\/sv\\\/shop\\\/fisketur-sharm-sheikh\\\/#primaryimage\"},\"thumbnailUrl\":\"https:\\\/\\\/i0.wp.com\\\/landioustravel.com\\\/wp-content\\\/uploads\\\/2021\\\/03\\\/fishing_activity-e1615127083985.jpg?fit=1200%2C675&ssl=1\",\"datePublished\":\"2020-10-27T01:01:40+00:00\",\"dateModified\":\"2025-12-19T17:13:38+00:00\",\"description\":\"Fisketur fr\u00e5n Sharm El-Sheikh Utflykten f\u00f6rverkligar \u00f6nskan att fiska i R\u00f6da havet och laga mat p\u00e5 plats. S\u00e5 intressant och v\u00e4lsmakande! Under resan stannar b\u00e5ten i \u00f6ppet hav, d\u00e4r det finns mycket fisk. P\u00e5 b\u00e5ten kan du f\u00f6rbereda fisken du f\u00e5ngade f\u00f6r att \u00e4ta p\u00e5 lunchen. I slutet av utflyktsprogrammet kan du simma i \u00f6ppet hav med masker och simf\u00f6tter.\",\"breadcrumb\":{\"@id\":\"https:\\\/\\\/landioustravel.com\\\/sv\\\/shop\\\/fisketur-sharm-sheikh\\\/#breadcrumb\"},\"inLanguage\":\"sv-SE\",\"potentialAction\":[{\"@type\":\"ReadAction\",\"target\":[\"https:\\\/\\\/landioustravel.com\\\/sv\\\/shop\\\/fisketur-sharm-sheikh\\\/\"]}]},{\"@type\":\"ImageObject\",\"inLanguage\":\"sv-SE\",\"@id\":\"https:\\\/\\\/landioustravel.com\\\/sv\\\/shop\\\/fisketur-sharm-sheikh\\\/#primaryimage\",\"url\":\"https:\\\/\\\/i0.wp.com\\\/landioustravel.com\\\/wp-content\\\/uploads\\\/2021\\\/03\\\/fishing_activity-e1615127083985.jpg?fit=1200%2C675&ssl=1\",\"contentUrl\":\"https:\\\/\\\/i0.wp.com\\\/landioustravel.com\\\/wp-content\\\/uploads\\\/2021\\\/03\\\/fishing_activity-e1615127083985.jpg?fit=1200%2C675&ssl=1\",\"width\":1200,\"height\":675,\"caption\":\"Fishing Trip Sharm El Sheikh\"},{\"@type\":\"BreadcrumbList\",\"@id\":\"https:\\\/\\\/landioustravel.com\\\/sv\\\/shop\\\/fisketur-sharm-sheikh\\\/#breadcrumb\",\"itemListElement\":[{\"@type\":\"ListItem\",\"position\":1,\"name\":\"Home\",\"item\":\"https:\\\/\\\/landioustravel.com\\\/sv\\\/\"},{\"@type\":\"ListItem\",\"position\":2,\"name\":\"Tj\u00e4nster &#038; turer\",\"item\":\"https:\\\/\\\/landioustravel.com\\\/sv\\\/\"},{\"@type\":\"ListItem\",\"position\":3,\"name\":\"Fisketur fr\u00e5n Sharm El-Sheikh\"}]},{\"@type\":\"WebSite\",\"@id\":\"https:\\\/\\\/landioustravel.com\\\/sv\\\/#website\",\"url\":\"https:\\\/\\\/landioustravel.com\\\/sv\\\/\",\"name\":\"Landious Travel\",\"description\":\"Excursions, trips and cruises in Egypt\",\"publisher\":{\"@id\":\"https:\\\/\\\/landioustravel.com\\\/sv\\\/#organization\"},\"potentialAction\":[{\"@type\":\"SearchAction\",\"target\":{\"@type\":\"EntryPoint\",\"urlTemplate\":\"https:\\\/\\\/landioustravel.com\\\/sv\\\/?s={search_term_string}\"},\"query-input\":{\"@type\":\"PropertyValueSpecification\",\"valueRequired\":true,\"valueName\":\"search_term_string\"}}],\"inLanguage\":\"sv-SE\"},{\"@type\":[\"Organization\",\"Place\"],\"@id\":\"https:\\\/\\\/landioustravel.com\\\/sv\\\/#organization\",\"name\":\"Landious Travel\",\"alternateName\":\"Landious Travel\",\"url\":\"https:\\\/\\\/landioustravel.com\\\/sv\\\/\",\"logo\":{\"@id\":\"https:\\\/\\\/landioustravel.com\\\/sv\\\/shop\\\/fisketur-sharm-sheikh\\\/#local-main-organization-logo\"},\"image\":{\"@id\":\"https:\\\/\\\/landioustravel.com\\\/sv\\\/shop\\\/fisketur-sharm-sheikh\\\/#local-main-organization-logo\"},\"sameAs\":[\"https:\\\/\\\/web.facebook.com\\\/landiousEgypt\",\"https:\\\/\\\/x.com\\\/LandiousTours\",\"https:\\\/\\\/mastodon.social\\\/@landious\"],\"legalName\":\"Landious Travel\",\"telephone\":[],\"openingHoursSpecification\":[{\"@type\":\"OpeningHoursSpecification\",\"dayOfWeek\":[\"Monday\",\"Tuesday\",\"Wednesday\",\"Thursday\",\"Friday\",\"Saturday\",\"Sunday\"],\"opens\":\"09:00\",\"closes\":\"17:00\"}]},{\"@type\":\"ImageObject\",\"inLanguage\":\"sv-SE\",\"@id\":\"https:\\\/\\\/landioustravel.com\\\/sv\\\/shop\\\/fisketur-sharm-sheikh\\\/#local-main-organization-logo\",\"url\":\"https:\\\/\\\/i0.wp.com\\\/landioustravel.com\\\/wp-content\\\/uploads\\\/2021\\\/06\\\/Landious-T.png?fit=500%2C500&ssl=1\",\"contentUrl\":\"https:\\\/\\\/i0.wp.com\\\/landioustravel.com\\\/wp-content\\\/uploads\\\/2021\\\/06\\\/Landious-T.png?fit=500%2C500&ssl=1\",\"width\":500,\"height\":500,\"caption\":\"Landious Travel\"}]}<\/script>\n<!-- \/ Yoast SEO Premium plugin. -->","yoast_head_json":{"title":"Fisketur fr\u00e5n Sharm El-Sheikh","description":"Fisketur fr\u00e5n Sharm El-Sheikh Utflykten f\u00f6rverkligar \u00f6nskan att fiska i R\u00f6da havet och laga mat p\u00e5 plats. S\u00e5 intressant och v\u00e4lsmakande! Under resan stannar b\u00e5ten i \u00f6ppet hav, d\u00e4r det finns mycket fisk. P\u00e5 b\u00e5ten kan du f\u00f6rbereda fisken du f\u00e5ngade f\u00f6r att \u00e4ta p\u00e5 lunchen. I slutet av utflyktsprogrammet kan du simma i \u00f6ppet hav med masker och simf\u00f6tter.","robots":{"index":"index","follow":"follow","max-snippet":"max-snippet:-1","max-image-preview":"max-image-preview:large","max-video-preview":"max-video-preview:-1"},"canonical":"https:\/\/landioustravel.com\/sv\/shop\/fisketur-sharm-sheikh\/","og_locale":"sv_SE","og_type":"article","og_title":"Fisketur fr\u00e5n Sharm El-Sheikh","og_description":"Landious Travel","og_url":"https:\/\/landioustravel.com\/sv\/shop\/fisketur-sharm-sheikh\/","og_site_name":"Landious Travel","article_publisher":"https:\/\/web.facebook.com\/landiousEgypt","article_modified_time":"2025-12-19T17:13:38+00:00","og_image":[{"width":1200,"height":675,"url":"https:\/\/i0.wp.com\/landioustravel.com\/wp-content\/uploads\/2021\/03\/fishing_activity-e1615127083985.jpg?fit=1200%2C675&ssl=1","type":"image\/jpeg"}],"twitter_card":"summary_large_image","twitter_site":"@LandiousTours","twitter_misc":{"Ber\u00e4knad l\u00e4stid":"2 minuter"},"schema":{"@context":"https:\/\/schema.org","@graph":[{"@type":"WebPage","@id":"https:\/\/landioustravel.com\/sv\/shop\/fisketur-sharm-sheikh\/","url":"https:\/\/landioustravel.com\/sv\/shop\/fisketur-sharm-sheikh\/","name":"Fisketur fr\u00e5n Sharm El-Sheikh","isPartOf":{"@id":"https:\/\/landioustravel.com\/sv\/#website"},"primaryImageOfPage":{"@id":"https:\/\/landioustravel.com\/sv\/shop\/fisketur-sharm-sheikh\/#primaryimage"},"image":{"@id":"https:\/\/landioustravel.com\/sv\/shop\/fisketur-sharm-sheikh\/#primaryimage"},"thumbnailUrl":"https:\/\/i0.wp.com\/landioustravel.com\/wp-content\/uploads\/2021\/03\/fishing_activity-e1615127083985.jpg?fit=1200%2C675&ssl=1","datePublished":"2020-10-27T01:01:40+00:00","dateModified":"2025-12-19T17:13:38+00:00","description":"Fisketur fr\u00e5n Sharm El-Sheikh Utflykten f\u00f6rverkligar \u00f6nskan att fiska i R\u00f6da havet och laga mat p\u00e5 plats. S\u00e5 intressant och v\u00e4lsmakande! Under resan stannar b\u00e5ten i \u00f6ppet hav, d\u00e4r det finns mycket fisk. P\u00e5 b\u00e5ten kan du f\u00f6rbereda fisken du f\u00e5ngade f\u00f6r att \u00e4ta p\u00e5 lunchen. I slutet av utflyktsprogrammet kan du simma i \u00f6ppet hav med masker och simf\u00f6tter.","breadcrumb":{"@id":"https:\/\/landioustravel.com\/sv\/shop\/fisketur-sharm-sheikh\/#breadcrumb"},"inLanguage":"sv-SE","potentialAction":[{"@type":"ReadAction","target":["https:\/\/landioustravel.com\/sv\/shop\/fisketur-sharm-sheikh\/"]}]},{"@type":"ImageObject","inLanguage":"sv-SE","@id":"https:\/\/landioustravel.com\/sv\/shop\/fisketur-sharm-sheikh\/#primaryimage","url":"https:\/\/i0.wp.com\/landioustravel.com\/wp-content\/uploads\/2021\/03\/fishing_activity-e1615127083985.jpg?fit=1200%2C675&ssl=1","contentUrl":"https:\/\/i0.wp.com\/landioustravel.com\/wp-content\/uploads\/2021\/03\/fishing_activity-e1615127083985.jpg?fit=1200%2C675&ssl=1","width":1200,"height":675,"caption":"Fishing Trip Sharm El Sheikh"},{"@type":"BreadcrumbList","@id":"https:\/\/landioustravel.com\/sv\/shop\/fisketur-sharm-sheikh\/#breadcrumb","itemListElement":[{"@type":"ListItem","position":1,"name":"Home","item":"https:\/\/landioustravel.com\/sv\/"},{"@type":"ListItem","position":2,"name":"Tj\u00e4nster &#038; turer","item":"https:\/\/landioustravel.com\/sv\/"},{"@type":"ListItem","position":3,"name":"Fisketur fr\u00e5n Sharm El-Sheikh"}]},{"@type":"WebSite","@id":"https:\/\/landioustravel.com\/sv\/#website","url":"https:\/\/landioustravel.com\/sv\/","name":"Landious Travel","description":"Excursions, trips and cruises in Egypt","publisher":{"@id":"https:\/\/landioustravel.com\/sv\/#organization"},"potentialAction":[{"@type":"SearchAction","target":{"@type":"EntryPoint","urlTemplate":"https:\/\/landioustravel.com\/sv\/?s={search_term_string}"},"query-input":{"@type":"PropertyValueSpecification","valueRequired":true,"valueName":"search_term_string"}}],"inLanguage":"sv-SE"},{"@type":["Organization","Place"],"@id":"https:\/\/landioustravel.com\/sv\/#organization","name":"Landious Travel","alternateName":"Landious Travel","url":"https:\/\/landioustravel.com\/sv\/","logo":{"@id":"https:\/\/landioustravel.com\/sv\/shop\/fisketur-sharm-sheikh\/#local-main-organization-logo"},"image":{"@id":"https:\/\/landioustravel.com\/sv\/shop\/fisketur-sharm-sheikh\/#local-main-organization-logo"},"sameAs":["https:\/\/web.facebook.com\/landiousEgypt","https:\/\/x.com\/LandiousTours","https:\/\/mastodon.social\/@landious"],"legalName":"Landious Travel","telephone":[],"openingHoursSpecification":[{"@type":"OpeningHoursSpecification","dayOfWeek":["Monday","Tuesday","Wednesday","Thursday","Friday","Saturday","Sunday"],"opens":"09:00","closes":"17:00"}]},{"@type":"ImageObject","inLanguage":"sv-SE","@id":"https:\/\/landioustravel.com\/sv\/shop\/fisketur-sharm-sheikh\/#local-main-organization-logo","url":"https:\/\/i0.wp.com\/landioustravel.com\/wp-content\/uploads\/2021\/06\/Landious-T.png?fit=500%2C500&ssl=1","contentUrl":"https:\/\/i0.wp.com\/landioustravel.com\/wp-content\/uploads\/2021\/06\/Landious-T.png?fit=500%2C500&ssl=1","width":500,"height":500,"caption":"Landious Travel"}]}},"jetpack_publicize_connections":[],"uagb_featured_image_src":{"full":["https:\/\/i0.wp.com\/landioustravel.com\/wp-content\/uploads\/2021\/03\/fishing_activity-e1615127083985.jpg?fit=1200%2C675&ssl=1",1200,675,false],"thumbnail":["https:\/\/i0.wp.com\/landioustravel.com\/wp-content\/uploads\/2021\/03\/fishing_activity-e1615127083985.jpg?resize=150%2C150&ssl=1",150,150,true],"medium":["https:\/\/i0.wp.com\/landioustravel.com\/wp-content\/uploads\/2021\/03\/fishing_activity-e1615127083985.jpg?fit=300%2C169&ssl=1",300,169,true],"medium_large":["https:\/\/i0.wp.com\/landioustravel.com\/wp-content\/uploads\/2021\/03\/fishing_activity-e1615127083985.jpg?fit=768%2C432&ssl=1",768,432,true],"large":["https:\/\/i0.wp.com\/landioustravel.com\/wp-content\/uploads\/2021\/03\/fishing_activity-e1615127083985.jpg?fit=980%2C551&ssl=1",980,551,true],"1536x1536":["https:\/\/i0.wp.com\/landioustravel.com\/wp-content\/uploads\/2021\/03\/fishing_activity-e1615127083985.jpg?fit=1536%2C1536&ssl=1",1536,1536,true],"2048x2048":["https:\/\/i0.wp.com\/landioustravel.com\/wp-content\/uploads\/2021\/03\/fishing_activity-e1615127083985.jpg?fit=2048%2C2048&ssl=1",2048,2048,true],"newspack-article-block-landscape-large":["https:\/\/i0.wp.com\/landioustravel.com\/wp-content\/uploads\/2021\/03\/fishing_activity-e1615127083985.jpg?resize=1200%2C675&ssl=1",1200,900,true],"newspack-article-block-portrait-large":["https:\/\/i0.wp.com\/landioustravel.com\/wp-content\/uploads\/2021\/03\/fishing_activity-e1615127083985.jpg?resize=900%2C675&ssl=1",900,675,true],"newspack-article-block-square-large":["https:\/\/i0.wp.com\/landioustravel.com\/wp-content\/uploads\/2021\/03\/fishing_activity-e1615127083985.jpg?resize=1200%2C675&ssl=1",1200,1200,true],"newspack-article-block-landscape-medium":["https:\/\/i0.wp.com\/landioustravel.com\/wp-content\/uploads\/2021\/03\/fishing_activity-e1615127083985.jpg?resize=800%2C600&ssl=1",800,600,true],"newspack-article-block-portrait-medium":["https:\/\/i0.wp.com\/landioustravel.com\/wp-content\/uploads\/2021\/03\/fishing_activity-e1615127083985.jpg?resize=600%2C675&ssl=1",600,675,true],"newspack-article-block-square-medium":["https:\/\/i0.wp.com\/landioustravel.com\/wp-content\/uploads\/2021\/03\/fishing_activity-e1615127083985.jpg?resize=800%2C675&ssl=1",800,675,true],"newspack-article-block-landscape-intermediate":["https:\/\/i0.wp.com\/landioustravel.com\/wp-content\/uploads\/2021\/03\/fishing_activity-e1615127083985.jpg?resize=600%2C450&ssl=1",600,450,true],"newspack-article-block-portrait-intermediate":["https:\/\/i0.wp.com\/landioustravel.com\/wp-content\/uploads\/2021\/03\/fishing_activity-e1615127083985.jpg?resize=450%2C600&ssl=1",450,600,true],"newspack-article-block-square-intermediate":["https:\/\/i0.wp.com\/landioustravel.com\/wp-content\/uploads\/2021\/03\/fishing_activity-e1615127083985.jpg?resize=600%2C600&ssl=1",600,600,true],"newspack-article-block-landscape-small":["https:\/\/i0.wp.com\/landioustravel.com\/wp-content\/uploads\/2021\/03\/fishing_activity-e1615127083985.jpg?resize=400%2C300&ssl=1",400,300,true],"newspack-article-block-portrait-small":["https:\/\/i0.wp.com\/landioustravel.com\/wp-content\/uploads\/2021\/03\/fishing_activity-e1615127083985.jpg?resize=300%2C400&ssl=1",300,400,true],"newspack-article-block-square-small":["https:\/\/i0.wp.com\/landioustravel.com\/wp-content\/uploads\/2021\/03\/fishing_activity-e1615127083985.jpg?resize=400%2C400&ssl=1",400,400,true],"newspack-article-block-landscape-tiny":["https:\/\/i0.wp.com\/landioustravel.com\/wp-content\/uploads\/2021\/03\/fishing_activity-e1615127083985.jpg?resize=200%2C150&ssl=1",200,150,true],"newspack-article-block-portrait-tiny":["https:\/\/i0.wp.com\/landioustravel.com\/wp-content\/uploads\/2021\/03\/fishing_activity-e1615127083985.jpg?resize=150%2C200&ssl=1",150,200,true],"newspack-article-block-square-tiny":["https:\/\/i0.wp.com\/landioustravel.com\/wp-content\/uploads\/2021\/03\/fishing_activity-e1615127083985.jpg?resize=200%2C200&ssl=1",200,200,true],"newspack-article-block-uncropped":["https:\/\/i0.wp.com\/landioustravel.com\/wp-content\/uploads\/2021\/03\/fishing_activity-e1615127083985.jpg?fit=1200%2C1200&ssl=1",1200,1200,true],"woocommerce_thumbnail":["https:\/\/i0.wp.com\/landioustravel.com\/wp-content\/uploads\/2021\/03\/fishing_activity-e1615127083985.jpg?resize=324%2C324&ssl=1",324,324,true],"woocommerce_single":["https:\/\/i0.wp.com\/landioustravel.com\/wp-content\/uploads\/2021\/03\/fishing_activity-e1615127083985.jpg?fit=416%2C234&ssl=1",416,234,true],"woocommerce_gallery_thumbnail":["https:\/\/i0.wp.com\/landioustravel.com\/wp-content\/uploads\/2021\/03\/fishing_activity-e1615127083985.jpg?resize=100%2C100&ssl=1",100,100,true]},"uagb_author_info":{"display_name":"Mofreh Landious","author_link":"https:\/\/landioustravel.com\/sv\/author\/"},"uagb_comment_info":3,"uagb_excerpt":"Utflykten f\u00f6rverkligar \u00f6nskan att fiska i R\u00f6da havet och laga mat p\u00e5 plats. S\u00e5 intressant och v\u00e4lsmakande! Under resan stannar b\u00e5ten i \u00f6ppet hav, d\u00e4r det finns mycket fisk. P\u00e5 b\u00e5ten kan du f\u00f6rbereda fisken du f\u00e5ngade f\u00f6r att \u00e4ta p\u00e5 lunchen. I slutet av utflyktsprogrammet kan du simma i \u00f6ppet hav med masker och&hellip;","jetpack_sharing_enabled":true,"jetpack_likes_enabled":true,"amp_enabled":true,"_links":{"self":[{"href":"https:\/\/landioustravel.com\/sv\/wp-json\/wp\/v2\/product\/25495","targetHints":{"allow":["GET"]}}],"collection":[{"href":"https:\/\/landioustravel.com\/sv\/wp-json\/wp\/v2\/product"}],"about":[{"href":"https:\/\/landioustravel.com\/sv\/wp-json\/wp\/v2\/types\/product"}],"replies":[{"embeddable":true,"href":"https:\/\/landioustravel.com\/sv\/wp-json\/wp\/v2\/comments?post=25495"}],"wp:featuredmedia":[{"embeddable":true,"href":"https:\/\/landioustravel.com\/sv\/wp-json\/wp\/v2\/media\/28909"}],"wp:attachment":[{"href":"https:\/\/landioustravel.com\/sv\/wp-json\/wp\/v2\/media?parent=25495"}],"wp:term":[{"taxonomy":"product_brand","embeddable":true,"href":"https:\/\/landioustravel.com\/sv\/wp-json\/wp\/v2\/product_brand?post=25495"},{"taxonomy":"product_cat","embeddable":true,"href":"https:\/\/landioustravel.com\/sv\/wp-json\/wp\/v2\/product_cat?post=25495"},{"taxonomy":"product_tag","embeddable":true,"href":"https:\/\/landioustravel.com\/sv\/wp-json\/wp\/v2\/product_tag?post=25495"}],"curies":[{"name":"wp","href":"https:\/\/api.w.org\/{rel}","templated":true}]}}