{"id":25711,"date":"2020-11-05T15:45:22","date_gmt":"2020-11-05T22:49:47","guid":{"rendered":"https:\/\/landioustravel.com\/?post_type=product&#038;p=25711"},"modified":"2024-09-30T20:14:34","modified_gmt":"2024-09-30T17:14:34","slug":"resa-egyptiska-museet-gamla-kairo","status":"publish","type":"product","link":"https:\/\/landioustravel.com\/sv\/shop\/resa-egyptiska-museet-gamla-kairo\/","title":{"rendered":"Resa till egyptiska museet och gamla Kairo i Kairo"},"content":{"rendered":"<p>Det \u00e4r en underbar resa f\u00f6r att bes\u00f6ka egyptiska museet, Saladins citadell och gamla Kairo fr\u00e5n Kairo, Egypten! Vi rekommenderar utflykten p\u00e5 grund av det faktum att det g\u00f6r det m\u00f6jligt f\u00f6r turister att se de mest imponerande sev\u00e4rdheterna som byggdes under det gamla Egypten och den gamla delen av Kairo. Det ger dig m\u00f6jlighet att veta mycket om Egyptens historia. Visst kommer du att se utst\u00e4llningar och platser med tre olika epoker _ Forntida Egypten, Koptiska Egypten och Islamiska Egypten. Det \u00e4r en fantastisk upplevelse och informativ tur genom historien!<\/p>\n<h2>Huvudpunkterna i Tour Program i Kairo<\/h2>\n<ul>\n<li>Bes\u00f6k Egyptiska museet i Kairo<\/li>\n<li>Lunch<\/li>\n<li>Bes\u00f6ker det gamla Kairo-distriktet med ett stopp vid Khan El-Khalili<\/li>\n<li>\u00c4ven citadellet Saladin<\/li>\n<\/ul>\n<h3>Program f\u00f6r utflykten till egyptiska museet och Saladins citadell<\/h3>\n<ul>\n<li>Landious Travel representant h\u00e4mtar dig fr\u00e5n hotellet i Kairo runt kl. 08.00 p\u00e5 morgonen<\/li>\n<li>N\u00e4r vi v\u00e4l har h\u00e4mtat alla du l\u00e4mnar ditt privata fordon (Limousine eller minibuss) till Egyptiska museet p\u00e5 Tahrir-torget. I detta enorma museum finns det cirka 100 utst\u00e4llningshallar i museet, d\u00e4r det finns en unik samling best\u00e5ende av cirka 150 tusen f\u00f6rem\u00e5l. Din guide har en uppgift att visa de underbara utst\u00e4llningarna p\u00e5 detta museum och ge ledig tid att ta bilder<\/li>\n<li>Efter att ha bes\u00f6kt Egyptiska museet i Kairo, \u00e5ker du till Old Cairo<\/li>\n<li>Det f\u00f6rsta stoppet \u00e4r vid Citadellet i Saladin. I denna stora citadell kan du bes\u00f6ka den ber\u00f6mda mosk\u00e9n &#8221;Mohamed Ali-mosk\u00e9n&#8221; och se bef\u00e4stningarna p\u00e5 denna plats. V\u00e4rt att notera, lokalisera i denna citadell med l\u00e5ta dig ha en panoramautsikt \u00f6ver hela den gamla delen av staden.<\/li>\n<li>Lunch kommer efter denna islamiska webbplats<\/li>\n<li>N\u00e4sta stopp \u00e4r i Khan El-Khalili-distriktet och Kairos gamla basar.<\/li>\n<li>N\u00e4r du avslutat denna stadsturn\u00e9 i Khan El-Khalili, g\u00e5r du till den kristna delen av staden _ Koptiska Kairo. P\u00e5 den h\u00e4r platsen kommer du att bes\u00f6ka den h\u00e4ngande kyrkan, synagogan Ben Ezra, kyrkan Sankt Barbara och kyrkan Abu Serga.<\/li>\n<li>Slutligen eskorterar vi dig tillbaka till dina hotell efter ett s\u00e5dant program i de underbara st\u00e4derna Kairo och Giza.<\/li>\n<li>Detta &#8221;Resa till egyptiska museet och gamla Kairo i Kairo&#8221; anl\u00e4nder tillbaka till hotell klockan 17:00 n\u00e4sta dag<\/li>\n<\/ul>\n<h4>Vad ing\u00e5r i turn\u00e9priset<\/h4>\n<ul>\n<li>Biljetter till bes\u00f6kande tempel<\/li>\n<li>Lunch<\/li>\n<li>Drycker<\/li>\n<li>Guide<\/li>\n<li>Hotellvistelse i Kairo<\/li>\n<li>\u00d6verf\u00f6r ocks\u00e5 till Kairo och tillbaka till hotell<\/li>\n<\/ul>\n<h5>Vad ing\u00e5r inte i priset f\u00f6r turn\u00e9n<\/h5>\n<ul>\n<li>Ytterligare program om de inte ing\u00e5r i ovanst\u00e5ende program<\/li>\n<li>Ocks\u00e5, drycker<\/li>\n<\/ul>\n<h6>Vad du ska ta med dig f\u00f6r resan<\/h6>\n<ul>\n<li>Pass<\/li>\n<li>Extra kontanter<\/li>\n<li>Ocks\u00e5 kl\u00e4der f\u00f6r s\u00e4songen<\/li>\n<\/ul>\n<h6>Dagar med utflyktsorganisation<\/h6>\n<ul>\n<li>Dagligen fr\u00e5n kl. 08.00 till 16.00<\/li>\n<\/ul>\n","protected":false},"excerpt":{"rendered":"<p>Ge dig ut p\u00e5 en stadsrundtur i Kairo f\u00f6r att bevittna en m\u00e4ngd historiska landm\u00e4rken och attraktioner. Njut av de antika egyptiska utst\u00e4llningarna p\u00e5 det egyptiska museet och beundra islamiska monument som Saladin-citadellet och Mohamed Ali-mosk\u00e9n. F\u00f6r att inte tala om utforska de kristna och judiska monumenten, inklusive de m\u00e5nga koptiska kyrkorna och synagogorna. Dessutom kan du f\u00e5 en glimt av n\u00e5gra romerska sev\u00e4rdheter. V\u00e4lj en privat sightseeingtur f\u00f6r att t\u00e4cka fler popul\u00e4ra Kairo-attraktioner som Egyptiska museet, koptiska Kairo och stadens gamla marknad p\u00e5 kortare tid. Med luftkonditionerad transport f\u00e5r du en chans att bevittna stadens antika, kristna och judiska historia, tillsammans med en privat guide som ger dig odelad uppm\u00e4rksamhet. En heldagstur i det historiska Kairo \u00e4r v\u00e4rt upplevelsen, med lunch, intr\u00e4de och transport ing\u00e5r.<\/p>\n<p>R\u00e4kna med att se Museum of Egyptian Antiquities, som har en omfattande samling av forntida egyptiska antikviteter, med 120 000 f\u00f6rem\u00e5l och ett representativt belopp som visas. Resten f\u00f6rvaras i f\u00f6rr\u00e5d. Museet byggdes 1901 och \u00e4r ett av de st\u00f6rsta i regionen, och bes\u00f6kare kan utforska det fr\u00e5n och med mars 2019 innan det ersattes av det nya stora egyptiska museet i Giza 2020.<\/p>\n<p>Koptiska Kairo \u00e4r en exceptionell del av Gamla Kairo som omfattar Babylons f\u00e4stning, den h\u00e4ngande kyrkan, den grekiska kyrkan St. George och m\u00e5nga andra koptiska kyrkor och historiska platser. Enligt kristen tradition bes\u00f6kte den heliga familjen detta omr\u00e5de och stannade p\u00e5 platsen f\u00f6r Saints Sergius och Bacchus Church (Abu Serga). Koptiska Kairo var ett f\u00e4ste f\u00f6r kristendomen i Egypten fram till den islamiska eran. De flesta av kyrkornas nuvarande byggnader i det koptiska Kairo byggdes dock efter den muslimska er\u00f6vringen av Egypten p\u00e5 700-talet.<\/p>\n","protected":false},"featured_media":45533,"comment_status":"open","ping_status":"closed","template":"","meta":{"_coblocks_attr":"","_coblocks_dimensions":"","_coblocks_responsive_height":"","_coblocks_accordion_ie_support":"","_uag_custom_page_level_css":"","jetpack_post_was_ever_published":false,"jetpack_publicize_message":"","jetpack_publicize_feature_enabled":true,"jetpack_social_post_already_shared":true,"jetpack_social_options":{"image_generator_settings":{"template":"highway","default_image_id":0,"font":"","enabled":false},"version":2},"_wpas_customize_per_network":false},"product_brand":[],"product_cat":[18883],"product_tag":[18974,19015,19027,19030,18998],"class_list":{"0":"post-25711","1":"product","2":"type-product","3":"status-publish","4":"has-post-thumbnail","6":"product_cat-kairo-utflykter","7":"product_tag-kairo-sv","8":"product_tag-pyramider","9":"product_tag-sightseeing-sv","10":"product_tag-sphinx-sv","11":"product_tag-utflykt","13":"first","14":"instock","15":"sale","16":"taxable","17":"shipping-taxable","18":"purchasable","19":"product-type-variable"},"yoast_head":"<!-- This site is optimized with the Yoast SEO Premium plugin v26.9 (Yoast SEO v27.3) - https:\/\/yoast.com\/product\/yoast-seo-premium-wordpress\/ -->\n<title>Resa till egyptiska museet och gamla Kairo i Kairo<\/title>\n<meta name=\"description\" content=\"Resa till egyptiska museet och gamla Kairo i Kairo Denna turn\u00e9 ger m\u00f6jlighet att se m\u00e5nga monument och attraktioner i Kairo. F\u00f6ljaktligen tycker du om att\" \/>\n<meta name=\"robots\" content=\"index, follow, max-snippet:-1, max-image-preview:large, max-video-preview:-1\" \/>\n<link rel=\"canonical\" href=\"https:\/\/landioustravel.com\/sv\/shop\/resa-egyptiska-museet-gamla-kairo\/\" \/>\n<meta property=\"og:locale\" content=\"sv_SE\" \/>\n<meta property=\"og:type\" content=\"article\" \/>\n<meta property=\"og:title\" content=\"Resa till egyptiska museet och gamla Kairo i Kairo\" \/>\n<meta property=\"og:description\" content=\"Landious Travel\" \/>\n<meta property=\"og:url\" content=\"https:\/\/landioustravel.com\/sv\/shop\/resa-egyptiska-museet-gamla-kairo\/\" \/>\n<meta property=\"og:site_name\" content=\"Landious Travel\" \/>\n<meta property=\"article:publisher\" content=\"https:\/\/web.facebook.com\/landiousEgypt\" \/>\n<meta property=\"article:modified_time\" content=\"2024-09-30T17:14:34+00:00\" \/>\n<meta property=\"og:image\" content=\"https:\/\/i0.wp.com\/landioustravel.com\/wp-content\/uploads\/2020\/11\/Egyptian-Museum-Old-Cairo-Trip-e1617540920597.jpg?fit=1200%2C675&ssl=1\" \/>\n\t<meta property=\"og:image:width\" content=\"1200\" \/>\n\t<meta property=\"og:image:height\" content=\"675\" \/>\n\t<meta property=\"og:image:type\" content=\"image\/jpeg\" \/>\n<meta name=\"twitter:card\" content=\"summary_large_image\" \/>\n<meta name=\"twitter:site\" content=\"@LandiousTours\" \/>\n<meta name=\"twitter:label1\" content=\"Ber\u00e4knad l\u00e4stid\" \/>\n\t<meta name=\"twitter:data1\" content=\"2 minuter\" \/>\n<script type=\"application\/ld+json\" class=\"yoast-schema-graph\">{\"@context\":\"https:\\\/\\\/schema.org\",\"@graph\":[{\"@type\":\"WebPage\",\"@id\":\"https:\\\/\\\/landioustravel.com\\\/sv\\\/shop\\\/resa-egyptiska-museet-gamla-kairo\\\/\",\"url\":\"https:\\\/\\\/landioustravel.com\\\/sv\\\/shop\\\/resa-egyptiska-museet-gamla-kairo\\\/\",\"name\":\"Resa till egyptiska museet och gamla Kairo i Kairo\",\"isPartOf\":{\"@id\":\"https:\\\/\\\/landioustravel.com\\\/sv\\\/#website\"},\"primaryImageOfPage\":{\"@id\":\"https:\\\/\\\/landioustravel.com\\\/sv\\\/shop\\\/resa-egyptiska-museet-gamla-kairo\\\/#primaryimage\"},\"image\":{\"@id\":\"https:\\\/\\\/landioustravel.com\\\/sv\\\/shop\\\/resa-egyptiska-museet-gamla-kairo\\\/#primaryimage\"},\"thumbnailUrl\":\"https:\\\/\\\/i0.wp.com\\\/landioustravel.com\\\/wp-content\\\/uploads\\\/2020\\\/11\\\/Egyptian-Museum-Old-Cairo-Trip-e1617540920597.jpg?fit=1200%2C675&ssl=1\",\"datePublished\":\"2020-11-05T22:49:47+00:00\",\"dateModified\":\"2024-09-30T17:14:34+00:00\",\"description\":\"Resa till egyptiska museet och gamla Kairo i Kairo Denna turn\u00e9 ger m\u00f6jlighet att se m\u00e5nga monument och attraktioner i Kairo. F\u00f6ljaktligen tycker du om att\",\"breadcrumb\":{\"@id\":\"https:\\\/\\\/landioustravel.com\\\/sv\\\/shop\\\/resa-egyptiska-museet-gamla-kairo\\\/#breadcrumb\"},\"inLanguage\":\"sv-SE\",\"potentialAction\":[{\"@type\":\"ReadAction\",\"target\":[\"https:\\\/\\\/landioustravel.com\\\/sv\\\/shop\\\/resa-egyptiska-museet-gamla-kairo\\\/\"]}]},{\"@type\":\"ImageObject\",\"inLanguage\":\"sv-SE\",\"@id\":\"https:\\\/\\\/landioustravel.com\\\/sv\\\/shop\\\/resa-egyptiska-museet-gamla-kairo\\\/#primaryimage\",\"url\":\"https:\\\/\\\/i0.wp.com\\\/landioustravel.com\\\/wp-content\\\/uploads\\\/2020\\\/11\\\/Egyptian-Museum-Old-Cairo-Trip-e1617540920597.jpg?fit=1200%2C675&ssl=1\",\"contentUrl\":\"https:\\\/\\\/i0.wp.com\\\/landioustravel.com\\\/wp-content\\\/uploads\\\/2020\\\/11\\\/Egyptian-Museum-Old-Cairo-Trip-e1617540920597.jpg?fit=1200%2C675&ssl=1\",\"width\":1200,\"height\":675,\"caption\":\"Egyptian Museum Old Cairo Trip\"},{\"@type\":\"BreadcrumbList\",\"@id\":\"https:\\\/\\\/landioustravel.com\\\/sv\\\/shop\\\/resa-egyptiska-museet-gamla-kairo\\\/#breadcrumb\",\"itemListElement\":[{\"@type\":\"ListItem\",\"position\":1,\"name\":\"Home\",\"item\":\"https:\\\/\\\/landioustravel.com\\\/sv\\\/\"},{\"@type\":\"ListItem\",\"position\":2,\"name\":\"Tj\u00e4nster &#038; turer\",\"item\":\"https:\\\/\\\/landioustravel.com\\\/sv\\\/\"},{\"@type\":\"ListItem\",\"position\":3,\"name\":\"Resa till egyptiska museet och gamla Kairo i Kairo\"}]},{\"@type\":\"WebSite\",\"@id\":\"https:\\\/\\\/landioustravel.com\\\/sv\\\/#website\",\"url\":\"https:\\\/\\\/landioustravel.com\\\/sv\\\/\",\"name\":\"Landious Travel\",\"description\":\"Excursions, trips and cruises in Egypt\",\"publisher\":{\"@id\":\"https:\\\/\\\/landioustravel.com\\\/sv\\\/#organization\"},\"potentialAction\":[{\"@type\":\"SearchAction\",\"target\":{\"@type\":\"EntryPoint\",\"urlTemplate\":\"https:\\\/\\\/landioustravel.com\\\/sv\\\/?s={search_term_string}\"},\"query-input\":{\"@type\":\"PropertyValueSpecification\",\"valueRequired\":true,\"valueName\":\"search_term_string\"}}],\"inLanguage\":\"sv-SE\"},{\"@type\":[\"Organization\",\"Place\"],\"@id\":\"https:\\\/\\\/landioustravel.com\\\/sv\\\/#organization\",\"name\":\"Landious Travel\",\"alternateName\":\"Landious Travel\",\"url\":\"https:\\\/\\\/landioustravel.com\\\/sv\\\/\",\"logo\":{\"@id\":\"https:\\\/\\\/landioustravel.com\\\/sv\\\/shop\\\/resa-egyptiska-museet-gamla-kairo\\\/#local-main-organization-logo\"},\"image\":{\"@id\":\"https:\\\/\\\/landioustravel.com\\\/sv\\\/shop\\\/resa-egyptiska-museet-gamla-kairo\\\/#local-main-organization-logo\"},\"sameAs\":[\"https:\\\/\\\/web.facebook.com\\\/landiousEgypt\",\"https:\\\/\\\/x.com\\\/LandiousTours\",\"https:\\\/\\\/mastodon.social\\\/@landious\"],\"legalName\":\"Landious Travel\",\"telephone\":[],\"openingHoursSpecification\":[{\"@type\":\"OpeningHoursSpecification\",\"dayOfWeek\":[\"Monday\",\"Tuesday\",\"Wednesday\",\"Thursday\",\"Friday\",\"Saturday\",\"Sunday\"],\"opens\":\"09:00\",\"closes\":\"17:00\"}]},{\"@type\":\"ImageObject\",\"inLanguage\":\"sv-SE\",\"@id\":\"https:\\\/\\\/landioustravel.com\\\/sv\\\/shop\\\/resa-egyptiska-museet-gamla-kairo\\\/#local-main-organization-logo\",\"url\":\"https:\\\/\\\/i0.wp.com\\\/landioustravel.com\\\/wp-content\\\/uploads\\\/2021\\\/06\\\/Landious-T.png?fit=500%2C500&ssl=1\",\"contentUrl\":\"https:\\\/\\\/i0.wp.com\\\/landioustravel.com\\\/wp-content\\\/uploads\\\/2021\\\/06\\\/Landious-T.png?fit=500%2C500&ssl=1\",\"width\":500,\"height\":500,\"caption\":\"Landious Travel\"}]}<\/script>\n<!-- \/ Yoast SEO Premium plugin. -->","yoast_head_json":{"title":"Resa till egyptiska museet och gamla Kairo i Kairo","description":"Resa till egyptiska museet och gamla Kairo i Kairo Denna turn\u00e9 ger m\u00f6jlighet att se m\u00e5nga monument och attraktioner i Kairo. F\u00f6ljaktligen tycker du om att","robots":{"index":"index","follow":"follow","max-snippet":"max-snippet:-1","max-image-preview":"max-image-preview:large","max-video-preview":"max-video-preview:-1"},"canonical":"https:\/\/landioustravel.com\/sv\/shop\/resa-egyptiska-museet-gamla-kairo\/","og_locale":"sv_SE","og_type":"article","og_title":"Resa till egyptiska museet och gamla Kairo i Kairo","og_description":"Landious Travel","og_url":"https:\/\/landioustravel.com\/sv\/shop\/resa-egyptiska-museet-gamla-kairo\/","og_site_name":"Landious Travel","article_publisher":"https:\/\/web.facebook.com\/landiousEgypt","article_modified_time":"2024-09-30T17:14:34+00:00","og_image":[{"width":1200,"height":675,"url":"https:\/\/i0.wp.com\/landioustravel.com\/wp-content\/uploads\/2020\/11\/Egyptian-Museum-Old-Cairo-Trip-e1617540920597.jpg?fit=1200%2C675&ssl=1","type":"image\/jpeg"}],"twitter_card":"summary_large_image","twitter_site":"@LandiousTours","twitter_misc":{"Ber\u00e4knad l\u00e4stid":"2 minuter"},"schema":{"@context":"https:\/\/schema.org","@graph":[{"@type":"WebPage","@id":"https:\/\/landioustravel.com\/sv\/shop\/resa-egyptiska-museet-gamla-kairo\/","url":"https:\/\/landioustravel.com\/sv\/shop\/resa-egyptiska-museet-gamla-kairo\/","name":"Resa till egyptiska museet och gamla Kairo i Kairo","isPartOf":{"@id":"https:\/\/landioustravel.com\/sv\/#website"},"primaryImageOfPage":{"@id":"https:\/\/landioustravel.com\/sv\/shop\/resa-egyptiska-museet-gamla-kairo\/#primaryimage"},"image":{"@id":"https:\/\/landioustravel.com\/sv\/shop\/resa-egyptiska-museet-gamla-kairo\/#primaryimage"},"thumbnailUrl":"https:\/\/i0.wp.com\/landioustravel.com\/wp-content\/uploads\/2020\/11\/Egyptian-Museum-Old-Cairo-Trip-e1617540920597.jpg?fit=1200%2C675&ssl=1","datePublished":"2020-11-05T22:49:47+00:00","dateModified":"2024-09-30T17:14:34+00:00","description":"Resa till egyptiska museet och gamla Kairo i Kairo Denna turn\u00e9 ger m\u00f6jlighet att se m\u00e5nga monument och attraktioner i Kairo. F\u00f6ljaktligen tycker du om att","breadcrumb":{"@id":"https:\/\/landioustravel.com\/sv\/shop\/resa-egyptiska-museet-gamla-kairo\/#breadcrumb"},"inLanguage":"sv-SE","potentialAction":[{"@type":"ReadAction","target":["https:\/\/landioustravel.com\/sv\/shop\/resa-egyptiska-museet-gamla-kairo\/"]}]},{"@type":"ImageObject","inLanguage":"sv-SE","@id":"https:\/\/landioustravel.com\/sv\/shop\/resa-egyptiska-museet-gamla-kairo\/#primaryimage","url":"https:\/\/i0.wp.com\/landioustravel.com\/wp-content\/uploads\/2020\/11\/Egyptian-Museum-Old-Cairo-Trip-e1617540920597.jpg?fit=1200%2C675&ssl=1","contentUrl":"https:\/\/i0.wp.com\/landioustravel.com\/wp-content\/uploads\/2020\/11\/Egyptian-Museum-Old-Cairo-Trip-e1617540920597.jpg?fit=1200%2C675&ssl=1","width":1200,"height":675,"caption":"Egyptian Museum Old Cairo Trip"},{"@type":"BreadcrumbList","@id":"https:\/\/landioustravel.com\/sv\/shop\/resa-egyptiska-museet-gamla-kairo\/#breadcrumb","itemListElement":[{"@type":"ListItem","position":1,"name":"Home","item":"https:\/\/landioustravel.com\/sv\/"},{"@type":"ListItem","position":2,"name":"Tj\u00e4nster &#038; turer","item":"https:\/\/landioustravel.com\/sv\/"},{"@type":"ListItem","position":3,"name":"Resa till egyptiska museet och gamla Kairo i Kairo"}]},{"@type":"WebSite","@id":"https:\/\/landioustravel.com\/sv\/#website","url":"https:\/\/landioustravel.com\/sv\/","name":"Landious Travel","description":"Excursions, trips and cruises in Egypt","publisher":{"@id":"https:\/\/landioustravel.com\/sv\/#organization"},"potentialAction":[{"@type":"SearchAction","target":{"@type":"EntryPoint","urlTemplate":"https:\/\/landioustravel.com\/sv\/?s={search_term_string}"},"query-input":{"@type":"PropertyValueSpecification","valueRequired":true,"valueName":"search_term_string"}}],"inLanguage":"sv-SE"},{"@type":["Organization","Place"],"@id":"https:\/\/landioustravel.com\/sv\/#organization","name":"Landious Travel","alternateName":"Landious Travel","url":"https:\/\/landioustravel.com\/sv\/","logo":{"@id":"https:\/\/landioustravel.com\/sv\/shop\/resa-egyptiska-museet-gamla-kairo\/#local-main-organization-logo"},"image":{"@id":"https:\/\/landioustravel.com\/sv\/shop\/resa-egyptiska-museet-gamla-kairo\/#local-main-organization-logo"},"sameAs":["https:\/\/web.facebook.com\/landiousEgypt","https:\/\/x.com\/LandiousTours","https:\/\/mastodon.social\/@landious"],"legalName":"Landious Travel","telephone":[],"openingHoursSpecification":[{"@type":"OpeningHoursSpecification","dayOfWeek":["Monday","Tuesday","Wednesday","Thursday","Friday","Saturday","Sunday"],"opens":"09:00","closes":"17:00"}]},{"@type":"ImageObject","inLanguage":"sv-SE","@id":"https:\/\/landioustravel.com\/sv\/shop\/resa-egyptiska-museet-gamla-kairo\/#local-main-organization-logo","url":"https:\/\/i0.wp.com\/landioustravel.com\/wp-content\/uploads\/2021\/06\/Landious-T.png?fit=500%2C500&ssl=1","contentUrl":"https:\/\/i0.wp.com\/landioustravel.com\/wp-content\/uploads\/2021\/06\/Landious-T.png?fit=500%2C500&ssl=1","width":500,"height":500,"caption":"Landious Travel"}]}},"jetpack_publicize_connections":[],"uagb_featured_image_src":{"full":["https:\/\/i0.wp.com\/landioustravel.com\/wp-content\/uploads\/2020\/11\/Egyptian-Museum-Old-Cairo-Trip-e1617540920597.jpg?fit=1200%2C675&ssl=1",1200,675,false],"thumbnail":["https:\/\/i0.wp.com\/landioustravel.com\/wp-content\/uploads\/2020\/11\/Egyptian-Museum-Old-Cairo-Trip-e1617540920597.jpg?resize=150%2C150&ssl=1",150,150,true],"medium":["https:\/\/i0.wp.com\/landioustravel.com\/wp-content\/uploads\/2020\/11\/Egyptian-Museum-Old-Cairo-Trip-e1617540920597.jpg?fit=300%2C169&ssl=1",300,169,true],"medium_large":["https:\/\/i0.wp.com\/landioustravel.com\/wp-content\/uploads\/2020\/11\/Egyptian-Museum-Old-Cairo-Trip-e1617540920597.jpg?fit=768%2C432&ssl=1",768,432,true],"large":["https:\/\/i0.wp.com\/landioustravel.com\/wp-content\/uploads\/2020\/11\/Egyptian-Museum-Old-Cairo-Trip-e1617540920597.jpg?fit=980%2C551&ssl=1",980,551,true],"1536x1536":["https:\/\/i0.wp.com\/landioustravel.com\/wp-content\/uploads\/2020\/11\/Egyptian-Museum-Old-Cairo-Trip-e1617540920597.jpg?fit=1536%2C864&ssl=1",1536,864,true],"2048x2048":["https:\/\/i0.wp.com\/landioustravel.com\/wp-content\/uploads\/2020\/11\/Egyptian-Museum-Old-Cairo-Trip-e1617540920597.jpg?fit=2048%2C1152&ssl=1",2048,1152,true],"newspack-article-block-landscape-large":["https:\/\/i0.wp.com\/landioustravel.com\/wp-content\/uploads\/2020\/11\/Egyptian-Museum-Old-Cairo-Trip-e1617540920597.jpg?resize=1200%2C675&ssl=1",1200,900,true],"newspack-article-block-portrait-large":["https:\/\/i0.wp.com\/landioustravel.com\/wp-content\/uploads\/2020\/11\/Egyptian-Museum-Old-Cairo-Trip-e1617540920597.jpg?resize=900%2C675&ssl=1",900,1200,true],"newspack-article-block-square-large":["https:\/\/i0.wp.com\/landioustravel.com\/wp-content\/uploads\/2020\/11\/Egyptian-Museum-Old-Cairo-Trip-e1617540920597.jpg?resize=1200%2C675&ssl=1",1200,1200,true],"newspack-article-block-landscape-medium":["https:\/\/i0.wp.com\/landioustravel.com\/wp-content\/uploads\/2020\/11\/Egyptian-Museum-Old-Cairo-Trip-e1617540920597.jpg?resize=800%2C600&ssl=1",800,600,true],"newspack-article-block-portrait-medium":["https:\/\/i0.wp.com\/landioustravel.com\/wp-content\/uploads\/2020\/11\/Egyptian-Museum-Old-Cairo-Trip-e1617540920597.jpg?resize=600%2C675&ssl=1",600,800,true],"newspack-article-block-square-medium":["https:\/\/i0.wp.com\/landioustravel.com\/wp-content\/uploads\/2020\/11\/Egyptian-Museum-Old-Cairo-Trip-e1617540920597.jpg?resize=800%2C675&ssl=1",800,800,true],"newspack-article-block-landscape-intermediate":["https:\/\/i0.wp.com\/landioustravel.com\/wp-content\/uploads\/2020\/11\/Egyptian-Museum-Old-Cairo-Trip-e1617540920597.jpg?resize=600%2C450&ssl=1",600,450,true],"newspack-article-block-portrait-intermediate":["https:\/\/i0.wp.com\/landioustravel.com\/wp-content\/uploads\/2020\/11\/Egyptian-Museum-Old-Cairo-Trip-e1617540920597.jpg?resize=450%2C600&ssl=1",450,600,true],"newspack-article-block-square-intermediate":["https:\/\/i0.wp.com\/landioustravel.com\/wp-content\/uploads\/2020\/11\/Egyptian-Museum-Old-Cairo-Trip-e1617540920597.jpg?resize=600%2C600&ssl=1",600,600,true],"newspack-article-block-landscape-small":["https:\/\/i0.wp.com\/landioustravel.com\/wp-content\/uploads\/2020\/11\/Egyptian-Museum-Old-Cairo-Trip-e1617540920597.jpg?resize=400%2C300&ssl=1",400,300,true],"newspack-article-block-portrait-small":["https:\/\/i0.wp.com\/landioustravel.com\/wp-content\/uploads\/2020\/11\/Egyptian-Museum-Old-Cairo-Trip-e1617540920597.jpg?resize=300%2C400&ssl=1",300,400,true],"newspack-article-block-square-small":["https:\/\/i0.wp.com\/landioustravel.com\/wp-content\/uploads\/2020\/11\/Egyptian-Museum-Old-Cairo-Trip-e1617540920597.jpg?resize=400%2C400&ssl=1",400,400,true],"newspack-article-block-landscape-tiny":["https:\/\/i0.wp.com\/landioustravel.com\/wp-content\/uploads\/2020\/11\/Egyptian-Museum-Old-Cairo-Trip-e1617540920597.jpg?resize=200%2C150&ssl=1",200,150,true],"newspack-article-block-portrait-tiny":["https:\/\/i0.wp.com\/landioustravel.com\/wp-content\/uploads\/2020\/11\/Egyptian-Museum-Old-Cairo-Trip-e1617540920597.jpg?resize=150%2C200&ssl=1",150,200,true],"newspack-article-block-square-tiny":["https:\/\/i0.wp.com\/landioustravel.com\/wp-content\/uploads\/2020\/11\/Egyptian-Museum-Old-Cairo-Trip-e1617540920597.jpg?resize=200%2C200&ssl=1",200,200,true],"newspack-article-block-uncropped":["https:\/\/i0.wp.com\/landioustravel.com\/wp-content\/uploads\/2020\/11\/Egyptian-Museum-Old-Cairo-Trip-e1617540920597.jpg?fit=1200%2C675&ssl=1",1200,675,true],"woocommerce_thumbnail":["https:\/\/i0.wp.com\/landioustravel.com\/wp-content\/uploads\/2020\/11\/Egyptian-Museum-Old-Cairo-Trip-e1617540920597.jpg?resize=324%2C324&ssl=1",324,324,true],"woocommerce_single":["https:\/\/i0.wp.com\/landioustravel.com\/wp-content\/uploads\/2020\/11\/Egyptian-Museum-Old-Cairo-Trip-e1617540920597.jpg?fit=416%2C234&ssl=1",416,234,true],"woocommerce_gallery_thumbnail":["https:\/\/i0.wp.com\/landioustravel.com\/wp-content\/uploads\/2020\/11\/Egyptian-Museum-Old-Cairo-Trip-e1617540920597.jpg?resize=100%2C100&ssl=1",100,100,true]},"uagb_author_info":{"display_name":"Mofreh Landious","author_link":"https:\/\/landioustravel.com\/sv\/author\/"},"uagb_comment_info":3,"uagb_excerpt":"Ge dig ut p\u00e5 en stadsrundtur i Kairo f\u00f6r att bevittna en m\u00e4ngd historiska landm\u00e4rken och attraktioner. Njut av de antika egyptiska utst\u00e4llningarna p\u00e5 det egyptiska museet och beundra islamiska monument som Saladin-citadellet och Mohamed Ali-mosk\u00e9n. F\u00f6r att inte tala om utforska de kristna och judiska monumenten, inklusive de m\u00e5nga koptiska kyrkorna och synagogorna. Dessutom&hellip;","jetpack_sharing_enabled":true,"jetpack_likes_enabled":true,"amp_enabled":true,"_links":{"self":[{"href":"https:\/\/landioustravel.com\/sv\/wp-json\/wp\/v2\/product\/25711","targetHints":{"allow":["GET"]}}],"collection":[{"href":"https:\/\/landioustravel.com\/sv\/wp-json\/wp\/v2\/product"}],"about":[{"href":"https:\/\/landioustravel.com\/sv\/wp-json\/wp\/v2\/types\/product"}],"replies":[{"embeddable":true,"href":"https:\/\/landioustravel.com\/sv\/wp-json\/wp\/v2\/comments?post=25711"}],"wp:featuredmedia":[{"embeddable":true,"href":"https:\/\/landioustravel.com\/sv\/wp-json\/wp\/v2\/media\/45533"}],"wp:attachment":[{"href":"https:\/\/landioustravel.com\/sv\/wp-json\/wp\/v2\/media?parent=25711"}],"wp:term":[{"taxonomy":"product_brand","embeddable":true,"href":"https:\/\/landioustravel.com\/sv\/wp-json\/wp\/v2\/product_brand?post=25711"},{"taxonomy":"product_cat","embeddable":true,"href":"https:\/\/landioustravel.com\/sv\/wp-json\/wp\/v2\/product_cat?post=25711"},{"taxonomy":"product_tag","embeddable":true,"href":"https:\/\/landioustravel.com\/sv\/wp-json\/wp\/v2\/product_tag?post=25711"}],"curies":[{"name":"wp","href":"https:\/\/api.w.org\/{rel}","templated":true}]}}